{"id":19520,"date":"2025-04-07T06:52:01","date_gmt":"2025-04-07T06:52:01","guid":{"rendered":"https:\/\/www.hydraulic-cylinders.net\/product\/boom-cylinder-for-carter-ct70-8g\/"},"modified":"2025-04-07T06:52:03","modified_gmt":"2025-04-07T06:52:03","slug":"boom-cylinder-for-carter-ct70-8g","status":"publish","type":"product","link":"https:\/\/www.hydraulic-cylinders.net\/hu\/termek\/boom-cylinder-for-carter-ct70-8g\/","title":{"rendered":"G\u00e9mhenger Carter CT70-8G-hez"},"content":{"rendered":"<h1>G\u00e9mhenger Carter CT70-8G-hez<\/h1>\n<h2>A v\u00f6d\u00f6rhenger meg\u00e9rt\u00e9se<\/h2>\n<p>A Carter CT70-8G g\u00e9mhengere egy speci\u00e1lis hidraulikus henger, amelyet neh\u00e9zg\u00e9pek, p\u00e9ld\u00e1ul kotr\u00f3g\u00e9pek, kotr\u00f3rakod\u00f3k \u00e9s homlokrakod\u00f3k kanalainak mozg\u00e1s\u00e1nak vez\u00e9rl\u00e9s\u00e9re terveztek. Ez a hidraulikus alkatr\u00e9sz lehet\u0151v\u00e9 teszi a kan\u00e1l emel\u00e9s\u00e9t, s\u00fcllyeszt\u00e9s\u00e9t \u00e9s billent\u00e9s\u00e9t, megk\u00f6nny\u00edtve az anyagok hat\u00e9kony kezel\u00e9s\u00e9t. A kan\u00e1lhenger kulcsszerepet j\u00e1tszik a hidraulikus rendszerekben, mivel nyom\u00e1s alatti folyad\u00e9kot haszn\u00e1l a prec\u00edz vez\u00e9rl\u00e9s \u00e9s az er\u0151teljes mozg\u00e1sok biztos\u00edt\u00e1s\u00e1hoz, amelyek a k\u00fcl\u00f6nf\u00e9le \u00e9p\u00edt\u00e9si \u00e9s mez\u0151gazdas\u00e1gi feladatokhoz sz\u00fcks\u00e9gesek.<\/p>\n<p><img decoding=\"async\" src=\"https:\/\/www.hydraulic-cylinders.net\/wp-content\/uploads\/2025\/04\/songte-company-1.webp\" alt=\"G\u00e9mhenger k\u00e9pe\"><\/p>\n<h3>F\u0151bb jellemz\u0151k<\/h3>\n<ul>\n<li><strong>Nagy szil\u00e1rds\u00e1g \u00e9s tart\u00f3ss\u00e1g:<\/strong> Nagy szil\u00e1rds\u00e1g\u00fa ac\u00e9lb\u00f3l vagy alum\u00edniumb\u00f3l k\u00e9sz\u00fcltek, ezek a palackok ellen\u00e1llnak a nagy nyom\u00e1snak \u00e9s a nagy terhel\u00e9seknek, alkalmasak zord munkak\u00f6rnyezetre, \u00e9s hossz\u00fa t\u00e1v\u00fa tart\u00f3ss\u00e1got biztos\u00edtanak.<\/li>\n<li><strong>Hat\u00e9kony hidraulikus m\u0171k\u00f6dtet\u00e9s:<\/strong> A henger hidraulikaolaj-nyom\u00e1st haszn\u00e1l a sima kiny\u00fal\u00e1shoz \u00e9s visszah\u00faz\u00e1shoz, gyorsan reag\u00e1l a vez\u00e9rl\u0151parancsokra, \u00e9s nagy nyom\u00f3- \u00e9s h\u00faz\u00f3er\u0151t biztos\u00edt, amely a neh\u00e9z \u00e9s \u00f6sszetett feladatok kezel\u00e9s\u00e9hez sz\u00fcks\u00e9ges.<\/li>\n<li><strong>K\u00fcl\u00f6nb\u00f6z\u0151 t\u00edpusok:<\/strong> Kaphat\u00f3 egyszeres m\u0171k\u00f6d\u00e9s\u0171 (egy ir\u00e1nyban m\u0171k\u00f6dik) \u00e9s kett\u0151s m\u0171k\u00f6d\u00e9s\u0171 (mindk\u00e9t ir\u00e1nyban m\u0171k\u00f6dik) opci\u00f3ban, \u00edgy az \u00fczemeltet\u00e9si ig\u00e9nyek alapj\u00e1n testreszabhat\u00f3, egyes modellek teleszk\u00f3pos kialak\u00edt\u00e1s\u00faak, \u00edgy nagyobb el\u00e9r\u00e9st biztos\u00edtanak korl\u00e1tozott helyeken.<\/li>\n<\/ul>\n<p>Ezt a term\u00e9ket mi gy\u00e1rtjuk, \u00e9s hengereink t\u00f6k\u00e9letesen helyettes\u00edthetik a k\u00fcl\u00f6nf\u00e9le hidraulikus hengereket.<\/p>\n<p><img decoding=\"async\" src=\"https:\/\/www.hydraulic-cylinders.net\/wp-content\/uploads\/2025\/04\/songte-cylinder-head-with-all-kinds-excavator-models.webp\" alt=\"Hidraulikus henger csere\"><\/p>\n<h2>A g\u00e9mhenger alkalmaz\u00e1sai<\/h2>\n<h3>\u00c9p\u00edt\u0151ipari berendez\u00e9sek<\/h3>\n<p>A kotr\u00f3g\u00e9pekben a g\u00e9mhengerek elengedhetetlenek az \u00e1s\u00e1shoz, a rakod\u00e1shoz \u00e9s a f\u00f6ld vagy t\u00f6rmel\u00e9k mozgat\u00e1s\u00e1hoz. L\u00e9tfontoss\u00e1g\u00fa szerepet j\u00e1tszanak mind a f\u00f6ldmunk\u00e1ban, mind a kotr\u00f3g\u00e9pek emel\u00e9s\u00e9ben, biztos\u00edtva a z\u00f6kken\u0151mentes m\u0171k\u00f6d\u00e9si hat\u00e9konys\u00e1got.<\/p>\n<h3>Mez\u0151gazdas\u00e1gi g\u00e9pek<\/h3>\n<p>A homlokrakod\u00f3kban haszn\u00e1lt g\u00e9mhengerek kulcsfontoss\u00e1g\u00faak a talaj, sz\u00e9na \u00e9s egy\u00e9b anyagok \u00e1s\u00e1s\u00e1hoz, emel\u00e9s\u00e9hez \u00e9s sz\u00e1ll\u00edt\u00e1s\u00e1hoz. Ezek biztos\u00edtj\u00e1k a sz\u00fcks\u00e9ges er\u0151t a k\u00fcl\u00f6nf\u00e9le mez\u0151gazdas\u00e1gi feladatok hat\u00e9kony elv\u00e9gz\u00e9s\u00e9hez.<\/p>\n<h3>Kotr\u00f3g\u00e9pek<\/h3>\n<p>A g\u00e9mhengerek lehet\u0151v\u00e9 teszik, hogy a kan\u00e1l a f\u00f6ldmunk\u00e1k sor\u00e1n behatoljon a talajba, \u00edgy a kezel\u0151k m\u00e9lyebbre \u00e9s hat\u00e9konyabban \u00e1shatnak, ami elengedhetetlen az \u00e9p\u00edtkez\u00e9shez \u00e9s a terep el\u0151k\u00e9sz\u00edt\u00e9s\u00e9hez.<\/p>\n<h3>Rakod\u00f3k<\/h3>\n<p>Homlokrakod\u00f3kn\u00e1l ezek a munkahengerek seg\u00edtik a rakom\u00e1nyok emel\u00e9s\u00e9t \u00e9s \u00fcr\u00edt\u00e9s\u00e9t, optimaliz\u00e1lj\u00e1k az anyagmozgat\u00e1st \u00e9s jav\u00edtj\u00e1k a termel\u00e9kenys\u00e9get a munkater\u00fcleteken.<\/p>\n<h2>Tervez\u00e9si szempontok \u00e9s kiv\u00e1laszt\u00e1si krit\u00e9riumok<\/h2>\n<h3>Teherb\u00edr\u00e1s<\/h3>\n<p>G\u00e9mhenger kiv\u00e1laszt\u00e1sakor kritikus fontoss\u00e1g\u00fa a teherb\u00edr\u00e1sa, amely meghat\u00e1rozza, hogy a henger mekkora s\u00falyt k\u00e9pes biztons\u00e1gosan kezelni. A megfelel\u0151en m\u00e9retezett henger biztos\u00edtja az \u00fczembiztons\u00e1got \u00e9s a hat\u00e9konys\u00e1got, megakad\u00e1lyozva a meghib\u00e1sod\u00e1sokat nagy terhel\u00e9s\u0171 m\u0171veletek sor\u00e1n.<\/p>\n<h3>T\u00f6m\u00edt\u00e9s<\/h3>\n<p>A t\u00f6m\u00edt\u00e9s egy m\u00e1sik kulcsfontoss\u00e1g\u00fa szempont, mivel a kiv\u00e1l\u00f3 min\u0151s\u00e9g\u0171 t\u00f6m\u00edt\u00e9sek megakad\u00e1lyozz\u00e1k a folyad\u00e9k sziv\u00e1rg\u00e1s\u00e1t \u00e9s szennyez\u0151d\u00e9s\u00e9t, biztos\u00edtva a hidraulikus rendszer hossz\u00fa \u00e9lettartam\u00e1t \u00e9s megb\u00edzhat\u00f3s\u00e1g\u00e1t. A t\u00f6m\u00edt\u00e9sek anyagainak megv\u00e1laszt\u00e1sa befoly\u00e1solja a teljes\u00edtm\u00e9nyt, k\u00fcl\u00f6n\u00f6sen ig\u00e9nyes k\u00f6rnyezetben.<\/p>\n<h3>Tart\u00f3ss\u00e1g<\/h3>\n<p>A tart\u00f3ss\u00e1g elengedhetetlen a kih\u00edv\u00e1st jelent\u0151 k\u00f6r\u00fclm\u00e9nyek k\u00f6z\u00f6tt m\u0171k\u00f6d\u0151 hidraulikus hengerek eset\u00e9ben. Figyelembe kell venni olyan t\u00e9nyez\u0151ket, mint a kop\u00e1s\u00e1ll\u00f3s\u00e1g \u00e9s a korr\u00f3zi\u00f3\u00e1ll\u00f3s\u00e1g, mivel ezek az elemek k\u00f6zvetlen\u00fcl befoly\u00e1solj\u00e1k a henger \u00e9lettartam\u00e1t \u00e9s teljes\u00edtm\u00e9ny\u00e9t.<\/p>\n<h3>Biztons\u00e1g<\/h3>\n<p>A biztons\u00e1gi funkci\u00f3k, mint p\u00e9ld\u00e1ul a nyom\u00e1scs\u00f6kkent\u0151 szelepek \u00e9s a robusztus konstrukci\u00f3 elengedhetetlenek a balesetek \u00e9s s\u00e9r\u00fcl\u00e9sek megel\u0151z\u00e9s\u00e9hez \u00fczem k\u00f6zben. Minden hidraulikus rendszer eset\u00e9ben elengedhetetlen biztos\u00edtani, hogy ezek a funkci\u00f3k meglegyenek \u00e9s m\u0171k\u00f6djenek.<\/p>\n<h3>Karbantart\u00e1s<\/h3>\n<p>A k\u00f6nny\u0171 karbantart\u00e1s egy m\u00e1sik kritikus t\u00e9nyez\u0151. Az olyan hengerek kiv\u00e1laszt\u00e1sa, amelyek lehet\u0151v\u00e9 teszik az egyszer\u0171 ellen\u0151rz\u00e9st, ken\u00e9st \u00e9s alkatr\u00e9szcser\u00e9t, cs\u00f6kkenti az \u00e1ll\u00e1sid\u0151t \u00e9s a karbantart\u00e1si k\u00f6lts\u00e9geket, n\u00f6velve az \u00f6ssztermel\u00e9kenys\u00e9get.<\/p>\n<p><img decoding=\"async\" src=\"https:\/\/www.hydraulic-cylinders.net\/wp-content\/uploads\/2025\/04\/songte-oil-pipes-and-spare-parts.webp\" alt=\"Olajcs\u00f6vek \u00e9s alkatr\u00e9szek\"><\/p>\n<h2>T\u00f6m\u00edt\u00e9s \u00e9s ken\u00e9s<\/h2>\n<p>A megfelel\u0151 t\u00f6m\u00edt\u00e9s \u00e9s ken\u00e9s elengedhetetlen a hidraulikus hengerek hossz\u00fa \u00e9lettartam\u00e1hoz \u00e9s hat\u00e9konys\u00e1g\u00e1hoz. K\u00fcl\u00f6nb\u00f6z\u0151 t\u00f6m\u00edt\u00e9seket, p\u00e9ld\u00e1ul dugatty\u00fat\u00f6m\u00edt\u00e9seket \u00e9s r\u00fadt\u00f6m\u00edt\u00e9seket haszn\u00e1lnak a folyad\u00e9k integrit\u00e1s\u00e1nak meg\u0151rz\u00e9s\u00e9re. A tart\u00f3s anyagokb\u00f3l, p\u00e9ld\u00e1ul poliuret\u00e1nb\u00f3l \u00e9s nitrilgumib\u00f3l k\u00e9sz\u00fclt t\u00f6m\u00edt\u00e9sek fokozz\u00e1k a kop\u00e1s\u00e1ll\u00f3s\u00e1got. Ezenk\u00edv\u00fcl a hengertest \u00e9s a menetes v\u00e9gek apr\u00f3l\u00e9kos megmunk\u00e1l\u00e1son esnek \u00e1t a kop\u00e1s\u00e1ll\u00f3s\u00e1g n\u00f6vel\u00e9se \u00e9rdek\u00e9ben. A rendszeres hidraulikaolajjal t\u00f6rt\u00e9n\u0151 ken\u00e9s sz\u00fcks\u00e9ges a z\u00f6kken\u0151mentes m\u0171k\u00f6d\u00e9s biztos\u00edt\u00e1s\u00e1hoz \u00e9s a kop\u00e1s megel\u0151z\u00e9s\u00e9hez.<\/p>\n<h2>Megel\u0151z\u0151 karbantart\u00e1si int\u00e9zked\u00e9sek<\/h2>\n<ul>\n<li>Rendszeresen ellen\u0151rizze a hidraulikus vezet\u00e9keket \u00e9s csatlakoz\u00e1sokat sziv\u00e1rg\u00e1s szempontj\u00e1b\u00f3l.<\/li>\n<li>Gy\u0151z\u0151dj\u00f6n meg arr\u00f3l, hogy a t\u00f6m\u00edt\u00e9sek j\u00f3 \u00e1llapotban vannak, \u00e9s sz\u00fcks\u00e9g szerint cser\u00e9lje ki \u0151ket.<\/li>\n<li>Figyelje a hidraulikafolyad\u00e9k szintj\u00e9t \u00e9s min\u0151s\u00e9g\u00e9t; sz\u00fcks\u00e9g szerint t\u00f6ltse fel vagy cser\u00e9lje ki.<\/li>\n<\/ul>\n<h2>Telep\u00edt\u00e9si \u00fatmutat\u00f3<\/h2>\n<p>A g\u00e9mhenger beszerel\u00e9se prec\u00edz munk\u00e1t ig\u00e9nyel az optim\u00e1lis teljes\u00edtm\u00e9ny biztos\u00edt\u00e1sa \u00e9rdek\u00e9ben. El\u0151sz\u00f6r is gy\u0151z\u0151dj\u00f6n meg arr\u00f3l, hogy a munkater\u00fclet szabad, \u00e9s a sz\u00fcks\u00e9ges szersz\u00e1mok rendelkez\u00e9sre \u00e1llnak. Igaz\u00edtsa a hengert a r\u00f6gz\u00edt\u0151konzolokhoz, \u00fcgyelve arra, hogy minden csavar \u00e9s szerelv\u00e9ny megfelel\u0151en legyen elhelyezve. Haszn\u00e1lja a megfelel\u0151 r\u00f6gz\u00edt\u0151konzolokat a henger szil\u00e1rd r\u00f6gz\u00edt\u00e9s\u00e9hez. A telep\u00edt\u00e9s ut\u00e1n ellen\u0151rizze az igaz\u00edt\u00e1st \u00e9s a m\u0171k\u00f6d\u00e9st, miel\u0151tt elind\u00edtan\u00e1 a berendez\u00e9st. A telep\u00edt\u00e9s ut\u00e1ni rendszeres ellen\u0151rz\u00e9sek seg\u00edtenek a probl\u00e9m\u00e1k korai azonos\u00edt\u00e1s\u00e1ban.<\/p>\n<h2>Gyakori karbantart\u00e1si feladatok<\/h2>\n<h3>Rendszeres ellen\u0151rz\u00e9sek<\/h3>\n<p>A rendszeres ellen\u0151rz\u00e9sek elv\u00e9gz\u00e9se elengedhetetlen a potenci\u00e1lis probl\u00e9m\u00e1k azonos\u00edt\u00e1s\u00e1hoz, miel\u0151tt azok s\u00falyosbodn\u00e1nak. Ellen\u0151rizze a kop\u00e1s, sziv\u00e1rg\u00e1s vagy s\u00e9r\u00fcl\u00e9s jeleit, amelyek k\u00e1ros\u00edthatj\u00e1k a m\u0171k\u00f6d\u00e9st. Az ellen\u0151rz\u00e9sek \u00fctemterv\u00e9nek betart\u00e1sa proakt\u00edv karbantart\u00e1shoz vezethet, minimaliz\u00e1lva a v\u00e1ratlan \u00e1ll\u00e1sid\u0151t.<\/p>\n<h3>Megfelel\u0151 ken\u00e9s<\/h3>\n<p>A megfelel\u0151 ken\u00e9s elengedhetetlen a hidraulikus henger z\u00f6kken\u0151mentes m\u0171k\u00f6d\u00e9s\u00e9hez. Gy\u0151z\u0151dj\u00f6n meg arr\u00f3l, hogy a hidraulikaolaj szintje az aj\u00e1nlott, \u00e9s alkalmazza azt k\u00f6vetkezetesen, hogy elker\u00fclje a mozg\u00f3 alkatr\u00e9szek k\u00f6z\u00f6tti s\u00farl\u00f3d\u00e1st \u00e9s kop\u00e1st. A rendszeres ken\u00e9si rutin bevezet\u00e9se meghosszabb\u00edtja a henger \u00e9lettartam\u00e1t.<\/p>\n<h3>T\u00f6m\u00edt\u00e9s csere<\/h3>\n<p>A t\u00f6m\u00edt\u00e9sek cser\u00e9je kritikus fontoss\u00e1g\u00fa a rendszer integrit\u00e1s\u00e1nak meg\u0151rz\u00e9se \u00e9rdek\u00e9ben. Az id\u0151 m\u00fal\u00e1s\u00e1val elkop\u00f3 t\u00f6m\u00edt\u00e9sek sziv\u00e1rg\u00e1sokhoz \u00e9s a teljes\u00edtm\u00e9ny cs\u00f6kken\u00e9s\u00e9hez vezethetnek. A t\u00f6m\u00edt\u00e9sek rendszeres cser\u00e9je seg\u00edt fenntartani az optim\u00e1lis m\u0171k\u00f6d\u00e9st \u00e9s megel\u0151zni a hidraulikafolyad\u00e9k-vesztes\u00e9get.<\/p>\n<p><img decoding=\"async\" src=\"https:\/\/www.hydraulic-cylinders.net\/wp-content\/uploads\/2025\/04\/songte-chushion-collar.webp\" alt=\"P\u00e1rnagall\u00e9r k\u00e9p\"><\/p>\n<h2>Biztons\u00e1gi szempontok \u00e9s k\u00f6rnyezeti t\u00e9nyez\u0151k<\/h2>\n<p>A biztons\u00e1gi int\u00e9zked\u00e9sek kiemelked\u0151en fontosak a hidraulikus rendszerekkel v\u00e9gzett munka sor\u00e1n. Mindig k\u00f6vesse a gy\u00e1rt\u00f3 ir\u00e1nyelveit, \u00e9s haszn\u00e1ljon biztons\u00e1gi felszerel\u00e9st a balesetek megel\u0151z\u00e9se \u00e9rdek\u00e9ben. Ezenk\u00edv\u00fcl vegye figyelembe a hidraulikafolyad\u00e9kok k\u00f6rnyezeti hat\u00e1s\u00e1t, \u00e9s alkalmazzon olyan \u00fajrahasznos\u00edt\u00e1si \u00e9s \u00e1rtalmatlan\u00edt\u00e1si m\u00f3dszereket, amelyek minimaliz\u00e1lj\u00e1k a k\u00f6rnyezetre gyakorolt \u200b\u200b\u200b\u200bk\u00e1rt.<\/p>\n<h2>Gyakori probl\u00e9m\u00e1k elh\u00e1r\u00edt\u00e1sa<\/h2>\n<ul>\n<li><strong>Sziv\u00e1rg\u00e1s:<\/strong> Ellen\u0151rizze a t\u00f6m\u00edt\u00e9sek \u00e9s szerelv\u00e9nyek s\u00e9r\u00fcl\u00e9s\u00e9t; sz\u00fcks\u00e9g eset\u00e9n cser\u00e9lje ki.<\/li>\n<li><strong>Nem reag\u00e1l\u00f3 m\u0171k\u00f6d\u00e9s:<\/strong> Gy\u0151z\u0151dj\u00f6n meg arr\u00f3l, hogy a hidraulikafolyad\u00e9k szintje megfelel\u0151, \u00e9s ellen\u0151rizze, hogy nincs-e elt\u00f6m\u0151d\u00e9s a rendszerben.<\/li>\n<li><strong>T\u00falzott zaj:<\/strong> Ellen\u0151rizze, hogy nincs-e leveg\u0151 a rendszerben vagy nincsenek-e kopott alkatr\u00e9szek; l\u00e9gtelen\u00edtse a rendszert, \u00e9s sz\u00fcks\u00e9g szerint cser\u00e9lje ki a s\u00e9r\u00fclt alkatr\u00e9szeket.<\/li>\n<\/ul>\n<h2>Hibaelh\u00e1r\u00edt\u00e1si tippek<\/h2>\n<p>A hat\u00e9kony hibaelh\u00e1r\u00edt\u00e1s mag\u00e1ban foglalja a hidraulikus rendszer szisztematikus ellen\u0151rz\u00e9s\u00e9t. Kezdje a szokatlan t\u00fcnetek azonos\u00edt\u00e1s\u00e1val \u00e9s a lehets\u00e9ges okok nyomon k\u00f6vet\u00e9s\u00e9vel. V\u00e9gezzen megel\u0151z\u0151 int\u00e9zked\u00e9seket, p\u00e9ld\u00e1ul rendszeres karbantart\u00e1st \u00e9s ellen\u0151rz\u00e9seket a gyakori probl\u00e9m\u00e1k enyh\u00edt\u00e9se \u00e9rdek\u00e9ben, biztos\u00edtva a hossz\u00fa t\u00e1v\u00fa megb\u00edzhat\u00f3s\u00e1got \u00e9s hat\u00e9konys\u00e1got.<\/p>\n<p><img decoding=\"async\" src=\"https:\/\/www.hydraulic-cylinders.net\/wp-content\/uploads\/2025\/04\/songte-bushings-with-all-kinds-of-excavator-models.webp\" alt=\"Perselyek k\u00e9pe\"><\/p>\n<h2>C\u00e9g\u00fcnkr\u0151l<\/h2>\n<p>A hidraulikus munkahengerek vezet\u0151 gy\u00e1rt\u00f3jak\u00e9nt \u00e1tfog\u00f3 term\u00e9kv\u00e1laszt\u00e9kot k\u00edn\u00e1lunk a hazai \u00e9s a nemzetk\u00f6zi piacokon. Elk\u00f6telezetts\u00e9g\u00fcnk a kiv\u00e1l\u00f3s\u00e1g ir\u00e1nt kifinomult gy\u00e1rt\u00e1si strat\u00e9gi\u00e1inkban, valamint a fejlett digit\u00e1lis gy\u00e1rt\u00f3berendez\u00e9sek \u00e9s professzion\u00e1lis tesztel\u0151rendszerek haszn\u00e1lat\u00e1ban mutatkozik meg. A min\u0151s\u00e9gre helyezett hangs\u00falyt fektetve term\u00e9keinket \u00fagy tervezz\u00fck, hogy hat\u00e9konyan kiel\u00e9g\u00edts\u00e9k \u00fcgyfeleink v\u00e1ltozatos ig\u00e9nyeit.<\/p>\n<h3>Szak\u00e9rtelem<\/h3>\n<p>Our team&#8217;s expertise in designing and producing hydraulic cylinders ensures high standards and performance reliability.<\/p>\n<h3>Nemzetk\u00f6zi tan\u00fas\u00edtv\u00e1nyok<\/h3>\n<p>Betartjuk a nemzetk\u00f6zi szabv\u00e1nyokat, \u00edgy biztos\u00edtva, hogy term\u00e9keink megfeleljenek a szigor\u00fa min\u0151s\u00e9gi \u00e9s biztons\u00e1gi k\u00f6vetelm\u00e9nyeknek.<\/p>\n<h3>Egyedi szolg\u00e1ltat\u00e1sok<\/h3>\n<p>Testreszabott megold\u00e1sokat k\u00edn\u00e1lunk, amelyek megfelelnek az \u00fcgyfelek speci\u00e1lis ig\u00e9nyeinek, n\u00f6velve az alkalmaz\u00e1sok rugalmass\u00e1g\u00e1t.<\/p>\n<h3>Korszer\u0171 gy\u00e1rt\u00f3berendez\u00e9sek<\/h3>\n<p>Korszer\u0171 gy\u00e1rt\u00f3\u00fczemeink lehet\u0151v\u00e9 teszik a prec\u00edzi\u00f3s gy\u00e1rt\u00e1st \u00e9s a min\u0151s\u00e9gbiztos\u00edt\u00e1st.<\/p>\n<h3>\u00c9rt\u00e9kes\u00edt\u00e9s ut\u00e1ni t\u00e1mogat\u00e1s<\/h3>\n<p>\u00c1tfog\u00f3 \u00e9rt\u00e9kes\u00edt\u00e9s ut\u00e1ni t\u00e1mogat\u00e1st ny\u00fajtunk az \u00fcgyfelek el\u00e9gedetts\u00e9g\u00e9nek \u00e9s term\u00e9keink megb\u00edzhat\u00f3s\u00e1g\u00e1nak biztos\u00edt\u00e1sa \u00e9rdek\u00e9ben.<\/p>\n<p><img decoding=\"async\" src=\"https:\/\/www.hydraulic-cylinders.net\/wp-content\/uploads\/2025\/04\/songte-company-4.webp\" alt=\"C\u00e9ges im\u00e1zs\"><br \/>\n<img decoding=\"async\" src=\"https:\/\/www.hydraulic-cylinders.net\/wp-content\/uploads\/2025\/04\/songte-company-3.webp\" alt=\"C\u00e9ges im\u00e1zs\"><\/p>\n<p>Szerz\u0151: lyl<\/p>","protected":false},"excerpt":{"rendered":"<p>Boom Cylinder For Carter CT70-8G Understanding the Bucket Cylinder The Boom Cylinder for Carter CT70-8G is a specialized hydraulic cylinder designed to control the movement of buckets in heavy machinery such as excavators, backhoe loaders, and front loaders. This hydraulic component allows the bucket to lift, lower, and tilt, facilitating the efficient handling of materials. [&hellip;]<\/p>","protected":false},"featured_media":17873,"comment_status":"open","ping_status":"closed","template":"","meta":{"_et_pb_use_builder":"","_et_pb_old_content":"","_et_gb_content_width":""},"product_brand":[],"product_cat":[1546],"product_tag":[1547,1496],"class_list":{"0":"post-19520","1":"product","2":"type-product","3":"status-publish","4":"has-post-thumbnail","6":"product_cat-boom-cylinders","7":"product_tag-boom-cylinders","8":"product_tag-hydraulic-cylinders","10":"first","11":"instock","12":"shipping-taxable","13":"product-type-simple"},"amp_enabled":true,"_links":{"self":[{"href":"https:\/\/www.hydraulic-cylinders.net\/hu\/wp-json\/wp\/v2\/product\/19520","targetHints":{"allow":["GET"]}}],"collection":[{"href":"https:\/\/www.hydraulic-cylinders.net\/hu\/wp-json\/wp\/v2\/product"}],"about":[{"href":"https:\/\/www.hydraulic-cylinders.net\/hu\/wp-json\/wp\/v2\/types\/product"}],"replies":[{"embeddable":true,"href":"https:\/\/www.hydraulic-cylinders.net\/hu\/wp-json\/wp\/v2\/comments?post=19520"}],"wp:featuredmedia":[{"embeddable":true,"href":"https:\/\/www.hydraulic-cylinders.net\/hu\/wp-json\/wp\/v2\/media\/17873"}],"wp:attachment":[{"href":"https:\/\/www.hydraulic-cylinders.net\/hu\/wp-json\/wp\/v2\/media?parent=19520"}],"wp:term":[{"taxonomy":"product_brand","embeddable":true,"href":"https:\/\/www.hydraulic-cylinders.net\/hu\/wp-json\/wp\/v2\/product_brand?post=19520"},{"taxonomy":"product_cat","embeddable":true,"href":"https:\/\/www.hydraulic-cylinders.net\/hu\/wp-json\/wp\/v2\/product_cat?post=19520"},{"taxonomy":"product_tag","embeddable":true,"href":"https:\/\/www.hydraulic-cylinders.net\/hu\/wp-json\/wp\/v2\/product_tag?post=19520"}],"curies":[{"name":"munkaf\u00fczet","href":"https:\/\/api.w.org\/{rel}","templated":true}]}}