{"id":19522,"date":"2025-04-07T06:52:25","date_gmt":"2025-04-07T06:52:25","guid":{"rendered":"https:\/\/www.hydraulic-cylinders.net\/product\/boom-cylinder-for-carter-ct240-8c\/"},"modified":"2025-04-07T06:52:28","modified_gmt":"2025-04-07T06:52:28","slug":"boom-cylinder-for-carter-ct240-8c","status":"publish","type":"product","link":"https:\/\/www.hydraulic-cylinders.net\/hu\/termek\/boom-cylinder-for-carter-ct240-8c\/","title":{"rendered":"G\u00e9mhenger Carter CT240-8C-hez"},"content":{"rendered":"<h1>G\u00e9mhenger Carter CT240-8C-hez<\/h1>\n<h2>Bevezet\u00e9s a g\u00e9mhengerekbe<\/h2>\n<p>A g\u00e9mhenger, k\u00fcl\u00f6n\u00f6sen a Carter CT240-8C eset\u00e9ben, egy alapvet\u0151 hidraulikus alkatr\u00e9sz, amelyet a kanalak mozg\u00e1s\u00e1nak vez\u00e9rl\u00e9s\u00e9re terveztek k\u00fcl\u00f6nf\u00e9le neh\u00e9zg\u00e9pekben, bele\u00e9rtve a kotr\u00f3g\u00e9peket, kotr\u00f3rakod\u00f3kat \u00e9s homlokrakod\u00f3kat. Ez a hidraulikus henger lehet\u0151v\u00e9 teszi a kan\u00e1l emel\u00e9s\u00e9t, s\u00fcllyeszt\u00e9s\u00e9t \u00e9s billent\u00e9s\u00e9t, ez\u00e1ltal hat\u00e9konyan megk\u00f6nny\u00edtve az anyagmozgat\u00e1si feladatokat. A g\u00e9mhengerek kulcsfontoss\u00e1g\u00faak ezen g\u00e9pek m\u0171k\u00f6d\u00e9si k\u00e9pess\u00e9geinek jav\u00edt\u00e1s\u00e1ban, lehet\u0151v\u00e9 t\u00e9ve sz\u00e1mukra az \u00f6sszetett feladatok k\u00f6nny\u0171 elv\u00e9gz\u00e9s\u00e9t.<\/p>\n<p><img decoding=\"async\" src=\"https:\/\/www.hydraulic-cylinders.net\/wp-content\/uploads\/2025\/04\/songte-company-1.webp\" alt=\"G\u00e9mhenger k\u00e9pe\" \/><\/p>\n<h3>Funkci\u00f3 \u00e9s alkalmaz\u00e1sok<\/h3>\n<p>A g\u00e9mhenger, mint egyfajta hidraulikus henger, l\u00e9tfontoss\u00e1g\u00fa szerepet j\u00e1tszik a hidraulikus rendszerekben. Els\u0151sorban a hidraulikus energia mechanikai energi\u00e1v\u00e1 alak\u00edt\u00e1s\u00e1\u00e9rt felel\u0151s, lehet\u0151v\u00e9 t\u00e9ve a neh\u00e9zg\u00e9pek hat\u00e9kony mozg\u00e1s\u00e1t. A g\u00e9mhengerek alkalmaz\u00e1sa sz\u00e1mos \u00e1gazatban elterjedt, bele\u00e9rtve az \u00e9p\u00edt\u0151ipar \u00e9s a mez\u0151gazdas\u00e1got is. Kulcsfontoss\u00e1g\u00faak olyan feladatokban, mint a f\u00f6ldmunka, a rakod\u00e1s \u00e9s az anyagsz\u00e1ll\u00edt\u00e1s. A jelent\u0151s s\u00faly elvisel\u00e9s\u00e9re \u00e9s a prec\u00edz mozg\u00e1sok biztos\u00edt\u00e1s\u00e1ra val\u00f3 k\u00e9pess\u00e9g\u00fcknek k\u00f6sz\u00f6nhet\u0151en a g\u00e9mhengerek n\u00e9lk\u00fcl\u00f6zhetetlenek a modern g\u00e9pekben.<\/p>\n<h2>A g\u00e9mhenger jellemz\u0151i<\/h2>\n<ul>\n<li><strong>Nagy szil\u00e1rds\u00e1g \u00e9s tart\u00f3ss\u00e1g:<\/strong> Nagy szil\u00e1rds\u00e1g\u00fa ac\u00e9lb\u00f3l vagy alum\u00edniumb\u00f3l k\u00e9sz\u00fcltek, ezek a palackok ellen\u00e1llnak a nagy nyom\u00e1snak \u00e9s a nagy terhel\u00e9seknek, \u00edgy alkalmasak a zord munkak\u00f6rnyezetre.<\/li>\n<li><strong>Hat\u00e9kony hidraulikus m\u0171k\u00f6dtet\u00e9s:<\/strong> A hidraulikaolaj nyom\u00e1s\u00e1nak kihaszn\u00e1l\u00e1sa lehet\u0151v\u00e9 teszi a sima kiny\u00fajt\u00e1st \u00e9s visszah\u00faz\u00e1st, \u00edgy nagy h\u00faz\u00f3-nyom\u00f3 er\u0151t biztos\u00edt, ami ide\u00e1lis neh\u00e9z \u00e9s \u00f6sszetett feladatokhoz.<\/li>\n<li><strong>K\u00fcl\u00f6nb\u00f6z\u0151 t\u00edpusok:<\/strong> Egyszeres vagy kett\u0151s m\u0171k\u00f6d\u00e9s\u0171 kivitelben kaphat\u00f3 a k\u00fcl\u00f6nb\u00f6z\u0151 m\u0171k\u00f6d\u00e9si ig\u00e9nyek kiel\u00e9g\u00edt\u00e9s\u00e9re, egyes modellek teleszk\u00f3pos opci\u00f3kat is k\u00edn\u00e1lnak a nagyobb hat\u00f3t\u00e1vols\u00e1g \u00e9rdek\u00e9ben a k\u00fcls\u0151 m\u00e9retek n\u00f6vel\u00e9se n\u00e9lk\u00fcl.<\/li>\n<li><strong>Karbantart\u00e1sbar\u00e1t kialak\u00edt\u00e1s:<\/strong> \u00dagy tervezt\u00e9k, hogy k\u00f6nnyen hozz\u00e1f\u00e9rhet\u0151ek legyenek az alkatr\u00e9szek, \u00edgy megk\u00f6nny\u00edtve a rendszeres karbantart\u00e1st \u00e9s szervizel\u00e9st.<\/li>\n<li><strong>Korr\u00f3zi\u00f3\u00e1ll\u00f3s\u00e1g:<\/strong> Sok g\u00e9mhengert rozsda- \u00e9s korr\u00f3zi\u00f3\u00e1ll\u00f3s\u00e1ggal kezelnek, biztos\u00edtva a hossz\u00fa \u00e9lettartamot \u00e9s a megb\u00edzhat\u00f3s\u00e1got k\u00fcl\u00f6nf\u00e9le k\u00f6r\u00fclm\u00e9nyek k\u00f6z\u00f6tt.<\/li>\n<\/ul>\n<p>Mi gy\u00e1rtjuk ezt a term\u00e9ket, \u00e9s k\u00edn\u00e1latunk t\u00f6k\u00e9letesen helyettes\u00edtheti ezeket a hidraulikus hengereket.<\/p>\n<p><img decoding=\"async\" src=\"https:\/\/www.hydraulic-cylinders.net\/wp-content\/uploads\/2025\/04\/songte-cylinder-head-with-all-kinds-excavator-models.webp\" alt=\"Hidraulikus henger csere\" \/><\/p>\n<h2>A g\u00e9mhengerek alkalmaz\u00e1si forgat\u00f3k\u00f6nyvei<\/h2>\n<h3>\u00c9p\u00edt\u0151ipari berendez\u00e9sek<\/h3>\n<p>A kotr\u00f3g\u00e9pekben a g\u00e9mhengerek elengedhetetlenek az \u00e1s\u00e1shoz, a rakod\u00e1shoz \u00e9s a f\u00f6ld vagy t\u00f6rmel\u00e9k mozgat\u00e1s\u00e1hoz. Mechanikus emel\u0151erej\u00fck lehet\u0151v\u00e9 teszi a kezel\u0151k sz\u00e1m\u00e1ra, hogy hat\u00e9konyan \u00e1ssanak \u00e9s anyagokat sz\u00e1ll\u00edtsanak a k\u00edv\u00e1nt helyekre. A kotr\u00f3g\u00e9p-rakod\u00f3kban ezek a hengerek mind a f\u00f6ldmunk\u00e1k, mind az emel\u00e9si feladatok sor\u00e1n seg\u00edtenek, n\u00f6velve a termel\u00e9kenys\u00e9get az \u00e9p\u00edtkez\u00e9seken.<\/p>\n<h3>Mez\u0151gazdas\u00e1gi g\u00e9pek<\/h3>\n<p>A homlokrakod\u00f3kban a g\u00e9mhengerek kulcsfontoss\u00e1g\u00faak a talaj, sz\u00e9na \u00e9s egy\u00e9b anyagok \u00e1s\u00e1s\u00e1hoz, emel\u00e9s\u00e9hez \u00e9s sz\u00e1ll\u00edt\u00e1s\u00e1hoz. A neh\u00e9z terhek alatti m\u0171k\u00f6d\u00e9si k\u00e9pess\u00e9g\u00fck ide\u00e1liss\u00e1 teszi \u0151ket az \u00f6mlesztett anyagok hat\u00e9kony mozgat\u00e1s\u00e1t ig\u00e9nyl\u0151 mez\u0151gazdas\u00e1gi m\u0171veletekhez.<\/p>\n<h3>Kotr\u00f3g\u00e9pek<\/h3>\n<p>A kotr\u00f3g\u00e9pek g\u00e9mhengereket haszn\u00e1lnak a talaj hat\u00e9kony behatol\u00e1s\u00e1hoz, lehet\u0151v\u00e9 t\u00e9ve a m\u00e9ly \u00e1s\u00e1st \u00e9s az anyag elt\u00e1vol\u00edt\u00e1s\u00e1t. Ez a funkci\u00f3 elengedhetetlen a k\u00fcl\u00f6nf\u00e9le \u00e9p\u00edt\u00e9si \u00e9s tereprendez\u00e9si projektekhez, ahol jelent\u0151s m\u00e9lys\u00e9gre \u00e9s pontoss\u00e1gra van sz\u00fcks\u00e9g.<\/p>\n<h3>Rakod\u00f3k<\/h3>\n<p>A homlokrakod\u00f3kban a g\u00e9mhengerek hat\u00e9konyan seg\u00edtik a rakom\u00e1nyok emel\u00e9s\u00e9t \u00e9s \u00fcr\u00edt\u00e9s\u00e9t. Kialak\u00edt\u00e1suk gyors \u00e9s hat\u00e9kony m\u0171k\u00f6d\u00e9st tesz lehet\u0151v\u00e9, ami kulcsfontoss\u00e1g\u00fa az id\u0151\u00e9rz\u00e9keny feladatokhoz \u00fczemi k\u00f6rnyezetben.<\/p>\n<h2>Tervez\u00e9si szempontok \u00e9s kiv\u00e1laszt\u00e1si krit\u00e9riumok<\/h2>\n<h3>Teherb\u00edr\u00e1s<\/h3>\n<p>A g\u00e9mhengerek tervez\u00e9sekor a teherb\u00edr\u00e1s els\u0151dleges szempont. L\u00e9tfontoss\u00e1g\u00fa annak biztos\u00edt\u00e1sa, hogy a henger elb\u00edrja a m\u0171k\u00f6d\u00e9s sor\u00e1n felmer\u00fcl\u0151 maxim\u00e1lis s\u00falyt. Ez mag\u00e1ban foglalja a robusztus anyagok \u00e9s a m\u00e9rn\u00f6ki el\u0151\u00edr\u00e1sok haszn\u00e1lat\u00e1t annak biztos\u00edt\u00e1s\u00e1ra, hogy a henger megb\u00edzhat\u00f3an m\u0171k\u00f6dj\u00f6n terhel\u00e9s alatt.<\/p>\n<h3>T\u00f6m\u00edt\u00e9si integrit\u00e1s<\/h3>\n<p>A t\u00f6m\u00edt\u00e9s kritikus fontoss\u00e1g\u00fa a hidraulikus hengerekben, mivel megakad\u00e1lyozza az olajsziv\u00e1rg\u00e1st \u00e9s fenntartja a nyom\u00e1st. Hat\u00e9kony t\u00f6m\u00edt\u0151mechanizmusokat, bele\u00e9rtve a dugatty\u00fat\u00f6m\u00edt\u00e9seket \u00e9s a r\u00fadt\u00f6m\u00edt\u00e9seket, kell kiv\u00e1lasztani a henger hossz\u00fa \u00e9lettartam\u00e1nak \u00e9s hat\u00e9konys\u00e1g\u00e1nak biztos\u00edt\u00e1sa \u00e9rdek\u00e9ben. A t\u00f6m\u00edt\u00e9s hat\u00e9konys\u00e1g\u00e1nak fokoz\u00e1s\u00e1ra gyakran haszn\u00e1lnak k\u00fcl\u00f6nf\u00e9le anyagokat, p\u00e9ld\u00e1ul poliuret\u00e1nt \u00e9s nitrilgumit.<\/p>\n<h3>Tart\u00f3ss\u00e1g<\/h3>\n<p>A tart\u00f3ss\u00e1g elengedhetetlen a g\u00e9mhengerek eset\u00e9ben, amelyek gyakran zord munkak\u00f6r\u00fclm\u00e9nyeknek vannak kit\u00e9ve. Az olyan t\u00e9nyez\u0151ket, mint az anyagv\u00e1laszt\u00e1s, a fel\u00fcletkezel\u00e9s \u00e9s a tervez\u00e9si jellemz\u0151k, \u00e9rt\u00e9kelni kell annak biztos\u00edt\u00e1sa \u00e9rdek\u00e9ben, hogy a henger ellen\u00e1lljon a kop\u00e1snak \u00e9s elhaszn\u00e1l\u00f3d\u00e1snak az id\u0151 m\u00fal\u00e1s\u00e1val.<\/p>\n<h3>Biztons\u00e1gi funkci\u00f3k<\/h3>\n<p>A hidraulikus hengerek tervez\u00e9s\u00e9n\u00e9l a biztons\u00e1g kiemelked\u0151 fontoss\u00e1g\u00fa. Az olyan funkci\u00f3k be\u00e9p\u00edt\u00e9se, mint a nyom\u00e1scs\u00f6kkent\u0151 szelepek \u00e9s a biztons\u00e1gi z\u00e1rak, megel\u0151zhetik a baleseteket \u00e9s biztos\u00edthatj\u00e1k a biztons\u00e1gos m\u0171k\u00f6d\u00e9st. A rendszeres biztons\u00e1gi \u00e9rt\u00e9kel\u00e9sek \u00e9s az ipar\u00e1gi szabv\u00e1nyok betart\u00e1sa elengedhetetlen a kock\u00e1zatok m\u00e9rs\u00e9kl\u00e9s\u00e9hez.<\/p>\n<h3>A szervizelhet\u0151s\u00e9g fenntart\u00e1sa<\/h3>\n<p>A karbantarthat\u00f3s\u00e1g szem el\u0151tt tart\u00e1sa azt jelenti, hogy olyan hengereket kell l\u00e9trehozni, amelyek k\u00f6nnyen szervizelhet\u0151k \u00e9s jav\u00edthat\u00f3k. Ez mag\u00e1ban foglalja az alkatr\u00e9szek hozz\u00e1f\u00e9rhet\u0151s\u00e9g\u00e9nek \u00e9s a kopott alkatr\u00e9szek kiterjedt sz\u00e9tszerel\u00e9s n\u00e9lk\u00fcli cser\u00e9j\u00e9nek figyelembev\u00e9tel\u00e9t, ami id\u0151t \u00e9s k\u00f6lts\u00e9geket takar\u00edthat meg a karbantart\u00e1si m\u0171veletek sor\u00e1n.<\/p>\n<p><img decoding=\"async\" src=\"https:\/\/www.hydraulic-cylinders.net\/wp-content\/uploads\/2025\/04\/songte-oil-pipes-and-spare-parts.webp\" alt=\"Hidraulikus henger alkatr\u00e9szek\" \/><\/p>\n<h2>T\u00f6m\u00edt\u00e9s \u00e9s ken\u00e9s<\/h2>\n<p>A g\u00e9mhengerek hat\u00e9kony m\u0171k\u00f6d\u00e9s\u00e9hez elengedhetetlen a k\u00fcl\u00f6nf\u00e9le t\u00f6m\u00edt\u0151elemek, p\u00e9ld\u00e1ul dugatty\u00fat\u00f6m\u00edt\u00e9sek \u00e9s r\u00fadt\u00f6m\u00edt\u00e9sek haszn\u00e1lata. A tart\u00f3s anyagokb\u00f3l, p\u00e9ld\u00e1ul poliuret\u00e1nb\u00f3l \u00e9s nitrilgumib\u00f3l k\u00e9sz\u00fclt t\u00f6m\u00edt\u00e9sek kiv\u00e1l\u00f3 kop\u00e1s\u00e1ll\u00f3s\u00e1got biztos\u00edtanak, biztos\u00edtva a hossz\u00fa \u00e9lettartamot. A hengertest \u00e9s a menetes v\u00e9gek apr\u00f3l\u00e9kos kezel\u00e9sen esnek \u00e1t a kop\u00e1s\u00e1ll\u00f3s\u00e1g fokoz\u00e1sa \u00e9rdek\u00e9ben, ami elengedhetetlen a hidraulikus hat\u00e9konys\u00e1g fenntart\u00e1s\u00e1hoz. A megfelel\u0151 hidraulikaolajjal t\u00f6rt\u00e9n\u0151 rendszeres ken\u00e9s sz\u00fcks\u00e9ges a s\u00farl\u00f3d\u00e1s minimaliz\u00e1l\u00e1sa \u00e9s a z\u00f6kken\u0151mentes m\u0171k\u00f6d\u00e9s biztos\u00edt\u00e1sa \u00e9rdek\u00e9ben.<\/p>\n<h2>Megel\u0151z\u0151 karbantart\u00e1si int\u00e9zked\u00e9sek<\/h2>\n<ul>\n<li><strong>Rendszeres ellen\u0151rz\u00e9sek:<\/strong> V\u00e9gezzen \u00fctemezett ellen\u0151rz\u00e9seket a potenci\u00e1lis probl\u00e9m\u00e1k azonos\u00edt\u00e1sa \u00e9rdek\u00e9ben, miel\u0151tt azok jelent\u0151s probl\u00e9m\u00e1kk\u00e1 fajuln\u00e1nak. Ez mag\u00e1ban foglalja a sziv\u00e1rg\u00e1sok, kop\u00e1s \u00e9s b\u00e1rmilyen s\u00e9r\u00fcl\u00e9s jel\u00e9nek ellen\u0151rz\u00e9s\u00e9t.<\/li>\n<li><strong>Megfelel\u0151 ken\u00e9s:<\/strong> Gondoskodjon a hidraulikaolaj megfelel\u0151 felt\u00f6lt\u00e9s\u00e9r\u0151l \u00e9s karbantart\u00e1s\u00e1r\u00f3l, mivel a nem megfelel\u0151 ken\u00e9s fokozott kop\u00e1shoz \u00e9s az alkatr\u00e9szek id\u0151 el\u0151tti meghib\u00e1sod\u00e1s\u00e1hoz vezethet.<\/li>\n<li><strong>T\u00f6m\u00edt\u00e9scsere:<\/strong> Rendszeresen ellen\u0151rizze \u00e9s sz\u00fcks\u00e9g szerint cser\u00e9lje ki a t\u00f6m\u00edt\u00e9seket a sziv\u00e1rg\u00e1sok megel\u0151z\u00e9se \u00e9s a rendszer hat\u00e9konys\u00e1g\u00e1nak fenntart\u00e1sa \u00e9rdek\u00e9ben.<\/li>\n<\/ul>\n<h2>Helyes telep\u00edt\u00e9si \u00fatmutat\u00f3<\/h2>\n<p>For the successful installation of boom cylinders, ensure proper alignment with the associated machinery. This can prevent unnecessary stress on the cylinder and enhance operating efficiency. Using appropriate mounting brackets is essential to secure the cylinder firmly. Adherence to the manufacturer\u2019s specifications for torque settings during installation is crucial. After installation, thorough checks should be performed to ensure all connections are tight and the hydraulic system is free of leaks. It&#8217;s also essential to follow a break-in period as per the manufacturer&#8217;s instructions to allow the cylinder to adjust to operation smoothly.<\/p>\n<h2>Gyakori karbantart\u00e1si feladatok<\/h2>\n<ul>\n<li><strong>Rendszeres ellen\u0151rz\u00e9sek:<\/strong> Rendszeresen ellen\u0151rizze a g\u00e9mhengereket kop\u00e1s, sziv\u00e1rg\u00e1s vagy s\u00e9r\u00fcl\u00e9s jelei szempontj\u00e1b\u00f3l. A korai felismer\u00e9s megel\u0151zheti a s\u00falyos meghib\u00e1sod\u00e1sokat.<\/li>\n<li><strong>Megfelel\u0151 ken\u00e9s:<\/strong> A megfelel\u0151 ken\u00e9s fenntart\u00e1sa \u00e9rdek\u00e9ben rendszeresen ellen\u0151rizze az olajszintet, \u00e9s gondoskodjon a megfelel\u0151 t\u00edpus\u00fa hidraulikafolyad\u00e9k haszn\u00e1lat\u00e1r\u00f3l.<\/li>\n<li><strong>T\u00f6m\u00edt\u00e9scsere \u00e9s kalibr\u00e1l\u00e1s ellen\u0151rz\u00e9se:<\/strong> Id\u0151vel a t\u00f6m\u00edt\u00e9sek elkophatnak, ami cser\u00e9t ig\u00e9nyel. A kalibr\u00e1l\u00e1s biztos\u00edtja, hogy a henger a megadott param\u00e9tereken bel\u00fcl m\u0171k\u00f6dj\u00f6n.<\/li>\n<\/ul>\n<h2>Biztons\u00e1gi szempontok \u00e9s k\u00f6rnyezeti t\u00e9nyez\u0151k<\/h2>\n<p>A g\u00e9mhengerek \u00fczemeltet\u00e9sekor a biztons\u00e1gi int\u00e9zked\u00e9sek kiemelked\u0151 fontoss\u00e1g\u00faak mind a berendez\u00e9sek, mind a szem\u00e9lyzet v\u00e9delme \u00e9rdek\u00e9ben. A biztons\u00e1gi protokollok betart\u00e1sa az \u00fczemeltet\u00e9s sor\u00e1n cs\u00f6kkentheti a hidraulikus rendszerekkel kapcsolatos kock\u00e1zatokat. A k\u00f6rnyezeti t\u00e9nyez\u0151k is kulcsszerepet j\u00e1tszanak a hengerek teljes\u00edtm\u00e9ny\u00e9ben, mivel a sz\u00e9ls\u0151s\u00e9ges h\u0151m\u00e9rs\u00e9kletek vagy a korroz\u00edv anyagoknak val\u00f3 kitetts\u00e9g befoly\u00e1solhatja a hidraulikus alkatr\u00e9szek \u00e9lettartam\u00e1t \u00e9s hat\u00e9konys\u00e1g\u00e1t.<\/p>\n<h2>Hibaelh\u00e1r\u00edt\u00e1s \u00e9s gyakori probl\u00e9m\u00e1k<\/h2>\n<ul>\n<li><strong>Sziv\u00e1rg\u00e1s:<\/strong> A hidraulikafolyad\u00e9k sziv\u00e1rg\u00e1sa a t\u00f6m\u00edt\u00e9s meghib\u00e1sod\u00e1s\u00e1ra vagy a henger s\u00e9r\u00fcl\u00e9s\u00e9re utalhat. Azonnali ellen\u0151rz\u00e9s \u00e9s jav\u00edt\u00e1s sz\u00fcks\u00e9ges a teljes\u00edtm\u00e9nyvesztes\u00e9g megel\u0151z\u00e9se \u00e9rdek\u00e9ben.<\/li>\n<li><strong>Lass\u00fa mozg\u00e1s:<\/strong> Ha a g\u00e9mhenger lassan mozog, az a nem megfelel\u0151 hidraulikafolyad\u00e9k vagy a rendszerben l\u00e9v\u0151 elz\u00e1r\u00f3d\u00e1sok miatt lehet. Ellen\u0151rizze a folyad\u00e9kszintet, \u00e9s vizsg\u00e1lja meg, hogy nincs-e akad\u00e1ly.<\/li>\n<li><strong>Nincs mozg\u00e1s:<\/strong> A teljes mozg\u00e1shi\u00e1ny oka lehet a hidraulikavezet\u00e9kekben l\u00e9v\u0151 leveg\u0151 vagy a hib\u00e1san m\u0171k\u00f6d\u0151 szivatty\u00fa. A rendszer l\u00e9gtelen\u00edt\u00e9se vagy a szivatty\u00fa ellen\u0151rz\u00e9se megoldhatja ezeket a probl\u00e9m\u00e1kat.<\/li>\n<\/ul>\n<h2>Hibaelh\u00e1r\u00edt\u00e1si tippek<\/h2>\n<p>A g\u00e9mhengerek probl\u00e9m\u00e1inak hat\u00e9kony diagnosztiz\u00e1l\u00e1s\u00e1hoz \u00e9s megold\u00e1s\u00e1hoz szisztematikus megk\u00f6zel\u00edt\u00e9st kell alkalmazni. El\u0151sz\u00f6r ellen\u0151rizze a sziv\u00e1rg\u00e1s vagy s\u00e9r\u00fcl\u00e9s l\u00e1that\u00f3 jeleit. Ezut\u00e1n ellen\u0151rizze a hidraulikafolyad\u00e9k szintj\u00e9t \u00e9s min\u0151s\u00e9g\u00e9t, mivel a rossz folyad\u00e9k teljes\u00edtm\u00e9nyprobl\u00e9m\u00e1khoz vezethet. A gy\u00e1rt\u00f3 hibaelh\u00e1r\u00edt\u00e1si \u00fatmutat\u00f3j\u00e1nak \u00e1ttekint\u00e9se tov\u00e1bbi inform\u00e1ci\u00f3kkal szolg\u00e1lhat. A megel\u0151z\u0151 karbantart\u00e1si gyakorlatok bevezet\u00e9se jelent\u0151sen cs\u00f6kkentheti annak val\u00f3sz\u00edn\u0171s\u00e9g\u00e9t, hogy ezekkel a probl\u00e9m\u00e1kkal egy\u00e1ltal\u00e1n tal\u00e1lkozzon.<\/p>\n<p><img decoding=\"async\" src=\"https:\/\/www.hydraulic-cylinders.net\/wp-content\/uploads\/2025\/04\/songte-bushings-with-all-kinds-of-excavator-models.webp\" alt=\"Kotr\u00f3g\u00e9p perselyek\" \/><\/p>\n<h2>C\u00e9g\u00fcnkr\u0151l<\/h2>\n<p>Hidraulikus hengerek cserealkatr\u00e9szeire szakosodott gy\u00e1rt\u00f3k\u00e9nt b\u00fcszk\u00e9lkedhet\u00fcnk, \u00e9s \u00e1tfog\u00f3 term\u00e9kk\u00edn\u00e1lattal b\u00fcszk\u00e9lkedhet\u00fcnk. C\u00e9g\u00fcnk a hidraulikus hengerek vezet\u0151 gy\u00e1rt\u00f3jak\u00e9nt \u00e9s nagykereskedelmi forgalmaz\u00f3jak\u00e9nt pozicion\u00e1lta mag\u00e1t mind a hazai, mind a nemzetk\u00f6zi piacokon. Elk\u00f6telezettek vagyunk a min\u0151s\u00e9g ir\u00e1nt, amelyet egy kifinomult gy\u00e1rt\u00e1sir\u00e1ny\u00edt\u00e1si strat\u00e9gia vez\u00e9rel. A technol\u00f3giai tehets\u00e9gre, a fejlett gy\u00e1rt\u00f3berendez\u00e9sekre \u00e9s a speci\u00e1lis tesztel\u0151rendszerekre \u00f6sszpontos\u00edtunk, \u00edgy folyamatosan fejlesztj\u00fck gy\u00e1rt\u00e1si k\u00e9pess\u00e9geinket, biztos\u00edtva a magas hat\u00e9konys\u00e1got, a pontoss\u00e1got \u00e9s a min\u0151s\u00e9get, hogy megfelelj\u00fcnk a soksz\u00edn\u0171 \u00fcgyf\u00e9lig\u00e9nyeknek.<\/p>\n<p><img decoding=\"async\" src=\"https:\/\/www.hydraulic-cylinders.net\/wp-content\/uploads\/2025\/04\/songte-company-4.webp\" alt=\"C\u00e9ginform\u00e1ci\u00f3\" \/><br \/>\n<img decoding=\"async\" src=\"https:\/\/www.hydraulic-cylinders.net\/wp-content\/uploads\/2025\/04\/songte-company-3.webp\" alt=\"C\u00e9ges l\u00e9tes\u00edtm\u00e9nyek\" \/><\/p>\n<p>Our expertise extends to professional services, international certifications, customized solutions, state-of-the-art production equipment, and comprehensive after-sales support, ensuring that we meet our clients&#8217; needs effectively.<\/p>\n<p>Szerz\u0151: lyl<\/p>","protected":false},"excerpt":{"rendered":"<p>Boom Cylinder For Carter CT240-8C Introduction to Boom Cylinders The Boom Cylinder, particularly for the Carter CT240-8C, is an essential hydraulic component designed for controlling the movement of buckets in various heavy machinery, including excavators, backhoe loaders, and front-end loaders. This hydraulic cylinder allows the bucket to lift, lower, and tilt, thereby facilitating material handling [&hellip;]<\/p>","protected":false},"featured_media":17875,"comment_status":"open","ping_status":"closed","template":"","meta":{"_et_pb_use_builder":"","_et_pb_old_content":"","_et_gb_content_width":""},"product_brand":[],"product_cat":[1546],"product_tag":[1547,1496],"class_list":{"0":"post-19522","1":"product","2":"type-product","3":"status-publish","4":"has-post-thumbnail","6":"product_cat-boom-cylinders","7":"product_tag-boom-cylinders","8":"product_tag-hydraulic-cylinders","10":"first","11":"instock","12":"shipping-taxable","13":"product-type-simple"},"amp_enabled":true,"_links":{"self":[{"href":"https:\/\/www.hydraulic-cylinders.net\/hu\/wp-json\/wp\/v2\/product\/19522","targetHints":{"allow":["GET"]}}],"collection":[{"href":"https:\/\/www.hydraulic-cylinders.net\/hu\/wp-json\/wp\/v2\/product"}],"about":[{"href":"https:\/\/www.hydraulic-cylinders.net\/hu\/wp-json\/wp\/v2\/types\/product"}],"replies":[{"embeddable":true,"href":"https:\/\/www.hydraulic-cylinders.net\/hu\/wp-json\/wp\/v2\/comments?post=19522"}],"wp:featuredmedia":[{"embeddable":true,"href":"https:\/\/www.hydraulic-cylinders.net\/hu\/wp-json\/wp\/v2\/media\/17875"}],"wp:attachment":[{"href":"https:\/\/www.hydraulic-cylinders.net\/hu\/wp-json\/wp\/v2\/media?parent=19522"}],"wp:term":[{"taxonomy":"product_brand","embeddable":true,"href":"https:\/\/www.hydraulic-cylinders.net\/hu\/wp-json\/wp\/v2\/product_brand?post=19522"},{"taxonomy":"product_cat","embeddable":true,"href":"https:\/\/www.hydraulic-cylinders.net\/hu\/wp-json\/wp\/v2\/product_cat?post=19522"},{"taxonomy":"product_tag","embeddable":true,"href":"https:\/\/www.hydraulic-cylinders.net\/hu\/wp-json\/wp\/v2\/product_tag?post=19522"}],"curies":[{"name":"munkaf\u00fczet","href":"https:\/\/api.w.org\/{rel}","templated":true}]}}