{"id":19533,"date":"2025-04-07T06:53:08","date_gmt":"2025-04-07T06:53:08","guid":{"rendered":"https:\/\/www.hydraulic-cylinders.net\/product\/boom-cylinder-for-kym-ky105a\/"},"modified":"2025-04-07T06:53:11","modified_gmt":"2025-04-07T06:53:11","slug":"boom-cylinder-for-kym-ky105a","status":"publish","type":"product","link":"https:\/\/www.hydraulic-cylinders.net\/hu\/termek\/boom-cylinder-for-kym-ky105a\/","title":{"rendered":"G\u00e9mhenger KYM KY105A-hoz"},"content":{"rendered":"<h1>G\u00e9mhenger KYM KY105A-hoz<\/h1>\n<h2>Term\u00e9k\u00e1ttekint\u00e9s<\/h2>\n<p>A KYM KY105A g\u00e9mhengere l\u00e9tfontoss\u00e1g\u00fa alkatr\u00e9sz a hidraulikus rendszerekben, amelyet kifejezetten a neh\u00e9zg\u00e9pek, p\u00e9ld\u00e1ul kotr\u00f3g\u00e9pek, kotr\u00f3rakod\u00f3k \u00e9s homlokrakod\u00f3k kanalainak mozg\u00e1s\u00e1nak vez\u00e9rl\u00e9s\u00e9re terveztek. Ez a hidraulikus henger lehet\u0151v\u00e9 teszi a kan\u00e1l emel\u00e9s\u00e9t, s\u00fcllyeszt\u00e9s\u00e9t \u00e9s billent\u00e9s\u00e9t, megk\u00f6nny\u00edtve a hat\u00e9kony anyagmozgat\u00e1si feladatokat. A g\u00e9mhenger egy olyan hidraulikus henger, amely nyom\u00e1s alatt l\u00e9v\u0151 hidraulikafolyad\u00e9kkal m\u0171k\u00f6dik, \u00e9s a hidraulikus energi\u00e1t mechanikai energi\u00e1v\u00e1 alak\u00edtja a k\u00fcl\u00f6nb\u00f6z\u0151 mozg\u00e1sok v\u00e9grehajt\u00e1s\u00e1hoz.<\/p>\n<p><img decoding=\"async\" src=\"https:\/\/www.hydraulic-cylinders.net\/wp-content\/uploads\/2025\/04\/songte-company-1.webp\" alt=\"G\u00e9mhenger\" \/><\/p>\n<h2>A g\u00e9mhenger jellemz\u0151i<\/h2>\n<ul>\n<li>\n<h3>Nagy szil\u00e1rds\u00e1g \u00e9s tart\u00f3ss\u00e1g<\/h3>\n<p>A jellemz\u0151en nagy szil\u00e1rds\u00e1g\u00fa ac\u00e9lb\u00f3l vagy alum\u00edniumb\u00f3l k\u00e9sz\u00fclt g\u00e9mhenger nagy nyom\u00e1st \u00e9s nagy terhel\u00e9st k\u00e9pes ellen\u00e1llni, \u00e9s \u00fagy tervezt\u00e9k, hogy alkalmazkodjon a zord munkak\u00f6rnyezethez, jav\u00edtva a kop\u00e1s\u00e1ll\u00f3s\u00e1got \u00e9s a korr\u00f3zi\u00f3\u00e1ll\u00f3s\u00e1got a hosszabb \u00e9lettartam \u00e9rdek\u00e9ben.<\/li>\n<li>\n<h3>Hat\u00e9kony hidraulikus m\u0171k\u00f6dtet\u00e9s<\/h3>\n<p>A henger a hidraulikaolaj nyom\u00e1s\u00e1t haszn\u00e1lja a sima ki- \u00e9s visszah\u00faz\u00e1shoz, gyorsan reag\u00e1l a vez\u00e9rl\u0151parancsokra, \u00e9s er\u0151teljes tol\u00f3- \u00e9s h\u00faz\u00f3er\u0151t biztos\u00edt, \u00edgy alkalmass\u00e1 teszi neh\u00e9z \u00e9s \u00f6sszetett m\u0171veletek elv\u00e9gz\u00e9s\u00e9re.<\/li>\n<li>\n<h3>K\u00fcl\u00f6nb\u00f6z\u0151 t\u00edpusok<\/h3>\n<p>Egyszeres m\u0171k\u00f6d\u00e9s\u0171 (egy ir\u00e1nyban m\u0171k\u00f6d\u0151) \u00e9s kett\u0151s m\u0171k\u00f6d\u00e9s\u0171 (mindk\u00e9t ir\u00e1nyban m\u0171k\u00f6d\u0151) konfigur\u00e1ci\u00f3ban kaphat\u00f3, egyes modellek teleszk\u00f3pos kialak\u00edt\u00e1ssal rendelkeznek, amely nagyobb kiny\u00fal\u00e1st tesz lehet\u0151v\u00e9 a k\u00fcls\u0151 m\u00e9retek n\u00f6vel\u00e9se n\u00e9lk\u00fcl, \u00edgy ide\u00e1lis a helysz\u0171k\u00e9ben l\u00e9v\u0151 alkalmaz\u00e1sokhoz.<\/li>\n<li>\n<h3>Egyedi gy\u00e1rt\u00e1s<\/h3>\n<p>Term\u00e9keink t\u00f6k\u00e9letesen helyettes\u00edthetik a k\u00fcl\u00f6nf\u00e9le hidraulikus hengereket, biztos\u00edtva a kompatibilit\u00e1st \u00e9s a teljes\u00edtm\u00e9nyt.<\/li>\n<\/ul>\n<p><img decoding=\"async\" src=\"https:\/\/www.hydraulic-cylinders.net\/wp-content\/uploads\/2025\/04\/songte-cylinder-head-with-all-kinds-excavator-models.webp\" alt=\"Hidraulikus henger modellek\" \/><\/p>\n<h2>Alkalmaz\u00e1si forgat\u00f3k\u00f6nyvek<\/h2>\n<ul>\n<li>\n<h3>\u00c9p\u00edt\u0151ipari berendez\u00e9sek<\/h3>\n<p>A kotr\u00f3g\u00e9pekben a g\u00e9mhengerek elengedhetetlenek az \u00e1s\u00e1shoz, rakod\u00e1shoz \u00e9s a f\u00f6ld vagy t\u00f6rmel\u00e9k mozgat\u00e1s\u00e1hoz. Megk\u00f6nny\u00edtik az \u00e1s\u00e1si m\u0171veletet az\u00e1ltal, hogy lehet\u0151v\u00e9 teszik a kan\u00e1l talajba hatol\u00e1s\u00e1t, \u00edgy elengedhetetlenek az \u00e9p\u00edt\u00e9si feladatokhoz. A kotr\u00f3g\u00e9p-rakod\u00f3kban a g\u00e9mhenger mind a f\u00f6ldmunk\u00e1k, mind az emel\u00e9si m\u0171veletek sor\u00e1n seg\u00edti a munk\u00e1t, n\u00f6velve a termel\u00e9kenys\u00e9get.<\/h3>\n<\/li>\n<li>\n<h3>Mez\u0151gazdas\u00e1gi g\u00e9pek<\/h3>\n<p>A homlokrakod\u00f3kban a g\u00e9mhengereket talaj, sz\u00e9na \u00e9s egy\u00e9b anyagok mer\u00e9s\u00e9re, emel\u00e9s\u00e9re \u00e9s sz\u00e1ll\u00edt\u00e1s\u00e1ra haszn\u00e1lj\u00e1k. Megb\u00edzhat\u00f3 m\u0171k\u00f6d\u00e9s\u00fck biztos\u00edtja a mez\u0151gazdas\u00e1gi term\u00e9kek hat\u00e9kony mozgat\u00e1s\u00e1t, \u00edgy n\u00e9lk\u00fcl\u00f6zhetetlenek a mez\u0151gazdas\u00e1gi tev\u00e9kenys\u00e9gekben.<\/h3>\n<\/li>\n<li>\n<h3>Kotr\u00f3g\u00e9pek<\/h3>\n<p>A g\u00e9mhenger lehet\u0151v\u00e9 teszi, hogy a kan\u00e1l k\u00f6nnyen behatoljon a talajba, megk\u00f6nny\u00edtve a hat\u00e9kony \u00e1s\u00e1si m\u0171veleteket. Ez a k\u00e9pess\u00e9g l\u00e9tfontoss\u00e1g\u00fa a k\u00fcl\u00f6nf\u00e9le f\u00f6ldmunk\u00e1kn\u00e1l, bele\u00e9rtve a tereprendez\u00e9st, az \u00e1rok\u00e1s\u00e1st \u00e9s a helysz\u00edn el\u0151k\u00e9sz\u00edt\u00e9s\u00e9t.<\/h3>\n<\/li>\n<li>\n<h3>Rakod\u00f3k<\/h3>\n<p>A homlokrakod\u00f3kban a g\u00e9mhengerek hat\u00e9konyan emelik \u00e9s \u00fcr\u00edtik a rakom\u00e1nyt, hozz\u00e1j\u00e1rulva az anyagmozgat\u00e1s z\u00f6kken\u0151mentes m\u0171k\u00f6d\u00e9s\u00e9hez. A kan\u00e1l mozg\u00e1s\u00e1nak szab\u00e1lyoz\u00e1s\u00e1ra val\u00f3 k\u00e9pess\u00e9g\u00fck kritikus fontoss\u00e1g\u00fa a k\u00fcl\u00f6nf\u00e9le rakod\u00e1si feladatokn\u00e1l.<\/h3>\n<\/li>\n<\/ul>\n<h2>Tervez\u00e9si szempontok \u00e9s kiv\u00e1laszt\u00e1si krit\u00e9riumok<\/h2>\n<ul>\n<li>\n<h3>Teherb\u00edr\u00e1s<\/h3>\n<p>A g\u00e9mhengert \u00fagy kell megtervezni, hogy a v\u00e1rhat\u00f3 terhel\u00e9st meghib\u00e1sod\u00e1s n\u00e9lk\u00fcl elb\u00edrja. A kezelt anyagok s\u00faly\u00e1nak \u00e9s t\u00edpus\u00e1nak felm\u00e9r\u00e9se kulcsfontoss\u00e1g\u00fa a henger megfelel\u0151 m\u00e9ret\u00e9nek \u00e9s szil\u00e1rds\u00e1g\u00e1nak meghat\u00e1roz\u00e1s\u00e1hoz. A nagyobb teherb\u00edr\u00e1s biztos\u00edtja, hogy a berendez\u00e9s ig\u00e9nyes k\u00f6r\u00fclm\u00e9nyek k\u00f6z\u00f6tt is k\u00e9pes m\u0171k\u00f6dni, n\u00f6velve a biztons\u00e1got \u00e9s a megb\u00edzhat\u00f3s\u00e1got.<\/h3>\n<\/li>\n<li>\n<h3>T\u00f6m\u00edt\u00e9si jellemz\u0151k<\/h3>\n<p>A hat\u00e9kony t\u00f6m\u00edt\u00e9s elengedhetetlen a hidraulikafolyad\u00e9k sziv\u00e1rg\u00e1s\u00e1nak megakad\u00e1lyoz\u00e1s\u00e1hoz, ami cs\u00f6kkent hat\u00e9konys\u00e1ghoz \u00e9s potenci\u00e1lis k\u00e1rosod\u00e1shoz vezethet. A t\u00f6m\u00edt\u00e9sek, p\u00e9ld\u00e1ul a dugatty\u00fat\u00f6m\u00edt\u00e9sek \u00e9s a r\u00fadt\u00f6m\u00edt\u00e9sek megv\u00e1laszt\u00e1sa jelent\u0151s szerepet j\u00e1tszik a hidraulikus nyom\u00e1s fenntart\u00e1s\u00e1ban \u00e9s a z\u00f6kken\u0151mentes m\u0171k\u00f6d\u00e9s biztos\u00edt\u00e1s\u00e1ban.<\/h3>\n<\/li>\n<li>\n<h3>Tart\u00f3ss\u00e1g<\/h3>\n<p>A tart\u00f3ss\u00e1g kritikus t\u00e9nyez\u0151, mivel a g\u00e9mhengerek zord k\u00f6r\u00fclm\u00e9nyeknek vannak kit\u00e9ve. Az anyagoknak kop\u00e1s-, korr\u00f3zi\u00f3- \u00e9s kif\u00e1rad\u00e1s\u00e1ll\u00f3aknak kell lenni\u00fck a hossz\u00fa t\u00e1v\u00fa teljes\u00edtm\u00e9ny biztos\u00edt\u00e1sa \u00e9rdek\u00e9ben. A rendszeres karbantart\u00e1s tov\u00e1bb n\u00f6velheti a tart\u00f3ss\u00e1got, meghosszabb\u00edtva a henger \u00e9lettartam\u00e1t.<\/h3>\n<\/li>\n<li>\n<h3>Biztons\u00e1gi funkci\u00f3k<\/h3>\n<p>A biztons\u00e1gi funkci\u00f3k, p\u00e9ld\u00e1ul a t\u00falterhel\u00e9sv\u00e9delem \u00e9s a v\u00e9szle\u00e1ll\u00edt\u00f3 mechanizmusok be\u00e9p\u00edt\u00e9se elengedhetetlen a m\u0171k\u00f6d\u00e9s k\u00f6zbeni balesetek megel\u0151z\u00e9se \u00e9rdek\u00e9ben. A biztons\u00e1gi el\u0151\u00edr\u00e1soknak val\u00f3 megfelel\u00e9s biztos\u00edt\u00e1sa seg\u00edt megv\u00e9deni a kezel\u0151ket \u00e9s a berendez\u00e9seket, el\u0151seg\u00edtve a biztons\u00e1gosabb munkak\u00f6rnyezetet.<\/h3>\n<\/li>\n<li>\n<h3>K\u00f6nny\u0171 karbantart\u00e1s<\/h3>\n<p>A kulcsfontoss\u00e1g\u00fa alkatr\u00e9szekhez val\u00f3 k\u00f6nny\u0171 hozz\u00e1f\u00e9r\u00e9st lehet\u0151v\u00e9 tev\u0151 kialak\u00edt\u00e1s megk\u00f6nny\u00edti a rendszeres karbantart\u00e1si ellen\u0151rz\u00e9seket \u00e9s jav\u00edt\u00e1sokat. Ez a szempont jelent\u0151sen cs\u00f6kkentheti az \u00e1ll\u00e1sid\u0151t \u00e9s az \u00fczemeltet\u00e9si k\u00f6lts\u00e9geket, mivel a j\u00f3l karbantartott hengerek \u00e1ltal\u00e1ban jobban teljes\u00edtenek \u00e9s tov\u00e1bb tartanak.<\/h3>\n<\/li>\n<\/ul>\n<p><img decoding=\"async\" src=\"https:\/\/www.hydraulic-cylinders.net\/wp-content\/uploads\/2025\/04\/songte-oil-pipes-and-spare-parts.webp\" alt=\"Hidraulikus alkatr\u00e9szek\" \/><\/p>\n<h2>T\u00f6m\u00edt\u00e9s \u00e9s ken\u00e9s<\/h2>\n<p>Az optim\u00e1lis teljes\u00edtm\u00e9ny biztos\u00edt\u00e1sa \u00e9rdek\u00e9ben elengedhetetlen a k\u00fcl\u00f6nf\u00e9le t\u00f6m\u00edt\u0151elemek haszn\u00e1lata, bele\u00e9rtve a dugatty\u00fat\u00f6m\u00edt\u00e9seket, a r\u00fadt\u00f6m\u00edt\u00e9seket \u00e9s egy\u00e9b t\u00f6m\u00edt\u0151elemeket. A tart\u00f3s anyagokb\u00f3l, p\u00e9ld\u00e1ul poliuret\u00e1nb\u00f3l \u00e9s nitrilgumib\u00f3l k\u00e9sz\u00fclt t\u00f6m\u00edt\u00e9sek fokozz\u00e1k a kop\u00e1s\u00e1ll\u00f3s\u00e1got, cs\u00f6kkentve a sziv\u00e1rg\u00e1sok val\u00f3sz\u00edn\u0171s\u00e9g\u00e9t. Ezenk\u00edv\u00fcl a hengertestet \u00e9s a menetes v\u00e9geket prec\u00edzi\u00f3s kezel\u00e9snek kell al\u00e1vetni a kop\u00e1s\u00e1ll\u00f3s\u00e1g jav\u00edt\u00e1sa \u00e9rdek\u00e9ben. A rendszeres hidraulikaolajjal t\u00f6rt\u00e9n\u0151 ken\u00e9s elengedhetetlen a z\u00f6kken\u0151mentes m\u0171k\u00f6d\u00e9s fenntart\u00e1s\u00e1hoz, a mozg\u00f3 alkatr\u00e9szek s\u00farl\u00f3d\u00e1s\u00e1nak \u00e9s kop\u00e1s\u00e1nak minimaliz\u00e1l\u00e1s\u00e1hoz. Az \u00fctemezett ken\u00e9si intervallumok seg\u00edtenek biztos\u00edtani a hidraulikus rendszer hat\u00e9kony m\u0171k\u00f6d\u00e9s\u00e9t, meghosszabb\u00edtva a g\u00e9mhenger \u00e9s a kapcsol\u00f3d\u00f3 alkatr\u00e9szek \u00e9lettartam\u00e1t.<\/p>\n<h2>Rendszeres ellen\u0151rz\u00e9s \u00e9s megel\u0151z\u0151 karbantart\u00e1si int\u00e9zked\u00e9sek<\/h2>\n<ul>\n<li>\n<h3>Rutinellen\u0151rz\u00e9sek<\/h3>\n<p>A g\u00e9mhenger rendszeres ellen\u0151rz\u00e9se elengedhetetlen a kop\u00e1s, sziv\u00e1rg\u00e1sok vagy s\u00e9r\u00fcl\u00e9sek jeleinek korai azonos\u00edt\u00e1s\u00e1hoz. A t\u00f6m\u00edt\u00e9sek, t\u00f6ml\u0151k \u00e9s csatlakoz\u00e1sok ellen\u0151rz\u00e9se seg\u00edt fenntartani az optim\u00e1lis teljes\u00edtm\u00e9nyt \u00e9s megel\u0151zni a v\u00e1ratlan meghib\u00e1sod\u00e1sokat.<\/h3>\n<\/li>\n<li>\n<h3>Megfelel\u0151 ken\u00e9s<\/h3>\n<p>A hidraulikus henger id\u0151ben t\u00f6rt\u00e9n\u0151 \u00e9s megfelel\u0151 ken\u00e9se elengedhetetlen a z\u00f6kken\u0151mentes m\u0171k\u00f6d\u00e9shez. A megfelel\u0151 t\u00edpus\u00fa hidraulikaolaj haszn\u00e1lata \u00e9s a megfelel\u0151 olajszint fenntart\u00e1sa megakad\u00e1lyozza a t\u00falmeleged\u00e9st \u00e9s a kop\u00e1st, biztos\u00edtva a berendez\u00e9s hossz\u00fa \u00e9lettartam\u00e1t.<\/h3>\n<\/li>\n<li>\n<h3>T\u00f6m\u00edt\u00e9s csere<\/h3>\n<p>A t\u00f6m\u00edt\u00e9sek rendszeres ellen\u0151rz\u00e9se \u00e9s cser\u00e9je elengedhetetlen a hidraulikus nyom\u00e1s fenntart\u00e1s\u00e1hoz \u00e9s a sziv\u00e1rg\u00e1sok megel\u0151z\u00e9s\u00e9hez. A kopott vagy s\u00e9r\u00fclt t\u00f6m\u00edt\u00e9seket azonnal ki kell cser\u00e9lni a hidraulikus rendszer megb\u00edzhat\u00f3s\u00e1g\u00e1nak biztos\u00edt\u00e1sa \u00e9rdek\u00e9ben.<\/h3>\n<\/li>\n<\/ul>\n<h2>Telep\u00edt\u00e9si \u00fatmutat\u00f3<\/h2>\n<p>Proper installation of the boom cylinder is key to its performance. Begin by ensuring that the mounting surfaces are clean and free from debris. Align the cylinder correctly to avoid misalignment, which can lead to premature wear or failure. Utilize appropriate mounting brackets to secure the cylinder in place, ensuring it remains stable during operation. After installation, check the hydraulic connections for any leaks, and ensure that the hydraulic fluid levels are adequate. Calibrate the system following the manufacturer&#8217;s specifications to optimize functionality. Proper installation contributes significantly to the efficiency and longevity of the hydraulic system.<\/p>\n<h2>Gyakori karbantart\u00e1si feladatok<\/h2>\n<ul>\n<li>\n<h3>Rendszeres ellen\u0151rz\u00e9sek<\/h3>\n<p>A rutinszer\u0171 ellen\u0151rz\u00e9sek lehet\u0151v\u00e9 teszik a potenci\u00e1lis probl\u00e9m\u00e1k korai felismer\u00e9s\u00e9t. Vizsg\u00e1lja meg a palackot kop\u00e1s, sziv\u00e1rg\u00e1s \u00e9s \u00e1ltal\u00e1nos \u00e1llapot szempontj\u00e1b\u00f3l, \u00fcgyelve arra, hogy a sz\u00fcks\u00e9ges jav\u00edt\u00e1sokat halad\u00e9ktalanul elv\u00e9gezz\u00e9k a komplik\u00e1ci\u00f3k elker\u00fcl\u00e9se \u00e9rdek\u00e9ben.<\/h3>\n<\/li>\n<li>\n<h3>Ken\u00e9s<\/h3>\n<p>A rendszeres ken\u00e9s elengedhetetlen a mozg\u00f3 alkatr\u00e9szek s\u00farl\u00f3d\u00e1s\u00e1nak \u00e9s kop\u00e1s\u00e1nak cs\u00f6kkent\u00e9s\u00e9hez. Gy\u0151z\u0151dj\u00f6n meg arr\u00f3l, hogy a haszn\u00e1lt hidraulikaolaj az aj\u00e1nlott t\u00edpus\u00fa, \u00e9s tartsa fenn a megfelel\u0151 olajszintet a z\u00f6kken\u0151mentes m\u0171k\u00f6d\u00e9s biztos\u00edt\u00e1sa \u00e9rdek\u00e9ben.<\/h3>\n<\/li>\n<li>\n<h3>T\u00f6m\u00edt\u00e9scsere \u00e9s kalibr\u00e1l\u00e1s ellen\u0151rz\u00e9se<\/h3>\n<p>A kopott t\u00f6m\u00edt\u00e9sek cser\u00e9je a rendszeres karbantart\u00e1s r\u00e9szek\u00e9nt biztos\u00edtja, hogy a hidraulikus rendszer sziv\u00e1rg\u00e1smentesen m\u0171k\u00f6dj\u00f6n. Az id\u0151szakos kalibr\u00e1ci\u00f3s ellen\u0151rz\u00e9sek seg\u00edtenek fenntartani a henger teljes\u00edtm\u00e9ny\u00e9nek pontoss\u00e1g\u00e1t, biztos\u00edtva, hogy az megfeleljen az \u00fczemi k\u00f6vetelm\u00e9nyeknek.<\/h3>\n<\/li>\n<\/ul>\n<p><img decoding=\"async\" src=\"https:\/\/www.hydraulic-cylinders.net\/wp-content\/uploads\/2025\/04\/songte-chushion-collar.webp\" alt=\"P\u00e1rna gall\u00e9r\" \/><\/p>\n<h2>Biztons\u00e1gi szempontok \u00e9s k\u00f6rnyezeti t\u00e9nyez\u0151k<\/h2>\n<p>G\u00e9mhengerekkel ell\u00e1tott hidraulikus rendszerek \u00fczemeltet\u00e9sekor a biztons\u00e1gi int\u00e9zked\u00e9sek bevezet\u00e9se kiemelked\u0151 fontoss\u00e1g\u00fa. A kezel\u0151ket ki kell k\u00e9pezni a potenci\u00e1lis vesz\u00e9lyek felismer\u00e9s\u00e9re \u00e9s a szem\u00e9lyi v\u00e9d\u0151felszerel\u00e9sek (PPE) haszn\u00e1lat\u00e1ra \u00fczemeltet\u00e9s k\u00f6zben. A rendszeres karbantart\u00e1si ellen\u0151rz\u00e9sek seg\u00edtenek azonos\u00edtani \u00e9s kezelni a biztons\u00e1ggal kapcsolatos probl\u00e9m\u00e1kat, miel\u0151tt azok s\u00falyosbodn\u00e1nak, el\u0151seg\u00edtve a biztons\u00e1gosabb munkak\u00f6rnyezetet. Ezenk\u00edv\u00fcl a hidraulikus folyad\u00e9kok \u00e9s alkatr\u00e9szek megfelel\u0151 \u00e1rtalmatlan\u00edt\u00e1sa elengedhetetlen a k\u00f6rnyezeti hat\u00e1sok minimaliz\u00e1l\u00e1sa \u00e9rdek\u00e9ben, a helyi el\u0151\u00edr\u00e1sok betart\u00e1s\u00e1val a felel\u0151s gyakorlatok biztos\u00edt\u00e1sa \u00e9rdek\u00e9ben.<\/p>\n<h2>Gyakori probl\u00e9m\u00e1k elh\u00e1r\u00edt\u00e1sa<\/h2>\n<ul>\n<li>\n<h3>Sziv\u00e1rg\u00e1s<\/h3>\n<p>A sziv\u00e1rg\u00e1sokat gyakran kopott t\u00f6m\u00edt\u00e9sek vagy s\u00e9r\u00fclt t\u00f6ml\u0151k okozz\u00e1k. A probl\u00e9ma megold\u00e1s\u00e1hoz ellen\u0151rizze a t\u00f6m\u00edt\u00e9sek kop\u00e1s\u00e1t, \u00e9s sz\u00fcks\u00e9g szerint cser\u00e9lje ki \u0151ket. A folyad\u00e9kvesztes\u00e9g elker\u00fcl\u00e9se \u00e9rdek\u00e9ben gy\u0151z\u0151dj\u00f6n meg arr\u00f3l, hogy a t\u00f6ml\u0151k nincsenek megt\u00f6rve vagy s\u00e9r\u00fcltek.<\/h3>\n<\/li>\n<li>\n<h3>Inkonzisztens teljes\u00edtm\u00e9ny<\/h3>\n<p>Ha a g\u00e9m munkahengere szab\u00e1lytalanul mozog, az alacsony hidraulikafolyad\u00e9k-szintre vagy a rendszerben l\u00e9v\u0151 leveg\u0151re utalhat. Ellen\u0151rizze a folyad\u00e9kszintet, \u00e9s sz\u00fcks\u00e9g eset\u00e9n l\u00e9gtelen\u00edtse a rendszert az \u00e1lland\u00f3 teljes\u00edtm\u00e9ny helyre\u00e1ll\u00edt\u00e1sa \u00e9rdek\u00e9ben.<\/h3>\n<\/li>\n<li>\n<h3>T\u00falmeleged\u00e9s<\/h3>\n<p>A t\u00falmeleged\u00e9st a nem megfelel\u0151 ken\u00e9s vagy a t\u00falzott terhel\u00e9s okozhatja. Gondoskodjon a megfelel\u0151 ken\u00e9sr\u0151l, \u00e9s ellen\u0151rizze, hogy a henger nincs-e t\u00falterhelve a kapacit\u00e1s\u00e1n t\u00fal, hogy elker\u00fclje a t\u00falmeleged\u00e9st.<\/h3>\n<\/li>\n<\/ul>\n<p>Ezen gyakori probl\u00e9m\u00e1k miel\u0151bbi azonos\u00edt\u00e1sa \u00e9s kezel\u00e9se megel\u0151zheti a tov\u00e1bbi k\u00e1rokat, \u00e9s biztos\u00edthatja a hidraulikus rendszer hat\u00e9kony m\u0171k\u00f6d\u00e9s\u00e9t. A megel\u0151z\u0151 int\u00e9zked\u00e9sek, p\u00e9ld\u00e1ul a rendszeres karbantart\u00e1s \u00e9s ellen\u0151rz\u00e9sek v\u00e9grehajt\u00e1sa kulcsfontoss\u00e1g\u00fa a potenci\u00e1lis probl\u00e9m\u00e1k minimaliz\u00e1l\u00e1sa \u00e9rdek\u00e9ben.<\/p>\n<p><img decoding=\"async\" src=\"https:\/\/www.hydraulic-cylinders.net\/wp-content\/uploads\/2025\/04\/songte-bushings-with-all-kinds-of-excavator-models.webp\" alt=\"Kotr\u00f3g\u00e9p perselyek\" \/><\/p>\n<h2>C\u00e9g\u00fcnkr\u0151l<\/h2>\n<p>Vezet\u0151 gy\u00e1rt\u00f3i vagyunk a p\u00f3talkatr\u00e9szk\u00e9nt szolg\u00e1l\u00f3 hidraulikus munkahengereknek, \u00e1tfog\u00f3 term\u00e9kv\u00e1laszt\u00e9kot k\u00edn\u00e1lva mind a hazai, mind a nemzetk\u00f6zi piacok sz\u00e1m\u00e1ra. A kiv\u00e1l\u00f3s\u00e1g ir\u00e1nti elk\u00f6telezetts\u00e9g\u00fcnk vez\u00e9rli gy\u00e1rt\u00e1si gyakorlatunkat, fejlett termel\u00e9sir\u00e1ny\u00edt\u00e1si strat\u00e9gi\u00e1kat \u00e9s korszer\u0171 berendez\u00e9seket alkalmazva. Folyamatosan fejlesztj\u00fck gy\u00e1rt\u00e1si platformunkat m\u0171szaki szak\u00e9rtelem \u00e9s prec\u00edzi\u00f3s vizsg\u00e1lati rendszerek alkalmaz\u00e1s\u00e1val, biztos\u00edtva term\u00e9keink legmagasabb min\u0151s\u00e9g\u00e9t. A hat\u00e9konys\u00e1gra, a pontoss\u00e1gra \u00e9s az \u00fcgyf\u00e9l-el\u00e9gedetts\u00e9gre \u00f6sszpontos\u00edtva elk\u00f6telezettek vagyunk az \u00fcgyfelek sokf\u00e9le ig\u00e9ny\u00e9nek kiel\u00e9g\u00edt\u00e9se ir\u00e1nt.<\/p>\n<p><img decoding=\"async\" src=\"https:\/\/www.hydraulic-cylinders.net\/wp-content\/uploads\/2025\/04\/songte-company-4.webp\" alt=\"C\u00e9ges im\u00e1zs\" \/><br \/>\n<img decoding=\"async\" src=\"https:\/\/www.hydraulic-cylinders.net\/wp-content\/uploads\/2025\/04\/songte-company-3.webp\" alt=\"C\u00e9ges im\u00e1zs\" \/><\/p>\n<p>Hidraulikus hengerekre val\u00f3 szakosod\u00e1sunkat nemzetk\u00f6zi tan\u00fas\u00edtv\u00e1nyok, egyedi szolg\u00e1ltat\u00e1sok \u00e9s robusztus \u00e9rt\u00e9kes\u00edt\u00e9s ut\u00e1ni t\u00e1mogat\u00e1s t\u00e1masztja al\u00e1. A min\u0151s\u00e9gellen\u0151rz\u00e9st helyezz\u00fck el\u0151t\u00e9rbe, \u00e9s szigor\u00fa ipar\u00e1gi szabv\u00e1nyokat k\u00f6vet\u00fcnk, hogy megfelelj\u00fcnk \u00fcgyfeleink legmagasabb elv\u00e1r\u00e1sainak.<\/p>\n<p>Szerz\u0151: lyl<\/p>","protected":false},"excerpt":{"rendered":"<p>Boom Cylinder For KYM KY105A Product Overview The Boom Cylinder for KYM KY105A is a vital component in hydraulic systems, specifically designed for controlling the movement of buckets in heavy machinery such as excavators, backhoe loaders, and front loaders. This hydraulic cylinder enables the bucket to lift, lower, and tilt, facilitating efficient material handling tasks. [&hellip;]<\/p>","protected":false},"featured_media":17871,"comment_status":"open","ping_status":"closed","template":"","meta":{"_et_pb_use_builder":"","_et_pb_old_content":"","_et_gb_content_width":""},"product_brand":[],"product_cat":[1546],"product_tag":[1547,1496],"class_list":{"0":"post-19533","1":"product","2":"type-product","3":"status-publish","4":"has-post-thumbnail","6":"product_cat-boom-cylinders","7":"product_tag-boom-cylinders","8":"product_tag-hydraulic-cylinders","10":"first","11":"instock","12":"shipping-taxable","13":"product-type-simple"},"amp_enabled":true,"_links":{"self":[{"href":"https:\/\/www.hydraulic-cylinders.net\/hu\/wp-json\/wp\/v2\/product\/19533","targetHints":{"allow":["GET"]}}],"collection":[{"href":"https:\/\/www.hydraulic-cylinders.net\/hu\/wp-json\/wp\/v2\/product"}],"about":[{"href":"https:\/\/www.hydraulic-cylinders.net\/hu\/wp-json\/wp\/v2\/types\/product"}],"replies":[{"embeddable":true,"href":"https:\/\/www.hydraulic-cylinders.net\/hu\/wp-json\/wp\/v2\/comments?post=19533"}],"wp:featuredmedia":[{"embeddable":true,"href":"https:\/\/www.hydraulic-cylinders.net\/hu\/wp-json\/wp\/v2\/media\/17871"}],"wp:attachment":[{"href":"https:\/\/www.hydraulic-cylinders.net\/hu\/wp-json\/wp\/v2\/media?parent=19533"}],"wp:term":[{"taxonomy":"product_brand","embeddable":true,"href":"https:\/\/www.hydraulic-cylinders.net\/hu\/wp-json\/wp\/v2\/product_brand?post=19533"},{"taxonomy":"product_cat","embeddable":true,"href":"https:\/\/www.hydraulic-cylinders.net\/hu\/wp-json\/wp\/v2\/product_cat?post=19533"},{"taxonomy":"product_tag","embeddable":true,"href":"https:\/\/www.hydraulic-cylinders.net\/hu\/wp-json\/wp\/v2\/product_tag?post=19533"}],"curies":[{"name":"munkaf\u00fczet","href":"https:\/\/api.w.org\/{rel}","templated":true}]}}