{"id":19537,"date":"2025-04-07T06:53:18","date_gmt":"2025-04-07T06:53:18","guid":{"rendered":"https:\/\/www.hydraulic-cylinders.net\/product\/boom-cylinder-for-pengpu-sw230lc-5\/"},"modified":"2025-04-07T06:53:21","modified_gmt":"2025-04-07T06:53:21","slug":"boom-cylinder-for-pengpu-sw230lc-5","status":"publish","type":"product","link":"https:\/\/www.hydraulic-cylinders.net\/hu\/termek\/boom-cylinder-for-pengpu-sw230lc-5\/","title":{"rendered":"G\u00e9mhenger Pengpu SW230LC-5-h\u00f6z"},"content":{"rendered":"<h1>G\u00e9mhenger Pengpu SW230LC-5-h\u00f6z<\/h1>\n<h2>Bevezet\u00e9s a g\u00e9mhengerbe<\/h2>\n<p>A g\u00e9mhenger egy alapvet\u0151 hidraulikus alkatr\u00e9sz, amelyet kifejezetten a kanalak mozg\u00e1s\u00e1nak vez\u00e9rl\u00e9s\u00e9re terveztek k\u00fcl\u00f6nf\u00e9le neh\u00e9zg\u00e9pekben, p\u00e9ld\u00e1ul kotr\u00f3g\u00e9pekben, kotr\u00f3g\u00e9pekben \u00e9s homlokrakod\u00f3kban. Ez a hidraulikus henger lehet\u0151v\u00e9 teszi a kan\u00e1l emel\u00e9s\u00e9t, s\u00fcllyeszt\u00e9s\u00e9t \u00e9s billent\u00e9s\u00e9t, megk\u00f6nny\u00edtve a hat\u00e9kony anyagmozgat\u00e1si feladatokat. A kan\u00e1lhenger hidraulikus rendszereken bel\u00fcl m\u0171k\u00f6dik, ahol a nyom\u00e1s alatt \u00e1ll\u00f3 hidraulikafolyad\u00e9k er\u0151t hoz l\u00e9tre, amely mozg\u00e1ss\u00e1 alakul. Ezek a hengerek elengedhetetlenek minden olyan g\u00e9phez, amely a kan\u00e1l pozicion\u00e1l\u00e1s\u00e1nak pontos vez\u00e9rl\u00e9s\u00e9t ig\u00e9nyli, biztos\u00edtva, hogy a kezel\u0151k biztons\u00e1gosan \u00e9s hat\u00e9konyan v\u00e9gezhessenek \u00f6sszetett feladatokat.<\/p>\n<p><img decoding=\"async\" src=\"https:\/\/www.hydraulic-cylinders.net\/wp-content\/uploads\/2025\/04\/songte-company-1.webp\" alt=\"G\u00e9mhenger k\u00e9pe\"><\/p>\n<h2>A g\u00e9mhenger jellemz\u0151i<\/h2>\n<ul>\n<li>\n<h3>Nagy szil\u00e1rds\u00e1g \u00e9s tart\u00f3ss\u00e1g<\/h3>\n<p>A jellemz\u0151en nagy szil\u00e1rds\u00e1g\u00fa ac\u00e9lb\u00f3l vagy alum\u00edniumb\u00f3l k\u00e9sz\u00fclt g\u00e9mhenger nagy nyom\u00e1s \u00e9s neh\u00e9z terhel\u00e9sek elvisel\u00e9s\u00e9re van tervezve. Robusztus kialak\u00edt\u00e1sa figyelembe veszi a kop\u00e1s\u00e1ll\u00f3s\u00e1got \u00e9s a korr\u00f3zi\u00f3v\u00e9delmet, \u00edgy m\u00e9g zord munkak\u00f6rnyezetben is n\u00f6veli \u00e9lettartam\u00e1t.<\/p>\n<\/li>\n<li>\n<h3>Hat\u00e9kony hidraulikus m\u0171k\u00f6dtet\u00e9s<\/h3>\n<p>A henger hidraulikaolaj-nyom\u00e1st haszn\u00e1l a sima kitol\u00e1si \u00e9s visszah\u00faz\u00e1si m\u0171veletekhez, lehet\u0151v\u00e9 t\u00e9ve a gyors reag\u00e1l\u00e1st a vez\u00e9rl\u0151parancsokra. Ez a funkci\u00f3 nagy teljes\u00edtm\u00e9ny\u0171 tol\u00f3- \u00e9s h\u00faz\u00f3k\u00e9pess\u00e9get biztos\u00edt, amely sz\u00fcks\u00e9ges a neh\u00e9z t\u00e1rgyak kezel\u00e9s\u00e9hez \u00e9s az \u00f6sszetett m\u0171k\u00f6d\u00e9si feladatok v\u00e9grehajt\u00e1s\u00e1hoz.<\/p>\n<\/li>\n<li>\n<h3>K\u00fcl\u00f6nb\u00f6z\u0151 t\u00edpusok el\u00e9rhet\u0151k<\/h3>\n<p>A g\u00e9mhenger t\u00f6bbf\u00e9le t\u00edpusban kaphat\u00f3, bele\u00e9rtve az egyszeres m\u0171k\u00f6d\u00e9s\u0171 (csak egy ir\u00e1nyban hidraulikus m\u0171k\u00f6dtet\u00e9s\u0171) \u00e9s a kett\u0151s m\u0171k\u00f6d\u00e9s\u0171 (mindk\u00e9t ir\u00e1nyban hidraulikus m\u0171k\u00f6dtet\u00e9s\u0171) v\u00e1ltozatokat, hogy a k\u00fcl\u00f6nb\u00f6z\u0151 m\u0171k\u00f6d\u00e9si ig\u00e9nyeket kiel\u00e9g\u00edts\u00e9k. Egyes modellek teleszk\u00f3posak, \u00edgy nagyobb kiny\u00fal\u00e1st tesznek lehet\u0151v\u00e9 a k\u00fcls\u0151 m\u00e9retek n\u00f6vel\u00e9se n\u00e9lk\u00fcl, \u00edgy ide\u00e1lisak korl\u00e1tozott helyig\u00e9ny\u0171 alkalmaz\u00e1sokhoz.<\/p>\n<\/li>\n<li>\n<h3>Egyedi gy\u00e1rt\u00e1s<\/h3>\n<p>Olyan g\u00e9mhengerek gy\u00e1rt\u00e1s\u00e1ra specializ\u00e1l\u00f3dtunk, amelyek t\u00f6k\u00e9letesen helyettes\u00edtik a megl\u00e9v\u0151 hidraulikus hengereket, biztos\u00edtva a kompatibilit\u00e1st \u00e9s a teljes\u00edtm\u00e9nyt a k\u00fcl\u00f6nf\u00e9le alkalmaz\u00e1sokban.<\/p>\n<\/li>\n<li>\n<h3>Sokoldal\u00fa alkalmaz\u00e1sok<\/h3>\n<p>A neh\u00e9zg\u00e9pekben val\u00f3 sz\u00e9lesk\u00f6r\u0171 haszn\u00e1latra tervezett hengerek ide\u00e1lisak \u00e9p\u00edt\u0151ipari berendez\u00e9sekhez, mez\u0151gazdas\u00e1gi g\u00e9pekhez \u00e9s egy\u00e9b ipari alkalmaz\u00e1sokhoz.<\/p>\n<\/li>\n<\/ul>\n<p><img decoding=\"async\" src=\"https:\/\/www.hydraulic-cylinders.net\/wp-content\/uploads\/2025\/04\/songte-cylinder-head-with-all-kinds-excavator-models.webp\" alt=\"Kotr\u00f3g\u00e9p modellek k\u00e9pe\"><\/p>\n<h2>Alkalmaz\u00e1si forgat\u00f3k\u00f6nyvek<\/h2>\n<ul>\n<li>\n<h3>\u00c9p\u00edt\u0151ipari berendez\u00e9sek<\/h3>\n<p>A kotr\u00f3g\u00e9pekben a g\u00e9mhengerek l\u00e9tfontoss\u00e1g\u00faak a talaj vagy t\u00f6rmel\u00e9k \u00e1s\u00e1s\u00e1hoz, rakod\u00e1s\u00e1hoz \u00e9s mozgat\u00e1s\u00e1hoz. Ezek biztos\u00edtj\u00e1k a sz\u00fcks\u00e9ges er\u0151t ezen feladatok hat\u00e9kony elv\u00e9gz\u00e9s\u00e9hez, biztos\u00edtva, hogy a f\u00f6ldmunk\u00e1k z\u00f6kken\u0151mentesen \u00e9s eredm\u00e9nyesen haladhassanak. A kan\u00e1l sz\u00f6g\u00e9nek \u00e9s m\u00e9lys\u00e9g\u00e9nek szab\u00e1lyozhat\u00f3s\u00e1ga elengedhetetlen a prec\u00edzi\u00f3s munk\u00e1hoz az \u00e9p\u00edtkez\u00e9seken.<\/p>\n<\/li>\n<li>\n<h3>Mez\u0151gazdas\u00e1gi g\u00e9pek<\/h3>\n<p>Homlokrakod\u00f3kban ezek a munkahengerek megk\u00f6nny\u00edtik a talaj, sz\u00e9na \u00e9s egy\u00e9b anyagok \u00e1s\u00e1s\u00e1t, emel\u00e9s\u00e9t \u00e9s sz\u00e1ll\u00edt\u00e1s\u00e1t. A g\u00e9m munkahenger\u00e9nek hat\u00e9konys\u00e1ga biztos\u00edtja, hogy a gazd\u00e1lkod\u00f3k gyorsan kezelhessenek nagy mennyis\u00e9g\u0171 anyagot, jav\u00edtva ezzel a mez\u0151gazdas\u00e1gi m\u0171veletek termel\u00e9kenys\u00e9g\u00e9t.<\/p>\n<\/li>\n<li>\n<h3>Kotr\u00f3g\u00e9pek<\/h3>\n<p>A kotr\u00f3g\u00e9pekben a g\u00e9mhenger lehet\u0151v\u00e9 teszi, hogy a kan\u00e1l hat\u00e9konyan hatoljon be a talajba, lehet\u0151v\u00e9 t\u00e9ve a m\u00e9ly f\u00f6ldmunk\u00e1kat. Ez a k\u00e9pess\u00e9g kulcsfontoss\u00e1g\u00fa az alapoz\u00e1sokn\u00e1l, \u00e1rok\u00e1s\u00e1sn\u00e1l \u00e9s m\u00e1s m\u00e9ly \u00e1s\u00e1si projektekn\u00e9l, amelyek prec\u00edzi\u00f3t \u00e9s teljes\u00edtm\u00e9nyt ig\u00e9nyelnek.<\/p>\n<\/li>\n<li>\n<h3>Rakod\u00f3k<\/h3>\n<p>A homlokrakod\u00f3kn\u00e1l a g\u00e9mhenger hat\u00e9konyan seg\u00edti a rakom\u00e1nyok emel\u00e9s\u00e9t \u00e9s \u00fcr\u00edt\u00e9s\u00e9t. Kialak\u00edt\u00e1s\u00e1nak k\u00f6sz\u00f6nhet\u0151en a kezel\u0151k a biztons\u00e1g vagy a g\u00e9p \u00e9ps\u00e9g\u00e9nek vesz\u00e9lyeztet\u00e9se n\u00e9lk\u00fcl is k\u00e9pesek kezelni a neh\u00e9z rakom\u00e1nyokat, \u00edgy elengedhetetlen az anyagmozgat\u00e1si feladatokhoz.<\/p>\n<\/li>\n<\/ul>\n<h2>Tervez\u00e9si szempontok \u00e9s kiv\u00e1laszt\u00e1si krit\u00e9riumok<\/h2>\n<ul>\n<li>\n<h3>Teherb\u00edr\u00e1s<\/h3>\n<p>G\u00e9mhenger kiv\u00e1laszt\u00e1sakor kulcsfontoss\u00e1g\u00fa a teherb\u00edr\u00e1s ismerete. A hengernek k\u00e9pesnek kell lennie a m\u0171k\u00f6d\u00e9s sor\u00e1n fell\u00e9p\u0151 maxim\u00e1lis terhel\u00e9s elvisel\u00e9s\u00e9re. Az olyan t\u00e9nyez\u0151k, mint a g\u00e9p t\u00edpusa \u00e9s az \u00e1ltala elv\u00e9gzend\u0151 konkr\u00e9t feladatok, befoly\u00e1solj\u00e1k a sz\u00fcks\u00e9ges kapacit\u00e1st. A v\u00e1rhat\u00f3 terhel\u00e9sek gondos kisz\u00e1m\u00edt\u00e1sa megakad\u00e1lyozhatja a henger meghib\u00e1sod\u00e1s\u00e1t \u00e9s biztos\u00edthatja a biztons\u00e1got a munkahelyen. Ezenk\u00edv\u00fcl a gy\u00e1rt\u00f3k gyakran adnak ir\u00e1nymutat\u00e1st a terhel\u00e9si korl\u00e1tokra vonatkoz\u00f3an a henger kialak\u00edt\u00e1sa \u00e9s a felhaszn\u00e1lt anyagok alapj\u00e1n.<\/p>\n<\/li>\n<li>\n<h3>T\u00f6m\u00edt\u00e9si teljes\u00edtm\u00e9ny<\/h3>\n<p>A t\u00f6m\u00edt\u00e9s kritikus t\u00e9nyez\u0151 a hidraulikus henger teljes\u00edtm\u00e9ny\u00e9ben. A hat\u00e9kony t\u00f6m\u00edt\u00e9sek megakad\u00e1lyozz\u00e1k a hidraulikafolyad\u00e9k sziv\u00e1rg\u00e1s\u00e1t, ami a teljes\u00edtm\u00e9ny cs\u00f6kken\u00e9s\u00e9hez \u00e9s a henger potenci\u00e1lis k\u00e1rosod\u00e1s\u00e1hoz vezethet. Alapvet\u0151 fontoss\u00e1g\u00fa, hogy kiv\u00e1l\u00f3 min\u0151s\u00e9g\u0171 anyagokb\u00f3l k\u00e9sz\u00fclt t\u00f6m\u00edt\u00e9seket v\u00e1lasszon, amelyek ellen\u00e1llnak az \u00fczemi k\u00f6rnyezetnek. A rendszeres karbantart\u00e1s, bele\u00e9rtve a t\u00f6m\u00edt\u00e9sek ellen\u0151rz\u00e9s\u00e9t \u00e9s cser\u00e9j\u00e9t, elengedhetetlen a henger hossz\u00fa t\u00e1v\u00fa m\u0171k\u00f6d\u00e9s\u00e9nek biztos\u00edt\u00e1s\u00e1hoz.<\/p>\n<\/li>\n<li>\n<h3>Tart\u00f3ss\u00e1g<\/h3>\n<p>A g\u00e9mhenger tart\u00f3ss\u00e1ga k\u00f6zvetlen\u00fcl befoly\u00e1solja \u00e9lettartam\u00e1t \u00e9s megb\u00edzhat\u00f3s\u00e1g\u00e1t. A kop\u00e1snak \u00e9s korr\u00f3zi\u00f3nak ellen\u00e1ll\u00f3, kiv\u00e1l\u00f3 min\u0151s\u00e9g\u0171 anyagok elengedhetetlenek ahhoz, hogy a henger ellen\u00e1lljon a mindennapi haszn\u00e1lat viszontags\u00e1gainak. A gy\u00e1rt\u00f3k gyakran tesztelik term\u00e9keiket zord k\u00f6r\u00fclm\u00e9nyek k\u00f6z\u00f6tt, hogy garant\u00e1lj\u00e1k a tart\u00f3ss\u00e1gi szabv\u00e1nyoknak val\u00f3 megfelel\u00e9st. C\u00e9lszer\u0171 olyan hengereket v\u00e1lasztani, amelyek szigor\u00fa tesztel\u00e9sen estek \u00e1t, \u00e9s bizony\u00edtottan bizony\u00edtottak a terepen.<\/p>\n<\/li>\n<li>\n<h3>Biztons\u00e1gi funkci\u00f3k<\/h3>\n<p>A biztons\u00e1g kiemelked\u0151 fontoss\u00e1g\u00fa a hidraulikus hengerek eset\u00e9ben. Az olyan tervez\u00e9si jellemz\u0151k, mint a repeszt\u00e9si nyom\u00e1sbesorol\u00e1s, a biztons\u00e1gi szelepek \u00e9s a v\u00e9szle\u00e1ll\u00edt\u00f3 funkci\u00f3k, megel\u0151zhetik a baleseteket \u00fczem k\u00f6zben. Fontos olyan hengereket keresni, amelyek megfelelnek a biztons\u00e1gi szabv\u00e1nyoknak \u00e9s el\u0151\u00edr\u00e1soknak. A kezel\u0151ket ki kell k\u00e9pezni a lehets\u00e9ges biztons\u00e1gi probl\u00e9m\u00e1k felismer\u00e9s\u00e9re, \u00e9s haszn\u00e1lat el\u0151tt biztos\u00edtani kell, hogy minden biztons\u00e1gi funkci\u00f3 megfelel\u0151en m\u0171k\u00f6dj\u00f6n.<\/p>\n<\/li>\n<li>\n<h3>Karbantart\u00e1si hozz\u00e1f\u00e9rhet\u0151s\u00e9g<\/h3>\n<p>A k\u00f6nny\u0171 karbantart\u00e1st lehet\u0151v\u00e9 tev\u0151 g\u00e9mhenger kiv\u00e1laszt\u00e1sa kulcsfontoss\u00e1g\u00fa az \u00e9lettartam meghosszabb\u00edt\u00e1sa \u00e9s az optim\u00e1lis teljes\u00edtm\u00e9ny biztos\u00edt\u00e1sa \u00e9rdek\u00e9ben. Az alkatr\u00e9szeknek k\u00f6nnyen hozz\u00e1f\u00e9rhet\u0151nek kell lenni\u00fck ellen\u0151rz\u00e9s, ken\u00e9s \u00e9s jav\u00edt\u00e1s c\u00e9lj\u00e1b\u00f3l. Rendszeres karbantart\u00e1si gyakorlatokat kell kialak\u00edtani a henger t\u00f6k\u00e9letes \u00e1llapot\u00e1nak meg\u0151rz\u00e9se \u00e9rdek\u00e9ben, \u00e9s a kezel\u0151ket ki kell k\u00e9pezni a megfelel\u0151 karbantart\u00e1si elj\u00e1r\u00e1sokra a k\u00f6lts\u00e9ges \u00e1ll\u00e1sid\u0151k elker\u00fcl\u00e9se \u00e9rdek\u00e9ben.<\/p>\n<\/li>\n<\/ul>\n<p><img decoding=\"async\" src=\"https:\/\/www.hydraulic-cylinders.net\/wp-content\/uploads\/2025\/04\/songte-oil-pipes-and-spare-parts.webp\" alt=\"Olajcs\u00f6vek \u00e9s alkatr\u00e9szek k\u00e9pe\"><\/p>\n<h2>T\u00f6m\u00edt\u00e9s \u00e9s ken\u00e9s<\/h2>\n<p>A hat\u00e9kony t\u00f6m\u00edt\u00e9s \u00e9s ken\u00e9s elengedhetetlen a g\u00e9mhengerek megfelel\u0151 m\u0171k\u00f6d\u00e9s\u00e9hez. K\u00fcl\u00f6nb\u00f6z\u0151 t\u00f6m\u00edt\u00e9seket, p\u00e9ld\u00e1ul dugatty\u00fat\u00f6m\u00edt\u00e9seket \u00e9s r\u00fadt\u00f6m\u00edt\u00e9seket haszn\u00e1lnak a hidraulikafolyad\u00e9k sziv\u00e1rg\u00e1s\u00e1nak \u00e9s szennyez\u0151d\u00e9s\u00e9nek megakad\u00e1lyoz\u00e1s\u00e1ra. A tart\u00f3s anyagokb\u00f3l, p\u00e9ld\u00e1ul poliuret\u00e1nb\u00f3l \u00e9s nitrilgumib\u00f3l k\u00e9sz\u00fclt t\u00f6m\u00edt\u00e9sek fokozott kop\u00e1s\u00e1ll\u00f3s\u00e1got biztos\u00edtanak, \u00edgy biztos\u00edtva a hossz\u00fa \u00e9lettartamot m\u00e9g kih\u00edv\u00e1st jelent\u0151 k\u00f6rnyezetben is. Tov\u00e1bb\u00e1 a hengertest \u00e9s a menetes v\u00e9gek finom megmunk\u00e1l\u00e1son esnek \u00e1t a kop\u00e1s\u00e1ll\u00f3s\u00e1g jav\u00edt\u00e1sa \u00e9rdek\u00e9ben.<\/p>\n<p>A hidraulikus rendszer rendszeres ken\u00e9se elengedhetetlen. A kezel\u0151knek rendszeresen hidraulikaolajat kell ut\u00e1nt\u00f6lteni\u00fck az optim\u00e1lis teljes\u00edtm\u00e9ny fenntart\u00e1sa \u00e9s a mozg\u00f3 alkatr\u00e9szek k\u00f6z\u00f6tti s\u00farl\u00f3d\u00e1s cs\u00f6kkent\u00e9se \u00e9rdek\u00e9ben. A megfelel\u0151 ken\u00e9s megakad\u00e1lyozza a t\u00falzott kop\u00e1st \u00e9s t\u00falmeleged\u00e9st, jelent\u0151sen meghosszabb\u00edtva a g\u00e9mhenger \u00e9lettartam\u00e1t.<\/p>\n<h2>Megel\u0151z\u0151 karbantart\u00e1si int\u00e9zked\u00e9sek<\/h2>\n<ul>\n<li>\n<h3>Rendszeres ellen\u0151rz\u00e9sek<\/h3>\n<p>A rendszeres ellen\u0151rz\u00e9sek seg\u00edtenek a potenci\u00e1lis probl\u00e9m\u00e1k korai azonos\u00edt\u00e1s\u00e1ban. Az \u00fczemeltet\u0151knek ellen\u0151rizni\u00fck kell a kop\u00e1s, sziv\u00e1rg\u00e1sok vagy egy\u00e9b rendelleness\u00e9gek jeleit, amelyek probl\u00e9m\u00e1ra utalhatnak. A rendszeres ellen\u0151rz\u00e9si \u00fctemterv kialak\u00edt\u00e1sa biztos\u00edtja a palack optim\u00e1lis m\u0171k\u00f6d\u00e9s\u00e9t, \u00e9s cs\u00f6kkenti a v\u00e1ratlan meghib\u00e1sod\u00e1sok kock\u00e1zat\u00e1t.<\/p>\n<\/li>\n<li>\n<h3>Megfelel\u0151 ken\u00e9s<\/h3>\n<p>A megfelel\u0151 ken\u00e9si szint fenntart\u00e1sa elengedhetetlen a g\u00e9mhenger z\u00f6kken\u0151mentes m\u0171k\u00f6d\u00e9s\u00e9hez. A kezel\u0151knek gondoskodniuk kell arr\u00f3l, hogy a hidraulikus rendszer megfelel\u0151en fel legyen t\u00f6ltve olajjal, \u00e9s hogy minden ken\u00e9si pontot a gy\u00e1rt\u00f3 aj\u00e1nl\u00e1sainak megfelel\u0151en szervizeljenek. A megfelel\u0151 t\u00edpus\u00fa hidraulikaolaj haszn\u00e1lata szint\u00e9n kulcsfontoss\u00e1g\u00fa szerepet j\u00e1tszik a teljes\u00edtm\u00e9ny fenntart\u00e1s\u00e1ban.<\/p>\n<\/li>\n<li>\n<h3>T\u00f6m\u00edt\u00e9scsere \u00e9s kalibr\u00e1l\u00e1s ellen\u0151rz\u00e9se<\/h3>\n<p>A t\u00f6m\u00edt\u00e9sek cser\u00e9je a megel\u0151z\u0151 karbantart\u00e1s r\u00e9szek\u00e9nt seg\u00edt elker\u00fclni a sziv\u00e1rg\u00e1sokat \u00e9s fenntartani a hidraulikus nyom\u00e1st. A kezel\u0151knek figyelni\u00fck kell a t\u00f6m\u00edt\u00e9sek \u00e1llapot\u00e1ra, \u00e9s az els\u0151 kop\u00e1si jelre ki kell cser\u00e9lni\u00fck azokat. Ezenk\u00edv\u00fcl a kalibr\u00e1ci\u00f3s ellen\u0151rz\u00e9sek elv\u00e9gz\u00e9se biztos\u00edtja, hogy a henger megfelel\u0151en m\u0171k\u00f6dj\u00f6n \u00e9s fenntartsa a megadott teljes\u00edtm\u00e9nyszabv\u00e1nyokat.<\/p>\n<\/li>\n<\/ul>\n<p><img decoding=\"async\" src=\"https:\/\/www.hydraulic-cylinders.net\/wp-content\/uploads\/2025\/04\/songte-chushion-collar.webp\" alt=\"P\u00e1rnagall\u00e9r k\u00e9p\"><\/p>\n<h2>Telep\u00edt\u00e9si \u00fatmutat\u00f3<\/h2>\n<p>A g\u00e9mhenger megfelel\u0151 beszerel\u00e9se kulcsfontoss\u00e1g\u00fa a teljes\u00edtm\u00e9nye \u00e9s hossz\u00fa \u00e9lettartama szempontj\u00e1b\u00f3l. A sikeres beszerel\u00e9shez k\u00f6vesse az al\u00e1bbi ir\u00e1nyelveket:<\/p>\n<ul>\n<li>Biztos\u00edtsa az igaz\u00edt\u00e1st: A henger megfelel\u0151 be\u00e1ll\u00edt\u00e1sa a r\u00f6gz\u00edt\u00e9si pontokhoz elengedhetetlen. A hib\u00e1s be\u00e1ll\u00edt\u00e1s a henger id\u0151 el\u0151tti kop\u00e1s\u00e1hoz vagy meghib\u00e1sod\u00e1s\u00e1hoz vezethet.<\/li>\n<li>Haszn\u00e1ljon megfelel\u0151 r\u00f6gz\u00edt\u0151konzolokat: A henger biztons\u00e1gos r\u00f6gz\u00edt\u00e9se az aj\u00e1nlott konzolokkal vagy tart\u00f3kkal megakad\u00e1lyozza az elmozdul\u00e1st m\u0171k\u00f6d\u00e9s k\u00f6zben, \u00edgy fenntartja a stabilit\u00e1st \u00e9s a biztons\u00e1got.<\/li>\n<li>Tartsa be a nyomat\u00e9kra vonatkoz\u00f3 el\u0151\u00edr\u00e1sokat: A csavarok megh\u00faz\u00e1sakor tartsa be a gy\u00e1rt\u00f3 nyomat\u00e9kra vonatkoz\u00f3 el\u0151\u00edr\u00e1sait, hogy elker\u00fclje a t\u00falzott megh\u00faz\u00e1st, ami k\u00e1rosod\u00e1st okozhat.<\/li>\n<li>Hidraulikus csatlakoz\u00e1sok ellen\u0151rz\u00e9se: A berendez\u00e9s \u00fczemeltet\u00e9se el\u0151tt gy\u0151z\u0151dj\u00f6n meg arr\u00f3l, hogy minden hidraulikus csatlakoz\u00e1s szoros \u00e9s sziv\u00e1rg\u00e1smentes.<\/li>\n<li>A rendszer tesztel\u00e9se: A telep\u00edt\u00e9s ut\u00e1n v\u00e9gezzen pr\u00f3ba\u00fczemet a megfelel\u0151 m\u0171k\u00f6d\u00e9s ellen\u0151rz\u00e9s\u00e9re \u00e9s a sziv\u00e1rg\u00e1sok hi\u00e1ny\u00e1nak elker\u00fcl\u00e9se \u00e9rdek\u00e9ben.<\/li>\n<\/ul>\n<h2>Karbantart\u00e1si feladatok<\/h2>\n<ul>\n<li>\n<h3>Rendszeres ellen\u0151rz\u00e9sek<\/h3>\n<p>A rendszeres ellen\u0151rz\u00e9sek elv\u00e9gz\u00e9se elengedhetetlen a kop\u00e1s \u00e9s elhaszn\u00e1l\u00f3d\u00e1s, a potenci\u00e1lis sziv\u00e1rg\u00e1sok vagy a cser\u00e9t ig\u00e9nyl\u0151 alkatr\u00e9szek azonos\u00edt\u00e1s\u00e1hoz. A kezel\u0151knek vizu\u00e1lisan ellen\u0151rizni\u00fck kell a hengert \u00e9s a k\u00f6rnyez\u0151 ter\u00fcleteket, hogy id\u0151ben felismerj\u00e9k a probl\u00e9m\u00e1kat. A meg\u00e1llap\u00edt\u00e1sok dokument\u00e1l\u00e1sa seg\u00edt a karbantart\u00e1si el\u0151zm\u00e9nyek \u00e1tl\u00e1that\u00f3 vezet\u00e9s\u00e9ben.<\/p>\n<\/li>\n<li>\n<h3>Megfelel\u0151 ken\u00e9s<\/h3>\n<p>A henger megfelel\u0151 ken\u00e9s\u00e9nek biztos\u00edt\u00e1sa megakad\u00e1lyozza a s\u00farl\u00f3d\u00e1sb\u00f3l ered\u0151 kop\u00e1st \u00e9s fenntartja a z\u00f6kken\u0151mentes m\u0171k\u00f6d\u00e9st. A kezel\u0151knek nyomon kell k\u00f6vetni\u00fck a ken\u00e9si \u00fctemterveket, \u00e9s be kell tartaniuk a gy\u00e1rt\u00f3 olajt\u00edpusokra \u00e9s -mennyis\u00e9gekre vonatkoz\u00f3 aj\u00e1nl\u00e1sait, hozz\u00e1j\u00e1rulva a hidraulikus rendszer \u00e1ltal\u00e1nos \u00e1llapot\u00e1hoz.<\/p>\n<\/li>\n<li>\n<h3>T\u00f6m\u00edt\u00e9scsere \u00e9s kalibr\u00e1l\u00e1s ellen\u0151rz\u00e9se<\/h3>\n<p>A t\u00f6m\u00edt\u00e9sek rendszeres cser\u00e9je \u00e9s a kalibr\u00e1ci\u00f3s ellen\u0151rz\u00e9sek elv\u00e9gz\u00e9se megel\u0151zheti a hidraulikafolyad\u00e9k sziv\u00e1rg\u00e1sait, \u00e9s biztos\u00edthatja, hogy a henger a tervezett teljes\u00edtm\u00e9nyen m\u0171k\u00f6dj\u00f6n. A kezel\u0151knek \u00e9bernek kell lenni\u00fck a t\u00f6m\u00edt\u00e9sek \u00e9ps\u00e9g\u00e9vel kapcsolatban, \u00e9s be kell tartaniuk a t\u00f6m\u00edt\u00e9sek ellen\u0151rz\u00e9s\u00e9re \u00e9s cser\u00e9j\u00e9re vonatkoz\u00f3 el\u0151\u00edrt protokollokat.<\/p>\n<\/li>\n<\/ul>\n<h2>Biztons\u00e1gi szempontok \u00e9s k\u00f6rnyezeti t\u00e9nyez\u0151k<\/h2>\n<p>Hidraulikus hengerekkel v\u00e9gzett munka sor\u00e1n a biztons\u00e1gi int\u00e9zked\u00e9sek kiemelked\u0151en fontosak. A kezel\u0151knek tiszt\u00e1ban kell lenni\u00fck a hidraulikus rendszerekkel kapcsolatos lehets\u00e9ges vesz\u00e9lyekkel, bele\u00e9rtve a folyad\u00e9ksziv\u00e1rg\u00e1s vagy a henger meghib\u00e1sod\u00e1s\u00e1nak kock\u00e1zat\u00e1t. A biztons\u00e1gi ir\u00e1nyelvek betart\u00e1sa, a szem\u00e9lyi v\u00e9d\u0151felszerel\u00e9sek (PPE) haszn\u00e1lata \u00e9s az \u00fczemeltet\u00e9si protokollok betart\u00e1sa cs\u00f6kkenti ezeket a kock\u00e1zatokat. Ezenk\u00edv\u00fcl a k\u00f6rnyezeti agg\u00e1lyokat, p\u00e9ld\u00e1ul a hidraulikus folyad\u00e9k ki\u00f6ml\u00e9s\u00e9t, megfelel\u0151 karbantart\u00e1si \u00e9s elszigetel\u00e9si gyakorlatokkal kell kezelni, biztos\u00edtva a szab\u00e1lyoz\u00e1sok betart\u00e1s\u00e1t \u00e9s el\u0151seg\u00edtve a biztons\u00e1gos munkak\u00f6rnyezetet.<\/p>\n<h2>Gyakori probl\u00e9m\u00e1k elh\u00e1r\u00edt\u00e1sa<\/h2>\n<ul>\n<li>\n<h3>Sziv\u00e1rg\u00e1s<\/h3>\n<p>A hidraulikafolyad\u00e9k sziv\u00e1rg\u00e1sa kopott t\u00f6m\u00edt\u00e9sek vagy s\u00e9r\u00fclt szerelv\u00e9nyek miatt fordulhat el\u0151. A kezel\u0151knek rendszeresen ellen\u0151rizni\u00fck kell az \u00f6sszes csatlakoz\u00e1si pontot \u00e9s t\u00f6m\u00edt\u00e9st. Sziv\u00e1rg\u00e1s \u00e9szlel\u00e9se eset\u00e9n a t\u00f6m\u00edt\u00e9seket azonnal ki kell cser\u00e9lni a tov\u00e1bbi hidraulikus nyom\u00e1svesztes\u00e9g elker\u00fcl\u00e9se \u00e9rdek\u00e9ben.<\/p>\n<\/li>\n<li>\n<h3>Cs\u00f6kkentett teljes\u00edtm\u00e9ny<\/h3>\n<p>A reag\u00e1l\u00e1s hi\u00e1nya vagy a lass\u00fa mozg\u00e1s alacsony hidraulikafolyad\u00e9k-szintre vagy bels\u0151 s\u00e9r\u00fcl\u00e9sre utalhat. A kezel\u0151knek ellen\u0151rizni\u00fck kell a folyad\u00e9kszintet, \u00e9s sz\u00fcks\u00e9g szerint ut\u00e1n kell t\u00f6lteni\u00fck. Ha a probl\u00e9ma tov\u00e1bbra is fenn\u00e1ll, a henger szak\u00e9rt\u0151i vizsg\u00e1latra szorulhat.<\/p>\n<\/li>\n<li>\n<h3>T\u00falmeleged\u00e9s<\/h3>\n<p>A t\u00falzott h\u0151k\u00e9pz\u0151d\u00e9s oka lehet a ken\u00e9s hi\u00e1nya vagy a henger t\u00falterhel\u00e9se. A kezel\u0151knek gondoskodniuk kell a megfelel\u0151 ken\u00e9sr\u0151l, \u00e9s arr\u00f3l, hogy a henger ne l\u00e9pje t\u00fal a teherb\u00edr\u00e1s\u00e1t. Sz\u00e9ls\u0151s\u00e9ges esetekben h\u0171t\u00e9si int\u00e9zked\u00e9sek bevezet\u00e9se is sz\u00fcks\u00e9ges lehet.<\/p>\n<\/li>\n<\/ul>\n<p><img decoding=\"async\" src=\"https:\/\/www.hydraulic-cylinders.net\/wp-content\/uploads\/2025\/04\/songte-bushings-with-all-kinds-of-excavator-models.webp\" alt=\"Perselyek k\u00e9pe\"><\/p>\n<h2>Diagn\u00f3zis \u00e9s megel\u0151z\u0151 int\u00e9zked\u00e9sek<\/h2>\n<p>A g\u00e9mhengerek probl\u00e9m\u00e1inak hat\u00e9kony diagnosztiz\u00e1l\u00e1sa \u00e9rdek\u00e9ben a kezel\u0151knek szisztematikus megk\u00f6zel\u00edt\u00e9st kell alkalmazniuk. A teljes\u00edtm\u00e9nymutat\u00f3k rendszeres monitoroz\u00e1sa seg\u00edthet a norm\u00e1l m\u0171k\u00f6d\u00e9st\u0151l val\u00f3 elt\u00e9r\u00e9sek azonos\u00edt\u00e1s\u00e1ban. A megel\u0151z\u0151 int\u00e9zked\u00e9sek, p\u00e9ld\u00e1ul a rendszeres karbantart\u00e1si \u00fctemtervek \u00e9s a kezel\u0151i k\u00e9pz\u00e9s bevezet\u00e9se jelent\u0151sen cs\u00f6kkentheti a probl\u00e9m\u00e1k el\u0151fordul\u00e1s\u00e1nak val\u00f3sz\u00edn\u0171s\u00e9g\u00e9t. A potenci\u00e1lis probl\u00e9m\u00e1k ismerete \u00e9s a proakt\u00edv kezel\u00e9s meghosszabb\u00edthatja a hidraulikus henger \u00e9lettartam\u00e1t \u00e9s jav\u00edthatja az \u00e1ltal\u00e1nos m\u0171k\u00f6d\u00e9si hat\u00e9konys\u00e1got.<\/p>\n<h2>C\u00e9ginform\u00e1ci\u00f3<\/h2>\n<p>Vezet\u0151 gy\u00e1rt\u00f3ja \u00e9s nagykeresked\u0151je vagyunk a p\u00f3talkatr\u00e9szk\u00e9nt szolg\u00e1l\u00f3 hidraulikus hengereknek, \u00e1tfog\u00f3 term\u00e9kv\u00e1laszt\u00e9kot k\u00edn\u00e1lva, amely megfelel a k\u00fcl\u00f6nf\u00e9le ipari ig\u00e9nyeknek. A min\u0151s\u00e9g ir\u00e1nti elk\u00f6telezetts\u00e9g\u00fcnk arra \u00f6szt\u00f6n\u00f6z minket, hogy kifinomult gy\u00e1rt\u00e1si strat\u00e9gi\u00e1t alkalmazzunk, amely k\u00e9pzett munkaer\u0151re, fejlett digit\u00e1lis gy\u00e1rt\u00f3berendez\u00e9sekre \u00e9s robusztus tesztrendszerekre t\u00e1maszkodik. Ez a megk\u00f6zel\u00edt\u00e9s lehet\u0151v\u00e9 teszi sz\u00e1munkra, hogy folyamatosan fejlessz\u00fck gy\u00e1rt\u00e1si k\u00e9pess\u00e9geinket, jav\u00edtsuk term\u00e9keink min\u0151s\u00e9g\u00e9t, \u00e9s kiel\u00e9g\u00edts\u00fck \u00fcgyfeleink sokr\u00e9t\u0171 ig\u00e9nyeit.<\/p>\n<p>A professzionalizmusra, a nemzetk\u00f6zi tan\u00fas\u00edt\u00e1sra \u00e9s a testreszabhat\u00f3 szolg\u00e1ltat\u00e1sokra \u00f6sszpontos\u00edtva c\u00e9g\u00fcnk kiemelkedik a hidraulikus hengerek piac\u00e1n. Korszer\u0171 gy\u00e1rt\u00f3\u00fczemeink nagym\u00e9ret\u0171 gy\u00e1rt\u00e1s lebonyol\u00edt\u00e1s\u00e1ra vannak felszerelve, mik\u00f6zben magas pontoss\u00e1gi \u00e9s min\u0151s\u00e9gi szabv\u00e1nyokat tartanak fenn. B\u00fcszk\u00e9k vagyunk kiv\u00e9teles \u00e9rt\u00e9kes\u00edt\u00e9s ut\u00e1ni szolg\u00e1ltat\u00e1sunkra, biztos\u00edtva az \u00fcgyfelek el\u00e9gedetts\u00e9g\u00e9t a v\u00e1s\u00e1rl\u00e1si folyamat minden szakasz\u00e1ban.<\/p>\n<p><img decoding=\"async\" src=\"https:\/\/www.hydraulic-cylinders.net\/wp-content\/uploads\/2025\/04\/songte-company-4.webp\" alt=\"C\u00e9gk\u00e9p 1\"><br \/>\n<img decoding=\"async\" src=\"https:\/\/www.hydraulic-cylinders.net\/wp-content\/uploads\/2025\/04\/songte-company-3.webp\" alt=\"C\u00e9gk\u00e9p 2\"><\/p>\n<p>Szerz\u0151: lyl<\/p>","protected":false},"excerpt":{"rendered":"<p>Boom Cylinder For Pengpu SW230LC-5 Introduction to Boom Cylinder The Boom Cylinder is an essential hydraulic component specifically designed for controlling the movement of buckets in various heavy machinery such as excavators, backhoes, and front loaders. This hydraulic cylinder enables the bucket to lift, lower, and tilt, facilitating efficient material handling tasks. The bucket cylinder [&hellip;]<\/p>","protected":false},"featured_media":17875,"comment_status":"open","ping_status":"closed","template":"","meta":{"_et_pb_use_builder":"","_et_pb_old_content":"","_et_gb_content_width":""},"product_brand":[],"product_cat":[1546],"product_tag":[1547,1496],"class_list":{"0":"post-19537","1":"product","2":"type-product","3":"status-publish","4":"has-post-thumbnail","6":"product_cat-boom-cylinders","7":"product_tag-boom-cylinders","8":"product_tag-hydraulic-cylinders","10":"first","11":"instock","12":"shipping-taxable","13":"product-type-simple"},"amp_enabled":true,"_links":{"self":[{"href":"https:\/\/www.hydraulic-cylinders.net\/hu\/wp-json\/wp\/v2\/product\/19537","targetHints":{"allow":["GET"]}}],"collection":[{"href":"https:\/\/www.hydraulic-cylinders.net\/hu\/wp-json\/wp\/v2\/product"}],"about":[{"href":"https:\/\/www.hydraulic-cylinders.net\/hu\/wp-json\/wp\/v2\/types\/product"}],"replies":[{"embeddable":true,"href":"https:\/\/www.hydraulic-cylinders.net\/hu\/wp-json\/wp\/v2\/comments?post=19537"}],"wp:featuredmedia":[{"embeddable":true,"href":"https:\/\/www.hydraulic-cylinders.net\/hu\/wp-json\/wp\/v2\/media\/17875"}],"wp:attachment":[{"href":"https:\/\/www.hydraulic-cylinders.net\/hu\/wp-json\/wp\/v2\/media?parent=19537"}],"wp:term":[{"taxonomy":"product_brand","embeddable":true,"href":"https:\/\/www.hydraulic-cylinders.net\/hu\/wp-json\/wp\/v2\/product_brand?post=19537"},{"taxonomy":"product_cat","embeddable":true,"href":"https:\/\/www.hydraulic-cylinders.net\/hu\/wp-json\/wp\/v2\/product_cat?post=19537"},{"taxonomy":"product_tag","embeddable":true,"href":"https:\/\/www.hydraulic-cylinders.net\/hu\/wp-json\/wp\/v2\/product_tag?post=19537"}],"curies":[{"name":"munkaf\u00fczet","href":"https:\/\/api.w.org\/{rel}","templated":true}]}}