{"id":19547,"date":"2025-04-07T06:53:55","date_gmt":"2025-04-07T06:53:55","guid":{"rendered":"https:\/\/www.hydraulic-cylinders.net\/product\/boom-cylinder-for-nante-nt18\/"},"modified":"2025-04-07T06:53:57","modified_gmt":"2025-04-07T06:53:57","slug":"boom-cylinder-for-nante-nt18","status":"publish","type":"product","link":"https:\/\/www.hydraulic-cylinders.net\/hu\/termek\/boom-cylinder-for-nante-nt18\/","title":{"rendered":"G\u00e9mhenger Nante NT18-hoz"},"content":{"rendered":"<h1>G\u00e9mhenger Nante NT18-hoz<\/h1>\n<h2>A g\u00e9mhenger \u00e1ttekint\u00e9se<\/h2>\n<p>A g\u00e9mhenger, m\u00e1s n\u00e9ven kan\u00e1lhenger, kritikus fontoss\u00e1g\u00fa alkatr\u00e9sz a neh\u00e9zg\u00e9pekben haszn\u00e1lt hidraulikus rendszerekben. Ezek a hengerek szab\u00e1lyozz\u00e1k a kan\u00e1l mozg\u00e1s\u00e1t k\u00fcl\u00f6nf\u00e9le g\u00e9peken, p\u00e9ld\u00e1ul kotr\u00f3g\u00e9peken, kotr\u00f3g\u00e9peken \u00e9s homlokrakod\u00f3kon. Els\u0151dleges funkci\u00f3juk a kan\u00e1l emel\u00e9se, s\u00fcllyeszt\u00e9se \u00e9s billent\u00e9se, ami hat\u00e9konyan megk\u00f6nny\u00edti az anyagmozgat\u00e1si feladatokat.<\/p>\n<p>L\u00e9nyeg\u00e9ben a g\u00e9mhenger hidraulikus folyad\u00e9k seg\u00edts\u00e9g\u00e9vel hoz l\u00e9tre nyom\u00e1st, amely mozgatja a hengerben l\u00e9v\u0151 dugatty\u00fat. Ez a mozg\u00e1s teszi lehet\u0151v\u00e9 a neh\u00e9z emel\u00e9shez \u00e9s man\u0151verez\u00e9shez sz\u00fcks\u00e9ges prec\u00edz vez\u00e9rl\u00e9st, \u00edgy n\u00e9lk\u00fcl\u00f6zhetetlen az \u00e9p\u00edt\u0151iparban, a mez\u0151gazdas\u00e1gban \u00e9s m\u00e1s, neh\u00e9zg\u00e9pekre t\u00e1maszkod\u00f3 ipar\u00e1gakban.<\/p>\n<p><img decoding=\"async\" src=\"https:\/\/www.hydraulic-cylinders.net\/wp-content\/uploads\/2025\/04\/songte-company-1.webp\" alt=\"G\u00e9mhenger k\u00e9pe\"><\/p>\n<h2>A g\u00e9mhenger f\u0151bb jellemz\u0151i<\/h2>\n<ul>\n<li><strong>Nagy szil\u00e1rds\u00e1g \u00e9s tart\u00f3ss\u00e1g:<\/strong> Ezek a hengerek jellemz\u0151en nagy szil\u00e1rds\u00e1g\u00fa ac\u00e9lb\u00f3l vagy alum\u00edniumb\u00f3l k\u00e9sz\u00fclnek, \u00e9s ellen\u00e1llnak a nagy nyom\u00e1snak \u00e9s a nagy terhel\u00e9seknek, \u00edgy alkalmasak zord munkak\u00f6r\u00fclm\u00e9nyekre. Kop\u00e1s\u00e1ll\u00f3s\u00e1gra \u00e9s korr\u00f3zi\u00f3\u00e1ll\u00f3s\u00e1gra tervezt\u00e9k \u0151ket, ami meghosszabb\u00edtja \u00e9lettartamukat.<\/li>\n<li><strong>Hat\u00e9kony hidraulikus m\u0171k\u00f6dtet\u00e9s:<\/strong> A g\u00e9mhenger hidraulikaolaj-nyom\u00e1st haszn\u00e1l a sima kitol\u00e1shoz \u00e9s visszah\u00faz\u00e1shoz, lehet\u0151v\u00e9 t\u00e9ve a gyors reag\u00e1l\u00e1st a vez\u00e9rl\u0151parancsokra, \u00e9s er\u0151teljes tol\u00f3- \u00e9s h\u00faz\u00f3k\u00e9pess\u00e9get biztos\u00edtva, ami ide\u00e1lis neh\u00e9z t\u00e1rgyak \u00e9s \u00f6sszetett feladatok kezel\u00e9s\u00e9hez.<\/li>\n<li><strong>K\u00fcl\u00f6nb\u00f6z\u0151 t\u00edpusok:<\/strong> Az alkalmaz\u00e1st\u00f3l f\u00fcgg\u0151en egyszeres m\u0171k\u00f6d\u00e9s\u0171 (egy ir\u00e1nyban hidraulikusan m\u0171k\u00f6dtetett) \u00e9s kett\u0151s m\u0171k\u00f6d\u00e9s\u0171 (mindk\u00e9t ir\u00e1nyban hidraulikusan m\u0171k\u00f6dtetett) hengerek kaphat\u00f3k. Egyes modellek teleszk\u00f3posak, \u00edgy nagyobb kiny\u00fal\u00e1st tesznek lehet\u0151v\u00e9 a k\u00fcls\u0151 m\u00e9retek n\u00f6vel\u00e9se n\u00e9lk\u00fcl, ami el\u0151ny\u00f6s a korl\u00e1tozott helyig\u00e9ny\u0171 alkalmaz\u00e1sokn\u00e1l.<\/li>\n<li><strong>Egyedi gy\u00e1rt\u00e1s:<\/strong> Term\u00e9keink t\u00f6k\u00e9letesen helyettes\u00edthetik a megl\u00e9v\u0151 hidraulikus hengereket, biztos\u00edtva a kompatibilit\u00e1st \u00e9s a funkcionalit\u00e1st.<\/li>\n<\/ul>\n<p><img decoding=\"async\" src=\"https:\/\/www.hydraulic-cylinders.net\/wp-content\/uploads\/2025\/04\/songte-cylinder-head-with-all-kinds-excavator-models.webp\" alt=\"Kotr\u00f3g\u00e9p modellek\"><\/p>\n<h2>A g\u00e9mhenger alkalmaz\u00e1sai<\/h2>\n<h3>\u00c9p\u00edt\u0151ipari berendez\u00e9sek<\/h3>\n<p>Az \u00e9p\u00edt\u0151ipari g\u00e9pekben, p\u00e9ld\u00e1ul a kotr\u00f3g\u00e9pekben, a g\u00e9mhengerek elengedhetetlenek az \u00e1s\u00e1shoz, rakod\u00e1shoz \u00e9s a f\u00f6ld vagy t\u00f6rmel\u00e9k mozgat\u00e1s\u00e1hoz. Lehet\u0151v\u00e9 teszik a kezel\u0151k sz\u00e1m\u00e1ra, hogy \u00f6sszetett feladatokat v\u00e9gezzenek prec\u00edzen. A kotr\u00f3g\u00e9p-rakod\u00f3k eset\u00e9ben ezek a hengerek nemcsak a f\u00f6ldmunk\u00e1ban, hanem az emel\u00e9si m\u0171veletekben is seg\u00edtenek. A g\u00e9mhengerek integr\u00e1l\u00e1sa ezekbe a g\u00e9pekbe n\u00f6veli a termel\u00e9kenys\u00e9get \u00e9s a hat\u00e9konys\u00e1got az \u00e9p\u00edtkez\u00e9seken.<\/p>\n<h3>Mez\u0151gazdas\u00e1gi g\u00e9pek<\/h3>\n<p>Mez\u0151gazdas\u00e1gi k\u00f6rnyezetben a g\u00e9mhengereket homlokrakod\u00f3kban haszn\u00e1lj\u00e1k talaj, sz\u00e9na \u00e9s egy\u00e9b anyagok \u00e1s\u00e1s\u00e1ra, emel\u00e9s\u00e9re \u00e9s sz\u00e1ll\u00edt\u00e1s\u00e1ra. Robusztus kialak\u00edt\u00e1suk biztos\u00edtja, hogy k\u00e9pesek legyenek kezelni a mez\u0151gazdas\u00e1gi m\u0171veletek sor\u00e1n gyakran el\u0151fordul\u00f3 ig\u00e9nyes feladatokat, mik\u00f6zben meg\u0151rzik a megb\u00edzhat\u00f3s\u00e1got \u00e9s a k\u00f6nny\u0171 kezelhet\u0151s\u00e9get.<\/p>\n<h3>Kotr\u00f3g\u00e9pek<\/h3>\n<p>A kotr\u00f3g\u00e9pekben a g\u00e9mhengerek megk\u00f6nny\u00edtik az \u00e1s\u00e1si m\u0171veleteket az\u00e1ltal, hogy lehet\u0151v\u00e9 teszik a kan\u00e1l hat\u00e9kony talajba hatol\u00e1s\u00e1t. Ezek biztos\u00edtj\u00e1k a sz\u00fcks\u00e9ges er\u0151t a kem\u00e9ny talaj \u00e9s a szikl\u00e1k \u00e1tt\u00f6r\u00e9s\u00e9hez, \u00edgy l\u00e9tfontoss\u00e1g\u00fa elemei a k\u00fcl\u00f6nb\u00f6z\u0151 l\u00e9pt\u00e9k\u0171 f\u00f6ldmunk\u00e1k sor\u00e1n.<\/p>\n<h3>Rakod\u00f3k<\/h3>\n<p>A homlokrakod\u00f3kn\u00e1l a g\u00e9mhengerek jelent\u0151sen hozz\u00e1j\u00e1rulnak a rakom\u00e1nyok hat\u00e9kony emel\u00e9s\u00e9hez \u00e9s \u00fcr\u00edt\u00e9s\u00e9hez. Lehet\u0151v\u00e9 teszik a kezel\u0151k sz\u00e1m\u00e1ra a neh\u00e9z anyagok k\u00f6nny\u0171 mozgat\u00e1s\u00e1t, ez\u00e1ltal n\u00f6velve a g\u00e9p \u00e1ltal\u00e1nos termel\u00e9kenys\u00e9g\u00e9t \u00e9s cs\u00f6kkentve a k\u00fcl\u00f6nf\u00e9le feladatok \u00fczemidej\u00e9t.<\/p>\n<h2>Tervez\u00e9si szempontok \u00e9s kiv\u00e1laszt\u00e1si krit\u00e9riumok<\/h2>\n<ul>\n<li><strong>Teherb\u00edr\u00e1s:<\/strong> A teherb\u00edr\u00e1s meg\u00e9rt\u00e9se kulcsfontoss\u00e1g\u00fa a g\u00e9mhenger kiv\u00e1laszt\u00e1sakor. Ez hat\u00e1rozza meg a henger \u00e1ltal elb\u00edrt maxim\u00e1lis s\u00falyt a teljes\u00edtm\u00e9ny vagy a biztons\u00e1g fel\u00e1ldoz\u00e1sa n\u00e9lk\u00fcl. A sz\u00fcks\u00e9ges teherb\u00edr\u00e1snak megfelel\u0151 vagy azt meghalad\u00f3 henger kiv\u00e1laszt\u00e1sa biztos\u00edtja a megb\u00edzhat\u00f3s\u00e1got \u00e9s a hossz\u00fa \u00e9lettartamot.<\/li>\n<li><strong>T\u00f6m\u00edt\u0151 mechanizmusok:<\/strong> A t\u00f6m\u00edt\u0151rendszer hat\u00e9konys\u00e1ga l\u00e9tfontoss\u00e1g\u00fa a hidraulikafolyad\u00e9k sziv\u00e1rg\u00e1s\u00e1nak megakad\u00e1lyoz\u00e1s\u00e1hoz. A tart\u00f3s anyagokb\u00f3l, p\u00e9ld\u00e1ul poliuret\u00e1nb\u00f3l vagy nitrilgumib\u00f3l k\u00e9sz\u00fclt, kiv\u00e1l\u00f3 min\u0151s\u00e9g\u0171 t\u00f6m\u00edt\u00e9sek seg\u00edtenek fenntartani a nyom\u00e1st \u00e9s cs\u00f6kkentik a karbantart\u00e1si ig\u00e9nyt.<\/li>\n<li><strong>Tart\u00f3ss\u00e1g:<\/strong> A g\u00e9mhengerek gy\u00e1rt\u00e1s\u00e1hoz felhaszn\u00e1lt anyagoknak kop\u00e1s- \u00e9s korr\u00f3zi\u00f3\u00e1ll\u00f3nak kell lenni\u00fck. Ez k\u00fcl\u00f6n\u00f6sen fontos zord k\u00f6rnyezetben, ahol az elemeknek val\u00f3 kitetts\u00e9g a gyeng\u00e9bb min\u0151s\u00e9g\u0171 alkatr\u00e9szek id\u0151 el\u0151tti meghib\u00e1sod\u00e1s\u00e1hoz vezethet.<\/li>\n<li><strong>Biztons\u00e1gi jellemz\u0151k:<\/strong> Safety is paramount in hydraulic systems. Boom cylinders should incorporate features that prevent overextension and sudden failures. These safety mechanisms ensure the operator&#8217;s safety and the integrity of the machine.<\/li>\n<li><strong>Karbantart\u00e1si hozz\u00e1f\u00e9rhet\u0151s\u00e9g:<\/strong> A j\u00f3 kialak\u00edt\u00e1snak lehet\u0151v\u00e9 kell tennie a k\u00f6nny\u0171 karbantart\u00e1st \u00e9s ellen\u0151rz\u00e9st. Azok a jellemz\u0151k, amelyek lehet\u0151v\u00e9 teszik a palack rendszeres ellen\u0151rz\u00e9s c\u00e9lj\u00e1b\u00f3l t\u00f6rt\u00e9n\u0151 hozz\u00e1f\u00e9rhet\u0151s\u00e9g\u00e9t, jelent\u0151sen jav\u00edthatj\u00e1k \u00e9lettartam\u00e1t \u00e9s teljes\u00edtm\u00e9ny\u00e9t.<\/li>\n<\/ul>\n<p><img decoding=\"async\" src=\"https:\/\/www.hydraulic-cylinders.net\/wp-content\/uploads\/2025\/04\/songte-oil-pipes-and-spare-parts.webp\" alt=\"Hidraulikus alkatr\u00e9szek\"><\/p>\n<h2>T\u00f6m\u00edt\u00e9s \u00e9s ken\u00e9s<\/h2>\n<p>Sealing and lubrication are critical aspects of maintaining a boom cylinder&#8217;s performance. Various seals, including piston seals and rod seals, are utilized to ensure that hydraulic fluid remains contained within the cylinder. These seals are often made from wear-resistant materials like polyurethane and nitrile rubber, which provide excellent durability.<\/p>\n<p>A hengertestet \u00e9s a menetes v\u00e9gfel\u00fcleteket apr\u00f3l\u00e9kosan megmunk\u00e1lj\u00e1k a kop\u00e1s\u00e1ll\u00f3s\u00e1g fokoz\u00e1sa \u00e9rdek\u00e9ben. A megfelel\u0151 t\u00edpus\u00fa \u00e9s mennyis\u00e9g\u0171 hidraulikaolajjal t\u00f6rt\u00e9n\u0151 rendszeres ken\u00e9s elengedhetetlen a s\u00farl\u00f3d\u00e1s cs\u00f6kkent\u00e9s\u00e9hez \u00e9s a z\u00f6kken\u0151mentes m\u0171k\u00f6d\u00e9s biztos\u00edt\u00e1s\u00e1hoz. Ezen karbantart\u00e1si feladatok elmulaszt\u00e1sa id\u0151 el\u0151tti kop\u00e1shoz \u00e9s potenci\u00e1lis rendszerhib\u00e1khoz vezethet.<\/p>\n<h2>Rendszeres ellen\u0151rz\u00e9s \u00e9s megel\u0151z\u0151 karbantart\u00e1s<\/h2>\n<ul>\n<li><strong>Rutinszer\u0171 ellen\u0151rz\u00e9s:<\/strong> Rendszeresen ellen\u0151rizze a g\u00e9mhengert kop\u00e1s, sziv\u00e1rg\u00e1s vagy s\u00e9r\u00fcl\u00e9s jelei szempontj\u00e1b\u00f3l. Ez a megel\u0151z\u0151 int\u00e9zked\u00e9s seg\u00edthet azonos\u00edtani a potenci\u00e1lis probl\u00e9m\u00e1kat, miel\u0151tt azok jelent\u0151ss\u00e9 v\u00e1ln\u00e1nak, biztos\u00edtva a folyamatos m\u0171k\u00f6d\u00e9st.<\/li>\n<li><strong>Megfelel\u0151 ken\u00e9s:<\/strong> Gy\u0151z\u0151dj\u00f6n meg arr\u00f3l, hogy a hidraulikaolaj szintje megfelel\u0151, \u00e9s megfelel az \u00fczemi k\u00f6r\u00fclm\u00e9nyeknek. A rendszeres ellen\u0151rz\u00e9s \u00e9s a megfelel\u0151 ken\u00e9si szint fenntart\u00e1sa megakad\u00e1lyozza a t\u00f6m\u00edt\u00e9sek \u00e9s alkatr\u00e9szek kop\u00e1s\u00e1t.<\/li>\n<li><strong>T\u00f6m\u00edt\u00e9scsere:<\/strong> Figyelje a t\u00f6m\u00edt\u00e9sek \u00e1llapot\u00e1t, \u00e9s sz\u00fcks\u00e9g szerint cser\u00e9lje ki azokat. A kopott vagy s\u00e9r\u00fclt t\u00f6m\u00edt\u00e9sek sziv\u00e1rg\u00e1st \u00e9s teljes\u00edtm\u00e9nycs\u00f6kken\u00e9st okozhatnak, ami a teljes hidraulikus rendszert befoly\u00e1solhatja.<\/li>\n<\/ul>\n<h2>Telep\u00edt\u00e9si \u00fatmutat\u00f3<\/h2>\n<p>A g\u00e9mhenger helyes beszerel\u00e9se kulcsfontoss\u00e1g\u00fa az optim\u00e1lis teljes\u00edtm\u00e9ny \u00e9s a hossz\u00fa \u00e9lettartam szempontj\u00e1b\u00f3l. Ez mag\u00e1ban foglalja a henger megfelel\u0151 be\u00e1ll\u00edt\u00e1s\u00e1nak \u00e9s illeszked\u00e9s\u00e9nek biztos\u00edt\u00e1s\u00e1t, hogy elker\u00fclj\u00fck az alkatr\u00e9szek t\u00falzott terhel\u00e9s\u00e9t. A beszerel\u00e9s sor\u00e1n:<\/p>\n<ul>\n<li>Gy\u0151z\u0151dj\u00f6n meg arr\u00f3l, hogy a henger megfelel\u0151en illeszkedik a r\u00f6gz\u00edt\u00e9si pontokhoz. A hib\u00e1s be\u00e1ll\u00edt\u00e1s id\u0151 el\u0151tti kop\u00e1shoz \u00e9s meghib\u00e1sod\u00e1shoz vezethet.<\/li>\n<li>Haszn\u00e1ljon megfelel\u0151 r\u00f6gz\u00edt\u0151konzolokat a henger szil\u00e1rd r\u00f6gz\u00edt\u00e9s\u00e9hez. Ez biztos\u00edtja a stabilit\u00e1st m\u0171k\u00f6d\u00e9s k\u00f6zben.<\/li>\n<li>Follow the manufacturer&#8217;s specifications for torque settings and installation procedures to maintain the integrity of the assembly.<\/li>\n<li>A telep\u00edt\u00e9s ut\u00e1n v\u00e9gezzen pr\u00f3ba\u00fczemet, hogy megbizonyosodjon arr\u00f3l, hogy a henger sim\u00e1n \u00e9s probl\u00e9mamentesen m\u0171k\u00f6dik.<\/li>\n<\/ul>\n<p><img decoding=\"async\" src=\"https:\/\/www.hydraulic-cylinders.net\/wp-content\/uploads\/2025\/04\/songte-chushion-collar.webp\" alt=\"A g\u00e9mhenger beszerel\u00e9se\"><\/p>\n<h2>Biztons\u00e1gi szempontok \u00e9s k\u00f6rnyezeti t\u00e9nyez\u0151k<\/h2>\n<p>A g\u00e9mhengerek haszn\u00e1latakor a biztons\u00e1gi int\u00e9zked\u00e9sek betart\u00e1sa elengedhetetlen a balesetek megel\u0151z\u00e9se, valamint a kezel\u0151k \u00e9s a k\u00f6zelben tart\u00f3zkod\u00f3k biztons\u00e1g\u00e1nak garant\u00e1l\u00e1sa \u00e9rdek\u00e9ben. A hidraulikus rendszerek haszn\u00e1lat\u00e1ra vonatkoz\u00f3 megfelel\u0151 k\u00e9pz\u00e9s \u00e9s a berendez\u00e9s korl\u00e1tainak ismerete elengedhetetlen a kock\u00e1zatok minimaliz\u00e1l\u00e1sa \u00e9rdek\u00e9ben. Ezenk\u00edv\u00fcl a k\u00f6rnyezetbar\u00e1t hidraulikafolyad\u00e9kok haszn\u00e1lata cs\u00f6kkentheti a k\u00f6rnyezetre gyakorolt \u200b\u200bhat\u00e1st, ez\u00e1ltal el\u0151seg\u00edtve a fenntarthat\u00f3 gyakorlatokat a m\u0171k\u00f6d\u00e9sben.<\/p>\n<h2>Hibaelh\u00e1r\u00edt\u00e1s \u00e9s gyakori probl\u00e9m\u00e1k<\/h2>\n<ul>\n<li><strong>Folyad\u00e9ksziv\u00e1rg\u00e1sok:<\/strong> Ha hidraulikafolyad\u00e9k-torl\u00f3d\u00e1st \u00e9szlel a henger k\u00f6r\u00fcl, ellen\u0151rizze a t\u00f6m\u00edt\u00e9seket s\u00e9r\u00fcl\u00e9s vagy kop\u00e1s szempontj\u00e1b\u00f3l. Azonnal cser\u00e9lje ki a t\u00f6m\u00edt\u00e9seket a tov\u00e1bbi sziv\u00e1rg\u00e1s megel\u0151z\u00e9se \u00e9rdek\u00e9ben.<\/li>\n<li><strong>Cs\u00f6kkentett teljes\u00edtm\u00e9ny:<\/strong> Ha a g\u00e9m munkahengere nem a v\u00e1rt m\u00f3don reag\u00e1l, ellen\u0151rizze a hidraulikafolyad\u00e9k szintj\u00e9t, \u00e9s gy\u0151z\u0151dj\u00f6n meg arr\u00f3l, hogy a rendszer mentes-e a l\u00e9gbubor\u00e9kokt\u00f3l. Sz\u00fcks\u00e9ges lehet a rendszer l\u00e9gtelen\u00edt\u00e9se.<\/li>\n<li><strong>Zajos m\u0171k\u00f6d\u00e9s:<\/strong> A m\u0171k\u00f6d\u00e9s k\u00f6zbeni t\u00falzott zaj ken\u00e9shi\u00e1nyra vagy s\u00e9r\u00fclt bels\u0151 alkatr\u00e9szekre utalhat. \u00c9rt\u00e9kelje a ken\u00e9si szintet, \u00e9s ellen\u0151rizze, hogy nincsenek-e mechanikai probl\u00e9m\u00e1k.<\/li>\n<\/ul>\n<h2>Hibaelh\u00e1r\u00edt\u00e1si tippek \u00e9s megold\u00e1sok<\/h2>\n<p>A g\u00e9mhengerek probl\u00e9m\u00e1inak hat\u00e9kony diagnosztiz\u00e1l\u00e1s\u00e1hoz \u00e9s megold\u00e1s\u00e1hoz:<\/p>\n<ul>\n<li>Rendszeresen ellen\u0151rizze a folyad\u00e9kszinteket, \u00e9s sz\u00fcks\u00e9g szerint t\u00f6ltse fel \u0151ket. A megfelel\u0151 folyad\u00e9kszint fenntart\u00e1sa sz\u00e1mos m\u0171k\u00f6d\u00e9si probl\u00e9m\u00e1t megel\u0151zhet.<\/li>\n<li>V\u00e9gezzen megel\u0151z\u0151 karbantart\u00e1st a t\u00f6m\u00edt\u00e9seken \u00e9s ken\u0151rendszereken, hogy elker\u00fclje a kop\u00e1st, amely sziv\u00e1rg\u00e1sokhoz vagy teljes\u00edtm\u00e9nyprobl\u00e9m\u00e1khoz vezethet.<\/li>\n<li>Dokument\u00e1lja a teljes\u00edtm\u00e9nyben bek\u00f6vetkezett v\u00e1ltoz\u00e1sokat, \u00e9s v\u00e9gezzen alapos ellen\u0151rz\u00e9seket a mint\u00e1zatok vagy visszat\u00e9r\u0151 probl\u00e9m\u00e1k azonos\u00edt\u00e1sa \u00e9rdek\u00e9ben, amelyek a m\u00f6g\u00f6ttes probl\u00e9m\u00e1kra utalhatnak.<\/li>\n<\/ul>\n<p><img decoding=\"async\" src=\"https:\/\/www.hydraulic-cylinders.net\/wp-content\/uploads\/2025\/04\/songte-bushings-with-all-kinds-of-excavator-models.webp\" alt=\"Kotr\u00f3g\u00e9p perselyek\"><\/p>\n<h2>C\u00e9g\u00fcnkr\u0151l<\/h2>\n<p>A p\u00f3talkatr\u00e9szk\u00e9nt haszn\u00e1lhat\u00f3 hidraulikus hengerek vezet\u0151 gy\u00e1rt\u00f3ja vagyunk, \u00e1tfog\u00f3 term\u00e9kk\u00edn\u00e1latunkkal mind a hazai, mind a nemzetk\u00f6zi piacok vezet\u0151 besz\u00e1ll\u00edt\u00f3i k\u00f6z\u00e9 sorolva minket. A kiv\u00e1l\u00f3s\u00e1g ir\u00e1nti elk\u00f6telezetts\u00e9g\u00fcnk a kifinomult gy\u00e1rt\u00e1si folyamatban \u00e9s a szigor\u00fa min\u0151s\u00e9gellen\u0151rz\u00e9sben gy\u00f6kerezik. K\u00e9pzett szem\u00e9lyzet\u00fcnk, a legmodernebb digit\u00e1lis gy\u00e1rt\u00f3berendez\u00e9seink \u00e9s a fejlett tesztel\u0151rendszereink seg\u00edts\u00e9g\u00e9vel folyamatosan fejlesztj\u00fck termel\u00e9si kapacit\u00e1sunkat, hogy megfelelj\u00fcnk \u00fcgyfeleink soksz\u00edn\u0171 ig\u00e9nyeinek.<\/p>\n<p>A professzion\u00e1lis szolg\u00e1ltat\u00e1sra, a nemzetk\u00f6zi tan\u00fas\u00edtv\u00e1nyokra \u00e9s az egyedi megold\u00e1sokra val\u00f3 \u00f6sszpontos\u00edt\u00e1sunk lehet\u0151v\u00e9 teszi sz\u00e1munkra, hogy a piaci ig\u00e9nyeket kiel\u00e9g\u00edts\u00fck. Gy\u00e1rt\u00f3\u00fczemeink a leg\u00fajabb technol\u00f3gi\u00e1val vannak felszerelve, biztos\u00edtva a magas hat\u00e9konys\u00e1got, pontoss\u00e1got \u00e9s min\u0151s\u00e9get minden \u00e1ltalunk sz\u00e1ll\u00edtott term\u00e9kben. Emellett kiv\u00e1l\u00f3 \u00e9rt\u00e9kes\u00edt\u00e9s ut\u00e1ni szolg\u00e1ltat\u00e1st ny\u00fajtunk, hogy \u00fcgyfeleinket hat\u00e9konyan t\u00e1mogassuk hidraulikus rendszereik karbantart\u00e1s\u00e1ban.<\/p>\n<p><img decoding=\"async\" src=\"https:\/\/www.hydraulic-cylinders.net\/wp-content\/uploads\/2025\/04\/songte-company-4.webp\" alt=\"C\u00e9ginform\u00e1ci\u00f3\"><br \/>\n<img decoding=\"async\" src=\"https:\/\/www.hydraulic-cylinders.net\/wp-content\/uploads\/2025\/04\/songte-company-3.webp\" alt=\"C\u00e9ggy\u00e1rt\u00f3 l\u00e9tes\u00edtm\u00e9ny\"><\/p>\n<p>Szerz\u0151: lyl<\/p>","protected":false},"excerpt":{"rendered":"<p>Boom Cylinder For Nante NT18 Overview of Boom Cylinder The boom cylinder, also known as the bucket cylinder, is a critical component in hydraulic systems used in heavy machinery. These cylinders control the movement of the bucket on various machines such as excavators, backhoe loaders, and front loaders. Their primary function is to enable the [&hellip;]<\/p>","protected":false},"featured_media":17870,"comment_status":"open","ping_status":"closed","template":"","meta":{"_et_pb_use_builder":"","_et_pb_old_content":"","_et_gb_content_width":""},"product_brand":[],"product_cat":[1546],"product_tag":[1547,1496],"class_list":{"0":"post-19547","1":"product","2":"type-product","3":"status-publish","4":"has-post-thumbnail","6":"product_cat-boom-cylinders","7":"product_tag-boom-cylinders","8":"product_tag-hydraulic-cylinders","10":"first","11":"instock","12":"shipping-taxable","13":"product-type-simple"},"amp_enabled":true,"_links":{"self":[{"href":"https:\/\/www.hydraulic-cylinders.net\/hu\/wp-json\/wp\/v2\/product\/19547","targetHints":{"allow":["GET"]}}],"collection":[{"href":"https:\/\/www.hydraulic-cylinders.net\/hu\/wp-json\/wp\/v2\/product"}],"about":[{"href":"https:\/\/www.hydraulic-cylinders.net\/hu\/wp-json\/wp\/v2\/types\/product"}],"replies":[{"embeddable":true,"href":"https:\/\/www.hydraulic-cylinders.net\/hu\/wp-json\/wp\/v2\/comments?post=19547"}],"wp:featuredmedia":[{"embeddable":true,"href":"https:\/\/www.hydraulic-cylinders.net\/hu\/wp-json\/wp\/v2\/media\/17870"}],"wp:attachment":[{"href":"https:\/\/www.hydraulic-cylinders.net\/hu\/wp-json\/wp\/v2\/media?parent=19547"}],"wp:term":[{"taxonomy":"product_brand","embeddable":true,"href":"https:\/\/www.hydraulic-cylinders.net\/hu\/wp-json\/wp\/v2\/product_brand?post=19547"},{"taxonomy":"product_cat","embeddable":true,"href":"https:\/\/www.hydraulic-cylinders.net\/hu\/wp-json\/wp\/v2\/product_cat?post=19547"},{"taxonomy":"product_tag","embeddable":true,"href":"https:\/\/www.hydraulic-cylinders.net\/hu\/wp-json\/wp\/v2\/product_tag?post=19547"}],"curies":[{"name":"munkaf\u00fczet","href":"https:\/\/api.w.org\/{rel}","templated":true}]}}