{"id":19563,"date":"2025-04-07T06:54:40","date_gmt":"2025-04-07T06:54:40","guid":{"rendered":"https:\/\/www.hydraulic-cylinders.net\/product\/boom-cylinder-for-yanmar-vib65\/"},"modified":"2025-04-07T06:54:49","modified_gmt":"2025-04-07T06:54:49","slug":"boom-cylinder-for-yanmar-vib65","status":"publish","type":"product","link":"https:\/\/www.hydraulic-cylinders.net\/hu\/termek\/boom-cylinder-for-yanmar-vib65\/","title":{"rendered":"G\u00e9mhenger Yanmar VIB65-h\u00f6z"},"content":{"rendered":"<h1>G\u00e9mhenger Yanmar VIB65-h\u00f6z<\/h1>\n<h2>Term\u00e9k\u00e1ttekint\u00e9s<\/h2>\n<p>A Yanmar VIB65 g\u00e9mhengere egy l\u00e9tfontoss\u00e1g\u00fa hidraulikus alkatr\u00e9sz, amelyet kifejezetten neh\u00e9zg\u00e9pekhez terveztek, k\u00fcl\u00f6n\u00f6sen kotr\u00f3g\u00e9pekhez, kotr\u00f3rakod\u00f3khoz \u00e9s homlokrakod\u00f3khoz. Ez a hidraulikus henger lehet\u0151v\u00e9 teszi a g\u00e9m sz\u00e1m\u00e1ra a kan\u00e1l emel\u00e9s\u00e9t, s\u00fcllyeszt\u00e9s\u00e9t \u00e9s d\u00f6nt\u00e9s\u00e9t, megk\u00f6nny\u00edtve a hat\u00e9kony anyagmozgat\u00e1si feladatokat. Egy hidraulikus rendszerben a g\u00e9mhengerek kulcsszerepet j\u00e1tszanak, a hidraulikus nyom\u00e1st mechanikai er\u0151v\u00e9 alak\u00edtj\u00e1k, hogy z\u00f6kken\u0151mentesen elv\u00e9gezhess\u00e9k a k\u00fcl\u00f6nb\u00f6z\u0151 m\u0171veleteket. Elengedhetetlenek olyan feladatokhoz, mint az \u00e1s\u00e1s, emel\u00e9s \u00e9s anyagok mozgat\u00e1sa, biztos\u00edtva a prec\u00edz vez\u00e9rl\u00e9st \u00e9s teljes\u00edtm\u00e9nyt a kih\u00edv\u00e1st jelent\u0151 munkak\u00f6rnyezetekben.<\/p>\n<p><img decoding=\"async\" src=\"https:\/\/www.hydraulic-cylinders.net\/wp-content\/uploads\/2025\/04\/songte-company-1.webp\" alt=\"G\u00e9mhenger Yanmar VIB65-h\u00f6z\"><\/p>\n<h2>A g\u00e9mhenger jellemz\u0151i<\/h2>\n<ul>\n<li><strong>Nagy szil\u00e1rds\u00e1g \u00e9s tart\u00f3ss\u00e1g:<\/strong> Nagy szil\u00e1rds\u00e1g\u00fa ac\u00e9lb\u00f3l vagy alum\u00edniumb\u00f3l k\u00e9sz\u00fclt, ez a henger nagy nyom\u00e1st \u00e9s nagy terhel\u00e9st b\u00edr ki, \u00edgy alkalmass\u00e1 teszi a zord munkak\u00f6r\u00fclm\u00e9nyekre.<\/li>\n<li><strong>Hat\u00e9kony hidraulikus m\u0171k\u00f6dtet\u00e9s:<\/strong> A henger hidraulikaolaj-nyom\u00e1st haszn\u00e1l a sima ki- \u00e9s visszah\u00faz\u00e1shoz, gyorsan reag\u00e1l a vez\u00e9rl\u0151parancsokra, \u00e9s er\u0151teljes nyom\u00f3- \u00e9s h\u00faz\u00f3er\u0151t biztos\u00edt.<\/li>\n<li><strong>K\u00fcl\u00f6nb\u00f6z\u0151 t\u00edpusok:<\/strong> Kaphat\u00f3 egyszeres m\u0171k\u00f6d\u00e9s\u0171 (hidraulikusan csak egy ir\u00e1nyban) vagy kett\u0151s m\u0171k\u00f6d\u00e9s\u0171 (hidraulikusan mindk\u00e9t ir\u00e1nyban) konfigur\u00e1ci\u00f3ban, \u00edgy a k\u00fcl\u00f6nf\u00e9le \u00fczemeltet\u00e9si ig\u00e9nyeket is kiel\u00e9g\u00edti.<\/li>\n<li><strong>Kompakt kialak\u00edt\u00e1s:<\/strong> Egyes modellek teleszk\u00f3pos kialak\u00edt\u00e1s\u00faak, amelyek nagyobb kih\u00faz\u00e1st tesznek lehet\u0151v\u00e9 a k\u00fcls\u0151 m\u00e9retek n\u00f6vel\u00e9se n\u00e9lk\u00fcl, \u00edgy ide\u00e1lisak korl\u00e1tozott helyig\u00e9ny\u0171 alkalmaz\u00e1sokhoz.<\/li>\n<li><strong>Korr\u00f3zi\u00f3\u00e1ll\u00f3s\u00e1g:<\/strong> Kop\u00e1s\u00e1ll\u00f3 \u00e9s korr\u00f3zi\u00f3g\u00e1tl\u00f3 tulajdons\u00e1gokkal tervezt\u00e9k, hogy meghosszabb\u00edts\u00e1k az \u00e9lettartamot, biztos\u00edtva a hossz\u00fa \u00e9lettartamot \u00e9s a megb\u00edzhat\u00f3s\u00e1got.<\/li>\n<\/ul>\n<h2>Gy\u00e1rt\u00e1si k\u00e9pess\u00e9gek<\/h2>\n<p>Yanmar VIB65 g\u00e9mhenger gy\u00e1rt\u00e1s\u00e1ra specializ\u00e1l\u00f3dtunk, olyan term\u00e9keket k\u00edn\u00e1lva, amelyek t\u00f6k\u00e9letesen helyettes\u00edtik a megl\u00e9v\u0151 hidraulikus hengereket a k\u00fcl\u00f6nf\u00e9le g\u00e9pekben.<\/p>\n<p><img decoding=\"async\" src=\"https:\/\/www.hydraulic-cylinders.net\/wp-content\/uploads\/2025\/04\/songte-cylinder-head-with-all-kinds-excavator-models.webp\" alt=\"Hidraulikus henger modellek\"><\/p>\n<h2>Alkalmaz\u00e1si forgat\u00f3k\u00f6nyvek<\/h2>\n<h3>\u00c9p\u00edt\u0151ipari berendez\u00e9sek<\/h3>\n<p>A kotr\u00f3g\u00e9pekn\u00e9l a g\u00e9mhenger elengedhetetlen az \u00e1s\u00e1si \u00e9s rakod\u00e1si m\u0171veletekhez. Lehet\u0151v\u00e9 teszi a kezel\u0151 sz\u00e1m\u00e1ra a kan\u00e1l hat\u00e9kony mozgat\u00e1s\u00e1t, prec\u00edz talaj vagy t\u00f6rmel\u00e9k ki\u00e1s\u00e1s\u00e1t. Ugyanez vonatkozik a kotr\u00f3g\u00e9p-rakod\u00f3kra is, ahol a g\u00e9mhenger mind az \u00e1s\u00e1si, mind az emel\u00e9si feladatokban seg\u00edt, biztos\u00edtva a sokoldal\u00fas\u00e1got az \u00e9p\u00edtkez\u00e9seken.<\/p>\n<h3>Mez\u0151gazdas\u00e1gi g\u00e9pek<\/h3>\n<p>A homlokrakod\u00f3k g\u00e9mhengereket haszn\u00e1lnak anyagok, p\u00e9ld\u00e1ul talaj \u00e9s sz\u00e9na mer\u00e9s\u00e9re, emel\u00e9s\u00e9re \u00e9s sz\u00e1ll\u00edt\u00e1s\u00e1ra. A g\u00e9mhenger megb\u00edzhat\u00f3s\u00e1ga mez\u0151gazdas\u00e1gi k\u00f6rnyezetben biztos\u00edtja, hogy a m\u0171veletek, mint p\u00e9ld\u00e1ul a be- \u00e9s kirakod\u00e1s, z\u00f6kken\u0151mentesen t\u00f6rt\u00e9njenek, n\u00f6velve a gazdas\u00e1gok termel\u00e9kenys\u00e9g\u00e9t.<\/p>\n<h3>Kotr\u00f3g\u00e9pek<\/h3>\n<p>A kotr\u00f3g\u00e9pekben a g\u00e9mhenger lehet\u0151v\u00e9 teszi, hogy a kan\u00e1l hat\u00e9konyan hatoljon a talajba, megk\u00f6nny\u00edtve az \u00e1s\u00e1si folyamatot. Hat\u00e9kony m\u0171k\u00f6d\u00e9se kulcsfontoss\u00e1g\u00fa a k\u00fcl\u00f6nf\u00e9le \u00e1s\u00e1si feladatokhoz, biztos\u00edtva, hogy a neh\u00e9z terhek is k\u00f6nnyen kezelhet\u0151k legyenek.<\/p>\n<h3>Rakod\u00f3k<\/h3>\n<p>A homlokrakod\u00f3kban a g\u00e9mhengerek hat\u00e9konyan seg\u00edtik az anyagok emel\u00e9s\u00e9t \u00e9s \u00fcr\u00edt\u00e9s\u00e9t. Szerep\u00fck l\u00e9tfontoss\u00e1g\u00fa az \u00e9p\u00edt\u0151iparban \u00e9s a tereprendez\u00e9sben, ahol az anyagok gyors \u00e9s hat\u00e9kony mozgat\u00e1sa jelent\u0151sen befoly\u00e1solhatja a projektek \u00fctemterv\u00e9t.<\/p>\n<h2>Tervez\u00e9si szempontok \u00e9s kiv\u00e1laszt\u00e1si krit\u00e9riumok<\/h2>\n<h3>Teherb\u00edr\u00e1s<\/h3>\n<p>A g\u00e9mhenger kiv\u00e1laszt\u00e1sakor elengedhetetlen a teherb\u00edr\u00e1s\u00e1nak figyelembev\u00e9tele. A hengernek el kell viselnie a m\u0171k\u00f6d\u00e9s sor\u00e1n fell\u00e9p\u0151 maxim\u00e1lis terhel\u00e9seket, biztos\u00edtva a biztons\u00e1got \u00e9s a hat\u00e9konys\u00e1got a neh\u00e9z feladatok sor\u00e1n.<\/p>\n<h3>T\u00f6m\u00edt\u00e9si integrit\u00e1s<\/h3>\n<p>A t\u00f6m\u00edt\u00e9s kritikus fontoss\u00e1g\u00fa a hidraulikus hengerekben a sziv\u00e1rg\u00e1sok megel\u0151z\u00e9se \u00e9s a nyom\u00e1s fenntart\u00e1sa \u00e9rdek\u00e9ben. A henger hossz\u00fa \u00e9lettartam\u00e1nak biztos\u00edt\u00e1sa \u00e9s a karbantart\u00e1si ig\u00e9ny cs\u00f6kkent\u00e9se \u00e9rdek\u00e9ben kiv\u00e1l\u00f3 min\u0151s\u00e9g\u0171 t\u00f6m\u00edt\u00e9seket kell haszn\u00e1lni.<\/p>\n<h3>Tart\u00f3ss\u00e1g<\/h3>\n<p>A tart\u00f3ss\u00e1g kulcsfontoss\u00e1g\u00fa t\u00e9nyez\u0151, mivel a g\u00e9mhengernek zord k\u00f6r\u00fclm\u00e9nyeket kell kib\u00edrnia. A gy\u00e1rt\u00e1s sor\u00e1n felhaszn\u00e1lt anyagoknak kop\u00e1s- \u00e9s korr\u00f3zi\u00f3\u00e1ll\u00f3nak kell lenni\u00fck, meghosszabb\u00edtva a term\u00e9k \u00e9lettartam\u00e1t.<\/p>\n<h3>Biztons\u00e1gi funkci\u00f3k<\/h3>\n<p>A biztons\u00e1g kiemelked\u0151 fontoss\u00e1g\u00fa a hidraulikus rendszerekben. A tervez\u00e9snek olyan jellemz\u0151ket kell tartalmaznia, amelyek minimaliz\u00e1lj\u00e1k a balesetek kock\u00e1zat\u00e1t, p\u00e9ld\u00e1ul nyom\u00e1scs\u00f6kkent\u0151 szelepeket \u00e9s hibabiztos mechanizmusokat a katasztrof\u00e1lis meghib\u00e1sod\u00e1sok megel\u0151z\u00e9se \u00e9rdek\u00e9ben.<\/p>\n<h3>Karbantarthat\u00f3s\u00e1g<\/h3>\n<p>A g\u00e9mhenger k\u00f6nny\u0171 karbantart\u00e1s\u00e1nak megtervez\u00e9se elengedhetetlen. Az alkatr\u00e9szeknek k\u00f6nnyen hozz\u00e1f\u00e9rhet\u0151nek kell lenni\u00fck ellen\u0151rz\u00e9s, jav\u00edt\u00e1s \u00e9s csere c\u00e9lj\u00e1b\u00f3l, lehet\u0151v\u00e9 t\u00e9ve a hat\u00e9kony karbantart\u00e1st \u00e9s minimaliz\u00e1lva az \u00e1ll\u00e1sid\u0151t.<\/p>\n<p><img decoding=\"async\" src=\"https:\/\/www.hydraulic-cylinders.net\/wp-content\/uploads\/2025\/04\/songte-oil-pipes-and-spare-parts.webp\" alt=\"Hidraulikus henger alkatr\u00e9szek\"><\/p>\n<h2>T\u00f6m\u00edt\u00e9s \u00e9s ken\u00e9s<\/h2>\n<p>A hat\u00e9kony t\u00f6m\u00edt\u00e9s \u00e9s ken\u00e9s l\u00e9tfontoss\u00e1g\u00fa a g\u00e9mhenger teljes\u00edtm\u00e9ny\u00e9hez. K\u00fcl\u00f6nb\u00f6z\u0151 t\u00f6m\u00edt\u00e9seket, p\u00e9ld\u00e1ul dugatty\u00fat\u00f6m\u00edt\u0151 gy\u0171r\u0171ket \u00e9s r\u00fadt\u00f6m\u00edt\u00e9seket haszn\u00e1lnak a nyom\u00e1s fenntart\u00e1s\u00e1ra \u00e9s a sziv\u00e1rg\u00e1sok megakad\u00e1lyoz\u00e1s\u00e1ra. Az olyan anyagok, mint a poliuret\u00e1n \u00e9s a nitrilgumi, el\u0151ny\u00f6sek tart\u00f3ss\u00e1guk \u00e9s kop\u00e1s\u00e1ll\u00f3s\u00e1guk miatt. A hengertest \u00e9s a menetes v\u00e9gek finom megmunk\u00e1l\u00e1son esnek \u00e1t a kop\u00e1s\u00e1ll\u00f3s\u00e1g fokoz\u00e1sa \u00e9rdek\u00e9ben. A hidraulikaolaj rendszeres hozz\u00e1ad\u00e1sa a ken\u00e9shez szint\u00e9n elengedhetetlen a z\u00f6kken\u0151mentes m\u0171k\u00f6d\u00e9s biztos\u00edt\u00e1s\u00e1hoz, valamint a bels\u0151 alkatr\u00e9szek t\u00falmeleged\u00e9s\u00e9nek \u00e9s kop\u00e1s\u00e1nak megakad\u00e1lyoz\u00e1s\u00e1hoz.<\/p>\n<h2>Rendszeres ellen\u0151rz\u00e9s \u00e9s megel\u0151z\u0151 karbantart\u00e1s<\/h2>\n<ul>\n<li><strong>Rutinszer\u0171 ellen\u0151rz\u00e9sek:<\/strong> Rendszeresen ellen\u0151rizze a g\u00e9mhengert kop\u00e1s vagy s\u00e9r\u00fcl\u00e9s jelei szempontj\u00e1b\u00f3l. M\u0171k\u00f6d\u00e9s k\u00f6zben keressen sziv\u00e1rg\u00e1sokat vagy szokatlan zajokat, amelyek probl\u00e9m\u00e1kra utalhatnak.<\/li>\n<li><strong>Megfelel\u0151 ken\u00e9s:<\/strong> Gondoskodjon a mozg\u00f3 alkatr\u00e9szek rendszeres id\u0151k\u00f6z\u00f6nk\u00e9nti megfelel\u0151 ken\u00e9s\u00e9r\u0151l. Ez seg\u00edt fenntartani az optim\u00e1lis teljes\u00edtm\u00e9nyt \u00e9s cs\u00f6kkenteni a kop\u00e1st.<\/li>\n<li><strong>T\u00f6m\u00edt\u00e9scsere:<\/strong> Rendszeresen ellen\u0151rizze a t\u00f6m\u00edt\u00e9seket, \u00e9s sz\u00fcks\u00e9g szerint cser\u00e9lje ki \u0151ket a hidraulikafolyad\u00e9k sziv\u00e1rg\u00e1s\u00e1nak megel\u0151z\u00e9se \u00e9s a rendszerben l\u00e9v\u0151 nyom\u00e1s fenntart\u00e1sa \u00e9rdek\u00e9ben.<\/li>\n<\/ul>\n<h2>Telep\u00edt\u00e9si \u00fatmutat\u00f3<\/h2>\n<p>A g\u00e9mhenger megfelel\u0151 beszerel\u00e9se elengedhetetlen az optim\u00e1lis teljes\u00edtm\u00e9nyhez. Kezdje azzal, hogy megbizonyosodik arr\u00f3l, hogy a r\u00f6gz\u00edt\u0151fel\u00fcletek tiszt\u00e1k \u00e9s t\u00f6rmel\u00e9kmentesek. Igaz\u00edtsa be helyesen a hengert, a megfelel\u0151 r\u00f6gz\u00edt\u0151konzolok seg\u00edts\u00e9g\u00e9vel r\u00f6gz\u00edtve. Fontos, hogy k\u00f6vesse a gy\u00e1rt\u00f3 el\u0151\u00edr\u00e1sait a nyomat\u00e9kbe\u00e1ll\u00edt\u00e1sokkal \u00e9s az igaz\u00edt\u00e1si t\u0171r\u00e9sek tekintet\u00e9ben. A beszerel\u00e9s ut\u00e1n alaposan ellen\u0151rizze, hogy minden alkatr\u00e9sz megfelel\u0151en \u00f6ssze van-e szerelve, \u00e9s v\u00e9gezzen pr\u00f3ba\u00fczemet a m\u0171k\u00f6d\u00e9s ellen\u0151rz\u00e9s\u00e9hez.<\/p>\n<h2>Gyakori karbantart\u00e1si feladatok<\/h2>\n<ul>\n<li><strong>Rendszeres ellen\u0151rz\u00e9sek:<\/strong> Rendszeres ellen\u0151rz\u00e9seket kell v\u00e9gezni az esetlegesen figyelmet ig\u00e9nyl\u0151 kop\u00e1sok vagy s\u00e9r\u00fcl\u00e9sek azonos\u00edt\u00e1sa \u00e9rdek\u00e9ben.<\/li>\n<li><strong>Megfelel\u0151 ken\u00e9s:<\/strong> A z\u00f6kken\u0151mentes m\u0171k\u00f6d\u00e9s \u00e9s a hossz\u00fa \u00e9lettartam biztos\u00edt\u00e1sa \u00e9rdek\u00e9ben gondoskodjon minden mozg\u00f3 alkatr\u00e9sz megfelel\u0151 ken\u00e9s\u00e9r\u0151l.<\/li>\n<li><strong>T\u00f6m\u00edt\u00e9scsere:<\/strong> Rendszeresen ellen\u0151rizze \u00e9s cser\u00e9lje ki a t\u00f6m\u00edt\u00e9seket a sziv\u00e1rg\u00e1sok elker\u00fcl\u00e9se \u00e9s a rendszernyom\u00e1s fenntart\u00e1sa \u00e9rdek\u00e9ben.<\/li>\n<\/ul>\n<p>A megfelel\u0151 telep\u00edt\u00e9s \u00e9s be\u00e1ll\u00edt\u00e1s elengedhetetlen. Haszn\u00e1ljon megfelel\u0151 r\u00f6gz\u00edt\u0151konzolokat, \u00e9s \u00fcgyeljen a henger megfelel\u0151 be\u00e1ll\u00edt\u00e1s\u00e1ra, hogy elker\u00fclje az alkatr\u00e9szek t\u00falzott terhel\u00e9s\u00e9t.<\/p>\n<h2>Biztons\u00e1gi szempontok \u00e9s k\u00f6rnyezeti t\u00e9nyez\u0151k<\/h2>\n<p>Hidraulikus rendszerek haszn\u00e1latakor a biztons\u00e1gi \u00f3vint\u00e9zked\u00e9sek kiemelked\u0151 fontoss\u00e1g\u00faak. A kezel\u0151k megfelel\u0151 k\u00e9pz\u00e9se a hidraulikus g\u00e9pek kezel\u00e9s\u00e9vel \u00e9s a biztons\u00e1gi protokollok betart\u00e1s\u00e1val seg\u00edthet megel\u0151zni a baleseteket. Ezenk\u00edv\u00fcl a k\u00f6rnyezetv\u00e9delmi szempontok, mint p\u00e9ld\u00e1ul a hidraulikafolyad\u00e9k-ki\u00f6ml\u00e9sek kezel\u00e9se \u00e9s a r\u00e9gi t\u00f6m\u00edt\u00e9sek \u00e9s alkatr\u00e9szek megfelel\u0151 \u00e1rtalmatlan\u00edt\u00e1sa, elengedhetetlenek a fenntarthat\u00f3 m\u0171k\u00f6d\u00e9shez.<\/p>\n<h2>Hibadiagn\u00f3zis \u00e9s gyakori probl\u00e9m\u00e1k<\/h2>\n<ul>\n<li><strong>Sziv\u00e1rg\u00e1s:<\/strong> Azonos\u00edtsa a t\u00f6m\u00edt\u00e9sek vagy szerelv\u00e9nyek k\u00f6r\u00fcli sziv\u00e1rg\u00e1si forr\u00e1sokat, amelyek kopott, cser\u00e9re szorul\u00f3 alkatr\u00e9szekre utalhatnak.<\/li>\n<li><strong>Nyom\u00e1sveszt\u00e9s:<\/strong> Figyelje a nyom\u00e1sszintet; a nyom\u00e1ses\u00e9s bels\u0151 hib\u00e1kra vagy sziv\u00e1rg\u00e1sokra utalhat, amelyek azonnali beavatkoz\u00e1st ig\u00e9nyelnek.<\/li>\n<li><strong>Szokatlan zajok:<\/strong> Figyeljen az esetleges csikorg\u00f3 vagy kattan\u00f3 hangokra, amelyek a tengelyek hib\u00e1s illeszked\u00e9s\u00e9re vagy a ken\u00e9s hi\u00e1ny\u00e1ra utalhatnak.<\/li>\n<\/ul>\n<h2>Hibaelh\u00e1r\u00edt\u00e1si tippek<\/h2>\n<p>A g\u00e9mhengerrel kapcsolatos probl\u00e9m\u00e1k elh\u00e1r\u00edt\u00e1sakor kezdje a probl\u00e9ma elk\u00fcl\u00f6n\u00edt\u00e9s\u00e9vel, hogy meghat\u00e1rozza annak forr\u00e1s\u00e1t. Sziv\u00e1rg\u00e1sok eset\u00e9n ellen\u0151rizze a t\u00f6m\u00edt\u00e9sek \u00e9s szerelv\u00e9nyek kop\u00e1s\u00e1t. A rendszeres karbantart\u00e1si gyakorlatok, mint p\u00e9ld\u00e1ul a mozg\u00f3 alkatr\u00e9szek ken\u00e9se \u00e9s a be\u00e1ll\u00edt\u00e1si hib\u00e1k ellen\u0151rz\u00e9se, seg\u00edthetnek megel\u0151zni a lehets\u00e9ges probl\u00e9m\u00e1kat. A megel\u0151z\u0151 karbantart\u00e1si \u00fctemterv bevezet\u00e9se jelent\u0151sen cs\u00f6kkenti a s\u00falyos hib\u00e1k val\u00f3sz\u00edn\u0171s\u00e9g\u00e9t.<\/p>\n<p><img decoding=\"async\" src=\"https:\/\/www.hydraulic-cylinders.net\/wp-content\/uploads\/2025\/04\/songte-bushings-with-all-kinds-of-excavator-models.webp\" alt=\"Kotr\u00f3g\u00e9p alkatr\u00e9szek\"><\/p>\n<h2>C\u00e9ginform\u00e1ci\u00f3<\/h2>\n<p>Vezet\u0151 gy\u00e1rt\u00f3ja \u00e9s nagykeresked\u0151je vagyunk a hidraulikus munkahengereknek, bele\u00e9rtve a Yanmar VIB65 g\u00e9mhenger\u00e9t is, sz\u00e9les term\u00e9kv\u00e1laszt\u00e9kkal. A min\u0151s\u00e9g ir\u00e1nti elk\u00f6telezetts\u00e9g\u00fcnket kifinomult gy\u00e1rt\u00e1si folyamataink \u00e9s ipar\u00e1gir\u00e1ny\u00edt\u00e1si strat\u00e9gi\u00e1ink hangs\u00falyozz\u00e1k. K\u00e9pzett technikusok, cs\u00facskateg\u00f3ri\u00e1s digit\u00e1lis gy\u00e1rt\u00f3berendez\u00e9sek \u00e9s speci\u00e1lis tesztrendszerek kihaszn\u00e1l\u00e1s\u00e1val folyamatosan fejlesztj\u00fck termel\u00e9si k\u00e9pess\u00e9geinket \u00e9s term\u00e9keink min\u0151s\u00e9g\u00e9t, hat\u00e9konyan kiel\u00e9g\u00edtve \u00fcgyfeleink v\u00e1ltozatos ig\u00e9nyeit. Szakter\u00fclet\u00fcnk a professzion\u00e1lis szolg\u00e1ltat\u00e1sok, a nemzetk\u00f6zi tan\u00fas\u00edtv\u00e1nyok \u00e9s az \u00fcgyfelek el\u00e9gedetts\u00e9g\u00e9t biztos\u00edt\u00f3 szem\u00e9lyre szabott megold\u00e1sok.<\/p>\n<p><img decoding=\"async\" src=\"https:\/\/www.hydraulic-cylinders.net\/wp-content\/uploads\/2025\/04\/songte-company-4.webp\" alt=\"C\u00e9ginform\u00e1ci\u00f3\"><br \/>\n<img decoding=\"async\" src=\"https:\/\/www.hydraulic-cylinders.net\/wp-content\/uploads\/2025\/04\/songte-company-3.webp\" alt=\"Gy\u00e1rt\u00f3\u00fczem\"><\/p>\n<p>Szerz\u0151: lyl<\/p>","protected":false},"excerpt":{"rendered":"<p>Boom Cylinder For Yanmar VIB65 Product Overview The Boom Cylinder for Yanmar VIB65 is a vital hydraulic component designed specifically for heavy machinery, particularly used in excavators, backhoe loaders, and front loaders. This hydraulic cylinder allows the boom to elevate, lower, and tilt the bucket, facilitating efficient material handling tasks. In a hydraulic system, boom [&hellip;]<\/p>","protected":false},"featured_media":17871,"comment_status":"open","ping_status":"closed","template":"","meta":{"_et_pb_use_builder":"","_et_pb_old_content":"","_et_gb_content_width":""},"product_brand":[],"product_cat":[1546],"product_tag":[1547,1496],"class_list":{"0":"post-19563","1":"product","2":"type-product","3":"status-publish","4":"has-post-thumbnail","6":"product_cat-boom-cylinders","7":"product_tag-boom-cylinders","8":"product_tag-hydraulic-cylinders","10":"first","11":"instock","12":"shipping-taxable","13":"product-type-simple"},"amp_enabled":true,"_links":{"self":[{"href":"https:\/\/www.hydraulic-cylinders.net\/hu\/wp-json\/wp\/v2\/product\/19563","targetHints":{"allow":["GET"]}}],"collection":[{"href":"https:\/\/www.hydraulic-cylinders.net\/hu\/wp-json\/wp\/v2\/product"}],"about":[{"href":"https:\/\/www.hydraulic-cylinders.net\/hu\/wp-json\/wp\/v2\/types\/product"}],"replies":[{"embeddable":true,"href":"https:\/\/www.hydraulic-cylinders.net\/hu\/wp-json\/wp\/v2\/comments?post=19563"}],"wp:featuredmedia":[{"embeddable":true,"href":"https:\/\/www.hydraulic-cylinders.net\/hu\/wp-json\/wp\/v2\/media\/17871"}],"wp:attachment":[{"href":"https:\/\/www.hydraulic-cylinders.net\/hu\/wp-json\/wp\/v2\/media?parent=19563"}],"wp:term":[{"taxonomy":"product_brand","embeddable":true,"href":"https:\/\/www.hydraulic-cylinders.net\/hu\/wp-json\/wp\/v2\/product_brand?post=19563"},{"taxonomy":"product_cat","embeddable":true,"href":"https:\/\/www.hydraulic-cylinders.net\/hu\/wp-json\/wp\/v2\/product_cat?post=19563"},{"taxonomy":"product_tag","embeddable":true,"href":"https:\/\/www.hydraulic-cylinders.net\/hu\/wp-json\/wp\/v2\/product_tag?post=19563"}],"curies":[{"name":"munkaf\u00fczet","href":"https:\/\/api.w.org\/{rel}","templated":true}]}}