{"id":19571,"date":"2025-04-07T06:55:09","date_gmt":"2025-04-07T06:55:09","guid":{"rendered":"https:\/\/www.hydraulic-cylinders.net\/product\/boom-cylinder-for-john-deere-e230lc\/"},"modified":"2025-04-07T06:55:12","modified_gmt":"2025-04-07T06:55:12","slug":"boom-cylinder-for-john-deere-e230lc","status":"publish","type":"product","link":"https:\/\/www.hydraulic-cylinders.net\/hu\/termek\/boom-cylinder-for-john-deere-e230lc\/","title":{"rendered":"John Deere E230LC g\u00e9mhenger"},"content":{"rendered":"<h1>John Deere E230LC g\u00e9mhenger<\/h1>\n<h2>Term\u00e9k\u00e1ttekint\u00e9s<\/h2>\n<p>A John Deere E230LC g\u00e9mhengere egy l\u00e9tfontoss\u00e1g\u00fa hidraulikus alkatr\u00e9sz, amelyet a neh\u00e9zg\u00e9pek g\u00e9mj\u00e9nek mozg\u00e1s\u00e1nak vez\u00e9rl\u00e9s\u00e9re terveztek. Ezeket a hengereket kifejezetten kotr\u00f3g\u00e9pekhez, kotr\u00f3g\u00e9pekhez \u00e9s rakod\u00f3g\u00e9pekhez tervezt\u00e9k, lehet\u0151v\u00e9 t\u00e9ve a g\u00e9m emel\u00e9s\u00e9t, s\u00fcllyeszt\u00e9s\u00e9t \u00e9s billent\u00e9s\u00e9t, megk\u00f6nny\u00edtve a hat\u00e9kony anyagmozgat\u00e1si feladatokat. A hidraulikus rendszerek hajt\u00f3erejek\u00e9nt m\u0171k\u00f6dve a kan\u00e1lhengerek a hidraulikus nyom\u00e1st mechanikus mozg\u00e1ss\u00e1 alak\u00edtj\u00e1k, lehet\u0151v\u00e9 t\u00e9ve a prec\u00edz vez\u00e9rl\u00e9st \u00e9s m\u0171k\u00f6dtet\u00e9st k\u00fcl\u00f6nb\u00f6z\u0151 alkalmaz\u00e1sokban.<\/p>\n<p><img decoding=\"async\" src=\"https:\/\/www.hydraulic-cylinders.net\/wp-content\/uploads\/2025\/04\/songte-company-1.webp\" alt=\"G\u00e9mhenger\"><\/p>\n<h3>A v\u00f6d\u00f6rhengerek meg\u00e9rt\u00e9se<\/h3>\n<p>A kan\u00e1lhengerek hidraulikus hengerek, amelyek kritikus szerepet j\u00e1tszanak a neh\u00e9zg\u00e9pek tev\u00e9kenys\u00e9g\u00e9nek ir\u00e1ny\u00edt\u00e1s\u00e1ban. N\u00e9lk\u00fcl\u00f6zhetetlenek olyan feladatok elv\u00e9gz\u00e9s\u00e9ben, mint az \u00e1s\u00e1s, emel\u00e9s \u00e9s anyagok sz\u00e1ll\u00edt\u00e1sa. Ezeknek a hengereknek a m\u0171k\u00f6d\u00e9se a hidraulika elvein alapul, ahol a folyad\u00e9knyom\u00e1st haszn\u00e1lj\u00e1k fel a sima \u00e9s hat\u00e9kony mozg\u00e1s el\u0151seg\u00edt\u00e9s\u00e9re. Tervez\u00e9si szempontjaik k\u00f6z\u00e9 tartozik a szil\u00e1rds\u00e1g, a tart\u00f3ss\u00e1g \u00e9s a hossz\u00fa t\u00e1v\u00fa teljes\u00edtm\u00e9ny zord k\u00f6rnyezetben.<\/p>\n<h2>A g\u00e9mhenger f\u0151bb jellemz\u0151i<\/h2>\n<ul>\n<li><strong>Nagy szil\u00e1rds\u00e1g \u00e9s tart\u00f3ss\u00e1g:<\/strong> Nagy szil\u00e1rds\u00e1g\u00fa ac\u00e9lb\u00f3l vagy alum\u00edniumb\u00f3l k\u00e9sz\u00fcltek, ezek a hengerek ellen\u00e1llnak a nagy nyom\u00e1snak \u00e9s a nagy terhel\u00e9snek, \u00edgy alkalmasak a zord munkak\u00f6r\u00fclm\u00e9nyekre.<\/li>\n<li><strong>Hat\u00e9kony hidraulikus m\u0171k\u00f6dtet\u00e9s:<\/strong> A hidraulikaolaj nyom\u00e1s\u00e1t kihaszn\u00e1lva a g\u00e9mhenger sima kitol\u00e1st \u00e9s visszah\u00faz\u00e1st tesz lehet\u0151v\u00e9, \u00edgy robusztus tol\u00f3- \u00e9s h\u00faz\u00f3k\u00e9pess\u00e9get biztos\u00edt a neh\u00e9z emel\u00e9si feladatokhoz.<\/li>\n<li><strong>K\u00fcl\u00f6nb\u00f6z\u0151 t\u00edpusok:<\/strong> Kaphat\u00f3 egyszeres m\u0171k\u00f6d\u00e9s\u0171 (egy ir\u00e1nyban m\u0171k\u00f6d\u0151) vagy kett\u0151s m\u0171k\u00f6d\u00e9s\u0171 (mindk\u00e9t ir\u00e1nyban m\u0171k\u00f6d\u0151) konfigur\u00e1ci\u00f3ban, hogy megfeleljen a v\u00e1ltoz\u00f3 m\u0171k\u00f6d\u00e9si ig\u00e9nyeknek.<\/li>\n<li><strong>Helytakar\u00e9kos kialak\u00edt\u00e1s:<\/strong> Bizonyos modellek teleszk\u00f3pos kialak\u00edt\u00e1s\u00faak, amelyek nagyobb kih\u00faz\u00e1st tesznek lehet\u0151v\u00e9 a k\u00fcls\u0151 m\u00e9retek n\u00f6vel\u00e9se n\u00e9lk\u00fcl, \u00edgy ide\u00e1lisak korl\u00e1tozott helyig\u00e9ny\u0171 alkalmaz\u00e1sokhoz.<\/li>\n<li><strong>Egyedi gy\u00e1rt\u00e1s:<\/strong> K\u00e9pesek vagyunk ezt a term\u00e9ket a megl\u00e9v\u0151 hidraulikus hengerek t\u00f6k\u00e9letes helyettes\u00edt\u00e9s\u00e9re gy\u00e1rtani, \u00edgy \u00fcgyfeleink sz\u00e1m\u00e1ra szem\u00e9lyre szabott megold\u00e1sokat k\u00edn\u00e1lva.<\/li>\n<\/ul>\n<p><img decoding=\"async\" src=\"https:\/\/www.hydraulic-cylinders.net\/wp-content\/uploads\/2025\/04\/songte-cylinder-head-with-all-kinds-excavator-models.webp\" alt=\"Egyedi gy\u00e1rt\u00e1s\"><\/p>\n<h2>A g\u00e9mhenger alkalmaz\u00e1sai<\/h2>\n<h3>\u00c9p\u00edt\u0151ipari berendez\u00e9sek<\/h3>\n<p>Az \u00e9p\u00edt\u0151ipari berendez\u00e9sekben, p\u00e9ld\u00e1ul a kotr\u00f3g\u00e9pekben a g\u00e9mhengerek elengedhetetlenek a f\u00f6ld vagy t\u00f6rmel\u00e9k ki\u00e1s\u00e1s\u00e1hoz, rakod\u00e1s\u00e1hoz \u00e9s mozgat\u00e1s\u00e1hoz. Ezek biztos\u00edtj\u00e1k a sz\u00fcks\u00e9ges er\u0151t a talajba val\u00f3 behatol\u00e1shoz, a neh\u00e9z terhek felemel\u00e9s\u00e9hez \u00e9s a g\u00e9m prec\u00edz \u00e1s\u00e1si m\u0171veletekhez val\u00f3 pozicion\u00e1l\u00e1s\u00e1hoz. Ez a hat\u00e9konys\u00e1g n\u00f6veli a termel\u00e9kenys\u00e9get a munkater\u00fcleteken, lehet\u0151v\u00e9 t\u00e9ve a projektek gyorsabb befejez\u00e9s\u00e9t \u00e9s az \u00fczemeltet\u00e9si k\u00f6lts\u00e9gek cs\u00f6kkent\u00e9s\u00e9t.<\/p>\n<h3>Mez\u0151gazdas\u00e1gi g\u00e9pek<\/h3>\n<p>A homlokrakod\u00f3kban haszn\u00e1lt g\u00e9mhengerek elengedhetetlenek a talaj, sz\u00e9na \u00e9s egy\u00e9b anyagok \u00e1s\u00e1s\u00e1hoz, emel\u00e9s\u00e9hez \u00e9s sz\u00e1ll\u00edt\u00e1s\u00e1hoz. A neh\u00e9z terhek k\u00f6nny\u0171 kezel\u00e9s\u00e9nek k\u00e9pess\u00e9ge n\u00e9lk\u00fcl\u00f6zhetetlenn\u00e9 teszi \u0151ket a mez\u0151gazdas\u00e1gi tev\u00e9kenys\u00e9gekben, biztos\u00edtva a feladatok gyors \u00e9s hat\u00e9kony elv\u00e9gz\u00e9s\u00e9t.<\/p>\n<h3>Kotr\u00f3g\u00e9pek<\/h3>\n<p>A kotr\u00f3g\u00e9pekben a g\u00e9mhenger lehet\u0151v\u00e9 teszi, hogy a kan\u00e1l hat\u00e9konyan hatoljon a talajba, megk\u00f6nny\u00edtve az \u00e9p\u00edt\u00e9si \u00e9s tereprendez\u00e9si projektekhez sz\u00fcks\u00e9ges \u00e1s\u00e1si m\u0171veleteket. Er\u0151teljes m\u0171k\u00f6d\u00e9s\u00fck biztos\u00edtja, hogy a kotr\u00f3g\u00e9pek kem\u00e9ny anyagokkal is megbirk\u00f3zzanak, ami versenyel\u0151nyt biztos\u00edt a piacon.<\/p>\n<h3>Rakod\u00f3k<\/h3>\n<p>A homlokrakod\u00f3kban a g\u00e9mhengerek hat\u00e9konyan seg\u00edtik a rakom\u00e1nyok emel\u00e9s\u00e9t \u00e9s \u00fcr\u00edt\u00e9s\u00e9t. Biztos\u00edtj\u00e1k, hogy az anyagok a k\u00edv\u00e1nt magass\u00e1gba emelhet\u0151k legyenek a \u00fcr\u00edt\u00e9shez, ami kulcsfontoss\u00e1g\u00fa a k\u00fcl\u00f6nf\u00e9le tereprendez\u00e9si, \u00e9p\u00edt\u0151ipari \u00e9s b\u00e1ny\u00e1szati \u200b\u200balkalmaz\u00e1sokn\u00e1l.<\/p>\n<h2>Tervez\u00e9si szempontok \u00e9s kiv\u00e1laszt\u00e1si krit\u00e9riumok<\/h2>\n<h3>Teherb\u00edr\u00e1s<\/h3>\n<p>A g\u00e9mhenger teherb\u00edr\u00e1sa kiemelked\u0151en fontos annak biztos\u00edt\u00e1s\u00e1ban, hogy az k\u00e9pes legyen kezelni az anyagok \u00e9s berendez\u00e9sek s\u00faly\u00e1t m\u0171k\u00f6d\u00e9s k\u00f6zben. Megfelel\u0151 sz\u00e1m\u00edt\u00e1sokat \u00e9s \u00e9rt\u00e9kel\u00e9seket kell v\u00e9gezni annak \u00e9rdek\u00e9ben, hogy olyan hengert v\u00e1lasszunk, amely megfelel vagy meghaladja az \u00fczemi ig\u00e9nyeket, ez\u00e1ltal megel\u0151zve a baleseteket vagy a berendez\u00e9s k\u00e1rosod\u00e1s\u00e1t okoz\u00f3 meghib\u00e1sod\u00e1sokat.<\/p>\n<h3>T\u00f6m\u00edt\u00e9s<\/h3>\n<p>A hat\u00e9kony t\u00f6m\u00edt\u0151mechanizmusok elengedhetetlenek a hidraulikafolyad\u00e9k hengeren bel\u00fcl tart\u00e1s\u00e1hoz \u00e9s a sziv\u00e1rg\u00e1sok megel\u0151z\u00e9s\u00e9hez. A tart\u00f3s anyagokb\u00f3l k\u00e9sz\u00fclt, kiv\u00e1l\u00f3 min\u0151s\u00e9g\u0171 t\u00f6m\u00edt\u00e9sek kiv\u00e1laszt\u00e1sa elengedhetetlen a hossz\u00fa \u00e9lettartam \u00e9s a nagy nyom\u00e1s alatti teljes\u00edtm\u00e9ny biztos\u00edt\u00e1s\u00e1hoz. A t\u00f6m\u00edt\u00e9sek rendszeres ellen\u0151rz\u00e9se \u00e9s cser\u00e9je sz\u00fcks\u00e9ges az optim\u00e1lis m\u0171k\u00f6d\u00e9s fenntart\u00e1s\u00e1hoz.<\/p>\n<h3>Tart\u00f3ss\u00e1g<\/h3>\n<p>A tart\u00f3ss\u00e1g kritikus t\u00e9nyez\u0151 a g\u00e9mhengerek tervez\u00e9s\u00e9n\u00e9l, mivel ezek extr\u00e9m k\u00f6r\u00fclm\u00e9nyeknek \u00e9s nagy ig\u00e9nybev\u00e9telnek vannak kit\u00e9ve. Az anyagok \u00e9s a gy\u00e1rt\u00e1si m\u00f3dszerek megv\u00e1laszt\u00e1s\u00e1n\u00e1l a kop\u00e1ssal \u00e9s elhaszn\u00e1l\u00f3d\u00e1ssal, a k\u00f6rnyezeti hat\u00e1sokkal \u00e9s az id\u0151beli kif\u00e1rad\u00e1ssal szembeni ellen\u00e1ll\u00e1st kell el\u0151t\u00e9rbe helyezni. A robusztus tervez\u00e9si szabv\u00e1nyok bevezet\u00e9se biztos\u00edtja, hogy ezek a hengerek a teljes\u00edtm\u00e9ny fel\u00e1ldoz\u00e1sa n\u00e9lk\u00fcl is ellen\u00e1lljanak a zord k\u00f6rnyezeti k\u00f6r\u00fclm\u00e9nyeknek.<\/p>\n<h3>Biztons\u00e1g<\/h3>\n<p>A g\u00e9mhengerek tervez\u00e9s\u00e9be biztons\u00e1gi funkci\u00f3kat kell be\u00e9p\u00edteni a m\u0171k\u00f6d\u00e9s k\u00f6zbeni balesetek megel\u0151z\u00e9se \u00e9rdek\u00e9ben. Ide tartoznak a biztons\u00e1gi szelepek \u00e9s a nyom\u00e1scs\u00f6kkent\u0151 rendszerek, amelyek cs\u00f6kkentik a t\u00falnyom\u00e1s kock\u00e1zat\u00e1t, \u00e9s megnyugtatj\u00e1k a kezel\u0151ket a berendez\u00e9s haszn\u00e1lata k\u00f6zben.<\/p>\n<h3>Karbantarthat\u00f3s\u00e1g<\/h3>\n<p>Az egyszer\u0171 karbantart\u00e1s egy m\u00e1sik kulcsfontoss\u00e1g\u00fa szempont. A terveknek lehet\u0151v\u00e9 kell tenni\u00fck a gyors ellen\u0151rz\u00e9si \u00e9s karbantart\u00e1si feladatokat, lehet\u0151v\u00e9 t\u00e9ve az id\u0151ben t\u00f6rt\u00e9n\u0151 jav\u00edt\u00e1sokat \u00e9s be\u00e1ll\u00edt\u00e1sokat. Az alkatr\u00e9szek szervizelhet\u0151s\u00e9ge negat\u00edvan befoly\u00e1solja az \u00e1ll\u00e1sid\u0151t \u00e9s a m\u0171k\u00f6d\u00e9si hat\u00e9konys\u00e1got, ha a tervez\u00e9si f\u00e1zisban nem veszik megfelel\u0151en figyelembe.<\/p>\n<p><img decoding=\"async\" src=\"https:\/\/www.hydraulic-cylinders.net\/wp-content\/uploads\/2025\/04\/songte-oil-pipes-and-spare-parts.webp\" alt=\"Hidraulikus alkatr\u00e9szek\"><\/p>\n<h2>T\u00f6m\u00edt\u00e9s \u00e9s ken\u00e9s<\/h2>\n<p>A t\u00f6m\u00edt\u00e9s \u00e9s a ken\u00e9s kritikus fontoss\u00e1g\u00fa a g\u00e9mhengerek teljes\u00edtm\u00e9ny\u00e9nek fenntart\u00e1s\u00e1ban. K\u00fcl\u00f6nb\u00f6z\u0151 t\u00f6m\u00edt\u00e9seket, p\u00e9ld\u00e1ul dugatty\u00fat\u00f6m\u00edt\u00e9seket \u00e9s r\u00fadt\u00f6m\u00edt\u00e9seket haszn\u00e1lnak a hidraulikafolyad\u00e9k sziv\u00e1rg\u00e1s\u00e1nak \u00e9s szennyez\u0151d\u00e9s\u00e9nek megakad\u00e1lyoz\u00e1s\u00e1ra. Az olyan anyagokat, mint a poliuret\u00e1n \u00e9s a nitrilgumi, \u00e1ltal\u00e1ban kop\u00e1s\u00e1ll\u00f3s\u00e1guk \u00e9s a zord k\u00f6r\u00fclm\u00e9nyeknek val\u00f3 ellen\u00e1ll\u00e1suk miatt haszn\u00e1lj\u00e1k. A hengertest \u00e9s a menetes v\u00e9gek prec\u00edzi\u00f3s megmunk\u00e1l\u00e1son esnek \u00e1t a kop\u00e1s\u00e1ll\u00f3s\u00e1g fokoz\u00e1sa \u00e9rdek\u00e9ben, m\u00edg a rendszeres hidraulikaolajjal t\u00f6rt\u00e9n\u0151 ken\u00e9s biztos\u00edtja a z\u00f6kken\u0151mentes m\u0171k\u00f6d\u00e9st \u00e9s meghosszabb\u00edtja a henger \u00e9lettartam\u00e1t.<\/p>\n<h2>Rendszeres karbantart\u00e1s \u00e9s megel\u0151z\u0151 int\u00e9zked\u00e9sek<\/h2>\n<ul>\n<li><strong>Rendszeres ellen\u0151rz\u00e9sek:<\/strong> A rendszeres ellen\u0151rz\u00e9sek seg\u00edtenek a kop\u00e1s \u00e9s a potenci\u00e1lis hib\u00e1k azonos\u00edt\u00e1s\u00e1ban, miel\u0151tt azok s\u00falyosbodn\u00e1nak. Keresse a sziv\u00e1rg\u00e1s vagy a t\u00f6m\u00edt\u00e9sek \u00e9s alkatr\u00e9szek szokatlan kop\u00e1s\u00e1nak jeleit.<\/li>\n<li><strong>Megfelel\u0151 ken\u00e9s:<\/strong> Rendszeresen kenje meg a mozg\u00f3 alkatr\u00e9szeket megfelel\u0151 hidraulikaolajjal a s\u00farl\u00f3d\u00e1s \u00e9s a kop\u00e1s cs\u00f6kkent\u00e9se \u00e9rdek\u00e9ben. Gy\u0151z\u0151dj\u00f6n meg arr\u00f3l, hogy a haszn\u00e1lt olaj megfelel az optim\u00e1lis teljes\u00edtm\u00e9nyhez sz\u00fcks\u00e9ges specifik\u00e1ci\u00f3knak.<\/li>\n<li><strong>T\u00f6m\u00edt\u00e9scsere:<\/strong> Id\u0151vel a t\u00f6m\u00edt\u00e9sek elhaszn\u00e1l\u00f3dnak \u00e9s sziv\u00e1rg\u00e1st okozhatnak. K\u00e9sz\u00edtsen \u00fctemtervet a t\u00f6m\u00edt\u00e9sek ellen\u0151rz\u00e9s\u00e9re \u00e9s sz\u00fcks\u00e9g szerinti cser\u00e9j\u00e9re a hidraulikus rendszer integrit\u00e1s\u00e1nak meg\u0151rz\u00e9se \u00e9rdek\u00e9ben.<\/li>\n<\/ul>\n<h2>Telep\u00edt\u00e9si \u00fatmutat\u00f3<\/h2>\n<p>A g\u00e9mhenger megfelel\u0151 beszerel\u00e9se elengedhetetlen a teljes\u00edtm\u00e9ny\u00e9hez \u00e9s hossz\u00fa \u00e9lettartam\u00e1hoz. A telep\u00edt\u00e9s sor\u00e1n \u00fcgyeljen a k\u00f6vetkez\u0151 l\u00e9p\u00e9sek betart\u00e1s\u00e1ra:<\/p>\n<ol>\n<li>Igaz\u00edtsa a hengert megfelel\u0151en a r\u00f6gz\u00edt\u00e9si pontokhoz, hogy elker\u00fclje a t\u00falzott fesz\u00fclts\u00e9get \u00e9s biztos\u00edtsa a z\u00f6kken\u0151mentes m\u0171k\u00f6d\u00e9st.<\/li>\n<li>Haszn\u00e1ljon megfelel\u0151 r\u00f6gz\u00edt\u0151konzolokat \u00e9s hardvert a henger r\u00f6gz\u00edt\u00e9s\u00e9hez, elker\u00fclve minden olyan mozg\u00e1st, amely elmozdul\u00e1shoz vezethet.<\/li>\n<li>Ellen\u0151rizze az \u00f6sszes hidraulikus csatlakoz\u00e1s t\u00f6m\u00edtetts\u00e9g\u00e9t a sziv\u00e1rg\u00e1sok elker\u00fcl\u00e9se \u00e9rdek\u00e9ben.<\/li>\n<li>T\u00f6ltse fel a hidraulikus rendszert az aj\u00e1nlott folyad\u00e9kkal, \u00fcgyelve arra, hogy ne legyenek l\u00e9gbubor\u00e9kok a vezet\u00e9kekben.<\/li>\n<li>Teljes \u00fczembe helyez\u00e9s el\u0151tt tesztelje a rendszert alacsony terhel\u00e9s alatt, hogy megbizonyosodjon arr\u00f3l, hogy minden megfelel\u0151en m\u0171k\u00f6dik.<\/li>\n<\/ol>\n<h2>Gyakori karbantart\u00e1si feladatok<\/h2>\n<h3>Rendszeres ellen\u0151rz\u00e9sek<\/h3>\n<p>A rutinszer\u0171 ellen\u0151rz\u00e9sek elengedhetetlenek a kop\u00e1s vagy a potenci\u00e1lis meghib\u00e1sod\u00e1si pontok korai azonos\u00edt\u00e1s\u00e1hoz. Rendszeresen ellen\u0151rizze a hidraulikavezet\u00e9keket, a t\u00f6m\u00edt\u00e9seket \u00e9s a hengertestet sziv\u00e1rg\u00e1s vagy s\u00e9r\u00fcl\u00e9s jelei ut\u00e1n kutatva. Az esetleges probl\u00e9m\u00e1kat azonnal kezelje, hogy elker\u00fclje a k\u00f6lts\u00e9ges jav\u00edt\u00e1sokat a k\u00e9s\u0151bbiekben.<\/p>\n<h3>Megfelel\u0151 ken\u00e9s<\/h3>\n<p>A g\u00e9mhenger rendszeres ken\u00e9se elengedhetetlen a z\u00f6kken\u0151mentes m\u0171k\u00f6d\u00e9s biztos\u00edt\u00e1s\u00e1hoz. Haszn\u00e1lja a megfelel\u0151 hidraulikaolajat, \u00e9s \u00fcgyeljen arra, hogy a ken\u00e9si \u00fctemterv megfeleljen a gy\u00e1rt\u00f3 aj\u00e1nl\u00e1sainak. A megfelel\u0151 ken\u00e9s jelent\u0151sen megn\u00f6veli a hidraulikus rendszer \u00e9lettartam\u00e1t.<\/p>\n<h3>T\u00f6m\u00edt\u00e9scsere \u00e9s kalibr\u00e1l\u00e1s<\/h3>\n<p>Id\u0151vel a t\u00f6m\u00edt\u00e9sek elkophatnak, \u00e9s a hidraulikus rendszer integrit\u00e1s\u00e1nak meg\u0151rz\u00e9se \u00e9rdek\u00e9ben cser\u00e9re szorulhatnak. K\u00e9sz\u00edtsen \u00fctemtervet a t\u00f6m\u00edt\u00e9sek ellen\u0151rz\u00e9s\u00e9re \u00e9s cser\u00e9j\u00e9re. A hidraulikus rendszer kalibr\u00e1l\u00e1sa szint\u00e9n l\u00e9tfontoss\u00e1g\u00fa szerepet j\u00e1tszik az optim\u00e1lis teljes\u00edtm\u00e9ny biztos\u00edt\u00e1s\u00e1ban, cs\u00f6kkentve a meghib\u00e1sod\u00e1s vagy meghib\u00e1sod\u00e1s es\u00e9ly\u00e9t.<\/p>\n<p><img decoding=\"async\" src=\"https:\/\/www.hydraulic-cylinders.net\/wp-content\/uploads\/2025\/04\/songte-chushion-collar.webp\" alt=\"P\u00e1rna gall\u00e9r\"><\/p>\n<h2>Biztons\u00e1gi szempontok \u00e9s k\u00f6rnyezeti t\u00e9nyez\u0151k<\/h2>\n<p>A biztons\u00e1gi int\u00e9zked\u00e9sek kiemelked\u0151en fontosak a hidraulikus hengerekkel v\u00e9gzett munka sor\u00e1n. A kezel\u0151ket ki kell k\u00e9pezni a berendez\u00e9sek biztons\u00e1gos kezel\u00e9s\u00e9re, \u00e9s meg kell \u00e9rteni\u00fck a hidraulikus rendszerekkel kapcsolatos kock\u00e1zatokat. Elengedhetetlen a biztons\u00e1gi protokollok v\u00e9grehajt\u00e1sa, p\u00e9ld\u00e1ul a megfelel\u0151 szem\u00e9lyi v\u00e9d\u0151felszerel\u00e9s (PPE) haszn\u00e1lata \u00e9s annak biztos\u00edt\u00e1sa, hogy minden berendez\u00e9s j\u00f3 m\u0171k\u00f6d\u0151k\u00e9pes \u00e1llapotban legyen. Ezenk\u00edv\u00fcl vegye figyelembe a hidraulikus folyad\u00e9kok k\u00f6rnyezeti hat\u00e1s\u00e1t, \u00e9s gondoskodjon arr\u00f3l, hogy minden elj\u00e1r\u00e1s megfeleljen a ki\u00f6ml\u00f6tt anyagokra \u00e9s a hullad\u00e9kkezel\u00e9sre vonatkoz\u00f3 helyi el\u0151\u00edr\u00e1soknak.<\/p>\n<h2>Hibaelh\u00e1r\u00edt\u00e1s \u00e9s gyakori probl\u00e9m\u00e1k<\/h2>\n<h3>Gyakori probl\u00e9m\u00e1k<\/h3>\n<ul>\n<li><strong>Sziv\u00e1rg\u00e1s:<\/strong> Ez kopott t\u00f6m\u00edt\u00e9sekb\u0151l vagy laza csatlakoz\u00f3kb\u00f3l ad\u00f3dhat. A rendszeres ellen\u0151rz\u00e9sek seg\u00edthetnek a sziv\u00e1rg\u00e1sok korai azonos\u00edt\u00e1s\u00e1ban.<\/li>\n<li><strong>Lass\u00fa m\u0171k\u00f6d\u00e9s:<\/strong> Ha a henger lassan mozog, az alacsony hidraulikafolyad\u00e9k-szintre vagy a rendszerben l\u00e9v\u0151 leveg\u0151re utalhat. Ellen\u0151rizze a folyad\u00e9kszintet, \u00e9s sz\u00fcks\u00e9g eset\u00e9n l\u00e9gtelen\u00edtse a rendszert.<\/li>\n<li><strong>Szokatlan zajok:<\/strong> A s\u00farl\u00f3d\u00f3 vagy s\u00edpol\u00f3 hangok mechanikai kop\u00e1sra vagy el\u00e9gtelen ken\u00e9sre utalhatnak. Azonnal vizsg\u00e1lja ki \u00e9s jav\u00edtsa ki a zajokat.<\/li>\n<\/ul>\n<h3>Hibaelh\u00e1r\u00edt\u00e1si tippek<\/h3>\n<p>A probl\u00e9m\u00e1k hat\u00e9kony diagnosztiz\u00e1l\u00e1sa \u00e9s megold\u00e1sa \u00e9rdek\u00e9ben a kezel\u0151knek list\u00e1t kell vezetni\u00fck a t\u00fcnetekr\u0151l \u00e9s a lehets\u00e9ges okokr\u00f3l. P\u00e9ld\u00e1ul, ha sziv\u00e1rg\u00e1st \u00e9szlelnek, el\u0151sz\u00f6r a t\u00f6m\u00edt\u00e9seket \u00e9s szerelv\u00e9nyeket kell ellen\u0151rizni. Ha lass\u00fa m\u0171k\u00f6d\u00e9st \u00e9szlelnek, ellen\u0151rizz\u00e9k a hidraulikafolyad\u00e9k szintj\u00e9t, \u00e9s keressenek leveg\u0151t a vezet\u00e9kekben. Ezen probl\u00e9m\u00e1k azonnali kezel\u00e9se megel\u0151zheti a s\u00falyosabb k\u00e1rokat \u00e9s az \u00fczemle\u00e1ll\u00e1st.<\/p>\n<p><img decoding=\"async\" src=\"https:\/\/www.hydraulic-cylinders.net\/wp-content\/uploads\/2025\/04\/songte-bushings-with-all-kinds-of-excavator-models.webp\" alt=\"perselyek\"><\/p>\n<h2>C\u00e9g\u00fcnkr\u0151l<\/h2>\n<p>Vezet\u0151 gy\u00e1rt\u00f3i vagyunk a hidraulikus munkahengerek cser\u00e9j\u00e9nek, \u00e1tfog\u00f3 term\u00e9kv\u00e1laszt\u00e9kot k\u00edn\u00e1lva a hazai \u00e9s nemzetk\u00f6zi piacok v\u00e1ltozatos ig\u00e9nyeinek kiel\u00e9g\u00edt\u00e9s\u00e9re. A kiv\u00e1l\u00f3s\u00e1g ir\u00e1nti elk\u00f6telezetts\u00e9g\u00fcnket kifinomult gy\u00e1rt\u00e1si strat\u00e9gi\u00e1nk t\u00e1masztja al\u00e1, amely mag\u00e1ban foglalja a magas szint\u0171 min\u0151s\u00e9gellen\u0151rz\u00e9st. L\u00e9tes\u00edtm\u00e9nyeink fejlett technol\u00f3gi\u00e1val vannak felszerelve, amely lehet\u0151v\u00e9 teszi sz\u00e1munkra, hogy szigor\u00fa teljes\u00edtm\u00e9nykrit\u00e9riumoknak megfelel\u0151 hengereket gy\u00e1rtsunk. B\u00fcszk\u00e9k vagyunk innovat\u00edv k\u00e9pess\u00e9geinkre \u00e9s arra, hogy \u00fcgyfeleink egyedi ig\u00e9nyeire szabott megold\u00e1sokat tudunk ny\u00fajtani.<\/p>\n<p><img decoding=\"async\" src=\"https:\/\/www.hydraulic-cylinders.net\/wp-content\/uploads\/2025\/04\/songte-company-4.webp\" alt=\"C\u00e9ginform\u00e1ci\u00f3\"><br \/>\n<img decoding=\"async\" src=\"https:\/\/www.hydraulic-cylinders.net\/wp-content\/uploads\/2025\/04\/songte-company-3.webp\" alt=\"Gy\u00e1rt\u00f3\u00fczem\"><\/p>\n<h3>Szakmaiass\u00e1g \u00e9s tan\u00fas\u00edtv\u00e1nyok<\/h3>\n<p>C\u00e9g\u00fcnk nemzetk\u00f6zi szabv\u00e1nyokat \u00e9s tan\u00fas\u00edtv\u00e1nyokat k\u00f6vet, biztos\u00edtva, hogy term\u00e9keink megfeleljenek a legmagasabb min\u0151s\u00e9gi k\u00f6vetelm\u00e9nyeknek. Arra \u00f6sszpontos\u00edtunk, hogy \u00fcgyfeleink ig\u00e9nyeihez igaz\u00edtott, szem\u00e9lyre szabott szolg\u00e1ltat\u00e1sokat ny\u00fajtsunk, biztos\u00edtva az el\u00e9gedetts\u00e9get \u00e9s a megb\u00edzhat\u00f3s\u00e1got.<\/p>\n<h3>Termel\u00e9si berendez\u00e9sek<\/h3>\n<p>Korszer\u0171 gy\u00e1rt\u00f3berendez\u00e9seink lehet\u0151v\u00e9 teszik sz\u00e1munkra, hogy kiv\u00e1l\u00f3 min\u0151s\u00e9g\u0171 hidraulikus hengereket gy\u00e1rtsunk prec\u00edz \u00e9s hat\u00e9kony m\u00f3don. A min\u0151s\u00e9gre \u00e9s a teljes\u00edtm\u00e9nyre \u00f6sszpontos\u00edtva gy\u00e1rt\u00e1si folyamatainkat a piaci ig\u00e9nyek kiel\u00e9g\u00edt\u00e9s\u00e9re, a biztons\u00e1gi el\u0151\u00edr\u00e1sok betart\u00e1sa mellett tervezz\u00fck.<\/p>\n<h3>\u00c9rt\u00e9kes\u00edt\u00e9s ut\u00e1ni szolg\u00e1ltat\u00e1s<\/h3>\n<p>\u00c1tfog\u00f3 \u00e9rt\u00e9kes\u00edt\u00e9s ut\u00e1ni szolg\u00e1ltat\u00e1sokat k\u00edn\u00e1lunk, bele\u00e9rtve a telep\u00edt\u00e9si, karbantart\u00e1si \u00e9s hibaelh\u00e1r\u00edt\u00e1si t\u00e1mogat\u00e1st. Elk\u00f6telezett \u00fcgyf\u00e9lszolg\u00e1lati csapatunk k\u00e9szs\u00e9ggel \u00e1ll \u00fcgyfeleink rendelkez\u00e9s\u00e9re b\u00e1rmilyen felmer\u00fcl\u0151 probl\u00e9m\u00e1ban, biztos\u00edtva a z\u00f6kken\u0151mentes \u00e9lm\u00e9nyt a v\u00e1s\u00e1rl\u00e1st\u00f3l az \u00fczemeltet\u00e9sig.<\/p>\n<p>Szerz\u0151: lyl<\/p>","protected":false},"excerpt":{"rendered":"<p>Boom Cylinder For John Deere E230LC Product Overview The Boom Cylinder for John Deere E230LC is a vital hydraulic component designed to control the movement of the boom in heavy machinery. These cylinders are specifically engineered for use in excavators, backhoes, and loaders, enabling the boom to lift, lower, and tilt, facilitating efficient material handling [&hellip;]<\/p>","protected":false},"featured_media":17879,"comment_status":"open","ping_status":"closed","template":"","meta":{"_et_pb_use_builder":"","_et_pb_old_content":"","_et_gb_content_width":""},"product_brand":[],"product_cat":[1546],"product_tag":[1547,1496],"class_list":{"0":"post-19571","1":"product","2":"type-product","3":"status-publish","4":"has-post-thumbnail","6":"product_cat-boom-cylinders","7":"product_tag-boom-cylinders","8":"product_tag-hydraulic-cylinders","10":"first","11":"instock","12":"shipping-taxable","13":"product-type-simple"},"amp_enabled":true,"_links":{"self":[{"href":"https:\/\/www.hydraulic-cylinders.net\/hu\/wp-json\/wp\/v2\/product\/19571","targetHints":{"allow":["GET"]}}],"collection":[{"href":"https:\/\/www.hydraulic-cylinders.net\/hu\/wp-json\/wp\/v2\/product"}],"about":[{"href":"https:\/\/www.hydraulic-cylinders.net\/hu\/wp-json\/wp\/v2\/types\/product"}],"replies":[{"embeddable":true,"href":"https:\/\/www.hydraulic-cylinders.net\/hu\/wp-json\/wp\/v2\/comments?post=19571"}],"wp:featuredmedia":[{"embeddable":true,"href":"https:\/\/www.hydraulic-cylinders.net\/hu\/wp-json\/wp\/v2\/media\/17879"}],"wp:attachment":[{"href":"https:\/\/www.hydraulic-cylinders.net\/hu\/wp-json\/wp\/v2\/media?parent=19571"}],"wp:term":[{"taxonomy":"product_brand","embeddable":true,"href":"https:\/\/www.hydraulic-cylinders.net\/hu\/wp-json\/wp\/v2\/product_brand?post=19571"},{"taxonomy":"product_cat","embeddable":true,"href":"https:\/\/www.hydraulic-cylinders.net\/hu\/wp-json\/wp\/v2\/product_cat?post=19571"},{"taxonomy":"product_tag","embeddable":true,"href":"https:\/\/www.hydraulic-cylinders.net\/hu\/wp-json\/wp\/v2\/product_tag?post=19571"}],"curies":[{"name":"munkaf\u00fczet","href":"https:\/\/api.w.org\/{rel}","templated":true}]}}