{"id":19576,"date":"2025-04-07T06:55:23","date_gmt":"2025-04-07T06:55:23","guid":{"rendered":"https:\/\/www.hydraulic-cylinders.net\/product\/boom-cylinder-for-yuchai-yc35-8\/"},"modified":"2025-04-07T06:55:25","modified_gmt":"2025-04-07T06:55:25","slug":"boom-cylinder-for-yuchai-yc35-8","status":"publish","type":"product","link":"https:\/\/www.hydraulic-cylinders.net\/hu\/termek\/boom-cylinder-for-yuchai-yc35-8\/","title":{"rendered":"G\u00e9mhenger Yuchai YC35-8-hoz"},"content":{"rendered":"<h1>G\u00e9mhenger Yuchai YC35-8-hoz<\/h1>\n<h2>Term\u00e9k\u00e1ttekint\u00e9s<\/h2>\n<p>A Yuchai YC35-8 g\u00e9mhengere egy speci\u00e1lis hidraulikus henger, amelyet neh\u00e9zg\u00e9pek, p\u00e9ld\u00e1ul kotr\u00f3g\u00e9pek, kotr\u00f3rakod\u00f3k \u00e9s homlokrakod\u00f3k g\u00e9mj\u00e9nek mozg\u00e1s\u00e1nak vez\u00e9rl\u00e9s\u00e9re terveztek. Ez a t\u00edpus\u00fa hidraulikus henger kulcsfontoss\u00e1g\u00fa szerepet j\u00e1tszik a k\u00fcl\u00f6nf\u00e9le anyagmozgat\u00e1si feladatokban, lehet\u0151v\u00e9 t\u00e9ve a kezel\u0151k sz\u00e1m\u00e1ra a kan\u00e1l prec\u00edz emel\u00e9s\u00e9t, s\u00fcllyeszt\u00e9s\u00e9t \u00e9s d\u00f6nt\u00e9s\u00e9t. Alapvet\u0151 fontoss\u00e1g\u00fa a hidraulikus rendszerekben, ahol hidraulikus nyom\u00e1st haszn\u00e1l az er\u0151teljes mozg\u00e1s l\u00e9trehoz\u00e1s\u00e1hoz, biztos\u00edtva a hat\u00e9konys\u00e1got \u00e9s az eredm\u00e9nyess\u00e9get a munkater\u00fcleten.<\/p>\n<p><img decoding=\"async\" src=\"https:\/\/www.hydraulic-cylinders.net\/wp-content\/uploads\/2025\/04\/songte-company-1.webp\" alt=\"G\u00e9mhenger\"><\/p>\n<h3>A g\u00e9mhenger funkci\u00f3ja<\/h3>\n<p>A kan\u00e1lhenger egy olyan hidraulikus henger, amelyet kifejezetten neh\u00e9zg\u00e9pekhez terveztek, \u00e9s amely megk\u00f6nny\u00edti a kan\u00e1l helyzet\u00e9nek manipul\u00e1l\u00e1s\u00e1t. Ez a funkci\u00f3 l\u00e9tfontoss\u00e1g\u00fa a prec\u00edz \u00e1s\u00e1si m\u0171veleteket ig\u00e9nyl\u0151 kotr\u00f3g\u00e9pekn\u00e9l \u00e9s az anyagok hat\u00e9kony sz\u00e1ll\u00edt\u00e1s\u00e1n\u00e1l. A hidraulikus rendszer a hidraulikafolyad\u00e9k erej\u00e9t kihaszn\u00e1lva er\u0151s tol\u00f3- \u00e9s h\u00faz\u00f3er\u0151ket hoz l\u00e9tre, ami alapvet\u0151 fontoss\u00e1g\u00fa az \u00e9p\u00edt\u0151ipari \u00e9s mez\u0151gazdas\u00e1gi feladatokban.<\/p>\n<h2>A g\u00e9mhenger jellemz\u0151i<\/h2>\n<ul>\n<li><strong>Nagy szil\u00e1rds\u00e1g \u00e9s tart\u00f3ss\u00e1g:<\/strong> Nagy szil\u00e1rds\u00e1g\u00fa ac\u00e9lb\u00f3l vagy alum\u00edniumb\u00f3l k\u00e9sz\u00fcltek, ezek a palackok k\u00e9pesek ellen\u00e1llni a nagy nyom\u00e1snak \u00e9s a nagy terhel\u00e9seknek, \u00edgy alkalmasak a zord munkak\u00f6rnyezetre.<\/li>\n<li><strong>Hat\u00e9kony hidraulikus m\u0171k\u00f6dtet\u00e9s:<\/strong> A henger hidraulikus folyad\u00e9knyom\u00e1st haszn\u00e1l a sima kiny\u00fajt\u00e1shoz \u00e9s visszah\u00faz\u00e1shoz, lehet\u0151v\u00e9 t\u00e9ve a gyors reag\u00e1l\u00e1st a kezel\u0151i parancsokra.<\/li>\n<li><strong>K\u00fcl\u00f6nb\u00f6z\u0151 t\u00edpusok:<\/strong> Kaphat\u00f3 egyszeres m\u0171k\u00f6d\u00e9s\u0171 (egy ir\u00e1nyban m\u0171k\u00f6d\u0151) vagy kett\u0151s m\u0171k\u00f6d\u00e9s\u0171 (mindk\u00e9t ir\u00e1nyban m\u0171k\u00f6d\u0151) konfigur\u00e1ci\u00f3ban, egyes modellek teleszk\u00f3pos kivitelben is el\u00e9rhet\u0151k a nagyobb kiny\u00fal\u00e1s \u00e9rdek\u00e9ben a k\u00fcls\u0151 m\u00e9retek n\u00f6vel\u00e9se n\u00e9lk\u00fcl.<\/li>\n<li><strong>Testreszabhat\u00f3 be\u00e1ll\u00edt\u00e1sok:<\/strong> Term\u00e9keink t\u00f6k\u00e9letesen helyettes\u00edthetik a k\u00fcl\u00f6nf\u00e9le hidraulikus hengereket, \u00edgy a k\u00fcl\u00f6nb\u00f6z\u0151 m\u0171k\u00f6d\u00e9si ig\u00e9nyekhez igaz\u00edtott megold\u00e1sokat k\u00edn\u00e1lnak.<\/li>\n<li><strong>Karbantart\u00e1sbar\u00e1t kialak\u00edt\u00e1s:<\/strong> A kialak\u00edt\u00e1s olyan funkci\u00f3kat tartalmaz, amelyek megk\u00f6nny\u00edtik a karbantart\u00e1si feladatokat, biztos\u00edtva a hossz\u00fa \u00e9lettartamot \u00e9s a megb\u00edzhat\u00f3s\u00e1got.<\/li>\n<\/ul>\n<p><img decoding=\"async\" src=\"https:\/\/www.hydraulic-cylinders.net\/wp-content\/uploads\/2025\/04\/songte-cylinder-head-with-all-kinds-excavator-models.webp\" alt=\"Kotr\u00f3g\u00e9p modellek\"><\/p>\n<h2>A g\u00e9mhenger alkalmaz\u00e1sai<\/h2>\n<h3>\u00c9p\u00edt\u0151ipari berendez\u00e9sek<\/h3>\n<p>A kotr\u00f3g\u00e9pekben a g\u00e9mhenger l\u00e9tfontoss\u00e1g\u00fa az \u00e1s\u00e1shoz, a talaj vagy t\u00f6rmel\u00e9k rakod\u00e1s\u00e1hoz \u00e9s mozgat\u00e1s\u00e1hoz. Hidraulikus ereje biztos\u00edtja a talajba val\u00f3 behatol\u00e1shoz sz\u00fcks\u00e9ges er\u0151t, \u00edgy elengedhetetlen eleme a hat\u00e9kony f\u00f6ldmunk\u00e1knak.<\/p>\n<h3>Mez\u0151gazdas\u00e1gi g\u00e9pek<\/h3>\n<p>A homlokrakod\u00f3kban a g\u00e9mhenger f\u00f6ld, sz\u00e9na \u00e9s egy\u00e9b anyagok mer\u00e9s\u00e9re, emel\u00e9s\u00e9re \u00e9s sz\u00e1ll\u00edt\u00e1s\u00e1ra szolg\u00e1l. Ez a sokoldal\u00fas\u00e1g lehet\u0151v\u00e9 teszi a gazd\u00e1lkod\u00f3k sz\u00e1m\u00e1ra, hogy hat\u00e9konyan kezelj\u00e9k a k\u00fcl\u00f6nf\u00e9le feladatokat, n\u00f6velve a mez\u0151gazdas\u00e1gi m\u0171veletek termel\u00e9kenys\u00e9g\u00e9t.<\/p>\n<h3>Kotr\u00f3g\u00e9pek<\/h3>\n<p>A g\u00e9mhenger lehet\u0151v\u00e9 teszi a kan\u00e1l talajba hatol\u00e1s\u00e1t, megk\u00f6nny\u00edtve az \u00e9p\u00edt\u00e9si \u00e9s tereprendez\u00e9si projektekhez elengedhetetlen \u00e1s\u00e1si m\u0171veleteket. Ez a k\u00e9pess\u00e9g kulcsfontoss\u00e1g\u00fa a f\u00f6ldmunk\u00e1k sz\u00e9les sk\u00e1l\u00e1j\u00e1nak elv\u00e9gz\u00e9s\u00e9hez.<\/p>\n<h3>Rakod\u00f3k<\/h3>\n<p>A homlokrakod\u00f3kban a g\u00e9mhengerek hat\u00e9konyan seg\u00edtik a rakom\u00e1nyok emel\u00e9s\u00e9t \u00e9s \u00fcr\u00edt\u00e9s\u00e9t. Ez a funkci\u00f3 kritikus fontoss\u00e1g\u00fa az \u00e9p\u00edt\u0151iparban \u00e9s az anyagmozgat\u00e1sban, jav\u00edtva a m\u0171k\u00f6d\u00e9si hat\u00e9konys\u00e1got \u00e9s eredm\u00e9nyess\u00e9get.<\/p>\n<h2>Tervez\u00e9si szempontok \u00e9s kiv\u00e1laszt\u00e1si krit\u00e9riumok<\/h2>\n<h3>Teherb\u00edr\u00e1s<\/h3>\n<p>A g\u00e9mhengernek olyan kialak\u00edt\u00e1s\u00fanak kell lennie, amely elb\u00edrja az emelni k\u00edv\u00e1nt s\u00falyt. Alapvet\u0151 fontoss\u00e1g\u00fa a v\u00e1rhat\u00f3 maxim\u00e1lis terhel\u00e9s kisz\u00e1m\u00edt\u00e1sa annak \u00e9rdek\u00e9ben, hogy a henger \u00fczemi k\u00f6r\u00fclm\u00e9nyek k\u00f6z\u00f6tt megb\u00edzhat\u00f3an m\u0171k\u00f6dj\u00f6n.<\/p>\n<h3>T\u00f6m\u00edt\u00e9si teljes\u00edtm\u00e9ny<\/h3>\n<p>A megfelel\u0151 t\u00f6m\u00edt\u00e9s elengedhetetlen a hidraulikafolyad\u00e9k sziv\u00e1rg\u00e1s\u00e1nak megakad\u00e1lyoz\u00e1s\u00e1hoz, ami a rendszer hat\u00e9konys\u00e1g\u00e1nak cs\u00f6kken\u00e9s\u00e9hez vezethet. A poliuret\u00e1nb\u00f3l \u00e9s nitrilgumib\u00f3l k\u00e9sz\u00fclt kiv\u00e1l\u00f3 min\u0151s\u00e9g\u0171 t\u00f6m\u00edt\u00e9sek elengedhetetlenek a hidraulikus nyom\u00e1s fenntart\u00e1s\u00e1hoz.<\/p>\n<h3>Tart\u00f3ss\u00e1g<\/h3>\n<p>A tart\u00f3ss\u00e1g kulcsfontoss\u00e1g\u00fa t\u00e9nyez\u0151, mivel a g\u00e9mhenger zord k\u00f6rnyezeti hat\u00e1soknak lesz kit\u00e9ve. A kop\u00e1snak \u00e9s korr\u00f3zi\u00f3nak ellen\u00e1ll\u00f3 anyagok \u00e9s bevonatok sz\u00fcks\u00e9gesek a hossz\u00fa \u00e9lettartamhoz, cs\u00f6kkentve a cser\u00e9k gyakoris\u00e1g\u00e1t \u00e9s k\u00f6lts\u00e9geit.<\/p>\n<h3>Biztons\u00e1gi funkci\u00f3k<\/h3>\n<p>A biztons\u00e1g kiemelked\u0151 fontoss\u00e1g\u00fa a hidraulikus rendszerek kezel\u00e9s\u00e9n\u00e9l. A tervez\u00e9snek tartalmaznia kell biztons\u00e1gi elemeket a hirtelen meghib\u00e1sod\u00e1sok megel\u0151z\u00e9s\u00e9re, bele\u00e9rtve a nyom\u00e1scs\u00f6kkent\u0151 szelepeket \u00e9s a megfelel\u0151 r\u00f6gz\u00edt\u0151 mechanizmusokat a henger m\u0171k\u00f6d\u00e9s k\u00f6zbeni stabiliz\u00e1l\u00e1s\u00e1hoz.<\/p>\n<h3>Karbantarthat\u00f3s\u00e1g<\/h3>\n<p>A j\u00f3 kialak\u00edt\u00e1snak k\u00f6nny\u0171 karbantart\u00e1st kell biztos\u00edtania. Az ellen\u0151rz\u00e9s, ken\u00e9s \u00e9s alkatr\u00e9szcsere c\u00e9lj\u00e1b\u00f3l k\u00f6nnyen hozz\u00e1f\u00e9rhet\u0151 alkatr\u00e9szek hozz\u00e1j\u00e1rulnak a g\u00e9p \u00e1ltal\u00e1nos hat\u00e9konys\u00e1g\u00e1hoz.<\/p>\n<p><img decoding=\"async\" src=\"https:\/\/www.hydraulic-cylinders.net\/wp-content\/uploads\/2025\/04\/songte-oil-pipes-and-spare-parts.webp\" alt=\"Olajcs\u00f6vek \u00e9s alkatr\u00e9szek\"><\/p>\n<h2>T\u00f6m\u00edt\u00e9s \u00e9s ken\u00e9s<\/h2>\n<p>A hidraulikus henger hat\u00e9kony m\u0171k\u00f6d\u00e9s\u00e9nek biztos\u00edt\u00e1s\u00e1hoz elengedhetetlen a k\u00fcl\u00f6nf\u00e9le t\u00f6m\u00edt\u0151elemek, p\u00e9ld\u00e1ul dugatty\u00fat\u00f6m\u00edt\u00e9sek \u00e9s r\u00fadt\u00f6m\u00edt\u00e9sek haszn\u00e1lata. A tart\u00f3s anyagokb\u00f3l, p\u00e9ld\u00e1ul poliuret\u00e1nb\u00f3l \u00e9s nitrilgumib\u00f3l k\u00e9sz\u00fclt t\u00f6m\u00edt\u00e9sek kop\u00e1s\u00e1ll\u00f3s\u00e1got biztos\u00edtanak. A hengertest \u00e9s a menetes fel\u00fcletek finom megmunk\u00e1l\u00e1son esnek \u00e1t a kop\u00e1s\u00e1ll\u00f3s\u00e1g n\u00f6vel\u00e9se \u00e9rdek\u00e9ben. A rendszeres hidraulikaolajjal val\u00f3 ken\u00e9s szint\u00e9n sz\u00fcks\u00e9ges az optim\u00e1lis teljes\u00edtm\u00e9ny fenntart\u00e1s\u00e1hoz \u00e9s a k\u00e1rosod\u00e1sok megel\u0151z\u00e9s\u00e9hez.<\/p>\n<h2>Megel\u0151z\u0151 karbantart\u00e1si int\u00e9zked\u00e9sek<\/h2>\n<ul>\n<li><strong>Rendszeres ellen\u0151rz\u00e9sek:<\/strong> \u00dctemezzen be rendszeres ellen\u0151rz\u00e9seket a kop\u00e1s \u00e9s elhaszn\u00e1l\u00f3d\u00e1s azonos\u00edt\u00e1s\u00e1ra, miel\u0151tt azok komolyabb probl\u00e9m\u00e1kk\u00e1 v\u00e1ln\u00e1nak.<\/li>\n<li><strong>Megfelel\u0151 ken\u00e9s:<\/strong> Gy\u0151z\u0151dj\u00f6n meg arr\u00f3l, hogy a hidraulikaolaj szintje megfelel\u0151, \u00e9s hogy a megfelel\u0151 t\u00edpus\u00fa olajat haszn\u00e1lja ken\u00e9shez.<\/li>\n<li><strong>T\u00f6m\u00edt\u00e9scsere:<\/strong> Figyelje a t\u00f6m\u00edt\u00e9sek kop\u00e1s\u00e1nak jeleit, \u00e9s sz\u00fcks\u00e9g szerint cser\u00e9lje ki \u0151ket a folyad\u00e9ksziv\u00e1rg\u00e1s megel\u0151z\u00e9se \u00e9rdek\u00e9ben.<\/li>\n<\/ul>\n<h2>Telep\u00edt\u00e9si \u00fatmutat\u00f3<\/h2>\n<p>A g\u00e9mhenger felszerel\u00e9sekor gy\u0151z\u0151dj\u00f6n meg arr\u00f3l, hogy minden alkatr\u00e9sz megfelel\u0151en van be\u00e1ll\u00edtva, hogy elker\u00fclje a henger t\u00falzott terhel\u00e9s\u00e9t. Haszn\u00e1ljon megfelel\u0151 r\u00f6gz\u00edt\u0151konzolokat a henger r\u00f6gz\u00edt\u00e9s\u00e9hez. A s\u00e9r\u00fcl\u00e9sek elker\u00fcl\u00e9se \u00e9rdek\u00e9ben k\u00f6vesse a gy\u00e1rt\u00f3 nyomat\u00e9k-specifik\u00e1ci\u00f3ira vonatkoz\u00f3 ir\u00e1nyelveit. Gy\u0151z\u0151dj\u00f6n meg arr\u00f3l, hogy a hidraulikavezet\u00e9kek akad\u00e1lymentesek \u00e9s megfelel\u0151en csatlakoznak a z\u00f6kken\u0151mentes m\u0171k\u00f6d\u00e9s \u00e9rdek\u00e9ben.<\/p>\n<h2>Gyakori karbantart\u00e1si feladatok<\/h2>\n<ul>\n<li><strong>Rendszeres ellen\u0151rz\u00e9s:<\/strong> Gyakori ellen\u0151rz\u00e9seket kell v\u00e9gezni a kop\u00e1s vagy sziv\u00e1rg\u00e1s jeleinek \u00e9szlel\u00e9se \u00e9rdek\u00e9ben. A korai felismer\u00e9s megel\u0151zheti a k\u00e9s\u0151bbi jelent\u0151sebb jav\u00edt\u00e1sokat.<\/li>\n<li><strong>Megfelel\u0151 ken\u00e9s:<\/strong> A hidraulikus rendszer z\u00f6kken\u0151mentes m\u0171k\u00f6d\u00e9s\u00e9nek biztos\u00edt\u00e1sa \u00e9rdek\u00e9ben tartsa fenn a megfelel\u0151 ken\u00e9si szintet. Ez cs\u00f6kkenti a s\u00farl\u00f3d\u00e1st \u00e9s meghosszabb\u00edtja az alkatr\u00e9szek \u00e9lettartam\u00e1t.<\/li>\n<li><strong>T\u00f6m\u00edt\u00e9scsere:<\/strong> Rendszeresen ellen\u0151rizze a t\u00f6m\u00edt\u00e9sek kop\u00e1s\u00e1t, \u00e9s sz\u00fcks\u00e9g szerint cser\u00e9lje ki \u0151ket a hidraulikafolyad\u00e9k sziv\u00e1rg\u00e1s\u00e1nak megel\u0151z\u00e9se \u00e9rdek\u00e9ben, biztos\u00edtva a rendszer hat\u00e9konys\u00e1g\u00e1nak meg\u0151rz\u00e9s\u00e9t.<\/li>\n<\/ul>\n<h2>Biztons\u00e1gi szempontok \u00e9s k\u00f6rnyezeti t\u00e9nyez\u0151k<\/h2>\n<p>A hidraulikus rendszerekkel v\u00e9gzett munka sor\u00e1n elengedhetetlen a biztons\u00e1gi int\u00e9zked\u00e9sek betart\u00e1sa. A kezel\u0151knek megfelel\u0151 szem\u00e9lyi v\u00e9d\u0151felszerel\u00e9st (PPE) kell viselni\u00fck, \u00e9s k\u00e9pzettnek kell lenni\u00fck a hidraulikus g\u00e9pek biztons\u00e1gos kezel\u00e9s\u00e9ben. A hidraulikus folyad\u00e9kok \u00e9s a haszn\u00e1lt alkatr\u00e9szek megfelel\u0151 \u00e1rtalmatlan\u00edt\u00e1sa elengedhetetlen a k\u00f6rnyezeti hat\u00e1sok cs\u00f6kkent\u00e9se \u00e9rdek\u00e9ben.<\/p>\n<h2>Hibaelh\u00e1r\u00edt\u00e1s \u00e9s gyakori probl\u00e9m\u00e1k<\/h2>\n<ul>\n<li><strong>Sziv\u00e1rg\u00e1s:<\/strong> Ellen\u0151rizze a t\u00f6m\u00edt\u00e9sek vagy csatlakoz\u00e1sok sziv\u00e1rg\u00e1s\u00e1t; cser\u00e9lje ki a s\u00e9r\u00fclt t\u00f6m\u00edt\u00e9seket, \u00e9s gy\u0151z\u0151dj\u00f6n meg a csatlakoz\u00e1sok t\u00f6m\u00edtetts\u00e9g\u00e9r\u0151l.<\/li>\n<li><strong>Lass\u00fa m\u0171k\u00f6d\u00e9s:<\/strong> Ellen\u0151rizze a hidraulikafolyad\u00e9k szintj\u00e9t, \u00e9s sz\u00fcks\u00e9g eset\u00e9n cser\u00e9lje ki, valamint ellen\u0151rizze, hogy nincsenek-e elt\u00f6m\u0151dve a hidraulikavezet\u00e9kek.<\/li>\n<li><strong>Inkonzisztens teljes\u00edtm\u00e9ny:<\/strong> Vizsg\u00e1lja meg a henger belsej\u00e9ben tal\u00e1lhat\u00f3 s\u00e9r\u00fclt alkatr\u00e9szeket, \u00e9s gy\u0151z\u0151dj\u00f6n meg arr\u00f3l, hogy minden t\u00f6m\u00edt\u00e9s \u00e9p \u00e9s m\u0171k\u00f6d\u0151k\u00e9pes.<\/li>\n<\/ul>\n<p>A megel\u0151z\u0151 int\u00e9zked\u00e9sek bevezet\u00e9se jelent\u0151sen cs\u00f6kkentheti a potenci\u00e1lis probl\u00e9m\u00e1kat. A rendszeres karbantart\u00e1s seg\u00edthet a rendszer z\u00f6kken\u0151mentes m\u0171k\u00f6d\u00e9s\u00e9ben, minimaliz\u00e1lva az \u00e1ll\u00e1sid\u0151t.<\/p>\n<p><img decoding=\"async\" src=\"https:\/\/www.hydraulic-cylinders.net\/wp-content\/uploads\/2025\/04\/songte-bushings-with-all-kinds-of-excavator-models.webp\" alt=\"Perselyek kotr\u00f3g\u00e9p modellekhez\"><\/p>\n<h2>C\u00e9g\u00fcnk<\/h2>\n<p>Hidraulikus munkahengerek cserealkatr\u00e9szeinek gy\u00e1rt\u00f3jak\u00e9nt \u00e1tfog\u00f3 term\u00e9kk\u00edn\u00e1latunkr\u00f3l ismert\u00fcnk, amely a hazai \u00e9s nemzetk\u00f6zi piacok egyik vezet\u0151 gy\u00e1rt\u00f3j\u00e1v\u00e1 \u00e9s nagykeresked\u0151j\u00e9v\u00e9 tett minket. A kiv\u00e1l\u00f3s\u00e1g ir\u00e1nti elk\u00f6telezetts\u00e9g\u00fcnket a legmodernebb gy\u00e1rt\u00f3\u00fczemeinkben alkalmazott kifinomult termel\u00e9sir\u00e1ny\u00edt\u00e1si strat\u00e9gia t\u00e1mogatja.<\/p>\n<p>Folyamatosan fejlesztj\u00fck gy\u00e1rt\u00e1si platformunkat k\u00e9pzett m\u0171szaki szem\u00e9lyzetbe, fejlett digit\u00e1lis gy\u00e1rt\u00f3berendez\u00e9sekbe \u00e9s professzion\u00e1lis tesztel\u0151rendszerekbe t\u00f6rt\u00e9n\u0151 befektet\u00e9sekkel. A nagy hat\u00e9konys\u00e1gra, a pontoss\u00e1gra \u00e9s a min\u0151s\u00e9gre val\u00f3 \u00f6sszpontos\u00edt\u00e1sunk \u00f6sszhangban van \u00fcgyfeleink sokr\u00e9t\u0171 ig\u00e9nyeivel.<\/p>\n<p><img decoding=\"async\" src=\"https:\/\/www.hydraulic-cylinders.net\/wp-content\/uploads\/2025\/04\/songte-company-4.webp\" alt=\"C\u00e9ginform\u00e1ci\u00f3\"><br \/>\n<img decoding=\"async\" src=\"https:\/\/www.hydraulic-cylinders.net\/wp-content\/uploads\/2025\/04\/songte-company-3.webp\" alt=\"Termel\u00e9si berendez\u00e9sek\"><\/p>\n<p>Szerz\u0151: lyl<\/p>","protected":false},"excerpt":{"rendered":"<p>Boom Cylinder For Yuchai YC35-8 Product Overview The Boom Cylinder for Yuchai YC35-8 is a specialized hydraulic cylinder designed to control the movement of the boom in heavy machinery such as excavators, backhoe loaders, and front loaders. This type of hydraulic cylinder plays a crucial role in various material handling tasks, allowing operators to lift, [&hellip;]<\/p>","protected":false},"featured_media":17869,"comment_status":"open","ping_status":"closed","template":"","meta":{"_et_pb_use_builder":"","_et_pb_old_content":"","_et_gb_content_width":""},"product_brand":[],"product_cat":[1546],"product_tag":[1547,1496],"class_list":{"0":"post-19576","1":"product","2":"type-product","3":"status-publish","4":"has-post-thumbnail","6":"product_cat-boom-cylinders","7":"product_tag-boom-cylinders","8":"product_tag-hydraulic-cylinders","10":"first","11":"instock","12":"shipping-taxable","13":"product-type-simple"},"amp_enabled":true,"_links":{"self":[{"href":"https:\/\/www.hydraulic-cylinders.net\/hu\/wp-json\/wp\/v2\/product\/19576","targetHints":{"allow":["GET"]}}],"collection":[{"href":"https:\/\/www.hydraulic-cylinders.net\/hu\/wp-json\/wp\/v2\/product"}],"about":[{"href":"https:\/\/www.hydraulic-cylinders.net\/hu\/wp-json\/wp\/v2\/types\/product"}],"replies":[{"embeddable":true,"href":"https:\/\/www.hydraulic-cylinders.net\/hu\/wp-json\/wp\/v2\/comments?post=19576"}],"wp:featuredmedia":[{"embeddable":true,"href":"https:\/\/www.hydraulic-cylinders.net\/hu\/wp-json\/wp\/v2\/media\/17869"}],"wp:attachment":[{"href":"https:\/\/www.hydraulic-cylinders.net\/hu\/wp-json\/wp\/v2\/media?parent=19576"}],"wp:term":[{"taxonomy":"product_brand","embeddable":true,"href":"https:\/\/www.hydraulic-cylinders.net\/hu\/wp-json\/wp\/v2\/product_brand?post=19576"},{"taxonomy":"product_cat","embeddable":true,"href":"https:\/\/www.hydraulic-cylinders.net\/hu\/wp-json\/wp\/v2\/product_cat?post=19576"},{"taxonomy":"product_tag","embeddable":true,"href":"https:\/\/www.hydraulic-cylinders.net\/hu\/wp-json\/wp\/v2\/product_tag?post=19576"}],"curies":[{"name":"munkaf\u00fczet","href":"https:\/\/api.w.org\/{rel}","templated":true}]}}