{"id":19580,"date":"2025-04-07T06:55:42","date_gmt":"2025-04-07T06:55:42","guid":{"rendered":"https:\/\/www.hydraulic-cylinders.net\/product\/boom-cylinder-for-yuchai-yc210lc-8\/"},"modified":"2025-04-07T06:55:51","modified_gmt":"2025-04-07T06:55:51","slug":"boom-cylinder-for-yuchai-yc210lc-8","status":"publish","type":"product","link":"https:\/\/www.hydraulic-cylinders.net\/hu\/termek\/boom-cylinder-for-yuchai-yc210lc-8\/","title":{"rendered":"G\u00e9mhenger Yuchai YC210LC-8-hoz"},"content":{"rendered":"<h1>G\u00e9mhenger Yuchai YC210LC-8-hoz<\/h1>\n<h2>Term\u00e9k\u00e1ttekint\u00e9s<\/h2>\n<p>A Yuchai YC210LC-8 g\u00e9mhengere n\u00e9lk\u00fcl\u00f6zhetetlen alkatr\u00e9sz a neh\u00e9zg\u00e9pekben, kifejezetten a kotr\u00f3g\u00e9pek g\u00e9mj\u00e9nek mozg\u00e1s\u00e1nak vez\u00e9rl\u00e9s\u00e9re tervezt\u00e9k. Ez a hidraulikus henger lehet\u0151v\u00e9 teszi a g\u00e9m emel\u00e9s\u00e9t, s\u00fcllyeszt\u00e9s\u00e9t \u00e9s billent\u00e9s\u00e9t, megk\u00f6nny\u00edtve a k\u00fcl\u00f6nf\u00e9le anyagmozgat\u00e1si feladatokat. A hidraulikus rendszer kulcsfontoss\u00e1g\u00fa r\u00e9szek\u00e9nt a g\u00e9mhengernek jelent\u0151s nyom\u00e1st kell elviselnie, mik\u00f6zben megb\u00edzhat\u00f3 \u00e9s hat\u00e9kony m\u0171k\u00f6d\u00e9st biztos\u00edt.<\/p>\n<p><img decoding=\"async\" src=\"https:\/\/www.hydraulic-cylinders.net\/wp-content\/uploads\/2025\/04\/songte-company-1.webp\" alt=\"G\u00e9mhenger\" \/><\/p>\n<h3>Defin\u00edci\u00f3 \u00e9s funkcionalit\u00e1s<\/h3>\n<p>A kan\u00e1lhenger egy olyan hidraulikus henger, amelyet kifejezetten neh\u00e9zg\u00e9pek, p\u00e9ld\u00e1ul kotr\u00f3g\u00e9pek, kotr\u00f3g\u00e9pek \u00e9s homlokrakod\u00f3k kanalainak mozg\u00e1s\u00e1nak vez\u00e9rl\u00e9s\u00e9re haszn\u00e1lnak. Kulcsfontoss\u00e1g\u00fa szerepet j\u00e1tszik a hidraulikus rendszerekben az\u00e1ltal, hogy lehet\u0151v\u00e9 teszi a sz\u00fcks\u00e9ges pontos mozg\u00e1st olyan feladatokhoz, mint az \u00e1s\u00e1s, emel\u00e9s \u00e9s anyagok sz\u00e1ll\u00edt\u00e1sa. Kialak\u00edt\u00e1sa biztos\u00edtja, hogy ellen\u00e1lljon a neh\u00e9zg\u00e9pek \u00fczemeltet\u00e9s\u00e9nek ig\u00e9nyes k\u00f6r\u00fclm\u00e9nyeinek, \u00edgy l\u00e9tfontoss\u00e1g\u00fa az optim\u00e1lis teljes\u00edtm\u00e9nyhez.<\/p>\n<h2>F\u0151bb jellemz\u0151k<\/h2>\n<ul>\n<li><strong>Nagy szil\u00e1rds\u00e1g \u00e9s tart\u00f3ss\u00e1g:<\/strong> Nagy szil\u00e1rds\u00e1g\u00fa ac\u00e9lb\u00f3l vagy alum\u00edniumb\u00f3l k\u00e9sz\u00fclt, ez a henger nagy nyom\u00e1st \u00e9s nagy terhel\u00e9st b\u00edr ki, valamint kop\u00e1s- \u00e9s korr\u00f3zi\u00f3\u00e1ll\u00f3 a hosszabb \u00e9lettartam \u00e9rdek\u00e9ben.<\/li>\n<li><strong>Hat\u00e9kony hidraulikus m\u0171k\u00f6dtet\u00e9s:<\/strong> A hidraulikaolaj nyom\u00e1s\u00e1t haszn\u00e1lja a sima kiny\u00fajt\u00e1shoz \u00e9s visszah\u00faz\u00e1shoz, lehet\u0151v\u00e9 t\u00e9ve a gyors reag\u00e1l\u00e1st a kezel\u0151i parancsokra, \u00e9s jelent\u0151s tol\u00f3- \u00e9s h\u00faz\u00f3er\u0151t biztos\u00edtva.<\/li>\n<li><strong>K\u00fcl\u00f6nb\u00f6z\u0151 t\u00edpusok:<\/strong> Kaphat\u00f3 egyszeres m\u0171k\u00f6d\u00e9s\u0171 (hidraulikus nyom\u00e1s egy ir\u00e1nyban) vagy kett\u0151s m\u0171k\u00f6d\u00e9s\u0171 (hidraulikus nyom\u00e1s mindk\u00e9t ir\u00e1nyban) opci\u00f3ban, bizonyos modellek teleszk\u00f3pos kialak\u00edt\u00e1s\u00faak a nagyobb kiny\u00fal\u00e1s \u00e9rdek\u00e9ben a k\u00fcls\u0151 m\u00e9ret n\u00f6vel\u00e9se n\u00e9lk\u00fcl.<\/li>\n<li><strong>Testreszabhat\u00f3 megold\u00e1sok:<\/strong> Term\u00e9keink t\u00f6k\u00e9letesen helyettes\u00edthetik a megl\u00e9v\u0151 hidraulikus hengereket, biztos\u00edtva a kompatibilit\u00e1st \u00e9s a funkcionalit\u00e1st a k\u00fcl\u00f6nf\u00e9le alkalmaz\u00e1sokban.<\/li>\n<\/ul>\n<p><img decoding=\"async\" src=\"https:\/\/www.hydraulic-cylinders.net\/wp-content\/uploads\/2025\/04\/songte-cylinder-head-with-all-kinds-excavator-models.webp\" alt=\"Kotr\u00f3g\u00e9p kompatibilit\u00e1s\" \/><\/p>\n<h2>Alkalmaz\u00e1sok<\/h2>\n<h3>\u00c9p\u00edt\u0151ipari berendez\u00e9sek<\/h3>\n<p>A kotr\u00f3g\u00e9pekn\u00e9l a g\u00e9mhenger l\u00e9tfontoss\u00e1g\u00fa szerepet j\u00e1tszik az \u00e1s\u00e1sban, a rakod\u00e1sban \u00e9s a f\u00f6ld vagy t\u00f6rmel\u00e9k mozgat\u00e1s\u00e1ban. Lehet\u0151v\u00e9 teszi, hogy a g\u00e9m jelent\u0151s m\u00e9lys\u00e9geket \u00e9rjen el, \u00edgy elengedhetetlen a f\u00f6ldmozgat\u00e1st \u00e9s a terep el\u0151k\u00e9sz\u00edt\u00e9s\u00e9t ig\u00e9nyl\u0151 \u00e9p\u00edt\u00e9si projektekhez.<\/p>\n<h3>Mez\u0151gazdas\u00e1gi g\u00e9pek<\/h3>\n<p>A homlokrakod\u00f3k eset\u00e9ben a g\u00e9mhenger kulcsfontoss\u00e1g\u00fa a talaj, sz\u00e9na \u00e9s egy\u00e9b anyagok \u00e1s\u00e1s\u00e1ban, emel\u00e9s\u00e9ben \u00e9s sz\u00e1ll\u00edt\u00e1s\u00e1ban. Lehet\u0151v\u00e9 teszi a gazd\u00e1lkod\u00f3k sz\u00e1m\u00e1ra, hogy hat\u00e9konyan kezelj\u00e9k a munkaterhel\u00e9s\u00fcket \u00e9s jav\u00edts\u00e1k a gazdas\u00e1g termel\u00e9kenys\u00e9g\u00e9t.<\/p>\n<h3>Kotr\u00f3g\u00e9pek<\/h3>\n<p>A kan\u00e1lhenger megk\u00f6nny\u00edti az \u00e1s\u00e1si m\u0171veletet az\u00e1ltal, hogy lehet\u0151v\u00e9 teszi a kan\u00e1l hat\u00e9kony talajba val\u00f3 behatol\u00e1s\u00e1t. Ez a k\u00e9pess\u00e9g alapvet\u0151 fontoss\u00e1g\u00fa a f\u00f6ldmunk\u00e1kn\u00e1l, biztos\u00edtva a hat\u00e9kony \u00e9s pontos talajelt\u00e1vol\u00edt\u00e1st.<\/p>\n<h3>Rakod\u00f3k<\/h3>\n<p>A homlokrakod\u00f3kban ezek a munkahengerek hat\u00e9konyan seg\u00edtik a rakom\u00e1nyok emel\u00e9s\u00e9t \u00e9s \u00fcr\u00edt\u00e9s\u00e9t. Biztos\u00edtj\u00e1k a sz\u00fcks\u00e9ges er\u0151t a neh\u00e9z anyagok mozgat\u00e1s\u00e1hoz, n\u00f6velve a rakod\u00f3 m\u0171k\u00f6d\u00e9si kapacit\u00e1s\u00e1t.<\/p>\n<h2>Tervez\u00e9si szempontok<\/h2>\n<h3>Teherb\u00edr\u00e1s<\/h3>\n<p>A g\u00e9mhenger teherb\u00edr\u00e1sa kritikus tervez\u00e9si t\u00e9nyez\u0151. \u00dagy kell megtervezni, hogy a m\u0171k\u00f6d\u00e9s sor\u00e1n v\u00e1rhat\u00f3 maxim\u00e1lis terhel\u00e9st a meghib\u00e1sod\u00e1s kock\u00e1zata n\u00e9lk\u00fcl elb\u00edrja. A m\u00e9rn\u00f6k\u00f6knek alapos sz\u00e1m\u00edt\u00e1sokat kell v\u00e9gezni\u00fck a biztons\u00e1gos \u00fczemeltet\u00e9shez megfelel\u0151 anyagok \u00e9s szerkezeti integrit\u00e1s meghat\u00e1roz\u00e1sa \u00e9rdek\u00e9ben.<\/p>\n<h3>T\u00f6m\u00edt\u00e9s<\/h3>\n<p>A t\u00f6m\u00edt\u00e9s elengedhetetlen a hidraulikafolyad\u00e9k sziv\u00e1rg\u00e1s\u00e1nak megakad\u00e1lyoz\u00e1s\u00e1hoz \u00e9s a rendszerben l\u00e9v\u0151 nyom\u00e1s fenntart\u00e1s\u00e1hoz. A megb\u00edzhat\u00f3s\u00e1g biztos\u00edt\u00e1sa \u00e9rdek\u00e9ben kiv\u00e1l\u00f3 min\u0151s\u00e9g\u0171 t\u00f6m\u00edt\u00e9seket kell haszn\u00e1lni, amelyeket \u00fagy kell megtervezni, hogy ellen\u00e1lljanak az \u00fczemi k\u00f6rnyezetnek, bele\u00e9rtve a h\u0151m\u00e9rs\u00e9klet-ingadoz\u00e1sokat \u00e9s a szennyez\u0151d\u00e9seknek val\u00f3 kitetts\u00e9get.<\/p>\n<h3>Tart\u00f3ss\u00e1g<\/h3>\n<p>A tart\u00f3ss\u00e1g kulcsfontoss\u00e1g\u00fa tulajdons\u00e1g a hidraulikus hengerek tervez\u00e9s\u00e9n\u00e9l. A felhaszn\u00e1lt anyagoknak ellen\u00e1llniuk kell a kop\u00e1snak \u00e9s a szakad\u00e1snak, k\u00fcl\u00f6n\u00f6sen a zord munkak\u00f6r\u00fclm\u00e9nyek k\u00f6z\u00f6tt. Az olyan t\u00e9nyez\u0151k, mint a kif\u00e1rad\u00e1si szil\u00e1rds\u00e1g \u00e9s a korr\u00f3zi\u00f3\u00e1ll\u00f3s\u00e1g kulcsfontoss\u00e1g\u00faak a hossz\u00fa \u00e9lettartam biztos\u00edt\u00e1s\u00e1hoz.<\/p>\n<h3>Biztons\u00e1gi funkci\u00f3k<\/h3>\n<p>A biztons\u00e1gi funkci\u00f3k be\u00e9p\u00edt\u00e9se l\u00e9tfontoss\u00e1g\u00fa a kezel\u0151k \u00e9s a g\u00e9pek v\u00e9delme \u00e9rdek\u00e9ben. A tervez\u00e9si szempontok magukban foglalhatj\u00e1k a nyom\u00e1scs\u00f6kkent\u0151 szelepeket \u00e9s a biztons\u00e1gi z\u00e1rakat, amelyek rendszerhiba eset\u00e9n aktiv\u00e1l\u00f3dnak, n\u00f6velve az \u00e1ltal\u00e1nos biztons\u00e1got m\u0171k\u00f6d\u00e9s k\u00f6zben.<\/p>\n<h3>Karbantart\u00e1si szempontok<\/h3>\n<p>A tervez\u00e9s sor\u00e1n a k\u00f6nny\u0171 karbantart\u00e1snak kell lennie az els\u0151dleges szempontnak. A hidraulikus hengernek lehet\u0151v\u00e9 kell tennie az egyszer\u0171 ellen\u0151rz\u00e9seket, a t\u00f6m\u00edt\u00e9sek cser\u00e9j\u00e9t \u00e9s a folyad\u00e9kut\u00e1nt\u00f6lt\u00e9st. A gyors karbantart\u00e1st el\u0151seg\u00edt\u0151 kialak\u00edt\u00e1s jelent\u0151sen cs\u00f6kkentheti az \u00e1ll\u00e1sid\u0151t \u00e9s jav\u00edthatja a termel\u00e9kenys\u00e9get.<\/p>\n<p><img decoding=\"async\" src=\"https:\/\/www.hydraulic-cylinders.net\/wp-content\/uploads\/2025\/04\/songte-oil-pipes-and-spare-parts.webp\" alt=\"Hidraulikus alkatr\u00e9szek\" \/><\/p>\n<h2>T\u00f6m\u00edt\u00e9s \u00e9s ken\u00e9s<\/h2>\n<p>A hat\u00e9kony t\u00f6m\u00edt\u00e9s elengedhetetlen a hidraulikus hengerek megfelel\u0151 m\u0171k\u00f6d\u00e9s\u00e9hez. K\u00fcl\u00f6nb\u00f6z\u0151 t\u00f6m\u00edt\u00e9seket, p\u00e9ld\u00e1ul dugatty\u00fat\u00f6m\u00edt\u00e9seket \u00e9s r\u00fadt\u00f6m\u00edt\u00e9seket alkalmaznak a nyom\u00e1s fenntart\u00e1sa \u00e9s a sziv\u00e1rg\u00e1sok megakad\u00e1lyoz\u00e1sa \u00e9rdek\u00e9ben. Ezeket a t\u00f6m\u00edt\u00e9seket gyakran tart\u00f3s anyagokb\u00f3l, p\u00e9ld\u00e1ul poliuret\u00e1nb\u00f3l \u00e9s nitrilgumib\u00f3l k\u00e9sz\u00edtik a kop\u00e1s\u00e1ll\u00f3s\u00e1g \u00e9rdek\u00e9ben.<\/p>\n<p>A hengertest \u00e9s a menetes v\u00e9gek finom megmunk\u00e1l\u00e1son esnek \u00e1t a kop\u00e1s\u00e1ll\u00f3s\u00e1g n\u00f6vel\u00e9se \u00e9rdek\u00e9ben. A s\u00farl\u00f3d\u00e1s cs\u00f6kkent\u00e9se \u00e9s a sima m\u0171k\u00f6d\u00e9s fenntart\u00e1sa, biztos\u00edtva a henger hossz\u00fa \u00e9lettartam\u00e1t, rendszeres hidraulikaolajjal t\u00f6rt\u00e9n\u0151 ken\u00e9st ig\u00e9nyel.<\/p>\n<h2>Rendszeres ellen\u0151rz\u00e9s \u00e9s megel\u0151z\u0151 karbantart\u00e1s<\/h2>\n<ul>\n<li><strong>Rendszeres ellen\u0151rz\u00e9sek:<\/strong> Gyakori ellen\u0151rz\u00e9seket kell v\u00e9gezni a kop\u00e1s vagy sziv\u00e1rg\u00e1s jeleinek azonos\u00edt\u00e1sa \u00e9rdek\u00e9ben. A korai felismer\u00e9s megel\u0151zheti a nagyobb probl\u00e9m\u00e1k kialakul\u00e1s\u00e1t.<\/li>\n<li><strong>Megfelel\u0151 ken\u00e9s:<\/strong> Gy\u0151z\u0151dj\u00f6n meg arr\u00f3l, hogy a hidraulikaolaj szintje \u00e9s min\u0151s\u00e9ge megfelel\u0151. Rendszeresen ellen\u0151rizze \u00e9s sz\u00fcks\u00e9g szerint t\u00f6ltse fel az olajat az optim\u00e1lis teljes\u00edtm\u00e9ny fenntart\u00e1sa \u00e9rdek\u00e9ben.<\/li>\n<li><strong>T\u00f6m\u00edt\u00e9scsere:<\/strong> \u00dctemezze be a t\u00f6m\u00edt\u00e9sek rendszeres cser\u00e9j\u00e9t a sziv\u00e1rg\u00e1sok elker\u00fcl\u00e9se \u00e9s a hat\u00e9konys\u00e1g fenntart\u00e1sa \u00e9rdek\u00e9ben. Az id\u0151ben t\u00f6rt\u00e9n\u0151 csere megtakar\u00edthatja a karbantart\u00e1si k\u00e9sedelmekb\u0151l \u00e9s k\u00e1rokb\u00f3l ered\u0151 k\u00f6lts\u00e9geket.<\/li>\n<\/ul>\n<h2>Telep\u00edt\u00e9si \u00fatmutat\u00f3<\/h2>\n<p>A megfelel\u0151 beszerel\u00e9s elengedhetetlen a g\u00e9mhenger m\u0171k\u00f6d\u00e9s\u00e9hez. El\u0151sz\u00f6r is gy\u0151z\u0151dj\u00f6n meg arr\u00f3l, hogy minden alkatr\u00e9sz tiszta \u00e9s t\u00f6rmel\u00e9kmentes. Igaz\u00edtsa a hengert megfelel\u0151en a r\u00f6gz\u00edt\u00e9si pontokhoz, \u00e9s haszn\u00e1lja a megfelel\u0151 r\u00f6gz\u00edt\u0151konzolokat a szil\u00e1rd r\u00f6gz\u00edt\u00e9shez.<\/p>\n<p>K\u00f6vesse a gy\u00e1rt\u00f3 el\u0151\u00edr\u00e1sait a r\u00f6gz\u00edt\u0151elemek megh\u00faz\u00e1si nyomat\u00e9kaira vonatkoz\u00f3an. A beszerel\u00e9s ut\u00e1n ellen\u0151rizze, hogy nincs-e hidraulikus sziv\u00e1rg\u00e1s, \u00e9s gy\u0151z\u0151dj\u00f6n meg arr\u00f3l, hogy a henger a teljes mozg\u00e1startom\u00e1ny\u00e1ban sim\u00e1n m\u0171k\u00f6dik.<\/p>\n<h2>Gyakori karbantart\u00e1si feladatok<\/h2>\n<ul>\n<li><strong>Rendszeres ellen\u0151rz\u00e9sek:<\/strong> Az \u00fctemezett ellen\u0151rz\u00e9sek seg\u00edtenek azonos\u00edtani a kop\u00e1st \u00e9s a lehets\u00e9ges probl\u00e9m\u00e1kat, miel\u0151tt azok s\u00falyosbodn\u00e1nak. Keresse a sziv\u00e1rg\u00e1s, a szokatlan zajok vagy a teljes\u00edtm\u00e9nybeli elt\u00e9r\u00e9sek jeleit.<\/li>\n<li><strong>Helyes ken\u00e9s:<\/strong> Tartson be megfelel\u0151 ken\u00e9si \u00fctemtervet az aj\u00e1nlott hidraulikaolaj-t\u00edpus haszn\u00e1lat\u00e1val. A megfelel\u0151 ken\u00e9s minimaliz\u00e1lja a kop\u00e1st \u00e9s biztos\u00edtja a hat\u00e9kony m\u0171k\u00f6d\u00e9st.<\/li>\n<li><strong>T\u00f6m\u00edt\u00e9scsere:<\/strong> Figyelje a t\u00f6m\u00edt\u00e9sek \u00e9ps\u00e9g\u00e9t, \u00e9s sz\u00fcks\u00e9g szerint cser\u00e9lje ki \u0151ket. A kopott t\u00f6m\u00edt\u00e9sek sziv\u00e1rg\u00e1st \u00e9s cs\u00f6kkent hat\u00e9konys\u00e1got okozhatnak, ami befoly\u00e1solhatja a g\u00e9p teljes\u00edtm\u00e9ny\u00e9t.<\/li>\n<\/ul>\n<p><img decoding=\"async\" src=\"https:\/\/www.hydraulic-cylinders.net\/wp-content\/uploads\/2025\/04\/songte-chushion-collar.webp\" alt=\"P\u00e1rna gall\u00e9r\" \/><\/p>\n<h2>Biztons\u00e1gi szempontok \u00e9s k\u00f6rnyezeti t\u00e9nyez\u0151k<\/h2>\n<p>Hidraulikus hengerek haszn\u00e1latakor a biztons\u00e1gi int\u00e9zked\u00e9sek betart\u00e1sa kiemelked\u0151 fontoss\u00e1g\u00fa. A balesetek megel\u0151z\u00e9se \u00e9rdek\u00e9ben gondoskodjon arr\u00f3l, hogy a kezel\u0151k megfelel\u0151 kezel\u00e9si \u00e9s \u00fczemeltet\u00e9si elj\u00e1r\u00e1sokra legyenek kik\u00e9pezve. A rendszeres biztons\u00e1gi auditok azonos\u00edthatj\u00e1k a hidraulikus rendszerekkel kapcsolatos lehets\u00e9ges vesz\u00e9lyeket.<\/p>\n<h2>Hibadiagn\u00f3zis \u00e9s gyakori probl\u00e9m\u00e1k<\/h2>\n<ul>\n<li><strong>Hidraulikafolyad\u00e9k-sziv\u00e1rg\u00e1sok:<\/strong> Sziv\u00e1rg\u00e1sok el\u0151fordulhatnak a kopott t\u00f6m\u00edt\u00e9sek vagy a nem megfelel\u0151 beszerel\u00e9s miatt. A rendszeres ellen\u0151rz\u00e9sek \u00e9s az id\u0151ben t\u00f6rt\u00e9n\u0151 t\u00f6m\u00edt\u00e9scsere seg\u00edthet enyh\u00edteni ezt a probl\u00e9m\u00e1t.<\/li>\n<li><strong>Nem reag\u00e1l\u00f3 henger:<\/strong> Ha a henger nem reag\u00e1l a parancsokra, ellen\u0151rizze a hidraulikafolyad\u00e9k szintj\u00e9t, \u00e9s gy\u0151z\u0151dj\u00f6n meg arr\u00f3l, hogy nincsenek-e elt\u00f6m\u0151d\u00e9sek a rendszerben.<\/li>\n<li><strong>T\u00falzott zaj:<\/strong> A szokatlan zajok bels\u0151 kop\u00e1sra vagy a rendszerben l\u00e9v\u0151 leveg\u0151re utalhatnak. Halad\u00e9ktalanul vizsg\u00e1lja ki \u00e9s h\u00e1r\u00edtsa el ezeket a probl\u00e9m\u00e1kat.<\/li>\n<\/ul>\n<h2>Hibaelh\u00e1r\u00edt\u00e1si tippek<\/h2>\n<p>A hat\u00e9kony hibaelh\u00e1r\u00edt\u00e1s \u00e9rdek\u00e9ben el\u0151sz\u00f6r ellen\u0151rizze a hidraulikafolyad\u00e9k szintj\u00e9t \u00e9s keressen sziv\u00e1rg\u00e1sokat. Jav\u00edtsa ki az azonos\u00edtott probl\u00e9m\u00e1kat, p\u00e9ld\u00e1ul cser\u00e9lje ki a hib\u00e1s t\u00f6m\u00edt\u00e9seket vagy sz\u00fcntesse meg a rendszerben l\u00e9v\u0151 elt\u00f6m\u0151d\u00e9seket. Fontolja meg megel\u0151z\u0151 int\u00e9zked\u00e9sek, p\u00e9ld\u00e1ul rendszeres karbantart\u00e1si \u00fctemtervek bevezet\u00e9s\u00e9t a probl\u00e9m\u00e1k el\u0151fordul\u00e1s\u00e1nak minimaliz\u00e1l\u00e1sa \u00e9rdek\u00e9ben.<\/p>\n<p><img decoding=\"async\" src=\"https:\/\/www.hydraulic-cylinders.net\/wp-content\/uploads\/2025\/04\/songte-bushings-with-all-kinds-of-excavator-models.webp\" alt=\"perselyek\" \/><\/p>\n<h2>C\u00e9ginform\u00e1ci\u00f3<\/h2>\n<p>Hidraulikus munkahengerek cserealkatr\u00e9szeinek gy\u00e1rt\u00f3i vagyunk, \u00e9s term\u00e9keink sz\u00e9les v\u00e1laszt\u00e9k\u00e1val a hazai \u00e9s a nemzetk\u00f6zi piacok egyik vezet\u0151 gy\u00e1rt\u00f3j\u00e1v\u00e1 \u00e9s nagykeresked\u0151j\u00e9v\u00e9 v\u00e1ltunk. A kiv\u00e1l\u00f3s\u00e1g ir\u00e1nti elk\u00f6telezetts\u00e9g\u00fcnk kifinomult gy\u00e1rt\u00e1sir\u00e1ny\u00edt\u00e1si strat\u00e9gi\u00e1nkban, k\u00e9pzett szem\u00e9lyzet\u00fcnk, fejlett digit\u00e1lis gy\u00e1rt\u00f3berendez\u00e9seink \u00e9s speci\u00e1lis tesztel\u0151rendszereink kihaszn\u00e1l\u00e1s\u00e1ban gy\u00f6kerezik.<\/p>\n<p>Gy\u00e1rt\u00e1si platformunk folyamatosan fejl\u0151dik, jav\u00edtja a term\u00e9kmin\u0151s\u00e9get, \u00e9s nagy hat\u00e9konys\u00e1ggal, pontoss\u00e1ggal \u00e9s min\u0151s\u00e9ggel el\u00e9g\u00edti ki a soksz\u00edn\u0171 \u00fcgyf\u00e9lig\u00e9nyeket.<\/p>\n<p><img decoding=\"async\" src=\"https:\/\/www.hydraulic-cylinders.net\/wp-content\/uploads\/2025\/04\/songte-company-4.webp\" alt=\"C\u00e9ginform\u00e1ci\u00f3\" \/><br \/>\n<img decoding=\"async\" src=\"https:\/\/www.hydraulic-cylinders.net\/wp-content\/uploads\/2025\/04\/songte-company-3.webp\" alt=\"Gy\u00e1rt\u00f3\u00fczem\" \/><\/p>\n<p>Er\u0151ss\u00e9geink k\u00f6z\u00e9 tartozik a hidraulikus rendszerek ter\u00e9n szerzett szak\u00e9rtelem, a nemzetk\u00f6zi tan\u00fas\u00edtv\u00e1nyok, az egyedi szolg\u00e1ltat\u00e1sok, a legmodernebb gy\u00e1rt\u00f3berendez\u00e9sek \u00e9s a gyors reag\u00e1l\u00e1s\u00fa \u00e9rt\u00e9kes\u00edt\u00e9s ut\u00e1ni szolg\u00e1ltat\u00e1s.<\/p>\n<p>Szerz\u0151: lyl<\/p>","protected":false},"excerpt":{"rendered":"<p>Boom Cylinder For Yuchai YC210LC-8 Product Overview The Boom Cylinder for Yuchai YC210LC-8 is an essential component in heavy machinery, specifically designed to control the movement of the boom in excavators. This hydraulic cylinder allows the boom to lift, lower, and tilt, facilitating various material handling tasks. As a crucial part of the hydraulic system, [&hellip;]<\/p>","protected":false},"featured_media":17873,"comment_status":"open","ping_status":"closed","template":"","meta":{"_et_pb_use_builder":"","_et_pb_old_content":"","_et_gb_content_width":""},"product_brand":[],"product_cat":[1546],"product_tag":[1547,1496],"class_list":{"0":"post-19580","1":"product","2":"type-product","3":"status-publish","4":"has-post-thumbnail","6":"product_cat-boom-cylinders","7":"product_tag-boom-cylinders","8":"product_tag-hydraulic-cylinders","10":"first","11":"instock","12":"shipping-taxable","13":"product-type-simple"},"amp_enabled":true,"_links":{"self":[{"href":"https:\/\/www.hydraulic-cylinders.net\/hu\/wp-json\/wp\/v2\/product\/19580","targetHints":{"allow":["GET"]}}],"collection":[{"href":"https:\/\/www.hydraulic-cylinders.net\/hu\/wp-json\/wp\/v2\/product"}],"about":[{"href":"https:\/\/www.hydraulic-cylinders.net\/hu\/wp-json\/wp\/v2\/types\/product"}],"replies":[{"embeddable":true,"href":"https:\/\/www.hydraulic-cylinders.net\/hu\/wp-json\/wp\/v2\/comments?post=19580"}],"wp:featuredmedia":[{"embeddable":true,"href":"https:\/\/www.hydraulic-cylinders.net\/hu\/wp-json\/wp\/v2\/media\/17873"}],"wp:attachment":[{"href":"https:\/\/www.hydraulic-cylinders.net\/hu\/wp-json\/wp\/v2\/media?parent=19580"}],"wp:term":[{"taxonomy":"product_brand","embeddable":true,"href":"https:\/\/www.hydraulic-cylinders.net\/hu\/wp-json\/wp\/v2\/product_brand?post=19580"},{"taxonomy":"product_cat","embeddable":true,"href":"https:\/\/www.hydraulic-cylinders.net\/hu\/wp-json\/wp\/v2\/product_cat?post=19580"},{"taxonomy":"product_tag","embeddable":true,"href":"https:\/\/www.hydraulic-cylinders.net\/hu\/wp-json\/wp\/v2\/product_tag?post=19580"}],"curies":[{"name":"munkaf\u00fczet","href":"https:\/\/api.w.org\/{rel}","templated":true}]}}