{"id":19592,"date":"2025-04-07T06:56:19","date_gmt":"2025-04-07T06:56:19","guid":{"rendered":"https:\/\/www.hydraulic-cylinders.net\/product\/boom-cylinder-for-tota-tx210c\/"},"modified":"2025-04-07T06:56:22","modified_gmt":"2025-04-07T06:56:22","slug":"boom-cylinder-for-tota-tx210c","status":"publish","type":"product","link":"https:\/\/www.hydraulic-cylinders.net\/hu\/termek\/boom-cylinder-for-tota-tx210c\/","title":{"rendered":"G\u00e9mhenger Tota TX210C-hez"},"content":{"rendered":"<h1>G\u00e9mhenger Tota TX210C-hez<\/h1>\n<h2>Term\u00e9k\u00e1ttekint\u00e9s<\/h2>\n<p>A Tota TX210C g\u00e9mhengere kritikus fontoss\u00e1g\u00fa alkatr\u00e9sz a hidraulikus rendszerekben, amelyet kifejezetten a g\u00e9m mozg\u00e1s\u00e1nak vez\u00e9rl\u00e9s\u00e9re terveztek k\u00fcl\u00f6nf\u00e9le neh\u00e9zg\u00e9peken, p\u00e9ld\u00e1ul kotr\u00f3g\u00e9peken, kotr\u00f3rakod\u00f3kon \u00e9s homlokrakod\u00f3kon. Ez a hidraulikus henger felel\u0151s a g\u00e9m emel\u00e9s\u00e9\u00e9rt, s\u00fcllyeszt\u00e9s\u00e9\u00e9rt \u00e9s billent\u00e9s\u00e9\u00e9rt, megk\u00f6nny\u00edtve a hat\u00e9kony anyagmozgat\u00e1si feladatokat.<\/p>\n<p>L\u00e9nyeg\u00e9ben a kan\u00e1lhenger egy olyan hidraulikus henger, amelyet prec\u00edz \u00e9s megb\u00edzhat\u00f3 m\u0171k\u00f6d\u00e9sre terveztek. Biztos\u00edtja, hogy a neh\u00e9zg\u00e9pek hat\u00e9konyan tudjanak man\u0151verezni kih\u00edv\u00e1st jelent\u0151 munkak\u00f6r\u00fclm\u00e9nyek k\u00f6z\u00f6tt, \u00edgy n\u00e9lk\u00fcl\u00f6zhetetlen elem az \u00e9p\u00edt\u0151iparban, a mez\u0151gazdas\u00e1gban \u00e9s m\u00e1s neh\u00e9zg\u00e9p\u00e9szeti alkalmaz\u00e1sokban.<\/p>\n<p><img decoding=\"async\" src=\"https:\/\/www.hydraulic-cylinders.net\/wp-content\/uploads\/2025\/04\/songte-company-1.webp\" alt=\"G\u00e9mhenger k\u00e9pe\" \/><\/p>\n<h2>F\u0151bb jellemz\u0151k<\/h2>\n<ul>\n<li><strong>Nagy szil\u00e1rds\u00e1g \u00e9s tart\u00f3ss\u00e1g:<\/strong> Nagy szil\u00e1rds\u00e1g\u00fa ac\u00e9lb\u00f3l vagy alum\u00edniumb\u00f3l k\u00e9sz\u00fcltek, ezek a palackok ellen\u00e1llnak a nagy nyom\u00e1snak \u00e9s a nagy terhel\u00e9seknek, alkalmazkodva a zord munkak\u00f6rnyezethez. A kialak\u00edt\u00e1s hangs\u00falyozza a kop\u00e1s\u00e1ll\u00f3s\u00e1got \u00e9s a korr\u00f3zi\u00f3\u00e1ll\u00f3s\u00e1got, biztos\u00edtva a hosszabb \u00e9lettartamot.<\/li>\n<li><strong>Hat\u00e9kony hidraulikus m\u0171k\u00f6dtet\u00e9s:<\/strong> A hidraulikaolaj nyom\u00e1s\u00e1t kihaszn\u00e1lva ezek a munkahengerek sima kitol\u00e1si \u00e9s visszah\u00faz\u00e1si mozg\u00e1sokat biztos\u00edtanak. Gyorsan reag\u00e1lnak a vez\u00e9rl\u0151parancsokra, er\u0151teljes tol\u00f3- \u00e9s h\u00faz\u00f3er\u0151ket biztos\u00edtva, amelyek ide\u00e1lisak neh\u00e9z anyagok \u00e9s \u00f6sszetett feladatok kezel\u00e9s\u00e9hez.<\/li>\n<li><strong>K\u00fcl\u00f6nb\u00f6z\u0151 t\u00edpusok:<\/strong> A g\u00e9mhengerek egyszeres m\u0171k\u00f6d\u00e9s\u0171 (egy ir\u00e1nyban m\u0171k\u00f6d\u0151) \u00e9s kett\u0151s m\u0171k\u00f6d\u00e9s\u0171 (mindk\u00e9t ir\u00e1nyban m\u0171k\u00f6d\u0151) konfigur\u00e1ci\u00f3ban kaphat\u00f3k, hogy megfeleljenek a k\u00fcl\u00f6nf\u00e9le m\u0171k\u00f6d\u00e9si ig\u00e9nyeknek. Egyes modellek teleszk\u00f3posak, \u00edgy nagyobb kiny\u00fal\u00e1st tesznek lehet\u0151v\u00e9 a k\u00fcls\u0151 m\u00e9retek n\u00f6vel\u00e9se n\u00e9lk\u00fcl, \u00edgy alkalmasak korl\u00e1tozott helyig\u00e9ny\u0171 alkalmaz\u00e1sokhoz.<\/li>\n<li><strong>Egyedi gy\u00e1rt\u00e1s:<\/strong> Ezeket a term\u00e9keket \u00fagy gy\u00e1rtjuk, hogy t\u00f6k\u00e9letesen helyettes\u00edts\u00e9k a hidraulikus hengereket, biztos\u00edtva a kompatibilit\u00e1st \u00e9s a teljes\u00edtm\u00e9nyt.<\/li>\n<li><strong>Sokoldal\u00fa alkalmaz\u00e1sok:<\/strong> K\u00fcl\u00f6nb\u00f6z\u0151 g\u00e9pekhez \u00e9s feladatokhoz alkalmas, n\u00f6velve a m\u0171k\u00f6d\u00e9si hat\u00e9konys\u00e1got a legk\u00fcl\u00f6nb\u00f6z\u0151bb \u00e1gazatokban.<\/li>\n<\/ul>\n<p><img decoding=\"async\" src=\"https:\/\/www.hydraulic-cylinders.net\/wp-content\/uploads\/2025\/04\/songte-cylinder-head-with-all-kinds-excavator-models.webp\" alt=\"Kotr\u00f3g\u00e9p modellek\" \/><\/p>\n<h2>Alkalmaz\u00e1sok<\/h2>\n<h3>\u00c9p\u00edt\u0151ipari berendez\u00e9sek<\/h3>\n<p>A g\u00e9mhengerek a kotr\u00f3g\u00e9pekben tal\u00e1lhat\u00f3k, kulcsfontoss\u00e1g\u00faak az \u00e1s\u00e1shoz, rakod\u00e1shoz \u00e9s a f\u00f6ld vagy t\u00f6rmel\u00e9k mozgat\u00e1s\u00e1hoz. Lehet\u0151v\u00e9 teszik a g\u00e9m mozg\u00e1s\u00e1nak pontos vez\u00e9rl\u00e9s\u00e9t, \u00edgy a feladatok hat\u00e9konny\u00e1 \u00e9s eredm\u00e9nyess\u00e9 v\u00e1lnak. A kotr\u00f3g\u00e9p-rakod\u00f3kban ezek a hengerek mind az \u00e1s\u00e1si, mind az emel\u00e9si m\u0171veletekben seg\u00edtenek, bemutatva sokoldal\u00fas\u00e1gukat az \u00e9p\u00edt\u00e9si projektekben.<\/p>\n<h3>Mez\u0151gazdas\u00e1gi g\u00e9pek<\/h3>\n<p>A homlokrakod\u00f3kban a g\u00e9mhengerek felel\u0151sek a talaj, sz\u00e9na \u00e9s egy\u00e9b anyagok \u00e1s\u00e1s\u00e1\u00e9rt, emel\u00e9s\u00e9\u00e9rt \u00e9s sz\u00e1ll\u00edt\u00e1s\u00e1\u00e9rt. Megb\u00edzhat\u00f3 teljes\u00edtm\u00e9ny\u00fck seg\u00edti a gazd\u00e1lkod\u00f3kat \u00e9s a mez\u0151gazdas\u00e1gi munk\u00e1sokat a neh\u00e9z terhek k\u00f6nny\u0171 kezel\u00e9s\u00e9ben, jav\u00edtva a gazdas\u00e1g termel\u00e9kenys\u00e9g\u00e9t.<\/p>\n<h3>Kotr\u00f3g\u00e9pek<\/h3>\n<p>A kotr\u00f3g\u00e9pekn\u00e9l a g\u00e9mhenger lehet\u0151v\u00e9 teszi, hogy a kan\u00e1l hat\u00e9konyan hatoljon a talajba a f\u00f6ldmunk\u00e1k sor\u00e1n. Ez a funkci\u00f3 l\u00e9tfontoss\u00e1g\u00fa az \u00e9p\u00edt\u0151iparban, a tereprendez\u00e9sben \u00e9s a m\u00e9ly\u00e9p\u00edt\u00e9si projektekben, ahol m\u00e9ly \u00e1s\u00e1sra \u00e9s f\u00f6ldmozgat\u00e1sra van sz\u00fcks\u00e9g.<\/p>\n<h3>Rakod\u00f3k<\/h3>\n<p>A homlokrakod\u00f3kban a g\u00e9mhengerek hat\u00e9konyan seg\u00edtik a rakom\u00e1nyok emel\u00e9s\u00e9t \u00e9s \u00fcr\u00edt\u00e9s\u00e9t. Biztos\u00edtj\u00e1k, hogy az anyagok gyorsan \u00e9s biztons\u00e1gosan mozgathat\u00f3k legyenek, n\u00f6velve a rakod\u00e1si m\u0171veletek \u00e1ltal\u00e1nos hat\u00e9konys\u00e1g\u00e1t k\u00fcl\u00f6nf\u00e9le ipari k\u00f6rnyezetben.<\/p>\n<h2>Tervez\u00e9si szempontok \u00e9s kiv\u00e1laszt\u00e1si szabv\u00e1nyok<\/h2>\n<h3>Teherb\u00edr\u00e1s<\/h3>\n<p>A g\u00e9mhenger kiv\u00e1laszt\u00e1sakor a teherb\u00edr\u00e1s kiemelked\u0151 fontoss\u00e1g\u00fa. Rendk\u00edv\u00fcl fontos meg\u00e9rteni, hogy a henger milyen maxim\u00e1lis terhel\u00e9st b\u00edr el m\u0171k\u00f6d\u00e9s k\u00f6zben. A t\u00falterhel\u00e9s katasztrof\u00e1lis meghib\u00e1sod\u00e1sokhoz vezethet, ez\u00e9rt elengedhetetlen a megfelel\u0151 teherb\u00edr\u00e1s\u00fa henger kiv\u00e1laszt\u00e1sa az adott alkalmaz\u00e1sokhoz. Ez mag\u00e1ban foglalja a kezelt anyag s\u00faly\u00e1nak \u00e9s a sz\u00fcks\u00e9ges emel\u00e9si magass\u00e1gnak a felm\u00e9r\u00e9s\u00e9t. A gy\u00e1rt\u00f3k gyakran szigor\u00fa tesztel\u00e9s alapj\u00e1n hat\u00e1rozz\u00e1k meg a teherb\u00edr\u00e1st, biztos\u00edtva, hogy a hengerek a v\u00e1rhat\u00f3 munkak\u00f6r\u00fclm\u00e9nyek k\u00f6z\u00f6tt is m\u0171k\u00f6djenek.<\/p>\n<h3>T\u00f6m\u00edt\u00e9si teljes\u00edtm\u00e9ny<\/h3>\n<p>A t\u00f6m\u00edt\u00e9s l\u00e9tfontoss\u00e1g\u00fa a hidraulikus hengerekben a folyad\u00e9ksziv\u00e1rg\u00e1s megakad\u00e1lyoz\u00e1sa \u00e9s a nyom\u00e1s fenntart\u00e1sa \u00e9rdek\u00e9ben. Az optim\u00e1lis teljes\u00edtm\u00e9ny \u00e9s hossz\u00fa \u00e9lettartam biztos\u00edt\u00e1sa \u00e9rdek\u00e9ben kiv\u00e1l\u00f3 min\u0151s\u00e9g\u0171 t\u00f6m\u00edt\u00e9seket kell v\u00e1lasztani. A t\u00f6m\u00edt\u00e9sekhez haszn\u00e1lt anyagoknak ellen kell \u00e1llniuk a zord k\u00f6r\u00fclm\u00e9nyeknek, bele\u00e9rtve a h\u0151m\u00e9rs\u00e9klet-ingadoz\u00e1sokat \u00e9s a szennyez\u0151d\u00e9seknek val\u00f3 kitetts\u00e9get. A megfelel\u0151 t\u00f6m\u00edt\u00e9s nemcsak a hat\u00e9konys\u00e1got jav\u00edtja, hanem meghosszabb\u00edtja a hidraulikus rendszer \u00e9lettartam\u00e1t is. A t\u00f6m\u00edt\u00e9sek rendszeres karbantart\u00e1sa sz\u00fcks\u00e9ges a sziv\u00e1rg\u00e1sok megel\u0151z\u00e9se \u00e9rdek\u00e9ben, amelyek cs\u00f6kkent teljes\u00edtm\u00e9nyhez \u00e9s potenci\u00e1lis k\u00e1rosod\u00e1shoz vezethetnek.<\/p>\n<h3>Tart\u00f3ss\u00e1g<\/h3>\n<p>A tart\u00f3ss\u00e1g kulcsfontoss\u00e1g\u00fa szempont, mivel a g\u00e9mhengerek ig\u00e9nyes k\u00f6rnyezetben m\u0171k\u00f6dnek. A gy\u00e1rt\u00e1s sor\u00e1n felhaszn\u00e1lt anyagoknak ellen\u00e1llniuk kell a kop\u00e1snak \u00e9s a korr\u00f3zi\u00f3nak, biztos\u00edtva a hossz\u00fa t\u00e1v\u00fa megb\u00edzhat\u00f3s\u00e1got. A gy\u00e1rt\u00f3k fejlett bevonatokat \u00e9s kezel\u00e9seket alkalmaznak a hengerek tart\u00f3ss\u00e1g\u00e1nak n\u00f6vel\u00e9se \u00e9rdek\u00e9ben, lehet\u0151v\u00e9 t\u00e9ve sz\u00e1mukra, hogy ellen\u00e1lljanak a neh\u00e9z alkalmaz\u00e1sok megterhel\u00e9s\u00e9nek. A hengert \u00e9r\u0151 k\u00f6rnyezeti t\u00e9nyez\u0151k, p\u00e9ld\u00e1ul a nedvess\u00e9g, a por \u00e9s a sz\u00e9ls\u0151s\u00e9ges h\u0151m\u00e9rs\u00e9kletek ismerete seg\u00edt a megfelel\u0151en tart\u00f3s opci\u00f3k kiv\u00e1laszt\u00e1s\u00e1ban.<\/p>\n<h3>Biztons\u00e1gi funkci\u00f3k<\/h3>\n<p>A hidraulikus hengerek tervez\u00e9s\u00e9n\u00e9l a biztons\u00e1g kiemelked\u0151 fontoss\u00e1g\u00fa. Az olyan funkci\u00f3k, mint a nyom\u00e1scs\u00f6kkent\u0151 szelepek \u00e9s a biztons\u00e1gi mechanizmusok kulcsfontoss\u00e1g\u00faak a balesetek \u00e9s a berendez\u00e9s k\u00e1rosod\u00e1s\u00e1nak megel\u0151z\u00e9se \u00e9rdek\u00e9ben. A kezel\u0151knek tiszt\u00e1ban kell lenni\u00fck ezekkel a biztons\u00e1gi funkci\u00f3kkal, \u00e9s meg kell \u00e9rteni\u00fck, hogyan haszn\u00e1lj\u00e1k azokat hat\u00e9konyan \u00fczemeltet\u00e9s k\u00f6zben. A biztons\u00e1gi int\u00e9zked\u00e9sekkel kapcsolatos rendszeres k\u00e9pz\u00e9s jelent\u0151sen cs\u00f6kkentheti a hidraulikus berendez\u00e9seket \u00e9rint\u0151 balesetek kock\u00e1zat\u00e1t.<\/p>\n<h3>Karbantart\u00e1s \u00e9s szervizelhet\u0151s\u00e9g<\/h3>\n<p>Egy m\u00e1sik kritikus tervez\u00e9si szempont a karbantart\u00e1s \u00e9s a szervizelhet\u0151s\u00e9g. A hidraulikus hengereket \u00fagy kell megtervezni, hogy a bels\u0151 alkatr\u00e9szekhez k\u00f6nnyen hozz\u00e1f\u00e9rhessenek a rendszeres ellen\u0151rz\u00e9s \u00e9s karbantart\u00e1s \u00e9rdek\u00e9ben. Ez mag\u00e1ban foglalja a t\u00f6m\u00edt\u00e9sek cser\u00e9j\u00e9nek, a folyad\u00e9kszint ellen\u0151rz\u00e9s\u00e9nek \u00e9s a hidraulikaolaj szervizel\u00e9s\u00e9nek lehet\u0151s\u00e9g\u00e9t kiterjedt sz\u00e9tszerel\u00e9s n\u00e9lk\u00fcl. Egy j\u00f3l megtervezett henger minimaliz\u00e1lja az \u00e1ll\u00e1sid\u0151t \u00e9s a karbantart\u00e1si k\u00f6lts\u00e9geket, hozz\u00e1j\u00e1rulva az \u00e1ltal\u00e1nos m\u0171k\u00f6d\u00e9si hat\u00e9konys\u00e1ghoz.<\/p>\n<p><img decoding=\"async\" src=\"https:\/\/www.hydraulic-cylinders.net\/wp-content\/uploads\/2025\/04\/songte-oil-pipes-and-spare-parts.webp\" alt=\"Olajcs\u00f6vek \u00e9s alkatr\u00e9szek\" \/><\/p>\n<h2>T\u00f6m\u00edt\u00e9s \u00e9s ken\u00e9s<\/h2>\n<p>A hat\u00e9kony t\u00f6m\u00edt\u00e9s \u00e9s ken\u00e9s l\u00e9tfontoss\u00e1g\u00fa a hidraulikus hengerek teljes\u00edtm\u00e9ny\u00e9hez. K\u00fcl\u00f6nb\u00f6z\u0151 t\u00f6m\u00edt\u0151elemeket, p\u00e9ld\u00e1ul dugatty\u00fat\u00f6m\u00edt\u00e9seket \u00e9s r\u00fadt\u00f6m\u00edt\u00e9seket haszn\u00e1lnak a folyad\u00e9ksziv\u00e1rg\u00e1sok megakad\u00e1lyoz\u00e1s\u00e1ra. A kop\u00e1s\u00e1ll\u00f3 anyagokb\u00f3l, p\u00e9ld\u00e1ul poliuret\u00e1nb\u00f3l \u00e9s nitrilgumib\u00f3l k\u00e9sz\u00fclt t\u00f6m\u00edt\u00e9sek el\u0151ny\u00f6sek tart\u00f3ss\u00e1guk \u00e9s megb\u00edzhat\u00f3s\u00e1guk miatt. A hengertest \u00e9s a menetes v\u00e9gfel\u00fcletek apr\u00f3l\u00e9kos megmunk\u00e1l\u00e1son esnek \u00e1t a kop\u00e1s\u00e1ll\u00f3s\u00e1g \u00e9s az \u00e1ltal\u00e1nos teljes\u00edtm\u00e9ny fokoz\u00e1sa \u00e9rdek\u00e9ben. A megfelel\u0151 mennyis\u00e9g\u0171 hidraulikaolaj rendszeres hozz\u00e1ad\u00e1sa ken\u00e9shez elengedhetetlen az optim\u00e1lis m\u0171k\u00f6d\u00e9s fenntart\u00e1s\u00e1hoz \u00e9s a kop\u00e1s cs\u00f6kkent\u00e9s\u00e9hez.<\/p>\n<h2>Megel\u0151z\u0151 karbantart\u00e1si int\u00e9zked\u00e9sek<\/h2>\n<ul>\n<li><strong>Rendszeres ellen\u0151rz\u00e9sek:<\/strong> A hidraulikus rendszer rendszeres ellen\u0151rz\u00e9se elengedhetetlen. Ez mag\u00e1ban foglalja a sziv\u00e1rg\u00e1sok ellen\u0151rz\u00e9s\u00e9t, a t\u00f6m\u00edt\u00e9sek \u00e1llapot\u00e1nak felm\u00e9r\u00e9s\u00e9t \u00e9s a hidraulikafolyad\u00e9k optim\u00e1lis szintj\u00e9nek biztos\u00edt\u00e1s\u00e1t. A potenci\u00e1lis probl\u00e9m\u00e1k korai felismer\u00e9se megel\u0151zheti a k\u00f6lts\u00e9ges jav\u00edt\u00e1sokat \u00e9s az \u00e1ll\u00e1sid\u0151ket.<\/li>\n<li><strong>Ken\u00e9s:<\/strong> A s\u00farl\u00f3d\u00e1s \u00e9s a kop\u00e1s cs\u00f6kkent\u00e9se \u00e9rdek\u00e9ben elengedhetetlen, hogy minden mozg\u00f3 alkatr\u00e9sz megfelel\u0151 ken\u00e9ssel rendelkezzen. Az aj\u00e1nlott hidraulikaolaj rendszeres haszn\u00e1lata seg\u00edt fenntartani a hat\u00e9kony m\u0171k\u00f6d\u00e9st \u00e9s meghosszabb\u00edtja a henger \u00e9lettartam\u00e1t.<\/li>\n<li><strong>T\u00f6m\u00edt\u00e9scsere:<\/strong> Id\u0151vel a t\u00f6m\u00edt\u00e9sek elkophatnak \u00e9s elvesz\u00edthetik hat\u00e9konys\u00e1gukat. A sziv\u00e1rg\u00e1sok megel\u0151z\u00e9se \u00e9s a hidraulikus hat\u00e9konys\u00e1g fenntart\u00e1sa \u00e9rdek\u00e9ben rendszeres cser\u00e9re van sz\u00fcks\u00e9g. A cseret\u00f6m\u00edt\u00e9sek k\u00e9szlet\u00e9nek vezet\u00e9se megk\u00f6nny\u00edtheti az id\u0151ben t\u00f6rt\u00e9n\u0151 karbantart\u00e1si m\u0171veleteket.<\/li>\n<\/ul>\n<h2>Telep\u00edt\u00e9si \u00fatmutat\u00f3<\/h2>\n<p>A g\u00e9mhenger megfelel\u0151 beszerel\u00e9se elengedhetetlen az optim\u00e1lis teljes\u00edtm\u00e9ny \u00e9s biztons\u00e1g \u00e9rdek\u00e9ben. A k\u00f6vetkez\u0151 ir\u00e1nyelveket kell k\u00f6vetni:<\/p>\n<ol>\n<li><strong>Helyes illeszt\u00e9s:<\/strong> Gy\u0151z\u0151dj\u00f6n meg arr\u00f3l, hogy a henger megfelel\u0151en illeszkedik a berendez\u00e9s r\u00f6gz\u00edt\u00e9si pontjaihoz. A hib\u00e1s be\u00e1ll\u00edt\u00e1s egyenetlen kop\u00e1shoz \u00e9s potenci\u00e1lis meghib\u00e1sod\u00e1shoz vezethet.<\/li>\n<li><strong>Haszn\u00e1ljon megfelel\u0151 r\u00f6gz\u00edt\u0151konzolokat:<\/strong> Haszn\u00e1lja az aj\u00e1nlott r\u00f6gz\u00edt\u0151konzolokat a henger r\u00f6gz\u00edt\u00e9s\u00e9hez. Ez stabilit\u00e1st biztos\u00edt \u00e9s megakad\u00e1lyozza a mozg\u00e1st m\u0171k\u00f6d\u00e9s k\u00f6zben.<\/li>\n<li><strong>Hidraulikus csatlakoz\u00e1sok:<\/strong> Gy\u0151z\u0151dj\u00f6n meg arr\u00f3l, hogy minden hidraulikus csatlakoz\u00e1s biztons\u00e1gos \u00e9s sziv\u00e1rg\u00e1smentes. Csatlakoztat\u00e1s el\u0151tt ellen\u0151rizze a t\u00f6ml\u0151ket \u00e9s szerelv\u00e9nyeket kop\u00e1s vagy s\u00e9r\u00fcl\u00e9s jelei szempontj\u00e1b\u00f3l.<\/li>\n<li><strong>Tesztel\u00e9si m\u0171veletek:<\/strong> A beszerel\u00e9s ut\u00e1n v\u00e9gezzen pr\u00f3ba\u00fczemet, hogy megbizonyosodjon a henger zavartalan m\u0171k\u00f6d\u00e9s\u00e9r\u0151l. Figyelje a szokatlan hangokat vagy mozg\u00e1sokat, amelyek beszerel\u00e9si probl\u00e9m\u00e1ra utalhatnak.<\/li>\n<li><strong>Dokument\u00e1ci\u00f3:<\/strong> Jegyezze fel a telep\u00edt\u00e9si folyamatot, bele\u00e9rtve az elv\u00e9gzett be\u00e1ll\u00edt\u00e1sokat \u00e9s a felhaszn\u00e1lt alkatr\u00e9szeket is. Ez a dokument\u00e1ci\u00f3 \u00e9rt\u00e9kes lehet a j\u00f6v\u0151beni karbantart\u00e1s \u00e9s ellen\u0151rz\u00e9sek sor\u00e1n.<\/li>\n<\/ol>\n<h2>Gyakori karbantart\u00e1si feladatok<\/h2>\n<ul>\n<li><strong>Rendszeres ellen\u0151rz\u00e9sek:<\/strong> A hidraulikus rendszerek rendszeres ellen\u0151rz\u00e9se seg\u00edt a potenci\u00e1lis probl\u00e9m\u00e1k korai azonos\u00edt\u00e1s\u00e1ban. A kezel\u0151knek ellen\u0151rizni\u00fck kell a sziv\u00e1rg\u00e1sokat, a t\u00f6m\u00edt\u00e9sek kop\u00e1s\u00e1t \u00e9s az \u00e1ltal\u00e1nos \u00e1llapotot az optim\u00e1lis m\u0171k\u00f6d\u00e9s biztos\u00edt\u00e1sa \u00e9rdek\u00e9ben.<\/li>\n<li><strong>Megfelel\u0151 ken\u00e9s:<\/strong> A megfelel\u0151 ken\u00e9s fenntart\u00e1sa elengedhetetlen a hidraulikus hengerek hossz\u00fa \u00e9lettartam\u00e1hoz. A kezel\u0151knek gondoskodniuk kell a megfelel\u0151 hidraulikaolaj-szintr\u0151l, \u00e9s arr\u00f3l, hogy az olajat sz\u00fcks\u00e9g szerint rendszeresen cser\u00e9lj\u00e9k.<\/li>\n<li><strong>T\u00f6m\u00edt\u00e9scsere:<\/strong> A t\u00f6m\u00edt\u00e9sek \u00e9ps\u00e9ge kulcsfontoss\u00e1g\u00fa a sziv\u00e1rg\u00e1sok megel\u0151z\u00e9s\u00e9hez. A t\u00f6m\u00edt\u00e9sek rendszeres cser\u00e9je seg\u00edt fenntartani a hidraulikus nyom\u00e1st \u00e9s hat\u00e9konys\u00e1got, biztos\u00edtva a hidraulikus rendszer z\u00f6kken\u0151mentes m\u0171k\u00f6d\u00e9s\u00e9t.<\/li>\n<\/ul>\n<h2>Biztons\u00e1gi szempontok \u00e9s k\u00f6rnyezeti t\u00e9nyez\u0151k<\/h2>\n<p>Hidraulikus hengerek haszn\u00e1latakor a biztons\u00e1gi int\u00e9zked\u00e9sek rendk\u00edv\u00fcl fontosak. A kezel\u0151knek tiszt\u00e1ban kell lenni\u00fck a hidraulikus rendszerekkel kapcsolatos lehets\u00e9ges vesz\u00e9lyekkel, bele\u00e9rtve a nagynyom\u00e1s\u00fa folyad\u00e9ksziv\u00e1rg\u00e1sokat is, amelyek s\u00falyos s\u00e9r\u00fcl\u00e9seket okozhatnak. A biztons\u00e1gi protokollok bevezet\u00e9se, p\u00e9ld\u00e1ul a megfelel\u0151 szem\u00e9lyi v\u00e9d\u0151felszerel\u00e9s visel\u00e9se \u00e9s a biztons\u00e1gi k\u00e9pz\u00e9sek lebonyol\u00edt\u00e1sa elengedhetetlen a kock\u00e1zatok cs\u00f6kkent\u00e9se \u00e9rdek\u00e9ben. Ezenk\u00edv\u00fcl a k\u00f6rnyezeti t\u00e9nyez\u0151k, p\u00e9ld\u00e1ul a folyad\u00e9kok \u00e1rtalmatlan\u00edt\u00e1sa \u00e9s szennyez\u0151d\u00e9s\u00e9nek figyelembev\u00e9tele is kulcsfontoss\u00e1g\u00fa a szab\u00e1lyoz\u00e1sok betart\u00e1s\u00e1nak fenntart\u00e1sa \u00e9s az \u00f6kol\u00f3giai hat\u00e1sok minimaliz\u00e1l\u00e1sa \u00e9rdek\u00e9ben.<\/p>\n<h2>Hibaelh\u00e1r\u00edt\u00e1s \u00e9s gyakori probl\u00e9m\u00e1k<\/h2>\n<ul>\n<li><strong>Folyad\u00e9ksziv\u00e1rg\u00e1s:<\/strong> Az egyik leggyakoribb probl\u00e9ma a folyad\u00e9ksziv\u00e1rg\u00e1s. Ez gyakran kopott t\u00f6m\u00edt\u00e9sekre vagy s\u00e9r\u00fclt t\u00f6ml\u0151kre utal. Ellen\u0151rizze a t\u00f6m\u00edt\u00e9seket \u00e9s csatlakoz\u00e1sokat kop\u00e1s szempontj\u00e1b\u00f3l, \u00e9s sz\u00fcks\u00e9g eset\u00e9n cser\u00e9lje ki \u0151ket a tov\u00e1bbi sziv\u00e1rg\u00e1s megel\u0151z\u00e9se \u00e9rdek\u00e9ben.<\/li>\n<li><strong>Lass\u00fa vagy k\u00f6vetkezetlen mozg\u00e1s:<\/strong> Ha a henger lassan vagy egyenetlen\u00fcl mozog, az alacsony hidraulikafolyad\u00e9k-szintre vagy a rendszerben l\u00e9v\u0151 leveg\u0151re utalhat. Ellen\u0151rizze a folyad\u00e9kszintet, \u00e9s l\u00e9gtelen\u00edtse a rendszert a bennrekedt leveg\u0151 elt\u00e1vol\u00edt\u00e1s\u00e1hoz.<\/li>\n<li><strong>Szokatlan zajok:<\/strong> M\u0171k\u00f6d\u00e9s k\u00f6zben b\u00e1rmilyen szokatlan zaj, p\u00e9ld\u00e1ul s\u00farl\u00f3d\u00e1s vagy s\u00edpol\u00f3 hang, mechanikai probl\u00e9m\u00e1kra vagy nem megfelel\u0151 ken\u00e9sre utalhat. Alapos ellen\u0151rz\u00e9ssel azonos\u00edtsa a zaj forr\u00e1s\u00e1t, \u00e9s azonnal kezelje azt.<\/li>\n<\/ul>\n<h2>Tippek a term\u00e9k \u00e9lettartam\u00e1hoz<\/h2>\n<p>A hidraulikus hengerek \u00e9lettartam\u00e1nak n\u00f6vel\u00e9se \u00e9rdek\u00e9ben a kezel\u0151knek a k\u00f6vetkez\u0151 tan\u00e1csokat kell k\u00f6vetni\u00fck:<\/p>\n<ul>\n<li>A beszerel\u00e9s sor\u00e1n \u00fcgyeljen a megfelel\u0151 illeszt\u00e9sre az egyenetlen kop\u00e1s elker\u00fcl\u00e9se \u00e9rdek\u00e9ben.<\/li>\n<li>A hat\u00e9kony m\u0171k\u00f6d\u00e9s biztos\u00edt\u00e1sa \u00e9rdek\u00e9ben rendszeresen ellen\u0151rizze \u00e9s tartsa karban a hidraulikafolyad\u00e9k szintj\u00e9t.<\/li>\n<li>V\u00e9gezzen megel\u0151z\u0151 karbantart\u00e1st \u00e9s cser\u00e9lje ki a kopott alkatr\u00e9szeket proakt\u00edvan.<\/li>\n<\/ul>\n<p><img decoding=\"async\" src=\"https:\/\/www.hydraulic-cylinders.net\/wp-content\/uploads\/2025\/04\/songte-bushings-with-all-kinds-of-excavator-models.webp\" alt=\"Kotr\u00f3g\u00e9p perselyek\" \/><\/p>\n<h2>C\u00e9ginform\u00e1ci\u00f3<\/h2>\n<p>Vezet\u0151 gy\u00e1rt\u00f3i vagyunk a p\u00f3talkatr\u00e9szk\u00e9nt haszn\u00e1lt hidraulikus hengereknek, sz\u00e9les term\u00e9kv\u00e1laszt\u00e9kot k\u00edn\u00e1lva mind a hazai, mind a nemzetk\u00f6zi piacok sz\u00e1m\u00e1ra. A kiv\u00e1l\u00f3s\u00e1g ir\u00e1nti elk\u00f6telezetts\u00e9g\u00fcnk arra \u00f6szt\u00f6n\u00f6z minket, hogy kiv\u00e1l\u00f3 min\u0151s\u00e9g\u0171 hidraulikus hengereket gy\u00e1rtsunk, amelyek megfelelnek a szigor\u00fa ipar\u00e1gi szabv\u00e1nyoknak. Fejlett gy\u00e1rt\u00e1si technik\u00e1k \u00e9s k\u00e9pzett munkaer\u0151 seg\u00edts\u00e9g\u00e9vel folyamatosan fejlesztj\u00fck termel\u00e9si kapacit\u00e1sainkat.<\/p>\n<p>B\u00fcszk\u00e9k vagyunk szak\u00e9rtelm\u00fcnkre, term\u00e9keink szigor\u00fa min\u0151s\u00e9gellen\u0151rz\u00e9si int\u00e9zked\u00e9seken esnek \u00e1t a megb\u00edzhat\u00f3s\u00e1g \u00e9s a teljes\u00edtm\u00e9ny biztos\u00edt\u00e1sa \u00e9rdek\u00e9ben. Nemzetk\u00f6zi tan\u00fas\u00edtv\u00e1nyaink igazolj\u00e1k a min\u0151s\u00e9g ir\u00e1nti elk\u00f6telezetts\u00e9g\u00fcnket, m\u00edg testreszab\u00e1si szolg\u00e1ltat\u00e1saink lehet\u0151v\u00e9 teszik sz\u00e1munkra, hogy megfelelj\u00fcnk \u00fcgyfeleink egyedi ig\u00e9nyeinek.<\/p>\n<p>Korszer\u0171 gy\u00e1rt\u00f3\u00fczemeink \u00e9lvonalbeli g\u00e9pekkel vannak felszerelve, amelyek lehet\u0151v\u00e9 teszik sz\u00e1munkra, hogy hidraulikus hengereket prec\u00edzen \u00e9s hat\u00e9konyan gy\u00e1rtsunk. Emellett kiv\u00e9teles \u00e9rt\u00e9kes\u00edt\u00e9s ut\u00e1ni t\u00e1mogat\u00e1st ny\u00fajtunk, biztos\u00edtva, hogy \u00fcgyfeleink a term\u00e9keink teljes \u00e9letciklusa alatt megkapj\u00e1k a sz\u00fcks\u00e9ges seg\u00edts\u00e9get.<\/p>\n<p><img decoding=\"async\" src=\"https:\/\/www.hydraulic-cylinders.net\/wp-content\/uploads\/2025\/04\/songte-company-4.webp\" alt=\"C\u00e9gk\u00e9p 1\" \/><br \/>\n<img decoding=\"async\" src=\"https:\/\/www.hydraulic-cylinders.net\/wp-content\/uploads\/2025\/04\/songte-company-3.webp\" alt=\"C\u00e9gk\u00e9p 2\" \/><\/p>\n<p>Szerz\u0151: lyl<\/p>","protected":false},"excerpt":{"rendered":"<p>Boom Cylinder For Tota TX210C Product Overview The Boom Cylinder for Tota TX210C is a critical component in hydraulic systems, specifically designed to control the movement of the boom on various heavy machinery such as excavators, backhoe loaders, and front-end loaders. This hydraulic cylinder is responsible for allowing the boom to lift, lower, and tilt, [&hellip;]<\/p>","protected":false},"featured_media":17870,"comment_status":"open","ping_status":"closed","template":"","meta":{"_et_pb_use_builder":"","_et_pb_old_content":"","_et_gb_content_width":""},"product_brand":[],"product_cat":[1546],"product_tag":[1547,1496],"class_list":{"0":"post-19592","1":"product","2":"type-product","3":"status-publish","4":"has-post-thumbnail","6":"product_cat-boom-cylinders","7":"product_tag-boom-cylinders","8":"product_tag-hydraulic-cylinders","10":"first","11":"instock","12":"shipping-taxable","13":"product-type-simple"},"amp_enabled":true,"_links":{"self":[{"href":"https:\/\/www.hydraulic-cylinders.net\/hu\/wp-json\/wp\/v2\/product\/19592","targetHints":{"allow":["GET"]}}],"collection":[{"href":"https:\/\/www.hydraulic-cylinders.net\/hu\/wp-json\/wp\/v2\/product"}],"about":[{"href":"https:\/\/www.hydraulic-cylinders.net\/hu\/wp-json\/wp\/v2\/types\/product"}],"replies":[{"embeddable":true,"href":"https:\/\/www.hydraulic-cylinders.net\/hu\/wp-json\/wp\/v2\/comments?post=19592"}],"wp:featuredmedia":[{"embeddable":true,"href":"https:\/\/www.hydraulic-cylinders.net\/hu\/wp-json\/wp\/v2\/media\/17870"}],"wp:attachment":[{"href":"https:\/\/www.hydraulic-cylinders.net\/hu\/wp-json\/wp\/v2\/media?parent=19592"}],"wp:term":[{"taxonomy":"product_brand","embeddable":true,"href":"https:\/\/www.hydraulic-cylinders.net\/hu\/wp-json\/wp\/v2\/product_brand?post=19592"},{"taxonomy":"product_cat","embeddable":true,"href":"https:\/\/www.hydraulic-cylinders.net\/hu\/wp-json\/wp\/v2\/product_cat?post=19592"},{"taxonomy":"product_tag","embeddable":true,"href":"https:\/\/www.hydraulic-cylinders.net\/hu\/wp-json\/wp\/v2\/product_tag?post=19592"}],"curies":[{"name":"munkaf\u00fczet","href":"https:\/\/api.w.org\/{rel}","templated":true}]}}