{"id":19593,"date":"2025-04-07T06:56:22","date_gmt":"2025-04-07T06:56:22","guid":{"rendered":"https:\/\/www.hydraulic-cylinders.net\/product\/boom-cylinder-for-xinyuan-crawler-excavator-xy55-8\/"},"modified":"2025-04-07T06:56:24","modified_gmt":"2025-04-07T06:56:24","slug":"boom-cylinder-for-xinyuan-crawler-excavator-xy55-8","status":"publish","type":"product","link":"https:\/\/www.hydraulic-cylinders.net\/hu\/termek\/boom-cylinder-for-xinyuan-crawler-excavator-xy55-8\/","title":{"rendered":"G\u00e9mhenger Xinyuan l\u00e1nctalpas kotr\u00f3g\u00e9phez XY55-8"},"content":{"rendered":"<h1>G\u00e9mhenger Xinyuan l\u00e1nctalpas kotr\u00f3g\u00e9phez XY55-8<\/h1>\n<h2>Term\u00e9k\u00e1ttekint\u00e9s<\/h2>\n<p>A g\u00e9mhenger a Xinyuan XY55-8 l\u00e1nctalpas kotr\u00f3g\u00e9p l\u00e9tfontoss\u00e1g\u00fa alkatr\u00e9sze, els\u0151sorban a kotr\u00f3g\u00e9p karj\u00e1nak mozg\u00e1s\u00e1nak vez\u00e9rl\u00e9s\u00e9re szolg\u00e1l. Ez a hidraulikus henger lehet\u0151v\u00e9 teszi a kotr\u00f3g\u00e9p sz\u00e1m\u00e1ra a kan\u00e1l emel\u00e9s\u00e9t, s\u00fcllyeszt\u00e9s\u00e9t \u00e9s billent\u00e9s\u00e9t, megk\u00f6nny\u00edtve a hat\u00e9kony anyagmozgat\u00e1si feladatokat. A g\u00e9mhenger a hidraulikus rendszer elengedhetetlen r\u00e9sze, amely lehet\u0151v\u00e9 teszi a neh\u00e9zg\u00e9pek z\u00f6kken\u0151mentes m\u0171k\u00f6d\u00e9s\u00e9t.<\/p>\n<p><img decoding=\"async\" src=\"https:\/\/www.hydraulic-cylinders.net\/wp-content\/uploads\/2025\/04\/songte-company-1.webp\" alt=\"G\u00e9mhenger k\u00e9pe\"><\/p>\n<h2>A g\u00e9mhenger jellemz\u0151i<\/h2>\n<ul>\n<li><strong>Nagy szil\u00e1rds\u00e1g \u00e9s tart\u00f3ss\u00e1g:<\/strong> A jellemz\u0151en nagy szil\u00e1rds\u00e1g\u00fa ac\u00e9lb\u00f3l vagy alum\u00edniumb\u00f3l k\u00e9sz\u00fclt g\u00e9mhenger nagy nyom\u00e1st \u00e9s nagy terhel\u00e9st k\u00e9pes elviselni, \u00edgy alkalmass\u00e1 teszi a zord munkak\u00f6rnyezetre.<\/li>\n<li><strong>Hat\u00e9kony hidraulikus m\u0171k\u00f6dtet\u00e9s:<\/strong> A hidraulikaolaj nyom\u00e1s\u00e1t haszn\u00e1lja a sima kiny\u00fajt\u00e1shoz \u00e9s visszah\u00faz\u00e1shoz, gyors reag\u00e1l\u00e1st biztos\u00edtva a vez\u00e9rl\u0151parancsokra, \u00e9s er\u0151teljes tol\u00f3- \u00e9s h\u00faz\u00f3er\u0151t biztos\u00edtva.<\/li>\n<li><strong>K\u00fcl\u00f6nb\u00f6z\u0151 t\u00edpusok:<\/strong> Kaphat\u00f3 egyszeres m\u0171k\u00f6d\u00e9s\u0171 (egy ir\u00e1nyban hidraulikus) vagy kett\u0151s m\u0171k\u00f6d\u00e9s\u0171 (mindk\u00e9t ir\u00e1nyban hidraulikus) konfigur\u00e1ci\u00f3ban, hogy megfeleljen a k\u00fcl\u00f6nf\u00e9le m\u0171k\u00f6d\u00e9si ig\u00e9nyeknek. Egyes modellek teleszk\u00f3posak, \u00edgy nagyobb kiny\u00fal\u00e1st tesznek lehet\u0151v\u00e9 a k\u00fcls\u0151 m\u00e9retek n\u00f6vel\u00e9se n\u00e9lk\u00fcl, \u00edgy ide\u00e1lisak a helysz\u0171k\u00e9ben l\u00e9v\u0151 alkalmaz\u00e1sokhoz.<\/li>\n<li><strong>K\u00f6nny\u0171 csere:<\/strong> Term\u00e9keinket \u00fagy tervezt\u00fck, hogy t\u00f6k\u00e9letesen helyettes\u00edts\u00e9k a megl\u00e9v\u0151 hidraulikus hengereket, biztos\u00edtva a z\u00f6kken\u0151mentes integr\u00e1ci\u00f3t \u00e9s teljes\u00edtm\u00e9nyt.<\/li>\n<li><strong>Fejlett tervez\u00e9s:<\/strong> Olyan jellemz\u0151ket tartalmaz, amelyek fokozz\u00e1k a kop\u00e1s\u00e1ll\u00f3s\u00e1got \u00e9s a korr\u00f3zi\u00f3v\u00e9delmet, meghosszabb\u00edtva a henger \u00e9lettartam\u00e1t.<\/li>\n<\/ul>\n<p><img decoding=\"async\" src=\"https:\/\/www.hydraulic-cylinders.net\/wp-content\/uploads\/2025\/04\/songte-cylinder-head-with-all-kinds-excavator-models.webp\" alt=\"Kotr\u00f3g\u00e9p modellek k\u00e9pe\"><\/p>\n<h2>A g\u00e9mhenger alkalmaz\u00e1sai<\/h2>\n<h3>\u00c9p\u00edt\u0151ipari berendez\u00e9sek<\/h3>\n<p>A kotr\u00f3g\u00e9pekn\u00e9l a g\u00e9mhengerek kulcsfontoss\u00e1g\u00faak az \u00e1s\u00e1shoz, rakod\u00e1shoz \u00e9s a f\u00f6ld vagy t\u00f6rmel\u00e9k mozgat\u00e1s\u00e1hoz. Lehet\u0151v\u00e9 teszik a kan\u00e1l mozg\u00e1s\u00e1nak pontos ir\u00e1ny\u00edt\u00e1s\u00e1t, \u00edgy az \u00f6sszetett feladatok is k\u00f6nnyebben kezelhet\u0151k.<\/p>\n<h3>Mez\u0151gazdas\u00e1gi g\u00e9pek<\/h3>\n<p>A homlokrakod\u00f3kban haszn\u00e1lt g\u00e9mhengerek elengedhetetlenek a talaj, sz\u00e9na \u00e9s egy\u00e9b anyagok \u00e1s\u00e1s\u00e1hoz, emel\u00e9s\u00e9hez \u00e9s sz\u00e1ll\u00edt\u00e1s\u00e1hoz. Kialak\u00edt\u00e1suk biztos\u00edtja a hat\u00e9kony m\u0171k\u00f6d\u00e9st mez\u0151gazdas\u00e1gi k\u00f6rnyezetben.<\/p>\n<h3>Kotr\u00f3g\u00e9pek<\/h3>\n<p>A kotr\u00f3g\u00e9pekn\u00e9l a g\u00e9mhenger lehet\u0151v\u00e9 teszi, hogy a kan\u00e1l hat\u00e9konyan behatoljon a talajba, megk\u00f6nny\u00edtve az \u00e1s\u00e1si folyamatot. Ez a k\u00e9pess\u00e9g l\u00e9tfontoss\u00e1g\u00fa a k\u00fcl\u00f6nf\u00e9le \u00e1s\u00e1si feladatokhoz.<\/p>\n<h3>Rakod\u00f3k<\/h3>\n<p>A homlokrakod\u00f3kban a g\u00e9mhengerek hat\u00e9konyan seg\u00edtik a rakom\u00e1nyok emel\u00e9s\u00e9t \u00e9s \u00fcr\u00edt\u00e9s\u00e9t. Ez a funkci\u00f3 kulcsfontoss\u00e1g\u00fa a munkater\u00fcletek termel\u00e9kenys\u00e9g\u00e9nek n\u00f6vel\u00e9s\u00e9hez.<\/p>\n<h2>Tervez\u00e9si szempontok \u00e9s kiv\u00e1laszt\u00e1si krit\u00e9riumok<\/h2>\n<h3>Teherb\u00edr\u00e1s<\/h3>\n<p>A g\u00e9mhenger kiv\u00e1laszt\u00e1sakor figyelembe kell venni az adott alkalmaz\u00e1shoz sz\u00fcks\u00e9ges teherb\u00edr\u00e1st. Ez mag\u00e1ban foglalja a henger \u00e1ltal felemelhet\u0151 maxim\u00e1lis s\u00faly felm\u00e9r\u00e9s\u00e9t, \u00e9s annak biztos\u00edt\u00e1s\u00e1t, hogy megfelel\u0151en legyen m\u00e9retezve a meghib\u00e1sod\u00e1s elker\u00fcl\u00e9se \u00e9rdek\u00e9ben.<\/p>\n<h3>T\u00f6m\u00edt\u00e9s min\u0151s\u00e9ge<\/h3>\n<p>A t\u00f6m\u00edt\u00e9s min\u0151s\u00e9ge kulcsfontoss\u00e1g\u00fa a hidraulikus nyom\u00e1s fenntart\u00e1s\u00e1hoz \u00e9s a folyad\u00e9ksziv\u00e1rg\u00e1sok megel\u0151z\u00e9s\u00e9hez. A t\u00f6m\u00edt\u00e9sek megv\u00e1laszt\u00e1sa jelent\u0151sen befoly\u00e1solja a henger teljes\u00edtm\u00e9ny\u00e9t \u00e9s \u00e9lettartam\u00e1t, ez\u00e9rt elengedhetetlen a kiv\u00e1l\u00f3 min\u0151s\u00e9g\u0171 anyagokb\u00f3l k\u00e9sz\u00fclt t\u00f6m\u00edt\u00e9sek kiv\u00e1laszt\u00e1sa.<\/p>\n<h3>Tart\u00f3ss\u00e1g<\/h3>\n<p>A tart\u00f3ss\u00e1g kulcsfontoss\u00e1g\u00fa t\u00e9nyez\u0151 a g\u00e9mhenger tervez\u00e9s\u00e9n\u00e9l. Ellen kell \u00e1llnia a sz\u00e9ls\u0151s\u00e9ges k\u00f6r\u00fclm\u00e9nyeknek, bele\u00e9rtve a v\u00e1ltoz\u00f3 h\u0151m\u00e9rs\u00e9kleteket \u00e9s a zord elemeknek val\u00f3 kitetts\u00e9get. A felhaszn\u00e1lt anyagoknak kop\u00e1s- \u00e9s korr\u00f3zi\u00f3\u00e1ll\u00f3aknak kell lenni\u00fck, biztos\u00edtva a hossz\u00fa \u00e9lettartamot.<\/p>\n<h3>Biztons\u00e1gi funkci\u00f3k<\/h3>\n<p>A biztons\u00e1gi jellemz\u0151k kiemelked\u0151 fontoss\u00e1g\u00faak a hidraulikus hengerek tervez\u00e9s\u00e9n\u00e9l. A biztons\u00e1gi szelepek \u00e9s nyom\u00e1scs\u00f6kkent\u0151 mechanizmusok be\u00e9p\u00edt\u00e9se megakad\u00e1lyozhatja a t\u00falterhel\u00e9s okozta baleseteket, biztos\u00edtva a kezel\u0151k biztons\u00e1g\u00e1t.<\/p>\n<h3>Karbantart\u00e1si hozz\u00e1f\u00e9rhet\u0151s\u00e9g<\/h3>\n<p>A g\u00e9mhenger k\u00f6nny\u0171 karbantart\u00e1s\u00e1nak megtervez\u00e9se elengedhetetlen. Az olyan jellemz\u0151k, mint a k\u00f6nnyen cser\u00e9lhet\u0151 t\u00f6m\u00edt\u00e9sek \u00e9s a hozz\u00e1f\u00e9rhet\u0151 ken\u00e9si pontok, leegyszer\u0171s\u00edtik a rendszeres karbantart\u00e1si feladatokat, el\u0151seg\u00edtve a henger hosszabb \u00e9lettartam\u00e1t.<\/p>\n<p><img decoding=\"async\" src=\"https:\/\/www.hydraulic-cylinders.net\/wp-content\/uploads\/2025\/04\/songte-oil-pipes-and-spare-parts.webp\" alt=\"Hidraulikus alkatr\u00e9szek k\u00e9pe\"><\/p>\n<h2>T\u00f6m\u00edt\u00e9s \u00e9s ken\u00e9s<\/h2>\n<p>A hidraulikus henger k\u00fcl\u00f6nf\u00e9le t\u00f6m\u00edt\u0151elemeket haszn\u00e1l, p\u00e9ld\u00e1ul dugatty\u00fat\u00f6m\u00edt\u00e9seket \u00e9s r\u00fadt\u00f6m\u00edt\u00e9seket a nyom\u00e1s fenntart\u00e1sa \u00e9s a sziv\u00e1rg\u00e1sok megakad\u00e1lyoz\u00e1sa \u00e9rdek\u00e9ben. A t\u00f6m\u00edt\u00e9sek gyakran tart\u00f3s anyagokb\u00f3l, p\u00e9ld\u00e1ul poliuret\u00e1nb\u00f3l \u00e9s nitrilgumib\u00f3l k\u00e9sz\u00fclnek, amelyek kiv\u00e1l\u00f3 kop\u00e1s\u00e1ll\u00f3s\u00e1got biztos\u00edtanak. Ezenk\u00edv\u00fcl a hengertest \u00e9s a menetes v\u00e9gfel\u00fcletek finom megmunk\u00e1l\u00e1son esnek \u00e1t a tart\u00f3ss\u00e1g n\u00f6vel\u00e9se \u00e9rdek\u00e9ben. A megfelel\u0151 hidraulikaolajjal t\u00f6rt\u00e9n\u0151 rendszeres ken\u00e9s sz\u00fcks\u00e9ges a z\u00f6kken\u0151mentes m\u0171k\u00f6d\u00e9s biztos\u00edt\u00e1s\u00e1hoz \u00e9s a kop\u00e1s megel\u0151z\u00e9s\u00e9hez.<\/p>\n<h2>Karbantart\u00e1si int\u00e9zked\u00e9sek<\/h2>\n<ul>\n<li><strong>Rendszeres ellen\u0151rz\u00e9sek:<\/strong> Rendszeresen ellen\u0151rizze a g\u00e9mhengert kop\u00e1s, sziv\u00e1rg\u00e1s vagy egy\u00e9b s\u00e9r\u00fcl\u00e9sek jelei szempontj\u00e1b\u00f3l. A probl\u00e9m\u00e1k korai azonos\u00edt\u00e1sa megel\u0151zheti a k\u00e9s\u0151bbi jelent\u0151sebb jav\u00edt\u00e1sokat.<\/li>\n<li><strong>Megfelel\u0151 ken\u00e9s:<\/strong> Gy\u0151z\u0151dj\u00f6n meg arr\u00f3l, hogy a hidraulikaolaj megfelel\u0151en fel van t\u00f6ltve, \u00e9s hogy a ken\u00e9si pontok megfelel\u0151en karban vannak tartva. Ez cs\u00f6kkenti a mozg\u00f3 alkatr\u00e9szek s\u00farl\u00f3d\u00e1s\u00e1t \u00e9s kop\u00e1s\u00e1t.<\/li>\n<li><strong>T\u00f6m\u00edt\u00e9scsere:<\/strong> Id\u0151vel a t\u00f6m\u00edt\u00e9sek elkophatnak, \u00e9s cser\u00e9re szorulhatnak. Rendszeresen ellen\u0151rizze a t\u00f6m\u00edt\u00e9seket, \u00e9s sz\u00fcks\u00e9g szerint cser\u00e9lje ki \u0151ket az optim\u00e1lis teljes\u00edtm\u00e9ny fenntart\u00e1sa \u00e9rdek\u00e9ben.<\/li>\n<\/ul>\n<h2>Telep\u00edt\u00e9si \u00fatmutat\u00f3<\/h2>\n<p>A g\u00e9mhenger megfelel\u0151 beszerel\u00e9se kulcsfontoss\u00e1g\u00fa a teljes\u00edtm\u00e9nye szempontj\u00e1b\u00f3l. A beszerel\u00e9s sor\u00e1n gy\u0151z\u0151dj\u00f6n meg arr\u00f3l, hogy a henger megfelel\u0151en van be\u00e1ll\u00edtva, hogy elker\u00fclje az alkatr\u00e9szek t\u00falzott terhel\u00e9s\u00e9t. Javasoljuk, hogy megfelel\u0151 r\u00f6gz\u00edt\u0151konzolokat haszn\u00e1ljon a henger r\u00f6gz\u00edt\u00e9s\u00e9hez. A megb\u00edzhat\u00f3 be\u00e1ll\u00edt\u00e1s \u00e9rdek\u00e9ben k\u00f6vesse a gy\u00e1rt\u00f3 utas\u00edt\u00e1sait a nyomat\u00e9kadatokkal \u00e9s a csatlakoztat\u00e1si m\u00f3dszerekkel kapcsolatban. A beszerel\u00e9s ut\u00e1n v\u00e9gezzen alapos ellen\u0151rz\u00e9st annak ellen\u0151rz\u00e9s\u00e9re, hogy minden alkatr\u00e9sz biztons\u00e1gosan csatlakozik-e \u00e9s megfelel\u0151en m\u0171k\u00f6dik-e.<\/p>\n<h2>Gyakori karbantart\u00e1si feladatok<\/h2>\n<h3>Rendszeres ellen\u0151rz\u00e9sek<\/h3>\n<p>Rendszeres ellen\u0151rz\u00e9seket v\u00e9gezzen a potenci\u00e1lis probl\u00e9m\u00e1k korai azonos\u00edt\u00e1sa \u00e9rdek\u00e9ben. Ellen\u0151rizze a sziv\u00e1rg\u00e1sokat, a kop\u00e1st \u00e9s a szokatlan zajokat m\u0171k\u00f6d\u00e9s k\u00f6zben. A korai felismer\u00e9s k\u00f6lts\u00e9geket takar\u00edthat meg \u00e9s megel\u0151zheti a s\u00falyosabb k\u00e1rokat.<\/p>\n<h3>Megfelel\u0151 ken\u00e9s<\/h3>\n<p>Tartsa fenn a megfelel\u0151 ken\u00e9si szintet a hidraulikus rendszerben. Gy\u0151z\u0151dj\u00f6n meg arr\u00f3l, hogy a haszn\u00e1lt olaj megfelel a gy\u00e1rt\u00f3 el\u0151\u00edr\u00e1sainak. A nem megfelel\u0151 ken\u00e9s fokozott kop\u00e1shoz \u00e9s a henger meghib\u00e1sod\u00e1s\u00e1hoz vezethet.<\/p>\n<h3>T\u00f6m\u00edt\u00e9scsere \u00e9s kalibr\u00e1l\u00e1s<\/h3>\n<p>Rendszeresen cser\u00e9lje ki a t\u00f6m\u00edt\u00e9seket a hidraulikafolyad\u00e9k sziv\u00e1rg\u00e1s\u00e1nak megel\u0151z\u00e9se \u00e9rdek\u00e9ben. A kalibr\u00e1ci\u00f3s ellen\u0151rz\u00e9sek elengedhetetlenek annak biztos\u00edt\u00e1s\u00e1hoz, hogy a henger optim\u00e1lis teljes\u00edtm\u00e9nyen m\u0171k\u00f6dj\u00f6n. A megfelel\u0151 be\u00e1ll\u00edt\u00e1s \u00e9s illeszt\u00e9s \u00e9rdek\u00e9ben k\u00f6vesse a gy\u00e1rt\u00f3 ir\u00e1nyelveit.<\/p>\n<p><img decoding=\"async\" src=\"https:\/\/www.hydraulic-cylinders.net\/wp-content\/uploads\/2025\/04\/songte-chushion-collar.webp\" alt=\"P\u00e1rnagall\u00e9r k\u00e9p\"><\/p>\n<h2>Biztons\u00e1gi szempontok \u00e9s k\u00f6rnyezeti t\u00e9nyez\u0151k<\/h2>\n<p>A biztons\u00e1gi int\u00e9zked\u00e9sek kulcsfontoss\u00e1g\u00faak a hidraulikus hengerek haszn\u00e1latakor. A kezel\u0151ket ki kell k\u00e9pezni a biztons\u00e1gos \u00fczemeltet\u00e9si elj\u00e1r\u00e1sokra, \u00e9s tiszt\u00e1ban kell lenni\u00fck a lehets\u00e9ges vesz\u00e9lyekkel. Ezenk\u00edv\u00fcl vegye figyelembe a k\u00f6rnyezeti t\u00e9nyez\u0151ket, p\u00e9ld\u00e1ul a zord elemeknek val\u00f3 kitetts\u00e9get, amelyek befoly\u00e1solhatj\u00e1k a henger \u00e9lettartam\u00e1t \u00e9s teljes\u00edtm\u00e9ny\u00e9t. A rendszeres karbantart\u00e1s \u00e9s ellen\u0151rz\u00e9sek cs\u00f6kkenthetik a k\u00f6rnyezeti k\u00e1rokkal kapcsolatos kock\u00e1zatokat.<\/p>\n<h2>Gyakori probl\u00e9m\u00e1k elh\u00e1r\u00edt\u00e1sa<\/h2>\n<ul>\n<li><strong>Sziv\u00e1rg\u00e1s:<\/strong> Ha hidraulikafolyad\u00e9k sziv\u00e1rog, ellen\u0151rizze a t\u00f6m\u00edt\u00e9seket \u00e9s a csatlakoz\u00e1sokat. A kopott t\u00f6m\u00edt\u00e9sek cser\u00e9je \u00e9s a szoros csatlakoz\u00e1sok biztos\u00edt\u00e1sa megoldhatja a probl\u00e9m\u00e1t.<\/li>\n<li><strong>Inkonzisztens teljes\u00edtm\u00e9ny:<\/strong> Ha a henger nem ny\u00falik ki vagy h\u00faz\u00f3dik vissza sim\u00e1n, ellen\u0151rizze, hogy nincsenek-e akad\u00e1lyok, alacsony hidraulikafolyad\u00e9k-szint vagy s\u00e9r\u00fclt t\u00f6m\u00edt\u00e9sek, amelyek befoly\u00e1solhatj\u00e1k a m\u0171k\u00f6d\u00e9st.<\/li>\n<li><strong>T\u00falmeleged\u00e9s:<\/strong> Ha a hidraulikus rendszer t\u00falmelegszik, az alacsony folyad\u00e9kszintre vagy t\u00falzott terhel\u00e9sre utalhat. Biztos\u00edtsa a megfelel\u0151 folyad\u00e9kszintet, \u00e9s ker\u00fclje a berendez\u00e9s t\u00falterhel\u00e9s\u00e9t.<\/li>\n<\/ul>\n<h2>Megel\u0151z\u0151 int\u00e9zked\u00e9sek<\/h2>\n<p>A lehets\u00e9ges probl\u00e9m\u00e1k minimaliz\u00e1l\u00e1sa \u00e9rdek\u00e9ben alkalmazzon megel\u0151z\u0151 int\u00e9zked\u00e9seket, p\u00e9ld\u00e1ul rendszeres karbantart\u00e1si ellen\u0151rz\u00e9seket \u00e9s kezel\u0151i k\u00e9pz\u00e9st. A hidraulikus rendszer szoros fel\u00fcgyelete seg\u00edthet megel\u0151zni a meghib\u00e1sod\u00e1sokat \u00e9s meghosszabb\u00edtani a g\u00e9mhenger \u00e9lettartam\u00e1t.<\/p>\n<p><img decoding=\"async\" src=\"https:\/\/www.hydraulic-cylinders.net\/wp-content\/uploads\/2025\/04\/songte-bushings-with-all-kinds-of-excavator-models.webp\" alt=\"Perselyek k\u00e9pe\"><\/p>\n<h2>C\u00e9ginform\u00e1ci\u00f3<\/h2>\n<p>Vezet\u0151 gy\u00e1rt\u00f3i vagyunk a p\u00f3talkatr\u00e9szk\u00e9nt haszn\u00e1lhat\u00f3 hidraulikus hengereknek, teljes term\u00e9kv\u00e1laszt\u00e9kot k\u00edn\u00e1lva a hazai \u00e9s nemzetk\u00f6zi piacok sz\u00e1m\u00e1ra. A min\u0151s\u00e9g ir\u00e1nti elk\u00f6telezetts\u00e9g\u00fcnket finomhangolt gy\u00e1rt\u00e1si folyamat \u00e9s fejlett termel\u00e9sir\u00e1ny\u00edt\u00e1si strat\u00e9gi\u00e1k t\u00e1mogatj\u00e1k. Gy\u00e1rt\u00e1si platformjainkat folyamatosan fejlesztj\u00fck k\u00e9pzett m\u0171szaki szem\u00e9lyzettel, cs\u00facskateg\u00f3ri\u00e1s digit\u00e1lis gy\u00e1rt\u00f3berendez\u00e9sekkel \u00e9s professzion\u00e1lis tesztel\u0151rendszerekkel. Ez a megk\u00f6zel\u00edt\u00e9s lehet\u0151v\u00e9 teszi sz\u00e1munkra, hogy nagy hat\u00e9konys\u00e1ggal, pontoss\u00e1ggal \u00e9s min\u0151s\u00e9gben el\u00e9g\u00edts\u00fck ki az \u00fcgyfelek v\u00e1ltozatos ig\u00e9nyeit.<\/p>\n<p><img decoding=\"async\" src=\"https:\/\/www.hydraulic-cylinders.net\/wp-content\/uploads\/2025\/04\/songte-company-4.webp\" alt=\"C\u00e9ges im\u00e1zs\"><br \/>\n<img decoding=\"async\" src=\"https:\/\/www.hydraulic-cylinders.net\/wp-content\/uploads\/2025\/04\/songte-company-3.webp\" alt=\"C\u00e9ges im\u00e1zs\"><\/p>\n<p>C\u00e9g\u00fcnk b\u00fcszke a professzionalizmusra, a nemzetk\u00f6zi tan\u00fas\u00edtv\u00e1nyokra, a szem\u00e9lyre szabott szolg\u00e1ltat\u00e1sokra, a fejlett gy\u00e1rt\u00f3berendez\u00e9sekre \u00e9s a kiv\u00e9teles \u00e9rt\u00e9kes\u00edt\u00e9s ut\u00e1ni t\u00e1mogat\u00e1sra. Arra t\u00f6reksz\u00fcnk, hogy \u00fcgyfeleink a piacon el\u00e9rhet\u0151 legjobb term\u00e9keket \u00e9s szolg\u00e1ltat\u00e1sokat kapj\u00e1k.<\/p>\n<p>Szerz\u0151: lyl<\/p>","protected":false},"excerpt":{"rendered":"<p>Boom Cylinder For Xinyuan Crawler Excavator XY55-8 Product Overview The Boom Cylinder is a vital component for the Xinyuan Crawler Excavator XY55-8, primarily designed to control the movement of the excavator&#8217;s arm. This hydraulic cylinder allows the excavator to lift, lower, and tilt its bucket, facilitating efficient material handling tasks. The boom cylinder is an [&hellip;]<\/p>","protected":false},"featured_media":17871,"comment_status":"open","ping_status":"closed","template":"","meta":{"_et_pb_use_builder":"","_et_pb_old_content":"","_et_gb_content_width":""},"product_brand":[],"product_cat":[1546],"product_tag":[1547,1496],"class_list":{"0":"post-19593","1":"product","2":"type-product","3":"status-publish","4":"has-post-thumbnail","6":"product_cat-boom-cylinders","7":"product_tag-boom-cylinders","8":"product_tag-hydraulic-cylinders","10":"first","11":"instock","12":"shipping-taxable","13":"product-type-simple"},"amp_enabled":true,"_links":{"self":[{"href":"https:\/\/www.hydraulic-cylinders.net\/hu\/wp-json\/wp\/v2\/product\/19593","targetHints":{"allow":["GET"]}}],"collection":[{"href":"https:\/\/www.hydraulic-cylinders.net\/hu\/wp-json\/wp\/v2\/product"}],"about":[{"href":"https:\/\/www.hydraulic-cylinders.net\/hu\/wp-json\/wp\/v2\/types\/product"}],"replies":[{"embeddable":true,"href":"https:\/\/www.hydraulic-cylinders.net\/hu\/wp-json\/wp\/v2\/comments?post=19593"}],"wp:featuredmedia":[{"embeddable":true,"href":"https:\/\/www.hydraulic-cylinders.net\/hu\/wp-json\/wp\/v2\/media\/17871"}],"wp:attachment":[{"href":"https:\/\/www.hydraulic-cylinders.net\/hu\/wp-json\/wp\/v2\/media?parent=19593"}],"wp:term":[{"taxonomy":"product_brand","embeddable":true,"href":"https:\/\/www.hydraulic-cylinders.net\/hu\/wp-json\/wp\/v2\/product_brand?post=19593"},{"taxonomy":"product_cat","embeddable":true,"href":"https:\/\/www.hydraulic-cylinders.net\/hu\/wp-json\/wp\/v2\/product_cat?post=19593"},{"taxonomy":"product_tag","embeddable":true,"href":"https:\/\/www.hydraulic-cylinders.net\/hu\/wp-json\/wp\/v2\/product_tag?post=19593"}],"curies":[{"name":"munkaf\u00fczet","href":"https:\/\/api.w.org\/{rel}","templated":true}]}}