{"id":19603,"date":"2025-04-07T06:56:58","date_gmt":"2025-04-07T06:56:58","guid":{"rendered":"https:\/\/www.hydraulic-cylinders.net\/product\/boom-cylinder-for-volwa-small-excavator-dls860-10b\/"},"modified":"2025-04-07T06:57:00","modified_gmt":"2025-04-07T06:57:00","slug":"boom-cylinder-for-volwa-small-excavator-dls860-10b","status":"publish","type":"product","link":"https:\/\/www.hydraulic-cylinders.net\/hu\/termek\/boom-cylinder-for-volwa-small-excavator-dls860-10b\/","title":{"rendered":"G\u00e9mhenger Volwa kis kotr\u00f3g\u00e9phez DLS860-10B"},"content":{"rendered":"<h1>G\u00e9mhenger Volwa kis kotr\u00f3g\u00e9phez DLS860-10B<\/h1>\n<h2>Term\u00e9k\u00e1ttekint\u00e9s<\/h2>\n<p>A Volwa DLS860-10B kis kotr\u00f3g\u00e9p g\u00e9mhengere egy alapvet\u0151 hidraulikus alkatr\u00e9sz, amelyet neh\u00e9zg\u00e9pek prec\u00edz vez\u00e9rl\u00e9s\u00e9re terveztek. Ez a henger kulcsfontoss\u00e1g\u00fa szerepet j\u00e1tszik a hidraulikus rendszerben, lehet\u0151v\u00e9 t\u00e9ve a kotr\u00f3g\u00e9p g\u00e9mj\u00e9nek hat\u00e9kony mozg\u00e1s\u00e1t. Kifejezetten a kan\u00e1l emel\u00e9s\u00e9nek, s\u00fcllyeszt\u00e9s\u00e9nek \u00e9s billent\u00e9s\u00e9nek kezel\u00e9s\u00e9re tervezt\u00e9k, optimaliz\u00e1lva az anyagmozgat\u00e1si feladatokat a k\u00fcl\u00f6nb\u00f6z\u0151 alkalmaz\u00e1sokban.<\/p>\n<p><img decoding=\"async\" src=\"https:\/\/www.hydraulic-cylinders.net\/wp-content\/uploads\/2025\/04\/songte-company-1.webp\" alt=\"G\u00e9mhenger k\u00e9pe\"><\/p>\n<h3>Defin\u00edci\u00f3 \u00e9s funkcionalit\u00e1s<\/h3>\n<p>A kan\u00e1lhenger egy olyan hidraulikus henger, amelyet els\u0151sorban a kan\u00e1l mozg\u00e1s\u00e1nak vez\u00e9rl\u00e9s\u00e9re haszn\u00e1lnak neh\u00e9zg\u00e9pekben, p\u00e9ld\u00e1ul kotr\u00f3g\u00e9pekben, kotr\u00f3rakod\u00f3kban \u00e9s homlokrakod\u00f3kban. Ezek a hengerek lehet\u0151v\u00e9 teszik a kan\u00e1l hat\u00e9kony emel\u00e9s\u00e9t, s\u00fcllyeszt\u00e9s\u00e9t \u00e9s billent\u00e9s\u00e9t, megk\u00f6nny\u00edtve az anyagmozgat\u00e1ssal, \u00e1s\u00e1ssal \u00e9s emel\u00e9ssel kapcsolatos feladatok elv\u00e9gz\u00e9s\u00e9t. A g\u00e9mhenger m\u0171k\u00f6d\u00e9se l\u00e9tfontoss\u00e1g\u00fa a hidraulikus rendszerekben, mivel a hidraulikus nyom\u00e1st mechanikai er\u0151v\u00e9 alak\u00edtja, lehet\u0151v\u00e9 t\u00e9ve a kezel\u0151k sz\u00e1m\u00e1ra, hogy \u00f6sszetett m\u0171veleteket v\u00e9gezzenek prec\u00edzen \u00e9s k\u00f6nnyed\u00e9n.<\/p>\n<h2>A g\u00e9mhenger jellemz\u0151i<\/h2>\n<ul>\n<li><strong>Nagy szil\u00e1rds\u00e1g \u00e9s tart\u00f3ss\u00e1g:<\/strong> Nagy szil\u00e1rds\u00e1g\u00fa ac\u00e9lb\u00f3l vagy alum\u00edniumb\u00f3l k\u00e9sz\u00fclnek, ezek a palackok nagy nyom\u00e1st \u00e9s nagy terhel\u00e9st b\u00edrnak, \u00edgy alkalmasak zord munkak\u00f6rnyezetben val\u00f3 haszn\u00e1latra. Tervez\u00e9s\u00fck sor\u00e1n figyelembe vett\u00e9k a kop\u00e1s\u00e1ll\u00f3s\u00e1got \u00e9s a korr\u00f3zi\u00f3\u00e1ll\u00f3s\u00e1got, meghosszabb\u00edtva \u00e9lettartamukat.<\/li>\n<li><strong>Hat\u00e9kony hidraulikus m\u0171k\u00f6dtet\u00e9s:<\/strong> A henger hidraulikaolaj-nyom\u00e1st haszn\u00e1l a sima visszah\u00faz\u00e1shoz \u00e9s kiny\u00fal\u00e1shoz, lehet\u0151v\u00e9 t\u00e9ve a gyors reag\u00e1l\u00e1st a vez\u00e9rl\u0151parancsokra, \u00e9s er\u0151s nyom\u00f3- \u00e9s h\u00faz\u00f3er\u0151t biztos\u00edtva, ami ide\u00e1lis neh\u00e9z t\u00e1rgyak \u00e9s \u00f6sszetett feladatok kezel\u00e9s\u00e9hez.<\/li>\n<li><strong>K\u00fcl\u00f6nb\u00f6z\u0151 t\u00edpusok:<\/strong> Kaphat\u00f3 egyszeres m\u0171k\u00f6d\u00e9s\u0171 (egy ir\u00e1nyban hidraulikusan m\u0171k\u00f6dtetett) \u00e9s kett\u0151s m\u0171k\u00f6d\u00e9s\u0171 (mindk\u00e9t ir\u00e1nyban hidraulikusan m\u0171k\u00f6dtetett) kivitelben is, hogy megfeleljen a k\u00fcl\u00f6nf\u00e9le \u00fczemi ig\u00e9nyeknek, egyes modellek teleszk\u00f3pos kialak\u00edt\u00e1ssal rendelkeznek a nagyobb kiny\u00fal\u00e1s \u00e9rdek\u00e9ben tov\u00e1bbi k\u00fcls\u0151 m\u00e9retek n\u00e9lk\u00fcl.<\/li>\n<li><strong>Kompatibilit\u00e1s:<\/strong> Term\u00e9keinket \u00fagy tervezt\u00fck, hogy t\u00f6k\u00e9letesen helyettes\u00edts\u00e9k a megl\u00e9v\u0151 hidraulikus hengereket, biztos\u00edtva a z\u00f6kken\u0151mentes integr\u00e1ci\u00f3t a g\u00e9peivel.<\/li>\n<\/ul>\n<p><img decoding=\"async\" src=\"https:\/\/www.hydraulic-cylinders.net\/wp-content\/uploads\/2025\/04\/songte-cylinder-head-with-all-kinds-excavator-models.webp\" alt=\"Kotr\u00f3g\u00e9p modellek kompatibilit\u00e1si k\u00e9pe\"><\/p>\n<h2>A g\u00e9mhenger alkalmaz\u00e1sai<\/h2>\n<h3>\u00c9p\u00edt\u0151ipari berendez\u00e9sek<\/h3>\n<p>A kotr\u00f3g\u00e9pekben a g\u00e9mhengerek kritikus fontoss\u00e1g\u00faak az \u00e1s\u00e1shoz, a rakod\u00e1shoz \u00e9s a f\u00f6ld vagy t\u00f6rmel\u00e9k mozgat\u00e1s\u00e1hoz. A kan\u00e1l helyzet\u00e9nek szab\u00e1lyoz\u00e1s\u00e1ra val\u00f3 k\u00e9pess\u00e9g\u00fck lehet\u0151v\u00e9 teszi a kezel\u0151k sz\u00e1m\u00e1ra, hogy prec\u00edz mozdulatokat hajtsanak v\u00e9gre a f\u00f6ldmunk\u00e1khoz. Ez k\u00fcl\u00f6n\u00f6sen fontos egyenetlen terepen vagy z\u00e1rt t\u00e9rben v\u00e9gzett munka sor\u00e1n, ahol a pontoss\u00e1g kulcsfontoss\u00e1g\u00fa a hat\u00e9konys\u00e1g szempontj\u00e1b\u00f3l.<\/p>\n<h3>Mez\u0151gazdas\u00e1gi g\u00e9pek<\/h3>\n<p>A homlokrakod\u00f3kban haszn\u00e1lt g\u00e9mhengerek megk\u00f6nny\u00edtik a talaj, sz\u00e9na \u00e9s egy\u00e9b anyagok kal\u00e1szol\u00e1s\u00e1t, emel\u00e9s\u00e9t \u00e9s sz\u00e1ll\u00edt\u00e1s\u00e1t. Robusztus kialak\u00edt\u00e1suk lehet\u0151v\u00e9 teszi sz\u00e1mukra, hogy megbirk\u00f3zzanak a mez\u0151gazdas\u00e1gi munk\u00e1k szigor\u00fa k\u00f6vetelm\u00e9nyeivel, jav\u00edtva a termel\u00e9kenys\u00e9get \u00e9s biztos\u00edtva a megb\u00edzhat\u00f3 teljes\u00edtm\u00e9nyt a k\u00fcl\u00f6nf\u00e9le mez\u0151gazdas\u00e1gi alkalmaz\u00e1sokban.<\/p>\n<h3>Kotr\u00f3g\u00e9pek<\/h3>\n<p>A g\u00e9mhenger lehet\u0151v\u00e9 teszi a kan\u00e1l hat\u00e9kony talajba hatol\u00e1s\u00e1t, lehet\u0151v\u00e9 t\u00e9ve a hat\u00e9kony \u00e1s\u00e1si m\u0171veleteket. Ez a funkci\u00f3 kulcsfontoss\u00e1g\u00fa a terep-el\u0151k\u00e9sz\u00edt\u00e9si \u00e9s \u00e9p\u00edt\u00e9si projektekn\u00e9l, ahol a m\u00e9ly \u00e1s\u00e1s \u00e9s a neh\u00e9z terhek emel\u00e9s\u00e9nek k\u00e9pess\u00e9ge elengedhetetlen a sikeres befejez\u00e9shez.<\/p>\n<h3>Rakod\u00f3k<\/h3>\n<p>A homlokrakod\u00f3kban ezek a hengerek seg\u00edtik a rakom\u00e1nyok hat\u00e9kony emel\u00e9s\u00e9t \u00e9s \u00fcr\u00edt\u00e9s\u00e9t. A kan\u00e1l sima \u00e9s szab\u00e1lyozott mozg\u00e1sa elengedhetetlen az anyagmozgat\u00e1si feladatokhoz az \u00e9p\u00edt\u0151iparban, a tereprendez\u00e9sben \u00e9s a b\u00e1ny\u00e1szati \u200b\u200biparban.<\/p>\n<h2>Tervez\u00e9si szempontok \u00e9s kiv\u00e1laszt\u00e1si krit\u00e9riumok<\/h2>\n<h3>Teherb\u00edr\u00e1s<\/h3>\n<p>A g\u00e9mhenger kiv\u00e1laszt\u00e1sakor a teherb\u00edr\u00e1s els\u0151dleges szempont. L\u00e9tfontoss\u00e1g\u00fa olyan hengert v\u00e1lasztani, amely k\u00e9pes elb\u00edrni a kotr\u00f3g\u00e9p maxim\u00e1lis terhel\u00e9s\u00e9t. A megfelel\u0151 teherb\u00edr\u00e1s garant\u00e1lja a biztons\u00e1got \u00e9s a hat\u00e9konys\u00e1got \u00fczem k\u00f6zben, minimaliz\u00e1lva a berendez\u00e9s meghib\u00e1sod\u00e1s\u00e1nak kock\u00e1zat\u00e1t.<\/p>\n<h3>T\u00f6m\u00edt\u0151mechanizmusok<\/h3>\n<p>A hat\u00e9kony t\u00f6m\u00edt\u00e9s elengedhetetlen a hidraulikus hengerekn\u00e9l a folyad\u00e9ksziv\u00e1rg\u00e1s megakad\u00e1lyoz\u00e1sa \u00e9s a nyom\u00e1s fenntart\u00e1sa \u00e9rdek\u00e9ben. A tart\u00f3s anyagokb\u00f3l, p\u00e9ld\u00e1ul poliuret\u00e1nb\u00f3l \u00e9s nitrilgumib\u00f3l k\u00e9sz\u00fclt, kiv\u00e1l\u00f3 min\u0151s\u00e9g\u0171 t\u00f6m\u00edt\u00e9sek n\u00f6velhetik a henger \u00e9lettartam\u00e1t \u00e9s teljes\u00edtm\u00e9ny\u00e9t, biztos\u00edtva az optim\u00e1lis m\u0171k\u00f6d\u00e9st ig\u00e9nyl\u0151 k\u00f6r\u00fclm\u00e9nyek k\u00f6z\u00f6tt.<\/p>\n<h3>Tart\u00f3ss\u00e1g<\/h3>\n<p>A g\u00e9mhenger tart\u00f3ss\u00e1ga elengedhetetlen a hossz\u00fa t\u00e1v\u00fa teljes\u00edtm\u00e9ny\u00e9hez. A gy\u00e1rt\u00f3k gyakran fejlett anyagokat \u00e9s robusztus gy\u00e1rt\u00e1si technik\u00e1kat alkalmaznak olyan hengerek el\u0151\u00e1ll\u00edt\u00e1s\u00e1ra, amelyek ellen\u00e1llnak a zord k\u00f6rnyezeti felt\u00e9teleknek, cs\u00f6kkentve a karbantart\u00e1si k\u00f6lts\u00e9geket \u00e9s az \u00e1ll\u00e1sid\u0151t.<\/p>\n<h3>Biztons\u00e1gi funkci\u00f3k<\/h3>\n<p>A biztons\u00e1gi funkci\u00f3k, p\u00e9ld\u00e1ul a nyom\u00e1scs\u00f6kkent\u0151 szelepek \u00e9s a t\u00falterhel\u00e9s elleni v\u00e9delem be\u00e9p\u00edt\u00e9se elengedhetetlen minden hidraulikus hengerhez. Ezek a funkci\u00f3k megel\u0151zik a baleseteket \u00e9s biztos\u00edtj\u00e1k a g\u00e9pek biztons\u00e1gos m\u0171k\u00f6d\u00e9s\u00e9t, k\u00fcl\u00f6n\u00f6sen olyan k\u00f6rnyezetben, ahol gyakran kell neh\u00e9z terheket mozgatni.<\/p>\n<h3>Karbantart\u00e1si szempontok<\/h3>\n<p>A karbantart\u00e1shoz sz\u00fcks\u00e9ges hozz\u00e1f\u00e9rhet\u0151s\u00e9g egy m\u00e1sik kulcsfontoss\u00e1g\u00fa tervez\u00e9si t\u00e9nyez\u0151. Egy j\u00f3l megtervezett g\u00e9mhengernek lehet\u0151v\u00e9 kell tennie a k\u00f6nny\u0171 ellen\u0151rz\u00e9st \u00e9s szervizel\u00e9st, bele\u00e9rtve a t\u00f6m\u00edt\u00e9sek cser\u00e9j\u00e9t \u00e9s az alkatr\u00e9szek ken\u00e9s\u00e9t kiterjedt sz\u00e9tszerel\u00e9s n\u00e9lk\u00fcl.<\/p>\n<p><img decoding=\"async\" src=\"https:\/\/www.hydraulic-cylinders.net\/wp-content\/uploads\/2025\/04\/songte-oil-pipes-and-spare-parts.webp\" alt=\"Olajcs\u00f6vek \u00e9s alkatr\u00e9szek k\u00e9pe\"><\/p>\n<h2>T\u00f6m\u00edt\u00e9s \u00e9s ken\u00e9s<\/h2>\n<p>A hat\u00e9kony t\u00f6m\u00edt\u00e9s \u00e9s ken\u00e9s a hidraulikus henger teljes\u00edtm\u00e9ny\u00e9nek kritikus szempontjai. K\u00fcl\u00f6nf\u00e9le t\u00f6m\u00edt\u00e9seket haszn\u00e1lnak, bele\u00e9rtve a dugatty\u00fat\u00f6m\u00edt\u00e9seket \u00e9s a r\u00fadt\u00f6m\u00edt\u00e9seket, amelyeket gyakran kop\u00e1s\u00e1ll\u00f3 anyagokb\u00f3l, p\u00e9ld\u00e1ul poliuret\u00e1nb\u00f3l \u00e9s nitrilgumib\u00f3l gy\u00e1rtanak. A hengertest \u00e9s a menetes v\u00e9gfel\u00fcletek prec\u00edzi\u00f3s megmunk\u00e1l\u00e1son esnek \u00e1t a kop\u00e1s\u00e1ll\u00f3s\u00e1g n\u00f6vel\u00e9se \u00e9rdek\u00e9ben. A rendszeres hidraulikaolajjal t\u00f6rt\u00e9n\u0151 ken\u00e9s elengedhetetlen a s\u00farl\u00f3d\u00e1s \u00e9s a kop\u00e1s minimaliz\u00e1l\u00e1sa, a henger z\u00f6kken\u0151mentes m\u0171k\u00f6d\u00e9s\u00e9nek \u00e9s hossz\u00fa \u00e9lettartam\u00e1nak biztos\u00edt\u00e1sa \u00e9rdek\u00e9ben.<\/p>\n<h2>Megel\u0151z\u0151 karbantart\u00e1si int\u00e9zked\u00e9sek<\/h2>\n<ul>\n<li><strong>Rendszeres ellen\u0151rz\u00e9sek:<\/strong> A sziv\u00e1rg\u00e1sok, kop\u00e1s \u00e9s megfelel\u0151 m\u0171k\u00f6d\u00e9s rendszeres ellen\u0151rz\u00e9se seg\u00edthet azonos\u00edtani a lehets\u00e9ges probl\u00e9m\u00e1kat, miel\u0151tt azok jelent\u0151s meghib\u00e1sod\u00e1sokhoz vezetn\u00e9nek.<\/li>\n<li><strong>Ken\u00e9s:<\/strong> A hidraulikus rendszer megfelel\u0151 ken\u00e9se elengedhetetlen. Haszn\u00e1lja az aj\u00e1nlott hidraulikaolajat, \u00e9s \u00fcgyeljen arra, hogy a szint a megfelel\u0151 legyen.<\/li>\n<li><strong>T\u00f6m\u00edt\u00e9scsere:<\/strong> Rendszeresen ellen\u0151rizze a t\u00f6m\u00edt\u00e9seket kop\u00e1s jelei szempontj\u00e1b\u00f3l, \u00e9s sz\u00fcks\u00e9g szerint cser\u00e9lje ki \u0151ket a rendszer integrit\u00e1s\u00e1nak meg\u0151rz\u00e9se \u00e9s a sziv\u00e1rg\u00e1sok megel\u0151z\u00e9se \u00e9rdek\u00e9ben.<\/li>\n<\/ul>\n<h2>Telep\u00edt\u00e9si \u00fatmutat\u00f3<\/h2>\n<p>A g\u00e9mhenger megfelel\u0151 beszerel\u00e9se elengedhetetlen a teljes\u00edtm\u00e9ny\u00e9hez. Kezdje azzal, hogy megbizonyosodik arr\u00f3l, hogy a henger megfelel\u0151en illeszkedik a kotr\u00f3g\u00e9p r\u00f6gz\u00edt\u00e9si pontjaihoz. Haszn\u00e1ljon megfelel\u0151 r\u00f6gz\u00edt\u0151konzolokat a henger r\u00f6gz\u00edt\u00e9s\u00e9hez \u00e9s a m\u0171k\u00f6d\u00e9s k\u00f6zbeni eltol\u00f3d\u00e1s megakad\u00e1lyoz\u00e1s\u00e1hoz. K\u00f6vesse a gy\u00e1rt\u00f3 el\u0151\u00edr\u00e1sait a csavarok nyomat\u00e9kbe\u00e1ll\u00edt\u00e1saira vonatkoz\u00f3an, \u00e9s gy\u0151z\u0151dj\u00f6n meg arr\u00f3l, hogy a hidraulikus csatlakoz\u00e1sok megfelel\u0151en meg vannak h\u00fazva a sziv\u00e1rg\u00e1sok elker\u00fcl\u00e9se \u00e9rdek\u00e9ben. V\u00e9g\u00fcl a beszerel\u00e9s ut\u00e1n, a teljes \u00fczembe helyez\u00e9s el\u0151tt ellen\u0151rizze a rendszer sziv\u00e1rg\u00e1s\u00e1t \u00e9s megfelel\u0151 m\u0171k\u00f6d\u00e9s\u00e9t.<\/p>\n<h2>Gyakori karbantart\u00e1si feladatok<\/h2>\n<ul>\n<li><strong>Rendszeres ellen\u0151rz\u00e9sek:<\/strong> A hidraulikus rendszer rendszeres ellen\u0151rz\u00e9se elengedhetetlen a potenci\u00e1lis probl\u00e9m\u00e1k azonos\u00edt\u00e1s\u00e1hoz. Ez mag\u00e1ban foglalja a t\u00f6ml\u0151k, szerelv\u00e9nyek \u00e9s t\u00f6m\u00edt\u00e9sek vizsg\u00e1lat\u00e1t kop\u00e1s vagy s\u00e9r\u00fcl\u00e9s jelei szempontj\u00e1b\u00f3l.<\/li>\n<li><strong>Megfelel\u0151 ken\u00e9s:<\/strong> Gy\u0151z\u0151dj\u00f6n meg arr\u00f3l, hogy minden mozg\u00f3 alkatr\u00e9sz megfelel\u0151en van kenve a megfelel\u0151 hidraulikaolajjal, ami seg\u00edt cs\u00f6kkenteni a kop\u00e1st \u00e9s fenntartani a rendszer hat\u00e9konys\u00e1g\u00e1t.<\/li>\n<li><strong>T\u00f6m\u00edt\u00e9scsere:<\/strong> Figyelje a t\u00f6m\u00edt\u00e9sek \u00e1llapot\u00e1t, \u00e9s sz\u00fcks\u00e9g eset\u00e9n cser\u00e9lje ki azokat a sziv\u00e1rg\u00e1sok megel\u0151z\u00e9se \u00e9s a rendszerben l\u00e9v\u0151 nyom\u00e1s fenntart\u00e1sa \u00e9rdek\u00e9ben. A t\u00f6m\u00edt\u00e9sek rendszeres ellen\u0151rz\u00e9se jelent\u0151sen meghosszabb\u00edthatja a hidraulikus henger \u00e9lettartam\u00e1t.<\/li>\n<\/ul>\n<p><img decoding=\"async\" src=\"https:\/\/www.hydraulic-cylinders.net\/wp-content\/uploads\/2025\/04\/songte-chushion-collar.webp\" alt=\"P\u00e1rnagall\u00e9r k\u00e9p\"><\/p>\n<h2>Biztons\u00e1gi szempontok \u00e9s k\u00f6rnyezeti t\u00e9nyez\u0151k<\/h2>\n<p>Hidraulikus berendez\u00e9sek \u00fczemeltet\u00e9sekor a biztons\u00e1gi int\u00e9zked\u00e9sek kiemelked\u0151en fontosak. A kezel\u0151knek mindig megfelel\u0151 szem\u00e9lyi v\u00e9d\u0151felszerel\u00e9st (PPE) kell viselni\u00fck, \u00e9s tudat\u00e1ban kell lenni\u00fck a k\u00f6rnyezet\u00fcknek. A biztons\u00e1gos \u00fczemeltet\u00e9si elj\u00e1r\u00e1sok rendszeres k\u00e9pz\u00e9se jelent\u0151sen cs\u00f6kkentheti a balesetek sz\u00e1m\u00e1t. Tov\u00e1bb\u00e1 vegye figyelembe a k\u00f6rnyezeti t\u00e9nyez\u0151ket, p\u00e9ld\u00e1ul a folyad\u00e9kok \u00e1rtalmatlan\u00edt\u00e1s\u00e1t \u00e9s a k\u00f6rnyezetbar\u00e1t hidraulikafolyad\u00e9kok haszn\u00e1lat\u00e1t az \u00f6kol\u00f3giai hat\u00e1sok minimaliz\u00e1l\u00e1sa \u00e9rdek\u00e9ben.<\/p>\n<h2>Hibadiagn\u00f3zis \u00e9s gyakori probl\u00e9m\u00e1k<\/h2>\n<ul>\n<li><strong>Teljes\u00edtm\u00e9nyveszt\u00e9s:<\/strong> Ez alacsony hidraulikafolyad\u00e9k-szint vagy a rendszerben l\u00e9v\u0151 leveg\u0151 miatt fordulhat el\u0151. Gy\u0151z\u0151dj\u00f6n meg arr\u00f3l, hogy a folyad\u00e9kszint megfelel\u0151, \u00e9s l\u00e9gtelen\u00edtse a rendszert a leveg\u0151 elt\u00e1vol\u00edt\u00e1s\u00e1hoz.<\/li>\n<li><strong>Sziv\u00e1rg\u00e1s:<\/strong> Keressen hidraulikafolyad\u00e9k-sziv\u00e1rg\u00e1sra utal\u00f3 jeleket a t\u00f6m\u00edt\u00e9sek \u00e9s csatlakoz\u00e1sok k\u00f6r\u00fcl. A sziv\u00e1rg\u00e1sok id\u0151ben t\u00f6rt\u00e9n\u0151 kezel\u00e9se megel\u0151zheti a tov\u00e1bbi k\u00e1rosod\u00e1sokat \u00e9s meg\u0151rizheti a rendszer integrit\u00e1s\u00e1t.<\/li>\n<li><strong>Nem reag\u00e1l\u00f3 henger:<\/strong> Ha a henger nem reag\u00e1l, ellen\u0151rizze, hogy nincsenek-e elt\u00f6m\u0151d\u00e9sek a hidraulikavezet\u00e9kekben, vagy nincs-e el\u00e9g folyad\u00e9knyom\u00e1s. A hidraulikus rendszer \u00fajra\u00e9rt\u00e9kel\u00e9se gyakran megoldhatja ezeket a probl\u00e9m\u00e1kat.<\/li>\n<\/ul>\n<p>A karbantart\u00e1s proakt\u00edv megk\u00f6zel\u00edt\u00e9se seg\u00edthet elker\u00fclni ezeket a probl\u00e9m\u00e1kat, biztos\u00edtva a hidraulikus henger hat\u00e9kony m\u0171k\u00f6d\u00e9s\u00e9t.<\/p>\n<p><img decoding=\"async\" src=\"https:\/\/www.hydraulic-cylinders.net\/wp-content\/uploads\/2025\/04\/songte-bushings-with-all-kinds-of-excavator-models.webp\" alt=\"Kotr\u00f3g\u00e9p modellek perselyei k\u00e9p\"><\/p>\n<h2>C\u00e9ginform\u00e1ci\u00f3<\/h2>\n<p>Vezet\u0151 gy\u00e1rt\u00f3ja \u00e9s nagykereskedelmi forgalmaz\u00f3ja vagyunk a p\u00f3talkatr\u00e9szk\u00e9nt szolg\u00e1l\u00f3 hidraulikus hengereknek, sz\u00e9les term\u00e9kv\u00e1laszt\u00e9kra specializ\u00e1l\u00f3dva, hogy kiel\u00e9g\u00edts\u00fck mind a hazai, mind a nemzetk\u00f6zi piacok ig\u00e9nyeit. A kiv\u00e1l\u00f3 min\u0151s\u00e9g ir\u00e1nti elk\u00f6telezetts\u00e9g\u00fcnket kifinomult gy\u00e1rt\u00e1sir\u00e1ny\u00edt\u00e1si strat\u00e9gi\u00e1nk vez\u00e9rli. K\u00e9pzett m\u0171szaki szem\u00e9lyzet, fejlett digit\u00e1lis gy\u00e1rt\u00f3berendez\u00e9sek \u00e9s professzion\u00e1lis tesztel\u0151rendszerek integr\u00e1ci\u00f3j\u00e1n kereszt\u00fcl folyamatosan fejlesztj\u00fck termel\u00e9si k\u00e9pess\u00e9geinket. A nagy hat\u00e9konys\u00e1gra, pontoss\u00e1gra \u00e9s min\u0151s\u00e9gre val\u00f3 \u00f6sszpontos\u00edt\u00e1sunk lehet\u0151v\u00e9 teszi sz\u00e1munkra, hogy kiel\u00e9g\u00edts\u00fck \u00fcgyfeleink sokr\u00e9t\u0171 ig\u00e9nyeit, biztos\u00edtva g\u00e9peik optim\u00e1lis m\u0171k\u00f6d\u00e9s\u00e9t.<\/p>\n<p><img decoding=\"async\" src=\"https:\/\/www.hydraulic-cylinders.net\/wp-content\/uploads\/2025\/04\/songte-company-4.webp\" alt=\"C\u00e9gk\u00e9p 1\"><br \/>\n<img decoding=\"async\" src=\"https:\/\/www.hydraulic-cylinders.net\/wp-content\/uploads\/2025\/04\/songte-company-3.webp\" alt=\"C\u00e9gk\u00e9p 2\"><\/p>\n<p>Hidraulikus hengerek gy\u00e1rt\u00e1s\u00e1ban szerzett szak\u00e9rtelm\u00fcnk, a nemzetk\u00f6zi tan\u00fas\u00edtv\u00e1nyok betart\u00e1sa, az egyedi szolg\u00e1ltat\u00e1sok, a legmodernebb gy\u00e1rt\u00f3berendez\u00e9sek \u00e9s a kiv\u00e9teles \u00e9rt\u00e9kes\u00edt\u00e9s ut\u00e1ni t\u00e1mogat\u00e1s megk\u00fcl\u00f6nb\u00f6ztet minket az ipar\u00e1gban.<\/p>\n<p>Szerz\u0151: lyl<\/p>","protected":false},"excerpt":{"rendered":"<p>Boom Cylinder For Volwa Small Excavator DLS860-10B Product Overview The Boom Cylinder for Volwa Small Excavator DLS860-10B is an essential hydraulic component designed for precise control of heavy machinery. This cylinder plays a crucial role in the hydraulic system, allowing for the efficient movement of the excavator\u2019s boom. It is specifically engineered to manage the [&hellip;]<\/p>","protected":false},"featured_media":17881,"comment_status":"open","ping_status":"closed","template":"","meta":{"_et_pb_use_builder":"","_et_pb_old_content":"","_et_gb_content_width":""},"product_brand":[],"product_cat":[1546],"product_tag":[1547,1496],"class_list":{"0":"post-19603","1":"product","2":"type-product","3":"status-publish","4":"has-post-thumbnail","6":"product_cat-boom-cylinders","7":"product_tag-boom-cylinders","8":"product_tag-hydraulic-cylinders","10":"first","11":"instock","12":"shipping-taxable","13":"product-type-simple"},"amp_enabled":true,"_links":{"self":[{"href":"https:\/\/www.hydraulic-cylinders.net\/hu\/wp-json\/wp\/v2\/product\/19603","targetHints":{"allow":["GET"]}}],"collection":[{"href":"https:\/\/www.hydraulic-cylinders.net\/hu\/wp-json\/wp\/v2\/product"}],"about":[{"href":"https:\/\/www.hydraulic-cylinders.net\/hu\/wp-json\/wp\/v2\/types\/product"}],"replies":[{"embeddable":true,"href":"https:\/\/www.hydraulic-cylinders.net\/hu\/wp-json\/wp\/v2\/comments?post=19603"}],"wp:featuredmedia":[{"embeddable":true,"href":"https:\/\/www.hydraulic-cylinders.net\/hu\/wp-json\/wp\/v2\/media\/17881"}],"wp:attachment":[{"href":"https:\/\/www.hydraulic-cylinders.net\/hu\/wp-json\/wp\/v2\/media?parent=19603"}],"wp:term":[{"taxonomy":"product_brand","embeddable":true,"href":"https:\/\/www.hydraulic-cylinders.net\/hu\/wp-json\/wp\/v2\/product_brand?post=19603"},{"taxonomy":"product_cat","embeddable":true,"href":"https:\/\/www.hydraulic-cylinders.net\/hu\/wp-json\/wp\/v2\/product_cat?post=19603"},{"taxonomy":"product_tag","embeddable":true,"href":"https:\/\/www.hydraulic-cylinders.net\/hu\/wp-json\/wp\/v2\/product_tag?post=19603"}],"curies":[{"name":"munkaf\u00fczet","href":"https:\/\/api.w.org\/{rel}","templated":true}]}}