{"id":19604,"date":"2025-04-07T06:57:00","date_gmt":"2025-04-07T06:57:00","guid":{"rendered":"https:\/\/www.hydraulic-cylinders.net\/product\/boom-cylinder-for-volwa-small-excavator-dls130-9\/"},"modified":"2025-04-07T06:57:03","modified_gmt":"2025-04-07T06:57:03","slug":"boom-cylinder-for-volwa-small-excavator-dls130-9","status":"publish","type":"product","link":"https:\/\/www.hydraulic-cylinders.net\/hu\/termek\/boom-cylinder-for-volwa-small-excavator-dls130-9\/","title":{"rendered":"G\u00e9mhenger Volwa kis kotr\u00f3g\u00e9phez DLS130-9"},"content":{"rendered":"<h1>G\u00e9mhenger Volwa kis kotr\u00f3g\u00e9phez DLS130-9<\/h1>\n<h2>Term\u00e9k\u00e1ttekint\u00e9s<\/h2>\n<p>A Volwa DLS130-9 kis kotr\u00f3g\u00e9p g\u00e9mhengere kritikus fontoss\u00e1g\u00fa alkatr\u00e9sz a hidraulikus rendszerekben, amelyet kifejezetten a kan\u00e1l mozg\u00e1s\u00e1nak vez\u00e9rl\u00e9s\u00e9re terveztek k\u00fcl\u00f6nf\u00e9le neh\u00e9zg\u00e9peken, bele\u00e9rtve a kotr\u00f3g\u00e9peket, kotr\u00f3rakod\u00f3kat \u00e9s homlokrakod\u00f3kat. Ez a hidraulikus henger megk\u00f6nny\u00edti a kan\u00e1l emel\u00e9s\u00e9t, s\u00fcllyeszt\u00e9s\u00e9t \u00e9s billent\u00e9s\u00e9t, \u00edgy n\u00e9lk\u00fcl\u00f6zhetetlen eszk\u00f6z az anyagmozgat\u00e1si feladatokhoz.<\/p>\n<p>A kan\u00e1lhenger, mint egyfajta hidraulikus henger, a folyad\u00e9knyom\u00e1s elv\u00e9n m\u0171k\u00f6dik. Amikor hidraulikaolajat pump\u00e1lnak a hengerbe, nyom\u00e1st hoznak l\u00e9tre, amely mozgatja a dugatty\u00fat, ami viszont mozgatja a v\u00f6dr\u00f6t. Ez a mechanizmus lehet\u0151v\u00e9 teszi a kan\u00e1l helyzet\u00e9nek pontos szab\u00e1lyoz\u00e1s\u00e1t, lehet\u0151v\u00e9 t\u00e9ve a kezel\u0151k sz\u00e1m\u00e1ra, hogy hat\u00e9konyan v\u00e9gezzenek \u00f6sszetett feladatokat. A g\u00e9mhenger kialak\u00edt\u00e1sa biztos\u00edtja, hogy ellen\u00e1lljon a neh\u00e9z emel\u00e9s \u00e9s a zord k\u00f6rnyezet k\u00f6vetelm\u00e9nyeinek, \u00edgy megb\u00edzhat\u00f3 v\u00e1laszt\u00e1s az \u00e9p\u00edt\u0151ipari \u00e9s mez\u0151gazdas\u00e1gi g\u00e9pek sz\u00e1m\u00e1ra.<\/p>\n<p><img decoding=\"async\" src=\"https:\/\/www.hydraulic-cylinders.net\/wp-content\/uploads\/2025\/04\/songte-company-1.webp\" alt=\"G\u00e9mhenger kotr\u00f3g\u00e9phez\"><\/p>\n<h2>A g\u00e9mhenger jellemz\u0151i<\/h2>\n<ul>\n<li><strong>Nagy szil\u00e1rds\u00e1g \u00e9s tart\u00f3ss\u00e1g:<\/strong> \u00c1ltal\u00e1ban nagy szil\u00e1rds\u00e1g\u00fa ac\u00e9lb\u00f3l vagy alum\u00edniumb\u00f3l k\u00e9sz\u00fclnek, ezek a palackok nagy nyom\u00e1st \u00e9s nagy terhel\u00e9st b\u00edrnak, \u00edgy alkalmasak zord munkak\u00f6r\u00fclm\u00e9nyekre. Kop\u00e1s\u00e1ll\u00f3s\u00e1got \u00e9s korr\u00f3zi\u00f3\u00e1ll\u00f3s\u00e1got szem el\u0151tt tartva tervezt\u00e9k \u0151ket, meghosszabb\u00edtva a term\u00e9k \u00e9lettartam\u00e1t.<\/li>\n<li><strong>Hat\u00e9kony hidraulikus m\u0171k\u00f6dtet\u00e9s:<\/strong> A henger hidraulikaolaj-nyom\u00e1st haszn\u00e1l a sima kiny\u00fajt\u00e1shoz \u00e9s visszah\u00faz\u00e1shoz, gyors v\u00e1laszid\u0151t biztos\u00edtva a vez\u00e9rl\u0151parancsokra, \u00e9s er\u0151teljes nyom\u00f3- \u00e9s h\u00faz\u00f3er\u0151t biztos\u00edtva, ami ide\u00e1lis neh\u00e9z t\u00e1rgyak \u00e9s \u00f6sszetett feladatok kezel\u00e9s\u00e9hez.<\/li>\n<li><strong>K\u00fcl\u00f6nb\u00f6z\u0151 t\u00edpusok:<\/strong> Az opci\u00f3k k\u00f6z\u00f6tt szerepelnek az egyszeres m\u0171k\u00f6d\u00e9s\u0171 (egyir\u00e1ny\u00fa hidraulikus nyom\u00e1st haszn\u00e1l\u00f3) \u00e9s a kett\u0151s m\u0171k\u00f6d\u00e9s\u0171 (mindk\u00e9t ir\u00e1nyban hidraulikus nyom\u00e1st haszn\u00e1l\u00f3) hengerek, hogy kiel\u00e9g\u00edts\u00e9k a k\u00fcl\u00f6nf\u00e9le m\u0171k\u00f6d\u00e9si ig\u00e9nyeket. Egyes modellek teleszk\u00f3posak, \u00edgy nagyobb kiny\u00fal\u00e1st tesznek lehet\u0151v\u00e9 a k\u00fcls\u0151 m\u00e9retek n\u00f6vel\u00e9se n\u00e9lk\u00fcl, \u00edgy alkalmasak korl\u00e1tozott hely\u0171 alkalmaz\u00e1sokhoz.<\/li>\n<li><strong>Egyedi gy\u00e1rt\u00e1s:<\/strong> C\u00e9g\u00fcnk ennek a term\u00e9knek a gy\u00e1rt\u00e1s\u00e1ra specializ\u00e1l\u00f3dott, biztos\u00edtva, hogy hengereink t\u00f6k\u00e9letesen helyettes\u00edts\u00e9k a megl\u00e9v\u0151 hidraulikus hengereket.<\/li>\n<li><strong>Sokoldal\u00fa alkalmaz\u00e1sok:<\/strong> \u00dagy tervezt\u00e9k, hogy k\u00fcl\u00f6nf\u00e9le g\u00e9peket t\u00e1mogasson, n\u00f6velve a termel\u00e9kenys\u00e9get a k\u00fcl\u00f6nb\u00f6z\u0151 \u00e1gazatokban.<\/li>\n<\/ul>\n<p><img decoding=\"async\" src=\"https:\/\/www.hydraulic-cylinders.net\/wp-content\/uploads\/2025\/04\/songte-cylinder-head-with-all-kinds-excavator-models.webp\" alt=\"Kotr\u00f3g\u00e9p modellek\"><\/p>\n<h2>A g\u00e9mhenger alkalmaz\u00e1sai<\/h2>\n<h3>\u00c9p\u00edt\u0151ipari berendez\u00e9sek<\/h3>\n<p>Az \u00e9p\u00edt\u0151ipari g\u00e9pekben a g\u00e9mhengerek kulcsfontoss\u00e1g\u00faak a f\u00f6ld vagy t\u00f6rmel\u00e9k ki\u00e1s\u00e1s\u00e1hoz, rakod\u00e1s\u00e1hoz \u00e9s mozgat\u00e1s\u00e1hoz. Seg\u00edtenek a kan\u00e1l mozg\u00e1s\u00e1nak szab\u00e1lyoz\u00e1s\u00e1ban, lehet\u0151v\u00e9 t\u00e9ve a hat\u00e9kony \u00e1s\u00e1si \u00e9s rakod\u00e1si m\u0171veleteket. A kotr\u00f3rakod\u00f3kban a g\u00e9mhenger mind az \u00e1s\u00e1st, mind az emel\u00e9st seg\u00edti, rugalmass\u00e1got biztos\u00edtva a k\u00fcl\u00f6nf\u00e9le feladatokhoz.<\/p>\n<h3>Mez\u0151gazdas\u00e1gi g\u00e9pek<\/h3>\n<p>A homlokrakod\u00f3kban a g\u00e9mhengereket talaj, sz\u00e9na \u00e9s egy\u00e9b anyagok mer\u00e9s\u00e9re, emel\u00e9s\u00e9re \u00e9s sz\u00e1ll\u00edt\u00e1s\u00e1ra haszn\u00e1lj\u00e1k. Ezek biztos\u00edtj\u00e1k, hogy a kan\u00e1l hat\u00e9konyan tudjon ny\u00falni az anyagokhoz, lehet\u0151v\u00e9 t\u00e9ve a z\u00f6kken\u0151mentes m\u0171k\u00f6d\u00e9st a mez\u0151gazdas\u00e1gban \u00e9s az anyagmozgat\u00e1sban.<\/p>\n<h3>Kotr\u00f3g\u00e9pek<\/h3>\n<p>A kotr\u00f3g\u00e9pek a kan\u00e1lhengerre t\u00e1maszkodnak a talajba val\u00f3 behatol\u00e1shoz \u00e1s\u00e1si m\u0171veletek sor\u00e1n. Kialak\u00edt\u00e1sa lehet\u0151v\u00e9 teszi a kan\u00e1l sz\u00f6g\u00e9nek \u00e9s m\u00e9lys\u00e9g\u00e9nek pontos szab\u00e1lyoz\u00e1s\u00e1t, \u00edgy ide\u00e1lis a v\u00e1ltoz\u00f3 talajviszonyok k\u00f6z\u00f6tti \u00e1sat\u00e1si feladatokhoz.<\/p>\n<h3>Rakod\u00f3k<\/h3>\n<p>A homlokrakod\u00f3kban a g\u00e9mhengerek hat\u00e9konyan seg\u00edtik a rakom\u00e1nyok emel\u00e9s\u00e9t \u00e9s \u00fcr\u00edt\u00e9s\u00e9t. Robusztus kialak\u00edt\u00e1suk lehet\u0151v\u00e9 teszi a neh\u00e9z emel\u00e9seket, biztos\u00edtva, hogy a kezel\u0151k hat\u00e9konyan kezelhess\u00e9k az anyagokat a biztons\u00e1g vesz\u00e9lyeztet\u00e9se n\u00e9lk\u00fcl.<\/p>\n<h2>Tervez\u00e9si szempontok \u00e9s kiv\u00e1laszt\u00e1si szabv\u00e1nyok<\/h2>\n<h3>Teherb\u00edr\u00e1s<\/h3>\n<p>A g\u00e9mhenger kiv\u00e1laszt\u00e1sakor a teherb\u00edr\u00e1s az els\u0151dleges szempont. A hengernek el\u00e9g er\u0151snek kell lennie ahhoz, hogy elb\u00edrja a m\u0171k\u00f6d\u00e9s sor\u00e1n v\u00e1rhat\u00f3 maxim\u00e1lis terhel\u00e9seket. Az olyan t\u00e9nyez\u0151k, mint a mozgatand\u00f3 anyagok s\u00falya \u00e9s a haszn\u00e1lt g\u00e9pek t\u00edpusa, jelent\u0151s szerepet j\u00e1tszanak a megfelel\u0151 teherb\u00edr\u00e1s meghat\u00e1roz\u00e1s\u00e1ban.<\/p>\n<h3>T\u00f6m\u00edt\u00e9si integrit\u00e1s<\/h3>\n<p>A g\u00e9mhenger t\u00f6m\u00edt\u00e9se kulcsfontoss\u00e1g\u00fa a hidraulikus nyom\u00e1s fenntart\u00e1s\u00e1hoz \u00e9s a sziv\u00e1rg\u00e1sok megel\u0151z\u00e9s\u00e9hez. A kiv\u00e1l\u00f3 min\u0151s\u00e9g\u0171 t\u00f6m\u00edt\u00e9sek elengedhetetlenek a hossz\u00fa t\u00e1v\u00fa teljes\u00edtm\u00e9ny biztos\u00edt\u00e1s\u00e1hoz. A t\u00f6m\u00edt\u00e9seket a hidraulikaolajokkal val\u00f3 kompatibilit\u00e1s \u00e9s a kop\u00e1s\u00e1ll\u00f3s\u00e1g alapj\u00e1n kell kiv\u00e1lasztani, biztos\u00edtva az optim\u00e1lis teljes\u00edtm\u00e9nyt.<\/p>\n<h3>Tart\u00f3ss\u00e1g<\/h3>\n<p>A tart\u00f3ss\u00e1g kulcsfontoss\u00e1g\u00fa t\u00e9nyez\u0151 a g\u00e9mhenger tervez\u00e9s\u00e9n\u00e9l. Ellen kell \u00e1llnia a zord munkak\u00f6r\u00fclm\u00e9nyeknek, bele\u00e9rtve a por, szennyez\u0151d\u00e9s \u00e9s nedvess\u00e9g hat\u00e1s\u00e1nak kitetts\u00e9get. A gy\u00e1rt\u00e1s sor\u00e1n felhaszn\u00e1lt anyagoknak kop\u00e1s- \u00e9s korr\u00f3zi\u00f3\u00e1ll\u00f3aknak kell lenni\u00fck, biztos\u00edtva a henger hossz\u00fa t\u00e1v\u00fa hat\u00e9kony m\u0171k\u00f6d\u00e9s\u00e9t.<\/p>\n<h3>Biztons\u00e1gi funkci\u00f3k<\/h3>\n<p>A biztons\u00e1g kiemelked\u0151 fontoss\u00e1g\u00fa a hidraulikus hengerek kiv\u00e1laszt\u00e1sakor. A tervez\u00e9snek tartalmaznia kell olyan biztons\u00e1gi funkci\u00f3kat, amelyek megakad\u00e1lyozz\u00e1k a t\u00falterhel\u00e9st \u00e9s biztos\u00edtj\u00e1k a stabil m\u0171k\u00f6d\u00e9st. Ez mag\u00e1ban foglalhat nyom\u00e1scs\u00f6kkent\u0151 szelepeket \u00e9s hibat\u0171r\u0151 mechanizmusokat a kezel\u0151 \u00e9s a g\u00e9p v\u00e9delme \u00e9rdek\u00e9ben.<\/p>\n<h3>Karbantart\u00e1si hozz\u00e1f\u00e9rhet\u0151s\u00e9g<\/h3>\n<p>A g\u00e9mhenger kialak\u00edt\u00e1s\u00e1nak lehet\u0151v\u00e9 kell tennie a k\u00f6nny\u0171 karbantart\u00e1st \u00e9s jav\u00edt\u00e1st. A kritikus alkatr\u00e9szekhez val\u00f3 hozz\u00e1f\u00e9r\u00e9s ellen\u0151rz\u00e9s, ken\u00e9s \u00e9s csere c\u00e9lj\u00e1b\u00f3l jelent\u0151sen cs\u00f6kkentheti az \u00e1ll\u00e1sid\u0151t \u00e9s a karbantart\u00e1si k\u00f6lts\u00e9geket, n\u00f6velve az \u00e1ltal\u00e1nos hat\u00e9konys\u00e1got.<\/p>\n<p><img decoding=\"async\" src=\"https:\/\/www.hydraulic-cylinders.net\/wp-content\/uploads\/2025\/04\/songte-oil-pipes-and-spare-parts.webp\" alt=\"Olajcs\u00f6vek \u00e9s alkatr\u00e9szek\"><\/p>\n<h2>T\u00f6m\u00edt\u00e9s \u00e9s ken\u00e9s<\/h2>\n<p>A hat\u00e9kony t\u00f6m\u00edt\u00e9s \u00e9s ken\u00e9s l\u00e9tfontoss\u00e1g\u00fa a g\u00e9mhengerek teljes\u00edtm\u00e9ny\u00e9hez. K\u00fcl\u00f6nb\u00f6z\u0151 t\u00f6m\u00edt\u00e9sek, p\u00e9ld\u00e1ul dugatty\u00fat\u00f6m\u00edt\u00e9sek \u00e9s r\u00fadt\u00f6m\u00edt\u00e9sek elengedhetetlenek a hidraulikus nyom\u00e1s fenntart\u00e1s\u00e1hoz \u00e9s a sziv\u00e1rg\u00e1s megakad\u00e1lyoz\u00e1s\u00e1hoz. Ezek a t\u00f6m\u00edt\u00e9sek gyakran tart\u00f3s anyagokb\u00f3l, p\u00e9ld\u00e1ul poliuret\u00e1nb\u00f3l vagy nitrilgumib\u00f3l k\u00e9sz\u00fclnek, amelyek kiv\u00e1l\u00f3 kop\u00e1s\u00e1ll\u00f3s\u00e1got biztos\u00edtanak. Ezenk\u00edv\u00fcl a hengertestet \u00e9s a menetes v\u00e9geket finoman megmunk\u00e1lj\u00e1k a tart\u00f3ss\u00e1g n\u00f6vel\u00e9se \u00e9rdek\u00e9ben.<\/p>\n<p>A rendszeres hidraulikaolajjal t\u00f6rt\u00e9n\u0151 ken\u00e9s sz\u00fcks\u00e9ges a z\u00f6kken\u0151mentes m\u0171k\u00f6d\u00e9s biztos\u00edt\u00e1s\u00e1hoz \u00e9s az id\u0151 el\u0151tti kop\u00e1s megel\u0151z\u00e9s\u00e9hez. A megfelel\u0151 ken\u00e9s cs\u00f6kkenti a mozg\u00f3 alkatr\u00e9szek k\u00f6z\u00f6tti s\u00farl\u00f3d\u00e1st, hozz\u00e1j\u00e1rulva a henger \u00e9lettartam\u00e1hoz.<\/p>\n<h2>Megel\u0151z\u0151 karbantart\u00e1si int\u00e9zked\u00e9sek<\/h2>\n<ul>\n<li><strong>Rendszeres ellen\u0151rz\u00e9sek:<\/strong> V\u00e9gezzen rendszeres ellen\u0151rz\u00e9seket a kop\u00e1s vagy sziv\u00e1rg\u00e1s jeleinek azonos\u00edt\u00e1s\u00e1ra. A korai felismer\u00e9s megel\u0151zheti a s\u00falyos hib\u00e1kat \u00e9s a k\u00f6lts\u00e9ges jav\u00edt\u00e1sokat.<\/li>\n<li><strong>Megfelel\u0151 ken\u00e9s:<\/strong> Gy\u0151z\u0151dj\u00f6n meg arr\u00f3l, hogy a hidraulikaolaj szintje az aj\u00e1nlott szinten van, \u00e9s megfelel az \u00fczemi k\u00f6r\u00fclm\u00e9nyeknek. Rendszeresen ellen\u0151rizze az olaj szennyez\u0151d\u00e9s\u00e9t.<\/li>\n<li><strong>T\u00f6m\u00edt\u00e9scsere:<\/strong> A nyom\u00e1s \u00e9ps\u00e9g\u00e9nek meg\u0151rz\u00e9se \u00e9s a sziv\u00e1rg\u00e1sok megel\u0151z\u00e9se \u00e9rdek\u00e9ben sz\u00fcks\u00e9g szerint cser\u00e9lje ki a t\u00f6m\u00edt\u00e9seket. Ennek a rendszeres karbantart\u00e1si \u00fctemterv r\u00e9sz\u00e9t kell k\u00e9peznie.<\/li>\n<\/ul>\n<h2>Telep\u00edt\u00e9si \u00fatmutat\u00f3<\/h2>\n<p>A g\u00e9mhenger megfelel\u0151 beszerel\u00e9se elengedhetetlen az optim\u00e1lis teljes\u00edtm\u00e9nyhez. Kezdje azzal, hogy megbizonyosodik arr\u00f3l, hogy a henger \u00e9s a r\u00f6gz\u00edt\u00e9si pontjai tiszt\u00e1k \u00e9s t\u00f6rmel\u00e9kmentesek. Haszn\u00e1ljon megfelel\u0151 be\u00e1ll\u00edt\u00f3 eszk\u00f6z\u00f6ket a henger megfelel\u0151 be\u00e1ll\u00edt\u00e1s\u00e1hoz a telep\u00edt\u00e9s sor\u00e1n. Alapvet\u0151 fontoss\u00e1g\u00fa a megfelel\u0151 r\u00f6gz\u00edt\u0151konzolok haszn\u00e1lata a henger r\u00f6gz\u00edt\u00e9s\u00e9hez, megakad\u00e1lyozva a m\u0171k\u00f6d\u00e9s k\u00f6zbeni eltol\u00f3d\u00e1st.<\/p>\n<p>Gondosan k\u00f6vesse a gy\u00e1rt\u00f3 telep\u00edt\u00e9si utas\u00edt\u00e1sait, \u00fcgyelve arra, hogy minden r\u00f6gz\u00edt\u0151elem a megadott nyomat\u00e9kkal legyen megh\u00fazva. A telep\u00edt\u00e9s ut\u00e1n alapos ellen\u0151rz\u00e9st v\u00e9gezzen, hogy minden alkatr\u00e9sz megfelel\u0151en legyen beszerelve \u00e9s a rendeltet\u00e9sszer\u0171en m\u0171k\u00f6dj\u00f6n.<\/p>\n<h2>Gyakori karbantart\u00e1si feladatok<\/h2>\n<ul>\n<li><strong>Rendszeres ellen\u0151rz\u00e9sek:<\/strong> Gyakori ellen\u0151rz\u00e9sekkel felm\u00e9rheti a g\u00e9mhenger \u00e1llapot\u00e1t, ellen\u0151rizve a kop\u00e1s \u00e9s elhaszn\u00e1l\u00f3d\u00e1s jeleit, a sziv\u00e1rg\u00e1sokat \u00e9s az \u00e1ltal\u00e1nos m\u0171k\u00f6d\u00e9st.<\/li>\n<li><strong>Megfelel\u0151 ken\u00e9s:<\/strong> A hidraulikus rendszer folyamatos ken\u00e9s\u00e9t biztos\u00edtani kell a mozg\u00f3 alkatr\u00e9szek s\u00farl\u00f3d\u00e1s\u00e1nak \u00e9s kop\u00e1s\u00e1nak cs\u00f6kkent\u00e9se \u00e9rdek\u00e9ben, ami l\u00e9tfontoss\u00e1g\u00fa a teljes\u00edtm\u00e9ny fenntart\u00e1s\u00e1hoz \u00e9s a henger \u00e9lettartam\u00e1nak meghosszabb\u00edt\u00e1s\u00e1hoz.<\/li>\n<li><strong>T\u00f6m\u00edt\u00e9scsere:<\/strong> Figyelje a t\u00f6m\u00edt\u00e9sek \u00e1llapot\u00e1t, \u00e9s sz\u00fcks\u00e9g szerint cser\u00e9lje ki azokat a hidraulikus nyom\u00e1s fenntart\u00e1sa \u00e9s a folyad\u00e9ksziv\u00e1rg\u00e1s megel\u0151z\u00e9se \u00e9rdek\u00e9ben. Az id\u0151ben t\u00f6rt\u00e9n\u0151 csere elengedhetetlen a hidraulikus rendszer hat\u00e9kony m\u0171k\u00f6d\u00e9s\u00e9hez.<\/li>\n<\/ul>\n<h2>Biztons\u00e1gi szempontok \u00e9s k\u00f6rnyezeti t\u00e9nyez\u0151k<\/h2>\n<p>Hidraulikus hengerekkel v\u00e9gzett munka sor\u00e1n a biztons\u00e1gi int\u00e9zked\u00e9sek kiemelked\u0151en fontosak. A kezel\u0151ket ki kell k\u00e9pezni a berendez\u00e9s m\u0171k\u00f6d\u00e9si korl\u00e1tainak \u00e9s biztons\u00e1gi jellemz\u0151inek meg\u00e9rt\u00e9s\u00e9re. Mindig viseljen megfelel\u0151 szem\u00e9lyi v\u00e9d\u0151felszerel\u00e9st (PPE), \u00e9s \u00fcgyeljen arra, hogy a g\u00e9peket ne \u00fczemeltess\u00e9k a kapacit\u00e1suk t\u00fall\u00e9p\u00e9s\u00e9vel. A rendszeres biztons\u00e1gi auditok \u00e9s a biztons\u00e1gi el\u0151\u00edr\u00e1sok betart\u00e1sa jelent\u0151sen cs\u00f6kkentheti a hidraulikus g\u00e9pekkel kapcsolatos kock\u00e1zatokat.<\/p>\n<h2>Gyakori probl\u00e9m\u00e1k elh\u00e1r\u00edt\u00e1sa<\/h2>\n<ul>\n<li><strong>Sziv\u00e1rg\u00e1s:<\/strong> Ha folyad\u00e9ksziv\u00e1rg\u00e1st \u00e9szlel, ellen\u0151rizze a t\u00f6m\u00edt\u00e9sek \u00e9s szerelv\u00e9nyek s\u00e9r\u00fcl\u00e9s\u00e9t, \u00e9s sz\u00fcks\u00e9g eset\u00e9n cser\u00e9lje ki \u0151ket. Gy\u0151z\u0151dj\u00f6n meg arr\u00f3l, hogy a hidraulikaolaj szintje megfelel\u0151.<\/li>\n<li><strong>Teljes\u00edtm\u00e9nyveszt\u00e9s:<\/strong> Az emel\u0151er\u0151 cs\u00f6kken\u00e9se a henger bels\u0151 kop\u00e1s\u00e1ra vagy a hidraulikafolyad\u00e9k szennyez\u0151d\u00e9s\u00e9re utalhat. Ellen\u0151rizze a hidraulikaolaj min\u0151s\u00e9g\u00e9t, \u00e9s sz\u00fcks\u00e9g eset\u00e9n cser\u00e9lje ki.<\/li>\n<li><strong>Szokatlan zajok:<\/strong> A m\u0171k\u00f6d\u00e9s k\u00f6zbeni szokatlan hangok mechanikai probl\u00e9m\u00e1kra vagy el\u00e9gtelen ken\u00e9sre utalhatnak. V\u00e9gezzen alapos ellen\u0151rz\u00e9st a probl\u00e9ma azonos\u00edt\u00e1sa \u00e9s megold\u00e1sa \u00e9rdek\u00e9ben.<\/li>\n<\/ul>\n<p>A karbantart\u00e1s proakt\u00edv megk\u00f6zel\u00edt\u00e9se \u00e9s a probl\u00e9m\u00e1k gyors kezel\u00e9se seg\u00edthet a j\u00f6v\u0151beni s\u00falyosabb probl\u00e9m\u00e1k enyh\u00edt\u00e9s\u00e9ben.<\/p>\n<p><img decoding=\"async\" src=\"https:\/\/www.hydraulic-cylinders.net\/wp-content\/uploads\/2025\/04\/songte-bushings-with-all-kinds-of-excavator-models.webp\" alt=\"Kotr\u00f3g\u00e9p perselyek\"><\/p>\n<h2>C\u00e9g\u00fcnkr\u0151l<\/h2>\n<p>Hidraulikus munkahengerek cserealkatr\u00e9szeinek gy\u00e1rt\u00f3jak\u00e9nt \u00e1tfog\u00f3 term\u00e9kk\u00edn\u00e1lattal rendelkez\u00fcnk, \u00edgy a hazai \u00e9s a nemzetk\u00f6zi piacok egyik vezet\u0151 gy\u00e1rt\u00f3ja \u00e9s nagykereskedelmi forgalmaz\u00f3ja vagyunk. A kiv\u00e1l\u00f3 min\u0151s\u00e9get k\u00f6vetj\u00fck, \u00e9s kifinomult gy\u00e1rt\u00f3m\u0171hely-ir\u00e1ny\u00edt\u00e1si strat\u00e9gi\u00e1ra t\u00e1maszkodunk. C\u00e9g\u00fcnk folyamatosan fejleszti gy\u00e1rt\u00e1si platformj\u00e1t m\u0171szaki tehets\u00e9g, cs\u00facskateg\u00f3ri\u00e1s digit\u00e1lis gy\u00e1rt\u00f3berendez\u00e9sek \u00e9s professzion\u00e1lis tesztel\u0151rendszerek alkalmaz\u00e1s\u00e1val.<\/p>\n<p>A term\u00e9kmin\u0151s\u00e9g-gy\u00e1rt\u00f3sorok fejleszt\u00e9s\u00e9re \u00f6sszpontos\u00edtunk, \u00e9s robusztus kreat\u00edv k\u00e9pess\u00e9geket fejlesztett\u00fcnk ki. A nagy hat\u00e9konys\u00e1g, a nagy pontoss\u00e1g \u00e9s a kiv\u00e1l\u00f3 min\u0151s\u00e9g alapelvei lehet\u0151v\u00e9 teszik sz\u00e1munkra, hogy kiel\u00e9g\u00edts\u00fck \u00fcgyfeleink v\u00e1ltozatos ig\u00e9nyeit.<\/p>\n<p><img decoding=\"async\" src=\"https:\/\/www.hydraulic-cylinders.net\/wp-content\/uploads\/2025\/04\/songte-company-4.webp\" alt=\"C\u00e9ginform\u00e1ci\u00f3\"><br \/>\n<img decoding=\"async\" src=\"https:\/\/www.hydraulic-cylinders.net\/wp-content\/uploads\/2025\/04\/songte-company-3.webp\" alt=\"C\u00e9ggy\u00e1rt\u00e1s\"><\/p>\n<p>Szerz\u0151: lyl<\/p>","protected":false},"excerpt":{"rendered":"<p>Boom Cylinder For Volwa Small Excavator DLS130-9 Product Overview The Boom Cylinder for the Volwa Small Excavator DLS130-9 is a critical component in hydraulic systems, specifically designed to control the movement of the bucket on various heavy machinery, including excavators, backhoe loaders, and front loaders. This hydraulic cylinder facilitates the lifting, lowering, and tilting of [&hellip;]<\/p>","protected":false},"featured_media":17867,"comment_status":"open","ping_status":"closed","template":"","meta":{"_et_pb_use_builder":"","_et_pb_old_content":"","_et_gb_content_width":""},"product_brand":[],"product_cat":[1546],"product_tag":[1547,1496],"class_list":{"0":"post-19604","1":"product","2":"type-product","3":"status-publish","4":"has-post-thumbnail","6":"product_cat-boom-cylinders","7":"product_tag-boom-cylinders","8":"product_tag-hydraulic-cylinders","10":"first","11":"instock","12":"shipping-taxable","13":"product-type-simple"},"amp_enabled":true,"_links":{"self":[{"href":"https:\/\/www.hydraulic-cylinders.net\/hu\/wp-json\/wp\/v2\/product\/19604","targetHints":{"allow":["GET"]}}],"collection":[{"href":"https:\/\/www.hydraulic-cylinders.net\/hu\/wp-json\/wp\/v2\/product"}],"about":[{"href":"https:\/\/www.hydraulic-cylinders.net\/hu\/wp-json\/wp\/v2\/types\/product"}],"replies":[{"embeddable":true,"href":"https:\/\/www.hydraulic-cylinders.net\/hu\/wp-json\/wp\/v2\/comments?post=19604"}],"wp:featuredmedia":[{"embeddable":true,"href":"https:\/\/www.hydraulic-cylinders.net\/hu\/wp-json\/wp\/v2\/media\/17867"}],"wp:attachment":[{"href":"https:\/\/www.hydraulic-cylinders.net\/hu\/wp-json\/wp\/v2\/media?parent=19604"}],"wp:term":[{"taxonomy":"product_brand","embeddable":true,"href":"https:\/\/www.hydraulic-cylinders.net\/hu\/wp-json\/wp\/v2\/product_brand?post=19604"},{"taxonomy":"product_cat","embeddable":true,"href":"https:\/\/www.hydraulic-cylinders.net\/hu\/wp-json\/wp\/v2\/product_cat?post=19604"},{"taxonomy":"product_tag","embeddable":true,"href":"https:\/\/www.hydraulic-cylinders.net\/hu\/wp-json\/wp\/v2\/product_tag?post=19604"}],"curies":[{"name":"munkaf\u00fczet","href":"https:\/\/api.w.org\/{rel}","templated":true}]}}