{"id":19607,"date":"2025-04-07T06:57:08","date_gmt":"2025-04-07T06:57:08","guid":{"rendered":"https:\/\/www.hydraulic-cylinders.net\/product\/boom-cylinder-for-volwa-small-excavator-dls880-9b\/"},"modified":"2025-04-07T06:57:10","modified_gmt":"2025-04-07T06:57:10","slug":"boom-cylinder-for-volwa-small-excavator-dls880-9b","status":"publish","type":"product","link":"https:\/\/www.hydraulic-cylinders.net\/hu\/termek\/boom-cylinder-for-volwa-small-excavator-dls880-9b\/","title":{"rendered":"G\u00e9mhenger Volwa kis kotr\u00f3g\u00e9phez DLS880-9B"},"content":{"rendered":"<h1>G\u00e9mhenger Volwa kis kotr\u00f3g\u00e9phez DLS880-9B<\/h1>\n<h2>Bevezet\u00e9s a g\u00e9mhengerekbe<\/h2>\n<p>A Volwa DLS880-9B kis kotr\u00f3g\u00e9p g\u00e9mhengere a kotr\u00f3g\u00e9pek hidraulikus rendszer\u00e9nek alapvet\u0151 eleme. Kritikus szerepet j\u00e1tszik a kan\u00e1l mozg\u00e1s\u00e1nak szab\u00e1lyoz\u00e1s\u00e1ban, lehet\u0151v\u00e9 t\u00e9ve a hat\u00e9kony emel\u00e9st, s\u00fcllyeszt\u00e9st \u00e9s billent\u00e9st. Ez a hidraulikus henger kifejezetten neh\u00e9z terhek kezel\u00e9s\u00e9re k\u00e9sz\u00fclt, mik\u00f6zben prec\u00edz mozg\u00e1st biztos\u00edt, amely a k\u00fcl\u00f6nf\u00e9le anyagmozgat\u00e1si feladatokhoz sz\u00fcks\u00e9ges az \u00e9p\u00edtkez\u00e9seken \u00e9s m\u00e1s neh\u00e9z alkalmaz\u00e1sokban.<\/p>\n<p><img decoding=\"async\" src=\"https:\/\/www.hydraulic-cylinders.net\/wp-content\/uploads\/2025\/04\/songte-company-1.webp\" alt=\"G\u00e9mhenger kotr\u00f3g\u00e9pekhez\"><\/p>\n<h3>A v\u00f6d\u00f6rhengerek meg\u00e9rt\u00e9se<\/h3>\n<p>A kan\u00e1lhengerek hidraulikus hengerek, amelyeket els\u0151sorban a neh\u00e9zg\u00e9pek, p\u00e9ld\u00e1ul kotr\u00f3g\u00e9pek, kotr\u00f3rakod\u00f3k \u00e9s homlokrakod\u00f3k kan\u00e1lj\u00e1nak mozg\u00e1s\u00e1nak vez\u00e9rl\u00e9s\u00e9re haszn\u00e1lnak. Lehet\u0151v\u00e9 teszik a kan\u00e1l sz\u00e1m\u00e1ra sz\u00e1mos alapvet\u0151 funkci\u00f3 ell\u00e1t\u00e1s\u00e1t, bele\u00e9rtve az emel\u00e9st, s\u00fcllyeszt\u00e9st \u00e9s billent\u00e9st, amelyek elengedhetetlenek a hat\u00e9kony anyagmozgat\u00e1shoz. Ezeknek a hengereknek a m\u0171k\u00f6d\u00e9se lehet\u0151v\u00e9 teszi a kezel\u0151k sz\u00e1m\u00e1ra, hogy hat\u00e9konyan v\u00e9gezzenek el olyan feladatokat, mint az \u00e1s\u00e1s, a rakod\u00e1s \u00e9s az anyagok sz\u00e1ll\u00edt\u00e1sa, hozz\u00e1j\u00e1rulva a munkater\u00fcletek termel\u00e9kenys\u00e9g\u00e9nek n\u00f6veked\u00e9s\u00e9hez.<\/p>\n<h2>A g\u00e9mhenger jellemz\u0151i<\/h2>\n<ul>\n<li><strong>Nagy szil\u00e1rds\u00e1g \u00e9s tart\u00f3ss\u00e1g:<\/strong> Nagy szil\u00e1rds\u00e1g\u00fa ac\u00e9lb\u00f3l vagy alum\u00edniumb\u00f3l k\u00e9sz\u00fclt, ez a henger nagy nyom\u00e1st \u00e9s nagy terhel\u00e9st b\u00edr ki, \u00edgy alkalmass\u00e1 teszi zord munkak\u00f6rnyezetben val\u00f3 haszn\u00e1latra. Kop\u00e1s- \u00e9s korr\u00f3zi\u00f3\u00e1ll\u00f3 kialak\u00edt\u00e1s\u00e1nak k\u00f6sz\u00f6nhet\u0151en meghosszabb\u00edtja \u00e9lettartam\u00e1t.<\/li>\n<li><strong>Hat\u00e9kony hidraulikus m\u0171k\u00f6dtet\u00e9s:<\/strong> A sima ki- \u00e9s visszah\u00faz\u00e1shoz hidraulikaolaj-nyom\u00e1st haszn\u00e1l\u00f3 henger gyorsan reag\u00e1l a kezel\u0151i parancsokra, er\u0151teljes tol\u00f3- \u00e9s h\u00faz\u00f3er\u0151t biztos\u00edtva, amely ide\u00e1lis a neh\u00e9z \u00e9s \u00f6sszetett feladatok kezel\u00e9s\u00e9hez.<\/li>\n<li><strong>V\u00e1ltozatos lehet\u0151s\u00e9gek:<\/strong> Egyszeres m\u0171k\u00f6d\u00e9s\u0171 (hidraulikus m\u0171k\u00f6d\u00e9s egy ir\u00e1nyban) vagy kett\u0151s m\u0171k\u00f6d\u00e9s\u0171 (hidraulikus m\u0171k\u00f6d\u00e9s mindk\u00e9t ir\u00e1nyban) konfigur\u00e1ci\u00f3ban kaphat\u00f3, \u00edgy a k\u00fcl\u00f6nb\u00f6z\u0151 m\u0171k\u00f6d\u00e9si ig\u00e9nyeket kiel\u00e9g\u00edti, egyes modellek teleszk\u00f3pos kialak\u00edt\u00e1ssal rendelkeznek a nagyobb kiny\u00fal\u00e1s \u00e9rdek\u00e9ben a k\u00fcls\u0151 m\u00e9retek n\u00f6vel\u00e9se n\u00e9lk\u00fcl.<\/li>\n<li><strong>Kompatibilit\u00e1s:<\/strong> Term\u00e9k\u00fcnk z\u00f6kken\u0151mentesen k\u00e9pes helyettes\u00edteni a k\u00fcl\u00f6nf\u00e9le hidraulikus hengereket, biztos\u00edtva a g\u00e9pek megb\u00edzhat\u00f3 m\u0171k\u00f6d\u00e9s\u00e9t.<\/li>\n<\/ul>\n<p><img decoding=\"async\" src=\"https:\/\/www.hydraulic-cylinders.net\/wp-content\/uploads\/2025\/04\/songte-cylinder-head-with-all-kinds-excavator-models.webp\" alt=\"Kotr\u00f3g\u00e9p modellek kompatibilit\u00e1sa\"><\/p>\n<h2>A g\u00e9mhenger alkalmaz\u00e1sai<\/h2>\n<h3>\u00c9p\u00edt\u0151ipari berendez\u00e9sek<\/h3>\n<p>A kotr\u00f3g\u00e9pekben a g\u00e9mhengerek l\u00e9tfontoss\u00e1g\u00faak az \u00e1s\u00e1shoz, a talaj vagy t\u00f6rmel\u00e9k rakod\u00e1s\u00e1hoz \u00e9s sz\u00e1ll\u00edt\u00e1s\u00e1hoz. Ezek teszik lehet\u0151v\u00e9, hogy a kan\u00e1l hat\u00e9konyan hatoljon a talajba, \u00edgy n\u00e9lk\u00fcl\u00f6zhetetlenek a f\u00f6ldmunk\u00e1khoz. A kotr\u00f3g\u00e9p-rakod\u00f3kban ezek a hengerek mind az \u00e1s\u00e1si, mind az emel\u00e9si m\u0171veletekben seg\u00edtenek, n\u00f6velve a sokoldal\u00fas\u00e1got.<\/p>\n<h3>Mez\u0151gazdas\u00e1gi berendez\u00e9sek<\/h3>\n<p>A homlokrakod\u00f3k g\u00e9mhengereket haszn\u00e1lnak a talaj, sz\u00e9na \u00e9s egy\u00e9b anyagok mer\u00edt\u00e9s\u00e9hez, emel\u00e9s\u00e9hez \u00e9s sz\u00e1ll\u00edt\u00e1s\u00e1hoz. T\u00f6bb m\u0171velet v\u00e9grehajt\u00e1s\u00e1nak k\u00e9pess\u00e9ge n\u00e9lk\u00fcl\u00f6zhetetlenn\u00e9 teszi \u0151ket a mez\u0151gazdas\u00e1gi k\u00f6rnyezetben, ahol a hat\u00e9konys\u00e1g kulcsfontoss\u00e1g\u00fa.<\/p>\n<h3>Kotr\u00f3g\u00e9pek<\/h3>\n<p>A hagyom\u00e1nyos kotr\u00f3g\u00e9pekben a kan\u00e1lhenger lehet\u0151v\u00e9 teszi az \u00e1s\u00e1si m\u0171veleteket az\u00e1ltal, hogy lehet\u0151v\u00e9 teszi a kan\u00e1l sz\u00e1m\u00e1ra a talaj \u00e1tt\u00f6r\u00e9s\u00e9t. Kialak\u00edt\u00e1suk biztos\u00edtja a maxim\u00e1lis \u00e1s\u00e1si hat\u00e9konys\u00e1got, ami kulcsfontoss\u00e1g\u00fa a f\u00f6ldmozgat\u00e1si projektekn\u00e9l.<\/p>\n<h3>Rakod\u00f3k<\/h3>\n<p>Homlokrakod\u00f3kban ezek a munkahengerek hat\u00e9konyan seg\u00edtik a rakom\u00e1nyok emel\u00e9s\u00e9t \u00e9s \u00fcr\u00edt\u00e9s\u00e9t. Er\u0151s hidraulikus m\u0171k\u00f6d\u00e9s\u00fck elengedhetetlen a hat\u00e9kony anyagmozgat\u00e1shoz \u00e9s a helysz\u00edni termel\u00e9kenys\u00e9ghez.<\/p>\n<h2>Tervez\u00e9si szempontok \u00e9s kiv\u00e1laszt\u00e1si krit\u00e9riumok<\/h2>\n<h3>Teherb\u00edr\u00e1s<\/h3>\n<p>A g\u00e9mhenger kiv\u00e1laszt\u00e1sakor a teherb\u00edr\u00e1s kiemelked\u0151 fontoss\u00e1g\u00fa. A hengernek neh\u00e9z terheket kell elb\u00edrnia a szerkezeti integrit\u00e1s vesz\u00e9lyeztet\u00e9se n\u00e9lk\u00fcl. A m\u0171k\u00f6d\u00e9s k\u00f6zbeni v\u00e1rhat\u00f3 terhel\u00e9s kisz\u00e1m\u00edt\u00e1sa biztos\u00edtja, hogy a kiv\u00e1lasztott henger meghib\u00e1sod\u00e1s n\u00e9lk\u00fcl kezelje a k\u00f6vetelm\u00e9nyeket.<\/p>\n<h3>T\u00f6m\u00edt\u00e9s<\/h3>\n<p>A hat\u00e9kony t\u00f6m\u00edt\u00e9s kulcsfontoss\u00e1g\u00fa a hidraulikafolyad\u00e9k sziv\u00e1rg\u00e1s\u00e1nak megakad\u00e1lyoz\u00e1s\u00e1hoz, ami a rendszer hat\u00e9konys\u00e1g\u00e1nak cs\u00f6kken\u00e9s\u00e9hez vezethet. A kiv\u00e1l\u00f3 min\u0151s\u00e9g\u0171 t\u00f6m\u00edt\u00e9sek biztos\u00edtj\u00e1k, hogy a hidraulikafolyad\u00e9k a hely\u00e9n maradjon, fenntartva az optim\u00e1lis nyom\u00e1st \u00e9s teljes\u00edtm\u00e9nyt.<\/p>\n<h3>Tart\u00f3ss\u00e1g<\/h3>\n<p>A tart\u00f3ss\u00e1g kritikus t\u00e9nyez\u0151, mivel a g\u00e9mhengerek gyakran zord k\u00f6rnyezetben m\u0171k\u00f6dnek. A kop\u00e1snak, korr\u00f3zi\u00f3nak \u00e9s \u00fct\u00e9seknek ellen\u00e1ll\u00f3 anyagok kiv\u00e1laszt\u00e1sa jelent\u0151sen meghosszabb\u00edthatja a henger \u00e9lettartam\u00e1t.<\/p>\n<h3>Biztons\u00e1g<\/h3>\n<p>A biztons\u00e1gi funkci\u00f3kat mindig priorit\u00e1sk\u00e9nt kell kezelni. Ide tartoznak a be\u00e9p\u00edtett biztons\u00e1gi szelepek, amelyek megakad\u00e1lyozz\u00e1k a t\u00falnyom\u00e1sos helyzeteket, amelyek m\u0171k\u00f6d\u00e9s k\u00f6zben katasztrof\u00e1lis meghib\u00e1sod\u00e1sokhoz vezethetnek.<\/p>\n<h3>Karbantarthat\u00f3s\u00e1g<\/h3>\n<p>A k\u00f6nny\u0171 karbantart\u00e1s kritikus szerepet j\u00e1tszik a g\u00e9mhengerek kiv\u00e1laszt\u00e1s\u00e1ban. Azok az alkatr\u00e9szek, amelyek megk\u00f6nny\u00edtik a jav\u00edt\u00e1sokat \u00e9s cser\u00e9ket, jav\u00edtj\u00e1k a termel\u00e9kenys\u00e9get \u00e9s cs\u00f6kkentik az \u00e1ll\u00e1sid\u0151t.<\/p>\n<p><img decoding=\"async\" src=\"https:\/\/www.hydraulic-cylinders.net\/wp-content\/uploads\/2025\/04\/songte-oil-pipes-and-spare-parts.webp\" alt=\"Hidraulikus alkatr\u00e9szek \u00e9s karbantart\u00e1s\"><\/p>\n<h2>A hidraulikus henger t\u00f6m\u00edt\u00e9se \u00e9s ken\u00e9se<\/h2>\n<p>A megfelel\u0151 t\u00f6m\u00edt\u00e9s \u00e9s ken\u00e9s elengedhetetlen a g\u00e9mhengerek hat\u00e9kony m\u0171k\u00f6d\u00e9s\u00e9hez. K\u00fcl\u00f6nb\u00f6z\u0151 t\u00f6m\u00edt\u0151elemeket, p\u00e9ld\u00e1ul dugatty\u00fat\u00f6m\u00edt\u00e9seket \u00e9s r\u00fadt\u00f6m\u00edt\u00e9seket alkalmaznak a hidraulikafolyad\u00e9k t\u00e1rol\u00e1s\u00e1nak biztos\u00edt\u00e1s\u00e1ra. Ezek a t\u00f6m\u00edt\u00e9sek gyakran kop\u00e1s\u00e1ll\u00f3 anyagokb\u00f3l, p\u00e9ld\u00e1ul poliuret\u00e1nb\u00f3l \u00e9s nitrilgumib\u00f3l k\u00e9sz\u00fclnek, amelyek n\u00f6velik a tart\u00f3ss\u00e1got. Ezenk\u00edv\u00fcl a hengertestek \u00e9s a menetes v\u00e9gek apr\u00f3l\u00e9kos megmunk\u00e1l\u00e1si folyamatokon esnek \u00e1t a kop\u00e1s\u00e1ll\u00f3s\u00e1g jav\u00edt\u00e1sa \u00e9rdek\u00e9ben. A rendszeres hidraulikaolajjal t\u00f6rt\u00e9n\u0151 ken\u00e9s sz\u00fcks\u00e9ges a z\u00f6kken\u0151mentes m\u0171k\u00f6d\u00e9s fenntart\u00e1s\u00e1hoz \u00e9s a mozg\u00f3 alkatr\u00e9szek kop\u00e1s\u00e1nak megakad\u00e1lyoz\u00e1s\u00e1hoz.<\/p>\n<h2>Rendszeres ellen\u0151rz\u00e9s \u00e9s megel\u0151z\u0151 karbantart\u00e1si int\u00e9zked\u00e9sek<\/h2>\n<ul>\n<li><strong>Rendszeres ellen\u0151rz\u00e9sek:<\/strong> Rendszeres ellen\u0151rz\u00e9seket kell v\u00e9gezni a kop\u00e1s \u00e9s a potenci\u00e1lis hib\u00e1k azonos\u00edt\u00e1sa \u00e9rdek\u00e9ben, miel\u0151tt azok s\u00falyosbodn\u00e1nak. Ellen\u0151rizze a t\u00f6m\u00edt\u00e9seket, t\u00f6ml\u0151ket \u00e9s a szerkezeti \u00e9ps\u00e9get az optim\u00e1lis m\u0171k\u00f6d\u00e9s biztos\u00edt\u00e1sa \u00e9rdek\u00e9ben.<\/li>\n<li><strong>Megfelel\u0151 ken\u00e9s:<\/strong> Gy\u0151z\u0151dj\u00f6n meg arr\u00f3l, hogy a hidraulikaolaj szintje megfelel\u0151, \u00e9s sz\u00fcks\u00e9g szerint cser\u00e9lje ki a henger hat\u00e9kony ken\u00e9s\u00e9nek \u00e9s m\u0171k\u00f6d\u00e9s\u00e9nek fenntart\u00e1sa \u00e9rdek\u00e9ben.<\/li>\n<li><strong>T\u00f6m\u00edt\u00e9scsere:<\/strong> Figyelje a t\u00f6m\u00edt\u00e9sek kop\u00e1s\u00e1t, \u00e9s azonnal cser\u00e9lje ki azokat. A kopott t\u00f6m\u00edt\u00e9sek folyad\u00e9ksziv\u00e1rg\u00e1shoz vezethetnek, ami befoly\u00e1solhatja a hidraulikus rendszer hat\u00e9konys\u00e1g\u00e1t.<\/li>\n<\/ul>\n<h2>Helyes telep\u00edt\u00e9si \u00fatmutat\u00f3<\/h2>\n<p>A g\u00e9mhenger megfelel\u0151 beszerel\u00e9se elengedhetetlen az optim\u00e1lis teljes\u00edtm\u00e9ny \u00e9s a hossz\u00fa \u00e9lettartam \u00e9rdek\u00e9ben. Kezdje azzal, hogy minden alkatr\u00e9sz tiszta \u00e9s t\u00f6rmel\u00e9kmentes. Gondosan igaz\u00edtsa a hengert a r\u00f6gz\u00edt\u00e9si pontokhoz, a megfelel\u0151 konzolok seg\u00edts\u00e9g\u00e9vel r\u00f6gz\u00edtve. A beszerel\u00e9s sor\u00e1n ker\u00fclje a t\u00falzott er\u0151kifejt\u00e9st, mert az k\u00e1ros\u00edthatja az alkatr\u00e9szeket. Ezenk\u00edv\u00fcl rendszeresen ellen\u0151rizze az igaz\u00edt\u00e1st, \u00e9s gy\u0151z\u0151dj\u00f6n meg arr\u00f3l, hogy a hidraulikus csatlakoz\u00e1sok biztons\u00e1gosak \u00e9s sziv\u00e1rg\u00e1smentesek. Ezen ir\u00e1nyelvek betart\u00e1sa jav\u00edtja a henger m\u0171k\u00f6d\u00e9s\u00e9t \u00e9s \u00e9lettartam\u00e1t.<\/p>\n<h2>Gyakori karbantart\u00e1si feladatok<\/h2>\n<ul>\n<li><strong>Rendszeres ellen\u0151rz\u00e9sek:<\/strong> V\u00e9gezzen rendszeres ellen\u0151rz\u00e9seket a kop\u00e1s vagy a potenci\u00e1lis probl\u00e9m\u00e1k jeleinek azonos\u00edt\u00e1sa \u00e9rdek\u00e9ben. A korai felismer\u00e9s megel\u0151zheti a s\u00falyos hib\u00e1kat \u00e9s meghosszabb\u00edthatja a henger \u00e9lettartam\u00e1t.<\/li>\n<li><strong>Megfelel\u0151 ken\u00e9s:<\/strong> Gondoskodjon a hidraulikaolaj optim\u00e1lis szintj\u00e9r\u0151l, \u00e9s sz\u00fcks\u00e9g szerint cser\u00e9lje ki a rendszer z\u00f6kken\u0151mentes m\u0171k\u00f6d\u00e9se \u00e9rdek\u00e9ben.<\/li>\n<li><strong>T\u00f6m\u00edt\u00e9scsere:<\/strong> Rendszeresen ellen\u0151rizze a t\u00f6m\u00edt\u00e9sek kop\u00e1s\u00e1t, \u00e9s cser\u00e9lje ki azokat a hidraulikafolyad\u00e9k sziv\u00e1rg\u00e1s\u00e1nak elker\u00fcl\u00e9se \u00e9rdek\u00e9ben, ami ronthatja a teljes\u00edtm\u00e9nyt.<\/li>\n<\/ul>\n<p>A megfelel\u0151 telep\u00edt\u00e9s, ken\u00e9s \u00e9s be\u00e1ll\u00edt\u00e1sok elengedhetetlenek a g\u00e9mhenger m\u0171k\u00f6d\u0151k\u00e9pess\u00e9g\u00e9nek \u00e9s biztons\u00e1g\u00e1nak fenntart\u00e1s\u00e1hoz. A telep\u00edt\u00e9s sor\u00e1n megfelel\u0151en igaz\u00edtsa be a hengert a hib\u00e1s be\u00e1ll\u00edt\u00e1s elker\u00fcl\u00e9se \u00e9rdek\u00e9ben, \u00e9s a stabilit\u00e1s \u00e9rdek\u00e9ben haszn\u00e1ljon r\u00f6gz\u00edt\u0151konzolokat. A rendszeres ellen\u0151rz\u00e9sek, jav\u00edt\u00e1sok \u00e9s cser\u00e9k biztos\u00edthatj\u00e1k a cs\u00facsteljes\u00edtm\u00e9nyt \u00e9s meghosszabb\u00edthatj\u00e1k a hidraulikus alkatr\u00e9szek \u00e9lettartam\u00e1t.<\/p>\n<p><img decoding=\"async\" src=\"https:\/\/www.hydraulic-cylinders.net\/wp-content\/uploads\/2025\/04\/songte-chushion-collar.webp\" alt=\"P\u00e1rn\u00e1zott gall\u00e9r hengerekhez\"><\/p>\n<h2>Biztons\u00e1gi szempontok \u00e9s k\u00f6rnyezeti t\u00e9nyez\u0151k<\/h2>\n<p>A g\u00e9mhengerek haszn\u00e1latakor a biztons\u00e1gi int\u00e9zked\u00e9sek elengedhetetlenek. A kezel\u0151ket ki kell k\u00e9pezni a hidraulikus berendez\u00e9sek kezel\u00e9s\u00e9re, \u00e9s be kell tartani az \u00f6sszes biztons\u00e1gi el\u0151\u00edr\u00e1st a balesetek megel\u0151z\u00e9se \u00e9rdek\u00e9ben. Ezenk\u00edv\u00fcl vegye figyelembe a k\u00f6rnyezeti t\u00e9nyez\u0151ket, p\u00e9ld\u00e1ul a potenci\u00e1lis sziv\u00e1rg\u00e1sokat, amelyek k\u00e1ros\u00edthatj\u00e1k a k\u00f6rnyez\u0151 ter\u00fcletet. A ki\u00f6ml\u00e9sek megf\u00e9kez\u00e9s\u00e9re ir\u00e1nyul\u00f3 int\u00e9zked\u00e9sek \u00e9s a rendszeres karbantart\u00e1s seg\u00edthet cs\u00f6kkenteni ezeket a kock\u00e1zatokat, biztos\u00edtva a biztons\u00e1gos \u00fczemeltet\u00e9st.<\/p>\n<h2>Gyakori probl\u00e9m\u00e1k elh\u00e1r\u00edt\u00e1sa<\/h2>\n<ul>\n<li><strong>Sziv\u00e1rg\u00e1s:<\/strong> Azonos\u00edtsa a hidraulikafolyad\u00e9k sziv\u00e1rg\u00e1s\u00e1nak forr\u00e1s\u00e1t. Ellen\u0151rizze a t\u00f6m\u00edt\u00e9seket \u00e9s csatlakoz\u00e1sokat, \u00e9s azonnal cser\u00e9lje ki a s\u00e9r\u00fclt alkatr\u00e9szeket.<\/li>\n<li><strong>Gyenge teljes\u00edtm\u00e9ny:<\/strong> Ha a henger nem a v\u00e1rt m\u00f3don reag\u00e1l, ellen\u0151rizze a hidraulikafolyad\u00e9k szintj\u00e9t, \u00e9s vizsg\u00e1lja meg, hogy nincs-e elt\u00f6m\u0151d\u00e9s a rendszerben.<\/li>\n<li><strong>Szokatlan zajok:<\/strong> Figyeljen m\u0171k\u00f6d\u00e9s k\u00f6zben minden rendellenes hangra, ami mechanikai probl\u00e9m\u00e1kra utalhat. Vizsg\u00e1lja meg \u00e9s jav\u00edtsa ki a probl\u00e9m\u00e1kat azonnal.<\/li>\n<\/ul>\n<p>A probl\u00e9m\u00e1k hat\u00e9kony elh\u00e1r\u00edt\u00e1sa \u00e9rdek\u00e9ben a kezel\u0151knek ismerni\u00fck kell a rendszert. A rendszeres k\u00e9pz\u00e9s \u00e9s a karbantart\u00e1si gyakorlatok friss\u00edt\u00e9sei seg\u00edthetnek megel\u0151zni a potenci\u00e1lis probl\u00e9m\u00e1kat, biztos\u00edtva a z\u00f6kken\u0151mentes m\u0171k\u00f6d\u00e9st.<\/p>\n<p><img decoding=\"async\" src=\"https:\/\/www.hydraulic-cylinders.net\/wp-content\/uploads\/2025\/04\/songte-bushings-with-all-kinds-of-excavator-models.webp\" alt=\"Kotr\u00f3g\u00e9pek perselyei\"><\/p>\n<h2>C\u00e9g\u00fcnkr\u0151l<\/h2>\n<p>Vezet\u0151 gy\u00e1rt\u00f3i vagyunk a p\u00f3talkatr\u00e9szk\u00e9nt szolg\u00e1l\u00f3 hidraulikus munkahengereknek, sz\u00e9les term\u00e9kv\u00e1laszt\u00e9kot k\u00edn\u00e1lva, amelyek elengedhetetlenek mind a hazai, mind a nemzetk\u00f6zi piacokon. A min\u0151s\u00e9g ir\u00e1nti elk\u00f6telezetts\u00e9g\u00fcnket prec\u00edz gy\u00e1rt\u00e1si folyamataink \u00e9s a fejlett technol\u00f3gia alkalmaz\u00e1sa t\u00fckr\u00f6zi. Az \u00fcgyfelek el\u00e9gedetts\u00e9g\u00e9re \u00f6sszpontos\u00edtva, szem\u00e9lyre szabott megold\u00e1sokat k\u00edn\u00e1lunk, amelyek megfelelnek az \u00fcgyfelek v\u00e1ltozatos ig\u00e9nyeinek. Korszer\u0171 gy\u00e1rt\u00f3berendez\u00e9seink \u00e9s szigor\u00fa min\u0151s\u00e9gellen\u0151rz\u00e9si rendszereink biztos\u00edtj\u00e1k, hogy minden term\u00e9k megfeleljen az ipar\u00e1gi szabv\u00e1nyoknak, magas hat\u00e9konys\u00e1got, pontoss\u00e1got \u00e9s megb\u00edzhat\u00f3s\u00e1got biztos\u00edtva.<\/p>\n<p><img decoding=\"async\" src=\"https:\/\/www.hydraulic-cylinders.net\/wp-content\/uploads\/2025\/04\/songte-company-4.webp\" alt=\"C\u00e9ginform\u00e1ci\u00f3\"><br \/>\n<img decoding=\"async\" src=\"https:\/\/www.hydraulic-cylinders.net\/wp-content\/uploads\/2025\/04\/songte-company-3.webp\" alt=\"Gy\u00e1rt\u00f3\u00fczem\"><\/p>\n<h2>K\u00f6vetkeztet\u00e9s<\/h2>\n<p>C\u00e9g\u00fcnk megb\u00edzhat\u00f3 forr\u00e1sk\u00e9nt t\u0171nik ki a kiv\u00e1l\u00f3 min\u0151s\u00e9g\u0171, megb\u00edzhat\u00f3 g\u00e9mhengerek ter\u00e9n. Hidraulikus megold\u00e1sok ter\u00e9n szerzett szak\u00e9rtelm\u00fcnk biztos\u00edtja, hogy olyan term\u00e9keket kapjon, amelyek nemcsak megfelelnek, hanem t\u00fal is sz\u00e1rnyalj\u00e1k elv\u00e1r\u00e1sait. L\u00e9pjen kapcsolatba vel\u00fcnk m\u00e9g ma, hogy t\u00f6bbet megtudjon k\u00edn\u00e1latunkr\u00f3l \u00e9s arr\u00f3l, hogyan seg\u00edthet\u00fcnk \u00d6nnek hidraulikus ig\u00e9nyeiben.<\/p>\n<p>Szerz\u0151: lyl<\/p>","protected":false},"excerpt":{"rendered":"<p>Boom Cylinder For Volwa Small Excavator DLS880-9B Introduction to Boom Cylinders The Boom Cylinder for Volwa Small Excavator DLS880-9B is an essential component in the hydraulic system of excavators. It plays a critical role in controlling the movement of the bucket, allowing it to lift, lower, and tilt effectively. This hydraulic cylinder is specifically designed [&hellip;]<\/p>","protected":false},"featured_media":17870,"comment_status":"open","ping_status":"closed","template":"","meta":{"_et_pb_use_builder":"","_et_pb_old_content":"","_et_gb_content_width":""},"product_brand":[],"product_cat":[1546],"product_tag":[1547,1496],"class_list":{"0":"post-19607","1":"product","2":"type-product","3":"status-publish","4":"has-post-thumbnail","6":"product_cat-boom-cylinders","7":"product_tag-boom-cylinders","8":"product_tag-hydraulic-cylinders","10":"first","11":"instock","12":"shipping-taxable","13":"product-type-simple"},"amp_enabled":true,"_links":{"self":[{"href":"https:\/\/www.hydraulic-cylinders.net\/hu\/wp-json\/wp\/v2\/product\/19607","targetHints":{"allow":["GET"]}}],"collection":[{"href":"https:\/\/www.hydraulic-cylinders.net\/hu\/wp-json\/wp\/v2\/product"}],"about":[{"href":"https:\/\/www.hydraulic-cylinders.net\/hu\/wp-json\/wp\/v2\/types\/product"}],"replies":[{"embeddable":true,"href":"https:\/\/www.hydraulic-cylinders.net\/hu\/wp-json\/wp\/v2\/comments?post=19607"}],"wp:featuredmedia":[{"embeddable":true,"href":"https:\/\/www.hydraulic-cylinders.net\/hu\/wp-json\/wp\/v2\/media\/17870"}],"wp:attachment":[{"href":"https:\/\/www.hydraulic-cylinders.net\/hu\/wp-json\/wp\/v2\/media?parent=19607"}],"wp:term":[{"taxonomy":"product_brand","embeddable":true,"href":"https:\/\/www.hydraulic-cylinders.net\/hu\/wp-json\/wp\/v2\/product_brand?post=19607"},{"taxonomy":"product_cat","embeddable":true,"href":"https:\/\/www.hydraulic-cylinders.net\/hu\/wp-json\/wp\/v2\/product_cat?post=19607"},{"taxonomy":"product_tag","embeddable":true,"href":"https:\/\/www.hydraulic-cylinders.net\/hu\/wp-json\/wp\/v2\/product_tag?post=19607"}],"curies":[{"name":"munkaf\u00fczet","href":"https:\/\/api.w.org\/{rel}","templated":true}]}}