{"id":19613,"date":"2025-04-07T06:57:24","date_gmt":"2025-04-07T06:57:24","guid":{"rendered":"https:\/\/www.hydraulic-cylinders.net\/product\/boom-cylinder-for-volwa-middle-excavator-dls270-8b\/"},"modified":"2025-04-07T06:57:27","modified_gmt":"2025-04-07T06:57:27","slug":"boom-cylinder-for-volwa-middle-excavator-dls270-8b","status":"publish","type":"product","link":"https:\/\/www.hydraulic-cylinders.net\/hu\/termek\/boom-cylinder-for-volwa-middle-excavator-dls270-8b\/","title":{"rendered":"G\u00e9mhenger Volwa k\u00f6z\u00e9ps\u0151 kotr\u00f3g\u00e9phez DLS270-8B"},"content":{"rendered":"<h1>G\u00e9mhenger Volwa k\u00f6z\u00e9ps\u0151 kotr\u00f3g\u00e9phez DLS270-8B<\/h1>\n<h2>Term\u00e9k\u00e1ttekint\u00e9s<\/h2>\n<p>A Volwa DLS270-8B k\u00f6z\u00e9pkotr\u00f3g\u00e9p g\u00e9mhengere a neh\u00e9zg\u00e9pek alapvet\u0151 alkatr\u00e9sze, amelyet kifejezetten a kotr\u00f3g\u00e9pek g\u00e9mj\u00e9nek mozg\u00e1s\u00e1nak vez\u00e9rl\u00e9s\u00e9re terveztek. Ez a hidraulikus henger kulcsfontoss\u00e1g\u00fa szerepet j\u00e1tszik a k\u00fcl\u00f6nf\u00e9le neh\u00e9zg\u00e9pek m\u0171k\u00f6dtet\u00e9s\u00e9ben, biztos\u00edtva az anyagok hat\u00e9kony kezel\u00e9s\u00e9t az \u00e9p\u00edt\u00e9si \u00e9s f\u00f6ldmunk\u00e1k sor\u00e1n.<\/p>\n<p>Speci\u00e1lis hidraulikus hengerk\u00e9nt a kan\u00e1lhenger lehet\u0151v\u00e9 teszi a g\u00e9m emel\u00e9s\u00e9t, s\u00fcllyeszt\u00e9s\u00e9t \u00e9s billent\u00e9s\u00e9t, megk\u00f6nny\u00edtve a k\u00fcl\u00f6nf\u00e9le anyagmozgat\u00e1si m\u0171veleteket. Ez a funkci\u00f3 l\u00e9tfontoss\u00e1g\u00fa olyan alkalmaz\u00e1sokban, mint az \u00e1s\u00e1s, rakod\u00e1s, valamint a f\u00f6ld vagy t\u00f6rmel\u00e9k mozgat\u00e1sa. A hidraulikus rendszer nyom\u00e1s alatt \u00e1ll\u00f3 folyad\u00e9kot haszn\u00e1l a mozg\u00e1s l\u00e9trehoz\u00e1s\u00e1hoz, lehet\u0151v\u00e9 t\u00e9ve a sima \u00e9s er\u0151teljes mozg\u00e1sokat, amelyek elengedhetetlenek a neh\u00e9z feladatokhoz.<\/p>\n<p><img decoding=\"async\" src=\"https:\/\/www.hydraulic-cylinders.net\/wp-content\/uploads\/2025\/04\/songte-company-1.webp\" alt=\"G\u00e9mhenger\" \/><\/p>\n<h2>F\u0151bb jellemz\u0151k<\/h2>\n<ul>\n<li><strong>Nagy szil\u00e1rds\u00e1g \u00e9s tart\u00f3ss\u00e1g:<\/strong> Nagy szil\u00e1rds\u00e1g\u00fa ac\u00e9lb\u00f3l vagy alum\u00edniumb\u00f3l k\u00e9sz\u00fclt, ez a henger nagy nyom\u00e1st \u00e9s nagy terhel\u00e9st b\u00edr ki, \u00edgy alkalmass\u00e1 teszi zord munkak\u00f6rnyezetben val\u00f3 haszn\u00e1latra. Tervez\u00e9sekor figyelembe vett\u00e9k a kop\u00e1s\u00e1ll\u00f3s\u00e1got \u00e9s a korr\u00f3zi\u00f3v\u00e9delmet, meghosszabb\u00edtva \u00e9lettartam\u00e1t.<\/li>\n<li><strong>Hat\u00e9kony hidraulikus m\u0171k\u00f6dtet\u00e9s:<\/strong> A hidraulikus folyad\u00e9knyom\u00e1st haszn\u00e1lja a sima kiny\u00fajt\u00e1shoz \u00e9s visszah\u00faz\u00e1shoz, gyorsan reag\u00e1l a m\u0171k\u00f6d\u00e9si parancsokra, \u00e9s jelent\u0151s tol\u00f3- \u00e9s h\u00faz\u00f3er\u0151t biztos\u00edt, \u00edgy ide\u00e1lis neh\u00e9z \u00e9s \u00f6sszetett feladatok kezel\u00e9s\u00e9hez.<\/li>\n<li><strong>K\u00fcl\u00f6nb\u00f6z\u0151 t\u00edpusok:<\/strong> Kaphat\u00f3 egyszeres m\u0171k\u00f6d\u00e9s\u0171 (egyir\u00e1ny\u00fa hidraulikus m\u0171k\u00f6dtet\u00e9s\u0171) vagy kett\u0151s m\u0171k\u00f6d\u00e9s\u0171 (mindk\u00e9t ir\u00e1ny\u00fa hidraulikus m\u0171k\u00f6dtet\u00e9s\u0171) konfigur\u00e1ci\u00f3ban, a k\u00fcl\u00f6nf\u00e9le m\u0171k\u00f6d\u00e9si ig\u00e9nyekhez igaz\u00edtva, egyes modellek teleszk\u00f3pos kialak\u00edt\u00e1ssal rendelkeznek a nagyobb kiny\u00fal\u00e1s \u00e9rdek\u00e9ben a k\u00fcls\u0151 m\u00e9retek n\u00f6vel\u00e9se n\u00e9lk\u00fcl.<\/li>\n<\/ul>\n<p>Mi gy\u00e1rtjuk ezt a term\u00e9ket, \u00e9s term\u00e9keink t\u00f6k\u00e9letesen helyettes\u00edthetik ezeket a hidraulikus hengereket.<\/p>\n<p><img decoding=\"async\" src=\"https:\/\/www.hydraulic-cylinders.net\/wp-content\/uploads\/2025\/04\/songte-cylinder-head-with-all-kinds-excavator-models.webp\" alt=\"Kotr\u00f3g\u00e9p modellek\" \/><\/p>\n<h2>Alkalmaz\u00e1sok<\/h2>\n<h3>\u00c9p\u00edt\u0151ipari berendez\u00e9sek<\/h3>\n<p>A g\u00e9mhenger szerves r\u00e9sze a kotr\u00f3g\u00e9peknek, kulcsfontoss\u00e1g\u00fa az \u00e1s\u00e1shoz, rakod\u00e1shoz \u00e9s a talaj vagy t\u00f6rmel\u00e9k mozgat\u00e1s\u00e1hoz. A kotr\u00f3g\u00e9pekben a kan\u00e1lhenger mind az \u00e1s\u00e1si, mind az emel\u00e9si m\u0171veletekben seg\u00edt, \u00edgy sokoldal\u00faan haszn\u00e1lhat\u00f3 \u00e9p\u00edt\u00e9si feladatokhoz.<\/p>\n<h3>Mez\u0151gazdas\u00e1gi g\u00e9pek<\/h3>\n<p>A homlokrakod\u00f3kban a kan\u00e1lhengert talaj, sz\u00e9na \u00e9s egy\u00e9b anyagok mer\u00e9s\u00e9re, emel\u00e9s\u00e9re \u00e9s sz\u00e1ll\u00edt\u00e1s\u00e1ra haszn\u00e1lj\u00e1k. Hat\u00e9konys\u00e1ga ezekben a feladatokban n\u00f6veli a termel\u00e9kenys\u00e9get a mez\u0151gazdas\u00e1gi k\u00f6rnyezetben.<\/p>\n<h3>Kotr\u00f3g\u00e9pek<\/h3>\n<p>A kan\u00e1lhenger lehet\u0151v\u00e9 teszi, hogy a kotr\u00f3g\u00e9p kan\u00e1lja behatoljon a talajba, megk\u00f6nny\u00edtve a hat\u00e9kony \u00e1s\u00e1si m\u0171veleteket, amelyek elengedhetetlenek az \u00e9p\u00edt\u00e9si \u00e9s a terep-el\u0151k\u00e9sz\u00edt\u00e9si folyamatokhoz.<\/p>\n<h3>Rakod\u00f3k<\/h3>\n<p>A homlokrakod\u00f3kban a g\u00e9mhengerek hat\u00e9konyan seg\u00edtik a rakom\u00e1nyok emel\u00e9s\u00e9t \u00e9s \u00fcr\u00edt\u00e9s\u00e9t, hozz\u00e1j\u00e1rulva a hat\u00e9kony anyagmozgat\u00e1shoz \u00e9s a m\u0171k\u00f6d\u00e9si hat\u00e9konys\u00e1ghoz a k\u00fcl\u00f6nb\u00f6z\u0151 ipar\u00e1gakban.<\/p>\n<h2>Tervez\u00e9si szempontok \u00e9s kiv\u00e1laszt\u00e1si krit\u00e9riumok<\/h2>\n<h3>Teherb\u00edr\u00e1s<\/h3>\n<p>A g\u00e9mhenger teherb\u00edr\u00e1s\u00e1nak felm\u00e9r\u00e9se kritikus fontoss\u00e1g\u00fa. A kialak\u00edt\u00e1snak el kell b\u00edrnia a kotr\u00f3g\u00e9p \u00e1ltal kezelhet\u0151 maxim\u00e1lis s\u00falyt, biztos\u00edtva a biztons\u00e1got \u00e9s a funkcionalit\u00e1st a m\u0171k\u00f6d\u00e9s sor\u00e1n. Egy j\u00f3l megtervezett hidraulikus henger megakad\u00e1lyozza a terhel\u00e9s alatti meghib\u00e1sod\u00e1sokat, lehet\u0151v\u00e9 t\u00e9ve a megb\u00edzhat\u00f3 teljes\u00edtm\u00e9nyt hossz\u00fa t\u00e1von.<\/p>\n<h3>T\u00f6m\u00edt\u00e9si teljes\u00edtm\u00e9ny<\/h3>\n<p>A t\u00f6m\u00edt\u00e9s l\u00e9tfontoss\u00e1g\u00fa a hidraulikus nyom\u00e1s fenntart\u00e1s\u00e1ban \u00e9s a sziv\u00e1rg\u00e1sok megel\u0151z\u00e9s\u00e9ben. A tart\u00f3s anyagokb\u00f3l, p\u00e9ld\u00e1ul poliuret\u00e1nb\u00f3l \u00e9s nitrilgumib\u00f3l k\u00e9sz\u00fclt kiv\u00e1l\u00f3 min\u0151s\u00e9g\u0171 t\u00f6m\u00edt\u00e9sek, p\u00e9ld\u00e1ul dugatty\u00fat\u00f6m\u00edt\u00e9sek \u00e9s r\u00fadt\u00f6m\u00edt\u00e9sek fokozz\u00e1k a henger teljes\u00edtm\u00e9ny\u00e9t \u00e9s \u00e9lettartam\u00e1t. A megfelel\u0151en t\u00f6m\u00edtett hidraulikus hengerek hozz\u00e1j\u00e1rulnak a hat\u00e9kony m\u0171k\u00f6d\u00e9shez \u00e9s cs\u00f6kkentik a karbantart\u00e1si ig\u00e9nyt.<\/p>\n<h3>Tart\u00f3ss\u00e1g<\/h3>\n<p>A tart\u00f3ss\u00e1g kulcsfontoss\u00e1g\u00fa szempont a hidraulikus hengerek tervez\u00e9s\u00e9n\u00e9l. Ellen kell \u00e1llniuk a sz\u00e9ls\u0151s\u00e9ges k\u00f6r\u00fclm\u00e9nyeknek, bele\u00e9rtve a magas nyom\u00e1st \u00e9s a v\u00e1ltoz\u00f3 h\u0151m\u00e9rs\u00e9kleteket. Az \u00e9p\u00edt\u00e9shez haszn\u00e1lt anyagoknak ellen\u00e1llniuk kell a kop\u00e1snak \u00e9s a korr\u00f3zi\u00f3nak, biztos\u00edtva a hossz\u00fa t\u00e1v\u00fa megb\u00edzhat\u00f3s\u00e1got \u00e9s teljes\u00edtm\u00e9nyt.<\/p>\n<h3>Biztons\u00e1gi funkci\u00f3k<\/h3>\n<p>A biztons\u00e1gi funkci\u00f3k be\u00e9p\u00edt\u00e9se a hidraulikus henger kialak\u00edt\u00e1s\u00e1ba elengedhetetlen a m\u0171k\u00f6d\u00e9s k\u00f6zbeni balesetek megel\u0151z\u00e9se \u00e9rdek\u00e9ben. A biztons\u00e1gi szelepek, a t\u00falterhel\u00e9s elleni v\u00e9delem \u00e9s a megfelel\u0151 r\u00f6gz\u00edt\u00e9s minimaliz\u00e1lhatja a hidraulikus g\u00e9pekkel kapcsolatos kock\u00e1zatokat, el\u0151seg\u00edtve a biztons\u00e1gos haszn\u00e1latot k\u00fcl\u00f6nb\u00f6z\u0151 k\u00f6rnyezetekben.<\/p>\n<h3>Karbantarthat\u00f3s\u00e1g<\/h3>\n<p>A hidraulikus hengerek eset\u00e9ben elengedhetetlen a k\u00f6nny\u0171 karbantart\u00e1s. A terveknek lehet\u0151v\u00e9 kell tenni\u00fck az egyszer\u0171 ellen\u0151rz\u00e9st, t\u00f6m\u00edt\u00e9scser\u00e9t \u00e9s ken\u00e9st. Ez cs\u00f6kkenti az \u00e1ll\u00e1sid\u0151t \u00e9s jav\u00edtja a berendez\u00e9sek m\u0171k\u00f6d\u00e9s\u00e9nek \u00e1ltal\u00e1nos hat\u00e9konys\u00e1g\u00e1t az\u00e1ltal, hogy biztos\u00edtja, hogy b\u00e1rmilyen probl\u00e9ma gyorsan megoldhat\u00f3 legyen.<\/p>\n<p><img decoding=\"async\" src=\"https:\/\/www.hydraulic-cylinders.net\/wp-content\/uploads\/2025\/04\/songte-oil-pipes-and-spare-parts.webp\" alt=\"Hidraulikus alkatr\u00e9szek\" \/><\/p>\n<h2>T\u00f6m\u00edt\u00e9s \u00e9s ken\u00e9s<\/h2>\n<p>A hidraulikus hengerek t\u00f6m\u00edt\u00e9se \u00e9s ken\u00e9se kritikus fontoss\u00e1g\u00fa a teljes\u00edtm\u00e9ny\u00fck szempontj\u00e1b\u00f3l. K\u00fcl\u00f6nb\u00f6z\u0151 t\u00f6m\u00edt\u00e9sek, bele\u00e9rtve a dugatty\u00fa- \u00e9s r\u00fadt\u00f6m\u00edt\u00e9seket, elengedhetetlenek a hidraulikus nyom\u00e1s fenntart\u00e1s\u00e1hoz \u00e9s a sziv\u00e1rg\u00e1sok megakad\u00e1lyoz\u00e1s\u00e1hoz. A kop\u00e1s\u00e1ll\u00f3 anyagokb\u00f3l, p\u00e9ld\u00e1ul poliuret\u00e1nb\u00f3l \u00e9s nitrilgumib\u00f3l k\u00e9sz\u00fclt t\u00f6m\u00edt\u00e9sek biztos\u00edtj\u00e1k a hossz\u00fa \u00e9lettartamot \u00e9s a megb\u00edzhat\u00f3s\u00e1got.<\/p>\n<p>A hengertest \u00e9s a menetes v\u00e9gek prec\u00edzi\u00f3s megmunk\u00e1l\u00e1son esnek \u00e1t a kop\u00e1s\u00e1ll\u00f3s\u00e1g n\u00f6vel\u00e9se \u00e9rdek\u00e9ben. A megfelel\u0151 hidraulikaolajjal t\u00f6rt\u00e9n\u0151 rendszeres ken\u00e9s sz\u00fcks\u00e9ges az optim\u00e1lis m\u0171k\u00f6d\u00e9s fenntart\u00e1s\u00e1hoz, cs\u00f6kkentve a mozg\u00f3 alkatr\u00e9szek s\u00farl\u00f3d\u00e1s\u00e1t \u00e9s kop\u00e1s\u00e1t.<\/p>\n<h2>Megel\u0151z\u0151 karbantart\u00e1si int\u00e9zked\u00e9sek<\/h2>\n<ul>\n<li><strong>Rendszeres ellen\u0151rz\u00e9sek:<\/strong> A hidraulikus hengerek rutinszer\u0171 ellen\u0151rz\u00e9se elengedhetetlen a kop\u00e1s \u00e9s elhaszn\u00e1l\u00f3d\u00e1s azonos\u00edt\u00e1s\u00e1hoz, biztos\u00edtva a potenci\u00e1lis probl\u00e9m\u00e1k korai felismer\u00e9s\u00e9t, miel\u0151tt azok meghib\u00e1sod\u00e1shoz vezetn\u00e9nek.<\/li>\n<li><strong>Megfelel\u0151 ken\u00e9s:<\/strong> A megfelel\u0151 ken\u00e9s minimaliz\u00e1lja a s\u00farl\u00f3d\u00e1st \u00e9s a kop\u00e1st, meghosszabb\u00edtva a hidraulikus henger \u00e9lettartam\u00e1t. Gy\u0151z\u0151dj\u00f6n meg arr\u00f3l, hogy a megfelel\u0151 t\u00edpus\u00fa hidraulikaolajat haszn\u00e1lja, \u00e9s az aj\u00e1nlott id\u0151k\u00f6z\u00f6nk\u00e9nt alkalmazza.<\/li>\n<li><strong>T\u00f6m\u00edt\u00e9scsere:<\/strong> A karbantart\u00e1s r\u00e9szek\u00e9nt rendszeresen ellen\u0151rizze \u00e9s cser\u00e9lje ki a t\u00f6m\u00edt\u00e9seket a teljes\u00edtm\u00e9ny fenntart\u00e1sa \u00e9s a sziv\u00e1rg\u00e1sok megel\u0151z\u00e9se \u00e9rdek\u00e9ben, biztos\u00edtva a hidraulikus rendszer hossz\u00fa \u00e9lettartam\u00e1t.<\/li>\n<\/ul>\n<h2>Telep\u00edt\u00e9si \u00fatmutat\u00f3<\/h2>\n<p>A g\u00e9mhenger megfelel\u0151 beszerel\u00e9se elengedhetetlen az optim\u00e1lis teljes\u00edtm\u00e9nyhez. Gy\u0151z\u0151dj\u00f6n meg arr\u00f3l, hogy a beszerel\u00e9si ter\u00fclet tiszta \u00e9s t\u00f6rmel\u00e9kmentes. Igaz\u00edtsa a hidraulikus hengert megfelel\u0151en a r\u00f6gz\u00edt\u0151konzolokhoz, \u00fcgyelve arra, hogy minden csavar a gy\u00e1rt\u00f3 el\u0151\u00edr\u00e1sainak megfelel\u0151en legyen megh\u00fazva.<\/p>\n<p>A telep\u00edt\u00e9s sor\u00e1n haszn\u00e1ljon megfelel\u0151 r\u00f6gz\u00edt\u0151elemeket a henger r\u00f6gz\u00edt\u00e9s\u00e9hez. A szerel\u00e9s v\u00e9gleges\u00edt\u00e9se el\u0151tt elengedhetetlen a henger megfelel\u0151 be\u00e1ll\u00edt\u00e1s\u00e1nak ellen\u0151rz\u00e9se, hogy elker\u00fclje a m\u0171k\u00f6d\u00e9st befoly\u00e1sol\u00f3 hib\u00e1s be\u00e1ll\u00edt\u00e1st.<\/p>\n<p>A telep\u00edt\u00e9s ut\u00e1n ellen\u0151rizze a hidraulikus rendszer sziv\u00e1rg\u00e1s\u00e1t, \u00e9s gy\u0151z\u0151dj\u00f6n meg arr\u00f3l, hogy a henger szabadon, akad\u00e1lytalanul mozog. A telep\u00edt\u00e9si k\u00f6vetelm\u00e9nyekre vonatkoz\u00f3an k\u00f6vesse a gy\u00e1rt\u00f3 \u00fatmutat\u00e1sait.<\/p>\n<h2>Karbantart\u00e1si feladatok<\/h2>\n<ul>\n<li><strong>Rendszeres ellen\u0151rz\u00e9sek:<\/strong> A hidraulikus henger rutinszer\u0171 ellen\u0151rz\u00e9se seg\u00edthet a probl\u00e9m\u00e1k korai felismer\u00e9s\u00e9ben. Az ellen\u0151rz\u00e9sek sor\u00e1n keressen kop\u00e1s, sziv\u00e1rg\u00e1s vagy be\u00e1ll\u00edt\u00e1si hib\u00e1k jeleit.<\/li>\n<li><strong>Megfelel\u0151 ken\u00e9s:<\/strong> A henger m\u0171k\u00f6d\u0151k\u00e9pess\u00e9g\u00e9nek fenntart\u00e1sa \u00e9s \u00e9lettartam\u00e1nak n\u00f6vel\u00e9se \u00e9rdek\u00e9ben \u00fcgyeljen a hidraulikaolaj megfelel\u0151 id\u0151k\u00f6z\u00f6nk\u00e9nti ut\u00e1nt\u00f6lt\u00e9s\u00e9re.<\/li>\n<li><strong>T\u00f6m\u00edt\u00e9scsere:<\/strong> Rendszeresen ellen\u0151rizze a t\u00f6m\u00edt\u00e9seket, \u00e9s sz\u00fcks\u00e9g szerint cser\u00e9lje ki azokat a hidraulikus nyom\u00e1s fenntart\u00e1sa \u00e9s a sziv\u00e1rg\u00e1sok megel\u0151z\u00e9se \u00e9rdek\u00e9ben.<\/li>\n<\/ul>\n<p>A hidraulikus hengerek hat\u00e9konys\u00e1ga szempontj\u00e1b\u00f3l kulcsfontoss\u00e1g\u00fa a megfelel\u0151 telep\u00edt\u00e9s, ken\u00e9s \u00e9s be\u00e1ll\u00edt\u00e1s. A telep\u00edt\u00e9s sor\u00e1n gy\u0151z\u0151dj\u00f6n meg arr\u00f3l, hogy a henger megfelel\u0151en van be\u00e1ll\u00edtva. A henger hat\u00e9kony r\u00f6gz\u00edt\u00e9s\u00e9hez megfelel\u0151 r\u00f6gz\u00edt\u0151konzolok haszn\u00e1lata aj\u00e1nlott. A rendszeres ellen\u0151rz\u00e9si, jav\u00edt\u00e1si \u00e9s csereprogram v\u00e9grehajt\u00e1sa seg\u00edt fenntartani a henger teljes\u00edtm\u00e9ny\u00e9t \u00e9s meghosszabb\u00edtja \u00e9lettartam\u00e1t.<\/p>\n<p><img decoding=\"async\" src=\"https:\/\/www.hydraulic-cylinders.net\/wp-content\/uploads\/2025\/04\/songte-chushion-collar.webp\" alt=\"P\u00e1rna gall\u00e9r\" \/><\/p>\n<h2>Biztons\u00e1gi szempontok \u00e9s k\u00f6rnyezeti t\u00e9nyez\u0151k<\/h2>\n<p>Hidraulikus hengerek haszn\u00e1latakor elengedhetetlen a biztons\u00e1gi int\u00e9zked\u00e9sek bevezet\u00e9se. A kezel\u0151ket ki kell k\u00e9pezni a berendez\u00e9s m\u0171k\u00f6d\u00e9si korl\u00e1tainak \u00e9s biztons\u00e1gi jellemz\u0151inek meg\u00e9rt\u00e9s\u00e9re. A biztons\u00e1gi protokollok betart\u00e1sa minimaliz\u00e1lja a hidraulikus g\u00e9pekkel kapcsolatos balesetek \u00e9s s\u00e9r\u00fcl\u00e9sek kock\u00e1zat\u00e1t.<\/p>\n<h2>Hibadiagn\u00f3zis \u00e9s gyakori probl\u00e9m\u00e1k<\/h2>\n<ul>\n<li><strong>Hidraulikus sziv\u00e1rg\u00e1sok:<\/strong> A hidraulikus rendszerekben gyakori, hogy a sziv\u00e1rg\u00e1sok gyakran kopott t\u00f6m\u00edt\u00e9sekre vagy s\u00e9r\u00fclt t\u00f6ml\u0151kre vezethet\u0151k vissza. Ezeknek az id\u0151ben t\u00f6rt\u00e9n\u0151 kezel\u00e9se kulcsfontoss\u00e1g\u00fa a rendszer hat\u00e9konys\u00e1g\u00e1nak fenntart\u00e1sa \u00e9rdek\u00e9ben.<\/li>\n<li><strong>Rossz m\u0171k\u00f6d\u00e9s:<\/strong> Ha a g\u00e9mhenger nem m\u0171k\u00f6dik sim\u00e1n, az alacsony hidraulikafolyad\u00e9k-szintre vagy bels\u0151 hengerk\u00e1rosod\u00e1sra utalhat. A rendszeres ellen\u0151rz\u00e9sek \u00e9s karbantart\u00e1s megel\u0151zheti ezeket a probl\u00e9m\u00e1kat.<\/li>\n<li><strong>Szokatlan zajok:<\/strong> A m\u0171k\u00f6d\u00e9s k\u00f6zbeni zajok olyan probl\u00e9m\u00e1kra utalhatnak, mint a nem megfelel\u0151 ken\u00e9s vagy mechanikai meghib\u00e1sod\u00e1s. Ezeknek a hangoknak a korai azonos\u00edt\u00e1sa \u00e9s kezel\u00e9se cs\u00f6kkentheti a s\u00falyos k\u00e1rosod\u00e1s kock\u00e1zat\u00e1t.<\/li>\n<\/ul>\n<h2>Hibakezel\u00e9si tippek<\/h2>\n<p>A hidraulikus hengerekkel kapcsolatos probl\u00e9m\u00e1k hat\u00e9kony diagnosztiz\u00e1l\u00e1sa \u00e9s megold\u00e1sa \u00e9rdek\u00e9ben a kezel\u0151knek szisztematikus megk\u00f6zel\u00edt\u00e9st kell k\u00f6vetni\u00fck. Kezdj\u00e9k a sziv\u00e1rg\u00e1sok, a rossz m\u0171k\u00f6d\u00e9s vagy a furcsa zajok t\u00fcneteinek azonos\u00edt\u00e1s\u00e1val. Ellen\u0151rizze a hidraulikafolyad\u00e9k szintj\u00e9t, \u00e9s vizsg\u00e1lja meg a t\u00f6m\u00edt\u00e9seket \u00e9s t\u00f6ml\u0151ket kop\u00e1s vagy s\u00e9r\u00fcl\u00e9s szempontj\u00e1b\u00f3l. Ha a probl\u00e9m\u00e1k tov\u00e1bbra is fenn\u00e1llnak, a konkr\u00e9t probl\u00e9m\u00e1k elh\u00e1r\u00edt\u00e1s\u00e1hoz tekintse meg a gy\u00e1rt\u00f3 ir\u00e1nyelveit.<\/p>\n<p>A megel\u0151z\u0151 int\u00e9zked\u00e9sek, mint p\u00e9ld\u00e1ul a rendszeres karbantart\u00e1s \u00e9s a kopott alkatr\u00e9szek id\u0151ben t\u00f6rt\u00e9n\u0151 cser\u00e9je, jelent\u0151sen cs\u00f6kkenthetik a probl\u00e9m\u00e1k el\u0151fordul\u00e1s\u00e1nak val\u00f3sz\u00edn\u0171s\u00e9g\u00e9t, biztos\u00edtva a hidraulikus rendszer z\u00f6kken\u0151mentes m\u0171k\u00f6d\u00e9s\u00e9t.<\/p>\n<p><img decoding=\"async\" src=\"https:\/\/www.hydraulic-cylinders.net\/wp-content\/uploads\/2025\/04\/songte-bushings-with-all-kinds-of-excavator-models.webp\" alt=\"perselyek\" \/><\/p>\n<h2>C\u00e9g\u00fcnkr\u0151l<\/h2>\n<p>Hidraulikus munkahengerek gy\u00e1rt\u00f3jak\u00e9nt \u00e1tfog\u00f3 term\u00e9kk\u00edn\u00e1latot k\u00edn\u00e1lunk. C\u00e9g\u00fcnk a hazai \u00e9s nemzetk\u00f6zi piacok egyik vezet\u0151 hidraulikus munkahenger gy\u00e1rt\u00f3j\u00e1v\u00e1 \u00e9s nagykeresked\u0151j\u00e9v\u00e9 v\u00e1lt. A kiv\u00e1l\u00f3s\u00e1g elveit k\u00f6vetj\u00fck, egy finomhangolt gy\u00e1rt\u00e1sir\u00e1ny\u00edt\u00e1si strat\u00e9gi\u00e1ra t\u00e1maszkodva.<\/p>\n<p>Megk\u00f6zel\u00edt\u00e9s\u00fcnk k\u00f6z\u00e9ppontj\u00e1ban a k\u00e9pzett szem\u00e9lyzet, a fejlett digit\u00e1lis gy\u00e1rt\u00f3berendez\u00e9sek \u00e9s a professzion\u00e1lis tesztel\u0151rendszerek \u00e1llnak termel\u00e9si kapacit\u00e1sunk n\u00f6vel\u00e9se \u00e9rdek\u00e9ben. Folyamatosan fejlesztj\u00fck gy\u00e1rt\u00e1si folyamatainkat, biztos\u00edtva a kiv\u00e1l\u00f3 min\u0151s\u00e9g\u0171 gy\u00e1rt\u00e1si \u00fatvonalakat \u00e9s a robusztus kreat\u00edv k\u00e9pess\u00e9geket, hogy megfelelj\u00fcnk a soksz\u00edn\u0171 \u00fcgyf\u00e9lig\u00e9nyeknek.<\/p>\n<p>Elk\u00f6telezettek vagyunk a professzionalizmus, a nemzetk\u00f6zi tan\u00fas\u00edtv\u00e1nyok, a szem\u00e9lyre szabott szolg\u00e1ltat\u00e1sok, a korszer\u0171 gy\u00e1rt\u00f3berendez\u00e9sek \u00e9s az \u00e1tfog\u00f3 \u00e9rt\u00e9kes\u00edt\u00e9s ut\u00e1ni t\u00e1mogat\u00e1s ir\u00e1nt, \u00e9s arra t\u00f6reksz\u00fcnk, hogy \u00fcgyfeleink sz\u00e1m\u00e1ra a legjobb megold\u00e1sokat ny\u00fajtsuk.<\/p>\n<p><img decoding=\"async\" src=\"https:\/\/www.hydraulic-cylinders.net\/wp-content\/uploads\/2025\/04\/songte-company-4.webp\" alt=\"C\u00e9ginform\u00e1ci\u00f3\" \/><br \/>\n<img decoding=\"async\" src=\"https:\/\/www.hydraulic-cylinders.net\/wp-content\/uploads\/2025\/04\/songte-company-3.webp\" alt=\"C\u00e9ges l\u00e9tes\u00edtm\u00e9ny\" \/><\/p>\n<p>Szerz\u0151: lyl<\/p>","protected":false},"excerpt":{"rendered":"<p>Boom Cylinder For Volwa Middle Excavator DLS270-8B Product Overview The Boom Cylinder for Volwa Middle Excavator DLS270-8B is an essential component of heavy machinery, specifically designed to control the movement of the boom on excavators. This hydraulic cylinder plays a crucial role in the operation of various heavy equipment, ensuring efficient handling of materials in [&hellip;]<\/p>","protected":false},"featured_media":17876,"comment_status":"open","ping_status":"closed","template":"","meta":{"_et_pb_use_builder":"","_et_pb_old_content":"","_et_gb_content_width":""},"product_brand":[],"product_cat":[1546],"product_tag":[1547,1496],"class_list":{"0":"post-19613","1":"product","2":"type-product","3":"status-publish","4":"has-post-thumbnail","6":"product_cat-boom-cylinders","7":"product_tag-boom-cylinders","8":"product_tag-hydraulic-cylinders","10":"first","11":"instock","12":"shipping-taxable","13":"product-type-simple"},"amp_enabled":true,"_links":{"self":[{"href":"https:\/\/www.hydraulic-cylinders.net\/hu\/wp-json\/wp\/v2\/product\/19613","targetHints":{"allow":["GET"]}}],"collection":[{"href":"https:\/\/www.hydraulic-cylinders.net\/hu\/wp-json\/wp\/v2\/product"}],"about":[{"href":"https:\/\/www.hydraulic-cylinders.net\/hu\/wp-json\/wp\/v2\/types\/product"}],"replies":[{"embeddable":true,"href":"https:\/\/www.hydraulic-cylinders.net\/hu\/wp-json\/wp\/v2\/comments?post=19613"}],"wp:featuredmedia":[{"embeddable":true,"href":"https:\/\/www.hydraulic-cylinders.net\/hu\/wp-json\/wp\/v2\/media\/17876"}],"wp:attachment":[{"href":"https:\/\/www.hydraulic-cylinders.net\/hu\/wp-json\/wp\/v2\/media?parent=19613"}],"wp:term":[{"taxonomy":"product_brand","embeddable":true,"href":"https:\/\/www.hydraulic-cylinders.net\/hu\/wp-json\/wp\/v2\/product_brand?post=19613"},{"taxonomy":"product_cat","embeddable":true,"href":"https:\/\/www.hydraulic-cylinders.net\/hu\/wp-json\/wp\/v2\/product_cat?post=19613"},{"taxonomy":"product_tag","embeddable":true,"href":"https:\/\/www.hydraulic-cylinders.net\/hu\/wp-json\/wp\/v2\/product_tag?post=19613"}],"curies":[{"name":"munkaf\u00fczet","href":"https:\/\/api.w.org\/{rel}","templated":true}]}}