{"id":19624,"date":"2025-04-07T06:58:08","date_gmt":"2025-04-07T06:58:08","guid":{"rendered":"https:\/\/www.hydraulic-cylinders.net\/product\/boom-cylinder-for-volwa-cane-unloader-dls880-9ag\/"},"modified":"2025-04-07T06:58:11","modified_gmt":"2025-04-07T06:58:11","slug":"boom-cylinder-for-volwa-cane-unloader-dls880-9ag","status":"publish","type":"product","link":"https:\/\/www.hydraulic-cylinders.net\/hu\/termek\/boom-cylinder-for-volwa-cane-unloader-dls880-9ag\/","title":{"rendered":"G\u00e9mhenger a Volwa n\u00e1dkihord\u00f3hoz DLS880-9AG"},"content":{"rendered":"<h1>G\u00e9mhenger a Volwa n\u00e1dkihord\u00f3hoz DLS880-9AG<\/h1>\n<h2>Term\u00e9k\u00e1ttekint\u00e9s<\/h2>\n<p>A Volwa DLS880-9AG n\u00e1dsz\u00e1ll\u00edt\u00f3 g\u00e9mhengere egy speci\u00e1lis hidraulikus henger, amelyet neh\u00e9zg\u00e9pek mozg\u00e1s\u00e1nak vez\u00e9rl\u00e9s\u00e9re terveztek, k\u00fcl\u00f6n\u00f6sen a mez\u0151gazdas\u00e1gi szektorban. Ezek a hengerek kulcsszerepet j\u00e1tszanak a hidraulikus rendszerekben, mivel biztos\u00edtj\u00e1k a sz\u00fcks\u00e9ges er\u0151t az olyan tartoz\u00e9kok, mint a kanalak emel\u00e9s\u00e9hez, s\u00fcllyeszt\u00e9s\u00e9hez \u00e9s billent\u00e9s\u00e9hez, ami elengedhetetlen az anyagmozgat\u00e1si feladatokhoz. Konkr\u00e9tan a kan\u00e1lhengerek hidraulikus dugatty\u00fak, amelyek a kan\u00e1l mozg\u00e1s\u00e1t szab\u00e1lyozz\u00e1k k\u00fcl\u00f6nf\u00e9le neh\u00e9zg\u00e9pekben, p\u00e9ld\u00e1ul kotr\u00f3g\u00e9pekben, kotr\u00f3g\u00e9pekben \u00e9s homlokrakod\u00f3kban. Lehet\u0151v\u00e9 teszik a kan\u00e1l mozg\u00e1s\u00e1nak pontos vez\u00e9rl\u00e9s\u00e9t, lehet\u0151v\u00e9 t\u00e9ve az anyagok hat\u00e9kony \u00e1s\u00e1s\u00e1t, rakod\u00e1s\u00e1t \u00e9s sz\u00e1ll\u00edt\u00e1s\u00e1t.<\/p>\n<p><img decoding=\"async\" src=\"https:\/\/www.hydraulic-cylinders.net\/wp-content\/uploads\/2025\/04\/songte-company-1.webp\" alt=\"G\u00e9mhenger a Volwa n\u00e1d\u00fcr\u00edt\u0151h\u00f6z\" \/><\/p>\n<h2>A g\u00e9mhenger jellemz\u0151i<\/h2>\n<ul>\n<li><strong>Nagy szil\u00e1rds\u00e1g \u00e9s tart\u00f3ss\u00e1g:<\/strong> Nagy szil\u00e1rds\u00e1g\u00fa ac\u00e9lb\u00f3l vagy alum\u00edniumb\u00f3l k\u00e9sz\u00fcltek, ezek a hengerek nagy nyom\u00e1st \u00e9s nagy terhel\u00e9st b\u00edrnak, \u00edgy alkalmasak zord munkak\u00f6rnyezetre. Kialak\u00edt\u00e1suk mag\u00e1ban foglalja a kop\u00e1s\u00e1ll\u00f3s\u00e1got \u00e9s a korr\u00f3zi\u00f3\u00e1ll\u00f3s\u00e1got, meghosszabb\u00edtva \u00e9lettartamukat.<\/li>\n<li><strong>Hat\u00e9kony hidraulikus m\u0171k\u00f6dtet\u00e9s:<\/strong> A hidraulikaolaj nyom\u00e1s\u00e1t kihaszn\u00e1lva a henger biztos\u00edtja a sima ki- \u00e9s visszah\u00faz\u00e1st, gyors reag\u00e1l\u00e1st biztos\u00edt a vez\u00e9rl\u0151parancsokra, \u00e9s jelent\u0151s tol\u00f3- \u00e9s h\u00faz\u00f3er\u0151t biztos\u00edt, ami ide\u00e1lis neh\u00e9z \u00e9s \u00f6sszetett feladatokhoz.<\/li>\n<li><strong>K\u00fcl\u00f6nb\u00f6z\u0151 t\u00edpusok:<\/strong> Kaphat\u00f3 egyszeres m\u0171k\u00f6d\u00e9s\u0171 (egy ir\u00e1nyban m\u0171k\u00f6dik) vagy kett\u0151s m\u0171k\u00f6d\u00e9s\u0171 (mindk\u00e9t ir\u00e1nyban m\u0171k\u00f6dik) konfigur\u00e1ci\u00f3ban, hogy megfeleljen a k\u00fcl\u00f6nf\u00e9le m\u0171k\u00f6d\u00e9si ig\u00e9nyeknek. Egyes modellek teleszk\u00f3posak, \u00edgy nagyobb kiny\u00fal\u00e1st tesznek lehet\u0151v\u00e9 a k\u00fcls\u0151 m\u00e9retek n\u00f6vel\u00e9se n\u00e9lk\u00fcl, \u00edgy t\u00f6k\u00e9letesek a helysz\u0171k\u00e9ben l\u00e9v\u0151 alkalmaz\u00e1sokhoz.<\/li>\n<\/ul>\n<h2>Termel\u00e9si k\u00e9pess\u00e9g<\/h2>\n<p>K\u00e9pesek vagyunk ennek a term\u00e9knek a gy\u00e1rt\u00e1s\u00e1ra, \u00e9s hengereink t\u00f6k\u00e9letesen helyettes\u00edthetik a piacon kaphat\u00f3 k\u00fcl\u00f6nf\u00e9le hidraulikus hengereket.<\/p>\n<p><img decoding=\"async\" src=\"https:\/\/www.hydraulic-cylinders.net\/wp-content\/uploads\/2025\/04\/songte-cylinder-head-with-all-kinds-excavator-models.webp\" alt=\"Hengergy\u00e1rt\u00e1s\" \/><\/p>\n<h2>A g\u00e9mhenger alkalmaz\u00e1sai<\/h2>\n<h3>\u00c9p\u00edt\u0151ipari berendez\u00e9sek<\/h3>\n<p>A kotr\u00f3g\u00e9pekben a g\u00e9mhengerek l\u00e9tfontoss\u00e1g\u00faak a f\u00f6ld vagy t\u00f6rmel\u00e9k hat\u00e9kony \u00e1s\u00e1s\u00e1hoz, rakod\u00e1s\u00e1hoz \u00e9s mozgat\u00e1s\u00e1hoz. Seg\u00edtik mind az \u00e1s\u00e1si, mind az emel\u00e9si folyamatokat, hozz\u00e1j\u00e1rulva az \u00e9p\u00edt\u00e9si m\u0171veletek \u00e1ltal\u00e1nos termel\u00e9kenys\u00e9g\u00e9hez.<\/p>\n<h3>Mez\u0151gazdas\u00e1gi g\u00e9pek<\/h3>\n<p>A homlokrakod\u00f3kban ezek a munkahengerek elengedhetetlenek a talaj, sz\u00e9na \u00e9s egy\u00e9b anyagok \u00e1s\u00e1s\u00e1hoz, emel\u00e9s\u00e9hez \u00e9s sz\u00e1ll\u00edt\u00e1s\u00e1hoz. Pontos vez\u00e9rl\u00e9si k\u00e9pess\u00e9geik n\u00f6velik a mez\u0151gazdas\u00e1gi feladatok hat\u00e9konys\u00e1g\u00e1t, \u00edgy alapvet\u0151 fontoss\u00e1g\u00faak a mez\u0151gazdas\u00e1gi m\u0171veletekben.<\/p>\n<h3>Kotr\u00f3g\u00e9pek<\/h3>\n<p>Kotr\u00f3g\u00e9pek eset\u00e9ben a g\u00e9mhenger lehet\u0151v\u00e9 teszi, hogy a kan\u00e1l behatoljon a talajba, megk\u00f6nny\u00edtve a hat\u00e9kony \u00e1s\u00e1si m\u0171veleteket. Ez a k\u00e9pess\u00e9g kulcsfontoss\u00e1g\u00fa k\u00fcl\u00f6nf\u00e9le feladatokhoz, p\u00e9ld\u00e1ul \u00e1rok\u00e1s\u00e1shoz \u00e9s terep-el\u0151k\u00e9sz\u00edt\u00e9shez.<\/p>\n<h3>Rakod\u00f3k<\/h3>\n<p>A homlokrakod\u00f3kn\u00e1l a g\u00e9mhenger seg\u00edt a rakom\u00e1nyok hat\u00e9kony emel\u00e9s\u00e9ben \u00e9s \u00fcr\u00edt\u00e9s\u00e9ben. A neh\u00e9z anyagok hat\u00e9kony kezel\u00e9s\u00e9nek k\u00e9pess\u00e9ge n\u00e9lk\u00fcl\u00f6zhetetlenn\u00e9 teszi a rakod\u00f3kat az \u00e9p\u00edt\u0151iparban \u00e9s az anyagmozgat\u00e1sban.<\/p>\n<h2>Tervez\u00e9si szempontok \u00e9s kiv\u00e1laszt\u00e1si krit\u00e9riumok<\/h2>\n<h3>Teherb\u00edr\u00e1s<\/h3>\n<p>Hidraulikus henger kiv\u00e1laszt\u00e1sakor a teherb\u00edr\u00e1s kiemelked\u0151 fontoss\u00e1g\u00fa. A hengernek k\u00e9pesnek kell lennie a kezelt anyagok s\u00faly\u00e1nak elvisel\u00e9s\u00e9re meghib\u00e1sod\u00e1s kock\u00e1zata n\u00e9lk\u00fcl. A m\u00e9rn\u00f6k\u00f6knek ki kell sz\u00e1m\u00edtaniuk a maxim\u00e1lis terhel\u00e9st, \u00e9s legal\u00e1bb ekkora terhel\u00e9sre m\u00e9retezett hengert kell v\u00e1lasztaniuk, figyelembe v\u00e9ve a biztons\u00e1gi r\u00e1hagy\u00e1st a v\u00e1ratlan terhel\u00e9sek elvisel\u00e9s\u00e9re.<\/p>\n<h3>T\u00f6m\u00edt\u00e9si teljes\u00edtm\u00e9ny<\/h3>\n<p>A hat\u00e9kony t\u00f6m\u00edt\u00e9s elengedhetetlen a hidraulikus folyad\u00e9k sziv\u00e1rg\u00e1s\u00e1nak megakad\u00e1lyoz\u00e1s\u00e1hoz, ami cs\u00f6kkent teljes\u00edtm\u00e9nyhez \u00e9s k\u00f6rnyezeti vesz\u00e9lyekhez vezethet. A megfelel\u0151 t\u00f6m\u00edt\u00e9s biztos\u00edt\u00e1sa \u00e9rdek\u00e9ben k\u00fcl\u00f6nb\u00f6z\u0151 nyom\u00e1sviszonyok k\u00f6z\u00f6tt tart\u00f3s anyagokb\u00f3l, p\u00e9ld\u00e1ul poliuret\u00e1nb\u00f3l vagy nitrilgumib\u00f3l k\u00e9sz\u00fclt, kiv\u00e1l\u00f3 min\u0151s\u00e9g\u0171 t\u00f6m\u00edt\u00e9seket kell haszn\u00e1lni. A t\u00f6m\u00edt\u00e9sek rendszeres karbantart\u00e1sa \u00e9s ellen\u0151rz\u00e9se elengedhetetlen a hidraulikus hat\u00e9konys\u00e1g fenntart\u00e1s\u00e1hoz \u00e9s a k\u00f6lts\u00e9ges jav\u00edt\u00e1sok megel\u0151z\u00e9s\u00e9hez.<\/p>\n<h3>Tart\u00f3ss\u00e1g<\/h3>\n<p>A hidraulikus henger tart\u00f3ss\u00e1g\u00e1t az anyagv\u00e1laszt\u00e1s \u00e9s a gy\u00e1rt\u00e1si folyamatok befoly\u00e1solj\u00e1k. A kop\u00e1snak \u00e9s korr\u00f3zi\u00f3nak ellen\u00e1ll\u00f3, kiv\u00e1l\u00f3 min\u0151s\u00e9g\u0171 anyagok meghosszabb\u00edtj\u00e1k a henger \u00e9lettartam\u00e1t. Ezenk\u00edv\u00fcl az olyan folyamatok, mint a fel\u00fcletkem\u00e9ny\u00edt\u00e9s \u00e9s a fejlett bevonatok, n\u00f6velhetik a henger tart\u00f3ss\u00e1g\u00e1t, biztos\u00edtva, hogy az ig\u00e9nyes k\u00f6rnyezetben is j\u00f3l teljes\u00edtsen.<\/p>\n<h3>Biztons\u00e1gi funkci\u00f3k<\/h3>\n<p>A biztons\u00e1g kritikus szempont a hidraulikus hengerek tervez\u00e9s\u00e9n\u00e9l. A katasztrof\u00e1lis meghib\u00e1sod\u00e1sok megel\u0151z\u00e9se \u00e9rdek\u00e9ben olyan jellemz\u0151ket kell be\u00e9p\u00edteni, mint a nyom\u00e1scs\u00f6kkent\u0151 szelepek \u00e9s a v\u00e9szle\u00e1ll\u00edt\u00f3 mechanizmusok. A biztons\u00e1gos \u00fczemeltet\u00e9ssel \u00e9s karbantart\u00e1ssal kapcsolatos megfelel\u0151 oktat\u00e1s szint\u00e9n elengedhetetlen a hidraulikus g\u00e9peket kezel\u0151 szem\u00e9lyzet biztons\u00e1g\u00e1nak garant\u00e1l\u00e1s\u00e1hoz.<\/p>\n<h3>Karbantart\u00e1s \u00e9s szervizelhet\u0151s\u00e9g<\/h3>\n<p>A hidraulikus hengerek \u00e9lettartam\u00e1nak maximaliz\u00e1l\u00e1sa \u00e9rdek\u00e9ben elengedhetetlen a k\u00f6nny\u0171 karbantart\u00e1s megtervez\u00e9se. Ez mag\u00e1ban foglalja annak biztos\u00edt\u00e1s\u00e1t is, hogy az alkatr\u00e9szek k\u00f6nnyen hozz\u00e1f\u00e9rhet\u0151k legyenek ellen\u0151rz\u00e9s vagy csere c\u00e9lj\u00e1b\u00f3l. Rendszeres karbantart\u00e1si \u00fctemterveket kell l\u00e9trehozni a kop\u00e1s, a ken\u00e9si ig\u00e9nyek \u00e9s a t\u00f6m\u00edt\u00e9s \u00e9ps\u00e9g\u00e9nek ellen\u0151rz\u00e9s\u00e9re, megel\u0151zve a v\u00e1ratlan meghib\u00e1sod\u00e1sokat.<\/p>\n<p><img decoding=\"async\" src=\"https:\/\/www.hydraulic-cylinders.net\/wp-content\/uploads\/2025\/04\/songte-oil-pipes-and-spare-parts.webp\" alt=\"Hidraulikus alkatr\u00e9szek\" \/><\/p>\n<h2>T\u00f6m\u00edt\u00e9s \u00e9s ken\u00e9s<\/h2>\n<p>A hat\u00e9kony t\u00f6m\u00edt\u00e9s \u00e9s ken\u00e9s elengedhetetlen a hidraulikus hengerek teljes\u00edtm\u00e9ny\u00e9hez. K\u00fcl\u00f6nb\u00f6z\u0151 t\u00f6m\u00edt\u00e9seket, p\u00e9ld\u00e1ul dugatty\u00fat\u00f6m\u00edt\u00e9seket \u00e9s r\u00fadt\u00f6m\u00edt\u00e9seket haszn\u00e1lnak a folyad\u00e9k sziv\u00e1rg\u00e1s\u00e1nak \u00e9s szennyez\u0151d\u00e9s\u00e9nek megakad\u00e1lyoz\u00e1s\u00e1ra. A kop\u00e1s\u00e1ll\u00f3 anyagokb\u00f3l, p\u00e9ld\u00e1ul poliuret\u00e1nb\u00f3l \u00e9s nitrilgumib\u00f3l k\u00e9sz\u00fclt t\u00f6m\u00edt\u00e9sek elengedhetetlenek a hossz\u00fa t\u00e1v\u00fa teljes\u00edtm\u00e9nyhez. Tov\u00e1bb\u00e1 a hengertestet \u00e9s a menetes v\u00e9gfel\u00fcleteket prec\u00edzi\u00f3s megmunk\u00e1l\u00e1snak kell al\u00e1vetni a kop\u00e1s\u00e1ll\u00f3s\u00e1g fokoz\u00e1sa \u00e9rdek\u00e9ben. A rendszeres hidraulikaolajjal val\u00f3 ken\u00e9s elengedhetetlen, mivel cs\u00f6kkenti a s\u00farl\u00f3d\u00e1st \u00e9s a kop\u00e1st, biztos\u00edtva a z\u00f6kken\u0151mentes m\u0171k\u00f6d\u00e9st.<\/p>\n<h2>Rendszeres ellen\u0151rz\u00e9sek \u00e9s megel\u0151z\u0151 karbantart\u00e1s<\/h2>\n<ul>\n<li><strong>Rutinszer\u0171 ellen\u0151rz\u00e9sek:<\/strong> Rendszeres szemrev\u00e9telez\u00e9ssel ellen\u0151rizze a kop\u00e1s, korr\u00f3zi\u00f3 vagy sziv\u00e1rg\u00e1s jeleit. A probl\u00e9m\u00e1k korai felismer\u00e9se megel\u0151zheti a k\u00e9s\u0151bbi, s\u00falyosabb probl\u00e9m\u00e1kat.<\/li>\n<li><strong>Megfelel\u0151 ken\u00e9s:<\/strong> Gondoskodjon a hidraulikaolaj sz\u00fcks\u00e9g szerinti ut\u00e1nt\u00f6lt\u00e9s\u00e9r\u0151l, \u00e9s tartsa tiszt\u00e1n a rendszert, hogy elker\u00fclje a teljes\u00edtm\u00e9nyt befoly\u00e1sol\u00f3 szennyez\u0151d\u00e9seket.<\/li>\n<li><strong>T\u00f6m\u00edt\u00e9scsere:<\/strong> Rendszeresen ellen\u0151rizze a t\u00f6m\u00edt\u00e9sek kop\u00e1s\u00e1t, \u00e9s sz\u00fcks\u00e9g szerint cser\u00e9lje ki \u0151ket a hidraulikus integrit\u00e1s \u00e9s teljes\u00edtm\u00e9ny meg\u0151rz\u00e9se \u00e9rdek\u00e9ben.<\/li>\n<\/ul>\n<h2>Telep\u00edt\u00e9si \u00fatmutat\u00f3<\/h2>\n<p>A hidraulikus hengerek megfelel\u0151 telep\u00edt\u00e9se elengedhetetlen az optim\u00e1lis teljes\u00edtm\u00e9nyhez. Kezdje azzal, hogy megbizonyosodik arr\u00f3l, hogy a henger megfelel\u0151en illeszkedik a r\u00f6gz\u00edt\u00e9si pontjaihoz, hogy elker\u00fclje a t\u00falzott terhel\u00e9st. Haszn\u00e1ljon megfelel\u0151 r\u00f6gz\u00edt\u0151konzolokat a henger szil\u00e1rd r\u00f6gz\u00edt\u00e9s\u00e9hez. K\u00f6vesse a gy\u00e1rt\u00f3 utas\u00edt\u00e1sait a hidraulikus csatlakoz\u00e1sokhoz, \u00fcgyelve arra, hogy minden csatlakoz\u00f3 szoros legyen a sziv\u00e1rg\u00e1s elker\u00fcl\u00e9se \u00e9rdek\u00e9ben. A hidraulikus vezet\u00e9kek csatlakoztat\u00e1sakor haszn\u00e1lja a megfelel\u0151 t\u00f6ml\u0151hosszakat, \u00e9s ker\u00fclje az \u00e9les hajl\u00edt\u00e1sokat, amelyek k\u00e1rosod\u00e1shoz vezethetnek. A telep\u00edt\u00e9s ut\u00e1n a teljes k\u00f6r\u0171 haszn\u00e1lat el\u0151tt tesztelje a rendszert alacsony nyom\u00e1son a sziv\u00e1rg\u00e1sok \u00e9s a megfelel\u0151 m\u0171k\u00f6d\u00e9s ellen\u0151rz\u00e9se \u00e9rdek\u00e9ben.<\/p>\n<h2>Gyakori karbantart\u00e1si feladatok<\/h2>\n<ul>\n<li><strong>Rendszeres ellen\u0151rz\u00e9sek:<\/strong> \u00dctemezzen be rutinszer\u0171 ellen\u0151rz\u00e9seket a henger \u00e9s a k\u00f6rnyez\u0151 alkatr\u00e9szek \u00e1llapot\u00e1nak figyelemmel k\u00eds\u00e9r\u00e9s\u00e9re, kop\u00e1s, sziv\u00e1rg\u00e1s vagy s\u00e9r\u00fcl\u00e9s jeleinek keres\u00e9se \u00e9rdek\u00e9ben.<\/li>\n<li><strong>Megfelel\u0151 ken\u00e9s:<\/strong> Tartson fenn k\u00f6vetkezetes ken\u00e9si \u00fctemtervet, \u00fcgyelve arra, hogy a hidraulikaolaj szintje megfelel\u0151 legyen, \u00e9s hogy a rendszer tiszta maradjon a szennyez\u0151d\u00e9s elker\u00fcl\u00e9se \u00e9rdek\u00e9ben.<\/li>\n<li><strong>T\u00f6m\u00edt\u00e9s csere \u00e9s kalibr\u00e1l\u00e1s:<\/strong> Figyelje a t\u00f6m\u00edt\u00e9sek \u00e1llapot\u00e1t, \u00e9s sz\u00fcks\u00e9g szerint cser\u00e9lje ki azokat. A hidraulikus rendszer rendszeres kalibr\u00e1l\u00e1sa biztos\u00edtja az optim\u00e1lis teljes\u00edtm\u00e9nyt \u00e9s biztons\u00e1got.<\/li>\n<\/ul>\n<h2>Biztons\u00e1gi szempontok \u00e9s k\u00f6rnyezeti t\u00e9nyez\u0151k<\/h2>\n<p>Hidraulikus hengerek haszn\u00e1latakor a biztons\u00e1gi int\u00e9zked\u00e9sek kiemelked\u0151en fontosak. A kezel\u0151ket ki kell k\u00e9pezni a biztons\u00e1gos kezel\u00e9si gyakorlatokra a balesetek kock\u00e1zat\u00e1nak cs\u00f6kkent\u00e9se \u00e9rdek\u00e9ben. Elengedhetetlen, hogy meg\u00e9rts\u00e9k a hidraulikus rendszerekkel kapcsolatos lehets\u00e9ges vesz\u00e9lyeket, p\u00e9ld\u00e1ul a nagynyom\u00e1s\u00fa sziv\u00e1rg\u00e1sokat, \u00e9s megtegy\u00e9k a megfelel\u0151 \u00f3vint\u00e9zked\u00e9seket. A k\u00f6rnyezeti t\u00e9nyez\u0151ket is figyelembe kell venni, bele\u00e9rtve a hidraulikafolyad\u00e9k-ki\u00f6ml\u00e9sek hat\u00e1s\u00e1t. Az \u00f6sszes hidraulikus rendszer megfelel\u0151 elszigetel\u00e9s\u00e9nek \u00e9s karbantart\u00e1s\u00e1nak biztos\u00edt\u00e1sa cs\u00f6kkentheti a k\u00f6rnyezeti kock\u00e1zatokat.<\/p>\n<h2>Hibadiagn\u00f3zis \u00e9s gyakori probl\u00e9m\u00e1k<\/h2>\n<ul>\n<li><strong>Nyom\u00e1sveszt\u00e9s:<\/strong> Ennek oka lehet a rendszer sziv\u00e1rg\u00e1sa, a nem megfelel\u0151 folyad\u00e9kszint vagy a hib\u00e1s t\u00f6m\u00edt\u00e9sek. A rendszeres ellen\u0151rz\u00e9sek seg\u00edthetnek ezen probl\u00e9m\u00e1k korai azonos\u00edt\u00e1s\u00e1ban \u00e9s kijav\u00edt\u00e1s\u00e1ban.<\/li>\n<li><strong>Lass\u00fa m\u0171k\u00f6d\u00e9s:<\/strong> A lassan forg\u00f3 henger alacsony hidraulikafolyad\u00e9k-szintre vagy szennyez\u0151d\u00e9sre utalhat. A hidraulikafolyad\u00e9k tisztas\u00e1g\u00e1nak \u00e9s megfelel\u0151 szintj\u00e9nek biztos\u00edt\u00e1sa elengedhetetlen a teljes\u00edtm\u00e9ny fenntart\u00e1s\u00e1hoz.<\/li>\n<li><strong>Szokatlan zajok:<\/strong> A csikorg\u00f3 vagy cs\u00f6r\u00f6mp\u00f6l\u0151 hangok gyakran mechanikai probl\u00e9m\u00e1kra vagy el\u00e9gtelen ken\u00e9sre utalnak. Azonnali ellen\u0151rz\u00e9s sz\u00fcks\u00e9ges a tov\u00e1bbi k\u00e1rosod\u00e1sok megel\u0151z\u00e9se \u00e9rdek\u00e9ben.<\/li>\n<\/ul>\n<h2>Hibaelh\u00e1r\u00edt\u00e1si tippek<\/h2>\n<p>A hidraulikus hengerek probl\u00e9m\u00e1inak diagnosztiz\u00e1l\u00e1sakor el\u0151sz\u00f6r ellen\u0151rizze a l\u00e1that\u00f3 sziv\u00e1rg\u00e1sokat, \u00e9s gy\u0151z\u0151dj\u00f6n meg arr\u00f3l, hogy minden csatlakoz\u00e1s biztons\u00e1gos. A rendszeres karbantart\u00e1s, bele\u00e9rtve a sz\u0171r\u0151k tiszt\u00edt\u00e1s\u00e1t \u00e9s cser\u00e9j\u00e9t, sz\u00e1mos gyakori probl\u00e9m\u00e1t megel\u0151zhet. Ha alacsony nyom\u00e1st \u00e9szlel, ellen\u0151rizze a folyad\u00e9kszinteket, \u00e9s vizsg\u00e1lja meg, hogy nincsenek-e elt\u00f6m\u0151dve a hidraulikus vezet\u00e9kek. Ezen probl\u00e9m\u00e1k korai azonos\u00edt\u00e1sa \u00e9s kezel\u00e9se minimaliz\u00e1lhatja az \u00e1ll\u00e1sid\u0151t \u00e9s meghosszabb\u00edthatja a henger \u00e9lettartam\u00e1t.<\/p>\n<p><img decoding=\"async\" src=\"https:\/\/www.hydraulic-cylinders.net\/wp-content\/uploads\/2025\/04\/songte-bushings-with-all-kinds-of-excavator-models.webp\" alt=\"Hidraulikus perselyek\" \/><\/p>\n<h2>C\u00e9gprofil<\/h2>\n<p>A p\u00f3talkatr\u00e9szek hidraulikus hengereinek vezet\u0151 gy\u00e1rt\u00f3jak\u00e9nt \u00e1tfog\u00f3 term\u00e9kk\u00edn\u00e1latunkkal a hazai \u00e9s a nemzetk\u00f6zi piacok egyik vezet\u0151 gy\u00e1rt\u00f3jak\u00e9nt \u00e9s forgalmaz\u00f3jak\u00e9nt pozicion\u00e1ltunk minket. A kiv\u00e1l\u00f3 min\u0151s\u00e9g alapelveit k\u00f6vetj\u00fck, kifinomult gy\u00e1rt\u00f3m\u0171helyeinkben az iparos\u00edtott termel\u00e9sir\u00e1ny\u00edt\u00e1si strat\u00e9gi\u00e1ra t\u00e1maszkodva. C\u00e9g\u00fcnk folyamatosan fejleszti gy\u00e1rt\u00e1si platformj\u00e1t k\u00e9pzett technikusok, fejlett digit\u00e1lis gy\u00e1rt\u00f3berendez\u00e9sek \u00e9s speci\u00e1lis tesztel\u0151rendszerek alkalmaz\u00e1s\u00e1val, biztos\u00edtva, hogy \u00fcgyfeleink sokr\u00e9t\u0171 ig\u00e9nyeit nagy hat\u00e9konys\u00e1ggal, pontoss\u00e1ggal \u00e9s min\u0151s\u00e9gben el\u00e9g\u00edts\u00fck ki.<\/p>\n<p><img decoding=\"async\" src=\"https:\/\/www.hydraulic-cylinders.net\/wp-content\/uploads\/2025\/04\/songte-company-4.webp\" alt=\"C\u00e9ginform\u00e1ci\u00f3\" \/><br \/>\n<img decoding=\"async\" src=\"https:\/\/www.hydraulic-cylinders.net\/wp-content\/uploads\/2025\/04\/songte-company-3.webp\" alt=\"Gy\u00e1rt\u00f3\u00fczem\" \/><\/p>\n<p>\u00d6sszefoglalva, b\u00fcszk\u00e9k vagyunk professzionalizmusunkra, nemzetk\u00f6zi tan\u00fas\u00edtv\u00e1nyainkra, egyedi szolg\u00e1ltat\u00e1sainkra, fejlett gy\u00e1rt\u00f3berendez\u00e9seinkre \u00e9s megb\u00edzhat\u00f3 \u00e9rt\u00e9kes\u00edt\u00e9s ut\u00e1ni t\u00e1mogat\u00e1sunkra, amelyek mind hozz\u00e1j\u00e1rulnak elk\u00f6telezetts\u00e9g\u00fcnkh\u00f6z a legmagasabb min\u0151s\u00e9g\u0171 hidraulikus hengerek sz\u00e1ll\u00edt\u00e1sa ir\u00e1nt.<\/p>\n<p>Szerz\u0151: lyl<\/p>","protected":false},"excerpt":{"rendered":"<p>Boom Cylinder For Volwa Cane Unloader DLS880-9AG Product Overview The Boom Cylinder for Volwa Cane Unloader DLS880-9AG is a specialized hydraulic cylinder designed to control the movement of heavy machinery, particularly in the agricultural sector. These cylinders play a crucial role in hydraulic systems by providing the necessary force to lift, lower, and tilt attachments [&hellip;]<\/p>","protected":false},"featured_media":17872,"comment_status":"open","ping_status":"closed","template":"","meta":{"_et_pb_use_builder":"","_et_pb_old_content":"","_et_gb_content_width":""},"product_brand":[],"product_cat":[1546],"product_tag":[1547,1496],"class_list":{"0":"post-19624","1":"product","2":"type-product","3":"status-publish","4":"has-post-thumbnail","6":"product_cat-boom-cylinders","7":"product_tag-boom-cylinders","8":"product_tag-hydraulic-cylinders","10":"first","11":"instock","12":"shipping-taxable","13":"product-type-simple"},"amp_enabled":true,"_links":{"self":[{"href":"https:\/\/www.hydraulic-cylinders.net\/hu\/wp-json\/wp\/v2\/product\/19624","targetHints":{"allow":["GET"]}}],"collection":[{"href":"https:\/\/www.hydraulic-cylinders.net\/hu\/wp-json\/wp\/v2\/product"}],"about":[{"href":"https:\/\/www.hydraulic-cylinders.net\/hu\/wp-json\/wp\/v2\/types\/product"}],"replies":[{"embeddable":true,"href":"https:\/\/www.hydraulic-cylinders.net\/hu\/wp-json\/wp\/v2\/comments?post=19624"}],"wp:featuredmedia":[{"embeddable":true,"href":"https:\/\/www.hydraulic-cylinders.net\/hu\/wp-json\/wp\/v2\/media\/17872"}],"wp:attachment":[{"href":"https:\/\/www.hydraulic-cylinders.net\/hu\/wp-json\/wp\/v2\/media?parent=19624"}],"wp:term":[{"taxonomy":"product_brand","embeddable":true,"href":"https:\/\/www.hydraulic-cylinders.net\/hu\/wp-json\/wp\/v2\/product_brand?post=19624"},{"taxonomy":"product_cat","embeddable":true,"href":"https:\/\/www.hydraulic-cylinders.net\/hu\/wp-json\/wp\/v2\/product_cat?post=19624"},{"taxonomy":"product_tag","embeddable":true,"href":"https:\/\/www.hydraulic-cylinders.net\/hu\/wp-json\/wp\/v2\/product_tag?post=19624"}],"curies":[{"name":"munkaf\u00fczet","href":"https:\/\/api.w.org\/{rel}","templated":true}]}}