{"id":1963,"date":"2023-10-23T05:36:34","date_gmt":"2023-10-23T05:36:34","guid":{"rendered":"https:\/\/hydraulic-cylinders.net\/?post_type=product&#038;p=1963"},"modified":"2023-10-23T05:36:45","modified_gmt":"2023-10-23T05:36:45","slug":"v30d-series-axial-piston-variable-displacement-hydraulic-pump","status":"publish","type":"product","link":"https:\/\/www.hydraulic-cylinders.net\/hu\/termek\/v30d-series-axial-piston-variable-displacement-hydraulic-pump\/","title":{"rendered":"V30D sorozat\u00fa axi\u00e1lis dugatty\u00fas v\u00e1ltoz\u00f3 t\u00e9rfogatkiszor\u00edt\u00e1s\u00fa hidraulikus szivatty\u00fa"},"content":{"rendered":"<h1 style=\"text-align: center;\"><strong>V30D sorozat\u00fa axi\u00e1lis dugatty\u00fas v\u00e1ltoz\u00f3 t\u00e9rfogatkiszor\u00edt\u00e1s\u00fa hidraulikus szivatty\u00fa<\/strong><\/h1>\n<p><img loading=\"lazy\" decoding=\"async\" class=\"aligncenter wp-image-1974\" src=\"https:\/\/hydraulic-cylinders.net\/wp-content\/uploads\/2023\/10\/v30d-series-axial-piston-variable-displacement-pump-1-300x300.webp\" alt=\"\" width=\"400\" height=\"400\" \/><\/p>\n<p>A V30D sorozat\u00fa axi\u00e1ldugatty\u00fas, v\u00e1ltoztathat\u00f3 kiszor\u00edt\u00e1s\u00fa hidraulikus szivatty\u00fa egy \u00e9lvonalbeli megold\u00e1s, amelyet kiv\u00e9teles teljes\u00edtm\u00e9ny \u00e9s hat\u00e9konys\u00e1g biztos\u00edt\u00e1s\u00e1ra terveztek k\u00fcl\u00f6nf\u00e9le hidraulikus alkalmaz\u00e1sokban. Fejlett m\u00e9rn\u00f6ki munk\u00e1j\u00e1nak, sokoldal\u00fa kialak\u00edt\u00e1s\u00e1nak \u00e9s prec\u00edz vez\u00e9rl\u00e9s\u00e9nek k\u00f6sz\u00f6nhet\u0151en ez a hidraulikus szivatty\u00fa forradalmi v\u00e1ltoz\u00e1st hoz az ipar\u00e1gban.<\/p>\n<p>A V30D sorozat\u00fa axi\u00e1ldugatty\u00fas, v\u00e1ltoz\u00f3 kiszor\u00edt\u00e1s\u00fa hidraulikus szivatty\u00fa \u00faj m\u00e9rc\u00e9t \u00e1ll\u00edt fel a hidraulikus rendszerek hat\u00e9konys\u00e1ga \u00e9s teljes\u00edtm\u00e9nye ter\u00e9n. V\u00e1ltoztathat\u00f3 kiszor\u00edt\u00e1s\u00fa technol\u00f3gi\u00e1j\u00e1nak, nagy teljes\u00edtm\u00e9ny\u00e9nek \u00e9s sokoldal\u00fa kialak\u00edt\u00e1s\u00e1nak k\u00f6sz\u00f6nhet\u0151en ez a szivatty\u00fa kiv\u00e1l\u00f3 szab\u00e1lyoz\u00e1st \u00e9s optimaliz\u00e1lt energiafelhaszn\u00e1l\u00e1st k\u00edn\u00e1l. Az aj\u00e1nlott haszn\u00e1lati m\u00f3dszerek betart\u00e1s\u00e1val \u00e9s a rendszeres karbantart\u00e1si gyakorlatok betart\u00e1s\u00e1val a V30D sorozat\u00fa szivatty\u00fa tov\u00e1bbra is kiv\u00e9teles hat\u00e9konys\u00e1got \u00e9s teljes\u00edtm\u00e9nyt ny\u00fajt, hozz\u00e1j\u00e1rulva a k\u00fcl\u00f6nf\u00e9le ipari alkalmaz\u00e1sok siker\u00e9hez. Haszn\u00e1lja ki a V30D sorozat\u00fa axi\u00e1ldugatty\u00fas, v\u00e1ltoz\u00f3 kiszor\u00edt\u00e1s\u00fa hidraulikus szivatty\u00fa erej\u00e9t \u00e9s hat\u00e9konys\u00e1g\u00e1t a hidraulikus rendszer teljes\u00edtm\u00e9ny\u00e9nek n\u00f6vel\u00e9s\u00e9hez.<\/p>\n<p>V30D sorozat\u00fa axi\u00e1ldugatty\u00fas, v\u00e1ltoztathat\u00f3 t\u00e9rfogatkiszor\u00edt\u00e1s\u00fa hidraulikus szivatty\u00fa, f\u0151bb jellemz\u0151k:<\/p>\n<ul>\n<li>Variable Displacement Technology: The V30D series pump incorporates cutting-edge variable displacement technology, allowing it to adjust the pump&#8217;s output based on the system&#8217;s demand. This feature ensures optimal energy utilization, resulting in increased efficiency and reduced power consumption.<\/li>\n<li>Nagy teljes\u00edtm\u00e9ny: Ez a hidraulikus szivatty\u00fa \u00faj m\u00e9rc\u00e9t \u00e1ll\u00edt fel a teljes\u00edtm\u00e9ny tekintet\u00e9ben. A sz\u00e9les \u00fczemi nyom\u00e1s- \u00e9s sebess\u00e9gtartom\u00e1nynak k\u00f6sz\u00f6nhet\u0151en a V30D sorozat\u00fa szivatty\u00fa prec\u00edz vez\u00e9rl\u00e9st \u00e9s hat\u00e9kony teljes\u00edtm\u00e9nylead\u00e1st biztos\u00edt, lehet\u0151v\u00e9 t\u00e9ve a kiv\u00e1l\u00f3 rendszerteljes\u00edtm\u00e9nyt \u00e9s termel\u00e9kenys\u00e9get.<\/li>\n<li>Sokoldal\u00fa kialak\u00edt\u00e1s: A V30D sorozat\u00fa szivatty\u00fat \u00fagy tervezt\u00e9k, hogy k\u00fcl\u00f6nf\u00e9le hidraulikus rendszerekhez \u00e9s alkalmaz\u00e1sokhoz illeszkedjen. Rugalmass\u00e1got k\u00edn\u00e1l a r\u00f6gz\u00edt\u00e9si lehet\u0151s\u00e9gek, a folyad\u00e9kkompatibilit\u00e1s \u00e9s a vez\u00e9rl\u00e9si m\u00f3dszerek ter\u00e9n, \u00edgy sz\u00e9les k\u00f6r\u0171 ipar\u00e1gakban \u00e9s g\u00e9pekben is alkalmazhat\u00f3.<\/li>\n<li>Efficiency at Any Load: The V30D series pump ensures efficiency across a wide range of loads thanks to its variable displacement feature. It automatically adjusts the output to match the system&#8217;s requirements, minimizing energy losses and maximizing productivity.<\/li>\n<\/ul>\n<h2><strong>V30D sorozat\u00fa axi\u00e1lis dugatty\u00fas v\u00e1ltoz\u00f3 t\u00e9rfogatkiszor\u00edt\u00e1s\u00fa hidraulikus szivatty\u00fa param\u00e9tere:<\/strong><\/h2>\n<table class=\"table table-bordered table-hover table-colored\">\n<tbody>\n<tr class=\"firstRow\">\n<td colspan=\"1\" rowspan=\"2\" align=\"center\" valign=\"middle\">M\u00e9ret<\/td>\n<td rowspan=\"2\" align=\"center\" valign=\"middle\">L\u00f6kett\u00e9rfogat cm\u00b3\/ford<\/td>\n<td colspan=\"2\" rowspan=\"1\" align=\"center\" valign=\"middle\">Nyom\u00e1sr\u00fad<\/td>\n<td colspan=\"2\" rowspan=\"1\" align=\"center\" valign=\"middle\">Forg\u00e1si sebess\u00e9g ford\/perc<\/td>\n<\/tr>\n<tr>\n<td align=\"center\" valign=\"middle\">N\u00e9vleges<\/td>\n<td align=\"center\" valign=\"middle\">Cs\u00facs<\/td>\n<td align=\"center\" valign=\"middle\">Max \u00f6nfelsz\u00edv\u00f3<sup>*1<\/sup><\/td>\n<td align=\"center\" valign=\"middle\">Max<sup>*2<\/sup><\/td>\n<\/tr>\n<tr>\n<td align=\"center\" valign=\"middle\">\u00a0V30D45<\/td>\n<td align=\"center\" valign=\"middle\">45<\/td>\n<td align=\"center\" valign=\"middle\">350<\/td>\n<td align=\"center\" valign=\"middle\">420<\/td>\n<td align=\"center\" valign=\"middle\">2600<\/td>\n<td align=\"center\" valign=\"middle\">3600<\/td>\n<\/tr>\n<tr>\n<td align=\"center\" valign=\"middle\">\u00a0V30D75<\/td>\n<td align=\"center\" valign=\"middle\">75<\/td>\n<td align=\"center\" valign=\"middle\">350<\/td>\n<td align=\"center\" valign=\"middle\">420<\/td>\n<td align=\"center\" valign=\"middle\">2400<\/td>\n<td align=\"center\" valign=\"middle\">3200<\/td>\n<\/tr>\n<tr>\n<td align=\"center\" valign=\"middle\">\u00a0V30D95<\/td>\n<td align=\"center\" valign=\"middle\">96<\/td>\n<td align=\"center\" valign=\"middle\">350<\/td>\n<td align=\"center\" valign=\"middle\">420<\/td>\n<td align=\"center\" valign=\"middle\">2200<\/td>\n<td align=\"center\" valign=\"middle\">2900<\/td>\n<\/tr>\n<tr>\n<td align=\"center\" valign=\"middle\">\u00a0V30D115<\/td>\n<td align=\"center\" valign=\"middle\">115<\/td>\n<td align=\"center\" valign=\"middle\">250<\/td>\n<td align=\"center\" valign=\"middle\">300<\/td>\n<td align=\"center\" valign=\"middle\">2000<\/td>\n<td align=\"center\" valign=\"middle\">2800<\/td>\n<\/tr>\n<tr>\n<td align=\"center\" valign=\"middle\">\u00a0V30D140<\/td>\n<td align=\"center\" valign=\"middle\">142<\/td>\n<td align=\"center\" valign=\"middle\">350<\/td>\n<td align=\"center\" valign=\"middle\">420<\/td>\n<td align=\"center\" valign=\"middle\">2200<\/td>\n<td align=\"center\" valign=\"middle\">2600<\/td>\n<\/tr>\n<tr>\n<td align=\"center\" valign=\"middle\">\u00a0V30D160<\/td>\n<td align=\"center\" valign=\"middle\">164<\/td>\n<td align=\"center\" valign=\"middle\">250<\/td>\n<td align=\"center\" valign=\"middle\">300<\/td>\n<td align=\"center\" valign=\"middle\">1900<\/td>\n<td align=\"center\" valign=\"middle\">2500<\/td>\n<\/tr>\n<tr>\n<td align=\"center\" valign=\"middle\">\u00a0V30D250<\/td>\n<td align=\"center\" valign=\"middle\">250<\/td>\n<td align=\"center\" valign=\"middle\">350<\/td>\n<td align=\"center\" valign=\"middle\">420<\/td>\n<td align=\"center\" valign=\"middle\">1800<\/td>\n<td align=\"center\" valign=\"middle\">2000<\/td>\n<\/tr>\n<tr>\n<td align=\"center\" valign=\"middle\">V30D520<\/td>\n<td align=\"center\" valign=\"middle\">520<\/td>\n<td align=\"center\" valign=\"middle\">400<\/td>\n<td align=\"center\" valign=\"middle\">450<\/td>\n<td align=\"center\" valign=\"middle\">1500<\/td>\n<td align=\"center\" valign=\"middle\">1800<\/td>\n<\/tr>\n<\/tbody>\n<\/table>\n<h2><strong>V30D sorozat\u00fa axi\u00e1ldugatty\u00fas v\u00e1ltoz\u00f3 t\u00e9rfogatkiszor\u00edt\u00e1s\u00fa hidraulikus szivatty\u00fa el\u0151nyei:<\/strong><\/h2>\n<p>\u2022 Ny\u00edltl\u00e1nc\u00fa hidraulikus rendszerekben alkalmazhat\u00f3<br \/>\n\u2022 Alacsony zajszint<br \/>\n\u2022 T\u00f6bb vez\u00e9rl\u0151modul<br \/>\n\u2022 Elegend\u0151 nyomat\u00e9kot biztos\u00edt a h\u00e1ts\u00f3 szivatty\u00fanak, ha tandem szivatty\u00faalkalmaz\u00e1sra van sz\u00fcks\u00e9g<\/p>\n<h2><strong>V30D sorozat\u00fa axi\u00e1lis dugatty\u00fas v\u00e1ltoz\u00f3 t\u00e9rfogatkiszor\u00edt\u00e1s\u00fa hidraulikus szivatty\u00fa <\/strong><strong>Alkalmaz\u00e1s:<\/strong><\/h2>\n<p><img loading=\"lazy\" decoding=\"async\" class=\"alignnone wp-image-1976 size-full\" src=\"https:\/\/hydraulic-cylinders.net\/wp-content\/uploads\/2023\/10\/v30d-series-axial-piston-variable-displacement-pump-2.webp\" alt=\"\" width=\"1144\" height=\"394\" srcset=\"https:\/\/hydraulic-cylinders.net\/wp-content\/uploads\/2023\/10\/v30d-series-axial-piston-variable-displacement-pump-2.webp 1144w, https:\/\/hydraulic-cylinders.net\/wp-content\/uploads\/2023\/10\/v30d-series-axial-piston-variable-displacement-pump-2-980x338.webp 980w, https:\/\/hydraulic-cylinders.net\/wp-content\/uploads\/2023\/10\/v30d-series-axial-piston-variable-displacement-pump-2-480x165.webp 480w\" sizes=\"(min-width: 0px) and (max-width: 480px) 480px, (min-width: 481px) and (max-width: 980px) 980px, (min-width: 981px) 1144px, 100vw\" \/><\/p>\n<h2><strong>A V30D sorozat\u00fa axi\u00e1lis dugatty\u00fas v\u00e1ltoz\u00f3 t\u00e9rfogatkiszor\u00edt\u00e1s\u00fa hidraulikus szivatty\u00fa haszn\u00e1lati m\u00f3dja<\/strong><strong>:<\/strong><\/h2>\n<ul>\n<li><strong>Telep\u00edt\u00e9s \u00e9s integr\u00e1ci\u00f3:<\/strong> V\u00e1lasszon ki egy megfelel\u0151 helyet a hidraulikus rendszeren bel\u00fcl a V30D sorozat\u00fa axi\u00e1lis dugatty\u00fas v\u00e1ltoz\u00f3 kiszor\u00edt\u00e1s\u00fa hidraulikus szivatty\u00fa telep\u00edt\u00e9s\u00e9hez. Biztos\u00edtsa a megfelel\u0151 be\u00e1ll\u00edt\u00e1st, \u00e9s r\u00f6gz\u00edtse biztons\u00e1gosan a szivatty\u00fat megfelel\u0151 konzolok vagy tartoz\u00e9kok seg\u00edts\u00e9g\u00e9vel. Csatlakoztassa a szivatty\u00fat a hidraulikus rendszerhez kompatibilis szerelv\u00e9nyekkel \u00e9s t\u00f6ml\u0151kkel, \u00fcgyelve a sziv\u00e1rg\u00e1smentes csatlakoz\u00e1sokra.<\/li>\n<li><strong>Folyad\u00e9kkompatibilit\u00e1s:<\/strong> Verify that the hydraulic fluid used in the system is compatible with the V30D series pump. Refer to the manufacturer&#8217;s recommended fluid type, viscosity, and temperature range. Regularly monitor and maintain the hydraulic fluid to ensure optimal pump operation and longevity.<\/li>\n<li><strong>Szab\u00e1lyoz\u00e1s \u00e9s be\u00e1ll\u00edt\u00e1s:<\/strong> Ismerkedjen meg a V30D sorozat\u00fa szivatty\u00fa \u00e1ltal k\u00edn\u00e1lt vez\u00e9rl\u00e9si lehet\u0151s\u00e9gekkel. Az adott modellt\u0151l f\u00fcgg\u0151en k\u00fcl\u00f6nf\u00e9le vez\u00e9rl\u00e9si m\u00f3dszereket k\u00edn\u00e1lhat, p\u00e9ld\u00e1ul manu\u00e1lis, ar\u00e1nyos vagy elektronikus vez\u00e9rl\u00e9st. \u00c9rtse meg az aj\u00e1nlott vez\u00e9rl\u00e9si be\u00e1ll\u00edt\u00e1sokat, \u00e9s ennek megfelel\u0151en \u00e1ll\u00edtsa be azokat a szivatty\u00fa teljes\u00edtm\u00e9ny\u00e9nek optimaliz\u00e1l\u00e1sa \u00e9rdek\u00e9ben.<\/li>\n<li><strong>Rendszeroptimaliz\u00e1l\u00e1s:<\/strong> The V30D series pump allows system optimization by adjusting the pump&#8217;s displacement to match the load requirements. Take advantage of this feature to maximize energy efficiency and overall system performance.<\/li>\n<\/ul>\n<h2><strong>Hogyan kell l\u00e9gtelen\u00edteni egy hidraulikus hengert l\u00e9gtelen\u00edt\u0151 szelep n\u00e9lk\u00fcl?<\/strong><\/h2>\n<p>Bleeding a hydraulic cylinder without a bleeder valve can be a bit more challenging, but it is still possible. Here&#8217;s a step-by-step guide on how to bleed a hydraulic cylinder without a bleeder valve:<\/p>\n<ol>\n<li><strong>Els\u0151 a biztons\u00e1g:<\/strong> A hidraulikus hengeren v\u00e9gzett munka el\u0151tt gy\u0151z\u0151dj\u00f6n meg arr\u00f3l, hogy a rendszer nyom\u00e1smentes. Kapcsolja ki a t\u00e1pell\u00e1t\u00e1st, \u00e9s a marad\u00e9k nyom\u00e1st a nyom\u00e1scs\u00f6kkent\u0151 szelep aktiv\u00e1l\u00e1s\u00e1val vagy a rendszer maxim\u00e1lis ki- vagy visszah\u00faz\u00e1si pontj\u00e1ra \u00e1ll\u00edt\u00e1s\u00e1val sz\u00fcntesse meg.<\/li>\n<li><strong>A henger elhelyez\u00e9se:<\/strong> Helyezze a hidraulikus hengert olyan helyzetbe, ahol a l\u00e9gbubor\u00e9kok k\u00f6nnyen felemelkedhetnek a legmagasabb pontra. Ez jellemz\u0151en azt jelenti, hogy a hengert f\u00fcgg\u0151legesen, a r\u00faddal felfel\u00e9 kell elhelyezni.<\/li>\n<li><strong>A szerelv\u00e9ny elt\u00e1vol\u00edt\u00e1sa:<\/strong> Keresse meg a hidraulikavezet\u00e9ket a hengerhez \u00f6sszek\u00f6t\u0151 csatlakoz\u00f3t. Haszn\u00e1ljon megfelel\u0151 szersz\u00e1mokat a csatlakoz\u00f3 lev\u00e1laszt\u00e1s\u00e1hoz \u00e9s elt\u00e1vol\u00edt\u00e1s\u00e1hoz. K\u00e9sz\u00fclj\u00f6n fel arra, hogy a folyamat sor\u00e1n hidraulikafolyad\u00e9k sziv\u00e1roghat, ez\u00e9rt k\u00e9sz\u00edtsen el\u0151 egy tart\u00e1lyt vagy rongyokat a ki\u00f6ml\u00f6tt folyad\u00e9k felfog\u00e1s\u00e1hoz.<\/li>\n<li><strong>Emelje fel a hengert:<\/strong> Ha lehets\u00e9ges, emelje ki a hengert a maxim\u00e1lis kiny\u00fal\u00e1si helyzet\u00e9be. Ez seg\u00edt minimaliz\u00e1lni a hengerben rekedt leveg\u0151 mennyis\u00e9g\u00e9t.<\/li>\n<li><strong>Koppints a hengerre:<\/strong> Lightly tap the sides of the cylinder with a rubber mallet or a soft-faced hammer. This helps dislodge any air bubbles that may be trapped inside the cylinder. Start from the bottom and work your way up, tapping around the cylinder&#8217;s circumference.<\/li>\n<li><strong>A henger k\u00f6rforg\u00e1sa:<\/strong> M\u0171k\u00f6dtesse a hidraulikus rendszert, hogy n\u00e9h\u00e1nyszor k\u00f6rbej\u00e1rja a hengert. Teljesen h\u00fazza ki \u00e9s h\u00fazza be a hengert, lehet\u0151v\u00e9 t\u00e9ve a hidraulikafolyad\u00e9k \u00e1t\u00e1raml\u00e1s\u00e1t \u00e9s potenci\u00e1lisan a l\u00e9gbubor\u00e9kok kinyom\u00e1s\u00e1t. Ism\u00e9telje meg ezt a folyamatot t\u00f6bbsz\u00f6r a teljes l\u00e9gtelen\u00edt\u00e9s biztos\u00edt\u00e1sa \u00e9rdek\u00e9ben.<\/li>\n<li><strong>Csatlakoztassa \u00fajra a szerelv\u00e9nyt:<\/strong> Miut\u00e1n \u00e1tj\u00e1rta a hengert, \u00e9s \u00fagy \u00e9rzi, hogy a leveg\u0151 nagy r\u00e9sze t\u00e1vozott, csatlakoztassa \u00fajra a csatlakoz\u00f3t a hidraulikavezet\u00e9khez. Gy\u0151z\u0151dj\u00f6n meg arr\u00f3l, hogy biztons\u00e1gosan meg van h\u00fazva, de nem t\u00fal szoros, mert ez k\u00e1ros\u00edthatja a csatlakoz\u00f3t vagy sziv\u00e1rg\u00e1st okozhat.<\/li>\n<li><strong>A henger tesztel\u00e9se:<\/strong> A henger l\u00e9gtelen\u00edt\u00e9se ut\u00e1n ellen\u0151rizze a m\u0171k\u00f6d\u00e9s\u00e9t a teljes ki- \u00e9s beh\u00faz\u00e1s\u00e1val. Figyelje a hengert, hogy nincsenek-e l\u00e9gbubor\u00e9kok vagy rendellenes viselked\u00e9s jelei. Ha b\u00e1rmilyen probl\u00e9m\u00e1t \u00e9szlel, ism\u00e9telje meg a l\u00e9gtelen\u00edt\u00e9si folyamatot, vagy k\u00e9rjen seg\u00edts\u00e9get egy hidraulikus szakembert\u0151l.<\/li>\n<\/ol>\n<h2><strong>A gy\u00e1r kapacit\u00e1sa \u00e9s kapacit\u00e1sa:<\/strong><\/h2>\n<h3>(1) \u00d6sszeszerel\u00e9s<\/h3>\n<p>Els\u0151 oszt\u00e1ly\u00fa f\u00fcggetlen kutat\u00e1si \u00e9s fejleszt\u00e9si \u00f6sszeszerel\u00e9si platformmal rendelkez\u00fcnk. A hidraulikus hengergy\u00e1rt\u00f3 m\u0171hely n\u00e9gy f\u00e9lautomata emel\u0151henger-\u00f6sszeszerel\u0151 sorral \u00e9s egy automata billen\u0151henger-\u00f6sszeszerel\u0151 sorral rendelkezik, tervezett \u00e9ves gy\u00e1rt\u00e1si kapacit\u00e1sa 1 milli\u00f3 darab. A speci\u00e1lis henger m\u0171hely k\u00fcl\u00f6nb\u00f6z\u0151 specifik\u00e1ci\u00f3j\u00fa f\u00e9lautomata tiszt\u00edt\u00f3 \u00f6sszeszerel\u0151 rendszerrel van felszerelve, amelynek tervezett \u00e9ves termel\u00e9si kapacit\u00e1sa 200.000, \u00e9s h\u00edres CNC megmunk\u00e1l\u00f3 berendez\u00e9ssel, megmunk\u00e1l\u00f3 k\u00f6zponttal, nagy pontoss\u00e1g\u00fa hengerfeldolgoz\u00f3 speci\u00e1lis berendez\u00e9ssel, robothegeszt\u0151 g\u00e9ppel, automatikus tiszt\u00edt\u00f3g\u00e9ppel, automatikus henger \u00f6sszeszerel\u0151 g\u00e9ppel \u00e9s automatikus fest\u00e9si gy\u00e1rt\u00f3sorral van felszerelve. A megl\u00e9v\u0151 kritikus berendez\u00e9sek t\u00f6bb mint 300 k\u00e9szlet (k\u00e9szlet). A berendez\u00e9sek er\u0151forr\u00e1sainak optim\u00e1lis eloszt\u00e1sa \u00e9s hat\u00e9kony felhaszn\u00e1l\u00e1sa biztos\u00edtja a term\u00e9kek pontoss\u00e1gi k\u00f6vetelm\u00e9nyeit \u00e9s megfelel a term\u00e9kek min\u0151s\u00e9gi ig\u00e9nyeinek.<\/p>\n<p><img loading=\"lazy\" decoding=\"async\" class=\"alignnone wp-image-626\" src=\"https:\/\/hydraulic-cylinders.net\/wp-content\/uploads\/2023\/08\/hydraulic-cylinder-product-1-300x158.webp\" alt=\"\" width=\"495\" height=\"260\" srcset=\"https:\/\/hydraulic-cylinders.net\/wp-content\/uploads\/2023\/08\/hydraulic-cylinder-product-1-300x158.webp 495w, https:\/\/hydraulic-cylinders.net\/wp-content\/uploads\/2023\/08\/hydraulic-cylinder-product-1-480x252.webp 480w\" sizes=\"(min-width: 0px) and (max-width: 480px) 480px, (min-width: 481px) 495px, 100vw\" \/> <img loading=\"lazy\" decoding=\"async\" class=\"alignnone wp-image-627\" src=\"https:\/\/hydraulic-cylinders.net\/wp-content\/uploads\/2023\/08\/hydraulic-cylinder-product-2-300x189.webp\" alt=\"\" width=\"413\" height=\"260\" \/><\/p>\n<h3>(2) Megmunk\u00e1l\u00e1s<\/h3>\n<p>A megmunk\u00e1l\u00f3m\u0171hely egyedi, ferde s\u00edneszterg\u00e1l\u00f3 k\u00f6zponttal, megmunk\u00e1l\u00f3k\u00f6zponttal, nagysebess\u00e9g\u0171 h\u00f3nol\u00f3g\u00e9ppel, hegeszt\u0151robottal \u00e9s egy\u00e9b kapcsol\u00f3d\u00f3 berendez\u00e9sekkel van felszerelve, amelyek legfeljebb 400 mm bels\u0151 \u00e1tm\u00e9r\u0151j\u0171 \u00e9s legfeljebb 6 m\u00e9ter hossz\u00fa hengercs\u00f6vek megmunk\u00e1l\u00e1s\u00e1ra k\u00e9pesek.<\/p>\n<p><img loading=\"lazy\" decoding=\"async\" class=\"alignnone wp-image-628 size-large\" src=\"https:\/\/hydraulic-cylinders.net\/wp-content\/uploads\/2023\/08\/hydraulic-cylinder-product-3-1024x391.webp\" alt=\"\" width=\"1024\" height=\"391\" srcset=\"https:\/\/hydraulic-cylinders.net\/wp-content\/uploads\/2023\/08\/hydraulic-cylinder-product-3-980x374.webp 980w, https:\/\/hydraulic-cylinders.net\/wp-content\/uploads\/2023\/08\/hydraulic-cylinder-product-3-480x183.webp 480w\" sizes=\"(min-width: 0px) and (max-width: 480px) 480px, (min-width: 481px) and (max-width: 980px) 980px, (min-width: 981px) 1024px, 100vw\" \/><\/p>\n<h3>(3) Hegeszt\u00e9s<\/h3>\n<p><img loading=\"lazy\" decoding=\"async\" class=\"alignnone wp-image-629 size-large\" src=\"https:\/\/hydraulic-cylinders.net\/wp-content\/uploads\/2023\/08\/hydraulic-cylinder-product-4-1024x510.webp\" alt=\"\" width=\"1024\" height=\"510\" srcset=\"https:\/\/hydraulic-cylinders.net\/wp-content\/uploads\/2023\/08\/hydraulic-cylinder-product-4-980x488.webp 980w, https:\/\/hydraulic-cylinders.net\/wp-content\/uploads\/2023\/08\/hydraulic-cylinder-product-4-480x239.webp 480w\" sizes=\"(min-width: 0px) and (max-width: 480px) 480px, (min-width: 481px) and (max-width: 980px) 980px, (min-width: 981px) 1024px, 100vw\" \/><\/p>\n<h3>(4) Fest\u00e9s \u00e9s bevonatol\u00e1s<\/h3>\n<p>Kis \u00e9s k\u00f6zepes m\u00e9ret\u0171 hengeres automatikus v\u00edzb\u00e1zis\u00fa fest\u00e9kbevon\u00f3 sorokkal, az automatikus robot be- \u00e9s kirakod\u00e1s, valamint az automatikus permetez\u00e9s megval\u00f3s\u00edt\u00e1s\u00e1hoz, a tervez\u00e9si kapacit\u00e1s m\u0171szakonk\u00e9nt 4000 darab;<br \/>\nRendelkez\u00fcnk egy f\u00e9lautomata fest\u00e9kgy\u00e1rt\u00f3sorral is nagym\u00e9ret\u0171 palackokhoz, amelyet egy er\u0151\u00e1tviteli l\u00e1nc hajt, m\u0171szakonk\u00e9nt 60 doboz tervez\u00e9si kapacit\u00e1ssal.<\/p>\n<p><img loading=\"lazy\" decoding=\"async\" class=\"alignnone wp-image-630\" src=\"https:\/\/hydraulic-cylinders.net\/wp-content\/uploads\/2023\/08\/hydraulic-cylinder-product-5-300x213.webp\" alt=\"\" width=\"366\" height=\"260\" \/> <img loading=\"lazy\" decoding=\"async\" class=\"alignnone wp-image-631\" src=\"https:\/\/hydraulic-cylinders.net\/wp-content\/uploads\/2023\/08\/hydraulic-cylinder-product-6-300x225.webp\" alt=\"\" width=\"347\" height=\"260\" \/><\/p>\n<h3>(5) Tesztel\u00e9s<\/h3>\n<p>Els\u0151 oszt\u00e1ly\u00fa ellen\u0151rz\u0151 l\u00e9tes\u00edtm\u00e9nyekkel \u00e9s tesztpadokkal rendelkez\u00fcnk annak biztos\u00edt\u00e1s\u00e1ra, hogy a palack teljes\u00edtm\u00e9nye megfeleljen a k\u00f6vetelm\u00e9nyeknek.<\/p>\n<p><img loading=\"lazy\" decoding=\"async\" class=\"alignnone wp-image-632\" src=\"https:\/\/hydraulic-cylinders.net\/wp-content\/uploads\/2023\/08\/hydraulic-cylinder-product-8-300x200.webp\" alt=\"\" width=\"389\" height=\"260\" \/><\/p>\n<p>&nbsp;<\/p>\n<p>&nbsp;<\/p>\n<p>Mi vagyunk az egyik legjobb hidraulikus henger gy\u00e1rt\u00f3. \u00c1tfog\u00f3 hidraulikus hengereket k\u00edn\u00e1lunk. Megfelel\u0151 szolg\u00e1ltat\u00e1sokat is biztos\u00edtunk. <a href=\"https:\/\/hzpt.com\/agricultural-pto-gearbox\/\" target=\"_blank\" rel=\"noopener\">mez\u0151gazdas\u00e1gi sebess\u00e9gv\u00e1lt\u00f3k<\/a>Term\u00e9keinket vil\u00e1gszerte export\u00e1ltuk \u00fcgyfeleinknek, \u00e9s kiv\u00e1l\u00f3 term\u00e9kmin\u0151s\u00e9g\u00fcnknek \u00e9s \u00e9rt\u00e9kes\u00edt\u00e9s ut\u00e1ni szolg\u00e1ltat\u00e1sunknak k\u00f6sz\u00f6nhet\u0151en j\u00f3 h\u00edrnevet szerezt\u00fcnk. Szeretettel v\u00e1rjuk belf\u00f6ldi \u00e9s k\u00fclf\u00f6ldi \u00fcgyfeleinket, hogy \u00fczleti t\u00e1rgyal\u00e1sok, inform\u00e1ci\u00f3csere \u00e9s egy\u00e9b lehet\u0151s\u00e9gek c\u00e9lj\u00e1b\u00f3l kapcsolatba l\u00e9pjenek vel\u00fcnk. <a href=\"https:\/\/www.hydraulic-cylinders.net\/hu\/contact-us\/\">egy\u00fcttm\u0171k\u00f6dni vel\u00fcnk<\/a>!<\/p>\n<p>&nbsp;<\/p>","protected":false},"excerpt":{"rendered":"<p>V30D Series Axial Piston Variable Displacement Hydraulic Pump The V30D series axial piston variable displacement hydraulic pump is a state-of-the-art solution designed to deliver exceptional performance and efficiency in various hydraulic applications. With its advanced engineering, versatile design, and precise control, this hydraulic pump is a game-changer in the industry. The V30D series axial piston [&hellip;]<\/p>","protected":false},"featured_media":1975,"comment_status":"open","ping_status":"closed","template":"","meta":{"_et_pb_use_builder":"","_et_pb_old_content":"","_et_gb_content_width":""},"product_brand":[],"product_cat":[1425],"product_tag":[1426],"class_list":{"0":"post-1963","1":"product","2":"type-product","3":"status-publish","4":"has-post-thumbnail","6":"product_cat-piston-pump","7":"product_tag-hydraulic-pump","9":"first","10":"instock","11":"shipping-taxable","12":"product-type-simple"},"amp_enabled":true,"_links":{"self":[{"href":"https:\/\/www.hydraulic-cylinders.net\/hu\/wp-json\/wp\/v2\/product\/1963","targetHints":{"allow":["GET"]}}],"collection":[{"href":"https:\/\/www.hydraulic-cylinders.net\/hu\/wp-json\/wp\/v2\/product"}],"about":[{"href":"https:\/\/www.hydraulic-cylinders.net\/hu\/wp-json\/wp\/v2\/types\/product"}],"replies":[{"embeddable":true,"href":"https:\/\/www.hydraulic-cylinders.net\/hu\/wp-json\/wp\/v2\/comments?post=1963"}],"wp:featuredmedia":[{"embeddable":true,"href":"https:\/\/www.hydraulic-cylinders.net\/hu\/wp-json\/wp\/v2\/media\/1975"}],"wp:attachment":[{"href":"https:\/\/www.hydraulic-cylinders.net\/hu\/wp-json\/wp\/v2\/media?parent=1963"}],"wp:term":[{"taxonomy":"product_brand","embeddable":true,"href":"https:\/\/www.hydraulic-cylinders.net\/hu\/wp-json\/wp\/v2\/product_brand?post=1963"},{"taxonomy":"product_cat","embeddable":true,"href":"https:\/\/www.hydraulic-cylinders.net\/hu\/wp-json\/wp\/v2\/product_cat?post=1963"},{"taxonomy":"product_tag","embeddable":true,"href":"https:\/\/www.hydraulic-cylinders.net\/hu\/wp-json\/wp\/v2\/product_tag?post=1963"}],"curies":[{"name":"munkaf\u00fczet","href":"https:\/\/api.w.org\/{rel}","templated":true}]}}