{"id":19637,"date":"2025-04-07T06:58:56","date_gmt":"2025-04-07T06:58:56","guid":{"rendered":"https:\/\/www.hydraulic-cylinders.net\/product\/boom-cylinder-for-aotai-at180e-9\/"},"modified":"2025-04-07T06:58:59","modified_gmt":"2025-04-07T06:58:59","slug":"boom-cylinder-for-aotai-at180e-9","status":"publish","type":"product","link":"https:\/\/www.hydraulic-cylinders.net\/hu\/termek\/boom-cylinder-for-aotai-at180e-9\/","title":{"rendered":"G\u00e9mhenger Aotai AT180E-9-hez"},"content":{"rendered":"<h1>G\u00e9mhenger Aotai AT180E-9-hez<\/h1>\n<h2>Term\u00e9k\u00e1ttekint\u00e9s<\/h2>\n<p>Az Aotai AT180E-9 g\u00e9mhengere egy speci\u00e1lis hidraulikus henger, amelyet k\u00fcl\u00f6nf\u00e9le neh\u00e9zg\u00e9pek, p\u00e9ld\u00e1ul kotr\u00f3g\u00e9pek, kotr\u00f3rakod\u00f3k \u00e9s homlokrakod\u00f3k kanalainak mozg\u00e1s\u00e1nak vez\u00e9rl\u00e9s\u00e9re terveztek. Ez a hidraulikus henger lehet\u0151v\u00e9 teszi a kan\u00e1l emel\u00e9s\u00e9t, s\u00fcllyeszt\u00e9s\u00e9t \u00e9s billent\u00e9s\u00e9t, megk\u00f6nny\u00edtve a hat\u00e9kony anyagmozgat\u00e1si feladatokat. A kan\u00e1lhenger kritikus fontoss\u00e1g\u00fa a hidraulikus rendszerekben, mivel biztos\u00edtja a sz\u00fcks\u00e9ges er\u0151t \u00e9s vez\u00e9rl\u00e9st az \u00e9p\u00edt\u0151iparban \u00e9s a mez\u0151gazdas\u00e1gban v\u00e9gzett k\u00fcl\u00f6nf\u00e9le m\u0171veletekhez. Szerepe elengedhetetlen a g\u00e9pek z\u00f6kken\u0151mentes \u00e9s hat\u00e9kony m\u0171k\u00f6d\u00e9s\u00e9nek biztos\u00edt\u00e1s\u00e1ban, \u00edgy l\u00e9tfontoss\u00e1g\u00fa alkatr\u00e9sz a neh\u00e9zg\u00e9pekben.<\/p>\n<p><img decoding=\"async\" src=\"https:\/\/www.hydraulic-cylinders.net\/wp-content\/uploads\/2025\/04\/songte-company-1.webp\" alt=\"G\u00e9mhenger Aotai AT180E-9-hez\"><\/p>\n<h2>A g\u00e9mhenger jellemz\u0151i<\/h2>\n<ul>\n<li><strong>Nagy szil\u00e1rds\u00e1g \u00e9s tart\u00f3ss\u00e1g:<\/strong> A jellemz\u0151en nagy szil\u00e1rds\u00e1g\u00fa ac\u00e9lb\u00f3l vagy alum\u00edniumb\u00f3l k\u00e9sz\u00fclt palackok nagy nyom\u00e1st \u00e9s nagy terhel\u00e9st b\u00edrnak, mik\u00f6zben alkalmazkodnak a zord munkak\u00f6rnyezethez. \u00dagy tervezt\u00e9k \u0151ket, hogy a kop\u00e1s\u00e1ll\u00f3s\u00e1got \u00e9s a korr\u00f3zi\u00f3\u00e1ll\u00f3s\u00e1got szem el\u0151tt tarts\u00e1k, meghosszabb\u00edtva \u00fczemi \u00e9lettartamukat.<\/li>\n<li><strong>Hat\u00e9kony hidraulikus m\u0171k\u00f6dtet\u00e9s:<\/strong> A g\u00e9mhenger hidraulikaolaj-nyom\u00e1st haszn\u00e1l a sima kitol\u00e1si \u00e9s visszah\u00faz\u00e1si mozg\u00e1sok el\u00e9r\u00e9s\u00e9hez, gyorsan reag\u00e1l a m\u0171k\u00f6d\u00e9si parancsokra, \u00e9s jelent\u0151s h\u00faz\u00f3- \u00e9s tol\u00f3er\u0151t biztos\u00edt, \u00edgy alkalmass\u00e1 teszi neh\u00e9z \u00e9s \u00f6sszetett feladatok kezel\u00e9s\u00e9re.<\/li>\n<li><strong>K\u00fcl\u00f6nb\u00f6z\u0151 t\u00edpusok:<\/strong> Kaphat\u00f3 egyszeres m\u0171k\u00f6d\u00e9s\u0171 (hidraulikus m\u0171k\u00f6dtet\u00e9s egy ir\u00e1nyban) vagy kett\u0151s m\u0171k\u00f6d\u00e9s\u0171 (hidraulikus m\u0171k\u00f6dtet\u00e9s mindk\u00e9t ir\u00e1nyban) konfigur\u00e1ci\u00f3ban, hogy megfeleljen a k\u00fcl\u00f6nf\u00e9le m\u0171k\u00f6d\u00e9si ig\u00e9nyeknek. Egyes modellek teleszk\u00f3posak, \u00edgy nagyobb kiny\u00fal\u00e1st tesznek lehet\u0151v\u00e9 a k\u00fcls\u0151 m\u00e9retek n\u00f6vel\u00e9se n\u00e9lk\u00fcl, ami ide\u00e1lis sz\u0171k\u00f6s helyeken t\u00f6rt\u00e9n\u0151 alkalmaz\u00e1sokhoz.<\/li>\n<li><strong>Egyedi gy\u00e1rt\u00e1s:<\/strong> Ezt a term\u00e9ket mi gy\u00e1rtjuk, \u00e9s hengereink t\u00f6k\u00e9letesen helyettes\u00edthetik a megl\u00e9v\u0151 hidraulikus hengereket k\u00fcl\u00f6nf\u00e9le modellekben, biztos\u00edtva a kompatibilit\u00e1st \u00e9s a teljes\u00edtm\u00e9nyt.<\/li>\n<\/ul>\n<p><img decoding=\"async\" src=\"https:\/\/www.hydraulic-cylinders.net\/wp-content\/uploads\/2025\/04\/songte-cylinder-head-with-all-kinds-excavator-models.webp\" alt=\"Hidraulikus henger gy\u00e1rt\u00e1sa\"><\/p>\n<h2>Alkalmaz\u00e1si forgat\u00f3k\u00f6nyvek<\/h2>\n<h3>\u00c9p\u00edt\u0151ipari berendez\u00e9sek<\/h3>\n<p>Az \u00e9p\u00edt\u0151ipari berendez\u00e9sekben, p\u00e9ld\u00e1ul a kotr\u00f3g\u00e9pekben a g\u00e9mhengerek kulcsfontoss\u00e1g\u00faak az \u00e1s\u00e1shoz, a rakod\u00e1shoz \u00e9s a talaj vagy t\u00f6rmel\u00e9k mozgat\u00e1s\u00e1hoz. Ezek lehet\u0151v\u00e9 teszik, hogy a kan\u00e1l behatoljon a talajba, \u00edgy a f\u00f6ldmunk\u00e1k k\u00f6nnyebbek \u00e9s hat\u00e9konyabbak. A kotr\u00f3g\u00e9p-rakod\u00f3kban ezek a hengerek seg\u00edtik mind az \u00e1s\u00e1st, mind az emel\u00e9st, sokoldal\u00fas\u00e1got biztos\u00edtva a g\u00e9pnek \u00e9s n\u00f6velve a termel\u00e9kenys\u00e9get a munkater\u00fcleteken.<\/p>\n<h3>Mez\u0151gazdas\u00e1gi g\u00e9pek<\/h3>\n<p>A homlokrakod\u00f3kban a g\u00e9mhengereket talaj, sz\u00e9na \u00e9s egy\u00e9b anyagok mer\u00e9s\u00e9re, emel\u00e9s\u00e9re \u00e9s sz\u00e1ll\u00edt\u00e1s\u00e1ra haszn\u00e1lj\u00e1k. Ezek megk\u00f6nny\u00edtik a mez\u0151gazdas\u00e1gi m\u0171veletek sor\u00e1n sz\u00fcks\u00e9ges k\u00fcl\u00f6nf\u00e9le feladatokat, lehet\u0151v\u00e9 t\u00e9ve a hat\u00e9kony anyagmozgat\u00e1st \u00e9s a mez\u0151gazdas\u00e1gi tev\u00e9kenys\u00e9gek termel\u00e9kenys\u00e9g\u00e9nek n\u00f6vel\u00e9s\u00e9t.<\/p>\n<h3>Kotr\u00f3g\u00e9pek<\/h3>\n<p>A kotr\u00f3g\u00e9pekben a g\u00e9mhenger lehet\u0151v\u00e9 teszi, hogy a kan\u00e1l behatoljon a talajba, \u00edgy prec\u00edz \u00e9s er\u0151teljes \u00e1s\u00e1si m\u0171veleteket lehet v\u00e9gezni. Ez a k\u00e9pess\u00e9g elengedhetetlen az alapoz\u00e1st\u00f3l az \u00e1rok\u00e1s\u00e1sig terjed\u0151 feladatokhoz, ahol a pontoss\u00e1g \u00e9s az er\u0151 kulcsfontoss\u00e1g\u00fa a sikeres elv\u00e9gz\u00e9s\u00e9hez.<\/p>\n<h3>Rakod\u00f3k<\/h3>\n<p>Homlokrakod\u00f3kban ezek a hengerek seg\u00edtenek az anyagok hat\u00e9kony emel\u00e9s\u00e9ben \u00e9s \u00fcr\u00edt\u00e9s\u00e9ben. Elengedhetetlenek az \u00f6mlesztett anyagok mozgat\u00e1s\u00e1hoz, biztos\u00edtva, hogy a be- \u00e9s kirakod\u00e1si folyamatok gyorsan \u00e9s hat\u00e9konyan t\u00f6rt\u00e9njenek, ez\u00e1ltal optimaliz\u00e1lva a termel\u00e9kenys\u00e9get.<\/p>\n<h2>Tervez\u00e9si szempontok \u00e9s kiv\u00e1laszt\u00e1si krit\u00e9riumok<\/h2>\n<h3>Teherb\u00edr\u00e1s<\/h3>\n<p>A g\u00e9mhenger teherb\u00edr\u00e1sa egy alapvet\u0151 jellemz\u0151, amelyet az adott alkalmaz\u00e1s \u00e9s \u00fczemi k\u00f6r\u00fclm\u00e9nyek alapj\u00e1n kell \u00e9rt\u00e9kelni. A kezelt anyagok s\u00faly\u00e1nak \u00e9s a g\u00e9p \u00e1ltal elviselhet\u0151 maxim\u00e1lis terhel\u00e9snek a meg\u00e9rt\u00e9se elengedhetetlen a megfelel\u0151en m\u00e9retezett henger kiv\u00e1laszt\u00e1s\u00e1hoz. Ez biztos\u00edtja, hogy a henger biztons\u00e1gosan \u00e9s hat\u00e9konyan m\u0171k\u00f6dj\u00f6n minden v\u00e1rhat\u00f3 k\u00f6r\u00fclm\u00e9ny k\u00f6z\u00f6tt.<\/p>\n<h3>T\u00f6m\u00edt\u00e9s<\/h3>\n<p>A t\u00f6m\u00edt\u00e9s kritikus fontoss\u00e1g\u00fa a hidraulikus alkalmaz\u00e1sokban a sziv\u00e1rg\u00e1sok megel\u0151z\u00e9se \u00e9s a nyom\u00e1s fenntart\u00e1sa \u00e9rdek\u00e9ben. A hidraulikus hengereket kiv\u00e1l\u00f3 min\u0151s\u00e9g\u0171, az \u00fczemi k\u00f6rnyezetnek megfelel\u0151 t\u00f6m\u00edt\u00e9sekkel kell felszerelni. Az anyagok, p\u00e9ld\u00e1ul a poliuret\u00e1n vagy a nitrilkaucsuk megv\u00e1laszt\u00e1sa jelent\u0151sen befoly\u00e1solhatja a t\u00f6m\u00edt\u00e9sek teljes\u00edtm\u00e9ny\u00e9t. A megfelel\u0151 t\u00f6m\u00edt\u00e9s biztos\u00edtja a hidraulikus rendszer hat\u00e9kony m\u0171k\u00f6d\u00e9s\u00e9t \u00e9s meghosszabb\u00edtja a henger \u00e9lettartam\u00e1t.<\/p>\n<h3>Tart\u00f3ss\u00e1g<\/h3>\n<p>A tart\u00f3ss\u00e1g kulcsfontoss\u00e1g\u00fa szempont a g\u00e9mhenger kiv\u00e1laszt\u00e1sakor, mivel ezek az alkatr\u00e9szek gyakran zord k\u00f6r\u00fclm\u00e9nyek k\u00f6z\u00f6tt m\u0171k\u00f6dnek. \u00dagy kell \u0151ket kialak\u00edtani, hogy ellen\u00e1lljanak a kop\u00e1snak \u00e9s a k\u00fcl\u00f6nf\u00e9le k\u00f6rnyezeti t\u00e9nyez\u0151knek val\u00f3 kitetts\u00e9gb\u0151l ered\u0151 korr\u00f3zi\u00f3nak. A gy\u00e1rt\u00e1si folyamatnak szigor\u00fa tesztel\u00e9st kell tartalmaznia a hossz\u00fa t\u00e1v\u00fa teljes\u00edtm\u00e9ny biztos\u00edt\u00e1sa \u00e9rdek\u00e9ben, minimaliz\u00e1lva a gyakori cser\u00e9k \u00e9s jav\u00edt\u00e1sok sz\u00fcks\u00e9gess\u00e9g\u00e9t.<\/p>\n<h3>Biztons\u00e1g<\/h3>\n<p>A hidraulikus hengerek tervez\u00e9s\u00e9be biztons\u00e1gi funkci\u00f3kat kell be\u00e9p\u00edteni, hogy megakad\u00e1lyozz\u00e1k a balesetekhez vezet\u0151 meghib\u00e1sod\u00e1sokat. Ez mag\u00e1ban foglalja a robusztus konstrukci\u00f3t \u00e9s a hibat\u0171r\u0151 mechanizmusokat, amelyek biztos\u00edtj\u00e1k, hogy a henger ellen\u00e1lljon a v\u00e1ratlan terhel\u00e9seknek. Rendszeres karbantart\u00e1st \u00e9s biztons\u00e1gi ellen\u0151rz\u00e9seket kell v\u00e9gezni annak biztos\u00edt\u00e1sa \u00e9rdek\u00e9ben, hogy minden biztons\u00e1gi funkci\u00f3 megfelel\u0151en m\u0171k\u00f6dj\u00f6n.<\/p>\n<h3>Karbantart\u00e1s<\/h3>\n<p>A karbantart\u00e1s elengedhetetlen a hidraulikus hengerek hossz\u00fa \u00e9lettartam\u00e1nak \u00e9s teljes\u00edtm\u00e9ny\u00e9nek biztos\u00edt\u00e1s\u00e1hoz. A tervez\u00e9si f\u00e1zisban figyelembe kell venni az alkatr\u00e9szek k\u00f6nny\u0171 hozz\u00e1f\u00e9rhet\u0151s\u00e9g\u00e9t az ellen\u0151rz\u00e9s \u00e9s csere \u00e9rdek\u00e9ben. Rendszeres karbantart\u00e1si rutinokat kell kialak\u00edtani, bele\u00e9rtve a sziv\u00e1rg\u00e1sok, kop\u00e1s \u00e9s megfelel\u0151 m\u0171k\u00f6d\u00e9s ellen\u0151rz\u00e9s\u00e9t, a k\u00f6lts\u00e9ges meghib\u00e1sod\u00e1sok elker\u00fcl\u00e9se \u00e9s az optim\u00e1lis teljes\u00edtm\u00e9ny biztos\u00edt\u00e1sa \u00e9rdek\u00e9ben.<\/p>\n<p><img decoding=\"async\" src=\"https:\/\/www.hydraulic-cylinders.net\/wp-content\/uploads\/2025\/04\/songte-oil-pipes-and-spare-parts.webp\" alt=\"Hidraulikus henger alkatr\u00e9szek\"><\/p>\n<h2>T\u00f6m\u00edt\u00e9s \u00e9s ken\u00e9s<\/h2>\n<p>A hidraulikus hengerek k\u00fcl\u00f6nf\u00e9le t\u00f6m\u00edt\u00e9seket haszn\u00e1lnak, p\u00e9ld\u00e1ul dugatty\u00fat\u00f6m\u00edt\u00e9seket \u00e9s r\u00fadt\u00f6m\u00edt\u00e9seket a nyom\u00e1s fenntart\u00e1sa \u00e9s a sziv\u00e1rg\u00e1sok megakad\u00e1lyoz\u00e1sa \u00e9rdek\u00e9ben. Ezek a t\u00f6m\u00edt\u00e9sek gyakran tart\u00f3s anyagokb\u00f3l, p\u00e9ld\u00e1ul poliuret\u00e1nb\u00f3l \u00e9s nitrilgumib\u00f3l k\u00e9sz\u00fclnek, amelyek ellen\u00e1llnak a kop\u00e1snak \u00e9s kiv\u00e1l\u00f3 t\u00f6m\u00edt\u0151k\u00e9pess\u00e9get biztos\u00edtanak. A hengertest \u00e9s a menetes v\u00e9gek prec\u00edzi\u00f3s megmunk\u00e1l\u00e1s\u00faak a tart\u00f3ss\u00e1g n\u00f6vel\u00e9se \u00e9s a kop\u00e1s cs\u00f6kkent\u00e9se \u00e9rdek\u00e9ben. A henger rendszeres ken\u00e9se a megfelel\u0151 hidraulikaolajjal elengedhetetlen a z\u00f6kken\u0151mentes m\u0171k\u00f6d\u00e9s biztos\u00edt\u00e1sa \u00e9s a s\u00farl\u00f3d\u00e1s okozta k\u00e1rosod\u00e1sok megel\u0151z\u00e9se \u00e9rdek\u00e9ben. Ezt a ken\u00e9st a haszn\u00e1latt\u00f3l \u00e9s a k\u00f6rnyezeti felt\u00e9telekt\u0151l f\u00fcgg\u0151 id\u0151k\u00f6z\u00f6nk\u00e9nt kell elv\u00e9gezni az optim\u00e1lis teljes\u00edtm\u00e9ny fenntart\u00e1sa \u00e9rdek\u00e9ben.<\/p>\n<h2>Megel\u0151z\u0151 karbantart\u00e1si int\u00e9zked\u00e9sek<\/h2>\n<ul>\n<li><strong>Rendszeres ellen\u0151rz\u00e9sek:<\/strong> A rendszeres ellen\u0151rz\u00e9sek seg\u00edtenek azonos\u00edtani a kop\u00e1st \u00e9s a lehets\u00e9ges probl\u00e9m\u00e1kat, miel\u0151tt azok s\u00falyosbodn\u00e1nak. Ellen\u0151rizze a sziv\u00e1rg\u00e1sokat, a t\u00f6m\u00edt\u00e9sek kop\u00e1s\u00e1t \u00e9s a henger megfelel\u0151 m\u0171k\u00f6d\u00e9s\u00e9t.<\/li>\n<li><strong>Megfelel\u0151 ken\u00e9s:<\/strong> Gy\u0151z\u0151dj\u00f6n meg arr\u00f3l, hogy a henger megfelel\u0151en van kenve a megfelel\u0151 hidraulikaolajjal. Ez minimaliz\u00e1lja a s\u00farl\u00f3d\u00e1st \u00e9s a kop\u00e1st, meghosszabb\u00edtva a henger \u00e9lettartam\u00e1t.<\/li>\n<li><strong>T\u00f6m\u00edt\u00e9scsere:<\/strong> Id\u0151vel a t\u00f6m\u00edt\u00e9sek elkophatnak, \u00e9s cser\u00e9re szorulhatnak. Rendszeresen ellen\u0151rizze a t\u00f6m\u00edt\u00e9sek \u00e9ps\u00e9g\u00e9t, \u00e9s sz\u00fcks\u00e9g szerint cser\u00e9lje ki \u0151ket a teljes\u00edtm\u00e9ny fenntart\u00e1sa \u00e9rdek\u00e9ben.<\/li>\n<\/ul>\n<h2>Telep\u00edt\u00e9si \u00fatmutat\u00f3<\/h2>\n<p>A g\u00e9mhenger helyes beszerel\u00e9se elengedhetetlen az optim\u00e1lis teljes\u00edtm\u00e9ny \u00e9s a hossz\u00fa \u00e9lettartam biztos\u00edt\u00e1s\u00e1hoz. Kezdje a hengerhez megfelel\u0151 r\u00f6gz\u00edt\u0151konzolok kiv\u00e1laszt\u00e1s\u00e1val, \u00e9s gy\u0151z\u0151dj\u00f6n meg arr\u00f3l, hogy azok kompatibilisek a g\u00e9ppel. Beszerel\u00e9s el\u0151tt ellen\u0151rizze, hogy a henger tiszta \u00e9s t\u00f6rmel\u00e9kmentes-e. Gondosan igaz\u00edtsa a hengert a r\u00f6gz\u00edt\u00e9si pontokhoz, \u00fcgyelve arra, hogy egyenes \u00e9s biztons\u00e1gos legyen. Haszn\u00e1lja a megfelel\u0151 csavarokat a henger r\u00f6gz\u00edt\u00e9s\u00e9hez, \u00e9s ker\u00fclje a t\u00falh\u00faz\u00e1st, mert ez k\u00e1rosod\u00e1shoz vezethet. A beszerel\u00e9s ut\u00e1n ellen\u0151rizze a hidraulikus csatlakoz\u00e1sok sziv\u00e1rg\u00e1s\u00e1t, \u00e9s gy\u0151z\u0151dj\u00f6n meg arr\u00f3l, hogy a rendszer a megfelel\u0151 hidraulikafolyad\u00e9kkal van felt\u00f6ltve. V\u00e9g\u00fcl v\u00e9gezzen m\u0171k\u00f6d\u00e9si tesztet a henger zavartalan m\u0171k\u00f6d\u00e9s\u00e9nek biztos\u00edt\u00e1sa \u00e9rdek\u00e9ben.<\/p>\n<h2>Gyakori karbantart\u00e1si feladatok<\/h2>\n<h3>Rendszeres ellen\u0151rz\u00e9sek<\/h3>\n<p>A rendszeres ellen\u0151rz\u00e9sek elengedhetetlenek a potenci\u00e1lis probl\u00e9m\u00e1k azonos\u00edt\u00e1s\u00e1hoz \u00e9s kezel\u00e9s\u00e9hez, miel\u0151tt azok befoly\u00e1soln\u00e1k a teljes\u00edtm\u00e9nyt. Vizsg\u00e1lja meg a hengert sziv\u00e1rg\u00e1sok, reped\u00e9sek vagy kop\u00e1sok szempontj\u00e1b\u00f3l, \u00e9s gy\u0151z\u0151dj\u00f6n meg arr\u00f3l, hogy minden alkatr\u00e9sz r\u00f6gz\u00edtve van. Ez a proakt\u00edv megk\u00f6zel\u00edt\u00e9s megel\u0151zheti a k\u00f6lts\u00e9ges jav\u00edt\u00e1sokat \u00e9s az \u00e1ll\u00e1sid\u0151t.<\/p>\n<h3>Megfelel\u0151 ken\u00e9s<\/h3>\n<p>A ken\u00e9s elengedhetetlen a hidraulikus hengerek teljes\u00edtm\u00e9ny\u00e9nek fenntart\u00e1s\u00e1hoz. Gy\u0151z\u0151dj\u00f6n meg arr\u00f3l, hogy a megfelel\u0151 t\u00edpus\u00fa hidraulikaolajat haszn\u00e1lja, \u00e9s az aj\u00e1nlott id\u0151k\u00f6z\u00f6nk\u00e9nt alkalmazza. A megfelel\u0151 ken\u00e9s cs\u00f6kkenti a s\u00farl\u00f3d\u00e1st, minimaliz\u00e1lja a kop\u00e1st \u00e9s meghosszabb\u00edtja a henger \u00e9lettartam\u00e1t, biztos\u00edtva annak hat\u00e9kony m\u0171k\u00f6d\u00e9s\u00e9t.<\/p>\n<h3>T\u00f6m\u00edt\u00e9scsere \u00e9s kalibr\u00e1l\u00e1s ellen\u0151rz\u00e9se<\/h3>\n<p>Id\u0151vel a t\u00f6m\u00edt\u00e9sek elhaszn\u00e1l\u00f3dhatnak, ami sziv\u00e1rg\u00e1sokhoz \u00e9s a hat\u00e9konys\u00e1g cs\u00f6kken\u00e9s\u00e9hez vezethet. Rendszeresen ellen\u0151rizze a t\u00f6m\u00edt\u00e9seket kop\u00e1s jelei szempontj\u00e1b\u00f3l, \u00e9s sz\u00fcks\u00e9g szerint cser\u00e9lje ki \u0151ket. Kalibr\u00e1ci\u00f3s ellen\u0151rz\u00e9seket is el kell v\u00e9gezni annak biztos\u00edt\u00e1sa \u00e9rdek\u00e9ben, hogy a henger a megadott param\u00e9tereken bel\u00fcl m\u0171k\u00f6dj\u00f6n, ami elengedhetetlen a biztons\u00e1gos \u00e9s hat\u00e9kony m\u0171k\u00f6d\u00e9shez.<\/p>\n<p><img decoding=\"async\" src=\"https:\/\/www.hydraulic-cylinders.net\/wp-content\/uploads\/2025\/04\/songte-chushion-collar.webp\" alt=\"Hidraulikus henger beszerel\u00e9se\"><\/p>\n<h2>Biztons\u00e1gi szempontok \u00e9s k\u00f6rnyezeti t\u00e9nyez\u0151k<\/h2>\n<p>Hidraulikus hengerekkel v\u00e9gzett munka sor\u00e1n a biztons\u00e1gi int\u00e9zked\u00e9sek kiemelked\u0151en fontosak. A kezel\u0151ket ki kell k\u00e9pezni a hidraulikus rendszerekkel kapcsolatos lehets\u00e9ges vesz\u00e9lyek meg\u00e9rt\u00e9s\u00e9re, bele\u00e9rtve a hirtelen nyom\u00e1skiold\u00e1s \u00e9s a rep\u00fcl\u0151 t\u00f6rmel\u00e9kek kock\u00e1zat\u00e1t. Mindig megfelel\u0151 v\u00e9d\u0151felszerel\u00e9st kell viselni, \u00e9s biztons\u00e1gi protokollokat kell alkalmazni a balesetek megel\u0151z\u00e9se \u00e9rdek\u00e9ben. Ezenk\u00edv\u00fcl figyelembe kell venni a k\u00f6rnyezeti t\u00e9nyez\u0151ket, p\u00e9ld\u00e1ul a sz\u00e9ls\u0151s\u00e9ges h\u0151m\u00e9rs\u00e9kleteket \u00e9s a korroz\u00edv anyagoknak val\u00f3 kitetts\u00e9get, mivel ezek befoly\u00e1solhatj\u00e1k a hidraulikus hengerek teljes\u00edtm\u00e9ny\u00e9t \u00e9s \u00e9lettartam\u00e1t.<\/p>\n<h2>Hibadiagn\u00f3zis \u00e9s gyakori probl\u00e9m\u00e1k<\/h2>\n<ul>\n<li><strong>Sziv\u00e1rg\u00e1s:<\/strong> A hidraulikus hengerek egyik leggyakoribb probl\u00e9m\u00e1ja a sziv\u00e1rg\u00e1s. Ez kopott t\u00f6m\u00edt\u00e9sek vagy s\u00e9r\u00fclt hengertestek miatt fordulhat el\u0151. A sziv\u00e1rg\u00e1s forr\u00e1s\u00e1nak azonos\u00edt\u00e1sa \u00e9s az \u00e9rintett t\u00f6m\u00edt\u00e9sek vagy alkatr\u00e9szek cser\u00e9je elengedhetetlen.<\/li>\n<li><strong>Teljes\u00edtm\u00e9nyprobl\u00e9m\u00e1k:<\/strong> Ha a henger nem ny\u00falik ki vagy h\u00faz\u00f3dik vissza sim\u00e1n, annak oka lehet az alacsony hidraulikafolyad\u00e9k-szint, a rendszerben rekedt leveg\u0151 vagy bels\u0151 s\u00e9r\u00fcl\u00e9s. A folyad\u00e9kszint ellen\u0151rz\u00e9se \u00e9s a rendszer megfelel\u0151 l\u00e9gtelen\u00edt\u00e9se megoldhatja ezeket a probl\u00e9m\u00e1kat.<\/li>\n<li><strong>Zaj:<\/strong> A m\u0171k\u00f6d\u00e9s k\u00f6zbeni szokatlan zajok a henger probl\u00e9m\u00e1j\u00e1ra utalhatnak. Ennek oka lehet a nem megfelel\u0151 ken\u00e9s vagy a hengeren bel\u00fcli mechanikai probl\u00e9m\u00e1k. A rendszeres karbantart\u00e1s seg\u00edthet megel\u0151zni a zajjal kapcsolatos probl\u00e9m\u00e1kat.<\/li>\n<\/ul>\n<p>Ezen gyakori probl\u00e9m\u00e1k miel\u0151bbi kezel\u00e9se seg\u00edthet fenntartani a hidraulikus hengerek teljes\u00edtm\u00e9ny\u00e9t \u00e9s hat\u00e9konys\u00e1g\u00e1t. Ezen probl\u00e9m\u00e1k m\u00f6g\u00f6ttes okainak meg\u00e9rt\u00e9se lehet\u0151v\u00e9 teszi a hat\u00e9kony hibaelh\u00e1r\u00edt\u00e1st \u00e9s a megel\u0151z\u0151 int\u00e9zked\u00e9seket.<\/p>\n<p><img decoding=\"async\" src=\"https:\/\/www.hydraulic-cylinders.net\/wp-content\/uploads\/2025\/04\/songte-bushings-with-all-kinds-of-excavator-models.webp\" alt=\"Hidraulikus henger alkatr\u00e9szek\"><\/p>\n<h2>C\u00e9ginform\u00e1ci\u00f3<\/h2>\n<p>Vezet\u0151 gy\u00e1rt\u00f3i vagyunk a p\u00f3talkatr\u00e9szk\u00e9nt haszn\u00e1lhat\u00f3 hidraulikus hengereknek, \u00e1tfog\u00f3 term\u00e9kv\u00e1laszt\u00e9kot k\u00edn\u00e1lva mind a hazai, mind a nemzetk\u00f6zi piacok sz\u00e1m\u00e1ra. A min\u0151s\u00e9g ir\u00e1nti elk\u00f6telezetts\u00e9g\u00fcnk a legmodernebb gy\u00e1rt\u00f3l\u00e9tes\u00edtm\u00e9nyeinkben \u00e9s a szigor\u00fa termel\u00e9sir\u00e1ny\u00edt\u00e1si strat\u00e9gi\u00e1k betart\u00e1s\u00e1ban is megmutatkozik. Fejlett technol\u00f3gi\u00e1t \u00e9s k\u00e9pzett szem\u00e9lyzetet kihaszn\u00e1lva folyamatosan fejlesztj\u00fck gy\u00e1rt\u00e1si folyamatainkat a term\u00e9kmin\u0151s\u00e9g jav\u00edt\u00e1sa \u00e9s a soksz\u00edn\u0171 \u00fcgyf\u00e9lig\u00e9nyek kiel\u00e9g\u00edt\u00e9se \u00e9rdek\u00e9ben. A kiv\u00e1l\u00f3s\u00e1g ir\u00e1nti elk\u00f6telezetts\u00e9g\u00fcnk tette minket a vil\u00e1g egyik vezet\u0151 hidraulikus hengergy\u00e1rt\u00f3j\u00e1v\u00e1 \u00e9s nagykeresked\u0151j\u00e9v\u00e9.<\/p>\n<p><img decoding=\"async\" src=\"https:\/\/www.hydraulic-cylinders.net\/wp-content\/uploads\/2025\/04\/songte-company-4.webp\" alt=\"Hidraulikus hengergy\u00e1rt\u00f3 l\u00e9tes\u00edtm\u00e9ny\"><br \/>\n<img decoding=\"async\" src=\"https:\/\/www.hydraulic-cylinders.net\/wp-content\/uploads\/2025\/04\/songte-company-3.webp\" alt=\"Hidraulikus hengergy\u00e1rt\u00f3 berendez\u00e9sek\"><\/p>\n<p>Szerz\u0151: lyl<\/p>","protected":false},"excerpt":{"rendered":"<p>Boom Cylinder For Aotai AT180E-9 Product Overview The Boom Cylinder for Aotai AT180E-9 is a specialized hydraulic cylinder designed to control the movement of buckets in various heavy machinery such as excavators, backhoe loaders, and front loaders. This hydraulic cylinder enables the bucket to lift, lower, and tilt, facilitating efficient material handling tasks. The bucket [&hellip;]<\/p>","protected":false},"featured_media":17870,"comment_status":"open","ping_status":"closed","template":"","meta":{"_et_pb_use_builder":"","_et_pb_old_content":"","_et_gb_content_width":""},"product_brand":[],"product_cat":[1546],"product_tag":[1547,1496],"class_list":{"0":"post-19637","1":"product","2":"type-product","3":"status-publish","4":"has-post-thumbnail","6":"product_cat-boom-cylinders","7":"product_tag-boom-cylinders","8":"product_tag-hydraulic-cylinders","10":"first","11":"instock","12":"shipping-taxable","13":"product-type-simple"},"amp_enabled":true,"_links":{"self":[{"href":"https:\/\/www.hydraulic-cylinders.net\/hu\/wp-json\/wp\/v2\/product\/19637","targetHints":{"allow":["GET"]}}],"collection":[{"href":"https:\/\/www.hydraulic-cylinders.net\/hu\/wp-json\/wp\/v2\/product"}],"about":[{"href":"https:\/\/www.hydraulic-cylinders.net\/hu\/wp-json\/wp\/v2\/types\/product"}],"replies":[{"embeddable":true,"href":"https:\/\/www.hydraulic-cylinders.net\/hu\/wp-json\/wp\/v2\/comments?post=19637"}],"wp:featuredmedia":[{"embeddable":true,"href":"https:\/\/www.hydraulic-cylinders.net\/hu\/wp-json\/wp\/v2\/media\/17870"}],"wp:attachment":[{"href":"https:\/\/www.hydraulic-cylinders.net\/hu\/wp-json\/wp\/v2\/media?parent=19637"}],"wp:term":[{"taxonomy":"product_brand","embeddable":true,"href":"https:\/\/www.hydraulic-cylinders.net\/hu\/wp-json\/wp\/v2\/product_brand?post=19637"},{"taxonomy":"product_cat","embeddable":true,"href":"https:\/\/www.hydraulic-cylinders.net\/hu\/wp-json\/wp\/v2\/product_cat?post=19637"},{"taxonomy":"product_tag","embeddable":true,"href":"https:\/\/www.hydraulic-cylinders.net\/hu\/wp-json\/wp\/v2\/product_tag?post=19637"}],"curies":[{"name":"munkaf\u00fczet","href":"https:\/\/api.w.org\/{rel}","templated":true}]}}