{"id":1964,"date":"2023-10-23T06:46:13","date_gmt":"2023-10-23T06:46:13","guid":{"rendered":"https:\/\/hydraulic-cylinders.net\/?post_type=product&#038;p=1964"},"modified":"2023-10-23T06:46:14","modified_gmt":"2023-10-23T06:46:14","slug":"v30e-series-axial-piston-variable-displacement-hydraulic-pump","status":"publish","type":"product","link":"https:\/\/www.hydraulic-cylinders.net\/hu\/termek\/v30e-series-axial-piston-variable-displacement-hydraulic-pump\/","title":{"rendered":"V30E sorozat\u00fa axi\u00e1lis dugatty\u00fas v\u00e1ltoz\u00f3 t\u00e9rfogatkiszor\u00edt\u00e1s\u00fa hidraulikus szivatty\u00fa"},"content":{"rendered":"<h1 style=\"text-align: center;\"><strong>V30E sorozat\u00fa axi\u00e1lis dugatty\u00fas v\u00e1ltoz\u00f3 t\u00e9rfogatkiszor\u00edt\u00e1s\u00fa hidraulikus szivatty\u00fa<\/strong><\/h1>\n<p><img loading=\"lazy\" decoding=\"async\" class=\"aligncenter wp-image-1977\" src=\"https:\/\/hydraulic-cylinders.net\/wp-content\/uploads\/2023\/10\/v30e-series-axial-piston-variable-displacement-pump-1-300x300.webp\" alt=\"\" width=\"400\" height=\"400\" \/><\/p>\n<p>A V30E sorozat\u00fa axi\u00e1ldugatty\u00fas, v\u00e1ltoztathat\u00f3 kiszor\u00edt\u00e1s\u00fa hidraulikus szivatty\u00fa egy kiv\u00e9teles megold\u00e1s, amelyet a hidraulikus rendszerek teljes\u00edtm\u00e9ny\u00e9nek \u00e9s hat\u00e9konys\u00e1g\u00e1nak n\u00f6vel\u00e9s\u00e9re terveztek. Fejlett funkci\u00f3ival, prec\u00edz vez\u00e9rl\u00e9s\u00e9vel \u00e9s robusztus konstrukci\u00f3j\u00e1val ez a hidraulikus szivatty\u00fa \u00faj m\u00e9rc\u00e9t \u00e1ll\u00edt fel az ipar\u00e1gban.<\/p>\n<p>A V30E sorozat\u00fa axi\u00e1ldugatty\u00fas, v\u00e1ltoztathat\u00f3 kiszor\u00edt\u00e1s\u00fa hidraulikus szivatty\u00fa forradalmi v\u00e1ltoz\u00e1st hoz a hidraulikus rendszerek vil\u00e1g\u00e1ban. V\u00e1ltoztathat\u00f3 kiszor\u00edt\u00e1s\u00fa k\u00e9pess\u00e9ge, nagy teljes\u00edtm\u00e9nye \u00e9s sokoldal\u00fa kialak\u00edt\u00e1sa prec\u00edz vez\u00e9rl\u00e9st, fokozott hat\u00e9konys\u00e1got \u00e9s kiv\u00e9teles teljes\u00edtm\u00e9nylead\u00e1st k\u00edn\u00e1l. Az aj\u00e1nlott haszn\u00e1lati m\u00f3dszerek betart\u00e1s\u00e1val \u00e9s a rendszeres karbantart\u00e1si gyakorlatok betart\u00e1s\u00e1val a V30E sorozat\u00fa szivatty\u00fa tov\u00e1bbra is kiemelked\u0151 teljes\u00edtm\u00e9nyt, hat\u00e9konys\u00e1got \u00e9s megb\u00edzhat\u00f3s\u00e1got biztos\u00edt. Haszn\u00e1lja ki a V30E sorozat\u00fa axi\u00e1ldugatty\u00fas, v\u00e1ltoztathat\u00f3 kiszor\u00edt\u00e1s\u00fa hidraulikus szivatty\u00fa erej\u00e9t \u00e9s hat\u00e9konys\u00e1g\u00e1t, hogy kiakn\u00e1zza hidraulikus rendszer\u00e9nek teljes potenci\u00e1lj\u00e1t.<\/p>\n<p>V30E sorozat\u00fa axi\u00e1ldugatty\u00fas, v\u00e1ltoztathat\u00f3 t\u00e9rfogatkiszor\u00edt\u00e1s\u00fa hidraulikus szivatty\u00fa f\u0151bb jellemz\u0151i:<\/p>\n<ul>\n<li>V\u00e1ltoztathat\u00f3 sz\u00e1ll\u00edt\u00e1si kapacit\u00e1s: A V30E sorozat\u00fa szivatty\u00fa fejlett v\u00e1ltoztathat\u00f3 sz\u00e1ll\u00edt\u00e1si technol\u00f3gi\u00e1val b\u00fcszk\u00e9lkedhet, amely lehet\u0151v\u00e9 teszi a teljes\u00edtm\u00e9ny be\u00e1ll\u00edt\u00e1s\u00e1t a rendszer ig\u00e9nyei szerint. Ez a funkci\u00f3 optim\u00e1lis energiafelhaszn\u00e1l\u00e1st biztos\u00edt, n\u00f6veli a hat\u00e9konys\u00e1got \u00e9s cs\u00f6kkenti az energiafogyaszt\u00e1st.<\/li>\n<li>Nagy teljes\u00edtm\u00e9ny \u00e9s er\u0151: Kiv\u00e9teles kialak\u00edt\u00e1s\u00e1nak \u00e9s m\u00e9rn\u00f6ki munk\u00e1j\u00e1nak k\u00f6sz\u00f6nhet\u0151en a V30E sorozat\u00fa szivatty\u00fa kiemelked\u0151 teljes\u00edtm\u00e9nyt \u00e9s er\u0151t biztos\u00edt. Z\u00f6kken\u0151mentesen m\u0171k\u00f6dik k\u00fcl\u00f6nb\u00f6z\u0151 nyom\u00e1s- \u00e9s sebess\u00e9gtartom\u00e1nyokban, prec\u00edz vez\u00e9rl\u00e9st \u00e9s hat\u00e9kony energiaell\u00e1t\u00e1st biztos\u00edtva a kiv\u00e1l\u00f3 rendszerteljes\u00edtm\u00e9ny \u00e9rdek\u00e9ben.<\/li>\n<li>Sokoldal\u00fa kialak\u00edt\u00e1s a k\u00fcl\u00f6nf\u00e9le alkalmaz\u00e1sokhoz: A V30E sorozat\u00fa szivatty\u00fat \u00fagy tervezt\u00e9k, hogy k\u00fcl\u00f6nf\u00e9le hidraulikus rendszerekhez \u00e9s alkalmaz\u00e1sokhoz illeszkedjen. Sokoldal\u00fa r\u00f6gz\u00edt\u00e9si lehet\u0151s\u00e9geket, folyad\u00e9kkompatibilit\u00e1st \u00e9s vez\u00e9rl\u00e9si m\u00f3dszereket k\u00edn\u00e1l, \u00edgy alkalmass\u00e1 teszi k\u00fcl\u00f6nf\u00e9le ipar\u00e1gak \u00e9s g\u00e9pek sz\u00e1m\u00e1ra.<\/li>\n<li>Hat\u00e9konys\u00e1g b\u00e1rmilyen terhel\u00e9sn\u00e9l: A V30E sorozat\u00fa szivatty\u00fa v\u00e1ltoztathat\u00f3 l\u00f6kett\u00e9rfogat\u00fa funkci\u00f3ja sz\u00e9les terhel\u00e9si tartom\u00e1nyban biztos\u00edtja a hat\u00e9konys\u00e1got. Minimaliz\u00e1lja az energiavesztes\u00e9get \u00e9s a termel\u00e9kenys\u00e9get, m\u00e9g v\u00e1ltoz\u00f3 \u00fczemi k\u00f6r\u00fclm\u00e9nyek k\u00f6z\u00f6tt is, az\u00e1ltal, hogy automatikusan a rendszer ig\u00e9nyeihez igaz\u00edtja a teljes\u00edtm\u00e9nyt.<\/li>\n<\/ul>\n<h2><strong>V30E sorozat\u00fa axi\u00e1lis dugatty\u00fas v\u00e1ltoz\u00f3 t\u00e9rfogatkiszor\u00edt\u00e1s\u00fa hidraulikus szivatty\u00fa param\u00e9tere:<\/strong><\/h2>\n<table class=\"table table-bordered table-hover table-colored\">\n<tbody>\n<tr class=\"firstRow\">\n<td colspan=\"1\" rowspan=\"2\" align=\"center\" valign=\"middle\">M\u00e9ret<\/td>\n<td rowspan=\"2\" align=\"center\" valign=\"middle\">L\u00f6kett\u00e9rfogat cm\u00b3\/ford<\/td>\n<td colspan=\"2\" rowspan=\"1\" align=\"center\" valign=\"middle\">Nyom\u00e1sr\u00fad<\/td>\n<td colspan=\"2\" rowspan=\"1\" align=\"center\" valign=\"middle\">Forg\u00e1si sebess\u00e9g ford\/perc<\/td>\n<\/tr>\n<tr>\n<td align=\"center\" valign=\"middle\">N\u00e9vleges<\/td>\n<td align=\"center\" valign=\"middle\">Cs\u00facs<\/td>\n<td align=\"center\" valign=\"middle\">Max \u00f6nfelsz\u00edv\u00f3<sup>*1<\/sup><\/td>\n<td align=\"center\" valign=\"middle\">Max<sup>*2<\/sup><\/td>\n<\/tr>\n<tr>\n<td align=\"center\" valign=\"middle\">V30E75<\/td>\n<td align=\"center\" valign=\"middle\">75<\/td>\n<td align=\"center\" valign=\"middle\">400<\/td>\n<td align=\"center\" valign=\"middle\">450<\/td>\n<td align=\"center\" valign=\"middle\">2800<\/td>\n<td align=\"center\" valign=\"middle\">3000<\/td>\n<\/tr>\n<tr>\n<td align=\"center\" valign=\"middle\">V30E95<\/td>\n<td align=\"center\" valign=\"middle\">98<\/td>\n<td align=\"center\" valign=\"middle\">350<\/td>\n<td align=\"center\" valign=\"middle\">420<\/td>\n<td align=\"center\" valign=\"middle\">2500<\/td>\n<td align=\"center\" valign=\"middle\">2900<\/td>\n<\/tr>\n<tr>\n<td align=\"center\" valign=\"middle\">\u00a0V30E160<\/td>\n<td align=\"center\" valign=\"middle\">160<\/td>\n<td align=\"center\" valign=\"middle\">350<\/td>\n<td align=\"center\" valign=\"middle\">420<\/td>\n<td align=\"center\" valign=\"middle\">2100<\/td>\n<td align=\"center\" valign=\"middle\">2500<\/td>\n<\/tr>\n<tr>\n<td align=\"center\" valign=\"middle\">\u00a0V30E270<\/td>\n<td align=\"center\" valign=\"middle\">270<\/td>\n<td align=\"center\" valign=\"middle\">350<\/td>\n<td align=\"center\" valign=\"middle\">420<\/td>\n<td align=\"center\" valign=\"middle\">1800<\/td>\n<td align=\"center\" valign=\"middle\">2000<\/td>\n<\/tr>\n<tr>\n<td align=\"center\" valign=\"middle\">\u00a0V30E280<\/td>\n<td align=\"center\" valign=\"middle\">280<\/td>\n<td align=\"center\" valign=\"middle\">350<\/td>\n<td align=\"center\" valign=\"middle\">420<\/td>\n<td align=\"center\" valign=\"middle\">2300<\/td>\n<td align=\"center\" valign=\"middle\">2300<\/td>\n<\/tr>\n<\/tbody>\n<\/table>\n<h2><strong>V30E sorozat\u00fa axi\u00e1ldugatty\u00fas v\u00e1ltoz\u00f3 t\u00e9rfogatkiszor\u00edt\u00e1s\u00fa hidraulikus szivatty\u00fa el\u0151nyei:<\/strong><\/h2>\n<p>\u2022 Ny\u00edltl\u00e1nc\u00fa hidraulikus rendszerekben alkalmazhat\u00f3<br \/>\n\u2022 Alacsony zajszint<br \/>\n\u2022 T\u00f6bb vez\u00e9rl\u0151modul<br \/>\n\u2022 Er\u0151s szerkezet<br \/>\n\u2022 Kompakt fel\u00e9p\u00edt\u00e9s, nagy teljes\u00edtm\u00e9nys\u0171r\u0171s\u00e9g<br \/>\n\u2022 Hossz\u00fa \u00e9lettartam<\/p>\n<h2><strong>V30E sorozat\u00fa axi\u00e1lis dugatty\u00fas v\u00e1ltoz\u00f3 t\u00e9rfogatkiszor\u00edt\u00e1s\u00fa hidraulikus szivatty\u00fa <\/strong><strong>Alkalmaz\u00e1s:<\/strong><\/h2>\n<p><img loading=\"lazy\" decoding=\"async\" class=\"alignnone wp-image-1976 size-full\" src=\"https:\/\/hydraulic-cylinders.net\/wp-content\/uploads\/2023\/10\/v30d-series-axial-piston-variable-displacement-pump-2.webp\" alt=\"\" width=\"1144\" height=\"394\" srcset=\"https:\/\/hydraulic-cylinders.net\/wp-content\/uploads\/2023\/10\/v30d-series-axial-piston-variable-displacement-pump-2.webp 1144w, https:\/\/hydraulic-cylinders.net\/wp-content\/uploads\/2023\/10\/v30d-series-axial-piston-variable-displacement-pump-2-980x338.webp 980w, https:\/\/hydraulic-cylinders.net\/wp-content\/uploads\/2023\/10\/v30d-series-axial-piston-variable-displacement-pump-2-480x165.webp 480w\" sizes=\"(min-width: 0px) and (max-width: 480px) 480px, (min-width: 481px) and (max-width: 980px) 980px, (min-width: 981px) 1144px, 100vw\" \/><\/p>\n<h2><strong>A V30E sorozat\u00fa axi\u00e1lis dugatty\u00fas v\u00e1ltoz\u00f3 t\u00e9rfogatkiszor\u00edt\u00e1s\u00fa hidraulikus szivatty\u00fa haszn\u00e1lati m\u00f3dja<\/strong><strong>:<\/strong><\/h2>\n<ul>\n<li><strong>Telep\u00edt\u00e9s \u00e9s integr\u00e1ci\u00f3:<\/strong> V\u00e1lasszon ki egy megfelel\u0151 helyet a hidraulikus rendszeren bel\u00fcl a V30E sorozat\u00fa axi\u00e1lis dugatty\u00fas, v\u00e1ltoztathat\u00f3 t\u00e9rfogatkiszor\u00edt\u00e1s\u00fa hidraulikus szivatty\u00fa telep\u00edt\u00e9s\u00e9hez. Biztos\u00edtsa a megfelel\u0151 be\u00e1ll\u00edt\u00e1st, \u00e9s r\u00f6gz\u00edtse biztons\u00e1gosan a szivatty\u00fat megfelel\u0151 konzolok vagy tartoz\u00e9kok seg\u00edts\u00e9g\u00e9vel. Csatlakoztassa a szivatty\u00fat a hidraulikus rendszerhez kompatibilis szerelv\u00e9nyekkel \u00e9s t\u00f6ml\u0151kkel, \u00fcgyelve a sziv\u00e1rg\u00e1smentes csatlakoz\u00e1sokra.<\/li>\n<li><strong>Folyad\u00e9kkompatibilit\u00e1s:<\/strong> Ellen\u0151rizze, hogy a rendszerben haszn\u00e1lt hidraulikafolyad\u00e9k kompatibilis-e a V30E sorozat\u00fa szivatty\u00faval. Tekintse meg a gy\u00e1rt\u00f3 \u00e1ltal aj\u00e1nlott folyad\u00e9kt\u00edpust, viszkozit\u00e1st \u00e9s h\u0151m\u00e9rs\u00e9klet-tartom\u00e1nyt. Rendszeresen ellen\u0151rizze \u00e9s tartsa karban a hidraulikafolyad\u00e9kot a szivatty\u00fa optim\u00e1lis m\u0171k\u00f6d\u00e9s\u00e9nek \u00e9s hossz\u00fa \u00e9lettartam\u00e1nak biztos\u00edt\u00e1sa \u00e9rdek\u00e9ben.<\/li>\n<li><strong>Szab\u00e1lyoz\u00e1s \u00e9s be\u00e1ll\u00edt\u00e1s:<\/strong> Ismerkedjen meg a V30E sorozat\u00fa szivatty\u00fa \u00e1ltal k\u00edn\u00e1lt vez\u00e9rl\u00e9si lehet\u0151s\u00e9gekkel. Az adott modellt\u0151l f\u00fcgg\u0151en k\u00fcl\u00f6nf\u00e9le vez\u00e9rl\u00e9si m\u00f3dszereket k\u00edn\u00e1lhat, p\u00e9ld\u00e1ul manu\u00e1lis, ar\u00e1nyos vagy elektronikus vez\u00e9rl\u00e9st. \u00c9rtse meg az aj\u00e1nlott vez\u00e9rl\u00e9si be\u00e1ll\u00edt\u00e1sokat, \u00e9s ennek megfelel\u0151en \u00e1ll\u00edtsa be azokat a szivatty\u00fa teljes\u00edtm\u00e9ny\u00e9nek optimaliz\u00e1l\u00e1sa \u00e9rdek\u00e9ben.<\/li>\n<li><strong>Rendszeroptimaliz\u00e1l\u00e1s:<\/strong> A V30E sorozat\u00fa szivatty\u00fa lehet\u0151v\u00e9 teszi a rendszer optimaliz\u00e1l\u00e1s\u00e1t az\u00e1ltal, hogy a szivatty\u00fa l\u00f6kett\u00e9rfogat\u00e1t a terhel\u00e9si k\u00f6vetelm\u00e9nyeknek megfelel\u0151en \u00e1ll\u00edtja be. Haszn\u00e1lja ki ezt a funkci\u00f3t az energiahat\u00e9konys\u00e1g \u00e9s a rendszer teljes\u00edtm\u00e9ny\u00e9nek maximaliz\u00e1l\u00e1sa \u00e9rdek\u00e9ben.<\/li>\n<\/ul>\n<h2><strong>Hogyan kell sz\u00e9tszerelni egy hidraulikus hengert?<\/strong><\/h2>\n<p>A hidraulikus henger sz\u00e9tszerel\u00e9se gondos kezel\u00e9st \u00e9s a henger alkatr\u00e9szeinek ismeret\u00e9t ig\u00e9nyli. \u00cdme egy \u00e1ltal\u00e1nos \u00fatmutat\u00f3 a hidraulikus henger sz\u00e9tszerel\u00e9s\u00e9hez:<\/p>\n<ol>\n<li><strong>Els\u0151 a biztons\u00e1g:<\/strong> A sz\u00e9tszerel\u00e9s megkezd\u00e9se el\u0151tt gy\u0151z\u0151dj\u00f6n meg arr\u00f3l, hogy a hidraulikus rendszer nyom\u00e1smentes\u00edtett, \u00e9s a hidraulikafolyad\u00e9k teljesen le van \u00fcr\u00edtve. Haszn\u00e1ljon megfelel\u0151 szem\u00e9lyi v\u00e9d\u0151felszerel\u00e9st, p\u00e9ld\u00e1ul keszty\u0171t \u00e9s v\u00e9d\u0151szem\u00fcveget, hogy megv\u00e9dje mag\u00e1t a lehets\u00e9ges vesz\u00e9lyekt\u0151l.<\/li>\n<li><strong>Szersz\u00e1mok \u00e9s felszerel\u00e9sek \u00f6sszegy\u0171jt\u00e9se:<\/strong> K\u00e9sz\u00edtse el\u0151 a sz\u00e9tszerel\u00e9shez sz\u00fcks\u00e9ges szersz\u00e1mokat \u00e9s berendez\u00e9seket. Ezek lehetnek vill\u00e1skulcsok, dug\u00f3kulcsok, fog\u00f3k, gumikalap\u00e1cs, fesz\u00edt\u0151vas \u00e9s egy tiszta munkafel\u00fclet.<\/li>\n<li><strong>Henger el\u0151k\u00e9sz\u00edt\u00e9se:<\/strong> T\u00e1vol\u00edtson el minden k\u00fcls\u0151 tartoz\u00e9kot vagy tartoz\u00e9kot a hidraulikus hengerr\u0151l, p\u00e9ld\u00e1ul a r\u00f6gz\u00edt\u0151konzolokat vagy a t\u00f6ml\u0151ket. Tiszt\u00edtsa meg a henger k\u00fclsej\u00e9t, hogy megakad\u00e1lyozza a szennyez\u0151d\u00e9s vagy t\u00f6rmel\u00e9k bejut\u00e1s\u00e1t a sz\u00e9tszerel\u00e9s sor\u00e1n.<\/li>\n<li><strong>Hidraulikus vezet\u00e9kek lev\u00e1laszt\u00e1sa:<\/strong> Azonos\u00edtsa a hengerhez csatlakoztatott hidraulikavezet\u00e9keket. Haszn\u00e1ljon megfelel\u0151 szersz\u00e1mokat a szerelv\u00e9nyek vagy csatlakoz\u00f3k lev\u00e1laszt\u00e1s\u00e1hoz, \u00fcgyelve arra, hogy a marad\u00e9k hidraulikafolyad\u00e9kot megfelel\u0151 tart\u00e1lyba gy\u0171jtse.<\/li>\n<li><strong>A z\u00e1r\u00f3kupakok \u00e9s a r\u00f6gz\u00edt\u0151csavarok elt\u00e1vol\u00edt\u00e1sa:<\/strong> Keresse meg a henger v\u00e9gz\u00e1r\u00f3 kupakjait. Ezeket \u00e1ltal\u00e1ban r\u00f6gz\u00edt\u0151csavarokkal vagy csavarokkal r\u00f6gz\u00edtik. A r\u00f6gz\u00edt\u0151csavarok elt\u00e1vol\u00edt\u00e1s\u00e1val oldja ki a v\u00e9gz\u00e1r\u00f3 kupakokat a megfelel\u0151 szersz\u00e1mok seg\u00edts\u00e9g\u00e9vel.<\/li>\n<li><strong>Kiold\u00f3dugatty\u00fa \u00e9s r\u00fad:<\/strong> A v\u00e9gz\u00e1r\u00f3 kupakok elt\u00e1vol\u00edt\u00e1sa ut\u00e1n a dugatty\u00fa-r\u00fad szerelv\u00e9nynek hozz\u00e1f\u00e9rhet\u0151nek kell lennie. \u00dcsd meg a rudat egy gumikalap\u00e1ccsal, hogy meglaz\u00edtsa a hengerb\u0151l. Lassan h\u00fazd ki a dugatty\u00fa-r\u00fad szerelv\u00e9nyt a henger furat\u00e1b\u00f3l. Figyelj a szerelv\u00e9nyhez tartoz\u00f3 esetleges t\u00f6m\u00edt\u00e9sekre \u00e9s csap\u00e1gyakra.<\/li>\n<li><strong>Alkatr\u00e9szek ellen\u0151rz\u00e9se \u00e9s cser\u00e9je:<\/strong> A henger sz\u00e9tszerel\u00e9se ut\u00e1n gondosan ellen\u0151rizze az egyes alkatr\u00e9szeket kop\u00e1s, s\u00e9r\u00fcl\u00e9s vagy sziv\u00e1rg\u00e1s szempontj\u00e1b\u00f3l. Cser\u00e9lje ki az elkopott vagy s\u00e9r\u00fclt t\u00f6m\u00edt\u00e9seket, csap\u00e1gyakat vagy egy\u00e9b alkatr\u00e9szeket. Alaposan tiszt\u00edtsa meg az \u00f6sszes alkatr\u00e9szt megfelel\u0151 old\u00f3szerrel.<\/li>\n<li><strong>\u00dajb\u00f3li \u00f6sszeszerel\u00e9s:<\/strong> A hidraulikus henger \u00f6sszeszerel\u00e9s\u00e9hez k\u00f6vesse a sz\u00e9tszerel\u00e9s ford\u00edtott sorrendj\u00e9t. Kenje meg a t\u00f6m\u00edt\u00e9seket \u00e9s az alkatr\u00e9szeket hidraulikafolyad\u00e9kkal a sima \u00f6sszeszerel\u00e9s biztos\u00edt\u00e1sa \u00e9rdek\u00e9ben. \u00dcgyeljen arra, hogy a dugatty\u00fa \u00e9s a r\u00fad egys\u00e9ge megfelel\u0151en illeszkedjen a henger furat\u00e1ba. R\u00f6gz\u00edtse a v\u00e9gz\u00e1r\u00f3kat a r\u00f6gz\u00edt\u0151csavarokkal, \u00fcgyelve a megfelel\u0151 nyomat\u00e9kadatokra.<\/li>\n<li><strong>Tesztel\u00e9s \u00e9s \u00fajratelep\u00edt\u00e9s:<\/strong> Az \u00f6sszeszerel\u00e9s ut\u00e1n alaposan ellen\u0151rizze a hengert, hogy minden alkatr\u00e9sz megfelel\u0151en be van-e szerelve. Csatlakoztassa \u00fajra a hidraulikavezet\u00e9keket, \u00e9s fokozatosan helyezze nyom\u00e1s al\u00e1 a rendszert. Ellen\u0151rizze, hogy nincs-e sziv\u00e1rg\u00e1s vagy rendellenes m\u0171k\u00f6d\u00e9s. Ha minden megfelel\u0151en m\u0171k\u00f6dik, szerelje vissza a hidraulikahengert a tervezett hely\u00e9re.<\/li>\n<\/ol>\n<h2><strong>A gy\u00e1r kapacit\u00e1sa \u00e9s kapacit\u00e1sa:<\/strong><\/h2>\n<h3>(1) \u00d6sszeszerel\u00e9s<\/h3>\n<p>Els\u0151 oszt\u00e1ly\u00fa f\u00fcggetlen kutat\u00e1si \u00e9s fejleszt\u00e9si \u00f6sszeszerel\u00e9si platformmal rendelkez\u00fcnk. A hidraulikus hengergy\u00e1rt\u00f3 m\u0171hely n\u00e9gy f\u00e9lautomata emel\u0151henger-\u00f6sszeszerel\u0151 sorral \u00e9s egy automata billen\u0151henger-\u00f6sszeszerel\u0151 sorral rendelkezik, tervezett \u00e9ves gy\u00e1rt\u00e1si kapacit\u00e1sa 1 milli\u00f3 darab. A speci\u00e1lis henger m\u0171hely k\u00fcl\u00f6nb\u00f6z\u0151 specifik\u00e1ci\u00f3j\u00fa f\u00e9lautomata tiszt\u00edt\u00f3 \u00f6sszeszerel\u0151 rendszerrel van felszerelve, amelynek tervezett \u00e9ves termel\u00e9si kapacit\u00e1sa 200.000, \u00e9s h\u00edres CNC megmunk\u00e1l\u00f3 berendez\u00e9ssel, megmunk\u00e1l\u00f3 k\u00f6zponttal, nagy pontoss\u00e1g\u00fa hengerfeldolgoz\u00f3 speci\u00e1lis berendez\u00e9ssel, robothegeszt\u0151 g\u00e9ppel, automatikus tiszt\u00edt\u00f3g\u00e9ppel, automatikus henger \u00f6sszeszerel\u0151 g\u00e9ppel \u00e9s automatikus fest\u00e9si gy\u00e1rt\u00f3sorral van felszerelve. A megl\u00e9v\u0151 kritikus berendez\u00e9sek t\u00f6bb mint 300 k\u00e9szlet (k\u00e9szlet). A berendez\u00e9sek er\u0151forr\u00e1sainak optim\u00e1lis eloszt\u00e1sa \u00e9s hat\u00e9kony felhaszn\u00e1l\u00e1sa biztos\u00edtja a term\u00e9kek pontoss\u00e1gi k\u00f6vetelm\u00e9nyeit \u00e9s megfelel a term\u00e9kek min\u0151s\u00e9gi ig\u00e9nyeinek.<\/p>\n<p><img loading=\"lazy\" decoding=\"async\" class=\"alignnone wp-image-626\" src=\"https:\/\/hydraulic-cylinders.net\/wp-content\/uploads\/2023\/08\/hydraulic-cylinder-product-1-300x158.webp\" alt=\"\" width=\"495\" height=\"260\" srcset=\"https:\/\/hydraulic-cylinders.net\/wp-content\/uploads\/2023\/08\/hydraulic-cylinder-product-1-300x158.webp 495w, https:\/\/hydraulic-cylinders.net\/wp-content\/uploads\/2023\/08\/hydraulic-cylinder-product-1-480x252.webp 480w\" sizes=\"(min-width: 0px) and (max-width: 480px) 480px, (min-width: 481px) 495px, 100vw\" \/> <img loading=\"lazy\" decoding=\"async\" class=\"alignnone wp-image-627\" src=\"https:\/\/hydraulic-cylinders.net\/wp-content\/uploads\/2023\/08\/hydraulic-cylinder-product-2-300x189.webp\" alt=\"\" width=\"413\" height=\"260\" \/><\/p>\n<h3>(2) Megmunk\u00e1l\u00e1s<\/h3>\n<p>A megmunk\u00e1l\u00f3m\u0171hely egyedi, ferde s\u00edneszterg\u00e1l\u00f3 k\u00f6zponttal, megmunk\u00e1l\u00f3k\u00f6zponttal, nagysebess\u00e9g\u0171 h\u00f3nol\u00f3g\u00e9ppel, hegeszt\u0151robottal \u00e9s egy\u00e9b kapcsol\u00f3d\u00f3 berendez\u00e9sekkel van felszerelve, amelyek legfeljebb 400 mm bels\u0151 \u00e1tm\u00e9r\u0151j\u0171 \u00e9s legfeljebb 6 m\u00e9ter hossz\u00fa hengercs\u00f6vek megmunk\u00e1l\u00e1s\u00e1ra k\u00e9pesek.<\/p>\n<p><img loading=\"lazy\" decoding=\"async\" class=\"alignnone wp-image-628 size-large\" src=\"https:\/\/hydraulic-cylinders.net\/wp-content\/uploads\/2023\/08\/hydraulic-cylinder-product-3-1024x391.webp\" alt=\"\" width=\"1024\" height=\"391\" srcset=\"https:\/\/hydraulic-cylinders.net\/wp-content\/uploads\/2023\/08\/hydraulic-cylinder-product-3-980x374.webp 980w, https:\/\/hydraulic-cylinders.net\/wp-content\/uploads\/2023\/08\/hydraulic-cylinder-product-3-480x183.webp 480w\" sizes=\"(min-width: 0px) and (max-width: 480px) 480px, (min-width: 481px) and (max-width: 980px) 980px, (min-width: 981px) 1024px, 100vw\" \/><\/p>\n<h3>(3) Hegeszt\u00e9s<\/h3>\n<p><img loading=\"lazy\" decoding=\"async\" class=\"alignnone wp-image-629 size-large\" src=\"https:\/\/hydraulic-cylinders.net\/wp-content\/uploads\/2023\/08\/hydraulic-cylinder-product-4-1024x510.webp\" alt=\"\" width=\"1024\" height=\"510\" srcset=\"https:\/\/hydraulic-cylinders.net\/wp-content\/uploads\/2023\/08\/hydraulic-cylinder-product-4-980x488.webp 980w, https:\/\/hydraulic-cylinders.net\/wp-content\/uploads\/2023\/08\/hydraulic-cylinder-product-4-480x239.webp 480w\" sizes=\"(min-width: 0px) and (max-width: 480px) 480px, (min-width: 481px) and (max-width: 980px) 980px, (min-width: 981px) 1024px, 100vw\" \/><\/p>\n<h3>(4) Fest\u00e9s \u00e9s bevonatol\u00e1s<\/h3>\n<p>Kis \u00e9s k\u00f6zepes m\u00e9ret\u0171 hengeres automatikus v\u00edzb\u00e1zis\u00fa fest\u00e9kbevon\u00f3 sorokkal, az automatikus robot be- \u00e9s kirakod\u00e1s, valamint az automatikus permetez\u00e9s megval\u00f3s\u00edt\u00e1s\u00e1hoz, a tervez\u00e9si kapacit\u00e1s m\u0171szakonk\u00e9nt 4000 darab;<br \/>\nRendelkez\u00fcnk egy f\u00e9lautomata fest\u00e9kgy\u00e1rt\u00f3sorral is nagym\u00e9ret\u0171 palackokhoz, amelyet egy er\u0151\u00e1tviteli l\u00e1nc hajt, m\u0171szakonk\u00e9nt 60 doboz tervez\u00e9si kapacit\u00e1ssal.<\/p>\n<p><img loading=\"lazy\" decoding=\"async\" class=\"alignnone wp-image-630\" src=\"https:\/\/hydraulic-cylinders.net\/wp-content\/uploads\/2023\/08\/hydraulic-cylinder-product-5-300x213.webp\" alt=\"\" width=\"366\" height=\"260\" \/> <img loading=\"lazy\" decoding=\"async\" class=\"alignnone wp-image-631\" src=\"https:\/\/hydraulic-cylinders.net\/wp-content\/uploads\/2023\/08\/hydraulic-cylinder-product-6-300x225.webp\" alt=\"\" width=\"347\" height=\"260\" \/><\/p>\n<h3>(5) Tesztel\u00e9s<\/h3>\n<p>Els\u0151 oszt\u00e1ly\u00fa ellen\u0151rz\u0151 l\u00e9tes\u00edtm\u00e9nyekkel \u00e9s tesztpadokkal rendelkez\u00fcnk annak biztos\u00edt\u00e1s\u00e1ra, hogy a palack teljes\u00edtm\u00e9nye megfeleljen a k\u00f6vetelm\u00e9nyeknek.<\/p>\n<p><img loading=\"lazy\" decoding=\"async\" class=\"alignnone wp-image-632\" src=\"https:\/\/hydraulic-cylinders.net\/wp-content\/uploads\/2023\/08\/hydraulic-cylinder-product-8-300x200.webp\" alt=\"\" width=\"389\" height=\"260\" \/><\/p>\n<p>&nbsp;<\/p>\n<p>&nbsp;<\/p>\n<p>Mi vagyunk az egyik legjobb hidraulikus henger gy\u00e1rt\u00f3. \u00c1tfog\u00f3 hidraulikus hengereket k\u00edn\u00e1lunk. Megfelel\u0151 szolg\u00e1ltat\u00e1sokat is biztos\u00edtunk. <a href=\"https:\/\/hzpt.com\/agricultural-pto-gearbox\/\" target=\"_blank\" rel=\"noopener\">mez\u0151gazdas\u00e1gi sebess\u00e9gv\u00e1lt\u00f3k<\/a>Term\u00e9keinket vil\u00e1gszerte export\u00e1ltuk \u00fcgyfeleinknek, \u00e9s kiv\u00e1l\u00f3 term\u00e9kmin\u0151s\u00e9g\u00fcnknek \u00e9s \u00e9rt\u00e9kes\u00edt\u00e9s ut\u00e1ni szolg\u00e1ltat\u00e1sunknak k\u00f6sz\u00f6nhet\u0151en j\u00f3 h\u00edrnevet szerezt\u00fcnk. Szeretettel v\u00e1rjuk belf\u00f6ldi \u00e9s k\u00fclf\u00f6ldi \u00fcgyfeleinket, hogy \u00fczleti t\u00e1rgyal\u00e1sok, inform\u00e1ci\u00f3csere \u00e9s egy\u00e9b lehet\u0151s\u00e9gek c\u00e9lj\u00e1b\u00f3l kapcsolatba l\u00e9pjenek vel\u00fcnk. <a href=\"https:\/\/www.hydraulic-cylinders.net\/hu\/contact-us\/\">egy\u00fcttm\u0171k\u00f6dni vel\u00fcnk<\/a>!<\/p>\n<p>&nbsp;<\/p>","protected":false},"excerpt":{"rendered":"<p>V30E Series Axial Piston Variable Displacement Hydraulic Pump The V30E series axial piston variable displacement hydraulic pump is an exceptional solution designed to elevate the performance and efficiency of hydraulic systems. With its advanced features, precise control, and robust construction, this hydraulic pump sets a new standard in the industry. The V30E series axial piston [&hellip;]<\/p>","protected":false},"featured_media":1978,"comment_status":"open","ping_status":"closed","template":"","meta":{"_et_pb_use_builder":"","_et_pb_old_content":"","_et_gb_content_width":""},"product_brand":[],"product_cat":[1425],"product_tag":[1426],"class_list":{"0":"post-1964","1":"product","2":"type-product","3":"status-publish","4":"has-post-thumbnail","6":"product_cat-piston-pump","7":"product_tag-hydraulic-pump","9":"first","10":"instock","11":"shipping-taxable","12":"product-type-simple"},"amp_enabled":true,"_links":{"self":[{"href":"https:\/\/www.hydraulic-cylinders.net\/hu\/wp-json\/wp\/v2\/product\/1964","targetHints":{"allow":["GET"]}}],"collection":[{"href":"https:\/\/www.hydraulic-cylinders.net\/hu\/wp-json\/wp\/v2\/product"}],"about":[{"href":"https:\/\/www.hydraulic-cylinders.net\/hu\/wp-json\/wp\/v2\/types\/product"}],"replies":[{"embeddable":true,"href":"https:\/\/www.hydraulic-cylinders.net\/hu\/wp-json\/wp\/v2\/comments?post=1964"}],"wp:featuredmedia":[{"embeddable":true,"href":"https:\/\/www.hydraulic-cylinders.net\/hu\/wp-json\/wp\/v2\/media\/1978"}],"wp:attachment":[{"href":"https:\/\/www.hydraulic-cylinders.net\/hu\/wp-json\/wp\/v2\/media?parent=1964"}],"wp:term":[{"taxonomy":"product_brand","embeddable":true,"href":"https:\/\/www.hydraulic-cylinders.net\/hu\/wp-json\/wp\/v2\/product_brand?post=1964"},{"taxonomy":"product_cat","embeddable":true,"href":"https:\/\/www.hydraulic-cylinders.net\/hu\/wp-json\/wp\/v2\/product_cat?post=1964"},{"taxonomy":"product_tag","embeddable":true,"href":"https:\/\/www.hydraulic-cylinders.net\/hu\/wp-json\/wp\/v2\/product_tag?post=1964"}],"curies":[{"name":"munkaf\u00fczet","href":"https:\/\/api.w.org\/{rel}","templated":true}]}}