{"id":19641,"date":"2025-04-07T06:59:07","date_gmt":"2025-04-07T06:59:07","guid":{"rendered":"https:\/\/www.hydraulic-cylinders.net\/product\/boom-cylinder-for-atlas-3608lc\/"},"modified":"2025-04-07T06:59:10","modified_gmt":"2025-04-07T06:59:10","slug":"boom-cylinder-for-atlas-3608lc","status":"publish","type":"product","link":"https:\/\/www.hydraulic-cylinders.net\/hu\/termek\/boom-cylinder-for-atlas-3608lc\/","title":{"rendered":"G\u00e9mhenger az Atlas 3608LC-hez"},"content":{"rendered":"<h1>G\u00e9mhenger az Atlas 3608LC-hez<\/h1>\n<h2>Term\u00e9k\u00e1ttekint\u00e9s<\/h2>\n<p>Az Atlas 3608LC g\u00e9mhengere a hidraulikus rendszerek kulcsfontoss\u00e1g\u00fa eleme, amelyet kifejezetten neh\u00e9zg\u00e9pek, p\u00e9ld\u00e1ul kotr\u00f3g\u00e9pek, kotr\u00f3rakod\u00f3k \u00e9s homlokrakod\u00f3k mozg\u00e1s\u00e1nak vez\u00e9rl\u00e9s\u00e9re terveztek. Ez a hidraulikus henger lehet\u0151v\u00e9 teszi a g\u00e9m emel\u00e9s\u00e9t, s\u00fcllyeszt\u00e9s\u00e9t \u00e9s billent\u00e9s\u00e9t, megk\u00f6nny\u00edtve a hat\u00e9kony anyagmozgat\u00e1si feladatokat. A kan\u00e1lhenger \u00fagy van kialak\u00edtva, hogy ellen\u00e1lljon a nagy nyom\u00e1snak \u00e9s a neh\u00e9z terheknek, \u00edgy elengedhetetlen a k\u00fcl\u00f6nf\u00e9le \u00e9p\u00edt\u0151ipari \u00e9s ipari alkalmaz\u00e1sokhoz.<\/p>\n<p><img decoding=\"async\" src=\"https:\/\/www.hydraulic-cylinders.net\/wp-content\/uploads\/2025\/04\/songte-company-1.webp\" alt=\"G\u00e9mhenger k\u00e9pe\" \/><\/p>\n<h2>F\u0151bb jellemz\u0151k<\/h2>\n<ul>\n<li><strong>Nagy szil\u00e1rds\u00e1g \u00e9s tart\u00f3ss\u00e1g:<\/strong> Nagy szil\u00e1rds\u00e1g\u00fa ac\u00e9lb\u00f3l vagy alum\u00edniumb\u00f3l k\u00e9sz\u00fclt, \u00edgy ellen\u00e1ll a nagy nyom\u00e1snak \u00e9s a neh\u00e9z terhel\u00e9seknek, \u00edgy alkalmass\u00e1 teszi a zord munkak\u00f6rnyezetben val\u00f3 haszn\u00e1latra. A kialak\u00edt\u00e1s sor\u00e1n figyelembe vett\u00e9k a kop\u00e1s\u00e1ll\u00f3s\u00e1got \u00e9s a korr\u00f3zi\u00f3\u00e1ll\u00f3s\u00e1got, meghosszabb\u00edtva az \u00e9lettartam\u00e1t.<\/li>\n<li><strong>Hat\u00e9kony hidraulikus m\u0171k\u00f6dtet\u00e9s:<\/strong> A hidraulikaolaj nyom\u00e1s\u00e1t haszn\u00e1lja ki a sima teleszk\u00f3pos mozg\u00e1shoz, lehet\u0151v\u00e9 t\u00e9ve a gyors reag\u00e1l\u00e1st a vez\u00e9rl\u0151parancsokra, \u00e9s er\u0151s tol\u00f3- \u00e9s h\u00faz\u00f3er\u0151t biztos\u00edtva, ami ide\u00e1lis neh\u00e9z t\u00e1rgyak \u00e9s \u00f6sszetett feladatok kezel\u00e9s\u00e9hez.<\/li>\n<li><strong>K\u00fcl\u00f6nb\u00f6z\u0151 t\u00edpusok:<\/strong> Kaphat\u00f3 egyszeres m\u0171k\u00f6d\u00e9s\u0171 (csak egy ir\u00e1nyban hidraulikusan m\u0171k\u00f6dtetett) vagy kett\u0151s m\u0171k\u00f6d\u00e9s\u0171 (mindk\u00e9t ir\u00e1nyban hidraulikusan m\u0171k\u00f6dtetett) hengerekkel a k\u00fcl\u00f6nb\u00f6z\u0151 m\u0171k\u00f6d\u00e9si ig\u00e9nyek kiel\u00e9g\u00edt\u00e9s\u00e9re. Egyes modellek teleszk\u00f3posak, \u00edgy nagyobb kiny\u00fal\u00e1st tesznek lehet\u0151v\u00e9 a k\u00fcls\u0151 m\u00e9retek n\u00f6vel\u00e9se n\u00e9lk\u00fcl, \u00edgy alkalmasak korl\u00e1tozott hely\u0171 alkalmaz\u00e1sokhoz.<\/li>\n<li><strong>Egyedi gy\u00e1rt\u00e1s:<\/strong> Ezt a term\u00e9ket az \u00d6n ig\u00e9nyei szerint tudjuk gy\u00e1rtani, \u00edgy biztos\u00edtva a t\u00f6k\u00e9letes cser\u00e9t a k\u00fcl\u00f6nf\u00e9le hidraulikus hengerekhez.<\/li>\n<\/ul>\n<p><img decoding=\"async\" src=\"https:\/\/www.hydraulic-cylinders.net\/wp-content\/uploads\/2025\/04\/songte-cylinder-head-with-all-kinds-excavator-models.webp\" alt=\"Hengerfej kotr\u00f3g\u00e9pekhez\" \/><\/p>\n<h2>Alkalmaz\u00e1sok<\/h2>\n<h3>\u00c9p\u00edt\u0151ipari berendez\u00e9sek<\/h3>\n<p>A kotr\u00f3g\u00e9pekben a g\u00e9mhengerek kulcsfontoss\u00e1g\u00faak az \u00e1s\u00e1shoz, a talaj vagy t\u00f6rmel\u00e9k rakod\u00e1s\u00e1hoz \u00e9s mozgat\u00e1s\u00e1hoz. Ezek biztos\u00edtj\u00e1k a sz\u00fcks\u00e9ges teljes\u00edtm\u00e9nyt ezen feladatok hat\u00e9kony elv\u00e9gz\u00e9s\u00e9hez. A kotr\u00f3g\u00e9p-rakod\u00f3kban a g\u00e9mhenger mind a f\u00f6ldmunk\u00e1k, mind az emel\u00e9si m\u0171veletek sor\u00e1n seg\u00edti a kezel\u0151ket, lehet\u0151v\u00e9 t\u00e9ve a feladatok z\u00f6kken\u0151mentes v\u00e1lt\u00e1st.<\/p>\n<h3>Mez\u0151gazdas\u00e1gi g\u00e9pek<\/h3>\n<p>A homlokrakod\u00f3kban haszn\u00e1lt g\u00e9mhengerek elengedhetetlenek a talaj, sz\u00e9na \u00e9s egy\u00e9b anyagok \u00e1s\u00e1s\u00e1hoz, emel\u00e9s\u00e9hez \u00e9s sz\u00e1ll\u00edt\u00e1s\u00e1hoz. N\u00f6velik a mez\u0151gazdas\u00e1gi feladatok hat\u00e9konys\u00e1g\u00e1t az\u00e1ltal, hogy biztos\u00edtj\u00e1k a neh\u00e9z terhek hat\u00e9kony man\u0151verez\u00e9s\u00e9hez sz\u00fcks\u00e9ges er\u0151t.<\/p>\n<h3>Kotr\u00f3g\u00e9pek<\/h3>\n<p>A kotr\u00f3g\u00e9pekn\u00e9l a g\u00e9mhenger lehet\u0151v\u00e9 teszi, hogy a kan\u00e1l behatoljon a talajba, megk\u00f6nny\u00edtve az \u00e1s\u00e1si folyamatot. Kialak\u00edt\u00e1sa biztos\u00edtja, hogy a kezel\u0151k el\u00e9rhess\u00e9k a k\u00edv\u00e1nt m\u00e9lys\u00e9get \u00e9s sz\u00f6get, n\u00f6velve a termel\u00e9kenys\u00e9get a helysz\u00ednen.<\/p>\n<h3>Rakod\u00f3k<\/h3>\n<p>Homlokrakod\u00f3kban ezek a munkahengerek hat\u00e9konyan seg\u00edtik az anyagok emel\u00e9s\u00e9t \u00e9s \u00fcr\u00edt\u00e9s\u00e9t. Megb\u00edzhat\u00f3 teljes\u00edtm\u00e9ny\u00fck biztos\u00edtja, hogy az olyan m\u0171veletek, mint a sz\u00e1ll\u00edt\u00e1s \u00e9s a \u00fcr\u00edt\u00e9s, z\u00f6kken\u0151mentesen \u00e9s hat\u00e9konyan t\u00f6rt\u00e9njenek.<\/p>\n<h2>Tervez\u00e9si szempontok<\/h2>\n<h3>Teherb\u00edr\u00e1s<\/h3>\n<p>A g\u00e9mhenger teherb\u00edr\u00e1sa kritikus tervez\u00e9si szempont, amely meghat\u00e1rozza, hogy mekkora s\u00falyt k\u00e9pes biztons\u00e1gosan felemelni. A terhel\u00e9si hat\u00e1rok ismerete seg\u00edt biztos\u00edtani, hogy a hengert a tervezett param\u00e9tereken bel\u00fcl haszn\u00e1lj\u00e1k, megakad\u00e1lyozva a meghib\u00e1sod\u00e1st \u00e9s meghosszabb\u00edtva \u00e9lettartam\u00e1t.<\/p>\n<h3>T\u00f6m\u00edt\u0151rendszer<\/h3>\n<p>A robusztus t\u00f6m\u00edt\u0151rendszer elengedhetetlen a hidraulikus nyom\u00e1s fenntart\u00e1s\u00e1hoz \u00e9s a sziv\u00e1rg\u00e1sok megel\u0151z\u00e9s\u00e9hez. A kiv\u00e1l\u00f3 min\u0151s\u00e9g\u0171 t\u00f6m\u00edt\u00e9sek megakad\u00e1lyozz\u00e1k a szennyez\u0151d\u00e9st \u00e9s biztos\u00edtj\u00e1k az optim\u00e1lis teljes\u00edtm\u00e9nyt, ami kulcsfontoss\u00e1g\u00fa a hidraulikus rendszerek megb\u00edzhat\u00f3s\u00e1ga szempontj\u00e1b\u00f3l.<\/p>\n<h3>Tart\u00f3ss\u00e1g<\/h3>\n<p>A g\u00e9mhenger tart\u00f3ss\u00e1ga elengedhetetlen a neh\u00e9z k\u00f6rnyezetben ny\u00fajtott teljes\u00edtm\u00e9ny\u00e9hez. Az olyan tervez\u00e9si jellemz\u0151k, mint a kop\u00e1s\u00e1ll\u00f3 anyagok \u00e9s a v\u00e9d\u0151bevonatok hozz\u00e1j\u00e1rulnak a henger hossz\u00fa \u00e9lettartam\u00e1hoz \u00e9s megb\u00edzhat\u00f3s\u00e1g\u00e1hoz, cs\u00f6kkentve a karbantart\u00e1si ig\u00e9nyt.<\/p>\n<h3>Biztons\u00e1gi funkci\u00f3k<\/h3>\n<p>A biztons\u00e1g kiemelked\u0151 fontoss\u00e1g\u00fa a hidraulikus hengerek tervez\u00e9s\u00e9n\u00e9l. Az olyan funkci\u00f3k, mint a nyom\u00e1scs\u00f6kkent\u0151 szelepek \u00e9s a biztons\u00e1gi z\u00e1rak, elengedhetetlenek a balesetek megel\u0151z\u00e9se \u00e9s a biztons\u00e1gos m\u0171k\u00f6d\u00e9s biztos\u00edt\u00e1sa \u00e9rdek\u00e9ben neh\u00e9z emel\u00e9si feladatok sor\u00e1n.<\/p>\n<h3>Szervizelhet\u0151s\u00e9g<\/h3>\n<p>A k\u00f6nny\u0171 karbantart\u00e1s egy m\u00e1sik fontos tervez\u00e9si szempont. A hidraulikus hengereket \u00fagy kell megtervezni, hogy az alkatr\u00e9szek k\u00f6nnyen hozz\u00e1f\u00e9rhet\u0151ek legyenek, lehet\u0151v\u00e9 t\u00e9ve a gyors jav\u00edt\u00e1sokat \u00e9s cser\u00e9ket sz\u00fcks\u00e9g szerint, biztos\u00edtva a g\u00e9pek minim\u00e1lis \u00e1ll\u00e1sidej\u00e9t.<\/p>\n<p><img decoding=\"async\" src=\"https:\/\/www.hydraulic-cylinders.net\/wp-content\/uploads\/2025\/04\/songte-oil-pipes-and-spare-parts.webp\" alt=\"Olajcs\u00f6vek \u00e9s alkatr\u00e9szek\" \/><\/p>\n<h2>T\u00f6m\u00edt\u00e9s \u00e9s ken\u00e9s<\/h2>\n<p>A g\u00e9mhenger t\u00f6m\u00edt\u0151rendszere k\u00fcl\u00f6nf\u00e9le t\u00f6m\u00edt\u00e9seket alkalmaz, bele\u00e9rtve a dugatty\u00fat\u00f6m\u00edt\u00e9seket \u00e9s a r\u00fadt\u00f6m\u00edt\u00e9seket, amelyek kop\u00e1s\u00e1ll\u00f3 anyagokb\u00f3l, p\u00e9ld\u00e1ul poliuret\u00e1nb\u00f3l \u00e9s nitrilgumib\u00f3l k\u00e9sz\u00fclnek. A hengertest \u00e9s a menetes v\u00e9gek finom megmunk\u00e1l\u00e1s\u00faak a kop\u00e1s\u00e1ll\u00f3s\u00e1g fokoz\u00e1sa \u00e9rdek\u00e9ben. A rendszeres hidraulikaolajjal val\u00f3 ken\u00e9s elengedhetetlen a z\u00f6kken\u0151mentes m\u0171k\u00f6d\u00e9s biztos\u00edt\u00e1s\u00e1hoz \u00e9s a kop\u00e1s megel\u0151z\u00e9s\u00e9hez.<\/p>\n<h2>Megel\u0151z\u0151 karbantart\u00e1si int\u00e9zked\u00e9sek<\/h2>\n<ul>\n<li><strong>Rendszeres ellen\u0151rz\u00e9sek:<\/strong> V\u00e9gezzen rendszeres ellen\u0151rz\u00e9seket a kop\u00e1s vagy s\u00e9r\u00fcl\u00e9s jeleinek azonos\u00edt\u00e1sa \u00e9rdek\u00e9ben. A probl\u00e9m\u00e1k korai felismer\u00e9se megel\u0151zheti a s\u00falyos meghib\u00e1sod\u00e1sokat.<\/li>\n<li><strong>Megfelel\u0151 ken\u00e9s:<\/strong> Az optim\u00e1lis teljes\u00edtm\u00e9ny fenntart\u00e1sa \u00e9rdek\u00e9ben \u00fcgyeljen a hidraulikaolaj megfelel\u0151 szintj\u00e9re, \u00e9s rendszeresen t\u00f6ltse fel.<\/li>\n<li><strong>T\u00f6m\u00edt\u00e9scsere:<\/strong> A sziv\u00e1rg\u00e1sok megel\u0151z\u00e9se \u00e9s a hidraulikus nyom\u00e1s fenntart\u00e1sa \u00e9rdek\u00e9ben az els\u0151 kop\u00e1si jelre cser\u00e9lje ki a t\u00f6m\u00edt\u00e9seket.<\/li>\n<\/ul>\n<h2>Telep\u00edt\u00e9si \u00fatmutat\u00f3<\/h2>\n<p>A helyes telep\u00edt\u00e9s kulcsfontoss\u00e1g\u00fa a g\u00e9mhenger teljes\u00edtm\u00e9nye \u00e9s hossz\u00fa \u00e9lettartama szempontj\u00e1b\u00f3l. Kezdje azzal, hogy minden alkatr\u00e9sz tiszta \u00e9s t\u00f6rmel\u00e9kmentes. Haszn\u00e1ljon megfelel\u0151 be\u00e1ll\u00edt\u00f3 eszk\u00f6z\u00f6ket a henger pontos pozicion\u00e1l\u00e1s\u00e1hoz, \u00e9s r\u00f6gz\u00edtse a megfelel\u0151 r\u00f6gz\u00edt\u0151konzolokkal. K\u00f6vesse a gy\u00e1rt\u00f3 el\u0151\u00edr\u00e1sait a hidraulikus csatlakoz\u00e1sok \u00e9s a nyomat\u00e9kbe\u00e1ll\u00edt\u00e1sok tekintet\u00e9ben. A telep\u00edt\u00e9s ut\u00e1n v\u00e9gezzen funkcion\u00e1lis teszteket, hogy megbizonyosodjon arr\u00f3l, hogy minden z\u00f6kken\u0151mentesen m\u0171k\u00f6dik.<\/p>\n<h2>Gyakori karbantart\u00e1si feladatok<\/h2>\n<ul>\n<li><strong>Rendszeres ellen\u0151rz\u00e9sek:<\/strong> V\u00e9gezzen rendszeres ellen\u0151rz\u00e9seket a hidraulikus rendszeren a sziv\u00e1rg\u00e1sok vagy a teljes\u00edtm\u00e9nybeli rendelleness\u00e9gek azonos\u00edt\u00e1sa \u00e9rdek\u00e9ben. A probl\u00e9m\u00e1k id\u0151ben t\u00f6rt\u00e9n\u0151 kezel\u00e9se megel\u0151zheti a s\u00falyosabb probl\u00e9m\u00e1kat.<\/li>\n<li><strong>Megfelel\u0151 ken\u00e9s:<\/strong> Gy\u0151z\u0151dj\u00f6n meg arr\u00f3l, hogy a g\u00e9mhenger a gy\u00e1rt\u00f3 aj\u00e1nl\u00e1sainak megfelel\u0151en van kenve. A megfelel\u0151 ken\u00e9s minimaliz\u00e1lja a s\u00farl\u00f3d\u00e1st \u00e9s a kop\u00e1st.<\/li>\n<li><strong>T\u00f6m\u00edt\u00e9scsere:<\/strong> Rendszeresen ellen\u0151rizze a t\u00f6m\u00edt\u00e9sek \u00e1llapot\u00e1t. A kopott t\u00f6m\u00edt\u00e9sek cser\u00e9je elengedhetetlen a hidraulikus nyom\u00e1s fenntart\u00e1s\u00e1hoz \u00e9s a sziv\u00e1rg\u00e1sok megel\u0151z\u00e9s\u00e9hez.<\/li>\n<\/ul>\n<h2>Biztons\u00e1gi szempontok \u00e9s k\u00f6rnyezeti t\u00e9nyez\u0151k<\/h2>\n<p>A hidraulikus hengerek haszn\u00e1latakor a biztons\u00e1gi int\u00e9zked\u00e9seket priorit\u00e1sk\u00e9nt kell kezelni. A kezel\u0151ket ki kell k\u00e9pezni a berendez\u00e9s megfelel\u0151 haszn\u00e1lat\u00e1ra \u00e9s a lehets\u00e9ges vesz\u00e9lyekre. V\u00e9d\u0151felszerel\u00e9st kell viselni, \u00e9s a munkater\u00fcletet mentes\u00edteni kell a felesleges szem\u00e9lyzett\u0151l \u00e9s akad\u00e1lyokt\u00f3l a kock\u00e1zatok minimaliz\u00e1l\u00e1sa \u00e9rdek\u00e9ben. A k\u00f6rnyezetv\u00e9delmi szempontok k\u00f6z\u00e9 tartozik a hidraulikus folyad\u00e9kok megfelel\u0151 \u00e1rtalmatlan\u00edt\u00e1sa \u00e9s annak biztos\u00edt\u00e1sa, hogy minden alkatr\u00e9sz fenntarthat\u00f3 forr\u00e1sb\u00f3l sz\u00e1rmazzon.<\/p>\n<h2>Hibadiagn\u00f3zis \u00e9s gyakori probl\u00e9m\u00e1k<\/h2>\n<ul>\n<li><strong>Sziv\u00e1rg\u00e1si probl\u00e9m\u00e1k:<\/strong> A hidraulikafolyad\u00e9k sziv\u00e1rg\u00e1sa t\u00f6m\u00edt\u00e9shib\u00e1ra vagy laza csatlakoz\u00e1sokra utalhat. Ellen\u0151rizze a t\u00f6m\u00edt\u00e9seket \u00e9s csatlakoz\u00e1sokat kop\u00e1s vagy s\u00e9r\u00fcl\u00e9s jelei szempontj\u00e1b\u00f3l, \u00e9s sz\u00fcks\u00e9g eset\u00e9n cser\u00e9lje ki.<\/li>\n<li><strong>Lass\u00fa m\u0171k\u00f6d\u00e9s:<\/strong> Ha a g\u00e9m munkahengere lassan m\u0171k\u00f6dik, az alacsony hidraulikafolyad\u00e9k-szintre vagy a rendszerben l\u00e9v\u0151 leveg\u0151re utalhat. Ellen\u0151rizze a folyad\u00e9kszintet, \u00e9s sz\u00fcks\u00e9g szerint l\u00e9gtelen\u00edtse a rendszert.<\/li>\n<li><strong>Kontroll\u00e1latlan mozg\u00e1sok:<\/strong> Ez nyom\u00e1scs\u00f6kkent\u0151 szelep meghib\u00e1sod\u00e1s\u00e1b\u00f3l vagy szab\u00e1lyoz\u00f3szelep probl\u00e9m\u00e1b\u00f3l ad\u00f3dhat. Vizsg\u00e1lja meg ezeket az alkatr\u00e9szeket, \u00e9s sz\u00fcks\u00e9g szerint cser\u00e9lje ki vagy jav\u00edtsa meg \u0151ket.<\/li>\n<\/ul>\n<h2>Hibaelh\u00e1r\u00edt\u00e1si tippek<\/h2>\n<p>A hat\u00e9kony hibaelh\u00e1r\u00edt\u00e1s \u00e9rdek\u00e9ben mindig k\u00f6vesse a gy\u00e1rt\u00f3 ir\u00e1nyelveit. A rendszeres karbantart\u00e1s a legt\u00f6bb probl\u00e9m\u00e1t megel\u0151zheti. Probl\u00e9ma eset\u00e9n el\u0151sz\u00f6r ellen\u0151rizze a hidraulikafolyad\u00e9k szintj\u00e9t, vizsg\u00e1lja meg a t\u00f6m\u00edt\u00e9sek kop\u00e1s\u00e1t, \u00e9s keressen l\u00e1that\u00f3 sziv\u00e1rg\u00e1sokat. A karbantart\u00e1si napl\u00f3 vezet\u00e9se seg\u00edthet az ism\u00e9tl\u0151d\u0151 probl\u00e9m\u00e1k azonos\u00edt\u00e1s\u00e1ban \u00e9s a potenci\u00e1lis probl\u00e9m\u00e1k megel\u0151z\u00e9s\u00e9ben.<\/p>\n<p><img decoding=\"async\" src=\"https:\/\/www.hydraulic-cylinders.net\/wp-content\/uploads\/2025\/04\/songte-bushings-with-all-kinds-of-excavator-models.webp\" alt=\"Kotr\u00f3g\u00e9pek perselyei\" \/><\/p>\n<h2>C\u00e9g\u00fcnkr\u0151l<\/h2>\n<p>A p\u00f3talkatr\u00e9szk\u00e9nt haszn\u00e1lt hidraulikus hengerek vezet\u0151 gy\u00e1rt\u00f3jak\u00e9nt \u00e1tfog\u00f3 term\u00e9kk\u00edn\u00e1latot k\u00edn\u00e1lunk, amely a hazai \u00e9s a nemzetk\u00f6zi piacok egyik legkiemelked\u0151bb besz\u00e1ll\u00edt\u00f3j\u00e1v\u00e1 tett minket. Szigor\u00fa min\u0151s\u00e9gi el\u0151\u00edr\u00e1sokat k\u00f6vet\u00fcnk, amelyeket kifinomult ipari termel\u00e9sir\u00e1ny\u00edt\u00e1si strat\u00e9gia t\u00e1mogat. A technol\u00f3gi\u00e1ra, a fejlett gy\u00e1rt\u00f3berendez\u00e9sekre \u00e9s a professzion\u00e1lis tesztel\u0151rendszerekre val\u00f3 \u00f6sszpontos\u00edt\u00e1sunk n\u00f6veli termel\u00e9si k\u00e9pess\u00e9geinket, lehet\u0151v\u00e9 t\u00e9ve sz\u00e1munkra, hogy nagy hat\u00e9konys\u00e1ggal, pontoss\u00e1ggal \u00e9s min\u0151s\u00e9gben el\u00e9g\u00edts\u00fck ki \u00fcgyfeleink v\u00e1ltozatos ig\u00e9nyeit.<\/p>\n<p><img decoding=\"async\" src=\"https:\/\/www.hydraulic-cylinders.net\/wp-content\/uploads\/2025\/04\/songte-company-4.webp\" alt=\"C\u00e9gk\u00e9p 1\" \/><br \/>\n<img decoding=\"async\" src=\"https:\/\/www.hydraulic-cylinders.net\/wp-content\/uploads\/2025\/04\/songte-company-3.webp\" alt=\"C\u00e9gk\u00e9p 2\" \/><\/p>\n<p>Elk\u00f6telezettek vagyunk a professzionalizmus, a nemzetk\u00f6zi tan\u00fas\u00edtv\u00e1nyok, a szem\u00e9lyre szabott szolg\u00e1ltat\u00e1sok, a fejlett gy\u00e1rt\u00f3berendez\u00e9sek \u00e9s a kiv\u00e9teles \u00e9rt\u00e9kes\u00edt\u00e9s ut\u00e1ni t\u00e1mogat\u00e1s ir\u00e1nt, ami megk\u00fcl\u00f6nb\u00f6ztet minket a piacon.<\/p>\n<p>Szerz\u0151: lyl<\/p>","protected":false},"excerpt":{"rendered":"<p>Boom Cylinder For Atlas 3608LC Product Overview The Boom Cylinder for Atlas 3608LC is a pivotal component in hydraulic systems, specifically designed for controlling the movement of heavy machinery such as excavators, backhoe loaders, and front loaders. This hydraulic cylinder enables the boom to lift, lower, and tilt, facilitating efficient material handling tasks. The bucket [&hellip;]<\/p>","protected":false},"featured_media":17874,"comment_status":"open","ping_status":"closed","template":"","meta":{"_et_pb_use_builder":"","_et_pb_old_content":"","_et_gb_content_width":""},"product_brand":[],"product_cat":[1546],"product_tag":[1547,1496],"class_list":{"0":"post-19641","1":"product","2":"type-product","3":"status-publish","4":"has-post-thumbnail","6":"product_cat-boom-cylinders","7":"product_tag-boom-cylinders","8":"product_tag-hydraulic-cylinders","10":"first","11":"instock","12":"shipping-taxable","13":"product-type-simple"},"amp_enabled":true,"_links":{"self":[{"href":"https:\/\/www.hydraulic-cylinders.net\/hu\/wp-json\/wp\/v2\/product\/19641","targetHints":{"allow":["GET"]}}],"collection":[{"href":"https:\/\/www.hydraulic-cylinders.net\/hu\/wp-json\/wp\/v2\/product"}],"about":[{"href":"https:\/\/www.hydraulic-cylinders.net\/hu\/wp-json\/wp\/v2\/types\/product"}],"replies":[{"embeddable":true,"href":"https:\/\/www.hydraulic-cylinders.net\/hu\/wp-json\/wp\/v2\/comments?post=19641"}],"wp:featuredmedia":[{"embeddable":true,"href":"https:\/\/www.hydraulic-cylinders.net\/hu\/wp-json\/wp\/v2\/media\/17874"}],"wp:attachment":[{"href":"https:\/\/www.hydraulic-cylinders.net\/hu\/wp-json\/wp\/v2\/media?parent=19641"}],"wp:term":[{"taxonomy":"product_brand","embeddable":true,"href":"https:\/\/www.hydraulic-cylinders.net\/hu\/wp-json\/wp\/v2\/product_brand?post=19641"},{"taxonomy":"product_cat","embeddable":true,"href":"https:\/\/www.hydraulic-cylinders.net\/hu\/wp-json\/wp\/v2\/product_cat?post=19641"},{"taxonomy":"product_tag","embeddable":true,"href":"https:\/\/www.hydraulic-cylinders.net\/hu\/wp-json\/wp\/v2\/product_tag?post=19641"}],"curies":[{"name":"munkaf\u00fczet","href":"https:\/\/api.w.org\/{rel}","templated":true}]}}