{"id":19646,"date":"2025-04-07T06:59:22","date_gmt":"2025-04-07T06:59:22","guid":{"rendered":"https:\/\/www.hydraulic-cylinders.net\/product\/boom-cylinder-for-bonny-ce750-8\/"},"modified":"2025-04-07T06:59:25","modified_gmt":"2025-04-07T06:59:25","slug":"boom-cylinder-for-bonny-ce750-8","status":"publish","type":"product","link":"https:\/\/www.hydraulic-cylinders.net\/hu\/termek\/boom-cylinder-for-bonny-ce750-8\/","title":{"rendered":"G\u00e9mhenger Bonny CE750-8-hoz"},"content":{"rendered":"<h1>G\u00e9mhenger Bonny CE750-8-hoz<\/h1>\n<h2>Term\u00e9k\u00e1ttekint\u00e9s<\/h2>\n<p>A Bonny CE750-8 g\u00e9mhengere kulcsfontoss\u00e1g\u00fa alkatr\u00e9sz a hidraulikus rendszerekben, amelyet kifejezetten a neh\u00e9zg\u00e9pek g\u00e9mj\u00e9nek mozg\u00e1s\u00e1nak vez\u00e9rl\u00e9s\u00e9re terveztek. Ezek a hengerek szerves r\u00e9sz\u00e9t k\u00e9pezik a kotr\u00f3g\u00e9pek, kotr\u00f3g\u00e9pek \u00e9s homlokrakod\u00f3k m\u0171k\u00f6d\u00e9s\u00e9nek, lehet\u0151v\u00e9 t\u00e9ve a g\u00e9m emel\u00e9s\u00e9t, s\u00fcllyeszt\u00e9s\u00e9t \u00e9s billent\u00e9s\u00e9t, ez\u00e1ltal megk\u00f6nny\u00edtve a k\u00fcl\u00f6nf\u00e9le anyagmozgat\u00e1si feladatokat.<\/p>\n<p>A kan\u00e1lhengerek hidraulikus nyom\u00e1s felhaszn\u00e1l\u00e1s\u00e1val m\u0171k\u00f6dnek, lehet\u0151v\u00e9 t\u00e9ve a sima \u00e9s hat\u00e9kony mozg\u00e1svez\u00e9rl\u00e9st. Robusztus konstrukci\u00f3juk ellen\u00e1ll a neh\u00e9z \u00fczemekben j\u00e1r\u00f3 jelent\u0151s er\u0151knek, \u00edgy megb\u00edzhat\u00f3 v\u00e1laszt\u00e1st jelentenek az \u00e9p\u00edt\u0151iparban, a mez\u0151gazdas\u00e1gban \u00e9s m\u00e1s ipar\u00e1gakban.<\/p>\n<p><img decoding=\"async\" src=\"https:\/\/www.hydraulic-cylinders.net\/wp-content\/uploads\/2025\/04\/songte-company-1.webp\" alt=\"G\u00e9mhenger Bonny CE750-8-hoz\"><\/p>\n<h2>F\u0151bb jellemz\u0151k<\/h2>\n<ul>\n<li><strong>Nagy szil\u00e1rds\u00e1g \u00e9s tart\u00f3ss\u00e1g:<\/strong> Ezek a hengerek jellemz\u0151en nagy szil\u00e1rds\u00e1g\u00fa ac\u00e9lb\u00f3l vagy alum\u00edniumb\u00f3l k\u00e9sz\u00fclnek, \u00e9s \u00fagy vannak kialak\u00edtva, hogy nagy nyom\u00e1st \u00e9s nagy terhel\u00e9st b\u00edrjanak, mik\u00f6zben ellen\u00e1llnak a zord munkak\u00f6rnyezetnek.<\/li>\n<li><strong>Hat\u00e9kony hidraulikus m\u0171k\u00f6dtet\u00e9s:<\/strong> A hidraulikaolaj nyom\u00e1s\u00e1t kihaszn\u00e1lva ezek a munkahengerek sima ki- \u00e9s visszah\u00faz\u00e1st biztos\u00edtanak, gyorsan reag\u00e1lnak a kezel\u0151i parancsokra, \u00e9s jelent\u0151s nyom\u00f3- \u00e9s h\u00faz\u00f3er\u0151t biztos\u00edtanak.<\/li>\n<li><strong>K\u00fcl\u00f6nb\u00f6z\u0151 t\u00edpusok:<\/strong> Kaphat\u00f3 egyszeres m\u0171k\u00f6d\u00e9s\u0171 (egy ir\u00e1nyban m\u0171k\u00f6d\u0151) vagy kett\u0151s m\u0171k\u00f6d\u00e9s\u0171 (mindk\u00e9t ir\u00e1nyban m\u0171k\u00f6d\u0151) hengerk\u00e9nt, egyes modellek teleszk\u00f3pos kialak\u00edt\u00e1ssal rendelkeznek a nagyobb kiny\u00fal\u00e1s \u00e9rdek\u00e9ben a k\u00fcls\u0151 m\u00e9retek n\u00f6vel\u00e9se n\u00e9lk\u00fcl, \u00edgy ide\u00e1lisak korl\u00e1tozott helykihaszn\u00e1l\u00e1s\u00fa alkalmaz\u00e1sokhoz.<\/li>\n<\/ul>\n<p>Gy\u00e1rt\u00e1si kapacit\u00e1sunk biztos\u00edtja, hogy olyan hengereket gy\u00e1rtsunk, amelyek t\u00f6k\u00e9letesen helyettes\u00edtik a megl\u00e9v\u0151 hidraulikus hengereket, megb\u00edzhat\u00f3 teljes\u00edtm\u00e9nyt \u00e9s kompatibilit\u00e1st k\u00edn\u00e1lva.<\/p>\n<p><img decoding=\"async\" src=\"https:\/\/www.hydraulic-cylinders.net\/wp-content\/uploads\/2025\/04\/songte-cylinder-head-with-all-kinds-excavator-models.webp\" alt=\"Hidraulikus henger csere\"><\/p>\n<h2>Alkalmaz\u00e1si forgat\u00f3k\u00f6nyvek<\/h2>\n<h3>\u00c9p\u00edt\u0151ipari berendez\u00e9sek<\/h3>\n<p>A kotr\u00f3g\u00e9pekben a g\u00e9mhengerek elengedhetetlenek az \u00e1s\u00e1shoz, rakod\u00e1shoz \u00e9s a talaj vagy t\u00f6rmel\u00e9k mozgat\u00e1s\u00e1hoz. A kiny\u00fal\u00e1s \u00e9s visszah\u00faz\u00f3d\u00e1s k\u00e9pess\u00e9ge lehet\u0151v\u00e9 teszi a kezel\u0151k sz\u00e1m\u00e1ra, hogy \u00f6sszetett mozg\u00e1sokat hajtsanak v\u00e9gre, \u00edgy felbecs\u00fclhetetlen \u00e9rt\u00e9k\u0171ek az \u00e9p\u00edt\u00e9si feladatokhoz. A kotr\u00f3g\u00e9pek is haszn\u00e1lj\u00e1k ezeket a hengereket, seg\u00edtve mind a f\u00f6ldmunk\u00e1k, mind az emel\u00e9si tev\u00e9kenys\u00e9geket, biztos\u00edtva a hat\u00e9kony m\u0171k\u00f6d\u00e9st a munkater\u00fcleteken.<\/p>\n<h3>Mez\u0151gazdas\u00e1gi g\u00e9pek<\/h3>\n<p>A homlokrakod\u00f3k g\u00e9mhengereket haszn\u00e1lnak a talaj, sz\u00e9na \u00e9s egy\u00e9b anyagok mer\u00e9s\u00e9re, emel\u00e9s\u00e9re \u00e9s sz\u00e1ll\u00edt\u00e1s\u00e1ra. Ezeknek a hengereknek az er\u0151teljes m\u0171k\u00f6d\u00e9se lehet\u0151v\u00e9 teszi a gazd\u00e1lkod\u00f3k \u00e9s a mez\u0151gazdas\u00e1gi munk\u00e1sok sz\u00e1m\u00e1ra, hogy k\u00f6nnyed\u00e9n \u00e9s prec\u00edzen v\u00e9gezzenek el olyan feladatokat, mint a rakod\u00e1s, kirakod\u00e1s \u00e9s anyagmozgat\u00e1s.<\/p>\n<h3>Kotr\u00f3g\u00e9pek<\/h3>\n<p>A kotr\u00f3g\u00e9p kan\u00e1lhengerei kulcsszerepet j\u00e1tszanak abban, hogy a kan\u00e1l behatoljon a talajba, megk\u00f6nny\u00edtve a hat\u00e9kony \u00e1s\u00e1si m\u0171veleteket. Robusztus kialak\u00edt\u00e1suk megb\u00edzhat\u00f3 teljes\u00edtm\u00e9nyt biztos\u00edt a kih\u00edv\u00e1st jelent\u0151 \u00e1sat\u00e1si feladatok sor\u00e1n, \u00edgy n\u00e9lk\u00fcl\u00f6zhetetlenek a tereprendez\u00e9st\u0151l a nagym\u00e9ret\u0171 \u00e9p\u00edtkez\u00e9sekig terjed\u0151 k\u00fcl\u00f6nf\u00e9le projektekben.<\/p>\n<h3>Rakod\u00f3k<\/h3>\n<p>A homlokrakod\u00f3kban a g\u00e9mhengerek hat\u00e9konyan seg\u00edtik a rakom\u00e1nyok emel\u00e9s\u00e9t \u00e9s \u00fcr\u00edt\u00e9s\u00e9t. Nagy emel\u0151er\u0151 lead\u00e1si k\u00e9pess\u00e9g\u00fck azt jelenti, hogy a m\u0171veletek hat\u00e9konyabban v\u00e9gezhet\u0151k el, hozz\u00e1j\u00e1rulva az anyagmozgat\u00e1si feladatok termel\u00e9kenys\u00e9g\u00e9nek n\u00f6veked\u00e9s\u00e9hez.<\/p>\n<h2>Tervez\u00e9si szempontok \u00e9s kiv\u00e1laszt\u00e1si krit\u00e9riumok<\/h2>\n<h3>Teherb\u00edr\u00e1s<\/h3>\n<p>A g\u00e9mhenger kiv\u00e1laszt\u00e1sakor az egyik legfontosabb szempont a teherb\u00edr\u00e1sa. A hengernek k\u00e9pesnek kell lennie a m\u0171k\u00f6d\u00e9s sor\u00e1n v\u00e1rhat\u00f3 maxim\u00e1lis terhel\u00e9s meghib\u00e1sod\u00e1s n\u00e9lk\u00fcli kezel\u00e9s\u00e9re. Ez mag\u00e1ban foglalja a sz\u00fcks\u00e9ges emel\u0151- \u00e9s tart\u00f3kapacit\u00e1s kisz\u00e1m\u00edt\u00e1s\u00e1t, figyelembe v\u00e9ve a biztons\u00e1gi tartal\u00e9kokat a megb\u00edzhat\u00f3 teljes\u00edtm\u00e9ny biztos\u00edt\u00e1sa \u00e9rdek\u00e9ben extr\u00e9m k\u00f6r\u00fclm\u00e9nyek k\u00f6z\u00f6tt.<\/p>\n<h3>T\u00f6m\u00edt\u00e9s<\/h3>\n<p>A hat\u00e9kony t\u00f6m\u00edt\u00e9s elengedhetetlen a hidraulikus nyom\u00e1s fenntart\u00e1s\u00e1hoz \u00e9s a folyad\u00e9ksziv\u00e1rg\u00e1sok megel\u0151z\u00e9s\u00e9hez. A kiv\u00e1l\u00f3 min\u0151s\u00e9g\u0171 t\u00f6m\u00edt\u00e9sek v\u00e9denek a szennyez\u0151d\u00e9sek \u00e9s a nedvess\u00e9g bejut\u00e1sa ellen, amelyek ronthatj\u00e1k a teljes\u00edtm\u00e9nyt \u00e9s id\u0151 el\u0151tti meghib\u00e1sod\u00e1shoz vezethetnek. A t\u00f6m\u00edt\u00e9sek anyagainak megv\u00e1laszt\u00e1sa, bele\u00e9rtve a poliuret\u00e1nt \u00e9s a nitrilgumit, jelent\u0151s szerepet j\u00e1tszik a tart\u00f3ss\u00e1g \u00e9s a teljes\u00edtm\u00e9ny biztos\u00edt\u00e1s\u00e1ban.<\/p>\n<h3>Tart\u00f3ss\u00e1g<\/h3>\n<p>A tart\u00f3ss\u00e1g kritikus t\u00e9nyez\u0151 a g\u00e9mhengerek tervez\u00e9s\u00e9n\u00e9l. Ellen kell \u00e1llniuk a zord k\u00f6rnyezeti felt\u00e9teleknek, bele\u00e9rtve a nagy nyom\u00e1st, a koptat\u00f3 anyagokat \u00e9s a sz\u00e9ls\u0151s\u00e9ges h\u0151m\u00e9rs\u00e9kleteket. A nagy kop\u00e1s\u00e1ll\u00f3s\u00e1g\u00fa \u00e9s korr\u00f3zi\u00f3v\u00e9d\u0151 tulajdons\u00e1gokkal rendelkez\u0151 anyagok haszn\u00e1lata seg\u00edt meghosszabb\u00edtani ezeknek a hengereknek az \u00e9lettartam\u00e1t, cs\u00f6kkentve a gyakori cser\u00e9k sz\u00fcks\u00e9gess\u00e9g\u00e9t.<\/p>\n<h3>Biztons\u00e1g<\/h3>\n<p>A biztons\u00e1g kiemelked\u0151 fontoss\u00e1g\u00fa a hidraulikus rendszerekben. A g\u00e9mhengerek biztons\u00e1gi funkci\u00f3kkal vannak ell\u00e1tva a balesetek megel\u0151z\u00e9se \u00e9rdek\u00e9ben, p\u00e9ld\u00e1ul nyom\u00e1scs\u00f6kkent\u0151 szelepekkel a t\u00falnyom\u00e1s kock\u00e1zat\u00e1nak cs\u00f6kkent\u00e9se \u00e9rdek\u00e9ben. A rendszeres ellen\u0151rz\u00e9sek \u00e9s a biztons\u00e1gi protokollok betart\u00e1sa \u00fczemeltet\u00e9s k\u00f6zben tov\u00e1bb el\u0151seg\u00edti a biztons\u00e1gos munkak\u00f6rnyezetet.<\/p>\n<h3>Karbantart\u00e1s<\/h3>\n<p>A k\u00f6nny\u0171 karbantart\u00e1s fontos tervez\u00e9si szempont. A g\u00e9mhengereknek egyszer\u0171 hozz\u00e1f\u00e9r\u00e9st kell biztos\u00edtaniuk azokhoz az alkatr\u00e9szekhez, amelyek rendszeres ellen\u0151rz\u00e9st \u00e9s szervizel\u00e9st ig\u00e9nyelnek. Ez mag\u00e1ban foglalja azokat a funkci\u00f3kat is, amelyek megk\u00f6nny\u00edtik a t\u00f6m\u00edt\u00e9sek \u00e9s m\u00e1s alkatr\u00e9szek cser\u00e9j\u00e9t, el\u0151seg\u00edtve a fenntarthat\u00f3 m\u0171k\u00f6d\u00e9si hat\u00e9konys\u00e1got \u00e9s cs\u00f6kkentve az \u00e1ll\u00e1sid\u0151t.<\/p>\n<p><img decoding=\"async\" src=\"https:\/\/www.hydraulic-cylinders.net\/wp-content\/uploads\/2025\/04\/songte-oil-pipes-and-spare-parts.webp\" alt=\"Hidraulikus henger alkatr\u00e9szek\"><\/p>\n<h2>T\u00f6m\u00edt\u00e9s \u00e9s ken\u00e9s<\/h2>\n<p>A hat\u00e9kony t\u00f6m\u00edt\u00e9s \u00e9s ken\u00e9s elengedhetetlen a g\u00e9mhengerek megb\u00edzhat\u00f3 m\u0171k\u00f6d\u00e9s\u00e9hez. K\u00fcl\u00f6nb\u00f6z\u0151 t\u00f6m\u00edt\u0151elemeket, p\u00e9ld\u00e1ul dugatty\u00fat\u00f6m\u00edt\u00e9seket \u00e9s r\u00fadt\u00f6m\u00edt\u00e9seket haszn\u00e1lnak a hidraulikus nyom\u00e1s fenntart\u00e1s\u00e1ra \u00e9s a sziv\u00e1rg\u00e1sok megakad\u00e1lyoz\u00e1s\u00e1ra. A t\u00f6m\u00edt\u00e9sek gyakran tart\u00f3s anyagokb\u00f3l, p\u00e9ld\u00e1ul poliuret\u00e1nb\u00f3l \u00e9s nitrilgumib\u00f3l k\u00e9sz\u00fclnek, amelyek ellen\u00e1llnak a kop\u00e1snak \u00e9s a k\u00f6rnyezeti t\u00e9nyez\u0151knek.<\/p>\n<p>A hengertest \u00e9s a menetes v\u00e9gek prec\u00edzi\u00f3s megmunk\u00e1l\u00e1son esnek \u00e1t a kop\u00e1s\u00e1ll\u00f3s\u00e1g n\u00f6vel\u00e9se \u00e9s a szoros illeszked\u00e9s biztos\u00edt\u00e1sa \u00e9rdek\u00e9ben. A rendszeres ken\u00e9s elengedhetetlen; a kezel\u0151knek rendszeresen ellen\u0151rizni\u00fck kell a hidraulikaolaj szintj\u00e9t, \u00e9s a megfelel\u0151 mennyis\u00e9g\u0171 hidraulikafolyad\u00e9kot kell alkalmazniuk az optim\u00e1lis teljes\u00edtm\u00e9ny fenntart\u00e1sa \u00e9s a kop\u00e1s megel\u0151z\u00e9se \u00e9rdek\u00e9ben.<\/p>\n<h2>Rendszeres ellen\u0151rz\u00e9s \u00e9s megel\u0151z\u0151 karbantart\u00e1s<\/h2>\n<ul>\n<li><strong>Rutinszer\u0171 ellen\u0151rz\u00e9sek:<\/strong> Rendszeres ellen\u0151rz\u00e9seket v\u00e9gezzen a kop\u00e1s, sziv\u00e1rg\u00e1sok vagy s\u00e9r\u00fcl\u00e9sek jeleinek azonos\u00edt\u00e1sa \u00e9rdek\u00e9ben. A korai felismer\u00e9s lehet\u0151v\u00e9 teszi az id\u0151ben t\u00f6rt\u00e9n\u0151 jav\u00edt\u00e1sokat, megel\u0151zve a s\u00falyosabb probl\u00e9m\u00e1kat.<\/li>\n<li><strong>Megfelel\u0151 ken\u00e9s:<\/strong> Gondoskodjon a hidraulikaolaj szintj\u00e9nek fenntart\u00e1s\u00e1r\u00f3l, \u00e9s arr\u00f3l, hogy a megfelel\u0151 t\u00edpus\u00fa olajat haszn\u00e1lja. A rendszeres ken\u00e9s minimaliz\u00e1lja a s\u00farl\u00f3d\u00e1st \u00e9s a kop\u00e1st, meghosszabb\u00edtva a henger \u00e9lettartam\u00e1t.<\/li>\n<li><strong>T\u00f6m\u00edt\u00e9scsere:<\/strong> Figyelje a t\u00f6m\u00edt\u00e9sek \u00e1llapot\u00e1t, \u00e9s sz\u00fcks\u00e9g szerint cser\u00e9lje ki \u0151ket. A kopott vagy s\u00e9r\u00fclt t\u00f6m\u00edt\u00e9sek sziv\u00e1rg\u00e1st \u00e9s cs\u00f6kkent teljes\u00edtm\u00e9nyt okozhatnak, ez\u00e9rt a proakt\u00edv csere elengedhetetlen a m\u0171k\u00f6d\u0151k\u00e9pess\u00e9g fenntart\u00e1s\u00e1hoz.<\/li>\n<\/ul>\n<h2>Telep\u00edt\u00e9si \u00fatmutat\u00f3<\/h2>\n<p>A g\u00e9mhenger megfelel\u0151 beszerel\u00e9se elengedhetetlen a hat\u00e9konys\u00e1ga \u00e9s hossz\u00fa \u00e9lettartama \u00e9rdek\u00e9ben. Kezdje azzal, hogy megbizonyosodik arr\u00f3l, hogy a henger \u00e9s a r\u00f6gz\u00edt\u00e9si pontjai tiszt\u00e1k \u00e9s szennyez\u0151d\u00e9sekt\u0151l mentesek. Pontosan igaz\u00edtsa a hengert a r\u00f6gz\u00edt\u0151konzolokhoz, megfelel\u0151 t\u00e1maszt\u00e9kokat haszn\u00e1lva a stabilit\u00e1s fenntart\u00e1sa \u00e9rdek\u00e9ben a telep\u00edt\u00e9s sor\u00e1n.<\/p>\n<p>R\u00f6gz\u00edtse a hengert szil\u00e1rdan az aj\u00e1nlott r\u00f6gz\u00edt\u0151elemekkel, \u00fcgyelve arra, hogy a megadott nyomat\u00e9kkal legyenek megh\u00fazva, hogy megakad\u00e1lyozz\u00e1k a m\u0171k\u00f6d\u00e9s k\u00f6zbeni kilazul\u00e1st. A telep\u00edt\u00e9s ut\u00e1n alapos ellen\u0151rz\u00e9ssel gy\u0151z\u0151dj\u00f6n meg arr\u00f3l, hogy minden csatlakoz\u00e1s biztons\u00e1gos, \u00e9s hogy a henger sim\u00e1n, akad\u00e1lyok n\u00e9lk\u00fcl m\u0171k\u00f6dik. A telep\u00edt\u00e9s ut\u00e1n rendszeresen ellen\u0151rizze a megfelel\u0151 be\u00e1ll\u00edt\u00e1st, hogy elker\u00fclje az alkatr\u00e9szek t\u00falzott terhel\u00e9s\u00e9t.<\/p>\n<h2>Karbantart\u00e1si feladatok<\/h2>\n<ul>\n<li><strong>Rendszeres ellen\u0151rz\u00e9sek:<\/strong> A gyakori ellen\u0151rz\u00e9sek elv\u00e9gz\u00e9se elengedhetetlen a potenci\u00e1lis probl\u00e9m\u00e1k korai azonos\u00edt\u00e1s\u00e1hoz. Keresse a kop\u00e1s, sziv\u00e1rg\u00e1sok vagy szokatlan zajok jeleit m\u0171k\u00f6d\u00e9s k\u00f6zben, mivel ezek olyan m\u00f6g\u00f6ttes probl\u00e9m\u00e1kra utalhatnak, amelyek figyelmet ig\u00e9nyelhetnek.<\/li>\n<li><strong>Megfelel\u0151 ken\u00e9s:<\/strong> A megfelel\u0151 ken\u00e9s fenntart\u00e1sa elengedhetetlen a g\u00e9mhenger z\u00f6kken\u0151mentes m\u0171k\u00f6d\u00e9s\u00e9hez. \u00dcgyeljen arra, hogy az aj\u00e1nlott hidraulikaolajat haszn\u00e1lja, \u00e9s a gy\u00e1rt\u00f3 ir\u00e1nyelveiben megadott id\u0151k\u00f6z\u00f6nk\u00e9nt alkalmazza azt a t\u00falzott kop\u00e1s elker\u00fcl\u00e9se \u00e9rdek\u00e9ben.<\/li>\n<li><strong>T\u00f6m\u00edt\u00e9scsere:<\/strong> A t\u00f6m\u00edt\u00e9sek kritikus fontoss\u00e1g\u00faak a hidraulikus nyom\u00e1s fenntart\u00e1s\u00e1hoz. Rendszeresen ellen\u0151rizze \u00e1llapotukat, \u00e9s cser\u00e9lje ki \u0151ket, ha kop\u00e1s jeleit mutatj\u00e1k, biztos\u00edtva az optim\u00e1lis teljes\u00edtm\u00e9nyt \u00e9s megel\u0151zve a sziv\u00e1rg\u00e1sokat.<\/li>\n<\/ul>\n<p>A telep\u00edt\u00e9s sor\u00e1n \u00fcgyeljen a henger megfelel\u0151 be\u00e1ll\u00edt\u00e1s\u00e1ra, hogy elker\u00fclje a be\u00e1ll\u00edt\u00e1si probl\u00e9m\u00e1kat. Haszn\u00e1ljon megfelel\u0151 r\u00f6gz\u00edt\u0151konzolokat a stabilit\u00e1s biztos\u00edt\u00e1sa \u00e9rdek\u00e9ben. Tartsa be az aj\u00e1nlott ellen\u0151rz\u00e9si \u00e9s csere elj\u00e1r\u00e1sokat, \u00e9s gondoskodjon arr\u00f3l, hogy az alkatr\u00e9szeket azonos min\u0151s\u00e9g\u0171 alkatr\u00e9szekre cser\u00e9lje ki a m\u0171k\u00f6d\u0151k\u00e9pess\u00e9g meg\u0151rz\u00e9se \u00e9s a henger \u00e9lettartam\u00e1nak meghosszabb\u00edt\u00e1sa \u00e9rdek\u00e9ben.<\/p>\n<p><img decoding=\"async\" src=\"https:\/\/www.hydraulic-cylinders.net\/wp-content\/uploads\/2025\/04\/songte-chushion-collar.webp\" alt=\"P\u00e1rna gall\u00e9r\"><\/p>\n<h2>Biztons\u00e1gi szempontok \u00e9s k\u00f6rnyezeti t\u00e9nyez\u0151k<\/h2>\n<p>Hidraulikus hengerek haszn\u00e1latakor a biztons\u00e1gi int\u00e9zked\u00e9sek betart\u00e1sa elengedhetetlen a balesetek \u00e9s s\u00e9r\u00fcl\u00e9sek megel\u0151z\u00e9se \u00e9rdek\u00e9ben. A kezel\u0151ket ki kell k\u00e9pezni a berendez\u00e9sek helyes haszn\u00e1lat\u00e1ra, \u00e9s ismerni\u00fck kell a biztons\u00e1gi protokollokat, bele\u00e9rtve a hidraulikus nyom\u00e1ssal \u00e9s a lehets\u00e9ges mechanikai meghib\u00e1sod\u00e1sokkal kapcsolatos vesz\u00e9lyek felismer\u00e9s\u00e9t. A hidraulikus folyad\u00e9kok megfelel\u0151 kezel\u00e9se \u00e9s t\u00e1rol\u00e1sa szint\u00e9n kulcsfontoss\u00e1g\u00fa a k\u00f6rnyezetszennyez\u00e9s megel\u0151z\u00e9se \u00e9rdek\u00e9ben.<\/p>\n<h2>Hibaelh\u00e1r\u00edt\u00e1s \u00e9s gyakori probl\u00e9m\u00e1k<\/h2>\n<ul>\n<li><strong>Sziv\u00e1rg\u00e1s:<\/strong> A hidraulikus hengerek egyik leggyakoribb probl\u00e9m\u00e1ja a sziv\u00e1rg\u00e1s, amelyet gyakran a kopott t\u00f6m\u00edt\u00e9sek okoznak. A rendszeres ellen\u0151rz\u00e9sek \u00e9s az id\u0151ben t\u00f6rt\u00e9n\u0151 t\u00f6m\u00edt\u00e9scsere enyh\u00edtheti ezt a probl\u00e9m\u00e1t.<\/li>\n<li><strong>Nyom\u00e1sveszt\u00e9s:<\/strong> A nem elegend\u0151 hidraulikus nyom\u00e1s oka lehet folyad\u00e9ksziv\u00e1rg\u00e1s, leveg\u0151 a hidraulikus rendszerben vagy hib\u00e1san m\u0171k\u00f6d\u0151 alkatr\u00e9szek. A hiba ok\u00e1nak diagnosztiz\u00e1l\u00e1sa kritikus fontoss\u00e1g\u00fa a norm\u00e1l m\u0171k\u00f6d\u00e9s helyre\u00e1ll\u00edt\u00e1s\u00e1hoz.<\/li>\n<li><strong>Szokatlan zajok:<\/strong> A m\u0171k\u00f6d\u00e9s k\u00f6zbeni csikorg\u00f3 vagy sziszeg\u0151 hangok bels\u0151 s\u00e9r\u00fcl\u00e9sre vagy el\u00e9gtelen ken\u00e9sre utalhatnak. Az ok miel\u0151bbi azonos\u00edt\u00e1sa \u00e9s kezel\u00e9se megel\u0151zheti a tov\u00e1bbi k\u00e1rokat.<\/li>\n<\/ul>\n<p>A probl\u00e9m\u00e1k hat\u00e9kony diagnosztiz\u00e1l\u00e1sa \u00e9rdek\u00e9ben a kezel\u0151knek napl\u00f3t kell vezetni\u00fck a teljes\u00edtm\u00e9nyr\u0151l \u00e9s a jav\u00edt\u00e1si el\u0151zm\u00e9nyekr\u0151l. A gyakori probl\u00e9m\u00e1k \u00e9s t\u00fcneteik ismerete lehet\u0151v\u00e9 teszi a gyorsabb megold\u00e1st \u00e9s minimaliz\u00e1lja a berendez\u00e9s \u00e1ll\u00e1sidej\u00e9t.<\/p>\n<p>A megel\u0151z\u0151 int\u00e9zked\u00e9sek, mint p\u00e9ld\u00e1ul a rendszeres karbantart\u00e1s \u00e9s az \u00fczemeltet\u00e9si ir\u00e1nyelvek betart\u00e1sa, jelent\u0151sen cs\u00f6kkenthetik a potenci\u00e1lis probl\u00e9m\u00e1k el\u0151fordul\u00e1s\u00e1t, biztos\u00edtva a hidraulikus hengerek z\u00f6kken\u0151mentes m\u0171k\u00f6d\u00e9s\u00e9t \u00e9s hossz\u00fa \u00e9lettartam\u00e1t.<\/p>\n<p><img decoding=\"async\" src=\"https:\/\/www.hydraulic-cylinders.net\/wp-content\/uploads\/2025\/04\/songte-bushings-with-all-kinds-of-excavator-models.webp\" alt=\"Perselyek kotr\u00f3g\u00e9p modellekhez\"><\/p>\n<h2>C\u00e9g\u00fcnkr\u0151l<\/h2>\n<p>A hidraulikus munkahengerek vezet\u0151 gy\u00e1rt\u00f3jak\u00e9nt \u00e1tfog\u00f3 term\u00e9kv\u00e1laszt\u00e9kot k\u00edn\u00e1lunk mind a hazai, mind a nemzetk\u00f6zi piacok ig\u00e9nyeinek kiel\u00e9g\u00edt\u00e9s\u00e9re. A min\u0151s\u00e9g ir\u00e1nti elk\u00f6telezetts\u00e9g\u00fcnket apr\u00f3l\u00e9kos gy\u00e1rt\u00e1si folyamataink \u00e9s az ipar\u00e1gi szabv\u00e1nyok betart\u00e1sa t\u00fckr\u00f6zi.<\/p>\n<p>Korszer\u0171 gy\u00e1rt\u00f3\u00fczemeink a legmodernebb technol\u00f3gi\u00e1t \u00e9s k\u00e9pzett munkaer\u0151t alkalmazz\u00e1k a magas hat\u00e9konys\u00e1g \u00e9s pontoss\u00e1g biztos\u00edt\u00e1sa \u00e9rdek\u00e9ben. Hangs\u00falyozzuk a folyamatos fejleszt\u00e9st \u00e9s innov\u00e1ci\u00f3t, \u00e9s m\u0171szaki szak\u00e9rtelm\u00fcnket kihaszn\u00e1lva jav\u00edtjuk term\u00e9keink min\u0151s\u00e9g\u00e9t \u00e9s megfelel\u00fcnk a soksz\u00edn\u0171 \u00fcgyf\u00e9lig\u00e9nyeknek.<\/p>\n<p>Szolg\u00e1ltat\u00e1saink t\u00falmutatnak a gy\u00e1rt\u00e1son; szem\u00e9lyre szabott megold\u00e1sokat k\u00edn\u00e1lunk, bele\u00e9rtve a testreszab\u00e1si lehet\u0151s\u00e9geket \u00e9s a robusztus \u00e9rt\u00e9kes\u00edt\u00e9s ut\u00e1ni t\u00e1mogat\u00e1st, biztos\u00edtva, hogy \u00fcgyfeleink a lehet\u0151 legmagasabb szint\u0171 szolg\u00e1ltat\u00e1st kapj\u00e1k. Elk\u00f6telezettek vagyunk a kiv\u00e1l\u00f3s\u00e1g \u00e9s a megb\u00edzhat\u00f3s\u00e1g ir\u00e1nt minden \u00e1ltalunk k\u00edn\u00e1lt term\u00e9kben.<\/p>\n<p><img decoding=\"async\" src=\"https:\/\/www.hydraulic-cylinders.net\/wp-content\/uploads\/2025\/04\/songte-company-4.webp\" alt=\"C\u00e9gk\u00e9p 1\"><br \/>\n<img decoding=\"async\" src=\"https:\/\/www.hydraulic-cylinders.net\/wp-content\/uploads\/2025\/04\/songte-company-3.webp\" alt=\"C\u00e9gk\u00e9p 2\"><\/p>\n<p>Szerz\u0151: lyl<\/p>","protected":false},"excerpt":{"rendered":"<p>Boom Cylinder For Bonny CE750-8 Product Overview The Boom Cylinder for Bonny CE750-8 is a crucial component in hydraulic systems, specifically designed to control the movement of the boom on heavy machinery. These cylinders are integral to the operation of excavators, backhoes, and front loaders, enabling the boom to lift, lower, and tilt, thus facilitating [&hellip;]<\/p>","protected":false},"featured_media":17879,"comment_status":"open","ping_status":"closed","template":"","meta":{"_et_pb_use_builder":"","_et_pb_old_content":"","_et_gb_content_width":""},"product_brand":[],"product_cat":[1546],"product_tag":[1547,1496],"class_list":{"0":"post-19646","1":"product","2":"type-product","3":"status-publish","4":"has-post-thumbnail","6":"product_cat-boom-cylinders","7":"product_tag-boom-cylinders","8":"product_tag-hydraulic-cylinders","10":"first","11":"instock","12":"shipping-taxable","13":"product-type-simple"},"amp_enabled":true,"_links":{"self":[{"href":"https:\/\/www.hydraulic-cylinders.net\/hu\/wp-json\/wp\/v2\/product\/19646","targetHints":{"allow":["GET"]}}],"collection":[{"href":"https:\/\/www.hydraulic-cylinders.net\/hu\/wp-json\/wp\/v2\/product"}],"about":[{"href":"https:\/\/www.hydraulic-cylinders.net\/hu\/wp-json\/wp\/v2\/types\/product"}],"replies":[{"embeddable":true,"href":"https:\/\/www.hydraulic-cylinders.net\/hu\/wp-json\/wp\/v2\/comments?post=19646"}],"wp:featuredmedia":[{"embeddable":true,"href":"https:\/\/www.hydraulic-cylinders.net\/hu\/wp-json\/wp\/v2\/media\/17879"}],"wp:attachment":[{"href":"https:\/\/www.hydraulic-cylinders.net\/hu\/wp-json\/wp\/v2\/media?parent=19646"}],"wp:term":[{"taxonomy":"product_brand","embeddable":true,"href":"https:\/\/www.hydraulic-cylinders.net\/hu\/wp-json\/wp\/v2\/product_brand?post=19646"},{"taxonomy":"product_cat","embeddable":true,"href":"https:\/\/www.hydraulic-cylinders.net\/hu\/wp-json\/wp\/v2\/product_cat?post=19646"},{"taxonomy":"product_tag","embeddable":true,"href":"https:\/\/www.hydraulic-cylinders.net\/hu\/wp-json\/wp\/v2\/product_tag?post=19646"}],"curies":[{"name":"munkaf\u00fczet","href":"https:\/\/api.w.org\/{rel}","templated":true}]}}