{"id":19647,"date":"2025-04-07T06:59:25","date_gmt":"2025-04-07T06:59:25","guid":{"rendered":"https:\/\/www.hydraulic-cylinders.net\/product\/boom-cylinder-for-bonny-wzy32-7\/"},"modified":"2025-04-07T06:59:28","modified_gmt":"2025-04-07T06:59:28","slug":"boom-cylinder-for-bonny-wzy32-7","status":"publish","type":"product","link":"https:\/\/www.hydraulic-cylinders.net\/hu\/termek\/boom-cylinder-for-bonny-wzy32-7\/","title":{"rendered":"G\u00e9mhenger Bonny WZY32-7-hez"},"content":{"rendered":"<h1>G\u00e9mhenger Bonny WZY32-7-hez<\/h1>\n<h2>Bevezet\u00e9s a g\u00e9mhengerekbe<\/h2>\n<p>A kifejezetten neh\u00e9zg\u00e9pekhez, p\u00e9ld\u00e1ul a Bonny WZY32-7-hez tervezett g\u00e9mhenger a hidraulikus rendszerek alapvet\u0151 eleme. Ezek a hengerek felel\u0151sek a kan\u00e1l mozg\u00e1s\u00e1nak vez\u00e9rl\u00e9s\u00e9\u00e9rt k\u00fcl\u00f6nf\u00e9le neh\u00e9zg\u00e9pekben, p\u00e9ld\u00e1ul kotr\u00f3g\u00e9pekben, kotr\u00f3rakod\u00f3kban \u00e9s homlokrakod\u00f3kban. Lehet\u0151v\u00e9 teszik a kan\u00e1l emel\u00e9s\u00e9t, s\u00fcllyeszt\u00e9s\u00e9t \u00e9s billent\u00e9s\u00e9t, hat\u00e9konyan megk\u00f6nny\u00edtve az anyagmozgat\u00e1si feladatokat.<\/p>\n<p>A hidraulikus hengerekk\u00e9nt tervezett g\u00e9mhengerek hidraulikus folyad\u00e9kot haszn\u00e1lnak a mozg\u00e1s l\u00e9trehoz\u00e1s\u00e1hoz. A hidraulikus nyom\u00e1s mechanikai er\u0151v\u00e9 alak\u00edt\u00e1s\u00e1val biztos\u00edtj\u00e1k a sz\u00fcks\u00e9ges teljes\u00edtm\u00e9nyt a neh\u00e9z m\u0171veletek elv\u00e9gz\u00e9s\u00e9hez. A robusztus kialak\u00edt\u00e1s biztos\u00edtja a megb\u00edzhat\u00f3s\u00e1got nagy terhel\u00e9s\u0171 k\u00f6r\u00fclm\u00e9nyek k\u00f6z\u00f6tt, \u00edgy l\u00e9tfontoss\u00e1g\u00faak az \u00e9p\u00edt\u0151iparban, a mez\u0151gazdas\u00e1gban \u00e9s m\u00e1s neh\u00e9z ig\u00e9nybev\u00e9telt jelent\u0151 alkalmaz\u00e1sokban.<\/p>\n<p><img decoding=\"async\" src=\"https:\/\/www.hydraulic-cylinders.net\/wp-content\/uploads\/2025\/04\/songte-company-1.webp\" alt=\"G\u00e9mhenger\"><\/p>\n<h2>A g\u00e9mhenger f\u0151bb jellemz\u0151i<\/h2>\n<ul>\n<li>\n<h3>Nagy szil\u00e1rds\u00e1g \u00e9s tart\u00f3ss\u00e1g<\/h3>\n<p>Nagy szil\u00e1rds\u00e1g\u00fa ac\u00e9lb\u00f3l vagy alum\u00edniumb\u00f3l k\u00e9sz\u00fclnek, ezek a palackok k\u00e9pesek ellen\u00e1llni a nagy nyom\u00e1snak \u00e9s a neh\u00e9z terhel\u00e9seknek. Tervez\u00e9s\u00fck sor\u00e1n figyelembe vett\u00e9k a kop\u00e1s\u00e1ll\u00f3s\u00e1got \u00e9s a korr\u00f3zi\u00f3\u00e1ll\u00f3s\u00e1got, ami jelent\u0151sen meghosszabb\u00edtja \u00e9lettartamukat.<\/p>\n<\/li>\n<li>\n<h3>Hat\u00e9kony hidraulikus m\u0171k\u00f6dtet\u00e9s<\/h3>\n<p>A hidraulikaolaj nyom\u00e1s\u00e1t kihaszn\u00e1lva a g\u00e9mhengerek sima kitol\u00e1st \u00e9s visszah\u00faz\u00e1st biztos\u00edtanak. Gyorsan reag\u00e1lnak a vez\u00e9rl\u0151parancsokra, er\u0151teljes tol\u00f3- \u00e9s h\u00faz\u00f3er\u0151ket biztos\u00edtva, amelyek elengedhetetlenek a neh\u00e9z \u00e9s \u00f6sszetett feladatok kezel\u00e9s\u00e9hez.<\/p>\n<\/li>\n<li>\n<h3>K\u00fcl\u00f6nb\u00f6z\u0151 t\u00edpusok<\/h3>\n<p>Ezek a munkahengerek egyszeres m\u0171k\u00f6d\u00e9s\u0171 (egy ir\u00e1nyban hidraulikus nyom\u00e1st haszn\u00e1lva) vagy kett\u0151s m\u0171k\u00f6d\u00e9s\u0171 (mindk\u00e9t ir\u00e1nyban hidraulikus nyom\u00e1st haszn\u00e1lva) konfigur\u00e1ci\u00f3ban kaphat\u00f3k. Bizonyos modellek teleszk\u00f3pos kialak\u00edt\u00e1ssal rendelkeznek, amely nagyobb kiny\u00fal\u00e1st tesz lehet\u0151v\u00e9 a k\u00fcls\u0151 m\u00e9retek n\u00f6vel\u00e9se n\u00e9lk\u00fcl, \u00edgy ide\u00e1lisak a helysz\u0171k\u00e9ben l\u00e9v\u0151 alkalmaz\u00e1sokhoz.<\/p>\n<\/li>\n<li>\n<h3>Egyedi gy\u00e1rt\u00e1s<\/h3>\n<p>Ezt a term\u00e9ket \u00fagy tudjuk gy\u00e1rtani, hogy t\u00f6k\u00e9letesen helyettes\u00edtse a megl\u00e9v\u0151 hidraulikus hengereket, biztos\u00edtva a kompatibilit\u00e1st \u00e9s a teljes\u00edtm\u00e9nyt a k\u00fcl\u00f6nb\u00f6z\u0151 modellek \u00e9s alkalmaz\u00e1sok k\u00f6z\u00f6tt.<\/p>\n<\/li>\n<\/ul>\n<p><img decoding=\"async\" src=\"https:\/\/www.hydraulic-cylinders.net\/wp-content\/uploads\/2025\/04\/songte-cylinder-head-with-all-kinds-excavator-models.webp\" alt=\"G\u00e9mhenger kotr\u00f3g\u00e9pekhez\"><\/p>\n<h2>A g\u00e9mhengerek alkalmaz\u00e1sai<\/h2>\n<h3>\u00c9p\u00edt\u0151ipari berendez\u00e9sek<\/h3>\n<p>A kotr\u00f3g\u00e9pekben a g\u00e9mhengerek l\u00e9tfontoss\u00e1g\u00faak az \u00e1s\u00e1shoz, a talaj vagy t\u00f6rmel\u00e9k rakod\u00e1s\u00e1hoz \u00e9s mozgat\u00e1s\u00e1hoz. Ezek biztos\u00edtj\u00e1k az optim\u00e1lis teljes\u00edtm\u00e9nyt a f\u00f6ldmunka sor\u00e1n, lehet\u0151v\u00e9 t\u00e9ve a kan\u00e1l pontos ir\u00e1ny\u00edt\u00e1s\u00e1t \u00e9s mozg\u00e1s\u00e1t. A kotr\u00f3g\u00e9p-rakod\u00f3kban ezek a hengerek mind az \u00e1s\u00e1st, mind az emel\u00e9st seg\u00edtik, n\u00f6velve a g\u00e9p sokoldal\u00fas\u00e1g\u00e1t.<\/p>\n<h3>Mez\u0151gazdas\u00e1gi g\u00e9pek<\/h3>\n<p>A homlokrakod\u00f3k g\u00e9mhengereket haszn\u00e1lnak a talaj, sz\u00e9na \u00e9s egy\u00e9b anyagok hat\u00e9kony mer\u00e9s\u00e9hez, emel\u00e9s\u00e9hez \u00e9s sz\u00e1ll\u00edt\u00e1s\u00e1hoz. A hidraulikus teljes\u00edtm\u00e9ny lehet\u0151v\u00e9 teszi a gazd\u00e1lkod\u00f3k sz\u00e1m\u00e1ra, hogy k\u00f6nnyed\u00e9n kezelj\u00e9k a neh\u00e9z terheket, jav\u00edtva a gazdas\u00e1g termel\u00e9kenys\u00e9g\u00e9t.<\/p>\n<h3>Kotr\u00f3g\u00e9pek<\/h3>\n<p>A kotr\u00f3g\u00e9pekn\u00e9l a g\u00e9mhenger megk\u00f6nny\u00edti az \u00e1s\u00e1si m\u0171veletet az\u00e1ltal, hogy lehet\u0151v\u00e9 teszi a kan\u00e1l talajba hatol\u00e1s\u00e1t. Ez a k\u00e9pess\u00e9g kulcsfontoss\u00e1g\u00fa a hat\u00e9kony f\u00f6ldmunk\u00e1hoz, k\u00fcl\u00f6n\u00f6sen a kih\u00edv\u00e1st jelent\u0151 terepen, ahol precizit\u00e1sra van sz\u00fcks\u00e9g.<\/p>\n<h3>Rakod\u00f3k<\/h3>\n<p>A homlokrakod\u00f3k g\u00e9mhengerekkel hat\u00e9konyan emelik \u00e9s \u00fcr\u00edtik a rakom\u00e1nyt. A hidraulikus m\u0171k\u00f6d\u00e9s lehet\u0151v\u00e9 teszi a kezel\u0151k sz\u00e1m\u00e1ra, hogy prec\u00edzen kezelj\u00e9k az anyagokat, \u00edgy n\u00e9lk\u00fcl\u00f6zhetetlen elemei az \u00e9p\u00edt\u0151ipari \u00e9s anyagmozgat\u00e1si feladatoknak.<\/p>\n<h2>Tervez\u00e9si szempontok \u00e9s kiv\u00e1laszt\u00e1si krit\u00e9riumok<\/h2>\n<h3>Teherb\u00edr\u00e1s<\/h3>\n<p>Kritikus fontoss\u00e1g\u00fa meg\u00e9rteni a g\u00e9mhenger teherb\u00edr\u00e1s\u00e1t, hogy biztos lehessen benne, hogy k\u00e9pes kezelni az adott alkalmaz\u00e1sok ig\u00e9nyeit. A nem megfelel\u0151 teherb\u00edr\u00e1s\u00fa henger kiv\u00e1laszt\u00e1sa meghib\u00e1sod\u00e1shoz vezethet, ami baleseteket \u00e9s a berendez\u00e9sek k\u00e1rosod\u00e1s\u00e1t okozhatja.<\/p>\n<h3>T\u00f6m\u00edt\u00e9s<\/h3>\n<p>A hat\u00e9kony t\u00f6m\u00edt\u00e9s l\u00e9tfontoss\u00e1g\u00fa a hidraulikus nyom\u00e1s fenntart\u00e1s\u00e1hoz \u00e9s a folyad\u00e9ksziv\u00e1rg\u00e1sok megel\u0151z\u00e9s\u00e9hez. A tart\u00f3s anyagokb\u00f3l k\u00e9sz\u00fclt min\u0151s\u00e9gi t\u00f6m\u00edt\u00e9sek elengedhetetlenek a g\u00e9mhenger hossz\u00fa \u00e9lettartam\u00e1nak \u00e9s hat\u00e9konys\u00e1g\u00e1nak biztos\u00edt\u00e1s\u00e1hoz.<\/p>\n<h3>Tart\u00f3ss\u00e1g<\/h3>\n<p>A tart\u00f3ss\u00e1g kulcsfontoss\u00e1g\u00fa szempont a g\u00e9mhengerek tervez\u00e9s\u00e9n\u00e9l. Ellen kell \u00e1llniuk a zord munkak\u00f6r\u00fclm\u00e9nyeknek, bele\u00e9rtve a pornak, nedvess\u00e9gnek \u00e9s v\u00e1ltoz\u00f3 h\u0151m\u00e9rs\u00e9kleteknek val\u00f3 kitetts\u00e9get. A kiv\u00e1l\u00f3 min\u0151s\u00e9g\u0171 anyagok kiv\u00e1laszt\u00e1sa n\u00f6veli az \u00e1ltal\u00e1nos tart\u00f3ss\u00e1got.<\/p>\n<h3>Biztons\u00e1g<\/h3>\n<p>A biztons\u00e1gi funkci\u00f3knak priorit\u00e1st kell \u00e9lvezni\u00fck a g\u00e9mhengerek tervez\u00e9se \u00e9s kiv\u00e1laszt\u00e1sa sor\u00e1n. Biztons\u00e1gi int\u00e9zked\u00e9sek, p\u00e9ld\u00e1ul nyom\u00e1scs\u00f6kkent\u0151 szelepek bevezet\u00e9se megakad\u00e1lyozhatja a t\u00falterhel\u00e9st \u00e9s a potenci\u00e1lis meghib\u00e1sod\u00e1sokat, biztos\u00edtva a biztons\u00e1gosabb m\u0171k\u00f6d\u00e9st.<\/p>\n<h3>Karbantarthat\u00f3s\u00e1g<\/h3>\n<p>V\u00e9g\u00fcl, a karbantart\u00e1s egyszer\u0171s\u00e9ge kulcsfontoss\u00e1g\u00fa a g\u00e9mhenger kiv\u00e1laszt\u00e1s\u00e1ban. Azok a kialak\u00edt\u00e1sok, amelyek megk\u00f6nny\u00edtik a jav\u00edt\u00e1sokat \u00e9s a rendszeres karbantart\u00e1st, jelent\u0151sen cs\u00f6kkenthetik az \u00e1ll\u00e1sid\u0151t \u00e9s az \u00fczemeltet\u00e9si k\u00f6lts\u00e9geket.<\/p>\n<p><img decoding=\"async\" src=\"https:\/\/www.hydraulic-cylinders.net\/wp-content\/uploads\/2025\/04\/songte-oil-pipes-and-spare-parts.webp\" alt=\"Hidraulikus alkatr\u00e9szek\"><\/p>\n<h2>T\u00f6m\u00edt\u00e9s \u00e9s ken\u00e9s<\/h2>\n<p>A megfelel\u0151 t\u00f6m\u00edt\u00e9s elengedhetetlen a g\u00e9mhengerek teljes\u00edtm\u00e9ny\u00e9hez. K\u00fcl\u00f6nb\u00f6z\u0151 t\u00f6m\u00edt\u00e9seket, p\u00e9ld\u00e1ul dugatty\u00fat\u00f6m\u00edt\u00e9seket \u00e9s r\u00fadt\u00f6m\u00edt\u00e9seket alkalmaznak a hidraulikus nyom\u00e1s fenntart\u00e1sa \u00e9rdek\u00e9ben. A kop\u00e1s\u00e1ll\u00f3 anyagokb\u00f3l, p\u00e9ld\u00e1ul poliuret\u00e1nb\u00f3l \u00e9s nitrilgumib\u00f3l k\u00e9sz\u00fclt t\u00f6m\u00edt\u00e9sek optim\u00e1lis teljes\u00edtm\u00e9nyt biztos\u00edtanak. Ezenk\u00edv\u00fcl a hengertest \u00e9s a menetes v\u00e9gek finom megmunk\u00e1l\u00e1son esnek \u00e1t a kop\u00e1s\u00e1ll\u00f3s\u00e1g fokoz\u00e1sa \u00e9rdek\u00e9ben.<\/p>\n<p>A rendszeres ken\u00e9s sz\u00fcks\u00e9ges, amihez id\u0151szakosan hidraulikaolajat kell ut\u00e1nt\u00f6lteni. Ez a karbantart\u00e1si l\u00e9p\u00e9s nemcsak a z\u00f6kken\u0151mentes m\u0171k\u00f6d\u00e9st seg\u00edti el\u0151, hanem megakad\u00e1lyozza a mozg\u00f3 alkatr\u00e9szek kop\u00e1s\u00e1t is, meghosszabb\u00edtva a henger \u00e9lettartam\u00e1t.<\/p>\n<h2>Rendszeres ellen\u0151rz\u00e9s \u00e9s megel\u0151z\u0151 karbantart\u00e1s<\/h2>\n<ul>\n<li>\n<h3>Rutinellen\u0151rz\u00e9sek<\/h3>\n<p>A gyakori ellen\u0151rz\u00e9sek azonos\u00edthatj\u00e1k a kop\u00e1st \u00e9s a potenci\u00e1lis probl\u00e9m\u00e1kat, miel\u0151tt azok s\u00falyosbodn\u00e1nak. Keressen sziv\u00e1rg\u00e1s, korr\u00f3zi\u00f3 vagy szokatlan zajok jeleit m\u0171k\u00f6d\u00e9s k\u00f6zben.<\/p>\n<\/li>\n<li>\n<h3>Megfelel\u0151 ken\u00e9s<\/h3>\n<p>A henger alkatr\u00e9szeinek rendszeres ken\u00e9se biztos\u00edtja a z\u00f6kken\u0151mentes m\u0171k\u00f6d\u00e9st \u00e9s minimaliz\u00e1lja a s\u00farl\u00f3d\u00e1st, meghosszabb\u00edtva a henger \u00e9lettartam\u00e1t.<\/p>\n<\/li>\n<li>\n<h3>T\u00f6m\u00edt\u00e9s csere<\/h3>\n<p>Id\u0151vel a t\u00f6m\u00edt\u00e9sek elkophatnak \u00e9s elvesz\u00edthetik hat\u00e9konys\u00e1gukat. A t\u00f6m\u00edt\u00e9sek rendszeres ellen\u0151rz\u00e9se \u00e9s cser\u00e9je seg\u00edthet fenntartani a hidraulikus hat\u00e9konys\u00e1got \u00e9s megel\u0151zni a sziv\u00e1rg\u00e1sokat.<\/p>\n<\/li>\n<\/ul>\n<h2>Telep\u00edt\u00e9si \u00fatmutat\u00f3<\/h2>\n<p>A g\u00e9mhenger helyes beszerel\u00e9se elengedhetetlen az optim\u00e1lis teljes\u00edtm\u00e9nyhez. Kezdje azzal, hogy minden alkatr\u00e9sz tiszta \u00e9s t\u00f6rmel\u00e9kmentes. A henger megfelel\u0151 be\u00e1ll\u00edt\u00e1sa kulcsfontoss\u00e1g\u00fa; a hib\u00e1s be\u00e1ll\u00edt\u00e1s id\u0151 el\u0151tti kop\u00e1shoz vezethet. Haszn\u00e1ljon megfelel\u0151 r\u00f6gz\u00edt\u0151konzolokat a henger r\u00f6gz\u00edt\u00e9s\u00e9hez, \u00fcgyelve arra, hogy szil\u00e1rdan a hely\u00e9n legyen. A csavarok \u00e9s csatlakoz\u00e1sok megh\u00faz\u00e1sakor k\u00f6vesse a gy\u00e1rt\u00f3 nyomat\u00e9kra vonatkoz\u00f3 ir\u00e1nyelveit.<\/p>\n<p>Fontos, hogy a telep\u00edt\u00e9s ut\u00e1n alaposan ellen\u0151rizze az \u00f6sszes hidraulikus csatlakoz\u00e1st sziv\u00e1rg\u00e1s szempontj\u00e1b\u00f3l. A telep\u00edt\u00e9s ut\u00e1n v\u00e9gezzen pr\u00f3ba\u00fczemet annak ellen\u0151rz\u00e9s\u00e9re, hogy a henger sim\u00e1n \u00e9s szab\u00e1lytalans\u00e1gok n\u00e9lk\u00fcl m\u0171k\u00f6dik-e.<\/p>\n<h2>Gyakori karbantart\u00e1si feladatok<\/h2>\n<ul>\n<li>\n<h3>Rendszeres ellen\u0151rz\u00e9sek<\/h3>\n<p>A rutinszer\u0171 ellen\u0151rz\u00e9seknek a t\u00f6m\u00edt\u00e9sek \u00e9s a hidraulikus rendszer \u00e1llapot\u00e1ra kell \u00f6sszpontos\u00edtaniuk. A m\u0171k\u00f6d\u0151k\u00e9pess\u00e9g fenntart\u00e1sa \u00e9rdek\u00e9ben halad\u00e9ktalanul foglalkozzon a kop\u00e1s minden jel\u00e9vel.<\/p>\n<\/li>\n<li>\n<h3>Megfelel\u0151 ken\u00e9s<\/h3>\n<p>A megfelel\u0151 t\u00edpus\u00fa \u00e9s mennyis\u00e9g\u0171 hidraulikaolaj haszn\u00e1lata ken\u00e9shez elengedhetetlen. Gy\u0151z\u0151dj\u00f6n meg r\u00f3la, hogy az olaj tiszta, hogy elker\u00fclje a szennyez\u0151d\u00e9st \u00e9s a kop\u00e1st.<\/p>\n<\/li>\n<li>\n<h3>T\u00f6m\u00edt\u00e9scsere \u00e9s kalibr\u00e1l\u00e1s<\/h3>\n<p>A karbantart\u00e1si ellen\u0151rz\u00e9sek r\u00e9szek\u00e9nt rendszeresen cser\u00e9lje ki a t\u00f6m\u00edt\u00e9seket. A hidraulikus rendszer kalibr\u00e1l\u00e1s\u00e1t is el kell v\u00e9gezni az optim\u00e1lis teljes\u00edtm\u00e9ny biztos\u00edt\u00e1sa \u00e9rdek\u00e9ben.<\/p>\n<\/li>\n<\/ul>\n<p><img decoding=\"async\" src=\"https:\/\/www.hydraulic-cylinders.net\/wp-content\/uploads\/2025\/04\/songte-chushion-collar.webp\" alt=\"P\u00e1rna gall\u00e9r\"><\/p>\n<h2>Biztons\u00e1gi szempontok \u00e9s k\u00f6rnyezeti t\u00e9nyez\u0151k<\/h2>\n<p>A biztons\u00e1gi int\u00e9zked\u00e9sek bevezet\u00e9se a g\u00e9mhengerek haszn\u00e1latakor kulcsfontoss\u00e1g\u00fa. A kezel\u0151ket ki kell k\u00e9pezni a berendez\u00e9sek biztons\u00e1gos kezel\u00e9s\u00e9re, bele\u00e9rtve a s\u00falykorl\u00e1toz\u00e1sok meg\u00e9rt\u00e9s\u00e9t \u00e9s a hidraulikus rendszerek megfelel\u0151 haszn\u00e1lat\u00e1t. A rendszeres karbantart\u00e1s \u00e9s a biztons\u00e1gi protokollok betart\u00e1sa jelent\u0151sen cs\u00f6kkentheti a balesetek kock\u00e1zat\u00e1t.<\/p>\n<h2>Hibadiagn\u00f3zis \u00e9s gyakori probl\u00e9m\u00e1k<\/h2>\n<ul>\n<li>\n<h3>Hidraulikus sziv\u00e1rg\u00e1sok<\/h3>\n<p>A sziv\u00e1rg\u00e1sok kopott t\u00f6m\u00edt\u00e9sekre vagy s\u00e9r\u00fclt alkatr\u00e9szekre utalhatnak. Ellen\u0151rizze a t\u00f6m\u00edt\u00e9seket \u00e9s szerelv\u00e9nyeket, sz\u00fcks\u00e9g szerint h\u00fazza meg vagy cser\u00e9lje ki \u0151ket a folyad\u00e9kvesztes\u00e9g megel\u0151z\u00e9se \u00e9rdek\u00e9ben.<\/p>\n<\/li>\n<li>\n<h3>Lass\u00fa m\u0171k\u00f6d\u00e9s<\/h3>\n<p>Ha a g\u00e9m munkahengere lassan m\u0171k\u00f6dik, ellen\u0151rizze a hidraulikafolyad\u00e9k szintj\u00e9t, \u00e9s gy\u0151z\u0151dj\u00f6n meg arr\u00f3l, hogy nincsenek-e elt\u00f6m\u0151d\u00e9sek a vezet\u00e9kekben. A rendszerben l\u00e9v\u0151 leveg\u0151 szint\u00e9n lass\u00fa m\u0171k\u00f6d\u00e9st okozhat.<\/p>\n<\/li>\n<li>\n<h3>Szokatlan zajok<\/h3>\n<p>A m\u0171k\u00f6d\u00e9s k\u00f6zbeni szokatlan hangok bels\u0151 s\u00e9r\u00fcl\u00e9sre vagy alacsony hidraulikafolyad\u00e9k-szintre utalhatnak. A s\u00falyos k\u00e1rok elker\u00fcl\u00e9se \u00e9rdek\u00e9ben azonnal vizsg\u00e1lja ki.<\/p>\n<\/li>\n<\/ul>\n<p>Ezen diagnosztikai tippek betart\u00e1s\u00e1val a kezel\u0151k hat\u00e9konyan elh\u00e1r\u00edthatj\u00e1k a probl\u00e9m\u00e1kat, \u00e9s fenntarthatj\u00e1k a g\u00e9mhengerek cs\u00facsteljes\u00edtm\u00e9ny\u00e9t.<\/p>\n<h2>C\u00e9ginform\u00e1ci\u00f3<\/h2>\n<p>Hidraulikus hengerek cserealkatr\u00e9szeire szakosodott gy\u00e1rt\u00f3 vagyunk, v\u00e1ltozatos term\u00e9kk\u00edn\u00e1latunkkal vezet\u0151 gy\u00e1rt\u00f3k\u00e9nt \u00e9s nagykeresked\u0151k\u00e9nt pozicion\u00e1l minket mind a hazai, mind a nemzetk\u00f6zi piacokon. A kiv\u00e1l\u00f3s\u00e1g ir\u00e1nti elk\u00f6telezetts\u00e9g\u00fcnket kifinomult gy\u00e1rt\u00e1si folyamataink \u00e9s a magas min\u0151s\u00e9gi szabv\u00e1nyok betart\u00e1sa t\u00fckr\u00f6zi.<\/p>\n<p>K\u00e9pzett munkaer\u0151vel, fejlett digit\u00e1lis gy\u00e1rt\u00f3berendez\u00e9sekkel \u00e9s robusztus tesztel\u0151rendszerekkel n\u00f6velj\u00fck termel\u00e9si k\u00e9pess\u00e9geinket. A nagy hat\u00e9konys\u00e1gra, a pontoss\u00e1gra \u00e9s a min\u0151s\u00e9gre val\u00f3 \u00f6sszpontos\u00edt\u00e1sunk lehet\u0151v\u00e9 teszi sz\u00e1munkra, hogy hat\u00e9konyan kiel\u00e9g\u00edts\u00fck \u00fcgyfeleink sokr\u00e9t\u0171 ig\u00e9nyeit.<\/p>\n<p>Ezenk\u00edv\u00fcl testreszabott szolg\u00e1ltat\u00e1sokat is k\u00edn\u00e1lunk, biztos\u00edtva, hogy term\u00e9keink megfeleljenek az adott alkalmaz\u00e1si k\u00f6vetelm\u00e9nyeknek. Nemzetk\u00f6zi tan\u00fas\u00edtv\u00e1nyaink meger\u0151s\u00edtik elk\u00f6telezetts\u00e9g\u00fcnket a min\u0151s\u00e9g \u00e9s a megb\u00edzhat\u00f3s\u00e1g ir\u00e1nt, m\u00edg elk\u00f6telezett \u00e9rt\u00e9kes\u00edt\u00e9s ut\u00e1ni t\u00e1mogat\u00e1sunk biztos\u00edtja az \u00fcgyfelek el\u00e9gedetts\u00e9g\u00e9t.<\/p>\n<p><img decoding=\"async\" src=\"https:\/\/www.hydraulic-cylinders.net\/wp-content\/uploads\/2025\/04\/songte-company-4.webp\" alt=\"C\u00e9ges im\u00e1zs\"><br \/>\n<img decoding=\"async\" src=\"https:\/\/www.hydraulic-cylinders.net\/wp-content\/uploads\/2025\/04\/songte-company-3.webp\" alt=\"C\u00e9ges im\u00e1zs\"><\/p>\n<p>Szerz\u0151: lyl<\/p>","protected":false},"excerpt":{"rendered":"<p>Boom Cylinder For Bonny WZY32-7 Introduction to Boom Cylinders The boom cylinder, specifically designed for heavy machinery like the Bonny WZY32-7, is an essential component within hydraulic systems. These cylinders are responsible for controlling the movement of the bucket in various heavy equipment such as excavators, backhoe loaders, and front-end loaders. They enable the bucket [&hellip;]<\/p>","protected":false},"featured_media":17880,"comment_status":"open","ping_status":"closed","template":"","meta":{"_et_pb_use_builder":"","_et_pb_old_content":"","_et_gb_content_width":""},"product_brand":[],"product_cat":[1546],"product_tag":[1547,1496],"class_list":{"0":"post-19647","1":"product","2":"type-product","3":"status-publish","4":"has-post-thumbnail","6":"product_cat-boom-cylinders","7":"product_tag-boom-cylinders","8":"product_tag-hydraulic-cylinders","10":"first","11":"instock","12":"shipping-taxable","13":"product-type-simple"},"amp_enabled":true,"_links":{"self":[{"href":"https:\/\/www.hydraulic-cylinders.net\/hu\/wp-json\/wp\/v2\/product\/19647","targetHints":{"allow":["GET"]}}],"collection":[{"href":"https:\/\/www.hydraulic-cylinders.net\/hu\/wp-json\/wp\/v2\/product"}],"about":[{"href":"https:\/\/www.hydraulic-cylinders.net\/hu\/wp-json\/wp\/v2\/types\/product"}],"replies":[{"embeddable":true,"href":"https:\/\/www.hydraulic-cylinders.net\/hu\/wp-json\/wp\/v2\/comments?post=19647"}],"wp:featuredmedia":[{"embeddable":true,"href":"https:\/\/www.hydraulic-cylinders.net\/hu\/wp-json\/wp\/v2\/media\/17880"}],"wp:attachment":[{"href":"https:\/\/www.hydraulic-cylinders.net\/hu\/wp-json\/wp\/v2\/media?parent=19647"}],"wp:term":[{"taxonomy":"product_brand","embeddable":true,"href":"https:\/\/www.hydraulic-cylinders.net\/hu\/wp-json\/wp\/v2\/product_brand?post=19647"},{"taxonomy":"product_cat","embeddable":true,"href":"https:\/\/www.hydraulic-cylinders.net\/hu\/wp-json\/wp\/v2\/product_cat?post=19647"},{"taxonomy":"product_tag","embeddable":true,"href":"https:\/\/www.hydraulic-cylinders.net\/hu\/wp-json\/wp\/v2\/product_tag?post=19647"}],"curies":[{"name":"munkaf\u00fczet","href":"https:\/\/api.w.org\/{rel}","templated":true}]}}