{"id":19648,"date":"2025-04-07T06:59:28","date_gmt":"2025-04-07T06:59:28","guid":{"rendered":"https:\/\/www.hydraulic-cylinders.net\/product\/boom-cylinder-for-bonny-wzyq42-6\/"},"modified":"2025-04-07T06:59:31","modified_gmt":"2025-04-07T06:59:31","slug":"boom-cylinder-for-bonny-wzyq42-6","status":"publish","type":"product","link":"https:\/\/www.hydraulic-cylinders.net\/hu\/termek\/boom-cylinder-for-bonny-wzyq42-6\/","title":{"rendered":"G\u00e9mhenger Bonny WZYQ42-6-hoz"},"content":{"rendered":"<h1>G\u00e9mhenger Bonny WZYQ42-6-hoz<\/h1>\n<h2>Bevezet\u00e9s a g\u00e9mhengerbe<\/h2>\n<p>A Bonny WZYQ42-6 g\u00e9mhengere l\u00e9tfontoss\u00e1g\u00fa alkatr\u00e9sz a hidraulikus rendszerekben, amelyet kifejezetten a neh\u00e9zg\u00e9pek, p\u00e9ld\u00e1ul kotr\u00f3g\u00e9pek, kotr\u00f3rakod\u00f3k \u00e9s homlokrakod\u00f3k kanalainak mozg\u00e1s\u00e1nak vez\u00e9rl\u00e9s\u00e9re terveztek. Ez a speci\u00e1lis hidraulikus henger lehet\u0151v\u00e9 teszi a kan\u00e1l emel\u00e9s\u00e9t, s\u00fcllyeszt\u00e9s\u00e9t \u00e9s billent\u00e9s\u00e9t, megk\u00f6nny\u00edtve a hat\u00e9kony anyagmozgat\u00e1si feladatokat. A g\u00e9mhenger nagy nyom\u00e1s alatt m\u0171k\u00f6dik, biztos\u00edtva a kotr\u00e1si \u00e9s rakod\u00e1si alkalmaz\u00e1sokhoz sz\u00fcks\u00e9ges sima \u00e9s prec\u00edz mozg\u00e1sokat.<\/p>\n<p><img decoding=\"async\" src=\"https:\/\/www.hydraulic-cylinders.net\/wp-content\/uploads\/2025\/04\/songte-company-1.webp\" alt=\"G\u00e9mhenger\" \/><\/p>\n<h2>A g\u00e9mhenger jellemz\u0151i<\/h2>\n<h3>Nagy szil\u00e1rds\u00e1g \u00e9s tart\u00f3ss\u00e1g<\/h3>\n<ul>\n<li>Nagy szil\u00e1rds\u00e1g\u00fa ac\u00e9lb\u00f3l vagy alum\u00edniumb\u00f3l k\u00e9sz\u00fclt, amely k\u00e9pes ellen\u00e1llni a nagy nyom\u00e1snak \u00e9s a nagy terhel\u00e9snek.<\/li>\n<li>\u00dagy tervezt\u00e9k, hogy zord munkak\u00f6r\u00fclm\u00e9nyeket b\u00edrjon, a kop\u00e1s\u00e1ll\u00f3s\u00e1gra \u00e9s a korr\u00f3zi\u00f3\u00e1ll\u00f3s\u00e1gra \u00f6sszpontos\u00edtva az \u00e9lettartam meghosszabb\u00edt\u00e1sa \u00e9rdek\u00e9ben.<\/li>\n<\/ul>\n<h3>Hat\u00e9kony hidraulikus m\u0171k\u00f6dtet\u00e9s<\/h3>\n<ul>\n<li>A hidraulikaolaj nyom\u00e1s\u00e1t haszn\u00e1lja a sima kitol\u00e1si \u00e9s visszah\u00faz\u00e1si m\u0171veletekhez, biztos\u00edtva a gyors reag\u00e1l\u00e1st a vez\u00e9rl\u0151parancsokra.<\/li>\n<li>Robusztus tol\u00f3- \u00e9s h\u00faz\u00f3er\u0151t biztos\u00edt, ide\u00e1lis neh\u00e9z t\u00e1rgyak kezel\u00e9s\u00e9hez \u00e9s \u00f6sszetett m\u0171veleti feladatokhoz.<\/li>\n<\/ul>\n<h3>K\u00fcl\u00f6nb\u00f6z\u0151 t\u00edpusok<\/h3>\n<ul>\n<li>Kaphat\u00f3 egyszeres m\u0171k\u00f6d\u00e9s\u0171 (hidraulikusan csak az egyik ir\u00e1nyban) vagy kett\u0151s m\u0171k\u00f6d\u00e9s\u0171 (hidraulikusan mindk\u00e9t ir\u00e1nyban) konfigur\u00e1ci\u00f3ban, hogy megfeleljen a k\u00fcl\u00f6nf\u00e9le \u00fczemeltet\u00e9si ig\u00e9nyeknek.<\/li>\n<li>Egyes modellek teleszk\u00f3pos kialak\u00edt\u00e1s\u00faak, ami nagyobb kih\u00faz\u00e1st tesz lehet\u0151v\u00e9 a k\u00fcls\u0151 m\u00e9retek n\u00f6vel\u00e9se n\u00e9lk\u00fcl, \u00edgy alkalmasak helysz\u0171k\u00e9ben l\u00e9v\u0151 alkalmaz\u00e1sokhoz.<\/li>\n<\/ul>\n<p>Term\u00e9keink k\u00e9pesek t\u00f6k\u00e9letesen helyettes\u00edteni ezeket a hidraulikus hengereket.<\/p>\n<p><img decoding=\"async\" src=\"https:\/\/www.hydraulic-cylinders.net\/wp-content\/uploads\/2025\/04\/songte-cylinder-head-with-all-kinds-excavator-models.webp\" alt=\"Hidraulikus henger modellek\" \/><\/p>\n<h2>A g\u00e9mhenger alkalmaz\u00e1sai<\/h2>\n<h3>\u00c9p\u00edt\u0151ipari berendez\u00e9sek<\/h3>\n<p>A kotr\u00f3g\u00e9pekben a g\u00e9mhengerek kulcsfontoss\u00e1g\u00faak az \u00e1s\u00e1shoz, a rakod\u00e1shoz \u00e9s a f\u00f6ld vagy t\u00f6rmel\u00e9k mozgat\u00e1s\u00e1hoz. Ezek teszik lehet\u0151v\u00e9, hogy a kan\u00e1l hat\u00e9konyan hatoljon a talajba, megk\u00f6nny\u00edtve a f\u00f6ldmunk\u00e1t. A kotr\u00f3g\u00e9p-rakod\u00f3kban a g\u00e9mhenger mind az \u00e1s\u00e1si, mind az emel\u00e9si m\u0171veletekben seg\u00edt, \u00edgy sokoldal\u00fa funkcionalit\u00e1st biztos\u00edtva az \u00e9p\u00edtkez\u00e9seken.<\/p>\n<h3>Mez\u0151gazdas\u00e1gi g\u00e9pek<\/h3>\n<p>A homlokrakod\u00f3kn\u00e1l a g\u00e9mhengerek elengedhetetlenek a talaj, sz\u00e9na \u00e9s egy\u00e9b anyagok \u00e1s\u00e1s\u00e1hoz, emel\u00e9s\u00e9hez \u00e9s sz\u00e1ll\u00edt\u00e1s\u00e1hoz. Ezek a hengerek biztos\u00edtj\u00e1k a rakod\u00f3 hat\u00e9kony m\u0171k\u00f6d\u00e9s\u00e9t, maximaliz\u00e1lva a mez\u0151gazdas\u00e1gi alkalmaz\u00e1sok termel\u00e9kenys\u00e9g\u00e9t az\u00e1ltal, hogy biztos\u00edtj\u00e1k a sz\u00fcks\u00e9ges hidraulikus er\u0151t a k\u00fcl\u00f6nb\u00f6z\u0151 feladatokhoz.<\/p>\n<h3>Kotr\u00f3g\u00e9pek<\/h3>\n<p>A kotr\u00f3g\u00e9pek g\u00e9mhengere lehet\u0151v\u00e9 teszi, hogy a kan\u00e1l behatoljon a talajba, hat\u00e9konyan v\u00e9gezve az \u00e1s\u00e1si m\u0171veleteket. Ez a k\u00e9pess\u00e9g n\u00e9lk\u00fcl\u00f6zhetetlen eszk\u00f6zz\u00e9 teszi mind az \u00e9p\u00edt\u00e9si, mind a bont\u00e1si projektekben, biztos\u00edtva, hogy a kotr\u00f3g\u00e9p k\u00f6nnyed\u00e9n kezelje a legk\u00fcl\u00f6nf\u00e9l\u00e9bb anyagokat.<\/p>\n<h3>Rakod\u00f3k<\/h3>\n<p>A homlokrakod\u00f3kban a g\u00e9mhengerek hat\u00e9konyan seg\u00edtik a terhek emel\u00e9s\u00e9t \u00e9s \u00fcr\u00edt\u00e9s\u00e9t. Kialak\u00edt\u00e1suk lehet\u0151v\u00e9 teszi az optim\u00e1lis teljes\u00edtm\u00e9nyt neh\u00e9z terhek eset\u00e9n, biztos\u00edtva az anyagok gyors \u00e9s hat\u00e9kony kezel\u00e9s\u00e9t, ami kritikus fontoss\u00e1g\u00fa a gyors temp\u00f3j\u00fa \u00e9p\u00edt\u00e9si k\u00f6rnyezetben.<\/p>\n<h2>Tervez\u00e9si szempontok \u00e9s kiv\u00e1laszt\u00e1si krit\u00e9riumok<\/h2>\n<h3>Teherb\u00edr\u00e1s<\/h3>\n<p>G\u00e9mhenger kiv\u00e1laszt\u00e1sakor a teherb\u00edr\u00e1s ismerete kiemelked\u0151 fontoss\u00e1g\u00fa. A hengernek k\u00e9pesnek kell lennie a v\u00e1rhat\u00f3 maxim\u00e1lis terhel\u00e9s kezel\u00e9s\u00e9re meghib\u00e1sod\u00e1s kock\u00e1zata n\u00e9lk\u00fcl. Ez mag\u00e1ban foglalja a mozgatand\u00f3 anyagok s\u00faly\u00e1nak \u00e9s az emel\u00e9s\u00fckh\u00f6z sz\u00fcks\u00e9ges er\u0151nek az \u00e9rt\u00e9kel\u00e9s\u00e9t. A nagyobb teherb\u00edr\u00e1s gyakran fokozott biztons\u00e1got \u00e9s megb\u00edzhat\u00f3s\u00e1got jelent a m\u0171k\u00f6d\u00e9s sor\u00e1n, k\u00fcl\u00f6n\u00f6sen a neh\u00e9z alkalmaz\u00e1sokn\u00e1l.<\/p>\n<h3>T\u00f6m\u00edt\u0151mechanizmusok<\/h3>\n<p>Egy hidraulikus henger hat\u00e9konys\u00e1g\u00e1t jelent\u0151sen befoly\u00e1solj\u00e1k a t\u00f6m\u00edt\u0151rendszerei. A megfelel\u0151 t\u00f6m\u00edt\u00e9sek megakad\u00e1lyozz\u00e1k a hidraulikafolyad\u00e9k sziv\u00e1rg\u00e1s\u00e1t, ami l\u00e9tfontoss\u00e1g\u00fa a nyom\u00e1s \u00e9s a funkcionalit\u00e1s fenntart\u00e1s\u00e1hoz. A t\u00f6m\u00edt\u00e9sek anyagainak megv\u00e1laszt\u00e1sa szint\u00e9n befoly\u00e1solja a hossz\u00fa \u00e9lettartamot \u00e9s a k\u00fcl\u00f6nb\u00f6z\u0151 munkak\u00f6rnyezetekhez val\u00f3 alkalmazkod\u00f3k\u00e9pess\u00e9get, mivel a kiv\u00e1l\u00f3 min\u0151s\u00e9g\u0171 t\u00f6m\u00edt\u00e9sek ellen\u00e1llnak a kop\u00e1snak \u00e9s a k\u00f6rnyezeti t\u00e9nyez\u0151knek, biztos\u00edtva az \u00e1lland\u00f3 teljes\u00edtm\u00e9nyt az id\u0151 m\u00fal\u00e1s\u00e1val.<\/p>\n<h3>Tart\u00f3ss\u00e1g<\/h3>\n<p>A tart\u00f3ss\u00e1g kritikus t\u00e9nyez\u0151 a g\u00e9mhengerek tervez\u00e9s\u00e9n\u00e9l. El\u00e9g robusztusnak kell lenni\u00fck ahhoz, hogy ellen\u00e1lljanak a zord munkak\u00f6r\u00fclm\u00e9nyeknek an\u00e9lk\u00fcl, hogy romlan\u00e1nak. Ez mag\u00e1ban foglalja a kop\u00e1s\u00e1ll\u00f3s\u00e1got, a korr\u00f3zi\u00f3\u00e1ll\u00f3s\u00e1got \u00e9s a kif\u00e1rad\u00e1s\u00e1ll\u00f3s\u00e1got, amelyek a nyom\u00e1s alatti ism\u00e9telt haszn\u00e1latb\u00f3l eredhetnek. A gy\u00e1rt\u00e1si folyamatnak olyan anyagokat \u00e9s technik\u00e1kat kell tartalmaznia, amelyek fokozz\u00e1k a tart\u00f3ss\u00e1got, biztos\u00edtva, hogy a henger optim\u00e1lisan m\u0171k\u00f6dj\u00f6n a teljes \u00e9lettartama alatt.<\/p>\n<h3>Biztons\u00e1gi funkci\u00f3k<\/h3>\n<p>A hidraulikus hengerek tervez\u00e9s\u00e9be elengedhetetlen a biztons\u00e1gi funkci\u00f3k be\u00e9p\u00edt\u00e9se. Ez mag\u00e1ban foglalja a t\u00falterhel\u00e9s elleni v\u00e9delmi mechanizmusokat, amelyek megakad\u00e1lyozz\u00e1k, hogy a hengert a kapacit\u00e1s\u00e1n t\u00fali er\u0151hat\u00e1sok \u00e9rj\u00e9k, ami katasztrof\u00e1lis meghib\u00e1sod\u00e1shoz vezethet. A biztons\u00e1gi int\u00e9zked\u00e9seknek tartalmazniuk kell a nyom\u00e1scs\u00f6kkent\u0151 szelepeket is a t\u00falzott nyom\u00e1sviszonyok kezel\u00e9s\u00e9re, biztos\u00edtva, hogy a kezel\u0151k magabiztosan dolgozhassanak indokolatlan kock\u00e1zatok n\u00e9lk\u00fcl.<\/p>\n<h3>Karbantart\u00e1s \u00e9s szervizelhet\u0151s\u00e9g<\/h3>\n<p>A k\u00f6nny\u0171 karbantart\u00e1s \u00e9s a szervizelhet\u0151s\u00e9g kulcsfontoss\u00e1g\u00fa szempontok a g\u00e9mhenger kiv\u00e1laszt\u00e1sakor. A kialak\u00edt\u00e1snak lehet\u0151v\u00e9 kell tennie az alkatr\u00e9szek, bele\u00e9rtve a t\u00f6m\u00edt\u00e9seket \u00e9s egy\u00e9b bels\u0151 alkatr\u00e9szeket, egyszer\u0171 ellen\u0151rz\u00e9s\u00e9t \u00e9s cser\u00e9j\u00e9t. A rendszeres karbantart\u00e1si protokolloknak k\u00f6nnyen k\u00f6vethet\u0151eknek kell lenni\u00fck, lehet\u0151v\u00e9 t\u00e9ve a kezel\u0151k sz\u00e1m\u00e1ra, hogy ellen\u0151rz\u00e9seket \u00e9s jav\u00edt\u00e1sokat v\u00e9gezzenek hosszas \u00e1ll\u00e1sid\u0151 n\u00e9lk\u00fcl, ez\u00e1ltal n\u00f6velve az \u00e1ltal\u00e1nos m\u0171k\u00f6d\u00e9si hat\u00e9konys\u00e1got.<\/p>\n<p><img decoding=\"async\" src=\"https:\/\/www.hydraulic-cylinders.net\/wp-content\/uploads\/2025\/04\/songte-oil-pipes-and-spare-parts.webp\" alt=\"Olajcs\u00f6vek \u00e9s alkatr\u00e9szek\" \/><\/p>\n<h2>T\u00f6m\u00edt\u00e9s \u00e9s ken\u00e9s<\/h2>\n<p>A hat\u00e9kony t\u00f6m\u00edt\u00e9s \u00e9s ken\u00e9s kulcsfontoss\u00e1g\u00fa a hidraulikus hengerek hossz\u00fa \u00e9lettartama \u00e9s teljes\u00edtm\u00e9nye szempontj\u00e1b\u00f3l. K\u00fcl\u00f6nb\u00f6z\u0151 t\u00f6m\u00edt\u0151elemeket, p\u00e9ld\u00e1ul dugatty\u00fat\u00f6m\u00edt\u00e9seket \u00e9s r\u00fadt\u00f6m\u00edt\u00e9seket alkalmaznak a folyad\u00e9ksziv\u00e1rg\u00e1s megakad\u00e1lyoz\u00e1s\u00e1ra \u00e9s a nyom\u00e1s fenntart\u00e1s\u00e1ra. A t\u00f6m\u00edt\u00e9sek gyakran tart\u00f3s anyagokb\u00f3l, p\u00e9ld\u00e1ul poliuret\u00e1nb\u00f3l \u00e9s nitrilgumib\u00f3l k\u00e9sz\u00fclnek, amelyek kiv\u00e1l\u00f3 kop\u00e1s\u00e1ll\u00f3s\u00e1got biztos\u00edtanak. Ezenk\u00edv\u00fcl a hengertest \u00e9s a menetes v\u00e9gek prec\u00edzi\u00f3s megmunk\u00e1l\u00e1son esnek \u00e1t a tart\u00f3ss\u00e1g n\u00f6vel\u00e9se \u00e9rdek\u00e9ben.<\/p>\n<p>A mozg\u00f3 alkatr\u00e9szek s\u00farl\u00f3d\u00e1s\u00e1nak \u00e9s kop\u00e1s\u00e1nak cs\u00f6kkent\u00e9se \u00e9rdek\u00e9ben elengedhetetlen a rendszeres hidraulikaolajjal t\u00f6rt\u00e9n\u0151 ken\u00e9s. Ezt a ken\u00e9st rendszeresen ellen\u0151rizni \u00e9s p\u00f3tolni kell az optim\u00e1lis teljes\u00edtm\u00e9ny biztos\u00edt\u00e1sa \u00e9rdek\u00e9ben. A megfelel\u0151 ken\u00e9s hi\u00e1nya fokozott kop\u00e1shoz \u00e9s a henger katasztrof\u00e1lis meghib\u00e1sod\u00e1s\u00e1hoz vezethet.<\/p>\n<h2>Megel\u0151z\u0151 karbantart\u00e1si int\u00e9zked\u00e9sek<\/h2>\n<ul>\n<li><strong>Rendszeres ellen\u0151rz\u00e9sek:<\/strong> A sziv\u00e1rg\u00e1sok, kop\u00e1s \u00e9s s\u00e9r\u00fcl\u00e9sek rendszeres ellen\u0151rz\u00e9se megakad\u00e1lyozhatja, hogy a kisebb probl\u00e9m\u00e1k komolyabb\u00e1 v\u00e1ljanak. Ellen\u0151rizze a t\u00f6m\u00edt\u00e9seket, \u00e9s gy\u0151z\u0151dj\u00f6n meg arr\u00f3l, hogy a hidraulikavezet\u00e9kek j\u00f3 \u00e1llapotban vannak.<\/li>\n<li><strong>Ken\u00e9s:<\/strong> A henger rendszeres ken\u00e9se biztos\u00edtja a sima m\u0171k\u00f6d\u00e9st \u00e9s cs\u00f6kkenti a bels\u0151 alkatr\u00e9szek kop\u00e1s\u00e1t. Ezt a gy\u00e1rt\u00f3 aj\u00e1nl\u00e1sainak megfelel\u0151en kell v\u00e9gezni.<\/li>\n<li><strong>T\u00f6m\u00edt\u00e9scsere:<\/strong> Id\u0151vel a t\u00f6m\u00edt\u00e9sek elhaszn\u00e1l\u00f3dhatnak, \u00e9s a hidraulikus rendszer integrit\u00e1s\u00e1nak meg\u0151rz\u00e9se \u00e9rdek\u00e9ben cser\u00e9re szorulhatnak. Rendszeresen ellen\u0151rizze a t\u00f6m\u00edt\u00e9seket, \u00e9s sz\u00fcks\u00e9g szerint cser\u00e9lje ki \u0151ket a sziv\u00e1rg\u00e1sok megel\u0151z\u00e9se \u00e9rdek\u00e9ben.<\/li>\n<\/ul>\n<h2>Telep\u00edt\u00e9si \u00fatmutat\u00f3<\/h2>\n<p>A g\u00e9mhenger megfelel\u0151 beszerel\u00e9se elengedhetetlen az optim\u00e1lis teljes\u00edtm\u00e9nyhez. Kezdje azzal, hogy minden r\u00f6gz\u00edt\u0151fel\u00fclet tiszta \u00e9s t\u00f6rmel\u00e9kmentes. Haszn\u00e1ljon megfelel\u0151 be\u00e1ll\u00edt\u00f3 eszk\u00f6z\u00f6ket annak biztos\u00edt\u00e1s\u00e1ra, hogy a henger megfelel\u0151en illeszkedjen a r\u00f6gz\u00edt\u00e9si pontokhoz. Az aj\u00e1nlott r\u00f6gz\u00edt\u0151konzolokat kell haszn\u00e1lni a henger r\u00f6gz\u00edt\u00e9s\u00e9hez, megakad\u00e1lyozva a m\u0171k\u00f6d\u00e9s k\u00f6zbeni eltol\u00f3d\u00e1st.<\/p>\n<p>\u00c1ll\u00edtsa be a hidraulikus csatlakoz\u00e1sokat, \u00fcgyelve arra, hogy minden szerelv\u00e9ny szoros \u00e9s sziv\u00e1rg\u00e1smentes legyen. A telep\u00edt\u00e9s ut\u00e1n alapos ellen\u0151rz\u00e9ssel gy\u0151z\u0151dj\u00f6n meg arr\u00f3l, hogy minden megfelel\u0151en van elhelyezve \u00e9s csatlakoztatva. A teljes \u00fczemi terhel\u00e9sre val\u00f3 \u00e1tt\u00e9r\u00e9s el\u0151tt aj\u00e1nlott alacsony nyom\u00e1son pr\u00f3ba\u00fczemet v\u00e9gezni a sziv\u00e1rg\u00e1sok \u00e9s a m\u0171k\u00f6d\u00e9si probl\u00e9m\u00e1k ellen\u0151rz\u00e9s\u00e9re.<\/p>\n<h2>Gyakori karbantart\u00e1si feladatok<\/h2>\n<h3>Rendszeres ellen\u0151rz\u00e9sek<\/h3>\n<p>A rendszeres ellen\u0151rz\u00e9sek elv\u00e9gz\u00e9se elengedhetetlen a hidraulikus henger megfelel\u0151 m\u0171k\u00f6d\u00e9s\u00e9nek biztos\u00edt\u00e1s\u00e1hoz. Keresse a kop\u00e1s jeleit, p\u00e9ld\u00e1ul reped\u00e9seket vagy korr\u00f3zi\u00f3t, \u00e9s ellen\u0151rizze a t\u00f6m\u00edt\u00e9sek \u00e1llapot\u00e1t sziv\u00e1rg\u00e1s szempontj\u00e1b\u00f3l. A probl\u00e9m\u00e1k korai felismer\u00e9se megel\u0151zheti a k\u00f6lts\u00e9ges jav\u00edt\u00e1sokat \u00e9s az \u00e1ll\u00e1sid\u0151ket.<\/p>\n<h3>Megfelel\u0151 ken\u00e9s<\/h3>\n<p>Gy\u0151z\u0151dj\u00f6n meg arr\u00f3l, hogy a hidraulikus henger megfelel\u0151en van kenve a z\u00f6kken\u0151mentes m\u0171k\u00f6d\u00e9s \u00e9rdek\u00e9ben. A megfelel\u0151 t\u00edpus\u00fa \u00e9s mennyis\u00e9g\u0171 hidraulikafolyad\u00e9k haszn\u00e1lata meghosszabb\u00edtja a henger \u00e9lettartam\u00e1t \u00e9s megakad\u00e1lyozza a t\u00falzott kop\u00e1st. Rendszeresen ellen\u0151rizze a folyad\u00e9kszintet, \u00e9s sz\u00fcks\u00e9g szerint t\u00f6ltse fel az optim\u00e1lis teljes\u00edtm\u00e9ny fenntart\u00e1sa \u00e9rdek\u00e9ben.<\/p>\n<h3>T\u00f6m\u00edt\u00e9scsere \u00e9s kalibr\u00e1l\u00e1s ellen\u0151rz\u00e9se<\/h3>\n<p>A t\u00f6m\u00edt\u00e9sek kritikus alkatr\u00e9szek, amelyeket rendszeresen cser\u00e9lni kell. Rendszeresen ellen\u0151rizze a t\u00f6m\u00edt\u00e9sek kop\u00e1s\u00e1t, \u00e9s azonnal cser\u00e9lje ki \u0151ket a sziv\u00e1rg\u00e1sok megel\u0151z\u00e9se \u00e9rdek\u00e9ben. A kalibr\u00e1ci\u00f3s ellen\u0151rz\u00e9sek biztos\u00edtj\u00e1k, hogy a henger a megadott param\u00e9tereken bel\u00fcl m\u0171k\u00f6dj\u00f6n, hozz\u00e1j\u00e1rulva a biztons\u00e1gos \u00e9s hat\u00e9kony m\u0171k\u00f6d\u00e9shez.<\/p>\n<p><img decoding=\"async\" src=\"https:\/\/www.hydraulic-cylinders.net\/wp-content\/uploads\/2025\/04\/songte-chushion-collar.webp\" alt=\"P\u00e1rna gall\u00e9r\" \/><\/p>\n<h2>Biztons\u00e1gi szempontok \u00e9s k\u00f6rnyezeti t\u00e9nyez\u0151k<\/h2>\n<p>Hidraulikus hengerekkel v\u00e9gzett munka sor\u00e1n elengedhetetlen a biztons\u00e1gi int\u00e9zked\u00e9sek priorit\u00e1sk\u00e9nt val\u00f3 kezel\u00e9se. A kezel\u0151ket ki kell k\u00e9pezni a hidraulikus rendszerekkel kapcsolatos lehets\u00e9ges vesz\u00e9lyek meg\u00e9rt\u00e9s\u00e9re, bele\u00e9rtve a nagynyom\u00e1s\u00fa folyad\u00e9ksziv\u00e1rg\u00e1sok kock\u00e1zat\u00e1t is. A s\u00e9r\u00fcl\u00e9svesz\u00e9ly minimaliz\u00e1l\u00e1sa \u00e9rdek\u00e9ben mindig megfelel\u0151 szem\u00e9lyi v\u00e9d\u0151felszerel\u00e9st (PPE) kell viselni. Ezenk\u00edv\u00fcl figyelembe kell venni a k\u00f6rnyezetv\u00e9delmi szempontokat is, p\u00e9ld\u00e1ul a hidraulikus folyad\u00e9kok megfelel\u0151 \u00e1rtalmatlan\u00edt\u00e1s\u00e1t \u00e9s a munkater\u00fcletek tiszt\u00e1n tart\u00e1s\u00e1t a ki\u00f6ml\u00e9sek megel\u0151z\u00e9se \u00e9rdek\u00e9ben.<\/p>\n<h2>Hibaelh\u00e1r\u00edt\u00e1s \u00e9s gyakori probl\u00e9m\u00e1k<\/h2>\n<ul>\n<li><strong>Sziv\u00e1rg\u00e1s:<\/strong> Az egyik leggyakoribb probl\u00e9ma a sziv\u00e1rg\u00e1s, amelyet gyakran elkopott t\u00f6m\u00edt\u00e9sek vagy s\u00e9r\u00fclt szerelv\u00e9nyek okoznak. Ha sziv\u00e1rg\u00e1st \u00e9szlel, ellen\u0151rizze a t\u00f6m\u00edt\u00e9seket, \u00e9s sz\u00fcks\u00e9g eset\u00e9n cser\u00e9lje ki \u0151ket.<\/li>\n<li><strong>Cs\u00f6kkentett teljes\u00edtm\u00e9ny:<\/strong> Ha a hidraulikus henger nem m\u0171k\u00f6dik sim\u00e1n, annak oka lehet a nem megfelel\u0151 ken\u00e9s vagy a hidraulikus rendszerben rekedt leveg\u0151. Gy\u0151z\u0151dj\u00f6n meg a megfelel\u0151 folyad\u00e9kszintr\u0151l, \u00e9s l\u00e9gtelen\u00edtse a rendszert.<\/li>\n<li><strong>Szokatlan zajok:<\/strong> Az olyan zajok, mint a s\u00edr\u00f3 vagy s\u00farl\u00f3d\u00f3 hangok bels\u0151 s\u00e9r\u00fcl\u00e9sre vagy ken\u00e9s hi\u00e1ny\u00e1ra utalhatnak. Vizsg\u00e1lja meg a henger kop\u00e1s\u00e1t, \u00e9s gondoskodjon a megfelel\u0151 ken\u00e9sr\u0151l.<\/li>\n<\/ul>\n<h2>Hibaelh\u00e1r\u00edt\u00e1si tippek<\/h2>\n<p>A probl\u00e9m\u00e1k hat\u00e9kony diagnosztiz\u00e1l\u00e1s\u00e1hoz \u00e9s megold\u00e1s\u00e1hoz el\u0151sz\u00f6r is ellen\u0151rizni kell a folyad\u00e9kszinteket, \u00e9s meg kell gy\u0151z\u0151dni arr\u00f3l, hogy nincsenek-e sziv\u00e1rg\u00e1sok a hidraulikus rendszerben. A probl\u00e9m\u00e1k kialakul\u00e1s\u00e1nak megel\u0151z\u00e9se \u00e9rdek\u00e9ben rendszeres karbantart\u00e1si gyakorlatokat kell k\u00f6vetni. A kezel\u0151knek ismerni\u00fck kell a lehets\u00e9ges probl\u00e9m\u00e1k t\u00fcneteit, \u00e9s gyorsan kell cselekedni\u00fck azok elh\u00e1r\u00edt\u00e1sa \u00e9rdek\u00e9ben.<\/p>\n<p>A megel\u0151z\u0151 int\u00e9zked\u00e9sek, mint p\u00e9ld\u00e1ul a rendszeres ellen\u0151rz\u00e9sek \u00e9s az id\u0151ben t\u00f6rt\u00e9n\u0151 karbantart\u00e1s, jelent\u0151sen cs\u00f6kkenthetik a probl\u00e9m\u00e1k el\u0151fordul\u00e1s\u00e1nak val\u00f3sz\u00edn\u0171s\u00e9g\u00e9t \u00e9s meghosszabb\u00edthatj\u00e1k a hidraulikus henger \u00e9lettartam\u00e1t.<\/p>\n<p><img decoding=\"async\" src=\"https:\/\/www.hydraulic-cylinders.net\/wp-content\/uploads\/2025\/04\/songte-bushings-with-all-kinds-of-excavator-models.webp\" alt=\"Perselyek kotr\u00f3g\u00e9p modellekhez\" \/><\/p>\n<h2>C\u00e9g\u00fcnkr\u0151l<\/h2>\n<p>Hidraulikus munkahengerek cserealkatr\u00e9szeinek gy\u00e1rt\u00f3jak\u00e9nt \u00e1tfog\u00f3 term\u00e9kv\u00e1laszt\u00e9kot k\u00edn\u00e1lunk, \u00e9s a hazai \u00e9s a nemzetk\u00f6zi piacok egyik vezet\u0151 gy\u00e1rt\u00f3ja \u00e9s nagykeresked\u0151jek\u00e9nt tartjuk sz\u00e1mon. A kiv\u00e9teles min\u0151s\u00e9get helyezz\u00fck el\u0151t\u00e9rbe, egy kifinomult gy\u00e1rt\u00e1si strat\u00e9gi\u00e1t alkalmazva, amely \u00f6tv\u00f6zi az ipar\u00e1gvezet\u0151 technol\u00f3gi\u00e1t, a k\u00e9pzett szem\u00e9lyzetet \u00e9s a robusztus ellen\u0151rz\u0151 rendszert.<\/p>\n<p>L\u00e9tes\u00edtm\u00e9nyeink fejlett digit\u00e1lis gy\u00e1rt\u00f3berendez\u00e9sekkel vannak felszerelve, amelyek n\u00f6velik a termel\u00e9s hat\u00e9konys\u00e1g\u00e1t \u00e9s pontoss\u00e1g\u00e1t. Folyamatosan fejlesztj\u00fck gy\u00e1rt\u00e1si platformunkat a kiv\u00e1l\u00f3 min\u0151s\u00e9g\u0171 gy\u00e1rt\u00e1si \u00fatvonalak biztos\u00edt\u00e1sa \u00e9rdek\u00e9ben, ez\u00e1ltal kiel\u00e9g\u00edtve az \u00fcgyfelek v\u00e1ltozatos ig\u00e9nyeit.<\/p>\n<p>A professzionalizmus ir\u00e1nti elk\u00f6telezetts\u00e9g\u00fcnket nemzetk\u00f6zi tan\u00fas\u00edtv\u00e1nyaink, az \u00fcgyfelek ig\u00e9nyeihez igaz\u00edtott egyedi szolg\u00e1ltat\u00e1saink \u00e9s a legmodernebb gy\u00e1rt\u00f3berendez\u00e9sekbe t\u00f6rt\u00e9n\u0151 folyamatos befektet\u00e9seink t\u00e1masztj\u00e1k al\u00e1. Elk\u00f6telezett \u00e9rt\u00e9kes\u00edt\u00e9s ut\u00e1ni szolg\u00e1ltat\u00e1sunk biztos\u00edtja, hogy \u00fcgyfeleink a v\u00e1s\u00e1rl\u00e1s ut\u00e1n is folyamatos t\u00e1mogat\u00e1st kapjanak.<\/p>\n<p><img decoding=\"async\" src=\"https:\/\/www.hydraulic-cylinders.net\/wp-content\/uploads\/2025\/04\/songte-company-4.webp\" alt=\"C\u00e9gk\u00e9p 1\" \/><br \/>\n<img decoding=\"async\" src=\"https:\/\/www.hydraulic-cylinders.net\/wp-content\/uploads\/2025\/04\/songte-company-3.webp\" alt=\"C\u00e9gk\u00e9p 2\" \/><\/p>\n<p>Szerz\u0151: lyl.<\/p>","protected":false},"excerpt":{"rendered":"<p>Boom Cylinder For Bonny WZYQ42-6 Introduction to Boom Cylinder The Boom Cylinder for Bonny WZYQ42-6 is a vital component in hydraulic systems, specifically designed for controlling the movement of buckets in heavy machinery such as excavators, backhoe loaders, and front loaders. This specialized hydraulic cylinder allows for the lifting, lowering, and tilting of the bucket, [&hellip;]<\/p>","protected":false},"featured_media":17881,"comment_status":"open","ping_status":"closed","template":"","meta":{"_et_pb_use_builder":"","_et_pb_old_content":"","_et_gb_content_width":""},"product_brand":[],"product_cat":[1546],"product_tag":[1547,1496],"class_list":{"0":"post-19648","1":"product","2":"type-product","3":"status-publish","4":"has-post-thumbnail","6":"product_cat-boom-cylinders","7":"product_tag-boom-cylinders","8":"product_tag-hydraulic-cylinders","10":"first","11":"instock","12":"shipping-taxable","13":"product-type-simple"},"amp_enabled":true,"_links":{"self":[{"href":"https:\/\/www.hydraulic-cylinders.net\/hu\/wp-json\/wp\/v2\/product\/19648","targetHints":{"allow":["GET"]}}],"collection":[{"href":"https:\/\/www.hydraulic-cylinders.net\/hu\/wp-json\/wp\/v2\/product"}],"about":[{"href":"https:\/\/www.hydraulic-cylinders.net\/hu\/wp-json\/wp\/v2\/types\/product"}],"replies":[{"embeddable":true,"href":"https:\/\/www.hydraulic-cylinders.net\/hu\/wp-json\/wp\/v2\/comments?post=19648"}],"wp:featuredmedia":[{"embeddable":true,"href":"https:\/\/www.hydraulic-cylinders.net\/hu\/wp-json\/wp\/v2\/media\/17881"}],"wp:attachment":[{"href":"https:\/\/www.hydraulic-cylinders.net\/hu\/wp-json\/wp\/v2\/media?parent=19648"}],"wp:term":[{"taxonomy":"product_brand","embeddable":true,"href":"https:\/\/www.hydraulic-cylinders.net\/hu\/wp-json\/wp\/v2\/product_brand?post=19648"},{"taxonomy":"product_cat","embeddable":true,"href":"https:\/\/www.hydraulic-cylinders.net\/hu\/wp-json\/wp\/v2\/product_cat?post=19648"},{"taxonomy":"product_tag","embeddable":true,"href":"https:\/\/www.hydraulic-cylinders.net\/hu\/wp-json\/wp\/v2\/product_tag?post=19648"}],"curies":[{"name":"munkaf\u00fczet","href":"https:\/\/api.w.org\/{rel}","templated":true}]}}