{"id":19657,"date":"2025-04-07T07:00:07","date_gmt":"2025-04-07T07:00:07","guid":{"rendered":"https:\/\/www.hydraulic-cylinders.net\/product\/boom-cylinder-for-bonny-ced260-6\/"},"modified":"2025-04-07T07:00:10","modified_gmt":"2025-04-07T07:00:10","slug":"boom-cylinder-for-bonny-ced260-6","status":"publish","type":"product","link":"https:\/\/www.hydraulic-cylinders.net\/hu\/termek\/boom-cylinder-for-bonny-ced260-6\/","title":{"rendered":"G\u00e9mhenger Bonny CED260-6-hoz"},"content":{"rendered":"<h1>G\u00e9mhenger Bonny CED260-6-hoz<\/h1>\n<h2>Bevezet\u00e9s a g\u00e9mhengerbe<\/h2>\n<p>A g\u00e9mhenger egy alapvet\u0151 hidraulikus alkatr\u00e9sz, amelyet kifejezetten a kanalak mozg\u00e1s\u00e1nak vez\u00e9rl\u00e9s\u00e9re terveztek k\u00fcl\u00f6nf\u00e9le neh\u00e9zg\u00e9pekben, p\u00e9ld\u00e1ul kotr\u00f3g\u00e9pekben, kotr\u00f3rakod\u00f3kban \u00e9s homlokrakod\u00f3kban. Ezek a hengerek lehet\u0151v\u00e9 teszik a kan\u00e1l emel\u00e9s\u00e9t, s\u00fcllyeszt\u00e9s\u00e9t \u00e9s billent\u00e9s\u00e9t, hat\u00e9konyan megk\u00f6nny\u00edtve az anyagmozgat\u00e1si feladatokat. A kan\u00e1lhenger egy olyan hidraulikus henger, amely kulcsszerepet j\u00e1tszik a hidraulikus rendszerekben az\u00e1ltal, hogy a hidraulikus energi\u00e1t mechanikai energi\u00e1v\u00e1 alak\u00edtja a munka elv\u00e9gz\u00e9s\u00e9hez. Neh\u00e9zg\u00e9pekben elengedhetetlen a pontos vez\u00e9rl\u00e9s \u00e9s a z\u00f6kken\u0151mentes m\u0171k\u00f6d\u00e9s biztos\u00edt\u00e1sa, hozz\u00e1j\u00e1rulva az \u00e9p\u00edt\u00e9si \u00e9s f\u00f6ldmunk\u00e1k \u00e1ltal\u00e1nos hat\u00e9konys\u00e1g\u00e1hoz.<\/p>\n<p><img decoding=\"async\" src=\"https:\/\/www.hydraulic-cylinders.net\/wp-content\/uploads\/2025\/04\/songte-company-1.webp\" alt=\"G\u00e9mhenger\"><\/p>\n<h2>A g\u00e9mhenger jellemz\u0151i<\/h2>\n<ul>\n<li>\n<h3>Nagy szil\u00e1rds\u00e1g \u00e9s tart\u00f3ss\u00e1g<\/h3>\n<p>A nagy szil\u00e1rds\u00e1g\u00fa ac\u00e9lb\u00f3l vagy alum\u00edniumb\u00f3l k\u00e9sz\u00fclt g\u00e9mhenger nagy nyom\u00e1st \u00e9s nagy terhel\u00e9st b\u00edr ki, \u00edgy alkalmass\u00e1 teszi zord munkak\u00f6rnyezetben val\u00f3 haszn\u00e1latra. Tervez\u00e9se sor\u00e1n figyelembe vett\u00e9k a kop\u00e1s\u00e1ll\u00f3s\u00e1got \u00e9s a korr\u00f3zi\u00f3\u00e1ll\u00f3s\u00e1got, meghosszabb\u00edtva \u00e9lettartam\u00e1t.<\/p>\n<\/li>\n<li>\n<h3>Hat\u00e9kony hidraulikus m\u0171k\u00f6dtet\u00e9s<\/h3>\n<p>A henger a hidraulikaolaj nyom\u00e1s\u00e1t haszn\u00e1lja a sima kitol\u00e1si \u00e9s visszah\u00faz\u00e1si m\u0171veletekhez. Gyorsan reag\u00e1l a vez\u00e9rl\u0151parancsokra, \u00edgy nagy tol\u00f3- \u00e9s h\u00faz\u00f3er\u0151t biztos\u00edt, amely a neh\u00e9z anyagok kezel\u00e9s\u00e9hez \u00e9s az \u00f6sszetett feladatokhoz sz\u00fcks\u00e9ges.<\/p>\n<\/li>\n<li>\n<h3>K\u00fcl\u00f6nb\u00f6z\u0151 t\u00edpusok<\/h3>\n<p>Az egyszeres m\u0171k\u00f6d\u00e9s\u0171 (egy ir\u00e1nyban hidraulikus) \u00e9s kett\u0151s m\u0171k\u00f6d\u00e9s\u0171 (mindk\u00e9t ir\u00e1nyban hidraulikus) v\u00e1ltozatban kaphat\u00f3 g\u00e9mhenger k\u00fcl\u00f6nb\u00f6z\u0151 m\u0171k\u00f6d\u00e9si ig\u00e9nyeket el\u00e9g\u00edt ki. Bizonyos modellek teleszk\u00f3posak, \u00edgy nagyobb kiny\u00fal\u00e1st tesznek lehet\u0151v\u00e9 a k\u00fcls\u0151 m\u00e9retek n\u00f6vel\u00e9se n\u00e9lk\u00fcl, \u00edgy ide\u00e1lisak a helysz\u0171k\u00e9ben l\u00e9v\u0151 alkalmaz\u00e1sokhoz.<\/p>\n<\/li>\n<li>\n<h3>Fejlett t\u00f6m\u00edt\u00e9si technol\u00f3gi\u00e1k<\/h3>\n<p>Kiv\u00e1l\u00f3 t\u00f6m\u00edt\u00e9si technol\u00f3gi\u00e1kkal tervezt\u00e9k, hogy megakad\u00e1lyozz\u00e1k a sziv\u00e1rg\u00e1sokat \u00e9s biztos\u00edts\u00e1k a z\u00f6kken\u0151mentes m\u0171k\u00f6d\u00e9st, hozz\u00e1j\u00e1rulva a hidraulikus rendszer \u00e1ltal\u00e1nos hat\u00e9konys\u00e1g\u00e1hoz.<\/p>\n<\/li>\n<li>\n<h3>Testreszab\u00e1si lehet\u0151s\u00e9gek<\/h3>\n<p>Testreszabott megold\u00e1sokat k\u00edn\u00e1lunk az adott ig\u00e9nyek kiel\u00e9g\u00edt\u00e9s\u00e9re, biztos\u00edtva, hogy g\u00e9mhenger\u00fcnk hat\u00e9konyan helyettes\u00edtse a piacon kaphat\u00f3 t\u00f6bbi hidraulikus hengert.<\/p>\n<\/li>\n<\/ul>\n<p><img decoding=\"async\" src=\"https:\/\/www.hydraulic-cylinders.net\/wp-content\/uploads\/2025\/04\/songte-cylinder-head-with-all-kinds-excavator-models.webp\" alt=\"G\u00e9mhenger alkalmaz\u00e1sok\"><\/p>\n<h2>A g\u00e9mhenger alkalmaz\u00e1sai<\/h2>\n<ul>\n<li>\n<h3>\u00c9p\u00edt\u0151ipari berendez\u00e9sek<\/h3>\n<p>Kotr\u00f3g\u00e9pekben a g\u00e9mhengerek kritikus fontoss\u00e1g\u00faak az \u00e1s\u00e1shoz, rakod\u00e1shoz \u00e9s a f\u00f6ld vagy t\u00f6rmel\u00e9k mozgat\u00e1s\u00e1hoz. Seg\u00edtenek a neh\u00e9z anyagok pontos emel\u00e9s\u00e9ben \u00e9s pozicion\u00e1l\u00e1s\u00e1ban. Kotr\u00f3g\u00e9p-rakod\u00f3kban a g\u00e9mhenger nemcsak az \u00e1s\u00e1sban, hanem az emel\u00e9si m\u0171veletekben is seg\u00edt, \u00edgy n\u00e9lk\u00fcl\u00f6zhetetlen az \u00e9p\u00edt\u00e9si projektekben.<\/p>\n<\/li>\n<li>\n<h3>Mez\u0151gazdas\u00e1gi g\u00e9pek<\/h3>\n<p>Homlokrakod\u00f3kban ezeket a munkahengereket talaj, sz\u00e9na \u00e9s egy\u00e9b anyagok mer\u00e9s\u00e9re, emel\u00e9s\u00e9re \u00e9s sz\u00e1ll\u00edt\u00e1s\u00e1ra haszn\u00e1lj\u00e1k. A kan\u00e1l helyzet\u00e9nek prec\u00edz szab\u00e1lyoz\u00e1s\u00e1nak k\u00e9pess\u00e9ge n\u00f6veli a mez\u0151gazdas\u00e1gi feladatok termel\u00e9kenys\u00e9g\u00e9t.<\/p>\n<\/li>\n<li>\n<h3>Kotr\u00f3g\u00e9pek<\/h3>\n<p>A kotr\u00f3g\u00e9pekben a g\u00e9mhenger lehet\u0151v\u00e9 teszi az \u00e1s\u00e1si m\u0171veleteket az\u00e1ltal, hogy lehet\u0151v\u00e9 teszi a kan\u00e1l hat\u00e9kony talajba hatol\u00e1s\u00e1t. Ez a funkci\u00f3 l\u00e9tfontoss\u00e1g\u00fa a k\u00fcl\u00f6nf\u00e9le \u00e1s\u00e1si feladatokhoz, hozz\u00e1j\u00e1rulva a g\u00e9p sokoldal\u00fas\u00e1g\u00e1hoz \u00e9s hat\u00e9konys\u00e1g\u00e1hoz.<\/p>\n<\/li>\n<li>\n<h3>Rakod\u00f3k<\/h3>\n<p>A homlokrakod\u00f3kn\u00e1l a g\u00e9m munkahenger seg\u00edti a terhek hat\u00e9kony emel\u00e9s\u00e9t \u00e9s \u00fcr\u00edt\u00e9s\u00e9t. A neh\u00e9z s\u00falyok stabilit\u00e1s\u00e1nak meg\u0151rz\u00e9se melletti kezel\u00e9s\u00e9nek k\u00e9pess\u00e9ge kulcsfontoss\u00e1g\u00fa az \u00fczembiztons\u00e1g \u00e9s a hat\u00e9konys\u00e1g szempontj\u00e1b\u00f3l.<\/p>\n<\/li>\n<\/ul>\n<h2>Tervez\u00e9si szempontok \u00e9s kiv\u00e1laszt\u00e1si krit\u00e9riumok<\/h2>\n<ul>\n<li>\n<h3>Teherb\u00edr\u00e1s<\/h3>\n<p>A g\u00e9mhenger tervez\u00e9sekor a teherb\u00edr\u00e1s els\u0151dleges szempont. Ez hat\u00e1rozza meg a henger \u00e1ltal elb\u00edrt maxim\u00e1lis s\u00falyt a biztons\u00e1g vagy a teljes\u00edtm\u00e9ny fel\u00e1ldoz\u00e1sa n\u00e9lk\u00fcl. Az anyagok megv\u00e1laszt\u00e1sa \u00e9s a m\u00e9rn\u00f6ki tervez\u00e9s t\u00fckr\u00f6zi a terhel\u00e9s alatti szil\u00e1rds\u00e1g \u00e9s stabilit\u00e1s k\u00f6vetelm\u00e9nyeit.<\/p>\n<\/li>\n<li>\n<h3>T\u00f6m\u00edt\u00e9s \u00e9s sziv\u00e1rg\u00e1smegel\u0151z\u00e9s<\/h3>\n<p>A hat\u00e9kony t\u00f6m\u00edt\u0151mechanizmusok l\u00e9tfontoss\u00e1g\u00faak a hidraulikafolyad\u00e9k sziv\u00e1rg\u00e1s\u00e1nak megel\u0151z\u00e9s\u00e9ben, ami cs\u00f6kkent hat\u00e9konys\u00e1ghoz \u00e9s k\u00f6rnyezeti kock\u00e1zatokhoz vezethet. A tart\u00f3s anyagokb\u00f3l k\u00e9sz\u00fclt, kiv\u00e1l\u00f3 min\u0151s\u00e9g\u0171 t\u00f6m\u00edt\u00e9sek \u00e9s t\u00f6m\u00edt\u0151gy\u0171r\u0171k elengedhetetlenek a megb\u00edzhat\u00f3s\u00e1g biztos\u00edt\u00e1s\u00e1hoz.<\/p>\n<\/li>\n<li>\n<h3>Tart\u00f3ss\u00e1g<\/h3>\n<p>A g\u00e9mhenger tart\u00f3ss\u00e1ga kulcsfontoss\u00e1g\u00fa, k\u00fcl\u00f6n\u00f6sen zord k\u00f6rnyezetben, ahol az elemeknek val\u00f3 kitetts\u00e9g kop\u00e1st okozhat. A tervez\u00e9si f\u00e1zisban olyan t\u00e9nyez\u0151ket vesznek figyelembe, mint a korr\u00f3zi\u00f3\u00e1ll\u00f3s\u00e1g, a kif\u00e1rad\u00e1si szil\u00e1rds\u00e1g \u00e9s az anyag tart\u00f3ss\u00e1ga.<\/p>\n<\/li>\n<li>\n<h3>Biztons\u00e1gi funkci\u00f3k<\/h3>\n<p>A hidraulikus alkatr\u00e9szek tervez\u00e9sekor a biztons\u00e1g a legfontosabb. A biztons\u00e1gi funkci\u00f3k, p\u00e9ld\u00e1ul a nyom\u00e1scs\u00f6kkent\u0151 szelepek \u00e9s a robusztus szerkezeti integrit\u00e1s be\u00e9p\u00edt\u00e9se seg\u00edt megel\u0151zni a baleseteket, \u00e9s biztos\u00edtja a biztons\u00e1gos m\u0171k\u00f6d\u00e9st neh\u00e9z emel\u00e9sek \u00e9s m\u00e1s ig\u00e9nyes feladatok sor\u00e1n.<\/p>\n<\/li>\n<li>\n<h3>Karbantart\u00e1s \u00e9s jav\u00edthat\u00f3s\u00e1g<\/h3>\n<p>A k\u00f6nny\u0171 karbantart\u00e1st szem el\u0151tt tart\u00f3 tervez\u00e9s szint\u00e9n kulcsfontoss\u00e1g\u00fa. Az alkatr\u00e9szeknek k\u00f6nnyen hozz\u00e1f\u00e9rhet\u0151nek kell lenni\u00fck ellen\u0151rz\u00e9s, ken\u00e9s \u00e9s jav\u00edt\u00e1s c\u00e9lj\u00e1b\u00f3l, minimaliz\u00e1lva az \u00e1ll\u00e1sid\u0151t \u00e9s n\u00f6velve a m\u0171k\u00f6d\u00e9si hat\u00e9konys\u00e1got.<\/p>\n<\/li>\n<\/ul>\n<p><img decoding=\"async\" src=\"https:\/\/www.hydraulic-cylinders.net\/wp-content\/uploads\/2025\/04\/songte-oil-pipes-and-spare-parts.webp\" alt=\"Hidraulikus henger alkatr\u00e9szek\"><\/p>\n<h2>A g\u00e9mhenger t\u00f6m\u00edt\u00e9se \u00e9s ken\u00e9se<\/h2>\n<p>A g\u00e9mhenger hat\u00e9konys\u00e1ga nagym\u00e9rt\u00e9kben f\u00fcgg a k\u00fcl\u00f6nf\u00e9le t\u00f6m\u00edt\u00e9sek, p\u00e9ld\u00e1ul dugatty\u00fat\u00f6m\u00edt\u00e9sek \u00e9s r\u00fadt\u00f6m\u00edt\u00e9sek haszn\u00e1lat\u00e1t\u00f3l, amelyek olyan anyagokb\u00f3l k\u00e9sz\u00fclnek, mint a poliuret\u00e1n \u00e9s a nitrilgumi. Ezeket az anyagokat kop\u00e1s\u00e1ll\u00f3s\u00e1guk \u00e9s hidraulikus alkalmaz\u00e1sokban val\u00f3 tart\u00f3ss\u00e1guk miatt v\u00e1lasztj\u00e1k ki. A hengertest \u00e9s a menetes v\u00e9gek prec\u00edzi\u00f3s megmunk\u00e1l\u00e1son esnek \u00e1t a kop\u00e1s\u00e1ll\u00f3s\u00e1g fokoz\u00e1sa \u00e9s a hossz\u00fa \u00e9lettartam biztos\u00edt\u00e1sa \u00e9rdek\u00e9ben.<\/p>\n<p>Tov\u00e1bb\u00e1 elengedhetetlen a megfelel\u0151 mennyis\u00e9g\u0171 hidraulikaolaj rendszeres ut\u00e1nt\u00f6lt\u00e9se a ken\u00e9shez. A megfelel\u0151 ken\u00e9s minimaliz\u00e1lja a mozg\u00f3 alkatr\u00e9szek k\u00f6z\u00f6tti s\u00farl\u00f3d\u00e1st, cs\u00f6kkentve a kop\u00e1st, ez\u00e1ltal meghosszabb\u00edtva a henger \u00e9lettartam\u00e1t. A hidraulikafolyad\u00e9k rendszeres ellen\u0151rz\u00e9se \u00e9s ut\u00e1nt\u00f6lt\u00e9se elengedhetetlen gyakorlatok, amelyeket szigor\u00faan be kell tartani az optim\u00e1lis teljes\u00edtm\u00e9ny \u00e9rdek\u00e9ben.<\/p>\n<h2>Megel\u0151z\u0151 karbantart\u00e1si int\u00e9zked\u00e9sek<\/h2>\n<ul>\n<li>\n<h3>Rendszeres ellen\u0151rz\u00e9sek<\/h3>\n<p>A rendszeres ellen\u0151rz\u00e9sek seg\u00edtenek a kop\u00e1s \u00e9s elhaszn\u00e1l\u00f3d\u00e1s korai felismer\u00e9s\u00e9ben. A sziv\u00e1rg\u00e1s vagy a szokatlan m\u0171k\u00f6d\u00e9s b\u00e1rmilyen jel\u00e9t azonnal kezelni kell a tov\u00e1bbi k\u00e1rok megel\u0151z\u00e9se \u00e9rdek\u00e9ben.<\/p>\n<\/li>\n<li>\n<h3>Megfelel\u0151 ken\u00e9s<\/h3>\n<p>A g\u00e9mhenger megfelel\u0151 ken\u00e9se elengedhetetlen a z\u00f6kken\u0151mentes m\u0171k\u00f6d\u00e9shez. Rendszeresen ellen\u0151rizze a hidraulikafolyad\u00e9k szintj\u00e9t, \u00e9s sz\u00fcks\u00e9g szerint kenje be a s\u00farl\u00f3d\u00e1sb\u00f3l ered\u0151 probl\u00e9m\u00e1k elker\u00fcl\u00e9se \u00e9rdek\u00e9ben.<\/p>\n<\/li>\n<li>\n<h3>T\u00f6m\u00edt\u00e9scsere<\/h3>\n<p>A t\u00f6m\u00edt\u00e9seket rendszeresen ellen\u0151rizni kell s\u00e9r\u00fcl\u00e9sek szempontj\u00e1b\u00f3l, \u00e9s sz\u00fcks\u00e9g szerint ki kell cser\u00e9lni. Ez a m\u0171velet megakad\u00e1lyozza a folyad\u00e9k sziv\u00e1rg\u00e1s\u00e1t \u00e9s meg\u0151rzi a rendszer integrit\u00e1s\u00e1t, ami elengedhetetlen a biztons\u00e1gos m\u0171k\u00f6d\u00e9shez.<\/p>\n<\/li>\n<\/ul>\n<h2>A g\u00e9mhenger telep\u00edt\u00e9si \u00fatmutat\u00f3ja<\/h2>\n<p>A g\u00e9mhenger megfelel\u0151 beszerel\u00e9se elengedhetetlen az optim\u00e1lis teljes\u00edtm\u00e9ny el\u00e9r\u00e9s\u00e9hez. Kezdje azzal, hogy megbizonyosodik arr\u00f3l, hogy a henger \u00e9s a g\u00e9p r\u00f6gz\u00edt\u0151fel\u00fcletei tiszt\u00e1k \u00e9s t\u00f6rmel\u00e9kmentesek. Haszn\u00e1ljon megfelel\u0151 r\u00f6gz\u00edt\u0151konzolokat a henger r\u00f6gz\u00edt\u00e9s\u00e9hez, \u00fcgyelve arra, hogy megfelel\u0151en illeszkedjen a g\u00e9p hidraulikus rendszer\u00e9hez. A rossz be\u00e1ll\u00edt\u00e1s id\u0151 el\u0151tti kop\u00e1shoz \u00e9s potenci\u00e1lis meghib\u00e1sod\u00e1shoz vezethet.<\/p>\n<p>A telep\u00edt\u00e9s v\u00e9gleges\u00edt\u00e9se el\u0151tt ellen\u0151rizze k\u00e9tszeresen, hogy az \u00f6sszes hidraulikus csatlakoz\u00e1s biztons\u00e1gos \u00e9s sziv\u00e1rg\u00e1smentes. A telep\u00edt\u00e9s ut\u00e1n v\u00e9gezzen nyom\u00e1spr\u00f3b\u00e1t annak biztos\u00edt\u00e1s\u00e1ra, hogy a rendszer a megadott nyom\u00e1startom\u00e1nyon bel\u00fcl m\u0171k\u00f6dik. Rendszeresen ellen\u0151rizze a palack teljes\u00edtm\u00e9ny\u00e9t, hogy a probl\u00e9m\u00e1kat id\u0151ben azonos\u00edtsa.<\/p>\n<h2>Gyakori karbantart\u00e1si feladatok<\/h2>\n<ul>\n<li>\n<h3>Rendszeres ellen\u0151rz\u00e9sek<\/h3>\n<p>A rendszeres ellen\u0151rz\u00e9sek elv\u00e9gz\u00e9se elengedhetetlen a kop\u00e1s \u00e9s a lehets\u00e9ges probl\u00e9m\u00e1k azonos\u00edt\u00e1s\u00e1hoz. Keresse a s\u00e9r\u00fcl\u00e9s jeleit, \u00e9s azonnal kezelje azokat a s\u00falyosbod\u00e1s megel\u0151z\u00e9se \u00e9rdek\u00e9ben.<\/p>\n<\/li>\n<li>\n<h3>Megfelel\u0151 ken\u00e9s<\/h3>\n<p>A g\u00e9mhenger z\u00f6kken\u0151mentes m\u0171k\u00f6d\u00e9s\u00e9hez elengedhetetlen a rendszeres ken\u00e9s. Gy\u0151z\u0151dj\u00f6n meg arr\u00f3l, hogy a hidraulikaolaj szintje az aj\u00e1nlott, \u00e9s a karbantart\u00e1si \u00fctemtervnek megfelel\u0151en cser\u00e9lje ki.<\/p>\n<\/li>\n<li>\n<h3>T\u00f6m\u00edt\u00e9scsere \u00e9s kalibr\u00e1l\u00e1s ellen\u0151rz\u00e9se<\/h3>\n<p>A t\u00f6m\u00edt\u00e9seket elhaszn\u00e1l\u00f3d\u00e1s vagy s\u00e9r\u00fcl\u00e9s eset\u00e9n ki kell cser\u00e9lni a sziv\u00e1rg\u00e1s megel\u0151z\u00e9se \u00e9rdek\u00e9ben. Ezenk\u00edv\u00fcl a kalibr\u00e1ci\u00f3s ellen\u0151rz\u00e9sek biztos\u00edtj\u00e1k, hogy a henger a v\u00e1rt m\u00f3don m\u0171k\u00f6dj\u00f6n, fenntartva a m\u0171k\u00f6d\u00e9si hat\u00e9konys\u00e1got.<\/p>\n<\/li>\n<\/ul>\n<p><img decoding=\"async\" src=\"https:\/\/www.hydraulic-cylinders.net\/wp-content\/uploads\/2025\/04\/songte-chushion-collar.webp\" alt=\"G\u00e9mhenger karbantart\u00e1sa\"><\/p>\n<h2>Biztons\u00e1gi szempontok \u00e9s k\u00f6rnyezeti t\u00e9nyez\u0151k<\/h2>\n<p>A g\u00e9mhengerek \u00fczemeltet\u00e9se \u00e9s karbantart\u00e1sa sor\u00e1n a biztons\u00e1gi int\u00e9zked\u00e9sek rendk\u00edv\u00fcl fontosak. A hidraulikus g\u00e9peket kezel\u0151 szem\u00e9lyzet megfelel\u0151 k\u00e9pz\u00e9se elengedhetetlen a balesetek megel\u0151z\u00e9se \u00e9rdek\u00e9ben. Ezenk\u00edv\u00fcl kulcsfontoss\u00e1g\u00fa a k\u00f6rnyezeti t\u00e9nyez\u0151k, p\u00e9ld\u00e1ul a talajt \u00e9s a vizet szennyez\u0151 potenci\u00e1lis sziv\u00e1rg\u00e1sok ismerete. A k\u00f6rnyezetbar\u00e1t hidraulikafolyad\u00e9kok haszn\u00e1lata szint\u00e9n enyh\u00edtheti a k\u00f6rnyezeti hat\u00e1sokat.<\/p>\n<h2>Hibadiagn\u00f3zis \u00e9s gyakori probl\u00e9m\u00e1k<\/h2>\n<ul>\n<li>\n<h3>Hidraulikafolyad\u00e9k-sziv\u00e1rg\u00e1s<\/h3>\n<p>A sziv\u00e1rg\u00e1sok gyakori probl\u00e9m\u00e1k, amelyek a kopott t\u00f6m\u00edt\u00e9sek vagy a s\u00e9r\u00fclt alkatr\u00e9szek miatt jelentkezhetnek. A rendszeres ellen\u0151rz\u00e9sek seg\u00edthetnek ezeket a probl\u00e9m\u00e1kat id\u0151ben felismerni, miel\u0151tt azok komolyabb probl\u00e9m\u00e1khoz vezetn\u00e9nek.<\/p>\n<\/li>\n<li>\n<h3>Lass\u00fa v\u00e1laszid\u0151<\/h3>\n<p>Ha a g\u00e9m munkahenger lassan reag\u00e1l, az alacsony hidraulikafolyad\u00e9k-szintre vagy bels\u0151 s\u00e9r\u00fcl\u00e9sre utalhat. Ezen probl\u00e9m\u00e1k miel\u0151bbi kezel\u00e9se helyre\u00e1ll\u00edthatja a m\u0171k\u00f6d\u0151k\u00e9pess\u00e9get.<\/p>\n<\/li>\n<li>\n<h3>Szokatlan zajok<\/h3>\n<p>A m\u0171k\u00f6d\u00e9s k\u00f6zbeni furcsa zajok bels\u0151 kop\u00e1sra vagy alkatr\u00e9sz-meghib\u00e1sod\u00e1sra utalhatnak. A tov\u00e1bbi k\u00e1rok megel\u0151z\u00e9se \u00e9rdek\u00e9ben elengedhetetlen az ilyen probl\u00e9m\u00e1k kivizsg\u00e1l\u00e1sa.<\/p>\n<\/li>\n<\/ul>\n<h2>Hibaelh\u00e1r\u00edt\u00e1si tippek \u00e9s megold\u00e1sok<\/h2>\n<p>A probl\u00e9m\u00e1k hat\u00e9kony diagnosztiz\u00e1l\u00e1sa \u00e9s megold\u00e1sa \u00e9rdek\u00e9ben rendszeresen ellen\u0151rizze a g\u00e9m munkahenger\u00e9nek teljes\u00edtm\u00e9ny\u00e9t. Ha hidraulikafolyad\u00e9k-sziv\u00e1rg\u00e1st \u00e9szlel, ellen\u0151rizze a t\u00f6m\u00edt\u00e9sek \u00e9s csatlakoz\u00e1sok s\u00e9r\u00fcl\u00e9s\u00e9t. Lass\u00fa reakci\u00f3id\u0151 eset\u00e9n ellen\u0151rizze a hidraulikafolyad\u00e9k szintj\u00e9t, \u00e9s sz\u00fcks\u00e9g szerint t\u00f6ltse fel. Ha szokatlan zajok jelentkeznek, azonnal \u00e1ll\u00edtsa le a m\u0171k\u00f6d\u00e9st, \u00e9s v\u00e9gezzen alapos ellen\u0151rz\u00e9st a probl\u00e9ma forr\u00e1s\u00e1nak azonos\u00edt\u00e1sa \u00e9rdek\u00e9ben.<\/p>\n<p>A megel\u0151z\u0151 int\u00e9zked\u00e9sek, mint p\u00e9ld\u00e1ul a rendszeres karbantart\u00e1s \u00e9s az azonos\u00edtott probl\u00e9m\u00e1k azonnali kezel\u00e9se, jelent\u0151sen cs\u00f6kkenthetik a potenci\u00e1lis probl\u00e9m\u00e1k kock\u00e1zat\u00e1t \u00e9s n\u00f6velhetik a g\u00e9mhenger \u00e9lettartam\u00e1t.<\/p>\n<p><img decoding=\"async\" src=\"https:\/\/www.hydraulic-cylinders.net\/wp-content\/uploads\/2025\/04\/songte-bushings-with-all-kinds-of-excavator-models.webp\" alt=\"G\u00e9mhenger hibaelh\u00e1r\u00edt\u00e1sa\"><\/p>\n<h2>C\u00e9g\u00fcnkr\u0151l<\/h2>\n<p>A p\u00f3talkatr\u00e9szk\u00e9nt haszn\u00e1lt hidraulikus hengerek vezet\u0151 gy\u00e1rt\u00f3jak\u00e9nt \u00e1tfog\u00f3 term\u00e9kk\u00edn\u00e1latot k\u00edn\u00e1lunk, amely a hazai \u00e9s a nemzetk\u00f6zi piacok egyik legkiemelked\u0151bb besz\u00e1ll\u00edt\u00f3j\u00e1v\u00e1 tett minket. A kiv\u00e1l\u00f3s\u00e1g ir\u00e1nti elk\u00f6telezetts\u00e9g\u00fcnk arra \u00f6szt\u00f6n\u00f6z minket, hogy a prec\u00edzi\u00f3s gy\u00e1rt\u00e1sra \u00f6sszpontos\u00edt\u00f3 ipari termel\u00e9sir\u00e1ny\u00edt\u00e1si strat\u00e9gi\u00e1t tartsunk be. Folyamatosan fejlesztj\u00fck termel\u00e9si k\u00e9pess\u00e9geinket fejlett technol\u00f3gia, k\u00e9pzett szem\u00e9lyzet \u00e9s szigor\u00fa min\u0151s\u00e9gellen\u0151rz\u00e9si rendszerek seg\u00edts\u00e9g\u00e9vel. Ez biztos\u00edtja, hogy hat\u00e9konyan \u00e9s eredm\u00e9nyesen el\u00e9g\u00edts\u00fck ki \u00fcgyfeleink v\u00e1ltozatos ig\u00e9nyeit.<\/p>\n<p>Szak\u00e9rtelm\u00fcnket nemzetk\u00f6zi tan\u00fas\u00edtv\u00e1nyok t\u00e1masztj\u00e1k al\u00e1, amelyek lehet\u0151v\u00e9 teszik sz\u00e1munkra, hogy az \u00fcgyfelek ig\u00e9nyeihez igaz\u00edtott, szem\u00e9lyre szabott szolg\u00e1ltat\u00e1sokat ny\u00fajtsunk. A legmodernebb gy\u00e1rt\u00f3berendez\u00e9seket haszn\u00e1ljuk term\u00e9keink magas hat\u00e9konys\u00e1g\u00e1nak, pontoss\u00e1g\u00e1nak \u00e9s min\u0151s\u00e9g\u00e9nek biztos\u00edt\u00e1sa \u00e9rdek\u00e9ben. Elk\u00f6telezett \u00e9rt\u00e9kes\u00edt\u00e9s ut\u00e1ni szolg\u00e1ltat\u00e1sunk tov\u00e1bb er\u0151s\u00edti h\u00edrnev\u00fcnket, biztos\u00edtva az \u00fcgyfelek el\u00e9gedetts\u00e9g\u00e9t \u00e9s a term\u00e9kek megb\u00edzhat\u00f3s\u00e1g\u00e1t.<\/p>\n<p><img decoding=\"async\" src=\"https:\/\/www.hydraulic-cylinders.net\/wp-content\/uploads\/2025\/04\/songte-company-4.webp\" alt=\"C\u00e9ginform\u00e1ci\u00f3\"><br \/>\n<img decoding=\"async\" src=\"https:\/\/www.hydraulic-cylinders.net\/wp-content\/uploads\/2025\/04\/songte-company-3.webp\" alt=\"Gy\u00e1rt\u00e1si kiv\u00e1l\u00f3s\u00e1g\"><\/p>\n<p>Szerz\u0151: lyl<\/p>","protected":false},"excerpt":{"rendered":"<p>Boom Cylinder For Bonny CED260-6 Introduction to Boom Cylinder The Boom Cylinder is an essential hydraulic component designed specifically for controlling the movement of buckets in various heavy machinery, such as excavators, backhoe loaders, and front-end loaders. These cylinders enable the bucket to lift, lower, and tilt, facilitating material handling tasks efficiently. The bucket cylinder [&hellip;]<\/p>","protected":false},"featured_media":17875,"comment_status":"open","ping_status":"closed","template":"","meta":{"_et_pb_use_builder":"","_et_pb_old_content":"","_et_gb_content_width":""},"product_brand":[],"product_cat":[1546],"product_tag":[1547,1496],"class_list":{"0":"post-19657","1":"product","2":"type-product","3":"status-publish","4":"has-post-thumbnail","6":"product_cat-boom-cylinders","7":"product_tag-boom-cylinders","8":"product_tag-hydraulic-cylinders","10":"first","11":"instock","12":"shipping-taxable","13":"product-type-simple"},"amp_enabled":true,"_links":{"self":[{"href":"https:\/\/www.hydraulic-cylinders.net\/hu\/wp-json\/wp\/v2\/product\/19657","targetHints":{"allow":["GET"]}}],"collection":[{"href":"https:\/\/www.hydraulic-cylinders.net\/hu\/wp-json\/wp\/v2\/product"}],"about":[{"href":"https:\/\/www.hydraulic-cylinders.net\/hu\/wp-json\/wp\/v2\/types\/product"}],"replies":[{"embeddable":true,"href":"https:\/\/www.hydraulic-cylinders.net\/hu\/wp-json\/wp\/v2\/comments?post=19657"}],"wp:featuredmedia":[{"embeddable":true,"href":"https:\/\/www.hydraulic-cylinders.net\/hu\/wp-json\/wp\/v2\/media\/17875"}],"wp:attachment":[{"href":"https:\/\/www.hydraulic-cylinders.net\/hu\/wp-json\/wp\/v2\/media?parent=19657"}],"wp:term":[{"taxonomy":"product_brand","embeddable":true,"href":"https:\/\/www.hydraulic-cylinders.net\/hu\/wp-json\/wp\/v2\/product_brand?post=19657"},{"taxonomy":"product_cat","embeddable":true,"href":"https:\/\/www.hydraulic-cylinders.net\/hu\/wp-json\/wp\/v2\/product_cat?post=19657"},{"taxonomy":"product_tag","embeddable":true,"href":"https:\/\/www.hydraulic-cylinders.net\/hu\/wp-json\/wp\/v2\/product_tag?post=19657"}],"curies":[{"name":"munkaf\u00fczet","href":"https:\/\/api.w.org\/{rel}","templated":true}]}}