{"id":19658,"date":"2025-04-07T07:00:10","date_gmt":"2025-04-07T07:00:10","guid":{"rendered":"https:\/\/www.hydraulic-cylinders.net\/product\/boom-cylinder-for-bonny-wzy42-7\/"},"modified":"2025-04-07T07:00:13","modified_gmt":"2025-04-07T07:00:13","slug":"boom-cylinder-for-bonny-wzy42-7","status":"publish","type":"product","link":"https:\/\/www.hydraulic-cylinders.net\/hu\/termek\/boom-cylinder-for-bonny-wzy42-7\/","title":{"rendered":"G\u00e9mhenger Bonny WZY42-7-hez"},"content":{"rendered":"<h1>G\u00e9mhenger Bonny WZY42-7-hez<\/h1>\n<h2>Term\u00e9k\u00e1ttekint\u00e9s<\/h2>\n<p>A Bonny WZY42-7 g\u00e9mhengere egy speci\u00e1lis hidraulikus henger, amelyet neh\u00e9zg\u00e9pek kanalainak, p\u00e9ld\u00e1ul kotr\u00f3g\u00e9pek, kotr\u00f3rakod\u00f3k \u00e9s homlokrakod\u00f3k kanalainak mozg\u00e1s\u00e1nak vez\u00e9rl\u00e9s\u00e9re terveztek. A kan\u00e1lhengerek lehet\u0151v\u00e9 teszik a kanalak emel\u00e9s\u00e9t, s\u00fcllyeszt\u00e9s\u00e9t \u00e9s billent\u00e9s\u00e9t, megk\u00f6nny\u00edtve a hat\u00e9kony anyagmozgat\u00e1si feladatokat. Ezek a hidraulikus hengerek l\u00e9tfontoss\u00e1g\u00fa alkatr\u00e9szek a hidraulikus rendszerekben, amelyek a hidraulikus energi\u00e1t mechanikai mozg\u00e1ss\u00e1 alak\u00edtj\u00e1k.<\/p>\n<p><img decoding=\"async\" src=\"https:\/\/www.hydraulic-cylinders.net\/wp-content\/uploads\/2025\/04\/songte-company-1.webp\" alt=\"G\u00e9mhenger\"><\/p>\n<h3>Meghat\u00e1roz\u00e1s \u00e9s \u00e1ttekint\u00e9s<\/h3>\n<p>A kan\u00e1lhenger egy olyan hidraulikus hengert\u00edpus, amelyet kifejezetten neh\u00e9zg\u00e9pekben haszn\u00e1lnak a kanalak mozg\u00e1s\u00e1nak pontos vez\u00e9rl\u00e9s\u00e9re. Ezek a hengerek kulcsszerepet j\u00e1tszanak a hidraulikus rendszerben, hidraulikus folyad\u00e9kot haszn\u00e1lva er\u0151 \u00e9s mozg\u00e1s l\u00e9trehoz\u00e1s\u00e1ra. Az \u00e9p\u00edt\u0151iparban \u00e9s a mez\u0151gazdas\u00e1gban a g\u00e9mhengerek megfelel\u0151 m\u0171k\u00f6d\u00e9se elengedhetetlen olyan feladatokhoz, mint az \u00e1s\u00e1s, emel\u00e9s \u00e9s anyagok mozgat\u00e1sa. Ez biztos\u00edtja, hogy a g\u00e9pek hat\u00e9konyan m\u0171k\u00f6djenek nagy ig\u00e9nybev\u00e9tel \u00e9s nagy terhel\u00e9s alatt.<\/p>\n<h2>A g\u00e9mhenger jellemz\u0151i<\/h2>\n<ul>\n<li><strong>Nagy szil\u00e1rds\u00e1g \u00e9s tart\u00f3ss\u00e1g:<\/strong> Ezek a hengerek jellemz\u0151en nagy szil\u00e1rds\u00e1g\u00fa ac\u00e9lb\u00f3l vagy alum\u00edniumb\u00f3l k\u00e9sz\u00fclnek, \u00e9s ellen\u00e1llnak az intenz\u00edv nyom\u00e1snak \u00e9s a nagy terhel\u00e9seknek, \u00edgy alkalmasak a zord munkak\u00f6r\u00fclm\u00e9nyekre.<\/li>\n<li><strong>Hat\u00e9kony hidraulikus m\u0171k\u00f6dtet\u00e9s:<\/strong> A g\u00e9mhenger hidraulikus folyad\u00e9knyom\u00e1st haszn\u00e1l a sima kitol\u00e1s \u00e9s visszah\u00faz\u00e1s el\u00e9r\u00e9s\u00e9hez, lehet\u0151v\u00e9 t\u00e9ve a gyors reag\u00e1l\u00e1st a vez\u00e9rl\u0151parancsokra, ami ide\u00e1lis a neh\u00e9z \u00e9s \u00f6sszetett \u00fczemeltet\u00e9si feladatokhoz.<\/li>\n<li><strong>K\u00fcl\u00f6nb\u00f6z\u0151 t\u00edpusok:<\/strong> Kaphat\u00f3 egyszeres m\u0171k\u00f6d\u00e9s\u0171 (hidraulikus m\u0171k\u00f6d\u00e9s egy ir\u00e1nyban) vagy kett\u0151s m\u0171k\u00f6d\u00e9s\u0171 (hidraulikus m\u0171k\u00f6d\u00e9s mindk\u00e9t ir\u00e1nyban) konfigur\u00e1ci\u00f3ban, egyes modellek teleszk\u00f3pos kialak\u00edt\u00e1ssal rendelkeznek a nagyobb hat\u00f3t\u00e1vols\u00e1g \u00e9rdek\u00e9ben a k\u00fcls\u0151 m\u00e9retek n\u00f6vel\u00e9se n\u00e9lk\u00fcl.<\/li>\n<li><strong>Fokozott kop\u00e1s\u00e1ll\u00f3s\u00e1g:<\/strong> Kop\u00e1s- \u00e9s korr\u00f3zi\u00f3\u00e1ll\u00f3s\u00e1gra tervezt\u00e9k, ami hosszabb \u00e9lettartamot \u00e9s cs\u00f6kkentett karbantart\u00e1si ig\u00e9nyt biztos\u00edt.<\/li>\n<li><strong>Testreszabhat\u00f3 be\u00e1ll\u00edt\u00e1sok:<\/strong> Testreszabott specifik\u00e1ci\u00f3k az adott m\u0171k\u00f6d\u00e9si ig\u00e9nyek \u00e9s preferenci\u00e1k kiel\u00e9g\u00edt\u00e9s\u00e9re, biztos\u00edtva az optim\u00e1lis teljes\u00edtm\u00e9nyt a k\u00fcl\u00f6nf\u00e9le alkalmaz\u00e1sokban.<\/li>\n<\/ul>\n<p>Ezt a term\u00e9ket gy\u00e1rtani tudjuk, \u00e9s term\u00e9keink t\u00f6k\u00e9letesen helyettes\u00edthetik ezeket a hidraulikus hengereket.<\/p>\n<p><img decoding=\"async\" src=\"https:\/\/www.hydraulic-cylinders.net\/wp-content\/uploads\/2025\/04\/songte-cylinder-head-with-all-kinds-excavator-models.webp\" alt=\"Kotr\u00f3g\u00e9p modellek\"><\/p>\n<h2>Alkalmaz\u00e1si forgat\u00f3k\u00f6nyvek<\/h2>\n<h3>\u00c9p\u00edt\u0151ipari berendez\u00e9sek<\/h3>\n<p>A kotr\u00f3g\u00e9pekben a g\u00e9mhengerek kritikus fontoss\u00e1g\u00faak a talaj vagy t\u00f6rmel\u00e9k \u00e1s\u00e1s\u00e1hoz, rakod\u00e1s\u00e1hoz \u00e9s mozgat\u00e1s\u00e1hoz. Ezek biztos\u00edtj\u00e1k a sz\u00fcks\u00e9ges er\u0151t a talajba val\u00f3 behatol\u00e1shoz \u00e9s az anyagok hat\u00e9kony mozgat\u00e1s\u00e1hoz. Megfelel\u0151en m\u0171k\u00f6d\u0151 g\u00e9mhenger n\u00e9lk\u00fcl a kotr\u00f3g\u00e9p teljes\u00edtm\u00e9nye jelent\u0151sen korl\u00e1tozott lenne, ami megn\u00f6vekedett projektid\u0151t \u00e9s \u00fczemeltet\u00e9si k\u00f6lts\u00e9geket eredm\u00e9nyezne.<\/p>\n<h3>Mez\u0151gazdas\u00e1gi g\u00e9pek<\/h3>\n<p>A homlokrakod\u00f3kban a g\u00e9mhengerek megk\u00f6nny\u00edtik a talaj, sz\u00e9na \u00e9s egy\u00e9b anyagok kal\u00e1szol\u00e1s\u00e1t, emel\u00e9s\u00e9t \u00e9s sz\u00e1ll\u00edt\u00e1s\u00e1t. L\u00e9tfontoss\u00e1g\u00faak olyan m\u0171veletekhez, mint a teheraut\u00f3k rakod\u00e1sa vagy az anyagok k\u00fcl\u00f6nb\u00f6z\u0151 helysz\u00ednekre t\u00f6rt\u00e9n\u0151 \u00e1trakod\u00e1sa, biztos\u00edtva a mez\u0151gazdas\u00e1gi gyakorlatok termel\u00e9kenys\u00e9g\u00e9t.<\/p>\n<h3>Kotr\u00f3g\u00e9pek<\/h3>\n<p>A g\u00e9mhenger lehet\u0151v\u00e9 teszi a kan\u00e1l talajba hatol\u00e1s\u00e1t, \u00edgy hat\u00e9konyan v\u00e9gezhet\u0151 el az \u00e1s\u00e1si m\u0171veletek. Ez a k\u00e9pess\u00e9g elengedhetetlen a pontos m\u00e9lys\u00e9g el\u00e9r\u00e9s\u00e9hez \u00e9s jelent\u0151s mennyis\u00e9g\u0171 f\u00f6ld mozgat\u00e1s\u00e1hoz, ami kritikus fontoss\u00e1g\u00fa az \u00e9p\u00edt\u00e9si \u00e9s tereprendez\u00e9si projektek sor\u00e1n.<\/p>\n<h3>Rakod\u00f3k<\/h3>\n<p>A homlokrakod\u00f3kban a g\u00e9mhengerek hat\u00e9konyan seg\u00edtik a rakom\u00e1nyok emel\u00e9s\u00e9t \u00e9s \u00fcr\u00edt\u00e9s\u00e9t. Jav\u00edtj\u00e1k a g\u00e9p neh\u00e9z anyagok sz\u00e1ll\u00edt\u00e1s\u00e1ra val\u00f3 k\u00e9pess\u00e9g\u00e9t, biztos\u00edtva a hat\u00e9kony feladatv\u00e9gz\u00e9st \u00e9s optimaliz\u00e1lva a munkafolyamatot a k\u00fcl\u00f6nb\u00f6z\u0151 m\u0171veletek sor\u00e1n.<\/p>\n<h2>Tervez\u00e9si szempontok<\/h2>\n<h3>Teherb\u00edr\u00e1s<\/h3>\n<p>A g\u00e9mhenger teherb\u00edr\u00e1sa kulcsfontoss\u00e1g\u00fa annak biztos\u00edt\u00e1s\u00e1hoz, hogy az elb\u00edrja a kezelt anyagok s\u00faly\u00e1t \u00e9s terhel\u00e9s\u00e9t. A nagyobb teherb\u00edr\u00e1s nagyobb sokoldal\u00fas\u00e1got tesz lehet\u0151v\u00e9 a m\u0171veletek sor\u00e1n, nagyobb \u00e9s nehezebb terhek befogad\u00e1s\u00e1ra alkalmas a hidraulikus rendszer k\u00e1rosod\u00e1s\u00e1nak vagy meghib\u00e1sod\u00e1s\u00e1nak kock\u00e1zata n\u00e9lk\u00fcl.<\/p>\n<h3>T\u00f6m\u00edt\u00e9s<\/h3>\n<p>A hat\u00e9kony t\u00f6m\u00edt\u00e9s elengedhetetlen a hidraulikafolyad\u00e9k sziv\u00e1rg\u00e1s\u00e1nak megakad\u00e1lyoz\u00e1s\u00e1hoz, amely vesz\u00e9lyeztetheti mind a teljes\u00edtm\u00e9nyt, mind a biztons\u00e1got. Kiv\u00e1l\u00f3 min\u0151s\u00e9g\u0171 t\u00f6m\u00edt\u00e9seket kell haszn\u00e1lni a hengerben l\u00e9v\u0151 nyom\u00e1s fenntart\u00e1s\u00e1hoz \u00e9s a hat\u00e9kony m\u0171k\u00f6d\u00e9s biztos\u00edt\u00e1s\u00e1hoz, cs\u00f6kkentve a hidraulikafolyad\u00e9k-vesztes\u00e9g \u00e9s -szennyez\u0151d\u00e9s kock\u00e1zat\u00e1t.<\/p>\n<h3>Tart\u00f3ss\u00e1g<\/h3>\n<p>A tart\u00f3ss\u00e1g jelent\u0151s t\u00e9nyez\u0151 a g\u00e9mhengerek tervez\u00e9s\u00e9n\u00e9l, mivel azok gyakran zord k\u00f6r\u00fclm\u00e9nyeknek vannak kit\u00e9ve. A kop\u00e1snak \u00e9s korr\u00f3zi\u00f3nak ellen\u00e1ll\u00f3 anyagokat \u00e9s bevonatokat alkalmazz\u00e1k a hossz\u00fa \u00e9lettartam n\u00f6vel\u00e9se \u00e9s a karbantart\u00e1si ig\u00e9ny cs\u00f6kkent\u00e9se \u00e9rdek\u00e9ben, ami v\u00e9gs\u0151 soron alacsonyabb \u00fczemeltet\u00e9si k\u00f6lts\u00e9gekhez vezet.<\/p>\n<h3>Biztons\u00e1g<\/h3>\n<p>A kezel\u0151k \u00e9s a k\u00f6zelben tart\u00f3zkod\u00f3k v\u00e9delme \u00e9rdek\u00e9ben m\u0171k\u00f6d\u00e9s k\u00f6zben biztons\u00e1gi funkci\u00f3kat kell be\u00e9p\u00edteni a tervbe. Ez mag\u00e1ban foglalja azokat a mechanizmusokat, amelyek megakad\u00e1lyozz\u00e1k a v\u00e1ratlan mozg\u00e1sokat, \u00e9s egy\u00e9rtelm\u0171 vizu\u00e1lis jelz\u00e9st biztos\u00edtanak a palack \u00e1llapot\u00e1r\u00f3l a balesetek elker\u00fcl\u00e9se \u00e9rdek\u00e9ben.<\/p>\n<h3>Karbantarthat\u00f3s\u00e1g<\/h3>\n<p>A g\u00e9mhengerek k\u00f6nny\u0171 karbantart\u00e1sra val\u00f3 tervez\u00e9se biztos\u00edtja a gyors \u00e9s hat\u00e9kony szervizel\u00e9st. Ez mag\u00e1ban foglalja a kritikus alkatr\u00e9szekhez val\u00f3 hozz\u00e1f\u00e9r\u00e9st ellen\u0151rz\u00e9s, ken\u00e9s \u00e9s csere c\u00e9lj\u00e1b\u00f3l, ez\u00e1ltal minimaliz\u00e1lva az \u00e1ll\u00e1sid\u0151t \u00e9s n\u00f6velve a g\u00e9pek \u00e1ltal\u00e1nos megb\u00edzhat\u00f3s\u00e1g\u00e1t.<\/p>\n<p><img decoding=\"async\" src=\"https:\/\/www.hydraulic-cylinders.net\/wp-content\/uploads\/2025\/04\/songte-oil-pipes-and-spare-parts.webp\" alt=\"Olajcs\u00f6vek \u00e9s alkatr\u00e9szek\"><\/p>\n<h2>T\u00f6m\u00edt\u00e9s \u00e9s ken\u00e9s<\/h2>\n<p>A g\u00e9mhenger hat\u00e9kony t\u00f6m\u00edt\u00e9se \u00e9s ken\u00e9se kritikus fontoss\u00e1g\u00fa a teljes\u00edtm\u00e9nye \u00e9s hossz\u00fa \u00e9lettartama szempontj\u00e1b\u00f3l. K\u00fcl\u00f6nb\u00f6z\u0151 t\u00f6m\u00edt\u0151elemek, p\u00e9ld\u00e1ul a dugatty\u00fat\u00f6m\u00edt\u00e9sek \u00e9s a r\u00fadt\u00f6m\u00edt\u00e9sek szerepet j\u00e1tszanak a hidraulikus nyom\u00e1s fenntart\u00e1s\u00e1ban \u00e9s a folyad\u00e9ksziv\u00e1rg\u00e1s megel\u0151z\u00e9s\u00e9ben. A kop\u00e1s\u00e1ll\u00f3 anyagokb\u00f3l, p\u00e9ld\u00e1ul poliuret\u00e1nb\u00f3l \u00e9s nitrilgumib\u00f3l k\u00e9sz\u00fclt t\u00f6m\u00edt\u00e9sek kiv\u00e1laszt\u00e1sa n\u00f6veli a tart\u00f3ss\u00e1got \u00e9s cs\u00f6kkenti a cser\u00e9k gyakoris\u00e1g\u00e1t.<\/p>\n<p>Tov\u00e1bb\u00e1 a hengertestet \u00e9s a menetes v\u00e9gfel\u00fcleteket finom megmunk\u00e1l\u00e1snak kell al\u00e1vetni a kop\u00e1s\u00e1ll\u00f3s\u00e1g jav\u00edt\u00e1sa \u00e9s a hosszabb \u00e9lettartam biztos\u00edt\u00e1sa \u00e9rdek\u00e9ben. A megfelel\u0151 mennyis\u00e9g\u0171 hidraulikaolaj rendszeres hozz\u00e1ad\u00e1sa a ken\u00e9shez elengedhetetlen, mivel ez cs\u00f6kkenti a mozg\u00f3 alkatr\u00e9szek k\u00f6z\u00f6tti s\u00farl\u00f3d\u00e1st, ez\u00e1ltal jav\u00edtja a m\u0171k\u00f6d\u00e9si hat\u00e9konys\u00e1got.<\/p>\n<h2>Megel\u0151z\u0151 karbantart\u00e1si int\u00e9zked\u00e9sek<\/h2>\n<ul>\n<li><strong>Rendszeres ellen\u0151rz\u00e9sek:<\/strong> \u00dctemezze be a rutinszer\u0171 ellen\u0151rz\u00e9seket a kop\u00e1s, s\u00e9r\u00fcl\u00e9s vagy sziv\u00e1rg\u00e1s jeleinek \u00e9szlel\u00e9se \u00e9rdek\u00e9ben. A rendszeres felm\u00e9r\u00e9sek seg\u00edtenek azonos\u00edtani a potenci\u00e1lis probl\u00e9m\u00e1kat, miel\u0151tt azok s\u00falyosbodn\u00e1nak, biztos\u00edtva a g\u00e9mhenger z\u00f6kken\u0151mentes m\u0171k\u00f6d\u00e9s\u00e9t.<\/li>\n<li><strong>Megfelel\u0151 ken\u00e9s:<\/strong> Gy\u0151z\u0151dj\u00f6n meg arr\u00f3l, hogy a hidraulikaolaj szintje megfelel\u0151, \u00e9s hogy a haszn\u00e1lt olaj megfelel a gy\u00e1rt\u00f3 el\u0151\u00edr\u00e1sainak. A megfelel\u0151 ken\u00e9s minimaliz\u00e1lja a s\u00farl\u00f3d\u00e1st, meghosszabb\u00edtja az alkatr\u00e9szek \u00e9lettartam\u00e1t \u00e9s fenntartja a hat\u00e9kony m\u0171k\u00f6d\u00e9st.<\/li>\n<li><strong>T\u00f6m\u00edt\u00e9scsere:<\/strong> Rendszeresen ellen\u0151rizze a t\u00f6m\u00edt\u00e9seket, \u00e9s sz\u00fcks\u00e9g szerint cser\u00e9lje ki azokat a sziv\u00e1rg\u00e1sok megel\u0151z\u00e9se \u00e9s a hidraulikus nyom\u00e1s fenntart\u00e1sa \u00e9rdek\u00e9ben. A t\u00f6m\u00edt\u00e9sek id\u0151ben t\u00f6rt\u00e9n\u0151 cser\u00e9je biztos\u00edtja az optim\u00e1lis teljes\u00edtm\u00e9nyt \u00e9s megel\u0151zi a k\u00f6lts\u00e9ges meghib\u00e1sod\u00e1sokat.<\/li>\n<\/ul>\n<h2>Telep\u00edt\u00e9si \u00fatmutat\u00f3<\/h2>\n<p>A g\u00e9mhenger helyes beszerel\u00e9se elengedhetetlen a hat\u00e9kony m\u0171k\u00f6d\u00e9shez. Az \u00f6sszeszerel\u00e9s el\u0151tt gy\u0151z\u0151dj\u00f6n meg arr\u00f3l, hogy minden alkatr\u00e9sz tiszta \u00e9s t\u00f6rmel\u00e9kmentes. \u00c1ll\u00edtsa be megfelel\u0151en a hengert, hogy elker\u00fclje a m\u0171k\u00f6d\u00e9s k\u00f6zbeni beszorul\u00e1st. Javasoljuk, hogy megfelel\u0151 r\u00f6gz\u00edt\u0151konzolokat haszn\u00e1ljon a henger r\u00f6gz\u00edt\u00e9s\u00e9hez, biztos\u00edtva a stabilit\u00e1st \u00e9s minimaliz\u00e1lva a rezg\u00e9st.<\/p>\n<p>\u00d3vatosan csatlakoztassa a hidraulikavezet\u00e9keket, \u00fcgyelve arra, hogy ne h\u00fazza t\u00fal a csatlakoz\u00e1sokat, mert ez k\u00e1rosod\u00e1st okozhat. A telep\u00edt\u00e9s ut\u00e1n ellen\u0151rizze a rendszert sziv\u00e1rg\u00e1s szempontj\u00e1b\u00f3l, \u00e9s v\u00e9gezzen alapos m\u0171k\u00f6d\u00e9si ellen\u0151rz\u00e9st annak meger\u0151s\u00edt\u00e9s\u00e9re, hogy a henger a v\u00e1rt m\u00f3don m\u0171k\u00f6dik. Ezen ir\u00e1nyelvek betart\u00e1sa seg\u00edt biztos\u00edtani a g\u00e9mhenger hossz\u00fa \u00e9lettartam\u00e1t \u00e9s hat\u00e9kony teljes\u00edtm\u00e9ny\u00e9t.<\/p>\n<h2>Gyakori karbantart\u00e1si feladatok<\/h2>\n<h3>Rendszeres ellen\u0151rz\u00e9sek<\/h3>\n<p>A rendszeres ellen\u0151rz\u00e9sek elengedhetetlenek a kop\u00e1si vagy potenci\u00e1lis meghib\u00e1sod\u00e1si pontok azonos\u00edt\u00e1s\u00e1hoz. Ez mag\u00e1ban foglalja a sziv\u00e1rg\u00e1sok, szokatlan zajok vagy teljes\u00edtm\u00e9nyv\u00e1ltoz\u00e1sok ellen\u0151rz\u00e9s\u00e9t. A rendszeres karbantart\u00e1si \u00fctemterv fel\u00e1ll\u00edt\u00e1sa lehet\u0151v\u00e9 teszi az id\u0151ben t\u00f6rt\u00e9n\u0151 beavatkoz\u00e1sokat, megel\u0151zi a v\u00e1ratlan meghib\u00e1sod\u00e1sokat \u00e9s meghosszabb\u00edtja a g\u00e9pek \u00e9lettartam\u00e1t.<\/p>\n<h3>Megfelel\u0151 ken\u00e9s<\/h3>\n<p>A g\u00e9mhenger megfelel\u0151 ken\u00e9se elengedhetetlen a teljes\u00edtm\u00e9ny fenntart\u00e1s\u00e1hoz. Rendszeresen ellen\u0151rizze \u00e9s t\u00f6ltse fel a hidraulikaolajat, a gy\u00e1rt\u00f3 \u00e1ltal megadott el\u0151\u00edr\u00e1soknak megfelel\u0151en. A megfelel\u0151 ken\u00e9s cs\u00f6kkenti a s\u00farl\u00f3d\u00e1st, n\u00f6veli a hat\u00e9konys\u00e1got \u00e9s minimaliz\u00e1lja az alkatr\u00e9szek kop\u00e1s\u00e1t, v\u00e9gs\u0151 soron meghosszabb\u00edtva a g\u00e9mhenger \u00e9lettartam\u00e1t.<\/p>\n<h3>T\u00f6m\u00edt\u00e9scsere \u00e9s kalibr\u00e1l\u00e1s<\/h3>\n<p>A t\u00f6m\u00edt\u00e9sek rendszeres cser\u00e9je elengedhetetlen a hidraulikus nyom\u00e1s fenntart\u00e1s\u00e1hoz \u00e9s a sziv\u00e1rg\u00e1sok megel\u0151z\u00e9s\u00e9hez. Figyelje a t\u00f6m\u00edt\u00e9sek \u00e1llapot\u00e1t, \u00e9s cser\u00e9lje ki azokat a kop\u00e1s els\u0151 jelein\u00e9l. Ezenk\u00edv\u00fcl a hidraulikus rendszer kalibr\u00e1l\u00e1sa biztos\u00edtja az optim\u00e1lis teljes\u00edtm\u00e9nyt \u00e9s pontoss\u00e1got a m\u0171veletek sor\u00e1n, ami l\u00e9tfontoss\u00e1g\u00fa a pontoss\u00e1got ig\u00e9nyl\u0151 feladatokn\u00e1l.<\/p>\n<p><img decoding=\"async\" src=\"https:\/\/www.hydraulic-cylinders.net\/wp-content\/uploads\/2025\/04\/songte-chushion-collar.webp\" alt=\"Chushion gall\u00e9r\"><\/p>\n<h2>Biztons\u00e1gi szempontok<\/h2>\n<p>Hidraulikus rendszerekkel v\u00e9gzett munka sor\u00e1n a biztons\u00e1gi int\u00e9zked\u00e9sek kiemelked\u0151en fontosak. A balesetek elker\u00fcl\u00e9se \u00e9rdek\u00e9ben elengedhetetlen a g\u00e9mhengerek haszn\u00e1lat\u00e1ra vonatkoz\u00f3 megfelel\u0151 k\u00e9pz\u00e9s. Mindig viseljen megfelel\u0151 szem\u00e9lyi v\u00e9d\u0151felszerel\u00e9st (PPE), \u00e9s gondoskodjon arr\u00f3l, hogy a munkater\u00fclet mentes legyen a vesz\u00e9lyekt\u0151l. A biztons\u00e1gi protokollok \u00e9s a v\u00e9szhelyzeti elj\u00e1r\u00e1sok bevezet\u00e9se jelent\u0151sen cs\u00f6kkentheti a hidraulikus berendez\u00e9sek m\u0171k\u00f6dtet\u00e9s\u00e9vel kapcsolatos kock\u00e1zatokat.<\/p>\n<h2>Hibadiagn\u00f3zis \u00e9s gyakori probl\u00e9m\u00e1k<\/h2>\n<ul>\n<li><strong>Sziv\u00e1rg\u00e1s:<\/strong> A hengeren k\u00edv\u00fcli hidraulikafolyad\u00e9k jelenl\u00e9te t\u00f6m\u00edt\u00e9shib\u00e1ra utalhat. A rendszeres ellen\u0151rz\u00e9sek seg\u00edthetnek a probl\u00e9m\u00e1k korai azonos\u00edt\u00e1s\u00e1ban, cs\u00f6kkentve a folyad\u00e9kvesztes\u00e9get.<\/li>\n<li><strong>Cs\u00f6kkentett teljes\u00edtm\u00e9ny:<\/strong> Ha a henger nem a v\u00e1rt m\u00f3don reag\u00e1l, ellen\u0151rizze a hidraulikafolyad\u00e9k szintj\u00e9t, \u00e9s vizsg\u00e1lja meg, hogy nincsenek-e elt\u00f6m\u0151d\u00e9sek a hidraulikavezet\u00e9kekben.<\/li>\n<li><strong>Szokatlan zajok:<\/strong> A csikorg\u00f3 vagy cs\u00f6rg\u0151 hangok mechanikai probl\u00e9m\u00e1kra vagy ken\u00e9s hi\u00e1ny\u00e1ra utalhatnak. A tov\u00e1bbi k\u00e1rok elker\u00fcl\u00e9se \u00e9rdek\u00e9ben halad\u00e9ktalanul vizsg\u00e1lja ki \u00e9s jav\u00edtsa ki ezeket a hangokat.<\/li>\n<\/ul>\n<h2>Hibaelh\u00e1r\u00edt\u00e1si tippek<\/h2>\n<p>A g\u00e9mhenger probl\u00e9m\u00e1inak hat\u00e9kony diagnosztiz\u00e1l\u00e1s\u00e1hoz \u00e9s megold\u00e1s\u00e1hoz el\u0151sz\u00f6r alaposan \u00e1t kell vizsg\u00e1lni az \u00f6sszes alkatr\u00e9szt. Ellen\u0151rizze a kop\u00e1s vagy s\u00e9r\u00fcl\u00e9s l\u00e1that\u00f3 jeleit, \u00e9s gy\u0151z\u0151dj\u00f6n meg arr\u00f3l, hogy a hidraulikafolyad\u00e9k szintje megfelel\u0151. Sziv\u00e1rg\u00e1s \u00e9szlel\u00e9se eset\u00e9n sz\u00fcks\u00e9g szerint cser\u00e9lje ki a t\u00f6m\u00edt\u00e9seket, \u00e9s ellen\u0151rizze a hidraulikavezet\u00e9kek megfelel\u0151 csatlakoz\u00e1sait. Megel\u0151z\u0151 int\u00e9zked\u00e9sek, p\u00e9ld\u00e1ul rendszeres karbantart\u00e1s \u00e9s id\u0151ben t\u00f6rt\u00e9n\u0151 jav\u00edt\u00e1sok bevezet\u00e9s\u00e9vel a kezel\u0151k minimaliz\u00e1lhatj\u00e1k a s\u00falyos hib\u00e1k kock\u00e1zat\u00e1t, \u00e9s meghosszabb\u00edthatj\u00e1k hidraulikus rendszereik \u00e9lettartam\u00e1t.<\/p>\n<p><img decoding=\"async\" src=\"https:\/\/www.hydraulic-cylinders.net\/wp-content\/uploads\/2025\/04\/songte-bushings-with-all-kinds-of-excavator-models.webp\" alt=\"Perselyek kotr\u00f3g\u00e9p modellekkel\"><\/p>\n<h2>C\u00e9g\u00fcnkr\u0151l<\/h2>\n<p>A hidraulikus hengerek vezet\u0151 gy\u00e1rt\u00f3ja vagyunk, k\u00fcl\u00f6nf\u00e9le alkalmaz\u00e1sokhoz sz\u00fcks\u00e9ges cseremegold\u00e1sokra specializ\u00e1l\u00f3dtunk. Kiterjedt term\u00e9kk\u00edn\u00e1latunknak k\u00f6sz\u00f6nhet\u0151en a hazai \u00e9s a nemzetk\u00f6zi piacok egyik vezet\u0151 gy\u00e1rt\u00f3ja \u00e9s nagykeresked\u0151je vagyunk. Ragaszkodunk a kiv\u00e1l\u00f3 min\u0151s\u00e9ghez, \u00e9s kifinomult gy\u00e1rt\u00e1sir\u00e1ny\u00edt\u00e1si strat\u00e9gi\u00e1t alkalmazunk.<\/p>\n<p>C\u00e9g\u00fcnk folyamatosan fejleszti gy\u00e1rt\u00e1si k\u00e9pess\u00e9geit k\u00e9pzett technikusok, cs\u00facskateg\u00f3ri\u00e1s digit\u00e1lis gy\u00e1rt\u00f3berendez\u00e9sek \u00e9s professzion\u00e1lis tesztel\u0151rendszerek seg\u00edts\u00e9g\u00e9vel. A hat\u00e9konys\u00e1gra, a pontoss\u00e1gra \u00e9s a min\u0151s\u00e9gre helyezett nagy hangs\u00falyt fektetve elk\u00f6telezettek vagyunk az \u00fcgyfelek v\u00e1ltozatos ig\u00e9nyeinek kiel\u00e9g\u00edt\u00e9se ir\u00e1nt, mik\u00f6zben biztos\u00edtjuk term\u00e9keink kiv\u00e1l\u00f3 megb\u00edzhat\u00f3s\u00e1g\u00e1t.<\/p>\n<p><img decoding=\"async\" src=\"https:\/\/www.hydraulic-cylinders.net\/wp-content\/uploads\/2025\/04\/songte-company-4.webp\" alt=\"C\u00e9ginform\u00e1ci\u00f3\"><br \/>\n<img decoding=\"async\" src=\"https:\/\/www.hydraulic-cylinders.net\/wp-content\/uploads\/2025\/04\/songte-company-3.webp\" alt=\"C\u00e9ges l\u00e9tes\u00edtm\u00e9nyek\"><\/p>\n<p>Szerz\u0151: lyl<\/p>","protected":false},"excerpt":{"rendered":"<p>Boom Cylinder For Bonny WZY42-7 Product Overview The Boom Cylinder for Bonny WZY42-7 is a specialized hydraulic cylinder designed to control the movement of heavy machinery buckets, such as those found in excavators, backhoe loaders, and front loaders. Bucket cylinders allow for the lifting, lowering, and tilting of buckets, facilitating efficient material handling tasks. These [&hellip;]<\/p>","protected":false},"featured_media":17876,"comment_status":"open","ping_status":"closed","template":"","meta":{"_et_pb_use_builder":"","_et_pb_old_content":"","_et_gb_content_width":""},"product_brand":[],"product_cat":[1546],"product_tag":[1547,1496],"class_list":{"0":"post-19658","1":"product","2":"type-product","3":"status-publish","4":"has-post-thumbnail","6":"product_cat-boom-cylinders","7":"product_tag-boom-cylinders","8":"product_tag-hydraulic-cylinders","10":"first","11":"instock","12":"shipping-taxable","13":"product-type-simple"},"amp_enabled":true,"_links":{"self":[{"href":"https:\/\/www.hydraulic-cylinders.net\/hu\/wp-json\/wp\/v2\/product\/19658","targetHints":{"allow":["GET"]}}],"collection":[{"href":"https:\/\/www.hydraulic-cylinders.net\/hu\/wp-json\/wp\/v2\/product"}],"about":[{"href":"https:\/\/www.hydraulic-cylinders.net\/hu\/wp-json\/wp\/v2\/types\/product"}],"replies":[{"embeddable":true,"href":"https:\/\/www.hydraulic-cylinders.net\/hu\/wp-json\/wp\/v2\/comments?post=19658"}],"wp:featuredmedia":[{"embeddable":true,"href":"https:\/\/www.hydraulic-cylinders.net\/hu\/wp-json\/wp\/v2\/media\/17876"}],"wp:attachment":[{"href":"https:\/\/www.hydraulic-cylinders.net\/hu\/wp-json\/wp\/v2\/media?parent=19658"}],"wp:term":[{"taxonomy":"product_brand","embeddable":true,"href":"https:\/\/www.hydraulic-cylinders.net\/hu\/wp-json\/wp\/v2\/product_brand?post=19658"},{"taxonomy":"product_cat","embeddable":true,"href":"https:\/\/www.hydraulic-cylinders.net\/hu\/wp-json\/wp\/v2\/product_cat?post=19658"},{"taxonomy":"product_tag","embeddable":true,"href":"https:\/\/www.hydraulic-cylinders.net\/hu\/wp-json\/wp\/v2\/product_tag?post=19658"}],"curies":[{"name":"munkaf\u00fczet","href":"https:\/\/api.w.org\/{rel}","templated":true}]}}