{"id":1966,"date":"2023-10-23T08:02:25","date_gmt":"2023-10-23T08:02:25","guid":{"rendered":"https:\/\/hydraulic-cylinders.net\/?post_type=product&#038;p=1966"},"modified":"2023-10-23T08:02:35","modified_gmt":"2023-10-23T08:02:35","slug":"v60n-series-axial-piston-variable-displacement-hydraulic-pump","status":"publish","type":"product","link":"https:\/\/www.hydraulic-cylinders.net\/hu\/termek\/v60n-series-axial-piston-variable-displacement-hydraulic-pump\/","title":{"rendered":"V60N sorozat\u00fa axi\u00e1lis dugatty\u00fas v\u00e1ltoz\u00f3 t\u00e9rfogatkiszor\u00edt\u00e1s\u00fa hidraulikus szivatty\u00fa"},"content":{"rendered":"<h1 style=\"text-align: center;\"><strong>V60N sorozat\u00fa axi\u00e1lis dugatty\u00fas v\u00e1ltoz\u00f3 t\u00e9rfogatkiszor\u00edt\u00e1s\u00fa hidraulikus szivatty\u00fa<\/strong><\/h1>\n<p><img loading=\"lazy\" decoding=\"async\" class=\"aligncenter wp-image-1981\" src=\"https:\/\/hydraulic-cylinders.net\/wp-content\/uploads\/2023\/10\/v60n-series-axial-piston-variable-displacement-pump-1-300x300.webp\" alt=\"\" width=\"400\" height=\"400\" \/><\/p>\n<p>A V60N sorozat\u00fa axi\u00e1ldugatty\u00fas, v\u00e1ltoztathat\u00f3 kiszor\u00edt\u00e1s\u00fa hidraulikus szivatty\u00fa egy figyelemre m\u00e9lt\u00f3 innov\u00e1ci\u00f3, amelyet a hidraulikus rendszerek teljes\u00edtm\u00e9ny\u00e9nek \u00e9s hat\u00e9konys\u00e1g\u00e1nak n\u00f6vel\u00e9s\u00e9re terveztek. Korszer\u0171 funkci\u00f3ival, prec\u00edz vez\u00e9rl\u00e9s\u00e9vel \u00e9s robusztus konstrukci\u00f3j\u00e1val ez a hidraulikus szivatty\u00fa \u00faj m\u00e9rc\u00e9t \u00e1ll\u00edt fel az ipar\u00e1gban.<\/p>\n<p>A V60N sorozat\u00fa axi\u00e1ldugatty\u00fas, v\u00e1ltoztathat\u00f3 kiszor\u00edt\u00e1s\u00fa hidraulikus szivatty\u00fa forradalmi v\u00e1ltoz\u00e1st hoz a hidraulikus rendszerek vil\u00e1g\u00e1ban. V\u00e1ltoztathat\u00f3 kiszor\u00edt\u00e1s\u00fa k\u00e9pess\u00e9ge, nagy teljes\u00edtm\u00e9nye \u00e9s sokoldal\u00fa kialak\u00edt\u00e1sa prec\u00edz vez\u00e9rl\u00e9st, fokozott hat\u00e9konys\u00e1got \u00e9s kiv\u00e9teles teljes\u00edtm\u00e9nylead\u00e1st k\u00edn\u00e1l. Az aj\u00e1nlott haszn\u00e1lati m\u00f3dszerek betart\u00e1s\u00e1val \u00e9s a rendszeres karbantart\u00e1si gyakorlatok betart\u00e1s\u00e1val a v60n sorozat\u00fa szivatty\u00fa tov\u00e1bbra is kiemelked\u0151 teljes\u00edtm\u00e9nyt, hat\u00e9konys\u00e1got \u00e9s megb\u00edzhat\u00f3s\u00e1got biztos\u00edt. Haszn\u00e1lja ki a V60N sorozat\u00fa axi\u00e1ldugatty\u00fas, v\u00e1ltoztathat\u00f3 kiszor\u00edt\u00e1s\u00fa hidraulikus szivatty\u00fa erej\u00e9t \u00e9s hat\u00e9konys\u00e1g\u00e1t, hogy kiakn\u00e1zza hidraulikus rendszer\u00e9nek teljes potenci\u00e1lj\u00e1t.<\/p>\n<p>V60N sorozat\u00fa axi\u00e1ldugatty\u00fas v\u00e1ltoz\u00f3 t\u00e9rfogatkiszor\u00edt\u00e1s\u00fa hidraulikus szivatty\u00fa f\u0151bb jellemz\u0151i:<\/p>\n<ol>\n<li>V\u00e1ltoztathat\u00f3 sz\u00e1ll\u00edt\u00e1si kapacit\u00e1s: A V60N sorozat\u00fa szivatty\u00fa fejlett v\u00e1ltoztathat\u00f3 sz\u00e1ll\u00edt\u00e1si technol\u00f3gi\u00e1val b\u00fcszk\u00e9lkedhet, amely lehet\u0151v\u00e9 teszi a teljes\u00edtm\u00e9ny be\u00e1ll\u00edt\u00e1s\u00e1t a rendszer ig\u00e9nyei szerint. Ez a funkci\u00f3 optim\u00e1lis energiafelhaszn\u00e1l\u00e1st biztos\u00edt, jav\u00edtja a hat\u00e9konys\u00e1got \u00e9s cs\u00f6kkenti az energiafogyaszt\u00e1st.<\/li>\n<li>Nagy teljes\u00edtm\u00e9ny \u00e9s er\u0151: Kiv\u00e9teles kialak\u00edt\u00e1s\u00e1nak \u00e9s m\u00e9rn\u00f6ki munk\u00e1j\u00e1nak k\u00f6sz\u00f6nhet\u0151en a V60N sorozat\u00fa szivatty\u00fa kiemelked\u0151 teljes\u00edtm\u00e9nyt \u00e9s er\u0151t biztos\u00edt. Z\u00f6kken\u0151mentesen m\u0171k\u00f6dik k\u00fcl\u00f6nb\u00f6z\u0151 nyom\u00e1s- \u00e9s sebess\u00e9gtartom\u00e1nyokban, prec\u00edz szab\u00e1lyoz\u00e1st \u00e9s hat\u00e9kony energiaell\u00e1t\u00e1st biztos\u00edtva a kiv\u00e1l\u00f3 rendszerteljes\u00edtm\u00e9ny \u00e9rdek\u00e9ben.<\/li>\n<li>Sokoldal\u00fa kialak\u00edt\u00e1s a k\u00fcl\u00f6nf\u00e9le alkalmaz\u00e1sokhoz: A V60N sorozat\u00fa szivatty\u00fat \u00fagy tervezt\u00e9k, hogy k\u00fcl\u00f6nf\u00e9le hidraulikus rendszerekhez \u00e9s alkalmaz\u00e1sokhoz illeszkedjen. Sokoldal\u00fa r\u00f6gz\u00edt\u00e9si lehet\u0151s\u00e9geket, folyad\u00e9kkompatibilit\u00e1st \u00e9s vez\u00e9rl\u00e9si m\u00f3dszereket k\u00edn\u00e1l, \u00edgy sz\u00e1mos ipar\u00e1gban \u00e9s g\u00e9pben haszn\u00e1lhat\u00f3.<\/li>\n<li>Fokozott hat\u00e9konys\u00e1g b\u00e1rmilyen terhel\u00e9sn\u00e9l: A V60N sorozat\u00fa szivatty\u00fa v\u00e1ltoztathat\u00f3 l\u00f6kett\u00e9rfogat\u00fa funkci\u00f3ja sz\u00e9les terhel\u00e9si tartom\u00e1nyban biztos\u00edtja a hat\u00e9konys\u00e1got. Minimaliz\u00e1lja az energiavesztes\u00e9get \u00e9s a termel\u00e9kenys\u00e9get, m\u00e9g v\u00e1ltoz\u00f3 \u00fczemi k\u00f6r\u00fclm\u00e9nyek k\u00f6z\u00f6tt is, az\u00e1ltal, hogy automatikusan a rendszer ig\u00e9nyeihez igaz\u00edtja a teljes\u00edtm\u00e9nyt.<\/li>\n<\/ol>\n<h2><strong>V60N sorozat\u00fa axi\u00e1lis dugatty\u00fas v\u00e1ltoz\u00f3 t\u00e9rfogatkiszor\u00edt\u00e1s\u00fa hidraulikus szivatty\u00fa param\u00e9tere:<\/strong><\/h2>\n<table class=\"table table-bordered table-hover table-colored\">\n<tbody>\n<tr class=\"firstRow\">\n<td colspan=\"1\" rowspan=\"2\" align=\"center\" valign=\"middle\">M\u00e9ret<\/td>\n<td rowspan=\"2\" align=\"center\" valign=\"middle\">L\u00f6kett\u00e9rfogat cm\u00b3\/ford<\/td>\n<td colspan=\"2\" rowspan=\"1\" align=\"center\" valign=\"middle\">Nyom\u00e1sr\u00fad<\/td>\n<td colspan=\"2\" rowspan=\"1\" align=\"center\" valign=\"middle\">Forg\u00e1si sebess\u00e9g ford\/perc<\/td>\n<\/tr>\n<tr>\n<td align=\"center\" valign=\"middle\">N\u00e9vleges<\/td>\n<td align=\"center\" valign=\"middle\">Cs\u00facs<\/td>\n<td align=\"center\" valign=\"middle\">Max \u00f6nfelsz\u00edv\u00f3<sup>*1<\/sup><\/td>\n<td align=\"center\" valign=\"middle\">Max<sup>*2<\/sup><\/td>\n<\/tr>\n<tr>\n<td align=\"center\" valign=\"middle\">\u00a0V60N60<\/td>\n<td align=\"center\" valign=\"middle\">60<\/td>\n<td align=\"center\" valign=\"middle\">350<\/td>\n<td align=\"center\" valign=\"middle\">400<\/td>\n<td align=\"center\" valign=\"middle\">2500<\/td>\n<td align=\"center\" valign=\"middle\">2500<\/td>\n<\/tr>\n<tr>\n<td align=\"center\" valign=\"middle\">\u00a0V60N90<\/td>\n<td align=\"center\" valign=\"middle\">90<\/td>\n<td align=\"center\" valign=\"middle\">350<\/td>\n<td align=\"center\" valign=\"middle\">400<\/td>\n<td align=\"center\" valign=\"middle\">2300<\/td>\n<td align=\"center\" valign=\"middle\">2300<\/td>\n<\/tr>\n<tr>\n<td align=\"center\" valign=\"middle\">\u00a0V60N110<\/td>\n<td align=\"center\" valign=\"middle\">110<\/td>\n<td align=\"center\" valign=\"middle\">350<\/td>\n<td align=\"center\" valign=\"middle\">400<\/td>\n<td align=\"center\" valign=\"middle\">2200<\/td>\n<td align=\"center\" valign=\"middle\">2200<\/td>\n<\/tr>\n<tr>\n<td align=\"center\" valign=\"middle\">\u00a0V60N130<\/td>\n<td align=\"center\" valign=\"middle\">130<\/td>\n<td align=\"center\" valign=\"middle\">400<\/td>\n<td align=\"center\" valign=\"middle\">450<\/td>\n<td align=\"center\" valign=\"middle\">2100<\/td>\n<td align=\"center\" valign=\"middle\">2100<\/td>\n<\/tr>\n<\/tbody>\n<\/table>\n<h2><strong>V60N sorozat\u00fa axi\u00e1ldugatty\u00fas v\u00e1ltoz\u00f3 t\u00e9rfogatkiszor\u00edt\u00e1s\u00fa hidraulikus szivatty\u00fa el\u0151nyei:<\/strong><\/h2>\n<p>\u2022 Ny\u00edltl\u00e1nc\u00fa hidraulikus rendszerekben alkalmazhat\u00f3<br \/>\n\u2022 Olajsz\u00edv\u00e1s el\u00e9rhet\u0151 boost \u00fczemm\u00f3ddal<br \/>\n\u2022 Nagy forg\u00e1si sebess\u00e9g<br \/>\n\u2022 Magas n\u00e9vleges nyom\u00e1s<br \/>\n\u2022 Kompakt fel\u00e9p\u00edt\u00e9s, egyszer\u0171 telep\u00edt\u00e9s<br \/>\n\u2022 Biztos\u00edtson elegend\u0151 nyomat\u00e9kot a h\u00e1ts\u00f3 szivatty\u00fanak, ha tandem szivatty\u00faalkalmaz\u00e1sra van sz\u00fcks\u00e9g<\/p>\n<h2><strong>V60N sorozat\u00fa axi\u00e1lis dugatty\u00fas v\u00e1ltoz\u00f3 t\u00e9rfogatkiszor\u00edt\u00e1s\u00fa hidraulikus szivatty\u00fa <\/strong><strong>Alkalmaz\u00e1s:<\/strong><\/h2>\n<p><img loading=\"lazy\" decoding=\"async\" class=\"alignnone wp-image-1983 size-full\" src=\"https:\/\/hydraulic-cylinders.net\/wp-content\/uploads\/2023\/10\/v60n-series-axial-piston-variable-displacement-pump-2.jpg\" alt=\"\" width=\"1146\" height=\"216\" srcset=\"https:\/\/hydraulic-cylinders.net\/wp-content\/uploads\/2023\/10\/v60n-series-axial-piston-variable-displacement-pump-2.jpg 1146w, https:\/\/hydraulic-cylinders.net\/wp-content\/uploads\/2023\/10\/v60n-series-axial-piston-variable-displacement-pump-2-980x185.jpg 980w, https:\/\/hydraulic-cylinders.net\/wp-content\/uploads\/2023\/10\/v60n-series-axial-piston-variable-displacement-pump-2-480x90.jpg 480w\" sizes=\"(min-width: 0px) and (max-width: 480px) 480px, (min-width: 481px) and (max-width: 980px) 980px, (min-width: 981px) 1146px, 100vw\" \/><\/p>\n<h2><strong>A V60N sorozat\u00fa axi\u00e1lis dugatty\u00fas v\u00e1ltoz\u00f3 t\u00e9rfogatkiszor\u00edt\u00e1s\u00fa hidraulikus szivatty\u00fa haszn\u00e1lati m\u00f3dja<\/strong><strong>:<\/strong><\/h2>\n<ul>\n<li><strong>Telep\u00edt\u00e9s \u00e9s integr\u00e1ci\u00f3:<\/strong> V\u00e1lasszon ki egy megfelel\u0151 helyet a hidraulikus rendszeren bel\u00fcl a V60N sorozat\u00fa axi\u00e1lis dugatty\u00fas v\u00e1ltoz\u00f3 kiszor\u00edt\u00e1s\u00fa hidraulikus szivatty\u00fa telep\u00edt\u00e9s\u00e9hez. Biztos\u00edtsa a megfelel\u0151 be\u00e1ll\u00edt\u00e1st, \u00e9s r\u00f6gz\u00edtse biztons\u00e1gosan a szivatty\u00fat megfelel\u0151 konzolok vagy tartoz\u00e9kok seg\u00edts\u00e9g\u00e9vel. Csatlakoztassa a szivatty\u00fat a hidraulikus rendszerhez kompatibilis szerelv\u00e9nyekkel \u00e9s t\u00f6ml\u0151kkel, \u00fcgyelve a sziv\u00e1rg\u00e1smentes csatlakoz\u00e1sokra.<\/li>\n<li><strong>Folyad\u00e9kkompatibilit\u00e1s:<\/strong> Ellen\u0151rizze, hogy a rendszerben haszn\u00e1lt hidraulikafolyad\u00e9k kompatibilis-e a V60N sorozat\u00fa szivatty\u00faval. A folyad\u00e9kt\u00edpus, viszkozit\u00e1s \u00e9s h\u0151m\u00e9rs\u00e9klet-tartom\u00e1ny tekintet\u00e9ben tekintse meg a gy\u00e1rt\u00f3 aj\u00e1nl\u00e1sait. Rendszeresen ellen\u0151rizze \u00e9s tartsa karban a hidraulikafolyad\u00e9kot a szivatty\u00fa optim\u00e1lis m\u0171k\u00f6d\u00e9s\u00e9nek \u00e9s hossz\u00fa \u00e9lettartam\u00e1nak biztos\u00edt\u00e1sa \u00e9rdek\u00e9ben.<\/li>\n<li><strong>Szab\u00e1lyoz\u00e1s \u00e9s be\u00e1ll\u00edt\u00e1s:<\/strong> Ismerkedjen meg a V60N sorozat\u00fa szivatty\u00fa \u00e1ltal k\u00edn\u00e1lt vez\u00e9rl\u00e9si lehet\u0151s\u00e9gekkel. Az adott modellt\u0151l f\u00fcgg\u0151en k\u00fcl\u00f6nf\u00e9le vez\u00e9rl\u00e9si m\u00f3dszereket k\u00edn\u00e1lhat, p\u00e9ld\u00e1ul manu\u00e1lis, ar\u00e1nyos vagy elektronikus vez\u00e9rl\u00e9st. \u00c9rtse meg az aj\u00e1nlott vez\u00e9rl\u00e9si be\u00e1ll\u00edt\u00e1sokat, \u00e9s ennek megfelel\u0151en \u00e1ll\u00edtsa be azokat a szivatty\u00fa teljes\u00edtm\u00e9ny\u00e9nek optimaliz\u00e1l\u00e1sa \u00e9rdek\u00e9ben.<\/li>\n<li><strong>Rendszeroptimaliz\u00e1l\u00e1s:<\/strong> A V60N sorozat\u00fa szivatty\u00fa lehet\u0151v\u00e9 teszi a rendszer optimaliz\u00e1l\u00e1s\u00e1t az\u00e1ltal, hogy a szivatty\u00fa l\u00f6kett\u00e9rfogat\u00e1t a terhel\u00e9si k\u00f6vetelm\u00e9nyeknek megfelel\u0151en \u00e1ll\u00edtja be. Haszn\u00e1lja ki ezt a funkci\u00f3t az energiahat\u00e9konys\u00e1g \u00e9s a rendszer teljes\u00edtm\u00e9ny\u00e9nek maximaliz\u00e1l\u00e1sa \u00e9rdek\u00e9ben.<\/li>\n<\/ul>\n<h2><strong>Hogyan kell cser\u00e9lni a hidraulikus henger t\u00f6m\u00edt\u00e9seit?<\/strong><\/h2>\n<p>A hidraulikus henger t\u00f6m\u00edt\u00e9seinek cser\u00e9je fontos karbantart\u00e1si feladat, amely biztos\u00edtja a hidraulikus rendszerek megfelel\u0151 m\u0171k\u00f6d\u00e9s\u00e9t. \u00cdme egy l\u00e9p\u00e9sr\u0151l l\u00e9p\u00e9sre \u00fatmutat\u00f3 a hidraulikus henger t\u00f6m\u00edt\u00e9seinek cser\u00e9j\u00e9hez:<\/p>\n<ol>\n<li><strong>K\u00e9sz\u00edtm\u00e9ny:<\/strong>\n<ul>\n<li>Gy\u0171jtse \u00f6ssze a sz\u00fcks\u00e9ges szersz\u00e1mokat \u00e9s felszerel\u00e9seket, bele\u00e9rtve a t\u00f6m\u00edt\u00e9sk\u00e9szletet, a hidraulikaolajat, a v\u00e9d\u0151szem\u00fcveget, a keszty\u0171ket \u00e9s egy tiszta munkater\u00fcletet.<\/li>\n<li>Gy\u0151z\u0151dj\u00f6n meg arr\u00f3l, hogy a hidraulikus rendszer nyom\u00e1smentes\u00edtett. K\u00f6vesse a gy\u00e1rt\u00f3 utas\u00edt\u00e1sait a megfelel\u0151 nyom\u00e1smentes\u00edt\u00e9si \u00e9s kiz\u00e1r\u00e1si\/kijel\u00f6l\u00e9si elj\u00e1r\u00e1sokhoz.<\/li>\n<\/ul>\n<\/li>\n<li><strong>A henger elt\u00e1vol\u00edt\u00e1sa:<\/strong>\n<ul>\n<li>V\u00e1lasszon le minden, a hengerhez csatlakoztatott hidraulikus t\u00f6ml\u0151t vagy szerelv\u00e9nyt.<\/li>\n<li>T\u00e1vol\u00edtsa el a hengert r\u00f6gz\u00edt\u0151 r\u00f6gz\u00edt\u0151csavarokat vagy csapokat.<\/li>\n<li>\u00d3vatosan h\u00fazza ki a hengert a h\u00e1z\u00e1b\u00f3l vagy a r\u00f6gz\u00edt\u00e9si hely\u00e9r\u0151l.<\/li>\n<\/ul>\n<\/li>\n<li><strong>A henger sz\u00e9tszerel\u00e9se:<\/strong>\n<ul>\n<li>Helyezze a hengert egy tiszta munkafel\u00fcletre, \u00e9s t\u00e1vol\u00edtsa el a k\u00fcls\u0151 alkatr\u00e9szeket, p\u00e9ld\u00e1ul a r\u00fadv\u00e9d\u0151ket vagy az ablakt\u00f6rl\u0151ket.<\/li>\n<li>\u00d3vatosan szerelje sz\u00e9t a hengert a v\u00e9gsapka vagy a t\u00f6mszelence elt\u00e1vol\u00edt\u00e1s\u00e1val a hengertestr\u0151l vagy -cs\u0151r\u0151l. Haszn\u00e1ljon megfelel\u0151 szersz\u00e1mokat, p\u00e9ld\u00e1ul vill\u00e1skulcsot vagy vill\u00e1skulcsot a r\u00f6gz\u00edt\u0151csavarok vagy any\u00e1k meglaz\u00edt\u00e1s\u00e1hoz \u00e9s elt\u00e1vol\u00edt\u00e1s\u00e1hoz.<\/li>\n<li>Miut\u00e1n a v\u00e9gsapk\u00e1t vagy a t\u00f6mszelenc\u00e9t elt\u00e1vol\u00edtott\u00e1k, a dugatty\u00fa, a r\u00fad \u00e9s a t\u00f6m\u00edt\u00e9sek hozz\u00e1f\u00e9rhet\u0151v\u00e9 v\u00e1lnak.<\/li>\n<\/ul>\n<\/li>\n<li><strong>T\u00e1vol\u00edtsa el a r\u00e9gi pecs\u00e9teket:<\/strong>\n<ul>\n<li>Vizsg\u00e1lja meg a dugatty\u00fat, a rudat \u00e9s a hengertestet s\u00e9r\u00fcl\u00e9s vagy kop\u00e1s jelei szempontj\u00e1b\u00f3l.<\/li>\n<li>\u00d3vatosan t\u00e1vol\u00edtsa el a r\u00e9gi t\u00f6m\u00edt\u00e9seket t\u00f6m\u00edt\u00e9selt\u00e1vol\u00edt\u00f3 szersz\u00e1mok vagy cs\u00e1k\u00e1nyok seg\u00edts\u00e9g\u00e9vel. \u00dcgyeljen a t\u00f6m\u00edt\u00e9sek elrendez\u00e9s\u00e9re \u00e9s t\u00e1jol\u00e1s\u00e1ra az \u00faj t\u00f6m\u00edt\u00e9sek megfelel\u0151 beszerel\u00e9se \u00e9rdek\u00e9ben.<\/li>\n<\/ul>\n<\/li>\n<li><strong>Tiszt\u00edt\u00e1s \u00e9s el\u0151k\u00e9sz\u00edt\u00e9s:<\/strong>\n<ul>\n<li>Alaposan tiszt\u00edtsa meg a henger alkatr\u00e9szeit megfelel\u0151 old\u00f3szerrel a szennyez\u0151d\u00e9sek, t\u00f6rmel\u00e9kek \u00e9s r\u00e9gi t\u00f6m\u00edt\u00e9smaradv\u00e1nyok elt\u00e1vol\u00edt\u00e1s\u00e1hoz. A folytat\u00e1s el\u0151tt gy\u0151z\u0151dj\u00f6n meg arr\u00f3l, hogy minden fel\u00fclet tiszta \u00e9s sz\u00e1raz.<\/li>\n<\/ul>\n<\/li>\n<li><strong>Az \u00faj t\u00f6m\u00edt\u00e9sek beszerel\u00e9se:<\/strong>\n<ul>\n<li>A t\u00f6m\u00edt\u00e9s megfelel\u0151 beszerel\u00e9s\u00e9hez l\u00e1sd a gy\u00e1rt\u00f3 utas\u00edt\u00e1sait \u00e9s a t\u00f6m\u00edt\u00e9sk\u00e9szletet. Kenje meg az \u00faj t\u00f6m\u00edt\u00e9seket hidraulikaolajjal vagy az aj\u00e1nlott t\u00f6m\u00edt\u00e9sken\u0151anyaggal.<\/li>\n<li>\u00d3vatosan szerelje fel az \u00faj t\u00f6m\u00edt\u00e9seket a dugatty\u00fara, a r\u00fadra \u00e9s a hengerh\u00fcvelyre, \u00fcgyelve arra, hogy azok megfelel\u0151en illeszkedjenek \u00e9s a t\u00f6m\u00edt\u00e9s elrendez\u00e9s\u00e9nek \u00e9s t\u00e1jol\u00e1s\u00e1nak megfelel\u0151en legyenek be\u00e1ll\u00edtva.<\/li>\n<\/ul>\n<\/li>\n<li><strong>A henger \u00f6sszeszerel\u00e9se:<\/strong>\n<ul>\n<li>A henger \u00f6sszeszerel\u00e9se a sz\u00e9tszerel\u00e9ssel ford\u00edtott sorrendben t\u00f6rt\u00e9nik. El\u0151sz\u00f6r r\u00f6gz\u00edtse a v\u00e9gz\u00e1r\u00f3 kupakot vagy a t\u00f6mszelenc\u00e9t a hengertesthez vagy -cs\u0151h\u00f6z, \u00e9s h\u00fazza meg a r\u00f6gz\u00edt\u0151csavarokat vagy -any\u00e1kat a megadott nyomat\u00e9kkal.<\/li>\n<li>Gy\u0151z\u0151dj\u00f6n meg arr\u00f3l, hogy minden alkatr\u00e9sz, bele\u00e9rtve a t\u00f6m\u00edt\u00e9seket is, megfelel\u0151en van illesztve \u00e9s t\u00f6k\u00e9letesen elhelyezve.<\/li>\n<li>Szerelje vissza a k\u00fcls\u0151 alkatr\u00e9szeket, p\u00e9ld\u00e1ul a r\u00fadv\u00e9d\u0151ket vagy az ablakt\u00f6rl\u0151ket.<\/li>\n<\/ul>\n<\/li>\n<li><strong>A henger beszerel\u00e9se:<\/strong>\n<ul>\n<li>\u00d3vatosan helyezze vissza az \u00f6sszeszerelt hengert a h\u00e1z\u00e1ba vagy a szerel\u00e9si hely\u00e9re.<\/li>\n<li>R\u00f6gz\u00edtse a hengert a r\u00f6gz\u00edt\u0151csavarok vagy csapok visszahelyez\u00e9s\u00e9vel \u00e9s a megadott nyomat\u00e9kkal val\u00f3 megh\u00faz\u00e1s\u00e1val.<\/li>\n<li>Csatlakoztassa \u00fajra a hidraulikus t\u00f6ml\u0151ket vagy szerelv\u00e9nyeket a hengerhez, \u00fcgyelve a megfelel\u0151 megh\u00faz\u00e1sra \u00e9s be\u00e1ll\u00edt\u00e1sra.<\/li>\n<\/ul>\n<\/li>\n<li><strong>Sziv\u00e1rg\u00e1sok ellen\u0151rz\u00e9se \u00e9s tesztel\u00e9se:<\/strong>\n<ul>\n<li>T\u00f6ltse fel a hidraulikarendszert az aj\u00e1nlott hidraulikaolajjal a megfelel\u0151 szintig.<\/li>\n<li>Lassan nyom\u00e1s al\u00e1 helyezz\u00fck a rendszert, \u00e9s ellen\u0151rizz\u00fck, hogy nincs-e sziv\u00e1rg\u00e1s az \u00fajonnan cser\u00e9lt t\u00f6m\u00edt\u00e9sek k\u00f6r\u00fcl.<\/li>\n<li>A t\u00f6m\u00edt\u00e9s megfelel\u0151 m\u0171k\u00f6d\u00e9s\u00e9nek \u00e9s a rendszer teljes\u00edtm\u00e9ny\u00e9nek biztos\u00edt\u00e1sa \u00e9rdek\u00e9ben a hidraulikus rendszert teljes mozg\u00e1startom\u00e1ny\u00e1ban m\u0171k\u00f6dtesse.<\/li>\n<\/ul>\n<\/li>\n<\/ol>\n<h2><strong>A gy\u00e1r kapacit\u00e1sa \u00e9s kapacit\u00e1sa:<\/strong><\/h2>\n<h3>(1) \u00d6sszeszerel\u00e9s<\/h3>\n<p>Els\u0151 oszt\u00e1ly\u00fa f\u00fcggetlen kutat\u00e1si \u00e9s fejleszt\u00e9si \u00f6sszeszerel\u00e9si platformmal rendelkez\u00fcnk. A hidraulikus hengergy\u00e1rt\u00f3 m\u0171hely n\u00e9gy f\u00e9lautomata emel\u0151henger-\u00f6sszeszerel\u0151 sorral \u00e9s egy automata billen\u0151henger-\u00f6sszeszerel\u0151 sorral rendelkezik, tervezett \u00e9ves gy\u00e1rt\u00e1si kapacit\u00e1sa 1 milli\u00f3 darab. A speci\u00e1lis henger m\u0171hely k\u00fcl\u00f6nb\u00f6z\u0151 specifik\u00e1ci\u00f3j\u00fa f\u00e9lautomata tiszt\u00edt\u00f3 \u00f6sszeszerel\u0151 rendszerrel van felszerelve, amelynek tervezett \u00e9ves termel\u00e9si kapacit\u00e1sa 200.000, \u00e9s h\u00edres CNC megmunk\u00e1l\u00f3 berendez\u00e9ssel, megmunk\u00e1l\u00f3 k\u00f6zponttal, nagy pontoss\u00e1g\u00fa hengerfeldolgoz\u00f3 speci\u00e1lis berendez\u00e9ssel, robothegeszt\u0151 g\u00e9ppel, automatikus tiszt\u00edt\u00f3g\u00e9ppel, automatikus henger \u00f6sszeszerel\u0151 g\u00e9ppel \u00e9s automatikus fest\u00e9si gy\u00e1rt\u00f3sorral van felszerelve. A megl\u00e9v\u0151 kritikus berendez\u00e9sek t\u00f6bb mint 300 k\u00e9szlet (k\u00e9szlet). A berendez\u00e9sek er\u0151forr\u00e1sainak optim\u00e1lis eloszt\u00e1sa \u00e9s hat\u00e9kony felhaszn\u00e1l\u00e1sa biztos\u00edtja a term\u00e9kek pontoss\u00e1gi k\u00f6vetelm\u00e9nyeit \u00e9s megfelel a term\u00e9kek min\u0151s\u00e9gi ig\u00e9nyeinek.<\/p>\n<p><img loading=\"lazy\" decoding=\"async\" class=\"alignnone wp-image-626\" src=\"https:\/\/hydraulic-cylinders.net\/wp-content\/uploads\/2023\/08\/hydraulic-cylinder-product-1-300x158.webp\" alt=\"\" width=\"495\" height=\"260\" srcset=\"https:\/\/hydraulic-cylinders.net\/wp-content\/uploads\/2023\/08\/hydraulic-cylinder-product-1-300x158.webp 495w, https:\/\/hydraulic-cylinders.net\/wp-content\/uploads\/2023\/08\/hydraulic-cylinder-product-1-480x252.webp 480w\" sizes=\"(min-width: 0px) and (max-width: 480px) 480px, (min-width: 481px) 495px, 100vw\" \/> <img loading=\"lazy\" decoding=\"async\" class=\"alignnone wp-image-627\" src=\"https:\/\/hydraulic-cylinders.net\/wp-content\/uploads\/2023\/08\/hydraulic-cylinder-product-2-300x189.webp\" alt=\"\" width=\"413\" height=\"260\" \/><\/p>\n<h3>(2) Megmunk\u00e1l\u00e1s<\/h3>\n<p>A megmunk\u00e1l\u00f3m\u0171hely egyedi, ferde s\u00edneszterg\u00e1l\u00f3 k\u00f6zponttal, megmunk\u00e1l\u00f3k\u00f6zponttal, nagysebess\u00e9g\u0171 h\u00f3nol\u00f3g\u00e9ppel, hegeszt\u0151robottal \u00e9s egy\u00e9b kapcsol\u00f3d\u00f3 berendez\u00e9sekkel van felszerelve, amelyek legfeljebb 400 mm bels\u0151 \u00e1tm\u00e9r\u0151j\u0171 \u00e9s legfeljebb 6 m\u00e9ter hossz\u00fa hengercs\u00f6vek megmunk\u00e1l\u00e1s\u00e1ra k\u00e9pesek.<\/p>\n<p><img loading=\"lazy\" decoding=\"async\" class=\"alignnone wp-image-628 size-large\" src=\"https:\/\/hydraulic-cylinders.net\/wp-content\/uploads\/2023\/08\/hydraulic-cylinder-product-3-1024x391.webp\" alt=\"\" width=\"1024\" height=\"391\" srcset=\"https:\/\/hydraulic-cylinders.net\/wp-content\/uploads\/2023\/08\/hydraulic-cylinder-product-3-980x374.webp 980w, https:\/\/hydraulic-cylinders.net\/wp-content\/uploads\/2023\/08\/hydraulic-cylinder-product-3-480x183.webp 480w\" sizes=\"(min-width: 0px) and (max-width: 480px) 480px, (min-width: 481px) and (max-width: 980px) 980px, (min-width: 981px) 1024px, 100vw\" \/><\/p>\n<h3>(3) Hegeszt\u00e9s<\/h3>\n<p><img loading=\"lazy\" decoding=\"async\" class=\"alignnone wp-image-629 size-large\" src=\"https:\/\/hydraulic-cylinders.net\/wp-content\/uploads\/2023\/08\/hydraulic-cylinder-product-4-1024x510.webp\" alt=\"\" width=\"1024\" height=\"510\" srcset=\"https:\/\/hydraulic-cylinders.net\/wp-content\/uploads\/2023\/08\/hydraulic-cylinder-product-4-980x488.webp 980w, https:\/\/hydraulic-cylinders.net\/wp-content\/uploads\/2023\/08\/hydraulic-cylinder-product-4-480x239.webp 480w\" sizes=\"(min-width: 0px) and (max-width: 480px) 480px, (min-width: 481px) and (max-width: 980px) 980px, (min-width: 981px) 1024px, 100vw\" \/><\/p>\n<h3>(4) Fest\u00e9s \u00e9s bevonatol\u00e1s<\/h3>\n<p>Kis \u00e9s k\u00f6zepes m\u00e9ret\u0171 hengeres automatikus v\u00edzb\u00e1zis\u00fa fest\u00e9kbevon\u00f3 sorokkal, az automatikus robot be- \u00e9s kirakod\u00e1s, valamint az automatikus permetez\u00e9s megval\u00f3s\u00edt\u00e1s\u00e1hoz, a tervez\u00e9si kapacit\u00e1s m\u0171szakonk\u00e9nt 4000 darab;<br \/>\nRendelkez\u00fcnk egy f\u00e9lautomata fest\u00e9kgy\u00e1rt\u00f3sorral is nagym\u00e9ret\u0171 palackokhoz, amelyet egy er\u0151\u00e1tviteli l\u00e1nc hajt, m\u0171szakonk\u00e9nt 60 doboz tervez\u00e9si kapacit\u00e1ssal.<\/p>\n<p><img loading=\"lazy\" decoding=\"async\" class=\"alignnone wp-image-630\" src=\"https:\/\/hydraulic-cylinders.net\/wp-content\/uploads\/2023\/08\/hydraulic-cylinder-product-5-300x213.webp\" alt=\"\" width=\"366\" height=\"260\" \/> <img loading=\"lazy\" decoding=\"async\" class=\"alignnone wp-image-631\" src=\"https:\/\/hydraulic-cylinders.net\/wp-content\/uploads\/2023\/08\/hydraulic-cylinder-product-6-300x225.webp\" alt=\"\" width=\"347\" height=\"260\" \/><\/p>\n<h3>(5) Tesztel\u00e9s<\/h3>\n<p>Els\u0151 oszt\u00e1ly\u00fa ellen\u0151rz\u0151 l\u00e9tes\u00edtm\u00e9nyekkel \u00e9s tesztpadokkal rendelkez\u00fcnk annak biztos\u00edt\u00e1s\u00e1ra, hogy a palack teljes\u00edtm\u00e9nye megfeleljen a k\u00f6vetelm\u00e9nyeknek.<\/p>\n<p><img loading=\"lazy\" decoding=\"async\" class=\"alignnone wp-image-632\" src=\"https:\/\/hydraulic-cylinders.net\/wp-content\/uploads\/2023\/08\/hydraulic-cylinder-product-8-300x200.webp\" alt=\"\" width=\"389\" height=\"260\" \/><\/p>\n<p>&nbsp;<\/p>\n<p>&nbsp;<\/p>\n<p>Mi vagyunk az egyik legjobb hidraulikus henger gy\u00e1rt\u00f3. \u00c1tfog\u00f3 hidraulikus hengereket k\u00edn\u00e1lunk. Megfelel\u0151 szolg\u00e1ltat\u00e1sokat is biztos\u00edtunk. <a href=\"https:\/\/hzpt.com\/agricultural-pto-gearbox\/\" target=\"_blank\" rel=\"noopener\">mez\u0151gazdas\u00e1gi sebess\u00e9gv\u00e1lt\u00f3k<\/a>Term\u00e9keinket vil\u00e1gszerte export\u00e1ltuk \u00fcgyfeleinknek, \u00e9s kiv\u00e1l\u00f3 term\u00e9kmin\u0151s\u00e9g\u00fcnknek \u00e9s \u00e9rt\u00e9kes\u00edt\u00e9s ut\u00e1ni szolg\u00e1ltat\u00e1sunknak k\u00f6sz\u00f6nhet\u0151en j\u00f3 h\u00edrnevet szerezt\u00fcnk. Szeretettel v\u00e1rjuk belf\u00f6ldi \u00e9s k\u00fclf\u00f6ldi \u00fcgyfeleinket, hogy \u00fczleti t\u00e1rgyal\u00e1sok, inform\u00e1ci\u00f3csere \u00e9s egy\u00e9b lehet\u0151s\u00e9gek c\u00e9lj\u00e1b\u00f3l kapcsolatba l\u00e9pjenek vel\u00fcnk. <a href=\"https:\/\/www.hydraulic-cylinders.net\/hu\/contact-us\/\">egy\u00fcttm\u0171k\u00f6dni vel\u00fcnk<\/a>!<\/p>\n<p>&nbsp;<\/p>","protected":false},"excerpt":{"rendered":"<p>V60N Series Axial Piston Variable Displacement Hydraulic Pump The V60N series axial piston variable displacement hydraulic pump is a remarkable innovation designed to elevate the performance and efficiency of hydraulic systems. With its cutting-edge features, precise control, and robust construction, this hydraulic pump sets new benchmarks in the industry. The V60N series axial piston variable [&hellip;]<\/p>","protected":false},"featured_media":1982,"comment_status":"open","ping_status":"closed","template":"","meta":{"_et_pb_use_builder":"","_et_pb_old_content":"","_et_gb_content_width":""},"product_brand":[],"product_cat":[1425],"product_tag":[1426],"class_list":{"0":"post-1966","1":"product","2":"type-product","3":"status-publish","4":"has-post-thumbnail","6":"product_cat-piston-pump","7":"product_tag-hydraulic-pump","9":"first","10":"instock","11":"shipping-taxable","12":"product-type-simple"},"amp_enabled":true,"_links":{"self":[{"href":"https:\/\/www.hydraulic-cylinders.net\/hu\/wp-json\/wp\/v2\/product\/1966","targetHints":{"allow":["GET"]}}],"collection":[{"href":"https:\/\/www.hydraulic-cylinders.net\/hu\/wp-json\/wp\/v2\/product"}],"about":[{"href":"https:\/\/www.hydraulic-cylinders.net\/hu\/wp-json\/wp\/v2\/types\/product"}],"replies":[{"embeddable":true,"href":"https:\/\/www.hydraulic-cylinders.net\/hu\/wp-json\/wp\/v2\/comments?post=1966"}],"wp:featuredmedia":[{"embeddable":true,"href":"https:\/\/www.hydraulic-cylinders.net\/hu\/wp-json\/wp\/v2\/media\/1982"}],"wp:attachment":[{"href":"https:\/\/www.hydraulic-cylinders.net\/hu\/wp-json\/wp\/v2\/media?parent=1966"}],"wp:term":[{"taxonomy":"product_brand","embeddable":true,"href":"https:\/\/www.hydraulic-cylinders.net\/hu\/wp-json\/wp\/v2\/product_brand?post=1966"},{"taxonomy":"product_cat","embeddable":true,"href":"https:\/\/www.hydraulic-cylinders.net\/hu\/wp-json\/wp\/v2\/product_cat?post=1966"},{"taxonomy":"product_tag","embeddable":true,"href":"https:\/\/www.hydraulic-cylinders.net\/hu\/wp-json\/wp\/v2\/product_tag?post=1966"}],"curies":[{"name":"munkaf\u00fczet","href":"https:\/\/api.w.org\/{rel}","templated":true}]}}