{"id":19661,"date":"2025-04-07T07:00:20","date_gmt":"2025-04-07T07:00:20","guid":{"rendered":"https:\/\/www.hydraulic-cylinders.net\/product\/boom-cylinder-for-bonny-wzt46-7-45-7\/"},"modified":"2025-04-07T07:00:22","modified_gmt":"2025-04-07T07:00:22","slug":"boom-cylinder-for-bonny-wzt46-7-45-7","status":"publish","type":"product","link":"https:\/\/www.hydraulic-cylinders.net\/hu\/termek\/boom-cylinder-for-bonny-wzt46-7-45-7\/","title":{"rendered":"G\u00e9mhenger Bonny WZT46-7\/45-7-hez"},"content":{"rendered":"<h1>G\u00e9mhenger Bonny WZT46-7\/45-7-hez<\/h1>\n<h2>Bevezet\u00e9s a g\u00e9mhengerekbe<\/h2>\n<p>A g\u00e9mhenger egy olyan hidraulikus henger, amelyet kifejezetten a k\u00fcl\u00f6nf\u00e9le neh\u00e9zg\u00e9pek, p\u00e9ld\u00e1ul kotr\u00f3g\u00e9pek, kotr\u00f3rakod\u00f3k \u00e9s homlokrakod\u00f3k kanalainak mozg\u00e1s\u00e1nak vez\u00e9rl\u00e9s\u00e9re terveztek. Ezek a hengerek lehet\u0151v\u00e9 teszik a kan\u00e1l emel\u00e9s\u00e9t, s\u00fcllyeszt\u00e9s\u00e9t \u00e9s billent\u00e9s\u00e9t, megk\u00f6nny\u00edtve az anyagmozgat\u00e1si feladatokat. A g\u00e9mhenger kulcsszerepet j\u00e1tszik a hidraulikus rendszerekben, mivel biztos\u00edtja a sz\u00fcks\u00e9ges teljes\u00edtm\u00e9nyt \u00e9s pontoss\u00e1got az \u00e9p\u00edt\u0151ipari \u00e9s mez\u0151gazdas\u00e1gi alkalmaz\u00e1sok hat\u00e9kony m\u0171k\u00f6d\u00e9s\u00e9hez.<\/p>\n<p><img decoding=\"async\" src=\"https:\/\/www.hydraulic-cylinders.net\/wp-content\/uploads\/2025\/04\/songte-company-1.webp\" alt=\"G\u00e9mhenger\" \/><\/p>\n<h2>A g\u00e9mhenger jellemz\u0151i<\/h2>\n<ul>\n<li>\n<h3>Nagy szil\u00e1rds\u00e1g \u00e9s tart\u00f3ss\u00e1g<\/h3>\n<p>Nagy szil\u00e1rds\u00e1g\u00fa ac\u00e9lb\u00f3l vagy alum\u00edniumb\u00f3l k\u00e9sz\u00fcltek, ezek a palackok ellen\u00e1llnak a nagy nyom\u00e1snak \u00e9s a nagy terhel\u00e9seknek, \u00edgy alkalmasak zord munkak\u00f6rnyezetben val\u00f3 haszn\u00e1latra. Kop\u00e1s\u00e1ll\u00f3s\u00e1got \u00e9s korr\u00f3zi\u00f3\u00e1ll\u00f3s\u00e1got szem el\u0151tt tartva tervezt\u00e9k \u0151ket, meghosszabb\u00edtva \u00e9lettartamukat.<\/p>\n<\/li>\n<li>\n<h3>Hat\u00e9kony hidraulikus m\u0171k\u00f6dtet\u00e9s<\/h3>\n<p>A hidraulikaolaj-nyom\u00e1s kihaszn\u00e1l\u00e1s\u00e1val a g\u00e9mhengerek sima kitol\u00e1si \u00e9s visszah\u00faz\u00e1si mozg\u00e1sokat \u00e9rnek el, gyorsan reag\u00e1lnak a vez\u00e9rl\u0151parancsokra, \u00e9s er\u0151s h\u00faz\u00f3-nyom\u00f3 er\u0151t biztos\u00edtanak, ami ide\u00e1lis neh\u00e9z t\u00e1rgyak \u00e9s \u00f6sszetett feladatok kezel\u00e9s\u00e9hez.<\/p>\n<\/li>\n<li>\n<h3>K\u00fcl\u00f6nb\u00f6z\u0151 t\u00edpusok<\/h3>\n<p>Egyszeres m\u0171k\u00f6d\u00e9s\u0171 (egy ir\u00e1nyban m\u0171k\u00f6d\u0151) vagy kett\u0151s m\u0171k\u00f6d\u00e9s\u0171 (mindk\u00e9t ir\u00e1nyban m\u0171k\u00f6d\u0151) konfigur\u00e1ci\u00f3ban kaphat\u00f3 a k\u00fcl\u00f6nb\u00f6z\u0151 m\u0171k\u00f6d\u00e9si ig\u00e9nyek kiel\u00e9g\u00edt\u00e9s\u00e9re; egyes modellek teleszk\u00f3posak, \u00edgy nagyobb kiny\u00fal\u00e1st tesznek lehet\u0151v\u00e9 a k\u00fcls\u0151 m\u00e9retek n\u00f6vel\u00e9se n\u00e9lk\u00fcl, \u00edgy t\u00f6k\u00e9letesek a korl\u00e1tozott helyig\u00e9ny\u0171 alkalmaz\u00e1sokhoz.<\/p>\n<\/li>\n<\/ul>\n<p>Term\u00e9keink t\u00f6k\u00e9letesen helyettes\u00edthetik ezeket a hidraulikus hengereket.<\/p>\n<p><img decoding=\"async\" src=\"https:\/\/www.hydraulic-cylinders.net\/wp-content\/uploads\/2025\/04\/songte-cylinder-head-with-all-kinds-excavator-models.webp\" alt=\"Kotr\u00f3g\u00e9p modellek\" \/><\/p>\n<h2>A g\u00e9mhengerek alkalmaz\u00e1sai<\/h2>\n<ul>\n<li>\n<h3>\u00c9p\u00edt\u0151ipari berendez\u00e9sek<\/h3>\n<p>A kotr\u00f3g\u00e9pekben a g\u00e9mhengerek kulcsfontoss\u00e1g\u00faak az \u00e1s\u00e1shoz, a rakod\u00e1shoz \u00e9s a f\u00f6ld vagy t\u00f6rmel\u00e9k mozgat\u00e1s\u00e1hoz. Ezek biztos\u00edtj\u00e1k a sz\u00fcks\u00e9ges er\u0151t a talajba val\u00f3 behatol\u00e1shoz \u00e9s az anyagok hat\u00e9kony emel\u00e9s\u00e9hez. A kotr\u00f3g\u00e9p-rakod\u00f3kban mind az \u00e1s\u00e1si, mind az emel\u00e9si m\u0171veletekben seg\u00edtenek, \u00edgy sokoldal\u00faan haszn\u00e1lhat\u00f3k az \u00e9p\u00edt\u00e9si feladatokban.<\/p>\n<\/li>\n<li>\n<h3>Mez\u0151gazdas\u00e1gi g\u00e9pek<\/h3>\n<p>Homlokrakod\u00f3kban haszn\u00e1lj\u00e1k ezeket a munkahengereket, amelyek megk\u00f6nny\u00edtik a talaj, sz\u00e9na \u00e9s egy\u00e9b anyagok \u00e1s\u00e1s\u00e1t, emel\u00e9s\u00e9t \u00e9s sz\u00e1ll\u00edt\u00e1s\u00e1t. A g\u00e9mhenger nagy emel\u0151k\u00e9pess\u00e9ge biztos\u00edtja a mez\u0151gazdas\u00e1gi feladatok z\u00f6kken\u0151mentes \u00e9s hat\u00e9kony v\u00e9grehajt\u00e1s\u00e1t.<\/p>\n<\/li>\n<\/ul>\n<h2>Tervez\u00e9si szempontok \u00e9s kiv\u00e1laszt\u00e1si krit\u00e9riumok<\/h2>\n<ul>\n<li>\n<h3>Teherb\u00edr\u00e1s<\/h3>\n<p>L\u00e9tfontoss\u00e1g\u00fa olyan g\u00e9mhengert v\u00e1lasztani, amely k\u00e9pes kezelni a haszn\u00e1lni k\u00edv\u00e1nt g\u00e9p konkr\u00e9t terhel\u00e9si k\u00f6vetelm\u00e9nyeit. A henger teherb\u00edr\u00e1s\u00e1t k\u00fcl\u00f6nb\u00f6z\u0151 k\u00f6r\u00fclm\u00e9nyek k\u00f6z\u00f6tt kell tesztelni, hogy biztos\u00edthat\u00f3 legyen az \u00fczemi ig\u00e9nyek kiel\u00e9g\u00edt\u00e9se.<\/p>\n<\/li>\n<li>\n<h3>T\u00f6m\u00edt\u00e9si teljes\u00edtm\u00e9ny<\/h3>\n<p>A hat\u00e9kony t\u00f6m\u00edt\u00e9s elengedhetetlen a hidraulikafolyad\u00e9k sziv\u00e1rg\u00e1s\u00e1nak megakad\u00e1lyoz\u00e1s\u00e1hoz, amely vesz\u00e9lyeztetheti a henger hat\u00e9konys\u00e1g\u00e1t \u00e9s biztons\u00e1g\u00e1t. A nyom\u00e1s alatti integrit\u00e1s meg\u0151rz\u00e9se \u00e9rdek\u00e9ben kiv\u00e1l\u00f3 min\u0151s\u00e9g\u0171 t\u00f6m\u00edt\u0151anyagokat \u00e9s kialak\u00edt\u00e1sokat kell haszn\u00e1lni.<\/p>\n<\/li>\n<li>\n<h3>Tart\u00f3ss\u00e1g<\/h3>\n<p>A kop\u00e1snak \u00e9s korr\u00f3zi\u00f3nak ellen\u00e1ll\u00f3 anyagok kiv\u00e1laszt\u00e1sa meghosszabb\u00edtja a henger \u00e9lettartam\u00e1t. A henger \u00e1llapot\u00e1nak rendszeres felm\u00e9r\u00e9se seg\u00edthet a potenci\u00e1lis probl\u00e9m\u00e1k azonos\u00edt\u00e1s\u00e1ban, miel\u0151tt azok meghib\u00e1sod\u00e1shoz vezetn\u00e9nek.<\/p>\n<\/li>\n<li>\n<h3>Biztons\u00e1gi funkci\u00f3k<\/h3>\n<p>A t\u00falterhel\u00e9s elleni v\u00e9delemhez \u00e9s a v\u00e9szkiold\u00f3 mechanizmusokhoz hasonl\u00f3 biztons\u00e1gi funkci\u00f3k fokozz\u00e1k az \u00fczembiztons\u00e1got. Az \u00fczemeltet\u0151knek gondoskodniuk kell ezeknek a funkci\u00f3knak a m\u0171k\u00f6d\u0151k\u00e9pess\u00e9g\u00e9r\u0151l \u00e9s rendszeres karbantart\u00e1s\u00e1r\u00f3l.<\/p>\n<\/li>\n<li>\n<h3>Karbantart\u00e1si hozz\u00e1f\u00e9rhet\u0151s\u00e9g<\/h3>\n<p>A hengerek k\u00f6nny\u0171 karbantart\u00e1s\u00e1nak megtervez\u00e9se, bele\u00e9rtve a ken\u00e9st \u00e9s a t\u00f6m\u00edt\u00e9sek cser\u00e9j\u00e9t, biztos\u00edtja, hogy azok minim\u00e1lis \u00e1ll\u00e1sid\u0151vel m\u0171k\u00f6d\u0151k\u00e9pesek maradjanak. Ez mag\u00e1ban foglalja a szervizel\u00e9shez sz\u00fcks\u00e9ges hozz\u00e1f\u00e9r\u00e9si pontok figyelembev\u00e9tel\u00e9t is.<\/p>\n<\/li>\n<\/ul>\n<p><img decoding=\"async\" src=\"https:\/\/www.hydraulic-cylinders.net\/wp-content\/uploads\/2025\/04\/songte-oil-pipes-and-spare-parts.webp\" alt=\"Olajcs\u00f6vek \u00e9s alkatr\u00e9szek\" \/><\/p>\n<h2>T\u00f6m\u00edt\u00e9s \u00e9s ken\u00e9s<\/h2>\n<p>A hidraulikus hat\u00e9konys\u00e1g fenntart\u00e1s\u00e1hoz elengedhetetlen a k\u00fcl\u00f6nf\u00e9le t\u00f6m\u00edt\u0151elemek, p\u00e9ld\u00e1ul dugatty\u00fat\u00f6m\u00edt\u00e9sek \u00e9s r\u00fadt\u00f6m\u00edt\u00e9sek haszn\u00e1lata. A poliuret\u00e1nb\u00f3l \u00e9s nitrilgumib\u00f3l k\u00e9sz\u00fclt t\u00f6m\u00edt\u00e9sek tart\u00f3ss\u00e1got biztos\u00edtanak a kop\u00e1ssal szemben. A hengertestet \u00e9s a menetes v\u00e9geket finom megmunk\u00e1l\u00e1snak kell al\u00e1vetni a kop\u00e1s\u00e1ll\u00f3s\u00e1g fokoz\u00e1sa \u00e9rdek\u00e9ben. A rendszeres hidraulikaolajjal val\u00f3 ken\u00e9s sz\u00fcks\u00e9ges a z\u00f6kken\u0151mentes m\u0171k\u00f6d\u00e9s fenntart\u00e1s\u00e1hoz \u00e9s az id\u0151 el\u0151tti kop\u00e1s megel\u0151z\u00e9s\u00e9hez.<\/p>\n<h2>Megel\u0151z\u0151 karbantart\u00e1si int\u00e9zked\u00e9sek<\/h2>\n<ul>\n<li>\n<h3>Rendszeres ellen\u0151rz\u00e9sek<\/h3>\n<p>A g\u00e9mhenger rendszeres ellen\u0151rz\u00e9se seg\u00edt a kop\u00e1si mint\u00e1k, sziv\u00e1rg\u00e1sok vagy egy\u00e9b potenci\u00e1lis probl\u00e9m\u00e1k azonos\u00edt\u00e1s\u00e1ban, miel\u0151tt azok jelent\u0151s probl\u00e9m\u00e1kk\u00e1 fajuln\u00e1nak. A kezel\u0151knek dokument\u00e1lniuk kell ezeket az ellen\u0151rz\u00e9seket k\u00e9s\u0151bbi felhaszn\u00e1l\u00e1s c\u00e9lj\u00e1b\u00f3l.<\/p>\n<\/li>\n<li>\n<h3>Megfelel\u0151 ken\u00e9s<\/h3>\n<p>A megfelel\u0151 \u00e9s id\u0151ben t\u00f6rt\u00e9n\u0151 ken\u00e9s kritikus fontoss\u00e1g\u00fa a g\u00e9mhenger teljes\u00edtm\u00e9nye szempontj\u00e1b\u00f3l. A kezel\u0151knek a hat\u00e9konys\u00e1g maximaliz\u00e1l\u00e1sa \u00e9rdek\u00e9ben be kell tartaniuk a gy\u00e1rt\u00f3 ken\u00e9si id\u0151k\u00f6z\u00f6kre \u00e9s m\u00f3dszerekre vonatkoz\u00f3 ir\u00e1nyelveit.<\/p>\n<\/li>\n<li>\n<h3>T\u00f6m\u00edt\u00e9s csere<\/h3>\n<p>A t\u00f6m\u00edt\u00e9sek rendszeres ellen\u0151rz\u00e9se \u00e9s cser\u00e9je elengedhetetlen a hidraulikafolyad\u00e9k sziv\u00e1rg\u00e1s\u00e1nak megel\u0151z\u00e9se \u00e9rdek\u00e9ben. A kezel\u0151knek ismerkedni\u00fck kell a t\u00f6m\u00edt\u00e9sek roml\u00e1s\u00e1nak jeleivel, p\u00e9ld\u00e1ul a cs\u00f6kkent teljes\u00edtm\u00e9nygel vagy a l\u00e1that\u00f3 sziv\u00e1rg\u00e1sokkal.<\/p>\n<\/li>\n<\/ul>\n<h2>Telep\u00edt\u00e9si \u00fatmutat\u00f3<\/h2>\n<p>G\u00e9mhenger telep\u00edt\u00e9sekor elengedhetetlen a k\u00f6vetkez\u0151 l\u00e9p\u00e9sek betart\u00e1sa: El\u0151sz\u00f6r is, gy\u0151z\u0151dj\u00f6n meg arr\u00f3l, hogy a munkater\u00fclet tiszta \u00e9s t\u00f6rmel\u00e9kmentes. Igaz\u00edtsa megfelel\u0151en a hengert a g\u00e9p r\u00f6gz\u00edt\u00e9si pontjaihoz, a megfelel\u0151 r\u00f6gz\u00edt\u0151konzolok seg\u00edts\u00e9g\u00e9vel r\u00f6gz\u00edtve. \u00d3vatosan h\u00fazza meg a csavarokat a gy\u00e1rt\u00f3 el\u0151\u00edr\u00e1sainak megfelel\u0151en, \u00fcgyelve a szoros illeszked\u00e9sre an\u00e9lk\u00fcl, hogy t\u00falh\u00fazn\u00e1, mivel ez k\u00e1ros\u00edthatja a hengert. V\u00e9g\u00fcl, a rendszer haszn\u00e1latba v\u00e9tele el\u0151tt ellen\u0151rizze az igaz\u00edt\u00e1st \u00e9s a m\u0171k\u00f6d\u00e9st.<\/p>\n<p><img decoding=\"async\" src=\"https:\/\/www.hydraulic-cylinders.net\/wp-content\/uploads\/2025\/04\/songte-chushion-collar.webp\" alt=\"P\u00e1rna gall\u00e9r\" \/><\/p>\n<h2>Biztons\u00e1gi szempontok \u00e9s k\u00f6rnyezeti t\u00e9nyez\u0151k<\/h2>\n<p>A biztons\u00e1gi int\u00e9zked\u00e9sek kiemelked\u0151en fontosak a hidraulikus rendszerek \u00fczemeltet\u00e9se sor\u00e1n. A kezel\u0151ket ki kell k\u00e9pezni a hidraulikus hengerekkel kapcsolatos lehets\u00e9ges vesz\u00e9lyek felismer\u00e9s\u00e9re, bele\u00e9rtve a hirtelen reped\u00e9sek vagy sziv\u00e1rg\u00e1sok kock\u00e1zat\u00e1t. A biztons\u00e1gi protokollok bevezet\u00e9se \u00e9s a szem\u00e9lyi v\u00e9d\u0151felszerel\u00e9sek (PPE) haszn\u00e1lata minimaliz\u00e1lhatja a kock\u00e1zatokat. Ezenk\u00edv\u00fcl a k\u00f6rnyezeti t\u00e9nyez\u0151ket, p\u00e9ld\u00e1ul a hidraulikus folyad\u00e9kok megfelel\u0151 \u00e1rtalmatlan\u00edt\u00e1s\u00e1t \u00e9s a r\u00e9gi alkatr\u00e9szek \u00fajrahasznos\u00edt\u00e1s\u00e1t is figyelembe kell venni a k\u00f6rnyezeti hat\u00e1sok cs\u00f6kkent\u00e9se \u00e9rdek\u00e9ben.<\/p>\n<h2>Hibadiagn\u00f3zis \u00e9s gyakori probl\u00e9m\u00e1k<\/h2>\n<ul>\n<li>\n<h3>Sziv\u00e1rg\u00e1s<\/h3>\n<p>A hidraulikafolyad\u00e9k sziv\u00e1rg\u00e1sa kopott t\u00f6m\u00edt\u00e9sekb\u0151l vagy s\u00e9r\u00fclt szerelv\u00e9nyekb\u0151l eredhet. A rendszeres ellen\u0151rz\u00e9sek seg\u00edthetnek a sziv\u00e1rg\u00e1sok korai felismer\u00e9s\u00e9ben, lehet\u0151v\u00e9 t\u00e9ve az id\u0151ben t\u00f6rt\u00e9n\u0151 jav\u00edt\u00e1sokat.<\/p>\n<\/li>\n<li>\n<h3>Inkonzisztens teljes\u00edtm\u00e9ny<\/h3>\n<p>Az egyenetlen mozg\u00e1s vagy teljes\u00edtm\u00e9nyprobl\u00e9m\u00e1k hidraulikus nyom\u00e1sprobl\u00e9m\u00e1kra utalhatnak, ez\u00e9rt ellen\u0151rizni kell a hidraulikafolyad\u00e9k szintj\u00e9t \u00e9s a szivatty\u00fa m\u0171k\u00f6d\u00e9s\u00e9t.<\/p>\n<\/li>\n<li>\n<h3>Fizikai s\u00e9r\u00fcl\u00e9s<\/h3>\n<p>A palack fizikai k\u00e1rosod\u00e1sa \u00fct\u00e9sek vagy t\u00falzott terhel\u00e9s k\u00f6vetkezt\u00e9ben keletkezhet. A kezel\u0151knek rendszeresen ellen\u0151rizni\u00fck kell a palackot a s\u00e9r\u00fcl\u00e9s jelei szempontj\u00e1b\u00f3l, \u00e9s sz\u00fcks\u00e9g eset\u00e9n korrekci\u00f3s int\u00e9zked\u00e9seket kell tenni\u00fck.<\/p>\n<\/li>\n<\/ul>\n<h2>Hibaelh\u00e1r\u00edt\u00e1si tippek<\/h2>\n<p>A probl\u00e9m\u00e1k hat\u00e9kony diagnosztiz\u00e1l\u00e1sa \u00e9s megold\u00e1sa \u00e9rdek\u00e9ben az \u00fczemeltet\u0151knek napl\u00f3t kell vezetni\u00fck a teljes\u00edtm\u00e9nybeli rendelleness\u00e9gekr\u0151l \u00e9s a karbantart\u00e1si el\u0151zm\u00e9nyekr\u0151l. Ez az inform\u00e1ci\u00f3 seg\u00edthet azonos\u00edtani azokat a mint\u00e1kat, amelyek ism\u00e9tl\u0151d\u0151 probl\u00e9m\u00e1khoz vezetnek. A hibaelh\u00e1r\u00edt\u00e1si elj\u00e1r\u00e1sokr\u00f3l sz\u00f3l\u00f3 rendszeres k\u00e9pz\u00e9s k\u00e9pess\u00e9 teheti az \u00fczemeltet\u0151ket a probl\u00e9m\u00e1k proakt\u00edv kezel\u00e9s\u00e9re. A megel\u0151z\u0151 karbantart\u00e1si \u00fctemterv bevezet\u00e9se a lehets\u00e9ges hib\u00e1k el\u0151fordul\u00e1sa el\u0151tti m\u00e9rs\u00e9kl\u00e9s\u00e9ben is seg\u00edt.<\/p>\n<p><img decoding=\"async\" src=\"https:\/\/www.hydraulic-cylinders.net\/wp-content\/uploads\/2025\/04\/songte-bushings-with-all-kinds-of-excavator-models.webp\" alt=\"perselyek\" \/><\/p>\n<h2>C\u00e9ginform\u00e1ci\u00f3<\/h2>\n<p>Hidraulikus munkahengerek cserealkatr\u00e9szeinek gy\u00e1rt\u00f3jak\u00e9nt vagyunk elismertek mind a hazai, mind a nemzetk\u00f6zi piacokon, \u00e9s a vezet\u0151 gy\u00e1rt\u00f3k \u00e9s nagykereskedelmi forgalmaz\u00f3k egyikek\u00e9nt tartjuk sz\u00e1mon \u0151ket. C\u00e9g\u00fcnk a kiv\u00e1l\u00f3 min\u0151s\u00e9get vallja, \u00e9s kifinomult gy\u00e1rt\u00e1si m\u0171helystrat\u00e9gi\u00e1kat alkalmaz a termel\u00e9sir\u00e1ny\u00edt\u00e1s jav\u00edt\u00e1sa \u00e9rdek\u00e9ben. A k\u00e9pzett szem\u00e9lyzetre, a fejlett digit\u00e1lis gy\u00e1rt\u00f3berendez\u00e9sekre \u00e9s a speci\u00e1lis tesztel\u0151rendszerekre \u00f6sszpontos\u00edtva folyamatosan fejlesztj\u00fck gy\u00e1rt\u00e1si platformjainkat. A hat\u00e9konys\u00e1g, a pontoss\u00e1g \u00e9s a min\u0151s\u00e9g ir\u00e1nti elk\u00f6telezetts\u00e9g\u00fcnk lehet\u0151v\u00e9 teszi sz\u00e1munkra, hogy hat\u00e9konyan kiel\u00e9g\u00edts\u00fck \u00fcgyfeleink v\u00e1ltozatos ig\u00e9nyeit.<\/p>\n<p><img decoding=\"async\" src=\"https:\/\/www.hydraulic-cylinders.net\/wp-content\/uploads\/2025\/04\/songte-company-4.webp\" alt=\"C\u00e9ginform\u00e1ci\u00f3\" \/><br \/>\n<img decoding=\"async\" src=\"https:\/\/www.hydraulic-cylinders.net\/wp-content\/uploads\/2025\/04\/songte-company-3.webp\" alt=\"C\u00e9ginform\u00e1ci\u00f3\" \/><\/p>\n<p>Szerz\u0151: lyl<\/p>","protected":false},"excerpt":{"rendered":"<p>Boom Cylinder For Bonny WZT46-7\/45-7 Introduction to Boom Cylinders A boom cylinder is a type of hydraulic cylinder specifically designed to control the movement of buckets in various heavy machinery, such as excavators, backhoe loaders, and front-end loaders. These cylinders enable the bucket to lift, lower, and tilt, facilitating material handling tasks. The boom cylinder [&hellip;]<\/p>","protected":false},"featured_media":17879,"comment_status":"open","ping_status":"closed","template":"","meta":{"_et_pb_use_builder":"","_et_pb_old_content":"","_et_gb_content_width":""},"product_brand":[],"product_cat":[1546],"product_tag":[1547,1496],"class_list":{"0":"post-19661","1":"product","2":"type-product","3":"status-publish","4":"has-post-thumbnail","6":"product_cat-boom-cylinders","7":"product_tag-boom-cylinders","8":"product_tag-hydraulic-cylinders","10":"first","11":"instock","12":"shipping-taxable","13":"product-type-simple"},"amp_enabled":true,"_links":{"self":[{"href":"https:\/\/www.hydraulic-cylinders.net\/hu\/wp-json\/wp\/v2\/product\/19661","targetHints":{"allow":["GET"]}}],"collection":[{"href":"https:\/\/www.hydraulic-cylinders.net\/hu\/wp-json\/wp\/v2\/product"}],"about":[{"href":"https:\/\/www.hydraulic-cylinders.net\/hu\/wp-json\/wp\/v2\/types\/product"}],"replies":[{"embeddable":true,"href":"https:\/\/www.hydraulic-cylinders.net\/hu\/wp-json\/wp\/v2\/comments?post=19661"}],"wp:featuredmedia":[{"embeddable":true,"href":"https:\/\/www.hydraulic-cylinders.net\/hu\/wp-json\/wp\/v2\/media\/17879"}],"wp:attachment":[{"href":"https:\/\/www.hydraulic-cylinders.net\/hu\/wp-json\/wp\/v2\/media?parent=19661"}],"wp:term":[{"taxonomy":"product_brand","embeddable":true,"href":"https:\/\/www.hydraulic-cylinders.net\/hu\/wp-json\/wp\/v2\/product_brand?post=19661"},{"taxonomy":"product_cat","embeddable":true,"href":"https:\/\/www.hydraulic-cylinders.net\/hu\/wp-json\/wp\/v2\/product_cat?post=19661"},{"taxonomy":"product_tag","embeddable":true,"href":"https:\/\/www.hydraulic-cylinders.net\/hu\/wp-json\/wp\/v2\/product_tag?post=19661"}],"curies":[{"name":"munkaf\u00fczet","href":"https:\/\/api.w.org\/{rel}","templated":true}]}}