{"id":19667,"date":"2025-04-07T07:00:36","date_gmt":"2025-04-07T07:00:36","guid":{"rendered":"https:\/\/www.hydraulic-cylinders.net\/product\/boom-cylinder-for-nhig-2306lc\/"},"modified":"2025-04-07T07:00:38","modified_gmt":"2025-04-07T07:00:38","slug":"boom-cylinder-for-nhig-2306lc","status":"publish","type":"product","link":"https:\/\/www.hydraulic-cylinders.net\/hu\/termek\/boom-cylinder-for-nhig-2306lc\/","title":{"rendered":"G\u00e9mhenger NHIG 2306LC-hez"},"content":{"rendered":"<h1>G\u00e9mhenger NHIG 2306LC-hez<\/h1>\n<h2>Term\u00e9k\u00e1ttekint\u00e9s<\/h2>\n<p>Az NHIG 2306LC g\u00e9mhengere egy speci\u00e1lis hidraulikus henger, amelyet neh\u00e9zg\u00e9pekhez, k\u00fcl\u00f6n\u00f6sen kotr\u00f3g\u00e9pekhez, kotr\u00f3rakod\u00f3khoz \u00e9s homlokrakod\u00f3khoz terveztek. Ez a t\u00edpus\u00fa hidraulikus henger vez\u00e9rli a kan\u00e1l mozg\u00e1s\u00e1t, lehet\u0151v\u00e9 t\u00e9ve a hat\u00e9kony emel\u00e9st, s\u00fcllyeszt\u00e9st \u00e9s billent\u00e9st. A g\u00e9mhenger kulcsszerepet j\u00e1tszik a hidraulikus rendszerekben, mivel biztos\u00edtja a sz\u00fcks\u00e9ges er\u0151t a k\u00fcl\u00f6nf\u00e9le anyagmozgat\u00e1si feladatok elv\u00e9gz\u00e9s\u00e9hez. A hidraulikus folyad\u00e9knyom\u00e1s felhaszn\u00e1l\u00e1s\u00e1val ezek a hengerek prec\u00edz mozg\u00e1sokat tudnak v\u00e9grehajtani, amelyek az \u00e1s\u00e1shoz, emel\u00e9shez \u00e9s neh\u00e9z terhek sz\u00e1ll\u00edt\u00e1s\u00e1hoz sz\u00fcks\u00e9gesek. Ez a hidraulikus henger elengedhetetlen az \u00e9p\u00edt\u0151ipari \u00e9s mez\u0151gazdas\u00e1gi g\u00e9pek teljes\u00edtm\u00e9ny\u00e9nek optimaliz\u00e1l\u00e1s\u00e1hoz.<\/p>\n<p><img decoding=\"async\" src=\"https:\/\/www.hydraulic-cylinders.net\/wp-content\/uploads\/2025\/04\/songte-company-1.webp\" alt=\"G\u00e9mhenger k\u00e9pe\"><\/p>\n<h2>A g\u00e9mhenger jellemz\u0151i<\/h2>\n<ul>\n<li><strong>Nagy szil\u00e1rds\u00e1g \u00e9s tart\u00f3ss\u00e1g:<\/strong> Nagy szil\u00e1rds\u00e1g\u00fa ac\u00e9lb\u00f3l vagy alum\u00edniumb\u00f3l k\u00e9sz\u00fclt, ez a henger nagy nyom\u00e1snak \u00e9s nagy terhel\u00e9snek van kit\u00e9ve, \u00edgy alkalmass\u00e1 teszi a zord munkak\u00f6rnyezetre.<\/li>\n<li><strong>Hat\u00e9kony hidraulikus m\u0171k\u00f6dtet\u00e9s:<\/strong> Hidraulikaolaj-nyom\u00e1st haszn\u00e1l a sima \u00e9s \u00e9rz\u00e9keny kiny\u00fajt\u00e1shoz \u00e9s visszah\u00faz\u00e1shoz, er\u0151teljes tol\u00f3- \u00e9s h\u00faz\u00f3er\u0151t biztos\u00edtva, ami ide\u00e1lis a neh\u00e9z \u00e9s \u00f6sszetett feladatok kezel\u00e9s\u00e9hez.<\/li>\n<li><strong>K\u00fcl\u00f6nb\u00f6z\u0151 t\u00edpusok:<\/strong> Egyszeres m\u0171k\u00f6d\u00e9s\u0171 (egy ir\u00e1nyban m\u0171k\u00f6d\u0151) vagy kett\u0151s m\u0171k\u00f6d\u00e9s\u0171 (mindk\u00e9t ir\u00e1nyban m\u0171k\u00f6d\u0151) konfigur\u00e1ci\u00f3ban kaphat\u00f3, hogy megfeleljen a k\u00fcl\u00f6nf\u00e9le m\u0171k\u00f6d\u00e9si ig\u00e9nyeknek. Egyes modellek teleszk\u00f3pos kialak\u00edt\u00e1ssal rendelkeznek, amely nagyobb kiny\u00fal\u00e1st tesz lehet\u0151v\u00e9 a k\u00fcls\u0151 m\u00e9retek n\u00f6vel\u00e9se n\u00e9lk\u00fcl, \u00edgy alkalmasak korl\u00e1tozott helyig\u00e9ny\u0171 alkalmaz\u00e1sokhoz.<\/li>\n<\/ul>\n<h2>Termel\u00e9si k\u00e9pess\u00e9g\u00fcnk<\/h2>\n<p>B\u00fcszk\u00e9n gy\u00e1rtjuk ezt a term\u00e9ket, biztos\u00edtva, hogy hengereink t\u00f6k\u00e9letesen helyettes\u00edts\u00e9k a piacon l\u00e9v\u0151 hidraulikus hengereket.<\/p>\n<p><img decoding=\"async\" src=\"https:\/\/www.hydraulic-cylinders.net\/wp-content\/uploads\/2025\/04\/songte-cylinder-head-with-all-kinds-excavator-models.webp\" alt=\"Hengergy\u00e1rt\u00e1si k\u00e9p\"><\/p>\n<h2>Alkalmaz\u00e1si forgat\u00f3k\u00f6nyvek<\/h2>\n<h3>\u00c9p\u00edt\u0151ipari berendez\u00e9sek<\/h3>\n<p>A kotr\u00f3g\u00e9pekn\u00e9l a g\u00e9mhenger l\u00e9tfontoss\u00e1g\u00fa az \u00e1s\u00e1shoz, a rakod\u00e1shoz \u00e9s a f\u00f6ld vagy t\u00f6rmel\u00e9k mozgat\u00e1s\u00e1hoz. Ezek a hengerek biztos\u00edtj\u00e1k a sz\u00fcks\u00e9ges er\u0151t a talajba val\u00f3 behatol\u00e1shoz, megk\u00f6nny\u00edtve a hat\u00e9kony f\u00f6ldmunk\u00e1t. A kotr\u00f3g\u00e9p-rakod\u00f3kn\u00e1l a kan\u00e1lhenger mind az \u00e1s\u00e1st, mind az emel\u00e9st seg\u00edti, n\u00f6velve a g\u00e9p sokoldal\u00fas\u00e1g\u00e1t a k\u00fcl\u00f6nf\u00e9le \u00e9p\u00edt\u00e9si feladatokhoz.<\/p>\n<h3>Mez\u0151gazdas\u00e1gi g\u00e9pek<\/h3>\n<p>A homlokrakod\u00f3kn\u00e1l a g\u00e9mhenger kulcsfontoss\u00e1g\u00fa a talaj, sz\u00e9na \u00e9s egy\u00e9b anyagok \u00e1s\u00e1s\u00e1hoz, emel\u00e9s\u00e9hez \u00e9s sz\u00e1ll\u00edt\u00e1s\u00e1hoz. Megb\u00edzhat\u00f3s\u00e1ga \u00e9s szil\u00e1rds\u00e1ga n\u00e9lk\u00fcl\u00f6zhetetlen elemm\u00e9 teszi a mez\u0151gazdas\u00e1gi m\u0171veletekben, ahol hat\u00e9kony anyagmozgat\u00e1sra van sz\u00fcks\u00e9g.<\/p>\n<h3>Kotr\u00f3g\u00e9pek<\/h3>\n<p>A kotr\u00f3g\u00e9pek g\u00e9mhengereket haszn\u00e1lnak, hogy a kan\u00e1l hat\u00e9konyan hatolhasson a talajba, lehet\u0151v\u00e9 t\u00e9ve a m\u00e9ly \u00e1s\u00e1si m\u0171veleteket. A hidraulikus hengerek \u00e1ltal biztos\u00edtott pontoss\u00e1g \u00e9s vez\u00e9rl\u00e9s kulcsfontoss\u00e1g\u00fa a sikeres \u00e1s\u00e1si feladatokhoz.<\/p>\n<h3>Rakod\u00f3k<\/h3>\n<p>A homlokrakod\u00f3kban a g\u00e9mhengerek hat\u00e9konyan seg\u00edtik a rakom\u00e1nyok emel\u00e9s\u00e9t \u00e9s \u00fcr\u00edt\u00e9s\u00e9t. Nagy emel\u0151er\u0151 biztos\u00edt\u00e1s\u00e1nak k\u00e9pess\u00e9ge biztos\u00edtja, hogy az anyagokat hat\u00e9konyan lehessen mozgatni \u00e9s lerakni oda, ahol sz\u00fcks\u00e9ges.<\/p>\n<h2>Tervez\u00e9si szempontok \u00e9s kiv\u00e1laszt\u00e1si krit\u00e9riumok<\/h2>\n<h3>Teherb\u00edr\u00e1s<\/h3>\n<p>A g\u00e9mhenger kiv\u00e1laszt\u00e1sakor a teherb\u00edr\u00e1s kritikus fontoss\u00e1g\u00fa. Ez hat\u00e1rozza meg azt a maxim\u00e1lis s\u00falyt, amelyet a henger biztons\u00e1gosan elb\u00edr meghib\u00e1sod\u00e1s n\u00e9lk\u00fcl. Ezt befoly\u00e1solja a gy\u00e1rt\u00e1s\u00e1hoz felhaszn\u00e1lt anyag, a henger \u00e1tm\u00e9r\u0151je \u00e9s a hidraulikus nyom\u00e1s, amely alatt m\u0171k\u00f6dik. Egy j\u00f3l megtervezett henger teherb\u00edr\u00e1s\u00e1nak meg kell haladnia a m\u0171k\u00f6d\u00e9s k\u00f6zben v\u00e1rhat\u00f3 maxim\u00e1lis terhel\u00e9st a biztons\u00e1g \u00e9s a megb\u00edzhat\u00f3s\u00e1g biztos\u00edt\u00e1sa \u00e9rdek\u00e9ben.<\/p>\n<h3>T\u00f6m\u00edt\u00e9si teljes\u00edtm\u00e9ny<\/h3>\n<p>A hat\u00e9kony t\u00f6m\u00edt\u00e9s elengedhetetlen a hidraulikafolyad\u00e9k sziv\u00e1rg\u00e1s\u00e1nak megakad\u00e1lyoz\u00e1s\u00e1hoz \u00e9s a henger hat\u00e9kony m\u0171k\u00f6d\u00e9s\u00e9nek biztos\u00edt\u00e1s\u00e1hoz. A kiv\u00e1l\u00f3 min\u0151s\u00e9g\u0171 t\u00f6m\u00edt\u00e9sek, p\u00e9ld\u00e1ul a dugatty\u00fat\u00f6m\u00edt\u00e9sek \u00e9s a r\u00fadt\u00f6m\u00edt\u00e9sek kiv\u00e1laszt\u00e1sa, amelyek tart\u00f3s anyagokb\u00f3l, p\u00e9ld\u00e1ul poliuret\u00e1nb\u00f3l vagy nitrilkaucsukb\u00f3l k\u00e9sz\u00fclnek, kulcsfontoss\u00e1g\u00fa. A megfelel\u0151 t\u00f6m\u00edt\u00e9s meghosszabb\u00edtja a henger \u00e9lettartam\u00e1t \u00e9s fenntartja a m\u0171k\u00f6d\u00e9si hat\u00e9konys\u00e1got a folyad\u00e9kvesztes\u00e9g minimaliz\u00e1l\u00e1s\u00e1val.<\/p>\n<h3>Tart\u00f3ss\u00e1g<\/h3>\n<p>A g\u00e9mhenger tart\u00f3ss\u00e1g\u00e1t a felhaszn\u00e1lt anyagok \u00e9s a gy\u00e1rt\u00e1s min\u0151s\u00e9ge befoly\u00e1solja. A kop\u00e1snak \u00e9s elhaszn\u00e1l\u00f3d\u00e1snak ellen\u00e1ll\u00f3 nagy szil\u00e1rds\u00e1g\u00fa anyagok elengedhetetlenek a hossz\u00fa t\u00e1v\u00fa teljes\u00edtm\u00e9nyhez. Ezenk\u00edv\u00fcl a fel\u00fcletkezel\u00e9sek \u00e9s bevonatok fokozhatj\u00e1k a korr\u00f3zi\u00f3val \u00e9s kop\u00e1ssal szembeni ellen\u00e1ll\u00e1st, tov\u00e1bb meghosszabb\u00edtva a henger \u00e9lettartam\u00e1t.<\/p>\n<h3>Biztons\u00e1gi funkci\u00f3k<\/h3>\n<p>A biztons\u00e1g kiemelked\u0151 fontoss\u00e1g\u00fa a hidraulikus hengerek tervez\u00e9sekor. Az olyan jellemz\u0151k, mint a nyom\u00e1scs\u00f6kkent\u0151 szelepek \u00e9s a biztons\u00e1gi le\u00e1ll\u00edt\u00f3 mechanizmusok, megakad\u00e1lyozhatj\u00e1k a t\u00falterhel\u00e9st, biztos\u00edtva, hogy a berendez\u00e9s biztons\u00e1gos hat\u00e1rokon bel\u00fcl m\u0171k\u00f6dj\u00f6n. Ezek a biztons\u00e1gi int\u00e9zked\u00e9sek mind a g\u00e9pet, mind a kezel\u0151t v\u00e9dik a hidraulikus meghib\u00e1sod\u00e1sokkal j\u00e1r\u00f3 potenci\u00e1lis vesz\u00e9lyekt\u0151l.<\/p>\n<h3>Karbantart\u00e1si hozz\u00e1f\u00e9rhet\u0151s\u00e9g<\/h3>\n<p>A g\u00e9mhenger karbantart\u00e1s\u00e1nak szem el\u0151tt tart\u00e1sa elengedhetetlen a hossz\u00fa \u00e9lettartam \u00e9s a teljes\u00edtm\u00e9ny biztos\u00edt\u00e1s\u00e1hoz. A t\u00f6m\u00edt\u00e9sekhez \u00e9s egy\u00e9b alkatr\u00e9szekhez val\u00f3 k\u00f6nny\u0171 hozz\u00e1f\u00e9r\u00e9st lehet\u0151v\u00e9 tev\u0151 funkci\u00f3k egyszer\u0171bb\u00e9 teszik a rendszeres karbantart\u00e1st, cs\u00f6kkentve az \u00e1ll\u00e1sid\u0151t \u00e9s a jav\u00edt\u00e1si k\u00f6lts\u00e9geket. A rendszeres ellen\u0151rz\u00e9sek \u00e9s karbantart\u00e1s elv\u00e9gz\u00e9s\u00e9nek lehet\u0151s\u00e9ge id\u0151vel jelent\u0151sen jav\u00edtja a henger teljes\u00edtm\u00e9ny\u00e9t \u00e9s megb\u00edzhat\u00f3s\u00e1g\u00e1t.<\/p>\n<p><img decoding=\"async\" src=\"https:\/\/www.hydraulic-cylinders.net\/wp-content\/uploads\/2025\/04\/songte-oil-pipes-and-spare-parts.webp\" alt=\"Hidraulikus alkatr\u00e9szek k\u00e9pe\"><\/p>\n<h2>T\u00f6m\u00edt\u00e9s \u00e9s ken\u00e9s<\/h2>\n<p>A hidraulikus hengerek hat\u00e9konys\u00e1ga nagym\u00e9rt\u00e9kben f\u00fcgg a t\u00f6m\u00edt\u0151- \u00e9s ken\u0151rendszereikt\u0151l. K\u00fcl\u00f6nb\u00f6z\u0151 t\u00f6m\u00edt\u0151elemeket, p\u00e9ld\u00e1ul dugatty\u00fat\u00f6m\u00edt\u00e9seket \u00e9s r\u00fadt\u00f6m\u00edt\u00e9seket haszn\u00e1lnak a hidraulikus nyom\u00e1s fenntart\u00e1s\u00e1ra \u00e9s a sziv\u00e1rg\u00e1sok megakad\u00e1lyoz\u00e1s\u00e1ra. A kop\u00e1s\u00e1ll\u00f3 anyagokb\u00f3l, p\u00e9ld\u00e1ul poliuret\u00e1nb\u00f3l \u00e9s nitrilgumib\u00f3l k\u00e9sz\u00fclt t\u00f6m\u00edt\u00e9sek kiv\u00e1laszt\u00e1sa elengedhetetlen az optim\u00e1lis teljes\u00edtm\u00e9nyhez. Ezenk\u00edv\u00fcl a hengertest \u00e9s a menetes v\u00e9gek prec\u00edzi\u00f3s megmunk\u00e1l\u00e1son esnek \u00e1t a kop\u00e1s\u00e1ll\u00f3s\u00e1g fokoz\u00e1sa \u00e9rdek\u00e9ben.<\/p>\n<p>A rendszeres ken\u00e9s szint\u00e9n kulcsfontoss\u00e1g\u00fa a henger teljes\u00edtm\u00e9ny\u00e9nek fenntart\u00e1s\u00e1hoz. Ez mag\u00e1ban foglalja a megfelel\u0151 t\u00edpus\u00fa hidraulikaolaj id\u0151szakos hozz\u00e1ad\u00e1s\u00e1t a z\u00f6kken\u0151mentes m\u0171k\u00f6d\u00e9s biztos\u00edt\u00e1sa \u00e9s a mozg\u00f3 alkatr\u00e9szek k\u00f6z\u00f6tti s\u00farl\u00f3d\u00e1s cs\u00f6kkent\u00e9se \u00e9rdek\u00e9ben. A megfelel\u0151 ken\u00e9s meghosszabb\u00edtja a t\u00f6m\u00edt\u00e9sek \u00e9lettartam\u00e1t \u00e9s megakad\u00e1lyozza a korai kop\u00e1st, hozz\u00e1j\u00e1rulva a hidraulikus rendszer \u00e1ltal\u00e1nos megb\u00edzhat\u00f3s\u00e1g\u00e1hoz.<\/p>\n<h2>Rendszeres ellen\u0151rz\u00e9s \u00e9s megel\u0151z\u0151 karbantart\u00e1s<\/h2>\n<ul>\n<li><strong>Vizu\u00e1lis ellen\u0151rz\u00e9sek:<\/strong> A rendszeres vizu\u00e1lis ellen\u0151rz\u00e9sek seg\u00edtenek azonos\u00edtani a kop\u00e1s, sziv\u00e1rg\u00e1sok vagy s\u00e9r\u00fcl\u00e9sek jeleit. A kezel\u0151ket ki kell k\u00e9pezni a potenci\u00e1lis probl\u00e9m\u00e1k, p\u00e9ld\u00e1ul a foszladoz\u00f3 t\u00f6m\u00edt\u00e9sek vagy a folyad\u00e9ksziv\u00e1rg\u00e1sok korai felismer\u00e9s\u00e9re, hogy azonnal kezelni tudj\u00e1k azokat.<\/li>\n<li><strong>Ken\u00e9si \u00fctemterv:<\/strong> A henger teljes\u00edtm\u00e9ny\u00e9nek fenntart\u00e1s\u00e1hoz elengedhetetlen a rendszeres ken\u00e9si \u00fctemterv l\u00e9trehoz\u00e1sa. A kezel\u0151knek be kell tartaniuk a gy\u00e1rt\u00f3 ken\u00e9si id\u0151k\u00f6z\u00f6kre \u00e9s mennyis\u00e9gekre vonatkoz\u00f3 aj\u00e1nl\u00e1sait, \u00fcgyelve arra, hogy minden mozg\u00f3 alkatr\u00e9sz megfelel\u0151 ken\u00e9ssel rendelkezzen a s\u00farl\u00f3d\u00e1s \u00e9s a kop\u00e1s cs\u00f6kkent\u00e9se \u00e9rdek\u00e9ben.<\/li>\n<li><strong>T\u00f6m\u00edt\u00e9scsere:<\/strong> A t\u00f6m\u00edt\u00e9sek rendszeres ellen\u0151rz\u00e9se \u00e9s sz\u00fcks\u00e9g szerinti cser\u00e9je elengedhetetlen a hidraulikus nyom\u00e1s fenntart\u00e1s\u00e1hoz \u00e9s a sziv\u00e1rg\u00e1sok megel\u0151z\u00e9s\u00e9hez. A kezel\u0151knek ismerni\u00fck kell azokat a jelz\u00e9seket, amelyek jelzik, hogy mikor kell kicser\u00e9lni a t\u00f6m\u00edt\u00e9seket, hogy biztos\u00edts\u00e1k a henger hat\u00e9kony m\u0171k\u00f6d\u00e9s\u00e9t.<\/li>\n<\/ul>\n<h2>Telep\u00edt\u00e9si \u00fatmutat\u00f3<\/h2>\n<p>A g\u00e9mhengerek megfelel\u0151 beszerel\u00e9se elengedhetetlen a biztons\u00e1gos \u00e9s hat\u00e9kony m\u0171k\u00f6d\u00e9shez. Gy\u0151z\u0151dj\u00f6n meg arr\u00f3l, hogy a henger megfelel\u0151en illeszkedik a r\u00f6gz\u00edt\u00e9si pontokhoz, hogy elker\u00fclje a t\u00falzott terhel\u00e9st \u00e9s az esetleges meghib\u00e1sod\u00e1st. Haszn\u00e1ljon megfelel\u0151 r\u00f6gz\u00edt\u0151konzolokat a henger szil\u00e1rd r\u00f6gz\u00edt\u00e9s\u00e9hez. A telep\u00edt\u00e9s sor\u00e1n gy\u0151z\u0151dj\u00f6n meg arr\u00f3l, hogy minden hidraulikavezet\u00e9k megfelel\u0151en van csatlakoztatva, t\u00f6r\u00e9s vagy akad\u00e1ly n\u00e9lk\u00fcl, amelyek akad\u00e1lyozhatj\u00e1k a folyad\u00e9k \u00e1raml\u00e1s\u00e1t.<\/p>\n<p>Az is kulcsfontoss\u00e1g\u00fa, hogy a hidraulikus rendszerb\u0151l l\u00e9gtelen\u00edts\u00fck a telep\u00edt\u00e9s sor\u00e1n keletkez\u0151 l\u00e9gbubor\u00e9kokat, mivel a bennrekedt leveg\u0151 befoly\u00e1solhatja a henger teljes\u00edtm\u00e9ny\u00e9t. A telep\u00edt\u00e9s ut\u00e1n v\u00e9gezz\u00fcnk pr\u00f3ba\u00fczemet, hogy megbizonyosodjunk arr\u00f3l, hogy a henger sim\u00e1n m\u0171k\u00f6dik \u00e9s pontosan reag\u00e1l a vez\u00e9rl\u0151parancsokra. A telep\u00edt\u00e9s ut\u00e1n rendszeresen ellen\u0151rizz\u00fck a szerelv\u00e9nyek \u00e9s t\u00f6m\u00edt\u00e9sek sziv\u00e1rg\u00e1s\u00e1t, hogy biztos\u00edtsuk a hidraulikus rendszer integrit\u00e1s\u00e1t.<\/p>\n<h2>Gyakori karbantart\u00e1si feladatok<\/h2>\n<ul>\n<li><strong>Rendszeres ellen\u0151rz\u00e9sek:<\/strong> A g\u00e9mhenger rutinszer\u0171 ellen\u0151rz\u00e9se seg\u00edt azonos\u00edtani a probl\u00e9m\u00e1kat, miel\u0151tt azok s\u00falyosbodn\u00e1nak. Ellen\u0151rizze a sziv\u00e1rg\u00e1sokat, kop\u00e1st vagy s\u00e9r\u00fcl\u00e9seket a m\u0171k\u00f6d\u00e9si hat\u00e9konys\u00e1g fenntart\u00e1sa \u00e9rdek\u00e9ben.<\/li>\n<li><strong>Megfelel\u0151 ken\u00e9s:<\/strong> A henger megfelel\u0151 ken\u00e9se elengedhetetlen a z\u00f6kken\u0151mentes m\u0171k\u00f6d\u00e9shez. A s\u00farl\u00f3d\u00e1s \u00e9s a kop\u00e1s megel\u0151z\u00e9se \u00e9rdek\u00e9ben k\u00f6vesse a gy\u00e1rt\u00f3 utas\u00edt\u00e1sait a ken\u00e9s t\u00edpus\u00e1ra \u00e9s gyakoris\u00e1g\u00e1ra vonatkoz\u00f3an.<\/li>\n<li><strong>T\u00f6m\u00edt\u00e9scsere:<\/strong> Rendszeresen ellen\u0151rizze a t\u00f6m\u00edt\u00e9sek \u00e1llapot\u00e1t. Ha kop\u00e1s vagy roml\u00e1s jeleit \u00e9szleli, azonnal cser\u00e9lje ki a t\u00f6m\u00edt\u00e9seket a hidraulikafolyad\u00e9k sziv\u00e1rg\u00e1s\u00e1nak megel\u0151z\u00e9se \u00e9s a teljes\u00edtm\u00e9ny fenntart\u00e1sa \u00e9rdek\u00e9ben.<\/li>\n<\/ul>\n<h2>Biztons\u00e1gi szempontok \u00e9s k\u00f6rnyezeti t\u00e9nyez\u0151k<\/h2>\n<p>Hidraulikus berendez\u00e9sek \u00fczemeltet\u00e9sekor a biztons\u00e1gi int\u00e9zked\u00e9sek kiemelked\u0151 fontoss\u00e1g\u00faak. A kezel\u0151knek megfelel\u0151 szem\u00e9lyi v\u00e9d\u0151felszerel\u00e9st (PPE) kell viselni\u00fck, \u00e9s biztos\u00edtaniuk kell, hogy a g\u00e9pek biztons\u00e1gi funkci\u00f3i megfelel\u0151en m\u0171k\u00f6djenek. A balesetek kock\u00e1zat\u00e1nak minimaliz\u00e1l\u00e1sa \u00e9rdek\u00e9ben elengedhetetlen a gy\u00e1rt\u00f3 ir\u00e1nyelveinek betart\u00e1sa a hidraulikus hengerek \u00fczemeltet\u00e9s\u00e9vel \u00e9s karbantart\u00e1s\u00e1val kapcsolatban.<\/p>\n<p>A k\u00f6rnyezeti t\u00e9nyez\u0151ket is figyelembe kell venni. A hidraulikafolyad\u00e9kok \u00e9s karbantart\u00e1si anyagok megfelel\u0151 \u00e1rtalmatlan\u00edt\u00e1sa elengedhetetlen az \u00f6kol\u00f3giai k\u00e1rok megel\u0151z\u00e9se \u00e9rdek\u00e9ben. A k\u00f6rnyezetbar\u00e1t hidraulikaolajok haszn\u00e1lata tov\u00e1bb cs\u00f6kkentheti a hidraulikus m\u0171veletek k\u00f6rnyezeti hat\u00e1s\u00e1t.<\/p>\n<h2>Hibadiagn\u00f3zis \u00e9s gyakori probl\u00e9m\u00e1k<\/h2>\n<ul>\n<li><strong>Sziv\u00e1rg\u00f3 t\u00f6m\u00edt\u00e9sek:<\/strong> Az egyik leggyakoribb probl\u00e9ma a t\u00f6m\u00edt\u00e9sek sziv\u00e1rg\u00e1sa, ami a hidraulikus nyom\u00e1s cs\u00f6kken\u00e9s\u00e9hez vezethet. Ez a probl\u00e9ma azonnali ellen\u0151rz\u00e9st \u00e9s t\u00f6m\u00edt\u00e9scser\u00e9t ig\u00e9nyelhet.<\/li>\n<li><strong>Lass\u00fa m\u0171k\u00f6d\u00e9s:<\/strong> Ha a g\u00e9mhenger lassan m\u0171k\u00f6dik, az alacsony hidraulikafolyad\u00e9k-szintre vagy a rendszerben rekedt leveg\u0151re utalhat. A folyad\u00e9kszint ellen\u0151rz\u00e9se \u00e9s a rendszer l\u00e9gtelen\u00edt\u00e9se legyen az els\u0151 l\u00e9p\u00e9s a hibaelh\u00e1r\u00edt\u00e1s sor\u00e1n.<\/li>\n<li><strong>Nem reag\u00e1l\u00f3 vez\u00e9rl\u0151k:<\/strong> A nem reag\u00e1l\u00f3 g\u00e9mhenger hidraulikus elt\u00f6m\u0151d\u00e9sre vagy a vez\u00e9rl\u0151rendszer meghib\u00e1sod\u00e1s\u00e1ra utalhat. Sz\u00fcks\u00e9ges a hidraulikus vezet\u00e9kek \u00e9s vez\u00e9rl\u0151szelepek ellen\u0151rz\u00e9se elt\u00f6m\u0151d\u00e9s szempontj\u00e1b\u00f3l.<\/li>\n<\/ul>\n<h2>Hibaelh\u00e1r\u00edt\u00e1si tippek<\/h2>\n<p>A g\u00e9mhengerrel kapcsolatos probl\u00e9m\u00e1k hat\u00e9kony diagnosztiz\u00e1l\u00e1sa \u00e9s megold\u00e1sa \u00e9rdek\u00e9ben a kezel\u0151knek el\u0151sz\u00f6r is azonos\u00edtaniuk kell az \u00fczem k\u00f6zbeni rendellenes jeleket. A rendszeres karbantart\u00e1si napl\u00f3k seg\u00edthetnek nyomon k\u00f6vetni a teljes\u00edtm\u00e9nyv\u00e1ltoz\u00e1sokat az id\u0151 m\u00fal\u00e1s\u00e1val. Sziv\u00e1rg\u00f3 t\u00f6m\u00edt\u00e9sek eset\u00e9n az azonnali ellen\u0151rz\u00e9s \u00e9s csere elengedhetetlen a hidraulikafolyad\u00e9k-vesztes\u00e9g megel\u0151z\u00e9se \u00e9rdek\u00e9ben. Lass\u00fa m\u0171k\u00f6d\u00e9s eset\u00e9n a folyad\u00e9kszintek ellen\u0151rz\u00e9se \u00e9s annak biztos\u00edt\u00e1sa, hogy ne legyen leveg\u0151 a rendszerben, helyre\u00e1ll\u00edthatja a teljes\u00edtm\u00e9nyt. Nem reag\u00e1l\u00f3 kezel\u0151szervek eset\u00e9n a t\u00f6ml\u0151k \u00e9s szelepek elt\u00f6m\u0151d\u00e9s\u00e9nek ellen\u0151rz\u00e9se felt\u00e1rhatja a probl\u00e9m\u00e1t.<\/p>\n<p>A megel\u0151z\u0151 int\u00e9zked\u00e9sek, mint p\u00e9ld\u00e1ul a rendszeres ellen\u0151rz\u00e9sek \u00e9s az id\u0151ben t\u00f6rt\u00e9n\u0151 karbantart\u00e1s, minimaliz\u00e1lhatj\u00e1k ezen gyakori probl\u00e9m\u00e1k kock\u00e1zat\u00e1t. A kezel\u0151ket ki kell k\u00e9pezni a korai figyelmeztet\u0151 jelek felismer\u00e9s\u00e9re, hogy megk\u00f6nny\u00edts\u00e9k a gyors korrekci\u00f3s int\u00e9zked\u00e9seket, biztos\u00edtva a hidraulikus rendszer m\u0171k\u00f6d\u0151k\u00e9pess\u00e9g\u00e9t \u00e9s hat\u00e9konys\u00e1g\u00e1t.<\/p>\n<p><img decoding=\"async\" src=\"https:\/\/www.hydraulic-cylinders.net\/wp-content\/uploads\/2025\/04\/songte-bushings-with-all-kinds-of-excavator-models.webp\" alt=\"Perselyek k\u00e9pe\"><\/p>\n<h2>C\u00e9ginform\u00e1ci\u00f3<\/h2>\n<p>Cserehidraulikus hengerek gy\u00e1rt\u00f3ja vagyunk, \u00e9s \u00e1tfog\u00f3 term\u00e9kv\u00e1laszt\u00e9kot k\u00edn\u00e1lunk. A hidraulikus hengerek egyik vezet\u0151 gy\u00e1rt\u00f3jak\u00e9nt \u00e9s nagykeresked\u0151jek\u00e9nt mind a hazai, mind a nemzetk\u00f6zi piacokon, a kiv\u00e1l\u00f3 min\u0151s\u00e9g \u00e9s a hat\u00e9kony gy\u00e1rt\u00e1sir\u00e1ny\u00edt\u00e1si strat\u00e9gi\u00e1k elk\u00f6telezett h\u00edvei vagyunk. C\u00e9g\u00fcnk folyamatosan fejleszti termel\u00e9si kapacit\u00e1s\u00e1t k\u00e9pzett szakemberek, fejlett digit\u00e1lis gy\u00e1rt\u00f3berendez\u00e9sek \u00e9s \u00e1tfog\u00f3 tesztel\u0151rendszerek alkalmaz\u00e1s\u00e1val.<\/p>\n<p>Elk\u00f6telezettek vagyunk amellett, hogy nagy hat\u00e9konys\u00e1ggal, precizit\u00e1ssal \u00e9s min\u0151s\u00e9ggel el\u00e9g\u00edts\u00fck ki \u00fcgyfeleink v\u00e1ltozatos ig\u00e9nyeit. Term\u00e9keinket a testreszab\u00e1s jegy\u00e9ben tervezz\u00fck, biztos\u00edtva, hogy megfelelj\u00fcnk az \u00fcgyfelek egyedi ig\u00e9nyeinek, mik\u00f6zben meg\u0151rizz\u00fck a nemzetk\u00f6zi tan\u00fas\u00edtv\u00e1nyokat. Robusztus \u00e9rt\u00e9kes\u00edt\u00e9s ut\u00e1ni szolg\u00e1ltat\u00e1sunk tov\u00e1bb er\u0151s\u00edt minket a hidraulikus hengerek ipar\u00e1g\u00e1nak megb\u00edzhat\u00f3 partnerek\u00e9nt.<\/p>\n<p><img decoding=\"async\" src=\"https:\/\/www.hydraulic-cylinders.net\/wp-content\/uploads\/2025\/04\/songte-company-4.webp\" alt=\"C\u00e9ges im\u00e1zs\"><br \/>\n<img decoding=\"async\" src=\"https:\/\/www.hydraulic-cylinders.net\/wp-content\/uploads\/2025\/04\/songte-company-3.webp\" alt=\"C\u00e9ges im\u00e1zs\"><\/p>\n<p>Szerz\u0151: lyl<\/p>","protected":false},"excerpt":{"rendered":"<p>Boom Cylinder For NHIG 2306LC Product Overview The Boom Cylinder for NHIG 2306LC is a specialized hydraulic cylinder designed for heavy machinery, particularly excavators, backhoe loaders, and front loaders. This type of hydraulic cylinder controls the movement of the bucket, enabling it to lift, lower, and tilt efficiently. The boom cylinder plays a crucial role [&hellip;]<\/p>","protected":false},"featured_media":17870,"comment_status":"open","ping_status":"closed","template":"","meta":{"_et_pb_use_builder":"","_et_pb_old_content":"","_et_gb_content_width":""},"product_brand":[],"product_cat":[1546],"product_tag":[1547,1496],"class_list":{"0":"post-19667","1":"product","2":"type-product","3":"status-publish","4":"has-post-thumbnail","6":"product_cat-boom-cylinders","7":"product_tag-boom-cylinders","8":"product_tag-hydraulic-cylinders","10":"first","11":"instock","12":"shipping-taxable","13":"product-type-simple"},"amp_enabled":true,"_links":{"self":[{"href":"https:\/\/www.hydraulic-cylinders.net\/hu\/wp-json\/wp\/v2\/product\/19667","targetHints":{"allow":["GET"]}}],"collection":[{"href":"https:\/\/www.hydraulic-cylinders.net\/hu\/wp-json\/wp\/v2\/product"}],"about":[{"href":"https:\/\/www.hydraulic-cylinders.net\/hu\/wp-json\/wp\/v2\/types\/product"}],"replies":[{"embeddable":true,"href":"https:\/\/www.hydraulic-cylinders.net\/hu\/wp-json\/wp\/v2\/comments?post=19667"}],"wp:featuredmedia":[{"embeddable":true,"href":"https:\/\/www.hydraulic-cylinders.net\/hu\/wp-json\/wp\/v2\/media\/17870"}],"wp:attachment":[{"href":"https:\/\/www.hydraulic-cylinders.net\/hu\/wp-json\/wp\/v2\/media?parent=19667"}],"wp:term":[{"taxonomy":"product_brand","embeddable":true,"href":"https:\/\/www.hydraulic-cylinders.net\/hu\/wp-json\/wp\/v2\/product_brand?post=19667"},{"taxonomy":"product_cat","embeddable":true,"href":"https:\/\/www.hydraulic-cylinders.net\/hu\/wp-json\/wp\/v2\/product_cat?post=19667"},{"taxonomy":"product_tag","embeddable":true,"href":"https:\/\/www.hydraulic-cylinders.net\/hu\/wp-json\/wp\/v2\/product_tag?post=19667"}],"curies":[{"name":"munkaf\u00fczet","href":"https:\/\/api.w.org\/{rel}","templated":true}]}}