{"id":19669,"date":"2025-04-07T07:00:42","date_gmt":"2025-04-07T07:00:42","guid":{"rendered":"https:\/\/www.hydraulic-cylinders.net\/product\/boom-cylinder-for-bada-wys60\/"},"modified":"2025-04-07T07:00:52","modified_gmt":"2025-04-07T07:00:52","slug":"boom-cylinder-for-bada-wys60","status":"publish","type":"product","link":"https:\/\/www.hydraulic-cylinders.net\/hu\/termek\/boom-cylinder-for-bada-wys60\/","title":{"rendered":"G\u00e9mhenger Bada WYS60-hoz"},"content":{"rendered":"<h1>G\u00e9mhenger Bada WYS60-hoz<\/h1>\n<h2>Bevezet\u00e9s a g\u00e9mhengerbe<\/h2>\n<p>A Bada WYS60 g\u00e9mhengere n\u00e9lk\u00fcl\u00f6zhetetlen alkatr\u00e9sz neh\u00e9zg\u00e9pekhez, k\u00fcl\u00f6n\u00f6sen hidraulikus rendszerekben. Ez a hidraulikus henger kulcsszerepet j\u00e1tszik a kan\u00e1l mozg\u00e1s\u00e1nak vez\u00e9rl\u00e9s\u00e9ben kotr\u00f3g\u00e9pekben, kotr\u00f3rakod\u00f3kban \u00e9s homlokrakod\u00f3kban. Azzal, hogy lehet\u0151v\u00e9 teszi a kan\u00e1l emel\u00e9s\u00e9t, s\u00fcllyeszt\u00e9s\u00e9t \u00e9s billent\u00e9s\u00e9t, hat\u00e9kony anyagmozgat\u00e1si feladatokat tesz lehet\u0151v\u00e9 a k\u00fcl\u00f6nb\u00f6z\u0151 ipar\u00e1gakban.<\/p>\n<p>L\u00e9nyeg\u00e9ben a g\u00e9mhenger egy hidraulikus m\u0171k\u00f6dtet\u0151, amely a hidraulikus energi\u00e1t mechanikai er\u0151v\u00e9 alak\u00edtja, lehet\u0151v\u00e9 t\u00e9ve a kezel\u0151k sz\u00e1m\u00e1ra, hogy \u00f6sszetett mozg\u00e1sokat hajtsanak v\u00e9gre neh\u00e9z berendez\u00e9sekkel. Ezeket a hengereket \u00fagy tervezt\u00e9k, hogy ellen\u00e1lljanak a neh\u00e9z munkak\u00f6rnyezetek viszontags\u00e1gainak, \u00edgy l\u00e9tfontoss\u00e1g\u00faak az \u00e9p\u00edt\u0151iparban, a mez\u0151gazdas\u00e1gban \u00e9s a b\u00e1ny\u00e1szati \u200b\u200balkalmaz\u00e1sokban.<\/p>\n<p><img decoding=\"async\" src=\"https:\/\/www.hydraulic-cylinders.net\/wp-content\/uploads\/2025\/04\/songte-company-1.webp\" alt=\"G\u00e9mhenger k\u00e9pe\" \/><\/p>\n<h2>A g\u00e9mhenger jellemz\u0151i<\/h2>\n<ul>\n<li>\n<h3>Nagy szil\u00e1rds\u00e1g \u00e9s tart\u00f3ss\u00e1g<\/h3>\n<p>A jellemz\u0151en nagy szil\u00e1rds\u00e1g\u00fa ac\u00e9lb\u00f3l vagy alum\u00edniumb\u00f3l k\u00e9sz\u00fclt g\u00e9mhenger nagy nyom\u00e1st \u00e9s nagy terhel\u00e9st is kib\u00edr. Tervez\u00e9se sor\u00e1n figyelembe vett\u00e9k a kop\u00e1s\u00e1ll\u00f3s\u00e1got \u00e9s a korr\u00f3zi\u00f3v\u00e9delmet, \u00edgy biztos\u00edtva a hossz\u00fa \u00e9lettartamot zord munkak\u00f6r\u00fclm\u00e9nyek k\u00f6z\u00f6tt is.<\/p>\n<\/li>\n<li>\n<h3>Hat\u00e9kony hidraulikus m\u0171k\u00f6dtet\u00e9s<\/h3>\n<p>A hidraulikaolaj nyom\u00e1s\u00e1t kihaszn\u00e1lva a henger sima kitol\u00e1st \u00e9s visszah\u00faz\u00e1st biztos\u00edt. Gyorsan reag\u00e1l a kezel\u0151i parancsokra, er\u0151teljes tol\u00f3- \u00e9s h\u00faz\u00f3er\u0151t biztos\u00edtva, amely alkalmas neh\u00e9z \u00e9s \u00f6sszetett feladatok elv\u00e9gz\u00e9s\u00e9re.<\/p>\n<\/li>\n<li>\n<h3>K\u00fcl\u00f6nb\u00f6z\u0151 t\u00edpusok el\u00e9rhet\u0151k<\/h3>\n<p>A g\u00e9mhenger testreszabhat\u00f3 egyszeres m\u0171k\u00f6d\u00e9s\u0171 (egy ir\u00e1nyban hidraulikusan m\u0171k\u00f6dtetett) vagy kett\u0151s m\u0171k\u00f6d\u00e9s\u0171 (mindk\u00e9t ir\u00e1nyban hidraulikusan m\u0171k\u00f6dtetett) kivitelben, hogy megfeleljen a k\u00fcl\u00f6nf\u00e9le m\u0171k\u00f6d\u00e9si k\u00f6vetelm\u00e9nyeknek. Egyes modellek teleszk\u00f3pos kialak\u00edt\u00e1s\u00faak, amelyek nagyobb kiny\u00fal\u00e1st tesznek lehet\u0151v\u00e9 a k\u00fcls\u0151 m\u00e9retek n\u00f6vel\u00e9se n\u00e9lk\u00fcl, \u00edgy ide\u00e1lisak a helysz\u0171k\u00e9ben l\u00e9v\u0151 alkalmaz\u00e1sokhoz.<\/p>\n<\/li>\n<li>\n<h3>Egyedi gy\u00e1rt\u00e1s<\/h3>\n<p>Ennek a term\u00e9knek a gy\u00e1rt\u00e1s\u00e1ra specializ\u00e1l\u00f3dtunk, \u00edgy biztos\u00edtva, hogy hidraulikus hengereink t\u00f6k\u00e9letesen helyettes\u00edts\u00e9k a megl\u00e9v\u0151 modelleket, megb\u00edzhat\u00f3 alternat\u00edv\u00e1t k\u00edn\u00e1lva \u00fcgyfeleink sz\u00e1m\u00e1ra.<\/p>\n<\/li>\n<\/ul>\n<p><img decoding=\"async\" src=\"https:\/\/www.hydraulic-cylinders.net\/wp-content\/uploads\/2025\/04\/songte-cylinder-head-with-all-kinds-excavator-models.webp\" alt=\"Kotr\u00f3g\u00e9p modellek k\u00e9pe\" \/><\/p>\n<h2>A g\u00e9mhenger alkalmaz\u00e1sai<\/h2>\n<ul>\n<li>\n<h3>\u00c9p\u00edt\u0151ipari berendez\u00e9sek<\/h3>\n<p>A kotr\u00f3g\u00e9pekben a g\u00e9mhengerek l\u00e9tfontoss\u00e1g\u00faak az \u00e1s\u00e1shoz, a talaj vagy t\u00f6rmel\u00e9k rakod\u00e1s\u00e1hoz \u00e9s mozgat\u00e1s\u00e1hoz. Ezek lehet\u0151v\u00e9 teszik, hogy a kan\u00e1l hat\u00e9konyan hatoljon be a talajba, \u00edgy a f\u00f6ldmunk\u00e1k hat\u00e9konyabbak. A kotr\u00f3g\u00e9p-rakod\u00f3kban ezek a hengerek mind az \u00e1s\u00e1si, mind az emel\u00e9si m\u0171veletekben seg\u00edtenek, n\u00f6velve a g\u00e9p sokoldal\u00fas\u00e1g\u00e1t.<\/p>\n<\/li>\n<li>\n<h3>Mez\u0151gazdas\u00e1gi g\u00e9pek<\/h3>\n<p>A homlokrakod\u00f3kban haszn\u00e1lt g\u00e9mhengerek kulcsfontoss\u00e1g\u00faak a talaj, sz\u00e9na \u00e9s egy\u00e9b anyagok \u00e1s\u00e1s\u00e1hoz, emel\u00e9s\u00e9hez \u00e9s sz\u00e1ll\u00edt\u00e1s\u00e1hoz. Z\u00f6kken\u0151mentes m\u0171k\u00f6d\u00e9st tesznek lehet\u0151v\u00e9 a mez\u0151gazdas\u00e1gi feladatok sor\u00e1n, hozz\u00e1j\u00e1rulva a mez\u0151gazdas\u00e1gi \u00e1gazatok termel\u00e9kenys\u00e9g\u00e9nek javul\u00e1s\u00e1hoz.<\/p>\n<\/li>\n<li>\n<h3>Kotr\u00f3g\u00e9pek<\/h3>\n<p>Ezek a hengerek lehet\u0151v\u00e9 teszik, hogy a kan\u00e1l behatoljon a talajba, megk\u00f6nny\u00edtve a hat\u00e9kony \u00e1s\u00e1si m\u0171veleteket. Robusztus kialak\u00edt\u00e1suk biztos\u00edtja, hogy k\u00e9pesek legyenek kezelni a f\u00f6ldmunka sor\u00e1n fell\u00e9p\u0151 jelent\u0151s er\u0151ket, \u00edgy n\u00e9lk\u00fcl\u00f6zhetetlenek ezen a ter\u00fcleten.<\/p>\n<\/li>\n<li>\n<h3>Rakod\u00f3k<\/h3>\n<p>A homlokrakod\u00f3kban a g\u00e9mhengerek hat\u00e9konyan seg\u00edtik a rakom\u00e1nyok emel\u00e9s\u00e9t \u00e9s \u00fcr\u00edt\u00e9s\u00e9t. Lehet\u0151v\u00e9 teszik a kezel\u0151k sz\u00e1m\u00e1ra az anyagmozgat\u00e1si feladatok z\u00f6kken\u0151mentes elv\u00e9gz\u00e9s\u00e9t, n\u00f6velve a m\u0171k\u00f6d\u00e9si hat\u00e9konys\u00e1got.<\/p>\n<\/li>\n<\/ul>\n<h2>Tervez\u00e9si szempontok \u00e9s kiv\u00e1laszt\u00e1si krit\u00e9riumok<\/h2>\n<ul>\n<li>\n<h3>Teherb\u00edr\u00e1s<\/h3>\n<p>A teherb\u00edr\u00e1s meg\u00e9rt\u00e9se alapvet\u0151 fontoss\u00e1g\u00fa a g\u00e9mhenger kiv\u00e1laszt\u00e1sakor. A hengernek k\u00e9pesnek kell lennie arra, hogy ellen\u00e1lljon a m\u0171k\u00f6d\u00e9s k\u00f6zben fell\u00e9p\u0151 maxim\u00e1lis terhel\u00e9seknek a teljes\u00edtm\u00e9ny vagy a biztons\u00e1g fel\u00e1ldoz\u00e1sa n\u00e9lk\u00fcl. A megfelel\u0151 terhel\u00e9ssz\u00e1m\u00edt\u00e1s biztos\u00edtja a henger hat\u00e9kony m\u0171k\u00f6d\u00e9s\u00e9t, minimaliz\u00e1lva a meghib\u00e1sod\u00e1s kock\u00e1zat\u00e1t.<\/p>\n<\/li>\n<li>\n<h3>T\u00f6m\u00edt\u00e9si teljes\u00edtm\u00e9ny<\/h3>\n<p>A hat\u00e9kony t\u00f6m\u00edt\u00e9s elengedhetetlen a hidraulikus hengerekn\u00e9l a sziv\u00e1rg\u00e1sok megel\u0151z\u00e9se \u00e9s az optim\u00e1lis nyom\u00e1s fenntart\u00e1sa \u00e9rdek\u00e9ben. A kiv\u00e1l\u00f3 min\u0151s\u00e9g\u0171 t\u00f6m\u00edt\u00e9sek biztos\u00edtj\u00e1k, hogy a hidraulikafolyad\u00e9k a hely\u00e9n maradjon, mik\u00f6zben lehet\u0151v\u00e9 teszik a hengerek z\u00f6kken\u0151mentes m\u0171k\u00f6d\u00e9s\u00e9t. A t\u00f6m\u00edt\u00e9sek rendszeres ellen\u0151rz\u00e9se sz\u00fcks\u00e9ges a folyamatos teljes\u00edtm\u00e9ny biztos\u00edt\u00e1sa \u00e9rdek\u00e9ben.<\/p>\n<\/li>\n<li>\n<h3>Tart\u00f3ss\u00e1g<\/h3>\n<p>A tart\u00f3ss\u00e1g elengedhetetlen a g\u00e9mhenger kialak\u00edt\u00e1s\u00e1n\u00e1l, mivel ezek az alkatr\u00e9szek zord k\u00f6rnyezeti felt\u00e9teleknek \u00e9s nagy terhel\u00e9snek vannak kit\u00e9ve. A kiv\u00e1l\u00f3 min\u0151s\u00e9g\u0171 anyagok \u00e9s bevonatok haszn\u00e1lata jelent\u0151sen n\u00f6velheti a henger \u00e9lettartam\u00e1t, cs\u00f6kkentve a gyakori cser\u00e9k sz\u00fcks\u00e9gess\u00e9g\u00e9t.<\/p>\n<\/li>\n<li>\n<h3>Biztons\u00e1gi funkci\u00f3k<\/h3>\n<p>A biztons\u00e1gi funkci\u00f3k be\u00e9p\u00edt\u00e9se a g\u00e9mhengerek tervez\u00e9s\u00e9be kritikus fontoss\u00e1g\u00fa a kezel\u0151k \u00e9s a g\u00e9pek v\u00e9delme \u00e9rdek\u00e9ben. Az olyan funkci\u00f3k, mint a nyom\u00e1scs\u00f6kkent\u0151 szelepek \u00e9s a v\u00e9szle\u00e1ll\u00edt\u00f3 mechanizmusok, megakad\u00e1lyozhatj\u00e1k a baleseteket \u00e9s a berendez\u00e9sek k\u00e1rosod\u00e1s\u00e1t m\u0171k\u00f6d\u00e9s k\u00f6zben.<\/p>\n<\/li>\n<li>\n<h3>Karbantart\u00e1si hozz\u00e1f\u00e9rhet\u0151s\u00e9g<\/h3>\n<p>Azok a kialak\u00edt\u00e1sok, amelyek lehet\u0151v\u00e9 teszik a k\u00f6nny\u0171 karbantart\u00e1st \u00e9s a bels\u0151 alkatr\u00e9szekhez val\u00f3 hozz\u00e1f\u00e9r\u00e9st, jelent\u0151sen cs\u00f6kkenthetik az \u00e1ll\u00e1sid\u0151t \u00e9s jav\u00edthatj\u00e1k a m\u0171k\u00f6d\u00e9si hat\u00e9konys\u00e1got. A rendszeres karbantart\u00e1si ellen\u0151rz\u00e9sek \u00e9s az alkatr\u00e9szekhez val\u00f3 k\u00f6nny\u0171 hozz\u00e1f\u00e9r\u00e9s gyorsabb jav\u00edt\u00e1sokat tesz lehet\u0151v\u00e9 \u00e9s meghosszabb\u00edtja a henger \u00e9lettartam\u00e1t.<\/p>\n<\/li>\n<\/ul>\n<p><img decoding=\"async\" src=\"https:\/\/www.hydraulic-cylinders.net\/wp-content\/uploads\/2025\/04\/songte-oil-pipes-and-spare-parts.webp\" alt=\"Hidraulikus alkatr\u00e9szek k\u00e9pe\" \/><\/p>\n<h2>A hidraulikus henger t\u00f6m\u00edt\u00e9se \u00e9s ken\u00e9se<\/h2>\n<p>A megfelel\u0151 t\u00f6m\u00edt\u00e9s \u00e9s ken\u00e9s elengedhetetlen a g\u00e9mhengerek optim\u00e1lis m\u0171k\u00f6d\u00e9s\u00e9hez. K\u00fcl\u00f6nb\u00f6z\u0151 t\u00f6m\u00edt\u00e9seket, p\u00e9ld\u00e1ul dugatty\u00fat\u00f6m\u00edt\u00e9seket \u00e9s r\u00fadt\u00f6m\u00edt\u00e9seket haszn\u00e1lnak a hidraulikus folyad\u00e9k sziv\u00e1rg\u00e1s\u00e1nak megakad\u00e1lyoz\u00e1s\u00e1ra szolg\u00e1l\u00f3 szoros g\u00e1t l\u00e9trehoz\u00e1s\u00e1ra. A t\u00f6m\u00edt\u00e9sek gyakran tart\u00f3s anyagokb\u00f3l, p\u00e9ld\u00e1ul poliuret\u00e1nb\u00f3l \u00e9s nitrilgumib\u00f3l k\u00e9sz\u00fclnek, hogy ellen\u00e1lljanak a kop\u00e1snak \u00e9s a szakad\u00e1snak.<\/p>\n<p>A hengertestet \u00e9s a menetes v\u00e9geket apr\u00f3l\u00e9kosan megmunk\u00e1lt\u00e1k a kop\u00e1s\u00e1ll\u00f3s\u00e1g n\u00f6vel\u00e9se \u00e9s a hossz\u00fa \u00e9lettartam biztos\u00edt\u00e1sa \u00e9rdek\u00e9ben. A rendszeres hidraulikaolajjal val\u00f3 ken\u00e9s elengedhetetlen a z\u00f6kken\u0151mentes m\u0171k\u00f6d\u00e9s fenntart\u00e1s\u00e1hoz. A megfelel\u0151 olajszint cs\u00f6kkenti a s\u00farl\u00f3d\u00e1st \u00e9s a h\u0151k\u00e9pz\u0151d\u00e9st, meghosszabb\u00edtva a henger \u00e9lettartam\u00e1t \u00e9s hat\u00e9konys\u00e1g\u00e1t.<\/p>\n<h2>Rendszeres ellen\u0151rz\u00e9s \u00e9s megel\u0151z\u0151 karbantart\u00e1s<\/h2>\n<ul>\n<li>\n<h3>Rutinellen\u0151rz\u00e9s<\/h3>\n<p>Rendszeres ellen\u0151rz\u00e9seket kell v\u00e9gezni a kop\u00e1s, sziv\u00e1rg\u00e1sok vagy s\u00e9r\u00fcl\u00e9sek jeleinek azonos\u00edt\u00e1sa \u00e9rdek\u00e9ben. A probl\u00e9m\u00e1k id\u0151ben t\u00f6rt\u00e9n\u0151 felismer\u00e9se megel\u0151zheti a s\u00falyosabb probl\u00e9m\u00e1kat a k\u00e9s\u0151bbiekben. A kezel\u0151ket ki kell k\u00e9pezni a figyelmeztet\u0151 jelek felismer\u00e9s\u00e9re, biztos\u00edtva a proakt\u00edv karbantart\u00e1st.<\/p>\n<\/li>\n<li>\n<h3>Ken\u00e9si \u00fctemterv<\/h3>\n<p>A ken\u00e9si \u00fctemterv kialak\u00edt\u00e1sa seg\u00edt a hidraulikus henger optim\u00e1lis m\u0171k\u00f6d\u00e9s\u00e9ben. A kezel\u0151knek \u00e9bernek kell lenni\u00fck az olajszint ellen\u0151rz\u00e9s\u00e9vel \u00e9s sz\u00fcks\u00e9g szerinti olajp\u00f3tl\u00e1ssal, hogy megel\u0151zz\u00e9k a ken\u00e9ssel kapcsolatos hib\u00e1kat.<\/p>\n<\/li>\n<li>\n<h3>T\u00f6m\u00edt\u00e9s csere<\/h3>\n<p>A t\u00f6m\u00edt\u00e9sek rendszeres cser\u00e9je elengedhetetlen a hidraulikus hat\u00e9konys\u00e1g fenntart\u00e1s\u00e1hoz. A kopott t\u00f6m\u00edt\u00e9sek folyad\u00e9ksziv\u00e1rg\u00e1st okozhatnak, ami teljes\u00edtm\u00e9nycs\u00f6kken\u00e9st \u00e9s a g\u00e9p k\u00e1rosod\u00e1s\u00e1t okozhatja. A t\u00f6m\u00edt\u00e9sek cser\u00e9j\u00e9nek szisztematikus megk\u00f6zel\u00edt\u00e9se jav\u00edthatja az \u00e1ltal\u00e1nos teljes\u00edtm\u00e9nyt.<\/p>\n<\/li>\n<\/ul>\n<h2>A g\u00e9mhenger telep\u00edt\u00e9si \u00fatmutat\u00f3ja<\/h2>\n<p>A helyes telep\u00edt\u00e9s elengedhetetlen a g\u00e9mhenger hossz\u00fa \u00e9lettartam\u00e1nak \u00e9s m\u0171k\u00f6d\u0151k\u00e9pess\u00e9g\u00e9nek biztos\u00edt\u00e1s\u00e1hoz. Kezdje azzal, hogy megbizonyosodik arr\u00f3l, hogy a henger tiszta \u00e9s szennyez\u0151d\u00e9sekt\u0151l mentes. A megfelel\u0151 be\u00e1ll\u00edt\u00e1s kulcsfontoss\u00e1g\u00fa; a hengert megfelel\u0151en kell be\u00e1ll\u00edtani, hogy elker\u00fclj\u00fck a t\u00f6m\u00edt\u00e9sek \u00e9s rudak t\u00falzott terhel\u00e9s\u00e9t. Haszn\u00e1ljon megfelel\u0151 r\u00f6gz\u00edt\u0151konzolokat a henger r\u00f6gz\u00edt\u00e9s\u00e9hez, biztos\u00edtva a stabilit\u00e1st m\u0171k\u00f6d\u00e9s k\u00f6zben.<\/p>\n<p>A csatlakoz\u00e1sok t\u00falzott vagy alulh\u00faz\u00e1s\u00e1nak elker\u00fcl\u00e9se \u00e9rdek\u00e9ben k\u00f6vesse a gy\u00e1rt\u00f3 nyomat\u00e9k-specifik\u00e1ci\u00f3it. A beszerel\u00e9s ut\u00e1n alaposan ellen\u0151rizze az esetleges sziv\u00e1rg\u00e1sokat, \u00e9s gy\u0151z\u0151dj\u00f6n meg arr\u00f3l, hogy minden csatlakoz\u00e1s biztons\u00e1gos. A beszerel\u00e9s ut\u00e1ni be\u00e1ll\u00edt\u00e1s \u00e9s r\u00f6gz\u00edt\u00e9s rendszeres ellen\u0151rz\u00e9se jelent\u0151sen jav\u00edthatja a henger teljes\u00edtm\u00e9ny\u00e9t.<\/p>\n<h2>Gyakori karbantart\u00e1si feladatok<\/h2>\n<ul>\n<li>\n<h3>Rendszeres ellen\u0151rz\u00e9sek<\/h3>\n<p>A rendszeres ellen\u0151rz\u00e9sek lehet\u0151v\u00e9 teszik a potenci\u00e1lis probl\u00e9m\u00e1k korai azonos\u00edt\u00e1s\u00e1t. A kezel\u0151ket ki kell k\u00e9pezni a kop\u00e1s vagy sziv\u00e1rg\u00e1sok jeleinek keres\u00e9s\u00e9re, biztos\u00edtva a berendez\u00e9s z\u00f6kken\u0151mentes m\u0171k\u00f6d\u00e9s\u00e9t.<\/p>\n<\/li>\n<li>\n<h3>Megfelel\u0151 ken\u00e9s<\/h3>\n<p>A megfelel\u0151 ken\u00e9s fenntart\u00e1sa elengedhetetlen a hidraulikus hengerek hat\u00e9kony m\u0171k\u00f6d\u00e9s\u00e9hez. A kezel\u0151knek szigor\u00fa ken\u00e9si \u00fctemtervet kell k\u00f6vetni\u00fck az optim\u00e1lis teljes\u00edtm\u00e9ny biztos\u00edt\u00e1sa \u00e9s a henger \u00e9lettartam\u00e1nak meghosszabb\u00edt\u00e1sa \u00e9rdek\u00e9ben.<\/p>\n<\/li>\n<li>\n<h3>T\u00f6m\u00edt\u00e9scsere \u00e9s kalibr\u00e1l\u00e1s<\/h3>\n<p>A t\u00f6m\u00edt\u00e9sek cser\u00e9je \u00e9s a henger kalibr\u00e1l\u00e1sa elengedhetetlen a teljes\u00edtm\u00e9ny fenntart\u00e1s\u00e1hoz. A kezel\u0151knek ismerni\u00fck kell a t\u00f6m\u00edt\u00e9s cser\u00e9j\u00e9nek sz\u00fcks\u00e9gess\u00e9g\u00e9re utal\u00f3 jeleket, biztos\u00edtva a folyamatos m\u0171k\u00f6d\u00e9st.<\/p>\n<\/li>\n<\/ul>\n<p><img decoding=\"async\" src=\"https:\/\/www.hydraulic-cylinders.net\/wp-content\/uploads\/2025\/04\/songte-chushion-collar.webp\" alt=\"P\u00e1rnagall\u00e9r k\u00e9p\" \/><\/p>\n<h2>Biztons\u00e1gi szempontok \u00e9s k\u00f6rnyezeti t\u00e9nyez\u0151k<\/h2>\n<p>Hidraulikus hengerek haszn\u00e1latakor elengedhetetlen a biztons\u00e1gi int\u00e9zked\u00e9sek priorit\u00e1sk\u00e9nt val\u00f3 kezel\u00e9se mind a kezel\u0151k, mind a k\u00f6rnyezet v\u00e9delme \u00e9rdek\u00e9ben. Gy\u0151z\u0151dj\u00f6n meg arr\u00f3l, hogy minden kezel\u0151 k\u00e9pzett a biztons\u00e1gi protokollokr\u00f3l, \u00e9s meg\u00e9rti a hidraulikus rendszerekkel kapcsolatos kock\u00e1zatokat. A rendszeres biztons\u00e1gi auditok seg\u00edthetnek azonos\u00edtani a fejlesztend\u0151 ter\u00fcleteket \u00e9s v\u00e9grehajtani a sz\u00fcks\u00e9ges v\u00e1ltoztat\u00e1sokat.<\/p>\n<p>A k\u00f6rnyezetv\u00e9delmi szempontokat is figyelembe kell venni. A hidraulikafolyad\u00e9kok megfelel\u0151 \u00e1rtalmatlan\u00edt\u00e1sa \u00e9s a berendez\u00e9sek karbantart\u00e1sa a sziv\u00e1rg\u00e1sok megel\u0151z\u00e9se \u00e9rdek\u00e9ben minimaliz\u00e1lhatja a k\u00f6rnyezeti hat\u00e1sokat. A k\u00f6rnyezetbar\u00e1t gyakorlatok bevezet\u00e9se jav\u00edthatja a v\u00e1llalat h\u00edrnev\u00e9t \u00e9s cs\u00f6kkentheti a szab\u00e1lyoz\u00e1si kock\u00e1zatokat.<\/p>\n<h2>Hibaelh\u00e1r\u00edt\u00e1s \u00e9s gyakori probl\u00e9m\u00e1k<\/h2>\n<ul>\n<li>\n<h3>Sziv\u00e1rg\u00e1si probl\u00e9m\u00e1k<\/h3>\n<p>Sziv\u00e1rg\u00e1sok el\u0151fordulhatnak kopott t\u00f6m\u00edt\u00e9sek vagy s\u00e9r\u00fclt szerelv\u00e9nyek miatt. A t\u00f6m\u00edt\u00e9sek \u00e9s csatlakoz\u00e1sok rendszeres ellen\u0151rz\u00e9se seg\u00edthet a sziv\u00e1rg\u00e1sok korai azonos\u00edt\u00e1s\u00e1ban. A szerelv\u00e9nyek megfelel\u0151 megh\u00faz\u00e1si nyomat\u00e9k\u00e1nak biztos\u00edt\u00e1sa \u00e9s a t\u00f6m\u00edt\u00e9sek rendszeres cser\u00e9je cs\u00f6kkentheti a sziv\u00e1rg\u00e1si probl\u00e9m\u00e1kat.<\/p>\n<\/li>\n<li>\n<h3>Cs\u00f6kkent teljes\u00edtm\u00e9ny<\/h3>\n<p>Ha a henger nem a v\u00e1rt m\u00f3don m\u0171k\u00f6dik, annak oka lehet a nem megfelel\u0151 ken\u00e9s vagy az alkatr\u00e9szek kop\u00e1sa. A rendszeres ken\u00e9s \u00e9s a kopott alkatr\u00e9szek id\u0151ben t\u00f6rt\u00e9n\u0151 cser\u00e9je elengedhetetlen az optim\u00e1lis teljes\u00edtm\u00e9ny fenntart\u00e1s\u00e1hoz.<\/p>\n<\/li>\n<li>\n<h3>Nem reag\u00e1l\u00f3 m\u0171k\u00f6dtet\u00e9s<\/h3>\n<p>A reag\u00e1l\u00e1s hi\u00e1nya a hidraulikafolyad\u00e9k szintj\u00e9vel vagy a rendszerben rekedt leveg\u0151vel kapcsolatos probl\u00e9m\u00e1kra utalhat. A folyad\u00e9kszint rendszeres ellen\u0151rz\u00e9se \u00e9s a rendszer l\u00e9gtelen\u00edt\u00e9se megoldhatja ezeket a probl\u00e9m\u00e1kat.<\/p>\n<\/li>\n<\/ul>\n<h2>Hibaelh\u00e1r\u00edt\u00e1si tippek<\/h2>\n<p>A g\u00e9mhengerrel kapcsolatos probl\u00e9m\u00e1k hat\u00e9kony diagnosztiz\u00e1l\u00e1sa \u00e9s megold\u00e1sa \u00e9rdek\u00e9ben a kezel\u0151knek \u00e1tl\u00e1that\u00f3 nyilv\u00e1ntart\u00e1st kell vezetni\u00fck az ellen\u0151rz\u00e9sekr\u0151l \u00e9s a karbantart\u00e1si feladatokr\u00f3l. Ez a dokument\u00e1ci\u00f3 seg\u00edthet a mint\u00e1zatok \u00e9s az ism\u00e9tl\u0151d\u0151 probl\u00e9m\u00e1k azonos\u00edt\u00e1s\u00e1ban.<\/p>\n<p>A megel\u0151z\u0151 int\u00e9zked\u00e9sek, mint p\u00e9ld\u00e1ul a rendszeres karbantart\u00e1s \u00e9s ellen\u0151rz\u00e9sek, elengedhetetlenek a jelent\u0151s probl\u00e9m\u00e1k kock\u00e1zat\u00e1nak minimaliz\u00e1l\u00e1s\u00e1hoz. A kezel\u0151ket is ki kell k\u00e9pezni a figyelmeztet\u0151 jelekre val\u00f3 gyors reag\u00e1l\u00e1sra, biztos\u00edtva a hat\u00e9kony \u00e9s biztons\u00e1gos m\u0171k\u00f6d\u00e9st.<\/p>\n<p><img decoding=\"async\" src=\"https:\/\/www.hydraulic-cylinders.net\/wp-content\/uploads\/2025\/04\/songte-bushings-with-all-kinds-of-excavator-models.webp\" alt=\"Perselyek k\u00e9pe\" \/><\/p>\n<h2>C\u00e9g\u00fcnkr\u0151l<\/h2>\n<p>A p\u00f3talkatr\u00e9szk\u00e9nt haszn\u00e1lhat\u00f3 hidraulikus munkahengerek vezet\u0151 gy\u00e1rt\u00f3ja vagyunk, \u00e1tfog\u00f3 term\u00e9kv\u00e1laszt\u00e9kot k\u00edn\u00e1lva. A kiv\u00e1l\u00f3s\u00e1g ir\u00e1nti elk\u00f6telezetts\u00e9g\u00fcnk a hazai \u00e9s a nemzetk\u00f6zi piacok egyik vezet\u0151 gy\u00e1rt\u00f3jak\u00e9nt \u00e9s nagykeresked\u0151jek\u00e9nt tett minket pozicion\u00e1lt\u00e1. Min\u0151s\u00e9gk\u00f6zpont\u00fa filoz\u00f3fi\u00e1t k\u00f6vet\u00fcnk, amelyet kifinomult gy\u00e1rt\u00e1si strat\u00e9gi\u00e1k \u00e9s korszer\u0171 digit\u00e1lis berendez\u00e9sek t\u00e1mogatnak.<\/p>\n<p>K\u00e9pzett szakembereink csapata elk\u00f6telezett a gy\u00e1rt\u00e1si platformunk fejleszt\u00e9se \u00e9s a legmagasabb term\u00e9kmin\u0151s\u00e9g biztos\u00edt\u00e1sa ir\u00e1nt. Egyedi megold\u00e1sokat k\u00edn\u00e1lunk, amelyek a v\u00e1ltozatos \u00fcgyf\u00e9lig\u00e9nyek kiel\u00e9g\u00edt\u00e9s\u00e9re szolg\u00e1lnak, \u00e9s amelyeket nemzetk\u00f6zi tan\u00fas\u00edtv\u00e1nyok t\u00e1masztanak al\u00e1, garant\u00e1lva term\u00e9keink megb\u00edzhat\u00f3s\u00e1g\u00e1t \u00e9s teljes\u00edtm\u00e9ny\u00e9t.<\/p>\n<p><img decoding=\"async\" src=\"https:\/\/www.hydraulic-cylinders.net\/wp-content\/uploads\/2025\/04\/songte-company-4.webp\" alt=\"C\u00e9ges l\u00e9tes\u00edtm\u00e9ny k\u00e9pe\" \/><br \/>\n<img decoding=\"async\" src=\"https:\/\/www.hydraulic-cylinders.net\/wp-content\/uploads\/2025\/04\/songte-company-3.webp\" alt=\"C\u00e9ges termel\u00e9si k\u00e9p\" \/><\/p>\n<p>Szerz\u0151: lyl<\/p>","protected":false},"excerpt":{"rendered":"<p>Boom Cylinder For Bada WYS60 Introduction to Boom Cylinder The Boom Cylinder for Bada WYS60 is an essential component designed for heavy machinery, particularly in hydraulic systems. This hydraulic cylinder plays a crucial role in controlling the movement of the bucket in excavators, backhoe loaders, and front-end loaders. By allowing the bucket to lift, lower, [&hellip;]<\/p>","protected":false},"featured_media":17872,"comment_status":"open","ping_status":"closed","template":"","meta":{"_et_pb_use_builder":"","_et_pb_old_content":"","_et_gb_content_width":""},"product_brand":[],"product_cat":[1546],"product_tag":[1547,1496],"class_list":{"0":"post-19669","1":"product","2":"type-product","3":"status-publish","4":"has-post-thumbnail","6":"product_cat-boom-cylinders","7":"product_tag-boom-cylinders","8":"product_tag-hydraulic-cylinders","10":"first","11":"instock","12":"shipping-taxable","13":"product-type-simple"},"amp_enabled":true,"_links":{"self":[{"href":"https:\/\/www.hydraulic-cylinders.net\/hu\/wp-json\/wp\/v2\/product\/19669","targetHints":{"allow":["GET"]}}],"collection":[{"href":"https:\/\/www.hydraulic-cylinders.net\/hu\/wp-json\/wp\/v2\/product"}],"about":[{"href":"https:\/\/www.hydraulic-cylinders.net\/hu\/wp-json\/wp\/v2\/types\/product"}],"replies":[{"embeddable":true,"href":"https:\/\/www.hydraulic-cylinders.net\/hu\/wp-json\/wp\/v2\/comments?post=19669"}],"wp:featuredmedia":[{"embeddable":true,"href":"https:\/\/www.hydraulic-cylinders.net\/hu\/wp-json\/wp\/v2\/media\/17872"}],"wp:attachment":[{"href":"https:\/\/www.hydraulic-cylinders.net\/hu\/wp-json\/wp\/v2\/media?parent=19669"}],"wp:term":[{"taxonomy":"product_brand","embeddable":true,"href":"https:\/\/www.hydraulic-cylinders.net\/hu\/wp-json\/wp\/v2\/product_brand?post=19669"},{"taxonomy":"product_cat","embeddable":true,"href":"https:\/\/www.hydraulic-cylinders.net\/hu\/wp-json\/wp\/v2\/product_cat?post=19669"},{"taxonomy":"product_tag","embeddable":true,"href":"https:\/\/www.hydraulic-cylinders.net\/hu\/wp-json\/wp\/v2\/product_tag?post=19669"}],"curies":[{"name":"munkaf\u00fczet","href":"https:\/\/api.w.org\/{rel}","templated":true}]}}