{"id":19685,"date":"2025-04-07T07:01:37","date_gmt":"2025-04-07T07:01:37","guid":{"rendered":"https:\/\/www.hydraulic-cylinders.net\/product\/boom-cylinder-for-tiangong-zg3235-9\/"},"modified":"2025-04-07T07:01:40","modified_gmt":"2025-04-07T07:01:40","slug":"boom-cylinder-for-tiangong-zg3235-9","status":"publish","type":"product","link":"https:\/\/www.hydraulic-cylinders.net\/hu\/termek\/boom-cylinder-for-tiangong-zg3235-9\/","title":{"rendered":"G\u00e9mhenger Tiangong ZG3235-9-hez"},"content":{"rendered":"<h1>G\u00e9mhenger Tiangong ZG3235-9-hez<\/h1>\n<h2>Term\u00e9k\u00e1ttekint\u00e9s<\/h2>\n<p>A Tiangong ZG3235-9 g\u00e9mhengere a neh\u00e9zg\u00e9pekben haszn\u00e1lt hidraulikus rendszerek alapvet\u0151 eleme. Ez a hidraulikus henger kulcsfontoss\u00e1g\u00fa szerepet j\u00e1tszik a kan\u00e1l mozg\u00e1s\u00e1nak vez\u00e9rl\u00e9s\u00e9ben k\u00fcl\u00f6nf\u00e9le alkalmaz\u00e1sokban, p\u00e9ld\u00e1ul kotr\u00f3g\u00e9pekben, kotr\u00f3rakod\u00f3kban \u00e9s homlokrakod\u00f3kban. Lehet\u0151v\u00e9 teszi a kan\u00e1l emel\u00e9s\u00e9t, s\u00fcllyeszt\u00e9s\u00e9t \u00e9s billent\u00e9s\u00e9t, megk\u00f6nny\u00edtve a hat\u00e9kony anyagmozgat\u00e1si feladatokat az \u00e9p\u00edt\u0151iparban \u00e9s a mez\u0151gazdas\u00e1gi k\u00f6rnyezetben.<\/p>\n<p><img decoding=\"async\" src=\"https:\/\/www.hydraulic-cylinders.net\/wp-content\/uploads\/2025\/04\/songte-company-1.webp\" alt=\"Hidraulikus henger\" \/><\/p>\n<h3>A g\u00e9mhenger funkci\u00f3ja \u00e9s fontoss\u00e1ga<\/h3>\n<p>A kan\u00e1lhenger, amelyet gyakran g\u00e9mhengernek is neveznek, kifejezetten a kan\u00e1l mozg\u00e1s\u00e1nak kezel\u00e9s\u00e9re szolg\u00e1l. Hidraulikus rendszerben m\u0171k\u00f6dik, nyom\u00e1s alatt \u00e1ll\u00f3 folyad\u00e9kot haszn\u00e1l az er\u0151 kifejt\u00e9s\u00e9re, lehet\u0151v\u00e9 t\u00e9ve a kezel\u0151k sz\u00e1m\u00e1ra, hogy pontosan szab\u00e1lyozz\u00e1k a kan\u00e1l helyzet\u00e9t. Ez l\u00e9tfontoss\u00e1g\u00fa a k\u00fcl\u00f6nf\u00e9le neh\u00e9zg\u00e9p\u00e9szeti m\u0171veletekn\u00e9l, ahol a hat\u00e9konys\u00e1g \u00e9s a precizit\u00e1s kiemelked\u0151. A g\u00e9mhenger jelent\u0151s terhel\u00e9sek kezel\u00e9s\u00e9re val\u00f3 k\u00e9pess\u00e9ge n\u00e9lk\u00fcl\u00f6zhetetlenn\u00e9 teszi az \u00e9p\u00edt\u0151iparban, a b\u00e1ny\u00e1szati \u200b\u200b\u00e9s a mez\u0151gazdas\u00e1gi feladatokban.<\/p>\n<h2>A g\u00e9mhenger jellemz\u0151i<\/h2>\n<ul>\n<li><strong>Nagy szil\u00e1rds\u00e1g \u00e9s tart\u00f3ss\u00e1g:<\/strong> Nagy szil\u00e1rds\u00e1g\u00fa ac\u00e9lb\u00f3l vagy alum\u00edniumb\u00f3l k\u00e9sz\u00fclt, ez a henger nagy nyom\u00e1st \u00e9s nagy terhel\u00e9st b\u00edr ki, \u00edgy alkalmas zord munkak\u00f6rnyezetre.<\/li>\n<li><strong>Hat\u00e9kony hidraulikus m\u0171k\u00f6dtet\u00e9s:<\/strong> Hidraulikus folyad\u00e9knyom\u00e1st haszn\u00e1l a sima kiny\u00fajt\u00e1shoz \u00e9s visszah\u00faz\u00e1shoz, lehet\u0151v\u00e9 t\u00e9ve a gyors reag\u00e1l\u00e1st a m\u0171k\u00f6d\u00e9si parancsokra.<\/li>\n<li><strong>K\u00fcl\u00f6nb\u00f6z\u0151 t\u00edpusok:<\/strong> Kaphat\u00f3 egyszeres \u00e9s kett\u0151s m\u0171k\u00f6d\u00e9s\u0171 kivitelben, \u00edgy a k\u00fcl\u00f6nf\u00e9le m\u0171k\u00f6d\u00e9si ig\u00e9nyeket is kiel\u00e9g\u00edti. Egyes modellek teleszk\u00f3posak, \u00edgy nagyobb kiny\u00fal\u00e1st tesznek lehet\u0151v\u00e9 a k\u00fcls\u0151 m\u00e9retek n\u00f6vel\u00e9se n\u00e9lk\u00fcl.<\/li>\n<li><strong>Korr\u00f3zi\u00f3\u00e1ll\u00f3s\u00e1g:<\/strong> Kop\u00e1s- \u00e9s korr\u00f3zi\u00f3\u00e1ll\u00f3 anyagokb\u00f3l k\u00e9sz\u00fclt, meghosszabb\u00edtva a henger \u00e9lettartam\u00e1t neh\u00e9z k\u00f6r\u00fclm\u00e9nyek k\u00f6z\u00f6tt is.<\/li>\n<li><strong>Testreszabhat\u00f3 be\u00e1ll\u00edt\u00e1sok:<\/strong> Hengereink testreszabhat\u00f3k az adott ig\u00e9nyekhez, biztos\u00edtva a kompatibilit\u00e1st a k\u00fcl\u00f6nf\u00e9le g\u00e9pekkel.<\/li>\n<\/ul>\n<p><img decoding=\"async\" src=\"https:\/\/www.hydraulic-cylinders.net\/wp-content\/uploads\/2025\/04\/songte-cylinder-head-with-all-kinds-excavator-models.webp\" alt=\"Kotr\u00f3g\u00e9p modellek\" \/><\/p>\n<h2>A g\u00e9mhenger alkalmaz\u00e1sai<\/h2>\n<h3>\u00c9p\u00edt\u0151ipari berendez\u00e9sek<\/h3>\n<p>Az \u00e9p\u00edt\u0151iparban a g\u00e9mhengerek kotr\u00f3g\u00e9pekben tal\u00e1lhat\u00f3k, ahol elengedhetetlenek a f\u00f6ld vagy t\u00f6rmel\u00e9k \u00e1s\u00e1s\u00e1hoz, rakod\u00e1s\u00e1hoz \u00e9s mozgat\u00e1s\u00e1hoz. Hat\u00e9kony m\u0171k\u00f6d\u00e9st tesznek lehet\u0151v\u00e9, \u00e9s prec\u00edz mozg\u00e1sokat tesznek lehet\u0151v\u00e9, amelyek kulcsfontoss\u00e1g\u00faak a projekt \u00fctemterve \u00e9s biztons\u00e1ga szempontj\u00e1b\u00f3l.<\/p>\n<h3>Mez\u0151gazdas\u00e1gi g\u00e9pek<\/h3>\n<p>A homlokrakod\u00f3k g\u00e9mhengereket haszn\u00e1lnak a talaj, sz\u00e9na \u00e9s egy\u00e9b anyagok mer\u00e9s\u00e9re, emel\u00e9s\u00e9re \u00e9s sz\u00e1ll\u00edt\u00e1s\u00e1ra. A k\u00fcl\u00f6nf\u00e9le feladatok elv\u00e9gz\u00e9s\u00e9re val\u00f3 k\u00e9pess\u00e9g\u00fck felbecs\u00fclhetetlen \u00e9rt\u00e9k\u0171v\u00e9 teszi \u0151ket a mez\u0151gazdas\u00e1gi m\u0171veletekben, n\u00f6velve a termel\u00e9kenys\u00e9get \u00e9s a hat\u00e9konys\u00e1got.<\/p>\n<h3>Kotr\u00f3g\u00e9pek<\/h3>\n<p>A kotr\u00f3g\u00e9pekben a kan\u00e1lhengerek lehet\u0151v\u00e9 teszik, hogy a kan\u00e1l hat\u00e9konyan hatoljon be a talajba az \u00e1s\u00e1si m\u0171veletek sor\u00e1n. Ez a k\u00e9pess\u00e9g hozz\u00e1j\u00e1rul a \u00e1s\u00e1si hat\u00e9konys\u00e1g \u00e9s a m\u0171k\u00f6d\u00e9si teljes\u00edtm\u00e9ny jav\u00edt\u00e1s\u00e1hoz.<\/p>\n<h3>Rakod\u00f3k<\/h3>\n<p>A homlokrakod\u00f3kban a g\u00e9mhengerek hat\u00e9konyan seg\u00edtik az anyagok emel\u00e9s\u00e9t \u00e9s \u00fcr\u00edt\u00e9s\u00e9t. Kialak\u00edt\u00e1suk biztos\u00edtja, hogy a rakod\u00f3 z\u00f6kken\u0151mentesen tudjon t\u00f6bb feladatot is elv\u00e9gezni, n\u00f6velve ezzel a m\u0171k\u00f6d\u00e9si k\u00e9pess\u00e9geket.<\/p>\n<h2>Tervez\u00e9si szempontok \u00e9s kiv\u00e1laszt\u00e1si krit\u00e9riumok<\/h2>\n<h3>Teherb\u00edr\u00e1s<\/h3>\n<p>G\u00e9mhenger kiv\u00e1laszt\u00e1sakor kulcsfontoss\u00e1g\u00fa a teherb\u00edr\u00e1sa. A hengernek k\u00e9pesnek kell lennie a m\u0171k\u00f6d\u00e9s sor\u00e1n fell\u00e9p\u0151 konkr\u00e9t s\u00faly \u00e9s er\u0151k kezel\u00e9s\u00e9re. Ez mag\u00e1ban foglalja a maxim\u00e1lis terhel\u00e9si k\u00f6vetelm\u00e9nyek felm\u00e9r\u00e9s\u00e9t \u00e9s annak biztos\u00edt\u00e1s\u00e1t, hogy a henger specifik\u00e1ci\u00f3i megfeleljenek ezeknek az ig\u00e9nyeknek. Hengereinket \u00fagy tervezt\u00fck, hogy nagy terhel\u00e9sek mellett is robusztus teljes\u00edtm\u00e9nyt ny\u00fajtsanak, garant\u00e1lva a biztons\u00e1got \u00e9s a megb\u00edzhat\u00f3s\u00e1got.<\/p>\n<h3>T\u00f6m\u00edt\u00e9s integrit\u00e1sa<\/h3>\n<p>A t\u00f6m\u00edt\u00e9sek \u00e9ps\u00e9ge l\u00e9tfontoss\u00e1g\u00fa a hidraulikus m\u0171veletek hat\u00e9konys\u00e1g\u00e1nak fenntart\u00e1s\u00e1hoz. A kiv\u00e1lasztott t\u00f6m\u00edt\u00e9seknek ellen\u00e1llniuk kell a nagy nyom\u00e1snak, \u00e9s meg kell akad\u00e1lyozniuk a folyad\u00e9k sziv\u00e1rg\u00e1s\u00e1t. Term\u00e9keink fejlett t\u00f6m\u00edt\u00e9si technol\u00f3gi\u00e1kat tartalmaznak, bele\u00e9rtve a poliuret\u00e1n \u00e9s nitrilkaucsuk anyagokat, amelyek kiv\u00e1l\u00f3 kop\u00e1s\u00e1ll\u00f3s\u00e1got \u00e9s hossz\u00fa \u00e9lettartamot biztos\u00edtanak. A megfelel\u0151 t\u00f6m\u00edt\u00e9sek haszn\u00e1lata seg\u00edt fenntartani az optim\u00e1lis teljes\u00edtm\u00e9nyt, \u00e9s cs\u00f6kkenti az alkatr\u00e9szek meghib\u00e1sod\u00e1s\u00e1nak kock\u00e1zat\u00e1t.<\/p>\n<h3>Tart\u00f3ss\u00e1g<\/h3>\n<p>A tart\u00f3ss\u00e1g kulcsfontoss\u00e1g\u00fa szempont a hidraulikus henger kiv\u00e1laszt\u00e1sakor. A zord k\u00f6rnyezeti felt\u00e9teleknek \u00e9s az \u00e1lland\u00f3 m\u0171k\u00f6d\u00e9snek val\u00f3 kitetts\u00e9g kop\u00e1shoz vezethet. G\u00e9mhengereink olyan anyagokb\u00f3l k\u00e9sz\u00fclnek, amelyek ellen\u00e1llnak a korr\u00f3zi\u00f3nak \u00e9s a mechanikai ig\u00e9nybev\u00e9telnek. Ez a tart\u00f3ss\u00e1g biztos\u00edtja hengereink hossz\u00fa \u00e9lettartam\u00e1t, minimaliz\u00e1lva az \u00e1ll\u00e1sid\u0151t \u00e9s a karbantart\u00e1si k\u00f6lts\u00e9geket.<\/p>\n<h3>Biztons\u00e1gi funkci\u00f3k<\/h3>\n<p>A biztons\u00e1g kiemelked\u0151 fontoss\u00e1g\u00fa a hidraulikus rendszerekben. Az integr\u00e1lt biztons\u00e1gi funkci\u00f3kkal, p\u00e9ld\u00e1ul nyom\u00e1scs\u00f6kkent\u0151 szelepekkel \u00e9s robusztus konstrukci\u00f3val rendelkez\u0151 g\u00e9mhenger kiv\u00e1laszt\u00e1sa cs\u00f6kkentheti a hidraulikus meghib\u00e1sod\u00e1sokkal j\u00e1r\u00f3 kock\u00e1zatokat. Term\u00e9keinket a biztons\u00e1got el\u0151t\u00e9rbe helyezve tervezz\u00fck, olyan funkci\u00f3kat be\u00e9p\u00edtve, amelyek fokozz\u00e1k a kezel\u0151 v\u00e9delm\u00e9t \u00e9s a berendez\u00e9sek megb\u00edzhat\u00f3s\u00e1g\u00e1t.<\/p>\n<h3>Karbantart\u00e1si hozz\u00e1f\u00e9rhet\u0151s\u00e9g<\/h3>\n<p>A k\u00f6nny\u0171 karbantart\u00e1s egy m\u00e1sik kritikus t\u00e9nyez\u0151 a hidraulikus hengerek kiv\u00e1laszt\u00e1s\u00e1ban. Egy j\u00f3l megtervezett henger lehet\u0151v\u00e9 teszi az egyszer\u0171 ellen\u0151rz\u00e9seket, jav\u00edt\u00e1sokat \u00e9s alkatr\u00e9szcser\u00e9ket. G\u00e9mhengereinket \u00fagy tervezt\u00fck, hogy az alkatr\u00e9szekhez k\u00f6nny\u0171 hozz\u00e1f\u00e9r\u00e9s legyen, megk\u00f6nny\u00edtve a rendszeres karbantart\u00e1st \u00e9s biztos\u00edtva az optim\u00e1lis m\u0171k\u00f6d\u00e9si hat\u00e9konys\u00e1got. A rendszeres karbantart\u00e1si ellen\u0151rz\u00e9sek jelent\u0151sen meghosszabb\u00edthatj\u00e1k a hidraulikus berendez\u00e9sek \u00e9lettartam\u00e1t.<\/p>\n<p><img decoding=\"async\" src=\"https:\/\/www.hydraulic-cylinders.net\/wp-content\/uploads\/2025\/04\/songte-oil-pipes-and-spare-parts.webp\" alt=\"Olajcs\u00f6vek \u00e9s alkatr\u00e9szek\" \/><\/p>\n<h2>T\u00f6m\u00edt\u00e9s \u00e9s ken\u00e9s<\/h2>\n<p>A hat\u00e9kony t\u00f6m\u00edt\u00e9s \u00e9s ken\u00e9s elengedhetetlen a hidraulikus hengerek hossz\u00fa \u00e9lettartam\u00e1hoz \u00e9s teljes\u00edtm\u00e9ny\u00e9hez. K\u00fcl\u00f6nb\u00f6z\u0151 t\u00f6m\u00edt\u0151elemek, mint p\u00e9ld\u00e1ul a dugatty\u00fat\u00f6m\u00edt\u00e9sek \u00e9s a r\u00fadt\u00f6m\u00edt\u00e9sek, kritikus szerepet j\u00e1tszanak a folyad\u00e9ksziv\u00e1rg\u00e1s megel\u0151z\u00e9s\u00e9ben \u00e9s a nyom\u00e1s fenntart\u00e1s\u00e1ban. A tart\u00f3s anyagokb\u00f3l, p\u00e9ld\u00e1ul poliuret\u00e1nb\u00f3l \u00e9s nitrilgumib\u00f3l k\u00e9sz\u00fclt t\u00f6m\u00edt\u00e9sek kiv\u00e1laszt\u00e1sa fokozza a kop\u00e1s\u00e1ll\u00f3s\u00e1got \u00e9s a k\u00f6rnyezeti t\u00e9nyez\u0151kkel szembeni ellen\u00e1ll\u00e1st. A hengertest \u00e9s a menetes v\u00e9gek megfelel\u0151 fel\u00fcletkezel\u00e9se jav\u00edtja a kop\u00e1s\u00e1ll\u00f3s\u00e1got, biztos\u00edtva a henger z\u00f6kken\u0151mentes m\u0171k\u00f6d\u00e9s\u00e9t \u00e9lettartama alatt. A hidraulikaolaj rendszeres ellen\u0151rz\u00e9se \u00e9s ut\u00e1nt\u00f6lt\u00e9se szint\u00e9n elengedhetetlen a ken\u00e9shez, megakad\u00e1lyozva a s\u00farl\u00f3d\u00e1st, amely id\u0151 el\u0151tti kop\u00e1shoz vezethet.<\/p>\n<h2>Rendszeres karbantart\u00e1s \u00e9s megel\u0151z\u0151 int\u00e9zked\u00e9sek<\/h2>\n<ul>\n<li><strong>\u00dctemezett ellen\u0151rz\u00e9sek:<\/strong> Rendszeres ellen\u0151rz\u00e9seket v\u00e9gezzen a kop\u00e1s vagy s\u00e9r\u00fcl\u00e9s jeleinek azonos\u00edt\u00e1sa \u00e9rdek\u00e9ben. A korai felismer\u00e9s megel\u0151zheti a k\u00f6lts\u00e9ges jav\u00edt\u00e1sokat \u00e9s az \u00e1ll\u00e1sid\u0151ket.<\/li>\n<li><strong>Ken\u00e9s:<\/strong> Gy\u0151z\u0151dj\u00f6n meg arr\u00f3l, hogy a henger megfelel\u0151en kenve van. Haszn\u00e1lja a megfelel\u0151 hidraulikaolajat, \u00e9s k\u00f6vesse a gy\u00e1rt\u00f3 karbantart\u00e1si \u00fctemtervre vonatkoz\u00f3 aj\u00e1nl\u00e1sait.<\/li>\n<li><strong>T\u00f6m\u00edt\u00e9scsere:<\/strong> Figyelje a t\u00f6m\u00edt\u00e9sek \u00e1llapot\u00e1t, \u00e9s sz\u00fcks\u00e9g szerint cser\u00e9lje ki azokat. A kopott t\u00f6m\u00edt\u00e9sek sziv\u00e1rg\u00e1st \u00e9s hidraulikus nyom\u00e1sveszt\u00e9st okozhatnak.<\/li>\n<\/ul>\n<h2>Telep\u00edt\u00e9si \u00fatmutat\u00f3<\/h2>\n<p>A g\u00e9mhenger megfelel\u0151 beszerel\u00e9se elengedhetetlen az optim\u00e1lis teljes\u00edtm\u00e9nyhez. Kezdje a beszerel\u00e9si hely el\u0151k\u00e9sz\u00edt\u00e9s\u00e9vel, \u00fcgyelve arra, hogy a ter\u00fclet tiszta \u00e9s t\u00f6rmel\u00e9kmentes legyen. Igaz\u00edtsa a hengert megfelel\u0151en a g\u00e9p r\u00f6gz\u00edt\u00e9si pontjaihoz a megfelel\u0151 r\u00f6gz\u00edt\u0151konzolok seg\u00edts\u00e9g\u00e9vel. Gy\u0151z\u0151dj\u00f6n meg arr\u00f3l, hogy minden csavar a gy\u00e1rt\u00f3 el\u0151\u00edr\u00e1sainak megfelel\u0151en meg van h\u00fazva, hogy megakad\u00e1lyozza az elmozdul\u00e1st m\u0171k\u00f6d\u00e9s k\u00f6zben. A beszerel\u00e9s ut\u00e1n ellen\u0151rizze a megfelel\u0151 be\u00e1ll\u00edt\u00e1st \u00e9s m\u0171k\u00f6d\u00e9st a hidraulikus rendszer alacsony nyom\u00e1son t\u00f6rt\u00e9n\u0151 tesztel\u00e9s\u00e9vel, miel\u0151tt teljesen \u00fczembe helyezn\u00e9. Ez biztos\u00edtja, hogy minden alkatr\u00e9sz z\u00f6kken\u0151mentesen m\u0171k\u00f6dj\u00f6n egy\u00fctt.<\/p>\n<h2>Gyakori karbantart\u00e1si feladatok<\/h2>\n<ul>\n<li><strong>Rendszeres ellen\u0151rz\u00e9sek:<\/strong> Gyakran ellen\u0151rizze a hengert kop\u00e1s, sziv\u00e1rg\u00e1s vagy s\u00e9r\u00fcl\u00e9s jelei ut\u00e1n kutatva. A probl\u00e9m\u00e1k korai azonos\u00edt\u00e1sa megel\u0151zheti a k\u00e9s\u0151bbi, s\u00falyosabb probl\u00e9m\u00e1kat.<\/li>\n<li><strong>Megfelel\u0151 ken\u00e9s:<\/strong> Gy\u0151z\u0151dj\u00f6n meg arr\u00f3l, hogy minden mozg\u00f3 alkatr\u00e9sz megfelel\u0151en kenve van a s\u00farl\u00f3d\u00e1s \u00e9s a kop\u00e1s cs\u00f6kkent\u00e9se \u00e9rdek\u00e9ben. K\u00f6vesse a haszn\u00e1land\u00f3 hidraulikaolaj t\u00edpus\u00e1ra \u00e9s mennyis\u00e9g\u00e9re vonatkoz\u00f3 ir\u00e1nyelveket.<\/li>\n<li><strong>T\u00f6m\u00edt\u00e9scsere:<\/strong> Rendszeresen ellen\u0151rizze a t\u00f6m\u00edt\u00e9sek kop\u00e1s\u00e1t, \u00e9s sz\u00fcks\u00e9g szerint cser\u00e9lje ki \u0151ket. Ez elengedhetetlen a hidraulikus nyom\u00e1s fenntart\u00e1s\u00e1hoz \u00e9s a sziv\u00e1rg\u00e1sok megel\u0151z\u00e9s\u00e9hez.<\/li>\n<\/ul>\n<h2>Biztons\u00e1gi szempontok \u00e9s k\u00f6rnyezeti t\u00e9nyez\u0151k<\/h2>\n<p>Hidraulikus hengerek haszn\u00e1latakor a biztons\u00e1gi int\u00e9zked\u00e9sek kiemelked\u0151en fontosak. A kezel\u0151ket ki kell k\u00e9pezni a megfelel\u0151 kezel\u00e9si technik\u00e1kra, bele\u00e9rtve a hidraulikus rendszer korl\u00e1tainak ismeret\u00e9t is. V\u00e9szhelyzeti elj\u00e1r\u00e1sokat kell kidolgozni a lehets\u00e9ges hib\u00e1k kezel\u00e9s\u00e9re. Ezenk\u00edv\u00fcl k\u00f6rnyezetv\u00e9delmi szempontokat, p\u00e9ld\u00e1ul folyad\u00e9kelszigetel\u00e9si int\u00e9zked\u00e9seket kell alkalmazni a ki\u00f6ml\u00e9sek vagy sziv\u00e1rg\u00e1sok enyh\u00edt\u00e9s\u00e9re, v\u00e9dve mind a g\u00e9peket, mind a k\u00f6rnyez\u0151 k\u00f6rnyezetet.<\/p>\n<h2>Hibaelh\u00e1r\u00edt\u00e1s \u00e9s gyakori probl\u00e9m\u00e1k<\/h2>\n<ul>\n<li><strong>Sziv\u00e1rg\u00e1s:<\/strong> A folyad\u00e9k sziv\u00e1rg\u00e1sa a t\u00f6m\u00edt\u00e9sek kop\u00e1sa vagy a henger s\u00e9r\u00fcl\u00e9se miatt fordulhat el\u0151. Rendszeresen ellen\u0151rizze a t\u00f6m\u00edt\u00e9seket, \u00e9s sz\u00fcks\u00e9g eset\u00e9n cser\u00e9lje ki \u0151ket.<\/li>\n<li><strong>Nem elegend\u0151 teljes\u00edtm\u00e9ny:<\/strong> Ha a henger nem fejti ki a v\u00e1rt er\u0151t, ellen\u0151rizze a hidraulikafolyad\u00e9k szintj\u00e9t, \u00e9s gy\u0151z\u0151dj\u00f6n meg arr\u00f3l, hogy nincsenek-e dugul\u00e1sok a rendszerben.<\/li>\n<li><strong>Szokatlan zajok:<\/strong> M\u0171k\u00f6d\u00e9s k\u00f6zben hallhat\u00f3 zajok bels\u0151 kop\u00e1sra vagy meghib\u00e1sod\u00e1sra utalhatnak. A tov\u00e1bbi k\u00e1rok megel\u0151z\u00e9se \u00e9rdek\u00e9ben azonnal vizsg\u00e1lja ki a szokatlan hangokat.<\/li>\n<\/ul>\n<h2>Hibaelh\u00e1r\u00edt\u00e1si tippek<\/h2>\n<p>Probl\u00e9m\u00e1k eset\u00e9n elengedhetetlen a szisztematikus megk\u00f6zel\u00edt\u00e9s k\u00f6vet\u00e9se a probl\u00e9ma diagnosztiz\u00e1l\u00e1s\u00e1hoz. Kezdje a folyad\u00e9kszintek \u00e9s a t\u00f6m\u00edt\u00e9sek \u00e1llapot\u00e1nak ellen\u0151rz\u00e9s\u00e9vel. A rendszeres megel\u0151z\u0151 int\u00e9zked\u00e9sek, bele\u00e9rtve a megfelel\u0151 ken\u00e9st \u00e9s a t\u00f6m\u00edt\u00e9sek id\u0151ben t\u00f6rt\u00e9n\u0151 cser\u00e9j\u00e9t, jelent\u0151sen cs\u00f6kkenthetik a probl\u00e9m\u00e1k el\u0151fordul\u00e1s\u00e1t, biztos\u00edtva, hogy a hidraulikus rendszer hat\u00e9kony \u00e9s megb\u00edzhat\u00f3 maradjon.<\/p>\n<p><img decoding=\"async\" src=\"https:\/\/www.hydraulic-cylinders.net\/wp-content\/uploads\/2025\/04\/songte-bushings-with-all-kinds-of-excavator-models.webp\" alt=\"Perselyek kotr\u00f3g\u00e9p modellekkel\" \/><\/p>\n<h2>C\u00e9g\u00fcnkr\u0151l<\/h2>\n<p>A hidraulikus hengerek vezet\u0151 gy\u00e1rt\u00f3jak\u00e9nt \u00e1tfog\u00f3 term\u00e9kv\u00e1laszt\u00e9kot k\u00edn\u00e1lunk, amely mind a hazai, mind a nemzetk\u00f6zi piacokat kiszolg\u00e1lja. A kiv\u00e1l\u00f3s\u00e1g ir\u00e1nti elk\u00f6telezetts\u00e9g\u00fcnket kifinomult gy\u00e1rt\u00e1sir\u00e1ny\u00edt\u00e1si strat\u00e9gi\u00e1nk t\u00e1mogatja, amely a precizit\u00e1st \u00e9s a min\u0151s\u00e9get hangs\u00falyozza. Fejlett technol\u00f3gi\u00e1t, k\u00e9pzett szem\u00e9lyzetet \u00e9s speci\u00e1lis vizsg\u00e1lati rendszert alkalmazunk gy\u00e1rt\u00e1si folyamataink fejleszt\u00e9se \u00e9rdek\u00e9ben. Ez biztos\u00edtja, hogy nagy hat\u00e9konys\u00e1ggal, pontoss\u00e1ggal \u00e9s term\u00e9kmin\u0151s\u00e9ggel el\u00e9g\u00edts\u00fck ki a soksz\u00edn\u0171 \u00fcgyf\u00e9lig\u00e9nyeket.<\/p>\n<p><img decoding=\"async\" src=\"https:\/\/www.hydraulic-cylinders.net\/wp-content\/uploads\/2025\/04\/songte-company-4.webp\" alt=\"C\u00e9ginform\u00e1ci\u00f3\" \/><br \/>\n<img decoding=\"async\" src=\"https:\/\/www.hydraulic-cylinders.net\/wp-content\/uploads\/2025\/04\/songte-company-3.webp\" alt=\"C\u00e9ges termel\u00e9s\" \/><\/p>\n<p>Professzion\u00e1lis szolg\u00e1ltat\u00e1sokat, nemzetk\u00f6zi tan\u00fas\u00edtv\u00e1nyokat, egyedi megold\u00e1sokat \u00e9s kiv\u00e1l\u00f3 \u00e9rt\u00e9kes\u00edt\u00e9s ut\u00e1ni t\u00e1mogat\u00e1st k\u00edn\u00e1lunk. Korszer\u0171 gy\u00e1rt\u00f3berendez\u00e9seink \u00e9s elk\u00f6telezett szervizcsapatunk biztos\u00edtj\u00e1k, hogy a hidraulikus hengerek ipar\u00e1g\u00e1nak \u00e9lvonal\u00e1ban maradjunk.<\/p>\n<p>Szerz\u0151: lyl<\/p>","protected":false},"excerpt":{"rendered":"<p>Boom Cylinder For Tiangong ZG3235-9 Product Overview The Boom Cylinder for Tiangong ZG3235-9 is an essential component of hydraulic systems used in heavy machinery. This hydraulic cylinder plays a crucial role in controlling the movement of a bucket in various applications such as excavators, backhoe loaders, and front loaders. It enables the bucket to lift, [&hellip;]<\/p>","protected":false},"featured_media":17873,"comment_status":"open","ping_status":"closed","template":"","meta":{"_et_pb_use_builder":"","_et_pb_old_content":"","_et_gb_content_width":""},"product_brand":[],"product_cat":[1546],"product_tag":[1547,1496],"class_list":{"0":"post-19685","1":"product","2":"type-product","3":"status-publish","4":"has-post-thumbnail","6":"product_cat-boom-cylinders","7":"product_tag-boom-cylinders","8":"product_tag-hydraulic-cylinders","10":"first","11":"instock","12":"shipping-taxable","13":"product-type-simple"},"amp_enabled":true,"_links":{"self":[{"href":"https:\/\/www.hydraulic-cylinders.net\/hu\/wp-json\/wp\/v2\/product\/19685","targetHints":{"allow":["GET"]}}],"collection":[{"href":"https:\/\/www.hydraulic-cylinders.net\/hu\/wp-json\/wp\/v2\/product"}],"about":[{"href":"https:\/\/www.hydraulic-cylinders.net\/hu\/wp-json\/wp\/v2\/types\/product"}],"replies":[{"embeddable":true,"href":"https:\/\/www.hydraulic-cylinders.net\/hu\/wp-json\/wp\/v2\/comments?post=19685"}],"wp:featuredmedia":[{"embeddable":true,"href":"https:\/\/www.hydraulic-cylinders.net\/hu\/wp-json\/wp\/v2\/media\/17873"}],"wp:attachment":[{"href":"https:\/\/www.hydraulic-cylinders.net\/hu\/wp-json\/wp\/v2\/media?parent=19685"}],"wp:term":[{"taxonomy":"product_brand","embeddable":true,"href":"https:\/\/www.hydraulic-cylinders.net\/hu\/wp-json\/wp\/v2\/product_brand?post=19685"},{"taxonomy":"product_cat","embeddable":true,"href":"https:\/\/www.hydraulic-cylinders.net\/hu\/wp-json\/wp\/v2\/product_cat?post=19685"},{"taxonomy":"product_tag","embeddable":true,"href":"https:\/\/www.hydraulic-cylinders.net\/hu\/wp-json\/wp\/v2\/product_tag?post=19685"}],"curies":[{"name":"munkaf\u00fczet","href":"https:\/\/api.w.org\/{rel}","templated":true}]}}