{"id":19686,"date":"2025-04-07T07:01:40","date_gmt":"2025-04-07T07:01:40","guid":{"rendered":"https:\/\/www.hydraulic-cylinders.net\/product\/boom-cylinder-for-tiangong-zg3255lc-9c\/"},"modified":"2025-04-07T07:01:43","modified_gmt":"2025-04-07T07:01:43","slug":"boom-cylinder-for-tiangong-zg3255lc-9c","status":"publish","type":"product","link":"https:\/\/www.hydraulic-cylinders.net\/hu\/termek\/boom-cylinder-for-tiangong-zg3255lc-9c\/","title":{"rendered":"G\u00e9mhenger Tiangong ZG3255LC-9C-hez"},"content":{"rendered":"<h1>G\u00e9mhenger Tiangong ZG3255LC-9C-hez<\/h1>\n<h2>Term\u00e9k\u00e1ttekint\u00e9s<\/h2>\n<p>A Tiangong ZG3255LC-9C g\u00e9mhengere egy alapvet\u0151 hidraulikus alkatr\u00e9sz, amelyet kifejezetten a k\u00fcl\u00f6nf\u00e9le neh\u00e9zg\u00e9pek, p\u00e9ld\u00e1ul kotr\u00f3g\u00e9pek, kotr\u00f3g\u00e9pek \u00e9s homlokrakod\u00f3k kanalainak mozg\u00e1s\u00e1nak vez\u00e9rl\u00e9s\u00e9re terveztek. Ez a hidraulikus henger lehet\u0151v\u00e9 teszi a kan\u00e1l emel\u00e9s\u00e9t, s\u00fcllyeszt\u00e9s\u00e9t \u00e9s billent\u00e9s\u00e9t, \u00edgy l\u00e9tfontoss\u00e1g\u00fa eszk\u00f6z az anyagmozgat\u00e1si feladatokhoz. A kan\u00e1lhenger a hidraulikus folyad\u00e9knyom\u00e1s felhaszn\u00e1l\u00e1s\u00e1val m\u0171k\u00f6dik, hogy mozg\u00e1st hozzon l\u00e9tre, \u00edgy robusztus teljes\u00edtm\u00e9nyt biztos\u00edt az anyagok \u00e1s\u00e1s\u00e1hoz, emel\u00e9s\u00e9hez \u00e9s hat\u00e9kony sz\u00e1ll\u00edt\u00e1s\u00e1hoz. Kialak\u00edt\u00e1sa a tart\u00f3ss\u00e1gra \u00f6sszpontos\u00edt, biztos\u00edtva, hogy ellen\u00e1lljon a zord munkak\u00f6rnyezet megpr\u00f3b\u00e1ltat\u00e1sainak.<\/p>\n<p><img decoding=\"async\" src=\"https:\/\/www.hydraulic-cylinders.net\/wp-content\/uploads\/2025\/04\/songte-company-1.webp\" alt=\"G\u00e9mhenger k\u00e9pe\" \/><\/p>\n<h2>A g\u00e9mhenger jellemz\u0151i<\/h2>\n<ul>\n<li>\n<h3>Nagy szil\u00e1rds\u00e1g \u00e9s tart\u00f3ss\u00e1g<\/h3>\n<p>Constructed from high-strength steel or aluminum, the Boom Cylinder is designed to withstand high pressures and heavy loads, ensuring reliability in harsh conditions. The materials used are chosen for their wear resistance and corrosion protection, extending the product&#8217;s lifecycle.<\/p>\n<\/li>\n<li>\n<h3>Hat\u00e9kony hidraulikus m\u0171k\u00f6dtet\u00e9s<\/h3>\n<p>Ez a henger sim\u00e1n m\u0171k\u00f6dik \u00e9s gyorsan reag\u00e1l a vez\u00e9rl\u0151parancsokra a hidraulikaolaj-nyom\u00e1s hat\u00e9kony felhaszn\u00e1l\u00e1s\u00e1nak k\u00f6sz\u00f6nhet\u0151en. Jelent\u0151s nyom\u00f3- \u00e9s h\u00faz\u00f3er\u0151t biztos\u00edt, \u00edgy alkalmass\u00e1 teszi neh\u00e9z t\u00e1rgyak \u00e9s \u00f6sszetett feladatok kezel\u00e9s\u00e9re.<\/p>\n<\/li>\n<li>\n<h3>K\u00fcl\u00f6nb\u00f6z\u0151 t\u00edpusok<\/h3>\n<p>K\u00fcl\u00f6nb\u00f6z\u0151 konfigur\u00e1ci\u00f3k \u00e1llnak rendelkez\u00e9sre az adott m\u0171k\u00f6d\u00e9si ig\u00e9nyek kiel\u00e9g\u00edt\u00e9s\u00e9re, bele\u00e9rtve az egyszeres m\u0171k\u00f6d\u00e9s\u0171 (egy ir\u00e1nyban m\u0171k\u00f6d\u0151) \u00e9s a kett\u0151s m\u0171k\u00f6d\u00e9s\u0171 (mindk\u00e9t ir\u00e1nyban m\u0171k\u00f6d\u0151) hengereket. Bizonyos modellek teleszk\u00f3pos kialak\u00edt\u00e1s\u00faak a nagyobb hat\u00f3t\u00e1vols\u00e1g \u00e9rdek\u00e9ben a k\u00fcls\u0151 m\u00e9retek n\u00f6vel\u00e9se n\u00e9lk\u00fcl, ami ide\u00e1lis a helysz\u0171k\u00e9ben l\u00e9v\u0151 alkalmaz\u00e1sokhoz.<\/p>\n<\/li>\n<li>\n<h3>Egyedi gy\u00e1rt\u00e1si lehet\u0151s\u00e9gek<\/h3>\n<p>Ezt a term\u00e9ket a megl\u00e9v\u0151 hidraulikus hengerek t\u00f6k\u00e9letes helyettes\u00edt\u00e9s\u00e9re gy\u00e1rtjuk, biztos\u00edtva a kompatibilit\u00e1st \u00e9s a teljes\u00edtm\u00e9nyt. Gy\u00e1rt\u00e1si folyamatunk a legmagasabb szabv\u00e1nyoknak felel meg, hogy megfeleljen a k\u00fcl\u00f6nf\u00e9le \u00fcgyf\u00e9lig\u00e9nyeknek.<\/p>\n<\/li>\n<li>\n<h3>\u00c1tfog\u00f3 min\u0151s\u00e9gbiztos\u00edt\u00e1s<\/h3>\n<p>Minden hidraulikus munkahenger\u00fcnk szigor\u00fa tesztel\u00e9sen \u00e9s min\u0151s\u00e9gellen\u0151rz\u00e9sen esik \u00e1t, hogy biztos\u00edtsuk az ipar\u00e1gi szabv\u00e1nyoknak val\u00f3 megfelel\u00e9st. Ez a min\u0151s\u00e9g ir\u00e1nti elk\u00f6telezetts\u00e9g biztos\u00edtja \u00fcgyfeleink sz\u00e1m\u00e1ra a g\u00e9mhenger teljes\u00edtm\u00e9ny\u00e9t \u00e9s hossz\u00fa \u00e9lettartam\u00e1t.<\/p>\n<\/li>\n<\/ul>\n<p><img decoding=\"async\" src=\"https:\/\/www.hydraulic-cylinders.net\/wp-content\/uploads\/2025\/04\/songte-cylinder-head-with-all-kinds-excavator-models.webp\" alt=\"Hengerfej k\u00e9pe\" \/><\/p>\n<h2>A g\u00e9mhenger alkalmaz\u00e1sai<\/h2>\n<ul>\n<li>\n<h3>\u00c9p\u00edt\u0151ipari berendez\u00e9sek<\/h3>\n<p>A kotr\u00f3g\u00e9pekn\u00e9l a g\u00e9mhenger kulcsszerepet j\u00e1tszik a f\u00f6ld vagy t\u00f6rmel\u00e9k \u00e1s\u00e1s\u00e1ban, rakod\u00e1s\u00e1ban \u00e9s mozgat\u00e1s\u00e1ban. A kan\u00e1l prec\u00edz mozg\u00e1s\u00e1nak lehet\u0151v\u00e9 t\u00e9tel\u00e9re val\u00f3 k\u00e9pess\u00e9ge n\u00f6veli a m\u0171k\u00f6d\u00e9si hat\u00e9konys\u00e1got, lehet\u0151v\u00e9 t\u00e9ve a hat\u00e9kony anyaggazd\u00e1lkod\u00e1st a munkater\u00fcleteken.<\/p>\n<\/li>\n<li>\n<h3>Mez\u0151gazdas\u00e1gi g\u00e9pek<\/h3>\n<p>A homlokrakod\u00f3kban a g\u00e9m munkahenger elengedhetetlen a talaj, sz\u00e9na \u00e9s egy\u00e9b anyagok \u00e1s\u00e1s\u00e1hoz, emel\u00e9s\u00e9hez \u00e9s sz\u00e1ll\u00edt\u00e1s\u00e1hoz. Megb\u00edzhat\u00f3 teljes\u00edtm\u00e9nye mez\u0151gazdas\u00e1gi alkalmaz\u00e1sokban maximaliz\u00e1lja a termel\u00e9kenys\u00e9get, mik\u00f6zben cs\u00f6kkenti a kezel\u0151 terhel\u00e9s\u00e9t.<\/p>\n<\/li>\n<li>\n<h3>Kotr\u00f3g\u00e9pek<\/h3>\n<p>A g\u00e9m munkahenger lehet\u0151v\u00e9 teszi, hogy a kan\u00e1l hat\u00e9konyan hatoljon be a talajba, megk\u00f6nny\u00edtve a hat\u00e9kony f\u00f6ldmunk\u00e1t. Ez a k\u00e9pess\u00e9g kulcsfontoss\u00e1g\u00fa az \u00e9p\u00edt\u0151iparban, a tereprendez\u00e9sben \u00e9s a k\u00fcl\u00f6nf\u00e9le f\u00f6ldmozgat\u00e1si feladatokban.<\/p>\n<\/li>\n<li>\n<h3>Rakod\u00f3k<\/h3>\n<p>Homlokrakod\u00f3kban hat\u00e9konyan seg\u00edtik a terhek emel\u00e9s\u00e9t \u00e9s \u00fcr\u00edt\u00e9s\u00e9t. A g\u00e9m munkahenger\u00e9nek kialak\u00edt\u00e1sa maxim\u00e1lis emel\u00e9si magass\u00e1got \u00e9s optim\u00e1lis \u00fcr\u00edt\u00e9si sz\u00f6get tesz lehet\u0151v\u00e9, ami elengedhetetlen a hat\u00e9kony anyagmozgat\u00e1shoz.<\/p>\n<\/li>\n<\/ul>\n<h2>Tervez\u00e9si szempontok \u00e9s kiv\u00e1laszt\u00e1si krit\u00e9riumok<\/h2>\n<ul>\n<li>\n<h3>Teherb\u00edr\u00e1s<\/h3>\n<p>A g\u00e9mhenger teherb\u00edr\u00e1sa a tervez\u00e9s egyik l\u00e9tfontoss\u00e1g\u00fa szempontja. \u00c9rt\u00e9kelni kell annak biztos\u00edt\u00e1s\u00e1ra, hogy megfeleljen a haszn\u00e1lt g\u00e9pek \u00fczemi ig\u00e9nyeinek. A m\u00e9rn\u00f6k\u00f6k figyelembe veszik a henger \u00e1ltal felemelend\u0151 maxim\u00e1lis s\u00falyt, \u00e9s biztos\u00edtj\u00e1k, hogy a felhaszn\u00e1lt anyagok biztons\u00e1gosan elb\u00edrj\u00e1k ezt a s\u00falyt, megakad\u00e1lyozva a m\u0171k\u00f6d\u00e9s k\u00f6zbeni meghib\u00e1sod\u00e1sokat. A tervez\u00e9si f\u00e1zisban v\u00e9gzett megfelel\u0151 sz\u00e1m\u00edt\u00e1sok seg\u00edtenek a henger megfelel\u0151 m\u00e9reteinek \u00e9s anyagainak kiv\u00e1laszt\u00e1s\u00e1ban a biztons\u00e1g \u00e9s a funkcionalit\u00e1s fokoz\u00e1sa \u00e9rdek\u00e9ben.<\/p>\n<\/li>\n<li>\n<h3>T\u00f6m\u00edt\u00e9si integrit\u00e1s<\/h3>\n<p>Sealing is crucial in hydraulic cylinders to prevent fluid leaks and maintain pressure. The choice of seals and their installation must ensure long-term performance and reliability. High-quality seals made from materials like polyurethane and nitrile rubber enhance the cylinder&#8217;s durability. The design must also ensure easy access for seal replacement during maintenance to minimize downtime and operational disruptions.<\/p>\n<\/li>\n<li>\n<h3>Tart\u00f3ss\u00e1g<\/h3>\n<p>A g\u00e9mhenger tart\u00f3ss\u00e1ga elengedhetetlen, k\u00fcl\u00f6n\u00f6sen zord \u00fczemi k\u00f6r\u00fclm\u00e9nyek k\u00f6z\u00f6tt. Az anyagv\u00e1laszt\u00e1s jelent\u0151s szerepet j\u00e1tszik a hossz\u00fa \u00e9lettartam el\u00e9r\u00e9s\u00e9ben, a nagy szil\u00e1rds\u00e1g\u00fa ac\u00e9l vagy alum\u00ednium az el\u0151nyben r\u00e9szes\u00edtett a kop\u00e1s\u00e1ll\u00f3s\u00e1guk miatt. A gy\u00e1rt\u00e1si folyamatoknak tartalmazniuk kell olyan kezel\u00e9seket, amelyek fokozz\u00e1k a fel\u00fcleti kem\u00e9nys\u00e9get \u00e9s a korr\u00f3zi\u00f3\u00e1ll\u00f3s\u00e1got, lehet\u0151v\u00e9 t\u00e9ve a henger sz\u00e1m\u00e1ra, hogy a sz\u00e9ls\u0151s\u00e9ges k\u00f6r\u00fclm\u00e9nyeket degrad\u00e1ci\u00f3 n\u00e9lk\u00fcl ellen\u00e1lljon.<\/p>\n<\/li>\n<li>\n<h3>Biztons\u00e1gi funkci\u00f3k<\/h3>\n<p>A biztons\u00e1g kiemelked\u0151 fontoss\u00e1g\u00fa a hidraulikus rendszerekben. A g\u00e9mhenger kialak\u00edt\u00e1s\u00e1nak olyan funkci\u00f3kat kell tartalmaznia, mint a nyom\u00e1scs\u00f6kkent\u0151 szelepek \u00e9s a biztons\u00e1gi z\u00e1rak, hogy megakad\u00e1lyozz\u00e1k az ellen\u0151rizetlen mozg\u00e1sokat. Rendszeres biztons\u00e1gi ellen\u0151rz\u00e9seket kell v\u00e9gezni annak biztos\u00edt\u00e1sa \u00e9rdek\u00e9ben, hogy ezek a funkci\u00f3k megfelel\u0151en m\u0171k\u00f6djenek \u00e9s megfeleljenek a szab\u00e1lyoz\u00e1si el\u0151\u00edr\u00e1soknak. A kezel\u0151ket ki kell k\u00e9pezni ezen biztons\u00e1gi funkci\u00f3k meg\u00e9rt\u00e9s\u00e9re, biztos\u00edtva a biztons\u00e1gos \u00fczemeltet\u00e9st \u00e9s minimaliz\u00e1lva a balesetek kock\u00e1zat\u00e1t.<\/p>\n<\/li>\n<li>\n<h3>Karbantart\u00e1si hozz\u00e1f\u00e9rhet\u0151s\u00e9g<\/h3>\n<p>A g\u00e9mhenger karbantart\u00e1st szem el\u0151tt tart\u00f3 tervez\u00e9se jav\u00edtja annak \u00e9lettartam\u00e1t \u00e9s funkcionalit\u00e1s\u00e1t. Az olyan jellemz\u0151k, mint a ken\u00e9si pontokhoz val\u00f3 k\u00f6nny\u0171 hozz\u00e1f\u00e9r\u00e9s, a levehet\u0151 t\u00f6m\u00edt\u00e9sek \u00e9s a kulcsfontoss\u00e1g\u00fa alkatr\u00e9szek azonos\u00edt\u00e1s\u00e1ra szolg\u00e1l\u00f3 egy\u00e9rtelm\u0171 c\u00edmk\u00e9k, gyorsabb\u00e1 \u00e9s hat\u00e9konyabb\u00e1 tehetik a karbantart\u00e1si munk\u00e1t. Ezenk\u00edv\u00fcl egy \u00e1tfog\u00f3 karbantart\u00e1si k\u00e9zik\u00f6nyvet is biztos\u00edtani kell, amely eligaz\u00edtja a kezel\u0151ket a sz\u00fcks\u00e9ges karbantart\u00e1si feladatok hat\u00e9kony elv\u00e9gz\u00e9s\u00e9ben.<\/p>\n<\/li>\n<\/ul>\n<p><img decoding=\"async\" src=\"https:\/\/www.hydraulic-cylinders.net\/wp-content\/uploads\/2025\/04\/songte-oil-pipes-and-spare-parts.webp\" alt=\"Olajcs\u00f6vek \u00e9s alkatr\u00e9szek k\u00e9pe\" \/><\/p>\n<h2>A henger t\u00f6m\u00edt\u00e9se \u00e9s ken\u00e9se<\/h2>\n<p>A hat\u00e9kony t\u00f6m\u00edt\u00e9s \u00e9s ken\u00e9s kritikus fontoss\u00e1g\u00fa a hidraulikus hengerek optim\u00e1lis teljes\u00edtm\u00e9ny\u00e9hez. K\u00fcl\u00f6nb\u00f6z\u0151 t\u00f6m\u00edt\u0151elemeket, p\u00e9ld\u00e1ul dugatty\u00fat\u00f6m\u00edt\u00e9seket \u00e9s r\u00fadt\u00f6m\u00edt\u00e9seket alkalmaznak a hidraulikus folyad\u00e9k sziv\u00e1rg\u00e1s\u00e1nak megakad\u00e1lyoz\u00e1s\u00e1ra. A tart\u00f3s anyagokb\u00f3l, p\u00e9ld\u00e1ul poliuret\u00e1nb\u00f3l \u00e9s nitrilkaucsukb\u00f3l k\u00e9sz\u00fclt t\u00f6m\u00edt\u00e9sek el\u0151ny\u00f6sek a kop\u00e1s\u00e1ll\u00f3s\u00e1guk \u00e9s a k\u00f6rnyezeti t\u00e9nyez\u0151kkel szembeni ellen\u00e1ll\u00e1suk miatt. A hengertest \u00e9s a menetes v\u00e9gfel\u00fcletek prec\u00edzi\u00f3s megmunk\u00e1l\u00e1son esnek \u00e1t a kop\u00e1s\u00e1ll\u00f3s\u00e1g fokoz\u00e1sa \u00e9rdek\u00e9ben, biztos\u00edtva a t\u00f6m\u00f6r t\u00f6m\u00edt\u00e9s fenntart\u00e1s\u00e1t m\u0171k\u00f6d\u00e9s k\u00f6zben. A megfelel\u0151 hidraulikaolajjal t\u00f6rt\u00e9n\u0151 rendszeres ken\u00e9s elengedhetetlen a mozg\u00f3 alkatr\u00e9szek k\u00f6z\u00f6tti s\u00farl\u00f3d\u00e1s cs\u00f6kkent\u00e9se, a z\u00f6kken\u0151mentes m\u0171k\u00f6d\u00e9s el\u0151seg\u00edt\u00e9se \u00e9s az id\u0151 el\u0151tti kop\u00e1s megel\u0151z\u00e9se \u00e9rdek\u00e9ben. A kezel\u0151knek ken\u00e9si \u00fctemtervet kell k\u00f6vetni\u00fck a megfelel\u0151 olajszint biztos\u00edt\u00e1sa \u00e9s az optim\u00e1lis teljes\u00edtm\u00e9ny fenntart\u00e1sa \u00e9rdek\u00e9ben.<\/p>\n<h2>Rendszeres ellen\u0151rz\u00e9s \u00e9s megel\u0151z\u0151 karbantart\u00e1si int\u00e9zked\u00e9sek<\/h2>\n<ul>\n<li>\n<h3>Rendszeres ellen\u0151rz\u00e9sek<\/h3>\n<p>A g\u00e9mhenger rendszeres ellen\u0151rz\u00e9se seg\u00edt azonos\u00edtani a probl\u00e9m\u00e1kat, miel\u0151tt azok jelent\u0151s probl\u00e9m\u00e1kk\u00e1 fajuln\u00e1nak. A kezel\u0151knek ellen\u0151rizni\u00fck kell a t\u00f6m\u00edt\u00e9sek \u00e9s a hengertest sziv\u00e1rg\u00e1si, kop\u00e1si \u00e9s s\u00e9r\u00fcl\u00e9si jeleit. A teljes\u00edtm\u00e9nymutat\u00f3k rendszeres ellen\u0151rz\u00e9se jelezheti a karbantart\u00e1s sz\u00fcks\u00e9gess\u00e9g\u00e9t is, biztos\u00edtva, hogy a henger a tervezett param\u00e9tereken bel\u00fcl m\u0171k\u00f6dj\u00f6n.<\/p>\n<\/li>\n<li>\n<h3>Megfelel\u0151 ken\u00e9s<\/h3>\n<p>Ensuring that the cylinder is adequately lubricated is essential for smooth operation. Operators should follow the manufacturer&#8217;s guidelines for lubrication frequency and the type of hydraulic oil to use. Proper lubrication minimizes friction, reduces heat generation, and prolongs the life of the cylinder components.<\/p>\n<\/li>\n<li>\n<h3>T\u00f6m\u00edt\u00e9scsere \u00e9s kalibr\u00e1l\u00e1s ellen\u0151rz\u00e9se<\/h3>\n<p>A t\u00f6m\u00edt\u00e9sek rendszeres, kop\u00e1si mint\u00e1kon alapul\u00f3 cser\u00e9je elengedhetetlen a hidraulikus rendszer integrit\u00e1s\u00e1nak fenntart\u00e1s\u00e1hoz. A kezel\u0151ket ki kell k\u00e9pezni arra, hogy felismerj\u00e9k, mikor kell cser\u00e9lni a t\u00f6m\u00edt\u00e9seket, \u00e9s k\u00f6vess\u00e9k a megfelel\u0151 telep\u00edt\u00e9si elj\u00e1r\u00e1sokat. A kalibr\u00e1ci\u00f3s ellen\u0151rz\u00e9sek biztos\u00edtj\u00e1k, hogy a henger a rendeltet\u00e9sszer\u0171en m\u0171k\u00f6dj\u00f6n, \u00edgy elker\u00fclhet\u0151k a be\u00e1ll\u00edt\u00e1si probl\u00e9m\u00e1k, amelyek m\u0171k\u00f6d\u00e9si hat\u00e9konys\u00e1gveszt\u00e9shez vezethetnek.<\/p>\n<\/li>\n<\/ul>\n<p><img decoding=\"async\" src=\"https:\/\/www.hydraulic-cylinders.net\/wp-content\/uploads\/2025\/04\/songte-chushion-collar.webp\" alt=\"P\u00e1rnagall\u00e9r k\u00e9p\" \/><\/p>\n<h2>Biztons\u00e1gi szempontok \u00e9s k\u00f6rnyezeti t\u00e9nyez\u0151k<\/h2>\n<p>Hidraulikus hengerek haszn\u00e1latakor a biztons\u00e1gi int\u00e9zked\u00e9sek rendk\u00edv\u00fcl fontosak. A kezel\u0151ket ki kell k\u00e9pezni a hidraulikus rendszerekkel kapcsolatos lehets\u00e9ges kock\u00e1zatok, p\u00e9ld\u00e1ul a henger hirtelen meghib\u00e1sod\u00e1sa vagy a hidraulikafolyad\u00e9k sziv\u00e1rg\u00e1sa meg\u00e9rt\u00e9s\u00e9re. A biztons\u00e1gi protokollok bevezet\u00e9se, p\u00e9ld\u00e1ul a szem\u00e9lyi v\u00e9d\u0151felszerel\u00e9sek (PPE) haszn\u00e1lata \u00e9s a megfelel\u0151 k\u00e9pz\u00e9s biztos\u00edt\u00e1sa seg\u00edt cs\u00f6kkenteni a kock\u00e1zatokat. A k\u00f6rnyezetv\u00e9delmi szempontokat is figyelembe kell venni, biztos\u00edtva, hogy a haszn\u00e1lt hidraulikafolyad\u00e9kok k\u00f6rnyezetbar\u00e1tak legyenek, \u00e9s hogy a sziv\u00e1rg\u00e1sokat vagy ki\u00f6ml\u00e9seket azonnal el kell ker\u00edteni \u00e9s fel kell tiszt\u00edtani a szennyez\u0151d\u00e9s megel\u0151z\u00e9se \u00e9rdek\u00e9ben.<\/p>\n<h2>Hibaelh\u00e1r\u00edt\u00e1s \u00e9s gyakori probl\u00e9m\u00e1k<\/h2>\n<ul>\n<li>\n<h3>Sziv\u00e1rg\u00e1sok<\/h3>\n<p>A hidraulikus sziv\u00e1rg\u00e1sok a g\u00e9mhengerek leggyakoribb probl\u00e9m\u00e1i k\u00f6z\u00e9 tartoznak. Ezek a t\u00f6m\u00edt\u00e9sek kop\u00e1sa vagy a hengertest s\u00e9r\u00fcl\u00e9se miatt fordulhatnak el\u0151. A sziv\u00e1rg\u00e1sok azonos\u00edt\u00e1sa \u00e9rdek\u00e9ben rendszeres karbantart\u00e1si ellen\u0151rz\u00e9seket kell v\u00e9gezni, \u00e9s sz\u00fcks\u00e9g eset\u00e9n azonnal int\u00e9zkedni kell a t\u00f6m\u00edt\u00e9sek jav\u00edt\u00e1s\u00e1r\u00f3l vagy cser\u00e9j\u00e9r\u0151l.<\/p>\n<\/li>\n<li>\n<h3>Lass\u00fa m\u0171k\u00f6d\u00e9s<\/h3>\n<p>Ha a g\u00e9m munkahenger lassan m\u0171k\u00f6dik, az alacsony hidraulikafolyad\u00e9k-szintre vagy eldugult vezet\u00e9kre utalhat. A kezel\u0151knek ellen\u0151rizni\u00fck kell a folyad\u00e9kszintet \u00e9s a vezet\u00e9keket, hogy nincsenek-e elt\u00f6m\u0151dve. A rendszer l\u00e9gbubor\u00e9kokt\u00f3l \u00e9s idegen anyagokt\u00f3l mentes biztos\u00edt\u00e1sa elengedhetetlen a z\u00f6kken\u0151mentes m\u0171k\u00f6d\u00e9s fenntart\u00e1s\u00e1hoz.<\/p>\n<\/li>\n<li>\n<h3>Szokatlan zajok<\/h3>\n<p>A m\u0171k\u00f6d\u00e9s k\u00f6zbeni szokatlan zajok bels\u0151 probl\u00e9m\u00e1kra, p\u00e9ld\u00e1ul kavit\u00e1ci\u00f3ra vagy mechanikai meghib\u00e1sod\u00e1sra utalhatnak. A kezel\u0151knek le kell \u00e1ll\u00edtaniuk a m\u0171k\u00f6d\u00e9st, \u00e9s alapos ellen\u0151rz\u00e9st kell v\u00e9gezni\u00fck a zaj forr\u00e1s\u00e1nak azonos\u00edt\u00e1sa \u00e9s a sz\u00fcks\u00e9ges jav\u00edt\u00e1sok azonnali elv\u00e9gz\u00e9se \u00e9rdek\u00e9ben.<\/p>\n<\/li>\n<\/ul>\n<h2>Tippek a hat\u00e9kony hibaelh\u00e1r\u00edt\u00e1shoz<\/h2>\n<p>A hidraulikus hengerekkel kapcsolatos probl\u00e9m\u00e1k hat\u00e9kony diagnosztiz\u00e1l\u00e1sa \u00e9s megold\u00e1sa \u00e9rdek\u00e9ben a kezel\u0151knek szisztematikus megk\u00f6zel\u00edt\u00e9st kell k\u00f6vetni\u00fck. Kezdje az \u00fczemi k\u00f6r\u00fclm\u00e9nyek \u00e1ttekint\u00e9s\u00e9vel, \u00e9s hasonl\u00edtsa \u00f6ssze azokat a gy\u00e1rt\u00f3 aj\u00e1nl\u00e1saival. Vizsg\u00e1lja meg az \u00f6sszes alkatr\u00e9szt kop\u00e1s, s\u00e9r\u00fcl\u00e9s vagy hib\u00e1s be\u00e1ll\u00edt\u00e1s jelei szempontj\u00e1b\u00f3l. A kisebb probl\u00e9m\u00e1kat halad\u00e9ktalanul kezelje, hogy megakad\u00e1lyozza azok s\u00falyosbod\u00e1s\u00e1t, \u00e9s vezessen napl\u00f3t a jav\u00edt\u00e1sokr\u00f3l \u00e9s ellen\u0151rz\u00e9sekr\u0151l, hogy nyomon tudja k\u00f6vetni a mint\u00e1kat az id\u0151 m\u00fal\u00e1s\u00e1val. Ezenk\u00edv\u00fcl a kezel\u0151k rendszeres hibaelh\u00e1r\u00edt\u00e1si technik\u00e1kkal kapcsolatos k\u00e9pz\u00e9se jelent\u0151sen n\u00f6velheti a karbantart\u00e1si folyamat hat\u00e9konys\u00e1g\u00e1t.<\/p>\n<p><img decoding=\"async\" src=\"https:\/\/www.hydraulic-cylinders.net\/wp-content\/uploads\/2025\/04\/songte-bushings-with-all-kinds-of-excavator-models.webp\" alt=\"Perselyek k\u00e9pe\" \/><\/p>\n<h2>C\u00e9g\u00fcnkr\u0151l<\/h2>\n<p>Vezet\u0151 gy\u00e1rt\u00f3i vagyunk a p\u00f3talkatr\u00e9szk\u00e9nt szolg\u00e1l\u00f3 hidraulikus hengereknek, \u00e1tfog\u00f3 term\u00e9kv\u00e1laszt\u00e9kot k\u00edn\u00e1lva, amely mind a hazai, mind a nemzetk\u00f6zi piacokat kiszolg\u00e1lja. A kiv\u00e1l\u00f3s\u00e1g ir\u00e1nti elk\u00f6telezetts\u00e9g\u00fcnket a finom gy\u00e1rt\u00e1si folyamatokra \u00e9s a szigor\u00fa termel\u00e9sir\u00e1ny\u00edt\u00e1si strat\u00e9gi\u00e1kra val\u00f3 \u00f6sszpontos\u00edt\u00e1sunk is al\u00e1t\u00e1masztja. K\u00e9pzett szakemberek, fejlett digit\u00e1lis gy\u00e1rt\u00f3berendez\u00e9sek \u00e9s robusztus tesztrendszerek kihaszn\u00e1l\u00e1s\u00e1val folyamatosan fejlesztj\u00fck gy\u00e1rt\u00e1si k\u00e9pess\u00e9geinket. Ez a precizit\u00e1s \u00e9s a min\u0151s\u00e9g ir\u00e1nti elk\u00f6telezetts\u00e9g biztos\u00edtja, hogy nagy hat\u00e9konys\u00e1ggal, pontoss\u00e1ggal \u00e9s min\u0151s\u00e9ggel el\u00e9g\u00edts\u00fck ki \u00fcgyfeleink v\u00e1ltozatos ig\u00e9nyeit.<\/p>\n<ul>\n<li>\n<h3>Szak\u00e9rtelem<\/h3>\n<p>Csapatunk magasan k\u00e9pzett szakemberekb\u0151l \u00e1ll, akik sz\u00e9lesk\u00f6r\u0171 tud\u00e1ssal \u00e9s tapasztalattal j\u00e1rulnak hozz\u00e1 a gy\u00e1rt\u00e1si folyamathoz. Szak\u00e9rtelm\u00fck biztos\u00edtja, hogy minden term\u00e9k\u00fcnk megfeleljen, vagy meghaladja az ipar\u00e1gi szabv\u00e1nyokat.<\/p>\n<\/li>\n<li>\n<h3>Nemzetk\u00f6zi tan\u00fas\u00edtv\u00e1nyok<\/h3>\n<p>Nemzetk\u00f6zi min\u0151s\u00e9gi szabv\u00e1nyokat k\u00f6vet\u00fcnk, biztos\u00edtva, hogy term\u00e9keink a glob\u00e1lis piacokra is tan\u00fas\u00edtottak legyenek. Ez az elk\u00f6telezetts\u00e9g n\u00f6veli hiteless\u00e9g\u00fcnket \u00e9s \u00fcgyfeleink bizalm\u00e1t.<\/p>\n<\/li>\n<li>\n<h3>Testreszabott szolg\u00e1ltat\u00e1sok<\/h3>\n<p>We offer customized solutions to meet our clients&#8217; specific needs, providing flexibility and tailored products that enhance operational efficiency.<\/p>\n<\/li>\n<li>\n<h3>Korszer\u0171 gy\u00e1rt\u00f3berendez\u00e9sek<\/h3>\n<p>Gy\u00e1rt\u00f3\u00fczemeink a legmodernebb technol\u00f3gi\u00e1val vannak felszerelve, \u00edgy kiv\u00e1l\u00f3 min\u0151s\u00e9g\u0171 hidraulikus hengereket tudunk prec\u00edzen \u00e9s hat\u00e9konyan el\u0151\u00e1ll\u00edtani.<\/p>\n<\/li>\n<li>\n<h3>\u00c1tfog\u00f3 \u00e9rt\u00e9kes\u00edt\u00e9s ut\u00e1ni t\u00e1mogat\u00e1s<\/h3>\n<p>Hisz\u00fcnk abban, hogy folyamatos t\u00e1mogat\u00e1st kell ny\u00fajtanunk \u00fcgyfeleinknek, \u00e9s olyan \u00e9rt\u00e9kes\u00edt\u00e9s ut\u00e1ni szolg\u00e1ltat\u00e1sokat k\u00edn\u00e1lunk, amelyek biztos\u00edtj\u00e1k term\u00e9keink hossz\u00fa \u00e9lettartam\u00e1t \u00e9s megb\u00edzhat\u00f3s\u00e1g\u00e1t.<\/p>\n<\/li>\n<\/ul>\n<p><img decoding=\"async\" src=\"https:\/\/www.hydraulic-cylinders.net\/wp-content\/uploads\/2025\/04\/songte-company-4.webp\" alt=\"C\u00e9gk\u00e9p 1\" \/><br \/>\n<img decoding=\"async\" src=\"https:\/\/www.hydraulic-cylinders.net\/wp-content\/uploads\/2025\/04\/songte-company-3.webp\" alt=\"C\u00e9gk\u00e9p 2\" \/><\/p>\n<p>Szerz\u0151: lyl<\/p>","protected":false},"excerpt":{"rendered":"<p>Boom Cylinder For Tiangong ZG3255LC-9C Product Overview The Boom Cylinder for Tiangong ZG3255LC-9C is an essential hydraulic component specifically designed to control the motion of buckets in various heavy machinery, such as excavators, backhoes, and front loaders. This hydraulic cylinder allows for the lifting, lowering, and tilting of the bucket, making it a vital tool [&hellip;]<\/p>","protected":false},"featured_media":17874,"comment_status":"open","ping_status":"closed","template":"","meta":{"_et_pb_use_builder":"","_et_pb_old_content":"","_et_gb_content_width":""},"product_brand":[],"product_cat":[1546],"product_tag":[1547,1496],"class_list":{"0":"post-19686","1":"product","2":"type-product","3":"status-publish","4":"has-post-thumbnail","6":"product_cat-boom-cylinders","7":"product_tag-boom-cylinders","8":"product_tag-hydraulic-cylinders","10":"first","11":"instock","12":"shipping-taxable","13":"product-type-simple"},"amp_enabled":true,"_links":{"self":[{"href":"https:\/\/www.hydraulic-cylinders.net\/hu\/wp-json\/wp\/v2\/product\/19686","targetHints":{"allow":["GET"]}}],"collection":[{"href":"https:\/\/www.hydraulic-cylinders.net\/hu\/wp-json\/wp\/v2\/product"}],"about":[{"href":"https:\/\/www.hydraulic-cylinders.net\/hu\/wp-json\/wp\/v2\/types\/product"}],"replies":[{"embeddable":true,"href":"https:\/\/www.hydraulic-cylinders.net\/hu\/wp-json\/wp\/v2\/comments?post=19686"}],"wp:featuredmedia":[{"embeddable":true,"href":"https:\/\/www.hydraulic-cylinders.net\/hu\/wp-json\/wp\/v2\/media\/17874"}],"wp:attachment":[{"href":"https:\/\/www.hydraulic-cylinders.net\/hu\/wp-json\/wp\/v2\/media?parent=19686"}],"wp:term":[{"taxonomy":"product_brand","embeddable":true,"href":"https:\/\/www.hydraulic-cylinders.net\/hu\/wp-json\/wp\/v2\/product_brand?post=19686"},{"taxonomy":"product_cat","embeddable":true,"href":"https:\/\/www.hydraulic-cylinders.net\/hu\/wp-json\/wp\/v2\/product_cat?post=19686"},{"taxonomy":"product_tag","embeddable":true,"href":"https:\/\/www.hydraulic-cylinders.net\/hu\/wp-json\/wp\/v2\/product_tag?post=19686"}],"curies":[{"name":"munkaf\u00fczet","href":"https:\/\/api.w.org\/{rel}","templated":true}]}}