{"id":19689,"date":"2025-04-07T07:01:59","date_gmt":"2025-04-07T07:01:59","guid":{"rendered":"https:\/\/www.hydraulic-cylinders.net\/product\/boom-cylinder-for-tiangong-zg3225lc-9c\/"},"modified":"2025-04-07T07:02:02","modified_gmt":"2025-04-07T07:02:02","slug":"boom-cylinder-for-tiangong-zg3225lc-9c","status":"publish","type":"product","link":"https:\/\/www.hydraulic-cylinders.net\/hu\/termek\/boom-cylinder-for-tiangong-zg3225lc-9c\/","title":{"rendered":"G\u00e9mhenger Tiangong ZG3225LC-9C-hez"},"content":{"rendered":"<h1>G\u00e9mhenger Tiangong ZG3225LC-9C-hez<\/h1>\n<h2>Bevezet\u00e9s a g\u00e9mhengerbe<\/h2>\n<p>A g\u00e9mhenger l\u00e9tfontoss\u00e1g\u00fa alkatr\u00e9sz a hidraulikus rendszerekben, amelyet kifejezetten a neh\u00e9zg\u00e9pek, p\u00e9ld\u00e1ul kotr\u00f3g\u00e9pek, kotr\u00f3rakod\u00f3k \u00e9s homlokrakod\u00f3k kanalainak mozg\u00e1s\u00e1nak vez\u00e9rl\u00e9s\u00e9re terveztek. Ez a hidraulikus henger lehet\u0151v\u00e9 teszi a kan\u00e1l emel\u00e9s\u00e9t, s\u00fcllyeszt\u00e9s\u00e9t \u00e9s billent\u00e9s\u00e9t, megk\u00f6nny\u00edtve a k\u00fcl\u00f6nf\u00e9le anyagmozgat\u00e1si feladatokat. Kulcsfontoss\u00e1g\u00fa szerepet j\u00e1tszik az \u00e9p\u00edt\u00e9si \u00e9s f\u00f6ldmunk\u00e1k sor\u00e1n a m\u0171k\u00f6d\u00e9si hat\u00e9konys\u00e1g \u00e9s a pontoss\u00e1g n\u00f6vel\u00e9s\u00e9ben.<\/p>\n<p><img decoding=\"async\" src=\"https:\/\/www.hydraulic-cylinders.net\/wp-content\/uploads\/2025\/04\/songte-company-1.webp\" alt=\"G\u00e9mhenger\"><\/p>\n<h3>Meghat\u00e1roz\u00e1s \u00e9s \u00e1ttekint\u00e9s<\/h3>\n<p>A kan\u00e1lhenger, vagy g\u00e9mhenger, egyfajta hidraulikus henger, amely biztos\u00edtja a kan\u00e1l helyzet\u00e9nek manipul\u00e1l\u00e1s\u00e1hoz sz\u00fcks\u00e9ges er\u0151t. Ezeket a hengereket \u00fagy tervezt\u00e9k, hogy ellen\u00e1lljanak a nagy nyom\u00e1snak \u00e9s terhel\u00e9snek, \u00edgy n\u00e9lk\u00fcl\u00f6zhetetlenek a neh\u00e9z alkalmaz\u00e1sokban. A szab\u00e1lyozott mozg\u00e1sok biztos\u00edt\u00e1s\u00e1nak k\u00e9pess\u00e9ge lehet\u0151v\u00e9 teszi a kezel\u0151k sz\u00e1m\u00e1ra, hogy k\u00f6nnyed\u00e9n elv\u00e9gezz\u00e9k az olyan feladatokat, mint az \u00e1s\u00e1s, emel\u00e9s \u00e9s rakod\u00e1s.<\/p>\n<h2>A g\u00e9mhenger jellemz\u0151i<\/h2>\n<ul>\n<li><strong>Nagy szil\u00e1rds\u00e1g \u00e9s tart\u00f3ss\u00e1g:<\/strong> A nagy szil\u00e1rds\u00e1g\u00fa ac\u00e9lb\u00f3l vagy alum\u00edniumb\u00f3l k\u00e9sz\u00fclt g\u00e9mhenger k\u00e9pes ellen\u00e1llni a nagy nyom\u00e1snak \u00e9s a neh\u00e9z terhel\u00e9seknek. Kialak\u00edt\u00e1sa sor\u00e1n figyelembe vett\u00e9k a kop\u00e1s\u00e1ll\u00f3s\u00e1got \u00e9s a korr\u00f3zi\u00f3v\u00e9delmet, \u00edgy biztos\u00edtva a hossz\u00fa \u00e9lettartamot m\u00e9g zord munkak\u00f6rnyezetben is.<\/li>\n<li><strong>Hat\u00e9kony hidraulikus m\u0171k\u00f6dtet\u00e9s:<\/strong> A henger hidraulikaolaj-nyom\u00e1ssal m\u0171k\u00f6dik, ami lehet\u0151v\u00e9 teszi a sima ki- \u00e9s visszah\u00faz\u00e1st. Gyorsan reag\u00e1l a kezel\u0151i parancsokra, \u00e9s er\u0151teljes tol\u00f3- \u00e9s h\u00faz\u00f3er\u0151t biztos\u00edt, amely alkalmas a neh\u00e9z \u00e9s \u00f6sszetett feladatok elv\u00e9gz\u00e9s\u00e9re.<\/li>\n<li><strong>K\u00fcl\u00f6nb\u00f6z\u0151 t\u00edpusok:<\/strong> A g\u00e9mhenger testreszabhat\u00f3 egyszeres m\u0171k\u00f6d\u00e9s\u0171 (egy ir\u00e1nyban m\u0171k\u00f6dik) vagy kett\u0151s m\u0171k\u00f6d\u00e9s\u0171 (mindk\u00e9t ir\u00e1nyban m\u0171k\u00f6dik) kivitelben, hogy megfeleljen a k\u00fcl\u00f6nf\u00e9le m\u0171k\u00f6d\u00e9si ig\u00e9nyeknek. Egyes modellek teleszk\u00f3posak, \u00edgy nagyobb kiny\u00fal\u00e1st tesznek lehet\u0151v\u00e9 a k\u00fcls\u0151 m\u00e9retek n\u00f6vel\u00e9se n\u00e9lk\u00fcl, \u00edgy ide\u00e1lisak a helysz\u0171k\u00e9ben l\u00e9v\u0151 alkalmaz\u00e1sokhoz.<\/li>\n<li><strong>Prec\u00edzi\u00f3s m\u00e9rn\u00f6ki munka:<\/strong> Minden egyes hengert apr\u00f3l\u00e9kosan megterveztek az optim\u00e1lis teljes\u00edtm\u00e9ny \u00e9s megb\u00edzhat\u00f3s\u00e1g biztos\u00edt\u00e1sa \u00e9rdek\u00e9ben. Ez a precizit\u00e1s fokozott \u00fczembiztons\u00e1got \u00e9s hat\u00e9konys\u00e1got eredm\u00e9nyez.<\/li>\n<li><strong>Egyedi gy\u00e1rt\u00e1s:<\/strong> K\u00e9pesek vagyunk gy\u00e1rtani ezt a term\u00e9ket, amely t\u00f6k\u00e9letesen helyettes\u00edti a megl\u00e9v\u0151 hidraulikus hengereket.<\/li>\n<\/ul>\n<p><img decoding=\"async\" src=\"https:\/\/www.hydraulic-cylinders.net\/wp-content\/uploads\/2025\/04\/songte-cylinder-head-with-all-kinds-excavator-models.webp\" alt=\"Kotr\u00f3g\u00e9p modellek\"><\/p>\n<h2>A g\u00e9mhenger alkalmaz\u00e1sai<\/h2>\n<h3>\u00c9p\u00edt\u0151ipari berendez\u00e9sek<\/h3>\n<p>A kotr\u00f3g\u00e9pekben a g\u00e9mhengerek szerves r\u00e9sz\u00e9t k\u00e9pezik az \u00e1s\u00e1s, a rakod\u00e1s \u00e9s a f\u00f6ld vagy t\u00f6rmel\u00e9k mozgat\u00e1s\u00e1nak folyamatainak. Funkci\u00f3juk lehet\u0151v\u00e9 teszi a pontos pozicion\u00e1l\u00e1st \u00e9s emel\u00e9st, ami kulcsfontoss\u00e1g\u00fa az \u00e9p\u00edt\u00e9si feladatokn\u00e1l. A kotr\u00f3g\u00e9p-rakod\u00f3kban mind a f\u00f6ldmunk\u00e1ban, mind az emel\u00e9sben seg\u00edtenek, \u00edgy sokoldal\u00fa eszk\u00f6z\u00f6kk\u00e9 v\u00e1lnak a munkater\u00fcleteken.<\/p>\n<h3>Mez\u0151gazdas\u00e1gi g\u00e9pek<\/h3>\n<p>A homlokrakod\u00f3kban a g\u00e9mhengerek megk\u00f6nny\u00edtik a talaj, sz\u00e9na \u00e9s egy\u00e9b anyagok \u00e1s\u00e1s\u00e1t, emel\u00e9s\u00e9t \u00e9s sz\u00e1ll\u00edt\u00e1s\u00e1t. Szil\u00e1rds\u00e1guk \u00e9s megb\u00edzhat\u00f3s\u00e1guk biztos\u00edtja a mez\u0151gazdas\u00e1gi feladatok hat\u00e9kony elv\u00e9gz\u00e9s\u00e9t, n\u00f6velve a termel\u00e9kenys\u00e9get \u00e9s minimaliz\u00e1lva a munkaer\u0151k\u00f6lts\u00e9geket.<\/p>\n<h3>Kotr\u00f3g\u00e9pek<\/h3>\n<p>A kotr\u00f3g\u00e9pekben a kan\u00e1lhenger hat\u00e9kony \u00e1s\u00e1si m\u0171veleteket tesz lehet\u0151v\u00e9 az\u00e1ltal, hogy lehet\u0151v\u00e9 teszi a kan\u00e1l hat\u00e9kony talajba hatol\u00e1s\u00e1t. Ez a k\u00e9pess\u00e9g l\u00e9tfontoss\u00e1g\u00fa a k\u00fcl\u00f6nf\u00e9le feladatokhoz, az \u00e9p\u00edtkez\u00e9st\u0151l a tereprendez\u00e9sig, biztos\u00edtva, hogy a kezel\u0151k minim\u00e1lis er\u0151fesz\u00edt\u00e9ssel elv\u00e9gezhess\u00e9k munk\u00e1jukat.<\/p>\n<h3>Rakod\u00f3k<\/h3>\n<p>A homlokrakod\u00f3kn\u00e1l a g\u00e9mhengerek kulcsszerepet j\u00e1tszanak a rakom\u00e1nyok hat\u00e9kony emel\u00e9s\u00e9ben \u00e9s \u00fcr\u00edt\u00e9s\u00e9ben. Kialak\u00edt\u00e1suk lehet\u0151v\u00e9 teszi a z\u00f6kken\u0151mentes m\u0171k\u00f6d\u00e9st, cs\u00f6kkentve a rakod\u00e1si feladatok elv\u00e9gz\u00e9s\u00e9hez sz\u00fcks\u00e9ges id\u0151t, ami elengedhetetlen a helysz\u00edni termel\u00e9kenys\u00e9g fenntart\u00e1s\u00e1hoz.<\/p>\n<h2>Tervez\u00e9si szempontok \u00e9s kiv\u00e1laszt\u00e1si szabv\u00e1nyok<\/h2>\n<h3>Teherb\u00edr\u00e1s<\/h3>\n<p>G\u00e9mhenger kiv\u00e1laszt\u00e1sakor kiemelked\u0151 fontoss\u00e1g\u00fa annak teherb\u00edr\u00e1sa. A hengernek k\u00e9pesnek kell lennie a m\u0171k\u00f6d\u00e9s sor\u00e1n fell\u00e9p\u0151 maxim\u00e1lis s\u00faly elvisel\u00e9s\u00e9re. A m\u00e9rn\u00f6k\u00f6k sz\u00e1mos t\u00e9nyez\u0151t vesznek figyelembe, bele\u00e9rtve az anyagok s\u00faly\u00e1t \u00e9s a berendez\u00e9s \u00e1ltal\u00e1nos kialak\u00edt\u00e1s\u00e1t. A henger t\u00falterhel\u00e9se katasztrof\u00e1lis meghib\u00e1sod\u00e1sokhoz vezethet, ez\u00e9rt kulcsfontoss\u00e1g\u00fa olyan alkatr\u00e9szt v\u00e1lasztani, amely meghaladja a v\u00e1rhat\u00f3 terhel\u00e9st.<\/p>\n<h3>T\u00f6m\u00edt\u00e9s<\/h3>\n<p>A t\u00f6m\u00edt\u00e9s egy m\u00e1sik kritikus szempont. A hengert kiv\u00e1l\u00f3 min\u0151s\u00e9g\u0171 t\u00f6m\u00edt\u00e9sekkel kell ell\u00e1tni, hogy megakad\u00e1lyozz\u00e1k a hidraulikafolyad\u00e9k sziv\u00e1rg\u00e1s\u00e1t, ami ronthatja a teljes\u00edtm\u00e9nyt. Gyakran haszn\u00e1lnak poliuret\u00e1nb\u00f3l vagy nitrilgumib\u00f3l k\u00e9sz\u00fclt t\u00f6m\u00edt\u00e9seket tart\u00f3ss\u00e1guk \u00e9s kop\u00e1s\u00e1ll\u00f3s\u00e1guk miatt. A megfelel\u0151 t\u00f6m\u00edt\u00e9s biztos\u00edt\u00e1sa nemcsak a hat\u00e9konys\u00e1got n\u00f6veli, hanem a henger \u00e9lettartam\u00e1t is meghosszabb\u00edtja.<\/p>\n<h3>Tart\u00f3ss\u00e1g<\/h3>\n<p>A tart\u00f3ss\u00e1g elengedhetetlen a g\u00e9mhengerek eset\u00e9ben, mivel zord \u00fczemi k\u00f6rnyezetnek vannak kit\u00e9ve. A gy\u00e1rt\u00f3k a kop\u00e1snak \u00e9s a korr\u00f3zi\u00f3nak ellen\u00e1ll\u00f3, robusztus anyagok \u00e9s bevonatok haszn\u00e1lat\u00e1ra \u00f6sszpontos\u00edtanak. A tart\u00f3s henger minimaliz\u00e1lja a karbantart\u00e1si ig\u00e9nyt \u00e9s n\u00f6veli a megb\u00edzhat\u00f3s\u00e1got, biztos\u00edtva, hogy a berendez\u00e9sek hosszabb ideig m\u0171k\u00f6d\u0151k\u00e9pesek maradjanak.<\/p>\n<h3>Biztons\u00e1g<\/h3>\n<p>A biztons\u00e1gi funkci\u00f3knak is els\u0151dleges szempontnak kell lenni\u00fck. A hidraulikus hengereknek be\u00e9p\u00edtett biztons\u00e1gi mechanizmusokkal kell rendelkezni\u00fck a m\u0171k\u00f6d\u00e9s k\u00f6zbeni v\u00e1ratlan meghib\u00e1sod\u00e1sok megel\u0151z\u00e9se \u00e9rdek\u00e9ben. Ez mag\u00e1ban foglalhat nyom\u00e1scs\u00f6kkent\u0151 szelepeket \u00e9s biztons\u00e1gi z\u00e1rakat, amelyek biztos\u00edtj\u00e1k, hogy a henger ne m\u0171k\u00f6dj\u00f6n a biztons\u00e1gos hat\u00e1rokon k\u00edv\u00fcl. A megfelel\u0151 biztons\u00e1gi int\u00e9zked\u00e9sek mind a berendez\u00e9st, mind a kezel\u0151t v\u00e9dik.<\/p>\n<h3>Karbantarthat\u00f3s\u00e1g<\/h3>\n<p>V\u00e9g\u00fcl a karbantarthat\u00f3s\u00e1g jelent\u0151s szerepet j\u00e1tszik a kiv\u00e1laszt\u00e1si folyamatban. Az olyan kialak\u00edt\u00e1s kiv\u00e1laszt\u00e1sa, amely lehet\u0151v\u00e9 teszi az egyszer\u0171 karbantart\u00e1st \u00e9s ellen\u0151rz\u00e9st, id\u0151t takar\u00edthat meg \u00e9s cs\u00f6kkentheti az \u00e1ll\u00e1sid\u0151t. Az olyan jellemz\u0151k, mint a k\u00f6nnyen hozz\u00e1f\u00e9rhet\u0151 zs\u00edrz\u00f3gombok \u00e9s az egyszer\u0171 sz\u00e9tszerel\u00e9si folyamatok, nagym\u00e9rt\u00e9kben jav\u00edthatj\u00e1k a karbantarthat\u00f3s\u00e1got, biztos\u00edtva, hogy a henger sz\u00fcks\u00e9g eset\u00e9n hat\u00e9konyan szervizelhet\u0151 legyen.<\/p>\n<p><img decoding=\"async\" src=\"https:\/\/www.hydraulic-cylinders.net\/wp-content\/uploads\/2025\/04\/songte-oil-pipes-and-spare-parts.webp\" alt=\"Olajcs\u00f6vek \u00e9s alkatr\u00e9szek\"><\/p>\n<h2>T\u00f6m\u00edt\u00e9s \u00e9s ken\u00e9s<\/h2>\n<p>A g\u00e9mhenger hat\u00e9konys\u00e1ga nagym\u00e9rt\u00e9kben f\u00fcgg a t\u00f6m\u00edt\u0151- \u00e9s ken\u0151rendszereit\u0151l. K\u00fcl\u00f6nb\u00f6z\u0151 t\u00f6m\u00edt\u00e9seket haszn\u00e1lnak, bele\u00e9rtve a dugatty\u00fat\u00f6m\u00edt\u00e9seket \u00e9s a r\u00fadt\u00f6m\u00edt\u00e9seket, hogy biztos\u00edts\u00e1k a mozg\u00f3 alkatr\u00e9szek k\u00f6z\u00f6tti szoros t\u00f6m\u00edt\u00e9st. Ezek a t\u00f6m\u00edt\u00e9sek jellemz\u0151en nagy kop\u00e1s\u00e1ll\u00f3s\u00e1g\u00fa anyagokb\u00f3l k\u00e9sz\u00fclnek, amelyek alkalmasak a zord k\u00f6r\u00fclm\u00e9nyekre, p\u00e9ld\u00e1ul poliuret\u00e1nb\u00f3l \u00e9s nitrilgumib\u00f3l. Ezenk\u00edv\u00fcl a hengertest \u00e9s a menetes v\u00e9gek finom megmunk\u00e1l\u00e1son esnek \u00e1t a kop\u00e1s\u00e1ll\u00f3s\u00e1g fokoz\u00e1sa \u00e9rdek\u00e9ben.<\/p>\n<p>A rendszeres ken\u00e9s szint\u00e9n kritikus fontoss\u00e1g\u00fa; a s\u00farl\u00f3d\u00e1s \u00e9s a kop\u00e1s cs\u00f6kkent\u00e9se \u00e9rdek\u00e9ben rendszeresen megfelel\u0151 hidraulikaolajat kell ut\u00e1nt\u00f6lteni. A megfelel\u0151 ken\u00e9si szint fenntart\u00e1sa nemcsak a henger \u00e9lettartam\u00e1t hosszabb\u00edtja meg, hanem optim\u00e1lis teljes\u00edtm\u00e9nyt is biztos\u00edt m\u0171k\u00f6d\u00e9s k\u00f6zben. A ken\u00e9s elhanyagol\u00e1sa id\u0151 el\u0151tti kop\u00e1shoz \u00e9s potenci\u00e1lis meghib\u00e1sod\u00e1shoz vezethet, ez\u00e9rt a karbantart\u00e1s elengedhetetlen r\u00e9sze.<\/p>\n<h2>Megel\u0151z\u0151 karbantart\u00e1si int\u00e9zked\u00e9sek<\/h2>\n<ul>\n<li><strong>Rendszeres ellen\u0151rz\u00e9sek:<\/strong> A rendszeres ellen\u0151rz\u00e9sek seg\u00edthetnek azonos\u00edtani a potenci\u00e1lis probl\u00e9m\u00e1kat, miel\u0151tt azok komolyabb probl\u00e9m\u00e1kk\u00e1 v\u00e1ln\u00e1nak. Keresse a kop\u00e1s, sziv\u00e1rg\u00e1sok \u00e9s a szokatlan zajok jeleit m\u0171k\u00f6d\u00e9s k\u00f6zben.<\/li>\n<li><strong>Megfelel\u0151 ken\u00e9s:<\/strong> Gy\u0151z\u0151dj\u00f6n meg arr\u00f3l, hogy a hidraulikaolaj szintje megfelel\u0151, \u00e9s hogy az olaj kiv\u00e1l\u00f3 min\u0151s\u00e9g\u0171. Rendszeresen ellen\u0151rizze, \u00e9s sz\u00fcks\u00e9g szerint t\u00f6ltse fel az olajat az optim\u00e1lis teljes\u00edtm\u00e9ny fenntart\u00e1sa \u00e9rdek\u00e9ben.<\/li>\n<li><strong>T\u00f6m\u00edt\u00e9scsere:<\/strong> Id\u0151vel a t\u00f6m\u00edt\u00e9sek elkophatnak, \u00e9s cser\u00e9re szorulhatnak. Rendszeresen ellen\u0151rizze a t\u00f6m\u00edt\u00e9seket, \u00e9s az els\u0151 s\u00e9r\u00fcl\u00e9si jelekn\u00e9l cser\u00e9lje ki \u0151ket a sziv\u00e1rg\u00e1sok megel\u0151z\u00e9se \u00e9s a hat\u00e9konys\u00e1g fenntart\u00e1sa \u00e9rdek\u00e9ben.<\/li>\n<\/ul>\n<h2>Telep\u00edt\u00e9si \u00fatmutat\u00f3<\/h2>\n<p>A g\u00e9mhenger megfelel\u0151 beszerel\u00e9se elengedhetetlen az optim\u00e1lis teljes\u00edtm\u00e9nyhez. Kezdje azzal, hogy megbizonyosodik arr\u00f3l, hogy a r\u00f6gz\u00edt\u0151fel\u00fcletek tiszt\u00e1k \u00e9s t\u00f6rmel\u00e9kmentesek. Igaz\u00edtsa be megfelel\u0151en a hengert, megfelel\u0151 r\u00f6gz\u00edt\u0151konzolokkal r\u00f6gz\u00edtve. A helytelen be\u00e1ll\u00edt\u00e1s t\u00falzott ig\u00e9nybev\u00e9telt okozhat a t\u00f6m\u00edt\u00e9seken, \u00e9s id\u0151 el\u0151tti meghib\u00e1sod\u00e1shoz vezethet.<\/p>\n<p>A henger r\u00f6gz\u00edt\u00e9se ut\u00e1n csatlakoztassa a hidraulikavezet\u00e9keket, \u00fcgyelve arra, hogy minden csatlakoz\u00f3 szoros \u00e9s sziv\u00e1rg\u00e1smentes legyen. Az alkatr\u00e9szek k\u00e1rosod\u00e1s\u00e1nak elker\u00fcl\u00e9se \u00e9rdek\u00e9ben elengedhetetlen a gy\u00e1rt\u00f3 \u00e1ltal megadott nyomat\u00e9kbe\u00e1ll\u00edt\u00e1sok betart\u00e1sa. A beszerel\u00e9s ut\u00e1n a teljes kapacit\u00e1son t\u00f6rt\u00e9n\u0151 m\u0171k\u00f6dtet\u00e9s el\u0151tt ellen\u0151rizze a hidraulikarendszert alacsony nyom\u00e1son v\u00e9gzett pr\u00f3b\u00e1val, hogy nincs-e sziv\u00e1rg\u00e1s.<\/p>\n<p>A hossz\u00fa t\u00e1v\u00fa m\u0171k\u00f6d\u0151k\u00e9pess\u00e9g \u00e9s biztons\u00e1g biztos\u00edt\u00e1sa \u00e9rdek\u00e9ben rendszeresen ellen\u0151rizze a gy\u00e1rt\u00f3 \u00e1ltal biztos\u00edtott telep\u00edt\u00e9si utas\u00edt\u00e1sokat \u00e9s karbantart\u00e1si ir\u00e1nyelveket.<\/p>\n<h2>Gyakori karbantart\u00e1si feladatok<\/h2>\n<h3>Rendszeres ellen\u0151rz\u00e9sek<\/h3>\n<p>A g\u00e9mhenger rendszeres ellen\u0151rz\u00e9se elengedhetetlen a potenci\u00e1lis probl\u00e9m\u00e1k korai azonos\u00edt\u00e1s\u00e1hoz. Vizsg\u00e1lja meg a kop\u00e1s, s\u00e9r\u00fcl\u00e9s vagy sziv\u00e1rg\u00e1s jeleit, \u00e9s azonnal kezelje a probl\u00e9m\u00e1kat a tov\u00e1bbi k\u00e1rok megel\u0151z\u00e9se \u00e9rdek\u00e9ben. A karbantart\u00e1s proakt\u00edv megk\u00f6zel\u00edt\u00e9se id\u0151t \u00e9s k\u00f6lts\u00e9geket takar\u00edthat meg a jav\u00edt\u00e1sok sor\u00e1n.<\/p>\n<h3>Megfelel\u0151 ken\u00e9s<\/h3>\n<p>A megfelel\u0151 ken\u00e9s elengedhetetlen a g\u00e9mhenger hossz\u00fa \u00e9lettartam\u00e1hoz. Gy\u0151z\u0151dj\u00f6n meg arr\u00f3l, hogy a hidraulikaolaj szintje megfelel\u0151, \u00e9s hogy a haszn\u00e1lt olaj az aj\u00e1nlott t\u00edpus\u00fa. Rendszeresen kenje meg az \u00f6sszes mozg\u00f3 alkatr\u00e9szt a s\u00farl\u00f3d\u00e1s \u00e9s a kop\u00e1s cs\u00f6kkent\u00e9se \u00e9rdek\u00e9ben, ami meghosszabb\u00edthatja a henger \u00e9lettartam\u00e1t.<\/p>\n<h3>T\u00f6m\u00edt\u00e9scsere \u00e9s kalibr\u00e1l\u00e1s ellen\u0151rz\u00e9se<\/h3>\n<p>A t\u00f6m\u00edt\u00e9seket rendszeresen cser\u00e9lni kell a teljes\u00edtm\u00e9ny fenntart\u00e1sa \u00e9rdek\u00e9ben. Rendszeresen ellen\u0151rizze a t\u00f6m\u00edt\u00e9sek kop\u00e1s\u00e1t, \u00e9s sz\u00fcks\u00e9g szerint cser\u00e9lje ki \u0151ket. A kalibr\u00e1ci\u00f3s ellen\u0151rz\u00e9sek szint\u00e9n elengedhetetlenek annak biztos\u00edt\u00e1s\u00e1hoz, hogy a henger a megadott param\u00e9tereken bel\u00fcl m\u0171k\u00f6dj\u00f6n. Ezek az ellen\u0151rz\u00e9sek seg\u00edtenek fenntartani a hat\u00e9konys\u00e1got \u00e9s a biztons\u00e1got m\u0171k\u00f6d\u00e9s k\u00f6zben.<\/p>\n<p><img decoding=\"async\" src=\"https:\/\/www.hydraulic-cylinders.net\/wp-content\/uploads\/2025\/04\/songte-chushion-collar.webp\" alt=\"P\u00e1rna gall\u00e9r\"><\/p>\n<h2>Biztons\u00e1gi szempontok \u00e9s k\u00f6rnyezeti t\u00e9nyez\u0151k<\/h2>\n<p>Hidraulikus rendszerekkel v\u00e9gzett munka sor\u00e1n a biztons\u00e1gi int\u00e9zked\u00e9sek kiemelked\u0151en fontosak. A kezel\u0151knek mindig tiszt\u00e1ban kell lenni\u00fck a hidraulikus rendszerekkel kapcsolatos lehets\u00e9ges vesz\u00e9lyekkel, bele\u00e9rtve a nagynyom\u00e1s\u00fa sziv\u00e1rg\u00e1sokat \u00e9s a hirtelen mozg\u00e1sokat. A balesetek megel\u0151z\u00e9se \u00e9rdek\u00e9ben elengedhetetlen a megfelel\u0151 k\u00e9pz\u00e9s \u00e9s a biztons\u00e1gi protokollok betart\u00e1sa. Ezenk\u00edv\u00fcl vegye figyelembe a k\u00f6rnyezeti t\u00e9nyez\u0151ket, p\u00e9ld\u00e1ul a hidraulikafolyad\u00e9kok \u00e1rtalmatlan\u00edt\u00e1s\u00e1t, az \u00f6kol\u00f3giai hat\u00e1s minimaliz\u00e1l\u00e1sa \u00e9rdek\u00e9ben.<\/p>\n<h2>Hibadiagn\u00f3zis \u00e9s gyakori probl\u00e9m\u00e1k<\/h2>\n<ul>\n<li><strong>Teljes\u00edtm\u00e9nyvesztes\u00e9g:<\/strong> A teljes\u00edtm\u00e9nycs\u00f6kken\u00e9s hidraulikafolyad\u00e9k-sziv\u00e1rg\u00e1sra vagy nyom\u00e1sprobl\u00e9m\u00e1kra utalhat. Ellen\u0151rizze a sziv\u00e1rg\u00e1sokat, \u00e9s gy\u0151z\u0151dj\u00f6n meg arr\u00f3l, hogy a hidraulikus rendszer megfelel\u0151en m\u0171k\u00f6dik.<\/li>\n<li><strong>Szokatlan zajok:<\/strong> A m\u0171k\u00f6d\u00e9s k\u00f6zbeni csikorg\u00f3 vagy csap\u00f3d\u00f3 hangok mechanikai probl\u00e9m\u00e1kra utalhatnak. Vizsg\u00e1lja meg a hengert az esetleges alkatr\u00e9szhib\u00e1k szempontj\u00e1b\u00f3l.<\/li>\n<li><strong>T\u00falmeleged\u00e9s:<\/strong> Ha a hidraulikus rendszer t\u00falmelegszik, annak oka lehet a nem megfelel\u0151 ken\u00e9s vagy a t\u00falterhel\u00e9s. Ellen\u0151rizze az olajszintet, \u00e9s vizsg\u00e1lja meg, hogy nincs-e elt\u00f6m\u0151d\u00e9s a rendszerben.<\/li>\n<\/ul>\n<h2>Hibaelh\u00e1r\u00edt\u00e1si tippek \u00e9s megold\u00e1sok<\/h2>\n<p>A g\u00e9mhenger probl\u00e9m\u00e1inak hat\u00e9kony diagnosztiz\u00e1l\u00e1s\u00e1hoz \u00e9s kezel\u00e9s\u00e9hez alaposan szemrev\u00e9telezni kell a sziv\u00e1rg\u00e1sokat vagy s\u00e9r\u00fcl\u00e9seket. Gy\u0151z\u0151dj\u00f6n meg arr\u00f3l, hogy minden csatlakoz\u00e1s szoros, \u00e9s hogy a hidraulikafolyad\u00e9k szintje megfelel\u0151. Ha sziv\u00e1rg\u00e1st tal\u00e1l, sz\u00fcks\u00e9g szerint cser\u00e9lje ki a t\u00f6m\u00edt\u00e9seket \u00e9s szerelv\u00e9nyeket.<\/p>\n<p>Teljes\u00edtm\u00e9nnyel kapcsolatos probl\u00e9m\u00e1k eset\u00e9n ellen\u0151rizze a hidraulikus rendszert elt\u00f6m\u0151d\u00e9sek vagy nyom\u00e1ses\u00e9sek szempontj\u00e1b\u00f3l. A berendez\u00e9s \u00fajb\u00f3li \u00fczembe helyez\u00e9se el\u0151tt jav\u00edtsa ki az azonos\u00edtott probl\u00e9m\u00e1kat. A rendszeres karbantart\u00e1s \u00e9s az \u00fczemeltet\u00e9si ir\u00e1nyelvek betart\u00e1sa seg\u00edthet megel\u0151zni sz\u00e1mos gyakori probl\u00e9m\u00e1t, biztos\u00edtva, hogy a g\u00e9mhenger m\u0171k\u00f6d\u0151k\u00e9pes \u00e9s hat\u00e9kony maradjon.<\/p>\n<p><img decoding=\"async\" src=\"https:\/\/www.hydraulic-cylinders.net\/wp-content\/uploads\/2025\/04\/songte-bushings-with-all-kinds-of-excavator-models.webp\" alt=\"Perselyek kotr\u00f3g\u00e9p modellekkel\"><\/p>\n<h2>C\u00e9ginform\u00e1ci\u00f3<\/h2>\n<p>Alternat\u00edv hidraulikus hengerek vezet\u0151 gy\u00e1rt\u00f3ja \u00e9s forgalmaz\u00f3ja vagyunk, \u00e1tfog\u00f3 term\u00e9kk\u00edn\u00e1lattal, amelyet mind a hazai, mind a nemzetk\u00f6zi piacok ig\u00e9nyeinek kiel\u00e9g\u00edt\u00e9s\u00e9re tervezt\u00fcnk. A min\u0151s\u00e9g ir\u00e1nti elk\u00f6telezetts\u00e9g\u00fcnket prec\u00edzi\u00f3s gy\u00e1rt\u00e1si strat\u00e9gi\u00e1ink t\u00fckr\u00f6zik, amelyek fejlett technol\u00f3gi\u00e1t \u00e9s k\u00e9pzett szem\u00e9lyzetet alkalmaznak a magas teljes\u00edtm\u00e9ny \u00e9s megb\u00edzhat\u00f3s\u00e1g biztos\u00edt\u00e1sa \u00e9rdek\u00e9ben.<\/p>\n<p>Gy\u00e1rt\u00e1si folyamatunkat a legmodernebb gy\u00e1rt\u00f3berendez\u00e9sek \u00e9s alapos vizsg\u00e1lati rendszer t\u00e1mogatja, amely lehet\u0151v\u00e9 teszi sz\u00e1munkra, hogy folyamatosan jav\u00edtsuk term\u00e9keink min\u0151s\u00e9g\u00e9t. A hat\u00e9konys\u00e1gra, a pontoss\u00e1gra \u00e9s a magas sz\u00ednvonalra \u00f6sszpontos\u00edtva, szem\u00e9lyre szabott szolg\u00e1ltat\u00e1ssal \u00e9s t\u00e1mogat\u00e1ssal igyeksz\u00fcnk kiel\u00e9g\u00edteni a soksz\u00edn\u0171 \u00fcgyf\u00e9lig\u00e9nyeket.<\/p>\n<p><img decoding=\"async\" src=\"https:\/\/www.hydraulic-cylinders.net\/wp-content\/uploads\/2025\/04\/songte-company-4.webp\" alt=\"C\u00e9ginform\u00e1ci\u00f3\"><br \/>\n<img decoding=\"async\" src=\"https:\/\/www.hydraulic-cylinders.net\/wp-content\/uploads\/2025\/04\/songte-company-3.webp\" alt=\"C\u00e9ginform\u00e1ci\u00f3\"><\/p>\n<p>Szerz\u0151: lyl<\/p>","protected":false},"excerpt":{"rendered":"<p>Boom Cylinder For Tiangong ZG3225LC-9C Introduction to Boom Cylinder The Boom Cylinder is a vital component in hydraulic systems, specifically designed for controlling the movement of buckets in heavy machinery such as excavators, backhoe loaders, and front-end loaders. This hydraulic cylinder enables the bucket to lift, lower, and tilt, facilitating various material handling tasks. It [&hellip;]<\/p>","protected":false},"featured_media":17877,"comment_status":"open","ping_status":"closed","template":"","meta":{"_et_pb_use_builder":"","_et_pb_old_content":"","_et_gb_content_width":""},"product_brand":[],"product_cat":[1546],"product_tag":[1547,1496],"class_list":{"0":"post-19689","1":"product","2":"type-product","3":"status-publish","4":"has-post-thumbnail","6":"product_cat-boom-cylinders","7":"product_tag-boom-cylinders","8":"product_tag-hydraulic-cylinders","10":"first","11":"instock","12":"shipping-taxable","13":"product-type-simple"},"amp_enabled":true,"_links":{"self":[{"href":"https:\/\/www.hydraulic-cylinders.net\/hu\/wp-json\/wp\/v2\/product\/19689","targetHints":{"allow":["GET"]}}],"collection":[{"href":"https:\/\/www.hydraulic-cylinders.net\/hu\/wp-json\/wp\/v2\/product"}],"about":[{"href":"https:\/\/www.hydraulic-cylinders.net\/hu\/wp-json\/wp\/v2\/types\/product"}],"replies":[{"embeddable":true,"href":"https:\/\/www.hydraulic-cylinders.net\/hu\/wp-json\/wp\/v2\/comments?post=19689"}],"wp:featuredmedia":[{"embeddable":true,"href":"https:\/\/www.hydraulic-cylinders.net\/hu\/wp-json\/wp\/v2\/media\/17877"}],"wp:attachment":[{"href":"https:\/\/www.hydraulic-cylinders.net\/hu\/wp-json\/wp\/v2\/media?parent=19689"}],"wp:term":[{"taxonomy":"product_brand","embeddable":true,"href":"https:\/\/www.hydraulic-cylinders.net\/hu\/wp-json\/wp\/v2\/product_brand?post=19689"},{"taxonomy":"product_cat","embeddable":true,"href":"https:\/\/www.hydraulic-cylinders.net\/hu\/wp-json\/wp\/v2\/product_cat?post=19689"},{"taxonomy":"product_tag","embeddable":true,"href":"https:\/\/www.hydraulic-cylinders.net\/hu\/wp-json\/wp\/v2\/product_tag?post=19689"}],"curies":[{"name":"munkaf\u00fczet","href":"https:\/\/api.w.org\/{rel}","templated":true}]}}