{"id":19695,"date":"2025-04-07T07:02:17","date_gmt":"2025-04-07T07:02:17","guid":{"rendered":"https:\/\/www.hydraulic-cylinders.net\/product\/boom-cylinder-for-dasin-ds90-7\/"},"modified":"2025-04-07T07:02:20","modified_gmt":"2025-04-07T07:02:20","slug":"boom-cylinder-for-dasin-ds90-7","status":"publish","type":"product","link":"https:\/\/www.hydraulic-cylinders.net\/hu\/termek\/boom-cylinder-for-dasin-ds90-7\/","title":{"rendered":"G\u00e9mhenger Dasin DS90-7-hez"},"content":{"rendered":"<h1>G\u00e9mhenger Dasin DS90-7-hez<\/h1>\n<h2>Bevezet\u00e9s a g\u00e9mhengerbe<\/h2>\n<p>A g\u00e9mhenger l\u00e9tfontoss\u00e1g\u00fa alkatr\u00e9sz a hidraulikus rendszerekben, amelyet kifejezetten a kan\u00e1l mozg\u00e1s\u00e1nak vez\u00e9rl\u00e9s\u00e9re terveztek k\u00fcl\u00f6nf\u00e9le neh\u00e9zg\u00e9pekben, p\u00e9ld\u00e1ul kotr\u00f3g\u00e9pekben, kotr\u00f3rakod\u00f3kban \u00e9s homlokrakod\u00f3kban. Ez a hidraulikus henger lehet\u0151v\u00e9 teszi a kan\u00e1l emel\u00e9s\u00e9t, s\u00fcllyeszt\u00e9s\u00e9t \u00e9s billent\u00e9s\u00e9t, \u00edgy elengedhetetlen a hat\u00e9kony anyagmozgat\u00e1si feladatokhoz. A kan\u00e1lhenger hidraulikaolaj-nyom\u00e1s seg\u00edts\u00e9g\u00e9vel m\u0171k\u00f6dik, lehet\u0151v\u00e9 t\u00e9ve a sima \u00e9s er\u0151teljes mozg\u00e1sokat, amelyek kulcsfontoss\u00e1g\u00faak az \u00e9p\u00edt\u0151iparban \u00e9s a mez\u0151gazdas\u00e1gi m\u0171veletekben.<\/p>\n<p><img decoding=\"async\" src=\"https:\/\/www.hydraulic-cylinders.net\/wp-content\/uploads\/2025\/04\/songte-company-1.webp\" alt=\"G\u00e9mhenger\"><\/p>\n<h2>A g\u00e9mhenger jellemz\u0151i<\/h2>\n<ul>\n<li>\n<h3>Nagy szil\u00e1rds\u00e1g \u00e9s tart\u00f3ss\u00e1g<\/h3>\n<p>A jellemz\u0151en nagy szil\u00e1rds\u00e1g\u00fa ac\u00e9lb\u00f3l vagy alum\u00edniumb\u00f3l k\u00e9sz\u00fclt g\u00e9mhenger nagy nyom\u00e1st \u00e9s nagy terhel\u00e9st k\u00e9pes ellen\u00e1llni, \u00edgy alkalmass\u00e1 teszi zord munkak\u00f6rnyezetben val\u00f3 haszn\u00e1latra. Tervez\u00e9se sor\u00e1n figyelembe vett\u00e9k a kop\u00e1s\u00e1ll\u00f3s\u00e1got \u00e9s a korr\u00f3zi\u00f3\u00e1ll\u00f3s\u00e1got, ami jelent\u0151sen meghosszabb\u00edtja \u00e9lettartam\u00e1t.<\/p>\n<\/li>\n<li>\n<h3>Hat\u00e9kony hidraulikus m\u0171k\u00f6dtet\u00e9s<\/h3>\n<p>A hidraulikaolaj nyom\u00e1s\u00e1t kihaszn\u00e1lva a g\u00e9m munkahenger sima kitol\u00e1si \u00e9s visszah\u00faz\u00e1si mozg\u00e1sokat biztos\u00edt. Gyorsan reag\u00e1l a vez\u00e9rl\u0151parancsokra, jelent\u0151s tol\u00f3- \u00e9s h\u00faz\u00f3er\u0151t biztos\u00edt, ami ide\u00e1lis a neh\u00e9z \u00e9s \u00f6sszetett feladatok kezel\u00e9s\u00e9hez.<\/p>\n<\/li>\n<li>\n<h3>K\u00fcl\u00f6nb\u00f6z\u0151 t\u00edpusok<\/h3>\n<p>A g\u00e9mhenger t\u00f6bbf\u00e9le t\u00edpusban kaphat\u00f3, lehet\u0151v\u00e9 t\u00e9ve az egyszeres m\u0171k\u00f6d\u00e9s\u0171 (egy ir\u00e1nyban hidraulikus er\u0151t haszn\u00e1lva) vagy a kett\u0151s m\u0171k\u00f6d\u00e9s\u0171 (mindk\u00e9t ir\u00e1nyban hidraulikus er\u0151t haszn\u00e1lva) opci\u00f3kat a k\u00fcl\u00f6nb\u00f6z\u0151 m\u0171k\u00f6d\u00e9si ig\u00e9nyek kiel\u00e9g\u00edt\u00e9se \u00e9rdek\u00e9ben. Egyes modellek teleszk\u00f3posak, \u00edgy nagyobb kiny\u00fal\u00e1st tesznek lehet\u0151v\u00e9 a k\u00fcls\u0151 m\u00e9retek n\u00f6vel\u00e9se n\u00e9lk\u00fcl, ami el\u0151ny\u00f6s a korl\u00e1tozott helyig\u00e9ny\u0171 alkalmaz\u00e1sokn\u00e1l.<\/p>\n<\/li>\n<li>\n<h3>Egyedi gy\u00e1rt\u00e1s<\/h3>\n<p>Rendelkez\u00fcnk a term\u00e9k gy\u00e1rt\u00e1s\u00e1nak k\u00e9pess\u00e9g\u00e9vel, biztos\u00edtva, hogy hidraulikus hengereink t\u00f6k\u00e9letesen helyettes\u00edts\u00e9k a megl\u00e9v\u0151 modelleket, ez\u00e1ltal fenntartva a m\u0171k\u00f6d\u00e9si hat\u00e9konys\u00e1got \u00e9s megb\u00edzhat\u00f3s\u00e1got.<\/p>\n<\/li>\n<\/ul>\n<p><img decoding=\"async\" src=\"https:\/\/www.hydraulic-cylinders.net\/wp-content\/uploads\/2025\/04\/songte-cylinder-head-with-all-kinds-excavator-models.webp\" alt=\"Kotr\u00f3g\u00e9p modellek\"><\/p>\n<h2>A g\u00e9mhenger alkalmaz\u00e1sai<\/h2>\n<ul>\n<li>\n<h3>\u00c9p\u00edt\u0151ipari berendez\u00e9sek<\/h3>\n<p>Kotr\u00f3g\u00e9pekben a g\u00e9mhenger kulcsfontoss\u00e1g\u00fa az \u00e1s\u00e1shoz, a rakod\u00e1shoz \u00e9s a talaj vagy t\u00f6rmel\u00e9k mozgat\u00e1s\u00e1hoz. Kett\u0151s szerepet j\u00e1tszik a kotr\u00f3rakod\u00f3kban, mivel seg\u00edti mind az \u00e1s\u00e1si, mind az emel\u00e9si m\u0171veleteket. A g\u00e9mhenger pontoss\u00e1ga \u00e9s ereje biztos\u00edtja, hogy ezek a g\u00e9pek hat\u00e9konyan tudj\u00e1k elv\u00e9gezni feladataikat, jelent\u0151sen hozz\u00e1j\u00e1rulva a projektek \u00fctemterv\u00e9hez \u00e9s a termel\u00e9kenys\u00e9ghez.<\/p>\n<\/li>\n<li>\n<h3>Mez\u0151gazdas\u00e1gi g\u00e9pek<\/h3>\n<p>A homlokrakod\u00f3kban a g\u00e9m munkahenger megk\u00f6nny\u00edti a talaj, sz\u00e9na \u00e9s egy\u00e9b anyagok kal\u00e1szol\u00e1s\u00e1t, emel\u00e9s\u00e9t \u00e9s sz\u00e1ll\u00edt\u00e1s\u00e1t. Hat\u00e9kony m\u0171k\u00f6d\u00e9se lehet\u0151v\u00e9 teszi a gazd\u00e1lkod\u00f3k sz\u00e1m\u00e1ra, hogy gyorsan \u00e9s hat\u00e9konyan v\u00e9gezz\u00e9k el a feladataikat, n\u00f6velve a gazdas\u00e1gok \u00e9s a mez\u0151gazdas\u00e1gi m\u0171veletek termel\u00e9kenys\u00e9g\u00e9t.<\/p>\n<\/li>\n<li>\n<h3>Kotr\u00f3g\u00e9pek<\/h3>\n<p>A g\u00e9mhenger elengedhetetlen a kotr\u00f3g\u00e9pekben, lehet\u0151v\u00e9 t\u00e9ve a kan\u00e1l hat\u00e9kony talajba hatol\u00e1s\u00e1t. Ez a k\u00e9pess\u00e9g elengedhetetlen a k\u00fcl\u00f6nb\u00f6z\u0151 talajviszonyok k\u00f6z\u00f6tt, lehet\u0151v\u00e9 t\u00e9ve a kezel\u0151k sz\u00e1m\u00e1ra a prec\u00edz \u00e9s hat\u00e9kony f\u00f6ldmunk\u00e1t, ami l\u00e9tfontoss\u00e1g\u00fa az alapoz\u00e1si munk\u00e1latokn\u00e1l \u00e9s a tereprendez\u00e9sn\u00e9l.<\/p>\n<\/li>\n<li>\n<h3>Rakod\u00f3k<\/h3>\n<p>Homlokrakod\u00f3kn\u00e1l a g\u00e9mhenger hat\u00e9konyan seg\u00edti a rakom\u00e1nyok emel\u00e9s\u00e9t \u00e9s \u00fcr\u00edt\u00e9s\u00e9t. Ak\u00e1r anyagok mozgat\u00e1s\u00e1r\u00f3l van sz\u00f3 \u00e9p\u00edtkez\u00e9sen, ak\u00e1r rakom\u00e1ny \u00e1trakod\u00e1s\u00e1r\u00f3l, a g\u00e9mhenger megb\u00edzhat\u00f3s\u00e1ga biztos\u00edtja a hat\u00e9kony teljes\u00edtm\u00e9nyt \u00e9s az \u00fczembiztons\u00e1got.<\/p>\n<\/li>\n<\/ul>\n<h2>Tervez\u00e9si szempontok \u00e9s kiv\u00e1laszt\u00e1si szabv\u00e1nyok<\/h2>\n<ul>\n<li>\n<h3>Teherb\u00edr\u00e1s<\/h3>\n<p>A g\u00e9mhenger tervez\u00e9s\u00e9nek priorit\u00e1sk\u00e9nt kell tekintenie a teherb\u00edr\u00e1st, biztos\u00edtva, hogy elb\u00edrja a m\u0171k\u00f6d\u00e9s sor\u00e1n felmer\u00fcl\u0151 maxim\u00e1lis s\u00falyt. Az olyan t\u00e9nyez\u0151k, mint az anyag szil\u00e1rds\u00e1ga, a henger \u00e1tm\u00e9r\u0151je \u00e9s a r\u00fad m\u00e9rete mind hozz\u00e1j\u00e1rulnak a teljes teherb\u00edr\u00e1shoz. Megfelel\u0151 m\u00e9rn\u00f6ki munka \u00e9s anyagv\u00e1laszt\u00e1s sz\u00fcks\u00e9ges a meghib\u00e1sod\u00e1sok elker\u00fcl\u00e9se \u00e9s a biztons\u00e1g garant\u00e1l\u00e1sa \u00e9rdek\u00e9ben az \u00fczemel\u00e9s sor\u00e1n.<\/p>\n<\/li>\n<li>\n<h3>T\u00f6m\u00edt\u00e9si integrit\u00e1s<\/h3>\n<p>A hat\u00e9kony t\u00f6m\u00edt\u00e9s elengedhetetlen a hengeren bel\u00fcli hidraulikus nyom\u00e1s fenntart\u00e1s\u00e1hoz. A kialak\u00edt\u00e1snak kiv\u00e1l\u00f3 min\u0151s\u00e9g\u0171 t\u00f6m\u00edt\u00e9seket kell tartalmaznia, amelyek ellen\u00e1llnak a kop\u00e1snak \u00e9s a k\u00f6rnyezeti t\u00e9nyez\u0151knek. A t\u00f6m\u00edt\u00e9sek rendszeres ellen\u0151rz\u00e9se sz\u00fcks\u00e9ges a sziv\u00e1rg\u00e1sok megel\u0151z\u00e9se \u00e9rdek\u00e9ben, amelyek vesz\u00e9lyeztethetik a teljes\u00edtm\u00e9nyt \u00e9s a biztons\u00e1got.<\/p>\n<\/li>\n<li>\n<h3>Tart\u00f3ss\u00e1g<\/h3>\n<p>A tart\u00f3s kialak\u00edt\u00e1s lehet\u0151v\u00e9 teszi a g\u00e9mhenger hat\u00e9kony m\u0171k\u00f6d\u00e9s\u00e9t hossz\u00fa id\u0151n kereszt\u00fcl, m\u00e9g kih\u00edv\u00e1st jelent\u0151 k\u00f6rnyezetben is. A felhaszn\u00e1lt anyagoknak ellen\u00e1llniuk kell a kop\u00e1snak, a korr\u00f3zi\u00f3nak \u00e9s a kif\u00e1rad\u00e1snak, biztos\u00edtva a hossz\u00fa \u00e9lettartamot \u00e9s cs\u00f6kkentve a gyakori cser\u00e9k vagy jav\u00edt\u00e1sok sz\u00fcks\u00e9gess\u00e9g\u00e9t.<\/p>\n<\/li>\n<li>\n<h3>Biztons\u00e1gi funkci\u00f3k<\/h3>\n<p>A biztons\u00e1gi funkci\u00f3k, p\u00e9ld\u00e1ul a nyom\u00e1scs\u00f6kkent\u0151 szelepek \u00e9s a t\u00falterhel\u00e9s elleni v\u00e9delem bevezet\u00e9se elengedhetetlen. Ezek az int\u00e9zked\u00e9sek megel\u0151zik a katasztrof\u00e1lis meghib\u00e1sod\u00e1sokat, \u00e9s biztos\u00edtj\u00e1k a biztons\u00e1gos m\u0171k\u00f6d\u00e9st v\u00e1ltoz\u00f3 k\u00f6r\u00fclm\u00e9nyek k\u00f6z\u00f6tt. A tervez\u00e9snek a jav\u00edt\u00e1sok \u00e9s ellen\u0151rz\u00e9sek sor\u00e1n a biztons\u00e1g fokoz\u00e1sa \u00e9rdek\u00e9ben k\u00f6nny\u0171 karbantart\u00e1si hozz\u00e1f\u00e9r\u00e9st is biztos\u00edtania kell.<\/p>\n<\/li>\n<li>\n<h3>Karbantarthat\u00f3s\u00e1g<\/h3>\n<p>A g\u00e9mhenger k\u00f6nny\u0171 karbantart\u00e1s\u00e1nak megtervez\u00e9se elengedhetetlen az \u00e1ll\u00e1sid\u0151 minimaliz\u00e1l\u00e1sa \u00e9rdek\u00e9ben. A t\u00f6m\u00edt\u00e9sekhez \u00e9s hidraulikus vezet\u00e9kekhez val\u00f3 k\u00f6nny\u0171 hozz\u00e1f\u00e9r\u00e9st lehet\u0151v\u00e9 tev\u0151 funkci\u00f3k be\u00e9p\u00edt\u00e9se megk\u00f6nny\u00edti a rendszeres karbantart\u00e1st \u00e9s ellen\u0151rz\u00e9seket, biztos\u00edtva a henger optim\u00e1lis \u00fczem\u00e1llapot\u00e1t.<\/p>\n<\/li>\n<\/ul>\n<p><img decoding=\"async\" src=\"https:\/\/www.hydraulic-cylinders.net\/wp-content\/uploads\/2025\/04\/songte-oil-pipes-and-spare-parts.webp\" alt=\"Hidraulikus alkatr\u00e9szek\"><\/p>\n<h2>T\u00f6m\u00edt\u00e9s \u00e9s ken\u00e9s<\/h2>\n<p>A megfelel\u0151 t\u00f6m\u00edt\u00e9s \u00e9s ken\u00e9s kritikus fontoss\u00e1g\u00fa a g\u00e9mhenger hossz\u00fa \u00e9lettartama \u00e9s teljes\u00edtm\u00e9nye szempontj\u00e1b\u00f3l. K\u00fcl\u00f6nb\u00f6z\u0151 t\u00f6m\u00edt\u0151elemeket, p\u00e9ld\u00e1ul dugatty\u00fat\u00f6m\u00edt\u00e9seket \u00e9s r\u00fadt\u00f6m\u00edt\u00e9seket haszn\u00e1lnak a hidraulikus nyom\u00e1s fenntart\u00e1s\u00e1ra. A tart\u00f3s anyagokb\u00f3l, p\u00e9ld\u00e1ul poliuret\u00e1nb\u00f3l \u00e9s nitrilgumib\u00f3l k\u00e9sz\u00fclt t\u00f6m\u00edt\u00e9sek kop\u00e1s\u00e1ll\u00f3s\u00e1got biztos\u00edtanak. Ezenk\u00edv\u00fcl a hengertestet \u00e9s a menetes v\u00e9geket prec\u00edzi\u00f3s megmunk\u00e1l\u00e1snak kell al\u00e1vetni a kop\u00e1s\u00e1ll\u00f3s\u00e1g fokoz\u00e1sa \u00e9rdek\u00e9ben.<\/p>\n<p>A megfelel\u0151 hidraulikaolajjal t\u00f6rt\u00e9n\u0151 rendszeres ken\u00e9s elengedhetetlen a mozg\u00f3 alkatr\u00e9szek s\u00farl\u00f3d\u00e1s\u00e1nak \u00e9s kop\u00e1s\u00e1nak cs\u00f6kkent\u00e9s\u00e9hez. A megfelel\u0151 olajszint \u00e9s -t\u00edpus biztos\u00edt\u00e1sa optimaliz\u00e1lja a henger teljes\u00edtm\u00e9ny\u00e9t, lehet\u0151v\u00e9 t\u00e9ve a z\u00f6kken\u0151mentes m\u0171k\u00f6d\u00e9st \u00e9s meghosszabb\u00edtva \u00e9lettartam\u00e1t. A hat\u00e9kony hidraulikus funkci\u00f3k fenntart\u00e1s\u00e1hoz rendszeres ellen\u0151rz\u00e9sekre \u00e9s id\u0151ben t\u00f6rt\u00e9n\u0151 olajcser\u00e9re van sz\u00fcks\u00e9g.<\/p>\n<h2>Karbantart\u00e1si aj\u00e1nl\u00e1sok<\/h2>\n<ul>\n<li>\n<h3>Rendszeres ellen\u0151rz\u00e9sek<\/h3>\n<p>Az id\u0151szakos ellen\u0151rz\u00e9sek elv\u00e9gz\u00e9se elengedhetetlen a potenci\u00e1lis probl\u00e9m\u00e1k azonos\u00edt\u00e1s\u00e1hoz, miel\u0151tt azok s\u00falyosbodn\u00e1nak. Ezeknek az ellen\u0151rz\u00e9seknek ki kell terjedni\u00fck a sziv\u00e1rg\u00e1sok ellen\u0151rz\u00e9s\u00e9re, a t\u00f6m\u00edt\u00e9sek \u00e1llapot\u00e1nak felm\u00e9r\u00e9s\u00e9re \u00e9s a palack \u00e1ltal\u00e1nos integrit\u00e1s\u00e1nak vizsg\u00e1lat\u00e1ra. A kop\u00e1s korai felismer\u00e9se id\u0151t \u00e9s k\u00f6lts\u00e9geket takar\u00edthat meg, amelyek a kiterjedt jav\u00edt\u00e1sokkal j\u00e1rnak.<\/p>\n<\/li>\n<li>\n<h3>Megfelel\u0151 ken\u00e9s<\/h3>\n<p>A megfelel\u0151 ken\u00e9si szint fenntart\u00e1sa elengedhetetlen a g\u00e9mhenger z\u00f6kken\u0151mentes m\u0171k\u00f6d\u00e9s\u00e9nek biztos\u00edt\u00e1s\u00e1hoz. A hidraulikaolaj szintj\u00e9nek rendszeres ellen\u0151rz\u00e9se \u00e9s sz\u00fcks\u00e9g szerinti cser\u00e9je vagy ut\u00e1nt\u00f6lt\u00e9se megakad\u00e1lyozza a t\u00falmeleged\u00e9st \u00e9s a t\u00falzott kop\u00e1st, hozz\u00e1j\u00e1rulva a henger hossz\u00fa \u00e9lettartam\u00e1hoz.<\/p>\n<\/li>\n<li>\n<h3>T\u00f6m\u00edt\u00e9scsere \u00e9s kalibr\u00e1l\u00e1s ellen\u0151rz\u00e9se<\/h3>\n<p>Id\u0151vel a t\u00f6m\u00edt\u00e9sek elkophatnak, \u00e9s a hidraulikus hat\u00e9konys\u00e1g fenntart\u00e1sa \u00e9rdek\u00e9ben cser\u00e9re szorulhatnak. Alapvet\u0151 fontoss\u00e1g\u00fa a t\u00f6m\u00edt\u00e9sek ellen\u0151rz\u00e9s\u00e9nek \u00e9s cser\u00e9j\u00e9nek \u00fctemterve. A kalibr\u00e1ci\u00f3s ellen\u0151rz\u00e9sek biztos\u00edtj\u00e1k, hogy a henger teljes\u00edtm\u00e9nye megfeleljen az \u00fczemi szabv\u00e1nyoknak, lehet\u0151v\u00e9 t\u00e9ve a biztons\u00e1gos \u00e9s hat\u00e9kony haszn\u00e1latot.<\/p>\n<\/li>\n<\/ul>\n<p><img decoding=\"async\" src=\"https:\/\/www.hydraulic-cylinders.net\/wp-content\/uploads\/2025\/04\/songte-chushion-collar.webp\" alt=\"P\u00e1rna gall\u00e9r\"><\/p>\n<h2>Biztons\u00e1gi \u00e9s k\u00f6rnyezetv\u00e9delmi szempontok<\/h2>\n<p>A biztons\u00e1gi int\u00e9zked\u00e9sek kiemelked\u0151en fontosak a g\u00e9mhengerhez hasonl\u00f3 hidraulikus hengerek haszn\u00e1latakor. A kezel\u0151knek be kell tartaniuk a biztons\u00e1gi el\u0151\u00edr\u00e1sokat, bele\u00e9rtve a megfelel\u0151 szem\u00e9lyi v\u00e9d\u0151felszerel\u00e9s (PPE) visel\u00e9s\u00e9t \u00e9s annak biztos\u00edt\u00e1s\u00e1t, hogy minden biztons\u00e1gi funkci\u00f3 m\u0171k\u00f6d\u0151k\u00e9pes legyen. A k\u00f6rnyezeti t\u00e9nyez\u0151ket is figyelembe kell venni, p\u00e9ld\u00e1ul a hidraulikafolyad\u00e9k-sziv\u00e1rg\u00e1sok megel\u0151z\u00e9s\u00e9t, amelyek k\u00e1ros\u00edthatj\u00e1k a k\u00f6rnyez\u0151 \u00f6kosziszt\u00e9m\u00e1t. A hidraulikafolyad\u00e9kok megfelel\u0151 t\u00e1rol\u00e1sa \u00e9s \u00e1rtalmatlan\u00edt\u00e1sa elengedhetetlen mind a szem\u00e9lyzet, mind a k\u00f6rnyezet v\u00e9delme \u00e9rdek\u00e9ben.<\/p>\n<h2>Gyakori probl\u00e9m\u00e1k elh\u00e1r\u00edt\u00e1sa<\/h2>\n<ul>\n<li>\n<h3>Hidraulikus sziv\u00e1rg\u00e1s<\/h3>\n<p>A hidraulikus hengerek egyik leggyakoribb probl\u00e9m\u00e1ja a sziv\u00e1rg\u00e1s. Ez kopott t\u00f6m\u00edt\u00e9sekb\u0151l vagy s\u00e9r\u00fclt hengertestekb\u0151l ad\u00f3dhat. A rendszeres ellen\u0151rz\u00e9s \u00e9s karbantart\u00e1s seg\u00edthet a sziv\u00e1rg\u00e1sok korai azonos\u00edt\u00e1s\u00e1ban, lehet\u0151v\u00e9 t\u00e9ve az id\u0151ben t\u00f6rt\u00e9n\u0151 jav\u00edt\u00e1sokat a hidraulikus nyom\u00e1s \u00e9s teljes\u00edtm\u00e9ny cs\u00f6kken\u00e9s\u00e9nek elker\u00fcl\u00e9se \u00e9rdek\u00e9ben.<\/p>\n<\/li>\n<li>\n<h3>Lass\u00fa vagy nem reag\u00e1l\u00f3 mozg\u00e1s<\/h3>\n<p>Ha a g\u00e9m munkahenger lassan m\u0171k\u00f6dik, vagy nem reag\u00e1l a kezel\u0151szervekre, az alacsony hidraulikaolaj-szintre, a rendszerben l\u00e9v\u0151 leveg\u0151re vagy hib\u00e1s alkatr\u00e9szekre utalhat. A hidraulikafolyad\u00e9k-szint ellen\u0151rz\u00e9se \u00e9s a rendszer l\u00e9gtelen\u00edt\u00e9se gyakran megoldhatja ezeket a probl\u00e9m\u00e1kat.<\/p>\n<\/li>\n<li>\n<h3>Szokatlan zajok<\/h3>\n<p>A m\u0171k\u00f6d\u00e9s k\u00f6zbeni furcsa zajok bels\u0151 kop\u00e1sra vagy s\u00e9r\u00fcl\u00e9sre utalhatnak. Ennek oka lehet a nem megfelel\u0151 ken\u00e9s vagy a kopott csap\u00e1gyak. A rendszeres karbantart\u00e1s \u00e9s a szokatlan hangok id\u0151ben t\u00f6rt\u00e9n\u0151 felismer\u00e9se megel\u0151zheti a tov\u00e1bbi k\u00e1rokat \u00e9s a k\u00f6lts\u00e9ges jav\u00edt\u00e1sokat.<\/p>\n<\/li>\n<\/ul>\n<p><img decoding=\"async\" src=\"https:\/\/www.hydraulic-cylinders.net\/wp-content\/uploads\/2025\/04\/songte-bushings-with-all-kinds-of-excavator-models.webp\" alt=\"Persely modellek\"><\/p>\n<h2>K\u00f6vetkeztet\u00e9s<\/h2>\n<p>A hidraulikus munkahengerek vezet\u0151 gy\u00e1rt\u00f3jak\u00e9nt v\u00e1ltozatos term\u00e9kk\u00edn\u00e1latunkkal kulcsfontoss\u00e1g\u00fa szerepl\u0151v\u00e9 v\u00e1lunk mind a hazai, mind a nemzetk\u00f6zi piacokon. Kiv\u00e9teles min\u0151s\u00e9gi szabv\u00e1nyokat k\u00f6vet\u00fcnk, amelyeket apr\u00f3l\u00e9kos gy\u00e1rt\u00e1si strat\u00e9gia t\u00e1mogat. C\u00e9g\u00fcnk k\u00e9pzett m\u0171szaki szem\u00e9lyzettel, fejlett digit\u00e1lis gy\u00e1rt\u00f3berendez\u00e9sekkel \u00e9s robusztus ellen\u0151rz\u0151 rendszerrel rendelkezik a termel\u00e9si hat\u00e9konys\u00e1g \u00e9s a term\u00e9kmin\u0151s\u00e9g jav\u00edt\u00e1sa \u00e9rdek\u00e9ben.<\/p>\n<p>Elk\u00f6telezettek vagyunk az \u00fcgyfelek v\u00e1ltozatos ig\u00e9nyeinek kiel\u00e9g\u00edt\u00e9se ir\u00e1nt, ez\u00e9rt testreszabott szolg\u00e1ltat\u00e1sokat, speci\u00e1lis gy\u00e1rt\u00f3berendez\u00e9seket \u00e9s \u00e1tfog\u00f3 \u00e9rt\u00e9kes\u00edt\u00e9s ut\u00e1ni t\u00e1mogat\u00e1st k\u00edn\u00e1lunk. A professzionalizmusra \u00e9s a nemzetk\u00f6zi tan\u00fas\u00edtv\u00e1nyokra val\u00f3 \u00f6sszpontos\u00edt\u00e1sunk n\u00f6veli hiteless\u00e9g\u00fcnket a hidraulikus hengerek ipar\u00e1g\u00e1ban.<\/p>\n<p><img decoding=\"async\" src=\"https:\/\/www.hydraulic-cylinders.net\/wp-content\/uploads\/2025\/04\/songte-company-4.webp\" alt=\"C\u00e9ginform\u00e1ci\u00f3\"><br \/>\n<img decoding=\"async\" src=\"https:\/\/www.hydraulic-cylinders.net\/wp-content\/uploads\/2025\/04\/songte-company-3.webp\" alt=\"C\u00e9ggy\u00e1rt\u00e1s\"><\/p>\n<p>Szerz\u0151: lyl<\/p>","protected":false},"excerpt":{"rendered":"<p>Boom Cylinder For Dasin DS90-7 Introduction to the Boom Cylinder The Boom Cylinder is a vital component in hydraulic systems, specifically designed to control the movement of the bucket in various heavy machinery such as excavators, backhoe loaders, and front loaders. This hydraulic cylinder enables the bucket to lift, lower, and tilt, making it essential [&hellip;]<\/p>","protected":false},"featured_media":17868,"comment_status":"open","ping_status":"closed","template":"","meta":{"_et_pb_use_builder":"","_et_pb_old_content":"","_et_gb_content_width":""},"product_brand":[],"product_cat":[1546],"product_tag":[1547,1496],"class_list":{"0":"post-19695","1":"product","2":"type-product","3":"status-publish","4":"has-post-thumbnail","6":"product_cat-boom-cylinders","7":"product_tag-boom-cylinders","8":"product_tag-hydraulic-cylinders","10":"first","11":"instock","12":"shipping-taxable","13":"product-type-simple"},"amp_enabled":true,"_links":{"self":[{"href":"https:\/\/www.hydraulic-cylinders.net\/hu\/wp-json\/wp\/v2\/product\/19695","targetHints":{"allow":["GET"]}}],"collection":[{"href":"https:\/\/www.hydraulic-cylinders.net\/hu\/wp-json\/wp\/v2\/product"}],"about":[{"href":"https:\/\/www.hydraulic-cylinders.net\/hu\/wp-json\/wp\/v2\/types\/product"}],"replies":[{"embeddable":true,"href":"https:\/\/www.hydraulic-cylinders.net\/hu\/wp-json\/wp\/v2\/comments?post=19695"}],"wp:featuredmedia":[{"embeddable":true,"href":"https:\/\/www.hydraulic-cylinders.net\/hu\/wp-json\/wp\/v2\/media\/17868"}],"wp:attachment":[{"href":"https:\/\/www.hydraulic-cylinders.net\/hu\/wp-json\/wp\/v2\/media?parent=19695"}],"wp:term":[{"taxonomy":"product_brand","embeddable":true,"href":"https:\/\/www.hydraulic-cylinders.net\/hu\/wp-json\/wp\/v2\/product_brand?post=19695"},{"taxonomy":"product_cat","embeddable":true,"href":"https:\/\/www.hydraulic-cylinders.net\/hu\/wp-json\/wp\/v2\/product_cat?post=19695"},{"taxonomy":"product_tag","embeddable":true,"href":"https:\/\/www.hydraulic-cylinders.net\/hu\/wp-json\/wp\/v2\/product_tag?post=19695"}],"curies":[{"name":"munkaf\u00fczet","href":"https:\/\/api.w.org\/{rel}","templated":true}]}}