{"id":19698,"date":"2025-04-07T07:02:25","date_gmt":"2025-04-07T07:02:25","guid":{"rendered":"https:\/\/www.hydraulic-cylinders.net\/product\/boom-cylinder-for-sinomach-zg3150-9c-2\/"},"modified":"2025-04-07T07:02:28","modified_gmt":"2025-04-07T07:02:28","slug":"boom-cylinder-for-sinomach-zg3150-9c-2","status":"publish","type":"product","link":"https:\/\/www.hydraulic-cylinders.net\/hu\/termek\/boom-cylinder-for-sinomach-zg3150-9c-2\/","title":{"rendered":"G\u00e9mhenger Sinomach ZG3150-9C-hez"},"content":{"rendered":"<h1>G\u00e9mhenger Sinomach ZG3150-9C-hez<\/h1>\n<h2>Bevezet\u00e9s a g\u00e9mhengerbe<\/h2>\n<p>A Sinomach ZG3150-9C g\u00e9mhengere egy speci\u00e1lis hidraulikus henger, amelyet neh\u00e9zg\u00e9pek kanalainak mozg\u00e1s\u00e1nak vez\u00e9rl\u00e9s\u00e9re terveztek. Ezek a hidraulikus hengerek kulcsszerepet j\u00e1tszanak a hidraulikus rendszerekben, lehet\u0151v\u00e9 t\u00e9ve az olyan berendez\u00e9sek emel\u00e9s\u00e9t, s\u00fcllyeszt\u00e9s\u00e9t \u00e9s billent\u00e9s\u00e9t, mint a kotr\u00f3g\u00e9pek, kotr\u00f3g\u00e9pek \u00e9s homlokrakod\u00f3k. Az anyagmozgat\u00e1si feladatok megk\u00f6nny\u00edt\u00e9s\u00e9vel ezek a hengerek biztos\u00edtj\u00e1k a m\u0171k\u00f6d\u00e9si hat\u00e9konys\u00e1got \u00e9s az eredm\u00e9nyess\u00e9get a munkater\u00fcleteken.<\/p>\n<p><img decoding=\"async\" src=\"https:\/\/www.hydraulic-cylinders.net\/wp-content\/uploads\/2025\/04\/songte-company-1.webp\" alt=\"Hidraulikus henger k\u00e9pe\"><\/p>\n<h3>A v\u00f6d\u00f6rhengerek meghat\u00e1roz\u00e1sa \u00e9s \u00e1ttekint\u00e9se<\/h3>\n<p>A kan\u00e1lhengerek, m\u00e1s n\u00e9ven g\u00e9mhengerek, kifejezetten a k\u00fcl\u00f6nf\u00e9le neh\u00e9zg\u00e9pek kanalainak mozg\u00e1s\u00e1nak kezel\u00e9s\u00e9re tervezett hidraulikus hengerek. Hidraulikus nyom\u00e1st haszn\u00e1lnak a sima \u00e9s szab\u00e1lyozott mozg\u00e1sok el\u00e9r\u00e9s\u00e9hez. A neh\u00e9z emel\u00e9s \u00e9s a prec\u00edz sz\u00f6gbe\u00e1ll\u00edt\u00e1sok lehet\u0151v\u00e9 t\u00e9tel\u00e9vel a kan\u00e1lhengerek jelent\u0151sen jav\u00edtj\u00e1k a berendez\u00e9sek funkcionalit\u00e1s\u00e1t, n\u00e9lk\u00fcl\u00f6zhetetlenn\u00e9 t\u00e9ve \u0151ket az \u00e9p\u00edt\u0151iparban, a mez\u0151gazdas\u00e1gban \u00e9s m\u00e1s neh\u00e9zg\u00e9pekben.<\/p>\n<h2>A g\u00e9mhenger jellemz\u0151i<\/h2>\n<ul>\n<li><strong>Nagy szil\u00e1rds\u00e1g \u00e9s tart\u00f3ss\u00e1g:<\/strong> Ezek a hengerek jellemz\u0151en nagy szil\u00e1rds\u00e1g\u00fa ac\u00e9lb\u00f3l vagy alum\u00edniumb\u00f3l k\u00e9sz\u00fclnek, \u00e9s nagy nyom\u00e1s \u00e9s neh\u00e9z terhel\u00e9sek elvisel\u00e9s\u00e9re vannak tervezve. \u00dagy tervezt\u00e9k \u0151ket, hogy zord munkak\u00f6rnyezetben is m\u0171k\u00f6djenek, olyan jellemz\u0151kkel, amelyek fokozz\u00e1k a kop\u00e1s\u00e1ll\u00f3s\u00e1got \u00e9s a korr\u00f3zi\u00f3v\u00e9delmet, biztos\u00edtva a hossz\u00fa \u00e9lettartamot.<\/li>\n<li><strong>Hat\u00e9kony hidraulikus m\u0171k\u00f6dtet\u00e9s:<\/strong> A hidraulikaolaj nyom\u00e1s\u00e1t kihaszn\u00e1lva a g\u00e9mhenger sima kitol\u00e1st \u00e9s visszah\u00faz\u00e1st biztos\u00edt. Ez a gyors reag\u00e1l\u00e1s a kezel\u0151i parancsokra er\u0151teljes tol\u00f3- \u00e9s h\u00faz\u00f3k\u00e9pess\u00e9get biztos\u00edt, \u00edgy alkalmass\u00e1 teszi neh\u00e9z anyagok kezel\u00e9s\u00e9re \u00e9s \u00f6sszetett \u00fczemeltet\u00e9si feladatokra.<\/li>\n<li><strong>K\u00fcl\u00f6nb\u00f6z\u0151 t\u00edpusok:<\/strong> Az ig\u00e9nyekt\u0151l f\u00fcgg\u0151en ezek a hengerek lehetnek egyszeres m\u0171k\u00f6d\u00e9s\u0171ek (egy ir\u00e1nyban hidraulikus er\u0151t haszn\u00e1lva) vagy kett\u0151s m\u0171k\u00f6d\u00e9s\u0171ek (mindk\u00e9t ir\u00e1nyban hidraulikus er\u0151t haszn\u00e1lva). Egyes modellek teleszk\u00f3posak, \u00edgy nagyobb kiny\u00fal\u00e1st tesznek lehet\u0151v\u00e9 a k\u00fcls\u0151 m\u00e9retek n\u00f6vel\u00e9se n\u00e9lk\u00fcl, \u00edgy t\u00f6k\u00e9letesek korl\u00e1tozott helyig\u00e9ny\u0171 alkalmaz\u00e1sokhoz.<\/li>\n<\/ul>\n<p>Mi gy\u00e1rtjuk ezt a term\u00e9ket, \u00e9s hengereink t\u00f6k\u00e9letesen helyettes\u00edthetik ezeket a hidraulikus hengereket.<\/p>\n<p><img decoding=\"async\" src=\"https:\/\/www.hydraulic-cylinders.net\/wp-content\/uploads\/2025\/04\/songte-cylinder-head-with-all-kinds-excavator-models.webp\" alt=\"Kotr\u00f3g\u00e9p modellek\"><\/p>\n<h2>A g\u00e9mhengerek alkalmaz\u00e1sai<\/h2>\n<h3>\u00c9p\u00edt\u0151ipari berendez\u00e9sek<\/h3>\n<p>Az \u00e9p\u00edt\u0151ipari g\u00e9pekben a g\u00e9mhengerek alapvet\u0151 alkatr\u00e9szek a kotr\u00f3g\u00e9pekben. Elengedhetetlenek az \u00e1s\u00e1shoz, a rakod\u00e1shoz \u00e9s a f\u00f6ld vagy t\u00f6rmel\u00e9k mozgat\u00e1s\u00e1hoz. A kotr\u00f3g\u00e9p-rakod\u00f3kban ezek a hengerek nemcsak a f\u00f6ldmunk\u00e1ban, hanem az emel\u00e9si m\u0171veletekben is seg\u00edtenek.<\/p>\n<h3>Mez\u0151gazdas\u00e1gi g\u00e9pek<\/h3>\n<p>A homlokrakod\u00f3kban a g\u00e9mhengerek l\u00e9tfontoss\u00e1g\u00fa szerepet j\u00e1tszanak a talaj, sz\u00e9na \u00e9s egy\u00e9b anyagok \u00e1s\u00e1s\u00e1ban, emel\u00e9s\u00e9ben \u00e9s sz\u00e1ll\u00edt\u00e1s\u00e1ban. A k\u00fcl\u00f6nf\u00e9le mez\u0151gazdas\u00e1gi feladatok hat\u00e9kony elv\u00e9gz\u00e9s\u00e9re val\u00f3 k\u00e9pess\u00e9g\u00fck n\u00e9lk\u00fcl\u00f6zhetetlenn\u00e9 teszi \u0151ket a mez\u0151gazdas\u00e1gi \u00e1gazatban.<\/p>\n<h3>Kotr\u00f3g\u00e9pek<\/h3>\n<p>A g\u00e9mhenger felel\u0151s az\u00e9rt, hogy a kan\u00e1l hat\u00e9konyan hatoljon be a talajba a f\u00f6ldmunk\u00e1k sor\u00e1n. Ez a funkci\u00f3 kritikus fontoss\u00e1g\u00fa az optim\u00e1lis \u00e1s\u00e1si m\u00e9lys\u00e9g \u00e9s hat\u00e9konys\u00e1g el\u00e9r\u00e9s\u00e9hez.<\/p>\n<h3>Rakod\u00f3k<\/h3>\n<p>A homlokrakod\u00f3kban a g\u00e9mhengerek hat\u00e9konyan seg\u00edtik a rakom\u00e1nyok emel\u00e9s\u00e9t \u00e9s \u00fcr\u00edt\u00e9s\u00e9t, n\u00f6velve a termel\u00e9kenys\u00e9get \u00e9s az anyagmozgat\u00e1si k\u00e9pess\u00e9geket a munkater\u00fcleteken.<\/p>\n<h2>Tervez\u00e9si szempontok \u00e9s kiv\u00e1laszt\u00e1si krit\u00e9riumok<\/h2>\n<h3>Teherb\u00edr\u00e1s<\/h3>\n<p>A g\u00e9mhenger kiv\u00e1laszt\u00e1sakor a teherb\u00edr\u00e1s kiemelked\u0151 fontoss\u00e1g\u00fa. A hengernek k\u00e9pesnek kell lennie a m\u0171k\u00f6d\u00e9s sor\u00e1n v\u00e1rhat\u00f3 maxim\u00e1lis terhel\u00e9s kezel\u00e9s\u00e9re. A megfelel\u0151 m\u00e9retez\u00e9s biztos\u00edtja a berendez\u00e9s biztons\u00e1gos \u00e9s hat\u00e9kony m\u0171k\u00f6d\u00e9s\u00e9t, cs\u00f6kkentve a henger meghib\u00e1sod\u00e1s\u00e1nak kock\u00e1zat\u00e1t.<\/p>\n<h3>T\u00f6m\u00edt\u00e9s<\/h3>\n<p>A hat\u00e9kony t\u00f6m\u00edt\u00e9s elengedhetetlen a hidraulikafolyad\u00e9k sziv\u00e1rg\u00e1s\u00e1nak megakad\u00e1lyoz\u00e1s\u00e1hoz \u00e9s a hengeren bel\u00fcli optim\u00e1lis nyom\u00e1s fenntart\u00e1s\u00e1hoz. A kiv\u00e1l\u00f3 min\u0151s\u00e9g\u0171 t\u00f6m\u00edt\u00e9sek a szennyez\u0151d\u00e9s megel\u0151z\u00e9s\u00e9vel \u00e9s a kop\u00e1s cs\u00f6kkent\u00e9s\u00e9vel n\u00f6velik a henger \u00e9lettartam\u00e1t.<\/p>\n<h3>Tart\u00f3ss\u00e1g<\/h3>\n<p>A tart\u00f3ss\u00e1g kritikus t\u00e9nyez\u0151, k\u00fcl\u00f6n\u00f6sen ig\u00e9nyes k\u00f6rnyezetben. A g\u00e9mhenger gy\u00e1rt\u00e1s\u00e1hoz felhaszn\u00e1lt anyagoknak kop\u00e1s-, korr\u00f3zi\u00f3- \u00e9s kif\u00e1rad\u00e1s\u00e1ll\u00f3nak kell lenni\u00fck, biztos\u00edtva a hossz\u00fa t\u00e1v\u00fa megb\u00edzhat\u00f3s\u00e1got \u00e9s teljes\u00edtm\u00e9nyt.<\/p>\n<h3>Biztons\u00e1g<\/h3>\n<p>A hidraulikus hengerek tervez\u00e9s\u00e9n\u00e9l a biztons\u00e1g els\u0151dleges szempont. Az olyan jellemz\u0151k, mint a nyom\u00e1scs\u00f6kkent\u0151 szelepek \u00e9s a robusztus r\u00f6gz\u00edt\u00e9si lehet\u0151s\u00e9gek minimaliz\u00e1lj\u00e1k a balesetek \u00e9s a berendez\u00e9s meghib\u00e1sod\u00e1s\u00e1nak kock\u00e1zat\u00e1t.<\/p>\n<h3>Karbantarthat\u00f3s\u00e1g<\/h3>\n<p>A k\u00f6nnyen karbantarthat\u00f3 g\u00e9mhenger kiv\u00e1laszt\u00e1sa n\u00f6veli annak \u00e9lettartam\u00e1t. A t\u00f6m\u00edt\u00e9sekhez \u00e9s a bels\u0151 alkatr\u00e9szekhez val\u00f3 k\u00f6nny\u0171 hozz\u00e1f\u00e9r\u00e9st lehet\u0151v\u00e9 tev\u0151 tervez\u00e9si jellemz\u0151k egyszer\u0171bb\u00e9 \u00e9s gyorsabb\u00e1 teszik a karbantart\u00e1si feladatokat, ez\u00e1ltal cs\u00f6kkentve az \u00e1ll\u00e1sid\u0151t.<\/p>\n<p><img decoding=\"async\" src=\"https:\/\/www.hydraulic-cylinders.net\/wp-content\/uploads\/2025\/04\/songte-oil-pipes-and-spare-parts.webp\" alt=\"Olajcs\u00f6vek \u00e9s alkatr\u00e9szek\"><\/p>\n<h2>A hidraulikus henger t\u00f6m\u00edt\u00e9se \u00e9s ken\u00e9se<\/h2>\n<p>A megfelel\u0151 t\u00f6m\u00edt\u00e9s \u00e9s ken\u00e9s elengedhetetlen a g\u00e9mhenger m\u0171k\u00f6d\u00e9s\u00e9hez \u00e9s hossz\u00fa \u00e9lettartam\u00e1hoz. K\u00fcl\u00f6nb\u00f6z\u0151 t\u00f6m\u00edt\u00e9seket, p\u00e9ld\u00e1ul dugatty\u00fat\u00f6m\u00edt\u00e9seket \u00e9s r\u00fadt\u00f6m\u00edt\u00e9seket haszn\u00e1lnak a hidraulikus nyom\u00e1s fenntart\u00e1s\u00e1ra \u00e9s a folyad\u00e9ksziv\u00e1rg\u00e1s megakad\u00e1lyoz\u00e1s\u00e1ra. A tart\u00f3s anyagok, p\u00e9ld\u00e1ul a poliuret\u00e1n \u00e9s a nitrilgumi t\u00f6m\u00edt\u00e9seinek kiv\u00e1laszt\u00e1sa fokozza a kop\u00e1s\u00e1ll\u00f3s\u00e1got \u00e9s a k\u00f6rnyezeti t\u00e9nyez\u0151kkel szembeni ellen\u00e1ll\u00e1st.<\/p>\n<p>A hengertest \u00e9s a menetes v\u00e9gek apr\u00f3l\u00e9kos megmunk\u00e1l\u00e1son esnek \u00e1t a kop\u00e1s\u00e1ll\u00f3s\u00e1g jav\u00edt\u00e1sa \u00e9rdek\u00e9ben. A s\u00farl\u00f3d\u00e1s minimaliz\u00e1l\u00e1sa \u00e9s a z\u00f6kken\u0151mentes m\u0171k\u00f6d\u00e9s biztos\u00edt\u00e1sa \u00e9rdek\u00e9ben rendszeres hidraulikaolajjal t\u00f6rt\u00e9n\u0151 ken\u00e9s sz\u00fcks\u00e9ges. A megfelel\u0151 ken\u00e9s hozz\u00e1j\u00e1rul a hidraulikus henger \u00e1ltal\u00e1nos hat\u00e9konys\u00e1g\u00e1hoz \u00e9s \u00e9lettartam\u00e1hoz.<\/p>\n<h2>Rendszeres karbantart\u00e1s \u00e9s megel\u0151z\u0151 int\u00e9zked\u00e9sek<\/h2>\n<ul>\n<li><strong>Gyakori ellen\u0151rz\u00e9sek:<\/strong> Rendszeresen ellen\u0151rizze a g\u00e9mhengert kop\u00e1s, sziv\u00e1rg\u00e1s vagy s\u00e9r\u00fcl\u00e9s jelei szempontj\u00e1b\u00f3l. A probl\u00e9m\u00e1k korai felismer\u00e9se megel\u0151zheti a tov\u00e1bbi bonyodalmakat \u00e9s a k\u00f6lts\u00e9ges jav\u00edt\u00e1sokat.<\/li>\n<li><strong>Megfelel\u0151 ken\u00e9s:<\/strong> Gy\u0151z\u0151dj\u00f6n meg arr\u00f3l, hogy a henger megfelel\u0151en van kenve hidraulikaolajjal. Ez cs\u00f6kkenti a mozg\u00f3 alkatr\u00e9szek s\u00farl\u00f3d\u00e1s\u00e1t \u00e9s kop\u00e1s\u00e1t, el\u0151seg\u00edtve a z\u00f6kken\u0151mentes m\u0171k\u00f6d\u00e9st.<\/li>\n<li><strong>T\u00f6m\u00edt\u00e9scsere:<\/strong> Id\u0151vel a t\u00f6m\u00edt\u00e9sek elkophatnak \u00e9s hat\u00e1stalann\u00e1 v\u00e1lhatnak. Rendszeresen ellen\u0151rizze \u00e9s sz\u00fcks\u00e9g szerint cser\u00e9lje ki a t\u00f6m\u00edt\u00e9seket a hidraulikus integrit\u00e1s meg\u0151rz\u00e9se \u00e9rdek\u00e9ben.<\/li>\n<\/ul>\n<h2>A g\u00e9mhenger telep\u00edt\u00e9si \u00fatmutat\u00f3ja<\/h2>\n<p>A g\u00e9mhenger megfelel\u0151 beszerel\u00e9se elengedhetetlen az optim\u00e1lis teljes\u00edtm\u00e9nyhez. Kezdje azzal, hogy minden alkatr\u00e9sz tiszta \u00e9s t\u00f6rmel\u00e9kmentes. Igaz\u00edtsa a hengert megfelel\u0151en a r\u00f6gz\u00edt\u00e9si pontokhoz, mivel a hib\u00e1s be\u00e1ll\u00edt\u00e1s fesz\u00fclts\u00e9get \u00e9s id\u0151 el\u0151tti kop\u00e1st okozhat.<\/p>\n<p>Haszn\u00e1ljon megfelel\u0151 r\u00f6gz\u00edt\u0151konzolokat a henger r\u00f6gz\u00edt\u00e9s\u00e9hez, megakad\u00e1lyozva az elmozdul\u00e1st m\u0171k\u00f6d\u00e9s k\u00f6zben. A csavarok megh\u00faz\u00e1sakor k\u00f6vesse a gy\u00e1rt\u00f3 nyomat\u00e9kadatait a biztons\u00e1gos illeszked\u00e9s biztos\u00edt\u00e1sa \u00e9rdek\u00e9ben. A telep\u00edt\u00e9s ut\u00e1n ellen\u0151rizze a hidraulikus csatlakoz\u00e1sok be\u00e1ll\u00edt\u00e1s\u00e1t \u00e9s m\u0171k\u00f6d\u00e9s\u00e9t.<\/p>\n<p>A beszerel\u00e9s ut\u00e1n v\u00e9gezzen pr\u00f3ba\u00fczemet a henger zavartalan m\u0171k\u00f6d\u00e9s\u00e9nek ellen\u0151rz\u00e9s\u00e9re, \u00e9s v\u00e9gezze el a sz\u00fcks\u00e9ges be\u00e1ll\u00edt\u00e1sokat az optim\u00e1lis teljes\u00edtm\u00e9ny biztos\u00edt\u00e1sa \u00e9rdek\u00e9ben.<\/p>\n<h2>Gyakori karbantart\u00e1si feladatok<\/h2>\n<h3>Rendszeres ellen\u0151rz\u00e9sek<\/h3>\n<p>A rendszeres ellen\u0151rz\u00e9sek elengedhetetlenek a g\u00e9mhenger m\u0171k\u00f6d\u00e9si hat\u00e9konys\u00e1g\u00e1nak fenntart\u00e1s\u00e1hoz. Keressen sziv\u00e1rg\u00e1sra, kop\u00e1sra vagy s\u00e9r\u00fcl\u00e9sre utal\u00f3 jeleket. A probl\u00e9m\u00e1k korai azonos\u00edt\u00e1sa megel\u0151zheti a k\u00e9s\u0151bbi s\u00falyosabb probl\u00e9m\u00e1kat. \u00dctemezzen ellen\u0151rz\u00e9seket a haszn\u00e1lat gyakoris\u00e1ga alapj\u00e1n, biztos\u00edtva, hogy a lehets\u00e9ges probl\u00e9m\u00e1kat m\u00e9g azel\u0151tt kezelj\u00e9k, miel\u0151tt azok s\u00falyosbodn\u00e1nak.<\/p>\n<h3>Megfelel\u0151 ken\u00e9s<\/h3>\n<p>A ken\u00e9st a gy\u00e1rt\u00f3 ir\u00e1nyelveinek megfelel\u0151en kell elv\u00e9gezni. A megfelel\u0151 ken\u00e9s minimaliz\u00e1lja a s\u00farl\u00f3d\u00e1st, meghosszabb\u00edtja a henger \u00e9lettartam\u00e1t \u00e9s biztos\u00edtja az optim\u00e1lis teljes\u00edtm\u00e9nyt. Mindig az aj\u00e1nlott t\u00edpus\u00fa hidraulikaolajat haszn\u00e1lja, \u00e9s \u00fcgyeljen arra, hogy a t\u00f6m\u00edt\u00e9sek \u00e9pek maradjanak a szennyez\u0151d\u00e9s elker\u00fcl\u00e9se \u00e9rdek\u00e9ben.<\/p>\n<h3>T\u00f6m\u00edt\u00e9scsere \u00e9s kalibr\u00e1l\u00e1s ellen\u0151rz\u00e9se<\/h3>\n<p>Rendszeresen ellen\u0151rizze a t\u00f6m\u00edt\u00e9sek kop\u00e1s\u00e1t, \u00e9s sz\u00fcks\u00e9g szerint cser\u00e9lje ki \u0151ket. A megfelel\u0151 t\u00f6m\u00edt\u00e9s fenntartja a hidraulikus nyom\u00e1st \u00e9s megakad\u00e1lyozza a sziv\u00e1rg\u00e1sokat. Ezenk\u00edv\u00fcl a kalibr\u00e1ci\u00f3s ellen\u0151rz\u00e9sek elengedhetetlenek annak biztos\u00edt\u00e1s\u00e1hoz, hogy a henger a megadott param\u00e9tereken bel\u00fcl m\u0171k\u00f6dj\u00f6n. A megfelel\u0151 kalibr\u00e1l\u00e1s n\u00f6veli a hidraulikus rendszerek hat\u00e9konys\u00e1g\u00e1t \u00e9s biztons\u00e1g\u00e1t.<\/p>\n<p><img decoding=\"async\" src=\"https:\/\/www.hydraulic-cylinders.net\/wp-content\/uploads\/2025\/04\/songte-chushion-collar.webp\" alt=\"P\u00e1rna gall\u00e9r\"><\/p>\n<h2>Biztons\u00e1gi szempontok \u00e9s k\u00f6rnyezeti t\u00e9nyez\u0151k<\/h2>\n<p>Hidraulikus hengerekkel v\u00e9gzett munka sor\u00e1n a biztons\u00e1gi int\u00e9zked\u00e9sek kiemelked\u0151en fontosak. A kezel\u0151ket ki kell k\u00e9pezni a hidraulikus rendszerek biztons\u00e1gos \u00fczemeltet\u00e9s\u00e9re \u00e9s karbantart\u00e1s\u00e1ra a kock\u00e1zatok cs\u00f6kkent\u00e9se \u00e9rdek\u00e9ben. A balesetek megel\u0151z\u00e9se \u00e9rdek\u00e9ben elengedhetetlen a megfelel\u0151 szem\u00e9lyi v\u00e9d\u0151felszerel\u00e9s (PPE) visel\u00e9se is. Ezenk\u00edv\u00fcl vegye figyelembe a hidraulikus folyad\u00e9kok k\u00f6rnyezeti hat\u00e1s\u00e1t, biztos\u00edtsa a megfelel\u0151 \u00e1rtalmatlan\u00edt\u00e1st \u00e9s minimaliz\u00e1lja a ki\u00f6ml\u00e9seket az \u00f6kosziszt\u00e9ma v\u00e9delme \u00e9rdek\u00e9ben.<\/p>\n<h2>Hibadiagn\u00f3zis \u00e9s gyakori probl\u00e9m\u00e1k<\/h2>\n<ul>\n<li><strong>Sziv\u00e1rg\u00e1s:<\/strong> Sziv\u00e1rg\u00e1sok el\u0151fordulhatnak kopott t\u00f6m\u00edt\u00e9sek vagy s\u00e9r\u00fclt t\u00f6ml\u0151k miatt. A rendszeres ellen\u0151rz\u00e9s \u00e9s a sziv\u00e1rg\u00e1sok azonnali jav\u00edt\u00e1sa elengedhetetlen a hidraulikus nyom\u00e1s \u00e9s a m\u0171k\u00f6d\u0151k\u00e9pess\u00e9g fenntart\u00e1s\u00e1hoz.<\/li>\n<li><strong>Lass\u00fa mozg\u00e1s:<\/strong> Ha a g\u00e9mhenger lassan mozog, az alacsony hidraulikafolyad\u00e9k-szintre, szennyez\u0151d\u00e9sre vagy kopott t\u00f6m\u00edt\u00e9sekre utalhat. Ezen probl\u00e9m\u00e1k azonnali kezel\u00e9se biztos\u00edtja a z\u00f6kken\u0151mentes m\u0171k\u00f6d\u00e9st.<\/li>\n<li><strong>Szokatlan zajok:<\/strong> A m\u0171k\u00f6d\u00e9s k\u00f6zbeni szokatlan hangok mechanikai hib\u00e1ra vagy el\u00e9gtelen ken\u00e9sre utalhatnak. Ezen probl\u00e9m\u00e1k kivizsg\u00e1l\u00e1sa \u00e9s jav\u00edt\u00e1sa elengedhetetlen a tov\u00e1bbi k\u00e1rok megel\u0151z\u00e9se \u00e9rdek\u00e9ben.<\/li>\n<\/ul>\n<p>A probl\u00e9m\u00e1k elh\u00e1r\u00edt\u00e1s\u00e1hoz alaposan ellen\u0151rizze az \u00f6sszes alkatr\u00e9szt. Cser\u00e9lje ki a s\u00e9r\u00fclt alkatr\u00e9szeket, sz\u00fcks\u00e9g szerint t\u00f6ltse fel a hidraulikafolyad\u00e9kot, \u00e9s gondoskodjon a megfelel\u0151 ken\u00e9sr\u0151l a rendszer j\u00f3 m\u0171k\u00f6d\u00e9s\u00e9nek fenntart\u00e1sa \u00e9rdek\u00e9ben.<\/p>\n<h2>K\u00f6vetkeztet\u00e9s<\/h2>\n<p>Az alternat\u00edv hidraulikus hengerek vezet\u0151 gy\u00e1rt\u00f3ja vagyunk, \u00e1tfog\u00f3 term\u00e9kv\u00e1laszt\u00e9kot k\u00edn\u00e1lva. Elk\u00f6telezettek vagyunk a kiv\u00e1l\u00f3s\u00e1g \u00e9s a prec\u00edzi\u00f3s gy\u00e1rt\u00e1s ir\u00e1nt, \u00edgy mind a hazai, mind a nemzetk\u00f6zi piacokon v\u00e1ltozatos \u00fcgyf\u00e9lig\u00e9nyeket tudunk kiel\u00e9g\u00edteni. A kiv\u00e1l\u00f3 min\u0151s\u00e9g\u0171 gy\u00e1rt\u00e1sra \u00f6sszpontos\u00edtva fejlett gy\u00e1rt\u00f3l\u00e9tes\u00edtm\u00e9nyeink \u00e9s professzion\u00e1lis tesztel\u0151rendszereink fokozz\u00e1k term\u00e9keink min\u0151s\u00e9g\u00e9t \u00e9s megb\u00edzhat\u00f3s\u00e1g\u00e1t.<\/p>\n<p>Szak\u00e9rtelm\u00fcnk kiterjed az egyedi megold\u00e1sok k\u00edn\u00e1lat\u00e1ra is, nemzetk\u00f6zi tan\u00fas\u00edtv\u00e1nyaink pedig garant\u00e1lj\u00e1k a legmagasabb sz\u00ednvonalat. B\u00fcszk\u00e9k vagyunk \u00e9rt\u00e9kes\u00edt\u00e9s ut\u00e1ni szolg\u00e1ltat\u00e1sunkra, amely folyamatos t\u00e1mogat\u00e1ssal biztos\u00edtja az \u00fcgyfelek el\u00e9gedetts\u00e9g\u00e9t.<\/p>\n<p><img decoding=\"async\" src=\"https:\/\/www.hydraulic-cylinders.net\/wp-content\/uploads\/2025\/04\/songte-company-4.webp\" alt=\"C\u00e9ges im\u00e1zs\"><br \/>\n<img decoding=\"async\" src=\"https:\/\/www.hydraulic-cylinders.net\/wp-content\/uploads\/2025\/04\/songte-company-3.webp\" alt=\"C\u00e9ges im\u00e1zs\"><\/p>\n<p>Szerz\u0151: lyl<\/p>","protected":false},"excerpt":{"rendered":"<p>Boom Cylinder For Sinomach ZG3150-9C Introduction to Boom Cylinder The Boom Cylinder for Sinomach ZG3150-9C is a specialized hydraulic cylinder designed to control the movement of buckets in heavy machinery. These hydraulic cylinders play a crucial role in hydraulic systems, allowing for the lifting, lowering, and tilting of equipment such as excavators, backhoe loaders, and [&hellip;]<\/p>","protected":false},"featured_media":17871,"comment_status":"open","ping_status":"closed","template":"","meta":{"_et_pb_use_builder":"","_et_pb_old_content":"","_et_gb_content_width":""},"product_brand":[],"product_cat":[1546],"product_tag":[1547,1496],"class_list":{"0":"post-19698","1":"product","2":"type-product","3":"status-publish","4":"has-post-thumbnail","6":"product_cat-boom-cylinders","7":"product_tag-boom-cylinders","8":"product_tag-hydraulic-cylinders","10":"first","11":"instock","12":"shipping-taxable","13":"product-type-simple"},"amp_enabled":true,"_links":{"self":[{"href":"https:\/\/www.hydraulic-cylinders.net\/hu\/wp-json\/wp\/v2\/product\/19698","targetHints":{"allow":["GET"]}}],"collection":[{"href":"https:\/\/www.hydraulic-cylinders.net\/hu\/wp-json\/wp\/v2\/product"}],"about":[{"href":"https:\/\/www.hydraulic-cylinders.net\/hu\/wp-json\/wp\/v2\/types\/product"}],"replies":[{"embeddable":true,"href":"https:\/\/www.hydraulic-cylinders.net\/hu\/wp-json\/wp\/v2\/comments?post=19698"}],"wp:featuredmedia":[{"embeddable":true,"href":"https:\/\/www.hydraulic-cylinders.net\/hu\/wp-json\/wp\/v2\/media\/17871"}],"wp:attachment":[{"href":"https:\/\/www.hydraulic-cylinders.net\/hu\/wp-json\/wp\/v2\/media?parent=19698"}],"wp:term":[{"taxonomy":"product_brand","embeddable":true,"href":"https:\/\/www.hydraulic-cylinders.net\/hu\/wp-json\/wp\/v2\/product_brand?post=19698"},{"taxonomy":"product_cat","embeddable":true,"href":"https:\/\/www.hydraulic-cylinders.net\/hu\/wp-json\/wp\/v2\/product_cat?post=19698"},{"taxonomy":"product_tag","embeddable":true,"href":"https:\/\/www.hydraulic-cylinders.net\/hu\/wp-json\/wp\/v2\/product_tag?post=19698"}],"curies":[{"name":"munkaf\u00fczet","href":"https:\/\/api.w.org\/{rel}","templated":true}]}}