{"id":19701,"date":"2025-04-07T07:02:33","date_gmt":"2025-04-07T07:02:33","guid":{"rendered":"https:\/\/www.hydraulic-cylinders.net\/product\/boom-cylinder-for-sinomach-zg3335lc-9c\/"},"modified":"2025-04-07T07:02:36","modified_gmt":"2025-04-07T07:02:36","slug":"boom-cylinder-for-sinomach-zg3335lc-9c","status":"publish","type":"product","link":"https:\/\/www.hydraulic-cylinders.net\/hu\/termek\/boom-cylinder-for-sinomach-zg3335lc-9c\/","title":{"rendered":"G\u00e9mhenger Sinomach ZG3335LC-9C-hez"},"content":{"rendered":"<h1>G\u00e9mhenger Sinomach ZG3335LC-9C-hez<\/h1>\n<h2>Term\u00e9k\u00e1ttekint\u00e9s<\/h2>\n<p>A Sinomach ZG3335LC-9C g\u00e9mhengere kulcsfontoss\u00e1g\u00fa alkatr\u00e9sz a hidraulikus rendszerekben, amelyet kifejezetten a neh\u00e9zg\u00e9pek, p\u00e9ld\u00e1ul kotr\u00f3g\u00e9pek, kotr\u00f3rakod\u00f3k \u00e9s homlokrakod\u00f3k kanalainak mozg\u00e1s\u00e1nak vez\u00e9rl\u00e9s\u00e9re terveztek. Ez a hidraulikus henger lehet\u0151v\u00e9 teszi a kan\u00e1l emel\u00e9s\u00e9t, s\u00fcllyeszt\u00e9s\u00e9t \u00e9s billent\u00e9s\u00e9t, megk\u00f6nny\u00edtve a hat\u00e9kony anyagmozgat\u00e1si feladatokat. A kan\u00e1lhenger egy olyan hidraulikus henger, amely hidraulikus folyad\u00e9k seg\u00edts\u00e9g\u00e9vel er\u0151t gener\u00e1l, lehet\u0151v\u00e9 t\u00e9ve a k\u00fcl\u00f6nb\u00f6z\u0151 alkalmaz\u00e1sokban sz\u00fcks\u00e9ges mozg\u00e1sok pontos vez\u00e9rl\u00e9s\u00e9t. Ezek a hengerek elengedhetetlenek az \u00e9p\u00edt\u0151iparban, a mez\u0151gazdas\u00e1gban \u00e9s m\u00e1s olyan ipar\u00e1gakban v\u00e9gzett m\u0171veletekhez, ahol neh\u00e9z emel\u00e9sre \u00e9s mozg\u00e1sra van sz\u00fcks\u00e9g.<\/p>\n<p><img decoding=\"async\" src=\"https:\/\/www.hydraulic-cylinders.net\/wp-content\/uploads\/2025\/04\/songte-company-1.webp\" alt=\"G\u00e9mhenger k\u00e9pe\"><\/p>\n<h2>A g\u00e9mhenger jellemz\u0151i<\/h2>\n<ul>\n<li><strong>Nagy szil\u00e1rds\u00e1g \u00e9s tart\u00f3ss\u00e1g:<\/strong> Ezek a hengerek jellemz\u0151en nagy szil\u00e1rds\u00e1g\u00fa ac\u00e9lb\u00f3l vagy alum\u00edniumb\u00f3l k\u00e9sz\u00fclnek, \u00e9s ellen\u00e1llnak a nagy nyom\u00e1snak \u00e9s a nagy terhel\u00e9snek, \u00edgy alkalmasak a zord munkak\u00f6rnyezetre.<\/li>\n<li><strong>Hat\u00e9kony hidraulikus m\u0171k\u00f6dtet\u00e9s:<\/strong> A hidraulikaolaj-nyom\u00e1s haszn\u00e1lata lehet\u0151v\u00e9 teszi a sima \u00e9s gyors kitol\u00e1st \u00e9s visszah\u00faz\u00e1st, \u00edgy nagy h\u00faz\u00f3- \u00e9s tol\u00f3er\u0151t biztos\u00edt, ami ide\u00e1lis neh\u00e9z t\u00e1rgyak \u00e9s \u00f6sszetett feladatok kezel\u00e9s\u00e9hez.<\/li>\n<li><strong>K\u00fcl\u00f6nb\u00f6z\u0151 t\u00edpusok:<\/strong> Kaphat\u00f3 egyszeres m\u0171k\u00f6d\u00e9s\u0171 (hidraulikus m\u0171k\u00f6d\u00e9s egy ir\u00e1nyban) vagy kett\u0151s m\u0171k\u00f6d\u00e9s\u0171 (hidraulikus m\u0171k\u00f6d\u00e9s mindk\u00e9t ir\u00e1nyban) konfigur\u00e1ci\u00f3ban, lehet\u0151v\u00e9 t\u00e9ve az \u00fczemi ig\u00e9nyek szerinti testreszab\u00e1st.<\/li>\n<li><strong>Kompakt kialak\u00edt\u00e1s:<\/strong> Egyes modellek teleszk\u00f3pos kialak\u00edt\u00e1s\u00faak, amelyek nagyobb kih\u00faz\u00e1st tesznek lehet\u0151v\u00e9 a k\u00fcls\u0151 m\u00e9retek n\u00f6vel\u00e9se n\u00e9lk\u00fcl, \u00edgy alkalmasak korl\u00e1tozott helyig\u00e9ny\u0171 alkalmaz\u00e1sokhoz.<\/li>\n<li><strong>Robusztus t\u00f6m\u00edt\u0151mechanizmusok:<\/strong> A fejlett t\u00f6m\u00edt\u00e9si megold\u00e1sok biztos\u00edtj\u00e1k a megb\u00edzhat\u00f3s\u00e1got \u00e9s a hossz\u00fa \u00e9lettartamot, cs\u00f6kkentik a hidraulikafolyad\u00e9k sziv\u00e1rg\u00e1s\u00e1nak kock\u00e1zat\u00e1t \u00e9s fenntartj\u00e1k az optim\u00e1lis teljes\u00edtm\u00e9nyt.<\/li>\n<\/ul>\n<p>Mi gy\u00e1rtjuk ezt a term\u00e9ket, \u00e9s k\u00edn\u00e1latunk t\u00f6k\u00e9letesen helyettes\u00edtheti a megl\u00e9v\u0151 hidraulikus hengereket.<\/p>\n<p><img decoding=\"async\" src=\"https:\/\/www.hydraulic-cylinders.net\/wp-content\/uploads\/2025\/04\/songte-cylinder-head-with-all-kinds-excavator-models.webp\" alt=\"Hengerfej k\u00e9pe\"><\/p>\n<h2>A g\u00e9mhenger alkalmaz\u00e1sai<\/h2>\n<h3>\u00c9p\u00edt\u0151ipari berendez\u00e9sek<\/h3>\n<p>A kotr\u00f3g\u00e9pekben a g\u00e9mhengerek l\u00e9tfontoss\u00e1g\u00faak az \u00e1s\u00e1shoz, a talaj vagy t\u00f6rmel\u00e9k rakod\u00e1s\u00e1hoz \u00e9s mozgat\u00e1s\u00e1hoz. Ezek biztos\u00edtj\u00e1k a sz\u00fcks\u00e9ges er\u0151t ahhoz, hogy a kan\u00e1l behatoljon a talajba, \u00edgy elengedhetetlenek a f\u00f6ldmunk\u00e1khoz. Az emel\u00e9si \u00e9s billent\u00e9si k\u00e9pess\u00e9g\u00fck lehet\u0151v\u00e9 teszi az anyagok hat\u00e9kony rakod\u00e1s\u00e1t teheraut\u00f3kra vagy m\u00e1s g\u00e9pekre, n\u00f6velve a termel\u00e9kenys\u00e9get az \u00e9p\u00edtkez\u00e9seken.<\/p>\n<h3>Mez\u0151gazdas\u00e1gi g\u00e9pek<\/h3>\n<p>A homlokrakod\u00f3k g\u00e9mhengereket haszn\u00e1lnak a talaj, sz\u00e9na \u00e9s egy\u00e9b anyagok mer\u00e9s\u00e9re, emel\u00e9s\u00e9re \u00e9s sz\u00e1ll\u00edt\u00e1s\u00e1ra. Kulcsfontoss\u00e1g\u00fa szerepet j\u00e1tszanak olyan feladatokban, mint a mez\u0151gazdas\u00e1gi term\u00e9kek rakod\u00e1sa, a t\u00f6rmel\u00e9k mozgat\u00e1sa \u00e9s az anyagok kezel\u00e9se a mez\u0151gazdas\u00e1gi m\u0171veletek sor\u00e1n, hozz\u00e1j\u00e1rulva a mez\u0151gazdas\u00e1gi folyamatok \u00e1ltal\u00e1nos hat\u00e9konys\u00e1g\u00e1hoz.<\/p>\n<h3>Kotr\u00f3g\u00e9pek<\/h3>\n<p>A kotr\u00f3g\u00e9pekben a g\u00e9mhenger lehet\u0151v\u00e9 teszi, hogy a kan\u00e1l behatoljon a talajba, megk\u00f6nny\u00edtve a hat\u00e9kony \u00e1s\u00e1si m\u0171veleteket. Ezeknek a hengereknek a pontos vez\u00e9rl\u00e9se elengedhetetlen a m\u00e9lys\u00e9gszab\u00e1lyoz\u00e1shoz \u00e9s a k\u00f6rnyez\u0151 ter\u00fclet minim\u00e1lis zavar\u00e1s\u00e1nak biztos\u00edt\u00e1s\u00e1hoz, \u00edgy n\u00e9lk\u00fcl\u00f6zhetetlenek a f\u00f6ldmunk\u00e1k sor\u00e1n.<\/p>\n<h3>Rakod\u00f3k<\/h3>\n<p>A homlokrakod\u00f3kban a g\u00e9mhengerek hat\u00e9konyan seg\u00edtik a rakom\u00e1nyok emel\u00e9s\u00e9t \u00e9s \u00fcr\u00edt\u00e9s\u00e9t. Ezek biztos\u00edtj\u00e1k a sz\u00fcks\u00e9ges er\u0151t a neh\u00e9z anyagok felemel\u00e9s\u00e9hez, biztos\u00edtva a m\u0171veletek z\u00f6kken\u0151mentes \u00e9s biztons\u00e1gos elv\u00e9gz\u00e9s\u00e9t, ami mind az \u00e9p\u00edt\u0151iparban, mind a mez\u0151gazdas\u00e1gban kulcsfontoss\u00e1g\u00fa.<\/p>\n<h2>Tervez\u00e9si szempontok \u00e9s kiv\u00e1laszt\u00e1si krit\u00e9riumok<\/h2>\n<h3>Teherb\u00edr\u00e1s<\/h3>\n<p>A g\u00e9mhenger teherb\u00edr\u00e1sa az egyik legfontosabb szempont a tervez\u00e9si f\u00e1zisban. K\u00e9pesnek kell lennie a v\u00e1rhat\u00f3 s\u00falyok kezel\u00e9s\u00e9re a szerkezeti integrit\u00e1s vesz\u00e9lyeztet\u00e9se n\u00e9lk\u00fcl. A m\u00e9rn\u00f6k\u00f6k r\u00e9szletes sz\u00e1m\u00edt\u00e1sokat v\u00e9geznek annak biztos\u00edt\u00e1s\u00e1ra, hogy a henger biztons\u00e1gosan emelhesse \u00e9s s\u00fcllyeszthesse a terheket, figyelembe v\u00e9ve olyan t\u00e9nyez\u0151ket, mint az anyag szil\u00e1rds\u00e1ga \u00e9s a hidraulikus nyom\u00e1shat\u00e1rok.<\/p>\n<h3>T\u00f6m\u00edt\u00e9si integrit\u00e1s<\/h3>\n<p>A t\u00f6m\u00edt\u00e9s kritikus fontoss\u00e1g\u00fa a hidraulikus henger teljes\u00edtm\u00e9ny\u00e9nek fenntart\u00e1s\u00e1hoz. A kiv\u00e1l\u00f3 min\u0151s\u00e9g\u0171 t\u00f6m\u00edt\u00e9sek megakad\u00e1lyozz\u00e1k a hidraulikafolyad\u00e9k sziv\u00e1rg\u00e1s\u00e1t, ami nyom\u00e1svesztes\u00e9ghez \u00e9s rendszerhib\u00e1hoz vezethet. A tervek gyakran t\u00f6bb t\u00f6m\u00edt\u0151rendszert tartalmaznak, olyan anyagokat haszn\u00e1lva, mint a poliuret\u00e1n \u00e9s a nitrilgumi, amelyek ellen\u00e1llnak a kop\u00e1snak \u00e9s a k\u00f6rnyezeti hat\u00e1soknak. A t\u00f6m\u00edt\u0151fel\u00fcleteket finoman meg kell munk\u00e1lni a tart\u00f3ss\u00e1g n\u00f6vel\u00e9se \u00e9s a funkcionalit\u00e1s fenntart\u00e1sa \u00e9rdek\u00e9ben k\u00fcl\u00f6nb\u00f6z\u0151 nyom\u00e1sok alatt.<\/p>\n<h3>Tart\u00f3ss\u00e1g \u00e9s hossz\u00fa \u00e9lettartam<\/h3>\n<p>A tart\u00f3ss\u00e1g kulcsfontoss\u00e1g\u00fa t\u00e9nyez\u0151 a g\u00e9mhengerek tervez\u00e9s\u00e9n\u00e9l, mivel azok extr\u00e9m k\u00f6r\u00fclm\u00e9nyeknek vannak kit\u00e9ve. Az anyagok \u00e9s a gy\u00e1rt\u00e1si folyamatok megv\u00e1laszt\u00e1sa k\u00f6zvetlen\u00fcl befoly\u00e1solja a henger \u00e9lettartam\u00e1t. Fel\u00fcletkezel\u00e9sek \u00e9s bevonatok is alkalmazhat\u00f3k a kop\u00e1s-, korr\u00f3zi\u00f3- \u00e9s \u00fct\u00e9s\u00e1ll\u00f3s\u00e1g fokoz\u00e1sa \u00e9rdek\u00e9ben, biztos\u00edtva, hogy a term\u00e9k hossz\u00fa t\u00e1von is m\u0171k\u00f6d\u0151k\u00e9pes maradjon.<\/p>\n<h3>Biztons\u00e1gi funkci\u00f3k<\/h3>\n<p>A biztons\u00e1g kiemelked\u0151 fontoss\u00e1g\u00fa a hidraulikus rendszerekben. A g\u00e9mhengereket biztons\u00e1gi berendez\u00e9sekkel kell ell\u00e1tni a balesetek megel\u0151z\u00e9se \u00e9rdek\u00e9ben, p\u00e9ld\u00e1ul t\u00falterhel\u00e9s elleni v\u00e9delmi mechanizmusokkal, amelyek a teherb\u00edr\u00e1st biztons\u00e1gos szintre korl\u00e1tozz\u00e1k. A gy\u00e1rt\u00e1s sor\u00e1n v\u00e9gzett rendszeres tesztel\u00e9s \u00e9s a biztons\u00e1gi el\u0151\u00edr\u00e1sok betart\u00e1sa biztos\u00edtja, hogy a term\u00e9k megfeleljen a biztons\u00e1gos \u00fczemeltet\u00e9sre vonatkoz\u00f3 ipari szabv\u00e1nyoknak.<\/p>\n<h3>Karbantart\u00e1si hozz\u00e1f\u00e9r\u00e9s<\/h3>\n<p>A kialak\u00edt\u00e1snak k\u00f6nny\u0171 karbantart\u00e1st kell biztos\u00edtania, mivel a rendszeres szervizel\u00e9s elengedhetetlen az optim\u00e1lis teljes\u00edtm\u00e9ny biztos\u00edt\u00e1s\u00e1hoz. Az olyan jellemz\u0151k, mint a k\u00f6nnyen hozz\u00e1f\u00e9rhet\u0151 zs\u00edrz\u00f3gombok \u00e9s ellen\u0151rz\u0151 ny\u00edl\u00e1sok, lehet\u0151v\u00e9 teszik a rendszeres ellen\u0151rz\u00e9seket \u00e9s ken\u00e9st, ami jelent\u0151sen meghosszabb\u00edthatja a hidraulikus henger \u00e9lettartam\u00e1t \u00e9s megel\u0151zheti a k\u00f6lts\u00e9ges jav\u00edt\u00e1sokat.<\/p>\n<p><img decoding=\"async\" src=\"https:\/\/www.hydraulic-cylinders.net\/wp-content\/uploads\/2025\/04\/songte-oil-pipes-and-spare-parts.webp\" alt=\"Olajcs\u00f6vek \u00e9s alkatr\u00e9szek k\u00e9pe\"><\/p>\n<h2>T\u00f6m\u00edt\u00e9s \u00e9s ken\u00e9s<\/h2>\n<p>A hat\u00e9kony t\u00f6m\u00edt\u00e9s \u00e9s ken\u00e9s kulcsfontoss\u00e1g\u00fa a g\u00e9mhenger teljes\u00edtm\u00e9nye \u00e9s hossz\u00fa \u00e9lettartama szempontj\u00e1b\u00f3l. K\u00fcl\u00f6nb\u00f6z\u0151 t\u00f6m\u00edt\u00e9seket, bele\u00e9rtve a dugatty\u00fat\u00f6m\u00edt\u00e9seket \u00e9s a r\u00fadt\u00f6m\u00edt\u00e9seket, alkalmaznak a hidraulikafolyad\u00e9k sziv\u00e1rg\u00e1s\u00e1nak megakad\u00e1lyoz\u00e1s\u00e1ra \u00e9s a nyom\u00e1s fenntart\u00e1s\u00e1ra. A tart\u00f3s anyagok, p\u00e9ld\u00e1ul a poliuret\u00e1n \u00e9s a nitrilgumi kiv\u00e1laszt\u00e1sa biztos\u00edtja a kop\u00e1s\u00e1ll\u00f3s\u00e1got \u00e9s a k\u00f6rnyezeti k\u00e1rosod\u00e1ssal szembeni ellen\u00e1ll\u00e1st.<\/p>\n<p>A hengertest \u00e9s a menetes v\u00e9gek finom megmunk\u00e1l\u00e1st ig\u00e9nyelnek a kop\u00e1s\u00e1ll\u00f3s\u00e1g n\u00f6vel\u00e9se \u00e9rdek\u00e9ben, lehet\u0151v\u00e9 t\u00e9ve a henger sz\u00e1m\u00e1ra, hogy nagy nyom\u00e1st \u00e9s zord k\u00f6r\u00fclm\u00e9nyeket is elviseljen. A rendszeres hidraulikaolajjal val\u00f3 ken\u00e9s elengedhetetlen, mivel cs\u00f6kkenti a mozg\u00f3 alkatr\u00e9szek k\u00f6z\u00f6tti s\u00farl\u00f3d\u00e1st \u00e9s minimaliz\u00e1lja a kop\u00e1st, ez\u00e1ltal meghosszabb\u00edtva a henger \u00e9lettartam\u00e1t.<\/p>\n<h2>Megel\u0151z\u0151 karbantart\u00e1si int\u00e9zked\u00e9sek<\/h2>\n<ul>\n<li><strong>Rendszeres ellen\u0151rz\u00e9sek:<\/strong> \u00dctemezzen be szisztematikus ellen\u0151rz\u00e9seket a kop\u00e1s \u00e9s elhaszn\u00e1l\u00f3d\u00e1s azonos\u00edt\u00e1s\u00e1ra, miel\u0151tt azok meghib\u00e1sod\u00e1shoz vezetn\u00e9nek. Ellen\u0151rizze a t\u00f6m\u00edt\u00e9seket \u00e9s csatlakoz\u00e1sokat sziv\u00e1rg\u00e1sok \u00e9s s\u00e9r\u00fcl\u00e9sek szempontj\u00e1b\u00f3l.<\/li>\n<li><strong>Megfelel\u0151 ken\u00e9s:<\/strong> Tartsa a megfelel\u0151 hidraulikaolaj-szintet, \u00e9s gondoskodjon a ken\u00e9si pontok rendszeres karbantart\u00e1s\u00e1r\u00f3l a sz\u00e1razon fut\u00e1s elker\u00fcl\u00e9se \u00e9rdek\u00e9ben.<\/li>\n<li><strong>T\u00f6m\u00edt\u00e9scsere:<\/strong> Figyelje a t\u00f6m\u00edt\u00e9sek \u00e1llapot\u00e1t, \u00e9s sz\u00fcks\u00e9g szerint cser\u00e9lje ki azokat a hat\u00e9kony t\u00f6m\u00edt\u00e9s fenntart\u00e1sa \u00e9s a folyad\u00e9ksziv\u00e1rg\u00e1s megel\u0151z\u00e9se \u00e9rdek\u00e9ben.<\/li>\n<\/ul>\n<h2>Telep\u00edt\u00e9si \u00fatmutat\u00f3<\/h2>\n<p>A g\u00e9mhenger megfelel\u0151 beszerel\u00e9se elengedhetetlen a m\u0171k\u00f6d\u00e9s\u00e9hez. Kezdje azzal, hogy gondoskodjon arr\u00f3l, hogy a munkater\u00fclet tiszta \u00e9s t\u00f6rmel\u00e9kmentes legyen. Gondosan igaz\u00edtsa a hengert a g\u00e9p r\u00f6gz\u00edt\u00e9si pontjaihoz, a megfelel\u0151 r\u00f6gz\u00edt\u0151konzolok seg\u00edts\u00e9g\u00e9vel r\u00f6gz\u00edtve. Gy\u0151z\u0151dj\u00f6n meg arr\u00f3l, hogy a hidraulikus vezet\u00e9kek megfelel\u0151en vannak csatlakoztatva a sziv\u00e1rg\u00e1sok \u00e9s a nyom\u00e1svesztes\u00e9g elker\u00fcl\u00e9se \u00e9rdek\u00e9ben.<\/p>\n<p>A beszerel\u00e9s v\u00e9gleges\u00edt\u00e9se el\u0151tt ellen\u0151rizze a henger be\u00e1ll\u00edt\u00e1s\u00e1t, hogy elker\u00fclje az alkatr\u00e9szek t\u00falzott terhel\u00e9s\u00e9t. A beszerel\u00e9s ut\u00e1n alaposan ellen\u0151rizze a sziv\u00e1rg\u00e1sokat, \u00e9s tesztelje a hidraulikus rendszert a z\u00f6kken\u0151mentes m\u0171k\u00f6d\u00e9s \u00e9rdek\u00e9ben. A biztons\u00e1gos csatlakoz\u00e1sok biztos\u00edt\u00e1sa \u00e9rdek\u00e9ben k\u00f6vesse a gy\u00e1rt\u00f3 utas\u00edt\u00e1sait a csavarok \u00e9s szerelv\u00e9nyek nyomat\u00e9kbe\u00e1ll\u00edt\u00e1saira vonatkoz\u00f3an.<\/p>\n<h2>Gyakori karbantart\u00e1si feladatok<\/h2>\n<h3>Rendszeres ellen\u0151rz\u00e9sek<\/h3>\n<p>A rutinszer\u0171 ellen\u0151rz\u00e9sek elengedhetetlenek a potenci\u00e1lis probl\u00e9m\u00e1k korai azonos\u00edt\u00e1s\u00e1hoz. Keresse a kop\u00e1s jeleit, a sziv\u00e1rg\u00e1sokat \u00e9s a szokatlan zajokat m\u0171k\u00f6d\u00e9s k\u00f6zben. A rendszeres ellen\u0151rz\u00e9sek biztos\u00edtj\u00e1k a henger hat\u00e9kony m\u0171k\u00f6d\u00e9s\u00e9t, \u00e9s megel\u0151zhetik a v\u00e1ratlan meghib\u00e1sod\u00e1sokat.<\/p>\n<h3>Megfelel\u0151 ken\u00e9s<\/h3>\n<p>A megfelel\u0151 ken\u00e9si szint fenntart\u00e1sa elengedhetetlen a s\u00farl\u00f3d\u00e1s \u00e9s a kop\u00e1s minimaliz\u00e1l\u00e1sa \u00e9rdek\u00e9ben. Gy\u0151z\u0151dj\u00f6n meg arr\u00f3l, hogy a hidraulikaolaj ut\u00e1nt\u00f6lt\u00e9se \u00e9s a ken\u00e9si pontok karbantart\u00e1sa a gy\u00e1rt\u00f3 aj\u00e1nl\u00e1sainak megfelel\u0151en t\u00f6rt\u00e9nik. Ez nemcsak a teljes\u00edtm\u00e9nyt jav\u00edtja, hanem a henger \u00e9lettartam\u00e1t is meghosszabb\u00edtja.<\/p>\n<h3>T\u00f6m\u00edt\u00e9scsere \u00e9s kalibr\u00e1l\u00e1s ellen\u0151rz\u00e9se<\/h3>\n<p>A t\u00f6m\u00edt\u00e9seket az \u00fczemi k\u00f6r\u00fclm\u00e9nyekt\u0151l f\u00fcgg\u0151en id\u0151k\u00f6z\u00f6nk\u00e9nt cser\u00e9lni kell a sziv\u00e1rg\u00e1sok megel\u0151z\u00e9se \u00e9rdek\u00e9ben. A hidraulikus rendszer kalibr\u00e1ci\u00f3s ellen\u0151rz\u00e9sei sz\u00fcks\u00e9gesek annak biztos\u00edt\u00e1s\u00e1hoz, hogy a henger a megadott hat\u00e1r\u00e9rt\u00e9keken bel\u00fcl m\u0171k\u00f6dj\u00f6n. Ezen szempontok figyelmen k\u00edv\u00fcl hagy\u00e1sa a hat\u00e9konys\u00e1g cs\u00f6kken\u00e9s\u00e9hez \u00e9s a meghib\u00e1sod\u00e1s kock\u00e1zat\u00e1nak n\u00f6veked\u00e9s\u00e9hez vezethet.<\/p>\n<p><img decoding=\"async\" src=\"https:\/\/www.hydraulic-cylinders.net\/wp-content\/uploads\/2025\/04\/songte-chushion-collar.webp\" alt=\"P\u00e1rnagall\u00e9r k\u00e9p\"><\/p>\n<h2>Biztons\u00e1gi szempontok \u00e9s k\u00f6rnyezeti t\u00e9nyez\u0151k<\/h2>\n<p>A hidraulikus hengerek haszn\u00e1lata sor\u00e1n a biztons\u00e1gi int\u00e9zked\u00e9sek bevezet\u00e9se kritikus fontoss\u00e1g\u00fa a balesetek megel\u0151z\u00e9se \u00e9rdek\u00e9ben. A kezel\u0151ket ki kell k\u00e9pezni a hidraulikus rendszerekkel kapcsolatos lehets\u00e9ges vesz\u00e9lyek felismer\u00e9s\u00e9re, p\u00e9ld\u00e1ul a hirtelen nyom\u00e1singadoz\u00e1sokra vagy az alkatr\u00e9sz-meghib\u00e1sod\u00e1sokra. A megfelel\u0151 v\u00e9d\u0151felszerel\u00e9s haszn\u00e1lata \u00e9s a biztons\u00e1gi ir\u00e1nyelvek betart\u00e1sa jelent\u0151sen cs\u00f6kkentheti a kock\u00e1zatokat.<\/p>\n<h2>Hibaelh\u00e1r\u00edt\u00e1s \u00e9s gyakori probl\u00e9m\u00e1k<\/h2>\n<ul>\n<li><strong>Sziv\u00e1rg\u00e1s:<\/strong> Figyelje a hidraulikafolyad\u00e9k sziv\u00e1rg\u00e1sait, amelyek kopott t\u00f6m\u00edt\u00e9sekre vagy s\u00e9r\u00fclt alkatr\u00e9szekre utalhatnak. A sziv\u00e1rg\u00e1sok azonnali kezel\u00e9se elengedhetetlen a rendszernyom\u00e1s fenntart\u00e1s\u00e1hoz.<\/li>\n<li><strong>Teljes\u00edtm\u00e9nyveszt\u00e9s:<\/strong> Az emel\u0151er\u0151 hi\u00e1nya a hidraulikafolyad\u00e9k szintj\u00e9vel vagy a hengerek bels\u0151 s\u00e9r\u00fcl\u00e9s\u00e9vel kapcsolatos probl\u00e9m\u00e1kra utalhat. Ellen\u0151rizze a folyad\u00e9kszintet, \u00e9s vizsg\u00e1lja meg, hogy nincs-e bels\u0151 sziv\u00e1rg\u00e1s.<\/li>\n<li><strong>Egyenetlen mozg\u00e1s:<\/strong> Ha a henger egyenetlen\u00fcl m\u0171k\u00f6dik, az a hidraulikafolyad\u00e9kban l\u00e9v\u0151 leveg\u0151 vagy a tengelyir\u00e1ny\u00fa hib\u00e1s illeszked\u00e9s jele lehet. L\u00e9gtelen\u00edtse a rendszert, \u00e9s biztos\u00edtsa a megfelel\u0151 be\u00e1ll\u00edt\u00e1st.<\/li>\n<\/ul>\n<h2>Hibaelh\u00e1r\u00edt\u00e1si tippek \u00e9s megel\u0151z\u0151 int\u00e9zked\u00e9sek<\/h2>\n<p>A probl\u00e9m\u00e1k hat\u00e9kony diagnosztiz\u00e1l\u00e1sa \u00e9s megold\u00e1sa \u00e9rdek\u00e9ben a kezel\u0151knek \u00e1tfog\u00f3 napl\u00f3t kell vezetni\u00fck a hengerek teljes\u00edtm\u00e9ny\u00e9r\u0151l. A rendszeres karbantart\u00e1si ellen\u0151rz\u00e9sek, bele\u00e9rtve a folyad\u00e9kszinteket \u00e9s a t\u00f6m\u00edt\u00e9sek \u00e9ps\u00e9g\u00e9t, seg\u00edthetnek megel\u0151zni a probl\u00e9m\u00e1kat, miel\u0151tt azok s\u00falyosbodn\u00e1nak. A rutinszer\u0171 megel\u0151z\u0151 int\u00e9zked\u00e9sek alkalmaz\u00e1sa, mint p\u00e9ld\u00e1ul a hidraulikus rendszer tisztas\u00e1g\u00e1nak fenntart\u00e1sa \u00e9s a t\u00falterhel\u00e9s elker\u00fcl\u00e9se, minimaliz\u00e1lja a meghib\u00e1sod\u00e1s kock\u00e1zat\u00e1t.<\/p>\n<p><img decoding=\"async\" src=\"https:\/\/www.hydraulic-cylinders.net\/wp-content\/uploads\/2025\/04\/songte-bushings-with-all-kinds-of-excavator-models.webp\" alt=\"Perselyek k\u00e9pe\"><\/p>\n<h2>C\u00e9ginform\u00e1ci\u00f3<\/h2>\n<p>Vezet\u0151 gy\u00e1rt\u00f3ja \u00e9s nagykereskedelmi forgalmaz\u00f3ja vagyunk a p\u00f3talkatr\u00e9sz hidraulikus munkahengereknek, \u00e1tfog\u00f3 term\u00e9kk\u00edn\u00e1lattal, amely kulcsfontoss\u00e1g\u00fa szerepl\u0151v\u00e9 tesz minket mind a hazai, mind a nemzetk\u00f6zi piacokon. A kiv\u00e1l\u00f3 min\u0151s\u00e9g ir\u00e1nti elk\u00f6telezetts\u00e9g\u00fcnket egy kifinomult termel\u00e9sir\u00e1ny\u00edt\u00e1si strat\u00e9gia t\u00e1mogatja, amely a prec\u00edzi\u00f3s gy\u00e1rt\u00e1st hangs\u00falyozza.<\/p>\n<p>K\u00e9pzett szakembereink csapata cs\u00facskateg\u00f3ri\u00e1s digit\u00e1lis gy\u00e1rt\u00f3berendez\u00e9seket \u00e9s speci\u00e1lis tesztel\u0151rendszereket haszn\u00e1l termel\u00e9si k\u00e9pess\u00e9geink n\u00f6vel\u00e9se \u00e9rdek\u00e9ben, biztos\u00edtva, hogy hat\u00e9konyan megfelelj\u00fcnk a soksz\u00edn\u0171 \u00fcgyf\u00e9lig\u00e9nyeknek. A magas hat\u00e9konys\u00e1gra, pontoss\u00e1gra \u00e9s min\u0151s\u00e9gre \u00f6sszpontos\u00edtva folyamatosan t\u00f6reksz\u00fcnk gy\u00e1rt\u00e1si folyamataink \u00e9s term\u00e9kk\u00edn\u00e1latunk fejleszt\u00e9s\u00e9re.<\/p>\n<p>Emellett szem\u00e9lyre szabott szolg\u00e1ltat\u00e1sokat \u00e9s megold\u00e1sokat is k\u00edn\u00e1lunk, biztos\u00edtva, hogy az \u00fcgyfelek egyedi ig\u00e9nyeit is ki tudjuk el\u00e9g\u00edteni. Nemzetk\u00f6zi tan\u00fas\u00edtv\u00e1nyaink igazolj\u00e1k elk\u00f6telezetts\u00e9g\u00fcnket a magas biztons\u00e1gi \u00e9s min\u0151s\u00e9gi szabv\u00e1nyok fenntart\u00e1sa ir\u00e1nt, \u00edgy megb\u00edzhat\u00f3 partnerr\u00e9 v\u00e1lunk a k\u00fcl\u00f6nb\u00f6z\u0151 ipar\u00e1gakban m\u0171k\u00f6d\u0151 v\u00e1llalkoz\u00e1sok sz\u00e1m\u00e1ra.<\/p>\n<p><img decoding=\"async\" src=\"https:\/\/www.hydraulic-cylinders.net\/wp-content\/uploads\/2025\/04\/songte-company-4.webp\" alt=\"C\u00e9ges im\u00e1zs\" \/><br \/>\n<img decoding=\"async\" src=\"https:\/\/www.hydraulic-cylinders.net\/wp-content\/uploads\/2025\/04\/songte-company-3.webp\" alt=\"C\u00e9ges im\u00e1zs\" \/><\/p>\n<p>Szerz\u0151: lyl<\/p>","protected":false},"excerpt":{"rendered":"<p>Boom Cylinder For Sinomach ZG3335LC-9C Product Overview The Boom Cylinder for Sinomach ZG3335LC-9C is a crucial component in hydraulic systems, specifically designed to control the movement of buckets in heavy machinery such as excavators, backhoe loaders, and front-end loaders. This hydraulic cylinder enables the bucket to lift, lower, and tilt, facilitating efficient material handling tasks. [&hellip;]<\/p>","protected":false},"featured_media":17874,"comment_status":"open","ping_status":"closed","template":"","meta":{"_et_pb_use_builder":"","_et_pb_old_content":"","_et_gb_content_width":""},"product_brand":[],"product_cat":[1546],"product_tag":[1547,1496],"class_list":{"0":"post-19701","1":"product","2":"type-product","3":"status-publish","4":"has-post-thumbnail","6":"product_cat-boom-cylinders","7":"product_tag-boom-cylinders","8":"product_tag-hydraulic-cylinders","10":"first","11":"instock","12":"shipping-taxable","13":"product-type-simple"},"amp_enabled":true,"_links":{"self":[{"href":"https:\/\/www.hydraulic-cylinders.net\/hu\/wp-json\/wp\/v2\/product\/19701","targetHints":{"allow":["GET"]}}],"collection":[{"href":"https:\/\/www.hydraulic-cylinders.net\/hu\/wp-json\/wp\/v2\/product"}],"about":[{"href":"https:\/\/www.hydraulic-cylinders.net\/hu\/wp-json\/wp\/v2\/types\/product"}],"replies":[{"embeddable":true,"href":"https:\/\/www.hydraulic-cylinders.net\/hu\/wp-json\/wp\/v2\/comments?post=19701"}],"wp:featuredmedia":[{"embeddable":true,"href":"https:\/\/www.hydraulic-cylinders.net\/hu\/wp-json\/wp\/v2\/media\/17874"}],"wp:attachment":[{"href":"https:\/\/www.hydraulic-cylinders.net\/hu\/wp-json\/wp\/v2\/media?parent=19701"}],"wp:term":[{"taxonomy":"product_brand","embeddable":true,"href":"https:\/\/www.hydraulic-cylinders.net\/hu\/wp-json\/wp\/v2\/product_brand?post=19701"},{"taxonomy":"product_cat","embeddable":true,"href":"https:\/\/www.hydraulic-cylinders.net\/hu\/wp-json\/wp\/v2\/product_cat?post=19701"},{"taxonomy":"product_tag","embeddable":true,"href":"https:\/\/www.hydraulic-cylinders.net\/hu\/wp-json\/wp\/v2\/product_tag?post=19701"}],"curies":[{"name":"munkaf\u00fczet","href":"https:\/\/api.w.org\/{rel}","templated":true}]}}