{"id":19702,"date":"2025-04-07T07:02:36","date_gmt":"2025-04-07T07:02:36","guid":{"rendered":"https:\/\/www.hydraulic-cylinders.net\/product\/boom-cylinder-for-sinomach-zg3225c-9c\/"},"modified":"2025-04-07T07:02:39","modified_gmt":"2025-04-07T07:02:39","slug":"boom-cylinder-for-sinomach-zg3225c-9c","status":"publish","type":"product","link":"https:\/\/www.hydraulic-cylinders.net\/hu\/termek\/boom-cylinder-for-sinomach-zg3225c-9c\/","title":{"rendered":"G\u00e9mhenger Sinomach ZG3225C-9C-hez"},"content":{"rendered":"<h1>G\u00e9mhenger Sinomach ZG3225C-9C-hez<\/h1>\n<h2>A g\u00e9mhenger \u00e1ttekint\u00e9se<\/h2>\n<p>A g\u00e9mhenger kulcsfontoss\u00e1g\u00fa alkatr\u00e9sz a hidraulikus rendszerekben, amelyet kifejezetten a neh\u00e9zg\u00e9pek, p\u00e9ld\u00e1ul kotr\u00f3g\u00e9pek, kotr\u00f3rakod\u00f3k \u00e9s homlokrakod\u00f3k kanalainak mozg\u00e1s\u00e1nak vez\u00e9rl\u00e9s\u00e9re terveztek. Ez a hidraulikus henger lehet\u0151v\u00e9 teszi a kan\u00e1l emel\u00e9s\u00e9t, s\u00fcllyeszt\u00e9s\u00e9t \u00e9s billent\u00e9s\u00e9t, megk\u00f6nny\u00edtve a hat\u00e9kony anyagmozgat\u00e1si feladatokat. A kan\u00e1lhenger hidraulikus folyad\u00e9k seg\u00edts\u00e9g\u00e9vel m\u0171k\u00f6dik, amely er\u0151t hoz l\u00e9tre, amely mozgatja a hengeren bel\u00fcli dugatty\u00fat, lehet\u0151v\u00e9 t\u00e9ve a csatlakoztatott berendez\u00e9s pontos vez\u00e9rl\u00e9s\u00e9t \u00e9s m\u0171k\u00f6dtet\u00e9s\u00e9t.<\/p>\n<p><img decoding=\"async\" src=\"https:\/\/www.hydraulic-cylinders.net\/wp-content\/uploads\/2025\/04\/songte-company-1.webp\" alt=\"G\u00e9mhenger k\u00e9pe\" \/><\/p>\n<h3>Defin\u00edci\u00f3 \u00e9s funkci\u00f3<\/h3>\n<p>A kan\u00e1lhenger egy olyan hidraulikus henger, amelyet a k\u00fcl\u00f6nf\u00e9le \u00e9p\u00edt\u0151ipari \u00e9s mez\u0151gazdas\u00e1gi g\u00e9pek kanalainak mozg\u00e1s\u00e1nak kezel\u00e9s\u00e9re terveztek. L\u00e9tfontoss\u00e1g\u00fa szerepet j\u00e1tszik abban, hogy a berendez\u00e9s kezel\u0151i hat\u00e9konyan tudj\u00e1k manipul\u00e1lni a kan\u00e1l helyzet\u00e9t, ami elengedhetetlen olyan feladatokhoz, mint az \u00e1s\u00e1s, rakod\u00e1s \u00e9s anyagok sz\u00e1ll\u00edt\u00e1sa. A sima \u00e9s kontroll\u00e1lt mozg\u00e1sok lehet\u0151v\u00e9 t\u00e9tel\u00e9vel a g\u00e9mhenger n\u00f6veli a neh\u00e9zg\u00e9pek \u00e1ltal\u00e1nos termel\u00e9kenys\u00e9g\u00e9t \u00e9s hat\u00e9konys\u00e1g\u00e1t.<\/p>\n<h2>A g\u00e9mhenger f\u0151bb jellemz\u0151i<\/h2>\n<ul>\n<li><strong>Nagy szil\u00e1rds\u00e1g \u00e9s tart\u00f3ss\u00e1g:<\/strong> Nagy szil\u00e1rds\u00e1g\u00fa ac\u00e9lb\u00f3l vagy alum\u00edniumb\u00f3l k\u00e9sz\u00fcltek, ezek a palackok ellen\u00e1llnak a nagy nyom\u00e1snak \u00e9s a nagy terhel\u00e9snek, \u00edgy alkalmasak a zord munkak\u00f6rnyezetre.<\/li>\n<li><strong>Hat\u00e9kony hidraulikus m\u0171k\u00f6dtet\u00e9s:<\/strong> A henger hidraulikus folyad\u00e9knyom\u00e1st haszn\u00e1l a sima kiny\u00fajt\u00e1shoz \u00e9s visszah\u00faz\u00e1shoz, lehet\u0151v\u00e9 t\u00e9ve a gyors reag\u00e1l\u00e1st a kezel\u0151i parancsokra.<\/li>\n<li><strong>K\u00fcl\u00f6nb\u00f6z\u0151 t\u00edpusok:<\/strong> Az egyszeres \u00e9s kett\u0151s m\u0171k\u00f6d\u00e9s\u0171 v\u00e1ltozatban kaphat\u00f3 g\u00e9mhenger az adott m\u0171k\u00f6d\u00e9si k\u00f6vetelm\u00e9nyeknek megfelel\u0151en testreszabhat\u00f3.<\/li>\n<li><strong>Helytakar\u00e9kos kialak\u00edt\u00e1s:<\/strong> Egyes modellek teleszk\u00f3pos kialak\u00edt\u00e1s\u00faak, \u00edgy nagyobb kih\u00faz\u00e1st tesznek lehet\u0151v\u00e9 a k\u00fcls\u0151 m\u00e9retek n\u00f6vel\u00e9se n\u00e9lk\u00fcl, \u00edgy ide\u00e1lisak sz\u0171k helyeken val\u00f3 haszn\u00e1latra.<\/li>\n<li><strong>Korr\u00f3zi\u00f3\u00e1ll\u00f3s\u00e1g:<\/strong> Kop\u00e1s\u00e1ll\u00f3s\u00e1gra \u00e9s korr\u00f3zi\u00f3v\u00e9delemre \u00f6sszpontos\u00edtva tervezt\u00e9k, biztos\u00edtva a hossz\u00fa \u00e9lettartamot \u00e9s a megb\u00edzhat\u00f3s\u00e1got.<\/li>\n<\/ul>\n<p>Ezt a term\u00e9ket t\u00f6k\u00e9letesen le tudjuk gy\u00e1rtani a megl\u00e9v\u0151 hidraulikus hengerek cser\u00e9j\u00e9re, a magas min\u0151s\u00e9gi szabv\u00e1nyok betart\u00e1sa mellett.<\/p>\n<p><img decoding=\"async\" src=\"https:\/\/www.hydraulic-cylinders.net\/wp-content\/uploads\/2025\/04\/songte-cylinder-head-with-all-kinds-excavator-models.webp\" alt=\"Kotr\u00f3g\u00e9p modellek\" \/><\/p>\n<h2>A g\u00e9mhenger alkalmaz\u00e1sai<\/h2>\n<h3>\u00c9p\u00edt\u0151ipari berendez\u00e9sek<\/h3>\n<p>A kotr\u00f3g\u00e9pekben a g\u00e9mhengerek elengedhetetlenek a talaj vagy t\u00f6rmel\u00e9k \u00e1s\u00e1s\u00e1hoz, rakod\u00e1s\u00e1hoz \u00e9s mozgat\u00e1s\u00e1hoz. Ezek biztos\u00edtj\u00e1k a talajba val\u00f3 behatol\u00e1shoz sz\u00fcks\u00e9ges er\u0151t, \u00edgy l\u00e9tfontoss\u00e1g\u00faak az \u00e9p\u00edt\u00e9si projektekn\u00e9l.<\/p>\n<h3>Mez\u0151gazdas\u00e1gi g\u00e9pek<\/h3>\n<p>A homlokrakod\u00f3kban a g\u00e9mhengerek megk\u00f6nny\u00edtik a talaj, sz\u00e9na \u00e9s egy\u00e9b anyagok emel\u00e9s\u00e9t \u00e9s sz\u00e1ll\u00edt\u00e1s\u00e1t. A k\u00fcl\u00f6nf\u00e9le terhek kezel\u00e9s\u00e9re val\u00f3 k\u00e9pess\u00e9g\u00fck felbecs\u00fclhetetlen \u00e9rt\u00e9k\u0171v\u00e9 teszi \u0151ket a mez\u0151gazdas\u00e1gi m\u0171veletekben.<\/p>\n<h3>Kotr\u00f3g\u00e9pek<\/h3>\n<p>Ezek a hengerek lehet\u0151v\u00e9 teszik, hogy a kotr\u00f3g\u00e9p kan\u00e1lja hat\u00e9konyan hatoljon be a talajba, lehet\u0151v\u00e9 t\u00e9ve a hat\u00e9kony \u00e1s\u00e1si m\u0171veleteket. Kialak\u00edt\u00e1suk megfelel a f\u00f6ldmunk\u00e1k szigor\u00fa k\u00f6vetelm\u00e9nyeinek.<\/p>\n<h3>Rakod\u00f3k<\/h3>\n<p>A homlokrakod\u00f3kban a g\u00e9mhengerek hat\u00e9konyan seg\u00edtik a rakom\u00e1nyok emel\u00e9s\u00e9t \u00e9s \u00fcr\u00edt\u00e9s\u00e9t, n\u00f6velve a g\u00e9p termel\u00e9kenys\u00e9g\u00e9t \u00e9s sokoldal\u00fas\u00e1g\u00e1t az anyagmozgat\u00e1sban.<\/p>\n<h2>Tervez\u00e9si szempontok \u00e9s kiv\u00e1laszt\u00e1si krit\u00e9riumok<\/h2>\n<h3>Teherb\u00edr\u00e1s<\/h3>\n<p>A g\u00e9mhenger kiv\u00e1laszt\u00e1sa mag\u00e1ban foglalja a teherb\u00edr\u00e1s felm\u00e9r\u00e9s\u00e9t, hogy megbizonyosodjon arr\u00f3l, hogy megfelel-e a m\u0171k\u00f6d\u00e9si k\u00f6vetelm\u00e9nyeknek. A hengernek el kell b\u00edrnia a kan\u00e1l \u00e9s a mozgatott anyagok egy\u00fcttes s\u00faly\u00e1t, mik\u00f6zben meg\u0151rzi a szerkezeti integrit\u00e1st.<\/p>\n<h3>T\u00f6m\u00edt\u00e9s \u00e9s tart\u00f3ss\u00e1g<\/h3>\n<p>A hat\u00e9kony t\u00f6m\u00edt\u00e9s elengedhetetlen a hidraulikafolyad\u00e9k-sziv\u00e1rg\u00e1sok megel\u0151z\u00e9s\u00e9hez, amelyek ronthatj\u00e1k a teljes\u00edtm\u00e9nyt. A hossz\u00fa \u00e9lettartam \u00e9s a megb\u00edzhat\u00f3s\u00e1g biztos\u00edt\u00e1sa \u00e9rdek\u00e9ben, k\u00fcl\u00f6n\u00f6sen nagynyom\u00e1s\u00fa alkalmaz\u00e1sokban, kiv\u00e1l\u00f3 min\u0151s\u00e9g\u0171 t\u00f6m\u00edt\u00e9seket kell haszn\u00e1lni.<\/p>\n<h3>Biztons\u00e1gi funkci\u00f3k<\/h3>\n<p>A biztons\u00e1g kiemelked\u0151 fontoss\u00e1g\u00fa a hidraulikus hengerek \u00fczemeltet\u00e9se sor\u00e1n. Az olyan funkci\u00f3k, mint a nyom\u00e1scs\u00f6kkent\u0151 szelepek \u00e9s a biztons\u00e1gi z\u00e1rak, seg\u00edtenek megel\u0151zni a baleseteket \u00e9s biztos\u00edtj\u00e1k a biztons\u00e1gos m\u0171k\u00f6d\u00e9st k\u00fcl\u00f6nb\u00f6z\u0151 k\u00f6r\u00fclm\u00e9nyek k\u00f6z\u00f6tt.<\/p>\n<h3>Karbantart\u00e1s \u00e9s hozz\u00e1f\u00e9rhet\u0151s\u00e9g<\/h3>\n<p>A g\u00e9mhenger tervez\u00e9se a k\u00f6nny\u0171 karbantart\u00e1s szem el\u0151tt tart\u00e1s\u00e1val biztos\u00edtja, hogy a kezel\u0151k rendszeres ellen\u0151rz\u00e9seket \u00e9s szervizel\u00e9st v\u00e9gezhessenek, meghosszabb\u00edtva a henger \u00e9lettartam\u00e1t \u00e9s n\u00f6velve annak megb\u00edzhat\u00f3s\u00e1g\u00e1t.<\/p>\n<p><img decoding=\"async\" src=\"https:\/\/www.hydraulic-cylinders.net\/wp-content\/uploads\/2025\/04\/songte-oil-pipes-and-spare-parts.webp\" alt=\"Hidraulikus alkatr\u00e9szek\" \/><\/p>\n<h2>T\u00f6m\u00edt\u00e9s \u00e9s ken\u00e9s<\/h2>\n<p>K\u00fcl\u00f6nb\u00f6z\u0151 t\u00f6m\u00edt\u00e9sek, p\u00e9ld\u00e1ul dugatty\u00fat\u00f6m\u00edt\u00e9sek \u00e9s r\u00fadt\u00f6m\u00edt\u00e9sek, kulcsfontoss\u00e1g\u00faak a hidraulikus integrit\u00e1s fenntart\u00e1s\u00e1hoz. A kop\u00e1s\u00e1ll\u00f3 anyagok, p\u00e9ld\u00e1ul a poliuret\u00e1n \u00e9s a nitrilgumi haszn\u00e1lata n\u00f6veli a henger tart\u00f3ss\u00e1g\u00e1t. Ezenk\u00edv\u00fcl a hengertest \u00e9s a menetes v\u00e9gek finom fel\u00fcletkezel\u00e9st ig\u00e9nyelnek a kop\u00e1s\u00e1ll\u00f3s\u00e1g jav\u00edt\u00e1sa \u00e9rdek\u00e9ben. A rendszeres hidraulikaolajjal val\u00f3 ken\u00e9s elengedhetetlen az optim\u00e1lis teljes\u00edtm\u00e9ny \u00e9s a hossz\u00fa \u00e9lettartam \u00e9rdek\u00e9ben.<\/p>\n<h2>Rendszeres ellen\u0151rz\u00e9s \u00e9s megel\u0151z\u0151 karbantart\u00e1s<\/h2>\n<ul>\n<li><strong>Vizu\u00e1lis ellen\u0151rz\u00e9sek:<\/strong> Rendszeresen v\u00e9gezzen vizu\u00e1lis ellen\u0151rz\u00e9st a t\u00f6m\u00edt\u00e9sek sziv\u00e1rg\u00e1sai, reped\u00e9sei \u00e9s kop\u00e1sa szempontj\u00e1b\u00f3l, hogy a lehets\u00e9ges probl\u00e9m\u00e1kat id\u0151ben felismerje.<\/li>\n<li><strong>Ken\u00e9s ellen\u0151rz\u00e9se:<\/strong> A mozg\u00f3 alkatr\u00e9szek megfelel\u0151 ken\u00e9s\u00e9t biztos\u00edtsa a t\u00falzott kop\u00e1s \u00e9s elhaszn\u00e1l\u00f3d\u00e1s elker\u00fcl\u00e9se \u00e9rdek\u00e9ben.<\/li>\n<li><strong>T\u00f6m\u00edt\u00e9scsere:<\/strong> Rendszeresen cser\u00e9lje ki a t\u00f6m\u00edt\u00e9seket a hidraulikus nyom\u00e1s fenntart\u00e1sa \u00e9s a sziv\u00e1rg\u00e1sok megel\u0151z\u00e9se \u00e9rdek\u00e9ben.<\/li>\n<\/ul>\n<h2>Telep\u00edt\u00e9si \u00fatmutat\u00f3<\/h2>\n<p>A g\u00e9mhenger megfelel\u0151 beszerel\u00e9se elengedhetetlen az optim\u00e1lis teljes\u00edtm\u00e9nyhez. Gy\u0151z\u0151dj\u00f6n meg arr\u00f3l, hogy a henger megfelel\u0151en illeszkedik a r\u00f6gz\u00edt\u0151konzolokhoz, hogy elker\u00fclje a hidraulikus rendszer t\u00falzott terhel\u00e9s\u00e9t. Haszn\u00e1ljon megfelel\u0151 r\u00f6gz\u00edt\u0151elemeket a henger r\u00f6gz\u00edt\u00e9s\u00e9hez. A biztons\u00e1gos \u00e9s hat\u00e9kony beszerel\u00e9s \u00e9rdek\u00e9ben k\u00f6vesse a gy\u00e1rt\u00f3 utas\u00edt\u00e1sait a nyomat\u00e9kadatokkal \u00e9s a csatlakoztat\u00e1si elj\u00e1r\u00e1sokkal kapcsolatban.<\/p>\n<h2>Gyakori karbantart\u00e1si feladatok<\/h2>\n<ul>\n<li><strong>Rendszeres ellen\u0151rz\u00e9sek:<\/strong> A rendszeres ellen\u0151rz\u00e9sek seg\u00edtenek azonos\u00edtani a potenci\u00e1lis probl\u00e9m\u00e1kat, miel\u0151tt azok s\u00falyosbodn\u00e1nak, biztos\u00edtva a palack hossz\u00fa \u00e9lettartam\u00e1t.<\/li>\n<li><strong>Megfelel\u0151 ken\u00e9s:<\/strong> A megfelel\u0151 ken\u00e9s elengedhetetlen a mozg\u00f3 alkatr\u00e9szek karbantart\u00e1s\u00e1hoz \u00e9s a kop\u00e1s megel\u0151z\u00e9s\u00e9hez, ez\u00e1ltal jav\u00edtva a henger teljes\u00edtm\u00e9ny\u00e9t.<\/li>\n<li><strong>T\u00f6m\u00edt\u00e9scsere:<\/strong> A t\u00f6m\u00edt\u00e9sek id\u0151ben t\u00f6rt\u00e9n\u0151 cser\u00e9je elengedhetetlen a hidraulikus nyom\u00e1s fenntart\u00e1s\u00e1hoz \u00e9s a sziv\u00e1rg\u00e1sok megel\u0151z\u00e9s\u00e9hez, el\u0151seg\u00edtve a hat\u00e9kony m\u0171k\u00f6d\u00e9st.<\/li>\n<\/ul>\n<h2>Biztons\u00e1gi szempontok \u00e9s k\u00f6rnyezeti t\u00e9nyez\u0151k<\/h2>\n<p>A hidraulikus hengerek haszn\u00e1lata sor\u00e1n elengedhetetlen a biztons\u00e1gi int\u00e9zked\u00e9sek bevezet\u00e9se. A kezel\u0151ket ki kell k\u00e9pezni a hidraulikus rendszerekkel kapcsolatos vesz\u00e9lyek felismer\u00e9s\u00e9re, \u00e9s megfelel\u0151 szem\u00e9lyi v\u00e9d\u0151felszerel\u00e9s (PPE) haszn\u00e1lat\u00e1ra. Ezenk\u00edv\u00fcl a k\u00f6rnyezetv\u00e9delmi szempontok, mint p\u00e9ld\u00e1ul a folyad\u00e9kok megfelel\u0151 \u00e1rtalmatlan\u00edt\u00e1sa \u00e9s a sziv\u00e1rg\u00e1sok minimaliz\u00e1l\u00e1sa, elengedhetetlenek a biztons\u00e1gos munkak\u00f6rnyezet fenntart\u00e1s\u00e1hoz.<\/p>\n<h2>Hibaelh\u00e1r\u00edt\u00e1s \u00e9s gyakori probl\u00e9m\u00e1k<\/h2>\n<ul>\n<li><strong>Sziv\u00e1rg\u00e1s:<\/strong> Ellen\u0151rizze a t\u00f6m\u00edt\u00e9sek \u00e9s szerelv\u00e9nyek kop\u00e1s\u00e1t, \u00e9s sz\u00fcks\u00e9g eset\u00e9n cser\u00e9lje ki \u0151ket. Gy\u0151z\u0151dj\u00f6n meg arr\u00f3l, hogy a csatlakoz\u00e1sok meg vannak h\u00fazva a folyad\u00e9kvesztes\u00e9g elker\u00fcl\u00e9se \u00e9rdek\u00e9ben.<\/li>\n<li><strong>Lass\u00fa m\u0171k\u00f6d\u00e9s:<\/strong> Ellen\u0151rizze a hidraulikafolyad\u00e9k szintj\u00e9t \u00e9s min\u0151s\u00e9g\u00e9t. A szennyezett vagy alacsony folyad\u00e9kszint lass\u00fa teljes\u00edtm\u00e9nyt okozhat. A hidraulikasz\u0171r\u0151k rendszeres karbantart\u00e1sa elengedhetetlen.<\/li>\n<li><strong>Szokatlan zajok:<\/strong> A m\u0171k\u00f6d\u00e9s k\u00f6zbeni zajok kop\u00e1sra vagy s\u00e9r\u00fcl\u00e9sre utalhatnak. A henger \u00e9s a k\u00f6rnyez\u0151 alkatr\u00e9szek ellen\u0151rz\u00e9se sz\u00fcks\u00e9ges a forr\u00e1s azonos\u00edt\u00e1s\u00e1hoz.<\/li>\n<\/ul>\n<p>Ezen probl\u00e9m\u00e1k miel\u0151bbi kezel\u00e9se megel\u0151zheti a tov\u00e1bbi k\u00e1rokat \u00e9s fenntarthatja a m\u0171k\u00f6d\u00e9si hat\u00e9konys\u00e1got.<\/p>\n<p>A g\u00e9mhenger \u00e9lettartam\u00e1nak n\u00f6vel\u00e9se \u00e9rdek\u00e9ben elengedhetetlen a megel\u0151z\u0151 int\u00e9zked\u00e9sek, p\u00e9ld\u00e1ul a rendszeres karbantart\u00e1si ellen\u0151rz\u00e9sek, az id\u0151ben t\u00f6rt\u00e9n\u0151 jav\u00edt\u00e1sok \u00e9s a folyad\u00e9kkezel\u00e9s bevezet\u00e9se. A proakt\u00edv hozz\u00e1\u00e1ll\u00e1s minimaliz\u00e1lja a lehets\u00e9ges probl\u00e9m\u00e1kat \u00e9s biztos\u00edtja a megb\u00edzhat\u00f3 teljes\u00edtm\u00e9nyt.<\/p>\n<p><img decoding=\"async\" src=\"https:\/\/www.hydraulic-cylinders.net\/wp-content\/uploads\/2025\/04\/songte-bushings-with-all-kinds-of-excavator-models.webp\" alt=\"Perselyek kotr\u00f3g\u00e9p modellekkel\" \/><\/p>\n<h2>C\u00e9ginform\u00e1ci\u00f3<\/h2>\n<p>Vezet\u0151 gy\u00e1rt\u00f3i vagyunk a p\u00f3talkatr\u00e9szk\u00e9nt szolg\u00e1l\u00f3 hidraulikus munkahengereknek, sz\u00e9les term\u00e9kv\u00e1laszt\u00e9kot k\u00edn\u00e1lva mind a hazai, mind a nemzetk\u00f6zi piacokra. A kiv\u00e1l\u00f3 min\u0151s\u00e9g ir\u00e1nti elk\u00f6telezetts\u00e9g\u00fcnket kifinomult gy\u00e1rt\u00e1si strat\u00e9gi\u00e1nk, fejlett technol\u00f3gia \u00e9s k\u00e9pzett szakemberek alkalmaz\u00e1sa t\u00e1masztja al\u00e1. Termel\u00e9si k\u00e9pess\u00e9geinket digit\u00e1lis, cs\u00facskateg\u00f3ri\u00e1s gy\u00e1rt\u00f3berendez\u00e9sek \u00e9s speci\u00e1lis tesztrendszerek fokozz\u00e1k, biztos\u00edtva, hogy minden term\u00e9k megfeleljen a szigor\u00fa min\u0151s\u00e9gi el\u0151\u00edr\u00e1soknak.<\/p>\n<p><img decoding=\"async\" src=\"https:\/\/www.hydraulic-cylinders.net\/wp-content\/uploads\/2025\/04\/songte-company-4.webp\" alt=\"C\u00e9gk\u00e9p 1\" \/><br \/>\n<img decoding=\"async\" src=\"https:\/\/www.hydraulic-cylinders.net\/wp-content\/uploads\/2025\/04\/songte-company-3.webp\" alt=\"C\u00e9gk\u00e9p 2\" \/><\/p>\n<p>Nagy hangs\u00falyt fektet\u00fcnk a professzionalizmusra, a nemzetk\u00f6zi tan\u00fas\u00edtv\u00e1nyokra \u00e9s a szem\u00e9lyre szabott szolg\u00e1ltat\u00e1sokra, hogy megfelelj\u00fcnk az egyedi \u00fcgyf\u00e9lig\u00e9nyeknek. Korszer\u0171 gy\u00e1rt\u00f3berendez\u00e9seink biztos\u00edtj\u00e1k, hogy versenyk\u00e9pesek maradjunk a hidraulikus hengerek gy\u00e1rt\u00e1si ipar\u00e1g\u00e1ban, kiv\u00e9teles \u00e9rt\u00e9kes\u00edt\u00e9s ut\u00e1ni szolg\u00e1ltat\u00e1st ny\u00fajtva a hossz\u00fa t\u00e1v\u00fa \u00fcgyf\u00e9lkapcsolatok \u00e1pol\u00e1sa \u00e9rdek\u00e9ben.<\/p>\n<p>Szerz\u0151: lyl<\/p>","protected":false},"excerpt":{"rendered":"<p>Boom Cylinder For Sinomach ZG3225C-9C Overview of Boom Cylinder The Boom Cylinder is a crucial component in hydraulic systems, specifically designed to control the movement of buckets in heavy machinery such as excavators, backhoe loaders, and front loaders. This hydraulic cylinder enables the bucket to lift, lower, and tilt, facilitating efficient material handling tasks. The [&hellip;]<\/p>","protected":false},"featured_media":17875,"comment_status":"open","ping_status":"closed","template":"","meta":{"_et_pb_use_builder":"","_et_pb_old_content":"","_et_gb_content_width":""},"product_brand":[],"product_cat":[1546],"product_tag":[1547,1496],"class_list":{"0":"post-19702","1":"product","2":"type-product","3":"status-publish","4":"has-post-thumbnail","6":"product_cat-boom-cylinders","7":"product_tag-boom-cylinders","8":"product_tag-hydraulic-cylinders","10":"first","11":"instock","12":"shipping-taxable","13":"product-type-simple"},"amp_enabled":true,"_links":{"self":[{"href":"https:\/\/www.hydraulic-cylinders.net\/hu\/wp-json\/wp\/v2\/product\/19702","targetHints":{"allow":["GET"]}}],"collection":[{"href":"https:\/\/www.hydraulic-cylinders.net\/hu\/wp-json\/wp\/v2\/product"}],"about":[{"href":"https:\/\/www.hydraulic-cylinders.net\/hu\/wp-json\/wp\/v2\/types\/product"}],"replies":[{"embeddable":true,"href":"https:\/\/www.hydraulic-cylinders.net\/hu\/wp-json\/wp\/v2\/comments?post=19702"}],"wp:featuredmedia":[{"embeddable":true,"href":"https:\/\/www.hydraulic-cylinders.net\/hu\/wp-json\/wp\/v2\/media\/17875"}],"wp:attachment":[{"href":"https:\/\/www.hydraulic-cylinders.net\/hu\/wp-json\/wp\/v2\/media?parent=19702"}],"wp:term":[{"taxonomy":"product_brand","embeddable":true,"href":"https:\/\/www.hydraulic-cylinders.net\/hu\/wp-json\/wp\/v2\/product_brand?post=19702"},{"taxonomy":"product_cat","embeddable":true,"href":"https:\/\/www.hydraulic-cylinders.net\/hu\/wp-json\/wp\/v2\/product_cat?post=19702"},{"taxonomy":"product_tag","embeddable":true,"href":"https:\/\/www.hydraulic-cylinders.net\/hu\/wp-json\/wp\/v2\/product_tag?post=19702"}],"curies":[{"name":"munkaf\u00fczet","href":"https:\/\/api.w.org\/{rel}","templated":true}]}}