{"id":19703,"date":"2025-04-07T07:02:41","date_gmt":"2025-04-07T07:02:41","guid":{"rendered":"https:\/\/www.hydraulic-cylinders.net\/product\/boom-cylinder-for-sinomach-zg3235-9\/"},"modified":"2025-04-07T07:02:43","modified_gmt":"2025-04-07T07:02:43","slug":"boom-cylinder-for-sinomach-zg3235-9","status":"publish","type":"product","link":"https:\/\/www.hydraulic-cylinders.net\/hu\/termek\/boom-cylinder-for-sinomach-zg3235-9\/","title":{"rendered":"G\u00e9mhenger Sinomach ZG3235-9-hez"},"content":{"rendered":"<h1>G\u00e9mhenger Sinomach ZG3235-9-hez<\/h1>\n<h2>Term\u00e9k\u00e1ttekint\u00e9s<\/h2>\n<p>A Sinomach ZG3235-9 g\u00e9mhengere kulcsfontoss\u00e1g\u00fa alkatr\u00e9sz, amelyet neh\u00e9zg\u00e9pek kanalainak mozg\u00e1s\u00e1nak vez\u00e9rl\u00e9s\u00e9re terveztek. Konkr\u00e9tan egy hidraulikus hengerr\u0151l van sz\u00f3, amely lehet\u0151v\u00e9 teszi a kan\u00e1l emel\u00e9s\u00e9t, s\u00fcllyeszt\u00e9s\u00e9t \u00e9s billent\u00e9s\u00e9t k\u00fcl\u00f6nf\u00e9le alkalmaz\u00e1sokban, p\u00e9ld\u00e1ul kotr\u00f3g\u00e9pekn\u00e9l, kotr\u00f3g\u00e9p-rakod\u00f3kn\u00e1l \u00e9s homlokrakod\u00f3kn\u00e1l. Ez a hidraulikus henger hat\u00e9kony anyagmozgat\u00e1si feladatokat biztos\u00edt az\u00e1ltal, hogy biztos\u00edtja a sz\u00fcks\u00e9ges er\u0151t ezekhez a m\u0171veletekhez.<\/p>\n<p><img decoding=\"async\" src=\"https:\/\/www.hydraulic-cylinders.net\/wp-content\/uploads\/2025\/04\/songte-company-1.webp\" alt=\"G\u00e9mhenger k\u00e9pe\"><\/p>\n<h3>Defin\u00edci\u00f3 \u00e9s funkci\u00f3<\/h3>\n<p>A hidraulikus hengerek, mint p\u00e9ld\u00e1ul a g\u00e9mhenger, kulcsszerepet j\u00e1tszanak a hidraulikus rendszerekben, folyad\u00e9knyom\u00e1st haszn\u00e1lva line\u00e1ris mozg\u00e1st hoznak l\u00e9tre. Egy hengeres cs\u0151b\u0151l, egy dugatty\u00fab\u00f3l \u00e9s k\u00fcl\u00f6nf\u00e9le t\u00f6m\u00edt\u00e9sekb\u0151l \u00e1llnak, amelyek egy\u00fcttesen teszik lehet\u0151v\u00e9 a k\u00edv\u00e1nt mozg\u00e1st. Neh\u00e9zg\u00e9pekn\u00e9l a g\u00e9mhenger els\u0151dleges szerepe az anyagok ki\u00e1s\u00e1s\u00e1nak \u00e9s sz\u00e1ll\u00edt\u00e1s\u00e1nak megk\u00f6nny\u00edt\u00e9se, n\u00f6velve az \u00e9p\u00edt\u0151ipari \u00e9s mez\u0151gazdas\u00e1gi m\u0171veletek hat\u00e9konys\u00e1g\u00e1t \u00e9s termel\u00e9kenys\u00e9g\u00e9t.<\/p>\n<h2>Term\u00e9kjellemz\u0151k<\/h2>\n<ul>\n<li><strong>Nagy szil\u00e1rds\u00e1g \u00e9s tart\u00f3ss\u00e1g:<\/strong> Nagy szil\u00e1rds\u00e1g\u00fa ac\u00e9lb\u00f3l vagy alum\u00edniumb\u00f3l k\u00e9sz\u00fclt, \u00fagy tervezt\u00e9k, hogy ellen\u00e1lljon a nagy nyom\u00e1snak \u00e9s a neh\u00e9z terhel\u00e9seknek, mik\u00f6zben zord munkak\u00f6r\u00fclm\u00e9nyeket is elvisel.<\/li>\n<li><strong>Hat\u00e9kony hidraulikus m\u0171k\u00f6dtet\u00e9s:<\/strong> Lehet\u0151v\u00e9 teszi a sima kitol\u00e1st \u00e9s visszah\u00faz\u00e1st hidraulikaolaj-nyom\u00e1s seg\u00edts\u00e9g\u00e9vel, gyorsan reag\u00e1l a vez\u00e9rl\u0151parancsokra, \u00e9s jelent\u0151s nyom\u00f3- \u00e9s h\u00faz\u00f3er\u0151t biztos\u00edt.<\/li>\n<li><strong>K\u00fcl\u00f6nb\u00f6z\u0151 t\u00edpusok:<\/strong> Kaphat\u00f3 egyszeres m\u0171k\u00f6d\u00e9s\u0171 (egy ir\u00e1nyban m\u0171k\u00f6d\u0151) vagy kett\u0151s m\u0171k\u00f6d\u00e9s\u0171 (mindk\u00e9t ir\u00e1nyban m\u0171k\u00f6d\u0151) konfigur\u00e1ci\u00f3ban, hogy megfeleljen a k\u00fcl\u00f6nf\u00e9le m\u0171k\u00f6d\u00e9si ig\u00e9nyeknek.<\/li>\n<li><strong>Helytakar\u00e9kos kialak\u00edt\u00e1s:<\/strong> Egyes modellek teleszk\u00f3pos kialak\u00edt\u00e1s\u00faak, amelyek nagyobb kih\u00faz\u00e1st tesznek lehet\u0151v\u00e9 a k\u00fcls\u0151 m\u00e9retek n\u00f6vel\u00e9se n\u00e9lk\u00fcl, \u00edgy sz\u0171k helyeken is alkalmasak.<\/li>\n<li><strong>Korr\u00f3zi\u00f3- \u00e9s kop\u00e1s\u00e1ll\u00f3s\u00e1g:<\/strong> Kop\u00e1s- \u00e9s korr\u00f3zi\u00f3\u00e1ll\u00f3 anyagokb\u00f3l k\u00e9sz\u00fclt, \u00edgy biztos\u00edtva a hossz\u00fa \u00e9lettartamot \u00e9s a megb\u00edzhat\u00f3s\u00e1got kih\u00edv\u00e1st jelent\u0151 k\u00f6rnyezetben.<\/li>\n<\/ul>\n<h3>Gy\u00e1rt\u00e1si k\u00e9pess\u00e9geink<\/h3>\n<p>B\u00fcszk\u00e9k vagyunk arra, hogy kiv\u00e1l\u00f3 min\u0151s\u00e9g\u0171 g\u00e9mhengereket tudunk gy\u00e1rtani \u00e9s sz\u00e1ll\u00edtani, amelyek t\u00f6k\u00e9letesen helyettes\u00edthetik a megl\u00e9v\u0151 hidraulikus hengereket k\u00fcl\u00f6nf\u00e9le alkalmaz\u00e1sokban.<\/p>\n<p><img decoding=\"async\" src=\"https:\/\/www.hydraulic-cylinders.net\/wp-content\/uploads\/2025\/04\/songte-cylinder-head-with-all-kinds-excavator-models.webp\" alt=\"Kotr\u00f3g\u00e9p modellek k\u00e9pe\"><\/p>\n<h2>A g\u00e9mhenger alkalmaz\u00e1sai<\/h2>\n<h3>\u00c9p\u00edt\u0151ipari berendez\u00e9sek<\/h3>\n<p>A kotr\u00f3g\u00e9pekben a g\u00e9mhengerek alapvet\u0151 fontoss\u00e1g\u00faak az \u00e1s\u00e1shoz, a rakod\u00e1shoz \u00e9s a f\u00f6ld vagy t\u00f6rmel\u00e9k mozgat\u00e1s\u00e1hoz. Ezek biztos\u00edtj\u00e1k a sz\u00fcks\u00e9ges er\u0151t ahhoz, hogy a kotr\u00f3g\u00e9p kan\u00e1lja hat\u00e9konyan behatoljon a talajba, lehet\u0151v\u00e9 t\u00e9ve a hat\u00e9kony f\u00f6ldmozgat\u00e1si feladatokat. A kotr\u00f3g\u00e9p-rakod\u00f3g\u00e9pekben a g\u00e9mhengerek megk\u00f6nny\u00edtik mind az \u00e1s\u00e1si, mind az emel\u00e9si m\u0171veleteket, \u00edgy n\u00e9lk\u00fcl\u00f6zhetetlenek az \u00e9p\u00edt\u00e9si projektekhez.<\/p>\n<h3>Mez\u0151gazdas\u00e1gi g\u00e9pek<\/h3>\n<p>A homlokrakod\u00f3kban a g\u00e9mhengereket talaj, sz\u00e9na \u00e9s egy\u00e9b anyagok mer\u00e9s\u00e9re, emel\u00e9s\u00e9re \u00e9s sz\u00e1ll\u00edt\u00e1s\u00e1ra haszn\u00e1lj\u00e1k. Kialak\u00edt\u00e1suk optim\u00e1lis man\u0151verezhet\u0151s\u00e9get \u00e9s ir\u00e1ny\u00edthat\u00f3s\u00e1got tesz lehet\u0151v\u00e9, lehet\u0151v\u00e9 t\u00e9ve a gazd\u00e1lkod\u00f3k sz\u00e1m\u00e1ra, hogy hat\u00e9konyan kezelj\u00e9k anyagaikat a mez\u0151gazdas\u00e1gi ter\u00fcleten.<\/p>\n<h3>Kotr\u00f3g\u00e9pek<\/h3>\n<p>A g\u00e9mhenger lehet\u0151v\u00e9 teszi, hogy a kotr\u00f3g\u00e9p kan\u00e1lja hat\u00e9konyan hatoljon be a talajba, ami er\u0151teljes \u00e1s\u00e1si m\u0171veleteket tesz lehet\u0151v\u00e9. Hidraulikus k\u00e9pess\u00e9gei n\u00f6velik a g\u00e9p \u00e1ltal\u00e1nos teljes\u00edtm\u00e9ny\u00e9t, \u00edgy l\u00e9tfontoss\u00e1g\u00fa alkot\u00f3elemm\u00e9 teszik b\u00e1rmilyen \u00e1s\u00e1si munk\u00e1n\u00e1l.<\/p>\n<h3>Rakod\u00f3k<\/h3>\n<p>A homlokrakod\u00f3kban a g\u00e9mhengerek hat\u00e9konyan seg\u00edtik az anyagok emel\u00e9s\u00e9t \u00e9s \u00fcr\u00edt\u00e9s\u00e9t. Robusztus kialak\u00edt\u00e1suk biztos\u00edtja a neh\u00e9z terhek k\u00f6nny\u0171 kezel\u00e9s\u00e9t, z\u00f6kken\u0151mentes m\u0171k\u00f6d\u00e9st biztos\u00edtva az anyagmozgat\u00e1si feladatok sor\u00e1n.<\/p>\n<h2>Tervez\u00e9si szempontok<\/h2>\n<h3>Teherb\u00edr\u00e1s<\/h3>\n<p>A g\u00e9mhenger tervez\u00e9sekor a teherb\u00edr\u00e1s kritikus fontoss\u00e1g\u00fa. A hengernek k\u00e9pesnek kell lennie arra, hogy elb\u00edrja a g\u00e9p \u00e1ltal felemelt vagy mozgatott maxim\u00e1lis s\u00falyt. A m\u00e9rn\u00f6k\u00f6k gondosan kisz\u00e1m\u00edtj\u00e1k a henger m\u00e9reteit \u00e9s anyagait, hogy biztos\u00edts\u00e1k a biztons\u00e1got \u00e9s a hat\u00e9konys\u00e1got terhel\u00e9s alatt.<\/p>\n<h3>T\u00f6m\u00edt\u00e9s<\/h3>\n<p>A hat\u00e9kony t\u00f6m\u00edt\u00e9s kiemelked\u0151 fontoss\u00e1g\u00fa a hidraulikus rendszerekben. A kiv\u00e1l\u00f3 min\u0151s\u00e9g\u0171 t\u00f6m\u00edt\u00e9sek megakad\u00e1lyozz\u00e1k a hidraulikafolyad\u00e9k sziv\u00e1rg\u00e1s\u00e1t, ami teljes\u00edtm\u00e9nyprobl\u00e9m\u00e1kat okozhat \u00e9s cs\u00f6kkentheti a hat\u00e9konys\u00e1got. A t\u00f6m\u00edt\u00e9sekhez megfelel\u0151 anyagok, p\u00e9ld\u00e1ul poliuret\u00e1n vagy nitrilgumi kiv\u00e1laszt\u00e1sa elengedhetetlen a tart\u00f3ss\u00e1g \u00e9s a kop\u00e1s\u00e1ll\u00f3s\u00e1g szempontj\u00e1b\u00f3l.<\/p>\n<h3>Tart\u00f3ss\u00e1g<\/h3>\n<p>A tart\u00f3ss\u00e1g kulcsfontoss\u00e1g\u00fa t\u00e9nyez\u0151 a g\u00e9mhengerek tervez\u00e9s\u00e9n\u00e9l. Ellen kell \u00e1llniuk a zord munkak\u00f6rnyezetnek, bele\u00e9rtve a talajjal, v\u00edzzel \u00e9s v\u00e1ltoz\u00f3 h\u0151m\u00e9rs\u00e9kletekkel val\u00f3 \u00e9rintkez\u00e9st. A korr\u00f3zi\u00f3\u00e1ll\u00f3 anyagok \u00e9s v\u00e9d\u0151bevonatok haszn\u00e1lata hozz\u00e1j\u00e1rul a hossz\u00fa \u00e9lettartamukhoz.<\/p>\n<h3>Biztons\u00e1g<\/h3>\n<p>A g\u00e9mhengerek tervez\u00e9s\u00e9be biztons\u00e1gi funkci\u00f3kat kell be\u00e9p\u00edteni a m\u0171k\u00f6d\u00e9s k\u00f6zbeni meghib\u00e1sod\u00e1sok megel\u0151z\u00e9se \u00e9rdek\u00e9ben. Ez mag\u00e1ban foglalja a nyom\u00e1scs\u00f6kkent\u0151 szelepeket \u00e9s a robusztus konstrukci\u00f3t a v\u00e1ratlan terhel\u00e9sek vagy \u00fct\u00e9sek kezel\u00e9s\u00e9re.<\/p>\n<h3>Karbantart\u00e1si hozz\u00e1f\u00e9rhet\u0151s\u00e9g<\/h3>\n<p>A karbantart\u00e1s figyelembev\u00e9tele elengedhetetlen. Az alkatr\u00e9szeknek k\u00f6nnyen hozz\u00e1f\u00e9rhet\u0151nek kell lenni\u00fck ellen\u0151rz\u00e9sek, jav\u00edt\u00e1sok \u00e9s cser\u00e9k c\u00e9lj\u00e1b\u00f3l, biztos\u00edtva, hogy a palack jelent\u0151s \u00e1ll\u00e1sid\u0151 n\u00e9lk\u00fcl szervizelhet\u0151 legyen.<\/p>\n<p><img decoding=\"async\" src=\"https:\/\/www.hydraulic-cylinders.net\/wp-content\/uploads\/2025\/04\/songte-oil-pipes-and-spare-parts.webp\" alt=\"Olajcs\u00f6vek \u00e9s alkatr\u00e9szek k\u00e9pe\"><\/p>\n<h2>T\u00f6m\u00edt\u00e9s \u00e9s ken\u00e9s<\/h2>\n<p>A hidraulikus hengerek integrit\u00e1sa nagym\u00e9rt\u00e9kben f\u00fcgg a hat\u00e9kony t\u00f6m\u00edt\u00e9st\u0151l \u00e9s ken\u00e9st\u0151l. K\u00fcl\u00f6nb\u00f6z\u0151 t\u00f6m\u00edt\u00e9seket, p\u00e9ld\u00e1ul dugatty\u00fat\u00f6m\u00edt\u00e9seket \u00e9s r\u00fadt\u00f6m\u00edt\u00e9seket alkalmaznak a hidraulikus folyad\u00e9k hengeren bel\u00fcl tart\u00e1s\u00e1ra. Tart\u00f3ss\u00e1guk \u00e9s kop\u00e1s\u00e1ll\u00f3s\u00e1guk miatt gyakran haszn\u00e1lnak olyan anyagokat, mint a poliuret\u00e1n \u00e9s a nitrilgumi. Ezenk\u00edv\u00fcl a hengertest \u00e9s a menetes v\u00e9gek prec\u00edzi\u00f3s megmunk\u00e1l\u00e1son esnek \u00e1t a tart\u00f3ss\u00e1guk n\u00f6vel\u00e9se \u00e9rdek\u00e9ben.<\/p>\n<p>A mozg\u00f3 alkatr\u00e9szek k\u00f6z\u00f6tti s\u00farl\u00f3d\u00e1s minimaliz\u00e1l\u00e1sa \u00e9s a z\u00f6kken\u0151mentes m\u0171k\u00f6d\u00e9s biztos\u00edt\u00e1sa, ez\u00e1ltal a henger \u00e9lettartam\u00e1nak meghosszabb\u00edt\u00e1sa \u00e9rdek\u00e9ben rendszeres hidraulikaolajjal t\u00f6rt\u00e9n\u0151 ken\u00e9s sz\u00fcks\u00e9ges. A megfelel\u0151 ken\u00e9s elmulaszt\u00e1sa a hidraulikus rendszer id\u0151 el\u0151tti kop\u00e1s\u00e1hoz \u00e9s esetleges meghib\u00e1sod\u00e1s\u00e1hoz vezethet.<\/p>\n<h2>Megel\u0151z\u0151 karbantart\u00e1si int\u00e9zked\u00e9sek<\/h2>\n<ul>\n<li><strong>Rendszeres ellen\u0151rz\u00e9sek:<\/strong> Rendszeresen ellen\u0151rizze a henger sziv\u00e1rg\u00e1s\u00e1t, kop\u00e1s\u00e1t \u00e9s megfelel\u0151 m\u0171k\u00f6d\u00e9s\u00e9t. A korai felismer\u00e9s megel\u0151zheti a k\u00f6lts\u00e9ges jav\u00edt\u00e1sokat.<\/li>\n<li><strong>Ken\u00e9s:<\/strong> A henger rendszeres ken\u00e9se a z\u00f6kken\u0151mentes m\u0171k\u00f6d\u00e9s fenntart\u00e1sa \u00e9s az alkatr\u00e9szek kop\u00e1s\u00e1nak cs\u00f6kkent\u00e9se \u00e9rdek\u00e9ben.<\/li>\n<li><strong>T\u00f6m\u00edt\u00e9scsere:<\/strong> Sz\u00fcks\u00e9g szerint cser\u00e9lje ki a t\u00f6m\u00edt\u00e9seket a sziv\u00e1rg\u00e1sok megel\u0151z\u00e9se \u00e9s a hidraulikus rendszer optim\u00e1lis teljes\u00edtm\u00e9ny\u00e9nek fenntart\u00e1sa \u00e9rdek\u00e9ben.<\/li>\n<\/ul>\n<h2>Telep\u00edt\u00e9si \u00fatmutat\u00f3<\/h2>\n<p>A g\u00e9mhenger megfelel\u0151 beszerel\u00e9se elengedhetetlen az optim\u00e1lis teljes\u00edtm\u00e9nyhez. Kezdje azzal, hogy gondoskodik arr\u00f3l, hogy a munkater\u00fclet tiszta \u00e9s t\u00f6rmel\u00e9kmentes legyen. Haszn\u00e1lja a megfelel\u0151 r\u00f6gz\u00edt\u0151konzolokat a henger r\u00f6gz\u00edt\u00e9s\u00e9hez. Pontosan igaz\u00edtsa be a hengert, hogy elker\u00fclje a m\u0171k\u00f6d\u00e9s k\u00f6zbeni eltol\u00f3d\u00e1st.<\/p>\n<p>K\u00f6vesse a gy\u00e1rt\u00f3 nyomat\u00e9kbe\u00e1ll\u00edt\u00e1sokra \u00e9s csatlakoz\u00e1st\u00edpusokra vonatkoz\u00f3 el\u0151\u00edr\u00e1sait. Gy\u0151z\u0151dj\u00f6n meg arr\u00f3l, hogy minden hidraulikus csatlakoz\u00e1s biztons\u00e1gosan r\u00f6gz\u00edtve van \u00e9s sziv\u00e1rg\u00e1smentes. A telep\u00edt\u00e9s ut\u00e1n, miel\u0151tt \u00fajra \u00fczembe helyezn\u00e9 a berendez\u00e9st, v\u00e9gezzen funkcion\u00e1lis tesztet a megfelel\u0151 m\u0171k\u00f6d\u00e9s ellen\u0151rz\u00e9s\u00e9re. A biztons\u00e1g \u00e9s a hat\u00e9konys\u00e1g meg\u0151rz\u00e9se \u00e9rdek\u00e9ben rendszeresen ellen\u0151rizze a telep\u00edt\u00e9st kop\u00e1s vagy meglazul\u00e1s jelei szempontj\u00e1b\u00f3l.<\/p>\n<h2>Gyakori karbantart\u00e1si feladatok<\/h2>\n<h3>Rendszeres ellen\u0151rz\u00e9sek<\/h3>\n<p>A rendszeres ellen\u0151rz\u00e9sek elv\u00e9gz\u00e9se elengedhetetlen a potenci\u00e1lis probl\u00e9m\u00e1k azonos\u00edt\u00e1s\u00e1hoz, miel\u0151tt azok jelent\u0151s\u00e9gteljess\u00e9 v\u00e1ln\u00e1nak. Ellen\u0151rizze a kop\u00e1s jeleit, a sziv\u00e1rg\u00e1sokat \u00e9s a megfelel\u0151 m\u0171k\u00f6d\u00e9st. A korai felismer\u00e9s seg\u00edthet fenntartani a hat\u00e9konys\u00e1got \u00e9s meghosszabb\u00edtani a term\u00e9k \u00e9lettartam\u00e1t.<\/p>\n<h3>Megfelel\u0151 ken\u00e9s<\/h3>\n<p>A megfelel\u0151 t\u00edpus\u00fa \u00e9s mennyis\u00e9g\u0171 hidraulikaolaj alkalmaz\u00e1sa elengedhetetlen a henger teljes\u00edtm\u00e9ny\u00e9nek fenntart\u00e1s\u00e1hoz. A nem megfelel\u0151 ken\u00e9s fokozott s\u00farl\u00f3d\u00e1shoz \u00e9s kop\u00e1shoz vezethet, ami id\u0151 el\u0151tti meghib\u00e1sod\u00e1shoz vezethet. K\u00f6vesse a gy\u00e1rt\u00f3 aj\u00e1nl\u00e1sait a ken\u00e9si intervallumokra \u00e9s az olajt\u00edpusra vonatkoz\u00f3an.<\/p>\n<h3>T\u00f6m\u00edt\u00e9scsere \u00e9s kalibr\u00e1l\u00e1s ellen\u0151rz\u00e9se<\/h3>\n<p>Id\u0151vel a t\u00f6m\u00edt\u00e9sek elkophatnak, \u00e9s a sziv\u00e1rg\u00e1sok megel\u0151z\u00e9se \u00e9rdek\u00e9ben ki kell cser\u00e9lni. A rendszeres kalibr\u00e1ci\u00f3s ellen\u0151rz\u00e9sek biztos\u00edtj\u00e1k, hogy a hidraulikus rendszerek a megadott param\u00e9tereken bel\u00fcl m\u0171k\u00f6djenek, fenntartva a hat\u00e9konys\u00e1got \u00e9s a biztons\u00e1got. A hengerek megfelel\u0151 be\u00e1ll\u00edt\u00e1sa szint\u00e9n kritikus fontoss\u00e1g\u00fa a s\u00e9r\u00fcl\u00e9sek megel\u0151z\u00e9se \u00e9s a z\u00f6kken\u0151mentes m\u0171k\u00f6d\u00e9s biztos\u00edt\u00e1sa \u00e9rdek\u00e9ben.<\/p>\n<p><img decoding=\"async\" src=\"https:\/\/www.hydraulic-cylinders.net\/wp-content\/uploads\/2025\/04\/songte-chushion-collar.webp\" alt=\"P\u00e1rnagall\u00e9r k\u00e9p\"><\/p>\n<h2>Biztons\u00e1gi szempontok \u00e9s k\u00f6rnyezeti t\u00e9nyez\u0151k<\/h2>\n<p>Hidraulikus hengerekkel v\u00e9gzett munka sor\u00e1n a biztons\u00e1gi int\u00e9zked\u00e9seknek priorit\u00e1st kell \u00e9lvezni\u00fck. Gy\u0151z\u0151dj\u00f6n meg arr\u00f3l, hogy minden kezel\u0151 k\u00e9pzett \u00e9s meg\u00e9rti a hidraulikus berendez\u00e9sekkel kapcsolatos kock\u00e1zatokat. Haszn\u00e1ljon szem\u00e9lyi v\u00e9d\u0151felszerel\u00e9st, \u00e9s k\u00f6vesse a biztons\u00e1gi el\u0151\u00edr\u00e1sokat az \u00fczemeltet\u00e9s \u00e9s karbantart\u00e1s sor\u00e1n. A k\u00f6rnyezeti t\u00e9nyez\u0151ket, p\u00e9ld\u00e1ul a zord k\u00f6r\u00fclm\u00e9nyeknek val\u00f3 kitetts\u00e9get is figyelembe kell venni, ami sz\u00fcks\u00e9gess\u00e9 teszi a megfelel\u0151 anyagok kiv\u00e1laszt\u00e1s\u00e1t \u00e9s a v\u00e9d\u0151int\u00e9zked\u00e9seket a henger integrit\u00e1s\u00e1nak meg\u0151rz\u00e9se \u00e9rdek\u00e9ben.<\/p>\n<h2>Hibadiagn\u00f3zis \u00e9s gyakori probl\u00e9m\u00e1k<\/h2>\n<ul>\n<li><strong>Sziv\u00e1rg\u00e1s:<\/strong> Gyakran kopott t\u00f6m\u00edt\u00e9sek vagy s\u00e9r\u00fclt szerelv\u00e9nyek okozz\u00e1k. A rendszeres karbantart\u00e1s seg\u00edthet a sziv\u00e1rg\u00e1sok korai felismer\u00e9s\u00e9ben.<\/li>\n<li><strong>Gyenge teljes\u00edtm\u00e9ny:<\/strong> Alacsony hidraulikafolyad\u00e9k-szintre vagy a rendszerben l\u00e9v\u0151 elt\u00f6m\u0151d\u00e9sekre utalhat. Gy\u0151z\u0151dj\u00f6n meg a megfelel\u0151 folyad\u00e9kszintr\u0151l, \u00e9s ellen\u0151rizze, hogy nincs-e akad\u00e1ly.<\/li>\n<li><strong>Szokatlan zajok:<\/strong> A csikorg\u00f3 vagy sziszeg\u0151 hangok a kop\u00e1s vagy a rendszerben l\u00e9v\u0151 leveg\u0151 jelei lehetnek. Alapos ellen\u0151rz\u00e9ssel azonos\u00edtsa a zaj forr\u00e1s\u00e1t.<\/li>\n<\/ul>\n<h2>Hibaelh\u00e1r\u00edt\u00e1si tippek<\/h2>\n<p>A g\u00e9mhengerrel kapcsolatos probl\u00e9m\u00e1k hat\u00e9kony diagnosztiz\u00e1l\u00e1s\u00e1hoz \u00e9s megold\u00e1s\u00e1hoz el\u0151sz\u00f6r ellen\u0151rizze a hidraulikafolyad\u00e9k szintj\u00e9t, \u00e9s gy\u0151z\u0151dj\u00f6n meg arr\u00f3l, hogy nincs-e sziv\u00e1rg\u00e1s a rendszerben. Vezessen napl\u00f3t minden szokatlan teljes\u00edtm\u00e9nyr\u0151l, hogy azonos\u00edtsa azokat a mint\u00e1kat, amelyek konkr\u00e9t probl\u00e9m\u00e1kra utalhatnak. Rendszeresen szervizelje \u00e9s cser\u00e9lje ki a kopott alkatr\u00e9szeket, hogy megakad\u00e1lyozza a probl\u00e9m\u00e1k s\u00falyosbod\u00e1s\u00e1t. Alkalmazzon proakt\u00edv karbantart\u00e1si megk\u00f6zel\u00edt\u00e9st az \u00e1ll\u00e1sid\u0151 minimaliz\u00e1l\u00e1sa \u00e9s a hidraulikus rendszer \u00e9lettartam\u00e1nak n\u00f6vel\u00e9se \u00e9rdek\u00e9ben.<\/p>\n<p><img decoding=\"async\" src=\"https:\/\/www.hydraulic-cylinders.net\/wp-content\/uploads\/2025\/04\/songte-bushings-with-all-kinds-of-excavator-models.webp\" alt=\"Perselyek kotr\u00f3g\u00e9p modellek k\u00e9p\u00e9vel\"><\/p>\n<h2>C\u00e9g\u00fcnkr\u0151l<\/h2>\n<p>Vezet\u0151 hidraulikus hengergy\u00e1rt\u00f3 \u00e9s nagykereskedelmi forgalmaz\u00f3 vagyunk, elk\u00f6telezettek vagyunk amellett, hogy kiv\u00e1l\u00f3 min\u0151s\u00e9g\u0171 term\u00e9keket sz\u00e1ll\u00edtsunk a hazai \u00e9s nemzetk\u00f6zi piacokra. C\u00e9g\u00fcnk a kiv\u00e1l\u00f3s\u00e1g jegy\u00e9ben apr\u00f3l\u00e9kos gy\u00e1rt\u00e1si strat\u00e9gi\u00e1t k\u00f6vet, fejlett termel\u00e9sir\u00e1ny\u00edt\u00e1si gyakorlatokat alkalmazva. A m\u0171szaki szak\u00e9rtelemre, a legmodernebb gy\u00e1rt\u00f3berendez\u00e9sekre \u00e9s a robusztus tesztel\u00e9si rendszerre \u00f6sszpontos\u00edtva folyamatosan fejlesztj\u00fck termel\u00e9si k\u00e9pess\u00e9geinket.<\/p>\n<p>Term\u00e9keink sz\u00e9les v\u00e1laszt\u00e9ka megfelel \u00fcgyfeleink v\u00e1ltozatos ig\u00e9nyeinek, melyeket a hat\u00e9konys\u00e1g, a precizit\u00e1s \u00e9s a min\u0151s\u00e9g ir\u00e1nti elk\u00f6telezetts\u00e9g\u00fcnk vez\u00e9rel. Emellett egyedi ig\u00e9nyekre szabott szolg\u00e1ltat\u00e1sokat is k\u00edn\u00e1lunk, biztos\u00edtva, hogy \u00fcgyfeleink olyan megold\u00e1sokat kapjanak, amelyek illeszkednek egyedi alkalmaz\u00e1saikhoz.<\/p>\n<p>Szakmai szak\u00e9rtelm\u00fcnkkel, nemzetk\u00f6zi tan\u00fas\u00edtv\u00e1nyainkkal \u00e9s elk\u00f6telezett \u00e9rt\u00e9kes\u00edt\u00e9s ut\u00e1ni t\u00e1mogat\u00e1sunkkal arra t\u00f6reksz\u00fcnk, hogy kiv\u00e9teles szolg\u00e1ltat\u00e1st \u00e9s olyan term\u00e9keket ny\u00fajtsunk, amelyek fel\u00fclm\u00falj\u00e1k \u00fcgyfeleink elv\u00e1r\u00e1sait.<\/p>\n<p><img decoding=\"async\" src=\"https:\/\/www.hydraulic-cylinders.net\/wp-content\/uploads\/2025\/04\/songte-company-4.webp\" alt=\"C\u00e9gk\u00e9p 1\"><br \/>\n<img decoding=\"async\" src=\"https:\/\/www.hydraulic-cylinders.net\/wp-content\/uploads\/2025\/04\/songte-company-3.webp\" alt=\"C\u00e9gk\u00e9p 2\"><\/p>\n<p>Szerz\u0151: lyl<\/p>","protected":false},"excerpt":{"rendered":"<p>Boom Cylinder For Sinomach ZG3235-9 Product Overview The Boom Cylinder for Sinomach ZG3235-9 is a crucial component designed to control the movement of heavy machinery buckets. Specifically, it is a hydraulic cylinder that enables the lifting, lowering, and tilting of the bucket in various applications, such as excavators, backhoe loaders, and front-end loaders. This hydraulic [&hellip;]<\/p>","protected":false},"featured_media":17876,"comment_status":"open","ping_status":"closed","template":"","meta":{"_et_pb_use_builder":"","_et_pb_old_content":"","_et_gb_content_width":""},"product_brand":[],"product_cat":[1546],"product_tag":[1547,1496],"class_list":{"0":"post-19703","1":"product","2":"type-product","3":"status-publish","4":"has-post-thumbnail","6":"product_cat-boom-cylinders","7":"product_tag-boom-cylinders","8":"product_tag-hydraulic-cylinders","10":"first","11":"instock","12":"shipping-taxable","13":"product-type-simple"},"amp_enabled":true,"_links":{"self":[{"href":"https:\/\/www.hydraulic-cylinders.net\/hu\/wp-json\/wp\/v2\/product\/19703","targetHints":{"allow":["GET"]}}],"collection":[{"href":"https:\/\/www.hydraulic-cylinders.net\/hu\/wp-json\/wp\/v2\/product"}],"about":[{"href":"https:\/\/www.hydraulic-cylinders.net\/hu\/wp-json\/wp\/v2\/types\/product"}],"replies":[{"embeddable":true,"href":"https:\/\/www.hydraulic-cylinders.net\/hu\/wp-json\/wp\/v2\/comments?post=19703"}],"wp:featuredmedia":[{"embeddable":true,"href":"https:\/\/www.hydraulic-cylinders.net\/hu\/wp-json\/wp\/v2\/media\/17876"}],"wp:attachment":[{"href":"https:\/\/www.hydraulic-cylinders.net\/hu\/wp-json\/wp\/v2\/media?parent=19703"}],"wp:term":[{"taxonomy":"product_brand","embeddable":true,"href":"https:\/\/www.hydraulic-cylinders.net\/hu\/wp-json\/wp\/v2\/product_brand?post=19703"},{"taxonomy":"product_cat","embeddable":true,"href":"https:\/\/www.hydraulic-cylinders.net\/hu\/wp-json\/wp\/v2\/product_cat?post=19703"},{"taxonomy":"product_tag","embeddable":true,"href":"https:\/\/www.hydraulic-cylinders.net\/hu\/wp-json\/wp\/v2\/product_tag?post=19703"}],"curies":[{"name":"munkaf\u00fczet","href":"https:\/\/api.w.org\/{rel}","templated":true}]}}