{"id":19711,"date":"2025-04-07T07:03:14","date_gmt":"2025-04-07T07:03:14","guid":{"rendered":"https:\/\/www.hydraulic-cylinders.net\/product\/boom-cylinder-for-hengte-wheel-excavator-htl85-8\/"},"modified":"2025-04-07T07:03:16","modified_gmt":"2025-04-07T07:03:16","slug":"boom-cylinder-for-hengte-wheel-excavator-htl85-8","status":"publish","type":"product","link":"https:\/\/www.hydraulic-cylinders.net\/hu\/termek\/boom-cylinder-for-hengte-wheel-excavator-htl85-8\/","title":{"rendered":"G\u00e9mhenger Hengte kerekes kotr\u00f3g\u00e9phez HTL85-8"},"content":{"rendered":"<h1>G\u00e9mhenger Hengte kerekes kotr\u00f3g\u00e9phez HTL85-8<\/h1>\n<h2>Bevezet\u00e9s a g\u00e9mhengerbe<\/h2>\n<p>A <strong>G\u00e9mhenger<\/strong> A g\u00e9mhenger egy alapvet\u0151 hidraulikus alkatr\u00e9sz, amely neh\u00e9zg\u00e9pekben, k\u00fcl\u00f6n\u00f6sen kotr\u00f3g\u00e9pekben, kotr\u00f3rakod\u00f3kban \u00e9s homlokrakod\u00f3kban tal\u00e1lhat\u00f3. \u00dagy tervezt\u00e9k, hogy szab\u00e1lyozza a kan\u00e1l mozg\u00e1s\u00e1t, lehet\u0151v\u00e9 t\u00e9ve az emel\u00e9st, s\u00fcllyeszt\u00e9st \u00e9s billent\u00e9st a hat\u00e9kony anyagmozgat\u00e1si feladatokhoz. Ez a hidraulikus henger kulcsszerepet j\u00e1tszik a hidraulikus rendszerben, ahol a nyom\u00e1s alatt l\u00e9v\u0151 hidraulikaolajat szab\u00e1lyozott mozg\u00e1sok l\u00e9trehoz\u00e1s\u00e1ra haszn\u00e1lj\u00e1k. A g\u00e9mhenger funkci\u00f3j\u00e1nak meg\u00e9rt\u00e9se l\u00e9tfontoss\u00e1g\u00fa azok sz\u00e1m\u00e1ra, akik neh\u00e9zg\u00e9pekre t\u00e1maszkodnak a munk\u00e1juk sor\u00e1n.<\/p>\n<p><img decoding=\"async\" src=\"https:\/\/www.hydraulic-cylinders.net\/wp-content\/uploads\/2025\/04\/songte-company-1.webp\" alt=\"G\u00e9mhenger k\u00e9pe\" \/><\/p>\n<h3>Meghat\u00e1roz\u00e1s \u00e9s \u00e1ttekint\u00e9s<\/h3>\n<p>A g\u00e9mhenger egy olyan hidraulikus henger, amelyet kifejezetten a k\u00fcl\u00f6nf\u00e9le neh\u00e9zg\u00e9pek kanalainak mozg\u00e1s\u00e1nak vez\u00e9rl\u00e9s\u00e9re terveztek. Lehet\u0151v\u00e9 teszi a kan\u00e1l sz\u00e1m\u00e1ra, hogy hat\u00e9konyan v\u00e9gezzen alapvet\u0151 feladatokat, p\u00e9ld\u00e1ul \u00e1s\u00e1st, emel\u00e9st \u00e9s anyagok sz\u00e1ll\u00edt\u00e1s\u00e1t. A hidraulikus rendszer \u00fagy m\u0171k\u00f6dik, hogy nyom\u00e1s alatt l\u00e9v\u0151 folyad\u00e9kot haszn\u00e1l line\u00e1ris mozg\u00e1s l\u00e9trehoz\u00e1s\u00e1ra, ami a kan\u00e1l mechanikus mozg\u00e1s\u00e1v\u00e1 alakul. Ez lehet\u0151v\u00e9 teszi a kezel\u0151k sz\u00e1m\u00e1ra, hogy neh\u00e9z terheket \u00e9s \u00f6sszetett feladatokat kezeljenek prec\u00edzen \u00e9s k\u00f6nnyed\u00e9n.<\/p>\n<h2>A g\u00e9mhenger jellemz\u0151i<\/h2>\n<ul>\n<li><strong>Nagy szil\u00e1rds\u00e1g \u00e9s tart\u00f3ss\u00e1g:<\/strong> A jellemz\u0151en nagy szil\u00e1rds\u00e1g\u00fa ac\u00e9lb\u00f3l vagy alum\u00edniumb\u00f3l k\u00e9sz\u00fclt g\u00e9mhenger nagy nyom\u00e1snak \u00e9s nagy terhel\u00e9snek van kit\u00e9ve, \u00edgy alkalmass\u00e1 teszi a zord munkak\u00f6rnyezetre.<\/li>\n<li><strong>Hat\u00e9kony hidraulikus m\u0171k\u00f6dtet\u00e9s:<\/strong> A hidraulikaolaj nyom\u00e1s\u00e1t haszn\u00e1lja a sima \u00e9s gyors kitol\u00e1shoz \u00e9s visszah\u00faz\u00e1shoz, \u00edgy er\u0151teljes tol\u00f3- \u00e9s h\u00faz\u00f3er\u0151t biztos\u00edt, ami ide\u00e1lis neh\u00e9z anyagok kezel\u00e9s\u00e9hez \u00e9s \u00f6sszetett m\u0171veletekhez.<\/li>\n<li><strong>K\u00fcl\u00f6nb\u00f6z\u0151 t\u00edpusok:<\/strong> Kaphat\u00f3 egyszeres m\u0171k\u00f6d\u00e9s\u0171 (hidraulikusan egy ir\u00e1nyban) vagy kett\u0151s m\u0171k\u00f6d\u00e9s\u0171 (hidraulikusan mindk\u00e9t ir\u00e1nyban) v\u00e1ltozatban, hogy megfeleljen a k\u00fcl\u00f6nf\u00e9le m\u0171k\u00f6d\u00e9si ig\u00e9nyeknek. Bizonyos modellek teleszk\u00f3pos k\u00e9pess\u00e9ggel is rendelkeznek, \u00edgy nagyobb hat\u00f3t\u00e1vols\u00e1got biztos\u00edtanak a k\u00fcls\u0151 m\u00e9retek n\u00f6vel\u00e9se n\u00e9lk\u00fcl.<\/li>\n<li><strong>Testreszabhat\u00f3 be\u00e1ll\u00edt\u00e1sok:<\/strong> K\u00e9pes a specifik\u00e1ci\u00f3kat a k\u00fcl\u00f6nb\u00f6z\u0151 g\u00e9pek \u00e9s m\u0171k\u00f6d\u00e9si feladatok k\u00f6vetelm\u00e9nyei alapj\u00e1n testre szabni.<\/li>\n<li><strong>Karbantart\u00e1sbar\u00e1t kialak\u00edt\u00e1s:<\/strong> K\u00f6nny\u0171 karbantart\u00e1sra tervezve, biztos\u00edtva a kezel\u0151k sz\u00e1m\u00e1ra a berendez\u00e9sek z\u00f6kken\u0151mentes m\u0171k\u00f6d\u00e9s\u00e9t minim\u00e1lis \u00e1ll\u00e1sid\u0151vel.<\/li>\n<\/ul>\n<p>C\u00e9g\u00fcnk kiv\u00e1l\u00f3 min\u0151s\u00e9g\u0171 g\u00e9mhengerek gy\u00e1rt\u00e1s\u00e1ra specializ\u00e1l\u00f3dott, amelyek t\u00f6k\u00e9letesen helyettes\u00edtik a megl\u00e9v\u0151 hidraulikus hengereket.<\/p>\n<p><img decoding=\"async\" src=\"https:\/\/www.hydraulic-cylinders.net\/wp-content\/uploads\/2025\/04\/songte-cylinder-head-with-all-kinds-excavator-models.webp\" alt=\"G\u00e9mhenger v\u00e1ltozatok\" \/><\/p>\n<h2>A g\u00e9mhenger alkalmaz\u00e1sai<\/h2>\n<h3>\u00c9p\u00edt\u0151ipari berendez\u00e9sek<\/h3>\n<p>A kotr\u00f3g\u00e9pekben a g\u00e9mhengerek kulcsfontoss\u00e1g\u00faak az \u00e1s\u00e1shoz, a rakod\u00e1shoz \u00e9s a f\u00f6ld vagy t\u00f6rmel\u00e9k mozgat\u00e1s\u00e1hoz. Az er\u0151teljes emel\u00e9si \u00e9s s\u00fcllyeszt\u00e9si m\u0171veletek k\u00e9pess\u00e9ge elengedhetetlen a k\u00fcl\u00f6nf\u00e9le \u00e9p\u00edt\u00e9si feladatok hat\u00e9kony elv\u00e9gz\u00e9s\u00e9hez. A kotr\u00f3g\u00e9pek a g\u00e9mhengerekre t\u00e1maszkodnak a prec\u00edz mozg\u00e1sok v\u00e9grehajt\u00e1s\u00e1hoz, biztos\u00edtva az anyagok biztons\u00e1gos \u00e9s hat\u00e9kony kezel\u00e9s\u00e9t a munkater\u00fcleteken.<\/p>\n<h3>Mez\u0151gazdas\u00e1gi g\u00e9pek<\/h3>\n<p>A homlokrakod\u00f3k g\u00e9mhengereket haszn\u00e1lnak talaj, sz\u00e9na \u00e9s egy\u00e9b anyagok mer\u00e9s\u00e9hez, emel\u00e9s\u00e9hez \u00e9s sz\u00e1ll\u00edt\u00e1s\u00e1hoz. A hengerek lehet\u0151v\u00e9 teszik a kezel\u0151k sz\u00e1m\u00e1ra, hogy k\u00f6nnyed\u00e9n kezelj\u00e9k a nagy terheket, hozz\u00e1j\u00e1rulva a gazdas\u00e1gok \u00e9s a mez\u0151gazdas\u00e1gi m\u0171veletek termel\u00e9kenys\u00e9g\u00e9nek n\u00f6veked\u00e9s\u00e9hez. A kan\u00e1l d\u00f6nthet\u0151s\u00e9ge \u00e9s be\u00e1ll\u00edt\u00e1s\u00e1nak lehet\u0151s\u00e9ge n\u00f6veli a mez\u0151gazdas\u00e1gi g\u00e9pek sokoldal\u00fas\u00e1g\u00e1t.<\/p>\n<h3>F\u00f6ldmunk\u00e1k<\/h3>\n<p>Egy kotr\u00f3g\u00e9pben a g\u00e9mhenger lehet\u0151v\u00e9 teszi, hogy a kan\u00e1l hat\u00e9konyan hatoljon be a talajba, megk\u00f6nny\u00edtve a hat\u00e9kony \u00e1s\u00e1si m\u0171veleteket. A g\u00e9mhenger \u00e1ltal biztos\u00edtott er\u0151teljes hidraulikus m\u0171k\u00f6d\u00e9s biztos\u00edtja, hogy a kotr\u00f3g\u00e9p megbirk\u00f3zzon a neh\u00e9z talajviszonyokkal, \u00edgy n\u00e9lk\u00fcl\u00f6zhetetlen eszk\u00f6zz\u00e9 v\u00e1lik az \u00e9p\u00edt\u00e9si \u00e9s tereprendez\u00e9si projektekben.<\/p>\n<h3>Rakod\u00f3g\u00e9pek<\/h3>\n<p>A homlokrakod\u00f3kban a g\u00e9mhengerek hat\u00e9konyan seg\u00edtik a rakom\u00e1nyok emel\u00e9s\u00e9t \u00e9s \u00fcr\u00edt\u00e9s\u00e9t. Kialak\u00edt\u00e1suk megk\u00f6nny\u00edti az anyagmozgat\u00e1st, lehet\u0151v\u00e9 t\u00e9ve a kezel\u0151k sz\u00e1m\u00e1ra, hogy gyorsan \u00e9s biztons\u00e1gosan sz\u00e1ll\u00edts\u00e1k az \u00e1rukat egyik helyr\u0151l a m\u00e1sikra, ez\u00e1ltal n\u00f6velve az \u00e1ltal\u00e1nos termel\u00e9kenys\u00e9get \u00e9s a m\u0171k\u00f6d\u00e9si hat\u00e9konys\u00e1got.<\/p>\n<h2>Tervez\u00e9si szempontok \u00e9s kiv\u00e1laszt\u00e1si krit\u00e9riumok<\/h2>\n<h3>Teherb\u00edr\u00e1s<\/h3>\n<p>A g\u00e9mhenger teherb\u00edr\u00e1sa kritikus tervez\u00e9si szempont. K\u00e9pesnek kell lennie a kezelt anyagok maxim\u00e1lis s\u00faly\u00e1nak megtart\u00e1s\u00e1ra, mik\u00f6zben biztos\u00edtja a biztons\u00e1got \u00e9s a stabilit\u00e1st a m\u0171veletek sor\u00e1n. A m\u00e9rn\u00f6k\u00f6knek az adott alkalmaz\u00e1sok \u00e9s g\u00e9pt\u00edpusok alapj\u00e1n kell kisz\u00e1m\u00edtaniuk a terhel\u00e9si k\u00f6vetelm\u00e9nyeket az optim\u00e1lis teljes\u00edtm\u00e9ny biztos\u00edt\u00e1sa \u00e9rdek\u00e9ben, a szerkezeti integrit\u00e1s vesz\u00e9lyeztet\u00e9se n\u00e9lk\u00fcl.<\/p>\n<h3>T\u00f6m\u00edt\u00e9s integrit\u00e1sa<\/h3>\n<p>A t\u00f6m\u00edt\u00e9s \u00e9ps\u00e9ge l\u00e9tfontoss\u00e1g\u00fa a hidraulikafolyad\u00e9k sziv\u00e1rg\u00e1s\u00e1nak megakad\u00e1lyoz\u00e1sa \u00e9s a hat\u00e9kony m\u0171k\u00f6d\u00e9s biztos\u00edt\u00e1sa \u00e9rdek\u00e9ben. A tart\u00f3s anyagokb\u00f3l k\u00e9sz\u00fclt, kiv\u00e1l\u00f3 min\u0151s\u00e9g\u0171 t\u00f6m\u00edt\u00e9sek elengedhetetlenek a nyom\u00e1s- \u00e9s h\u0151m\u00e9rs\u00e9klet-ingadoz\u00e1sok elvisel\u00e9s\u00e9hez. A megfelel\u0151 t\u00f6m\u00edt\u0151mechanizmusok minimaliz\u00e1lj\u00e1k a karbantart\u00e1si ig\u00e9nyt \u00e9s meghosszabb\u00edtj\u00e1k a hidraulikus rendszer \u00e9lettartam\u00e1t, hozz\u00e1j\u00e1rulva a berendez\u00e9s \u00e1ltal\u00e1nos megb\u00edzhat\u00f3s\u00e1g\u00e1hoz.<\/p>\n<h3>Tart\u00f3ss\u00e1g<\/h3>\n<p>A tart\u00f3ss\u00e1g kulcsfontoss\u00e1g\u00fa t\u00e9nyez\u0151 a g\u00e9mhengerek tervez\u00e9s\u00e9n\u00e9l. Az alkatr\u00e9szeket olyan anyagokb\u00f3l kell gy\u00e1rtani, amelyek ellen\u00e1llnak a kop\u00e1snak \u00e9s a korr\u00f3zi\u00f3nak, k\u00fcl\u00f6n\u00f6sen zord k\u00f6rnyezetben. A tervez\u00e9snek olyan jellemz\u0151ket kell tartalmaznia, amelyek n\u00f6velik a hossz\u00fa \u00e9lettartamot, p\u00e9ld\u00e1ul v\u00e9d\u0151bevonatokat \u00e9s robusztus gy\u00e1rt\u00e1si m\u00f3dszereket, hogy ellen\u00e1lljanak a neh\u00e9z \u00fczemi k\u00f6r\u00fclm\u00e9nyeknek.<\/p>\n<h3>Biztons\u00e1gi funkci\u00f3k<\/h3>\n<p>A hidraulikus hengerek tervez\u00e9s\u00e9n\u00e9l a biztons\u00e1g priorit\u00e1s. Az olyan jellemz\u0151k, mint a nyom\u00e1scs\u00f6kkent\u0151 szelepek \u00e9s a robusztus r\u00f6gz\u00edt\u0151rendszerek seg\u00edtenek megel\u0151zni a baleseteket \u00fczem k\u00f6zben. A biztons\u00e1gi szabv\u00e1nyok bevezet\u00e9se biztos\u00edtja, hogy a kezel\u0151k magabiztosan dolgozhassanak, tudv\u00e1n, hogy a berendez\u00e9s megb\u00edzhat\u00f3an fog m\u0171k\u00f6dni nyom\u00e1s alatt is, meghib\u00e1sod\u00e1s n\u00e9lk\u00fcl.<\/p>\n<h3>Karbantart\u00e1si hozz\u00e1f\u00e9rhet\u0151s\u00e9g<\/h3>\n<p>A g\u00e9mhengerek k\u00f6nny\u0171 karbantart\u00e1s\u00e1nak megtervez\u00e9se elengedhetetlen az \u00e1ll\u00e1sid\u0151 minimaliz\u00e1l\u00e1sa \u00e9rdek\u00e9ben. Az olyan jellemz\u0151k, mint a k\u00f6nnyen hozz\u00e1f\u00e9rhet\u0151 zs\u00edrz\u00f3gombok, a k\u00f6nnyen cser\u00e9lhet\u0151 t\u00f6m\u00edt\u00e9sek \u00e9s az egy\u00e9rtelm\u0171 karbantart\u00e1si ir\u00e1nyelvek hozz\u00e1j\u00e1rulnak a hat\u00e9kony szervizel\u00e9shez. A rendszeres karbantart\u00e1s seg\u00edt a potenci\u00e1lis probl\u00e9m\u00e1k korai azonos\u00edt\u00e1s\u00e1ban, maximaliz\u00e1lva a hidraulikus henger \u00e9lettartam\u00e1t.<\/p>\n<p><img decoding=\"async\" src=\"https:\/\/www.hydraulic-cylinders.net\/wp-content\/uploads\/2025\/04\/songte-oil-pipes-and-spare-parts.webp\" alt=\"Hidraulikus henger alkatr\u00e9szek\" \/><\/p>\n<h2>A hidraulikus henger t\u00f6m\u00edt\u00e9se \u00e9s ken\u00e9se<\/h2>\n<p>A megfelel\u0151 t\u00f6m\u00edt\u00e9s \u00e9s ken\u00e9s elengedhetetlen a hidraulikus hengerek optim\u00e1lis m\u0171k\u00f6d\u00e9s\u00e9hez. K\u00fcl\u00f6nb\u00f6z\u0151 t\u00f6m\u00edt\u00e9sek, p\u00e9ld\u00e1ul dugatty\u00fat\u00f6m\u00edt\u00e9sek \u00e9s r\u00fadt\u00f6m\u00edt\u00e9sek j\u00e1tszanak alapvet\u0151 szerepet a hidraulikus folyad\u00e9k sziv\u00e1rg\u00e1s\u00e1nak megakad\u00e1lyoz\u00e1s\u00e1ban. Ezekhez a t\u00f6m\u00edt\u00e9sekhez gyakran haszn\u00e1lnak kiv\u00e1l\u00f3 min\u0151s\u00e9g\u0171 anyagokat, p\u00e9ld\u00e1ul poliuret\u00e1nt \u00e9s nitrilgumit a tart\u00f3ss\u00e1g \u00e9s a kop\u00e1s\u00e1ll\u00f3s\u00e1g biztos\u00edt\u00e1sa \u00e9rdek\u00e9ben.<\/p>\n<p>A hengertest \u00e9s a menetes v\u00e9gek finom megmunk\u00e1l\u00e1son esnek \u00e1t a kop\u00e1s\u00e1ll\u00f3s\u00e1g fokoz\u00e1sa \u00e9s a t\u00f6m\u00edt\u00e9sek megfelel\u0151 illeszked\u00e9s\u00e9nek biztos\u00edt\u00e1sa \u00e9rdek\u00e9ben. A s\u00farl\u00f3d\u00e1s minimaliz\u00e1l\u00e1sa, a kop\u00e1s cs\u00f6kkent\u00e9se \u00e9s a z\u00f6kken\u0151mentes m\u0171k\u00f6d\u00e9s biztos\u00edt\u00e1sa \u00e9rdek\u00e9ben rendszeres ken\u00e9s sz\u00fcks\u00e9ges megfelel\u0151 mennyis\u00e9g\u0171 hidraulikaolajjal. A kezel\u0151knek tiszt\u00e1ban kell lenni\u00fck a megfelel\u0151 folyad\u00e9kszint fenntart\u00e1s\u00e1nak \u00e9s a t\u00f6m\u00edt\u00e9sek sz\u00fcks\u00e9g szerinti cser\u00e9j\u00e9nek fontoss\u00e1g\u00e1val a henger teljes\u00edtm\u00e9ny\u00e9nek fenntart\u00e1sa \u00e9rdek\u00e9ben.<\/p>\n<h2>Rendszeres karbantart\u00e1s \u00e9s megel\u0151z\u0151 int\u00e9zked\u00e9sek<\/h2>\n<ul>\n<li><strong>Rendszeres ellen\u0151rz\u00e9sek:<\/strong> Rendszeresen ellen\u0151rizze a hidraulikus hengert kop\u00e1s, sziv\u00e1rg\u00e1s vagy s\u00e9r\u00fcl\u00e9s jelei szempontj\u00e1b\u00f3l. A probl\u00e9m\u00e1k korai felismer\u00e9se megel\u0151zheti a s\u00falyosabb probl\u00e9m\u00e1kat a k\u00e9s\u0151bbiekben.<\/li>\n<li><strong>Megfelel\u0151 ken\u00e9s:<\/strong> Gy\u0151z\u0151dj\u00f6n meg arr\u00f3l, hogy a hidraulikus henger megfelel\u0151en van kenve a megfelel\u0151 hidraulikaolajjal. Rendszeresen ellen\u0151rizze a folyad\u00e9kszintet, \u00e9s sz\u00fcks\u00e9g szerint t\u00f6ltse fel az olajat az optim\u00e1lis teljes\u00edtm\u00e9ny fenntart\u00e1sa \u00e9rdek\u00e9ben.<\/li>\n<li><strong>T\u00f6m\u00edt\u00e9scsere:<\/strong> Figyelje a t\u00f6m\u00edt\u00e9sek kop\u00e1s\u00e1t, \u00e9s sz\u00fcks\u00e9g eset\u00e9n cser\u00e9lje ki \u0151ket. A kop\u00f3 t\u00f6m\u00edt\u00e9sek folyad\u00e9ksziv\u00e1rg\u00e1shoz \u00e9s a hat\u00e9konys\u00e1g cs\u00f6kken\u00e9s\u00e9hez vezethetnek, ez\u00e9rt az id\u0151ben t\u00f6rt\u00e9n\u0151 csere kulcsfontoss\u00e1g\u00fa.<\/li>\n<\/ul>\n<h2>A g\u00e9mhenger telep\u00edt\u00e9si \u00fatmutat\u00f3ja<\/h2>\n<p>A g\u00e9mhenger helyes beszerel\u00e9se elengedhetetlen az optim\u00e1lis teljes\u00edtm\u00e9ny biztos\u00edt\u00e1s\u00e1hoz. Kezdje azzal, hogy minden r\u00f6gz\u00edt\u00e9si fel\u00fclet tiszta \u00e9s t\u00f6rmel\u00e9kmentes. Igaz\u00edtsa megfelel\u0151en a hengert a r\u00f6gz\u00edt\u00e9si pontokhoz, hogy elker\u00fclje az alkatr\u00e9szek felesleges terhel\u00e9s\u00e9t.<\/p>\n<p>Haszn\u00e1ljon megfelel\u0151 r\u00f6gz\u00edt\u0151konzolokat a henger r\u00f6gz\u00edt\u00e9s\u00e9hez, \u00fcgyelve arra, hogy szil\u00e1rdan tarts\u00e1k, ne fejtsen ki t\u00falzott er\u0151t, ami k\u00e1rt okozhatna. A beszerel\u00e9s ut\u00e1n ellen\u0151rizze a hidraulikus vezet\u00e9kek csatlakoz\u00e1sait, hogy nincs-e sziv\u00e1rg\u00e1s, \u00e9s hogy minden szerelv\u00e9ny biztons\u00e1gosan meg van-e r\u00f6gz\u00edtve. A beszerel\u00e9s ut\u00e1n tesztelje a henger m\u0171k\u00f6d\u00e9s\u00e9t, hogy megbizonyosodjon a megfelel\u0151 m\u0171k\u00f6d\u00e9sr\u0151l, \u00e9s sz\u00fcks\u00e9g szerint v\u00e9gezze el a sz\u00fcks\u00e9ges be\u00e1ll\u00edt\u00e1sokat.<\/p>\n<h2>Karbantart\u00e1si feladatok<\/h2>\n<h3>Rendszeres ellen\u0151rz\u00e9sek<\/h3>\n<p>Rendszeresen ellen\u0151rizze a hidraulikus hengert az esetleges kop\u00e1s vagy s\u00e9r\u00fcl\u00e9sek azonos\u00edt\u00e1sa \u00e9rdek\u00e9ben. Ez mag\u00e1ban foglalja a sziv\u00e1rg\u00e1sok ellen\u0151rz\u00e9s\u00e9t \u00e9s az \u00f6sszes alkatr\u00e9sz megfelel\u0151 m\u0171k\u00f6d\u00e9s\u00e9nek biztos\u00edt\u00e1s\u00e1t. A rendszeres ellen\u0151rz\u00e9sek seg\u00edtenek a potenci\u00e1lis probl\u00e9m\u00e1k korai felismer\u00e9s\u00e9ben, ami megel\u0151zheti a s\u00falyosabb probl\u00e9m\u00e1kat \u00e9s a k\u00f6lts\u00e9ges jav\u00edt\u00e1sokat.<\/p>\n<h3>Megfelel\u0151 ken\u00e9s<\/h3>\n<p>A hidraulikus henger ken\u00e9se elengedhetetlen a zavartalan m\u0171k\u00f6d\u00e9s fenntart\u00e1s\u00e1hoz. Gy\u0151z\u0151dj\u00f6n meg arr\u00f3l, hogy a megfelel\u0151 t\u00edpus\u00fa hidraulikaolajat haszn\u00e1lja, \u00e9s rendszeresen ellen\u0151rizze a folyad\u00e9kszintet. A megfelel\u0151 ken\u00e9s minimaliz\u00e1lja az alkatr\u00e9szek kop\u00e1s\u00e1t, meghosszabb\u00edtva a henger \u00e9lettartam\u00e1t.<\/p>\n<h3>T\u00f6m\u00edt\u00e9scsere \u00e9s kalibr\u00e1l\u00e1s ellen\u0151rz\u00e9se<\/h3>\n<p>Rendszeresen ellen\u0151rizze a t\u00f6m\u00edt\u00e9sek kop\u00e1s\u00e1nak jeleit, \u00e9s sz\u00fcks\u00e9g eset\u00e9n cser\u00e9lje ki \u0151ket a sziv\u00e1rg\u00e1sok megel\u0151z\u00e9se \u00e9rdek\u00e9ben. A kalibr\u00e1ci\u00f3s ellen\u0151rz\u00e9sek biztos\u00edtj\u00e1k, hogy a hidraulikus henger a megadott param\u00e9tereken bel\u00fcl m\u0171k\u00f6dj\u00f6n, mik\u00f6zben haszn\u00e1lat k\u00f6zben is fenntartja a hat\u00e9konys\u00e1got \u00e9s a biztons\u00e1got. A megfelel\u0151en kalibr\u00e1lt berendez\u00e9sek cs\u00f6kkentik a meghib\u00e1sod\u00e1sok kock\u00e1zat\u00e1t \u00e9s jav\u00edtj\u00e1k az \u00e1ltal\u00e1nos teljes\u00edtm\u00e9nyt.<\/p>\n<p><img decoding=\"async\" src=\"https:\/\/www.hydraulic-cylinders.net\/wp-content\/uploads\/2025\/04\/songte-chushion-collar.webp\" alt=\"Hidraulikus henger beszerel\u00e9se\" \/><\/p>\n<h2>Biztons\u00e1gi szempontok \u00e9s k\u00f6rnyezeti t\u00e9nyez\u0151k<\/h2>\n<p>Hidraulikus hengerek \u00fczemeltet\u00e9sekor a biztons\u00e1gi int\u00e9zked\u00e9sek kiemelked\u0151 fontoss\u00e1g\u00faak. A kezel\u0151ket ki kell k\u00e9pezni a biztons\u00e1gos kezel\u00e9si elj\u00e1r\u00e1sokra a balesetek kock\u00e1zat\u00e1nak minimaliz\u00e1l\u00e1sa \u00e9rdek\u00e9ben. Ez mag\u00e1ban foglalja a megfelel\u0151 szem\u00e9lyi v\u00e9d\u0151felszerel\u00e9s (PPE) visel\u00e9s\u00e9nek fontoss\u00e1g\u00e1nak meg\u00e9rt\u00e9s\u00e9t, valamint a biztons\u00e1gi protokollok betart\u00e1s\u00e1t az \u00fczemeltet\u00e9s \u00e9s karbantart\u00e1s sor\u00e1n. A k\u00f6rnyezeti t\u00e9nyez\u0151ket, p\u00e9ld\u00e1ul a sz\u00e9ls\u0151s\u00e9ges h\u0151m\u00e9rs\u00e9kleteknek \u00e9s a korroz\u00edv anyagoknak val\u00f3 kitetts\u00e9get is figyelembe kell venni a hidraulikus rendszerek hossz\u00fa \u00e9lettartam\u00e1nak \u00e9s megb\u00edzhat\u00f3s\u00e1g\u00e1nak biztos\u00edt\u00e1sa \u00e9rdek\u00e9ben.<\/p>\n<h2>Hibaelh\u00e1r\u00edt\u00e1s \u00e9s gyakori probl\u00e9m\u00e1k<\/h2>\n<h3>Gyakori probl\u00e9m\u00e1k<\/h3>\n<ul>\n<li><strong>Hidraulikus sziv\u00e1rg\u00e1sok:<\/strong> Ellen\u0151rizze a t\u00f6m\u00edt\u00e9seket \u00e9s szerelv\u00e9nyeket a sziv\u00e1rg\u00e1sok forr\u00e1s\u00e1nak azonos\u00edt\u00e1sa \u00e9rdek\u00e9ben. A sziv\u00e1rg\u00e1sok azonnali kezel\u00e9se elengedhetetlen a rendszernyom\u00e1s fenntart\u00e1s\u00e1hoz.<\/li>\n<li><strong>Inkonzisztens mozg\u00e1s:<\/strong> Vizsg\u00e1lja meg a hidraulikavezet\u00e9kekben tal\u00e1lhat\u00f3 esetleges elt\u00f6m\u0151d\u00e9seket vagy a hidraulikafolyad\u00e9k szintj\u00e9vel kapcsolatos probl\u00e9m\u00e1kat az egyenetlen mozg\u00e1sb\u00f3l ad\u00f3d\u00f3 probl\u00e9m\u00e1k megold\u00e1sa \u00e9rdek\u00e9ben.<\/li>\n<li><strong>T\u00falzott zaj:<\/strong> A szokatlan hangok a hidraulikus rendszerben l\u00e9v\u0151 leveg\u0151re vagy el\u00e9gtelen ken\u00e9sre utalhatnak. A rendszer l\u00e9gtelen\u00edt\u00e9se \u00e9s a megfelel\u0151 ken\u00e9si szint biztos\u00edt\u00e1sa megoldhatja ezt a probl\u00e9m\u00e1t.<\/li>\n<\/ul>\n<p>A megel\u0151z\u0151 int\u00e9zked\u00e9sek, p\u00e9ld\u00e1ul a rendszeres karbantart\u00e1s \u00e9s ellen\u0151rz\u00e9sek bevezet\u00e9se seg\u00edthet cs\u00f6kkenteni ezen gyakori probl\u00e9m\u00e1k el\u0151fordul\u00e1s\u00e1nak val\u00f3sz\u00edn\u0171s\u00e9g\u00e9t, \u00e9s biztos\u00edthatja a hidraulikus henger z\u00f6kken\u0151mentes m\u0171k\u00f6d\u00e9s\u00e9t.<\/p>\n<p><img decoding=\"async\" src=\"https:\/\/www.hydraulic-cylinders.net\/wp-content\/uploads\/2025\/04\/songte-bushings-with-all-kinds-of-excavator-models.webp\" alt=\"Hidraulikus henger hibaelh\u00e1r\u00edt\u00e1sa\" \/><\/p>\n<h2>C\u00e9g\u00fcnkr\u0151l<\/h2>\n<p>A hidraulikus hengerek vezet\u0151 gy\u00e1rt\u00f3jak\u00e9nt \u00e1tfog\u00f3 term\u00e9kv\u00e1laszt\u00e9kot k\u00edn\u00e1lunk mind a hazai, mind a nemzetk\u00f6zi piacok sz\u00e1m\u00e1ra. A kiv\u00e1l\u00f3s\u00e1g ir\u00e1nti elk\u00f6telezetts\u00e9g\u00fcnk arra \u00f6szt\u00f6n\u00f6z minket, hogy magas min\u0151s\u00e9gi szabv\u00e1nyokat tartsunk fenn a gy\u00e1rt\u00e1sban, amelyet egy kifinomult termel\u00e9sir\u00e1ny\u00edt\u00e1si strat\u00e9gia t\u00e1mogat.<\/p>\n<p>Folyamatosan fejlesztj\u00fck gy\u00e1rt\u00e1si k\u00e9pess\u00e9geinket fejlett technol\u00f3gi\u00e1val, k\u00e9pzett szem\u00e9lyzettel \u00e9s speci\u00e1lis vizsg\u00e1lati rendszerrel. Ez az elk\u00f6telezetts\u00e9g biztos\u00edtja, hogy nagy hat\u00e9konys\u00e1ggal, pontoss\u00e1ggal \u00e9s min\u0151s\u00e9gben el\u00e9g\u00edts\u00fck ki \u00fcgyfeleink v\u00e1ltozatos ig\u00e9nyeit.<\/p>\n<p>C\u00e9g\u00fcnk szem\u00e9lyre szabott szolg\u00e1ltat\u00e1sokat, nemzetk\u00f6zi tan\u00fas\u00edtv\u00e1nyokat \u00e9s kiv\u00e9teles \u00e9rt\u00e9kes\u00edt\u00e9s ut\u00e1ni t\u00e1mogat\u00e1st is k\u00edn\u00e1l, amelyek lehet\u0151v\u00e9 teszik sz\u00e1munkra, hogy kit\u0171nj\u00fcnk az ipar\u00e1gban. Az \u00fcgyf\u00e9l-el\u00e9gedetts\u00e9get helyezz\u00fck el\u0151t\u00e9rbe, \u00e9s arra t\u00f6reksz\u00fcnk, hogy meg\u0151rizz\u00fck megb\u00edzhat\u00f3 partner st\u00e1tuszunkat a hidraulikus megold\u00e1sok ter\u00e9n.<\/p>\n<p><img decoding=\"async\" src=\"https:\/\/www.hydraulic-cylinders.net\/wp-content\/uploads\/2025\/04\/songte-company-4.webp\" alt=\"C\u00e9ginform\u00e1ci\u00f3\" \/><br \/>\n<img decoding=\"async\" src=\"https:\/\/www.hydraulic-cylinders.net\/wp-content\/uploads\/2025\/04\/songte-company-3.webp\" alt=\"Hidraulikus henger gy\u00e1rt\u00e1sa\" \/><\/p>\n<p>Szerz\u0151: lyl<\/p>","protected":false},"excerpt":{"rendered":"<p>Boom Cylinder For Hengte Wheel Excavator HTL85-8 Introduction to the Boom Cylinder The Boom Cylinder is an essential hydraulic component found in heavy machinery, particularly in excavators, backhoe loaders, and front loaders. It is designed to control the movement of the bucket, allowing it to lift, lower, and tilt for efficient material handling tasks. This [&hellip;]<\/p>","protected":false},"featured_media":17869,"comment_status":"open","ping_status":"closed","template":"","meta":{"_et_pb_use_builder":"","_et_pb_old_content":"","_et_gb_content_width":""},"product_brand":[],"product_cat":[1546],"product_tag":[1547,1496],"class_list":{"0":"post-19711","1":"product","2":"type-product","3":"status-publish","4":"has-post-thumbnail","6":"product_cat-boom-cylinders","7":"product_tag-boom-cylinders","8":"product_tag-hydraulic-cylinders","10":"first","11":"instock","12":"shipping-taxable","13":"product-type-simple"},"amp_enabled":true,"_links":{"self":[{"href":"https:\/\/www.hydraulic-cylinders.net\/hu\/wp-json\/wp\/v2\/product\/19711","targetHints":{"allow":["GET"]}}],"collection":[{"href":"https:\/\/www.hydraulic-cylinders.net\/hu\/wp-json\/wp\/v2\/product"}],"about":[{"href":"https:\/\/www.hydraulic-cylinders.net\/hu\/wp-json\/wp\/v2\/types\/product"}],"replies":[{"embeddable":true,"href":"https:\/\/www.hydraulic-cylinders.net\/hu\/wp-json\/wp\/v2\/comments?post=19711"}],"wp:featuredmedia":[{"embeddable":true,"href":"https:\/\/www.hydraulic-cylinders.net\/hu\/wp-json\/wp\/v2\/media\/17869"}],"wp:attachment":[{"href":"https:\/\/www.hydraulic-cylinders.net\/hu\/wp-json\/wp\/v2\/media?parent=19711"}],"wp:term":[{"taxonomy":"product_brand","embeddable":true,"href":"https:\/\/www.hydraulic-cylinders.net\/hu\/wp-json\/wp\/v2\/product_brand?post=19711"},{"taxonomy":"product_cat","embeddable":true,"href":"https:\/\/www.hydraulic-cylinders.net\/hu\/wp-json\/wp\/v2\/product_cat?post=19711"},{"taxonomy":"product_tag","embeddable":true,"href":"https:\/\/www.hydraulic-cylinders.net\/hu\/wp-json\/wp\/v2\/product_tag?post=19711"}],"curies":[{"name":"munkaf\u00fczet","href":"https:\/\/api.w.org\/{rel}","templated":true}]}}