{"id":19712,"date":"2025-04-07T07:03:16","date_gmt":"2025-04-07T07:03:16","guid":{"rendered":"https:\/\/www.hydraulic-cylinders.net\/product\/boom-cylinder-for-hengte-wheel-excavator-htl90\/"},"modified":"2025-04-07T07:03:19","modified_gmt":"2025-04-07T07:03:19","slug":"boom-cylinder-for-hengte-wheel-excavator-htl90","status":"publish","type":"product","link":"https:\/\/www.hydraulic-cylinders.net\/hu\/termek\/boom-cylinder-for-hengte-wheel-excavator-htl90\/","title":{"rendered":"G\u00e9mhenger Hengte kerekes kotr\u00f3g\u00e9phez HTL90"},"content":{"rendered":"<h1>G\u00e9mhenger Hengte kerekes kotr\u00f3g\u00e9phez HTL90<\/h1>\n<h2>A g\u00e9mhenger \u00e1ttekint\u00e9se<\/h2>\n<p>A g\u00e9mhenger egy kulcsfontoss\u00e1g\u00fa hidraulikus alkatr\u00e9sz, amelyet kifejezetten a Hengte HTL90 kerekes kotr\u00f3g\u00e9phez terveztek. Ez a t\u00edpus\u00fa hidraulikus henger l\u00e9tfontoss\u00e1g\u00fa szerepet j\u00e1tszik a kotr\u00f3g\u00e9p g\u00e9mj\u00e9nek mozg\u00e1s\u00e1nak szab\u00e1lyoz\u00e1s\u00e1ban. A g\u00e9m emel\u00e9s\u00e9nek, s\u00fcllyeszt\u00e9s\u00e9nek \u00e9s billent\u00e9s\u00e9nek megk\u00f6nny\u00edt\u00e9s\u00e9vel jelent\u0151sen n\u00f6veli az anyagmozgat\u00e1si feladatok hat\u00e9konys\u00e1g\u00e1t. A g\u00e9mhenger hidraulikus nyom\u00e1son m\u0171k\u00f6dik, lehet\u0151v\u00e9 t\u00e9ve a sima \u00e9s \u00e9rz\u00e9keny mozg\u00e1sokat, amelyek elengedhetetlenek a k\u00fcl\u00f6nf\u00e9le neh\u00e9zg\u00e9p\u00e9szeti alkalmaz\u00e1sokban.<\/p>\n<p><img decoding=\"async\" src=\"https:\/\/www.hydraulic-cylinders.net\/wp-content\/uploads\/2025\/04\/songte-company-1.webp\" alt=\"G\u00e9mhenger k\u00e9pe\" \/><\/p>\n<h2>A g\u00e9mhenger f\u0151bb jellemz\u0151i<\/h2>\n<ul>\n<li>\n<h3>Nagy szil\u00e1rds\u00e1g \u00e9s tart\u00f3ss\u00e1g<\/h3>\n<p>Nagy szil\u00e1rds\u00e1g\u00fa ac\u00e9lb\u00f3l vagy alum\u00edniumb\u00f3l k\u00e9sz\u00fcltek, ezek a hengerek nagy nyom\u00e1snak \u00e9s neh\u00e9z terhel\u00e9seknek vannak kit\u00e9ve. \u00dagy tervezt\u00e9k \u0151ket, hogy optim\u00e1lisan teljes\u00edtsenek zord munkak\u00f6rnyezetben, kop\u00e1s\u00e1ll\u00f3s\u00e1ggal \u00e9s korr\u00f3zi\u00f3v\u00e9delemmel ell\u00e1tva \u00e9lettartamuk meghosszabb\u00edt\u00e1sa \u00e9rdek\u00e9ben.<\/p>\n<\/li>\n<li>\n<h3>Hat\u00e9kony hidraulikus m\u0171k\u00f6dtet\u00e9s<\/h3>\n<p>A g\u00e9mhenger hidraulikaolaj-nyom\u00e1st haszn\u00e1l a sima kitol\u00e1si \u00e9s visszah\u00faz\u00e1si mozg\u00e1sok el\u00e9r\u00e9s\u00e9hez. Ez a gyors reag\u00e1l\u00e1s a vez\u00e9rl\u0151parancsokra robusztus tol\u00f3- \u00e9s h\u00faz\u00f3er\u0151t biztos\u00edt, \u00edgy ide\u00e1lis neh\u00e9z \u00e9s \u00f6sszetett feladatok kezel\u00e9s\u00e9hez.<\/p>\n<\/li>\n<li>\n<h3>K\u00fcl\u00f6nb\u00f6z\u0151 t\u00edpusok el\u00e9rhet\u0151k<\/h3>\n<p>Az \u00fcgyfelek v\u00e1laszthatnak az egyir\u00e1ny\u00fa egyszeres m\u0171k\u00f6d\u00e9s\u0171 hengerek vagy a mindk\u00e9t ir\u00e1nyban m\u0171k\u00f6d\u0151 kett\u0151s m\u0171k\u00f6d\u00e9s\u0171 hengerek k\u00f6z\u00fcl. Egyes modellek teleszk\u00f3posak, \u00edgy nagyobb hat\u00f3t\u00e1vols\u00e1got biztos\u00edtanak a k\u00fcls\u0151 m\u00e9retek n\u00f6vel\u00e9se n\u00e9lk\u00fcl, \u00edgy alkalmasak korl\u00e1tozott helyig\u00e9ny\u0171 alkalmaz\u00e1sokhoz.<\/p>\n<\/li>\n<\/ul>\n<h2>Gy\u00e1rt\u00e1si k\u00e9pess\u00e9gek<\/h2>\n<p>B\u00fcszk\u00e9n gy\u00e1rtjuk ezt a term\u00e9ket, olyan hidraulikus hengereket k\u00edn\u00e1lva, amelyek t\u00f6k\u00e9letesen helyettes\u00edtik a megl\u00e9v\u0151 modelleket. A min\u0151s\u00e9g \u00e9s a teljes\u00edtm\u00e9ny ir\u00e1nti elk\u00f6telezetts\u00e9g\u00fcnk biztos\u00edtja, hogy hengereink megfeleljenek a legmagasabb kiv\u00e1l\u00f3s\u00e1gi szabv\u00e1nyoknak.<\/p>\n<p><img decoding=\"async\" src=\"https:\/\/www.hydraulic-cylinders.net\/wp-content\/uploads\/2025\/04\/songte-cylinder-head-with-all-kinds-excavator-models.webp\" alt=\"Kotr\u00f3g\u00e9p modellek\" \/><\/p>\n<h2>A g\u00e9mhenger alkalmaz\u00e1sai<\/h2>\n<ul>\n<li>\n<h3>\u00c9p\u00edt\u0151ipari berendez\u00e9sek<\/h3>\n<p>Kotr\u00f3g\u00e9pekben a g\u00e9mhenger elengedhetetlen az \u00e1s\u00e1shoz, a f\u00f6ld vagy t\u00f6rmel\u00e9k rakod\u00e1s\u00e1hoz \u00e9s mozgat\u00e1s\u00e1hoz. Kotr\u00f3g\u00e9pekben seg\u00edti mind a f\u00f6ldmunk\u00e1k, mind az emel\u00e9si feladatok elv\u00e9gz\u00e9s\u00e9t, \u00edgy sokoldal\u00fa elemm\u00e9 v\u00e1lik az \u00e9p\u00edt\u0151ipari m\u0171veletekben.<\/p>\n<\/li>\n<li>\n<h3>Mez\u0151gazdas\u00e1gi g\u00e9pek<\/h3>\n<p>A homlokrakod\u00f3kn\u00e1l a g\u00e9mhengert talaj, sz\u00e9na \u00e9s egy\u00e9b anyagok mer\u00e9s\u00e9re, emel\u00e9s\u00e9re \u00e9s sz\u00e1ll\u00edt\u00e1s\u00e1ra haszn\u00e1lj\u00e1k. Jav\u00edtja a mez\u0151gazdas\u00e1gi berendez\u00e9sek funkcionalit\u00e1s\u00e1t, hozz\u00e1j\u00e1rulva a hat\u00e9kony mez\u0151gazdas\u00e1gi m\u0171veletekhez.<\/p>\n<\/li>\n<li>\n<h3>Kotr\u00f3g\u00e9pek<\/h3>\n<p>A g\u00e9mhenger lehet\u0151v\u00e9 teszi, hogy a kan\u00e1l hat\u00e9konyan hatoljon be a talajba, megk\u00f6nny\u00edtve az \u00e1s\u00e1si m\u0171veleteket, amelyek l\u00e9tfontoss\u00e1g\u00faak a f\u00f6ldmunk\u00e1k sor\u00e1n. Robusztus kialak\u00edt\u00e1sa megb\u00edzhat\u00f3 teljes\u00edtm\u00e9nyt biztos\u00edt ig\u00e9nyes k\u00f6rnyezetben.<\/p>\n<\/li>\n<li>\n<h3>Rakod\u00f3k<\/h3>\n<p>A homlokrakod\u00f3kn\u00e1l a g\u00e9mhenger seg\u00edti a rakom\u00e1nyok hat\u00e9kony emel\u00e9s\u00e9t \u00e9s \u00fcr\u00edt\u00e9s\u00e9t. Ez a k\u00e9pess\u00e9g elengedhetetlen a k\u00fcl\u00f6nf\u00e9le ipar\u00e1gakban v\u00e9gzett anyagmozgat\u00e1si feladatokhoz, n\u00f6velve a termel\u00e9kenys\u00e9get \u00e9s a hat\u00e9konys\u00e1got.<\/p>\n<\/li>\n<\/ul>\n<h2>Tervez\u00e9si szempontok \u00e9s kiv\u00e1laszt\u00e1si krit\u00e9riumok<\/h2>\n<ul>\n<li>\n<h3>Teherb\u00edr\u00e1s<\/h3>\n<p>A g\u00e9mhenger kiv\u00e1laszt\u00e1sakor az egyik els\u0151dleges szempont a teherb\u00edr\u00e1sa. A hengernek k\u00e9pesnek kell lennie a m\u0171k\u00f6d\u00e9s sor\u00e1n v\u00e1rhat\u00f3 maxim\u00e1lis terhel\u00e9s kezel\u00e9s\u00e9re. A megfelel\u0151en m\u00e9retezett henger biztos\u00edtja a biztons\u00e1got \u00e9s megakad\u00e1lyozza a t\u00falterhel\u00e9s miatti id\u0151 el\u0151tti meghib\u00e1sod\u00e1st.<\/p>\n<\/li>\n<li>\n<h3>T\u00f6m\u00edt\u00e9si teljes\u00edtm\u00e9ny<\/h3>\n<p>A hat\u00e9kony t\u00f6m\u00edt\u00e9s elengedhetetlen a hidraulikus folyad\u00e9k sziv\u00e1rg\u00e1s\u00e1nak megakad\u00e1lyoz\u00e1s\u00e1hoz \u00e9s a henger hat\u00e9kony m\u0171k\u00f6d\u00e9s\u00e9nek biztos\u00edt\u00e1s\u00e1hoz. A poliuret\u00e1nb\u00f3l \u00e9s nitrilgumib\u00f3l k\u00e9sz\u00fclt kiv\u00e1l\u00f3 min\u0151s\u00e9g\u0171 t\u00f6m\u00edt\u00e9sek elengedhetetlenek a hidraulikus nyom\u00e1s fenntart\u00e1s\u00e1hoz \u00e9s a hossz\u00fa \u00e9lettartamhoz.<\/p>\n<\/li>\n<li>\n<h3>Tart\u00f3ss\u00e1g<\/h3>\n<p>A g\u00e9mhenger alkatr\u00e9szeinek \u00e1lland\u00f3 ig\u00e9nybev\u00e9telt \u00e9s zord k\u00f6r\u00fclm\u00e9nyeket kell elviselni\u00fck. Ez\u00e9rt az anyagokat gondosan kell kiv\u00e1lasztani a nagy kop\u00e1s\u00e1ll\u00f3s\u00e1g \u00e9s korr\u00f3zi\u00f3v\u00e9delem biztos\u00edt\u00e1sa \u00e9rdek\u00e9ben, hozz\u00e1j\u00e1rulva a henger \u00e1ltal\u00e1nos tart\u00f3ss\u00e1g\u00e1hoz.<\/p>\n<\/li>\n<li>\n<h3>Biztons\u00e1gi funkci\u00f3k<\/h3>\n<p>A biztons\u00e1gi funkci\u00f3k, p\u00e9ld\u00e1ul a nyom\u00e1scs\u00f6kkent\u0151 szelepek \u00e9s a t\u00falterhel\u00e9s elleni v\u00e9delem be\u00e9p\u00edt\u00e9se elengedhetetlen a balesetek megel\u0151z\u00e9se \u00e9s a biztons\u00e1gos \u00fczemeltet\u00e9s biztos\u00edt\u00e1sa \u00e9rdek\u00e9ben. A hidraulikus rendszerekre vonatkoz\u00f3 biztons\u00e1gi szabv\u00e1nyok ismerete elengedhetetlen a megfelel\u0151 hengerek kiv\u00e1laszt\u00e1s\u00e1hoz.<\/p>\n<\/li>\n<li>\n<h3>Karbantart\u00e1si hozz\u00e1f\u00e9rhet\u0151s\u00e9g<\/h3>\n<p>A henger k\u00f6nny\u0171 karbantart\u00e1s\u00e1nak megtervez\u00e9se kulcsfontoss\u00e1g\u00fa a hossz\u00fa t\u00e1v\u00fa teljes\u00edtm\u00e9ny biztos\u00edt\u00e1sa \u00e9rdek\u00e9ben. Az alkatr\u00e9szeknek hozz\u00e1f\u00e9rhet\u0151nek kell lenni\u00fck ellen\u0151rz\u00e9s, ken\u00e9s \u00e9s csere c\u00e9lj\u00e1b\u00f3l, ez\u00e1ltal minimaliz\u00e1lva az \u00e1ll\u00e1sid\u0151t \u00e9s biztos\u00edtva a hat\u00e9kony m\u0171k\u00f6d\u00e9st.<\/p>\n<\/li>\n<\/ul>\n<p><img decoding=\"async\" src=\"https:\/\/www.hydraulic-cylinders.net\/wp-content\/uploads\/2025\/04\/songte-oil-pipes-and-spare-parts.webp\" alt=\"Hidraulikus alkatr\u00e9szek\" \/><\/p>\n<h2>A hidraulikus henger t\u00f6m\u00edt\u00e9se \u00e9s ken\u00e9se<\/h2>\n<p>Az optim\u00e1lis teljes\u00edtm\u00e9ny biztos\u00edt\u00e1sa \u00e9rdek\u00e9ben k\u00fcl\u00f6nf\u00e9le t\u00f6m\u00edt\u0151elemeket haszn\u00e1lnak, bele\u00e9rtve a dugatty\u00fat\u00f6m\u00edt\u00e9seket \u00e9s a r\u00fadt\u00f6m\u00edt\u00e9seket. A t\u00f6m\u00edt\u00e9sek jellemz\u0151en tart\u00f3s anyagokb\u00f3l, p\u00e9ld\u00e1ul poliuret\u00e1nb\u00f3l \u00e9s nitrilgumib\u00f3l k\u00e9sz\u00fclnek, amelyek ellen\u00e1llnak a kop\u00e1snak. A hengertest \u00e9s a menetes v\u00e9gek prec\u00edzi\u00f3s megmunk\u00e1l\u00e1son esnek \u00e1t a kop\u00e1s\u00e1ll\u00f3s\u00e1g n\u00f6vel\u00e9se \u00e9rdek\u00e9ben. A megfelel\u0151 mennyis\u00e9g\u0171 hidraulikaolajjal t\u00f6rt\u00e9n\u0151 rendszeres ken\u00e9s elengedhetetlen a s\u00farl\u00f3d\u00e1s minimaliz\u00e1l\u00e1sa \u00e9s az id\u0151 el\u0151tti kop\u00e1s megel\u0151z\u00e9se \u00e9rdek\u00e9ben, biztos\u00edtva a henger z\u00f6kken\u0151mentes m\u0171k\u00f6d\u00e9s\u00e9t az id\u0151 m\u00fal\u00e1s\u00e1val.<\/p>\n<h2>Megel\u0151z\u0151 karbantart\u00e1si int\u00e9zked\u00e9sek<\/h2>\n<ul>\n<li>\n<h3>Rendszeres ellen\u0151rz\u00e9sek<\/h3>\n<p>A g\u00e9mhenger rendszeres ellen\u0151rz\u00e9se seg\u00edt a kop\u00e1s, sziv\u00e1rg\u00e1sok vagy egy\u00e9b probl\u00e9m\u00e1k korai azonos\u00edt\u00e1s\u00e1ban. A hidraulikafolyad\u00e9k-sziv\u00e1rg\u00e1sok, a t\u00f6m\u00edt\u00e9sek kop\u00e1s\u00e1nak \u00e9s a henger \u00e1ltal\u00e1nos \u00e1llapot\u00e1nak vizu\u00e1lis ellen\u0151rz\u00e9se alapvet\u0151 megel\u0151z\u0151 int\u00e9zked\u00e9s.<\/p>\n<\/li>\n<li>\n<h3>Megfelel\u0151 ken\u00e9s<\/h3>\n<p>A megfelel\u0151 ken\u00e9si szint fenntart\u00e1sa kulcsfontoss\u00e1g\u00fa a henger hossz\u00fa \u00e9lettartama szempontj\u00e1b\u00f3l. Rendszeresen ellen\u0151rizze \u00e9s t\u00f6ltse fel a hidraulikaolajat, hogy biztos\u00edtsa a t\u00f6m\u00edt\u00e9sek \u00e9s a mozg\u00f3 alkatr\u00e9szek megfelel\u0151 ken\u00e9s\u00e9t, cs\u00f6kkentve a kop\u00e1st \u00e9s jav\u00edtva a teljes\u00edtm\u00e9nyt.<\/p>\n<\/li>\n<li>\n<h3>T\u00f6m\u00edt\u00e9s csere<\/h3>\n<p>A t\u00f6m\u00edt\u00e9seket a gy\u00e1rt\u00f3 aj\u00e1nl\u00e1sainak megfelel\u0151en, vagy kop\u00e1s \u00e9szlel\u00e9sekor kell cser\u00e9lni. A megfelel\u0151en m\u0171k\u00f6d\u0151 t\u00f6m\u00edt\u00e9sek elengedhetetlenek a hidraulikus nyom\u00e1s fenntart\u00e1s\u00e1hoz \u00e9s a folyad\u00e9ksziv\u00e1rg\u00e1s megakad\u00e1lyoz\u00e1s\u00e1hoz.<\/p>\n<\/li>\n<\/ul>\n<h2>Telep\u00edt\u00e9si \u00fatmutat\u00f3<\/h2>\n<p>A g\u00e9mhenger megfelel\u0151 beszerel\u00e9se elengedhetetlen az optim\u00e1lis teljes\u00edtm\u00e9nyhez. Kezdje azzal, hogy megbizonyosodik arr\u00f3l, hogy a r\u00f6gz\u00edt\u0151fel\u00fcletek tiszt\u00e1k \u00e9s t\u00f6rmel\u00e9kmentesek. Gondosan igaz\u00edtsa a hengert a r\u00f6gz\u00edt\u00e9si pontokhoz, a megfelel\u0151 konzolok seg\u00edts\u00e9g\u00e9vel r\u00f6gz\u00edtve. A henger t\u00falzott terhel\u00e9s\u00e9nek elker\u00fcl\u00e9se \u00e9rdek\u00e9ben a beszerel\u00e9s sor\u00e1n elengedhetetlen a megfelel\u0151 be\u00e1ll\u00edt\u00e1s fenntart\u00e1sa. A beszerel\u00e9s ut\u00e1n ellen\u0151rizze a hidraulikus csatlakoz\u00e1sok sziv\u00e1rg\u00e1s\u00e1t, \u00e9s gy\u0151z\u0151dj\u00f6n meg arr\u00f3l, hogy a rendszer a megfelel\u0151 t\u00edpus\u00fa \u00e9s mennyis\u00e9g\u0171 hidraulikafolyad\u00e9kkal van felt\u00f6ltve, miel\u0151tt teszteln\u00e9 a g\u00e9mhenger m\u0171k\u00f6d\u00e9s\u00e9t.<\/p>\n<h2>Gyakori karbantart\u00e1si feladatok<\/h2>\n<ul>\n<li>\n<h3>Rendszeresen ellen\u0151rizze a hidraulikafolyad\u00e9k szintj\u00e9t<\/h3>\n<p>A hengerek optim\u00e1lis m\u0171k\u00f6d\u00e9s\u00e9hez elengedhetetlen a megfelel\u0151 hidraulikafolyad\u00e9k-szint ellen\u0151rz\u00e9se \u00e9s fenntart\u00e1sa. Az alacsony folyad\u00e9kszint cs\u00f6kkent m\u0171k\u00f6d\u00e9si hat\u00e9konys\u00e1ghoz \u00e9s potenci\u00e1lis k\u00e1rosod\u00e1shoz vezethet. Mindig az aj\u00e1nlott folyad\u00e9kt\u00edpussal t\u00f6ltse fel, \u00e9s tartsa be a karbantart\u00e1si \u00fctemterveket.<\/p>\n<\/li>\n<li>\n<h3>Megfelel\u0151 ken\u00e9s<\/h3>\n<p>A ken\u00e9s biztos\u00edtja a z\u00f6kken\u0151mentes m\u0171k\u00f6d\u00e9st \u00e9s meghosszabb\u00edtja a g\u00e9mhenger \u00e9lettartam\u00e1t. Haszn\u00e1lja a megadott hidraulikaolajat, \u00e9s k\u00f6vesse a gy\u00e1rt\u00f3 utas\u00edt\u00e1sait a ken\u00e9si intervallumokkal kapcsolatban. A megfelel\u0151 ken\u00e9s cs\u00f6kkenti a s\u00farl\u00f3d\u00e1st \u00e9s a kop\u00e1st, ez\u00e1ltal jav\u00edtja a teljes\u00edtm\u00e9nyt.<\/p>\n<\/li>\n<li>\n<h3>T\u00f6m\u00edt\u00e9scsere \u00e9s kalibr\u00e1l\u00e1s ellen\u0151rz\u00e9se<\/h3>\n<p>Rendszeresen ellen\u0151rizze a t\u00f6m\u00edt\u00e9sek kop\u00e1s\u00e1t, \u00e9s sz\u00fcks\u00e9g szerint cser\u00e9lje ki \u0151ket a hidraulikafolyad\u00e9k sziv\u00e1rg\u00e1s\u00e1nak megel\u0151z\u00e9se \u00e9rdek\u00e9ben. A kalibr\u00e1ci\u00f3s ellen\u0151rz\u00e9sek biztos\u00edtj\u00e1k, hogy a henger megfelel\u0151en m\u0171k\u00f6dj\u00f6n \u00e9s megfeleljen az \u00fczemi el\u0151\u00edr\u00e1soknak. Ezen feladatok id\u0151ben t\u00f6rt\u00e9n\u0151 elv\u00e9gz\u00e9se megel\u0151zheti a k\u00e9s\u0151bbi nagyobb probl\u00e9m\u00e1kat.<\/p>\n<\/li>\n<\/ul>\n<p><img decoding=\"async\" src=\"https:\/\/www.hydraulic-cylinders.net\/wp-content\/uploads\/2025\/04\/songte-chushion-collar.webp\" alt=\"P\u00e1rna gall\u00e9r\" \/><\/p>\n<h2>Biztons\u00e1gi szempontok \u00e9s k\u00f6rnyezeti t\u00e9nyez\u0151k<\/h2>\n<p>A biztons\u00e1gi int\u00e9zked\u00e9sek kiemelked\u0151en fontosak a hidraulikus alkatr\u00e9szek, p\u00e9ld\u00e1ul a g\u00e9mhenger haszn\u00e1latakor. A kezel\u0151ket a balesetek kock\u00e1zat\u00e1nak minimaliz\u00e1l\u00e1sa \u00e9rdek\u00e9ben ki kell k\u00e9pezni a biztons\u00e1gos kezel\u00e9si gyakorlatokra. A rendszeres karbantart\u00e1s \u00e9s ellen\u0151rz\u00e9sek seg\u00edtenek megel\u0151zni a vesz\u00e9lyes helyzetekhez vezet\u0151 meghib\u00e1sod\u00e1sokat. Ezenk\u00edv\u00fcl a k\u00f6rnyezeti t\u00e9nyez\u0151k, mint p\u00e9ld\u00e1ul a sz\u00e9ls\u0151s\u00e9ges h\u0151m\u00e9rs\u00e9kletek \u00e9s a korroz\u00edv anyagoknak val\u00f3 kitetts\u00e9g, befoly\u00e1solhatj\u00e1k a henger teljes\u00edtm\u00e9ny\u00e9t, ami sz\u00fcks\u00e9gess\u00e9 teszi a megfelel\u0151 anyagv\u00e1laszt\u00e1st \u00e9s a v\u00e9d\u0151bevonatokat a tart\u00f3ss\u00e1g n\u00f6vel\u00e9se \u00e9rdek\u00e9ben.<\/p>\n<h2>Hibaelh\u00e1r\u00edt\u00e1s \u00e9s gyakori probl\u00e9m\u00e1k<\/h2>\n<ul>\n<li>\n<h3>Sziv\u00e1rg\u00e1si probl\u00e9m\u00e1k<\/h3>\n<p>A sziv\u00e1rg\u00e1s gyakori probl\u00e9ma, amely a kopott t\u00f6m\u00edt\u00e9sek vagy a laza illeszt\u00e9sek miatt fordulhat el\u0151. A rendszeres ellen\u0151rz\u00e9s \u00e9s a t\u00f6m\u00edt\u00e9sek id\u0151ben t\u00f6rt\u00e9n\u0151 cser\u00e9je enyh\u00edtheti ezt a probl\u00e9m\u00e1t. Sziv\u00e1rg\u00e1s eset\u00e9n azonos\u00edtsa a forr\u00e1st, \u00e9s azonnal foglalkozzon vele, hogy megel\u0151zze a hidraulikafolyad\u00e9k-vesztes\u00e9get.<\/p>\n<\/li>\n<li>\n<h3>Lass\u00fa m\u0171k\u00f6d\u00e9s<\/h3>\n<p>Ha a g\u00e9m munkahengere lassan m\u0171k\u00f6dik, az alacsony hidraulikafolyad\u00e9k-szintre vagy a rendszerben l\u00e9v\u0151 leveg\u0151re utalhat. Ellen\u0151rizze a folyad\u00e9kszintet, \u00e9s l\u00e9gtelen\u00edtse a rendszert a l\u00e9gbubor\u00e9kok elt\u00e1vol\u00edt\u00e1sa \u00e9rdek\u00e9ben, biztos\u00edtva a hat\u00e9kony m\u0171k\u00f6d\u00e9st.<\/p>\n<\/li>\n<li>\n<h3>Hatalmi vesztes\u00e9g<\/h3>\n<p>A g\u00e9mhenger teljes\u00edtm\u00e9nykies\u00e9s\u00e9t sz\u00e1mos t\u00e9nyez\u0151 okozhatja, bele\u00e9rtve a hidraulikus vezet\u00e9kek elt\u00f6m\u0151d\u00e9s\u00e9t vagy a hib\u00e1san m\u0171k\u00f6d\u0151 szelepeket. Ellen\u0151rizze a hidraulikus rendszert elt\u00f6m\u0151d\u00e9sek szempontj\u00e1b\u00f3l, \u00e9s gy\u0151z\u0151dj\u00f6n meg arr\u00f3l, hogy minden alkatr\u00e9sz megfelel\u0151en m\u0171k\u00f6dik.<\/p>\n<\/li>\n<\/ul>\n<p><img decoding=\"async\" src=\"https:\/\/www.hydraulic-cylinders.net\/wp-content\/uploads\/2025\/04\/songte-bushings-with-all-kinds-of-excavator-models.webp\" alt=\"Kotr\u00f3g\u00e9pek perselyei\" \/><\/p>\n<h2>Hibaelh\u00e1r\u00edt\u00e1si tippek<\/h2>\n<p>Ahhoz, hogy a felhaszn\u00e1l\u00f3k hat\u00e9konyan diagnosztiz\u00e1lhass\u00e1k \u00e9s megoldhass\u00e1k a g\u00e9mhengerrel kapcsolatos probl\u00e9m\u00e1kat, elengedhetetlen egy karbantart\u00e1si rutin kialak\u00edt\u00e1sa. A rendszeres ellen\u0151rz\u00e9sek seg\u00edthetnek a potenci\u00e1lis probl\u00e9m\u00e1k korai azonos\u00edt\u00e1s\u00e1ban. A karbantart\u00e1si tev\u00e9kenys\u00e9gek \u00e9s a teljes\u00edtm\u00e9nybeli rendelleness\u00e9gek napl\u00f3z\u00e1sa seg\u00edthet a probl\u00e9m\u00e1k diagnosztiz\u00e1l\u00e1s\u00e1ban. Ezenk\u00edv\u00fcl a tartal\u00e9k alkatr\u00e9szek k\u00e9zn\u00e9l tart\u00e1sa felgyors\u00edthatja a jav\u00edt\u00e1sokat \u00e9s minimaliz\u00e1lhatja az \u00e1ll\u00e1sid\u0151t. A megel\u0151z\u0151 int\u00e9zked\u00e9sek, mint p\u00e9ld\u00e1ul a megfelel\u0151 ken\u00e9s \u00e9s a rendszeres ellen\u0151rz\u00e9sek, jelent\u0151sen cs\u00f6kkenthetik a j\u00f6v\u0151beni nagyobb probl\u00e9m\u00e1k el\u0151fordul\u00e1s\u00e1nak val\u00f3sz\u00edn\u0171s\u00e9g\u00e9t.<\/p>\n<h2>C\u00e9g\u00fcnkr\u0151l<\/h2>\n<p>Vezet\u0151 gy\u00e1rt\u00f3i vagyunk a p\u00f3talkatr\u00e9szk\u00e9nt haszn\u00e1lhat\u00f3 hidraulikus munkahengerek ter\u00e9n, \u00e1tfog\u00f3 term\u00e9kv\u00e1laszt\u00e9kot k\u00edn\u00e1lva, amely mind a hazai, mind a nemzetk\u00f6zi piaci ig\u00e9nyeket kiel\u00e9g\u00edti. A kiv\u00e1l\u00f3s\u00e1g ir\u00e1nti elk\u00f6telezetts\u00e9g\u00fcnket kifinomult gy\u00e1rt\u00e1si folyamataink t\u00fckr\u00f6zik, amelyekben a legmodernebb technol\u00f3gi\u00e1t \u00e9s k\u00e9pzett szem\u00e9lyzetet alkalmazunk a term\u00e9kmin\u0151s\u00e9g jav\u00edt\u00e1sa \u00e9rdek\u00e9ben. Folyamatosan finom\u00edtjuk termel\u00e9si strat\u00e9gi\u00e1inkat a magas hat\u00e9konys\u00e1g \u00e9s pontoss\u00e1g biztos\u00edt\u00e1sa \u00e9rdek\u00e9ben, \u00fcgyfeleink sokr\u00e9t\u0171 ig\u00e9nyeit kiel\u00e9g\u00edtve.<\/p>\n<p><img decoding=\"async\" src=\"https:\/\/www.hydraulic-cylinders.net\/wp-content\/uploads\/2025\/04\/songte-company-4.webp\" alt=\"C\u00e9gk\u00e9p 1\" \/><br \/>\n<img decoding=\"async\" src=\"https:\/\/www.hydraulic-cylinders.net\/wp-content\/uploads\/2025\/04\/songte-company-3.webp\" alt=\"C\u00e9gk\u00e9p 2\" \/><\/p>\n<p>Professzion\u00e1lis csapatunk elk\u00f6telezett a nemzetk\u00f6zi tan\u00fas\u00edtv\u00e1nyok, a szem\u00e9lyre szabott szolg\u00e1ltat\u00e1sok \u00e9s a robusztus \u00e9rt\u00e9kes\u00edt\u00e9s ut\u00e1ni t\u00e1mogat\u00e1s biztos\u00edt\u00e1sa ir\u00e1nt. Sz\u00e9les gy\u00e1rt\u00f3berendez\u00e9ssel rendelkez\u00fcnk, hogy hat\u00e9konyan megfelelhess\u00fcnk b\u00e1rmilyen speci\u00e1lis gy\u00e1rt\u00e1si k\u00f6vetelm\u00e9nynek.<\/p>\n<p>Szerz\u0151: lyl<\/p>","protected":false},"excerpt":{"rendered":"<p>Boom Cylinder For Hengte Wheel Excavator HTL90 Overview of the Boom Cylinder The Boom Cylinder is a crucial hydraulic component specifically designed for the Hengte Wheel Excavator HTL90. This type of hydraulic cylinder plays a vital role in controlling the movement of the excavator&#8217;s boom. By facilitating the boom&#8217;s lifting, lowering, and tilting actions, it [&hellip;]<\/p>","protected":false},"featured_media":17870,"comment_status":"open","ping_status":"closed","template":"","meta":{"_et_pb_use_builder":"","_et_pb_old_content":"","_et_gb_content_width":""},"product_brand":[],"product_cat":[1546],"product_tag":[1547,1496],"class_list":{"0":"post-19712","1":"product","2":"type-product","3":"status-publish","4":"has-post-thumbnail","6":"product_cat-boom-cylinders","7":"product_tag-boom-cylinders","8":"product_tag-hydraulic-cylinders","10":"first","11":"instock","12":"shipping-taxable","13":"product-type-simple"},"amp_enabled":true,"_links":{"self":[{"href":"https:\/\/www.hydraulic-cylinders.net\/hu\/wp-json\/wp\/v2\/product\/19712","targetHints":{"allow":["GET"]}}],"collection":[{"href":"https:\/\/www.hydraulic-cylinders.net\/hu\/wp-json\/wp\/v2\/product"}],"about":[{"href":"https:\/\/www.hydraulic-cylinders.net\/hu\/wp-json\/wp\/v2\/types\/product"}],"replies":[{"embeddable":true,"href":"https:\/\/www.hydraulic-cylinders.net\/hu\/wp-json\/wp\/v2\/comments?post=19712"}],"wp:featuredmedia":[{"embeddable":true,"href":"https:\/\/www.hydraulic-cylinders.net\/hu\/wp-json\/wp\/v2\/media\/17870"}],"wp:attachment":[{"href":"https:\/\/www.hydraulic-cylinders.net\/hu\/wp-json\/wp\/v2\/media?parent=19712"}],"wp:term":[{"taxonomy":"product_brand","embeddable":true,"href":"https:\/\/www.hydraulic-cylinders.net\/hu\/wp-json\/wp\/v2\/product_brand?post=19712"},{"taxonomy":"product_cat","embeddable":true,"href":"https:\/\/www.hydraulic-cylinders.net\/hu\/wp-json\/wp\/v2\/product_cat?post=19712"},{"taxonomy":"product_tag","embeddable":true,"href":"https:\/\/www.hydraulic-cylinders.net\/hu\/wp-json\/wp\/v2\/product_tag?post=19712"}],"curies":[{"name":"munkaf\u00fczet","href":"https:\/\/api.w.org\/{rel}","templated":true}]}}