{"id":19722,"date":"2025-04-07T07:03:54","date_gmt":"2025-04-07T07:03:54","guid":{"rendered":"https:\/\/www.hydraulic-cylinders.net\/product\/boom-cylinder-for-yigong-cy330lc-8\/"},"modified":"2025-04-07T07:03:57","modified_gmt":"2025-04-07T07:03:57","slug":"boom-cylinder-for-yigong-cy330lc-8","status":"publish","type":"product","link":"https:\/\/www.hydraulic-cylinders.net\/hu\/termek\/boom-cylinder-for-yigong-cy330lc-8\/","title":{"rendered":"G\u00e9mhenger Yigong CY330LC-8-hoz"},"content":{"rendered":"<h1>G\u00e9mhenger Yigong CY330LC-8-hoz<\/h1>\n<h2>Term\u00e9k\u00e1ttekint\u00e9s<\/h2>\n<p>A Yigong CY330LC-8 g\u00e9mhengere egy l\u00e9tfontoss\u00e1g\u00fa hidraulikus alkatr\u00e9sz, amelyet kifejezetten a neh\u00e9zg\u00e9pek, p\u00e9ld\u00e1ul kotr\u00f3g\u00e9pek, kotr\u00f3rakod\u00f3k \u00e9s homlokrakod\u00f3k g\u00e9mj\u00e9nek mozg\u00e1s\u00e1nak vez\u00e9rl\u00e9s\u00e9re terveztek. Ez a hidraulikus henger lehet\u0151v\u00e9 teszi a g\u00e9m emel\u00e9s\u00e9t, s\u00fcllyeszt\u00e9s\u00e9t \u00e9s billent\u00e9s\u00e9t, megk\u00f6nny\u00edtve a hat\u00e9kony anyagmozgat\u00e1si feladatokat. Hidraulikus hengerk\u00e9nt nyom\u00e1s alatt \u00e1ll\u00f3 hidraulikafolyad\u00e9kot haszn\u00e1l a line\u00e1ris mozg\u00e1s l\u00e9trehoz\u00e1s\u00e1hoz, ami elengedhetetlen a k\u00fcl\u00f6nf\u00e9le \u00e9p\u00edt\u0151ipari \u00e9s mez\u0151gazdas\u00e1gi g\u00e9pek m\u0171k\u00f6dtet\u00e9s\u00e9hez.<\/p>\n<p><img decoding=\"async\" src=\"https:\/\/www.hydraulic-cylinders.net\/wp-content\/uploads\/2025\/04\/songte-company-1.webp\" alt=\"G\u00e9mhenger k\u00e9pe\"><\/p>\n<h3>Funkci\u00f3k \u00e9s alkalmaz\u00e1sok<\/h3>\n<p>A kan\u00e1lhenger kulcsszerepet j\u00e1tszik a hidraulikus rendszerekben, mivel lehet\u0151v\u00e9 teszi a neh\u00e9zg\u00e9pek mozg\u00e1s\u00e1nak pontos vez\u00e9rl\u00e9s\u00e9t. Az \u00e9p\u00edt\u0151iparban seg\u00edti az \u00e1s\u00e1st, a rakod\u00e1st \u00e9s az anyagok mozgat\u00e1s\u00e1t, biztos\u00edtva a feladatok hat\u00e9kony elv\u00e9gz\u00e9s\u00e9t. A kan\u00e1lhenger kialak\u00edt\u00e1sa megfelel a neh\u00e9zg\u00e9pek magas ig\u00e9nyeinek, \u00edgy n\u00e9lk\u00fcl\u00f6zhetetlen mind az \u00e9p\u00edt\u0151iparban, mind a mez\u0151gazdas\u00e1gban.<\/p>\n<h2>F\u0151bb jellemz\u0151k<\/h2>\n<ul>\n<li><strong>Nagy szil\u00e1rds\u00e1g \u00e9s tart\u00f3ss\u00e1g:<\/strong> A nagy szil\u00e1rds\u00e1g\u00fa ac\u00e9lb\u00f3l vagy alum\u00edniumb\u00f3l k\u00e9sz\u00fclt g\u00e9mhenger \u00fagy van kialak\u00edtva, hogy ellen\u00e1lljon a nagy nyom\u00e1snak \u00e9s a neh\u00e9z terhel\u00e9seknek, \u00edgy alkalmass\u00e1 teszi a zord munkak\u00f6r\u00fclm\u00e9nyekre.<\/li>\n<li><strong>Hat\u00e9kony hidraulikus m\u0171k\u00f6dtet\u00e9s:<\/strong> A hidraulikaolaj nyom\u00e1s\u00e1t kihaszn\u00e1lva ezek a munkahengerek sima kitol\u00e1st \u00e9s visszah\u00faz\u00e1st biztos\u00edtanak, \u00edgy er\u0151teljes tol\u00f3- \u00e9s h\u00faz\u00f3k\u00e9pess\u00e9get biztos\u00edtanak a neh\u00e9z \u00e9s \u00f6sszetett feladatok kezel\u00e9s\u00e9hez.<\/li>\n<li><strong>K\u00fcl\u00f6nb\u00f6z\u0151 t\u00edpusok:<\/strong> Az egyszeres \u00e9s kett\u0151s m\u0171k\u00f6d\u00e9s\u0171 modellekben kaphat\u00f3 g\u00e9mhenger testreszabhat\u00f3 az adott m\u0171k\u00f6d\u00e9si ig\u00e9nyekhez, bele\u00e9rtve a kompakt alkalmaz\u00e1sokhoz sz\u00fcks\u00e9ges teleszk\u00f3pos kialak\u00edt\u00e1sokat is.<\/li>\n<li><strong>Fokozott teljes\u00edtm\u00e9ny:<\/strong> Kop\u00e1s\u00e1ll\u00f3s\u00e1got \u00e9s korr\u00f3zi\u00f3v\u00e9delmet szem el\u0151tt tartva tervezt\u00e9k, meghosszabb\u00edtva a henger \u00e9lettartam\u00e1t.<\/li>\n<li><strong>K\u00f6nny\u0171 karbantart\u00e1s:<\/strong> A kialak\u00edt\u00e1s megk\u00f6nny\u00edti az ellen\u0151rz\u00e9seket \u00e9s jav\u00edt\u00e1sokat, biztos\u00edtva a hossz\u00fa t\u00e1v\u00fa haszn\u00e1lhat\u00f3s\u00e1got \u00e9s megb\u00edzhat\u00f3s\u00e1got.<\/li>\n<\/ul>\n<p>Mi gy\u00e1rtjuk ezt a term\u00e9ket, \u00e9s hengereink t\u00f6k\u00e9letesen helyettes\u00edthetik a megl\u00e9v\u0151 hidraulikus hengereket.<\/p>\n<p><img decoding=\"async\" src=\"https:\/\/www.hydraulic-cylinders.net\/wp-content\/uploads\/2025\/04\/songte-cylinder-head-with-all-kinds-excavator-models.webp\" alt=\"Hengerfej k\u00e9pe\"><\/p>\n<h2>Alkalmaz\u00e1sok<\/h2>\n<h3>\u00c9p\u00edt\u0151ipari berendez\u00e9sek<\/h3>\n<p>A kotr\u00f3g\u00e9pekben a g\u00e9mhenger elengedhetetlen a talaj vagy t\u00f6rmel\u00e9k \u00e1s\u00e1s\u00e1hoz, rakod\u00e1s\u00e1hoz \u00e9s mozgat\u00e1s\u00e1hoz. Nagy emel\u0151erej\u00e9nek k\u00f6sz\u00f6nhet\u0151en a kezel\u0151k hat\u00e9konyan v\u00e9gezhetik el a k\u00fcl\u00f6nf\u00e9le feladatokat. A kotr\u00f3g\u00e9p-rakod\u00f3kban a g\u00e9mhenger nemcsak a f\u00f6ldmunk\u00e1ban seg\u00edt, hanem a neh\u00e9z terhek emel\u00e9s\u00e9ben is, \u00edgy kritikus fontoss\u00e1g\u00fa elem az \u00e9p\u00edt\u00e9si projektekben.<\/p>\n<h3>Mez\u0151gazdas\u00e1gi g\u00e9pek<\/h3>\n<p>A homlokrakod\u00f3k g\u00e9mhengerekre t\u00e1maszkodnak a talaj, sz\u00e9na \u00e9s egy\u00e9b anyagok mer\u00e9s\u00e9hez, emel\u00e9s\u00e9hez \u00e9s sz\u00e1ll\u00edt\u00e1s\u00e1hoz. Ezek a hengerek n\u00f6velik a gazdas\u00e1gok termel\u00e9kenys\u00e9g\u00e9t az\u00e1ltal, hogy lehet\u0151v\u00e9 teszik az \u00f6mlesztett anyagok hat\u00e9kony kezel\u00e9s\u00e9t.<\/p>\n<h3>Kotr\u00f3g\u00e9pek<\/h3>\n<p>Kotr\u00f3g\u00e9pekn\u00e9l a g\u00e9mhenger lehet\u0151v\u00e9 teszi, hogy a kan\u00e1l hat\u00e9konyan hatoljon be a talajba, megk\u00f6nny\u00edtve a m\u00e9ly \u00e1s\u00e1si m\u0171veleteket. Ez a funkci\u00f3 l\u00e9tfontoss\u00e1g\u00fa a k\u00fcl\u00f6nf\u00e9le \u00e9p\u00edt\u00e9si alkalmaz\u00e1sokn\u00e1l, az alapoz\u00e1si munk\u00e1latokt\u00f3l a tereprendez\u00e9sig.<\/p>\n<h3>Rakod\u00f3k<\/h3>\n<p>A homlokrakod\u00f3kban a g\u00e9mhengerek seg\u00edtenek a rakom\u00e1nyok emel\u00e9s\u00e9ben \u00e9s \u00fcr\u00edt\u00e9s\u00e9ben, optimaliz\u00e1lva a helysz\u00edni teljes\u00edtm\u00e9nyt. Megb\u00edzhat\u00f3 m\u0171k\u00f6d\u00e9s\u00fck elengedhetetlen az anyagok gyors \u00e9s hat\u00e9kony kezel\u00e9s\u00e9hez \u00e9p\u00edt\u00e9si \u00e9s tereprendez\u00e9si feladatok sor\u00e1n.<\/p>\n<h2>Tervez\u00e9si szempontok \u00e9s kiv\u00e1laszt\u00e1si krit\u00e9riumok<\/h2>\n<h3>Teherb\u00edr\u00e1s<\/h3>\n<p>A g\u00e9mhenger teherb\u00edr\u00e1sa kiemelked\u0151 fontoss\u00e1g\u00fa. Ez hat\u00e1rozza meg, hogy a henger mekkora s\u00falyt b\u00edr el a biztons\u00e1gi \u00e9s teljes\u00edtm\u00e9nybeli szabv\u00e1nyok betart\u00e1sa mellett. A meghib\u00e1sod\u00e1sok megel\u0151z\u00e9se \u00e9rdek\u00e9ben megfelel\u0151 terhel\u00e9si sz\u00e1m\u00edt\u00e1sokra van sz\u00fcks\u00e9g, biztos\u00edtva, hogy a henger ellen\u00e1lljon a r\u00e1 nehezed\u0151 \u00fczemi ig\u00e9nybev\u00e9telnek a szerkezeti integrit\u00e1s vesz\u00e9lyeztet\u00e9se n\u00e9lk\u00fcl.<\/p>\n<h3>T\u00f6m\u00edt\u00e9si k\u00e9pess\u00e9g<\/h3>\n<p>A hat\u00e9kony t\u00f6m\u00edt\u00e9s elengedhetetlen a hidraulikafolyad\u00e9k sziv\u00e1rg\u00e1s\u00e1nak megakad\u00e1lyoz\u00e1s\u00e1hoz, ami rendszerhib\u00e1khoz vezethet. Kiv\u00e1l\u00f3 min\u0151s\u00e9g\u0171 t\u00f6m\u00edt\u00e9seket kell v\u00e1lasztani, hogy azok ellen\u00e1lljanak az \u00fczem k\u00f6zben fell\u00e9p\u0151 nyom\u00e1snak \u00e9s h\u0151m\u00e9rs\u00e9kletnek. A t\u00f6m\u00edt\u00e9sek rendszeres ellen\u0151rz\u00e9se seg\u00edt fenntartani az optim\u00e1lis teljes\u00edtm\u00e9nyt \u00e9s meghosszabb\u00edtja a henger \u00e9lettartam\u00e1t.<\/p>\n<h3>Tart\u00f3ss\u00e1g<\/h3>\n<p>A tart\u00f3ss\u00e1g elengedhetetlen a zord k\u00f6rnyezetnek kitett hidraulikus hengerek eset\u00e9ben. A kop\u00e1snak \u00e9s korr\u00f3zi\u00f3nak ellen\u00e1ll\u00f3 anyagok \u00e9s fel\u00fcletek kiv\u00e1laszt\u00e1sa n\u00f6veli a henger \u00e9lettartam\u00e1t. A tart\u00f3s kialak\u00edt\u00e1s minimaliz\u00e1lja a gyakori cser\u00e9k \u00e9s karbantart\u00e1s sz\u00fcks\u00e9gess\u00e9g\u00e9t, v\u00e9gs\u0151 soron pedig k\u00f6lts\u00e9geket takar\u00edt meg.<\/p>\n<h3>Biztons\u00e1gi funkci\u00f3k<\/h3>\n<p>A biztons\u00e1gi funkci\u00f3k be\u00e9p\u00edt\u00e9se a g\u00e9mhengerek tervez\u00e9s\u00e9be nem k\u00e9pezheti vita t\u00e1rgy\u00e1t. Ezek a funkci\u00f3k megakad\u00e1lyozz\u00e1k a baleseteket \u00e9s s\u00e9r\u00fcl\u00e9seket m\u0171k\u00f6d\u00e9s k\u00f6zben. A biztons\u00e1gi int\u00e9zked\u00e9sek magukban foglalhatj\u00e1k a be\u00e9p\u00edtett nyom\u00e1scs\u00f6kkent\u0151 szelepeket vagy a robusztus reteszel\u0151 mechanizmusokat, amelyek biztos\u00edtj\u00e1k, hogy a henger terhel\u00e9s alatt is stabil maradjon.<\/p>\n<h3>Karbantarthat\u00f3s\u00e1g<\/h3>\n<p>A g\u00e9mhengerek k\u00f6nny\u0171 karbantart\u00e1s\u00e1t szem el\u0151tt tartva t\u00f6rt\u00e9n\u0151 tervez\u00e9se kritikus fontoss\u00e1g\u00fa. Egy olyan henger, amely lehet\u0151v\u00e9 teszi az egyszer\u0171 ellen\u0151rz\u00e9st, ken\u00e9st \u00e9s alkatr\u00e9szcser\u00e9t, cs\u00f6kkenti az \u00e1ll\u00e1sid\u0151t \u00e9s n\u00f6veli a termel\u00e9kenys\u00e9get. Minden alkatr\u00e9sznek hozz\u00e1f\u00e9rhet\u0151nek kell lennie bonyolult sz\u00e9tszerel\u00e9si folyamatok n\u00e9lk\u00fcl, hogy a karbantart\u00e1si feladatokat hat\u00e9konyan lehessen elv\u00e9gezni.<\/p>\n<p><img decoding=\"async\" src=\"https:\/\/www.hydraulic-cylinders.net\/wp-content\/uploads\/2025\/04\/songte-oil-pipes-and-spare-parts.webp\" alt=\"Hidraulikus alkatr\u00e9szek k\u00e9pe\"><\/p>\n<h2>T\u00f6m\u00edt\u00e9s \u00e9s ken\u00e9s<\/h2>\n<p>A megfelel\u0151 t\u00f6m\u00edt\u00e9s \u00e9s ken\u00e9s elengedhetetlen a g\u00e9mhenger m\u0171k\u00f6d\u00e9s\u00e9hez \u00e9s hossz\u00fa \u00e9lettartam\u00e1hoz. A k\u00fcl\u00f6nf\u00e9le t\u00f6m\u00edt\u0151elemeket, p\u00e9ld\u00e1ul a dugatty\u00fat\u00f6m\u00edt\u00e9seket \u00e9s a r\u00fadt\u00f6m\u00edt\u00e9seket gondosan kell kiv\u00e1lasztani. Az olyan anyagok, mint a poliuret\u00e1n \u00e9s a nitrilgumi, kop\u00e1s\u00e1ll\u00f3s\u00e1guk miatt el\u0151ny\u00f6sek. A hengertestet \u00e9s a menetes v\u00e9geket finoman megmunk\u00e1lni kell a kop\u00e1s\u00e1ll\u00f3s\u00e1g fokoz\u00e1sa \u00e9rdek\u00e9ben. A s\u00farl\u00f3d\u00e1s minimaliz\u00e1l\u00e1sa \u00e9s a z\u00f6kken\u0151mentes m\u0171k\u00f6d\u00e9s biztos\u00edt\u00e1sa \u00e9rdek\u00e9ben rendszeres ken\u00e9s sz\u00fcks\u00e9ges hidraulikaolajjal.<\/p>\n<h2>Megel\u0151z\u0151 karbantart\u00e1si int\u00e9zked\u00e9sek<\/h2>\n<ul>\n<li><strong>Rendszeres ellen\u0151rz\u00e9sek:<\/strong> A sziv\u00e1rg\u00e1sok, kop\u00e1s \u00e9s teljes\u00edtm\u00e9nyprobl\u00e9m\u00e1k rendszeres ellen\u0151rz\u00e9se seg\u00edt azonos\u00edtani a lehets\u00e9ges probl\u00e9m\u00e1kat, miel\u0151tt azok s\u00falyosbodn\u00e1nak.<\/li>\n<li><strong>Megfelel\u0151 ken\u00e9s:<\/strong> A henger optim\u00e1lis m\u0171k\u00f6d\u00e9s\u00e9hez elengedhetetlen a hidraulikaolaj megfelel\u0151 szintj\u00e9nek \u00e9s \u00e1llapot\u00e1nak biztos\u00edt\u00e1sa.<\/li>\n<li><strong>T\u00f6m\u00edt\u00e9scsere:<\/strong> A t\u00f6m\u00edt\u00e9sek rendszeres cser\u00e9je megakad\u00e1lyozza a sziv\u00e1rg\u00e1sokat \u00e9s fenntartja a hidraulikus nyom\u00e1st, biztos\u00edtva a hat\u00e9kony teljes\u00edtm\u00e9nyt.<\/li>\n<\/ul>\n<h2>Telep\u00edt\u00e9si \u00fatmutat\u00f3<\/h2>\n<p>A megfelel\u0151 beszerel\u00e9s elengedhetetlen a g\u00e9mhenger teljes\u00edtm\u00e9ny\u00e9hez. Kezdje azzal, hogy megbizonyosodik arr\u00f3l, hogy a r\u00f6gz\u00edt\u0151fel\u00fcletek tiszt\u00e1k \u00e9s t\u00f6rmel\u00e9kmentesek. Pontosan igaz\u00edtsa be a hengert a megfelel\u0151 r\u00f6gz\u00edt\u0151konzolok seg\u00edts\u00e9g\u00e9vel a szil\u00e1rd r\u00f6gz\u00edt\u00e9shez. Fontos, hogy k\u00f6vesse a gy\u00e1rt\u00f3 nyomat\u00e9k- \u00e9s be\u00e1ll\u00edt\u00e1si el\u0151\u00edr\u00e1sait, hogy elker\u00fclje a hib\u00e1s be\u00e1ll\u00edt\u00e1st, ami id\u0151 el\u0151tti kop\u00e1shoz vagy meghib\u00e1sod\u00e1shoz vezethet. A beszerel\u00e9s ut\u00e1n ellen\u0151rizze, hogy nincs-e sziv\u00e1rg\u00e1s, \u00e9s gy\u0151z\u0151dj\u00f6n meg arr\u00f3l, hogy minden csatlakoz\u00e1s biztons\u00e1gos.<\/p>\n<h2>Karbantart\u00e1si feladatok<\/h2>\n<ul>\n<li><strong>Rendszeres ellen\u0151rz\u00e9sek:<\/strong> A gyakori ellen\u0151rz\u00e9sek seg\u00edtenek a probl\u00e9m\u00e1k korai felismer\u00e9s\u00e9ben \u00e9s a cs\u00facsteljes\u00edtm\u00e9ny fenntart\u00e1s\u00e1ban.<\/li>\n<li><strong>Megfelel\u0151 ken\u00e9s:<\/strong> A henger rendszeres ken\u00e9se elengedhetetlen a kop\u00e1s \u00e9s a t\u00falmeleged\u00e9s megel\u0151z\u00e9se \u00e9rdek\u00e9ben.<\/li>\n<li><strong>T\u00f6m\u00edt\u00e9scsere:<\/strong> A t\u00f6m\u00edt\u00e9sek id\u0151ben t\u00f6rt\u00e9n\u0151 cser\u00e9je kulcsfontoss\u00e1g\u00fa a hidraulikus nyom\u00e1s fenntart\u00e1s\u00e1hoz \u00e9s a sziv\u00e1rg\u00e1sok megel\u0151z\u00e9s\u00e9hez.<\/li>\n<\/ul>\n<p>A megfelel\u0151 beszerel\u00e9s, ken\u00e9s \u00e9s be\u00e1ll\u00edt\u00e1s elengedhetetlen a g\u00e9mhenger \u00e9lettartam\u00e1nak maximaliz\u00e1l\u00e1s\u00e1hoz. A megfelel\u0151 be\u00e1ll\u00edt\u00e1si technik\u00e1k alkalmaz\u00e1sa a telep\u00edt\u00e9s sor\u00e1n biztos\u00edtja, hogy a henger z\u00f6kken\u0151mentesen m\u0171k\u00f6dj\u00f6n, indokolatlan ig\u00e9nybev\u00e9tel n\u00e9lk\u00fcl. Az aj\u00e1nlott ellen\u0151rz\u00e9si, jav\u00edt\u00e1si \u00e9s csereelj\u00e1r\u00e1sok betart\u00e1sa elengedhetetlen a m\u0171k\u00f6d\u0151k\u00e9pess\u00e9g \u00e9s a megb\u00edzhat\u00f3s\u00e1g fenntart\u00e1s\u00e1hoz.<\/p>\n<p><img decoding=\"async\" src=\"https:\/\/www.hydraulic-cylinders.net\/wp-content\/uploads\/2025\/04\/songte-chushion-collar.webp\" alt=\"P\u00e1rnagall\u00e9r k\u00e9p\"><\/p>\n<h2>Biztons\u00e1gi szempontok \u00e9s k\u00f6rnyezeti t\u00e9nyez\u0151k<\/h2>\n<p>A g\u00e9mhengerek megvitat\u00e1sa sor\u00e1n a biztons\u00e1gi int\u00e9zked\u00e9sek kiemelked\u0151 fontoss\u00e1g\u00faak. A kezel\u0151ket ki kell k\u00e9pezni a hidraulikus rendszerekkel kapcsolatos kock\u00e1zatok felismer\u00e9s\u00e9re \u00e9s enyh\u00edt\u00e9s\u00e9re. Megfelel\u0151 szem\u00e9lyi v\u00e9d\u0151felszerel\u00e9st (PPE) kell viselni, \u00e9s a biztons\u00e1gi protokollok betart\u00e1sa elengedhetetlen a balesetek megel\u0151z\u00e9se \u00e9s a biztons\u00e1gos munkak\u00f6rnyezet biztos\u00edt\u00e1sa \u00e9rdek\u00e9ben.<\/p>\n<h2>Hibaelh\u00e1r\u00edt\u00e1s \u00e9s gyakori probl\u00e9m\u00e1k<\/h2>\n<ul>\n<li><strong>Sziv\u00e1rg\u00e1s:<\/strong> Ha folyad\u00e9ksziv\u00e1rg\u00e1st \u00e9szlel, ellen\u0151rizze a t\u00f6m\u00edt\u00e9seket \u00e9s a csatlakoz\u00e1sokat a sziv\u00e1rg\u00e1s forr\u00e1s\u00e1nak azonos\u00edt\u00e1sa \u00e9rdek\u00e9ben.<\/li>\n<li><strong>Lass\u00fa mozg\u00e1s:<\/strong> Ez el\u00e9gtelen hidraulikafolyad\u00e9kra vagy esetleges bels\u0151 s\u00e9r\u00fcl\u00e9sre utalhat; ellen\u0151rizze a folyad\u00e9kszintet \u00e9s a kop\u00e1st.<\/li>\n<li><strong>Szokatlan zajok:<\/strong> B\u00e1rmilyen furcsa hang m\u0171k\u00f6d\u00e9s k\u00f6zben mechanikai probl\u00e9m\u00e1kra vagy alacsony ken\u00e9si szintre utalhat; ennek megfelel\u0151en v\u00e9gezze el a hibaelh\u00e1r\u00edt\u00e1st.<\/li>\n<\/ul>\n<p>A hibaelh\u00e1r\u00edt\u00e1si tippek \u00e9s megold\u00e1sok lehet\u0151v\u00e9 teszik a kezel\u0151k sz\u00e1m\u00e1ra, hogy hat\u00e9konyan azonos\u00edts\u00e1k \u00e9s kijav\u00edts\u00e1k a g\u00e9mhengerekkel kapcsolatos probl\u00e9m\u00e1kat. A megel\u0151z\u0151 int\u00e9zked\u00e9sek \u00e9s a rendszeres karbantart\u00e1s jelent\u0151sen cs\u00f6kkentheti ezen probl\u00e9m\u00e1k el\u0151fordul\u00e1s\u00e1nak val\u00f3sz\u00edn\u0171s\u00e9g\u00e9t.<\/p>\n<p><img decoding=\"async\" src=\"https:\/\/www.hydraulic-cylinders.net\/wp-content\/uploads\/2025\/04\/songte-bushings-with-all-kinds-of-excavator-models.webp\" alt=\"Perselyek k\u00e9pe\"><\/p>\n<h2>C\u00e9ginform\u00e1ci\u00f3<\/h2>\n<p>A p\u00f3talkatr\u00e9sz-hidraulikus munkahengerek vezet\u0151 gy\u00e1rt\u00f3ja vagyunk, \u00e9s \u00e1tfog\u00f3 term\u00e9kk\u00edn\u00e1latunkr\u00f3l ismertek. A min\u0151s\u00e9g ir\u00e1nti elk\u00f6telezetts\u00e9g\u00fcnk tette minket a vezet\u0151 szerepl\u0151k k\u00f6z\u00e9 mind a hazai, mind a nemzetk\u00f6zi piacokon. A kiv\u00e1l\u00f3s\u00e1gra finom gy\u00e1rt\u00e1si gyakorlatokon \u00e9s fejlett termel\u00e9sir\u00e1ny\u00edt\u00e1si strat\u00e9gi\u00e1kon kereszt\u00fcl t\u00f6reksz\u00fcnk. K\u00e9pzett munkaer\u0151nk a legmodernebb digit\u00e1lis gy\u00e1rt\u00f3berendez\u00e9sekkel kombin\u00e1lva n\u00f6veli termel\u00e9si k\u00e9pess\u00e9geinket.<\/p>\n<p>A szakmai szak\u00e9rtelemre, a nemzetk\u00f6zi tan\u00fas\u00edtv\u00e1nyokra \u00e9s a szem\u00e9lyre szabott szolg\u00e1ltat\u00e1sokra \u00f6sszpontos\u00edtva term\u00e9keink v\u00e1ltozatos \u00fcgyf\u00e9lig\u00e9nyeket el\u00e9g\u00edtenek ki. Robusztus \u00e9rt\u00e9kes\u00edt\u00e9s ut\u00e1ni t\u00e1mogat\u00e1sunk biztos\u00edtja, hogy \u00fcgyfeleink term\u00e9keink teljes \u00e9letciklusa alatt seg\u00edts\u00e9get kapjanak.<\/p>\n<p><img decoding=\"async\" src=\"https:\/\/www.hydraulic-cylinders.net\/wp-content\/uploads\/2025\/04\/songte-company-4.webp\" alt=\"C\u00e9gk\u00e9p 1\"><br \/>\n<img decoding=\"async\" src=\"https:\/\/www.hydraulic-cylinders.net\/wp-content\/uploads\/2025\/04\/songte-company-3.webp\" alt=\"C\u00e9gk\u00e9p 2\"><\/p>\n<p>Szerz\u0151: lyl<\/p>","protected":false},"excerpt":{"rendered":"<p>Boom Cylinder For Yigong CY330LC-8 Product Overview The Boom Cylinder for Yigong CY330LC-8 is a vital hydraulic component designed specifically to control the movement of the boom of heavy machinery, including excavators, backhoe loaders, and front loaders. This hydraulic cylinder allows for the lifting, lowering, and tilting of the boom, facilitating efficient material handling tasks. [&hellip;]<\/p>","protected":false},"featured_media":17880,"comment_status":"open","ping_status":"closed","template":"","meta":{"_et_pb_use_builder":"","_et_pb_old_content":"","_et_gb_content_width":""},"product_brand":[],"product_cat":[1546],"product_tag":[1547,1496],"class_list":{"0":"post-19722","1":"product","2":"type-product","3":"status-publish","4":"has-post-thumbnail","6":"product_cat-boom-cylinders","7":"product_tag-boom-cylinders","8":"product_tag-hydraulic-cylinders","10":"first","11":"instock","12":"shipping-taxable","13":"product-type-simple"},"amp_enabled":true,"_links":{"self":[{"href":"https:\/\/www.hydraulic-cylinders.net\/hu\/wp-json\/wp\/v2\/product\/19722","targetHints":{"allow":["GET"]}}],"collection":[{"href":"https:\/\/www.hydraulic-cylinders.net\/hu\/wp-json\/wp\/v2\/product"}],"about":[{"href":"https:\/\/www.hydraulic-cylinders.net\/hu\/wp-json\/wp\/v2\/types\/product"}],"replies":[{"embeddable":true,"href":"https:\/\/www.hydraulic-cylinders.net\/hu\/wp-json\/wp\/v2\/comments?post=19722"}],"wp:featuredmedia":[{"embeddable":true,"href":"https:\/\/www.hydraulic-cylinders.net\/hu\/wp-json\/wp\/v2\/media\/17880"}],"wp:attachment":[{"href":"https:\/\/www.hydraulic-cylinders.net\/hu\/wp-json\/wp\/v2\/media?parent=19722"}],"wp:term":[{"taxonomy":"product_brand","embeddable":true,"href":"https:\/\/www.hydraulic-cylinders.net\/hu\/wp-json\/wp\/v2\/product_brand?post=19722"},{"taxonomy":"product_cat","embeddable":true,"href":"https:\/\/www.hydraulic-cylinders.net\/hu\/wp-json\/wp\/v2\/product_cat?post=19722"},{"taxonomy":"product_tag","embeddable":true,"href":"https:\/\/www.hydraulic-cylinders.net\/hu\/wp-json\/wp\/v2\/product_tag?post=19722"}],"curies":[{"name":"munkaf\u00fczet","href":"https:\/\/api.w.org\/{rel}","templated":true}]}}