{"id":19730,"date":"2025-04-07T07:04:27","date_gmt":"2025-04-07T07:04:27","guid":{"rendered":"https:\/\/www.hydraulic-cylinders.net\/product\/boom-cylinder-for-kato-small-excavator-hd250\/"},"modified":"2025-04-07T07:04:30","modified_gmt":"2025-04-07T07:04:30","slug":"boom-cylinder-for-kato-small-excavator-hd250","status":"publish","type":"product","link":"https:\/\/www.hydraulic-cylinders.net\/hu\/termek\/boom-cylinder-for-kato-small-excavator-hd250\/","title":{"rendered":"G\u00e9mhenger Kato kis kotr\u00f3g\u00e9phez HD250"},"content":{"rendered":"<h1>G\u00e9mhenger Kato kis kotr\u00f3g\u00e9phez HD250<\/h1>\n<h2>Term\u00e9k\u00e1ttekint\u00e9s<\/h2>\n<p>A Kato HD250 kis kotr\u00f3g\u00e9p g\u00e9mhengere kulcsfontoss\u00e1g\u00fa alkatr\u00e9sz a hidraulikus rendszerekben, amelyet kifejezetten a neh\u00e9zg\u00e9pek kan\u00e1l\u00e1nak mozg\u00e1s\u00e1nak kezel\u00e9s\u00e9re terveztek. Hidraulikus hengerk\u00e9nt l\u00e9tfontoss\u00e1g\u00fa szerepet j\u00e1tszik a kotr\u00f3g\u00e9p kan\u00e1l\u00e1nak emel\u00e9s\u00e9ben, s\u00fcllyeszt\u00e9s\u00e9ben \u00e9s billent\u00e9s\u00e9ben, ez\u00e1ltal hat\u00e9kony anyagmozgat\u00e1si feladatokat tesz lehet\u0151v\u00e9.<\/p>\n<p><img decoding=\"async\" src=\"https:\/\/www.hydraulic-cylinders.net\/wp-content\/uploads\/2025\/04\/songte-company-1.webp\" alt=\"G\u00e9mhenger \u00e1ttekint\u00e9se\" \/><\/p>\n<h3>Mi az a v\u00f6d\u00f6rhenger?<\/h3>\n<p>A kan\u00e1lhenger egy hidraulikus henger, amelyet kifejezetten a neh\u00e9zg\u00e9pek, p\u00e9ld\u00e1ul kotr\u00f3g\u00e9pek, kotr\u00f3g\u00e9pek \u00e9s homlokrakod\u00f3k kanalainak mozg\u00e1s\u00e1nak vez\u00e9rl\u00e9s\u00e9re terveztek. Lehet\u0151v\u00e9 teszi a kan\u00e1l emel\u00e9s\u00e9t, s\u00fcllyeszt\u00e9s\u00e9t \u00e9s billent\u00e9s\u00e9t, \u00edgy elengedhetetlen a talaj, t\u00f6rmel\u00e9k vagy egy\u00e9b anyagok mozgat\u00e1s\u00e1val j\u00e1r\u00f3 feladatokhoz. A hidraulikus rendszereken bel\u00fcl a kan\u00e1lhengerek felel\u0151sek a hidraulikus nyom\u00e1s line\u00e1ris mozg\u00e1ss\u00e1 alak\u00edt\u00e1s\u00e1\u00e9rt, ami hat\u00e9konyan lehet\u0151v\u00e9 teszi a prec\u00edz m\u0171k\u00f6d\u00e9st. Ez n\u00e9lk\u00fcl\u00f6zhetetlenn\u00e9 teszi \u0151ket az \u00e9p\u00edtkez\u00e9seken \u00e9s a k\u00fcl\u00f6nf\u00e9le ipari alkalmaz\u00e1sokban.<\/p>\n<h2>A g\u00e9mhenger jellemz\u0151i<\/h2>\n<ul>\n<li><strong>Nagy szil\u00e1rds\u00e1g \u00e9s tart\u00f3ss\u00e1g:<\/strong> Ezek a hengerek jellemz\u0151en nagy szil\u00e1rds\u00e1g\u00fa ac\u00e9lb\u00f3l vagy alum\u00edniumb\u00f3l k\u00e9sz\u00fclnek, \u00e9s nagy nyom\u00e1st \u00e9s nagy terhel\u00e9st b\u00edrnak ki, \u00edgy alkalmasak zord munkak\u00f6rnyezetre. A kialak\u00edt\u00e1s sor\u00e1n figyelembe vett\u00e9k a kop\u00e1s\u00e1ll\u00f3s\u00e1got \u00e9s a korr\u00f3zi\u00f3\u00e1ll\u00f3s\u00e1got, meghosszabb\u00edtva \u00e9lettartamukat.<\/li>\n<li><strong>Hat\u00e9kony hidraulikus m\u0171k\u00f6dtet\u00e9s:<\/strong> A hidraulikaolaj nyom\u00e1s\u00e1t kihaszn\u00e1lva a g\u00e9mhenger sima kitol\u00e1st \u00e9s visszah\u00faz\u00e1st biztos\u00edt, gyorsan reag\u00e1l a vez\u00e9rl\u0151parancsokra, \u00e9s er\u0151s tol\u00f3- \u00e9s h\u00faz\u00f3er\u0151t biztos\u00edt, ami ide\u00e1lis a neh\u00e9z \u00e9s \u00f6sszetett feladatok kezel\u00e9s\u00e9hez.<\/li>\n<li><strong>K\u00fcl\u00f6nb\u00f6z\u0151 t\u00edpusok:<\/strong> Egyszeres m\u0171k\u00f6d\u00e9s\u0171 (egy ir\u00e1nyban hidraulikus) vagy kett\u0151s m\u0171k\u00f6d\u00e9s\u0171 (mindk\u00e9t ir\u00e1nyban hidraulikus) v\u00e1ltozatban kaphat\u00f3k, ezek a hengerek k\u00fcl\u00f6nb\u00f6z\u0151 m\u0171k\u00f6d\u00e9si ig\u00e9nyeket el\u00e9g\u00edtenek ki. Egyes modellek teleszk\u00f3posak, \u00edgy nagyobb kiny\u00fal\u00e1st tesznek lehet\u0151v\u00e9 a k\u00fcls\u0151 m\u00e9retek n\u00f6vel\u00e9se n\u00e9lk\u00fcl, \u00edgy alkalmasak a helysz\u0171k\u00e9ben l\u00e9v\u0151 alkalmaz\u00e1sokhoz.<\/li>\n<li><strong>Egyedi gy\u00e1rt\u00e1s:<\/strong> Ezt a term\u00e9ket \u00fagy gy\u00e1rtjuk, hogy t\u00f6k\u00e9letesen helyettes\u00edtse a k\u00fcl\u00f6nf\u00e9le hidraulikus hengereket, biztos\u00edtva a kompatibilit\u00e1st \u00e9s a megb\u00edzhat\u00f3s\u00e1got a k\u00fcl\u00f6nb\u00f6z\u0151 g\u00e9pek eset\u00e9ben.<\/li>\n<\/ul>\n<p><img decoding=\"async\" src=\"https:\/\/www.hydraulic-cylinders.net\/wp-content\/uploads\/2025\/04\/songte-cylinder-head-with-all-kinds-excavator-models.webp\" alt=\"Egyedi g\u00e9mhenger\" \/><\/p>\n<h2>A g\u00e9mhenger alkalmaz\u00e1sai<\/h2>\n<h3>\u00c9p\u00edt\u0151ipari berendez\u00e9sek<\/h3>\n<p>A kotr\u00f3g\u00e9pekben a g\u00e9mhengerek l\u00e9tfontoss\u00e1g\u00fa szerepet j\u00e1tszanak az \u00e1s\u00e1sban, a rakod\u00e1sban \u00e9s a f\u00f6ld vagy t\u00f6rmel\u00e9k mozgat\u00e1s\u00e1ban. Ezek teszik lehet\u0151v\u00e9, hogy a kan\u00e1l behatoljon a talajba, \u00edgy elengedhetetlenek a f\u00f6ldmunk\u00e1khoz. Ezenk\u00edv\u00fcl a kotr\u00f3g\u00e9pekben a g\u00e9mhenger mind az \u00e1s\u00e1sban, mind az emel\u00e9sben seg\u00edt, \u00edgy sokoldal\u00fas\u00e1got biztos\u00edtva az \u00e9p\u00edtkez\u00e9seken.<\/p>\n<h3>Mez\u0151gazdas\u00e1gi g\u00e9pek<\/h3>\n<p>A homlokrakod\u00f3kban a g\u00e9mhengerek kulcsfontoss\u00e1g\u00faak a talaj, sz\u00e9na \u00e9s egy\u00e9b anyagok \u00e1s\u00e1s\u00e1hoz, emel\u00e9s\u00e9hez \u00e9s sz\u00e1ll\u00edt\u00e1s\u00e1hoz. Lehet\u0151v\u00e9 teszik a kezel\u0151k sz\u00e1m\u00e1ra a mez\u0151gazdas\u00e1gi feladatok hat\u00e9kony kezel\u00e9s\u00e9t, n\u00f6velve a termel\u00e9kenys\u00e9get \u00e9s cs\u00f6kkentve a munkaer\u0151-intenzit\u00e1st.<\/p>\n<h3>Kotr\u00f3g\u00e9pek<\/h3>\n<p>A g\u00e9mhengerek lehet\u0151v\u00e9 teszik a kotr\u00f3g\u00e9pek \u00e1s\u00e1si m\u0171velet\u00e9t az\u00e1ltal, hogy lehet\u0151v\u00e9 teszik a kan\u00e1l hat\u00e9kony talajba hatol\u00e1s\u00e1t, ami elengedhetetlen a k\u00fcl\u00f6nf\u00e9le \u00e1sat\u00e1si projektekhez. Hidraulikus erej\u00fck biztos\u00edtja az \u00e1s\u00e1si tev\u00e9kenys\u00e9gek gyors \u00e9s hat\u00e9kony elv\u00e9gz\u00e9s\u00e9t.<\/p>\n<h3>Rakod\u00f3k<\/h3>\n<p>A homlokrakod\u00f3kban a g\u00e9mhengerek seg\u00edtik a rakom\u00e1nyok emel\u00e9s\u00e9t \u00e9s \u00fcr\u00edt\u00e9s\u00e9t, n\u00f6velve a m\u0171k\u00f6d\u00e9si hat\u00e9konys\u00e1got. Sima \u00e9s er\u0151teljes mozg\u00e1st tesznek lehet\u0151v\u00e9, ami elengedhetetlen az anyagok munkahelyek k\u00f6z\u00f6tti sz\u00e1ll\u00edt\u00e1s\u00e1hoz.<\/p>\n<h2>Tervez\u00e9si szempontok<\/h2>\n<h3>Teherb\u00edr\u00e1s<\/h3>\n<p>A g\u00e9mhenger teherb\u00edr\u00e1sa kritikus fontoss\u00e1g\u00fa a neh\u00e9zg\u00e9pek biztons\u00e1gos \u00e9s hat\u00e9kony m\u0171k\u00f6d\u00e9s\u00e9nek biztos\u00edt\u00e1s\u00e1hoz. \u00dagy kell megtervezni, hogy elb\u00edrja az \u00fczemi helyzetekben v\u00e1rhat\u00f3 maxim\u00e1lis terhel\u00e9st, elegend\u0151 biztons\u00e1gi r\u00e1hagy\u00e1st biztos\u00edtva a haszn\u00e1lat k\u00f6zbeni meghib\u00e1sod\u00e1sok megel\u0151z\u00e9s\u00e9re. A m\u00e9rn\u00f6k\u00f6knek pontosan kell kisz\u00e1m\u00edtaniuk a v\u00e1rhat\u00f3 terhel\u00e9seket, figyelembe v\u00e9ve az \u00fczem k\u00f6zben felmer\u00fcl\u0151 dinamikus felt\u00e9teleket.<\/p>\n<h3>T\u00f6m\u00edt\u00e9s<\/h3>\n<p>A hat\u00e9kony t\u00f6m\u00edt\u00e9s elengedhetetlen a hidraulikafolyad\u00e9k sziv\u00e1rg\u00e1s\u00e1nak megakad\u00e1lyoz\u00e1s\u00e1hoz, amely vesz\u00e9lyeztetheti a hidraulikus rendszer hat\u00e9konys\u00e1g\u00e1t. A tart\u00f3s anyagokb\u00f3l, p\u00e9ld\u00e1ul poliuret\u00e1nb\u00f3l \u00e9s nitrilgumib\u00f3l k\u00e9sz\u00fclt, kiv\u00e1l\u00f3 min\u0151s\u00e9g\u0171 t\u00f6m\u00edt\u00e9sek biztos\u00edtj\u00e1k a hossz\u00fa t\u00e1v\u00fa teljes\u00edtm\u00e9nyt. A t\u00f6m\u00edt\u00e9sek rendszeres karbantart\u00e1sa \u00e9s id\u0151ben t\u00f6rt\u00e9n\u0151 cser\u00e9je kulcsfontoss\u00e1g\u00fa a m\u0171k\u00f6d\u00e9si integrit\u00e1s meg\u0151rz\u00e9se \u00e9s az \u00e1ll\u00e1sid\u0151 cs\u00f6kkent\u00e9se \u00e9rdek\u00e9ben.<\/p>\n<h3>Tart\u00f3ss\u00e1g<\/h3>\n<p>A g\u00e9mhengerek tart\u00f3ss\u00e1g\u00e1t a felhaszn\u00e1lt anyagok \u00e9s a gy\u00e1rt\u00e1si folyamat befoly\u00e1solja. A nagy szil\u00e1rds\u00e1g\u00fa anyagok \u00e9s a fejlett gy\u00e1rt\u00e1si technik\u00e1k kombin\u00e1ci\u00f3ja olyan hengereket eredm\u00e9nyez, amelyek k\u00e9pesek ellen\u00e1llni a sz\u00e9ls\u0151s\u00e9ges k\u00f6r\u00fclm\u00e9nyeknek. Ez a tart\u00f3ss\u00e1g meghosszabb\u00edtja a term\u00e9k \u00e9lettartam\u00e1t \u00e9s cs\u00f6kkenti a cser\u00e9k gyakoris\u00e1g\u00e1t, ami k\u00f6lts\u00e9gmegtakar\u00edt\u00e1st eredm\u00e9nyez a kezel\u0151k sz\u00e1m\u00e1ra.<\/p>\n<h3>Biztons\u00e1g<\/h3>\n<p>A balesetek megel\u0151z\u00e9se \u00e9s a kezel\u0151i bizalom biztos\u00edt\u00e1sa \u00e9rdek\u00e9ben a g\u00e9mhengerek tervez\u00e9s\u00e9be biztons\u00e1gi funkci\u00f3kat kell be\u00e9p\u00edteni. Ez mag\u00e1ban foglalja a biztons\u00e1gi z\u00e1rak, a nyom\u00e1scs\u00f6kkent\u0151 szelepek \u00e9s a v\u00e1ratlan nyom\u00e1soknak vagy \u00fct\u00e9seknek ellen\u00e1ll\u00f3 robusztus konstrukci\u00f3 alkalmaz\u00e1s\u00e1t, ez\u00e1ltal n\u00f6velve az \u00e1ltal\u00e1nos biztons\u00e1got \u00fczemeltet\u00e9s k\u00f6zben.<\/p>\n<h3>Karbantart\u00e1s<\/h3>\n<p>A k\u00f6nny\u0171 karbantart\u00e1s l\u00e9tfontoss\u00e1g\u00fa tervez\u00e9si szempont. A g\u00e9mhengereket \u00fagy kell megtervezni, hogy k\u00f6nnyen ellen\u0151rizhet\u0151ek, kenhet\u0151ek \u00e9s alkatr\u00e9sz-cser\u00e9lhet\u0151ek legyenek. A gy\u00e1rt\u00f3knak figyelembe kell venni\u00fck a szervizel\u00e9shez val\u00f3 hozz\u00e1f\u00e9r\u00e9st, hogy cs\u00f6kkents\u00e9k a karbantart\u00e1si id\u0151t \u00e9s k\u00f6lts\u00e9geket, ez\u00e1ltal biztos\u00edtva, hogy a g\u00e9pek hosszabb ideig m\u0171k\u00f6d\u0151k\u00e9pesek maradjanak.<\/p>\n<p><img decoding=\"async\" src=\"https:\/\/www.hydraulic-cylinders.net\/wp-content\/uploads\/2025\/04\/songte-oil-pipes-and-spare-parts.webp\" alt=\"Hidraulikus henger alkatr\u00e9szek\" \/><\/p>\n<h2>T\u00f6m\u00edt\u00e9s \u00e9s ken\u00e9s<\/h2>\n<p>A hat\u00e9kony t\u00f6m\u00edt\u00e9s \u00e9s ken\u00e9s elengedhetetlen a g\u00e9mhengerek megfelel\u0151 m\u0171k\u00f6d\u00e9s\u00e9hez. K\u00fcl\u00f6nb\u00f6z\u0151 t\u00f6m\u00edt\u00e9seket, p\u00e9ld\u00e1ul dugatty\u00fat\u00f6m\u00edt\u00e9seket \u00e9s r\u00fadt\u00f6m\u00edt\u00e9seket alkalmaznak a hidraulikafolyad\u00e9k sziv\u00e1rg\u00e1s\u00e1nak megakad\u00e1lyoz\u00e1s\u00e1ra. A kop\u00e1s\u00e1ll\u00f3 anyagokb\u00f3l, p\u00e9ld\u00e1ul poliuret\u00e1nb\u00f3l \u00e9s nitrilgumib\u00f3l k\u00e9sz\u00fclt t\u00f6m\u00edt\u00e9seket \u00e1ltal\u00e1ban tart\u00f3ss\u00e1guk miatt haszn\u00e1lj\u00e1k. A hengertestet \u00e9s a menetes v\u00e9geket finoman megmunk\u00e1lj\u00e1k a kop\u00e1s\u00e1ll\u00f3s\u00e1g fokoz\u00e1sa \u00e9rdek\u00e9ben. A megfelel\u0151 ken\u00e9s fenntart\u00e1sa \u00e9rdek\u00e9ben elengedhetetlen a hidraulikaolaj rendszeres p\u00f3tl\u00e1sa, ez\u00e1ltal megakad\u00e1lyozva a mozg\u00f3 alkatr\u00e9szek s\u00farl\u00f3d\u00e1s\u00e1t \u00e9s kop\u00e1s\u00e1t.<\/p>\n<h2>Megel\u0151z\u0151 karbantart\u00e1si int\u00e9zked\u00e9sek<\/h2>\n<ul>\n<li><strong>Rendszeres ellen\u0151rz\u00e9sek:<\/strong> A rendszeres ellen\u0151rz\u00e9sek elv\u00e9gz\u00e9se seg\u00edt a kop\u00e1s \u00e9s elhaszn\u00e1l\u00f3d\u00e1s korai azonos\u00edt\u00e1s\u00e1ban, lehet\u0151v\u00e9 t\u00e9ve az id\u0151ben t\u00f6rt\u00e9n\u0151 jav\u00edt\u00e1sokat \u00e9s cser\u00e9ket. A kezel\u0151knek ellen\u0151rizni\u00fck kell a sziv\u00e1rg\u00e1sokat, a t\u00f6m\u00edt\u00e9sek kop\u00e1s\u00e1t \u00e9s a henger \u00e1ltal\u00e1nos \u00e9ps\u00e9g\u00e9t.<\/li>\n<li><strong>Megfelel\u0151 ken\u00e9s:<\/strong> Gy\u0151z\u0151dj\u00f6n meg arr\u00f3l, hogy a hidraulikus rendszer megfelel\u0151en kenve van. Haszn\u00e1lja a gy\u00e1rt\u00f3 \u00e1ltal aj\u00e1nlott hidraulikaolajat, \u00e9s k\u00f6vesse a ken\u00e9si \u00fctemtervet az optim\u00e1lis teljes\u00edtm\u00e9ny fenntart\u00e1sa \u00e9s a s\u00farl\u00f3d\u00e1s miatti k\u00e1rosod\u00e1sok megel\u0151z\u00e9se \u00e9rdek\u00e9ben.<\/li>\n<li><strong>T\u00f6m\u00edt\u00e9scsere:<\/strong> Rendszeresen ellen\u0151rizze a t\u00f6m\u00edt\u00e9seket kop\u00e1s vagy s\u00e9r\u00fcl\u00e9s jelei szempontj\u00e1b\u00f3l, \u00e9s sz\u00fcks\u00e9g szerint cser\u00e9lje ki \u0151ket a sziv\u00e1rg\u00e1sok elker\u00fcl\u00e9se \u00e9s a rendszer hat\u00e9konys\u00e1g\u00e1nak fenntart\u00e1sa \u00e9rdek\u00e9ben.<\/li>\n<\/ul>\n<h2>Telep\u00edt\u00e9si \u00fatmutat\u00f3<\/h2>\n<p>A g\u00e9mhenger megfelel\u0151 beszerel\u00e9se elengedhetetlen az optim\u00e1lis teljes\u00edtm\u00e9nyhez. Kezdje azzal, hogy gondoskodik arr\u00f3l, hogy a munkater\u00fclet tiszta \u00e9s t\u00f6rmel\u00e9kmentes legyen. Igaz\u00edtsa pontosan a g\u00e9mhengert a r\u00f6gz\u00edt\u00e9si pontokhoz, a megfelel\u0151 r\u00f6gz\u00edt\u0151konzolok seg\u00edts\u00e9g\u00e9vel r\u00f6gz\u00edtve. A csavarok megh\u00faz\u00e1sakor elengedhetetlen a megfelel\u0151 nyomat\u00e9k\u00e9rt\u00e9kek haszn\u00e1lata, hogy elker\u00fclje a henger \u00e9ps\u00e9g\u00e9nek k\u00e1rosod\u00e1s\u00e1t. A beszerel\u00e9st k\u00f6vet\u0151en ellen\u0151rizze a henger be\u00e1ll\u00edt\u00e1s\u00e1t \u00e9s m\u0171k\u00f6d\u00e9s\u00e9t, hogy biztos\u00edtsa a z\u00f6kken\u0151mentes \u00e9s akad\u00e1lytalan m\u0171k\u00f6d\u00e9s\u00e9t. Rendszeresen tekintse \u00e1t a beszerel\u00e9si elj\u00e1r\u00e1sokat a teljes\u00edtm\u00e9ny \u00e9s a biztons\u00e1g jav\u00edt\u00e1sa \u00e9rdek\u00e9ben \u00fczemeltet\u00e9s k\u00f6zben.<\/p>\n<h2>Gyakori karbantart\u00e1si feladatok<\/h2>\n<ul>\n<li><strong>Rendszeres ellen\u0151rz\u00e9sek:<\/strong> A g\u00e9mhenger l\u00e1that\u00f3 s\u00e9r\u00fcl\u00e9seinek vagy kop\u00e1s\u00e1nak rendszeres ellen\u0151rz\u00e9se elengedhetetlen. Ez mag\u00e1ban foglalja a t\u00f6m\u00edt\u00e9sek sziv\u00e1rg\u00e1s\u00e1nak vizsg\u00e1lat\u00e1t, valamint annak biztos\u00edt\u00e1s\u00e1t, hogy minden szerelv\u00e9ny biztons\u00e1gos \u00e9s \u00e9p.<\/li>\n<li><strong>Megfelel\u0151 ken\u00e9s:<\/strong> L\u00e9tfontoss\u00e1g\u00fa a hidraulikus rendszer megfelel\u0151 ken\u00e9se a mozg\u00f3 alkatr\u00e9szek k\u00f6z\u00f6tti s\u00farl\u00f3d\u00e1s cs\u00f6kkent\u00e9se \u00e9rdek\u00e9ben. K\u00f6vesse a gy\u00e1rt\u00f3 utas\u00edt\u00e1sait a ken\u00e9si intervallumokra \u00e9s a mennyis\u00e9gekre vonatkoz\u00f3an.<\/li>\n<li><strong>T\u00f6m\u00edt\u00e9scsere \u00e9s kalibr\u00e1l\u00e1s ellen\u0151rz\u00e9se:<\/strong> Rendszeresen cser\u00e9lje ki a kopott t\u00f6m\u00edt\u00e9seket, \u00e9s v\u00e9gezzen kalibr\u00e1ci\u00f3s ellen\u0151rz\u00e9seket annak biztos\u00edt\u00e1sa \u00e9rdek\u00e9ben, hogy a hidraulikus rendszer a megadott param\u00e9tereken bel\u00fcl m\u0171k\u00f6dj\u00f6n. Ez seg\u00edt fenntartani a hat\u00e9konys\u00e1got \u00e9s meghosszabb\u00edtja a berendez\u00e9s \u00e9lettartam\u00e1t.<\/li>\n<\/ul>\n<p>A telep\u00edt\u00e9si folyamat sor\u00e1n kulcsfontoss\u00e1g\u00fa a henger megfelel\u0151 be\u00e1ll\u00edt\u00e1sa. A megfelel\u0151 r\u00f6gz\u00edt\u0151konzolok haszn\u00e1lata stabiliz\u00e1l\u00f3 t\u00e1maszt ny\u00fajt a hengernek. Az alkatr\u00e9szek rendszeres ellen\u0151rz\u00e9se \u00e9s cser\u00e9je n\u00f6veli a hidraulikus rendszer tart\u00f3ss\u00e1g\u00e1t \u00e9s hat\u00e9konys\u00e1g\u00e1t.<\/p>\n<p><img decoding=\"async\" src=\"https:\/\/www.hydraulic-cylinders.net\/wp-content\/uploads\/2025\/04\/songte-chushion-collar.webp\" alt=\"P\u00e1rna gall\u00e9r\" \/><\/p>\n<h2>Biztons\u00e1gi szempontok \u00e9s k\u00f6rnyezeti t\u00e9nyez\u0151k<\/h2>\n<p>A g\u00e9mhengerek haszn\u00e1latakor a biztons\u00e1gi int\u00e9zked\u00e9sek elengedhetetlenek a balesetek megel\u0151z\u00e9se \u00e9rdek\u00e9ben. A kezel\u0151ket ki kell k\u00e9pezni a lehets\u00e9ges vesz\u00e9lyek felismer\u00e9s\u00e9re \u00e9s a biztons\u00e1gi protokollok v\u00e9grehajt\u00e1s\u00e1ra. M\u0171k\u00f6d\u00e9s k\u00f6zben megfelel\u0151 szem\u00e9lyi v\u00e9d\u0151felszerel\u00e9st (PPE) kell viselni. Ezenk\u00edv\u00fcl a g\u00e9mhengerek anyagainak kiv\u00e1laszt\u00e1sakor figyelembe kell venni a k\u00f6rnyezeti t\u00e9nyez\u0151ket, p\u00e9ld\u00e1ul a sz\u00e9ls\u0151s\u00e9ges h\u0151m\u00e9rs\u00e9kleteknek vagy korroz\u00edv anyagoknak val\u00f3 kitetts\u00e9get a hossz\u00fa \u00e9lettartam \u00e9s a megb\u00edzhat\u00f3s\u00e1g biztos\u00edt\u00e1sa \u00e9rdek\u00e9ben.<\/p>\n<h2>Hibadiagn\u00f3zis \u00e9s gyakori probl\u00e9m\u00e1k<\/h2>\n<ul>\n<li><strong>Sziv\u00e1rg\u00e1s:<\/strong> A hidraulikus hengerek egyik leggyakoribb probl\u00e9m\u00e1ja a sziv\u00e1rg\u00e1s, amelyet gyakran a kopott t\u00f6m\u00edt\u00e9sek okoznak. A rendszeres ellen\u0151rz\u00e9s seg\u00edthet a sziv\u00e1rg\u00e1sok azonos\u00edt\u00e1s\u00e1ban, miel\u0151tt azok jelent\u0151s probl\u00e9m\u00e1khoz vezetn\u00e9nek.<\/li>\n<li><strong>T\u00falmeleged\u00e9s:<\/strong> A t\u00falmeleged\u00e9s alacsony hidraulikafolyad\u00e9k-szint vagy t\u00falzott terhel\u00e9s miatt fordulhat el\u0151. A folyad\u00e9kszintek figyel\u00e9se \u00e9s a megfelel\u0151 \u00fczemi terhel\u00e9sek fenntart\u00e1sa seg\u00edthet enyh\u00edteni ezt a probl\u00e9m\u00e1t.<\/li>\n<li><strong>Szab\u00e1lytalan mozg\u00e1s:<\/strong> Ha a g\u00e9mhenger egyenetlen\u00fcl vagy szab\u00e1lytalanul m\u0171k\u00f6dik, az hidraulikafolyad\u00e9k-probl\u00e9m\u00e1ra vagy bels\u0151 s\u00e9r\u00fcl\u00e9sre utalhat. A folyad\u00e9k min\u0151s\u00e9g\u00e9nek \u00e9s szintj\u00e9nek ellen\u0151rz\u00e9se elengedhetetlen a z\u00f6kken\u0151mentes m\u0171k\u00f6d\u00e9s fenntart\u00e1s\u00e1hoz.<\/li>\n<\/ul>\n<h2>Hibaelh\u00e1r\u00edt\u00e1si tippek \u00e9s megold\u00e1sok<\/h2>\n<p>A g\u00e9mhengerek probl\u00e9m\u00e1inak hat\u00e9kony diagnosztiz\u00e1l\u00e1sa \u00e9s megold\u00e1sa \u00e9rdek\u00e9ben a kezel\u0151knek rendszeres karbantart\u00e1si ellen\u0151rz\u00e9seket kell v\u00e9gezni\u00fck. Sziv\u00e1rg\u00e1s szempontj\u00e1b\u00f3l ellen\u0151rizni kell a t\u00f6m\u00edt\u00e9seket, \u00e9s sz\u00fcks\u00e9g szerint cser\u00e9lni kell azokat. T\u00falmeleged\u00e9s eset\u00e9n m\u00e9rje fel a folyad\u00e9kszintet, \u00e9s fontolja meg az \u00fczemi terhel\u00e9s cs\u00f6kkent\u00e9s\u00e9t. Szab\u00e1lytalan mozg\u00e1s eset\u00e9n \u00e9rt\u00e9kelje a hidraulikafolyad\u00e9k min\u0151s\u00e9g\u00e9t, \u00e9s ellen\u0151rizze a bels\u0151 elt\u00f6m\u0151d\u00e9seket vagy s\u00e9r\u00fcl\u00e9seket. A megel\u0151z\u0151 int\u00e9zked\u00e9sek, mint p\u00e9ld\u00e1ul a rendszeres ellen\u0151rz\u00e9sek \u00e9s a megfelel\u0151 ken\u00e9s, elengedhetetlenek a lehets\u00e9ges probl\u00e9m\u00e1k minimaliz\u00e1l\u00e1sa \u00e9s a z\u00f6kken\u0151mentes m\u0171k\u00f6d\u00e9s biztos\u00edt\u00e1sa \u00e9rdek\u00e9ben.<\/p>\n<p><img decoding=\"async\" src=\"https:\/\/www.hydraulic-cylinders.net\/wp-content\/uploads\/2025\/04\/songte-bushings-with-all-kinds-of-excavator-models.webp\" alt=\"Kotr\u00f3g\u00e9pek perselyei\" \/><\/p>\n<h2>C\u00e9g\u00fcnkr\u0151l<\/h2>\n<p>Vezet\u0151 gy\u00e1rt\u00f3i vagyunk a p\u00f3talkatr\u00e9szk\u00e9nt szolg\u00e1l\u00f3 hidraulikus munkahengereknek, \u00e1tfog\u00f3 term\u00e9kv\u00e1laszt\u00e9kot k\u00edn\u00e1lva mind a hazai, mind a nemzetk\u00f6zi piacok sz\u00e1m\u00e1ra. A kiv\u00e1l\u00f3 min\u0151s\u00e9g ir\u00e1nti elk\u00f6telezetts\u00e9g\u00fcnket kifinomult gy\u00e1rt\u00e1si strat\u00e9gi\u00e1nk, fejlett technol\u00f3gia \u00e9s k\u00e9pzett szakemberek alkalmaz\u00e1sa t\u00e1mogatja. Folyamatosan fejlesztj\u00fck gy\u00e1rt\u00e1si k\u00e9pess\u00e9geinket, biztos\u00edtva, hogy term\u00e9keink megfeleljenek a pontoss\u00e1g \u00e9s a tart\u00f3ss\u00e1g magas k\u00f6vetelm\u00e9nyeinek.<\/p>\n<h3>Szakos\u00edtott szolg\u00e1ltat\u00e1sok<\/h3>\n<ul>\n<li><strong>Szakmai szak\u00e9rtelem:<\/strong> Csapatunk k\u00e9pzett szakemberekb\u0151l \u00e1ll, akik \u00e9rtik a hidraulikus rendszerek bonyolults\u00e1g\u00e1t, \u00e9s elk\u00f6telezettek a kiv\u00e1l\u00f3 term\u00e9kek sz\u00e1ll\u00edt\u00e1sa ir\u00e1nt.<\/li>\n<li><strong>Nemzetk\u00f6zi tan\u00fas\u00edtv\u00e1nyok:<\/strong> Betartjuk a nemzetk\u00f6zi min\u0151s\u00e9gi \u00e9s biztons\u00e1gi szabv\u00e1nyokat, biztos\u00edtva term\u00e9keink megb\u00edzhat\u00f3s\u00e1g\u00e1t \u00e9s hiteless\u00e9g\u00e9t.<\/li>\n<li><strong>Egyedi megold\u00e1sok:<\/strong> Testreszabott megold\u00e1sokat k\u00edn\u00e1lunk az \u00fcgyfelek egyedi ig\u00e9nyeinek kiel\u00e9g\u00edt\u00e9s\u00e9re, biztos\u00edtva, hogy term\u00e9keink t\u00f6k\u00e9letesen illeszkedjenek a k\u00fcl\u00f6nf\u00e9le alkalmaz\u00e1sokhoz.<\/li>\n<li><strong>Speci\u00e1lis felszerel\u00e9s:<\/strong> Korszer\u0171 gy\u00e1rt\u00f3berendez\u00e9seink lehet\u0151v\u00e9 teszik sz\u00e1munkra, hogy kiv\u00e1l\u00f3 min\u0151s\u00e9g\u0171, kiv\u00e9teles hat\u00e9konys\u00e1g\u00fa hidraulikus hengereket gy\u00e1rtsunk.<\/li>\n<li><strong>\u00c9rt\u00e9kes\u00edt\u00e9s ut\u00e1ni t\u00e1mogat\u00e1s:<\/strong> \u00c1tfog\u00f3 \u00e9rt\u00e9kes\u00edt\u00e9s ut\u00e1ni szolg\u00e1ltat\u00e1sokat ny\u00fajtunk, biztos\u00edtva az \u00fcgyfelek el\u00e9gedetts\u00e9g\u00e9t \u00e9s t\u00e1mogat\u00e1s\u00e1t a v\u00e1s\u00e1rl\u00e1s ut\u00e1n is.<\/li>\n<\/ul>\n<p><img decoding=\"async\" src=\"https:\/\/www.hydraulic-cylinders.net\/wp-content\/uploads\/2025\/04\/songte-company-4.webp\" alt=\"C\u00e9ginform\u00e1ci\u00f3\" \/><br \/>\n<img decoding=\"async\" src=\"https:\/\/www.hydraulic-cylinders.net\/wp-content\/uploads\/2025\/04\/songte-company-3.webp\" alt=\"Gy\u00e1rt\u00f3\u00fczem\" \/><\/p>\n<p>Szerz\u0151: lyl<\/p>","protected":false},"excerpt":{"rendered":"<p>Boom Cylinder For Kato Small Excavator HD250 Product Overview The boom cylinder for the Kato small excavator HD250 is a crucial component in hydraulic systems, specifically designed to manage the movement of the bucket in heavy machinery. As a type of hydraulic cylinder, it plays a vital role in controlling various functions such as lifting, [&hellip;]<\/p>","protected":false},"featured_media":17873,"comment_status":"open","ping_status":"closed","template":"","meta":{"_et_pb_use_builder":"","_et_pb_old_content":"","_et_gb_content_width":""},"product_brand":[],"product_cat":[1546],"product_tag":[1547,1496],"class_list":{"0":"post-19730","1":"product","2":"type-product","3":"status-publish","4":"has-post-thumbnail","6":"product_cat-boom-cylinders","7":"product_tag-boom-cylinders","8":"product_tag-hydraulic-cylinders","10":"first","11":"instock","12":"shipping-taxable","13":"product-type-simple"},"amp_enabled":true,"_links":{"self":[{"href":"https:\/\/www.hydraulic-cylinders.net\/hu\/wp-json\/wp\/v2\/product\/19730","targetHints":{"allow":["GET"]}}],"collection":[{"href":"https:\/\/www.hydraulic-cylinders.net\/hu\/wp-json\/wp\/v2\/product"}],"about":[{"href":"https:\/\/www.hydraulic-cylinders.net\/hu\/wp-json\/wp\/v2\/types\/product"}],"replies":[{"embeddable":true,"href":"https:\/\/www.hydraulic-cylinders.net\/hu\/wp-json\/wp\/v2\/comments?post=19730"}],"wp:featuredmedia":[{"embeddable":true,"href":"https:\/\/www.hydraulic-cylinders.net\/hu\/wp-json\/wp\/v2\/media\/17873"}],"wp:attachment":[{"href":"https:\/\/www.hydraulic-cylinders.net\/hu\/wp-json\/wp\/v2\/media?parent=19730"}],"wp:term":[{"taxonomy":"product_brand","embeddable":true,"href":"https:\/\/www.hydraulic-cylinders.net\/hu\/wp-json\/wp\/v2\/product_brand?post=19730"},{"taxonomy":"product_cat","embeddable":true,"href":"https:\/\/www.hydraulic-cylinders.net\/hu\/wp-json\/wp\/v2\/product_cat?post=19730"},{"taxonomy":"product_tag","embeddable":true,"href":"https:\/\/www.hydraulic-cylinders.net\/hu\/wp-json\/wp\/v2\/product_tag?post=19730"}],"curies":[{"name":"munkaf\u00fczet","href":"https:\/\/api.w.org\/{rel}","templated":true}]}}