{"id":19732,"date":"2025-04-07T07:04:34","date_gmt":"2025-04-07T07:04:34","guid":{"rendered":"https:\/\/www.hydraulic-cylinders.net\/product\/boom-cylinder-for-kato-small-excavator-hd550-1-7\/"},"modified":"2025-04-07T07:04:37","modified_gmt":"2025-04-07T07:04:37","slug":"boom-cylinder-for-kato-small-excavator-hd550-1-7","status":"publish","type":"product","link":"https:\/\/www.hydraulic-cylinders.net\/hu\/termek\/boom-cylinder-for-kato-small-excavator-hd550-1-7\/","title":{"rendered":"G\u00e9mhenger Kato kis kotr\u00f3g\u00e9phez HD550-1-7"},"content":{"rendered":"<h1>G\u00e9mhenger Kato kis kotr\u00f3g\u00e9phez HD550-1-7<\/h1>\n<h2>A g\u00e9mhenger megismer\u00e9se<\/h2>\n<p>A g\u00e9mhenger egy hidraulikus henger, amelyet kifejezetten a g\u00e9m mozg\u00e1s\u00e1nak vez\u00e9rl\u00e9s\u00e9re terveztek k\u00fcl\u00f6nf\u00e9le neh\u00e9zg\u00e9peken, p\u00e9ld\u00e1ul kotr\u00f3g\u00e9peken, kotr\u00f3rakod\u00f3kon \u00e9s homlokrakod\u00f3kon. Ez az alapvet\u0151 alkatr\u00e9sz lehet\u0151v\u00e9 teszi a g\u00e9m emel\u00e9s\u00e9t, s\u00fcllyeszt\u00e9s\u00e9t \u00e9s billent\u00e9s\u00e9t, megk\u00f6nny\u00edtve a hat\u00e9kony anyagmozgat\u00e1si feladatokat. A hidraulikus rendszerekben a g\u00e9mhenger kulcsszerepet j\u00e1tszik az\u00e1ltal, hogy hidraulikus folyad\u00e9kot haszn\u00e1l az er\u0151\u00e1tvitelhez, lehet\u0151v\u00e9 t\u00e9ve a sima \u00e9s szab\u00e1lyozott mozg\u00e1sokat. Ezeknek a hengereknek a kialak\u00edt\u00e1sa robusztus teljes\u00edtm\u00e9nyt \u00e9s megb\u00edzhat\u00f3s\u00e1got biztos\u00edt, \u00edgy n\u00e9lk\u00fcl\u00f6zhetetlenek az \u00e9p\u00edt\u0151ipari \u00e9s f\u00f6ldmunk\u00e1k sor\u00e1n.<\/p>\n<p><img decoding=\"async\" src=\"https:\/\/www.hydraulic-cylinders.net\/wp-content\/uploads\/2025\/04\/songte-company-1.webp\" alt=\"G\u00e9mhenger Kato kis kotr\u00f3g\u00e9phez\"><\/p>\n<h3>A g\u00e9mhenger f\u0151bb jellemz\u0151i<\/h3>\n<ul>\n<li><strong>Nagy szil\u00e1rds\u00e1g \u00e9s tart\u00f3ss\u00e1g:<\/strong> A nagy szil\u00e1rds\u00e1g\u00fa ac\u00e9lb\u00f3l vagy alum\u00edniumb\u00f3l k\u00e9sz\u00fclt g\u00e9mhenger nagy nyom\u00e1st \u00e9s nagy terhel\u00e9st b\u00edr ki, \u00edgy alkalmass\u00e1 teszi a zord munkak\u00f6r\u00fclm\u00e9nyekre.<\/li>\n<li><strong>Hat\u00e9kony hidraulikus m\u0171k\u00f6dtet\u00e9s:<\/strong> A henger hidraulikaolaj-nyom\u00e1st haszn\u00e1l a sima kiny\u00fal\u00e1shoz \u00e9s visszah\u00faz\u00e1shoz, \u00edgy gyorsan reag\u00e1l a m\u0171k\u00f6d\u00e9si parancsokra.<\/li>\n<li><strong>K\u00fcl\u00f6nb\u00f6z\u0151 t\u00edpusok:<\/strong> Kaphat\u00f3 egyszeres m\u0171k\u00f6d\u00e9s\u0171 (hidraulikus m\u0171k\u00f6dtet\u00e9s egy ir\u00e1nyban) vagy kett\u0151s m\u0171k\u00f6d\u00e9s\u0171 (hidraulikus m\u0171k\u00f6dtet\u00e9s mindk\u00e9t ir\u00e1nyban) konfigur\u00e1ci\u00f3ban, a v\u00e1ltoz\u00f3 \u00fczemeltet\u00e9si ig\u00e9nyekhez igazodva.<\/li>\n<li><strong>Kompakt kialak\u00edt\u00e1s:<\/strong> Egyes modellek teleszk\u00f3pos kialak\u00edt\u00e1ssal rendelkeznek, amely nagyobb kih\u00faz\u00e1st tesz lehet\u0151v\u00e9 a k\u00fcls\u0151 m\u00e9retek n\u00f6vel\u00e9se n\u00e9lk\u00fcl, \u00edgy ide\u00e1lisak a helysz\u0171k\u00e9ben l\u00e9v\u0151 alkalmaz\u00e1sokhoz.<\/li>\n<li><strong>A csere egyszer\u0171s\u00e9ge:<\/strong> Hengereinket \u00fagy tervezt\u00fck, hogy z\u00f6kken\u0151mentesen helyettes\u00edts\u00e9k a megl\u00e9v\u0151 hidraulikus hengereket, biztos\u00edtva a kompatibilit\u00e1st \u00e9s a m\u0171k\u00f6d\u00e9si hat\u00e9konys\u00e1got.<\/li>\n<\/ul>\n<p><img decoding=\"async\" src=\"https:\/\/www.hydraulic-cylinders.net\/wp-content\/uploads\/2025\/04\/songte-cylinder-head-with-all-kinds-excavator-models.webp\" alt=\"Hidraulikus henger csere opci\u00f3k\"><\/p>\n<h2>A g\u00e9mhenger alkalmaz\u00e1sai<\/h2>\n<h3>1. \u00c9p\u00edt\u0151ipari berendez\u00e9sek<\/h3>\n<p>A kotr\u00f3g\u00e9pekn\u00e9l a g\u00e9mhenger kulcsfontoss\u00e1g\u00fa az \u00e1s\u00e1shoz, a rakod\u00e1shoz \u00e9s a talaj vagy t\u00f6rmel\u00e9k mozgat\u00e1s\u00e1hoz. Kiny\u00fal\u00e1si \u00e9s visszah\u00faz\u00e1si k\u00e9pess\u00e9ge lehet\u0151v\u00e9 teszi a prec\u00edz \u00e1s\u00e1st \u00e9s az anyagelhelyez\u00e9st. A kotr\u00f3g\u00e9p-rakod\u00f3kn\u00e1l a henger mind a f\u00f6ldmunk\u00e1k, mind az emel\u00e9si feladatok sor\u00e1n seg\u00edt, n\u00f6velve az \u00e1ltal\u00e1nos termel\u00e9kenys\u00e9get. A g\u00e9mhenger hat\u00e9kony m\u0171k\u00f6d\u00e9se k\u00f6zvetlen\u00fcl befoly\u00e1solja az \u00e9p\u00edt\u00e9si projektek sebess\u00e9g\u00e9t \u00e9s hat\u00e9konys\u00e1g\u00e1t.<\/p>\n<h3>2. Mez\u0151gazdas\u00e1gi g\u00e9pek<\/h3>\n<p>A homlokrakod\u00f3k g\u00e9mhengereket haszn\u00e1lnak talaj, sz\u00e9na \u00e9s egy\u00e9b anyagok \u00e1s\u00e1s\u00e1hoz, emel\u00e9s\u00e9hez \u00e9s sz\u00e1ll\u00edt\u00e1s\u00e1hoz. A henger \u00e1ltal biztos\u00edtott hidraulikus teljes\u00edtm\u00e9ny gyors \u00e9s hat\u00e9kony rakod\u00e1si m\u0171veleteket tesz lehet\u0151v\u00e9, ami elengedhetetlen a gazdas\u00e1gok ir\u00e1ny\u00edt\u00e1s\u00e1hoz. A g\u00e9mhenger alkalmazkod\u00f3k\u00e9pess\u00e9ge a k\u00fcl\u00f6nf\u00e9le mez\u0151gazdas\u00e1gi feladatokhoz n\u00f6veli \u00e9rt\u00e9k\u00e9t a mez\u0151gazdas\u00e1gi szektorban.<\/p>\n<h3>3. Kotr\u00f3g\u00e9pek<\/h3>\n<p>A g\u00e9mhenger lehet\u0151v\u00e9 teszi, hogy a kan\u00e1l \u00e1s\u00e1si m\u0171veletek k\u00f6zben behatoljon a talajba, \u00edgy m\u00e9lyebbre \u00e9s hat\u00e9konyabban lehet \u00e1sni. Hidraulikus k\u00e9pess\u00e9geinek k\u00f6sz\u00f6nhet\u0151en a kotr\u00f3g\u00e9p k\u00fcl\u00f6nf\u00e9le funkci\u00f3kat is ell\u00e1that, p\u00e9ld\u00e1ul \u00e1rok\u00e1s\u00e1st \u00e9s szintez\u00e9st, ami j\u00f3l mutatja sokoldal\u00fas\u00e1g\u00e1t az \u00e9p\u00edt\u0151iparban \u00e9s a tereprendez\u00e9sben.<\/p>\n<h3>4. Rakod\u00f3g\u00e9pek<\/h3>\n<p>A homlokrakod\u00f3kban a g\u00e9mhengerek hat\u00e9konyan seg\u00edtik az anyagok emel\u00e9s\u00e9t \u00e9s \u00fcr\u00edt\u00e9s\u00e9t. Ez a funkci\u00f3 l\u00e9tfontoss\u00e1g\u00fa az \u00e9p\u00edt\u0151iparban \u00e9s a tereprendez\u00e9sben, ahol az anyagok id\u0151ben t\u00f6rt\u00e9n\u0151 mozgat\u00e1sa jelent\u0151sen befoly\u00e1solhatja a projektek \u00fctemterv\u00e9t. A g\u00e9mhenger megb\u00edzhat\u00f3s\u00e1ga biztos\u00edtja, hogy a rakod\u00f3g\u00e9pek optim\u00e1lis hat\u00e9konys\u00e1ggal m\u0171k\u00f6djenek.<\/p>\n<h2>Tervez\u00e9si szempontok \u00e9s kiv\u00e1laszt\u00e1si krit\u00e9riumok<\/h2>\n<h3>Teherb\u00edr\u00e1s<\/h3>\n<p>A g\u00e9mhenger kiv\u00e1laszt\u00e1sakor a teherb\u00edr\u00e1s ismerete kiemelked\u0151 fontoss\u00e1g\u00fa. A hengernek k\u00e9pesnek kell lennie a maxim\u00e1lis emelhet\u0151 s\u00faly elvisel\u00e9s\u00e9re a teljes\u00edtm\u00e9ny vagy a biztons\u00e1g fel\u00e1ldoz\u00e1sa n\u00e9lk\u00fcl. Ehhez alapos sz\u00e1m\u00edt\u00e1sokra van sz\u00fcks\u00e9g a v\u00e1rhat\u00f3 \u00fczemi terhel\u00e9sek alapj\u00e1n, hogy biztos\u00edtsuk a megfelel\u0151 specifik\u00e1ci\u00f3k betart\u00e1s\u00e1t.<\/p>\n<h3>T\u00f6m\u00edt\u00e9si teljes\u00edtm\u00e9ny<\/h3>\n<p>A hat\u00e9kony t\u00f6m\u00edt\u00e9s kritikus fontoss\u00e1g\u00fa a hidraulikus rendszerekben a folyad\u00e9ksziv\u00e1rg\u00e1sok megel\u0151z\u00e9se \u00e9s a nyom\u00e1s fenntart\u00e1sa \u00e9rdek\u00e9ben. A tart\u00f3ss\u00e1g n\u00f6vel\u00e9se \u00e9rdek\u00e9ben kiv\u00e1l\u00f3 min\u0151s\u00e9g\u0171 t\u00f6m\u00edt\u0151anyagokat, p\u00e9ld\u00e1ul poliuret\u00e1nt \u00e9s nitrilgumit kell v\u00e1lasztani. A t\u00f6m\u00edt\u0151elemek prec\u00edz kialak\u00edt\u00e1sa biztos\u00edtja a hossz\u00fa t\u00e1v\u00fa teljes\u00edtm\u00e9nyt \u00e9s minimaliz\u00e1lja a karbantart\u00e1si ig\u00e9nyt.<\/p>\n<h3>Tart\u00f3ss\u00e1g<\/h3>\n<p>A tart\u00f3ss\u00e1g kulcsfontoss\u00e1g\u00fa t\u00e9nyez\u0151, mivel a g\u00e9mhengerek neh\u00e9z k\u00f6r\u00fclm\u00e9nyek k\u00f6z\u00f6tt m\u0171k\u00f6dnek. Az anyagoknak kop\u00e1s\u00e1ll\u00f3nak kell lenni\u00fck, olyan kialak\u00edt\u00e1ssal, amely v\u00e9d\u0151bevonatokkal rendelkezik a korr\u00f3zi\u00f3v\u00e9delem \u00e9rdek\u00e9ben. Ez a szempont jelent\u0151sen meghosszabb\u00edtja a henger \u00e9lettartam\u00e1t \u00e9s cs\u00f6kkenti a csere gyakoris\u00e1g\u00e1t.<\/p>\n<h3>Biztons\u00e1gi funkci\u00f3k<\/h3>\n<p>A biztons\u00e1gi funkci\u00f3k, p\u00e9ld\u00e1ul a nyom\u00e1scs\u00f6kkent\u0151 szelepek be\u00e9p\u00edt\u00e9se elengedhetetlen a t\u00falterhel\u00e9s \u00e9s a potenci\u00e1lis meghib\u00e1sod\u00e1sok megel\u0151z\u00e9se \u00e9rdek\u00e9ben. A tervez\u00e9snek tartalmaznia kell olyan mechanizmusokat, amelyek biztos\u00edtj\u00e1k a neh\u00e9zg\u00e9pek biztons\u00e1gos m\u0171k\u00f6d\u00e9s\u00e9t, hozz\u00e1j\u00e1rulva a biztons\u00e1gosabb munkak\u00f6rnyezethez.<\/p>\n<h3>Karbantart\u00e1si hozz\u00e1f\u00e9rhet\u0151s\u00e9g<\/h3>\n<p>A g\u00e9mhengerek karbantart\u00e1s\u00e1nak szem el\u0151tt tart\u00e1sa kulcsfontoss\u00e1g\u00fa. Az alkatr\u00e9szeknek k\u00f6nnyen hozz\u00e1f\u00e9rhet\u0151nek kell lenni\u00fck a rendszeres szervizel\u00e9s \u00e9rdek\u00e9ben, ami megk\u00f6nny\u00edti az id\u0151ben t\u00f6rt\u00e9n\u0151 ellen\u0151rz\u00e9seket \u00e9s jav\u00edt\u00e1sokat. Ez a hozz\u00e1f\u00e9rhet\u0151s\u00e9g seg\u00edt meghosszabb\u00edtani a g\u00e9pek \u00e9lettartam\u00e1t \u00e9s m\u0171k\u00f6d\u00e9si hat\u00e9konys\u00e1g\u00e1t.<\/p>\n<p><img decoding=\"async\" src=\"https:\/\/www.hydraulic-cylinders.net\/wp-content\/uploads\/2025\/04\/songte-oil-pipes-and-spare-parts.webp\" alt=\"Hidraulikus henger alkatr\u00e9szek\"><\/p>\n<h2>T\u00f6m\u00edt\u00e9s \u00e9s ken\u00e9s<\/h2>\n<p>A megfelel\u0151 t\u00f6m\u00edt\u00e9s \u00e9s ken\u00e9s elengedhetetlen a g\u00e9mhengerek hat\u00e9kony m\u0171k\u00f6d\u00e9s\u00e9hez. K\u00fcl\u00f6nb\u00f6z\u0151 t\u00f6m\u00edt\u0151elemeket, p\u00e9ld\u00e1ul dugatty\u00fat\u00f6m\u00edt\u00e9seket \u00e9s r\u00fadt\u00f6m\u00edt\u00e9seket alkalmaznak a hidraulikafolyad\u00e9k sziv\u00e1rg\u00e1s\u00e1nak megakad\u00e1lyoz\u00e1s\u00e1ra. A kop\u00e1s\u00e1ll\u00f3 anyagokb\u00f3l, p\u00e9ld\u00e1ul poliuret\u00e1nb\u00f3l \u00e9s nitrilgumib\u00f3l k\u00e9sz\u00fclt t\u00f6m\u00edt\u00e9sek el\u0151ny\u00f6sek tart\u00f3ss\u00e1guk \u00e9s hat\u00e9konys\u00e1guk miatt.<\/p>\n<p>A hengertest \u00e9s a menetes v\u00e9gek apr\u00f3l\u00e9kos megmunk\u00e1l\u00e1son esnek \u00e1t a kop\u00e1s\u00e1ll\u00f3s\u00e1g n\u00f6vel\u00e9se \u00e9rdek\u00e9ben. A s\u00farl\u00f3d\u00e1s minimaliz\u00e1l\u00e1sa \u00e9s az alkatr\u00e9szek z\u00f6kken\u0151mentes m\u0171k\u00f6d\u00e9s\u00e9nek biztos\u00edt\u00e1sa \u00e9rdek\u00e9ben rendszeres hidraulikaolajjal t\u00f6rt\u00e9n\u0151 ken\u00e9s sz\u00fcks\u00e9ges. A ken\u00e9si rutin kialak\u00edt\u00e1sa seg\u00edt fenntartani az optim\u00e1lis teljes\u00edtm\u00e9nyt \u00e9s meghosszabb\u00edtja a henger \u00e9lettartam\u00e1t.<\/p>\n<h2>Rendszeres ellen\u0151rz\u00e9s \u00e9s megel\u0151z\u0151 karbantart\u00e1s<\/h2>\n<ul>\n<li><strong>Vizu\u00e1lis ellen\u0151rz\u00e9sek:<\/strong> Rendszeresen ellen\u0151rizze a g\u00e9mhengert l\u00e1that\u00f3 s\u00e9r\u00fcl\u00e9sek, sziv\u00e1rg\u00e1sok vagy kop\u00e1s jelei szempontj\u00e1b\u00f3l. A probl\u00e9m\u00e1k korai felismer\u00e9se megel\u0151zheti a tov\u00e1bbi k\u00e1rokat \u00e9s a k\u00f6lts\u00e9ges jav\u00edt\u00e1sokat.<\/li>\n<li><strong>Ken\u00e9s ellen\u0151rz\u00e9se:<\/strong> Gy\u0151z\u0151dj\u00f6n meg arr\u00f3l, hogy a hidraulikaolaj szintje megfelel\u0151, \u00e9s hogy az olaj szennyez\u0151d\u00e9sekt\u0151l mentes. A megfelel\u0151 ken\u00e9s elengedhetetlen a z\u00f6kken\u0151mentes m\u0171k\u00f6d\u00e9shez.<\/li>\n<li><strong>T\u00f6m\u00edt\u00e9scsere:<\/strong> Figyelje a t\u00f6m\u00edt\u00e9sek \u00e1llapot\u00e1t, \u00e9s sz\u00fcks\u00e9g szerint cser\u00e9lje ki azokat a sziv\u00e1rg\u00e1sok megel\u0151z\u00e9se \u00e9s a hidraulikus nyom\u00e1s fenntart\u00e1sa \u00e9rdek\u00e9ben.<\/li>\n<\/ul>\n<h2>Telep\u00edt\u00e9si \u00fatmutat\u00f3<\/h2>\n<p>A g\u00e9mhenger helyes beszerel\u00e9se kulcsfontoss\u00e1g\u00fa a teljes\u00edtm\u00e9nye \u00e9s hossz\u00fa \u00e9lettartama szempontj\u00e1b\u00f3l. Kezdje azzal, hogy a hengert megfelel\u0151en illeszti a g\u00e9p r\u00f6gz\u00edt\u00e9si pontjaihoz. A stabilit\u00e1s biztos\u00edt\u00e1sa \u00e9s a m\u0171k\u00f6d\u00e9s k\u00f6zbeni eltol\u00f3d\u00e1s elker\u00fcl\u00e9se \u00e9rdek\u00e9ben er\u0151sen aj\u00e1nlott megfelel\u0151 r\u00f6gz\u00edt\u0151konzolok haszn\u00e1lata.<\/p>\n<p>Gy\u0151z\u0151dj\u00f6n meg arr\u00f3l, hogy minden hidraulikus csatlakoz\u00e1s biztons\u00e1gos, \u00e9s ellen\u0151rizze az esetleges sziv\u00e1rg\u00e1sokat a haszn\u00e1lat el\u0151tt. A nyomat\u00e9kbe\u00e1ll\u00edt\u00e1sokra \u00e9s a beszerel\u00e9si elj\u00e1r\u00e1sokra vonatkoz\u00f3 gy\u00e1rt\u00f3i el\u0151\u00edr\u00e1sok betart\u00e1sa elengedhetetlen. A henger megfelel\u0151 be\u00e1ll\u00edt\u00e1sa \u00e9s biztons\u00e1gos r\u00f6gz\u00edt\u00e9se jav\u00edtja a teljes\u00edtm\u00e9ny\u00e9t \u00e9s minimaliz\u00e1lja a kop\u00e1st.<\/p>\n<h2>Gyakori karbantart\u00e1si feladatok<\/h2>\n<ul>\n<li><strong>Rendszeres ellen\u0151rz\u00e9sek:<\/strong> V\u00e9gezzen rendszeres ellen\u0151rz\u00e9seket a kop\u00e1s vagy a potenci\u00e1lis hib\u00e1k jeleinek korai azonos\u00edt\u00e1sa \u00e9rdek\u00e9ben. Ez a gyakorlat biztos\u00edtja az id\u0151ben t\u00f6rt\u00e9n\u0151 beavatkoz\u00e1sokat \u00e9s megel\u0151zi a nagyobb meghib\u00e1sod\u00e1sokat.<\/li>\n<li><strong>Megfelel\u0151 ken\u00e9s:<\/strong> Maintain a consistent lubrication schedule to ensure that all moving parts are adequately lubricated. This prevents excessive wear and prolongs the cylinder&#8217;s life.<\/li>\n<li><strong>T\u00f6m\u00edt\u00e9scsere:<\/strong> Rendszeresen ellen\u0151rizze a t\u00f6m\u00edt\u00e9seket, \u00e9s cser\u00e9lje ki \u0151ket, ha kop\u00e1s jeleit mutatj\u00e1k. Ez az egyszer\u0171 feladat seg\u00edthet megel\u0151zni a sziv\u00e1rg\u00e1sokat \u00e9s meg\u0151rizni a hidraulikus rendszer integrit\u00e1s\u00e1t.<\/li>\n<\/ul>\n<h2>Biztons\u00e1gi szempontok \u00e9s k\u00f6rnyezeti t\u00e9nyez\u0151k<\/h2>\n<p>Safety measures are crucial when operating hydraulic machinery. Operators should be trained on proper usage and safety protocols to minimize risks. Understanding the machine&#8217;s limitations and adhering to recommended operating procedures is essential to prevent accidents.<\/p>\n<h2>Hibaelh\u00e1r\u00edt\u00e1s \u00e9s gyakori probl\u00e9m\u00e1k<\/h2>\n<ul>\n<li><strong>Lass\u00fa mozg\u00e1s:<\/strong> Ez alacsony hidraulikafolyad\u00e9k-szintre vagy a rendszerben l\u00e9v\u0151 leveg\u0151re utalhat. Ellen\u0151rizze a folyad\u00e9kszintet \u00e9s l\u00e9gtelen\u00edtse a rendszert a probl\u00e9ma megold\u00e1s\u00e1hoz.<\/li>\n<li><strong>Sziv\u00e1rg\u00e1s:<\/strong> Vizsg\u00e1lja meg a t\u00f6m\u00edt\u00e9seket \u00e9s csatlakoz\u00e1sokat kop\u00e1s vagy s\u00e9r\u00fcl\u00e9s szempontj\u00e1b\u00f3l. Cser\u00e9lje ki a t\u00f6m\u00edt\u00e9seket sz\u00fcks\u00e9g szerint a nyom\u00e1s fenntart\u00e1sa \u00e9s a sziv\u00e1rg\u00e1sok megel\u0151z\u00e9se \u00e9rdek\u00e9ben.<\/li>\n<li><strong>Nincs mozg\u00e1s:<\/strong> Ez elektromos probl\u00e9m\u00e1kb\u00f3l vagy a hidraulikus vezet\u00e9kekben l\u00e9v\u0151 elt\u00f6m\u0151d\u00e9sekb\u0151l eredhet. Alaposan ellen\u0151rizze a hidraulikus \u00e1ramk\u00f6rt hib\u00e1k szempontj\u00e1b\u00f3l.<\/li>\n<\/ul>\n<h2>Tippek a hat\u00e9kony hibaelh\u00e1r\u00edt\u00e1shoz<\/h2>\n<p>A g\u00e9mhenger probl\u00e9m\u00e1inak diagnosztiz\u00e1l\u00e1sakor kezdje a vizu\u00e1lis ellen\u0151rz\u00e9ssel, hogy azonos\u00edtsa a nyilv\u00e1nval\u00f3 probl\u00e9m\u00e1kat. A rendszeres karbantart\u00e1si gyakorlatok seg\u00edthetnek megel\u0151zni sz\u00e1mos gyakori probl\u00e9m\u00e1t, p\u00e9ld\u00e1ul a sziv\u00e1rg\u00e1sokat \u00e9s a lass\u00fa m\u0171k\u00f6d\u00e9st. A r\u00e9szletes karbantart\u00e1si napl\u00f3 vezet\u00e9se seg\u00edthet az ism\u00e9tl\u0151d\u0151 probl\u00e9m\u00e1k azonos\u00edt\u00e1s\u00e1ban \u00e9s a jav\u00edt\u00e1sok jobb megtervez\u00e9s\u00e9ben.<\/p>\n<p><img decoding=\"async\" src=\"https:\/\/www.hydraulic-cylinders.net\/wp-content\/uploads\/2025\/04\/songte-bushings-with-all-kinds-of-excavator-models.webp\" alt=\"Kotr\u00f3g\u00e9p modellek\"><\/p>\n<h2>C\u00e9g\u00fcnkr\u0151l<\/h2>\n<p>A p\u00f3talkatr\u00e9szk\u00e9nt haszn\u00e1lt hidraulikus hengerek vezet\u0151 gy\u00e1rt\u00f3ja vagyunk, \u00e1tfog\u00f3 term\u00e9kv\u00e1laszt\u00e9kot k\u00edn\u00e1lva. C\u00e9g\u00fcnk a hidraulikus hengerek vezet\u0151 gy\u00e1rt\u00f3jak\u00e9nt \u00e9s nagykereskedelmi forgalmaz\u00f3jak\u00e9nt bizonyult mind a hazai, mind a nemzetk\u00f6zi piacokon. Kiemelked\u0151 min\u0151s\u00e9gi szabv\u00e1nyokat k\u00f6vet\u00fcnk, \u00e9s kifinomult gy\u00e1rt\u00e1sir\u00e1ny\u00edt\u00e1si strat\u00e9gi\u00e1t alkalmazunk.<\/p>\n<p>Tehets\u00e9ges szakemberek, fejlett digit\u00e1lis gy\u00e1rt\u00f3berendez\u00e9sek \u00e9s speci\u00e1lis tesztel\u0151rendszerek alkalmaz\u00e1s\u00e1val folyamatosan fejlesztj\u00fck gy\u00e1rt\u00e1si k\u00e9pess\u00e9geinket. A min\u0151s\u00e9g ir\u00e1nti elk\u00f6telezetts\u00e9g\u00fcnk nemcsak a soksz\u00edn\u0171 \u00fcgyf\u00e9lig\u00e9nyeket el\u00e9g\u00edti ki, hanem piaci poz\u00edci\u00f3nkat is er\u0151s\u00edti.<\/p>\n<p><img decoding=\"async\" src=\"https:\/\/www.hydraulic-cylinders.net\/wp-content\/uploads\/2025\/04\/songte-company-4.webp\" alt=\"C\u00e9ginform\u00e1ci\u00f3\"><br \/>\n<img decoding=\"async\" src=\"https:\/\/www.hydraulic-cylinders.net\/wp-content\/uploads\/2025\/04\/songte-company-3.webp\" alt=\"Gy\u00e1rt\u00f3\u00fczem\"><\/p>\n<p>B\u00fcszk\u00e9k vagyunk professzionalizmusunkra, nemzetk\u00f6zi tan\u00fas\u00edtv\u00e1nyainkra, testreszabhat\u00f3 szolg\u00e1ltat\u00e1sainkra \u00e9s kiv\u00e1l\u00f3 \u00e9rt\u00e9kes\u00edt\u00e9s ut\u00e1ni t\u00e1mogat\u00e1sunkra, biztos\u00edtva, hogy \u00fcgyfeleink a legjobb min\u0151s\u00e9get \u00e9s szolg\u00e1ltat\u00e1st kapj\u00e1k.<\/p>\n<p>Szerz\u0151: lyl<\/p>","protected":false},"excerpt":{"rendered":"<p>Boom Cylinder For Kato Small Excavator HD550-1-7 Understanding the Boom Cylinder The boom cylinder is a hydraulic cylinder specifically designed for controlling the movement of the boom on various heavy machinery, such as excavators, backhoe loaders, and front-end loaders. This essential component allows the boom to lift, lower, and tilt, facilitating efficient material handling tasks. [&hellip;]<\/p>","protected":false},"featured_media":17875,"comment_status":"open","ping_status":"closed","template":"","meta":{"_et_pb_use_builder":"","_et_pb_old_content":"","_et_gb_content_width":""},"product_brand":[],"product_cat":[1546],"product_tag":[1547,1496],"class_list":{"0":"post-19732","1":"product","2":"type-product","3":"status-publish","4":"has-post-thumbnail","6":"product_cat-boom-cylinders","7":"product_tag-boom-cylinders","8":"product_tag-hydraulic-cylinders","10":"first","11":"instock","12":"shipping-taxable","13":"product-type-simple"},"amp_enabled":true,"_links":{"self":[{"href":"https:\/\/www.hydraulic-cylinders.net\/hu\/wp-json\/wp\/v2\/product\/19732","targetHints":{"allow":["GET"]}}],"collection":[{"href":"https:\/\/www.hydraulic-cylinders.net\/hu\/wp-json\/wp\/v2\/product"}],"about":[{"href":"https:\/\/www.hydraulic-cylinders.net\/hu\/wp-json\/wp\/v2\/types\/product"}],"replies":[{"embeddable":true,"href":"https:\/\/www.hydraulic-cylinders.net\/hu\/wp-json\/wp\/v2\/comments?post=19732"}],"wp:featuredmedia":[{"embeddable":true,"href":"https:\/\/www.hydraulic-cylinders.net\/hu\/wp-json\/wp\/v2\/media\/17875"}],"wp:attachment":[{"href":"https:\/\/www.hydraulic-cylinders.net\/hu\/wp-json\/wp\/v2\/media?parent=19732"}],"wp:term":[{"taxonomy":"product_brand","embeddable":true,"href":"https:\/\/www.hydraulic-cylinders.net\/hu\/wp-json\/wp\/v2\/product_brand?post=19732"},{"taxonomy":"product_cat","embeddable":true,"href":"https:\/\/www.hydraulic-cylinders.net\/hu\/wp-json\/wp\/v2\/product_cat?post=19732"},{"taxonomy":"product_tag","embeddable":true,"href":"https:\/\/www.hydraulic-cylinders.net\/hu\/wp-json\/wp\/v2\/product_tag?post=19732"}],"curies":[{"name":"munkaf\u00fczet","href":"https:\/\/api.w.org\/{rel}","templated":true}]}}