{"id":19749,"date":"2025-04-07T07:05:29","date_gmt":"2025-04-07T07:05:29","guid":{"rendered":"https:\/\/www.hydraulic-cylinders.net\/product\/boom-cylinder-for-kato-small-excavator-hd308r\/"},"modified":"2025-04-07T07:05:31","modified_gmt":"2025-04-07T07:05:31","slug":"boom-cylinder-for-kato-small-excavator-hd308r","status":"publish","type":"product","link":"https:\/\/www.hydraulic-cylinders.net\/hu\/termek\/boom-cylinder-for-kato-small-excavator-hd308r\/","title":{"rendered":"G\u00e9mhenger Kato kis kotr\u00f3g\u00e9phez HD308R"},"content":{"rendered":"<h1>G\u00e9mhenger Kato kis kotr\u00f3g\u00e9phez HD308R<\/h1>\n<h2>Term\u00e9k\u00e1ttekint\u00e9s<\/h2>\n<p>A Kato HD308R kis kotr\u00f3g\u00e9p g\u00e9mhengere kulcsfontoss\u00e1g\u00fa eleme a kotr\u00f3g\u00e9pek hidraulikus rendszer\u00e9nek. Ez a hidraulikus henger kifejezetten a kan\u00e1l mozg\u00e1s\u00e1nak vez\u00e9rl\u00e9s\u00e9re szolg\u00e1l, lehet\u0151v\u00e9 t\u00e9ve a hat\u00e9kony anyagmozgat\u00e1si feladatokat. Lehet\u0151v\u00e9 teszi a kan\u00e1l emel\u00e9s\u00e9t, s\u00fcllyeszt\u00e9s\u00e9t \u00e9s billent\u00e9s\u00e9t, \u00edgy elengedhetetlen a k\u00fcl\u00f6nf\u00e9le neh\u00e9zg\u00e9p\u00e9szeti m\u0171veletekhez, p\u00e9ld\u00e1ul a f\u00f6ldmunk\u00e1hoz, a rakod\u00e1shoz \u00e9s az anyagok sz\u00e1ll\u00edt\u00e1s\u00e1hoz.<\/p>\n<p><img decoding=\"async\" src=\"https:\/\/www.hydraulic-cylinders.net\/wp-content\/uploads\/2025\/04\/songte-company-1.webp\" alt=\"G\u00e9mhenger m\u0171k\u00f6d\u00e9s k\u00f6zben\" \/><\/p>\n<h3>Defin\u00edci\u00f3 \u00e9s funkci\u00f3<\/h3>\n<p>A kan\u00e1lhenger, m\u00e1s n\u00e9ven a g\u00e9mhenger, egy olyan hidraulikus henger, amelyet neh\u00e9zg\u00e9pekben, p\u00e9ld\u00e1ul kotr\u00f3g\u00e9pekben, kotr\u00f3g\u00e9pekben \u00e9s homlokrakod\u00f3kban haszn\u00e1lnak. Kulcsfontoss\u00e1g\u00fa szerepet j\u00e1tszik ezen g\u00e9pek hidraulikus rendszereiben az\u00e1ltal, hogy a hidraulikus energi\u00e1t mechanikai mozg\u00e1ss\u00e1 alak\u00edtja. Ez a folyamat lehet\u0151v\u00e9 teszi a kezel\u0151k sz\u00e1m\u00e1ra, hogy bonyolult feladatokat, p\u00e9ld\u00e1ul \u00e1s\u00e1st \u00e9s emel\u00e9st v\u00e9gezzenek prec\u00edzen \u00e9s kontroll\u00e1ltan.<\/p>\n<p>L\u00e9nyeg\u00e9ben a kan\u00e1lhenger hidraulikafolyad\u00e9kot haszn\u00e1l az er\u0151 l\u00e9trehoz\u00e1s\u00e1hoz, el\u0151seg\u00edtve a kan\u00e1l mozg\u00e1s\u00e1t. Ez a funkci\u00f3 kulcsfontoss\u00e1g\u00fa az \u00e9p\u00edt\u0151ipari \u00e9s mez\u0151gazdas\u00e1gi feladatokn\u00e1l, lehet\u0151v\u00e9 t\u00e9ve a hat\u00e9kony m\u0171k\u00f6d\u00e9st kih\u00edv\u00e1st jelent\u0151 k\u00f6rnyezetben. A g\u00e9mhenger kialak\u00edt\u00e1sa a tart\u00f3ss\u00e1got \u00e9s a teljes\u00edtm\u00e9nyt hangs\u00falyozza, biztos\u00edtva, hogy ellen\u00e1lljon a neh\u00e9z terheknek \u00e9s a zord k\u00f6r\u00fclm\u00e9nyeknek.<\/p>\n<h2>A g\u00e9mhenger jellemz\u0151i<\/h2>\n<ul>\n<li><strong>Nagy szil\u00e1rds\u00e1g \u00e9s tart\u00f3ss\u00e1g:<\/strong> Nagy szil\u00e1rds\u00e1g\u00fa ac\u00e9lb\u00f3l vagy alum\u00edniumb\u00f3l k\u00e9sz\u00fclt, ez a henger nagy nyom\u00e1st \u00e9s nagy terhel\u00e9st b\u00edr ki, \u00edgy alkalmass\u00e1 teszi a zord munkak\u00f6rnyezetre.<\/li>\n<li><strong>Hat\u00e9kony hidraulikus m\u0171k\u00f6dtet\u00e9s:<\/strong> A henger hidraulikaolaj-nyom\u00e1st haszn\u00e1l a sima kiny\u00fal\u00e1shoz \u00e9s visszah\u00faz\u00e1shoz, lehet\u0151v\u00e9 t\u00e9ve a gyors reag\u00e1l\u00e1st a kezel\u0151i parancsokra, \u00e9s jelent\u0151s tol\u00f3- \u00e9s h\u00faz\u00f3er\u0151t biztos\u00edtva.<\/li>\n<li><strong>K\u00fcl\u00f6nb\u00f6z\u0151 t\u00edpusok:<\/strong> Kaphat\u00f3 egyszeres m\u0171k\u00f6d\u00e9s\u0171 (egy ir\u00e1nyban m\u0171k\u00f6d\u0151) vagy kett\u0151s m\u0171k\u00f6d\u00e9s\u0171 (mindk\u00e9t ir\u00e1nyban m\u0171k\u00f6d\u0151) konfigur\u00e1ci\u00f3ban, a v\u00e1ltoz\u00f3 m\u0171k\u00f6d\u00e9si ig\u00e9nyekhez igazodva, egyes modellek teleszk\u00f3pos kialak\u00edt\u00e1ssal rendelkeznek a nagyobb kiny\u00fal\u00e1s \u00e9rdek\u00e9ben a k\u00fcls\u0151 m\u00e9retek n\u00f6vel\u00e9se n\u00e9lk\u00fcl.<\/li>\n<\/ul>\n<h2>Termel\u00e9si k\u00e9pess\u00e9geink<\/h2>\n<p>Cserehidraulikus hengerek gy\u00e1rt\u00e1s\u00e1ra szakosodtunk, biztos\u00edtva, hogy term\u00e9keink t\u00f6k\u00e9letesen helyettes\u00edts\u00e9k a piacon l\u00e9v\u0151 hengereket.<\/p>\n<p><img decoding=\"async\" src=\"https:\/\/www.hydraulic-cylinders.net\/wp-content\/uploads\/2025\/04\/songte-cylinder-head-with-all-kinds-excavator-models.webp\" alt=\"Hidraulikus henger kotr\u00f3g\u00e9pekhez\" \/><\/p>\n<h2>Alkalmaz\u00e1si forgat\u00f3k\u00f6nyvek<\/h2>\n<h3>\u00c9p\u00edt\u0151ipari berendez\u00e9sek<\/h3>\n<p>A kotr\u00f3g\u00e9pekben a g\u00e9mhengerek l\u00e9tfontoss\u00e1g\u00faak az \u00e1s\u00e1shoz, rakod\u00e1shoz \u00e9s a f\u00f6ld vagy t\u00f6rmel\u00e9k mozgat\u00e1s\u00e1hoz. Ezek biztos\u00edtj\u00e1k a sz\u00fcks\u00e9ges er\u0151t a talajba val\u00f3 behatol\u00e1shoz \u00e9s a neh\u00e9z terhek hat\u00e9kony emel\u00e9s\u00e9hez. A kotr\u00f3g\u00e9p-rakod\u00f3kban a kan\u00e1lhenger nemcsak az \u00e1s\u00e1st seg\u00edti, hanem az anyagok emel\u00e9s\u00e9t is, n\u00f6velve a g\u00e9p \u00e1ltal\u00e1nos hat\u00e9konys\u00e1g\u00e1t.<\/p>\n<h3>Mez\u0151gazdas\u00e1gi g\u00e9pek<\/h3>\n<p>A homlokrakod\u00f3kban a g\u00e9mhengereket talaj, sz\u00e9na \u00e9s egy\u00e9b anyagok mer\u00e9s\u00e9re, emel\u00e9s\u00e9re \u00e9s sz\u00e1ll\u00edt\u00e1s\u00e1ra haszn\u00e1lj\u00e1k. A neh\u00e9z emel\u00e9st ig\u00e9nyl\u0151 feladatok elv\u00e9gz\u00e9s\u00e9re val\u00f3 k\u00e9pess\u00e9g\u00fck n\u00e9lk\u00fcl\u00f6zhetetlenn\u00e9 teszi \u0151ket a mez\u0151gazdas\u00e1gban, ahol az id\u0151ben t\u00f6rt\u00e9n\u0151 anyagmozgat\u00e1s kulcsfontoss\u00e1g\u00fa a termel\u00e9kenys\u00e9g szempontj\u00e1b\u00f3l.<\/p>\n<h3>Kotr\u00f3g\u00e9pek<\/h3>\n<p>A kotr\u00f3g\u00e9pek g\u00e9mhengereket haszn\u00e1lnak az \u00e1s\u00e1si folyamat megk\u00f6nny\u00edt\u00e9s\u00e9re az\u00e1ltal, hogy lehet\u0151v\u00e9 teszik a kan\u00e1l hat\u00e9kony talajba hatol\u00e1s\u00e1t. Ez a k\u00e9pess\u00e9g elengedhetetlen sz\u00e1mos projektben, bele\u00e9rtve a tereprendez\u00e9st, az \u00e9p\u00edt\u0151iparban \u00e9s az infrastrukt\u00fara-fejleszt\u00e9sben.<\/p>\n<h3>Rakod\u00f3k<\/h3>\n<p>A homlokrakod\u00f3kban a g\u00e9mhengerek hat\u00e9konyan t\u00e1mogatj\u00e1k az anyagok emel\u00e9s\u00e9t \u00e9s \u00fcr\u00edt\u00e9s\u00e9t. A hidraulikus m\u0171k\u00f6d\u00e9s lehet\u0151v\u00e9 teszi a kezel\u0151k sz\u00e1m\u00e1ra, hogy k\u00f6nnyen kezelj\u00e9k a neh\u00e9z terheket, biztos\u00edtva a z\u00f6kken\u0151mentes m\u0171k\u00f6d\u00e9st az \u00e9p\u00edtkez\u00e9seken.<\/p>\n<h2>Tervez\u00e9si szempontok \u00e9s kiv\u00e1laszt\u00e1si krit\u00e9riumok<\/h2>\n<h3>Teherb\u00edr\u00e1s<\/h3>\n<p>A g\u00e9mhenger kiv\u00e1laszt\u00e1sakor fontos figyelembe venni a teherb\u00edr\u00e1s\u00e1t. A hengert \u00fagy kell megtervezni, hogy elb\u00edrja a m\u0171k\u00f6d\u00e9s k\u00f6zben fell\u00e9p\u0151 maxim\u00e1lis s\u00falyt, ami biztos\u00edtja a biztons\u00e1got \u00e9s a megb\u00edzhat\u00f3s\u00e1got. A t\u00falterhel\u00e9s a henger meghib\u00e1sod\u00e1s\u00e1hoz vezethet, vesz\u00e9lyeztetve mind a g\u00e9pet, mind a kezel\u0151t.<\/p>\n<h3>T\u00f6m\u00edt\u00e9s \u00e9s tart\u00f3ss\u00e1g<\/h3>\n<p>A hat\u00e9kony t\u00f6m\u00edt\u00e9s elengedhetetlen a hidraulikus nyom\u00e1s fenntart\u00e1s\u00e1hoz \u00e9s a folyad\u00e9ksziv\u00e1rg\u00e1s megakad\u00e1lyoz\u00e1s\u00e1hoz. A tart\u00f3s anyagokb\u00f3l, p\u00e9ld\u00e1ul poliuret\u00e1nb\u00f3l vagy nitrilgumib\u00f3l k\u00e9sz\u00fclt, kiv\u00e1l\u00f3 min\u0151s\u00e9g\u0171 t\u00f6m\u00edt\u00e9sek n\u00f6velik a henger \u00e9lettartam\u00e1t. Ezenk\u00edv\u00fcl a hengertest \u00e9s a menetes v\u00e9gek fel\u00fcletkezel\u00e9se jelent\u0151s szerepet j\u00e1tszik a kop\u00e1s\u00e1ll\u00f3s\u00e1gban, hozz\u00e1j\u00e1rulva az \u00e1ltal\u00e1nos tart\u00f3ss\u00e1ghoz.<\/p>\n<h3>Biztons\u00e1gi funkci\u00f3k<\/h3>\n<p>A hidraulikus rendszer biztons\u00e1ga a megfelel\u0151 tervez\u00e9sen m\u00falik. Az olyan funkci\u00f3k be\u00e9p\u00edt\u00e9se, mint a nyom\u00e1scs\u00f6kkent\u0151 szelepek, megakad\u00e1lyozhatj\u00e1k a t\u00falnyom\u00e1st, v\u00e9dve mind a berendez\u00e9st, mind a kezel\u0151ket. A rendszeres ellen\u0151rz\u00e9s \u00e9s karbantart\u00e1s biztos\u00edtja, hogy ezek a biztons\u00e1gi funkci\u00f3k tov\u00e1bbra is m\u0171k\u00f6d\u0151k\u00e9pesek maradjanak.<\/p>\n<p><img decoding=\"async\" src=\"https:\/\/www.hydraulic-cylinders.net\/wp-content\/uploads\/2025\/04\/songte-oil-pipes-and-spare-parts.webp\" alt=\"Hidraulikus alkatr\u00e9szek\" \/><\/p>\n<h2>T\u00f6m\u00edt\u00e9s \u00e9s ken\u00e9s<\/h2>\n<p>A hidraulikus henger integrit\u00e1s\u00e1nak meg\u0151rz\u00e9s\u00e9hez elengedhetetlen a k\u00fcl\u00f6nf\u00e9le t\u00f6m\u00edt\u0151elemek, p\u00e9ld\u00e1ul a dugatty\u00fat\u00f6m\u00edt\u00e9sek \u00e9s a r\u00fadt\u00f6m\u00edt\u00e9sek haszn\u00e1lata. A t\u00f6m\u00edt\u00e9seket kop\u00e1s\u00e1ll\u00f3s\u00e1guk \u00e9s a hidraulikus folyad\u00e9kokkal val\u00f3 kompatibilit\u00e1suk alapj\u00e1n kell kiv\u00e1lasztani. A hengertest \u00e9s a menetes v\u00e9gek finom megmunk\u00e1l\u00e1son esnek \u00e1t a kop\u00e1s\u00e1ll\u00f3s\u00e1g jav\u00edt\u00e1sa, a hossz\u00fa \u00e9lettartam \u00e9s a teljes\u00edtm\u00e9ny biztos\u00edt\u00e1sa \u00e9rdek\u00e9ben. A megfelel\u0151 hidraulikaolajjal t\u00f6rt\u00e9n\u0151 rendszeres ken\u00e9s elengedhetetlen a s\u00farl\u00f3d\u00e1s \u00e9s a kop\u00e1s minimaliz\u00e1l\u00e1sa \u00e9rdek\u00e9ben, ami hozz\u00e1j\u00e1rul a sim\u00e1bb m\u0171k\u00f6d\u00e9shez \u00e9s a hosszabb \u00e9lettartamhoz.<\/p>\n<h2>Megel\u0151z\u0151 karbantart\u00e1si int\u00e9zked\u00e9sek<\/h2>\n<ul>\n<li><strong>Rendszeres ellen\u0151rz\u00e9sek:<\/strong> Gyakori ellen\u0151rz\u00e9seket v\u00e9gezzen a kop\u00e1s \u00e9s a s\u00e9r\u00fcl\u00e9sek korai azonos\u00edt\u00e1sa \u00e9rdek\u00e9ben. Ez a proakt\u00edv megk\u00f6zel\u00edt\u00e9s seg\u00edt megel\u0151zni a k\u00f6lts\u00e9ges jav\u00edt\u00e1sokat \u00e9s az \u00e1ll\u00e1sid\u0151t.<\/li>\n<li><strong>Megfelel\u0151 ken\u00e9s:<\/strong> Gy\u0151z\u0151dj\u00f6n meg arr\u00f3l, hogy a hidraulikaolaj szintje megfelel\u0151, \u00e9s hogy a ken\u0151anyagokat a gy\u00e1rt\u00f3 el\u0151\u00edr\u00e1sainak megfelel\u0151en haszn\u00e1lja az optim\u00e1lis teljes\u00edtm\u00e9ny fenntart\u00e1sa \u00e9rdek\u00e9ben.<\/li>\n<li><strong>T\u00f6m\u00edt\u00e9scsere:<\/strong> Figyelje a t\u00f6m\u00edt\u00e9sek \u00e1llapot\u00e1t, \u00e9s sz\u00fcks\u00e9g szerint cser\u00e9lje ki azokat a sziv\u00e1rg\u00e1sok megel\u0151z\u00e9se \u00e9s a rendszernyom\u00e1s fenntart\u00e1sa \u00e9rdek\u00e9ben.<\/li>\n<\/ul>\n<h2>Telep\u00edt\u00e9si \u00fatmutat\u00f3<\/h2>\n<p>A g\u00e9mhenger felszerel\u00e9se sor\u00e1n gondos odafigyel\u00e9st kell ford\u00edtani az igaz\u00edt\u00e1sra \u00e9s a biztons\u00e1gos r\u00f6gz\u00edt\u00e9sre. A k\u00f6vetkez\u0151 l\u00e9p\u00e9seket kell k\u00f6vetni:<\/p>\n<ul>\n<li>A t\u00falzott fesz\u00fclts\u00e9g elker\u00fcl\u00e9se \u00e9rdek\u00e9ben \u00fcgyeljen a henger megfelel\u0151 illeszt\u00e9s\u00e9re a r\u00f6gz\u00edt\u00e9si pontokhoz.<\/li>\n<li>Haszn\u00e1ljon megfelel\u0151 r\u00f6gz\u00edt\u0151konzolokat a henger r\u00f6gz\u00edt\u00e9s\u00e9hez, megakad\u00e1lyozva az elmozdul\u00e1st m\u0171k\u00f6d\u00e9s k\u00f6zben.<\/li>\n<li>A biztons\u00e1gos illeszked\u00e9s \u00e9rdek\u00e9ben l\u00e1sd a szerel\u00e9si k\u00e9zik\u00f6nyvet a nyomat\u00e9kadatok\u00e9rt \u00e9s a megh\u00faz\u00e1si elj\u00e1r\u00e1sok\u00e9rt.<\/li>\n<li>A telep\u00edt\u00e9s ut\u00e1n ellen\u0151rizze a hidraulikus rendszer m\u0171k\u00f6d\u00e9s\u00e9t, \u00e9s ellen\u0151rizze, hogy nincs-e sziv\u00e1rg\u00e1s, miel\u0151tt megkezden\u00e9 a norm\u00e1l \u00fczemeltet\u00e9st.<\/li>\n<\/ul>\n<h2>Karbantart\u00e1si feladatok<\/h2>\n<h3>Rendszeres ellen\u0151rz\u00e9sek<\/h3>\n<p>A rutinszer\u0171 ellen\u0151rz\u00e9sek elengedhetetlenek a potenci\u00e1lis probl\u00e9m\u00e1k korai felismer\u00e9s\u00e9hez. Ez mag\u00e1ban foglalja a hidraulikafolyad\u00e9k sziv\u00e1rg\u00e1s\u00e1nak ellen\u0151rz\u00e9s\u00e9t, a t\u00f6m\u00edt\u00e9sek \u00e1llapot\u00e1nak felm\u00e9r\u00e9s\u00e9t \u00e9s az \u00f6sszes mechanikus csatlakoz\u00e1s biztons\u00e1goss\u00e1g\u00e1nak biztos\u00edt\u00e1s\u00e1t. A kop\u00e1s \u00e9s elhaszn\u00e1l\u00f3d\u00e1s korai azonos\u00edt\u00e1sa megel\u0151zheti a nagyobb probl\u00e9m\u00e1kat a k\u00e9s\u0151bbiekben.<\/p>\n<h3>Megfelel\u0151 ken\u00e9s<\/h3>\n<p>A hidraulikus henger megfelel\u0151 ken\u00e9se elengedhetetlen a teljes\u00edtm\u00e9ny\u00e9hez. A nem megfelel\u0151 ken\u00e9s fokozott kop\u00e1shoz \u00e9s a hat\u00e9konys\u00e1g cs\u00f6kken\u00e9s\u00e9hez vezethet. Javasoljuk, hogy k\u00f6vesse a gy\u00e1rt\u00f3 utas\u00edt\u00e1sait a ken\u00e9si intervallumokra \u00e9s a haszn\u00e1land\u00f3 hidraulikafolyad\u00e9k t\u00edpus\u00e1ra vonatkoz\u00f3an.<\/p>\n<h3>T\u00f6m\u00edt\u00e9s csere<\/h3>\n<p>A t\u00f6m\u00edt\u00e9sek megfelel\u0151 id\u0151k\u00f6z\u00f6nk\u00e9nti cser\u00e9je sz\u00fcks\u00e9ges a hidraulikus rendszer integrit\u00e1s\u00e1nak meg\u0151rz\u00e9s\u00e9hez. A kopott vagy s\u00e9r\u00fclt t\u00f6m\u00edt\u00e9sek folyad\u00e9ksziv\u00e1rg\u00e1st okozhatnak, ami vesz\u00e9lyezteti a rendszer hat\u00e9konys\u00e1g\u00e1t \u00e9s biztons\u00e1g\u00e1t. A rendszeres cser\u00e9k seg\u00edthetnek cs\u00f6kkenteni ezt a kock\u00e1zatot.<\/p>\n<p><img decoding=\"async\" src=\"https:\/\/www.hydraulic-cylinders.net\/wp-content\/uploads\/2025\/04\/songte-chushion-collar.webp\" alt=\"P\u00e1rn\u00e1zott gall\u00e9r hengerekhez\" \/><\/p>\n<h2>Biztons\u00e1gi szempontok \u00e9s k\u00f6rnyezeti t\u00e9nyez\u0151k<\/h2>\n<p>Hidraulikus rendszerek \u00fczemeltet\u00e9sekor a biztons\u00e1gi int\u00e9zked\u00e9sek kiemelked\u0151 fontoss\u00e1g\u00faak. A kezel\u0151knek megfelel\u0151 szem\u00e9lyi v\u00e9d\u0151felszerel\u00e9st (PPE) kell viselni\u00fck, \u00e9s be kell tartaniuk a biztons\u00e1gi protokollokat a balesetek vagy s\u00e9r\u00fcl\u00e9sek kock\u00e1zat\u00e1nak minimaliz\u00e1l\u00e1sa \u00e9rdek\u00e9ben. Ezenk\u00edv\u00fcl figyelmet kell ford\u00edtani a k\u00f6rnyezetv\u00e9delmi szempontokra, p\u00e9ld\u00e1ul a hidraulikus folyad\u00e9kok megfelel\u0151 \u00e1rtalmatlan\u00edt\u00e1s\u00e1ra \u00e9s a rendszerek sziv\u00e1rg\u00e1s\u00e1nak megakad\u00e1lyoz\u00e1s\u00e1ra a szennyez\u0151d\u00e9s megel\u0151z\u00e9se \u00e9rdek\u00e9ben.<\/p>\n<h2>Gyakori probl\u00e9m\u00e1k elh\u00e1r\u00edt\u00e1sa<\/h2>\n<ul>\n<li><strong>Folyad\u00e9ksziv\u00e1rg\u00e1sok:<\/strong> Sziv\u00e1rg\u00e1s \u00e9szlel\u00e9se eset\u00e9n ellen\u0151rizze a t\u00f6m\u00edt\u00e9sek kop\u00e1s\u00e1t, \u00e9s sz\u00fcks\u00e9g eset\u00e9n cser\u00e9lje ki \u0151ket. Gy\u0151z\u0151dj\u00f6n meg arr\u00f3l, hogy minden csatlakoz\u00e1s szoros.<\/li>\n<li><strong>Inkonzisztens m\u0171k\u00f6d\u00e9s:<\/strong> Ez a hidraulikafolyad\u00e9k szintj\u00e9vel vagy a rendszerben l\u00e9v\u0151 leveg\u0151vel kapcsolatos probl\u00e9m\u00e1ra utalhat. L\u00e9gtelen\u00edtse a rendszert, \u00e9s ellen\u0151rizze a megfelel\u0151 folyad\u00e9kszintet.<\/li>\n<li><strong>Alacsony fogyaszt\u00e1s:<\/strong> Az el\u00e9gtelen hidraulikus teljes\u00edtm\u00e9ny oka lehet az elt\u00f6m\u0151d\u00f6tt sz\u0171r\u0151 vagy az alacsony folyad\u00e9kszint. Ellen\u0151rizze \u00e9s sz\u00fcks\u00e9g szerint cser\u00e9lje ki a sz\u0171r\u0151ket.<\/li>\n<\/ul>\n<h2>Hibaelh\u00e1r\u00edt\u00e1si tippek<\/h2>\n<p>A probl\u00e9m\u00e1k hat\u00e9kony diagnosztiz\u00e1l\u00e1sa \u00e9s kezel\u00e9se \u00e9rdek\u00e9ben az \u00fczemeltet\u0151knek hibaelh\u00e1r\u00edt\u00e1si \u00fatmutat\u00f3t kell vezetni\u00fck. A rendszeres karbantart\u00e1si ellen\u0151rz\u00e9sek megel\u0151z\u0151 jelleggel megoldhatj\u00e1k a probl\u00e9m\u00e1kat, miel\u0151tt azok s\u00falyosbodn\u00e1nak. A folyad\u00e9kszintek \u00e9s a sz\u0171r\u0151k ellen\u0151rz\u00e9s\u00e9nek rutinj\u00e1nak kialak\u00edt\u00e1sa hossz\u00fa t\u00e1von id\u0151t \u00e9s er\u0151forr\u00e1sokat takar\u00edthat meg.<\/p>\n<p><img decoding=\"async\" src=\"https:\/\/www.hydraulic-cylinders.net\/wp-content\/uploads\/2025\/04\/songte-bushings-with-all-kinds-of-excavator-models.webp\" alt=\"Kotr\u00f3g\u00e9pek perselye\" \/><\/p>\n<h2>C\u00e9g\u00fcnkr\u0151l<\/h2>\n<p>A hidraulikus hengerek vezet\u0151 gy\u00e1rt\u00f3ja vagyunk, \u00e9s min\u0151s\u00e9gi cserealkatr\u00e9szek biztos\u00edt\u00e1s\u00e1ra specializ\u00e1l\u00f3dtunk. Sz\u00e9les term\u00e9kk\u00edn\u00e1latunknak k\u00f6sz\u00f6nhet\u0151en mind a hazai, mind a nemzetk\u00f6zi piacok egyik vezet\u0151 gy\u00e1rt\u00f3jak\u00e9nt \u00e9s nagykeresked\u0151jek\u00e9nt szerepel\u00fcnk. A kiv\u00e9teles min\u0151s\u00e9get helyezz\u00fck el\u0151t\u00e9rbe, kifinomult gy\u00e1rt\u00e1si strat\u00e9gi\u00e1kat \u00e9s fejlett l\u00e9tes\u00edtm\u00e9nyeket alkalmazva. A m\u0171szaki tehets\u00e9gre, a legmodernebb digit\u00e1lis gy\u00e1rt\u00f3berendez\u00e9sekre \u00e9s a professzion\u00e1lis tesztel\u0151rendszerekre val\u00f3 \u00f6sszpontos\u00edt\u00e1sunk folyamatosan n\u00f6veli termel\u00e9si k\u00e9pess\u00e9geinket.<\/p>\n<p>A kiv\u00e1l\u00f3s\u00e1g ir\u00e1nti elk\u00f6telezetts\u00e9g\u00fcnket hat\u00e9kony \u00e9s prec\u00edz gy\u00e1rt\u00e1si folyamataink t\u00fckr\u00f6zik, amelyek lehet\u0151v\u00e9 teszik sz\u00e1munkra, hogy kiel\u00e9g\u00edts\u00fck \u00fcgyfeleink v\u00e1ltozatos ig\u00e9nyeit. Testreszabott szolg\u00e1ltat\u00e1sokat k\u00edn\u00e1lunk, professzion\u00e1lis t\u00e1mogat\u00e1ssal \u00e9s nemzetk\u00f6zi tan\u00fas\u00edtv\u00e1nyokkal t\u00e1mogatva, biztos\u00edtva, hogy term\u00e9keink megfeleljenek a legmagasabb min\u0151s\u00e9gi \u00e9s megb\u00edzhat\u00f3s\u00e1gi szabv\u00e1nyoknak.<\/p>\n<p><img decoding=\"async\" src=\"https:\/\/www.hydraulic-cylinders.net\/wp-content\/uploads\/2025\/04\/songte-company-4.webp\" alt=\"C\u00e9ges l\u00e9tes\u00edtm\u00e9nyek\" \/><br \/>\n<img decoding=\"async\" src=\"https:\/\/www.hydraulic-cylinders.net\/wp-content\/uploads\/2025\/04\/songte-company-3.webp\" alt=\"Gy\u00e1rt\u00f3\u00fczem\" \/><\/p>\n<p>Szerz\u0151: lyl<\/p>","protected":false},"excerpt":{"rendered":"<p>Boom Cylinder For Kato Small Excavator HD308R Product Overview The Boom Cylinder for Kato Small Excavator HD308R is a crucial component in the hydraulic system of excavators. This hydraulic cylinder is specifically designed to control the movement of the bucket, allowing for efficient material handling tasks. It enables the bucket to lift, lower, and tilt, [&hellip;]<\/p>","protected":false},"featured_media":17877,"comment_status":"open","ping_status":"closed","template":"","meta":{"_et_pb_use_builder":"","_et_pb_old_content":"","_et_gb_content_width":""},"product_brand":[],"product_cat":[1546],"product_tag":[1547,1496],"class_list":{"0":"post-19749","1":"product","2":"type-product","3":"status-publish","4":"has-post-thumbnail","6":"product_cat-boom-cylinders","7":"product_tag-boom-cylinders","8":"product_tag-hydraulic-cylinders","10":"first","11":"instock","12":"shipping-taxable","13":"product-type-simple"},"amp_enabled":true,"_links":{"self":[{"href":"https:\/\/www.hydraulic-cylinders.net\/hu\/wp-json\/wp\/v2\/product\/19749","targetHints":{"allow":["GET"]}}],"collection":[{"href":"https:\/\/www.hydraulic-cylinders.net\/hu\/wp-json\/wp\/v2\/product"}],"about":[{"href":"https:\/\/www.hydraulic-cylinders.net\/hu\/wp-json\/wp\/v2\/types\/product"}],"replies":[{"embeddable":true,"href":"https:\/\/www.hydraulic-cylinders.net\/hu\/wp-json\/wp\/v2\/comments?post=19749"}],"wp:featuredmedia":[{"embeddable":true,"href":"https:\/\/www.hydraulic-cylinders.net\/hu\/wp-json\/wp\/v2\/media\/17877"}],"wp:attachment":[{"href":"https:\/\/www.hydraulic-cylinders.net\/hu\/wp-json\/wp\/v2\/media?parent=19749"}],"wp:term":[{"taxonomy":"product_brand","embeddable":true,"href":"https:\/\/www.hydraulic-cylinders.net\/hu\/wp-json\/wp\/v2\/product_brand?post=19749"},{"taxonomy":"product_cat","embeddable":true,"href":"https:\/\/www.hydraulic-cylinders.net\/hu\/wp-json\/wp\/v2\/product_cat?post=19749"},{"taxonomy":"product_tag","embeddable":true,"href":"https:\/\/www.hydraulic-cylinders.net\/hu\/wp-json\/wp\/v2\/product_tag?post=19749"}],"curies":[{"name":"munkaf\u00fczet","href":"https:\/\/api.w.org\/{rel}","templated":true}]}}