{"id":19752,"date":"2025-04-07T07:05:36","date_gmt":"2025-04-07T07:05:36","guid":{"rendered":"https:\/\/www.hydraulic-cylinders.net\/product\/boom-cylinder-for-kato-small-excavator-hd880-1-2\/"},"modified":"2025-04-07T07:05:38","modified_gmt":"2025-04-07T07:05:38","slug":"boom-cylinder-for-kato-small-excavator-hd880-1-2","status":"publish","type":"product","link":"https:\/\/www.hydraulic-cylinders.net\/hu\/termek\/boom-cylinder-for-kato-small-excavator-hd880-1-2\/","title":{"rendered":"G\u00e9mhenger Kato kis kotr\u00f3g\u00e9phez HD880-1-2"},"content":{"rendered":"<h1>G\u00e9mhenger Kato kis kotr\u00f3g\u00e9phez HD880-1-2<\/h1>\n<h2>Term\u00e9k\u00e1ttekint\u00e9s<\/h2>\n<p>A Kato HD880-1-2 kis kotr\u00f3g\u00e9p g\u00e9mhengere egy alapvet\u0151 hidraulikus alkatr\u00e9sz, amelyet kifejezetten a kan\u00e1l mozg\u00e1s\u00e1nak vez\u00e9rl\u00e9s\u00e9re terveztek k\u00fcl\u00f6nf\u00e9le neh\u00e9zg\u00e9pekben, p\u00e9ld\u00e1ul kotr\u00f3g\u00e9pekben, kotr\u00f3rakod\u00f3kban \u00e9s homlokrakod\u00f3kban. Ez a hidraulikus henger kulcsszerepet j\u00e1tszik a kan\u00e1l emel\u00e9s\u00e9ben, s\u00fcllyeszt\u00e9s\u00e9ben \u00e9s billent\u00e9s\u00e9ben, megk\u00f6nny\u00edtve az anyagmozgat\u00e1si feladatokat.<\/p>\n<p>A kan\u00e1lhenger egy olyan hidraulikus henger, amely hidraulikus rendszerekben m\u0171k\u00f6dik, \u00e9s lehet\u0151v\u00e9 teszi a prec\u00edz vez\u00e9rl\u00e9st nagy ig\u00e9nybev\u00e9tel\u0171 alkalmaz\u00e1sokban. \u00c1ltal\u00e1ban nagy szil\u00e1rds\u00e1g\u00fa anyagokb\u00f3l k\u00e9sz\u00fcl, ami tart\u00f3ss\u00e1got \u00e9s megb\u00edzhat\u00f3s\u00e1got biztos\u00edt ig\u00e9nyes k\u00f6rnyezetben. Ennek a hidraulikus alkatr\u00e9sznek a hat\u00e9kony m\u0171k\u00f6d\u00e9se biztos\u00edtja, hogy a f\u00f6ldmunk\u00e1val, emel\u00e9ssel \u00e9s anyagok sz\u00e1ll\u00edt\u00e1s\u00e1val kapcsolatos feladatok z\u00f6kken\u0151mentesen \u00e9s hat\u00e9konyan elv\u00e9gezhet\u0151k legyenek.<\/p>\n<p><img decoding=\"async\" src=\"https:\/\/www.hydraulic-cylinders.net\/wp-content\/uploads\/2025\/04\/songte-company-1.webp\" alt=\"G\u00e9mhenger Kato kotr\u00f3g\u00e9phez\"><\/p>\n<h2>Term\u00e9kjellemz\u0151k<\/h2>\n<ul>\n<li><strong>Nagy szil\u00e1rds\u00e1g \u00e9s tart\u00f3ss\u00e1g:<\/strong> Nagy szil\u00e1rds\u00e1g\u00fa ac\u00e9lb\u00f3l vagy alum\u00edniumb\u00f3l k\u00e9sz\u00fclt, k\u00e9pes ellen\u00e1llni a nagy nyom\u00e1snak \u00e9s a nagy terhel\u00e9seknek, \u00e9s zord munkak\u00f6r\u00fclm\u00e9nyekre tervezt\u00e9k.<\/li>\n<li><strong>Hat\u00e9kony hidraulikus m\u0171k\u00f6dtet\u00e9s:<\/strong> A hidraulikaolaj nyom\u00e1s\u00e1t haszn\u00e1lja a sima ny\u00fajt\u00e1shoz, gyorsan reag\u00e1l a vez\u00e9rl\u0151parancsokra, er\u0151teljes tol\u00f3- \u00e9s h\u00faz\u00f3er\u0151t biztos\u00edtva.<\/li>\n<li><strong>K\u00fcl\u00f6nb\u00f6z\u0151 t\u00edpusok:<\/strong> Kaphat\u00f3 egyszeres m\u0171k\u00f6d\u00e9s\u0171 (egy ir\u00e1nyban m\u0171k\u00f6dik) vagy kett\u0151s m\u0171k\u00f6d\u00e9s\u0171 (mindk\u00e9t ir\u00e1nyban m\u0171k\u00f6dik) konfigur\u00e1ci\u00f3ban, hogy megfeleljen a v\u00e1ltoz\u00f3 m\u0171k\u00f6d\u00e9si ig\u00e9nyeknek.<\/li>\n<li><strong>Kompakt kialak\u00edt\u00e1s:<\/strong> Egyes modellek teleszk\u00f3posak, \u00edgy nagyobb kih\u00faz\u00e1st tesznek lehet\u0151v\u00e9 a k\u00fcls\u0151 m\u00e9retek n\u00f6vel\u00e9se n\u00e9lk\u00fcl, \u00edgy ide\u00e1lisak a helysz\u0171k\u00e9ben l\u00e9v\u0151 alkalmaz\u00e1sokhoz.<\/li>\n<li><strong>Korr\u00f3zi\u00f3\u00e1ll\u00f3s\u00e1g:<\/strong> Kop\u00e1s- \u00e9s korr\u00f3zi\u00f3\u00e1ll\u00f3s\u00e1got szem el\u0151tt tartva tervezt\u00e9k, meghosszabb\u00edtva a henger \u00e9lettartam\u00e1t k\u00fcl\u00f6nf\u00e9le k\u00f6rnyezetekben.<\/li>\n<\/ul>\n<h2>Alkalmaz\u00e1sok<\/h2>\n<h3>\u00c9p\u00edt\u0151ipari berendez\u00e9sek<\/h3>\n<p>Az \u00e9p\u00edt\u0151ipari g\u00e9pekben a g\u00e9mhenger l\u00e9tfontoss\u00e1g\u00fa a kotr\u00f3g\u00e9pek sz\u00e1m\u00e1ra olyan feladatokn\u00e1l, mint az \u00e1s\u00e1s, rakod\u00e1s, f\u00f6ld vagy t\u00f6rmel\u00e9k mozgat\u00e1sa. Ez biztos\u00edtja a sz\u00fcks\u00e9ges er\u0151t a kan\u00e1l mozg\u00e1s\u00e1nak szab\u00e1lyoz\u00e1s\u00e1hoz, biztos\u00edtva a hat\u00e9kony m\u0171k\u00f6d\u00e9st az \u00e9p\u00edtkez\u00e9seken.<\/p>\n<h3>Mez\u0151gazdas\u00e1gi g\u00e9pek<\/h3>\n<p>Homlokrakod\u00f3k eset\u00e9ben a g\u00e9mhenger seg\u00edti a talaj, sz\u00e9na \u00e9s egy\u00e9b anyagok mer\u00e9s\u00e9t, emel\u00e9s\u00e9t \u00e9s sz\u00e1ll\u00edt\u00e1s\u00e1t. A henger hat\u00e9konys\u00e1ga elengedhetetlen a mez\u0151gazdas\u00e1gi feladatokhoz, n\u00f6velve a mez\u0151gazdas\u00e1gi m\u0171veletek termel\u00e9kenys\u00e9g\u00e9t.<\/p>\n<h3>Kotr\u00f3g\u00e9pek<\/h3>\n<p>A kan\u00e1lhenger lehet\u0151v\u00e9 teszi, hogy a kotr\u00f3g\u00e9p kan\u00e1lja behatoljon a talajba, megk\u00f6nny\u00edtve az \u00e1s\u00e1si m\u0171veleteket. Robusztus kialak\u00edt\u00e1s\u00e1nak k\u00f6sz\u00f6nhet\u0151en a neh\u00e9z terepen is megbirk\u00f3zik, \u00edgy n\u00e9lk\u00fcl\u00f6zhetetlen a f\u00f6ldmunk\u00e1khoz.<\/p>\n<h3>Rakod\u00f3k<\/h3>\n<p>A homlokrakod\u00f3kn\u00e1l a g\u00e9mhengerek kulcsszerepet j\u00e1tszanak a terhek hat\u00e9kony emel\u00e9s\u00e9ben \u00e9s \u00fcr\u00edt\u00e9s\u00e9ben. Az ezek \u00e1ltal a hengerek \u00e1ltal biztos\u00edtott hidraulikus teljes\u00edtm\u00e9ny lehet\u0151v\u00e9 teszi a hat\u00e9kony anyagmozgat\u00e1st, hozz\u00e1j\u00e1rulva a m\u0171k\u00f6d\u00e9si sikerhez.<\/p>\n<h2>Tervez\u00e9si szempontok<\/h2>\n<h3>Teherb\u00edr\u00e1s<\/h3>\n<p>A teherb\u00edr\u00e1s kritikus szempont a g\u00e9mhengerek tervez\u00e9sekor. A hengert \u00fagy kell megtervezni, hogy bizonyos terhel\u00e9seket elb\u00edrjon a biztons\u00e1g vagy a teljes\u00edtm\u00e9ny fel\u00e1ldoz\u00e1sa n\u00e9lk\u00fcl. Ez mag\u00e1ban foglalja a megfelel\u0151 anyagok kiv\u00e1laszt\u00e1s\u00e1t \u00e9s a robusztus konstrukci\u00f3 biztos\u00edt\u00e1s\u00e1t a sz\u00e9ls\u0151s\u00e9ges k\u00f6r\u00fclm\u00e9nyek k\u00f6z\u00f6tti meghib\u00e1sod\u00e1s elker\u00fcl\u00e9se \u00e9rdek\u00e9ben.<\/p>\n<h3>T\u00f6m\u00edt\u00e9si integrit\u00e1s<\/h3>\n<p>A t\u00f6m\u00edt\u00e9s alapvet\u0151 fontoss\u00e1g\u00fa a hidraulikus rendszerekn\u00e9l. A hat\u00e9kony t\u00f6m\u00edt\u00e9sek megakad\u00e1lyozz\u00e1k a hidraulikafolyad\u00e9k sziv\u00e1rg\u00e1s\u00e1t, ami vesz\u00e9lyeztetheti a teljes\u00edtm\u00e9nyt \u00e9s a biztons\u00e1got. A megfelel\u0151 t\u00f6m\u00edt\u0151anyagok \u00e9s kialak\u00edt\u00e1sok kiv\u00e1laszt\u00e1sa elengedhetetlen a hidraulikus rendszer integrit\u00e1s\u00e1nak meg\u0151rz\u00e9s\u00e9hez az id\u0151 m\u00fal\u00e1s\u00e1val.<\/p>\n<h3>Tart\u00f3ss\u00e1g<\/h3>\n<p>A tart\u00f3ss\u00e1g kiemelked\u0151 fontoss\u00e1g\u00fa a zord munkak\u00f6rnyezetben. A g\u00e9mhenger gy\u00e1rt\u00e1s\u00e1hoz felhaszn\u00e1lt anyagoknak nagy kop\u00e1s\u00e1ll\u00f3s\u00e1ggal \u00e9s korr\u00f3zi\u00f3\u00e1ll\u00f3s\u00e1ggal kell rendelkezni\u00fck. Ez hosszabb \u00e9lettartamot biztos\u00edt, \u00e9s cs\u00f6kkenti a gyakori cser\u00e9k sz\u00fcks\u00e9gess\u00e9g\u00e9t.<\/p>\n<h3>Biztons\u00e1gi funkci\u00f3k<\/h3>\n<p>A biztons\u00e1gi funkci\u00f3kat a g\u00e9mhenger kialak\u00edt\u00e1s\u00e1ba kell be\u00e9p\u00edteni. Ide tartoznak a nyom\u00e1scs\u00f6kkent\u0151 szelepek \u00e9s a robusztus konstrukci\u00f3, amely ellen\u00e1ll a v\u00e1ratlan terhel\u00e9seknek vagy \u00fct\u00e9seknek, minimaliz\u00e1lva a balesetek kock\u00e1zat\u00e1t m\u0171k\u00f6d\u00e9s k\u00f6zben.<\/p>\n<h3>Karbantart\u00e1si hozz\u00e1f\u00e9rhet\u0151s\u00e9g<\/h3>\n<p>A g\u00e9mhengerek tervez\u00e9s\u00e9n\u00e9l elengedhetetlen a karbantart\u00e1shoz val\u00f3 hozz\u00e1f\u00e9r\u00e9s. Ez megk\u00f6nny\u00edti az ellen\u0151rz\u00e9st, a t\u00f6m\u00edt\u00e9sek cser\u00e9j\u00e9t \u00e9s egy\u00e9b karbantart\u00e1si feladatokat, biztos\u00edtva, hogy a hidraulikus rendszer m\u0171k\u00f6d\u0151k\u00e9pes maradjon hosszan tart\u00f3 \u00e1ll\u00e1sid\u0151 n\u00e9lk\u00fcl.<\/p>\n<p><img decoding=\"async\" src=\"https:\/\/www.hydraulic-cylinders.net\/wp-content\/uploads\/2025\/04\/songte-oil-pipes-and-spare-parts.webp\" alt=\"Hidraulikus henger alkatr\u00e9szek\"><\/p>\n<h2>T\u00f6m\u00edt\u00e9s \u00e9s ken\u00e9s<\/h2>\n<p>A hat\u00e9kony t\u00f6m\u00edt\u00e9s \u00e9s ken\u00e9s elengedhetetlen a g\u00e9mhengerek optim\u00e1lis teljes\u00edtm\u00e9ny\u00e9hez. K\u00fcl\u00f6nb\u00f6z\u0151 t\u00f6m\u00edt\u0151elemeket, p\u00e9ld\u00e1ul dugatty\u00fat\u00f6m\u00edt\u00e9seket \u00e9s r\u00fadt\u00f6m\u00edt\u00e9seket haszn\u00e1lnak a hidraulikafolyad\u00e9k sziv\u00e1rg\u00e1s\u00e1nak megakad\u00e1lyoz\u00e1s\u00e1ra \u00e9s a nyom\u00e1s fenntart\u00e1s\u00e1ra. A tart\u00f3s anyagokb\u00f3l, p\u00e9ld\u00e1ul poliuret\u00e1nb\u00f3l \u00e9s nitrilgumib\u00f3l k\u00e9sz\u00fclt t\u00f6m\u00edt\u00e9seket \u00e1ltal\u00e1ban kop\u00e1s\u00e1ll\u00f3s\u00e1guk miatt v\u00e1lasztj\u00e1k.<\/p>\n<p>A hengertest \u00e9s a menetes v\u00e9gek apr\u00f3l\u00e9kos megmunk\u00e1l\u00e1son esnek \u00e1t a kop\u00e1s\u00e1ll\u00f3s\u00e1g fokoz\u00e1sa \u00e9s a hossz\u00fa \u00e9lettartam biztos\u00edt\u00e1sa \u00e9rdek\u00e9ben. A rendszeres hidraulikaolajjal val\u00f3 ken\u00e9s elengedhetetlen a z\u00f6kken\u0151mentes m\u0171k\u00f6d\u00e9s fenntart\u00e1s\u00e1hoz \u00e9s a mozg\u00f3 alkatr\u00e9szek t\u00falzott kop\u00e1s\u00e1nak megakad\u00e1lyoz\u00e1s\u00e1hoz.<\/p>\n<h2>Megel\u0151z\u0151 karbantart\u00e1si int\u00e9zked\u00e9sek<\/h2>\n<ul>\n<li>A rendszeres ellen\u0151rz\u00e9sek elengedhetetlenek a kop\u00e1s vagy s\u00e9r\u00fcl\u00e9s jeleinek azonos\u00edt\u00e1s\u00e1hoz.<\/li>\n<li>A hidraulikus teljes\u00edtm\u00e9ny fenntart\u00e1sa \u00e9rdek\u00e9ben gondoskodjon megfelel\u0151 ken\u00e9si szintr\u0151l.<\/li>\n<li>Cser\u00e9lje ki a t\u00f6m\u00edt\u00e9seket \u00e9s v\u00e9gezzen kalibr\u00e1ci\u00f3s ellen\u0151rz\u00e9seket a megfelel\u0151 m\u0171k\u00f6d\u00e9s biztos\u00edt\u00e1sa \u00e9rdek\u00e9ben.<\/li>\n<\/ul>\n<h2>Telep\u00edt\u00e9si \u00fatmutat\u00f3<\/h2>\n<p>A g\u00e9mhenger beszerel\u00e9se prec\u00edzs\u00e9get \u00e9s k\u00f6r\u00fcltekint\u00e9st ig\u00e9nyel. Gy\u0151z\u0151dj\u00f6n meg arr\u00f3l, hogy minden alkatr\u00e9sz megfelel\u0151en van illesztve \u00e9s biztons\u00e1gosan r\u00f6gz\u00edtve, hogy elker\u00fclje a m\u0171k\u00f6d\u00e9si probl\u00e9m\u00e1kat. Javasoljuk, hogy megfelel\u0151 r\u00f6gz\u00edt\u0151konzolokat haszn\u00e1ljon a henger stabiliz\u00e1l\u00e1s\u00e1ra m\u0171k\u00f6d\u00e9s k\u00f6zben.<\/p>\n<p>Kezd\u00e9s el\u0151tt tekintse \u00e1t a gy\u00e1rt\u00f3 utas\u00edt\u00e1sait a konkr\u00e9t telep\u00edt\u00e9si k\u00f6vetelm\u00e9nyekkel kapcsolatban. Haszn\u00e1ljon min\u0151s\u00e9gi hidraulikaolajat, \u00e9s \u00fcgyeljen a megfelel\u0151 hidraulikus csatlakoz\u00e1sokra a sziv\u00e1rg\u00e1sok elker\u00fcl\u00e9se \u00e9rdek\u00e9ben. A telep\u00edt\u00e9s ut\u00e1n alaposan ellen\u0151rizze az esetleges sziv\u00e1rg\u00e1sokat, \u00e9s tesztelje a rendszert biztons\u00e1gos k\u00f6r\u00fclm\u00e9nyek k\u00f6z\u00f6tt.<\/p>\n<h2>Gyakori karbantart\u00e1si feladatok<\/h2>\n<h3>Rendszeres ellen\u0151rz\u00e9sek<\/h3>\n<p>A rendszeres ellen\u0151rz\u00e9sek elengedhetetlenek a potenci\u00e1lis probl\u00e9m\u00e1k korai felismer\u00e9s\u00e9hez. Ellen\u0151rizze a kop\u00e1s, sziv\u00e1rg\u00e1s vagy s\u00e9r\u00fcl\u00e9s jeleit. Az ellen\u0151rz\u00e9seket \u00fctemezett id\u0151k\u00f6z\u00f6nk\u00e9nt vagy intenz\u00edv haszn\u00e1lat ut\u00e1n kell elv\u00e9gezni.<\/p>\n<h3>Megfelel\u0151 ken\u00e9s<\/h3>\n<p>A megfelel\u0151 ken\u00e9si szint fenntart\u00e1sa kritikus fontoss\u00e1g\u00fa a hidraulikus teljes\u00edtm\u00e9ny szempontj\u00e1b\u00f3l. Rendszeresen ellen\u0151rizze \u00e9s t\u00f6ltse fel a hidraulikaolajat a z\u00f6kken\u0151mentes m\u0171k\u00f6d\u00e9s biztos\u00edt\u00e1sa \u00e9s a hengeralkatr\u00e9szek kop\u00e1s\u00e1nak megel\u0151z\u00e9se \u00e9rdek\u00e9ben.<\/p>\n<h3>T\u00f6m\u00edt\u00e9scsere \u00e9s kalibr\u00e1l\u00e1s ellen\u0151rz\u00e9se<\/h3>\n<p>Id\u0151vel a t\u00f6m\u00edt\u00e9sek elkophatnak \u00e9s kev\u00e9sb\u00e9 hat\u00e9konyakk\u00e1 v\u00e1lhatnak. A karbantart\u00e1si rutin r\u00e9szek\u00e9nt rendszeresen cser\u00e9lje ki a t\u00f6m\u00edt\u00e9seket. A kalibr\u00e1ci\u00f3s ellen\u0151rz\u00e9sek seg\u00edtenek biztos\u00edtani, hogy a hidraulikus rendszer a megadott param\u00e9tereken bel\u00fcl m\u0171k\u00f6dj\u00f6n, n\u00f6velve a biztons\u00e1got \u00e9s a hat\u00e9konys\u00e1got.<\/p>\n<p><img decoding=\"async\" src=\"https:\/\/www.hydraulic-cylinders.net\/wp-content\/uploads\/2025\/04\/songte-chushion-collar.webp\" alt=\"Hengerp\u00e1rna gall\u00e9r\"><\/p>\n<h2>Biztons\u00e1gi szempontok \u00e9s k\u00f6rnyezeti t\u00e9nyez\u0151k<\/h2>\n<p>G\u00e9mhengerek haszn\u00e1latakor a biztons\u00e1gi int\u00e9zked\u00e9sek kiemelked\u0151 fontoss\u00e1g\u00faak. A kezel\u0151ket ki kell k\u00e9pezni a hidraulikus rendszerek biztons\u00e1gos kezel\u00e9s\u00e9re, \u00e9s meg kell \u00e9rteni\u00fck a hidraulikus folyad\u00e9k nyom\u00e1s\u00e1val j\u00e1r\u00f3 kock\u00e1zatokat. A rendszeres biztons\u00e1gi auditok \u00e9s a biztons\u00e1gi protokollok betart\u00e1sa seg\u00edt cs\u00f6kkenteni a kock\u00e1zatokat \u00e9s biztos\u00edtani a biztons\u00e1gos munkak\u00f6rnyezetet.<\/p>\n<h2>Hibadiagn\u00f3zis \u00e9s gyakori probl\u00e9m\u00e1k<\/h2>\n<ul>\n<li><strong>Sziv\u00e1rg\u00e1s:<\/strong> Gyakran kopott t\u00f6m\u00edt\u00e9sek vagy s\u00e9r\u00fclt csatlakoz\u00e1sok okozz\u00e1k. A rendszeres ellen\u0151rz\u00e9sek seg\u00edthetnek a sziv\u00e1rg\u00e1sok azonos\u00edt\u00e1s\u00e1ban, miel\u0151tt azok komolyabb probl\u00e9m\u00e1khoz vezetn\u00e9nek.<\/li>\n<li><strong>Inkonzisztens mozg\u00e1s:<\/strong> Ez elt\u00f6m\u0151d\u00e9sre vagy leveg\u0151re utalhat a hidraulikus rendszerben, ami alapos l\u00e9gtelen\u00edt\u00e9st \u00e9s karbantart\u00e1st tesz sz\u00fcks\u00e9gess\u00e9.<\/li>\n<li><strong>Nyom\u00e1svesztes\u00e9g:<\/strong> A nyom\u00e1svesztes\u00e9g, amelyet gyakran sziv\u00e1rg\u00e1sok vagy nem megfelel\u0151 folyad\u00e9kszint okoz, jelent\u0151sen befoly\u00e1solhatja a teljes\u00edtm\u00e9nyt, \u00e9s azonnal kezelni kell.<\/li>\n<\/ul>\n<h2>Hibaelh\u00e1r\u00edt\u00e1si tippek<\/h2>\n<p>A g\u00e9mhengerek probl\u00e9m\u00e1inak hat\u00e9kony diagnosztiz\u00e1l\u00e1sa \u00e9s megold\u00e1sa \u00e9rdek\u00e9ben a kezel\u0151knek el\u0151sz\u00f6r is vizu\u00e1lis ellen\u0151rz\u00e9st kell v\u00e9gezni\u00fck a sziv\u00e1rg\u00e1sok \u00e9s a kop\u00e1s szempontj\u00e1b\u00f3l. A probl\u00e9ma azonos\u00edt\u00e1sa ut\u00e1n a megfelel\u0151 int\u00e9zked\u00e9sek k\u00f6z\u00e9 tartozik a s\u00e9r\u00fclt t\u00f6m\u00edt\u00e9sek cser\u00e9je, a megfelel\u0151 folyad\u00e9kszint biztos\u00edt\u00e1sa \u00e9s a hidraulikus rendszerben l\u00e9v\u0151 esetleges elt\u00e9r\u00e9sek kijav\u00edt\u00e1sa. A megel\u0151z\u0151 int\u00e9zked\u00e9sek, mint p\u00e9ld\u00e1ul az \u00fctemezett karbantart\u00e1s \u00e9s a rendszeres ellen\u0151rz\u00e9sek, jelent\u0151sen cs\u00f6kkenthetik a potenci\u00e1lis probl\u00e9m\u00e1kat.<\/p>\n<p><img decoding=\"async\" src=\"https:\/\/www.hydraulic-cylinders.net\/wp-content\/uploads\/2025\/04\/songte-bushings-with-all-kinds-of-excavator-models.webp\" alt=\"Kotr\u00f3g\u00e9pek perselyei\"><\/p>\n<h2>C\u00e9ginform\u00e1ci\u00f3<\/h2>\n<p>A hidraulikus hengerek vezet\u0151 gy\u00e1rt\u00f3jak\u00e9nt c\u00e9g\u00fcnk a hidraulikus rendszerekhez k\u00e9sz\u00fclt kiv\u00e1l\u00f3 min\u0151s\u00e9g\u0171 alternat\u00edv\u00e1k gy\u00e1rt\u00e1s\u00e1ra specializ\u00e1l\u00f3dott. Term\u00e9keink sz\u00e9les specifik\u00e1ci\u00f3kat \u00f6lelnek fel, amivel a hazai \u00e9s a nemzetk\u00f6zi piacokon egyar\u00e1nt vezet\u0151 gy\u00e1rt\u00f3k\u00e9nt \u00e9s nagykeresked\u0151k\u00e9nt tartanak sz\u00e1mon minket. B\u00fcszk\u00e9k vagyunk arra, hogy apr\u00f3l\u00e9kos gy\u00e1rt\u00e1si folyamatok r\u00e9v\u00e9n kiv\u00e9teles min\u0151s\u00e9get biztos\u00edtunk.<\/p>\n<p>Fejlett gy\u00e1rt\u00e1sir\u00e1ny\u00edt\u00e1si strat\u00e9gi\u00e1kat \u00e9s \u00e9lvonalbeli technol\u00f3gi\u00e1t alkalmazunk termel\u00e9si k\u00e9pess\u00e9geink n\u00f6vel\u00e9se \u00e9rdek\u00e9ben. A min\u0151s\u00e9g ir\u00e1nti elk\u00f6telezetts\u00e9g\u00fcnket k\u00e9pzett szakembereink, cs\u00facskateg\u00f3ri\u00e1s digit\u00e1lis gy\u00e1rt\u00f3berendez\u00e9seink \u00e9s dedik\u00e1lt tesztel\u0151rendszer\u00fcnk t\u00fckr\u00f6zi, biztos\u00edtva, hogy hat\u00e9konyan \u00e9s pontosan el\u00e9g\u00edts\u00fck ki \u00fcgyfeleink v\u00e1ltozatos ig\u00e9nyeit.<\/p>\n<p><img decoding=\"async\" src=\"https:\/\/www.hydraulic-cylinders.net\/wp-content\/uploads\/2025\/04\/songte-company-4.webp\" alt=\"C\u00e9g\u00fcnk\"><br \/>\n<img decoding=\"async\" src=\"https:\/\/www.hydraulic-cylinders.net\/wp-content\/uploads\/2025\/04\/songte-company-3.webp\" alt=\"Gy\u00e1rt\u00f3berendez\u00e9seink\"><\/p>\n<p>A professzionalizmus ir\u00e1nti elk\u00f6telezetts\u00e9g\u00fcnk nemzetk\u00f6zi tan\u00fas\u00edtv\u00e1nyokra is kiterjed, \u00e9s az ipar\u00e1gi ig\u00e9nyekhez igaz\u00edtott, egyedi szolg\u00e1ltat\u00e1sokat ny\u00fajtunk. Kifinomult gy\u00e1rt\u00f3berendez\u00e9seink garant\u00e1lj\u00e1k a magas sz\u00ednvonal fenntart\u00e1s\u00e1t, m\u00edg elk\u00f6telezett \u00e9rt\u00e9kes\u00edt\u00e9s ut\u00e1ni szolg\u00e1ltat\u00e1sunk biztos\u00edtja az \u00fcgyfelek el\u00e9gedetts\u00e9g\u00e9t \u00e9s t\u00e1mogat\u00e1s\u00e1t.<\/p>\n<p>Szerz\u0151: lyl<\/p>","protected":false},"excerpt":{"rendered":"<p>Boom Cylinder For Kato Small Excavator HD880-1-2 Product Overview The Boom Cylinder for Kato Small Excavator HD880-1-2 is an essential hydraulic component designed specifically for controlling the movement of the bucket in various heavy machinery, such as excavators, backhoe loaders, and front loaders. This hydraulic cylinder plays a crucial role in enabling the bucket to [&hellip;]<\/p>","protected":false},"featured_media":17880,"comment_status":"open","ping_status":"closed","template":"","meta":{"_et_pb_use_builder":"","_et_pb_old_content":"","_et_gb_content_width":""},"product_brand":[],"product_cat":[1546],"product_tag":[1547,1496],"class_list":{"0":"post-19752","1":"product","2":"type-product","3":"status-publish","4":"has-post-thumbnail","6":"product_cat-boom-cylinders","7":"product_tag-boom-cylinders","8":"product_tag-hydraulic-cylinders","10":"first","11":"instock","12":"shipping-taxable","13":"product-type-simple"},"amp_enabled":true,"_links":{"self":[{"href":"https:\/\/www.hydraulic-cylinders.net\/hu\/wp-json\/wp\/v2\/product\/19752","targetHints":{"allow":["GET"]}}],"collection":[{"href":"https:\/\/www.hydraulic-cylinders.net\/hu\/wp-json\/wp\/v2\/product"}],"about":[{"href":"https:\/\/www.hydraulic-cylinders.net\/hu\/wp-json\/wp\/v2\/types\/product"}],"replies":[{"embeddable":true,"href":"https:\/\/www.hydraulic-cylinders.net\/hu\/wp-json\/wp\/v2\/comments?post=19752"}],"wp:featuredmedia":[{"embeddable":true,"href":"https:\/\/www.hydraulic-cylinders.net\/hu\/wp-json\/wp\/v2\/media\/17880"}],"wp:attachment":[{"href":"https:\/\/www.hydraulic-cylinders.net\/hu\/wp-json\/wp\/v2\/media?parent=19752"}],"wp:term":[{"taxonomy":"product_brand","embeddable":true,"href":"https:\/\/www.hydraulic-cylinders.net\/hu\/wp-json\/wp\/v2\/product_brand?post=19752"},{"taxonomy":"product_cat","embeddable":true,"href":"https:\/\/www.hydraulic-cylinders.net\/hu\/wp-json\/wp\/v2\/product_cat?post=19752"},{"taxonomy":"product_tag","embeddable":true,"href":"https:\/\/www.hydraulic-cylinders.net\/hu\/wp-json\/wp\/v2\/product_tag?post=19752"}],"curies":[{"name":"munkaf\u00fczet","href":"https:\/\/api.w.org\/{rel}","templated":true}]}}