{"id":20124,"date":"2025-05-09T08:14:18","date_gmt":"2025-05-09T08:14:18","guid":{"rendered":"https:\/\/www.hydraulic-cylinders.net\/?post_type=product&#038;p=20124"},"modified":"2025-05-12T05:29:49","modified_gmt":"2025-05-12T05:29:49","slug":"pin-shaft-hydraulic-cylinders-for-crawler-crane","status":"publish","type":"product","link":"https:\/\/www.hydraulic-cylinders.net\/hu\/termek\/pin-shaft-hydraulic-cylinders-for-crawler-crane\/","title":{"rendered":"Csaptengelyes hidraulikus hengerek l\u00e1nctalpas daruhoz"},"content":{"rendered":"<h1 style=\"text-align: center;\"><strong>Csaptengelyes hidraulikus hengerek l\u00e1nctalpas daruhoz<\/strong><\/h1>\n<p><img loading=\"lazy\" decoding=\"async\" class=\"wp-image-20125 aligncenter\" src=\"https:\/\/www.hydraulic-cylinders.net\/wp-content\/uploads\/2025\/05\/pin-shaft-hydraulic-cylinders-for-crawler-crane-scaled.webp\" alt=\"Csaptengelyes hidraulikus hengerek l\u00e1nctalpas daruhoz\" width=\"500\" height=\"500\" \/><\/p>\n<section id=\"introduction\">A l\u00e1nctalpas darukhoz val\u00f3 csaptengelyes hidraulikus munkahengerek robusztus, nagy teherb\u00edr\u00e1s\u00fa hidraulikus munkahengerek, amelyeket l\u00e1nctalpas darukhoz terveztek, \u00e9s kompatibilisek a vezet\u0151 modellekkel. A tart\u00f3ss\u00e1gra \u00e9s prec\u00edzi\u00f3ra tervezett csaptengelyes munkahenger jav\u00edtja a daru m\u0171k\u00f6d\u00e9s\u00e9t, biztos\u00edtva a neh\u00e9z terhek megb\u00edzhat\u00f3 emel\u00e9s\u00e9t \u00e9s mozgat\u00e1s\u00e1t ig\u00e9nyes k\u00f6rnyezetben, p\u00e9ld\u00e1ul \u00e9p\u00edtkez\u00e9seken, b\u00e1ny\u00e1szati \u200b\u200bm\u0171veletekben \u00e9s infrastruktur\u00e1lis projektekben. Ez a hidraulikus darumunkahenger t\u00f6k\u00e9letes neh\u00e9z emel\u00e9shez, p\u00e1ratlan szil\u00e1rds\u00e1got \u00e9s stabilit\u00e1st k\u00edn\u00e1lva a l\u00e1nctalpas daru munkahenger ig\u00e9nyeihez.<\/section>\n<section id=\"specifications\">\n<h2><strong>Csaptengelyes hidraulikus hengerek l\u00e1nctalpas daruhoz M\u0171szaki adatok:<\/strong><\/h2>\n<p><img loading=\"lazy\" decoding=\"async\" class=\"aligncenter wp-image-20129 size-full\" src=\"https:\/\/www.hydraulic-cylinders.net\/wp-content\/uploads\/2025\/05\/truss-arm-crawler-crane-hydraulic-cylinders.webp\" alt=\"L\u00e1nctalpas daru hidraulikus henger\" width=\"640\" height=\"358\" srcset=\"https:\/\/www.hydraulic-cylinders.net\/wp-content\/uploads\/2025\/05\/truss-arm-crawler-crane-hydraulic-cylinders.webp 640w, https:\/\/www.hydraulic-cylinders.net\/wp-content\/uploads\/2025\/05\/truss-arm-crawler-crane-hydraulic-cylinders-480x269.webp 480w\" sizes=\"(min-width: 0px) and (max-width: 480px) 480px, (min-width: 481px) 640px, 100vw\" \/><\/p>\n<ul>\n<li>\n<p class=\"ds-markdown-paragraph\"><strong>Funkci\u00f3<\/strong>Pufferel\u0151 hat\u00e1s<\/p>\n<\/li>\n<li>\n<p class=\"ds-markdown-paragraph\"><strong>Henger \u00e1tm\u00e9r\u0151je<\/strong>80 mm<\/p>\n<\/li>\n<li>\n<p class=\"ds-markdown-paragraph\"><strong>R\u00fad \u00e1tm\u00e9r\u0151je<\/strong>40 mm<\/p>\n<\/li>\n<li>\n<p class=\"ds-markdown-paragraph\"><strong>Utaz\u00e1si<\/strong>200 mm \u2013 530 mm<\/p>\n<\/li>\n<li>\n<p class=\"ds-markdown-paragraph\"><strong>Maxim\u00e1lis nyom\u00e1s<\/strong>25 MPa<\/p>\n<\/li>\n<li>\n<p class=\"ds-markdown-paragraph\"><strong>Maxim\u00e1lis tol\u00f3er\u0151<\/strong>125 kN<\/p>\n<\/li>\n<\/ul>\n<\/section>\n<section id=\"features\">\n<h2><strong>A l\u00e1nctalpas daru csaptengelyes hidraulikus hengereinek f\u0151bb jellemz\u0151i:<\/strong><\/h2>\n<ul>\n<li><strong>Fokozott emel\u00e9s csapszeges kialak\u00edt\u00e1ssal:<\/strong> A l\u00e1nctalpas darukhoz val\u00f3 csaptengelyes hidraulikus munkahengerek robusztus csaptengelyes henger kialak\u00edt\u00e1ssal rendelkeznek, amely kiv\u00e1l\u00f3 teherb\u00edr\u00e1st \u00e9s prec\u00edz mozg\u00e1st biztos\u00edt neh\u00e9z emel\u00e9sekhez. Ez a nagy teherb\u00edr\u00e1s\u00fa hidraulikus munkahenger stabilit\u00e1st \u00e9s biztons\u00e1got garant\u00e1l a darum\u0171veletek sor\u00e1n \u00e9p\u00edt\u0151ipari \u00e9s b\u00e1ny\u00e1szati \u200b\u200bfeladatok sor\u00e1n.<\/li>\n<li><strong>Tart\u00f3s kialak\u00edt\u00e1s extr\u00e9m k\u00f6r\u00fclm\u00e9nyekre:<\/strong>\u00a0Nagy szil\u00e1rds\u00e1g\u00fa \u00f6tv\u00f6z\u00f6tt ac\u00e9lb\u00f3l \u00e9s korr\u00f3zi\u00f3g\u00e1tl\u00f3 bevonattal k\u00e9sz\u00fclt, ez a hidraulikus daruhenger ellen\u00e1ll a zord k\u00f6rnyezeti hat\u00e1soknak, mint p\u00e9ld\u00e1ul a poros \u00e9p\u00edtkez\u00e9sek, a p\u00e1r\u00e1s tengerparti ter\u00fcletek \u00e9s a nagy magass\u00e1g\u00fa projektek. Hossz\u00fa \u00e9lettartamot biztos\u00edt, \u00edgy megb\u00edzhat\u00f3 csaptengelyes hidraulikus hengerr\u00e9 teszi l\u00e1nctalpas daruhenger alkalmaz\u00e1sokhoz.<\/li>\n<li><strong>Z\u00f6kken\u0151mentes kompatibilit\u00e1s l\u00e1nctalpas darukkal:<\/strong> A Liebherr LR 1300, Manitowoc 14000 \u00e9s Kobelco CKE2500 l\u00e1nctalpas darukhoz tervezett csaptengelyes munkahenger t\u00f6k\u00e9letes illeszked\u00e9st \u00e9s optim\u00e1lis teljes\u00edtm\u00e9nyt biztos\u00edt darum\u0171veletek sor\u00e1n. Ez a l\u00e1nctalpas daru munkahenger nagy teherb\u00edr\u00e1s\u00fa hidraulikus henger\u00e9vel n\u00f6veli a daru emel\u00e9si hat\u00e9konys\u00e1g\u00e1t \u00e9s megb\u00edzhat\u00f3s\u00e1g\u00e1t.<\/li>\n<li><strong>Hat\u00e9kony m\u0171k\u00f6d\u00e9s minim\u00e1lis karbantart\u00e1ssal:<\/strong>\u00a0Fejlett t\u00f6m\u00edt\u00e9stechnol\u00f3gi\u00e1val \u00e9s optimaliz\u00e1lt ken\u0151csatorn\u00e1kkal ez a csaptengelyes hidraulikus henger sim\u00e1bb m\u0171k\u00f6d\u00e9st biztos\u00edt \u00e9s cs\u00f6kkenti a kritikus alkatr\u00e9szek kop\u00e1s\u00e1t. Cs\u00f6kkenti a karbantart\u00e1si k\u00f6lts\u00e9geket \u00e9s meghosszabb\u00edtja a l\u00e1nctalpas daru \u00e9lettartam\u00e1t, kiv\u00e1l\u00f3 hidraulikus daruhenger-cser\u00e9t k\u00edn\u00e1lva az ig\u00e9nyes alkalmaz\u00e1sokhoz.<\/li>\n<\/ul>\n<\/section>\n<section id=\"applications\">\n<h2><strong>A l\u00e1nctalpas daru csapszeges hidraulikus hengereinek alkalmaz\u00e1sa:<\/strong><\/h2>\n<p><img loading=\"lazy\" decoding=\"async\" class=\"alignnone size-full wp-image-20131\" src=\"https:\/\/www.hydraulic-cylinders.net\/wp-content\/uploads\/2025\/05\/hydraulic-cylinder-application.webp\" alt=\"L\u00e1nctalpas daru hidraulikus henger alkalmaz\u00e1sa\" width=\"2048\" height=\"1152\" srcset=\"https:\/\/www.hydraulic-cylinders.net\/wp-content\/uploads\/2025\/05\/hydraulic-cylinder-application.webp 2048w, https:\/\/www.hydraulic-cylinders.net\/wp-content\/uploads\/2025\/05\/hydraulic-cylinder-application-1280x720.webp 1280w, https:\/\/www.hydraulic-cylinders.net\/wp-content\/uploads\/2025\/05\/hydraulic-cylinder-application-980x551.webp 980w, https:\/\/www.hydraulic-cylinders.net\/wp-content\/uploads\/2025\/05\/hydraulic-cylinder-application-480x270.webp 480w\" sizes=\"(min-width: 0px) and (max-width: 480px) 480px, (min-width: 481px) and (max-width: 980px) 980px, (min-width: 981px) and (max-width: 1280px) 1280px, (min-width: 1281px) 2048px, 100vw\" \/><\/p>\n<ul>\n<li><strong>\u00c9p\u00edt\u00e9si \u00e9s infrastruktur\u00e1lis projektek:<\/strong> A l\u00e1nctalpas darukhoz val\u00f3 csaptengelyes hidraulikus hengerek megb\u00edzhat\u00f3 teljes\u00edtm\u00e9nyt biztos\u00edtanak a l\u00e1nctalpas daruhenger alkalmaz\u00e1sokban \u00e9p\u00edt\u00e9si projektekben, lehet\u0151v\u00e9 t\u00e9ve a neh\u00e9z anyagok, p\u00e9ld\u00e1ul ac\u00e9lgerend\u00e1k \u00e9s betonlapok prec\u00edz kezel\u00e9s\u00e9t. A l\u00e1nctalpas darukhoz val\u00f3 nagy teherb\u00edr\u00e1s\u00fa hidraulikus henger n\u00f6veli a biztons\u00e1got \u00e9s a termel\u00e9kenys\u00e9get nagym\u00e9ret\u0171 infrastruktur\u00e1lis helysz\u00edneken.<\/li>\n<li><strong>B\u00e1ny\u00e1szat \u00e9s anyagmozgat\u00e1s:<\/strong>\u00a0B\u00e1ny\u00e1szati \u200b\u200bm\u0171veletekben haszn\u00e1lt l\u00e1nctalpas darukhoz tervezett hidraulikus daruhenger hat\u00e9konyan k\u00e9pes emelni \u00e9s mozgatni olyan terheket, mint az \u00e9rc \u00e9s a berendez\u00e9sek. Z\u00f6kken\u0151mentes m\u0171k\u00f6d\u00e9st biztos\u00edt zord k\u00f6rnyezetben, \u00edgy nagy teljes\u00edtm\u00e9ny\u0171 l\u00e1nctalpas daruhenger darum\u0171veletekhez.<\/li>\n<li><strong>Neh\u00e9zipar \u00e9s tengeri m\u0171veletek:<\/strong>\u00a0Ide\u00e1lis neh\u00e9ziparban \u00e9s tengeri projektekben haszn\u00e1lt l\u00e1nctalpas darukhoz, ez a csaptengelyes henger lehet\u0151v\u00e9 teszi a t\u00falm\u00e9retes terhek biztons\u00e1gos emel\u00e9s\u00e9t kih\u00edv\u00e1st jelent\u0151 k\u00f6r\u00fclm\u00e9nyek k\u00f6z\u00f6tt, p\u00e9ld\u00e1ul tengeri platformokon. Tart\u00f3ss\u00e1g\u00e1nak k\u00f6sz\u00f6nhet\u0151en megb\u00edzhat\u00f3 csaptengelyes hidraulikus hengerr\u00e9 teszi a daruk m\u0171k\u00f6dtet\u00e9s\u00e9hez ig\u00e9nyes alkalmaz\u00e1sokban.<\/li>\n<\/ul>\n<h2><strong>Fedezzen fel tov\u00e1bbi daru hidraulikus munkahengereket:<\/strong><\/h2>\n<p>Sz\u00e9les v\u00e1laszt\u00e9kban k\u00edn\u00e1lunk egy\u00e9b daru hidraulikus munkahengereket is, hogy kiel\u00e9g\u00edts\u00fck a k\u00fcl\u00f6nf\u00e9le emel\u00e9si ig\u00e9nyeket. Ak\u00e1r toronydarukhoz, mobildarukhoz vagy speci\u00e1lis neh\u00e9zg\u00e9pekhez van sz\u00fcks\u00e9ge hidraulikus daruhenger cser\u00e9j\u00e9re, az Ever-Power Huachang Hydraulic megold\u00e1st k\u00edn\u00e1l. Tekintse meg teljes k\u00edn\u00e1latunkat. <a href=\"https:\/\/www.hydraulic-cylinders.net\/hu\/mobile-crane-hydraulic-cylinders\/\">hidraulikus daruhengerek<\/a> hogy megtal\u00e1lja a darum\u0171veleteihez t\u00f6k\u00e9letesen ill\u0151 megold\u00e1st.<\/p>\n<h2><strong>Hogyan jav\u00edtja a csaptengelyes hidraulikus hengerek csaptengelyes kialak\u00edt\u00e1sa a teljes\u00edtm\u00e9nyt nagy ig\u00e9nybev\u00e9tel\u0171 alkalmaz\u00e1sokban?<\/strong><\/h2>\n<p dir=\"auto\">A csaptengelyes hidraulikus hengerek csaptengelyes kialak\u00edt\u00e1sa jelent\u0151sen n\u00f6veli a teljes\u00edtm\u00e9nyt nagy ig\u00e9nybev\u00e9tel\u0171 alkalmaz\u00e1sokban az\u00e1ltal, hogy kiv\u00e9teles teherb\u00edr\u00e1st \u00e9s prec\u00edz mozg\u00e1svez\u00e9rl\u00e9st biztos\u00edt, amelyek kritikus fontoss\u00e1g\u00faak az olyan ig\u00e9nyes k\u00f6rnyezetekben, mint az \u00e9p\u00edtkez\u00e9sek, a b\u00e1ny\u00e1szati \u200b\u200bm\u0171veletek \u00e9s a tengeri projektek. Konkr\u00e9tan a csaptengelyes henger konfigur\u00e1ci\u00f3ja biztos\u00edtja az optim\u00e1lis er\u0151eloszl\u00e1st a hidraulikus daruhengeren kereszt\u00fcl, minimaliz\u00e1lva a fesz\u00fclts\u00e9gkoncentr\u00e1ci\u00f3t \u00e9s cs\u00f6kkentve a mechanikai meghib\u00e1sod\u00e1s kock\u00e1zat\u00e1t a l\u00e1nctalpas daruk neh\u00e9z emel\u00e9si feladatai sor\u00e1n.<\/p>\n<p dir=\"auto\">Ez a kialak\u00edt\u00e1s jav\u00edtja az illeszt\u00e9st \u00e9s a stabilit\u00e1st is, lehet\u0151v\u00e9 t\u00e9ve a nagy teherb\u00edr\u00e1s\u00fa hidraulikus henger sz\u00e1m\u00e1ra, hogy nagy nyom\u00e1s alatt \u2013 ak\u00e1r 350 bar nyom\u00e1sig, a m\u0171szaki adatokban meghat\u00e1rozottak szerint \u2013 \u00e1lland\u00f3 teljes\u00edtm\u00e9nyt ny\u00fajtson. Tov\u00e1bb\u00e1 a csaptengelyes hidraulikus henger sim\u00e1bb terhel\u00e9s\u00e1tmeneteket tesz lehet\u0151v\u00e9, cs\u00f6kkenti a kritikus alkatr\u00e9szek kop\u00e1s\u00e1t \u00e9s meghosszabb\u00edtja a l\u00e1nctalpas daru henger\u00e9nek \u00e9lettartam\u00e1t, m\u00e9g extr\u00e9m k\u00f6r\u00fclm\u00e9nyek k\u00f6z\u00f6tt, p\u00e9ld\u00e1ul poros vagy p\u00e1r\u00e1s k\u00f6rnyezetben is.<\/p>\n<p dir=\"auto\">A fejlett t\u00f6m\u00edt\u00e9si technol\u00f3gia \u00e9s az optimaliz\u00e1lt ken\u00e9si csatorn\u00e1k integr\u00e1l\u00e1s\u00e1nak k\u00f6sz\u00f6nhet\u0151en a l\u00e1nctalpas darukhoz val\u00f3 csaptengelyes hidraulikus hengerek minim\u00e1lis s\u00farl\u00f3d\u00e1st \u00e9s h\u0151k\u00e9pz\u0151d\u00e9st biztos\u00edtanak, n\u00f6velve a m\u0171k\u00f6d\u00e9si hat\u00e9konys\u00e1got \u00e9s cs\u00f6kkentve a karbantart\u00e1si ig\u00e9nyeket. Ez\u00e1ltal a darum\u0171veletekhez val\u00f3 csaptengelyes hidraulikus henger ide\u00e1lis v\u00e1laszt\u00e1s azoknak a felhaszn\u00e1l\u00f3knak, akik megb\u00edzhat\u00f3 hidraulikus daruhenger-cser\u00e9t keresnek, amely ellen\u00e1ll a neh\u00e9z emel\u00e9sek megterhel\u00e9s\u00e9nek, mik\u00f6zben meg\u0151rzi a pontoss\u00e1got \u00e9s a biztons\u00e1got.<\/p>\n<\/section>\n<section id=\"company-introduction\">\n<h2><strong>Az Ever-Power Huachang Hydraulicr\u00f3l:<\/strong><\/h2>\n<h2><img loading=\"lazy\" decoding=\"async\" class=\"alignnone size-full wp-image-16972\" src=\"https:\/\/www.hydraulic-cylinders.net\/wp-content\/uploads\/2025\/01\/hydraulic-cylinder-factory-1-scaled.webp\" alt=\"\" width=\"2016\" height=\"2560\" srcset=\"https:\/\/www.hydraulic-cylinders.net\/wp-content\/uploads\/2025\/01\/hydraulic-cylinder-factory-1-scaled.webp 2016w, https:\/\/www.hydraulic-cylinders.net\/wp-content\/uploads\/2025\/01\/hydraulic-cylinder-factory-1-1280x1625.webp 1280w, https:\/\/www.hydraulic-cylinders.net\/wp-content\/uploads\/2025\/01\/hydraulic-cylinder-factory-1-980x1244.webp 980w, https:\/\/www.hydraulic-cylinders.net\/wp-content\/uploads\/2025\/01\/hydraulic-cylinder-factory-1-480x610.webp 480w\" sizes=\"(min-width: 0px) and (max-width: 480px) 480px, (min-width: 481px) and (max-width: 980px) 980px, (min-width: 981px) and (max-width: 1280px) 1280px, (min-width: 1281px) 2016px, 100vw\" \/><\/h2>\n<p>Korszer\u0171, f\u00fcggetlen, \u00f6sszeszerel\u00e9sre szakosodott K+F platformmal b\u00fcszk\u00e9lkedhet\u00fcnk, amely biztos\u00edtja a gy\u00e1rt\u00e1si folyamatainkban a legmagasabb szint\u0171 innov\u00e1ci\u00f3t \u00e9s min\u0151s\u00e9get. Targoncahenger-gy\u00e1rt\u00f3 m\u0171hely\u00fcnkben n\u00e9gy f\u00e9lautomata emel\u0151henger-\u00f6sszeszerel\u0151 sor \u00e9s egy teljesen automatikus billen\u0151henger-\u00f6sszeszerel\u0151 sor tal\u00e1lhat\u00f3, amelyeket egy\u00fcttesen \u00e9vi ak\u00e1r egymilli\u00f3 egys\u00e9g gy\u00e1rt\u00e1s\u00e1ra tervezt\u00fcnk.<\/p>\n<p>Megmunk\u00e1l\u00f3 m\u0171hely\u00fcnk egyedi d\u00f6nthet\u0151 vezet\u0151s\u00ednes eszterg\u00e1l\u00f3 k\u00f6zpontokkal, megmunk\u00e1l\u00f3k\u00f6zpontokkal, nagysebess\u00e9g\u0171 h\u00f3nol\u00f3g\u00e9pekkel, hegeszt\u0151robotokkal \u00e9s egy\u00e9b n\u00e9lk\u00fcl\u00f6zhetetlen berendez\u00e9sekkel rendelkezik. Ez a be\u00e1ll\u00edt\u00e1s lehet\u0151v\u00e9 teszi sz\u00e1munkra, hogy legfeljebb 400 mm bels\u0151 \u00e1tm\u00e9r\u0151j\u0171 \u00e9s ak\u00e1r 6 m\u00e9ter hossz\u00fa hengeres cs\u00f6veket is megmunk\u00e1ljunk, tov\u00e1bb n\u00f6velve termel\u00e9si kapacit\u00e1sunkat.<\/p>\n<p>Egy teljesen automatikus, v\u00edzb\u00e1zis\u00fa fest\u00e9kbevon\u00f3 sort \u00fczemeltet\u00fcnk, amelyet kifejezetten kis \u00e9s k\u00f6zepes palackokhoz tervezt\u00fcnk, automatiz\u00e1lt be-, kirakod\u00f3- \u00e9s permetez\u0151robotokkal. Ez a korszer\u0171 rendszer m\u0171szakonk\u00e9nt 4000 egys\u00e9g gy\u00e1rt\u00e1si kapacit\u00e1ssal b\u00fcszk\u00e9lkedhet. Ezenk\u00edv\u00fcl egy f\u00e9lautomata fest\u0151sorral rendelkez\u00fcnk nagym\u00e9ret\u0171 palackokhoz, l\u00e1nchajt\u00e1ssal, m\u0171szakonk\u00e9nt 60 l\u00e1da tervez\u00e9si kapacit\u00e1ssal.<\/p>\n<h2><img loading=\"lazy\" decoding=\"async\" class=\"alignnone size-full wp-image-16973\" src=\"https:\/\/www.hydraulic-cylinders.net\/wp-content\/uploads\/2025\/01\/hydraulic-cylinder-factory-2-scaled.webp\" alt=\"\" width=\"2011\" height=\"2560\" srcset=\"https:\/\/www.hydraulic-cylinders.net\/wp-content\/uploads\/2025\/01\/hydraulic-cylinder-factory-2-scaled.webp 2011w, https:\/\/www.hydraulic-cylinders.net\/wp-content\/uploads\/2025\/01\/hydraulic-cylinder-factory-2-1280x1629.webp 1280w, https:\/\/www.hydraulic-cylinders.net\/wp-content\/uploads\/2025\/01\/hydraulic-cylinder-factory-2-980x1248.webp 980w, https:\/\/www.hydraulic-cylinders.net\/wp-content\/uploads\/2025\/01\/hydraulic-cylinder-factory-2-480x611.webp 480w\" sizes=\"(min-width: 0px) and (max-width: 480px) 480px, (min-width: 481px) and (max-width: 980px) 980px, (min-width: 981px) and (max-width: 1280px) 1280px, (min-width: 1281px) 2011px, 100vw\" \/><\/h2>\n<p>A term\u00e9kteljes\u00edtm\u00e9ny fokoz\u00e1sa \u00e9s a hidraulikus hengerek ipar\u00e1g\u00e1ban bet\u00f6lt\u00f6tt vezet\u0151 szerep\u00fcnk megszil\u00e1rd\u00edt\u00e1sa \u00e9rdek\u00e9ben partners\u00e9gre l\u00e9pt\u00fcnk a zjimee-vel egy \u00e1tfog\u00f3 teljes\u00edtm\u00e9nyvizsg\u00e1l\u00f3 laborat\u00f3rium l\u00e9trehoz\u00e1sa \u00e9rdek\u00e9ben, amely a hidraulikus hengerek, szelepek \u00e9s szivatty\u00fak vizsg\u00e1lat\u00e1ra specializ\u00e1l\u00f3dott. Ez a fejlett laborat\u00f3rium sz\u00e1m\u00edt\u00f3g\u00e9ppel seg\u00edtett tesztel\u00e9st alkalmaz elektrohidraulikus technol\u00f3gi\u00e1val, lehet\u0151v\u00e9 t\u00e9ve az el\u0151re be\u00e1ll\u00edtott vizsg\u00e1lati felt\u00e9teleket, amelyek jav\u00edtj\u00e1k a pontoss\u00e1got \u00e9s a rendszer sokoldal\u00fas\u00e1g\u00e1t. Az automatiz\u00e1lt adatgy\u0171jt\u00e9si folyamat \u00e9rz\u00e9kel\u0151ket haszn\u00e1l a kimeneti adatok, p\u00e9ld\u00e1ul a bels\u0151 sziv\u00e1rg\u00e1s \u00e9s a terhel\u00e9si hat\u00e9konys\u00e1g gy\u0171jt\u00e9s\u00e9re, amelyeket ezut\u00e1n egy sz\u00e1m\u00edt\u00f3g\u00e9p dolgoz fel, \u00e9s szabv\u00e1nyos m\u00e9rt\u00e9kegys\u00e9gekbe (ml\/perc%) konvert\u00e1l.<\/p>\n<p>A l\u00e1nctalpas darukhoz val\u00f3 csaptengelyes hidraulikus hengerek a min\u0151s\u00e9g \u00e9s a teljes\u00edtm\u00e9ny ir\u00e1nti elk\u00f6telezetts\u00e9g\u00fcnket t\u00fckr\u00f6zik, amelyeket nagy teherb\u00edr\u00e1s\u00fa hidraulikus hengerk\u00e9nt tervezt\u00fcnk l\u00e1nctalpas darukhoz, k\u00fcl\u00f6n\u00f6sen a Liebherr, Manitowoc \u00e9s Kobelco modellekhez. Optim\u00e1lis emel\u00e9si stabilit\u00e1st \u00e9s tart\u00f3ss\u00e1got biztos\u00edtanak olyan ig\u00e9nyes alkalmaz\u00e1sokban, mint az \u00e9p\u00edt\u0151ipar, a b\u00e1ny\u00e1szat \u00e9s a darum\u0171veletekkel j\u00e1r\u00f3 tengeri m\u0171veletek. A vil\u00e1g legnagyobb berendez\u00e9sgy\u00e1rt\u00f3inak bizalm\u00e1t elnyerve term\u00e9keink er\u0151s h\u00edrnevet szereztek a megb\u00edzhat\u00f3s\u00e1guk ter\u00e9n, az Ever-Power Huachang Hydraulic pedig a hidraulikus hengerek gy\u00e1rt\u00e1s\u00e1nak vezet\u0151 szerepl\u0151jek\u00e9nt ismert.<\/p>\n<\/section>","protected":false},"excerpt":{"rendered":"<p>Pin Shaft Hydraulic Cylinders for Crawler Crane The pin shaft hydraulic cylinders for crawler crane are robust heavy-duty hydraulic cylinders designed for crawler cranes, compatible with leading models. Engineered for durability and precision, this pin shaft cylinder enhances crane operations, ensuring reliable lifting and movement of heavy loads in demanding environments like construction sites, mining [&hellip;]<\/p>","protected":false},"featured_media":20126,"comment_status":"open","ping_status":"closed","template":"","meta":{"_et_pb_use_builder":"","_et_pb_old_content":"","_et_gb_content_width":""},"product_brand":[],"product_cat":[1514],"product_tag":[],"class_list":{"0":"post-20124","1":"product","2":"type-product","3":"status-publish","4":"has-post-thumbnail","6":"product_cat-mobile-crane-hydraulic-cylinders","8":"first","9":"instock","10":"shipping-taxable","11":"product-type-simple"},"amp_enabled":true,"_links":{"self":[{"href":"https:\/\/www.hydraulic-cylinders.net\/hu\/wp-json\/wp\/v2\/product\/20124","targetHints":{"allow":["GET"]}}],"collection":[{"href":"https:\/\/www.hydraulic-cylinders.net\/hu\/wp-json\/wp\/v2\/product"}],"about":[{"href":"https:\/\/www.hydraulic-cylinders.net\/hu\/wp-json\/wp\/v2\/types\/product"}],"replies":[{"embeddable":true,"href":"https:\/\/www.hydraulic-cylinders.net\/hu\/wp-json\/wp\/v2\/comments?post=20124"}],"wp:featuredmedia":[{"embeddable":true,"href":"https:\/\/www.hydraulic-cylinders.net\/hu\/wp-json\/wp\/v2\/media\/20126"}],"wp:attachment":[{"href":"https:\/\/www.hydraulic-cylinders.net\/hu\/wp-json\/wp\/v2\/media?parent=20124"}],"wp:term":[{"taxonomy":"product_brand","embeddable":true,"href":"https:\/\/www.hydraulic-cylinders.net\/hu\/wp-json\/wp\/v2\/product_brand?post=20124"},{"taxonomy":"product_cat","embeddable":true,"href":"https:\/\/www.hydraulic-cylinders.net\/hu\/wp-json\/wp\/v2\/product_cat?post=20124"},{"taxonomy":"product_tag","embeddable":true,"href":"https:\/\/www.hydraulic-cylinders.net\/hu\/wp-json\/wp\/v2\/product_tag?post=20124"}],"curies":[{"name":"munkaf\u00fczet","href":"https:\/\/api.w.org\/{rel}","templated":true}]}}