{"id":20133,"date":"2025-05-09T08:57:03","date_gmt":"2025-05-09T08:57:03","guid":{"rendered":"https:\/\/www.hydraulic-cylinders.net\/?post_type=product&#038;p=20133"},"modified":"2025-05-12T05:30:01","modified_gmt":"2025-05-12T05:30:01","slug":"spring-hydraulic-cylinders-for-crawler-crane","status":"publish","type":"product","link":"https:\/\/www.hydraulic-cylinders.net\/hu\/termek\/spring-hydraulic-cylinders-for-crawler-crane\/","title":{"rendered":"Rug\u00f3s hidraulikus hengerek l\u00e1nctalpas daruhoz"},"content":{"rendered":"<h1 style=\"text-align: center;\"><strong>Rug\u00f3s hidraulikus hengerek l\u00e1nctalpas daruhoz<\/strong><\/h1>\n<p><img loading=\"lazy\" decoding=\"async\" class=\"wp-image-20134 aligncenter\" src=\"https:\/\/www.hydraulic-cylinders.net\/wp-content\/uploads\/2025\/05\/spring-hydraulic-cylinders-for-crawler-crane-scaled.webp\" alt=\"Rug\u00f3s hidraulikus henger l\u00e1nctalpas daruhoz\" width=\"500\" height=\"500\" \/><\/p>\n<section id=\"introduction\">Az Ever-Power Huachang Hydraulic l\u00e1nctalpas darukhoz val\u00f3 rug\u00f3s hidraulikus munkahengere egy robusztus, rug\u00f3visszat\u00e9r\u00edt\u00e9ses munkahenger, amelyet l\u00e1nctalpas daruk m\u0171k\u00f6dtet\u00e9s\u00e9hez terveztek, \u00e9s k\u00fcl\u00f6nf\u00e9le modellekkel kompatibilis. Ez a l\u00e1nctalpas darukhoz val\u00f3 hidraulikus munkahenger rug\u00f3s mechanizmus\u00e1nak k\u00f6sz\u00f6nhet\u0151en n\u00f6veli az emel\u00e9si hat\u00e9konys\u00e1got, biztos\u00edtva a megb\u00edzhat\u00f3 teljes\u00edtm\u00e9nyt az \u00e9p\u00edt\u0151iparban, a b\u00e1ny\u00e1szatban \u00e9s a neh\u00e9zipari feladatokban. A tart\u00f3ss\u00e1gra tervezett l\u00e1nctalpas daru munkahenger nagy teherb\u00edr\u00e1s\u00fa hidraulikus munkahenger megold\u00e1st k\u00edn\u00e1l ig\u00e9nyes k\u00f6rnyezetekhez.<\/section>\n<section id=\"specifications\">\n<h2><strong>M\u0171szaki adatok:<\/strong><\/h2>\n<p><img loading=\"lazy\" decoding=\"async\" class=\"aligncenter wp-image-20129 size-full\" src=\"https:\/\/www.hydraulic-cylinders.net\/wp-content\/uploads\/2025\/05\/truss-arm-crawler-crane-hydraulic-cylinders.webp\" alt=\"L\u00e1nctalpas daru hidraulikus henger\" width=\"640\" height=\"358\" srcset=\"https:\/\/www.hydraulic-cylinders.net\/wp-content\/uploads\/2025\/05\/truss-arm-crawler-crane-hydraulic-cylinders.webp 640w, https:\/\/www.hydraulic-cylinders.net\/wp-content\/uploads\/2025\/05\/truss-arm-crawler-crane-hydraulic-cylinders-480x269.webp 480w\" sizes=\"(min-width: 0px) and (max-width: 480px) 480px, (min-width: 481px) 640px, 100vw\" \/><\/p>\n<ul>\n<li>\n<p class=\"ds-markdown-paragraph\"><strong>Funkci\u00f3<\/strong>Pufferel\u0151 hat\u00e1s<\/p>\n<\/li>\n<li>\n<p class=\"ds-markdown-paragraph\"><strong>Henger \u00e1tm\u00e9r\u0151je<\/strong>: 50 mm \u2013 63 mm (\u00e1ll\u00edthat\u00f3 vagy kett\u0151s furat\u00fa kivitel)<\/p>\n<\/li>\n<li>\n<p class=\"ds-markdown-paragraph\"><strong>R\u00fad \u00e1tm\u00e9r\u0151je<\/strong>32 mm<\/p>\n<\/li>\n<li>\n<p class=\"ds-markdown-paragraph\"><strong>Utaz\u00e1si<\/strong>: 25 mm \u2013 60 mm (35 mm teljes l\u00f6ket)<\/p>\n<\/li>\n<li>\n<p class=\"ds-markdown-paragraph\"><strong>Maxim\u00e1lis nyom\u00e1s<\/strong>6 MPa<\/p>\n<\/li>\n<li>\n<p class=\"ds-markdown-paragraph\"><strong>Maxim\u00e1lis tol\u00f3er\u0151<\/strong>19 kN<\/p>\n<\/li>\n<\/ul>\n<\/section>\n<section id=\"features\">\n<h2><strong>A l\u00e1nctalpas daru rug\u00f3s hidraulikus henger\u00e9nek f\u0151bb jellemz\u0151i:<\/strong><\/h2>\n<ul>\n<li><strong>Fejlett rug\u00f3visszat\u00e9r\u00edt\u00e9ses kialak\u00edt\u00e1s:<\/strong>\u00a0A l\u00e1nctalpas daru rug\u00f3s hidraulikus munkahengere rug\u00f3visszat\u00e9r\u00edt\u00e9ses hengerrel rendelkezik, amely gyors visszah\u00faz\u00e1st biztos\u00edt, n\u00f6velve a l\u00e1nctalpas daru munkahenger\u00e9nek hat\u00e9konys\u00e1g\u00e1t neh\u00e9z emel\u00e9si m\u0171veletek sor\u00e1n.<\/li>\n<li><strong>Massz\u00edv tart\u00f3ss\u00e1g:<\/strong>\u00a0Nagy szil\u00e1rds\u00e1g\u00fa ac\u00e9lb\u00f3l \u00e9s korr\u00f3zi\u00f3\u00e1ll\u00f3 bevonattal k\u00e9sz\u00fclt, ez a l\u00e1nctalpas darukhoz val\u00f3 hidraulikus henger ellen\u00e1ll a zord k\u00f6r\u00fclm\u00e9nyeknek, p\u00e9ld\u00e1ul a poros helysz\u00edneknek \u00e9s a p\u00e1r\u00e1s \u00e9ghajlatnak, \u00edgy megb\u00edzhat\u00f3, nagy teherb\u00edr\u00e1s\u00fa hidraulikus hengerr\u00e9 v\u00e1lik.<\/li>\n<li><strong>Testreszabhat\u00f3 teljes\u00edtm\u00e9ny:<\/strong>\u00a0Az \u00e1ll\u00edthat\u00f3 l\u00f6kettel \u00e9s rug\u00f3er\u0151vel a rug\u00f3s mechanizmussal ell\u00e1tott l\u00e1nctalpas daru munkahengere alkalmazkodik az adott emel\u00e9si ig\u00e9nyekhez, optimaliz\u00e1lva a hidraulikus hengert a l\u00e1nctalpas daru m\u0171k\u00f6d\u00e9s\u00e9hez.<\/li>\n<li><strong>Alacsony karbantart\u00e1si hat\u00e9konys\u00e1g:<\/strong>\u00a0Fejlett t\u00f6m\u00edt\u00e9sekkel felszerelve, ez a rug\u00f3visszat\u00e9r\u00edt\u00e9ses henger minimaliz\u00e1lja a kop\u00e1st, cs\u00f6kkentve a l\u00e1nctalpas darualkalmaz\u00e1sok karbantart\u00e1si k\u00f6lts\u00e9geit, \u00e9s tart\u00f3s, nagy teherb\u00edr\u00e1s\u00fa rug\u00f3s hidraulikus hengert k\u00edn\u00e1l daruk sz\u00e1m\u00e1ra.<\/li>\n<\/ul>\n<\/section>\n<section id=\"applications\">\n<h2><strong>A rug\u00f3s hidraulikus henger alkalmaz\u00e1sa l\u00e1nctalpas daruhoz:<\/strong><\/h2>\n<p><img loading=\"lazy\" decoding=\"async\" class=\"alignnone size-full wp-image-20137\" src=\"https:\/\/www.hydraulic-cylinders.net\/wp-content\/uploads\/2025\/05\/spring-hydraulic-cylinder-for-crawler-crane-application.webp\" alt=\"\" width=\"1082\" height=\"612\" srcset=\"https:\/\/www.hydraulic-cylinders.net\/wp-content\/uploads\/2025\/05\/spring-hydraulic-cylinder-for-crawler-crane-application.webp 1082w, https:\/\/www.hydraulic-cylinders.net\/wp-content\/uploads\/2025\/05\/spring-hydraulic-cylinder-for-crawler-crane-application-980x554.webp 980w, https:\/\/www.hydraulic-cylinders.net\/wp-content\/uploads\/2025\/05\/spring-hydraulic-cylinder-for-crawler-crane-application-480x271.webp 480w\" sizes=\"(min-width: 0px) and (max-width: 480px) 480px, (min-width: 481px) and (max-width: 980px) 980px, (min-width: 981px) 1082px, 100vw\" \/><\/p>\n<ul>\n<li><strong>\u00c9p\u00edt\u00e9si ter\u00fcletek:<\/strong>\u00a0A l\u00e1nctalpas darukhoz val\u00f3 rug\u00f3s hidraulikus munkahenger kiv\u00e1l\u00f3an alkalmas az \u00e9p\u00edt\u0151iparban, rug\u00f3visszat\u00e9r\u00edt\u00e9ses hengert biztos\u00edtva ac\u00e9lgerend\u00e1k \u00e9s betonlapok neh\u00e9z emel\u00e9s\u00e9hez, prec\u00edz l\u00e1nctalpas daru munkahenger-vez\u00e9rl\u00e9ssel.<\/li>\n<li><strong>B\u00e1ny\u00e1szati \u200b\u200bm\u0171veletek:<\/strong>\u00a0B\u00e1ny\u00e1szati \u200b\u200b\u200b\u200bc\u00e9lokra tervezett, l\u00e1nctalpas daruk m\u0171k\u00f6dtet\u00e9s\u00e9hez haszn\u00e1lt hidraulikus henger biztos\u00edtja az \u00e9rc \u00e9s a berendez\u00e9sek stabil emel\u00e9s\u00e9t, amelyet egy nagy teherb\u00edr\u00e1s\u00fa rug\u00f3s hidraulikus henger t\u00e1mogat a daruk sz\u00e1m\u00e1ra egyenetlen terepen.<\/li>\n<li><strong>Ipari projektek:<\/strong>\u00a0Az ipari k\u00f6rnyezetbe ide\u00e1lis rug\u00f3s mechanizmussal ell\u00e1tott l\u00e1nctalpas daruhenger biztons\u00e1gos teherkezel\u00e9st tesz lehet\u0151v\u00e9 a gy\u00e1rakban, \u00e9s a megb\u00edzhat\u00f3 rug\u00f3s hidraulikus hengerrel n\u00f6veli a hat\u00e9konys\u00e1got.<\/li>\n<\/ul>\n<\/section>\n<section id=\"explore-more\">\n<h2><strong>Fedezzen fel tov\u00e1bbi l\u00e1nctalpas daru munkahengereket:<\/strong><\/h2>\n<p>Emellett sz\u00e1mos egy\u00e9b l\u00e1nctalpas daru munkahengert is k\u00edn\u00e1lunk a k\u00fcl\u00f6nf\u00e9le emel\u00e9si ig\u00e9nyek kiel\u00e9g\u00edt\u00e9s\u00e9re. Ak\u00e1r l\u00e1nctalpas daru m\u0171veletekhez sz\u00fcks\u00e9ges hidraulikus munkahengerre, ak\u00e1r darukhoz val\u00f3 nagy teherb\u00edr\u00e1s\u00fa rug\u00f3s hidraulikus munkahengerre van sz\u00fcks\u00e9ge, az Ever-Power Huachang Hydraulic rendelkezik a megold\u00e1ssal. Tekintse meg teljes k\u00edn\u00e1latunkat. <a href=\"https:\/\/www.hydraulic-cylinders.net\/hu\/mobile-crane-hydraulic-cylinders\/\">l\u00e1nctalpas daru hengerek<\/a>.<\/p>\n<h2><strong>Hogyan jav\u00edtja a l\u00e1nctalpas daru rug\u00f3s hidraulikus henger\u00e9ben tal\u00e1lhat\u00f3 rug\u00f3s mechanizmus az emel\u00e9si m\u0171veleteket?<\/strong><\/h2>\n<p dir=\"auto\">A l\u00e1nctalpas daruk rug\u00f3s hidraulikus henger\u00e9nek rug\u00f3s mechanizmusa jelent\u0151sen jav\u00edtja az emel\u00e9si m\u0171veleteket a gyors \u00e9s megb\u00edzhat\u00f3 visszah\u00faz\u00e1s biztos\u00edt\u00e1s\u00e1val, ami optimaliz\u00e1lja a l\u00e1nctalpas daru henger\u00e9nek teljes\u00edtm\u00e9ny\u00e9t az olyan ig\u00e9nyes alkalmaz\u00e1sokban, mint az \u00e9p\u00edt\u0151ipar \u00e9s a b\u00e1ny\u00e1szat. A hagyom\u00e1nyos hidraulikus hengerekkel ellent\u00e9tben a rug\u00f3s visszat\u00e9r\u00edt\u00e9s\u0171 henger kialak\u00edt\u00e1sa egy robusztus rug\u00f3t tartalmaz, amely automatikusan visszah\u00fazza a dugatty\u00fat a munkal\u00f6ket ut\u00e1n, \u00edgy nincs sz\u00fcks\u00e9g k\u00fcls\u0151 er\u0151kre vagy tov\u00e1bbi hidraulikus nyom\u00e1sra a henger eredeti helyzet\u00e9be val\u00f3 vissza\u00e1ll\u00edt\u00e1s\u00e1hoz.<\/p>\n<p dir=\"auto\">Ez a funkci\u00f3 k\u00fcl\u00f6n\u00f6sen el\u0151ny\u00f6s a l\u00e1nctalpas daruk hidraulikus hengereiben, ahol a gyakori emel\u00e9si ciklusok gyakoriak, mivel cs\u00f6kkenti az emel\u00e9sek k\u00f6z\u00f6tti \u00e1ll\u00e1sid\u0151t \u00e9s jav\u00edtja az \u00fczemi \u00e1tereszt\u0151k\u00e9pess\u00e9get. Ezenk\u00edv\u00fcl a nagy teherb\u00edr\u00e1s\u00fa hidraulikus henger rug\u00f3s mechanizmusa minimaliz\u00e1lja az energiafogyaszt\u00e1st az\u00e1ltal, hogy mechanikus rug\u00f3er\u0151t haszn\u00e1l a visszah\u00faz\u00e1shoz, \u00edgy k\u00f6rnyezetbar\u00e1t \u00e9s k\u00f6lts\u00e9ghat\u00e9kony megold\u00e1st k\u00edn\u00e1l a neh\u00e9z emel\u00e9si feladatokhoz.<\/p>\n<p dir=\"auto\">A rug\u00f3s mechanizmussal ell\u00e1tott l\u00e1nctalpas daru munkahenger a biztons\u00e1got is n\u00f6veli az\u00e1ltal, hogy v\u00e1ltoz\u00f3 terhel\u00e9si k\u00f6r\u00fclm\u00e9nyek k\u00f6z\u00f6tt is biztos\u00edtja az \u00e1lland\u00f3 visszah\u00faz\u00e1st, megakad\u00e1lyozva az esetleges eltol\u00f3d\u00e1st vagy t\u00falny\u00fal\u00e1st a daru m\u0171k\u00f6d\u00e9se sor\u00e1n. Nagy szil\u00e1rds\u00e1g\u00fa ac\u00e9lb\u00f3l \u00e9s fejlett t\u00f6m\u00edt\u0151technol\u00f3gi\u00e1val gy\u00e1rtva, a l\u00e1nctalpas darukhoz val\u00f3 rug\u00f3s hidraulikus munkahenger tart\u00f3ss\u00e1got \u00e9s sziv\u00e1rg\u00e1smentes teljes\u00edtm\u00e9nyt ny\u00fajt m\u00e9g zord k\u00f6rnyezetben, p\u00e9ld\u00e1ul poros helysz\u00edneken vagy p\u00e1r\u00e1s tengerparti ter\u00fcleteken is, biztos\u00edtva a daruk nagy teherb\u00edr\u00e1s\u00fa rug\u00f3s hidraulikus munkahengereinek hossz\u00fa t\u00e1v\u00fa megb\u00edzhat\u00f3s\u00e1g\u00e1t.<\/p>\n<\/section>\n<section id=\"company-introduction\">\n<h2><strong>Az Ever-Power Huachang Hydraulicr\u00f3l:<\/strong><\/h2>\n<h2><img loading=\"lazy\" decoding=\"async\" class=\"alignnone size-full wp-image-16972\" src=\"https:\/\/www.hydraulic-cylinders.net\/wp-content\/uploads\/2025\/01\/hydraulic-cylinder-factory-1-scaled.webp\" alt=\"\" width=\"2016\" height=\"2560\" srcset=\"https:\/\/www.hydraulic-cylinders.net\/wp-content\/uploads\/2025\/01\/hydraulic-cylinder-factory-1-scaled.webp 2016w, https:\/\/www.hydraulic-cylinders.net\/wp-content\/uploads\/2025\/01\/hydraulic-cylinder-factory-1-1280x1625.webp 1280w, https:\/\/www.hydraulic-cylinders.net\/wp-content\/uploads\/2025\/01\/hydraulic-cylinder-factory-1-980x1244.webp 980w, https:\/\/www.hydraulic-cylinders.net\/wp-content\/uploads\/2025\/01\/hydraulic-cylinder-factory-1-480x610.webp 480w\" sizes=\"(min-width: 0px) and (max-width: 480px) 480px, (min-width: 481px) and (max-width: 980px) 980px, (min-width: 981px) and (max-width: 1280px) 1280px, (min-width: 1281px) 2016px, 100vw\" \/><\/h2>\n<p>Korszer\u0171, f\u00fcggetlen, \u00f6sszeszerel\u00e9sre szakosodott K+F platformmal b\u00fcszk\u00e9lkedhet\u00fcnk, amely biztos\u00edtja a gy\u00e1rt\u00e1si folyamatainkban a legmagasabb szint\u0171 innov\u00e1ci\u00f3t \u00e9s min\u0151s\u00e9get. Targoncahenger-gy\u00e1rt\u00f3 m\u0171hely\u00fcnkben n\u00e9gy f\u00e9lautomata emel\u0151henger-\u00f6sszeszerel\u0151 sor \u00e9s egy teljesen automatikus billen\u0151henger-\u00f6sszeszerel\u0151 sor tal\u00e1lhat\u00f3, amelyeket egy\u00fcttesen \u00e9vi ak\u00e1r egymilli\u00f3 egys\u00e9g gy\u00e1rt\u00e1s\u00e1ra tervezt\u00fcnk.<\/p>\n<p>Megmunk\u00e1l\u00f3 m\u0171hely\u00fcnk egyedi d\u00f6nthet\u0151 vezet\u0151s\u00ednes eszterg\u00e1l\u00f3 k\u00f6zpontokkal, megmunk\u00e1l\u00f3k\u00f6zpontokkal, nagysebess\u00e9g\u0171 h\u00f3nol\u00f3g\u00e9pekkel, hegeszt\u0151robotokkal \u00e9s egy\u00e9b n\u00e9lk\u00fcl\u00f6zhetetlen berendez\u00e9sekkel rendelkezik. Ez a be\u00e1ll\u00edt\u00e1s lehet\u0151v\u00e9 teszi sz\u00e1munkra, hogy legfeljebb 400 mm bels\u0151 \u00e1tm\u00e9r\u0151j\u0171 \u00e9s ak\u00e1r 6 m\u00e9ter hossz\u00fa hengeres cs\u00f6veket is megmunk\u00e1ljunk, tov\u00e1bb n\u00f6velve termel\u00e9si kapacit\u00e1sunkat.<\/p>\n<h2><img loading=\"lazy\" decoding=\"async\" class=\"alignnone size-full wp-image-16973\" src=\"https:\/\/www.hydraulic-cylinders.net\/wp-content\/uploads\/2025\/01\/hydraulic-cylinder-factory-2-scaled.webp\" alt=\"\" width=\"2011\" height=\"2560\" srcset=\"https:\/\/www.hydraulic-cylinders.net\/wp-content\/uploads\/2025\/01\/hydraulic-cylinder-factory-2-scaled.webp 2011w, https:\/\/www.hydraulic-cylinders.net\/wp-content\/uploads\/2025\/01\/hydraulic-cylinder-factory-2-1280x1629.webp 1280w, https:\/\/www.hydraulic-cylinders.net\/wp-content\/uploads\/2025\/01\/hydraulic-cylinder-factory-2-980x1248.webp 980w, https:\/\/www.hydraulic-cylinders.net\/wp-content\/uploads\/2025\/01\/hydraulic-cylinder-factory-2-480x611.webp 480w\" sizes=\"(min-width: 0px) and (max-width: 480px) 480px, (min-width: 481px) and (max-width: 980px) 980px, (min-width: 981px) and (max-width: 1280px) 1280px, (min-width: 1281px) 2011px, 100vw\" \/><\/h2>\n<p>Egy teljesen automatikus, v\u00edzb\u00e1zis\u00fa fest\u00e9kbevon\u00f3 sort \u00fczemeltet\u00fcnk, amelyet kifejezetten kis \u00e9s k\u00f6zepes palackokhoz tervezt\u00fcnk, automatiz\u00e1lt be-, kirakod\u00f3- \u00e9s permetez\u0151robotokkal. Ez a korszer\u0171 rendszer m\u0171szakonk\u00e9nt 4000 egys\u00e9g gy\u00e1rt\u00e1si kapacit\u00e1ssal b\u00fcszk\u00e9lkedhet. Ezenk\u00edv\u00fcl egy f\u00e9lautomata fest\u0151sorral rendelkez\u00fcnk nagym\u00e9ret\u0171 palackokhoz, l\u00e1nchajt\u00e1ssal, m\u0171szakonk\u00e9nt 60 l\u00e1da tervez\u00e9si kapacit\u00e1ssal.<\/p>\n<p>Tov\u00e1bb\u00e1, hidraulikus rendszereink biztons\u00e1g\u00e1nak garant\u00e1l\u00e1sa \u00e9rdek\u00e9ben \u00e1llapotfel\u00fcgyeletet alkalmazunk a kulcsfontoss\u00e1g\u00fa teljes\u00edtm\u00e9nyparam\u00e9terek, t\u00f6bbek k\u00f6z\u00f6tt az olajh\u0151m\u00e9rs\u00e9klet, a folyad\u00e9kszint \u00e9s a sz\u0171r\u0151berendez\u00e9s \u00e1llapota tekintet\u00e9ben. Hidraulikus henger teszt\u00e1llv\u00e1nyunk k\u00e9pes pontos leolvas\u00e1sokkal felm\u00e9rni a \u201eterhel\u00e9si hat\u00e9konys\u00e1got\u201d \u00e9s a \u201ebels\u0151 sziv\u00e1rg\u00e1st\u201d. Emellett egy r\u00e1csos vonalz\u00f3val ell\u00e1tott m\u00e9r\u0151m\u0171szerrel is fel van szerelve, amely megfelel a nemzeti szabv\u00e1nyoknak, biztos\u00edtva a hidraulikus hengerterm\u00e9kekre vonatkoz\u00f3 \u00f6sszes vizsg\u00e1lati k\u00f6vetelm\u00e9ny betart\u00e1s\u00e1t.<\/p>\n<p>A l\u00e1nctalpas darukhoz val\u00f3 rug\u00f3s hidraulikus henger a min\u0151s\u00e9g \u00e9s a teljes\u00edtm\u00e9ny ir\u00e1nti elk\u00f6telezetts\u00e9g\u00fcnket t\u00fckr\u00f6zi, amelyet nagy teherb\u00edr\u00e1s\u00fa hidraulikus hengerk\u00e9nt tervezt\u00fcnk l\u00e1nctalpas daruk \u00fczemeltet\u00e9s\u00e9hez, k\u00fcl\u00f6n\u00f6sen a Liebherr, a Manitowoc \u00e9s a Kobelco modelljeihez. Term\u00e9keink a vil\u00e1g legnagyobb berendez\u00e9sgy\u00e1rt\u00f3inak bizalm\u00e1t \u00e9lvezik, \u00e9s a megb\u00edzhat\u00f3s\u00e1gukr\u00f3l er\u0151s h\u00edrnevet szereztek, az Ever-Power Huachang Hydraulic pedig a hidraulikus hengerek gy\u00e1rt\u00e1s\u00e1nak vezet\u0151 szerepl\u0151jek\u00e9nt ismert.<\/p>\n<\/section>","protected":false},"excerpt":{"rendered":"<p>Spring Hydraulic Cylinders for Crawler Crane The spring hydraulic cylinder for crawler crane from ever-power huachang hydraulic is a robust spring-return cylinder designed for crawler crane operations, compatible with various models. This hydraulic cylinder for crawler crane enhances lifting efficiency with its spring mechanism, ensuring reliable performance in construction, mining, and heavy industrial tasks. Engineered [&hellip;]<\/p>","protected":false},"featured_media":20135,"comment_status":"open","ping_status":"closed","template":"","meta":{"_et_pb_use_builder":"","_et_pb_old_content":"","_et_gb_content_width":""},"product_brand":[],"product_cat":[1376],"product_tag":[],"class_list":{"0":"post-20133","1":"product","2":"type-product","3":"status-publish","4":"has-post-thumbnail","6":"product_cat-hydraulic-cylinder","8":"first","9":"instock","10":"shipping-taxable","11":"product-type-simple"},"amp_enabled":true,"_links":{"self":[{"href":"https:\/\/www.hydraulic-cylinders.net\/hu\/wp-json\/wp\/v2\/product\/20133","targetHints":{"allow":["GET"]}}],"collection":[{"href":"https:\/\/www.hydraulic-cylinders.net\/hu\/wp-json\/wp\/v2\/product"}],"about":[{"href":"https:\/\/www.hydraulic-cylinders.net\/hu\/wp-json\/wp\/v2\/types\/product"}],"replies":[{"embeddable":true,"href":"https:\/\/www.hydraulic-cylinders.net\/hu\/wp-json\/wp\/v2\/comments?post=20133"}],"wp:featuredmedia":[{"embeddable":true,"href":"https:\/\/www.hydraulic-cylinders.net\/hu\/wp-json\/wp\/v2\/media\/20135"}],"wp:attachment":[{"href":"https:\/\/www.hydraulic-cylinders.net\/hu\/wp-json\/wp\/v2\/media?parent=20133"}],"wp:term":[{"taxonomy":"product_brand","embeddable":true,"href":"https:\/\/www.hydraulic-cylinders.net\/hu\/wp-json\/wp\/v2\/product_brand?post=20133"},{"taxonomy":"product_cat","embeddable":true,"href":"https:\/\/www.hydraulic-cylinders.net\/hu\/wp-json\/wp\/v2\/product_cat?post=20133"},{"taxonomy":"product_tag","embeddable":true,"href":"https:\/\/www.hydraulic-cylinders.net\/hu\/wp-json\/wp\/v2\/product_tag?post=20133"}],"curies":[{"name":"munkaf\u00fczet","href":"https:\/\/api.w.org\/{rel}","templated":true}]}}