{"id":20144,"date":"2025-05-11T14:42:32","date_gmt":"2025-05-11T14:42:32","guid":{"rendered":"https:\/\/www.hydraulic-cylinders.net\/?post_type=product&#038;p=20144"},"modified":"2025-05-12T05:30:31","modified_gmt":"2025-05-12T05:30:31","slug":"power-pin-hydraulic-cylinders-for-crawler-crane","status":"publish","type":"product","link":"https:\/\/www.hydraulic-cylinders.net\/hu\/termek\/power-pin-hydraulic-cylinders-for-crawler-crane\/","title":{"rendered":"Power Pin hidraulikus hengerek l\u00e1nctalpas daruhoz"},"content":{"rendered":"<h1 style=\"text-align: center;\"><strong>Power Pin hidraulikus hengerek l\u00e1nctalpas daruhoz<\/strong><\/h1>\n<p><img loading=\"lazy\" decoding=\"async\" class=\"wp-image-20152 aligncenter\" src=\"https:\/\/www.hydraulic-cylinders.net\/wp-content\/uploads\/2025\/05\/pin-shaft-hydraulic-cylinders-for-crawler-crane-2-scaled.webp\" alt=\"\" width=\"500\" height=\"500\" \/><\/p>\n<p>Az Ever-Power Huachang Hydraulic \u00e1ltal b\u00fcszk\u00e9n gy\u00e1rtott csaptengelyes hidraulikus hengerek l\u00e1nctalpas darukhoz a m\u00e9rn\u00f6ki kiv\u00e1l\u00f3s\u00e1g cs\u00facs\u00e1t k\u00e9pviselik, mint robusztus csaptengelyes hengerek, amelyeket kifejezetten a l\u00e1nctalpas daruk neh\u00e9z emel\u00e9s\u00e9nek szigor\u00fa k\u00f6vetelm\u00e9nyeire terveztek. A vezet\u0151 modellekkel kompatibilis, ez a csaptengelyes kialak\u00edt\u00e1s\u00fa hidraulikus henger p\u00e1ratlan stabilit\u00e1st \u00e9s pontoss\u00e1got biztos\u00edt, \u00edgy ide\u00e1lis l\u00e1nctalpas daruhenger \u00e9p\u00edtkez\u00e9sekhez, b\u00e1ny\u00e1szati \u200b\u200bm\u0171veletekhez \u00e9s nagym\u00e9ret\u0171 ipari projektekhez. Nagy szil\u00e1rds\u00e1g\u00fa \u00f6tv\u00f6z\u00f6tt ac\u00e9lb\u00f3l \u00e9s fejlett korr\u00f3zi\u00f3g\u00e1tl\u00f3 bevonattal k\u00e9sz\u00fclt, a nagy teherb\u00edr\u00e1s\u00fa hidraulikus henger tart\u00f3ss\u00e1got \u00e9s megb\u00edzhat\u00f3s\u00e1got biztos\u00edt m\u00e9g a legmostoh\u00e1bb k\u00f6rnyezetben is, p\u00e9ld\u00e1ul poros terepen, p\u00e1r\u00e1s tengerparti ter\u00fcleteken vagy nagy tengerszint feletti magass\u00e1gban l\u00e9v\u0151 munkater\u00fcleteken. Ez a l\u00e1nctalpas darukhoz val\u00f3 csaptengelyes hidraulikus henger egyedi csaptengelyes mechanizmussal rendelkezik, amely optimaliz\u00e1lja a tehereloszt\u00e1st \u00e9s fokozza a biztons\u00e1got az emel\u00e9si feladatok sor\u00e1n, m\u00edg a testreszabhat\u00f3 furatm\u00e9retek (180 mm-t\u0151l 300 mm-ig) \u00e9s l\u00f6kethosszak (1000 mm-t\u0151l 4000 mm-ig) lehet\u0151v\u00e9 teszik a testreszabott teljes\u00edtm\u00e9nyt a v\u00e1ltozatos m\u0171k\u00f6d\u00e9si ig\u00e9nyek kiel\u00e9g\u00edt\u00e9s\u00e9re. Korszer\u0171 gy\u00e1rt\u00f3\u00fczem\u00fcnk \u00e9s szigor\u00fa tesztel\u00e9si szabv\u00e1nyaink t\u00e1mogat\u00e1s\u00e1val ez a nagy teherb\u00edr\u00e1s\u00fa csaptengelyes hidraulikus munkahenger a min\u0151s\u00e9g ir\u00e1nti elk\u00f6telezetts\u00e9g\u00fcnk bizony\u00edt\u00e9ka, megb\u00edzhat\u00f3 megold\u00e1st k\u00edn\u00e1lva azoknak a kezel\u0151knek, akik csapmechanizmussal ell\u00e1tott l\u00e1nctalpas daru munkahengert keresnek a hat\u00e9konys\u00e1g maximaliz\u00e1l\u00e1sa \u00e9s az \u00e1ll\u00e1sid\u0151 minimaliz\u00e1l\u00e1sa \u00e9rdek\u00e9ben.<\/p>\n<section id=\"specifications\">\n<h2><strong>M\u0171szaki adatok:<\/strong><\/h2>\n<p><strong>Funkci\u00f3:<\/strong>\u00a0A kar keret mozg\u00e1s\u00e1nak szab\u00e1lyoz\u00e1sa<br \/>\n<strong>Henger \u00e1tm\u00e9r\u0151je:<\/strong>\u00a050 mm\u2013125 mm<br \/>\n<strong>R\u00fad \u00e1tm\u00e9r\u0151je:<\/strong>\u00a025 mm\u201375 mm<br \/>\n<strong>Utaz\u00e1si:<\/strong>\u00a0160 mm\u2013390 mm<br \/>\n<strong>Maxim\u00e1lis nyom\u00e1s:<\/strong>\u00a025MPa<br \/>\n<strong>Maxim\u00e1lis tol\u00f3er\u0151:<\/strong>\u00a0307KN<\/p>\n<\/section>\n<section id=\"features\">\n<h2><strong>A l\u00e1nctalpas daru csaptengelyes hidraulikus hengereinek f\u0151bb jellemz\u0151i:<\/strong><\/h2>\n<ul>\n<li><strong>Fokozott csaptengely-stabilit\u00e1s:<\/strong>\u00a0A l\u00e1nctalpas darukhoz val\u00f3 csaptengelyes hidraulikus munkahengerek csaptengelyes henger kialak\u00edt\u00e1ssal rendelkeznek, amely jav\u00edtja a tehereloszt\u00e1st, biztos\u00edtva a stabilit\u00e1st neh\u00e9z emel\u00e9si m\u0171veletek sor\u00e1n.<\/li>\n<li><strong>Korr\u00f3zi\u00f3\u00e1ll\u00f3 kialak\u00edt\u00e1s:<\/strong>\u00a0Nagy szil\u00e1rds\u00e1g\u00fa \u00f6tv\u00f6z\u00f6tt ac\u00e9lb\u00f3l \u00e9s korr\u00f3zi\u00f3g\u00e1tl\u00f3 bevonattal k\u00e9sz\u00fclt, ez a strapab\u00edr\u00f3 hidraulikus henger ellen\u00e1ll a zord k\u00f6rnyezeteknek, p\u00e9ld\u00e1ul a poros helyeknek \u00e9s a p\u00e1r\u00e1s k\u00f6r\u00fclm\u00e9nyeknek.<\/li>\n<li><strong>Prec\u00edz teherkezel\u00e9s:<\/strong>\u00a0A csaptengelyes kialak\u00edt\u00e1s\u00fa hidraulikus henger prec\u00edz mozg\u00e1svez\u00e9rl\u00e9st k\u00edn\u00e1l, \u00edgy megb\u00edzhat\u00f3 l\u00e1nctalpas daruhengerr\u00e9 v\u00e1lik az ig\u00e9nyes ipari feladatokhoz.<\/li>\n<li><strong>Alacsony karbantart\u00e1si ig\u00e9ny\u0171 tart\u00f3ss\u00e1g:<\/strong>\u00a0Fejlett t\u00f6m\u00edt\u00e9stechnol\u00f3gi\u00e1j\u00e1nak k\u00f6sz\u00f6nhet\u0151en ez a csaptengelyes hidraulikus henger minimaliz\u00e1lja a kop\u00e1st, cs\u00f6kkentve a l\u00e1nctalpas daru alkalmaz\u00e1sok karbantart\u00e1si ig\u00e9nyeit.<\/li>\n<\/ul>\n<\/section>\n<section id=\"applications\">\n<h2><strong>A l\u00e1nctalpas daru csapszeges hidraulikus hengereinek alkalmaz\u00e1sa:<\/strong><\/h2>\n<p><img loading=\"lazy\" decoding=\"async\" class=\"size-full wp-image-20167 aligncenter\" src=\"https:\/\/www.hydraulic-cylinders.net\/wp-content\/uploads\/2025\/05\/Power-Pin-Hydraulic-Cylinders-for-Crawler-Crane-application.webp\" alt=\"\" width=\"1643\" height=\"945\" srcset=\"https:\/\/www.hydraulic-cylinders.net\/wp-content\/uploads\/2025\/05\/Power-Pin-Hydraulic-Cylinders-for-Crawler-Crane-application.webp 1643w, https:\/\/www.hydraulic-cylinders.net\/wp-content\/uploads\/2025\/05\/Power-Pin-Hydraulic-Cylinders-for-Crawler-Crane-application-1280x736.webp 1280w, https:\/\/www.hydraulic-cylinders.net\/wp-content\/uploads\/2025\/05\/Power-Pin-Hydraulic-Cylinders-for-Crawler-Crane-application-980x564.webp 980w, https:\/\/www.hydraulic-cylinders.net\/wp-content\/uploads\/2025\/05\/Power-Pin-Hydraulic-Cylinders-for-Crawler-Crane-application-480x276.webp 480w\" sizes=\"(min-width: 0px) and (max-width: 480px) 480px, (min-width: 481px) and (max-width: 980px) 980px, (min-width: 981px) and (max-width: 1280px) 1280px, (min-width: 1281px) 1643px, 100vw\" \/><\/p>\n<ul>\n<li><strong>\u00c9p\u00edt\u00e9si ter\u00fcletek:<\/strong>\u00a0A neh\u00e9z emel\u00e9shez haszn\u00e1lt csapszeges hidraulikus munkahenger biztos\u00edtja az ac\u00e9lgerend\u00e1k \u00e9s betonlapok biztons\u00e1gos \u00e9s stabil emel\u00e9s\u00e9t \u00e9p\u00edt\u00e9si projektekben l\u00e1nctalpas daruhengerek haszn\u00e1lat\u00e1val.<\/li>\n<li><strong>B\u00e1ny\u00e1szati \u200b\u200bm\u0171veletek:<\/strong>\u00a0B\u00e1ny\u00e1szati \u200b\u200b\u200b\u200bc\u00e9lokra tervezett, csaptengelyes hidraulikus henger, amely hat\u00e9kony \u00e9rc- \u00e9s berendez\u00e9skezel\u00e9st tesz lehet\u0151v\u00e9 egyenetlen terepen.<\/li>\n<li><strong>Ipari neh\u00e9z emel\u00e9s:<\/strong>\u00a0Az ipari k\u00f6rnyezetbe ide\u00e1lis, nagy teherb\u00edr\u00e1s\u00fa csaptengelyes hidraulikus henger fokozza a teljes\u00edtm\u00e9nyt gy\u00e1rakban \u00e9s nagym\u00e9ret\u0171 projektekben, amelyek prec\u00edz darum\u0171veleteket ig\u00e9nyelnek.<\/li>\n<\/ul>\n<\/section>\n<section id=\"explore-more\">\n<h2><strong>Fedezzen fel tov\u00e1bbi l\u00e1nctalpas daru munkahengereket:<\/strong><\/h2>\n<p>Emellett sz\u00e1mos m\u00e1s l\u00e1nctalpas daru munkahengert is k\u00edn\u00e1lunk a k\u00fcl\u00f6nf\u00e9le emel\u00e9si ig\u00e9nyek kiel\u00e9g\u00edt\u00e9s\u00e9re. Ak\u00e1r csapszeghengerre van sz\u00fcks\u00e9ge neh\u00e9z emel\u00e9shez, ak\u00e1r l\u00e1nctalpas daru munkahenger cser\u00e9j\u00e9hez, az Ever-Power Huachang Hydraulic rendelkezik a megold\u00e1ssal. Tekintse meg teljes k\u00edn\u00e1latunkat. <a href=\"https:\/\/www.hydraulic-cylinders.net\/hu\/mobile-crane-hydraulic-cylinders\/\">l\u00e1nctalpas daru hengerek<\/a>.<\/p>\n<\/section>\n<h2 dir=\"auto\"><strong>Mi teszi a l\u00e1nctalpas darukhoz val\u00f3 csaptengelyes hidraulikus hengereket alkalmass\u00e1 neh\u00e9z emel\u00e9sre?<\/strong><\/h2>\n<p dir=\"auto\">A l\u00e1nctalpas daruk csaptengelyes hidraulikus hengerei kiv\u00e9telesen j\u00f3l alkalmazhat\u00f3k neh\u00e9z emel\u00e9sekre a fejlett m\u00e9rn\u00f6ki jellemz\u0151k \u00e9s a robusztus anyagv\u00e1laszt\u00e1s kombin\u00e1ci\u00f3j\u00e1nak k\u00f6sz\u00f6nhet\u0151en, amelyeket a l\u00e1nctalpas daruk \u00fczemeltet\u00e9s\u00e9nek ig\u00e9nyes k\u00f6vetelm\u00e9nyeihez igaz\u00edtottak. A kialak\u00edt\u00e1s\u00e1nak k\u00f6z\u00e9ppontj\u00e1ban a csaptengelyes henger konfigur\u00e1ci\u00f3ja jav\u00edtja a tehereloszt\u00e1st az\u00e1ltal, hogy stabil forg\u00e1spontot biztos\u00edt, amely minimaliz\u00e1lja a fesz\u00fclts\u00e9gkoncentr\u00e1ci\u00f3t emel\u00e9s k\u00f6zben, biztos\u00edtva, hogy a l\u00e1nctalpas daruk hidraulikus hengere jelent\u0151s \u2013 gyakran t\u00f6bb tonn\u00e1s \u2013 terheket is k\u00e9pes kezelni a szerkezeti integrit\u00e1s vesz\u00e9lyeztet\u00e9se n\u00e9lk\u00fcl. Ez a csaptengelyes hidraulikus henger, amelynek maxim\u00e1lis \u00fczemi nyom\u00e1sa a m\u0171szaki adatokban meghat\u00e1rozottak szerint 350 bar, biztos\u00edtja a sz\u00fcks\u00e9ges er\u0151t neh\u00e9z anyagok, p\u00e9ld\u00e1ul ac\u00e9lgerend\u00e1k vagy betonlapok emel\u00e9s\u00e9hez \u00e9p\u00edt\u00e9si projektekben, valamint \u00e9rcek \u00e9s berendez\u00e9sek emel\u00e9s\u00e9hez b\u00e1ny\u00e1szati \u200b\u200bm\u0171veletek sor\u00e1n.<\/p>\n<p dir=\"auto\">A nagy szil\u00e1rds\u00e1g\u00fa \u00f6tv\u00f6z\u00f6tt ac\u00e9l haszn\u00e1lata a korr\u00f3zi\u00f3g\u00e1tl\u00f3 bevonattal p\u00e1ros\u00edtva biztos\u00edtja, hogy ez a nagy teherb\u00edr\u00e1s\u00fa hidraulikus henger ellen\u00e1lljon a zord k\u00f6rnyezeti felt\u00e9teleknek, p\u00e9ld\u00e1ul a poros \u00e9p\u00edtkez\u00e9seknek, a p\u00e1r\u00e1s tengerparti ter\u00fcleteknek vagy a nagy magass\u00e1g\u00fa ipari projekteknek, ez\u00e1ltal biztos\u00edtva az \u00e1lland\u00f3 teljes\u00edtm\u00e9nyt \u00e9s a hossz\u00fa \u00e9lettartamot. Tov\u00e1bb\u00e1, a csaptengelyes kialak\u00edt\u00e1s\u00fa hidraulikus henger prec\u00edz mozg\u00e1svez\u00e9rl\u00e9st k\u00edn\u00e1l, cs\u00f6kkentve a teher leng\u00e9s\u00e9nek vagy elmozdul\u00e1s\u00e1nak kock\u00e1zat\u00e1t a daru m\u0171k\u00f6dtet\u00e9se sor\u00e1n, ami kritikus fontoss\u00e1g\u00fa a neh\u00e9z emel\u00e9si feladatok biztons\u00e1ga \u00e9s hat\u00e9konys\u00e1ga szempontj\u00e1b\u00f3l. A l\u00e1nctalpas daruhengerbe integr\u00e1lt fejlett t\u00f6m\u00edt\u0151technol\u00f3gia minimaliz\u00e1lja a bels\u0151 sziv\u00e1rg\u00e1st \u00e9s kop\u00e1st, n\u00f6veli a tart\u00f3ss\u00e1got \u00e9s cs\u00f6kkenti a karbantart\u00e1s gyakoris\u00e1g\u00e1t, ami kulcsfontoss\u00e1g\u00fa szempont a megb\u00edzhat\u00f3 csapmechanizmus\u00fa l\u00e1nctalpas daruhengert keres\u0151 \u00fczemeltet\u0151k sz\u00e1m\u00e1ra.<\/p>\n<p dir=\"auto\">Ezenk\u00edv\u00fcl a testreszabhat\u00f3 furatm\u00e9retek (180 mm-t\u0151l 300 mm-ig) \u00e9s l\u00f6kethosszak (1000 mm-t\u0151l 4000 mm-ig) lehet\u0151v\u00e9 teszik, hogy a nagy teherb\u00edr\u00e1s\u00fa csaptengelyes hidraulikus henger az adott emel\u00e9si k\u00f6vetelm\u00e9nyekhez igazodjon, biztos\u00edtva az optim\u00e1lis teljes\u00edtm\u00e9nyt a k\u00fcl\u00f6nb\u00f6z\u0151 l\u00e1nctalpas daru modelleken, mint p\u00e9ld\u00e1ul a Liebherr LR 1300 \u00e9s a Manitowoc 14000. Az Ever-Power Huachang Hydraulic korszer\u0171 gy\u00e1rt\u00e1si \u00e9s szigor\u00fa tesztel\u00e9si szabv\u00e1nyai, bele\u00e9rtve a terhel\u00e9shat\u00e9konys\u00e1gi \u00e9s bels\u0151 sziv\u00e1rg\u00e1s\u00e9rt\u00e9kel\u00e9seket, t\u00e1mogatj\u00e1k ezt a neh\u00e9z emel\u00e9shez val\u00f3 csaptengelyes hengert, amely megb\u00edzhat\u00f3 megold\u00e1st jelent az ipari alkalmaz\u00e1sokhoz, mivel prec\u00edzi\u00f3t \u00e9s tart\u00f3ss\u00e1got k\u00edn\u00e1l a m\u0171k\u00f6d\u00e9si hat\u00e9konys\u00e1g \u00e9s a biztons\u00e1g maximaliz\u00e1l\u00e1sa \u00e9rdek\u00e9ben.<\/p>\n<section id=\"company-introduction\">\n<h2><strong>Az Ever-Power Huachang Hydraulicr\u00f3l:<\/strong><\/h2>\n<h2><img loading=\"lazy\" decoding=\"async\" class=\"alignnone size-full wp-image-16972\" src=\"https:\/\/www.hydraulic-cylinders.net\/wp-content\/uploads\/2025\/01\/hydraulic-cylinder-factory-1-scaled.webp\" alt=\"\" width=\"2016\" height=\"2560\" srcset=\"https:\/\/www.hydraulic-cylinders.net\/wp-content\/uploads\/2025\/01\/hydraulic-cylinder-factory-1-scaled.webp 2016w, https:\/\/www.hydraulic-cylinders.net\/wp-content\/uploads\/2025\/01\/hydraulic-cylinder-factory-1-1280x1625.webp 1280w, https:\/\/www.hydraulic-cylinders.net\/wp-content\/uploads\/2025\/01\/hydraulic-cylinder-factory-1-980x1244.webp 980w, https:\/\/www.hydraulic-cylinders.net\/wp-content\/uploads\/2025\/01\/hydraulic-cylinder-factory-1-480x610.webp 480w\" sizes=\"(min-width: 0px) and (max-width: 480px) 480px, (min-width: 481px) and (max-width: 980px) 980px, (min-width: 981px) and (max-width: 1280px) 1280px, (min-width: 1281px) 2016px, 100vw\" \/><\/h2>\n<p>Korszer\u0171, f\u00fcggetlen, \u00f6sszeszerel\u00e9sre szakosodott K+F platformmal b\u00fcszk\u00e9lkedhet\u00fcnk, amely biztos\u00edtja a gy\u00e1rt\u00e1si folyamatainkban a legmagasabb szint\u0171 innov\u00e1ci\u00f3t \u00e9s min\u0151s\u00e9get. Targoncahenger-gy\u00e1rt\u00f3 m\u0171hely\u00fcnkben n\u00e9gy f\u00e9lautomata emel\u0151henger-\u00f6sszeszerel\u0151 sor \u00e9s egy teljesen automatikus billen\u0151henger-\u00f6sszeszerel\u0151 sor tal\u00e1lhat\u00f3, amelyeket egy\u00fcttesen \u00e9vi ak\u00e1r egymilli\u00f3 egys\u00e9g gy\u00e1rt\u00e1s\u00e1ra tervezt\u00fcnk.<\/p>\n<p>Megmunk\u00e1l\u00f3 m\u0171hely\u00fcnk egyedi d\u00f6nthet\u0151 vezet\u0151s\u00ednes eszterg\u00e1l\u00f3 k\u00f6zpontokkal, megmunk\u00e1l\u00f3k\u00f6zpontokkal, nagysebess\u00e9g\u0171 h\u00f3nol\u00f3g\u00e9pekkel, hegeszt\u0151robotokkal \u00e9s egy\u00e9b n\u00e9lk\u00fcl\u00f6zhetetlen berendez\u00e9sekkel rendelkezik. Ez a be\u00e1ll\u00edt\u00e1s lehet\u0151v\u00e9 teszi sz\u00e1munkra, hogy legfeljebb 400 mm bels\u0151 \u00e1tm\u00e9r\u0151j\u0171 \u00e9s ak\u00e1r 6 m\u00e9ter hossz\u00fa hengeres cs\u00f6veket is megmunk\u00e1ljunk, tov\u00e1bb n\u00f6velve termel\u00e9si kapacit\u00e1sunkat.<\/p>\n<p>Egy teljesen automatikus, v\u00edzb\u00e1zis\u00fa fest\u00e9kbevon\u00f3 sort \u00fczemeltet\u00fcnk, amelyet kifejezetten kis \u00e9s k\u00f6zepes palackokhoz tervezt\u00fcnk, automatiz\u00e1lt be-, kirakod\u00f3- \u00e9s permetez\u0151robotokkal. Ez a korszer\u0171 rendszer m\u0171szakonk\u00e9nt 4000 egys\u00e9g gy\u00e1rt\u00e1si kapacit\u00e1ssal b\u00fcszk\u00e9lkedhet. Ezenk\u00edv\u00fcl egy f\u00e9lautomata fest\u0151sorral rendelkez\u00fcnk nagym\u00e9ret\u0171 palackokhoz, l\u00e1nchajt\u00e1ssal, m\u0171szakonk\u00e9nt 60 l\u00e1da tervez\u00e9si kapacit\u00e1ssal.<\/p>\n<h2><img loading=\"lazy\" decoding=\"async\" class=\"alignnone size-full wp-image-16973\" src=\"https:\/\/www.hydraulic-cylinders.net\/wp-content\/uploads\/2025\/01\/hydraulic-cylinder-factory-2-scaled.webp\" alt=\"\" width=\"2011\" height=\"2560\" srcset=\"https:\/\/www.hydraulic-cylinders.net\/wp-content\/uploads\/2025\/01\/hydraulic-cylinder-factory-2-scaled.webp 2011w, https:\/\/www.hydraulic-cylinders.net\/wp-content\/uploads\/2025\/01\/hydraulic-cylinder-factory-2-1280x1629.webp 1280w, https:\/\/www.hydraulic-cylinders.net\/wp-content\/uploads\/2025\/01\/hydraulic-cylinder-factory-2-980x1248.webp 980w, https:\/\/www.hydraulic-cylinders.net\/wp-content\/uploads\/2025\/01\/hydraulic-cylinder-factory-2-480x611.webp 480w\" sizes=\"(min-width: 0px) and (max-width: 480px) 480px, (min-width: 481px) and (max-width: 980px) 980px, (min-width: 981px) and (max-width: 1280px) 1280px, (min-width: 1281px) 2011px, 100vw\" \/><\/h2>\n<p>A term\u00e9kteljes\u00edtm\u00e9ny fokoz\u00e1sa \u00e9s a hidraulikus hengerek ipar\u00e1g\u00e1ban bet\u00f6lt\u00f6tt vezet\u0151 szerep\u00fcnk megszil\u00e1rd\u00edt\u00e1sa \u00e9rdek\u00e9ben partners\u00e9gre l\u00e9pt\u00fcnk a ZJIMEE-vel egy \u00e1tfog\u00f3 teljes\u00edtm\u00e9nyvizsg\u00e1l\u00f3 laborat\u00f3rium l\u00e9trehoz\u00e1sa \u00e9rdek\u00e9ben, amely a hidraulikus hengerek, szelepek \u00e9s szivatty\u00fak vizsg\u00e1lat\u00e1ra specializ\u00e1l\u00f3dott. Ez a fejlett laborat\u00f3rium sz\u00e1m\u00edt\u00f3g\u00e9ppel seg\u00edtett tesztel\u00e9st alkalmaz elektrohidraulikus technol\u00f3gi\u00e1val, lehet\u0151v\u00e9 t\u00e9ve az el\u0151re be\u00e1ll\u00edtott vizsg\u00e1lati felt\u00e9teleket, amelyek jav\u00edtj\u00e1k a pontoss\u00e1got \u00e9s a rendszer sokoldal\u00fas\u00e1g\u00e1t. Az automatiz\u00e1lt adatgy\u0171jt\u00e9si folyamat \u00e9rz\u00e9kel\u0151ket haszn\u00e1l a kimeneti adatok, p\u00e9ld\u00e1ul a bels\u0151 sziv\u00e1rg\u00e1s \u00e9s a terhel\u00e9si hat\u00e9konys\u00e1g gy\u0171jt\u00e9s\u00e9re, amelyeket ezut\u00e1n egy sz\u00e1m\u00edt\u00f3g\u00e9p dolgoz fel, \u00e9s szabv\u00e1nyos m\u00e9rt\u00e9kegys\u00e9gekbe (ml\/perc%) konvert\u00e1l.<\/p>\n<p>A l\u00e1nctalpas darukhoz val\u00f3 csaptengelyes hidraulikus hengerek a min\u0151s\u00e9g \u00e9s a teljes\u00edtm\u00e9ny ir\u00e1nti elk\u00f6telezetts\u00e9g\u00fcnket t\u00fckr\u00f6zik, amelyeket nagy teherb\u00edr\u00e1s\u00fa hidraulikus hengerk\u00e9nt tervezt\u00fcnk l\u00e1nctalpas daruk \u00fczemeltet\u00e9s\u00e9hez, k\u00fcl\u00f6n\u00f6sen a Liebherr, a Manitowoc \u00e9s a Kobelco modelljeihez. Term\u00e9keink a vil\u00e1g legnagyobb berendez\u00e9sgy\u00e1rt\u00f3inak bizalm\u00e1t \u00e9lvezik, \u00e9s a megb\u00edzhat\u00f3s\u00e1gukr\u00f3l er\u0151s h\u00edrnevet szereztek, az Ever-Power Huachang Hydraulic pedig a hidraulikus hengerek gy\u00e1rt\u00e1s\u00e1nak vezet\u0151 szerepl\u0151jek\u00e9nt ismert.<\/p>\n<\/section>","protected":false},"excerpt":{"rendered":"<p>Power Pin Hydraulic Cylinders for Crawler Crane The Pin Shaft Hydraulic Cylinders for Crawler Crane, proudly crafted by Ever-Power Huachang Hydraulic, represent a pinnacle of engineering excellence as a robust pin shaft cylinder designed specifically for the rigorous demands of heavy lifting in crawler crane operations. Compatible with leading models , this hydraulic cylinder with [&hellip;]<\/p>","protected":false},"featured_media":20159,"comment_status":"open","ping_status":"closed","template":"","meta":{"_et_pb_use_builder":"","_et_pb_old_content":"","_et_gb_content_width":""},"product_brand":[],"product_cat":[1514],"product_tag":[],"class_list":{"0":"post-20144","1":"product","2":"type-product","3":"status-publish","4":"has-post-thumbnail","6":"product_cat-mobile-crane-hydraulic-cylinders","8":"first","9":"instock","10":"shipping-taxable","11":"product-type-simple"},"amp_enabled":true,"_links":{"self":[{"href":"https:\/\/www.hydraulic-cylinders.net\/hu\/wp-json\/wp\/v2\/product\/20144","targetHints":{"allow":["GET"]}}],"collection":[{"href":"https:\/\/www.hydraulic-cylinders.net\/hu\/wp-json\/wp\/v2\/product"}],"about":[{"href":"https:\/\/www.hydraulic-cylinders.net\/hu\/wp-json\/wp\/v2\/types\/product"}],"replies":[{"embeddable":true,"href":"https:\/\/www.hydraulic-cylinders.net\/hu\/wp-json\/wp\/v2\/comments?post=20144"}],"wp:featuredmedia":[{"embeddable":true,"href":"https:\/\/www.hydraulic-cylinders.net\/hu\/wp-json\/wp\/v2\/media\/20159"}],"wp:attachment":[{"href":"https:\/\/www.hydraulic-cylinders.net\/hu\/wp-json\/wp\/v2\/media?parent=20144"}],"wp:term":[{"taxonomy":"product_brand","embeddable":true,"href":"https:\/\/www.hydraulic-cylinders.net\/hu\/wp-json\/wp\/v2\/product_brand?post=20144"},{"taxonomy":"product_cat","embeddable":true,"href":"https:\/\/www.hydraulic-cylinders.net\/hu\/wp-json\/wp\/v2\/product_cat?post=20144"},{"taxonomy":"product_tag","embeddable":true,"href":"https:\/\/www.hydraulic-cylinders.net\/hu\/wp-json\/wp\/v2\/product_tag?post=20144"}],"curies":[{"name":"munkaf\u00fczet","href":"https:\/\/api.w.org\/{rel}","templated":true}]}}