{"id":20179,"date":"2025-05-12T03:33:34","date_gmt":"2025-05-12T03:33:34","guid":{"rendered":"https:\/\/www.hydraulic-cylinders.net\/?post_type=product&#038;p=20179"},"modified":"2025-05-12T05:20:15","modified_gmt":"2025-05-12T05:20:15","slug":"counterweight-hydraulic-cylinders-for-car-crane","status":"publish","type":"product","link":"https:\/\/www.hydraulic-cylinders.net\/hu\/termek\/counterweight-hydraulic-cylinders-for-car-crane\/","title":{"rendered":"Ellens\u00falyos hidraulikus hengerek aut\u00f3daruhoz"},"content":{"rendered":"<h1 style=\"text-align: center;\"><strong>Ellens\u00falyos hidraulikus hengerek aut\u00f3daruhoz<\/strong><\/h1>\n<p><img loading=\"lazy\" decoding=\"async\" class=\"wp-image-20180 aligncenter\" src=\"https:\/\/www.hydraulic-cylinders.net\/wp-content\/uploads\/2025\/05\/counterweight-hydraulic-cylinder-for-car-crane-scaled.webp\" alt=\"Ellens\u00falyos hidraulikus henger aut\u00f3daruhoz\" width=\"500\" height=\"500\" \/><\/p>\n<section id=\"introduction\">Az Ever-Power Huachang Hydraulic \u00e1ltal gy\u00e1rtott aut\u00f3darukhoz val\u00f3 ellens\u00falyos hidraulikus hengerek prec\u00edzi\u00f3san megtervezett kiegyens\u00falyoz\u00f3 hengerek, amelyek optim\u00e1lis stabilit\u00e1st \u00e9s biztons\u00e1got biztos\u00edtanak neh\u00e9z emel\u00e9si m\u0171veletek sor\u00e1n. A vezet\u0151 aut\u00f3daru-modellekkel val\u00f3 z\u00f6kken\u0151mentes kompatibilit\u00e1sra tervezett aut\u00f3daru hidraulikus henger jav\u00edtja a terhel\u00e9skezel\u00e9st a v\u00e1rosi \u00e9p\u00edtkez\u00e9sben, a logisztik\u00e1ban \u00e9s az ipari k\u00f6rnyezetben. Nagy teherb\u00edr\u00e1s\u00fa hidraulikus hengerk\u00e9nt ak\u00e1r 320 bar nyom\u00e1st is elvisel, megb\u00edzhat\u00f3 teljes\u00edtm\u00e9nyt ny\u00fajtva emel\u00e9si feladatokhoz, mik\u00f6zben minimaliz\u00e1lja a borul\u00e1s kock\u00e1zat\u00e1t. Ak\u00e1r ac\u00e9lszerkezeteket, ak\u00e1r neh\u00e9zg\u00e9peket kezel, ez az aut\u00f3daru-henger p\u00e1ratlan tart\u00f3ss\u00e1got \u00e9s szab\u00e1lyozhat\u00f3s\u00e1got biztos\u00edt a darum\u0171veletekhez.<\/section>\n<section id=\"specifications\">\n<h2><strong>M\u0171szaki adatok:<\/strong><\/h2>\n<p><strong>Funkci\u00f3:<\/strong> Az ellens\u00faly m\u0171k\u00f6d\u00e9s\u00e9nek szab\u00e1lyoz\u00e1sa<br \/>\n<strong>Henger \u00e1tm\u00e9r\u0151je:<\/strong> 160 mm-180 mm<br \/>\n<strong>R\u00fad \u00e1tm\u00e9r\u0151je:<\/strong> 90 mm-150 mm<br \/>\n<strong>Utaz\u00e1si:<\/strong> 180 mm-t\u0151l 400 mm-ig<br \/>\n<strong>Maxim\u00e1lis nyom\u00e1s:<\/strong> 25MPa<br \/>\n<strong>Maxim\u00e1lis tol\u00f3er\u0151:<\/strong> 1540 kN<\/p>\n<\/section>\n<section id=\"features\">\n<h2><strong>Az aut\u00f3daru ellens\u00falyos hidraulikus hengereinek f\u0151bb jellemz\u0151i:<\/strong><\/h2>\n<ul>\n<li><strong>Kiv\u00e1l\u00f3 terhel\u00e9seloszt\u00e1si pontoss\u00e1g:<\/strong> Az aut\u00f3darukhoz val\u00f3 ellens\u00falyos hidraulikus munkahengerek fejlett kiegyens\u00falyoz\u00f3 henger-kialak\u00edt\u00e1ssal rendelkeznek, amely egyenletes s\u00falyeloszl\u00e1st biztos\u00edt, kiv\u00e9teles stabilit\u00e1st biztos\u00edtva az aut\u00f3daru hengerek m\u0171k\u00f6d\u00e9se sor\u00e1n nagy teherb\u00edr\u00e1s\u00fa emel\u00e9sek sor\u00e1n v\u00e1rosi k\u00f6rnyezetben.<\/li>\n<li><strong>Nagy tart\u00f3ss\u00e1g\u00fa konstrukci\u00f3:<\/strong>\u00a0Nagy szak\u00edt\u00f3szil\u00e1rds\u00e1g\u00fa ac\u00e9lb\u00f3l k\u00e9sz\u00fclt \u00e9s korr\u00f3zi\u00f3g\u00e1tl\u00f3 kezel\u00e9ssel kezelt, ez az aut\u00f3darukhoz val\u00f3 hidraulikus henger ellen\u00e1ll a zord elemek, p\u00e9ld\u00e1ul a nedvess\u00e9g \u00e9s a por kop\u00e1s\u00e1nak, \u00edgy megb\u00edzhat\u00f3, nagy teherb\u00edr\u00e1s\u00fa ellens\u00falyhengerr\u00e9 teszi daruk sz\u00e1m\u00e1ra zord k\u00f6r\u00fclm\u00e9nyek k\u00f6z\u00f6tt.<\/li>\n<li><strong>Testreszabhat\u00f3 a k\u00fcl\u00f6nb\u00f6z\u0151 ig\u00e9nyekhez:<\/strong>\u00a0\u00c1ll\u00edthat\u00f3 furatm\u00e9reteivel \u00e9s l\u00f6kethosszaival ez a teherkiegyenl\u00edt\u00e9sre szolg\u00e1l\u00f3 aut\u00f3daru-henger az adott emel\u00e9si k\u00f6vetelm\u00e9nyekhez igaz\u00edthat\u00f3, rugalmass\u00e1got k\u00edn\u00e1lva a darumodellek \u00e9s alkalmaz\u00e1sok sz\u00e9les sk\u00e1l\u00e1j\u00e1hoz, az \u00e9p\u00edt\u0151ipart\u00f3l a logisztik\u00e1ig.<\/li>\n<li><strong>Nagynyom\u00e1s\u00fa teljes\u00edtm\u00e9nyre optimaliz\u00e1lva:<\/strong>\u00a0Ez az ak\u00e1r 320 bar nyom\u00e1son is hat\u00e9kony m\u0171k\u00f6d\u00e9sre tervezett ellens\u00falyos hidraulikus munkahenger minim\u00e1lis energiavesztes\u00e9ggel biztos\u00edt \u00e1lland\u00f3 teljes\u00edtm\u00e9nyt, biztos\u00edtva a z\u00f6kken\u0151mentes \u00e9s biztons\u00e1gos emel\u00e9si m\u0171veleteket, mik\u00f6zben cs\u00f6kkenti az \u00fczemeltet\u00e9si k\u00f6lts\u00e9geket.<\/li>\n<li><strong>Alacsony karbantart\u00e1si ig\u00e9ny \u00e9s hossz\u00fa \u00e9lettartam:<\/strong>\u00a0Fejlett t\u00f6m\u00edt\u00e9stechnol\u00f3gi\u00e1val \u00e9s prec\u00edzi\u00f3s megmunk\u00e1l\u00e1ssal ez a nagy teherb\u00edr\u00e1s\u00fa hidraulikus henger minimaliz\u00e1lja a sziv\u00e1rg\u00e1sokat \u00e9s a kop\u00e1st, cs\u00f6kkentve a karbantart\u00e1si ig\u00e9nyt \u00e9s meghosszabb\u00edtva az aut\u00f3daru \u00e9lettartam\u00e1t, m\u00e9g gyakori haszn\u00e1lat eset\u00e9n is.<\/li>\n<\/ul>\n<\/section>\n<section id=\"applications\">\n<h2><strong>Az ellens\u00falyos hidraulikus hengerek alkalmaz\u00e1sa aut\u00f3daruhoz:<\/strong><\/h2>\n<h2><strong><img loading=\"lazy\" decoding=\"async\" class=\"alignnone size-full wp-image-20183\" src=\"https:\/\/www.hydraulic-cylinders.net\/wp-content\/uploads\/2025\/05\/counterweight-hydraulic-cylinder-for-car-crane-application.webp\" alt=\"\" width=\"1080\" height=\"617\" srcset=\"https:\/\/www.hydraulic-cylinders.net\/wp-content\/uploads\/2025\/05\/counterweight-hydraulic-cylinder-for-car-crane-application.webp 1080w, https:\/\/www.hydraulic-cylinders.net\/wp-content\/uploads\/2025\/05\/counterweight-hydraulic-cylinder-for-car-crane-application-980x560.webp 980w, https:\/\/www.hydraulic-cylinders.net\/wp-content\/uploads\/2025\/05\/counterweight-hydraulic-cylinder-for-car-crane-application-480x274.webp 480w\" sizes=\"(min-width: 0px) and (max-width: 480px) 480px, (min-width: 481px) and (max-width: 980px) 980px, (min-width: 981px) 1080px, 100vw\" \/><\/strong><\/h2>\n<ul>\n<li><strong>V\u00e1rosi \u00e9p\u00edtkez\u00e9s toronyh\u00e1zakhoz:<\/strong> Az aut\u00f3daruk ellens\u00falyos hidraulikus hengerei ide\u00e1lisak v\u00e1rosi \u00e9p\u00edt\u00e9si feladatokhoz, p\u00e9ld\u00e1ul magas \u00e9p\u00fcletek ac\u00e9lv\u00e1zainak \u00f6sszeszerel\u00e9s\u00e9hez vagy el\u0151re gy\u00e1rtott panelek telep\u00edt\u00e9s\u00e9hez. Ez az aut\u00f3daruk m\u0171k\u00f6dtet\u00e9s\u00e9hez haszn\u00e1lt kiegyens\u00falyoz\u00f3 henger prec\u00edz terhel\u00e9skezel\u00e9st biztos\u00edt z\u00e1rt terekben, n\u00f6veli a biztons\u00e1got \u00e9s cs\u00f6kkenti a borul\u00e1s kock\u00e1zat\u00e1t neh\u00e9z emel\u00e9sek sor\u00e1n.<\/li>\n<li><strong>Logisztika \u00e9s neh\u00e9z\u00e1ru-kezel\u00e9s:<\/strong>\u00a0Logisztikai m\u0171veletek sor\u00e1n ez a hidraulikus henger az aut\u00f3daru stabilit\u00e1s\u00e1\u00e9rt felel\u0151s, \u00e9s t\u00e1mogatja a neh\u00e9z rakom\u00e1nyok, p\u00e9ld\u00e1ul sz\u00e1ll\u00edt\u00f3kont\u00e9nerek \u00e9s nagy raklapok biztons\u00e1gos \u00e9s hat\u00e9kony mozgat\u00e1s\u00e1t rakt\u00e1rakban vagy kik\u00f6t\u0151kben. A tehereloszt\u00e1shoz haszn\u00e1lt aut\u00f3daru henger jav\u00edtja a daru man\u0151verezhet\u0151s\u00e9g\u00e9t, n\u00f6velve a termel\u00e9kenys\u00e9get a gyors temp\u00f3j\u00fa k\u00f6rnyezetben.<\/li>\n<li><strong>Ipari \u00f6sszeszerel\u00e9s gy\u00e1rt\u00f3\u00fczemekben:<\/strong>\u00a0T\u00f6k\u00e9letes ipari k\u00f6rnyezetbe, p\u00e9ld\u00e1ul aut\u00f3iparba vagy g\u00e9pgy\u00e1rt\u00e1sba, ez az ellens\u00falyos hidraulikus henger megk\u00f6nny\u00edti a neh\u00e9z alkatr\u00e9szek, p\u00e9ld\u00e1ul \u00f6sszeszerel\u0151 sori pr\u00e9sek vagy motorblokkok pontos pozicion\u00e1l\u00e1s\u00e1t. Daruk nagy teherb\u00edr\u00e1s\u00fa ellens\u00falyos hengerek\u00e9nt stabil \u00e9s szab\u00e1lyozott emel\u00e9seket biztos\u00edt, egyszer\u0171s\u00edtve a gy\u00e1ri munkafolyamatokat.<\/li>\n<\/ul>\n<\/section>\n<section id=\"explore-more\">\n<h2><strong>Fedezzen fel tov\u00e1bbi aut\u00f3daru munkahengereket:<\/strong><\/h2>\n<p>Aut\u00f3daru-hengerek sz\u00e9les v\u00e1laszt\u00e9k\u00e1t k\u00edn\u00e1ljuk, hogy a legk\u00fcl\u00f6nf\u00e9l\u00e9bb emel\u00e9si ig\u00e9nyeket is kiel\u00e9g\u00edts\u00fck. Ak\u00e1r aut\u00f3daru stabilit\u00e1s\u00e1hoz sz\u00fcks\u00e9ges hidraulikus hengerre, ak\u00e1r darukhoz val\u00f3 nagy teherb\u00edr\u00e1s\u00fa ellens\u00falyhengerre van sz\u00fcks\u00e9ge, az Ever-Power Huachang Hydraulic szem\u00e9lyre szabott megold\u00e1sokat k\u00edn\u00e1l. Fedezze fel teljes kollekci\u00f3nkat. <a href=\"https:\/\/www.hydraulic-cylinders.net\/hu\/mobile-crane-hydraulic-cylinders\/\">aut\u00f3daru hengerek<\/a>.<\/p>\n<\/section>\n<div class=\"container-hfX5E8 flow-markdown-body theme-samantha-yJEgBp\" dir=\"ltr\" data-testid=\"message_text_content\" data-show-indicator=\"false\">\n<h2 class=\"header-jfw95c auto-hide-last-sibling-br\"><strong>Melyek az ellens\u00falyos hidraulikus henger daruban val\u00f3 haszn\u00e1lat\u00e1nak f\u0151 el\u0151nyei?<\/strong><\/h2>\n<div class=\"auto-hide-last-sibling-br paragraph-qzbcQC paragraph-element br-paragraph-space\">Az ellens\u00falyos hidraulikus henger haszn\u00e1lata daruban sz\u00e1mos jelent\u0151s el\u0151nnyel j\u00e1r:<\/div>\n<h3><strong>Fokozott stabilit\u00e1s<\/strong>:<\/h3>\n<h3><img loading=\"lazy\" decoding=\"async\" class=\"aligncenter wp-image-20184 size-full\" src=\"https:\/\/www.hydraulic-cylinders.net\/wp-content\/uploads\/2025\/05\/counterweight-hydraulic-cylinder-for-car-crane-1-1.webp\" alt=\"\" width=\"580\" height=\"326\" srcset=\"https:\/\/www.hydraulic-cylinders.net\/wp-content\/uploads\/2025\/05\/counterweight-hydraulic-cylinder-for-car-crane-1-1.webp 580w, https:\/\/www.hydraulic-cylinders.net\/wp-content\/uploads\/2025\/05\/counterweight-hydraulic-cylinder-for-car-crane-1-1-480x270.webp 480w\" sizes=\"(min-width: 0px) and (max-width: 480px) 480px, (min-width: 481px) 580px, 100vw\" \/><\/h3>\n<p>Az ellens\u00falyos hidraulikus henger seg\u00edt kiegyens\u00falyozni a daru terhel\u00e9s\u00e9t. Az ellens\u00faly helyzet\u00e9nek \u00e9s erej\u00e9nek be\u00e1ll\u00edt\u00e1s\u00e1val ellens\u00falyozhatja az emelt teher \u00e1ltal gener\u00e1lt nyomat\u00e9kot. Ez cs\u00f6kkenti a daru felborul\u00e1s\u00e1nak kock\u00e1zat\u00e1t neh\u00e9z emel\u00e9si m\u0171veletek sor\u00e1n. P\u00e9ld\u00e1ul, amikor egy daru egy nagy \u00e9s neh\u00e9z el\u0151regy\u00e1rtott betonpanelt emel egy magas \u00e9p\u00edt\u00e9si projektben, az ellens\u00falyos hidraulikus henger be\u00e1ll\u00edthat\u00f3 a daru stabilit\u00e1s\u00e1nak meg\u0151rz\u00e9se \u00e9rdek\u00e9ben.<\/p>\n<\/div>\n<div class=\"container-hfX5E8 flow-markdown-body theme-samantha-yJEgBp\" dir=\"ltr\" data-testid=\"message_text_content\" data-show-indicator=\"false\">\n<h3><strong>Prec\u00edz terhel\u00e9skezel\u00e9s<\/strong>:<\/h3>\n<p>Lehet\u0151v\u00e9 teszi az ellens\u00faly pontos szab\u00e1lyoz\u00e1s\u00e1t, ami viszont pontosabb terhel\u00e9skezel\u00e9st tesz lehet\u0151v\u00e9. A hidraulikus henger val\u00f3s id\u0151ben \u00e1ll\u00edthat\u00f3 a rakom\u00e1ny s\u00faly\u00e1nak \u00e9s helyzet\u00e9nek megfelel\u0151en. Egy olyan logisztikai m\u0171veletben, ahol a daru k\u00fcl\u00f6nb\u00f6z\u0151 s\u00faly\u00fa sz\u00e1ll\u00edt\u00f3kont\u00e9nereket mozgat, az ellens\u00faly hidraulikus hengere finomhangolhat\u00f3 a kont\u00e9nerek z\u00f6kken\u0151mentes \u00e9s biztons\u00e1gos emel\u00e9se \u00e9s elhelyez\u00e9se \u00e9rdek\u00e9ben.<\/p>\n<\/div>\n<div>\n<div class=\"image-box-grid-DI7Zd9\" data-finished=\"true\" data-testid=\"message_image_content\">\n<div class=\"image-box-grid-item-hjZBGw\">\n<div class=\"relative w-fit inline-flex\">\n<div class=\"container-pveQEn\"><\/div>\n<\/div>\n<\/div>\n<\/div>\n<\/div>\n<div class=\"container-hfX5E8 flow-markdown-body theme-samantha-yJEgBp\" dir=\"ltr\" data-testid=\"message_text_content\" data-show-indicator=\"false\">\n<h3><strong>Fokozott man\u0151verezhet\u0151s\u00e9g<\/strong>:<\/h3>\n<h3><img loading=\"lazy\" decoding=\"async\" class=\"alignnone size-full wp-image-20185\" src=\"https:\/\/www.hydraulic-cylinders.net\/wp-content\/uploads\/2025\/05\/counterweight-hydraulic-cylinder-for-car-crane-2.webp\" alt=\"\" width=\"2048\" height=\"1152\" srcset=\"https:\/\/www.hydraulic-cylinders.net\/wp-content\/uploads\/2025\/05\/counterweight-hydraulic-cylinder-for-car-crane-2.webp 2048w, https:\/\/www.hydraulic-cylinders.net\/wp-content\/uploads\/2025\/05\/counterweight-hydraulic-cylinder-for-car-crane-2-1280x720.webp 1280w, https:\/\/www.hydraulic-cylinders.net\/wp-content\/uploads\/2025\/05\/counterweight-hydraulic-cylinder-for-car-crane-2-980x551.webp 980w, https:\/\/www.hydraulic-cylinders.net\/wp-content\/uploads\/2025\/05\/counterweight-hydraulic-cylinder-for-car-crane-2-480x270.webp 480w\" sizes=\"(min-width: 0px) and (max-width: 480px) 480px, (min-width: 481px) and (max-width: 980px) 980px, (min-width: 981px) and (max-width: 1280px) 1280px, (min-width: 1281px) 2048px, 100vw\" \/><\/h3>\n<p>Z\u00e1rt terekben, p\u00e9ld\u00e1ul v\u00e1rosi \u00e9p\u00edtkez\u00e9seken vagy gy\u00e1rt\u00f3\u00fczemekben, az ellens\u00falyos hidraulikus henger jav\u00edtja a daru man\u0151verezhet\u0151s\u00e9g\u00e9t. Gyorsan be\u00e1ll\u00edthatja az ellens\u00falyt, hogy alkalmazkodjon a k\u00fcl\u00f6nb\u00f6z\u0151 munkak\u00f6r\u00fclm\u00e9nyekhez \u00e9s terekhez. P\u00e9ld\u00e1ul egy aut\u00f3gy\u00e1rt\u00f3 \u00fczemben, ahol darut haszn\u00e1lnak a motorblokkok pozicion\u00e1l\u00e1s\u00e1ra a szerel\u0151szalagon, az ellens\u00falyos hidraulikus henger lehet\u0151v\u00e9 teszi a daru sz\u00e1m\u00e1ra, hogy szabadabban mozogjon \u00e9s m\u0171k\u00f6dj\u00f6n a korl\u00e1tozott t\u00e9rben.<\/p>\n<\/div>\n<div class=\"container-hfX5E8 flow-markdown-body theme-samantha-yJEgBp\" dir=\"ltr\" data-testid=\"message_text_content\" data-show-indicator=\"false\">\n<h3><strong>Fokozott biztons\u00e1g<\/strong>:<\/h3>\n<p>A stabilit\u00e1s \u00e9s a pontos terhel\u00e9skezel\u00e9s biztos\u00edt\u00e1s\u00e1val az ellens\u00falyos hidraulikus henger jelent\u0151sen n\u00f6veli a darum\u0171veletek biztons\u00e1g\u00e1t. Cs\u00f6kkenti a balesetek, p\u00e9ld\u00e1ul a teher lees\u00e9s\u00e9nek vagy a daru \u00f6sszeoml\u00e1s\u00e1nak val\u00f3sz\u00edn\u0171s\u00e9g\u00e9t, v\u00e9dve mind a kezel\u0151ket, mind a k\u00f6rnyezetet. Ak\u00e1r egy magas kock\u00e1zat\u00fa \u00e9p\u00edt\u00e9si projektr\u0151l, ak\u00e1r egy forgalmas logisztikai k\u00f6zpontr\u00f3l van sz\u00f3, az ellens\u00falyos hidraulikus henger haszn\u00e1lata elengedhetetlen a biztons\u00e1gos munkak\u00f6rnyezet fenntart\u00e1s\u00e1hoz.<\/p>\n<\/div>\n<section id=\"company-introduction\">\n<h2><strong>Az Ever-Power Huachang Hydraulicr\u00f3l:<\/strong><\/h2>\n<h2><img loading=\"lazy\" decoding=\"async\" class=\"alignnone size-full wp-image-16972\" src=\"https:\/\/www.hydraulic-cylinders.net\/wp-content\/uploads\/2025\/01\/hydraulic-cylinder-factory-1-scaled.webp\" alt=\"\" width=\"2016\" height=\"2560\" srcset=\"https:\/\/www.hydraulic-cylinders.net\/wp-content\/uploads\/2025\/01\/hydraulic-cylinder-factory-1-scaled.webp 2016w, https:\/\/www.hydraulic-cylinders.net\/wp-content\/uploads\/2025\/01\/hydraulic-cylinder-factory-1-1280x1625.webp 1280w, https:\/\/www.hydraulic-cylinders.net\/wp-content\/uploads\/2025\/01\/hydraulic-cylinder-factory-1-980x1244.webp 980w, https:\/\/www.hydraulic-cylinders.net\/wp-content\/uploads\/2025\/01\/hydraulic-cylinder-factory-1-480x610.webp 480w\" sizes=\"(min-width: 0px) and (max-width: 480px) 480px, (min-width: 481px) and (max-width: 980px) 980px, (min-width: 981px) and (max-width: 1280px) 1280px, (min-width: 1281px) 2016px, 100vw\" \/><\/h2>\n<p dir=\"auto\">Az Ever-Power Huachang Hydraulic a hidraulikus hengerek innov\u00e1ci\u00f3j\u00e1t egy \u00e9lvonalbeli K+F l\u00e9tes\u00edtm\u00e9nyben hajtja v\u00e9gre, ahol szak\u00e9rt\u0151 m\u00e9rn\u00f6k\u00f6k terveznek nagy teljes\u00edtm\u00e9ny\u0171 megold\u00e1sokat ipari alkalmaz\u00e1sokhoz, bele\u00e9rtve az aut\u00f3darukat \u00e9s a neh\u00e9zg\u00e9peket.<\/p>\n<p dir=\"auto\">Fejlett gy\u00e1rt\u00f3\u00fczem\u00fcnk automatiz\u00e1lt \u00f6sszeszerel\u00e9ssel \u00e9s prec\u00edzi\u00f3s megmunk\u00e1l\u00e1ssal rendelkezik, intelligens technol\u00f3gi\u00e1val gy\u00e1rt egyedi hengereket a hat\u00e9konys\u00e1g \u00e9s a szigor\u00fa ipar\u00e1gi szabv\u00e1nyok betart\u00e1sa \u00e9rdek\u00e9ben, olyan modelleket t\u00e1mogatva, mint a Terex \u00e9s a Grove.<\/p>\n<h2><img loading=\"lazy\" decoding=\"async\" class=\"alignnone size-full wp-image-16973\" src=\"https:\/\/www.hydraulic-cylinders.net\/wp-content\/uploads\/2025\/01\/hydraulic-cylinder-factory-2-scaled.webp\" alt=\"\" width=\"2011\" height=\"2560\" srcset=\"https:\/\/www.hydraulic-cylinders.net\/wp-content\/uploads\/2025\/01\/hydraulic-cylinder-factory-2-scaled.webp 2011w, https:\/\/www.hydraulic-cylinders.net\/wp-content\/uploads\/2025\/01\/hydraulic-cylinder-factory-2-1280x1629.webp 1280w, https:\/\/www.hydraulic-cylinders.net\/wp-content\/uploads\/2025\/01\/hydraulic-cylinder-factory-2-980x1248.webp 980w, https:\/\/www.hydraulic-cylinders.net\/wp-content\/uploads\/2025\/01\/hydraulic-cylinder-factory-2-480x611.webp 480w\" sizes=\"(min-width: 0px) and (max-width: 480px) 480px, (min-width: 481px) and (max-width: 980px) 980px, (min-width: 981px) and (max-width: 1280px) 1280px, (min-width: 1281px) 2011px, 100vw\" \/><\/h2>\n<p>A min\u0151s\u00e9get egy korszer\u0171 tesztk\u00f6zponttal biztos\u00edtjuk, a teljes\u00edtm\u00e9nyt fejlett diagnosztik\u00e1val valid\u00e1ljuk, \u00e9s k\u00f6rnyezetbar\u00e1t bevonatokat haszn\u00e1lunk a tart\u00f3ss\u00e1g n\u00f6vel\u00e9se \u00e9rdek\u00e9ben. Vezet\u0151k\u00e9nt mesters\u00e9ges intelligenci\u00e1n alapul\u00f3 kutat\u00e1sokat alkalmazunk, hogy megb\u00edzhat\u00f3, nagy teherb\u00edr\u00e1s\u00fa hidraulikus hengereket sz\u00e1ll\u00edtsunk, amelyek vil\u00e1gszerte elismertek.<\/p>\n<\/section>","protected":false},"excerpt":{"rendered":"<p>Counterweight Hydraulic Cylinders for Car Crane The counterweight hydraulic cylinders for car crane, crafted by Ever-Power Huachang Hydraulic, are precision-engineered balance cylinders that ensure optimal stability and safety during heavy lifting operations. Designed for seamless compatibility with leading car crane models, this hydraulic cylinder for car crane enhances load management in urban construction, logistics, and [&hellip;]<\/p>","protected":false},"featured_media":20181,"comment_status":"open","ping_status":"closed","template":"","meta":{"_et_pb_use_builder":"","_et_pb_old_content":"","_et_gb_content_width":""},"product_brand":[],"product_cat":[1514],"product_tag":[],"class_list":{"0":"post-20179","1":"product","2":"type-product","3":"status-publish","4":"has-post-thumbnail","6":"product_cat-mobile-crane-hydraulic-cylinders","8":"first","9":"instock","10":"shipping-taxable","11":"product-type-simple"},"amp_enabled":true,"_links":{"self":[{"href":"https:\/\/www.hydraulic-cylinders.net\/hu\/wp-json\/wp\/v2\/product\/20179","targetHints":{"allow":["GET"]}}],"collection":[{"href":"https:\/\/www.hydraulic-cylinders.net\/hu\/wp-json\/wp\/v2\/product"}],"about":[{"href":"https:\/\/www.hydraulic-cylinders.net\/hu\/wp-json\/wp\/v2\/types\/product"}],"replies":[{"embeddable":true,"href":"https:\/\/www.hydraulic-cylinders.net\/hu\/wp-json\/wp\/v2\/comments?post=20179"}],"wp:featuredmedia":[{"embeddable":true,"href":"https:\/\/www.hydraulic-cylinders.net\/hu\/wp-json\/wp\/v2\/media\/20181"}],"wp:attachment":[{"href":"https:\/\/www.hydraulic-cylinders.net\/hu\/wp-json\/wp\/v2\/media?parent=20179"}],"wp:term":[{"taxonomy":"product_brand","embeddable":true,"href":"https:\/\/www.hydraulic-cylinders.net\/hu\/wp-json\/wp\/v2\/product_brand?post=20179"},{"taxonomy":"product_cat","embeddable":true,"href":"https:\/\/www.hydraulic-cylinders.net\/hu\/wp-json\/wp\/v2\/product_cat?post=20179"},{"taxonomy":"product_tag","embeddable":true,"href":"https:\/\/www.hydraulic-cylinders.net\/hu\/wp-json\/wp\/v2\/product_tag?post=20179"}],"curies":[{"name":"munkaf\u00fczet","href":"https:\/\/api.w.org\/{rel}","templated":true}]}}