{"id":20186,"date":"2025-05-12T05:40:16","date_gmt":"2025-05-12T05:40:16","guid":{"rendered":"https:\/\/www.hydraulic-cylinders.net\/?post_type=product&#038;p=20186"},"modified":"2025-05-13T02:00:59","modified_gmt":"2025-05-13T02:00:59","slug":"luffing-hydraulic-cylinders-for-car-crane","status":"publish","type":"product","link":"https:\/\/www.hydraulic-cylinders.net\/hu\/termek\/luffing-hydraulic-cylinders-for-car-crane\/","title":{"rendered":"Hidraulikus hengerek aut\u00f3daruhoz"},"content":{"rendered":"<h1 style=\"text-align: center;\"><strong>Hidraulikus hengerek aut\u00f3daruhoz<\/strong><\/h1>\n<p><img loading=\"lazy\" decoding=\"async\" class=\"wp-image-20187 aligncenter\" src=\"https:\/\/www.hydraulic-cylinders.net\/wp-content\/uploads\/2025\/05\/luffing-hydraulic-cylinder-for-car-crane.webp\" alt=\"\" width=\"500\" height=\"500\" srcset=\"https:\/\/www.hydraulic-cylinders.net\/wp-content\/uploads\/2025\/05\/luffing-hydraulic-cylinder-for-car-crane.webp 500w, https:\/\/www.hydraulic-cylinders.net\/wp-content\/uploads\/2025\/05\/luffing-hydraulic-cylinder-for-car-crane-480x480.webp 480w\" sizes=\"(min-width: 0px) and (max-width: 480px) 480px, (min-width: 481px) 500px, 100vw\" \/><\/p>\n<section id=\"introduction\">Az Ever-Power Huachang Hydraulic \u00e1ltal kifejlesztett, aut\u00f3darukhoz val\u00f3, billen\u0151 hidraulikus hengerek fejlett g\u00e9msz\u00f6g-\u00e1ll\u00edt\u00f3 hengerek, amelyeket az aut\u00f3ipari emel\u00e9si m\u0171veletek sor\u00e1n a g\u00e9m mozg\u00e1s\u00e1nak prec\u00edz vez\u00e9rl\u00e9s\u00e9re terveztek. A modellekkel val\u00f3 kompatibilit\u00e1sra szabott, ez az aut\u00f3darukhoz val\u00f3 hidraulikus henger kiv\u00e1l\u00f3an alkalmas v\u00e1rosi \u00e9p\u00edtkez\u00e9sekhez, anyagmozgat\u00e1shoz \u00e9s ipari projektekhez. Nagy teherb\u00edr\u00e1s\u00fa hidraulikus hengerk\u00e9nt ak\u00e1r 350 bar nyom\u00e1st is elb\u00edr, robusztus teljes\u00edtm\u00e9nyt ny\u00fajtva a g\u00e9msz\u00f6gek pontos be\u00e1ll\u00edt\u00e1s\u00e1hoz, biztos\u00edtva a biztons\u00e1got \u00e9s a hat\u00e9konys\u00e1got k\u00fcl\u00f6nf\u00e9le terhek, p\u00e9ld\u00e1ul ac\u00e9lgerend\u00e1k vagy neh\u00e9z berendez\u00e9sek emel\u00e9sekor.<\/section>\n<section id=\"specifications\">\n<h2><strong>M\u0171szaki adatok:<\/strong><\/h2>\n<p><strong>Funkci\u00f3:<\/strong> A f\u0151 kar mozg\u00e1s\u00e1nak szab\u00e1lyoz\u00e1sa<br \/>\n<strong>Henger \u00e1tm\u00e9r\u0151je:<\/strong> 180 mm-220 mm<br \/>\n<strong>R\u00fad \u00e1tm\u00e9r\u0151je:<\/strong> 110 mm-180 mm<br \/>\n<strong>Utaz\u00e1si:<\/strong> 1000 mm-t\u0151l 200 mm-ig<br \/>\n<strong>Maxim\u00e1lis nyom\u00e1s:<\/strong> 25MPa<br \/>\n<strong>Maxim\u00e1lis tol\u00f3er\u0151:<\/strong> 950 kN<\/p>\n<\/section>\n<section id=\"features\">\n<h2><strong>Az aut\u00f3daruhoz val\u00f3 hidraulikus hengerek f\u0151bb jellemz\u0151i:<\/strong><\/h2>\n<ul>\n<li><strong>Pontos g\u00e9msz\u00f6g-\u00e1ll\u00edt\u00e1s:<\/strong>\u00a0Az aut\u00f3darukhoz val\u00f3 hidraulikus munkahengerek prec\u00edz g\u00e9msz\u00f6g-szab\u00e1lyoz\u00e1st k\u00edn\u00e1lnak, \u00edgy ez az aut\u00f3daru g\u00e9mbe\u00e1ll\u00edt\u00f3 munkahenger ide\u00e1lis a sz\u0171k munkater\u00fcleteken val\u00f3 k\u00f6nny\u0171 \u00e9s magabiztos navig\u00e1l\u00e1shoz.<\/li>\n<li><strong>Megb\u00edzhat\u00f3 nagynyom\u00e1s\u00fa m\u0171k\u00f6d\u00e9s:<\/strong>\u00a0Nagy szil\u00e1rds\u00e1g\u00fa \u00f6tv\u00f6z\u00f6tt ac\u00e9lb\u00f3l k\u00e9sz\u00fclt, ez az aut\u00f3daruk prec\u00edzi\u00f3s hidraulikus hengere hib\u00e1tlanul m\u0171k\u00f6dik 350 bar nyom\u00e1son, biztos\u00edtva az \u00e1lland\u00f3 teljes\u00edtm\u00e9nyt a neh\u00e9z emel\u00e9si feladatokhoz v\u00e1ltozatos k\u00f6r\u00fclm\u00e9nyek k\u00f6z\u00f6tt.<\/li>\n<li><strong>Rugalmas tervez\u00e9si lehet\u0151s\u00e9gek:<\/strong>\u00a0Testreszabhat\u00f3 furat- \u00e9s l\u00f6kethosszal ez az aut\u00f3daru emel\u00e9shez haszn\u00e1lt g\u00e9msz\u00f6g-\u00e1ll\u00edt\u00f3 henger alkalmazkodik az adott projekt ig\u00e9nyeihez, n\u00f6velve a sokoldal\u00fas\u00e1got a k\u00fcl\u00f6nb\u00f6z\u0151 aut\u00f3daru modellek k\u00f6z\u00f6tt.<\/li>\n<li><strong>Fokozott tart\u00f3ss\u00e1g korr\u00f3zi\u00f3\u00e1ll\u00f3s\u00e1ggal:<\/strong>\u00a0Korr\u00f3zi\u00f3\u00e1ll\u00f3 bevonattal ell\u00e1tott, ez a nagy teherb\u00edr\u00e1s\u00fa, aut\u00f3darukhoz val\u00f3 emel\u0151henger ellen\u00e1ll a zord k\u00f6rnyezeti hat\u00e1soknak, p\u00e9ld\u00e1ul az es\u0151nek vagy a pornak, meghosszabb\u00edtva \u00e9lettartam\u00e1t.<\/li>\n<li><strong>Energiahat\u00e9kony teljes\u00edtm\u00e9ny:<\/strong>\u00a0Fejlett t\u00f6m\u00edt\u00e9stechnol\u00f3gi\u00e1val tervezett, billen\u0151 hidraulikus henger minimaliz\u00e1lja a nyom\u00e1svesztes\u00e9get, cs\u00f6kkentve az energiafogyaszt\u00e1st \u00e9s a karbantart\u00e1si k\u00f6lts\u00e9geket hosszabb haszn\u00e1lat sor\u00e1n.<\/li>\n<\/ul>\n<\/section>\n<section id=\"applications\">\n<h2><strong>A Luffing hidraulikus hengerek alkalmaz\u00e1sa aut\u00f3darukhoz:<\/strong><\/h2>\n<h3><strong><img loading=\"lazy\" decoding=\"async\" class=\"alignnone size-full wp-image-20196\" src=\"https:\/\/www.hydraulic-cylinders.net\/wp-content\/uploads\/2025\/05\/luffing-hydraulic-cylinder-for-car-crane-application.webp\" alt=\"\" width=\"1077\" height=\"616\" srcset=\"https:\/\/www.hydraulic-cylinders.net\/wp-content\/uploads\/2025\/05\/luffing-hydraulic-cylinder-for-car-crane-application.webp 1077w, https:\/\/www.hydraulic-cylinders.net\/wp-content\/uploads\/2025\/05\/luffing-hydraulic-cylinder-for-car-crane-application-980x561.webp 980w, https:\/\/www.hydraulic-cylinders.net\/wp-content\/uploads\/2025\/05\/luffing-hydraulic-cylinder-for-car-crane-application-480x275.webp 480w\" sizes=\"(min-width: 0px) and (max-width: 480px) 480px, (min-width: 481px) and (max-width: 980px) 980px, (min-width: 981px) 1077px, 100vw\" \/><\/strong><\/h3>\n<ul>\n<li><strong>V\u00e1rosi infrastrukt\u00fara-fejleszt\u00e9s:<\/strong>\u00a0Az aut\u00f3darukhoz val\u00f3 hidraulikus emel\u0151hengerek kiv\u00e1l\u00f3an alkalmasak v\u00e1rosi infrastruktur\u00e1lis projektekn\u00e9l, p\u00e9ld\u00e1ul h\u00eddszakaszok telep\u00edt\u00e9s\u00e9n\u00e9l vagy \u00e9p\u00fcletv\u00e1zak fel\u00e1ll\u00edt\u00e1s\u00e1n\u00e1l, ahol ez az aut\u00f3daru emel\u00e9s\u00e9hez val\u00f3 g\u00e9msz\u00f6g-\u00e1ll\u00edt\u00f3 henger prec\u00edz teherelhelyez\u00e9st biztos\u00edt sz\u0171k helyeken.<\/li>\n<li><strong>Anyagsz\u00e1ll\u00edt\u00e1s kik\u00f6t\u0151kben:<\/strong>\u00a0T\u00f6k\u00e9letes kik\u00f6t\u0151i m\u0171veletekhez, ez az aut\u00f3daru prec\u00edzi\u00f3s hidraulikus henger megk\u00f6nny\u00edti a t\u00falm\u00e9retes rakom\u00e1nyok, p\u00e9ld\u00e1ul sz\u00e1ll\u00edt\u00f3kont\u00e9nerek biztons\u00e1gos kezel\u00e9s\u00e9t, jav\u00edtva a hat\u00e9konys\u00e1got az aut\u00f3daru henger\u00e9nek g\u00e9mbe\u00e1ll\u00edt\u00e1si k\u00e9pess\u00e9geivel.<\/li>\n<li><strong>Neh\u00e9zg\u00e9pek telep\u00edt\u00e9se gy\u00e1rakban:<\/strong>\u00a0Ide\u00e1lis gy\u00e1ri k\u00f6rnyezetbe, ez a nagy teherb\u00edr\u00e1s\u00fa, aut\u00f3darukhoz val\u00f3 emel\u0151henger t\u00e1mogatja a nagy g\u00e9pek, p\u00e9ld\u00e1ul ipari pr\u00e9sek pontos pozicion\u00e1l\u00e1s\u00e1t, n\u00f6velve a termel\u00e9kenys\u00e9get az \u00f6sszetett \u00f6sszeszerel\u0151 sorokon.<\/li>\n<\/ul>\n<\/section>\n<section id=\"explore-more\">\n<h2><strong>Fedezzen fel tov\u00e1bbi aut\u00f3daru munkahengereket:<\/strong><\/h2>\n<p>Aut\u00f3daru munkahengerek sz\u00e9les v\u00e1laszt\u00e9k\u00e1t k\u00edn\u00e1ljuk, hogy a legk\u00fcl\u00f6nf\u00e9l\u00e9bb emel\u00e9si ig\u00e9nyeket is kiel\u00e9g\u00edts\u00fck. Ak\u00e1r prec\u00edzi\u00f3s aut\u00f3daru hidraulikus munkahengerre, ak\u00e1r nagy teherb\u00edr\u00e1s\u00fa emel\u0151hengerre van sz\u00fcks\u00e9ge aut\u00f3darukhoz, az Ever-Power Huachang Hydraulic szem\u00e9lyre szabott megold\u00e1sokat k\u00edn\u00e1l. Fedezze fel teljes kollekci\u00f3nkat. <a href=\"https:\/\/www.hydraulic-cylinders.net\/hu\/mobile-crane-hydraulic-cylinders\/\">aut\u00f3daru hengerek<\/a>.<\/p>\n<h2><strong>Hogyan jav\u00edtj\u00e1k az aut\u00f3daruk hidraulikus hengereinek emel\u00e9si m\u0171veleteinek hat\u00e9konys\u00e1g\u00e1t?<\/strong><\/h2>\n<div class=\"container-hfX5E8 flow-markdown-body theme-samantha-yJEgBp\" dir=\"ltr\" data-testid=\"message_text_content\" data-show-indicator=\"false\">\n<div class=\"auto-hide-last-sibling-br paragraph-qzbcQC paragraph-element br-paragraph-space\">A hidraulikus emel\u0151hengerek kulcsfontoss\u00e1g\u00fa szerepet j\u00e1tszanak az aut\u00f3daruk emel\u00e9si m\u0171veleteinek hat\u00e9konys\u00e1g\u00e1nak n\u00f6vel\u00e9s\u00e9ben az al\u00e1bbi m\u00f3dokon:<\/div>\n<h3><strong>Rugalmas sz\u00f6g\u00e1ll\u00edt\u00e1s<\/strong><\/h3>\n<p>A billen\u0151 hidraulikus hengerek lehet\u0151v\u00e9 teszik az aut\u00f3daru g\u00e9mj\u00e9nek gyors \u00e9s pontos sz\u00f6gbe\u00e1ll\u00edt\u00e1s\u00e1t. Ez a rugalmass\u00e1g lehet\u0151v\u00e9 teszi a daru sz\u00e1m\u00e1ra, hogy k\u00fcl\u00f6nb\u00f6z\u0151 magass\u00e1gokat \u00e9s t\u00e1vols\u00e1gokat \u00e9rjen el an\u00e9lk\u00fcl, hogy az eg\u00e9sz j\u00e1rm\u0171vet \u00e1t kellene helyezni. P\u00e9ld\u00e1ul egy olyan \u00e9p\u00edtkez\u00e9sen, ahol t\u00f6bb szinten folyik a munka, p\u00e9ld\u00e1ul ablakok beszerel\u00e9se egy \u00e9p\u00fclet k\u00fcl\u00f6nb\u00f6z\u0151 emeletein, a billen\u0151 hidraulikus henger be\u00e1ll\u00edthatja a g\u00e9m sz\u00f6g\u00e9t, hogy hat\u00e9konyan el\u00e9rje az egyes szinteket.<\/p>\n<\/div>\n<div class=\"container-hfX5E8 flow-markdown-body theme-samantha-yJEgBp\" dir=\"ltr\" data-testid=\"message_text_content\" data-show-indicator=\"false\">\n<h3><strong>Gyorsabb m\u0171k\u00f6d\u00e9si ciklusok<\/strong><\/h3>\n<h3><strong><img loading=\"lazy\" decoding=\"async\" class=\"size-full wp-image-20194 aligncenter\" src=\"https:\/\/www.hydraulic-cylinders.net\/wp-content\/uploads\/2025\/05\/luffing-hydraulic-cylinder-for-car-crane-1-1.webp\" alt=\"\" width=\"580\" height=\"326\" srcset=\"https:\/\/www.hydraulic-cylinders.net\/wp-content\/uploads\/2025\/05\/luffing-hydraulic-cylinder-for-car-crane-1-1.webp 580w, https:\/\/www.hydraulic-cylinders.net\/wp-content\/uploads\/2025\/05\/luffing-hydraulic-cylinder-for-car-crane-1-1-480x270.webp 480w\" sizes=\"(min-width: 0px) and (max-width: 480px) 480px, (min-width: 481px) 580px, 100vw\" \/><br \/>\n<\/strong><\/h3>\n<p>A g\u00e9m sz\u00f6g\u00e9nek gyors be\u00e1ll\u00edt\u00e1s\u00e1nak lehet\u0151s\u00e9g\u00e9vel cs\u00f6kken az egyes emel\u00e9si ciklusokhoz sz\u00fcks\u00e9ges id\u0151. A daru gyorsan \u00e1t tud \u00e1llni egyik emel\u00e9si poz\u00edci\u00f3b\u00f3l a m\u00e1sikba, minimaliz\u00e1lva az \u00fcresj\u00e1rati id\u0151t. Egy logisztikai udvaron, ahol sz\u00e1ll\u00edt\u00f3kont\u00e9nereket kell be- \u00e9s kirakodni, a billen\u0151 hidraulikus henger lehet\u0151v\u00e9 teszi az aut\u00f3daru sz\u00e1m\u00e1ra, hogy gyorsabb \u00fctemben dolgozzon, n\u00f6velve az udvar teljes \u00e1tereszt\u0151k\u00e9pess\u00e9g\u00e9t.<\/p>\n<\/div>\n<div>\n<div class=\"image-box-grid-DI7Zd9\" data-finished=\"true\" data-testid=\"message_image_content\">\n<div class=\"image-box-grid-item-hjZBGw\">\n<div class=\"relative w-fit inline-flex\">\n<div class=\"container-pveQEn\">\n<div class=\"hover-mask-AwJNGQ\">\n<div class=\"hover-show-tag-ZNLjXj show-tag-bottom-IAU9YR\">\n<div class=\"hover-idTWjm has-text-uHYwW1\" data-testid=\"edit_image_hover_tag_regenerate_btn\">\n<div class=\"flex items-center\">\n<p><strong style=\"color: #333333; font-size: 22px;\"><strong style=\"color: #333333; font-size: 22px;\">Alkalmazkod\u00f3k\u00e9pess\u00e9g k\u00fcl\u00f6nb\u00f6z\u0151 k\u00f6rnyezetekhez<\/strong><\/strong><\/p>\n<h3><strong><img loading=\"lazy\" decoding=\"async\" class=\"size-full wp-image-20195 aligncenter\" src=\"https:\/\/www.hydraulic-cylinders.net\/wp-content\/uploads\/2025\/05\/luffing-hydraulic-cylinder-for-car-crane-2.webp\" alt=\"Hidraulikus henger aut\u00f3daru alkalmaz\u00e1sokhoz\" width=\"580\" height=\"326\" srcset=\"https:\/\/www.hydraulic-cylinders.net\/wp-content\/uploads\/2025\/05\/luffing-hydraulic-cylinder-for-car-crane-2.webp 580w, https:\/\/www.hydraulic-cylinders.net\/wp-content\/uploads\/2025\/05\/luffing-hydraulic-cylinder-for-car-crane-2-480x270.webp 480w\" sizes=\"(min-width: 0px) and (max-width: 480px) 480px, (min-width: 481px) 580px, 100vw\" \/><\/strong><\/h3>\n<\/div>\n<\/div>\n<\/div>\n<\/div>\n<\/div>\n<\/div>\n<\/div>\n<\/div>\n<\/div>\n<div class=\"container-hfX5E8 flow-markdown-body theme-samantha-yJEgBp\" dir=\"ltr\" data-testid=\"message_text_content\" data-show-indicator=\"false\">\n<p>Az aut\u00f3daruk gyakran korl\u00e1tozott hellyel vagy \u00f6sszetett akad\u00e1lyokkal teli k\u00f6rnyezetben dolgoznak. A hidraulikus hengerek billen\u0151szerkezete lehet\u0151v\u00e9 teszi a daru sz\u00e1m\u00e1ra, hogy alkalmazkodjon ezekhez a kih\u00edv\u00e1st jelent\u0151 k\u00f6r\u00fclm\u00e9nyekhez. P\u00e9ld\u00e1ul egy keskeny utc\u00e1kkal rendelkez\u0151 v\u00e1rosi k\u00f6rnyezetben vagy egy gy\u00e1rt\u00f3\u00fczemben, ahol g\u00e9pek \u00e1llnak az \u00fatban, a billen\u0151 funkci\u00f3 lehet\u0151v\u00e9 teszi a daru sz\u00e1m\u00e1ra, hogy elakad\u00e1s n\u00e9lk\u00fcl man\u0151verezzen \u00e9s emeljen terheket.<\/p>\n<\/div>\n<div>\n<div class=\"image-box-grid-DI7Zd9\" data-finished=\"true\" data-testid=\"message_image_content\">\n<div class=\"image-box-grid-item-hjZBGw\">\n<div class=\"relative w-fit inline-flex\">\n<div class=\"container-pveQEn\">\n<div class=\"container-lBN8DN\">\n<div class=\"image-wrapper-g0eL_T clickable-ELDCj2\" data-testid=\"mdbox_image\"><img alt=\"\" aria-hidden=\"true\" \/><strong style=\"color: #333333; font-size: 22px;\">Fokozott teherelhelyez\u00e9si pontoss\u00e1g<\/strong><\/div>\n<\/div>\n<\/div>\n<\/div>\n<\/div>\n<\/div>\n<\/div>\n<div class=\"container-hfX5E8 flow-markdown-body theme-samantha-yJEgBp\" dir=\"ltr\" data-testid=\"message_text_content\" data-show-indicator=\"false\">\n<p>A hidraulikus hengerek \u00e1ltal biztos\u00edtott prec\u00edz vez\u00e9rl\u00e9s biztos\u00edtja, hogy a terheket pontosan oda lehessen helyezni, ahov\u00e1 sz\u00fcks\u00e9g van r\u00e1juk. Ez k\u00fcl\u00f6n\u00f6sen fontos ipari \u00f6sszeszerel\u00e9si vagy \u00e9p\u00edt\u00e9si projektekn\u00e9l, ahol az alkatr\u00e9szeket nagy pontoss\u00e1ggal kell beszerelni. Egy aut\u00f3gy\u00e1rt\u00f3 \u00fczemben a daru a billent\u00e9si funkci\u00f3 seg\u00edts\u00e9g\u00e9vel pontosan pozicion\u00e1lhatja a motor alkatr\u00e9szeit a szerel\u0151soron.<\/p>\n<\/div>\n<div class=\"container-hfX5E8 flow-markdown-body theme-samantha-yJEgBp\" dir=\"ltr\" data-testid=\"message_text_content\" data-show-indicator=\"false\">\n<div class=\"auto-hide-last-sibling-br paragraph-qzbcQC paragraph-element br-paragraph-space\">\u00d6sszefoglalva, az aut\u00f3daruk hidraulikus munkahengerei jelent\u0151sen jav\u00edtj\u00e1k az emel\u00e9si m\u0171veletek hat\u00e9konys\u00e1g\u00e1t a rugalmas sz\u00f6gbe\u00e1ll\u00edt\u00e1s, a gyorsabb m\u0171k\u00f6d\u00e9si ciklusok, a k\u00fcl\u00f6nb\u00f6z\u0151 k\u00f6rnyezetekhez val\u00f3 alkalmazkod\u00f3k\u00e9pess\u00e9g \u00e9s a fokozott teherelhelyez\u00e9si pontoss\u00e1g r\u00e9v\u00e9n.<\/div>\n<\/div>\n<\/section>\n<section id=\"company-introduction\">\n<h2><strong>Az Ever-Power Huachang Hydraulicr\u00f3l:<\/strong><\/h2>\n<h2><img loading=\"lazy\" decoding=\"async\" class=\"alignnone size-full wp-image-16972\" src=\"https:\/\/www.hydraulic-cylinders.net\/wp-content\/uploads\/2025\/01\/hydraulic-cylinder-factory-1-scaled.webp\" alt=\"\" width=\"2016\" height=\"2560\" srcset=\"https:\/\/www.hydraulic-cylinders.net\/wp-content\/uploads\/2025\/01\/hydraulic-cylinder-factory-1-scaled.webp 2016w, https:\/\/www.hydraulic-cylinders.net\/wp-content\/uploads\/2025\/01\/hydraulic-cylinder-factory-1-1280x1625.webp 1280w, https:\/\/www.hydraulic-cylinders.net\/wp-content\/uploads\/2025\/01\/hydraulic-cylinder-factory-1-980x1244.webp 980w, https:\/\/www.hydraulic-cylinders.net\/wp-content\/uploads\/2025\/01\/hydraulic-cylinder-factory-1-480x610.webp 480w\" sizes=\"(min-width: 0px) and (max-width: 480px) 480px, (min-width: 481px) and (max-width: 980px) 980px, (min-width: 981px) and (max-width: 1280px) 1280px, (min-width: 1281px) 2016px, 100vw\" \/><\/h2>\n<p>Az Ever-Power Huachang Hydraulic \u00fatt\u00f6r\u0151 szerepet j\u00e1tszik a hidraulikus innov\u00e1ci\u00f3ban egy dinamikus K+F k\u00f6zponton kereszt\u00fcl, ahol k\u00e9pzett m\u00e9rn\u00f6k\u00f6k fejlett megold\u00e1sokat k\u00e9sz\u00edtenek aut\u00f3daruk \u00e9s ipari g\u00e9pek sz\u00e1m\u00e1ra, feszegetve a teljes\u00edtm\u00e9ny \u00e9s a diz\u00e1jn hat\u00e1rait.<\/p>\n<p>Korszer\u0171 gy\u00e1rt\u00f3\u00fczem\u00fcnk automatiz\u00e1lt prec\u00edzi\u00f3s rendszereket \u00e9s intelligens gy\u00e1rt\u00e1si technik\u00e1kat alkalmaz, \u00edgy kiv\u00e1l\u00f3 min\u0151s\u00e9g\u0171 hengereket \u00e1ll\u00edtunk el\u0151, amelyek p\u00e1ratlan hat\u00e9konys\u00e1ggal \u00e9s megb\u00edzhat\u00f3s\u00e1ggal felelnek meg a k\u00fcl\u00f6nf\u00e9le ipar\u00e1gi ig\u00e9nyeknek.<\/p>\n<h2><img loading=\"lazy\" decoding=\"async\" class=\"alignnone size-full wp-image-16973\" src=\"https:\/\/www.hydraulic-cylinders.net\/wp-content\/uploads\/2025\/01\/hydraulic-cylinder-factory-2-scaled.webp\" alt=\"\" width=\"2011\" height=\"2560\" srcset=\"https:\/\/www.hydraulic-cylinders.net\/wp-content\/uploads\/2025\/01\/hydraulic-cylinder-factory-2-scaled.webp 2011w, https:\/\/www.hydraulic-cylinders.net\/wp-content\/uploads\/2025\/01\/hydraulic-cylinder-factory-2-1280x1629.webp 1280w, https:\/\/www.hydraulic-cylinders.net\/wp-content\/uploads\/2025\/01\/hydraulic-cylinder-factory-2-980x1248.webp 980w, https:\/\/www.hydraulic-cylinders.net\/wp-content\/uploads\/2025\/01\/hydraulic-cylinder-factory-2-480x611.webp 480w\" sizes=\"(min-width: 0px) and (max-width: 480px) 480px, (min-width: 481px) and (max-width: 980px) 980px, (min-width: 981px) and (max-width: 1280px) 1280px, (min-width: 1281px) 2011px, 100vw\" \/><\/h2>\n<p>A kiv\u00e1l\u00f3s\u00e1got kifinomult tesztk\u00f6zponttal biztos\u00edtjuk, amely \u00e9lvonalbeli diagnosztik\u00e1t haszn\u00e1l a hengerek teljes\u00edtm\u00e9ny\u00e9nek ellen\u0151rz\u00e9s\u00e9re, kieg\u00e9sz\u00edtve fenntarthat\u00f3 bevonatokkal, amelyek n\u00f6velik az olyan term\u00e9kek tart\u00f3ss\u00e1g\u00e1t, mint az aut\u00f3darukhoz val\u00f3 Luffing hidraulikus hengerek.<\/p>\n<\/section>","protected":false},"excerpt":{"rendered":"<p>Luffing Hydraulic Cylinders for Car Crane The luffing hydraulic cylinders for car crane, developed by Ever-Power Huachang Hydraulic, are advanced boom angle cylinders engineered to deliver precise control over boom movements in automotive lifting operations. Tailored for compatibility with models, this hydraulic cylinder for car crane excels in urban construction, material handling, and industrial projects. [&hellip;]<\/p>","protected":false},"featured_media":20188,"comment_status":"open","ping_status":"closed","template":"","meta":{"_et_pb_use_builder":"","_et_pb_old_content":"","_et_gb_content_width":""},"product_brand":[],"product_cat":[1514],"product_tag":[],"class_list":{"0":"post-20186","1":"product","2":"type-product","3":"status-publish","4":"has-post-thumbnail","6":"product_cat-mobile-crane-hydraulic-cylinders","8":"first","9":"instock","10":"shipping-taxable","11":"product-type-simple"},"amp_enabled":true,"_links":{"self":[{"href":"https:\/\/www.hydraulic-cylinders.net\/hu\/wp-json\/wp\/v2\/product\/20186","targetHints":{"allow":["GET"]}}],"collection":[{"href":"https:\/\/www.hydraulic-cylinders.net\/hu\/wp-json\/wp\/v2\/product"}],"about":[{"href":"https:\/\/www.hydraulic-cylinders.net\/hu\/wp-json\/wp\/v2\/types\/product"}],"replies":[{"embeddable":true,"href":"https:\/\/www.hydraulic-cylinders.net\/hu\/wp-json\/wp\/v2\/comments?post=20186"}],"wp:featuredmedia":[{"embeddable":true,"href":"https:\/\/www.hydraulic-cylinders.net\/hu\/wp-json\/wp\/v2\/media\/20188"}],"wp:attachment":[{"href":"https:\/\/www.hydraulic-cylinders.net\/hu\/wp-json\/wp\/v2\/media?parent=20186"}],"wp:term":[{"taxonomy":"product_brand","embeddable":true,"href":"https:\/\/www.hydraulic-cylinders.net\/hu\/wp-json\/wp\/v2\/product_brand?post=20186"},{"taxonomy":"product_cat","embeddable":true,"href":"https:\/\/www.hydraulic-cylinders.net\/hu\/wp-json\/wp\/v2\/product_cat?post=20186"},{"taxonomy":"product_tag","embeddable":true,"href":"https:\/\/www.hydraulic-cylinders.net\/hu\/wp-json\/wp\/v2\/product_tag?post=20186"}],"curies":[{"name":"munkaf\u00fczet","href":"https:\/\/api.w.org\/{rel}","templated":true}]}}