{"id":20703,"date":"2025-05-27T06:21:36","date_gmt":"2025-05-27T06:21:36","guid":{"rendered":"https:\/\/www.hydraulic-cylinders.net\/product\/micro-digging-side-hydraulic-cylinders\/"},"modified":"2025-05-27T06:21:41","modified_gmt":"2025-05-27T06:21:41","slug":"micro-digging-side-hydraulic-cylinders","status":"publish","type":"product","link":"https:\/\/www.hydraulic-cylinders.net\/hu\/termek\/micro-digging-side-hydraulic-cylinders\/","title":{"rendered":"Mikro\u00e1s\u00f3 oldals\u00f3 hidraulikus hengerek"},"content":{"rendered":"<h1>Mikro\u00e1s\u00f3 oldals\u00f3 hidraulikus hengerek<\/h1>\n<h2>Term\u00e9k\u00e1ttekint\u00e9s<\/h2>\n<p>A Micro Digging Side Hydraulic Henger egy speci\u00e1lis hidraulikus m\u0171k\u00f6dtet\u0151, amelyet prec\u00edz vez\u00e9rl\u00e9sre \u00e9s nagy teljes\u00edtm\u00e9nyre terveztek kompakt alkalmaz\u00e1sokban. Ezek a hengerek n\u00e9lk\u00fcl\u00f6zhetetlen alkatr\u00e9szek k\u00fcl\u00f6nf\u00e9le g\u00e9pekben, lehet\u0151v\u00e9 t\u00e9ve a kezel\u0151k sz\u00e1m\u00e1ra, hogy figyelemre m\u00e9lt\u00f3 pontoss\u00e1ggal \u00e9s hat\u00e9konys\u00e1ggal v\u00e9gezz\u00e9k el a feladataikat. \u00dagy tervezt\u00e9k, hogy optim\u00e1lis er\u0151t biztos\u00edtsanak z\u00e1rt terekben, \u00e9s megtal\u00e1lj\u00e1k a hely\u00fcket az \u00e9p\u00edt\u0151iparban, a f\u00f6ldmunk\u00e1kban \u00e9s m\u00e1s nagy ig\u00e9nybev\u00e9telt jelent\u0151 alkalmaz\u00e1sokban. A kompakt kialak\u00edt\u00e1s lehet\u0151v\u00e9 teszi a k\u00f6nny\u0171 integr\u00e1ci\u00f3t k\u00fcl\u00f6nb\u00f6z\u0151 rendszerekbe, biztos\u00edtva, hogy a kezel\u0151k kiv\u00e1l\u00f3 teljes\u00edtm\u00e9nyt \u00e9rhessenek el a hely vagy a mobilit\u00e1s fel\u00e1ldoz\u00e1sa n\u00e9lk\u00fcl.<\/p>\n<h2>Term\u00e9kspecifik\u00e1ci\u00f3k<\/h2>\n<p>A mikro\u00e1s\u00f3 oldals\u00f3 hidraulikus henger f\u0151bb jellemz\u0151i a k\u00f6vetkez\u0151k:<\/p>\n<ul>\n<li>Henger \u00e1tm\u00e9r\u0151je: 50 mm<\/li>\n<li>R\u00fad \u00e1tm\u00e9r\u0151je: 30 mm<\/li>\n<li>Rug\u00f3\u00fat: 430 mm<\/li>\n<li>Telep\u00edt\u00e9si t\u00e1vols\u00e1g: 670 mm<\/li>\n<\/ul>\n<p>Ezek a m\u00e9retek kulcsfontoss\u00e1g\u00faak a henger hat\u00e9konys\u00e1g\u00e1nak \u00e9s a k\u00fcl\u00f6nb\u00f6z\u0151 g\u00e9pekkel val\u00f3 kompatibilit\u00e1s\u00e1nak meghat\u00e1roz\u00e1s\u00e1hoz. A henger \u00e1tm\u00e9r\u0151je biztos\u00edtja a megfelel\u0151 szil\u00e1rds\u00e1got, m\u00edg a r\u00fad \u00e1tm\u00e9r\u0151je befoly\u00e1solja a teherb\u00edr\u00e1st. A mozg\u00e1si t\u00e1vols\u00e1g kritikus fontoss\u00e1g\u00fa a mozg\u00e1startom\u00e1ny szempontj\u00e1b\u00f3l, a be\u00e9p\u00edt\u00e9si t\u00e1vols\u00e1g pedig megk\u00f6nny\u00edti a megfelel\u0151 felszerel\u00e9st.<\/p>\n<h2>F\u0151bb jellemz\u0151k<\/h2>\n<p>Mikro\u00e1s\u00f3 oldals\u00f3 hidraulikus hengereink sz\u00e1mos kiemelked\u0151 tulajdons\u00e1ggal rendelkeznek:<\/p>\n<ul>\n<li><strong>Tart\u00f3ss\u00e1g:<\/strong> Kiv\u00e1l\u00f3 min\u0151s\u00e9g\u0171 anyagokb\u00f3l k\u00e9sz\u00fclt, hogy ellen\u00e1lljon a zord k\u00f6r\u00fclm\u00e9nyeknek.<\/li>\n<li><strong>Kompakt m\u00e9ret:<\/strong> Ide\u00e1lis korl\u00e1tozott hellyel rendelkez\u0151 alkalmaz\u00e1sokhoz.<\/li>\n<li><strong>Nagy hat\u00e9konys\u00e1g:<\/strong> Nagy teljes\u00edtm\u00e9nyt ny\u00fajt, mik\u00f6zben kevesebb energi\u00e1t fogyaszt.<\/li>\n<li><strong>Testreszabhat\u00f3 be\u00e1ll\u00edt\u00e1sok:<\/strong> A specifik\u00e1ci\u00f3kat az ig\u00e9nyekhez igaz\u00edthatjuk.<\/li>\n<li><strong>Megb\u00edzhat\u00f3 t\u00f6m\u00edt\u00e9s:<\/strong> \u00dagy tervezt\u00e9k, hogy megakad\u00e1lyozza a sziv\u00e1rg\u00e1sokat \u00e9s n\u00f6velje az \u00e9lettartamot.<\/li>\n<\/ul>\n<p>B\u00fcszk\u00e9k vagyunk arra, hogy k\u00e9pesek vagyunk ilyen hidraulikus hengereket gy\u00e1rtani, biztos\u00edtva, hogy t\u00f6k\u00e9letesen helyettes\u00edts\u00e9k a megl\u00e9v\u0151 modelleket a g\u00e9peiben.<\/p>\n<h2>Alkalmaz\u00e1sok<\/h2>\n<p>A mikro\u00e1s\u00f3 oldals\u00f3 hidraulikus henger sokoldal\u00fa, \u00e9s k\u00fcl\u00f6nf\u00e9le alkalmaz\u00e1sokban haszn\u00e1lhat\u00f3:<\/p>\n<h3>1. F\u00f6ldmunk\u00e1k berendez\u00e9sei<\/h3>\n<p>F\u00f6ldmunk\u00e1kn\u00e1l ezek a munkahengerek biztos\u00edtj\u00e1k a sz\u00fcks\u00e9ges er\u0151t a talaj vagy t\u00f6rmel\u00e9k \u00e1s\u00e1s\u00e1hoz \u00e9s emel\u00e9s\u00e9hez. Kompakt kialak\u00edt\u00e1suk lehet\u0151v\u00e9 teszi a sz\u0171k helyekre val\u00f3 be\u00e9p\u00edt\u00e9s\u00fcket, \u00edgy ide\u00e1lisak mini kotr\u00f3g\u00e9pekhez. A hidraulikus munkahengerek \u00e1ltal k\u00edn\u00e1lt prec\u00edzi\u00f3s vez\u00e9rl\u00e9s biztos\u00edtja, hogy a kezel\u0151k sim\u00e1n tudj\u00e1k ir\u00e1ny\u00edtani a berendez\u00e9seket, cs\u00f6kkentve a k\u00f6rnyez\u0151 szerkezetek k\u00e1rosod\u00e1s\u00e1nak kock\u00e1zat\u00e1t. Ez a hat\u00e9konys\u00e1g a f\u00f6ldmunk\u00e1k sor\u00e1n jelent\u0151sen n\u00f6veli a helysz\u00edni termel\u00e9kenys\u00e9get.<\/p>\n<h3>2. Mez\u0151gazdas\u00e1gi g\u00e9pek<\/h3>\n<p>A mez\u0151gazdas\u00e1gban ezeket a hidraulikus hengereket olyan berendez\u00e9sekben haszn\u00e1lj\u00e1k, mint az ek\u00e9k \u00e9s a betakar\u00edt\u00f3g\u00e9pek. Az \u00e1lland\u00f3 er\u0151 fenntart\u00e1s\u00e1nak k\u00e9pess\u00e9ge biztos\u00edtja az egyenletes talajm\u0171vel\u00e9st \u00e9s vet\u00e9st, ami kritikus fontoss\u00e1g\u00fa a term\u00e9shozamok szempontj\u00e1b\u00f3l. Ezeknek a hengereknek a robusztus fel\u00e9p\u00edt\u00e9se lehet\u0151v\u00e9 teszi sz\u00e1mukra, hogy hat\u00e9konyan m\u0171k\u00f6djenek k\u00fcl\u00f6nb\u00f6z\u0151 id\u0151j\u00e1r\u00e1si k\u00f6r\u00fclm\u00e9nyek k\u00f6z\u00f6tt, hozz\u00e1j\u00e1rulva a mez\u0151gazdas\u00e1gi m\u0171veletek megb\u00edzhat\u00f3s\u00e1g\u00e1hoz. Az \u00e1ltaluk k\u00edn\u00e1lt pontoss\u00e1g lehet\u0151v\u00e9 teszi a gazd\u00e1lkod\u00f3k sz\u00e1m\u00e1ra, hogy optimaliz\u00e1lj\u00e1k g\u00e9peiket a jobb eredm\u00e9nyek el\u00e9r\u00e9se \u00e9rdek\u00e9ben.<\/p>\n<h3>3. Anyagmozgat\u00e1s<\/h3>\n<p>Az anyagmozgat\u00f3 rendszerekben ezek a hidraulikus hengerek megk\u00f6nny\u00edtik a neh\u00e9z terhek mozgat\u00e1s\u00e1t. Gyakran targonc\u00e1kba \u00e9s sz\u00e1ll\u00edt\u00f3szalagokba integr\u00e1lj\u00e1k \u0151ket, biztos\u00edtva a sz\u00fcks\u00e9ges emel\u0151 \u00e9s s\u00fcllyeszt\u0151 mozg\u00e1sokat. Hat\u00e9konys\u00e1guk seg\u00edt cs\u00f6kkenteni az \u00fczemeltet\u00e9si k\u00f6lts\u00e9geket, mivel kevesebb energi\u00e1t ig\u00e9nyelnek ugyanazon feladatok elv\u00e9gz\u00e9s\u00e9hez a nagyobb modellekhez k\u00e9pest. Ez \u00e9rt\u00e9kes eszk\u00f6zz\u00e9 teszi \u0151ket a rakt\u00e1rakban \u00e9s az eloszt\u00f3k\u00f6zpontokban.<\/p>\n<h2>Tervez\u00e9si szempontok<\/h2>\n<p>A hidraulikus hengerek tervez\u00e9sekor sz\u00e1mos kulcsfontoss\u00e1g\u00fa t\u00e9nyez\u0151t vesznek figyelembe:<\/p>\n<h3>Teherb\u00edr\u00e1s<\/h3>\n<p>A teherb\u00edr\u00e1s meg\u00e9rt\u00e9se kritikus fontoss\u00e1g\u00fa a hidraulikus hengerek eset\u00e9ben. A tervnek el kell b\u00edrnia a henger \u00e1ltal felemelt vagy tolni k\u00e9pes maxim\u00e1lis s\u00falyt. Ez mag\u00e1ban foglalja a megfelel\u0151 anyagok \u00e9s m\u00e9retek kiv\u00e1laszt\u00e1s\u00e1t a nyom\u00e1s alatti meghib\u00e1sod\u00e1s megakad\u00e1lyoz\u00e1sa \u00e9rdek\u00e9ben. Tov\u00e1bb\u00e1 a teherb\u00edr\u00e1snak \u00f6sszhangban kell lennie a g\u00e9p k\u00f6vetelm\u00e9nyeivel a biztons\u00e1g \u00e9s a teljes\u00edtm\u00e9ny biztos\u00edt\u00e1sa \u00e9rdek\u00e9ben.<\/p>\n<h3>T\u00f6m\u00edt\u00e9si hat\u00e9konys\u00e1g<\/h3>\n<p>A t\u00f6m\u00edt\u00e9s elengedhetetlen a hidraulikus rendszerekben a sziv\u00e1rg\u00e1sok megakad\u00e1lyoz\u00e1sa \u00e9s a nyom\u00e1s fenntart\u00e1sa \u00e9rdek\u00e9ben. A t\u00f6m\u00edt\u0151anyagok \u00e9s a konstrukci\u00f3k megv\u00e1laszt\u00e1sa k\u00f6zvetlen\u00fcl befoly\u00e1solja a hidraulikus henger hossz\u00fa \u00e9lettartam\u00e1t \u00e9s megb\u00edzhat\u00f3s\u00e1g\u00e1t. Fejlett t\u00f6m\u00edt\u00e9si megold\u00e1sokat, p\u00e9ld\u00e1ul poliuret\u00e1nt \u00e9s nitrilgumit alkalmaznak a hat\u00e9kony t\u00f6m\u00edt\u00e9s biztos\u00edt\u00e1s\u00e1ra, mik\u00f6zben meg\u0151rzik a rugalmass\u00e1got \u00e9s a tart\u00f3ss\u00e1got. A t\u00f6m\u00edt\u00e9sek rendszeres ellen\u0151rz\u00e9se \u00e9s cser\u00e9je sz\u00fcks\u00e9ges a teljes\u00edtm\u00e9nyprobl\u00e9m\u00e1k elker\u00fcl\u00e9se \u00e9rdek\u00e9ben.<\/p>\n<h3>Tart\u00f3ss\u00e1g<\/h3>\n<p>A tart\u00f3ss\u00e1g a hidraulikus hengerek tervez\u00e9s\u00e9nek alapvet\u0151 szempontja. Ezeknek az alkatr\u00e9szeknek ellen\u00e1llniuk kell a sz\u00e9ls\u0151s\u00e9ges k\u00f6r\u00fclm\u00e9nyeknek, p\u00e9ld\u00e1ul a h\u0151m\u00e9rs\u00e9klet-ingadoz\u00e1soknak \u00e9s a durva vegyszereknek val\u00f3 kitetts\u00e9gnek. A nagy szil\u00e1rds\u00e1g\u00fa anyagok \u00e9s a korr\u00f3zi\u00f3\u00e1ll\u00f3 bevonatok haszn\u00e1lata jelent\u0151sen n\u00f6velheti a hengerek \u00e9lettartam\u00e1t. A rendszeres karbantart\u00e1s kulcsfontoss\u00e1g\u00fa szerepet j\u00e1tszik a tart\u00f3ss\u00e1guk fenntart\u00e1s\u00e1ban.<\/p>\n<h3>Biztons\u00e1gi funkci\u00f3k<\/h3>\n<p>A biztons\u00e1g kiemelked\u0151 fontoss\u00e1g\u00fa a hidraulikus rendszerek tervez\u00e9s\u00e9ben. Az olyan funkci\u00f3k be\u00e9p\u00edt\u00e9se, mint a nyom\u00e1scs\u00f6kkent\u0151 szelepek \u00e9s a biztons\u00e1gi mechanizmusok, biztos\u00edtja, hogy a rendszer biztons\u00e1gos param\u00e9tereken bel\u00fcl m\u0171k\u00f6dj\u00f6n. A rendszeres biztons\u00e1gi ellen\u0151rz\u00e9sek \u00e9s az ipari szabv\u00e1nyok betart\u00e1sa elengedhetetlen a balesetek megel\u0151z\u00e9se \u00e9s a kezel\u0151 biztons\u00e1g\u00e1nak garant\u00e1l\u00e1sa \u00e9rdek\u00e9ben \u00fczem k\u00f6zben.<\/p>\n<h3>Karbantart\u00e1si hozz\u00e1f\u00e9rhet\u0151s\u00e9g<\/h3>\n<p>A karbantart\u00e1st szem el\u0151tt tart\u00f3 hidraulikus hengerek tervez\u00e9se seg\u00edt meghosszabb\u00edtani azok \u00e9lettartam\u00e1t. Az olyan jellemz\u0151k, mint a rendszeres ellen\u0151rz\u00e9sekhez val\u00f3 k\u00f6nny\u0171 hozz\u00e1f\u00e9r\u00e9s \u00e9s a ken\u00e9si pontok, jelent\u0151s k\u00fcl\u00f6nbs\u00e9get jelenthetnek a karbantart\u00e1s hat\u00e9konys\u00e1g\u00e1ban. Az \u00e1tgondolt kialak\u00edt\u00e1s minimaliz\u00e1lja az \u00e1ll\u00e1sid\u0151t, \u00e9s biztos\u00edtja, hogy a hengerek optim\u00e1lis \u00fczem\u00e1llapotban maradjanak.<\/p>\n<h2>T\u00f6m\u00edt\u00e9s \u00e9s ken\u00e9s<\/h2>\n<p>A hat\u00e9kony t\u00f6m\u00edt\u00e9s kulcsfontoss\u00e1g\u00fa a hidraulikus hengerek teljes\u00edtm\u00e9ny\u00e9hez. K\u00fcl\u00f6nb\u00f6z\u0151 t\u00f6m\u00edt\u00e9sek, bele\u00e9rtve a dugatty\u00fat\u00f6m\u00edt\u00e9seket \u00e9s a r\u00fadt\u00f6m\u00edt\u00e9seket, jelent\u0151s szerepet j\u00e1tszanak a hidraulikus nyom\u00e1s fenntart\u00e1s\u00e1ban. A t\u00f6m\u00edt\u00e9sek gyakran tart\u00f3s anyagokb\u00f3l, p\u00e9ld\u00e1ul poliuret\u00e1nb\u00f3l \u00e9s nitrilgumib\u00f3l k\u00e9sz\u00fclnek, amelyeket a kop\u00e1s \u00e9s elhaszn\u00e1l\u00f3d\u00e1s ellen\u00e1ll\u00e1s\u00e1ra terveztek. A hengertest \u00e9s a menetes v\u00e9gek prec\u00edzi\u00f3s megmunk\u00e1l\u00e1son esnek \u00e1t a tart\u00f3ss\u00e1g \u00e9s a kop\u00e1s\u00e1ll\u00f3s\u00e1g n\u00f6vel\u00e9se \u00e9rdek\u00e9ben.<\/p>\n<p>A rendszeres ken\u00e9s a karbantart\u00e1s m\u00e1sik kulcsfontoss\u00e1g\u00fa aspektusa. A z\u00f6kken\u0151mentes m\u0171k\u00f6d\u00e9shez elengedhetetlen a megfelel\u0151 hidraulikaolaj-ell\u00e1t\u00e1s biztos\u00edt\u00e1sa. A kezel\u0151knek rutint kell kialak\u00edtaniuk az olajszint ellen\u0151rz\u00e9s\u00e9re \u00e9s sz\u00fcks\u00e9g szerinti felt\u00f6lt\u00e9s\u00e9re, mivel a megfelel\u0151 ken\u00e9s cs\u00f6kkenti a mozg\u00f3 alkatr\u00e9szek k\u00f6z\u00f6tti s\u00farl\u00f3d\u00e1st, ami a hidraulikus alkatr\u00e9szek hat\u00e9konys\u00e1g\u00e1nak \u00e9s \u00e9lettartam\u00e1nak javul\u00e1s\u00e1hoz vezet.<\/p>\n<h2>Megel\u0151z\u0151 karbantart\u00e1si int\u00e9zked\u00e9sek<\/h2>\n<p>A rendszeres karbantart\u00e1s elengedhetetlen a hidraulikus hengerek hossz\u00fa \u00e9lettartam\u00e1nak \u00e9s hat\u00e9konys\u00e1g\u00e1nak biztos\u00edt\u00e1s\u00e1hoz. \u00cdme n\u00e9h\u00e1ny megel\u0151z\u0151 int\u00e9zked\u00e9s:<\/p>\n<ul>\n<li><strong>Rendszeres ellen\u0151rz\u00e9sek:<\/strong> A kop\u00e1s, sziv\u00e1rg\u00e1sok \u00e9s egy\u00e9b probl\u00e9m\u00e1k gyakori ellen\u0151rz\u00e9se seg\u00edthet a probl\u00e9m\u00e1k azonos\u00edt\u00e1s\u00e1ban, miel\u0151tt azok s\u00falyosbodn\u00e1nak.<\/li>\n<li><strong>Ken\u00e9si rutinok:<\/strong> A ken\u00e9si \u00fctemterv meghat\u00e1roz\u00e1sa megakad\u00e1lyozhatja a mozg\u00f3 alkatr\u00e9szek sz\u00fcks\u00e9gtelen kop\u00e1s\u00e1t.<\/li>\n<li><strong>T\u00f6m\u00edt\u00e9scsere:<\/strong> A kopott t\u00f6m\u00edt\u00e9sek id\u0151ben t\u00f6rt\u00e9n\u0151 ellen\u0151rz\u00e9se \u00e9s cser\u00e9je seg\u00edthet megel\u0151zni a sziv\u00e1rg\u00e1sokat \u00e9s fenntartani a rendszernyom\u00e1st.<\/li>\n<\/ul>\n<h2>Telep\u00edt\u00e9si \u00fatmutat\u00f3<\/h2>\n<p>A hidraulikus hengerek megfelel\u0151 telep\u00edt\u00e9se elengedhetetlen az optim\u00e1lis teljes\u00edtm\u00e9nyhez. K\u00f6vesse az al\u00e1bbi ir\u00e1nyelveket:<\/p>\n<ol>\n<li><strong>A henger igaz\u00edt\u00e1sa:<\/strong> Gy\u0151z\u0151dj\u00f6n meg arr\u00f3l, hogy a henger megfelel\u0151en illeszkedik a r\u00f6gz\u00edt\u00e9si pontokhoz, hogy elker\u00fclje az alkatr\u00e9szek t\u00falzott terhel\u00e9s\u00e9t.<\/li>\n<li><strong>Haszn\u00e1ljon megfelel\u0151 r\u00f6gz\u00edt\u0151konzolokat:<\/strong> R\u00f6gz\u00edtse a hengert megfelel\u0151 konzolokkal, hogy megakad\u00e1lyozza az elmozdul\u00e1st m\u0171k\u00f6d\u00e9s k\u00f6zben.<\/li>\n<li><strong>Hidraulikus csatlakoz\u00e1sok ellen\u0151rz\u00e9se:<\/strong> Gy\u0151z\u0151dj\u00f6n meg arr\u00f3l, hogy minden hidraulikavezet\u00e9k biztons\u00e1gosan csatlakozik, hogy elker\u00fclje a sziv\u00e1rg\u00e1st.<\/li>\n<li><strong>A rendszer tesztel\u00e9se:<\/strong> A teljes m\u0171k\u00f6d\u00e9s el\u0151tt v\u00e9gezzen tesztet, hogy megbizonyosodjon arr\u00f3l, hogy minden megfelel\u0151en m\u0171k\u00f6dik.<\/li>\n<\/ol>\n<h2>Gyakori karbantart\u00e1si feladatok<\/h2>\n<p>A legfontosabb karbantart\u00e1si feladatok k\u00f6z\u00e9 tartozik:<\/p>\n<h3>1. Rendszeres ellen\u0151rz\u00e9sek<\/h3>\n<p>A rendszeres ellen\u0151rz\u00e9sek elv\u00e9gz\u00e9se seg\u00edt a kop\u00e1s jeleinek \u00e9s a potenci\u00e1lis probl\u00e9m\u00e1k korai azonos\u00edt\u00e1s\u00e1ban. Ez a proakt\u00edv megk\u00f6zel\u00edt\u00e9s megel\u0151zheti a k\u00f6lts\u00e9ges jav\u00edt\u00e1sokat \u00e9s az \u00e1ll\u00e1sid\u0151t. A t\u00f6m\u00edt\u00e9sek, t\u00f6ml\u0151k \u00e9s szerelv\u00e9nyek ellen\u0151rz\u00e9se biztos\u00edthatja, hogy a rendszer sziv\u00e1rg\u00e1smentes maradjon \u00e9s z\u00f6kken\u0151mentesen m\u0171k\u00f6dj\u00f6n. A karbantart\u00e1si napl\u00f3t meg kell \u0151rizni az \u00e1llapot id\u0151beli nyomon k\u00f6vet\u00e9se \u00e9rdek\u00e9ben.<\/p>\n<h3>2. Megfelel\u0151 ken\u00e9s<\/h3>\n<p>A hidraulikus alkatr\u00e9szek gy\u00e1rt\u00f3i ir\u00e1nyelveknek megfelel\u0151 ken\u00e9se elengedhetetlen a kop\u00e1s megel\u0151z\u00e9se \u00e9s az \u00e9lettartam meghosszabb\u00edt\u00e1sa \u00e9rdek\u00e9ben. A megfelel\u0151 t\u00edpus\u00fa hidraulikaolaj haszn\u00e1lata \u00e9s a megfelel\u0151 szint\u0171 olajszint biztos\u00edt\u00e1sa jelent\u0151sen befoly\u00e1solhatja a rendszer teljes\u00edtm\u00e9ny\u00e9t \u00e9s hat\u00e9konys\u00e1g\u00e1t. A rendszeres ellen\u0151rz\u00e9seknek \u00e9s be\u00e1ll\u00edt\u00e1soknak a karbantart\u00e1si rutin r\u00e9sz\u00e9t kell k\u00e9pezni\u00fck a rendszer optim\u00e1lis m\u0171k\u00f6d\u00e9s\u00e9nek fenntart\u00e1sa \u00e9rdek\u00e9ben.<\/p>\n<h3>3. T\u00f6m\u00edt\u00e9scsere<\/h3>\n<p>A t\u00f6m\u00edt\u00e9sek cser\u00e9je elengedhetetlen a hidraulikus integrit\u00e1s meg\u0151rz\u00e9s\u00e9hez. A t\u00f6m\u00edt\u00e9sek cser\u00e9j\u00e9nek sz\u00fcks\u00e9gess\u00e9g\u00e9re utal\u00f3 jelek lehetnek a l\u00e1that\u00f3 sziv\u00e1rg\u00e1sok vagy a nyom\u00e1singadoz\u00e1sok. A haszn\u00e1laton alapul\u00f3 rendszeres cser\u00e9k seg\u00edthetnek fenntartani a hidraulikus rendszer hat\u00e9konys\u00e1g\u00e1t \u00e9s megel\u0151zni a v\u00e1ratlan meghib\u00e1sod\u00e1sokat.<\/p>\n<h2>Biztons\u00e1gi \u00e9s k\u00f6rnyezetv\u00e9delmi szempontok<\/h2>\n<p>A biztons\u00e1gi int\u00e9zked\u00e9sek kiemelked\u0151en fontosak a hidraulikus rendszerekkel v\u00e9gzett munka sor\u00e1n. A kezel\u0151ket ki kell k\u00e9pezni a potenci\u00e1lis vesz\u00e9lyek, p\u00e9ld\u00e1ul a folyad\u00e9ksziv\u00e1rg\u00e1sok \u00e9s a nyom\u00e1sn\u00f6veked\u00e9s felismer\u00e9s\u00e9re. Hidraulikus hengerek haszn\u00e1latakor elengedhetetlen a biztons\u00e1gi protokollok betart\u00e1sa, bele\u00e9rtve a v\u00e9d\u0151felszerel\u00e9s visel\u00e9s\u00e9t \u00e9s az \u00fczemeltet\u00e9si ir\u00e1nyelvek betart\u00e1s\u00e1t. Ezenk\u00edv\u00fcl a hidraulikus folyad\u00e9kok megfelel\u0151 \u00e1rtalmatlan\u00edt\u00e1si m\u00f3dszereit is be kell tartani, biztos\u00edtva a minim\u00e1lis k\u00f6rnyezeti hat\u00e1st.<\/p>\n<h2>Hibaelh\u00e1r\u00edt\u00e1s \u00e9s gyakori probl\u00e9m\u00e1k<\/h2>\n<p>A hidraulikus hengerekkel kapcsolatos lehets\u00e9ges probl\u00e9m\u00e1k meg\u00e9rt\u00e9se seg\u00edthet a hat\u00e9kony hibaelh\u00e1r\u00edt\u00e1sban:<\/p>\n<ul>\n<li><strong>Sziv\u00e1rg\u00e1s:<\/strong> Gyakran kopott t\u00f6m\u00edt\u00e9sek vagy nem megfelel\u0151 \u00f6sszeszerel\u00e9s okozza. Ellen\u0151rizze a t\u00f6m\u00edt\u00e9seket \u00e9s a csatlakoz\u00e1sokat s\u00e9r\u00fcl\u00e9sek szempontj\u00e1b\u00f3l.<\/li>\n<li><strong>Nyom\u00e1ses\u00e9sek:<\/strong> Hidraulikus vezet\u00e9kekben l\u00e9v\u0151 elt\u00f6m\u0151d\u00e9sre vagy alacsony folyad\u00e9kszintre utalhat. Ellen\u0151rizze, hogy nincsenek-e elt\u00f6m\u0151d\u00e9sek, \u00e9s sz\u00fcks\u00e9g eset\u00e9n t\u00f6ltse fel a folyad\u00e9kot.<\/li>\n<li><strong>Nem reag\u00e1l\u00f3 henger:<\/strong> El\u0151fordulhat a rendszerben rekedt leveg\u0151 vagy a nem megfelel\u0151 folyad\u00e9knyom\u00e1s miatt. Javasolt a rendszer l\u00e9gtelen\u00edt\u00e9se \u00e9s a folyad\u00e9kszintek ellen\u0151rz\u00e9se.<\/li>\n<\/ul>\n<h2>Hibaelh\u00e1r\u00edt\u00e1si tippek<\/h2>\n<p>Ha b\u00e1rmilyen probl\u00e9ma mer\u00fcl fel, vegye figyelembe az al\u00e1bbi tippeket:<\/p>\n<ul>\n<li><strong>Rendszeresen ellen\u0151rizze a teljes\u00edtm\u00e9nyt:<\/strong> A henger teljes\u00edtm\u00e9ny\u00e9nek figyelemmel k\u00eds\u00e9r\u00e9se kor\u00e1n felismerheti a probl\u00e9m\u00e1kat.<\/li>\n<li><strong>Tekintse meg a gy\u00e1rt\u00f3 ir\u00e1nyelveit:<\/strong> A gy\u00e1rt\u00f3i dokument\u00e1ci\u00f3k gyakran tartalmaznak hibaelh\u00e1r\u00edt\u00e1si l\u00e9p\u00e9seket \u00e9s megold\u00e1sokat bizonyos probl\u00e9m\u00e1kra.<\/li>\n<li><strong>Megel\u0151z\u0151 int\u00e9zked\u00e9sek v\u00e9grehajt\u00e1sa:<\/strong> A rendszeres ellen\u0151rz\u00e9sek \u00e9s karbantart\u00e1sok minimaliz\u00e1lhatj\u00e1k a probl\u00e9m\u00e1k el\u0151fordul\u00e1s\u00e1nak val\u00f3sz\u00edn\u0171s\u00e9g\u00e9t.<\/li>\n<\/ul>\n<p><img decoding=\"async\" src=\"https:\/\/www.hydraulic-cylinders.net\/wp-content\/uploads\/2025\/05\/hydraulic-cylinder-all-2.webp\" alt=\"Hidraulikus henger k\u00e9pe\"><\/p>\n<h2>C\u00e9g\u00fcnkr\u0151l<\/h2>\n<p>A hidraulikus hengerek vezet\u0151 gy\u00e1rt\u00f3jak\u00e9nt b\u00fcszk\u00e9k vagyunk \u00e1tfog\u00f3 term\u00e9kk\u00edn\u00e1latunkra, amely mind a hazai, mind a nemzetk\u00f6zi piacokat kiszolg\u00e1lja. A min\u0151s\u00e9g \u00e9s az innov\u00e1ci\u00f3 ir\u00e1nti elk\u00f6telezetts\u00e9g\u00fcnk az ipar\u00e1g egyik vezet\u0151 hidraulikus hengergy\u00e1rt\u00f3j\u00e1v\u00e1 \u00e9s nagykeresked\u0151j\u00e9v\u00e9 tesz minket. Amit k\u00edn\u00e1lunk:<\/p>\n<ul>\n<li><strong>Szakmai szak\u00e9rtelem:<\/strong> Csapatunk tapasztalt szakemberekb\u0151l \u00e1ll, akik elk\u00f6telezettek a kiv\u00e1l\u00f3 min\u0151s\u00e9g\u0171 term\u00e9kek biztos\u00edt\u00e1sa ir\u00e1nt.<\/li>\n<li><strong>Nemzetk\u00f6zi tan\u00fas\u00edtv\u00e1nyok:<\/strong> Term\u00e9keink megfelelnek a szigor\u00fa nemzetk\u00f6zi szabv\u00e1nyoknak, biztos\u00edtva a megb\u00edzhat\u00f3s\u00e1got \u00e9s a biztons\u00e1got.<\/li>\n<li><strong>Egyedi megold\u00e1sok:<\/strong> Testreszabott szolg\u00e1ltat\u00e1sokat ny\u00fajtunk az egyedi ig\u00e9nyek kiel\u00e9g\u00edt\u00e9s\u00e9re, garant\u00e1lva az \u00fcgyfelek el\u00e9gedetts\u00e9g\u00e9t.<\/li>\n<li><strong>Korszer\u0171 gy\u00e1rt\u00f3berendez\u00e9sek:<\/strong> Korszer\u0171 gy\u00e1rt\u00f3\u00fczemeink garant\u00e1lj\u00e1k a kiv\u00e1l\u00f3 min\u0151s\u00e9g\u0171 termel\u00e9st.<\/li>\n<li><strong>\u00c1tfog\u00f3 \u00e9rt\u00e9kes\u00edt\u00e9s ut\u00e1ni t\u00e1mogat\u00e1s:<\/strong> \u00dcgyfeleinknek sz\u00e9lesk\u00f6r\u0171 t\u00e1mogat\u00e1st ny\u00fajtunk, biztos\u00edtva sz\u00e1mukra a sz\u00fcks\u00e9ges seg\u00edts\u00e9get, amikor csak sz\u00fcks\u00e9g\u00fck van r\u00e1juk.<\/li>\n<\/ul>\n<p><img decoding=\"async\" src=\"https:\/\/www.hydraulic-cylinders.net\/wp-content\/uploads\/2025\/05\/xinxin-hydraulic-cylinder-factory-1.webp\" alt=\"Hidraulikus henger gy\u00e1ri k\u00e9pe\"><\/p>\n<p>Szerz\u0151: lyl<\/p>\n<p><img decoding=\"async\" src=\"https:\/\/hzpt.com\/wp-content\/uploads\/2024\/11\/songte-company-1.webp\" alt=\"C\u00e9ges im\u00e1zs\"><\/p>","protected":false},"excerpt":{"rendered":"<p>Micro Digging Side Hydraulic Cylinders Product Overview The Micro Digging Side Hydraulic Cylinder is a specialized hydraulic actuator designed for precise control and powerful performance in compact applications. These cylinders are essential components in various machinery, enabling operators to execute tasks with remarkable accuracy and efficiency. Engineered to deliver optimal force in confined spaces, they [&hellip;]<\/p>","protected":false},"featured_media":20629,"comment_status":"open","ping_status":"closed","template":"","meta":{"_et_pb_use_builder":"","_et_pb_old_content":"","_et_gb_content_width":""},"product_brand":[],"product_cat":[1483,1557],"product_tag":[],"class_list":{"0":"post-20703","1":"product","2":"type-product","3":"status-publish","4":"has-post-thumbnail","6":"product_cat-construction-machinery-hydraulic-cylinders","7":"product_cat-micro-digging-side-hydraulic-cylinders","9":"first","10":"instock","11":"shipping-taxable","12":"product-type-simple"},"amp_enabled":true,"_links":{"self":[{"href":"https:\/\/www.hydraulic-cylinders.net\/hu\/wp-json\/wp\/v2\/product\/20703","targetHints":{"allow":["GET"]}}],"collection":[{"href":"https:\/\/www.hydraulic-cylinders.net\/hu\/wp-json\/wp\/v2\/product"}],"about":[{"href":"https:\/\/www.hydraulic-cylinders.net\/hu\/wp-json\/wp\/v2\/types\/product"}],"replies":[{"embeddable":true,"href":"https:\/\/www.hydraulic-cylinders.net\/hu\/wp-json\/wp\/v2\/comments?post=20703"}],"wp:featuredmedia":[{"embeddable":true,"href":"https:\/\/www.hydraulic-cylinders.net\/hu\/wp-json\/wp\/v2\/media\/20629"}],"wp:attachment":[{"href":"https:\/\/www.hydraulic-cylinders.net\/hu\/wp-json\/wp\/v2\/media?parent=20703"}],"wp:term":[{"taxonomy":"product_brand","embeddable":true,"href":"https:\/\/www.hydraulic-cylinders.net\/hu\/wp-json\/wp\/v2\/product_brand?post=20703"},{"taxonomy":"product_cat","embeddable":true,"href":"https:\/\/www.hydraulic-cylinders.net\/hu\/wp-json\/wp\/v2\/product_cat?post=20703"},{"taxonomy":"product_tag","embeddable":true,"href":"https:\/\/www.hydraulic-cylinders.net\/hu\/wp-json\/wp\/v2\/product_tag?post=20703"}],"curies":[{"name":"munkaf\u00fczet","href":"https:\/\/api.w.org\/{rel}","templated":true}]}}